{"id":1523,"date":"2023-09-20T05:18:44","date_gmt":"2023-09-20T03:18:44","guid":{"rendered":"https:\/\/vapebulkp.com\/?post_type=product&#038;p=1523"},"modified":"2025-09-16T11:23:39","modified_gmt":"2025-09-16T09:23:39","slug":"good-sale-randm-tornado-10000-puffs-plus","status":"publish","type":"product","link":"https:\/\/vapebulkp.com\/ro\/product\/good-sale-randm-tornado-10000-puffs-plus\/","title":{"rendered":"V\u00e2nzare bun\u0103 RandM Tornado 10000 pufuri Plus Germania"},"content":{"rendered":"<h2>V\u00e2nzare bun\u0103 RandM Tornado 10000 Puffs Plus<\/h2>\n<p data-start=\"139\" data-end=\"410\">The <strong data-start=\"143\" data-end=\"172\">RandM Tornado 10000 pufuri<\/strong> este un dispozitiv de \u00eenalt\u0103 performan\u021b\u0103 <strong data-start=\"195\" data-end=\"226\">10000 Puffs Vap\u0103 de unic\u0103 folosin\u021b\u0103<\/strong> construit pentru entuzia\u0219tii de vaping din Rom\u00e2nia care caut\u0103 confort \u0219i calitate. Pre-umplut cu 20 ml de e-lichid premium cu sare de nicotina, ofer\u0103 vapori fini, corpolen\u021bi la fiecare inhalare.<\/p>\n<p data-start=\"412\" data-end=\"709\">Dispun\u00e2nd de un 0.8\u03a9 <strong data-start=\"429\" data-end=\"447\">vape cu rezisten\u021b\u0103 de tip mesh<\/strong> sistem \u0219i o baterie re\u00eenc\u0103rcabil\u0103 de 850mAh Type-C, acest <strong data-start=\"503\" data-end=\"536\">\u021bigar\u0103 electronic\u0103 de unic\u0103 folosin\u021b\u0103 de mare capacitate<\/strong> asigur\u0103 o arom\u0103 consistent\u0103 \u0219i lovituri satisf\u0103c\u0103toare \u00een g\u00e2t pentru p\u00e2n\u0103 la 10.000 de pufuri. Disponibil \u00een concentra\u021bii de nicotin\u0103 de 2% \u0219i 5%, satisface at\u00e2t preferin\u021bele moderate, c\u00e2t \u0219i cele puternice.<\/p>\n<p data-start=\"711\" data-end=\"983\">Compact \u0219i u\u0219or, <strong data-start=\"740\" data-end=\"785\">RandM Tornado <a href=\"https:\/\/vapebulkp.com\/ro\/product-category\/10000-puffs-disposable-vape\/\">10000 Puffs Vap\u0103 de unic\u0103 folosin\u021b\u0103<\/a><\/strong> este u\u0219or de transportat, u\u0219or de transportat \u0219i gata de utilizare oriunde. Designul s\u0103u ergonomic \u0219i performan\u021ba robust\u0103 \u00eel fac ideal pentru vapingul zilnic, evenimente sociale sau distribu\u021bie en-gros \u00een Rom\u00e2nia.<\/p>\n<h6 style=\"text-align: left\"><img decoding=\"async\" class=\"alignnone wp-image-1706\" src=\"http:\/\/vapebulkp.com\/wp-content\/uploads\/2023\/09\/randm-tornado-vape-10000-plus-1.jpg\" alt=\"randm-tornado-vape-10000-plus\" width=\"372\" height=\"372\" srcset=\"https:\/\/vapebulkp.com\/wp-content\/uploads\/2023\/09\/randm-tornado-vape-10000-plus-1.jpg 1000w, https:\/\/vapebulkp.com\/wp-content\/uploads\/2023\/09\/randm-tornado-vape-10000-plus-1-300x300.jpg 300w, https:\/\/vapebulkp.com\/wp-content\/uploads\/2023\/09\/randm-tornado-vape-10000-plus-1-150x150.jpg 150w, https:\/\/vapebulkp.com\/wp-content\/uploads\/2023\/09\/randm-tornado-vape-10000-plus-1-768x768.jpg 768w, https:\/\/vapebulkp.com\/wp-content\/uploads\/2023\/09\/randm-tornado-vape-10000-plus-1-600x600.jpg 600w, https:\/\/vapebulkp.com\/wp-content\/uploads\/2023\/09\/randm-tornado-vape-10000-plus-1-100x100.jpg 100w\" sizes=\"(max-width: 372px) 100vw, 372px\" \/><\/h6>\n<h6>V\u0103 rug\u0103m contacta\u021bi-o pe Mandy pe WhatsApp pentru un pre\u021b redus<a href=\"https:\/\/wa.me\/8618077105796\">+8618077105796<\/a><\/h6>\n<p><img decoding=\"async\" class=\"alignnone wp-image-2151\" src=\"http:\/\/vapebulkp.com\/wp-content\/uploads\/2024\/04\/Mandy-WhatsApp-Randm.jpg\" alt=\"RandM Mandy WhatsApp\" width=\"239\" height=\"254\" srcset=\"https:\/\/vapebulkp.com\/wp-content\/uploads\/2024\/04\/Mandy-WhatsApp-Randm.jpg 916w, https:\/\/vapebulkp.com\/wp-content\/uploads\/2024\/04\/Mandy-WhatsApp-Randm-282x300.jpg 282w, https:\/\/vapebulkp.com\/wp-content\/uploads\/2024\/04\/Mandy-WhatsApp-Randm-768x817.jpg 768w, https:\/\/vapebulkp.com\/wp-content\/uploads\/2024\/04\/Mandy-WhatsApp-Randm-600x638.jpg 600w\" sizes=\"(max-width: 239px) 100vw, 239px\" \/><\/p>\n<h2><span style=\"vertical-align: inherit\">M-am g\u00e2ndit c\u0103 v-ar pl\u0103cea s\u0103 afla\u021bi despre RandM Tornado 10000 Puffs Plus:<\/span><\/h2>\n<h5 class=\"style-scope ytd-watch-metadata\">1.Cum se utilizeaz\u0103 r \u0219i m <span style=\"vertical-align: inherit\">\u00a0tornado 10000 pufuri de unic\u0103 folosin\u021b\u0103 Plus <\/span>Pix de vape?<\/h5>\n<p>Pasul 1. \u00cenainte de a utiliza 10k pufuri, scoate\u021bi conducta de plastic.<\/p>\n<p>Pasul 2. A\u0219tepta\u021bi aproximativ 3 minute pentru ca lichidul s\u0103 ajung\u0103 \u00een rezisten\u021ba din interior.<\/p>\n<p>Pasul 3. Bucura\u021bi-v\u0103 de el<\/p>\n<h5>2.Cum se \u00eencarc\u0103 vape-ul de unic\u0103 folosin\u021b\u0103 r<span style=\"vertical-align: inherit\">\u00a010000 Pufuri Plus <\/span>DISPOZITIV?<\/h5>\n<p>Nu pot fi utilizate \u00eenc\u0103rc\u0103toare cu \u00eenc\u0103rcare rapid\u0103, iar puterea standard sigur\u0103 a \u021big\u0103rilor electronice de unic\u0103 folosin\u021b\u0103 este de 5V 1A.<\/p>\n<p>Fiecare sesiune de \u00eenc\u0103rcare nu poate dep\u0103\u0219i 1 or\u0103, iar timpul de \u00eenc\u0103rcare sigur este de o jum\u0103tate de or\u0103.<\/p>\n<p><span style=\"color: #ff6600\">Not\u0103: nu \u00eenc\u0103rca\u021bi toat\u0103 noaptea!<\/span><\/p>\n<h5>3. Care este capacitatea de e-lichid a dispozitivului RandM Puff 10000?<\/h5>\n<p>\u2014\u201420ml<\/p>\n<h5>4. C\u00e2te pufuri pot trage din acest RandM Tornado 10000 Puffs Plus?<\/h5>\n<p>\u2014\u201310000 Pufuri plus<\/p>\n<h3><strong><span style=\"vertical-align: inherit\">Specifica\u021bii pentru RandM 10000 Pufuri Plus:<\/span><br \/>\n<\/strong><\/h3>\n<p>Baterie: 850mAh (Tip C)<br \/>\nCapacitate: 20 ml<br \/>\nRezisten\u021b\u0103: 0,8 ohm mesh<br \/>\nVolum aproximativ de suc\u021biune: 10000 de pufuri<br \/>\nConcentra\u021bie de nicotin\u0103 \u00een plus: 2%, 5%<br \/>\nMOQ:100BUC<\/p>\n<h3><strong>\u00a0Cele mai bune op\u021biuni de arome RandM Vape 10000 Pufuri Plus:<\/strong><\/h3>\n<p><strong>1 ment\u0103 r\u0103coritoare<br \/>\n2 Ghea\u021b\u0103 luxuriant\u0103<br \/>\n3 Ur\u0219i<br \/>\n4 Ghea\u021b\u0103 de afine Fudge<br \/>\n5 Ghea\u021b\u0103 de struguri<br \/>\n6 Limonad\u0103 roz<br \/>\n7 fructe de p\u0103dure amestecate<br \/>\n8 Pepene verde cu c\u0103p\u0219uni <\/strong><\/p>\n<p><strong>9. L\u0103m\u00e2ie cu m\u0103r ro\u0219u 10<br \/>\n10.kiwi c\u0103p\u0219uni<br \/>\n11 gum\u0103 de mestecat cu afine<br \/>\n12 Zmeur\u0103 acr\u0103 albastr\u0103<br \/>\n13 Dr. Lan<br \/>\n14 piersic\u0103 mango<br \/>\n15 ghea\u021b\u0103 de c\u0103p\u0219uni<br \/>\n16 Ghea\u021b\u0103 Ramblaz<br \/>\n17 ghea\u021b\u0103 de ananas<br \/>\n18 cire\u0219e<br \/>\n19 Ghea\u021b\u0103 de piersici<br \/>\n20 zmeur\u0103 pepene verde<br \/>\n21 afine zmeur\u0103<\/strong><\/p>\n<p><span style=\"vertical-align: inherit\">G\u0103se\u0219te mai multe produse care \u021bi-ar putea pl\u0103cea:<\/span><em><a href=\"https:\/\/wa.me\/8618077105796\"><span style=\"vertical-align: inherit\">\u00a0Cump\u0103r\u0103-l acum<\/span><\/a><\/em><\/p>\n<p><span style=\"vertical-align: inherit\">Alte Inhala\u021bii care \u021bi-ar putea pl\u0103cea:<\/span><a href=\"https:\/\/vapebulkp.com\/ro\/product\/wholesale-price-og-super-smash-10000-puffs-disposable-vape\/\"><span style=\"vertical-align: inherit\">OG Smash 10000 Pufuri<\/span><\/a><span style=\"vertical-align: inherit\">\u3001<\/span><a href=\"https:\/\/vapebulkp.com\/ro\/product\/good-sale-randm-tornado-10000-puffs-plus\/\"><span style=\"vertical-align: inherit\">RandM Tornado 10000 pufuri<\/span><\/a><span style=\"vertical-align: inherit\">\/ <\/span><a href=\"https:\/\/vapebulkp.com\/ro\/product\/popular-kulx-10000puffs-disposable-vape-good-price\/\"><span style=\"vertical-align: inherit\">Kulx 10000 Pufuri<\/span><\/a><span style=\"vertical-align: inherit\">\/ <\/span><a href=\"https:\/\/vapebulkp.com\/ro\/product\/wholesale-randm-vape-9000-puffs-germany\/\"><span style=\"vertical-align: inherit\">RandM Tornado 9000 Pufuri\/<\/span><\/a><\/p>\n<p><span style=\"vertical-align: inherit\">Sticl\u0103 de \u021bigar\u0103 electronic\u0103 cu form\u0103 special\u0103:<\/span><a href=\"https:\/\/vapebulkp.com\/ro\/product\/wholesale-tornado-rum-bar-9000-puffs-sweden\/\"><span style=\"vertical-align: inherit\">Rumbar 9000 Pufuri<\/span><\/a><span style=\"vertical-align: inherit\">\/ <\/span><a href=\"https:\/\/vapebulkp.com\/ro\/product\/popular-bang-king-10000-puffs-vape-good-price\/\"><span style=\"vertical-align: inherit\">Lumini RGB<\/span><\/a><span style=\"vertical-align: inherit\">\/<\/span><a href=\"https:\/\/vapebulkp.com\/ro\/product\/top-sale-waspe-12000puffs-disposable-vape-wholesale-france\/\"><span style=\"vertical-align: inherit\">WASPE 12000 pufuri <\/span><\/a><\/p>\n<h5>Calificarea produc\u021biei:<\/h5>\n<p><img decoding=\"async\" class=\"alignnone size-full wp-image-1841\" src=\"http:\/\/vapebulkp.com\/wp-content\/uploads\/2023\/11\/Vape-production-process-2.jpeg\" alt=\"Procesul de produc\u021bie a vafelor\" width=\"650\" height=\"434\" srcset=\"https:\/\/vapebulkp.com\/wp-content\/uploads\/2023\/11\/Vape-production-process-2.jpeg 650w, https:\/\/vapebulkp.com\/wp-content\/uploads\/2023\/11\/Vape-production-process-2-300x200.jpeg 300w, https:\/\/vapebulkp.com\/wp-content\/uploads\/2023\/11\/Vape-production-process-2-600x401.jpeg 600w\" sizes=\"(max-width: 650px) 100vw, 650px\" \/><\/p>\n<p><img decoding=\"async\" class=\"alignnone size-full wp-image-1843\" src=\"http:\/\/vapebulkp.com\/wp-content\/uploads\/2023\/11\/Vape-production-process.jpeg\" alt=\"Procesul de produc\u021bie a vafelor\" width=\"641\" height=\"1026\" srcset=\"https:\/\/vapebulkp.com\/wp-content\/uploads\/2023\/11\/Vape-production-process.jpeg 641w, https:\/\/vapebulkp.com\/wp-content\/uploads\/2023\/11\/Vape-production-process-187x300.jpeg 187w, https:\/\/vapebulkp.com\/wp-content\/uploads\/2023\/11\/Vape-production-process-640x1024.jpeg 640w, https:\/\/vapebulkp.com\/wp-content\/uploads\/2023\/11\/Vape-production-process-600x960.jpeg 600w\" sizes=\"(max-width: 641px) 100vw, 641px\" \/><\/p>\n<h5>\u00centreb\u0103ri frecvente:<\/h5>\n<p>\u00ce: Care este MOQ-ul pentru r \u0219i m tornado 10000?<br \/>\nR: Comanda minim\u0103 este de 100 de buc\u0103\u021bi.<br \/>\n\u00ce: Care este timpul de livrare pentru vape-urile r \u0219i m comandate?<br \/>\nR: De obicei, este de 10-15 zile dup\u0103 expediere<br \/>\n\u00ce: C\u00e2t cost\u0103 transportul?R: Costul transportului depinde de greutate. Cantit\u0103\u021bile diferite au costuri de transport diferite, v\u0103 rug\u0103m s\u0103 ne contacta\u021bi pentru a confirma costul transportului.<\/p>\n<h4>Detaliile de expediere:<\/h4>\n<p><span style=\"color: #ff6600\">Timp de produc\u021bie: 5-10 zile lucr\u0103toare<\/span><br \/>\n<span style=\"color: #ff6600\">Timp de livrare: 8-14 zile lucr\u0103toare<\/span><\/p>\n<p>Toate produsele din magazinul nostru sunt 100% originale \u0219i autentice, deci politica magazinului nostru este compensarea de zece ori pentru bunurile contraf\u0103cute. Folosim canale logistice precum UPS\/DHL\/FEDEX\/DPD pentru a v\u0103 livra m\u0103rfurile.<\/p>\n<p>Pentru coletele expediate \u00een Rom\u00e2nia, de obicei dureaz\u0103 10 zile lucr\u0103toare s\u0103 ajung\u0103. Expedierea c\u0103tre \u021b\u0103rile europene dureaz\u0103 de obicei 12 p\u00e2n\u0103 la 15 zile lucr\u0103toare. Vom actualiza informa\u021biile logistice pentru dumneavoastr\u0103 \u00een timp real.<\/p>","protected":false},"excerpt":{"rendered":"<p>Bun venit \u00een viitorul vapingului cu \u021bigara electronic\u0103 de unic\u0103 folosin\u021b\u0103 RandM Tornado 10000 Puffs Plus. Acest dispozitiv remarcabil ofer\u0103 un num\u0103r uimitor de 10000 de pufuri \u00eentr-un pachet elegant \u0219i de unic\u0103 folosin\u021b\u0103, oferind vaperilor confort \u0219i arom\u0103 de neegalat. Spune\u021bi adio nepl\u0103cerilor vapingului tradi\u021bional \u0219i saluta\u021bi un nou mod de a v\u0103 bucura de aromele preferate.<\/p>\n<p>Vape popular randm torndado bun<\/p>\n<p>V\u00e2nzare de top randm vape 10000 pufuri<\/p>\n<p><a href=\"http:\/\/Magazin vape Randm\">http:\/\/Magazin vape Randm<\/a><\/p>\n<p><img decoding=\"async\" class=\"alignnone wp-image-2151\" src=\"http:\/\/vapebulkp.com\/wp-content\/uploads\/2024\/04\/Mandy-WhatsApp-Randm.jpg\" alt=\"RandM Mandy WhatsApp\" width=\"255\" height=\"271\" srcset=\"https:\/\/vapebulkp.com\/wp-content\/uploads\/2024\/04\/Mandy-WhatsApp-Randm.jpg 916w, https:\/\/vapebulkp.com\/wp-content\/uploads\/2024\/04\/Mandy-WhatsApp-Randm-282x300.jpg 282w, https:\/\/vapebulkp.com\/wp-content\/uploads\/2024\/04\/Mandy-WhatsApp-Randm-768x817.jpg 768w, https:\/\/vapebulkp.com\/wp-content\/uploads\/2024\/04\/Mandy-WhatsApp-Randm-600x638.jpg 600w\" sizes=\"(max-width: 255px) 100vw, 255px\" \/><\/p>\n<p>V\u0103 rug\u0103m contacta\u021bi-o pe Mandy pe WhatsApp pentru un pre\u021b redus<a href=\"https:\/\/wa.me\/8618077105796\">+8618077105796<\/a><\/p>\n<p><span style=\"color: #ff0000\">NOT\u0102: Pre\u021burile de pe site-ul nostru nu includ costurile de transport<\/span><\/p>","protected":false},"featured_media":1541,"comment_status":"open","ping_status":"closed","template":"","meta":{"_uag_custom_page_level_css":"","_lmt_disableupdate":"no","_lmt_disable":"","site-sidebar-layout":"default","site-content-layout":"content-boxed-container","ast-site-content-layout":"normal-width-container","site-content-style":"boxed","site-sidebar-style":"unboxed","ast-global-header-display":"","ast-banner-title-visibility":"","ast-main-header-display":"","ast-hfb-above-header-display":"","ast-hfb-below-header-display":"","ast-hfb-mobile-header-display":"","site-post-title":"","ast-breadcrumbs-content":"","ast-featured-img":"","footer-sml-layout":"","theme-transparent-header-meta":"default","adv-header-id-meta":"","stick-header-meta":"","header-above-stick-meta":"","header-main-stick-meta":"","header-below-stick-meta":"","astra-migrate-meta-layouts":"set","_joinchat":[]},"product_cat":[167,153,155,33,352,59,100,87,34,158,157,154,152,58,84,156,63,32],"product_tag":[49,36,37,41,74,40],"class_list":["post-1523","product","type-product","status-publish","has-post-thumbnail","hentry","product_cat-10000-puffs-disposable-vape","product_cat-hot-disposable-vapes","product_cat-belgium-hot-disposable-vapes","product_cat-france-vape-hot-sale","product_cat-fumot-vapes","product_cat-germany-hot-disposable-vape","product_cat-germany-wholesale-vape-shop","product_cat-minimum-order-quantity-50pcs","product_cat-netherlands-vape-good-sale","product_cat-norway-hot-disposable-vapes","product_cat-poland-hot-disposable-vapes","product_cat-portugal-hot-disposable-vapes","product_cat-spain-hot-disposable-vapes","product_cat-sweden-hot-disposable-vape","product_cat-sweden-wholesale-vape","product_cat-switzerland-hot-disposable-vapes","product_cat-top-sale-disposable-vape","product_cat-vape-hot-sale-this-week","product_tag-10000puffs-plus","product_tag-good-vape","product_tag-hot-sale-disposable-vape","product_tag-poland-hot-vape","product_tag-randm-vape","product_tag-sweden-hot-vape","pa_brand-fumot-vape","desktop-align-left","tablet-align-left","mobile-align-left"],"yoast_head":"<!-- This site is optimized with the Yoast SEO plugin v21.1 - https:\/\/yoast.com\/wordpress\/plugins\/seo\/ -->\n<title>Good Sale RandM Tornado 10000 Puffs Plus Germany - vapebulkp.com<\/title>\n<meta name=\"description\" content=\"RandM Tornado 10000 Puffs Plus Vape ergonomic design fits perfectly in your hand and is compact enough to slip into your pocket or purse.\" \/>\n<meta name=\"robots\" content=\"index, follow, max-snippet:-1, max-image-preview:large, max-video-preview:-1\" \/>\n<link rel=\"canonical\" href=\"https:\/\/vapebulkp.com\/ro\/product\/good-sale-randm-tornado-10000-puffs-plus\/\" \/>\n<meta property=\"og:locale\" content=\"ro_RO\" \/>\n<meta property=\"og:type\" content=\"article\" \/>\n<meta property=\"og:title\" content=\"Good Sale RandM Tornado 10000 Puffs Plus Germany - vapebulkp.com\" \/>\n<meta property=\"og:description\" content=\"RandM Tornado 10000 Puffs Plus Vape ergonomic design fits perfectly in your hand and is compact enough to slip into your pocket or purse.\" \/>\n<meta property=\"og:url\" content=\"https:\/\/vapebulkp.com\/ro\/product\/good-sale-randm-tornado-10000-puffs-plus\/\" \/>\n<meta property=\"og:site_name\" content=\"vapebulkp.com\" \/>\n<meta property=\"article:modified_time\" content=\"2025-09-16T09:23:39+00:00\" \/>\n<meta property=\"og:image\" content=\"http:\/\/vapebulkp.com\/wp-content\/uploads\/2023\/09\/76612692f100d93cac6618a626c666e.jpg\" \/>\n\t<meta property=\"og:image:width\" content=\"1080\" \/>\n\t<meta property=\"og:image:height\" content=\"1920\" \/>\n\t<meta property=\"og:image:type\" content=\"image\/jpeg\" \/>\n<meta name=\"twitter:card\" content=\"summary_large_image\" \/>\n<meta name=\"twitter:label1\" content=\"Timp estimat pentru citire\" \/>\n\t<meta name=\"twitter:data1\" content=\"4 minute\" \/>\n<script type=\"application\/ld+json\" class=\"yoast-schema-graph\">{\"@context\":\"https:\/\/schema.org\",\"@graph\":[{\"@type\":\"WebPage\",\"@id\":\"https:\/\/vapebulkp.com\/product\/good-sale-randm-tornado-10000-puffs-plus\/\",\"url\":\"https:\/\/vapebulkp.com\/product\/good-sale-randm-tornado-10000-puffs-plus\/\",\"name\":\"Good Sale RandM Tornado 10000 Puffs Plus Germany - vapebulkp.com\",\"isPartOf\":{\"@id\":\"https:\/\/vapebulkp.com\/#website\"},\"datePublished\":\"2023-09-20T03:18:44+00:00\",\"dateModified\":\"2025-09-16T09:23:39+00:00\",\"description\":\"RandM Tornado 10000 Puffs Plus Vape ergonomic design fits perfectly in your hand and is compact enough to slip into your pocket or purse.\",\"breadcrumb\":{\"@id\":\"https:\/\/vapebulkp.com\/product\/good-sale-randm-tornado-10000-puffs-plus\/#breadcrumb\"},\"inLanguage\":\"ro-RO\",\"potentialAction\":[{\"@type\":\"ReadAction\",\"target\":[\"https:\/\/vapebulkp.com\/product\/good-sale-randm-tornado-10000-puffs-plus\/\"]}]},{\"@type\":\"BreadcrumbList\",\"@id\":\"https:\/\/vapebulkp.com\/product\/good-sale-randm-tornado-10000-puffs-plus\/#breadcrumb\",\"itemListElement\":[{\"@type\":\"ListItem\",\"position\":1,\"name\":\"Home\",\"item\":\"https:\/\/vapebulkp.com\/\"},{\"@type\":\"ListItem\",\"position\":2,\"name\":\"Hot Trend Vapes\",\"item\":\"https:\/\/vapebulkp.com\/vape-shop\/\"},{\"@type\":\"ListItem\",\"position\":3,\"name\":\"Good Sale RandM Tornado 10000 Puffs Plus Germany\"}]},{\"@type\":\"WebSite\",\"@id\":\"https:\/\/vapebulkp.com\/#website\",\"url\":\"https:\/\/vapebulkp.com\/\",\"name\":\"vapebulkp.com\",\"description\":\"Buy Vape In Cheap Bulk Price Near you\",\"publisher\":{\"@id\":\"https:\/\/vapebulkp.com\/#organization\"},\"potentialAction\":[{\"@type\":\"SearchAction\",\"target\":{\"@type\":\"EntryPoint\",\"urlTemplate\":\"https:\/\/vapebulkp.com\/?s={search_term_string}\"},\"query-input\":\"required name=search_term_string\"}],\"inLanguage\":\"ro-RO\"},{\"@type\":\"Organization\",\"@id\":\"https:\/\/vapebulkp.com\/#organization\",\"name\":\"vapebulkp.com\",\"url\":\"https:\/\/vapebulkp.com\/\",\"logo\":{\"@type\":\"ImageObject\",\"inLanguage\":\"ro-RO\",\"@id\":\"https:\/\/vapebulkp.com\/#\/schema\/logo\/image\/\",\"url\":\"https:\/\/vapebulkp.com\/wp-content\/uploads\/2023\/09\/cropped-vapebulkp.png\",\"contentUrl\":\"https:\/\/vapebulkp.com\/wp-content\/uploads\/2023\/09\/cropped-vapebulkp.png\",\"width\":516,\"height\":163,\"caption\":\"vapebulkp.com\"},\"image\":{\"@id\":\"https:\/\/vapebulkp.com\/#\/schema\/logo\/image\/\"}}]}<\/script>\n<!-- \/ Yoast SEO plugin. -->","yoast_head_json":{"title":"Good Sale RandM Tornado 10000 Puffs Plus Germany - vapebulkp.com","description":"RandM Tornado 10000 Puffs Plus Vape ergonomic design fits perfectly in your hand and is compact enough to slip into your pocket or purse.","robots":{"index":"index","follow":"follow","max-snippet":"max-snippet:-1","max-image-preview":"max-image-preview:large","max-video-preview":"max-video-preview:-1"},"canonical":"https:\/\/vapebulkp.com\/ro\/product\/good-sale-randm-tornado-10000-puffs-plus\/","og_locale":"ro_RO","og_type":"article","og_title":"Good Sale RandM Tornado 10000 Puffs Plus Germany - vapebulkp.com","og_description":"RandM Tornado 10000 Puffs Plus Vape ergonomic design fits perfectly in your hand and is compact enough to slip into your pocket or purse.","og_url":"https:\/\/vapebulkp.com\/ro\/product\/good-sale-randm-tornado-10000-puffs-plus\/","og_site_name":"vapebulkp.com","article_modified_time":"2025-09-16T09:23:39+00:00","og_image":[{"width":1080,"height":1920,"url":"http:\/\/vapebulkp.com\/wp-content\/uploads\/2023\/09\/76612692f100d93cac6618a626c666e.jpg","type":"image\/jpeg"}],"twitter_card":"summary_large_image","twitter_misc":{"Timp estimat pentru citire":"4 minute"},"schema":{"@context":"https:\/\/schema.org","@graph":[{"@type":"WebPage","@id":"https:\/\/vapebulkp.com\/product\/good-sale-randm-tornado-10000-puffs-plus\/","url":"https:\/\/vapebulkp.com\/product\/good-sale-randm-tornado-10000-puffs-plus\/","name":"Good Sale RandM Tornado 10000 Puffs Plus Germany - vapebulkp.com","isPartOf":{"@id":"https:\/\/vapebulkp.com\/#website"},"datePublished":"2023-09-20T03:18:44+00:00","dateModified":"2025-09-16T09:23:39+00:00","description":"RandM Tornado 10000 Puffs Plus Vape ergonomic design fits perfectly in your hand and is compact enough to slip into your pocket or purse.","breadcrumb":{"@id":"https:\/\/vapebulkp.com\/product\/good-sale-randm-tornado-10000-puffs-plus\/#breadcrumb"},"inLanguage":"ro-RO","potentialAction":[{"@type":"ReadAction","target":["https:\/\/vapebulkp.com\/product\/good-sale-randm-tornado-10000-puffs-plus\/"]}]},{"@type":"BreadcrumbList","@id":"https:\/\/vapebulkp.com\/product\/good-sale-randm-tornado-10000-puffs-plus\/#breadcrumb","itemListElement":[{"@type":"ListItem","position":1,"name":"Home","item":"https:\/\/vapebulkp.com\/"},{"@type":"ListItem","position":2,"name":"Hot Trend Vapes","item":"https:\/\/vapebulkp.com\/vape-shop\/"},{"@type":"ListItem","position":3,"name":"Good Sale RandM Tornado 10000 Puffs Plus Germany"}]},{"@type":"WebSite","@id":"https:\/\/vapebulkp.com\/#website","url":"https:\/\/vapebulkp.com\/","name":"vapebulkp.com","description":"Buy Vape In Cheap Bulk Price Near you","publisher":{"@id":"https:\/\/vapebulkp.com\/#organization"},"potentialAction":[{"@type":"SearchAction","target":{"@type":"EntryPoint","urlTemplate":"https:\/\/vapebulkp.com\/?s={search_term_string}"},"query-input":"required name=search_term_string"}],"inLanguage":"ro-RO"},{"@type":"Organization","@id":"https:\/\/vapebulkp.com\/#organization","name":"vapebulkp.com","url":"https:\/\/vapebulkp.com\/","logo":{"@type":"ImageObject","inLanguage":"ro-RO","@id":"https:\/\/vapebulkp.com\/#\/schema\/logo\/image\/","url":"https:\/\/vapebulkp.com\/wp-content\/uploads\/2023\/09\/cropped-vapebulkp.png","contentUrl":"https:\/\/vapebulkp.com\/wp-content\/uploads\/2023\/09\/cropped-vapebulkp.png","width":516,"height":163,"caption":"vapebulkp.com"},"image":{"@id":"https:\/\/vapebulkp.com\/#\/schema\/logo\/image\/"}}]}},"uagb_featured_image_src":{"full":["https:\/\/vapebulkp.com\/wp-content\/uploads\/2023\/09\/76612692f100d93cac6618a626c666e.jpg",1080,1920,false],"thumbnail":["https:\/\/vapebulkp.com\/wp-content\/uploads\/2023\/09\/76612692f100d93cac6618a626c666e-150x150.jpg",150,150,true],"medium":["https:\/\/vapebulkp.com\/wp-content\/uploads\/2023\/09\/76612692f100d93cac6618a626c666e-169x300.jpg",169,300,true],"medium_large":["https:\/\/vapebulkp.com\/wp-content\/uploads\/2023\/09\/76612692f100d93cac6618a626c666e-768x1365.jpg",768,1365,true],"large":["https:\/\/vapebulkp.com\/wp-content\/uploads\/2023\/09\/76612692f100d93cac6618a626c666e-576x1024.jpg",576,1024,true],"1536x1536":["https:\/\/vapebulkp.com\/wp-content\/uploads\/2023\/09\/76612692f100d93cac6618a626c666e-864x1536.jpg",864,1536,true],"2048x2048":["https:\/\/vapebulkp.com\/wp-content\/uploads\/2023\/09\/76612692f100d93cac6618a626c666e.jpg",1080,1920,false],"trp-custom-language-flag":["https:\/\/vapebulkp.com\/wp-content\/uploads\/2023\/09\/76612692f100d93cac6618a626c666e.jpg",7,12,false],"woocommerce_thumbnail":["https:\/\/vapebulkp.com\/wp-content\/uploads\/2023\/09\/76612692f100d93cac6618a626c666e-300x300.jpg",300,300,true],"woocommerce_single":["https:\/\/vapebulkp.com\/wp-content\/uploads\/2023\/09\/76612692f100d93cac6618a626c666e-600x1067.jpg",600,1067,true],"woocommerce_gallery_thumbnail":["https:\/\/vapebulkp.com\/wp-content\/uploads\/2023\/09\/76612692f100d93cac6618a626c666e-100x100.jpg",100,100,true],"wcpr-photo-reviews":["https:\/\/vapebulkp.com\/wp-content\/uploads\/2023\/09\/76612692f100d93cac6618a626c666e.jpg",281,500,false]},"uagb_author_info":{"display_name":"Mandy vape bulk price","author_link":"https:\/\/vapebulkp.com\/ro\/author\/"},"uagb_comment_info":1,"uagb_excerpt":"Welcome to the future of vaping with the RandM Tornado 10000 Puffs\u00a0 Plus Disposable E-Cigarette. This remarkable device offers an astonishing 10000 puffs in a sleek and disposable package, providing vapers with unparalleled convenience and flavor. Say goodbye to the hassles of traditional vaping and hello to a new way of enjoying your favorite flavors.&hellip;","_links":{"self":[{"href":"https:\/\/vapebulkp.com\/ro\/wp-json\/wp\/v2\/product\/1523","targetHints":{"allow":["GET"]}}],"collection":[{"href":"https:\/\/vapebulkp.com\/ro\/wp-json\/wp\/v2\/product"}],"about":[{"href":"https:\/\/vapebulkp.com\/ro\/wp-json\/wp\/v2\/types\/product"}],"replies":[{"embeddable":true,"href":"https:\/\/vapebulkp.com\/ro\/wp-json\/wp\/v2\/comments?post=1523"}],"wp:featuredmedia":[{"embeddable":true,"href":"https:\/\/vapebulkp.com\/ro\/wp-json\/wp\/v2\/media\/1541"}],"wp:attachment":[{"href":"https:\/\/vapebulkp.com\/ro\/wp-json\/wp\/v2\/media?parent=1523"}],"wp:term":[{"taxonomy":"product_cat","embeddable":true,"href":"https:\/\/vapebulkp.com\/ro\/wp-json\/wp\/v2\/product_cat?post=1523"},{"taxonomy":"product_tag","embeddable":true,"href":"https:\/\/vapebulkp.com\/ro\/wp-json\/wp\/v2\/product_tag?post=1523"}],"curies":[{"name":"wp","href":"https:\/\/api.w.org\/{rel}","templated":true}]}}