{"id":1609,"date":"2023-09-28T08:50:33","date_gmt":"2023-09-28T06:50:33","guid":{"rendered":"https:\/\/vapebulkp.com\/?post_type=product&#038;p=1609"},"modified":"2025-09-01T05:15:05","modified_gmt":"2025-09-01T03:15:05","slug":"wholesale-tornado-rum-bar-9000-puffs-sweden","status":"publish","type":"product","link":"https:\/\/vapebulkp.com\/ro\/product\/wholesale-tornado-rum-bar-9000-puffs-sweden\/","title":{"rendered":"Comer\u021b cu ridicata Tornado New RUM BAR 9000 Pufuri Rom\u00e2nia"},"content":{"rendered":"<h2>Wholesale Tornado RUM BAR 9000 Puffs Rom\u00e2nia<\/h2>\n<p data-start=\"130\" data-end=\"453\">The <strong data-start=\"134\" data-end=\"178\">V\u00e2nzare en-gros Tornado Nou RUM BAR 9000 Pufuri<\/strong> este un dispozitiv de \u00eenalt\u0103 performan\u021b\u0103 <strong data-start=\"201\" data-end=\"220\">vaporizator de unic\u0103 folosin\u021b\u0103<\/strong> conceput pentru o satisfac\u021bie de lung\u0103 durat\u0103. Cu o baterie re\u00eenc\u0103rcabil\u0103 de 600mAh \u0219i \u00eenc\u0103rcare rapid\u0103 de tip C, acest dispozitiv ofer\u0103 p\u00e2n\u0103 la <strong data-start=\"349\" data-end=\"363\">9000 de pufuri<\/strong> f\u0103r\u0103 \u00eentrerupere, elimin\u00e2nd nevoia de re\u00eenc\u0103rc\u0103ri frecvente sau \u00eenlocuiri de rezisten\u021be.<\/p>\n<p data-start=\"455\" data-end=\"738\">Echipat cu un rezervor de 18 ml de e-lichid \u0219i o rezisten\u021b\u0103 mesh de 0,8\u03a9, produce vapori den\u0219i \u0219i arom\u0103 bogat\u0103 la fiecare tragere. Disponibil \u00een op\u021biuni de sare de nicotin\u0103 de 2% \u0219i 5%, <strong data-start=\"620\" data-end=\"642\">RUM BAR 9000 Pufuri<\/strong> ofer\u0103 trageri fine \u0219i o senza\u021bie consistent\u0103 \u00een g\u00e2t at\u00e2t pentru \u00eencep\u0103tori, c\u00e2t \u0219i pentru vaperii experimenta\u021bi.<\/p>\n<p data-start=\"740\" data-end=\"1002\">Compact \u0219i portabil, acest vape premium de unic\u0103 folosin\u021b\u0103 este ideal pentru pie\u021bele angro \u0219i distribu\u021bia cu am\u0103nuntul din Europa. Perfect pentru clien\u021bii care caut\u0103 un dispozitiv de \u00eencredere, de mare capacitate <strong data-start=\"912\" data-end=\"930\">vape cu rezisten\u021b\u0103 de tip mesh<\/strong> cu utilizare extins\u0103, eliberare rapid\u0103 a aromei \u0219i \u00eentre\u021binere f\u0103r\u0103 probleme.<\/p>\n<h6 style=\"text-align: left\"><img decoding=\"async\" class=\"alignnone wp-image-1740\" src=\"http:\/\/vapebulkp.com\/wp-content\/uploads\/2023\/09\/Italy-rum-bar-9000-puff-wholesale-price-1.jpg\" alt=\"Pre\u021b angro \u021bigar\u0103 electronic\u0103 de unic\u0103 folosin\u021b\u0103 Rum Bar 9000 puf Italia RandM 9000\" width=\"515\" height=\"515\" srcset=\"https:\/\/vapebulkp.com\/wp-content\/uploads\/2023\/09\/Italy-rum-bar-9000-puff-wholesale-price-1.jpg 1280w, https:\/\/vapebulkp.com\/wp-content\/uploads\/2023\/09\/Italy-rum-bar-9000-puff-wholesale-price-1-300x300.jpg 300w, https:\/\/vapebulkp.com\/wp-content\/uploads\/2023\/09\/Italy-rum-bar-9000-puff-wholesale-price-1-1024x1024.jpg 1024w, https:\/\/vapebulkp.com\/wp-content\/uploads\/2023\/09\/Italy-rum-bar-9000-puff-wholesale-price-1-150x150.jpg 150w, https:\/\/vapebulkp.com\/wp-content\/uploads\/2023\/09\/Italy-rum-bar-9000-puff-wholesale-price-1-768x768.jpg 768w, https:\/\/vapebulkp.com\/wp-content\/uploads\/2023\/09\/Italy-rum-bar-9000-puff-wholesale-price-1-600x600.jpg 600w, https:\/\/vapebulkp.com\/wp-content\/uploads\/2023\/09\/Italy-rum-bar-9000-puff-wholesale-price-1-100x100.jpg 100w\" sizes=\"(max-width: 515px) 100vw, 515px\" \/><\/h6>\n<p>&nbsp;<\/p>\n<h6>V\u0103 rug\u0103m contacta\u021bi-o pe Mandy pe WhatsApp pentru un pre\u021b redus<a href=\"https:\/\/wa.me\/8618077105796\">+8618077105796<\/a><\/h6>\n<p><img decoding=\"async\" class=\"alignnone wp-image-2151\" src=\"http:\/\/vapebulkp.com\/wp-content\/uploads\/2024\/04\/Mandy-WhatsApp-Randm.jpg\" alt=\"RandM Mandy WhatsApp\" width=\"259\" height=\"275\" srcset=\"https:\/\/vapebulkp.com\/wp-content\/uploads\/2024\/04\/Mandy-WhatsApp-Randm.jpg 916w, https:\/\/vapebulkp.com\/wp-content\/uploads\/2024\/04\/Mandy-WhatsApp-Randm-282x300.jpg 282w, https:\/\/vapebulkp.com\/wp-content\/uploads\/2024\/04\/Mandy-WhatsApp-Randm-768x817.jpg 768w, https:\/\/vapebulkp.com\/wp-content\/uploads\/2024\/04\/Mandy-WhatsApp-Randm-600x638.jpg 600w\" sizes=\"(max-width: 259px) 100vw, 259px\" \/><\/p>\n<h2><span style=\"vertical-align: inherit\">S-ar putea s\u0103 te intereseze informa\u021bii despre Cel mai bun vape de unic\u0103 folosin\u021b\u0103 Rumbar 9000 Puffs:<\/span><\/h2>\n<p>&nbsp;<\/p>\n<h5>1. CARE ESTE CAPACITATEA DE E-LICHID A RUMBAR 9000 PUFFS?<\/h5>\n<p>Acest dispozitiv are 18 ml de e-lichid.<\/p>\n<h5>2. C\u00c2T TIMP REZIST\u0102 VAPE-UL RUMBAR 9000 Puffs?<\/h5>\n<p>500 pufuri\/zi, poate rezista 24 zile<br \/>\n1000 pufuri\/zi, poate rezista 12 zile<br \/>\n2000 pufuri\/zi, poate rezista 6 zile<\/p>\n<h5>3. CUM SE \u00ceNCARC\u0102 DISPOZITIVUL DE UNIC\u0102 FOLOSIN\u021a\u0102 RandM Rumbar 9000PUFFS?<\/h5>\n<p>\u00cenc\u0103rc\u0103toarele de \u00eenc\u0103rcare rapid\u0103 nu pot fi folosite. Puterea sigur\u0103 standard a \u021big\u0103rilor electronice de unic\u0103 folosin\u021b\u0103 este de 5V 1A. Fiecare durat\u0103 de \u00eenc\u0103rcare nu poate dep\u0103\u0219i 1 or\u0103, iar timpul de \u00eenc\u0103rcare sigur este de jum\u0103tate de or\u0103.<\/p>\n<h3><strong><span style=\"vertical-align: inherit\">Specifica\u021bii produs Vape Rumbar 9000 Puffs:<\/span><br \/>\n<\/strong><\/h3>\n<p>Baterie: 600mAh (Tip C)<br \/>\nCapacitate: 18ml<br \/>\nRezisten\u021b\u0103: 0,8 ohm mesh<br \/>\nVolum aproximativ de aspira\u021bie: 9000 pufuri<br \/>\nConcentra\u021bie de nicotin\u0103 \u00een plus: 2%, 5%<br \/>\nMOQ:100BUC<\/p>\n<h3><strong>Care sunt cele mai bune arome pentru \u021bigara electronic\u0103 RUM BAR 9000 Puffs?<\/strong><\/h3>\n<p>&nbsp;<\/p>\n<p>1)Ment\u0103 rece<\/p>\n<p>2)Cola cu ghea\u021b\u0103<\/p>\n<p>3)Pepene ro\u0219u cu ghea\u021b\u0103<\/p>\n<p>4)Struguri cu ghea\u021b\u0103<\/p>\n<p>5)Afine cu ghea\u021b\u0103<\/p>\n<p>6)M\u0103r cu ghea\u021b\u0103<\/p>\n<p>7)Lychee cu ghea\u021b\u0103<\/p>\n<p>8)Guava cu ghea\u021b\u0103<\/p>\n<p>9)C\u0103p\u0219uni cu ghea\u021b\u0103<\/p>\n<p>10)Mango cu ghea\u021b\u0103<\/p>\n<p><a href=\"https:\/\/vapebulkp.com\/ro\/product\/wholesale-price-disposable-vape-crystal-600-puffs\/\"><span style=\"vertical-align: inherit\">Ofert\u0103 bun\u0103 Crystal 600 Puffs <\/span><\/a><\/p>\n<p><span style=\"vertical-align: inherit\">G\u0103se\u0219te mai multe produse care \u021bi-ar putea pl\u0103cea:<\/span><em><a href=\"https:\/\/wa.me\/8618077105796\"><span style=\"vertical-align: inherit\">\u00a0Cump\u0103r\u0103-l acum<\/span><\/a><\/em><\/p>\n<p><span style=\"vertical-align: inherit\">Alte Inhala\u021bii care \u021bi-ar putea pl\u0103cea:<\/span><a href=\"https:\/\/vapebulkp.com\/ro\/product\/bang-king-12000puffs\/\"><span style=\"vertical-align: inherit\">Bang King 12000 de Inhala\u021bii<\/span><\/a><span style=\"vertical-align: inherit\">\u3001<\/span><a href=\"https:\/\/vapebulkp.com\/ro\/product\/wholesale-randm-tornado-9000-puffs-germany\/\"><span style=\"vertical-align: inherit\">RandM Tornado 9000 pufuri<\/span><\/a><span style=\"vertical-align: inherit\">\/ <\/span><a href=\"https:\/\/vapebulkp.com\/ro\/product\/popular-kulx-10000puffs-disposable-vape-good-price\/\"><span style=\"vertical-align: inherit\">Kulx 10000 Pufuri<\/span><\/a><span style=\"vertical-align: inherit\">\/ <\/span><a href=\"https:\/\/vapebulkp.com\/ro\/product\/wholesale-disposbale-vape-sidia-12000puffs\/\"><span style=\"vertical-align: inherit\">SIDIA 12000 Pufuri<\/span><\/a><\/p>\n<p><span style=\"vertical-align: inherit\">Sticl\u0103 de \u021bigar\u0103 electronic\u0103 cu form\u0103 special\u0103:<\/span><a href=\"https:\/\/vapebulkp.com\/ro\/product\/wholesale-kulx-8000-puffs-disposable-vape\/\"><span style=\"vertical-align: inherit\">Kulx 8000 Pufuri <\/span><\/a><span style=\"vertical-align: inherit\">\/ <\/span><a href=\"https:\/\/vapebulkp.com\/ro\/product\/wholesale-tornado-rum-bar-9000-puffs-sweden\/\"><span style=\"vertical-align: inherit\">Rumbar 9000 Pufuri\u00a0 <\/span><\/a><span style=\"vertical-align: inherit\">\/<\/span><a href=\"https:\/\/vapebulkp.com\/ro\/product\/fumot-digital-box-12000-disposable-vape-wholesale\/\"><span style=\"vertical-align: inherit\">Fumot Digital Box 12000 Puffs <\/span><\/a><\/p>\n<h4>Calificarea produc\u021biei:<\/h4>\n<p><img decoding=\"async\" class=\"alignnone size-full wp-image-1841\" src=\"http:\/\/vapebulkp.com\/wp-content\/uploads\/2023\/11\/Vape-production-process-2.jpeg\" alt=\"Procesul de produc\u021bie a vafelor\" width=\"650\" height=\"434\" srcset=\"https:\/\/vapebulkp.com\/wp-content\/uploads\/2023\/11\/Vape-production-process-2.jpeg 650w, https:\/\/vapebulkp.com\/wp-content\/uploads\/2023\/11\/Vape-production-process-2-300x200.jpeg 300w, https:\/\/vapebulkp.com\/wp-content\/uploads\/2023\/11\/Vape-production-process-2-600x401.jpeg 600w\" sizes=\"(max-width: 650px) 100vw, 650px\" \/><\/p>\n<p><img decoding=\"async\" class=\"alignnone size-full wp-image-1843\" src=\"http:\/\/vapebulkp.com\/wp-content\/uploads\/2023\/11\/Vape-production-process.jpeg\" alt=\"Procesul de produc\u021bie a vafelor\" width=\"641\" height=\"1026\" srcset=\"https:\/\/vapebulkp.com\/wp-content\/uploads\/2023\/11\/Vape-production-process.jpeg 641w, https:\/\/vapebulkp.com\/wp-content\/uploads\/2023\/11\/Vape-production-process-187x300.jpeg 187w, https:\/\/vapebulkp.com\/wp-content\/uploads\/2023\/11\/Vape-production-process-640x1024.jpeg 640w, https:\/\/vapebulkp.com\/wp-content\/uploads\/2023\/11\/Vape-production-process-600x960.jpeg 600w\" sizes=\"(max-width: 641px) 100vw, 641px\" \/><\/p>\n<h5>\u00centreb\u0103ri frecvente:<\/h5>\n<p>\u00ce: Care este cantitatea minim\u0103 de comand\u0103 pentru Rumbar 9000 Puffs?<br \/>\nR: Comanda minim\u0103 este de 100 de buc\u0103\u021bi.<br \/>\n\u00ce: Care este termenul de livrare pentru \u021big\u0103rile electronice comandate?<br \/>\nR: De obicei, este de 10-15 zile dup\u0103 expediere<br \/>\n\u00ce: C\u00e2t cost\u0103 transportul? R: Costurile de transport depind de greutate. Costurile de transport variaz\u0103 \u00een func\u021bie de cantitate, iar costurile de transport \u00een fiecare \u021bar\u0103 sunt diferite. \u00cenainte de a plasa o comand\u0103, v\u0103 rug\u0103m s\u0103 ne contacta\u021bi pentru a confirma costul de transport. V\u0103 vom oferi o experien\u021b\u0103 de cump\u0103r\u0103turi satisf\u0103c\u0103toare.<\/p>\n<h4>Detaliile de expediere:<\/h4>\n<p>Timp de produc\u021bie: 5-10 zile lucr\u0103toare<br \/>\nTimp de livrare: 8-14 zile lucr\u0103toare<\/p>\n<p>Toate produsele din magazinul nostru sunt 100% originale \u0219i autentice, deci politica magazinului nostru este compensarea de zece ori pentru bunurile contraf\u0103cute. Folosim canale logistice precum UPS\/DHL\/FEDEX\/DPD pentru a v\u0103 livra m\u0103rfurile.<\/p>\n<p>Pentru coletele expediate \u00een Rom\u00e2nia, de obicei dureaz\u0103 10 zile lucr\u0103toare s\u0103 ajung\u0103. Expedierea c\u0103tre \u021b\u0103rile europene dureaz\u0103 de obicei 12 p\u00e2n\u0103 la 15 zile lucr\u0103toare. Vom actualiza informa\u021biile logistice pentru dumneavoastr\u0103 \u00een timp real.<\/p>\n<h3>Serviciu post-v\u00e2nzare bun:<\/h3>\n<p>Aten\u021bie: Nu se accept\u0103 return\u0103ri sau schimburi pentru probleme care nu \u021bin de calitate<br \/>\n1. Clien\u021bii pot alege aroma dorit\u0103, dar dac\u0103 aroma nu este \u00een stoc, departamentul de produc\u021bie va alege o arom\u0103 popular\u0103 pentru a o \u00eenlocui. Clien\u021bii nu au dreptul s\u0103 solicite return\u0103ri sau schimburi pe baza aromelor.<\/p>\n<p>2. Atunci c\u00e2nd apar probleme de calitate, v\u0103 rug\u0103m s\u0103 furniza\u021bi descrieri specifice, video \u0219i imagini.<br \/>\nDac\u0103 nu pute\u021bi furniza dovezi precum videoclipuri \u0219i fotografii, bunurile nu pot fi \u00eenlocuite.<\/p>","protected":false},"excerpt":{"rendered":"<p>Al\u0103tur\u0103-te r\u00e2ndurilor celor mai v\u00e2ndute \u021bigarete electronice cu \u021bigaretele electronice de unic\u0103 folosin\u021b\u0103 RUM BAR 9000Puffs. Spune adio problemelor \u021bigaretelor electronice tradi\u021bionale \u0219i bucur\u0103-te de libertatea \u021bigaretelor electronice oric\u00e2nd \u0219i oriunde. Cu 18 ml de ulei pentru \u021bigarete electronice, po\u021bi experimenta gustul s\u0103u unic.<\/p>\n<p><img decoding=\"async\" class=\"alignnone wp-image-2151\" src=\"http:\/\/vapebulkp.com\/wp-content\/uploads\/2024\/04\/Mandy-WhatsApp-Randm.jpg\" alt=\"RandM Mandy WhatsApp\" width=\"279\" height=\"296\" srcset=\"https:\/\/vapebulkp.com\/wp-content\/uploads\/2024\/04\/Mandy-WhatsApp-Randm.jpg 916w, https:\/\/vapebulkp.com\/wp-content\/uploads\/2024\/04\/Mandy-WhatsApp-Randm-282x300.jpg 282w, https:\/\/vapebulkp.com\/wp-content\/uploads\/2024\/04\/Mandy-WhatsApp-Randm-768x817.jpg 768w, https:\/\/vapebulkp.com\/wp-content\/uploads\/2024\/04\/Mandy-WhatsApp-Randm-600x638.jpg 600w\" sizes=\"(max-width: 279px) 100vw, 279px\" \/><\/p>\n<p>V\u0103 rug\u0103m contacta\u021bi-o pe Mandy pe WhatsApp pentru un pre\u021b redus<a href=\"https:\/\/wa.me\/8618077105796\">+8618077105796<\/a><\/p>\n<p><span style=\"color: #ff0000\">NOT\u0102: Pre\u021burile de pe site-ul nostru nu includ costurile de transport<\/span><\/p>","protected":false},"featured_media":1733,"comment_status":"open","ping_status":"closed","template":"","meta":{"_uag_custom_page_level_css":"","_lmt_disableupdate":"no","_lmt_disable":"","site-sidebar-layout":"default","site-content-layout":"content-boxed-container","ast-site-content-layout":"normal-width-container","site-content-style":"boxed","site-sidebar-style":"unboxed","ast-global-header-display":"","ast-banner-title-visibility":"","ast-main-header-display":"","ast-hfb-above-header-display":"","ast-hfb-below-header-display":"","ast-hfb-mobile-header-display":"","site-post-title":"","ast-breadcrumbs-content":"","ast-featured-img":"","footer-sml-layout":"","theme-transparent-header-meta":"default","adv-header-id-meta":"","stick-header-meta":"","header-above-stick-meta":"","header-main-stick-meta":"","header-below-stick-meta":"","astra-migrate-meta-layouts":"set","_joinchat":[]},"product_cat":[168,153,155,33,59,100,34,158,157,154,152,58,84,156,63,32],"product_tag":[47,64,36,37,41,74,40],"class_list":["post-1609","product","type-product","status-publish","has-post-thumbnail","hentry","product_cat-9000-puffs-disposable-vape","product_cat-hot-disposable-vapes","product_cat-belgium-hot-disposable-vapes","product_cat-france-vape-hot-sale","product_cat-germany-hot-disposable-vape","product_cat-germany-wholesale-vape-shop","product_cat-netherlands-vape-good-sale","product_cat-norway-hot-disposable-vapes","product_cat-poland-hot-disposable-vapes","product_cat-portugal-hot-disposable-vapes","product_cat-spain-hot-disposable-vapes","product_cat-sweden-hot-disposable-vape","product_cat-sweden-wholesale-vape","product_cat-switzerland-hot-disposable-vapes","product_cat-top-sale-disposable-vape","product_cat-vape-hot-sale-this-week","product_tag-9000puffs","product_tag-france-hot-vape","product_tag-good-vape","product_tag-hot-sale-disposable-vape","product_tag-poland-hot-vape","product_tag-randm-vape","product_tag-sweden-hot-vape","desktop-align-left","tablet-align-left","mobile-align-left"],"yoast_head":"<!-- This site is optimized with the Yoast SEO plugin v21.1 - https:\/\/yoast.com\/wordpress\/plugins\/seo\/ -->\n<title>Wholesale Tornado New RUM BAR 9000 Puffs Sweden - vapebulkp.com<\/title>\n<meta name=\"description\" content=\"Wholesale Price RUM BAR 9000 Puffs German Vape Ergonomically designed perfectly, allows me to carry it easily and has its unique taste\u3002\" \/>\n<meta name=\"robots\" content=\"index, follow, max-snippet:-1, max-image-preview:large, max-video-preview:-1\" \/>\n<link rel=\"canonical\" href=\"https:\/\/vapebulkp.com\/ro\/product\/wholesale-tornado-rum-bar-9000-puffs-sweden\/\" \/>\n<meta property=\"og:locale\" content=\"ro_RO\" \/>\n<meta property=\"og:type\" content=\"article\" \/>\n<meta property=\"og:title\" content=\"Wholesale Tornado New RUM BAR 9000 Puffs Sweden - vapebulkp.com\" \/>\n<meta property=\"og:description\" content=\"Wholesale Price RUM BAR 9000 Puffs German Vape Ergonomically designed perfectly, allows me to carry it easily and has its unique taste\u3002\" \/>\n<meta property=\"og:url\" content=\"https:\/\/vapebulkp.com\/ro\/product\/wholesale-tornado-rum-bar-9000-puffs-sweden\/\" \/>\n<meta property=\"og:site_name\" content=\"vapebulkp.com\" \/>\n<meta property=\"article:modified_time\" content=\"2025-09-01T03:15:05+00:00\" \/>\n<meta property=\"og:image\" content=\"http:\/\/vapebulkp.com\/wp-content\/uploads\/2023\/09\/RAN-TORNADO-9000.jpg\" \/>\n\t<meta property=\"og:image:width\" content=\"600\" \/>\n\t<meta property=\"og:image:height\" content=\"600\" \/>\n\t<meta property=\"og:image:type\" content=\"image\/jpeg\" \/>\n<meta name=\"twitter:card\" content=\"summary_large_image\" \/>\n<meta name=\"twitter:label1\" content=\"Timp estimat pentru citire\" \/>\n\t<meta name=\"twitter:data1\" content=\"4 minute\" \/>\n<script type=\"application\/ld+json\" class=\"yoast-schema-graph\">{\"@context\":\"https:\/\/schema.org\",\"@graph\":[{\"@type\":\"WebPage\",\"@id\":\"https:\/\/vapebulkp.com\/product\/wholesale-tornado-rum-bar-9000-puffs-sweden\/\",\"url\":\"https:\/\/vapebulkp.com\/product\/wholesale-tornado-rum-bar-9000-puffs-sweden\/\",\"name\":\"Wholesale Tornado New RUM BAR 9000 Puffs Sweden - vapebulkp.com\",\"isPartOf\":{\"@id\":\"https:\/\/vapebulkp.com\/#website\"},\"datePublished\":\"2023-09-28T06:50:33+00:00\",\"dateModified\":\"2025-09-01T03:15:05+00:00\",\"description\":\"Wholesale Price RUM BAR 9000 Puffs German Vape Ergonomically designed perfectly, allows me to carry it easily and has its unique taste\u3002\",\"breadcrumb\":{\"@id\":\"https:\/\/vapebulkp.com\/product\/wholesale-tornado-rum-bar-9000-puffs-sweden\/#breadcrumb\"},\"inLanguage\":\"ro-RO\",\"potentialAction\":[{\"@type\":\"ReadAction\",\"target\":[\"https:\/\/vapebulkp.com\/product\/wholesale-tornado-rum-bar-9000-puffs-sweden\/\"]}]},{\"@type\":\"BreadcrumbList\",\"@id\":\"https:\/\/vapebulkp.com\/product\/wholesale-tornado-rum-bar-9000-puffs-sweden\/#breadcrumb\",\"itemListElement\":[{\"@type\":\"ListItem\",\"position\":1,\"name\":\"Home\",\"item\":\"https:\/\/vapebulkp.com\/\"},{\"@type\":\"ListItem\",\"position\":2,\"name\":\"Hot Trend Vapes\",\"item\":\"https:\/\/vapebulkp.com\/vape-shop\/\"},{\"@type\":\"ListItem\",\"position\":3,\"name\":\"Wholesale Tornado New RUM BAR 9000 Puffs Sweden\"}]},{\"@type\":\"WebSite\",\"@id\":\"https:\/\/vapebulkp.com\/#website\",\"url\":\"https:\/\/vapebulkp.com\/\",\"name\":\"vapebulkp.com\",\"description\":\"Buy Vape In Cheap Bulk Price Near you\",\"publisher\":{\"@id\":\"https:\/\/vapebulkp.com\/#organization\"},\"potentialAction\":[{\"@type\":\"SearchAction\",\"target\":{\"@type\":\"EntryPoint\",\"urlTemplate\":\"https:\/\/vapebulkp.com\/?s={search_term_string}\"},\"query-input\":\"required name=search_term_string\"}],\"inLanguage\":\"ro-RO\"},{\"@type\":\"Organization\",\"@id\":\"https:\/\/vapebulkp.com\/#organization\",\"name\":\"vapebulkp.com\",\"url\":\"https:\/\/vapebulkp.com\/\",\"logo\":{\"@type\":\"ImageObject\",\"inLanguage\":\"ro-RO\",\"@id\":\"https:\/\/vapebulkp.com\/#\/schema\/logo\/image\/\",\"url\":\"https:\/\/vapebulkp.com\/wp-content\/uploads\/2023\/09\/cropped-vapebulkp.png\",\"contentUrl\":\"https:\/\/vapebulkp.com\/wp-content\/uploads\/2023\/09\/cropped-vapebulkp.png\",\"width\":516,\"height\":163,\"caption\":\"vapebulkp.com\"},\"image\":{\"@id\":\"https:\/\/vapebulkp.com\/#\/schema\/logo\/image\/\"}}]}<\/script>\n<!-- \/ Yoast SEO plugin. -->","yoast_head_json":{"title":"Wholesale Tornado New RUM BAR 9000 Puffs Sweden - vapebulkp.com","description":"Wholesale Price RUM BAR 9000 Puffs German Vape Ergonomically designed perfectly, allows me to carry it easily and has its unique taste\u3002","robots":{"index":"index","follow":"follow","max-snippet":"max-snippet:-1","max-image-preview":"max-image-preview:large","max-video-preview":"max-video-preview:-1"},"canonical":"https:\/\/vapebulkp.com\/ro\/product\/wholesale-tornado-rum-bar-9000-puffs-sweden\/","og_locale":"ro_RO","og_type":"article","og_title":"Wholesale Tornado New RUM BAR 9000 Puffs Sweden - vapebulkp.com","og_description":"Wholesale Price RUM BAR 9000 Puffs German Vape Ergonomically designed perfectly, allows me to carry it easily and has its unique taste\u3002","og_url":"https:\/\/vapebulkp.com\/ro\/product\/wholesale-tornado-rum-bar-9000-puffs-sweden\/","og_site_name":"vapebulkp.com","article_modified_time":"2025-09-01T03:15:05+00:00","og_image":[{"width":600,"height":600,"url":"http:\/\/vapebulkp.com\/wp-content\/uploads\/2023\/09\/RAN-TORNADO-9000.jpg","type":"image\/jpeg"}],"twitter_card":"summary_large_image","twitter_misc":{"Timp estimat pentru citire":"4 minute"},"schema":{"@context":"https:\/\/schema.org","@graph":[{"@type":"WebPage","@id":"https:\/\/vapebulkp.com\/product\/wholesale-tornado-rum-bar-9000-puffs-sweden\/","url":"https:\/\/vapebulkp.com\/product\/wholesale-tornado-rum-bar-9000-puffs-sweden\/","name":"Wholesale Tornado New RUM BAR 9000 Puffs Sweden - vapebulkp.com","isPartOf":{"@id":"https:\/\/vapebulkp.com\/#website"},"datePublished":"2023-09-28T06:50:33+00:00","dateModified":"2025-09-01T03:15:05+00:00","description":"Wholesale Price RUM BAR 9000 Puffs German Vape Ergonomically designed perfectly, allows me to carry it easily and has its unique taste\u3002","breadcrumb":{"@id":"https:\/\/vapebulkp.com\/product\/wholesale-tornado-rum-bar-9000-puffs-sweden\/#breadcrumb"},"inLanguage":"ro-RO","potentialAction":[{"@type":"ReadAction","target":["https:\/\/vapebulkp.com\/product\/wholesale-tornado-rum-bar-9000-puffs-sweden\/"]}]},{"@type":"BreadcrumbList","@id":"https:\/\/vapebulkp.com\/product\/wholesale-tornado-rum-bar-9000-puffs-sweden\/#breadcrumb","itemListElement":[{"@type":"ListItem","position":1,"name":"Home","item":"https:\/\/vapebulkp.com\/"},{"@type":"ListItem","position":2,"name":"Hot Trend Vapes","item":"https:\/\/vapebulkp.com\/vape-shop\/"},{"@type":"ListItem","position":3,"name":"Wholesale Tornado New RUM BAR 9000 Puffs Sweden"}]},{"@type":"WebSite","@id":"https:\/\/vapebulkp.com\/#website","url":"https:\/\/vapebulkp.com\/","name":"vapebulkp.com","description":"Buy Vape In Cheap Bulk Price Near you","publisher":{"@id":"https:\/\/vapebulkp.com\/#organization"},"potentialAction":[{"@type":"SearchAction","target":{"@type":"EntryPoint","urlTemplate":"https:\/\/vapebulkp.com\/?s={search_term_string}"},"query-input":"required name=search_term_string"}],"inLanguage":"ro-RO"},{"@type":"Organization","@id":"https:\/\/vapebulkp.com\/#organization","name":"vapebulkp.com","url":"https:\/\/vapebulkp.com\/","logo":{"@type":"ImageObject","inLanguage":"ro-RO","@id":"https:\/\/vapebulkp.com\/#\/schema\/logo\/image\/","url":"https:\/\/vapebulkp.com\/wp-content\/uploads\/2023\/09\/cropped-vapebulkp.png","contentUrl":"https:\/\/vapebulkp.com\/wp-content\/uploads\/2023\/09\/cropped-vapebulkp.png","width":516,"height":163,"caption":"vapebulkp.com"},"image":{"@id":"https:\/\/vapebulkp.com\/#\/schema\/logo\/image\/"}}]}},"uagb_featured_image_src":{"full":["https:\/\/vapebulkp.com\/wp-content\/uploads\/2023\/09\/RAN-TORNADO-9000.jpg",600,600,false],"thumbnail":["https:\/\/vapebulkp.com\/wp-content\/uploads\/2023\/09\/RAN-TORNADO-9000-150x150.jpg",150,150,true],"medium":["https:\/\/vapebulkp.com\/wp-content\/uploads\/2023\/09\/RAN-TORNADO-9000-300x300.jpg",300,300,true],"medium_large":["https:\/\/vapebulkp.com\/wp-content\/uploads\/2023\/09\/RAN-TORNADO-9000.jpg",600,600,false],"large":["https:\/\/vapebulkp.com\/wp-content\/uploads\/2023\/09\/RAN-TORNADO-9000.jpg",600,600,false],"1536x1536":["https:\/\/vapebulkp.com\/wp-content\/uploads\/2023\/09\/RAN-TORNADO-9000.jpg",600,600,false],"2048x2048":["https:\/\/vapebulkp.com\/wp-content\/uploads\/2023\/09\/RAN-TORNADO-9000.jpg",600,600,false],"trp-custom-language-flag":["https:\/\/vapebulkp.com\/wp-content\/uploads\/2023\/09\/RAN-TORNADO-9000.jpg",12,12,false],"woocommerce_thumbnail":["https:\/\/vapebulkp.com\/wp-content\/uploads\/2023\/09\/RAN-TORNADO-9000-300x300.jpg",300,300,true],"woocommerce_single":["https:\/\/vapebulkp.com\/wp-content\/uploads\/2023\/09\/RAN-TORNADO-9000.jpg",600,600,false],"woocommerce_gallery_thumbnail":["https:\/\/vapebulkp.com\/wp-content\/uploads\/2023\/09\/RAN-TORNADO-9000-100x100.jpg",100,100,true],"wcpr-photo-reviews":["https:\/\/vapebulkp.com\/wp-content\/uploads\/2023\/09\/RAN-TORNADO-9000.jpg",500,500,false]},"uagb_author_info":{"display_name":"Mandy vape bulk price","author_link":"https:\/\/vapebulkp.com\/ro\/author\/"},"uagb_comment_info":1,"uagb_excerpt":"Join the ranks of best-selling e-cigarettes with RUM BAR 9000Puffs disposable e-cigarettes. Say goodbye to the troubles of traditional e-cigarettes and enjoy the freedom of e-cigarettes anytime and anywhere. With 18 ml of e-cigarette oil, you can experience its unique taste. Pls Contact Mandy's WhatsApp For Discount Price+8618077105796 NOTE: Prices on our website does not&hellip;","_links":{"self":[{"href":"https:\/\/vapebulkp.com\/ro\/wp-json\/wp\/v2\/product\/1609","targetHints":{"allow":["GET"]}}],"collection":[{"href":"https:\/\/vapebulkp.com\/ro\/wp-json\/wp\/v2\/product"}],"about":[{"href":"https:\/\/vapebulkp.com\/ro\/wp-json\/wp\/v2\/types\/product"}],"replies":[{"embeddable":true,"href":"https:\/\/vapebulkp.com\/ro\/wp-json\/wp\/v2\/comments?post=1609"}],"wp:featuredmedia":[{"embeddable":true,"href":"https:\/\/vapebulkp.com\/ro\/wp-json\/wp\/v2\/media\/1733"}],"wp:attachment":[{"href":"https:\/\/vapebulkp.com\/ro\/wp-json\/wp\/v2\/media?parent=1609"}],"wp:term":[{"taxonomy":"product_cat","embeddable":true,"href":"https:\/\/vapebulkp.com\/ro\/wp-json\/wp\/v2\/product_cat?post=1609"},{"taxonomy":"product_tag","embeddable":true,"href":"https:\/\/vapebulkp.com\/ro\/wp-json\/wp\/v2\/product_tag?post=1609"}],"curies":[{"name":"wp","href":"https:\/\/api.w.org\/{rel}","templated":true}]}}