{"id":1628,"date":"2023-09-28T10:07:00","date_gmt":"2023-09-28T08:07:00","guid":{"rendered":"https:\/\/vapebulkp.com\/?post_type=product&#038;p=1628"},"modified":"2025-09-24T05:22:20","modified_gmt":"2025-09-24T03:22:20","slug":"popular-bang-king-10000-puffs-vape-good-price","status":"publish","type":"product","link":"https:\/\/vapebulkp.com\/ro\/product\/popular-bang-king-10000-puffs-vape-good-price\/","title":{"rendered":"Popular Bang King 10000 Pufuri Vape Pre\u021b Bun"},"content":{"rendered":"<h2>Bang King 10000 Puffs Vap\u0103 de unic\u0103 folosin\u021b\u0103 bun\u0103<\/h2>\n<p>Populara Vap\u0103 de unic\u0103 folosin\u021b\u0103 Bang King 10000 Puffs este o vap\u0103 de unic\u0103 folosin\u021b\u0103 premium de mare capacitate, conceput\u0103 pentru entuzia\u0219tii vapingului din Rom\u00e2nia care pre\u021buiesc performan\u021ba, aroma \u0219i comoditatea. Echipat\u0103 cu un sistem de vapare cu rezisten\u021b\u0103 tip plas\u0103 de 650 mAh \u0219i \u00eenc\u0103rcare rapid\u0103 de tip C, ofer\u0103 vapori fini \u0219i den\u0219i \u00een mod constant pe parcursul a 10.000 de pufuri.<\/p>\n<p>Aceast\u0103 vap\u0103 de unic\u0103 folosin\u021b\u0103 de lung\u0103 durat\u0103 dispune de un rezervor pre-umplut de 18 ml cu op\u021biuni de sare de nicotin\u0103 la 2% sau 5%, oferind o arom\u0103 bogat\u0103 \u0219i satisf\u0103c\u0103toare de la prima p\u00e2n\u0103 la ultima tragere. Disponibil\u0103 \u00eentr-o gam\u0103 larg\u0103 de arome premium, inclusiv amestecuri clasice de tutun, mentol, fructate \u0219i inspirate din desert, se adapteaz\u0103 la diverse preferin\u021be de gust.<\/p>\n<p>Compact \u0219i ergonomic, <a href=\"https:\/\/vapebulkp.com\/ro\/product-category\/10000-puffs-disposable-vape\/\">10000 Puffs Vap\u0103 de unic\u0103 folosin\u021b\u0103<\/a> func\u021bioneaz\u0103 ca un pod portabil, perfect pentru c\u0103l\u0103torii, ocazii sociale sau utilizare zilnic\u0103. Rezisten\u021ba sa de 0,8\u03a9 asigur\u0103 o livrare eficient\u0103 a puterii \u0219i o tragere consistent\u0103, f\u0103c\u00e2ndu-l o alegere de \u00eencredere at\u00e2t pentru utilizatorii ocazionali, c\u00e2t \u0219i pentru cump\u0103r\u0103torii angro din Rom\u00e2nia.<\/p>\n<p>Cu amestecul s\u0103u de durabilitate, arom\u0103 \u0219i stil, Populara Vap\u0103 de unic\u0103 folosin\u021b\u0103 Bang King 10000 Puffs ofer\u0103 o solu\u021bie de vaping gata de utilizat, de \u00eenalt\u0103 calitate, care \u00eei \u021bine pe utilizatori mul\u021bumi\u021bi f\u0103r\u0103 a compromite comoditatea.<\/p>\n<p><img decoding=\"async\" class=\"alignnone wp-image-1646\" style=\"font-style: inherit;font-weight: inherit\" src=\"http:\/\/vapebulkp.com\/wp-content\/uploads\/2023\/09\/100000-PUFFS-VAPE-BAR-BANG-1-300x300.jpg\" alt=\"100000 PUFURI BARA VAPE BANG\" width=\"415\" height=\"415\" srcset=\"https:\/\/vapebulkp.com\/wp-content\/uploads\/2023\/09\/100000-PUFFS-VAPE-BAR-BANG-1-300x300.jpg 300w, https:\/\/vapebulkp.com\/wp-content\/uploads\/2023\/09\/100000-PUFFS-VAPE-BAR-BANG-1-1024x1024.jpg 1024w, https:\/\/vapebulkp.com\/wp-content\/uploads\/2023\/09\/100000-PUFFS-VAPE-BAR-BANG-1-150x150.jpg 150w, https:\/\/vapebulkp.com\/wp-content\/uploads\/2023\/09\/100000-PUFFS-VAPE-BAR-BANG-1-768x768.jpg 768w, https:\/\/vapebulkp.com\/wp-content\/uploads\/2023\/09\/100000-PUFFS-VAPE-BAR-BANG-1-1536x1536.jpg 1536w, https:\/\/vapebulkp.com\/wp-content\/uploads\/2023\/09\/100000-PUFFS-VAPE-BAR-BANG-1-2048x2048.jpg 2048w, https:\/\/vapebulkp.com\/wp-content\/uploads\/2023\/09\/100000-PUFFS-VAPE-BAR-BANG-1-600x600.jpg 600w, https:\/\/vapebulkp.com\/wp-content\/uploads\/2023\/09\/100000-PUFFS-VAPE-BAR-BANG-1-100x100.jpg 100w\" sizes=\"(max-width: 415px) 100vw, 415px\" \/><\/p>\n<h6>V\u0103 rug\u0103m contacta\u021bi-o pe Mandy pe WhatsApp pentru un pre\u021b redus<a href=\"https:\/\/wa.me\/8618077105796\">+8618077105796<\/a><\/h6>\n<h3><img decoding=\"async\" class=\"alignnone wp-image-2151\" src=\"http:\/\/vapebulkp.com\/wp-content\/uploads\/2024\/04\/Mandy-WhatsApp-Randm.jpg\" alt=\"RandM Mandy WhatsApp\" width=\"269\" height=\"286\" srcset=\"https:\/\/vapebulkp.com\/wp-content\/uploads\/2024\/04\/Mandy-WhatsApp-Randm.jpg 916w, https:\/\/vapebulkp.com\/wp-content\/uploads\/2024\/04\/Mandy-WhatsApp-Randm-282x300.jpg 282w, https:\/\/vapebulkp.com\/wp-content\/uploads\/2024\/04\/Mandy-WhatsApp-Randm-768x817.jpg 768w, https:\/\/vapebulkp.com\/wp-content\/uploads\/2024\/04\/Mandy-WhatsApp-Randm-600x638.jpg 600w\" sizes=\"(max-width: 269px) 100vw, 269px\" \/><\/h3>\n<h2>Credem c\u0103 v-ar pl\u0103cea s\u0103 \u0219ti\u021bi despre Bang King 10000 Puffs\uff1a<\/h2>\n<p>&nbsp;<\/p>\n<h6>1. CARE ESTE CAPACITATEA DE E-LICHID A DISPOZITIVULUI BANG KING 10000 PUFFS?<\/h6>\n<p>Acest dispozitiv are 18 ml de e-lichid.<\/p>\n<h6>2. C\u00c2T TIMP DUREAZ\u0102 ACEST VAPE?<\/h6>\n<p>500 pufuri\/zi, poate rezista 24 zile<br \/>\n1000 pufuri\/zi, poate rezista 12 zile<br \/>\n2000 pufuri\/zi, poate rezista 6 zile<\/p>\n<h6>3. CUM S\u0102 \u00ceNC\u0102RCA\u021aI DISPOZITIVUL DE VAPARE DE UNIC\u0102 FOLOSIN\u021a\u0102 BANG KING 10000PUFFS?<\/h6>\n<p>\u00cenc\u0103rc\u0103toarele de \u00eenc\u0103rcare rapid\u0103 nu pot fi folosite. Puterea sigur\u0103 standard a \u021big\u0103rilor electronice de unic\u0103 folosin\u021b\u0103 este de 5V 1A. Fiecare durat\u0103 de \u00eenc\u0103rcare nu poate dep\u0103\u0219i 1 or\u0103, iar timpul de \u00eenc\u0103rcare sigur este de jum\u0103tate de or\u0103.<\/p>\n<p><span style=\"color: #ff6600\">Not\u0103: nu \u00eenc\u0103rca\u021bi toat\u0103 noaptea!<\/span><\/p>\n<h6>4. Cum se folose\u0219te Bang King 10000 Puffs?<\/h6>\n<p>1: \u00cenainte de a utiliza cele 10k pufuri, scoate\u021bi tubul de plastic.<br \/>\n2: A\u0219tepta\u021bi aproximativ 3 minute pentru a permite sucului s\u0103 p\u0103trund\u0103 \u00een rezisten\u021ba din interior.<br \/>\n3: \u00cencepe\u021bi s\u0103 v\u0103 bucura\u021bi de el<\/p>\n<h2><strong><span style=\"vertical-align: inherit\">Specifica\u021bie pentru <\/span><\/strong><strong>Bang King 10000 pufuri<\/strong><strong><span style=\"vertical-align: inherit\">\uff1a<\/span><br \/>\n<\/strong><\/h2>\n<p>Baterie: 650mAh (Tip C)<br \/>\nCapacitate: 18ml<br \/>\nRezisten\u021b\u0103: 0,8 ohm mesh<br \/>\nVolum aproximativ de suc\u021biune: 10000 de pufuri<br \/>\nConcentra\u021bie de nicotin\u0103 \u00een plus: 2%, 5%<\/p>\n<p>Livrare de energie eficient\u0103 \u0219i consecvent\u0103<\/p>\n<h2><strong>\u00a0Bang King 10000 Pufuri, Cea Mai Buna Optiune de Arome pentru Vaping<\/strong><\/h2>\n<p>&nbsp;<\/p>\n<ol>\n<li>Aloe Struguri<\/li>\n<li>Inghetata de Capsuni<\/li>\n<li>Gheata de Piersici de Vara<\/li>\n<li>Gheata de Mango si Piersici<\/li>\n<li>Lamaie si Menta<\/li>\n<li>Piersici si Afine<\/li>\n<li>Blue Razz Ice<\/li>\n<li>Gheata de Fructe de Padure Triple<\/li>\n<li>Sex pe Plaja<\/li>\n<li>Mamba<\/li>\n<\/ol>\n<p><a href=\"https:\/\/vapebulkp.com\/ro\/product\/popular-randm-tornado-7000puffs-disposable-vape-best-price\/\"><span style=\"vertical-align: inherit\">RandM Tornado 7000 de Inhala\u021bii <\/span><\/a><\/p>\n<p><span style=\"vertical-align: inherit\">G\u0103se\u0219te mai multe produse care \u021bi-ar putea pl\u0103cea:<\/span><em><a href=\"https:\/\/wa.me\/8618077105796\"><span style=\"vertical-align: inherit\">\u00a0Cump\u0103r\u0103-l acum<\/span><\/a><\/em><\/p>\n<p><span style=\"vertical-align: inherit\">Alte Inhala\u021bii care \u021bi-ar putea pl\u0103cea:<\/span><a href=\"https:\/\/vapebulkp.com\/ro\/product\/bang-box-12000puffs-good-vape-sweden-wholesale-price\/\"><span style=\"vertical-align: inherit\">Bang Box 12000 pufuri<\/span><\/a><span style=\"vertical-align: inherit\">\u3001<\/span><a href=\"https:\/\/vapebulkp.com\/ro\/product\/top-sale-waspe-12000puffs-disposable-vape-wholesale-france\/\"><span style=\"vertical-align: inherit\">WASPE 12000 pufuri<\/span><\/a><span style=\"vertical-align: inherit\">\/ <\/span><a href=\"https:\/\/vapebulkp.com\/ro\/product\/wholesale-randm-tornado-9000-puffs-germany\/\"><span style=\"vertical-align: inherit\">RandM Tornado 9000 pufuri<\/span><\/a><span style=\"vertical-align: inherit\">\/ <\/span><a href=\"https:\/\/vapebulkp.com\/ro\/product\/bulk-buy-vapetop-sale-breze-7500-puffs-sweden\/\"><span style=\"vertical-align: inherit\">Breze Vape 7500Pufuri<\/span><\/a><\/p>\n<p><span style=\"vertical-align: inherit\">Sticl\u0103 de \u021bigar\u0103 electronic\u0103 cu form\u0103 special\u0103:<\/span><a href=\"https:\/\/vapebulkp.com\/ro\/product\/good-sale-randm-tornado-10000-puffs-plus\/\"><span style=\"vertical-align: inherit\">RandM Tornado 10000 Pufuri Plus <\/span><\/a><span style=\"vertical-align: inherit\">\/<\/span><a href=\"https:\/\/vapebulkp.com\/ro\/product\/fumot-digital-box-12000-disposable-vape-wholesale\/\"><span style=\"vertical-align: inherit\">Cutie Digitala Fumot 12000 Pufuri <\/span><\/a><\/p>\n<h4>Calificarea produc\u021biei:<\/h4>\n<p><img decoding=\"async\" class=\"alignnone size-full wp-image-1841\" src=\"http:\/\/vapebulkp.com\/wp-content\/uploads\/2023\/11\/Vape-production-process-2.jpeg\" alt=\"Procesul de produc\u021bie a vafelor\" width=\"650\" height=\"434\" srcset=\"https:\/\/vapebulkp.com\/wp-content\/uploads\/2023\/11\/Vape-production-process-2.jpeg 650w, https:\/\/vapebulkp.com\/wp-content\/uploads\/2023\/11\/Vape-production-process-2-300x200.jpeg 300w, https:\/\/vapebulkp.com\/wp-content\/uploads\/2023\/11\/Vape-production-process-2-600x401.jpeg 600w\" sizes=\"(max-width: 650px) 100vw, 650px\" \/><\/p>\n<p><img decoding=\"async\" class=\"alignnone size-full wp-image-1843\" src=\"http:\/\/vapebulkp.com\/wp-content\/uploads\/2023\/11\/Vape-production-process.jpeg\" alt=\"Procesul de produc\u021bie a vafelor\" width=\"641\" height=\"1026\" srcset=\"https:\/\/vapebulkp.com\/wp-content\/uploads\/2023\/11\/Vape-production-process.jpeg 641w, https:\/\/vapebulkp.com\/wp-content\/uploads\/2023\/11\/Vape-production-process-187x300.jpeg 187w, https:\/\/vapebulkp.com\/wp-content\/uploads\/2023\/11\/Vape-production-process-640x1024.jpeg 640w, https:\/\/vapebulkp.com\/wp-content\/uploads\/2023\/11\/Vape-production-process-600x960.jpeg 600w\" sizes=\"(max-width: 641px) 100vw, 641px\" \/><\/p>\n<h5>\u00centreb\u0103ri frecvente:<\/h5>\n<p>\u00ce: Care este MOQ-ul pentru Bang King 10000 Pufuri?<br \/>\nA: Comanda minim\u0103 este de 50 buc.<br \/>\n\u00ce: Care este termenul de livrare pentru \u021big\u0103rile electronice comandate?<br \/>\nR: De obicei, este de 10-15 zile dup\u0103 expediere<br \/>\n\u00ce: C\u00e2t cost\u0103 transportul? R: Costurile de transport depind de greutate. Costurile de transport variaz\u0103 \u00een func\u021bie de cantitate, iar costurile de transport \u00een fiecare \u021bar\u0103 sunt diferite. \u00cenainte de a plasa o comand\u0103, v\u0103 rug\u0103m s\u0103 ne contacta\u021bi pentru a confirma costul de transport. V\u0103 vom oferi o experien\u021b\u0103 de cump\u0103r\u0103turi satisf\u0103c\u0103toare.<\/p>\n<p>&nbsp;<\/p>\n<h4>Detaliile de expediere:<\/h4>\n<p><span style=\"color: #ff6600\">Timp de produc\u021bie: 5-10 zile lucr\u0103toare<\/span><br \/>\n<span style=\"color: #ff6600\">Timp de livrare: 8-14 zile lucr\u0103toare<\/span><\/p>\n<p>Toate produsele din magazinul nostru sunt 100% originale \u0219i autentice, deci politica magazinului nostru este compensarea de zece ori pentru bunurile contraf\u0103cute. Folosim canale logistice precum UPS\/DHL\/FEDEX\/DPD pentru a v\u0103 livra m\u0103rfurile.<\/p>\n<p>Pentru coletele expediate \u00een Rom\u00e2nia, de obicei dureaz\u0103 10 zile lucr\u0103toare s\u0103 ajung\u0103. Expedierea c\u0103tre \u021b\u0103rile europene dureaz\u0103 de obicei 12 p\u00e2n\u0103 la 15 zile lucr\u0103toare. Vom actualiza informa\u021biile logistice pentru dumneavoastr\u0103 \u00een timp real.<\/p>\n<h3>Serviciu post-v\u00e2nzare bun:<\/h3>\n<p><span style=\"color: #ff6600\">Aten\u021bie: Nu se accept\u0103 return\u0103ri sau schimburi pentru probleme care nu \u021bin de calitate<\/span><br \/>\n1. Clien\u021bii pot alege aroma dorit\u0103, dar dac\u0103 aroma nu este \u00een stoc, departamentul de produc\u021bie va alege o arom\u0103 popular\u0103 pentru a o \u00eenlocui. Clien\u021bii nu au dreptul s\u0103 solicite return\u0103ri sau schimburi pe baza aromelor.<\/p>\n<p>2. Atunci c\u00e2nd apar probleme de calitate, v\u0103 rug\u0103m s\u0103 furniza\u021bi descrieri specifice, video \u0219i imagini.<br \/>\nDac\u0103 nu pute\u021bi furniza dovezi precum videoclipuri \u0219i fotografii, bunurile nu pot fi \u00eenlocuite.<\/p>","protected":false},"excerpt":{"rendered":"<p>V\u00e2nzare bun\u0103 Bang king 10000 puf VAP\u0102<br \/>\nSET VAP\u0102 Bang king 10000 puf<br \/>\nCea mai bun\u0103 Vap\u0103 Bang king 10000 puf BAR\u0102 VAP\u0102<br \/>\nPopular Bang Max 10000 Puf VAP\u0102<br \/>\nVap\u0103 bun\u0103 Bang Max 10000 Puffs Vap\u0103 de top<br \/>\nBAR\u0102 VAP\u0102 Bang Max 10000 Puf<\/p>\n<p><img decoding=\"async\" class=\"alignnone wp-image-2151\" src=\"http:\/\/vapebulkp.com\/wp-content\/uploads\/2024\/04\/Mandy-WhatsApp-Randm.jpg\" alt=\"RandM Mandy WhatsApp\" width=\"219\" height=\"233\" srcset=\"https:\/\/vapebulkp.com\/wp-content\/uploads\/2024\/04\/Mandy-WhatsApp-Randm.jpg 916w, https:\/\/vapebulkp.com\/wp-content\/uploads\/2024\/04\/Mandy-WhatsApp-Randm-282x300.jpg 282w, https:\/\/vapebulkp.com\/wp-content\/uploads\/2024\/04\/Mandy-WhatsApp-Randm-768x817.jpg 768w, https:\/\/vapebulkp.com\/wp-content\/uploads\/2024\/04\/Mandy-WhatsApp-Randm-600x638.jpg 600w\" sizes=\"(max-width: 219px) 100vw, 219px\" \/><\/p>\n<p>V\u0103 rug\u0103m contacta\u021bi-o pe Mandy pe WhatsApp pentru un pre\u021b redus<a href=\"https:\/\/wa.me\/8618077105796\">+8618077105796<\/a><\/p>\n<p><span style=\"color: #ff0000\">NOT\u0102: Pre\u021burile de pe site-ul nostru nu includ costurile de transport<\/span><\/p>","protected":false},"featured_media":1642,"comment_status":"open","ping_status":"closed","template":"","meta":{"_uag_custom_page_level_css":"","_lmt_disableupdate":"no","_lmt_disable":"","site-sidebar-layout":"default","site-content-layout":"content-boxed-container","ast-site-content-layout":"normal-width-container","site-content-style":"boxed","site-sidebar-style":"unboxed","ast-global-header-display":"","ast-banner-title-visibility":"","ast-main-header-display":"","ast-hfb-above-header-display":"","ast-hfb-below-header-display":"","ast-hfb-mobile-header-display":"","site-post-title":"","ast-breadcrumbs-content":"","ast-featured-img":"","footer-sml-layout":"","theme-transparent-header-meta":"default","adv-header-id-meta":"","stick-header-meta":"","header-above-stick-meta":"","header-main-stick-meta":"","header-below-stick-meta":"","astra-migrate-meta-layouts":"set","_joinchat":[]},"product_cat":[167,153,344,155,33,59,100,34,158,157,154,152,58,84,156,63,32],"product_tag":[43,36,37,41,73,96],"class_list":["post-1628","product","type-product","status-publish","has-post-thumbnail","hentry","product_cat-10000-puffs-disposable-vape","product_cat-hot-disposable-vapes","product_cat-bang-king-vape","product_cat-belgium-hot-disposable-vapes","product_cat-france-vape-hot-sale","product_cat-germany-hot-disposable-vape","product_cat-germany-wholesale-vape-shop","product_cat-netherlands-vape-good-sale","product_cat-norway-hot-disposable-vapes","product_cat-poland-hot-disposable-vapes","product_cat-portugal-hot-disposable-vapes","product_cat-spain-hot-disposable-vapes","product_cat-sweden-hot-disposable-vape","product_cat-sweden-wholesale-vape","product_cat-switzerland-hot-disposable-vapes","product_cat-top-sale-disposable-vape","product_cat-vape-hot-sale-this-week","product_tag-10000puffs","product_tag-good-vape","product_tag-hot-sale-disposable-vape","product_tag-poland-hot-vape","product_tag-randm-10000puffs-vape","product_tag-sweden-hot-sale-vape","pa_brand-bang-king-vape","desktop-align-left","tablet-align-left","mobile-align-left"],"yoast_head":"<!-- This site is optimized with the Yoast SEO plugin v21.1 - https:\/\/yoast.com\/wordpress\/plugins\/seo\/ -->\n<title>Popular Bang King 10000 Puffs Vape Good Price - vapebulkp.com<\/title>\n<meta name=\"description\" content=\"The Popular Bang King 10000 Puffs Vape Good Price is a game-changer for vapers. With an astonishing 10,000 puffs, you&#039;ll enjoy an extended vaping experience like never before.\" \/>\n<meta name=\"robots\" content=\"index, follow, max-snippet:-1, max-image-preview:large, max-video-preview:-1\" \/>\n<link rel=\"canonical\" href=\"https:\/\/vapebulkp.com\/ro\/product\/popular-bang-king-10000-puffs-vape-good-price\/\" \/>\n<meta property=\"og:locale\" content=\"ro_RO\" \/>\n<meta property=\"og:type\" content=\"article\" \/>\n<meta property=\"og:title\" content=\"Popular Bang King 10000 Puffs Vape Good Price - vapebulkp.com\" \/>\n<meta property=\"og:description\" content=\"The Popular Bang King 10000 Puffs Vape Good Price is a game-changer for vapers. With an astonishing 10,000 puffs, you&#039;ll enjoy an extended vaping experience like never before.\" \/>\n<meta property=\"og:url\" content=\"https:\/\/vapebulkp.com\/ro\/product\/popular-bang-king-10000-puffs-vape-good-price\/\" \/>\n<meta property=\"og:site_name\" content=\"vapebulkp.com\" \/>\n<meta property=\"article:modified_time\" content=\"2025-09-24T03:22:20+00:00\" \/>\n<meta property=\"og:image\" content=\"http:\/\/vapebulkp.com\/wp-content\/uploads\/2023\/09\/100000-PUFFS-DISPOSABEL-HOT-SALE-BANG-scaled.jpg\" \/>\n\t<meta property=\"og:image:width\" content=\"1916\" \/>\n\t<meta property=\"og:image:height\" content=\"2560\" \/>\n\t<meta property=\"og:image:type\" content=\"image\/jpeg\" \/>\n<meta name=\"twitter:card\" content=\"summary_large_image\" \/>\n<meta name=\"twitter:label1\" content=\"Timp estimat pentru citire\" \/>\n\t<meta name=\"twitter:data1\" content=\"4 minute\" \/>\n<script type=\"application\/ld+json\" class=\"yoast-schema-graph\">{\"@context\":\"https:\/\/schema.org\",\"@graph\":[{\"@type\":\"WebPage\",\"@id\":\"https:\/\/vapebulkp.com\/product\/popular-bang-king-10000-puffs-vape-good-price\/\",\"url\":\"https:\/\/vapebulkp.com\/product\/popular-bang-king-10000-puffs-vape-good-price\/\",\"name\":\"Popular Bang King 10000 Puffs Vape Good Price - vapebulkp.com\",\"isPartOf\":{\"@id\":\"https:\/\/vapebulkp.com\/#website\"},\"datePublished\":\"2023-09-28T08:07:00+00:00\",\"dateModified\":\"2025-09-24T03:22:20+00:00\",\"description\":\"The Popular Bang King 10000 Puffs Vape Good Price is a game-changer for vapers. With an astonishing 10,000 puffs, you'll enjoy an extended vaping experience like never before.\",\"breadcrumb\":{\"@id\":\"https:\/\/vapebulkp.com\/product\/popular-bang-king-10000-puffs-vape-good-price\/#breadcrumb\"},\"inLanguage\":\"ro-RO\",\"potentialAction\":[{\"@type\":\"ReadAction\",\"target\":[\"https:\/\/vapebulkp.com\/product\/popular-bang-king-10000-puffs-vape-good-price\/\"]}]},{\"@type\":\"BreadcrumbList\",\"@id\":\"https:\/\/vapebulkp.com\/product\/popular-bang-king-10000-puffs-vape-good-price\/#breadcrumb\",\"itemListElement\":[{\"@type\":\"ListItem\",\"position\":1,\"name\":\"Home\",\"item\":\"https:\/\/vapebulkp.com\/\"},{\"@type\":\"ListItem\",\"position\":2,\"name\":\"Hot Trend Vapes\",\"item\":\"https:\/\/vapebulkp.com\/vape-shop\/\"},{\"@type\":\"ListItem\",\"position\":3,\"name\":\"Popular Bang King 10000 Puffs Vape Good Price\"}]},{\"@type\":\"WebSite\",\"@id\":\"https:\/\/vapebulkp.com\/#website\",\"url\":\"https:\/\/vapebulkp.com\/\",\"name\":\"vapebulkp.com\",\"description\":\"Buy Vape In Cheap Bulk Price Near you\",\"publisher\":{\"@id\":\"https:\/\/vapebulkp.com\/#organization\"},\"potentialAction\":[{\"@type\":\"SearchAction\",\"target\":{\"@type\":\"EntryPoint\",\"urlTemplate\":\"https:\/\/vapebulkp.com\/?s={search_term_string}\"},\"query-input\":\"required name=search_term_string\"}],\"inLanguage\":\"ro-RO\"},{\"@type\":\"Organization\",\"@id\":\"https:\/\/vapebulkp.com\/#organization\",\"name\":\"vapebulkp.com\",\"url\":\"https:\/\/vapebulkp.com\/\",\"logo\":{\"@type\":\"ImageObject\",\"inLanguage\":\"ro-RO\",\"@id\":\"https:\/\/vapebulkp.com\/#\/schema\/logo\/image\/\",\"url\":\"https:\/\/vapebulkp.com\/wp-content\/uploads\/2023\/09\/cropped-vapebulkp.png\",\"contentUrl\":\"https:\/\/vapebulkp.com\/wp-content\/uploads\/2023\/09\/cropped-vapebulkp.png\",\"width\":516,\"height\":163,\"caption\":\"vapebulkp.com\"},\"image\":{\"@id\":\"https:\/\/vapebulkp.com\/#\/schema\/logo\/image\/\"}}]}<\/script>\n<!-- \/ Yoast SEO plugin. -->","yoast_head_json":{"title":"Popular Bang King 10000 Puffs Vape Good Price - vapebulkp.com","description":"The Popular Bang King 10000 Puffs Vape Good Price is a game-changer for vapers. With an astonishing 10,000 puffs, you'll enjoy an extended vaping experience like never before.","robots":{"index":"index","follow":"follow","max-snippet":"max-snippet:-1","max-image-preview":"max-image-preview:large","max-video-preview":"max-video-preview:-1"},"canonical":"https:\/\/vapebulkp.com\/ro\/product\/popular-bang-king-10000-puffs-vape-good-price\/","og_locale":"ro_RO","og_type":"article","og_title":"Popular Bang King 10000 Puffs Vape Good Price - vapebulkp.com","og_description":"The Popular Bang King 10000 Puffs Vape Good Price is a game-changer for vapers. With an astonishing 10,000 puffs, you'll enjoy an extended vaping experience like never before.","og_url":"https:\/\/vapebulkp.com\/ro\/product\/popular-bang-king-10000-puffs-vape-good-price\/","og_site_name":"vapebulkp.com","article_modified_time":"2025-09-24T03:22:20+00:00","og_image":[{"width":1916,"height":2560,"url":"http:\/\/vapebulkp.com\/wp-content\/uploads\/2023\/09\/100000-PUFFS-DISPOSABEL-HOT-SALE-BANG-scaled.jpg","type":"image\/jpeg"}],"twitter_card":"summary_large_image","twitter_misc":{"Timp estimat pentru citire":"4 minute"},"schema":{"@context":"https:\/\/schema.org","@graph":[{"@type":"WebPage","@id":"https:\/\/vapebulkp.com\/product\/popular-bang-king-10000-puffs-vape-good-price\/","url":"https:\/\/vapebulkp.com\/product\/popular-bang-king-10000-puffs-vape-good-price\/","name":"Popular Bang King 10000 Puffs Vape Good Price - vapebulkp.com","isPartOf":{"@id":"https:\/\/vapebulkp.com\/#website"},"datePublished":"2023-09-28T08:07:00+00:00","dateModified":"2025-09-24T03:22:20+00:00","description":"The Popular Bang King 10000 Puffs Vape Good Price is a game-changer for vapers. With an astonishing 10,000 puffs, you'll enjoy an extended vaping experience like never before.","breadcrumb":{"@id":"https:\/\/vapebulkp.com\/product\/popular-bang-king-10000-puffs-vape-good-price\/#breadcrumb"},"inLanguage":"ro-RO","potentialAction":[{"@type":"ReadAction","target":["https:\/\/vapebulkp.com\/product\/popular-bang-king-10000-puffs-vape-good-price\/"]}]},{"@type":"BreadcrumbList","@id":"https:\/\/vapebulkp.com\/product\/popular-bang-king-10000-puffs-vape-good-price\/#breadcrumb","itemListElement":[{"@type":"ListItem","position":1,"name":"Home","item":"https:\/\/vapebulkp.com\/"},{"@type":"ListItem","position":2,"name":"Hot Trend Vapes","item":"https:\/\/vapebulkp.com\/vape-shop\/"},{"@type":"ListItem","position":3,"name":"Popular Bang King 10000 Puffs Vape Good Price"}]},{"@type":"WebSite","@id":"https:\/\/vapebulkp.com\/#website","url":"https:\/\/vapebulkp.com\/","name":"vapebulkp.com","description":"Buy Vape In Cheap Bulk Price Near you","publisher":{"@id":"https:\/\/vapebulkp.com\/#organization"},"potentialAction":[{"@type":"SearchAction","target":{"@type":"EntryPoint","urlTemplate":"https:\/\/vapebulkp.com\/?s={search_term_string}"},"query-input":"required name=search_term_string"}],"inLanguage":"ro-RO"},{"@type":"Organization","@id":"https:\/\/vapebulkp.com\/#organization","name":"vapebulkp.com","url":"https:\/\/vapebulkp.com\/","logo":{"@type":"ImageObject","inLanguage":"ro-RO","@id":"https:\/\/vapebulkp.com\/#\/schema\/logo\/image\/","url":"https:\/\/vapebulkp.com\/wp-content\/uploads\/2023\/09\/cropped-vapebulkp.png","contentUrl":"https:\/\/vapebulkp.com\/wp-content\/uploads\/2023\/09\/cropped-vapebulkp.png","width":516,"height":163,"caption":"vapebulkp.com"},"image":{"@id":"https:\/\/vapebulkp.com\/#\/schema\/logo\/image\/"}}]}},"uagb_featured_image_src":{"full":["https:\/\/vapebulkp.com\/wp-content\/uploads\/2023\/09\/100000-PUFFS-DISPOSABEL-HOT-SALE-BANG-scaled.jpg",1916,2560,false],"thumbnail":["https:\/\/vapebulkp.com\/wp-content\/uploads\/2023\/09\/100000-PUFFS-DISPOSABEL-HOT-SALE-BANG-150x150.jpg",150,150,true],"medium":["https:\/\/vapebulkp.com\/wp-content\/uploads\/2023\/09\/100000-PUFFS-DISPOSABEL-HOT-SALE-BANG-224x300.jpg",224,300,true],"medium_large":["https:\/\/vapebulkp.com\/wp-content\/uploads\/2023\/09\/100000-PUFFS-DISPOSABEL-HOT-SALE-BANG-768x1026.jpg",768,1026,true],"large":["https:\/\/vapebulkp.com\/wp-content\/uploads\/2023\/09\/100000-PUFFS-DISPOSABEL-HOT-SALE-BANG-766x1024.jpg",766,1024,true],"1536x1536":["https:\/\/vapebulkp.com\/wp-content\/uploads\/2023\/09\/100000-PUFFS-DISPOSABEL-HOT-SALE-BANG-1149x1536.jpg",1149,1536,true],"2048x2048":["https:\/\/vapebulkp.com\/wp-content\/uploads\/2023\/09\/100000-PUFFS-DISPOSABEL-HOT-SALE-BANG-1532x2048.jpg",1532,2048,true],"trp-custom-language-flag":["https:\/\/vapebulkp.com\/wp-content\/uploads\/2023\/09\/100000-PUFFS-DISPOSABEL-HOT-SALE-BANG-scaled.jpg",9,12,false],"woocommerce_thumbnail":["https:\/\/vapebulkp.com\/wp-content\/uploads\/2023\/09\/100000-PUFFS-DISPOSABEL-HOT-SALE-BANG-300x300.jpg",300,300,true],"woocommerce_single":["https:\/\/vapebulkp.com\/wp-content\/uploads\/2023\/09\/100000-PUFFS-DISPOSABEL-HOT-SALE-BANG-600x802.jpg",600,802,true],"woocommerce_gallery_thumbnail":["https:\/\/vapebulkp.com\/wp-content\/uploads\/2023\/09\/100000-PUFFS-DISPOSABEL-HOT-SALE-BANG-100x100.jpg",100,100,true],"wcpr-photo-reviews":["https:\/\/vapebulkp.com\/wp-content\/uploads\/2023\/09\/100000-PUFFS-DISPOSABEL-HOT-SALE-BANG-scaled.jpg",374,500,false]},"uagb_author_info":{"display_name":"Mandy vape bulk price","author_link":"https:\/\/vapebulkp.com\/ro\/author\/"},"uagb_comment_info":1,"uagb_excerpt":"Good Sale Bang king 10000 puff VAPE Bang king 10000 puff VAPE KIT Sweden Best Vape Bang king 10000 puff VAPE BAR Popular Bang Max 10000 Puff VAPE\u00a0 France Good Vape Bang Max 10000 Puffs Top Sale Vape Bang Max 10000 Puff VAPE BAR Pls Contact Mandy's WhatsApp For Discount Price+8618077105796 NOTE: Prices on our&hellip;","_links":{"self":[{"href":"https:\/\/vapebulkp.com\/ro\/wp-json\/wp\/v2\/product\/1628","targetHints":{"allow":["GET"]}}],"collection":[{"href":"https:\/\/vapebulkp.com\/ro\/wp-json\/wp\/v2\/product"}],"about":[{"href":"https:\/\/vapebulkp.com\/ro\/wp-json\/wp\/v2\/types\/product"}],"replies":[{"embeddable":true,"href":"https:\/\/vapebulkp.com\/ro\/wp-json\/wp\/v2\/comments?post=1628"}],"wp:featuredmedia":[{"embeddable":true,"href":"https:\/\/vapebulkp.com\/ro\/wp-json\/wp\/v2\/media\/1642"}],"wp:attachment":[{"href":"https:\/\/vapebulkp.com\/ro\/wp-json\/wp\/v2\/media?parent=1628"}],"wp:term":[{"taxonomy":"product_cat","embeddable":true,"href":"https:\/\/vapebulkp.com\/ro\/wp-json\/wp\/v2\/product_cat?post=1628"},{"taxonomy":"product_tag","embeddable":true,"href":"https:\/\/vapebulkp.com\/ro\/wp-json\/wp\/v2\/product_tag?post=1628"}],"curies":[{"name":"wp","href":"https:\/\/api.w.org\/{rel}","templated":true}]}}