{"id":1810,"date":"2023-10-26T08:51:36","date_gmt":"2023-10-26T06:51:36","guid":{"rendered":"https:\/\/vapebulkp.com\/?post_type=product&#038;p=1810"},"modified":"2025-09-08T06:04:57","modified_gmt":"2025-09-08T04:04:57","slug":"joymy-ultra15000puffs-best-disposable-vape-2023","status":"publish","type":"product","link":"https:\/\/vapebulkp.com\/ro\/product\/joymy-ultra15000puffs-best-disposable-vape-2023\/","title":{"rendered":"JOYMY ULTRA 15000 de pufuri Cel mai bun vape de unic\u0103 folosin\u021b\u0103 2023"},"content":{"rendered":"<h2>JOYMY ULTRA 15000Puffs Cel mai bun vape de unic\u0103 folosin\u021b\u0103 2023<\/h2>\n<p>JOYMY ULTRA \u00a0<a href=\"https:\/\/vapebulkp.com\/ro\/product-category\/15000-puffs-disposable-vape\/\">Vape de unic\u0103 folosin\u021b\u0103 15000Puffs<\/a> este un vape de unic\u0103 folosin\u021b\u0103 de mare capacitate, conceput pentru entuzia\u0219tii vapingului din Europa, care apreciaz\u0103 performan\u021ba, aroma \u0219i comoditatea. Construit cu o baterie robust\u0103 de 650mAh \u0219i \u00eenc\u0103rcare rapid\u0103 de tip C, acest vape de unic\u0103 folosin\u021b\u0103 de lung\u0103 durat\u0103 asigur\u0103 sesiuni ne\u00eentrerupte, oferind \u00een acela\u0219i timp vapori fini \u0219i constan\u021bi.<\/p>\n<p>Cu un rezervor generos de 20 ml de e-lichid \u0219i tehnologie avansat\u0103 de rezisten\u021b\u0103 mesh, Vape de unic\u0103 folosin\u021b\u0103 15000 Puffs produce nori den\u0219i \u0219i arom\u0103 bogat\u0103 de la \u00eenceput p\u00e2n\u0103 la sf\u00e2r\u0219it. Disponibil \u00eentr-o selec\u021bie larg\u0103 de arome premium \u0219i concentra\u021bii de sare de nicotin\u0103, satisface at\u00e2t utilizatorii ocazionali, c\u00e2t \u0219i vaperii experimenta\u021bi care caut\u0103 trageri satisf\u0103c\u0103toare.<\/p>\n<p>Compact \u0219i portabil, Vape re\u00eenc\u0103rcabil JOYMY ULTRA 15000 Puff se potrive\u0219te f\u0103r\u0103 efort \u00een buzunar sau geant\u0103, f\u0103c\u00e2ndu-l perfect pentru c\u0103l\u0103torii, ocazii sociale sau utilizare zilnic\u0103. Ideal at\u00e2t pentru utilizatori individuali, c\u00e2t \u0219i pentru cump\u0103r\u0103tori angro, acest vape de unic\u0103 folosin\u021b\u0103 de mare capacitate ofer\u0103 o cantitate minim\u0103 de comand\u0103 redus\u0103, f\u0103c\u00e2ndu-l o op\u021biune atractiv\u0103 pentru comercian\u021bii cu am\u0103nuntul din \u00eentreaga Europ\u0103.<\/p>\n<p>\u00cembun\u0103t\u0103\u021bi\u021bi-v\u0103 colec\u021bia cu JOYMY ULTRA 15000Puffs Vape Bar \u2014 un dispozitiv gata de utilizare, fiabil \u0219i elegant, creat pentru satisfac\u021bie de lung\u0103 durat\u0103.<\/p>\n<p><img decoding=\"async\" class=\"alignnone size-full wp-image-1815\" src=\"http:\/\/vapebulkp.com\/wp-content\/uploads\/2023\/10\/Good-Sale-JOYMY-15000-Puffs-Hot-vape.png\" alt=\"Vap\u0103 fierbinte JOYMY 15000 Pufuri cu v\u00e2nzare bun\u0103\" width=\"680\" height=\"340\" srcset=\"https:\/\/vapebulkp.com\/wp-content\/uploads\/2023\/10\/Good-Sale-JOYMY-15000-Puffs-Hot-vape.png 680w, https:\/\/vapebulkp.com\/wp-content\/uploads\/2023\/10\/Good-Sale-JOYMY-15000-Puffs-Hot-vape-300x150.png 300w, https:\/\/vapebulkp.com\/wp-content\/uploads\/2023\/10\/Good-Sale-JOYMY-15000-Puffs-Hot-vape-600x300.png 600w\" sizes=\"(max-width: 680px) 100vw, 680px\" \/><\/p>\n<h6>V\u0103 rug\u0103m contacta\u021bi-o pe Mandy pe WhatsApp pentru un pre\u021b redus<a href=\"https:\/\/wa.me\/8618077105796\">+8618077105796<\/a><\/h6>\n<p><img decoding=\"async\" class=\"alignnone wp-image-2151\" src=\"http:\/\/vapebulkp.com\/wp-content\/uploads\/2024\/04\/Mandy-WhatsApp-Randm.jpg\" alt=\"RandM Mandy WhatsApp\" width=\"267\" height=\"284\" srcset=\"https:\/\/vapebulkp.com\/wp-content\/uploads\/2024\/04\/Mandy-WhatsApp-Randm.jpg 916w, https:\/\/vapebulkp.com\/wp-content\/uploads\/2024\/04\/Mandy-WhatsApp-Randm-282x300.jpg 282w, https:\/\/vapebulkp.com\/wp-content\/uploads\/2024\/04\/Mandy-WhatsApp-Randm-768x817.jpg 768w, https:\/\/vapebulkp.com\/wp-content\/uploads\/2024\/04\/Mandy-WhatsApp-Randm-600x638.jpg 600w\" sizes=\"(max-width: 267px) 100vw, 267px\" \/><\/p>\n<h2>Credeam c\u0103 a\u021bi dori s\u0103 \u0219ti\u021bi despre JOYMY ULTRA 15000Puffs:<\/h2>\n<p>&nbsp;<\/p>\n<h6>1. CARE ESTE CAPACITATEA DE E-LICHID a Vape JOYMY 15000 Puffs?<\/h6>\n<p>Acest dispozitiv are 20 ml de e-lichid.<\/p>\n<h6>2. C\u00c2T TIMP DUREAZ\u0102 ACEST VAPE?<\/h6>\n<p>500 de pufuri\/zi, poate rezista 30 de zile<br \/>\n1000 de pufuri\/zi, poate rezista 15 zile<br \/>\n2000 pufuri\/zi, poate dura 8 zile<\/p>\n<h6>3. CUM SE \u00ceNCARC\u0102 DISPOZITIVUL VAPE DE UNIC\u0102 FOLOSIN\u021a\u0102 JOYMY ULTRA 15000Puffs?<\/h6>\n<p>\u00cenc\u0103rc\u0103toarele de \u00eenc\u0103rcare rapid\u0103 nu pot fi folosite. Puterea sigur\u0103 standard a \u021big\u0103rilor electronice de unic\u0103 folosin\u021b\u0103 este de 5V 1A. Fiecare durat\u0103 de \u00eenc\u0103rcare nu poate dep\u0103\u0219i 1 or\u0103, iar timpul de \u00eenc\u0103rcare sigur este de jum\u0103tate de or\u0103.<\/p>\n<p><span style=\"color: #ff6600\">Not\u0103: nu \u00eenc\u0103rca\u021bi toat\u0103 noaptea!<\/span><\/p>\n<h6>4. Cum se utilizeaz\u0103 <strong><span style=\"vertical-align: inherit\">JOYMY ULTRA 15000 Pufuri<\/span><\/strong>?<\/h6>\n<p>1: \u00cenainte de a folosi cele 15k pufuri, scoate\u021bi tubul de plastic.<br \/>\n2: A\u0219tepta\u021bi aproximativ 3 minute pentru a permite sucului s\u0103 p\u0103trund\u0103 \u00een rezisten\u021ba din interior.<br \/>\n3: \u00cencepe\u021bi s\u0103 v\u0103 bucura\u021bi de el<\/p>\n<h2><strong><span style=\"vertical-align: inherit\">Specifica\u021bii pentru JOYMY 15000 Pufuri<\/span><\/strong><strong><span style=\"vertical-align: inherit\">\uff1a<\/span><br \/>\n<\/strong><\/h2>\n<ul>\n<li>Baterie: 650mAh (Tip C)<br \/>\nCapacitate: 20ml<br \/>\nRezisten\u021b\u0103: 0,8 ohm mesh<br \/>\nVolum aproximativ de aspira\u021bie: 15000 pufuri<br \/>\nConcentra\u021bie de nicotin\u0103 \u00een plus: 2%, 5%<\/li>\n<li>Livrare de energie eficient\u0103 \u0219i consecvent\u0103<\/li>\n<li>MOQ:100BUC<\/li>\n<\/ul>\n<h2><strong>Care sunt cele mai bune arome de vape JOYMY 15000 Pufuri?<\/strong><\/h2>\n<p>&nbsp;<\/p>\n<p><strong>1.afine <\/strong><\/p>\n<p><strong>2.ghea\u021b\u0103 neagr\u0103 <\/strong><\/p>\n<p><strong>3.pepene verde<\/strong><\/p>\n<p><strong> 4.ment\u0103 l\u0103m\u00e2ie<\/strong><\/p>\n<p><strong> 5.ment\u0103 gum\u0103 <\/strong><\/p>\n<p><strong>6.struguri cu ghea\u021b\u0103 <\/strong><\/p>\n<p><strong>7.mango c\u0103p\u0219uni<\/strong><\/p>\n<p><strong> 8.m\u0103r dublu <\/strong><\/p>\n<p><strong>9.melone miere <\/strong><\/p>\n<p><strong>10.kiwi c\u0103p\u0219uni<\/strong><\/p>\n<p>&nbsp;<\/p>\n<p><a href=\"https:\/\/vapebulkp.com\/ro\/product\/popular-randm-tornado-7000puffs-disposable-vape-best-price\/\"><span style=\"vertical-align: inherit\">RandM Tornado 7000 de Inhala\u021bii <\/span><\/a><\/p>\n<p><span style=\"vertical-align: inherit\">G\u0103se\u0219te mai multe produse care \u021bi-ar putea pl\u0103cea:<\/span><em><a href=\"https:\/\/wa.me\/8618077105796\"><span style=\"vertical-align: inherit\">\u00a0Cump\u0103r\u0103-l acum<\/span><\/a><\/em><\/p>\n<p><span style=\"vertical-align: inherit\">Alte Inhala\u021bii care \u021bi-ar putea pl\u0103cea:<\/span><a href=\"https:\/\/vapebulkp.com\/ro\/product\/bang-box-12000puffs-good-vape-sweden-wholesale-price\/\"><span style=\"vertical-align: inherit\">Bang Box 12000 pufuri<\/span><\/a><span style=\"vertical-align: inherit\">\u3001<\/span><a href=\"https:\/\/vapebulkp.com\/ro\/product\/top-sale-waspe-12000puffs-disposable-vape-wholesale-france\/\"><span style=\"vertical-align: inherit\">WASPE 12000 pufuri<\/span><\/a><span style=\"vertical-align: inherit\">\/ <\/span><a href=\"https:\/\/vapebulkp.com\/ro\/product\/wholesale-randm-tornado-9000-puffs-germany\/\"><span style=\"vertical-align: inherit\">RandM Tornado 9000 pufuri<\/span><\/a><span style=\"vertical-align: inherit\">\/ <\/span><a href=\"https:\/\/vapebulkp.com\/ro\/product\/disposable-vape-crystal-600-puffs\/\"><span style=\"vertical-align: inherit\">Crystal 600 Pufuri<\/span><\/a><\/p>\n<p><span style=\"vertical-align: inherit\">Sticl\u0103 de \u021bigar\u0103 electronic\u0103 cu form\u0103 special\u0103:<\/span><a href=\"https:\/\/vapebulkp.com\/ro\/product\/good-sale-randm-tornado-10000-puffs-plus\/\"><span style=\"vertical-align: inherit\">RandM Tornado 10000 Pufuri Plus <\/span><\/a><span style=\"vertical-align: inherit\">\/<\/span><a href=\"https:\/\/vapebulkp.com\/ro\/product\/wholesale-price-og-super-smash-10000-puffs-disposable-vape\/\"><span style=\"vertical-align: inherit\">OG Super smash 10000 Pufuri<\/span><\/a><\/p>\n<h3>Calificarea produc\u021biei:<\/h3>\n<p><img decoding=\"async\" class=\"alignnone size-full wp-image-1841\" src=\"http:\/\/vapebulkp.com\/wp-content\/uploads\/2023\/11\/Vape-production-process-2.jpeg\" alt=\"Procesul de produc\u021bie a vafelor\" width=\"650\" height=\"434\" srcset=\"https:\/\/vapebulkp.com\/wp-content\/uploads\/2023\/11\/Vape-production-process-2.jpeg 650w, https:\/\/vapebulkp.com\/wp-content\/uploads\/2023\/11\/Vape-production-process-2-300x200.jpeg 300w, https:\/\/vapebulkp.com\/wp-content\/uploads\/2023\/11\/Vape-production-process-2-600x401.jpeg 600w\" sizes=\"(max-width: 650px) 100vw, 650px\" \/><\/p>\n<p><img decoding=\"async\" class=\"alignnone wp-image-1843\" src=\"http:\/\/vapebulkp.com\/wp-content\/uploads\/2023\/11\/Vape-production-process.jpeg\" alt=\"Procesul de produc\u021bie a vafelor\" width=\"647\" height=\"1036\" srcset=\"https:\/\/vapebulkp.com\/wp-content\/uploads\/2023\/11\/Vape-production-process.jpeg 641w, https:\/\/vapebulkp.com\/wp-content\/uploads\/2023\/11\/Vape-production-process-187x300.jpeg 187w, https:\/\/vapebulkp.com\/wp-content\/uploads\/2023\/11\/Vape-production-process-640x1024.jpeg 640w, https:\/\/vapebulkp.com\/wp-content\/uploads\/2023\/11\/Vape-production-process-600x960.jpeg 600w\" sizes=\"(max-width: 647px) 100vw, 647px\" \/><\/p>\n<h3>\u00centreb\u0103ri frecvente:<\/h3>\n<p>\u00ce: Care este MOQ-ul pentru Vape en-gros JOYMY ULTRA 15000 Pufuri?<br \/>\nA: Comanda minim\u0103 este de 50 buc.<br \/>\n\u00ce: Care este termenul de livrare pentru \u021big\u0103rile electronice comandate?<br \/>\nR: De obicei, este de 10-15 zile dup\u0103 expediere<br \/>\n\u00ce: C\u00e2t cost\u0103 transportul?R: Costul transportului depinde de greutate. Cantit\u0103\u021bile diferite au costuri de transport diferite, v\u0103 rug\u0103m s\u0103 ne contacta\u021bi pentru a confirma costul transportului.<\/p>\n<h4>Detaliile de expediere:<\/h4>\n<p><span style=\"color: #ff6600\">Timp de produc\u021bie: 5-10 zile lucr\u0103toare<\/span><br \/>\n<span style=\"color: #ff6600\">Timp de livrare: 8-14 zile lucr\u0103toare<\/span><\/p>\n<p>Toate produsele din magazinul nostru sunt 100% originale \u0219i autentice, deci politica magazinului nostru este compensarea de zece ori pentru bunurile contraf\u0103cute. Folosim canale logistice precum UPS\/DHL\/FEDEX\/DPD pentru a v\u0103 livra m\u0103rfurile.<\/p>\n<p>Pentru coletele expediate \u00een Rom\u00e2nia, de obicei dureaz\u0103 10 zile lucr\u0103toare s\u0103 ajung\u0103. Expedierea c\u0103tre \u021b\u0103rile europene dureaz\u0103 de obicei 12 p\u00e2n\u0103 la 15 zile lucr\u0103toare. Vom actualiza informa\u021biile logistice pentru dumneavoastr\u0103 \u00een timp real.<\/p>\n<h3>Serviciu post-v\u00e2nzare bun:<\/h3>\n<p><span style=\"color: #ff6600\">Aten\u021bie: Nu se accept\u0103 return\u0103ri sau schimburi pentru probleme care nu \u021bin de calitate<\/span><br \/>\n1. Clien\u021bii pot alege aroma dorit\u0103, dar dac\u0103 aroma nu este \u00een stoc, departamentul de produc\u021bie va alege o arom\u0103 popular\u0103 pentru a o \u00eenlocui. Clien\u021bii nu au dreptul s\u0103 solicite return\u0103ri sau schimburi pe baza aromelor.<\/p>\n<p>2. Atunci c\u00e2nd apar probleme de calitate, v\u0103 rug\u0103m s\u0103 furniza\u021bi descrieri specifice, video \u0219i imagini.<br \/>\nDac\u0103 nu pute\u021bi furniza dovezi precum videoclipuri \u0219i fotografii, bunurile nu pot fi \u00eenlocuite.<\/p>","protected":false},"excerpt":{"rendered":"<p>Vape de v\u00e2nzare bun\u0103 JOYMY 15000Puffs Vape de v\u00e2nzare la cald Rom\u00e2nia<br \/>\nJOYMY 15000Puffs VAPE KIT Rom\u00e2nia<br \/>\nVape popular JOYMY 15000Puffs VAPE BAR<br \/>\nPopular JOYMY 15000Puffs VAPE Rom\u00e2nia<br \/>\nVape bun JOYMY 15000Puffs Vape de top la v\u00e2nzare<\/p>\n<p><img decoding=\"async\" class=\"alignnone wp-image-2151\" src=\"http:\/\/vapebulkp.com\/wp-content\/uploads\/2024\/04\/Mandy-WhatsApp-Randm.jpg\" alt=\"RandM Mandy WhatsApp\" width=\"294\" height=\"313\" srcset=\"https:\/\/vapebulkp.com\/wp-content\/uploads\/2024\/04\/Mandy-WhatsApp-Randm.jpg 916w, https:\/\/vapebulkp.com\/wp-content\/uploads\/2024\/04\/Mandy-WhatsApp-Randm-282x300.jpg 282w, https:\/\/vapebulkp.com\/wp-content\/uploads\/2024\/04\/Mandy-WhatsApp-Randm-768x817.jpg 768w, https:\/\/vapebulkp.com\/wp-content\/uploads\/2024\/04\/Mandy-WhatsApp-Randm-600x638.jpg 600w\" sizes=\"(max-width: 294px) 100vw, 294px\" \/><\/p>\n<p>V\u0103 rug\u0103m contacta\u021bi-o pe Mandy pe WhatsApp pentru un pre\u021b redus<a href=\"https:\/\/wa.me\/8618077105796\">+8618077105796<\/a><\/p>\n<p><span style=\"color: #ff0000\">NOT\u0102: Pre\u021burile de pe site-ul nostru nu includ costurile de transport<\/span><\/p>","protected":false},"featured_media":1811,"comment_status":"open","ping_status":"closed","template":"","meta":{"_uag_custom_page_level_css":"","_lmt_disableupdate":"no","_lmt_disable":"","site-sidebar-layout":"default","site-content-layout":"content-boxed-container","ast-site-content-layout":"normal-width-container","site-content-style":"boxed","site-sidebar-style":"unboxed","ast-global-header-display":"","ast-banner-title-visibility":"","ast-main-header-display":"","ast-hfb-above-header-display":"","ast-hfb-below-header-display":"","ast-hfb-mobile-header-display":"","site-post-title":"","ast-breadcrumbs-content":"","ast-featured-img":"","footer-sml-layout":"","theme-transparent-header-meta":"default","adv-header-id-meta":"","stick-header-meta":"","header-above-stick-meta":"","header-main-stick-meta":"","header-below-stick-meta":"","astra-migrate-meta-layouts":"set","_joinchat":[]},"product_cat":[165,153,155,33,59,100,87,34,158,157,154,152,58,84,156,63,32],"product_tag":[77,36,37,41,73,40],"class_list":["post-1810","product","type-product","status-publish","has-post-thumbnail","hentry","product_cat-15000-puffs-disposable-vape","product_cat-hot-disposable-vapes","product_cat-belgium-hot-disposable-vapes","product_cat-france-vape-hot-sale","product_cat-germany-hot-disposable-vape","product_cat-germany-wholesale-vape-shop","product_cat-minimum-order-quantity-50pcs","product_cat-netherlands-vape-good-sale","product_cat-norway-hot-disposable-vapes","product_cat-poland-hot-disposable-vapes","product_cat-portugal-hot-disposable-vapes","product_cat-spain-hot-disposable-vapes","product_cat-sweden-hot-disposable-vape","product_cat-sweden-wholesale-vape","product_cat-switzerland-hot-disposable-vapes","product_cat-top-sale-disposable-vape","product_cat-vape-hot-sale-this-week","product_tag-15000-puffs","product_tag-good-vape","product_tag-hot-sale-disposable-vape","product_tag-poland-hot-vape","product_tag-randm-10000puffs-vape","product_tag-sweden-hot-vape","desktop-align-left","tablet-align-left","mobile-align-left"],"yoast_head":"<!-- This site is optimized with the Yoast SEO plugin v21.1 - https:\/\/yoast.com\/wordpress\/plugins\/seo\/ -->\n<title>JOYMY ULTRA15000Puffs Best Disposable Vape 2023 - vapebulkp.com<\/title>\n<meta name=\"description\" content=\"Join the Vaping Revolution with JOYMY ULTRA15000Puffs Best Disposable Vape 2023Disposable E-CigaretteIt&#039;s time to join the vaping revolution with the JOYMY ULTRA15k Puffs .\" \/>\n<meta name=\"robots\" content=\"index, follow, max-snippet:-1, max-image-preview:large, max-video-preview:-1\" \/>\n<link rel=\"canonical\" href=\"https:\/\/vapebulkp.com\/ro\/product\/joymy-ultra15000puffs-best-disposable-vape-2023\/\" \/>\n<meta property=\"og:locale\" content=\"ro_RO\" \/>\n<meta property=\"og:type\" content=\"article\" \/>\n<meta property=\"og:title\" content=\"JOYMY ULTRA15000Puffs Best Disposable Vape 2023 - vapebulkp.com\" \/>\n<meta property=\"og:description\" content=\"Join the Vaping Revolution with JOYMY ULTRA15000Puffs Best Disposable Vape 2023Disposable E-CigaretteIt&#039;s time to join the vaping revolution with the JOYMY ULTRA15k Puffs .\" \/>\n<meta property=\"og:url\" content=\"https:\/\/vapebulkp.com\/ro\/product\/joymy-ultra15000puffs-best-disposable-vape-2023\/\" \/>\n<meta property=\"og:site_name\" content=\"vapebulkp.com\" \/>\n<meta property=\"article:modified_time\" content=\"2025-09-08T04:04:57+00:00\" \/>\n<meta property=\"og:image\" content=\"http:\/\/vapebulkp.com\/wp-content\/uploads\/2023\/10\/Ploand-Good-JOYMY-15000-Puffs-Vape-2-768x1024.png\" \/>\n\t<meta property=\"og:image:width\" content=\"768\" \/>\n\t<meta property=\"og:image:height\" content=\"1024\" \/>\n\t<meta property=\"og:image:type\" content=\"image\/png\" \/>\n<meta name=\"twitter:card\" content=\"summary_large_image\" \/>\n<meta name=\"twitter:label1\" content=\"Timp estimat pentru citire\" \/>\n\t<meta name=\"twitter:data1\" content=\"4 minute\" \/>\n<script type=\"application\/ld+json\" class=\"yoast-schema-graph\">{\"@context\":\"https:\/\/schema.org\",\"@graph\":[{\"@type\":\"WebPage\",\"@id\":\"https:\/\/vapebulkp.com\/product\/joymy-ultra15000puffs-best-disposable-vape-2023\/\",\"url\":\"https:\/\/vapebulkp.com\/product\/joymy-ultra15000puffs-best-disposable-vape-2023\/\",\"name\":\"JOYMY ULTRA15000Puffs Best Disposable Vape 2023 - vapebulkp.com\",\"isPartOf\":{\"@id\":\"https:\/\/vapebulkp.com\/#website\"},\"datePublished\":\"2023-10-26T06:51:36+00:00\",\"dateModified\":\"2025-09-08T04:04:57+00:00\",\"description\":\"Join the Vaping Revolution with JOYMY ULTRA15000Puffs Best Disposable Vape 2023Disposable E-CigaretteIt's time to join the vaping revolution with the JOYMY ULTRA15k Puffs .\",\"breadcrumb\":{\"@id\":\"https:\/\/vapebulkp.com\/product\/joymy-ultra15000puffs-best-disposable-vape-2023\/#breadcrumb\"},\"inLanguage\":\"ro-RO\",\"potentialAction\":[{\"@type\":\"ReadAction\",\"target\":[\"https:\/\/vapebulkp.com\/product\/joymy-ultra15000puffs-best-disposable-vape-2023\/\"]}]},{\"@type\":\"BreadcrumbList\",\"@id\":\"https:\/\/vapebulkp.com\/product\/joymy-ultra15000puffs-best-disposable-vape-2023\/#breadcrumb\",\"itemListElement\":[{\"@type\":\"ListItem\",\"position\":1,\"name\":\"Home\",\"item\":\"https:\/\/vapebulkp.com\/\"},{\"@type\":\"ListItem\",\"position\":2,\"name\":\"Hot Trend Vapes\",\"item\":\"https:\/\/vapebulkp.com\/vape-shop\/\"},{\"@type\":\"ListItem\",\"position\":3,\"name\":\"JOYMY ULTRA15000Puffs Best Disposable Vape 2023\"}]},{\"@type\":\"WebSite\",\"@id\":\"https:\/\/vapebulkp.com\/#website\",\"url\":\"https:\/\/vapebulkp.com\/\",\"name\":\"vapebulkp.com\",\"description\":\"Buy Vape In Cheap Bulk Price Near you\",\"publisher\":{\"@id\":\"https:\/\/vapebulkp.com\/#organization\"},\"potentialAction\":[{\"@type\":\"SearchAction\",\"target\":{\"@type\":\"EntryPoint\",\"urlTemplate\":\"https:\/\/vapebulkp.com\/?s={search_term_string}\"},\"query-input\":\"required name=search_term_string\"}],\"inLanguage\":\"ro-RO\"},{\"@type\":\"Organization\",\"@id\":\"https:\/\/vapebulkp.com\/#organization\",\"name\":\"vapebulkp.com\",\"url\":\"https:\/\/vapebulkp.com\/\",\"logo\":{\"@type\":\"ImageObject\",\"inLanguage\":\"ro-RO\",\"@id\":\"https:\/\/vapebulkp.com\/#\/schema\/logo\/image\/\",\"url\":\"https:\/\/vapebulkp.com\/wp-content\/uploads\/2023\/09\/cropped-vapebulkp.png\",\"contentUrl\":\"https:\/\/vapebulkp.com\/wp-content\/uploads\/2023\/09\/cropped-vapebulkp.png\",\"width\":516,\"height\":163,\"caption\":\"vapebulkp.com\"},\"image\":{\"@id\":\"https:\/\/vapebulkp.com\/#\/schema\/logo\/image\/\"}}]}<\/script>\n<!-- \/ Yoast SEO plugin. -->","yoast_head_json":{"title":"JOYMY ULTRA15000Puffs Best Disposable Vape 2023 - vapebulkp.com","description":"Join the Vaping Revolution with JOYMY ULTRA15000Puffs Best Disposable Vape 2023Disposable E-CigaretteIt's time to join the vaping revolution with the JOYMY ULTRA15k Puffs .","robots":{"index":"index","follow":"follow","max-snippet":"max-snippet:-1","max-image-preview":"max-image-preview:large","max-video-preview":"max-video-preview:-1"},"canonical":"https:\/\/vapebulkp.com\/ro\/product\/joymy-ultra15000puffs-best-disposable-vape-2023\/","og_locale":"ro_RO","og_type":"article","og_title":"JOYMY ULTRA15000Puffs Best Disposable Vape 2023 - vapebulkp.com","og_description":"Join the Vaping Revolution with JOYMY ULTRA15000Puffs Best Disposable Vape 2023Disposable E-CigaretteIt's time to join the vaping revolution with the JOYMY ULTRA15k Puffs .","og_url":"https:\/\/vapebulkp.com\/ro\/product\/joymy-ultra15000puffs-best-disposable-vape-2023\/","og_site_name":"vapebulkp.com","article_modified_time":"2025-09-08T04:04:57+00:00","og_image":[{"width":768,"height":1024,"url":"http:\/\/vapebulkp.com\/wp-content\/uploads\/2023\/10\/Ploand-Good-JOYMY-15000-Puffs-Vape-2-768x1024.png","type":"image\/png"}],"twitter_card":"summary_large_image","twitter_misc":{"Timp estimat pentru citire":"4 minute"},"schema":{"@context":"https:\/\/schema.org","@graph":[{"@type":"WebPage","@id":"https:\/\/vapebulkp.com\/product\/joymy-ultra15000puffs-best-disposable-vape-2023\/","url":"https:\/\/vapebulkp.com\/product\/joymy-ultra15000puffs-best-disposable-vape-2023\/","name":"JOYMY ULTRA15000Puffs Best Disposable Vape 2023 - vapebulkp.com","isPartOf":{"@id":"https:\/\/vapebulkp.com\/#website"},"datePublished":"2023-10-26T06:51:36+00:00","dateModified":"2025-09-08T04:04:57+00:00","description":"Join the Vaping Revolution with JOYMY ULTRA15000Puffs Best Disposable Vape 2023Disposable E-CigaretteIt's time to join the vaping revolution with the JOYMY ULTRA15k Puffs .","breadcrumb":{"@id":"https:\/\/vapebulkp.com\/product\/joymy-ultra15000puffs-best-disposable-vape-2023\/#breadcrumb"},"inLanguage":"ro-RO","potentialAction":[{"@type":"ReadAction","target":["https:\/\/vapebulkp.com\/product\/joymy-ultra15000puffs-best-disposable-vape-2023\/"]}]},{"@type":"BreadcrumbList","@id":"https:\/\/vapebulkp.com\/product\/joymy-ultra15000puffs-best-disposable-vape-2023\/#breadcrumb","itemListElement":[{"@type":"ListItem","position":1,"name":"Home","item":"https:\/\/vapebulkp.com\/"},{"@type":"ListItem","position":2,"name":"Hot Trend Vapes","item":"https:\/\/vapebulkp.com\/vape-shop\/"},{"@type":"ListItem","position":3,"name":"JOYMY ULTRA15000Puffs Best Disposable Vape 2023"}]},{"@type":"WebSite","@id":"https:\/\/vapebulkp.com\/#website","url":"https:\/\/vapebulkp.com\/","name":"vapebulkp.com","description":"Buy Vape In Cheap Bulk Price Near you","publisher":{"@id":"https:\/\/vapebulkp.com\/#organization"},"potentialAction":[{"@type":"SearchAction","target":{"@type":"EntryPoint","urlTemplate":"https:\/\/vapebulkp.com\/?s={search_term_string}"},"query-input":"required name=search_term_string"}],"inLanguage":"ro-RO"},{"@type":"Organization","@id":"https:\/\/vapebulkp.com\/#organization","name":"vapebulkp.com","url":"https:\/\/vapebulkp.com\/","logo":{"@type":"ImageObject","inLanguage":"ro-RO","@id":"https:\/\/vapebulkp.com\/#\/schema\/logo\/image\/","url":"https:\/\/vapebulkp.com\/wp-content\/uploads\/2023\/09\/cropped-vapebulkp.png","contentUrl":"https:\/\/vapebulkp.com\/wp-content\/uploads\/2023\/09\/cropped-vapebulkp.png","width":516,"height":163,"caption":"vapebulkp.com"},"image":{"@id":"https:\/\/vapebulkp.com\/#\/schema\/logo\/image\/"}}]}},"uagb_featured_image_src":{"full":["https:\/\/vapebulkp.com\/wp-content\/uploads\/2023\/10\/Ploand-Good-JOYMY-15000-Puffs-Vape-2.png",1536,2048,false],"thumbnail":["https:\/\/vapebulkp.com\/wp-content\/uploads\/2023\/10\/Ploand-Good-JOYMY-15000-Puffs-Vape-2-150x150.png",150,150,true],"medium":["https:\/\/vapebulkp.com\/wp-content\/uploads\/2023\/10\/Ploand-Good-JOYMY-15000-Puffs-Vape-2-225x300.png",225,300,true],"medium_large":["https:\/\/vapebulkp.com\/wp-content\/uploads\/2023\/10\/Ploand-Good-JOYMY-15000-Puffs-Vape-2-768x1024.png",768,1024,true],"large":["https:\/\/vapebulkp.com\/wp-content\/uploads\/2023\/10\/Ploand-Good-JOYMY-15000-Puffs-Vape-2-768x1024.png",768,1024,true],"1536x1536":["https:\/\/vapebulkp.com\/wp-content\/uploads\/2023\/10\/Ploand-Good-JOYMY-15000-Puffs-Vape-2-1152x1536.png",1152,1536,true],"2048x2048":["https:\/\/vapebulkp.com\/wp-content\/uploads\/2023\/10\/Ploand-Good-JOYMY-15000-Puffs-Vape-2.png",1536,2048,false],"trp-custom-language-flag":["https:\/\/vapebulkp.com\/wp-content\/uploads\/2023\/10\/Ploand-Good-JOYMY-15000-Puffs-Vape-2.png",9,12,false],"woocommerce_thumbnail":["https:\/\/vapebulkp.com\/wp-content\/uploads\/2023\/10\/Ploand-Good-JOYMY-15000-Puffs-Vape-2-300x300.png",300,300,true],"woocommerce_single":["https:\/\/vapebulkp.com\/wp-content\/uploads\/2023\/10\/Ploand-Good-JOYMY-15000-Puffs-Vape-2-600x800.png",600,800,true],"woocommerce_gallery_thumbnail":["https:\/\/vapebulkp.com\/wp-content\/uploads\/2023\/10\/Ploand-Good-JOYMY-15000-Puffs-Vape-2-100x100.png",100,100,true],"wcpr-photo-reviews":["https:\/\/vapebulkp.com\/wp-content\/uploads\/2023\/10\/Ploand-Good-JOYMY-15000-Puffs-Vape-2.png",375,500,false]},"uagb_author_info":{"display_name":"Mandy vape bulk price","author_link":"https:\/\/vapebulkp.com\/ro\/author\/"},"uagb_comment_info":0,"uagb_excerpt":"Good Sale Vape JOYMY 15000Puffs Hot Sale Vape France JOYMY 15000Puffs VAPE KIT Sweden Popular Vape JOYMY 15000Puffs VAPE BAR Popular JOYMY 15000Puffs VAPE\u00a0 France Good Vape JOYMY 15000Puffs Top Sale Vape Pls Contact Mandy's WhatsApp For Discount Price+8618077105796 NOTE: Prices on our website does not include shipping costs","_links":{"self":[{"href":"https:\/\/vapebulkp.com\/ro\/wp-json\/wp\/v2\/product\/1810","targetHints":{"allow":["GET"]}}],"collection":[{"href":"https:\/\/vapebulkp.com\/ro\/wp-json\/wp\/v2\/product"}],"about":[{"href":"https:\/\/vapebulkp.com\/ro\/wp-json\/wp\/v2\/types\/product"}],"replies":[{"embeddable":true,"href":"https:\/\/vapebulkp.com\/ro\/wp-json\/wp\/v2\/comments?post=1810"}],"wp:featuredmedia":[{"embeddable":true,"href":"https:\/\/vapebulkp.com\/ro\/wp-json\/wp\/v2\/media\/1811"}],"wp:attachment":[{"href":"https:\/\/vapebulkp.com\/ro\/wp-json\/wp\/v2\/media?parent=1810"}],"wp:term":[{"taxonomy":"product_cat","embeddable":true,"href":"https:\/\/vapebulkp.com\/ro\/wp-json\/wp\/v2\/product_cat?post=1810"},{"taxonomy":"product_tag","embeddable":true,"href":"https:\/\/vapebulkp.com\/ro\/wp-json\/wp\/v2\/product_tag?post=1810"}],"curies":[{"name":"wp","href":"https:\/\/api.w.org\/{rel}","templated":true}]}}