{"id":1908,"date":"2023-11-30T08:10:32","date_gmt":"2023-11-30T07:10:32","guid":{"rendered":"https:\/\/vapebulkp.com\/?post_type=product&#038;p=1908"},"modified":"2025-09-01T09:22:35","modified_gmt":"2025-09-01T07:22:35","slug":"hazebar-12000-puffs-wholesale-price-vape-new-model-vape","status":"publish","type":"product","link":"https:\/\/vapebulkp.com\/ro\/produs\/hazebar-12000-puffs-wholesale-price-vape-new-model-vape\/","title":{"rendered":"Vap HAZEBAR 12000 Puffs Pre\u021b de Distribu\u021bie, Model Nou"},"content":{"rendered":"<h2>Vap HAZEBAR 12000 Puffs Pre\u021b de Distribu\u021bie, Model Nou<\/h2>\n<p>The <b>HAZEBAR 12000 Pufuri<\/b> este o adi\u021bie strategic\u0103 pentru orice retailer exigent. Acest dispozitiv este proiectat at\u00e2t pentru performan\u021b\u0103, c\u00e2t \u0219i pentru satisfac\u021bia utilizatorului, stabilind un nou standard pentru <a href=\"https:\/\/vapebulkp.com\/ro\/categorie-produs\/12000-puffs-disposable-vape\/\"><b>12000 Puffs Vap\u0103 de unic\u0103 folosin\u021b\u0103<\/b><\/a> tehnologie. Bobina sa avansat\u0103 cu plas\u0103 cu rezisten\u021b\u0103 dual\u0103 ofer\u0103 utilizatorilor o alegere \u00eentre o tragere lin\u0103 de 1,0 ohmi sau o ie\u0219ire robust\u0103 de vapori de 0,6 ohmi. Acest lucru asigur\u0103 o experien\u021b\u0103 personalizat\u0103 \u0219i constant premium pentru fiecare tip de vaper.<\/p>\n<p>Acest dispozitiv vape en-gros are un mu\u0219tiuc igienic tip pai, o inova\u021bie atent\u0103 care \u00eel distinge de \u021big\u0103rile electronice tradi\u021bionale. Acest design unic reduce contactul direct, oferind o experien\u021b\u0103 mai curat\u0103, mai igienic\u0103, care va atrage consumatorii preocupa\u021bi de s\u0103n\u0103tate. Cu un substan\u021bial <b>12000 de pufuri<\/b> capacitate \u0219i op\u021biuni de concentra\u021bie de nicotin\u0103 de 2% \u0219i 5%, HAZEBAR se adreseaz\u0103 unei game largi de preferin\u021be ale utilizatorilor.<\/p>\n<p>\u00cen calitate de angrosist de \u00eencredere, prezent\u0103m un produs care nu numai c\u0103 \u00eembun\u0103t\u0103\u021be\u0219te c\u0103l\u0103toria de vaping a utilizatorului, dar ofer\u0103 \u0219i o oportunitate semnificativ\u0103 de cre\u0219tere a afacerii. HAZEBAR este alegerea perfect\u0103 pentru comercian\u021bii cu am\u0103nuntul care doresc s\u0103-\u0219i \u00eembog\u0103\u021beasc\u0103 linia de produse cu un dispozitiv de top, cu cerere mare.<\/p>\n<p><img decoding=\"async\" class=\"alignnone size-full wp-image-1917\" src=\"http:\/\/vapebulkp.com\/wp-content\/uploads\/2023\/11\/Hazebar-12K-PUFF-VAPE-KIT.jpg\" alt=\"KIT VAPE HAZEBAR 12K PUFF\" width=\"800\" height=\"800\" \/><\/p>\n<h6 style=\"text-align: left\"><\/h6>\n<h6>V\u0103 rug\u0103m contacta\u021bi-o pe Mandy pe WhatsApp pentru un pre\u021b redus<a href=\"https:\/\/wa.me\/8618077105796\">+8618077105796<\/a><\/h6>\n<p><img decoding=\"async\" class=\"alignnone wp-image-2151\" src=\"http:\/\/vapebulkp.com\/wp-content\/uploads\/2024\/04\/Mandy-WhatsApp-Randm.jpg\" alt=\"RandM Mandy WhatsApp\" width=\"281\" height=\"299\" srcset=\"https:\/\/vapebulkp.com\/wp-content\/uploads\/2024\/04\/Mandy-WhatsApp-Randm.jpg 916w, https:\/\/vapebulkp.com\/wp-content\/uploads\/2024\/04\/Mandy-WhatsApp-Randm-282x300.jpg 282w, https:\/\/vapebulkp.com\/wp-content\/uploads\/2024\/04\/Mandy-WhatsApp-Randm-768x817.jpg 768w, https:\/\/vapebulkp.com\/wp-content\/uploads\/2024\/04\/Mandy-WhatsApp-Randm-600x638.jpg 600w\" sizes=\"(max-width: 281px) 100vw, 281px\" \/><\/p>\n<h2><span style=\"vertical-align: inherit\">M-am g\u00e2ndit c\u0103 v-ar pl\u0103cea s\u0103 \u0219ti\u021bi despre HAZEBAR 12000 Puff VAPE de unic\u0103 folosin\u021b\u0103:<\/span><\/h2>\n<p>&nbsp;<\/p>\n<h4 class=\"style-scope ytd-watch-metadata\">1. Cum se utilizeaz\u0103 HAZEBAR 12000 Puff Vape Pen?<\/h4>\n<p>&nbsp;<\/p>\n<p>1. \u00cenainte de a utiliza 12k pufuri, scoate\u021bi \u021beava de plastic.<\/p>\n<p>2. A\u0219tepta\u021bi aproximativ 3 minute, l\u0103s\u00e2nd sucul s\u0103 intre \u00een bobina din interior.<\/p>\n<p>3. Bucura\u021bi-v\u0103 de el<\/p>\n<h6>2. Cum se \u00eencarc\u0103 dispozitivul vape de unic\u0103 folosin\u021b\u0103 HAZEBAR 12000 Puff?<\/h6>\n<p>Nu pot fi utilizate \u00eenc\u0103rc\u0103toare cu \u00eenc\u0103rcare rapid\u0103, iar puterea standard sigur\u0103 a \u021big\u0103rilor electronice de unic\u0103 folosin\u021b\u0103 este de 5V 1A.<\/p>\n<p>Fiecare sesiune de \u00eenc\u0103rcare nu poate dep\u0103\u0219i 1 or\u0103, iar timpul de \u00eenc\u0103rcare sigur este de o jum\u0103tate de or\u0103.<\/p>\n<h6>3. C\u00c2TE PUFURI ARE dispozitivul vape de unic\u0103 folosin\u021b\u0103 HAZEBAR 12000 Puff?<\/h6>\n<p>\u2014-12000 Puff-uri<\/p>\n<p><span style=\"color: #ff6600\">Not\u0103: nu \u00eenc\u0103rca\u021bi toat\u0103 noaptea!<\/span><\/p>\n<p>&nbsp;<\/p>\n<h4>Vape Bulk Buy Hazebar 12000 Puff Caracteristica produsului:<\/h4>\n<p>Model:<b>Hazebar 12000 Puff Vape elegant<\/b><\/p>\n<p>Pufuri: 12000<br \/>\nCapacitate baterie: 850mAh<br \/>\nVolum E-Lichid: 20ml<br \/>\nCon\u021binut de nicotin\u0103: 2%\/5% Sare de nicotina<br \/>\nAmbalaj: 10 buc\u0103\u021bi \u00eentr-o cutie de prezentare<br \/>\nCantitatea minim\u0103 de comand\u0103 (MOQ):\u00a0<strong>100 buc\u0103\u021bi<\/strong><\/p>\n<h3>Avantajele vape-ului elegant Hazebar 12000 Puff:<\/h3>\n<ol>\n<li>Inovator<\/li>\n<li>De \u00eenalt\u0103 calitate<\/li>\n<li>Elegant<\/li>\n<li>Produc\u021bie de nori<\/li>\n<li>U\u0219or de utilizat<\/li>\n<li>Pre-umplut<\/li>\n<li>F\u0103r\u0103 \u00eentre\u021binere<\/li>\n<li>Discret<\/li>\n<li>F\u0103r\u0103 efort<\/li>\n<li>Arom\u0103 bogat\u0103<\/li>\n<li>S\u0103ruri de nicotin\u0103<\/li>\n<li>Satisfac\u021bie nicotinic\u0103<\/li>\n<li>Livrare de nicotin\u0103<\/li>\n<li>Experien\u021b\u0103 \u00eembun\u0103t\u0103\u021bit\u0103<\/li>\n<\/ol>\n<h3><strong>Care este cel mai bun Vape <\/strong>HAZEBAR 12000 Puf <strong>Arome?<\/strong><\/h3>\n<p>1.ghea\u021b\u0103 de pepene verde<\/p>\n<p>2. c\u0103p\u0219uni cu pepene verde<\/p>\n<p>3. mango piersic\u0103 pepene verde<\/p>\n<p>4.afine cu ghea\u021b\u0103<\/p>\n<p>5. iaurt<\/p>\n<p>6. cola cu l\u0103m\u00e2ie<\/p>\n<p>7. struguri cu coac\u0103ze negre<\/p>\n<p>8. lychee cu c\u0103p\u0219uni<\/p>\n<p>9. kiwi, fructul pasiunii, guava<\/p>\n<p>10. fructe amestecate<\/p>\n<p><a href=\"https:\/\/vapebulkp.com\/ro\/produs\/popular-randm-tornado-7000puffs-disposable-vape-best-price\/\">Randm tornado 7000 pufuri<\/a><\/p>\n<p><span style=\"vertical-align: inherit\">G\u0103se\u0219te mai multe produse care \u021bi-ar putea pl\u0103cea:<\/span><em><a href=\"https:\/\/wa.me\/8618077105796\"><span style=\"vertical-align: inherit\">\u00a0Cump\u0103r\u0103-l acum<\/span><\/a><\/em><\/p>\n<p><span style=\"vertical-align: inherit\">Alte Inhala\u021bii care \u021bi-ar putea pl\u0103cea:<\/span><a href=\"https:\/\/vapebulkp.com\/ro\/produs\/good-sale-randm-tornado-10000-puffs-plus\/\"><span style=\"vertical-align: inherit\">RandM 10000Puf<\/span><\/a><span style=\"vertical-align: inherit\">\u2014Cu o capacitate de 10.000 de pufuri, acest dispozitiv este un favorit printre entuzia\u0219tii vapingului.<\/span><\/p>\n<p><a href=\"https:\/\/vapebulkp.com\/ro\/produs\/wholesale-randm-tornado-9000-puffs-germany\/\"><span style=\"vertical-align: inherit\">RandM Tornado 9000 pufuri<\/span><\/a><span style=\"vertical-align: inherit\">\u2014Fiind cea mai popular\u0103 \u021bigar\u0103 electronic\u0103, Randm are 9.000 de pufuri de care s\u0103 te bucuri<\/span><\/p>\n<p><a href=\"https:\/\/vapebulkp.com\/ro\/produs\/popular-bang-king-10000-puffs-vape-good-price\/\"><span style=\"vertical-align: inherit\">Bang King 10000 Puff-uri<\/span><\/a><span style=\"vertical-align: inherit\">\u2014Bang King este un brand popular cu modele unice \u0219i 10000 de puff-uri<\/span><\/p>\n<p><a href=\"https:\/\/vapebulkp.com\/ro\/produs\/bang-king-12000puffs\/\"><span style=\"vertical-align: inherit\">Bang King 12000 de Inhala\u021bii<\/span><\/a>\u2014-Bang King 12000 Pufuri este un brand popular cu modele unice \u0219i 12.000 de pufuri, o alt\u0103 op\u021biune pentru a v\u0103 \u00eembun\u0103t\u0103\u021bi nevoile de vaping<\/p>\n<p><span style=\"vertical-align: inherit\">Sticl\u0103 de \u021bigar\u0103 electronic\u0103 cu form\u0103 special\u0103:<\/span><a href=\"https:\/\/vapebulkp.com\/ro\/produs\/popular-kulx-10000puffs-disposable-vape-good-price\/\"><span style=\"vertical-align: inherit\">Kulx 10000 Pufuri<\/span><\/a><span style=\"vertical-align: inherit\">\/ <\/span><a href=\"https:\/\/vapebulkp.com\/ro\/produs\/disposable-vape-crystal-600-puffs\/\"><span style=\"vertical-align: inherit\">Crystal Legend 600 de pufuri<\/span><\/a><span style=\"vertical-align: inherit\">\/<\/span><a href=\"https:\/\/vapebulkp.com\/ro\/produs\/bang-box-12000puffs-good-vape-sweden-wholesale-price\/\"><span style=\"vertical-align: inherit\">Bang Box vape 12000 pufuri<\/span><\/a><\/p>\n<h4>Lucruri pe care a\u021bi putea dori s\u0103 le \u0219ti\u021bi despre \u021big\u0103rile electronice (e-\u021big\u0103ri):<\/h4>\n<p>\u00ce: De ce \u021big\u0103rile electronice au scurgeri de ulei?<br \/>\nR: Scurgerile de ulei ale \u021big\u0103rilor electronice pot fi cauzate de instalarea incorect\u0103 a miezului atomizorului sau de deteriorarea inelului de etan\u0219are \u00een timpul umplerii. Asigura\u021bi-v\u0103 c\u0103 nu str\u00e2nge\u021bi prea mult uleiul la umplere \u0219i verifica\u021bi dac\u0103 inelul de etan\u0219are este intact, ceea ce poate reduce eficient scurgerile de ulei.<\/p>\n<p>\u00ce: De ce \u021bigara electronic\u0103 miroase a ars?<br \/>\nR: Mirosul de ars este de obicei cauzat de arderea uscat\u0103 a miezului atomizorului sau de ulei insuficient. Se recomand\u0103 \u00eenlocuirea regulat\u0103 a miezului atomizorului \u0219i asigurarea unei cantit\u0103\u021bi suficiente de ulei pentru a evita arderea uscat\u0103.<\/p>\n<p>\u00ce: De ce puterea de aspirare a \u021big\u0103rilor electronice devine mai slab\u0103?<br \/>\nR: Aspira\u021bia slab\u0103 poate fi cauzat\u0103 de puterea insuficient\u0103 a bateriei, de \u00eemb\u0103tr\u00e2nirea miezului atomizorului sau de blocarea acestuia. \u00cencerca\u021bi s\u0103 re\u00eenc\u0103rca\u021bi bateria sau s\u0103 \u00eenlocui\u021bi miezul atomizorului cu unul nou pentru a rezolva problema aspira\u021biei slabe.<\/p>\n<p>\u00ce: Cum se cur\u0103\u021b\u0103 echipamentul de \u021big\u0103ri electronice?<br \/>\nR: Cur\u0103\u021barea regulat\u0103 a dispozitivului dvs. de \u021bigar\u0103 electronic\u0103 \u00eei va men\u021bine performan\u021ba \u0219i gustul. Utiliza\u021bi o c\u00e2rp\u0103 moale pentru a \u0219terge u\u0219or suprafa\u021ba dispozitivului \u0219i utiliza\u021bi be\u021bi\u0219oare de bumbac pentru a cur\u0103\u021ba conexiunile sau suprafe\u021bele interne, dar ave\u021bi grij\u0103 s\u0103 evita\u021bi deteriorarea.<\/p>\n<p>\u00ce: Sunt \u021big\u0103rile electronice d\u0103un\u0103toare s\u0103n\u0103t\u0103\u021bii?<br \/>\nR: De\u0219i \u021big\u0103rile electronice pot con\u021bine mai pu\u021bine substan\u021be nocive dec\u00e2t \u021big\u0103rile tradi\u021bionale, acest lucru nu \u00eenseamn\u0103 c\u0103 sunt complet inofensive. Utilizarea pe termen lung a \u021big\u0103rilor electronice poate avea totu\u0219i anumite efecte asupra s\u0103n\u0103t\u0103\u021bii. Cel mai bine este s\u0103 limita\u021bi utilizarea \u0219i s\u0103 solicita\u021bi sfatul unui medic specialist.<\/p>\n<h4>Detaliile de expediere:<\/h4>\n<p><span style=\"color: #ff6600\">Timp de produc\u021bie: 5-10 zile lucr\u0103toare<\/span><br \/>\n<span style=\"color: #ff6600\">Timp de livrare: 8-14 zile lucr\u0103toare<\/span><\/p>\n<p>Toate produsele din magazinul nostru sunt 100% originale \u0219i autentice, deci politica magazinului nostru este compensarea de zece ori pentru bunurile contraf\u0103cute. Folosim canale logistice precum UPS\/DHL\/FEDEX\/DPD pentru a v\u0103 livra m\u0103rfurile.<\/p>\n<p>Pentru coletele expediate \u00een Rom\u00e2nia, de obicei dureaz\u0103 10 zile lucr\u0103toare s\u0103 ajung\u0103. Expedierea c\u0103tre \u021b\u0103rile europene dureaz\u0103 de obicei 12 p\u00e2n\u0103 la 15 zile lucr\u0103toare. Vom actualiza informa\u021biile logistice pentru dumneavoastr\u0103 \u00een timp real.<\/p>\n<p>Contacta\u021bi-ne \u0219i v\u0103 putem oferi Hazebar 12000 Puff \u0219i v\u0103 putem duce afacerea la noi culmi!<\/p>","protected":false},"excerpt":{"rendered":"<p>Folosind HAZEBAR 12000 Puffs Pre\u021b en-gros Vape Model nou Vape, acest vape HAZEBAR v\u0103 va oferi o experien\u021b\u0103 pe care nu a\u021bi mai avut-o p\u00e2n\u0103 acum. Aceast\u0103 \u021bigar\u0103 electronic\u0103 v\u0103 va \u00eembun\u0103t\u0103\u021bi standardele de fumat \u0219i v\u0103 va permite s\u0103 experimenta\u021bi distrac\u021bia.<\/p>\n<p><img decoding=\"async\" class=\"alignnone wp-image-2151\" src=\"http:\/\/vapebulkp.com\/wp-content\/uploads\/2024\/04\/Mandy-WhatsApp-Randm.jpg\" alt=\"RandM Mandy WhatsApp\" width=\"282\" height=\"300\" srcset=\"https:\/\/vapebulkp.com\/wp-content\/uploads\/2024\/04\/Mandy-WhatsApp-Randm.jpg 916w, https:\/\/vapebulkp.com\/wp-content\/uploads\/2024\/04\/Mandy-WhatsApp-Randm-282x300.jpg 282w, https:\/\/vapebulkp.com\/wp-content\/uploads\/2024\/04\/Mandy-WhatsApp-Randm-768x817.jpg 768w, https:\/\/vapebulkp.com\/wp-content\/uploads\/2024\/04\/Mandy-WhatsApp-Randm-600x638.jpg 600w\" sizes=\"(max-width: 282px) 100vw, 282px\" \/><\/p>\n<p>V\u0103 rug\u0103m contacta\u021bi-o pe Mandy pe WhatsApp pentru un pre\u021b redus<a href=\"https:\/\/wa.me\/8618077105796\">+8618077105796<\/a><\/p>\n<p><span style=\"color: #ff0000\">NOT\u0102: Pre\u021burile de pe site-ul nostru nu includ costurile de transport<\/span><\/p>","protected":false},"featured_media":1925,"comment_status":"open","ping_status":"closed","template":"","meta":{"_uag_custom_page_level_css":"","_lmt_disableupdate":"no","_lmt_disable":"","site-sidebar-layout":"default","site-content-layout":"content-boxed-container","ast-site-content-layout":"normal-width-container","site-content-style":"boxed","site-sidebar-style":"unboxed","ast-global-header-display":"","ast-banner-title-visibility":"","ast-main-header-display":"","ast-hfb-above-header-display":"","ast-hfb-below-header-display":"","ast-hfb-mobile-header-display":"","site-post-title":"","ast-breadcrumbs-content":"","ast-featured-img":"","footer-sml-layout":"","theme-transparent-header-meta":"default","adv-header-id-meta":"","stick-header-meta":"","header-above-stick-meta":"","header-main-stick-meta":"","header-below-stick-meta":"","astra-migrate-meta-layouts":"set","_joinchat":[]},"product_cat":[166,153,155,33,59,100,98,34,158,157,154,152,58,84,156,63,32],"product_tag":[68,36,37,91,41,71,40],"class_list":["post-1908","product","type-product","status-publish","has-post-thumbnail","hentry","product_cat-12000-puffs-disposable-vape","product_cat-hot-disposable-vapes","product_cat-belgium-hot-disposable-vapes","product_cat-france-vape-hot-sale","product_cat-germany-hot-disposable-vape","product_cat-germany-wholesale-vape-shop","product_cat-moq-100pcs","product_cat-netherlands-vape-good-sale","product_cat-norway-hot-disposable-vapes","product_cat-poland-hot-disposable-vapes","product_cat-portugal-hot-disposable-vapes","product_cat-spain-hot-disposable-vapes","product_cat-sweden-hot-disposable-vape","product_cat-sweden-wholesale-vape","product_cat-switzerland-hot-disposable-vapes","product_cat-top-sale-disposable-vape","product_cat-vape-hot-sale-this-week","product_tag-12000-puffs","product_tag-good-vape","product_tag-hot-sale-disposable-vape","product_tag-italy-hot-vape","product_tag-poland-hot-vape","product_tag-randm","product_tag-sweden-hot-vape","desktop-align-left","tablet-align-left","mobile-align-left"],"yoast_head":"<!-- This site is optimized with the Yoast SEO plugin v21.1 - https:\/\/yoast.com\/wordpress\/plugins\/seo\/ -->\n<title>HAZEBAR 12000 Puffs Wholesale Price Vape New Model Vape - vapebulkp.com<\/title>\n<meta name=\"description\" content=\"Shop HAZEBAR 12000 Puffs Wholesale Price Vape New Model Vape, this HAZEBAR vape will give you an experience you have never had before. This e-cigarette will improve your smoking standards and allow you to experience the fun.\" \/>\n<meta name=\"robots\" content=\"index, follow, max-snippet:-1, max-image-preview:large, max-video-preview:-1\" \/>\n<link rel=\"canonical\" href=\"https:\/\/vapebulkp.com\/ro\/produs\/hazebar-12000-puffs-wholesale-price-vape-new-model-vape\/\" \/>\n<meta property=\"og:locale\" content=\"ro_RO\" \/>\n<meta property=\"og:type\" content=\"article\" \/>\n<meta property=\"og:title\" content=\"HAZEBAR 12000 Puffs Wholesale Price Vape New Model Vape - vapebulkp.com\" \/>\n<meta property=\"og:description\" content=\"Shop HAZEBAR 12000 Puffs Wholesale Price Vape New Model Vape, this HAZEBAR vape will give you an experience you have never had before. This e-cigarette will improve your smoking standards and allow you to experience the fun.\" \/>\n<meta property=\"og:url\" content=\"https:\/\/vapebulkp.com\/ro\/produs\/hazebar-12000-puffs-wholesale-price-vape-new-model-vape\/\" \/>\n<meta property=\"og:site_name\" content=\"vapebulkp.com\" \/>\n<meta property=\"article:modified_time\" content=\"2025-09-01T07:22:35+00:00\" \/>\n<meta property=\"og:image\" content=\"http:\/\/vapebulkp.com\/wp-content\/uploads\/2023\/11\/Hazebar-12000-PUFFS-VAPE-HOT.png\" \/>\n\t<meta property=\"og:image:width\" content=\"565\" \/>\n\t<meta property=\"og:image:height\" content=\"800\" \/>\n\t<meta property=\"og:image:type\" content=\"image\/png\" \/>\n<meta name=\"twitter:card\" content=\"summary_large_image\" \/>\n<meta name=\"twitter:label1\" content=\"Timp estimat pentru citire\" \/>\n\t<meta name=\"twitter:data1\" content=\"5 minute\" \/>\n<script type=\"application\/ld+json\" class=\"yoast-schema-graph\">{\"@context\":\"https:\/\/schema.org\",\"@graph\":[{\"@type\":\"WebPage\",\"@id\":\"https:\/\/vapebulkp.com\/product\/hazebar-12000-puffs-wholesale-price-vape-new-model-vape\/\",\"url\":\"https:\/\/vapebulkp.com\/product\/hazebar-12000-puffs-wholesale-price-vape-new-model-vape\/\",\"name\":\"HAZEBAR 12000 Puffs Wholesale Price Vape New Model Vape - vapebulkp.com\",\"isPartOf\":{\"@id\":\"https:\/\/vapebulkp.com\/#website\"},\"datePublished\":\"2023-11-30T07:10:32+00:00\",\"dateModified\":\"2025-09-01T07:22:35+00:00\",\"description\":\"Shop HAZEBAR 12000 Puffs Wholesale Price Vape New Model Vape, this HAZEBAR vape will give you an experience you have never had before. This e-cigarette will improve your smoking standards and allow you to experience the fun.\",\"breadcrumb\":{\"@id\":\"https:\/\/vapebulkp.com\/product\/hazebar-12000-puffs-wholesale-price-vape-new-model-vape\/#breadcrumb\"},\"inLanguage\":\"ro-RO\",\"potentialAction\":[{\"@type\":\"ReadAction\",\"target\":[\"https:\/\/vapebulkp.com\/product\/hazebar-12000-puffs-wholesale-price-vape-new-model-vape\/\"]}]},{\"@type\":\"BreadcrumbList\",\"@id\":\"https:\/\/vapebulkp.com\/product\/hazebar-12000-puffs-wholesale-price-vape-new-model-vape\/#breadcrumb\",\"itemListElement\":[{\"@type\":\"ListItem\",\"position\":1,\"name\":\"Home\",\"item\":\"https:\/\/vapebulkp.com\/\"},{\"@type\":\"ListItem\",\"position\":2,\"name\":\"Hot Trend Vapes\",\"item\":\"https:\/\/vapebulkp.com\/vape-shop\/\"},{\"@type\":\"ListItem\",\"position\":3,\"name\":\"HAZEBAR 12000 Puffs Wholesale Price Vape New Model Vape\"}]},{\"@type\":\"WebSite\",\"@id\":\"https:\/\/vapebulkp.com\/#website\",\"url\":\"https:\/\/vapebulkp.com\/\",\"name\":\"vapebulkp.com\",\"description\":\"Buy Vape In Cheap Bulk Price Near you\",\"publisher\":{\"@id\":\"https:\/\/vapebulkp.com\/#organization\"},\"potentialAction\":[{\"@type\":\"SearchAction\",\"target\":{\"@type\":\"EntryPoint\",\"urlTemplate\":\"https:\/\/vapebulkp.com\/?s={search_term_string}\"},\"query-input\":\"required name=search_term_string\"}],\"inLanguage\":\"ro-RO\"},{\"@type\":\"Organization\",\"@id\":\"https:\/\/vapebulkp.com\/#organization\",\"name\":\"vapebulkp.com\",\"url\":\"https:\/\/vapebulkp.com\/\",\"logo\":{\"@type\":\"ImageObject\",\"inLanguage\":\"ro-RO\",\"@id\":\"https:\/\/vapebulkp.com\/#\/schema\/logo\/image\/\",\"url\":\"https:\/\/vapebulkp.com\/wp-content\/uploads\/2023\/09\/cropped-vapebulkp.png\",\"contentUrl\":\"https:\/\/vapebulkp.com\/wp-content\/uploads\/2023\/09\/cropped-vapebulkp.png\",\"width\":516,\"height\":163,\"caption\":\"vapebulkp.com\"},\"image\":{\"@id\":\"https:\/\/vapebulkp.com\/#\/schema\/logo\/image\/\"}}]}<\/script>\n<!-- \/ Yoast SEO plugin. -->","yoast_head_json":{"title":"HAZEBAR 12000 Puffs Wholesale Price Vape New Model Vape - vapebulkp.com","description":"Shop HAZEBAR 12000 Puffs Wholesale Price Vape New Model Vape, this HAZEBAR vape will give you an experience you have never had before. This e-cigarette will improve your smoking standards and allow you to experience the fun.","robots":{"index":"index","follow":"follow","max-snippet":"max-snippet:-1","max-image-preview":"max-image-preview:large","max-video-preview":"max-video-preview:-1"},"canonical":"https:\/\/vapebulkp.com\/ro\/produs\/hazebar-12000-puffs-wholesale-price-vape-new-model-vape\/","og_locale":"ro_RO","og_type":"article","og_title":"HAZEBAR 12000 Puffs Wholesale Price Vape New Model Vape - vapebulkp.com","og_description":"Shop HAZEBAR 12000 Puffs Wholesale Price Vape New Model Vape, this HAZEBAR vape will give you an experience you have never had before. This e-cigarette will improve your smoking standards and allow you to experience the fun.","og_url":"https:\/\/vapebulkp.com\/ro\/produs\/hazebar-12000-puffs-wholesale-price-vape-new-model-vape\/","og_site_name":"vapebulkp.com","article_modified_time":"2025-09-01T07:22:35+00:00","og_image":[{"width":565,"height":800,"url":"http:\/\/vapebulkp.com\/wp-content\/uploads\/2023\/11\/Hazebar-12000-PUFFS-VAPE-HOT.png","type":"image\/png"}],"twitter_card":"summary_large_image","twitter_misc":{"Timp estimat pentru citire":"5 minute"},"schema":{"@context":"https:\/\/schema.org","@graph":[{"@type":"WebPage","@id":"https:\/\/vapebulkp.com\/product\/hazebar-12000-puffs-wholesale-price-vape-new-model-vape\/","url":"https:\/\/vapebulkp.com\/product\/hazebar-12000-puffs-wholesale-price-vape-new-model-vape\/","name":"HAZEBAR 12000 Puffs Wholesale Price Vape New Model Vape - vapebulkp.com","isPartOf":{"@id":"https:\/\/vapebulkp.com\/#website"},"datePublished":"2023-11-30T07:10:32+00:00","dateModified":"2025-09-01T07:22:35+00:00","description":"Shop HAZEBAR 12000 Puffs Wholesale Price Vape New Model Vape, this HAZEBAR vape will give you an experience you have never had before. This e-cigarette will improve your smoking standards and allow you to experience the fun.","breadcrumb":{"@id":"https:\/\/vapebulkp.com\/product\/hazebar-12000-puffs-wholesale-price-vape-new-model-vape\/#breadcrumb"},"inLanguage":"ro-RO","potentialAction":[{"@type":"ReadAction","target":["https:\/\/vapebulkp.com\/product\/hazebar-12000-puffs-wholesale-price-vape-new-model-vape\/"]}]},{"@type":"BreadcrumbList","@id":"https:\/\/vapebulkp.com\/product\/hazebar-12000-puffs-wholesale-price-vape-new-model-vape\/#breadcrumb","itemListElement":[{"@type":"ListItem","position":1,"name":"Home","item":"https:\/\/vapebulkp.com\/"},{"@type":"ListItem","position":2,"name":"Hot Trend Vapes","item":"https:\/\/vapebulkp.com\/vape-shop\/"},{"@type":"ListItem","position":3,"name":"HAZEBAR 12000 Puffs Wholesale Price Vape New Model Vape"}]},{"@type":"WebSite","@id":"https:\/\/vapebulkp.com\/#website","url":"https:\/\/vapebulkp.com\/","name":"vapebulkp.com","description":"Buy Vape In Cheap Bulk Price Near you","publisher":{"@id":"https:\/\/vapebulkp.com\/#organization"},"potentialAction":[{"@type":"SearchAction","target":{"@type":"EntryPoint","urlTemplate":"https:\/\/vapebulkp.com\/?s={search_term_string}"},"query-input":"required name=search_term_string"}],"inLanguage":"ro-RO"},{"@type":"Organization","@id":"https:\/\/vapebulkp.com\/#organization","name":"vapebulkp.com","url":"https:\/\/vapebulkp.com\/","logo":{"@type":"ImageObject","inLanguage":"ro-RO","@id":"https:\/\/vapebulkp.com\/#\/schema\/logo\/image\/","url":"https:\/\/vapebulkp.com\/wp-content\/uploads\/2023\/09\/cropped-vapebulkp.png","contentUrl":"https:\/\/vapebulkp.com\/wp-content\/uploads\/2023\/09\/cropped-vapebulkp.png","width":516,"height":163,"caption":"vapebulkp.com"},"image":{"@id":"https:\/\/vapebulkp.com\/#\/schema\/logo\/image\/"}}]}},"uagb_featured_image_src":{"full":["https:\/\/vapebulkp.com\/wp-content\/uploads\/2023\/11\/Hazebar-12000-PUFFS-VAPE-HOT.png",565,800,false],"thumbnail":["https:\/\/vapebulkp.com\/wp-content\/uploads\/2023\/11\/Hazebar-12000-PUFFS-VAPE-HOT-150x150.png",150,150,true],"medium":["https:\/\/vapebulkp.com\/wp-content\/uploads\/2023\/11\/Hazebar-12000-PUFFS-VAPE-HOT-212x300.png",212,300,true],"medium_large":["https:\/\/vapebulkp.com\/wp-content\/uploads\/2023\/11\/Hazebar-12000-PUFFS-VAPE-HOT.png",565,800,false],"large":["https:\/\/vapebulkp.com\/wp-content\/uploads\/2023\/11\/Hazebar-12000-PUFFS-VAPE-HOT.png",565,800,false],"1536x1536":["https:\/\/vapebulkp.com\/wp-content\/uploads\/2023\/11\/Hazebar-12000-PUFFS-VAPE-HOT.png",565,800,false],"2048x2048":["https:\/\/vapebulkp.com\/wp-content\/uploads\/2023\/11\/Hazebar-12000-PUFFS-VAPE-HOT.png",565,800,false],"trp-custom-language-flag":["https:\/\/vapebulkp.com\/wp-content\/uploads\/2023\/11\/Hazebar-12000-PUFFS-VAPE-HOT.png",8,12,false],"woocommerce_thumbnail":["https:\/\/vapebulkp.com\/wp-content\/uploads\/2023\/11\/Hazebar-12000-PUFFS-VAPE-HOT-300x300.png",300,300,true],"woocommerce_single":["https:\/\/vapebulkp.com\/wp-content\/uploads\/2023\/11\/Hazebar-12000-PUFFS-VAPE-HOT.png",565,800,false],"woocommerce_gallery_thumbnail":["https:\/\/vapebulkp.com\/wp-content\/uploads\/2023\/11\/Hazebar-12000-PUFFS-VAPE-HOT-100x100.png",100,100,true],"wcpr-photo-reviews":["https:\/\/vapebulkp.com\/wp-content\/uploads\/2023\/11\/Hazebar-12000-PUFFS-VAPE-HOT.png",353,500,false]},"uagb_author_info":{"display_name":"Mandy vape bulk price","author_link":"https:\/\/vapebulkp.com\/ro\/author\/"},"uagb_comment_info":0,"uagb_excerpt":"By using HAZEBAR 12000 Puffs Wholesale Price Vape New Model Vape, this HAZEBAR vape will give you an experience you have never had before. This e-cigarette will improve your smoking standards and allow you to experience the fun. Pls Contact Mandy's WhatsApp For Discount Price+8618077105796 NOTE: Prices on our website does not include shipping costs","_links":{"self":[{"href":"https:\/\/vapebulkp.com\/ro\/wp-json\/wp\/v2\/product\/1908","targetHints":{"allow":["GET"]}}],"collection":[{"href":"https:\/\/vapebulkp.com\/ro\/wp-json\/wp\/v2\/product"}],"about":[{"href":"https:\/\/vapebulkp.com\/ro\/wp-json\/wp\/v2\/types\/product"}],"replies":[{"embeddable":true,"href":"https:\/\/vapebulkp.com\/ro\/wp-json\/wp\/v2\/comments?post=1908"}],"wp:featuredmedia":[{"embeddable":true,"href":"https:\/\/vapebulkp.com\/ro\/wp-json\/wp\/v2\/media\/1925"}],"wp:attachment":[{"href":"https:\/\/vapebulkp.com\/ro\/wp-json\/wp\/v2\/media?parent=1908"}],"wp:term":[{"taxonomy":"product_cat","embeddable":true,"href":"https:\/\/vapebulkp.com\/ro\/wp-json\/wp\/v2\/product_cat?post=1908"},{"taxonomy":"product_tag","embeddable":true,"href":"https:\/\/vapebulkp.com\/ro\/wp-json\/wp\/v2\/product_tag?post=1908"}],"curies":[{"name":"wp","href":"https:\/\/api.w.org\/{rel}","templated":true}]}}