{"id":1979,"date":"2023-12-26T08:44:42","date_gmt":"2023-12-26T07:44:42","guid":{"rendered":"https:\/\/vapebulkp.com\/?post_type=product&#038;p=1979"},"modified":"2025-09-24T05:18:15","modified_gmt":"2025-09-24T03:18:15","slug":"good-vape-jnr-shisha-15000-puffs-wholesale-vapme-shisha","status":"publish","type":"product","link":"https:\/\/vapebulkp.com\/ro\/product\/good-vape-jnr-shisha-15000-puffs-wholesale-vapme-shisha\/","title":{"rendered":"Good Vape JNR SHISHA 15000 Pufuri VAPME SHISHA en-gros"},"content":{"rendered":"<h2>Good Vape JNR SHISHA 15000 Pufuri VAPME SHISHA en-gros<\/h2>\n<p data-start=\"410\" data-end=\"753\">The <strong data-start=\"470\" data-end=\"498\">VAPME SHISHA 15000 Pufuri<\/strong> este de mare capacitate <a href=\"https:\/\/vapebulkp.com\/ro\/product-category\/15000-puffs-disposable-vape\/\"><strong data-start=\"518\" data-end=\"549\">15000 Puffs Vap\u0103 de unic\u0103 folosin\u021b\u0103<\/strong><\/a> proiectat pentru tinerii europeni. Cu o baterie re\u00eenc\u0103rcabil\u0103 de 650mAh \u0219i 25ml de lichid electronic de calitate superioar\u0103 cu sare de nicotin\u0103, ofer\u0103 vapori fini, den\u0219i \u0219i o arom\u0103 consistent\u0103 pentru sesiuni lungi de vapat.<\/p>\n<p data-start=\"755\" data-end=\"1182\">Cu op\u021biuni de sare de nicotin\u0103 de 2% \u0219i 5%, acest <strong data-start=\"798\" data-end=\"831\">vape de unic\u0103 folosin\u021b\u0103 cu nicotin\u0103 salin\u0103<\/strong> satisface preferin\u021be diferite. Designul s\u0103u compact \u0219i elegant \u00eel face un <strong data-start=\"912\" data-end=\"929\">vaporizator portabil<\/strong> perfect pentru utilizare zilnic\u0103, c\u0103l\u0103torii sau ocazii sociale. Fiecare cutie de prezentare con\u021bine 10 dispozitive, ideale pentru <strong data-start=\"1022\" data-end=\"1042\">comenzi de vapat \u00een vrac<\/strong> \u0219i distribu\u021bie angro \u00een UE. <strong data-start=\"1078\" data-end=\"1110\">vape de unic\u0103 folosin\u021b\u0103 cu durat\u0103 lung\u0103 de via\u021b\u0103<\/strong> asigur\u0103 o pl\u0103cere ne\u00eentrerupt\u0103 cu o arom\u0103 bogat\u0103 p\u00e2n\u0103 la ultimul puf.<\/p>\n<p data-start=\"1184\" data-end=\"1393\">Construc\u021bie de \u00eenalt\u0103 calitate, <strong data-start=\"1211\" data-end=\"1238\">vape de unic\u0103 folosin\u021b\u0103 premium<\/strong>\u0219i transport rapid \u00een UE fac din Vapori Bun JNR SHISHA 15000 Pufuri Angro VAPME SHISHA o alegere de top pentru comercian\u021bii cu am\u0103nuntul \u0219i entuzia\u0219tii care caut\u0103 performan\u021b\u0103 fiabil\u0103 \u0219i comoditate.<\/p>\n<p><img decoding=\"async\" class=\"alignnone wp-image-1970\" style=\"font-style: inherit;font-weight: inherit\" src=\"http:\/\/vapebulkp.com\/wp-content\/uploads\/2023\/12\/JNR-Shisha-15k-puff-discount-price-Sweden-1-scaled.jpg\" alt=\"Pre\u021b redus JNR Shisha 15k puf Vape popular \u00een Rom\u00e2nia\" width=\"714\" height=\"1049\" srcset=\"https:\/\/vapebulkp.com\/wp-content\/uploads\/2023\/12\/JNR-Shisha-15k-puff-discount-price-Sweden-1-scaled.jpg 1742w, https:\/\/vapebulkp.com\/wp-content\/uploads\/2023\/12\/JNR-Shisha-15k-puff-discount-price-Sweden-1-204x300.jpg 204w, https:\/\/vapebulkp.com\/wp-content\/uploads\/2023\/12\/JNR-Shisha-15k-puff-discount-price-Sweden-1-697x1024.jpg 697w, https:\/\/vapebulkp.com\/wp-content\/uploads\/2023\/12\/JNR-Shisha-15k-puff-discount-price-Sweden-1-768x1129.jpg 768w, https:\/\/vapebulkp.com\/wp-content\/uploads\/2023\/12\/JNR-Shisha-15k-puff-discount-price-Sweden-1-1045x1536.jpg 1045w, https:\/\/vapebulkp.com\/wp-content\/uploads\/2023\/12\/JNR-Shisha-15k-puff-discount-price-Sweden-1-1394x2048.jpg 1394w, https:\/\/vapebulkp.com\/wp-content\/uploads\/2023\/12\/JNR-Shisha-15k-puff-discount-price-Sweden-1-600x882.jpg 600w\" sizes=\"(max-width: 714px) 100vw, 714px\" \/><\/p>\n<h6 style=\"text-align: left\"><\/h6>\n<h6>V\u0103 rug\u0103m contacta\u021bi-o pe Mandy pe WhatsApp pentru un pre\u021b redus<a href=\"https:\/\/wa.me\/8618077105796\">+8618077105796<\/a><\/h6>\n<p><img decoding=\"async\" class=\"alignnone wp-image-2151\" src=\"http:\/\/vapebulkp.com\/wp-content\/uploads\/2024\/04\/Mandy-WhatsApp-Randm.jpg\" alt=\"RandM Mandy WhatsApp\" width=\"263\" height=\"280\" srcset=\"https:\/\/vapebulkp.com\/wp-content\/uploads\/2024\/04\/Mandy-WhatsApp-Randm.jpg 916w, https:\/\/vapebulkp.com\/wp-content\/uploads\/2024\/04\/Mandy-WhatsApp-Randm-282x300.jpg 282w, https:\/\/vapebulkp.com\/wp-content\/uploads\/2024\/04\/Mandy-WhatsApp-Randm-768x817.jpg 768w, https:\/\/vapebulkp.com\/wp-content\/uploads\/2024\/04\/Mandy-WhatsApp-Randm-600x638.jpg 600w\" sizes=\"(max-width: 263px) 100vw, 263px\" \/><\/p>\n<h2><span style=\"vertical-align: inherit\">Am crezut c\u0103 a\u021bi dori s\u0103 afla\u021bi despre Vapme narghilea 15k Pufuri Cele mai bune v\u00e2nz\u0103ri de vapori:<\/span><\/h2>\n<p>&nbsp;<\/p>\n<h4 class=\"style-scope ytd-watch-metadata\">1. Cum s\u0103 utiliza\u021bi stiloul de vapat Vapme narghilea 15000 Pufuri?<\/h4>\n<p>1: Rupe\u021bi punga sigilat\u0103<br \/>\n2: Dezlipi\u021bi autocolantul<br \/>\n3: Scoate\u021bi dopul de silicon \u0219i l\u0103sa\u021bi-l s\u0103 stea 10 minute, apoi \u00eel pute\u021bi folosi<\/p>\n<h6>2. Cum se \u00eencarc\u0103 dispozitivul de vapat de unic\u0103 folosin\u021b\u0103 Vapme narghilea 15000 Pufuri?<\/h6>\n<p>Nu pot fi utilizate \u00eenc\u0103rc\u0103toare cu \u00eenc\u0103rcare rapid\u0103, iar puterea standard sigur\u0103 a \u021big\u0103rilor electronice de unic\u0103 folosin\u021b\u0103 este de 5V 1A.<\/p>\n<p>Fiecare sesiune de \u00eenc\u0103rcare nu poate dep\u0103\u0219i 1 or\u0103, iar timpul de \u00eenc\u0103rcare sigur este de o jum\u0103tate de or\u0103.<\/p>\n<h6>3.C\u00e2te pufuri are Vapme shisha 15000 Puffs stiloul de unic\u0103 folosin\u021b\u0103?<\/h6>\n<p>\u2014-15000 Pufuri<\/p>\n<p><span style=\"color: #ff6600\">Not\u0103: nu \u00eenc\u0103rca\u021bi toat\u0103 noaptea!<\/span><\/p>\n<p>&nbsp;<\/p>\n<h3>Vapme shisha 15k Puffs Caracteristic\u0103 produs Vape:<\/h3>\n<p>Model: VAPME SHISHA 15000 PUFFS<br \/>\nPufuri: 15000<br \/>\nCapacitate baterie: 650mAh<br \/>\nVolum E-Lichid: 25ml<br \/>\nCon\u021binut de nicotin\u0103: 2%\/\/5% sare de nicotin\u0103<br \/>\nAmbalaj: 10 buc\u0103\u021bi \u00eentr-o cutie de prezentare<br \/>\nCantitate minim\u0103 comand\u0103 (MOQ): 50 de buc\u0103\u021bi<\/p>\n<h3><strong>Care este cel mai bun vape Vapme shisha<\/strong>\u00a015000 Pufuri <strong>Arome?<\/strong><\/h3>\n<p>1.Afine cu ghea\u021b\u0103<br \/>\n2. Kiwi, fructul pasiunii \u0219i guava<br \/>\n3. Limonad\u0103 cu zmeur\u0103 albastr\u0103<br \/>\n4. C\u0103p\u0219uni \u0219i kiwi<br \/>\n5. Fructe de p\u0103dure mixte<br \/>\n6. C\u0103p\u0219uni \u0219i pepene ro\u0219u<br \/>\n7.Ghea\u021b\u0103 cu struguri<br \/>\n8. Pepene verde cu ghea\u021b\u0103<br \/>\n9.Piersic\u0103 mango ananas<br \/>\n10.Ghea\u021b\u0103 de c\u0103p\u0219uni<br \/>\n11.Piersici cu ghea\u021b\u0103<br \/>\n12. Mango Banane<\/p>\n<p><a href=\"https:\/\/vapebulkp.com\/ro\/product\/popular-randm-tornado-7000puffs-disposable-vape-best-price\/\">Randm tornado 7000 pufuri<\/a><\/p>\n<p><span style=\"vertical-align: inherit\">G\u0103se\u0219te mai multe produse care \u021bi-ar putea pl\u0103cea:<\/span><em><a href=\"https:\/\/wa.me\/8618077105796\"><span style=\"vertical-align: inherit\">\u00a0Cump\u0103r\u0103-l acum<\/span><\/a><\/em><\/p>\n<p><span style=\"vertical-align: inherit\">Alte Inhala\u021bii care \u021bi-ar putea pl\u0103cea:<\/span><a href=\"https:\/\/vapebulkp.com\/ro\/product\/good-sale-randm-tornado-10000-puffs-plus\/\"><span style=\"vertical-align: inherit\">RandM 10000Puf<\/span><\/a><span style=\"vertical-align: inherit\">\u2014Cu o capacitate de 10.000 de pufuri, acest dispozitiv este un favorit printre entuzia\u0219tii vapingului.<\/span><\/p>\n<p><a href=\"https:\/\/vapebulkp.com\/ro\/product\/wholesale-randm-tornado-9000-puffs-germany\/\"><span style=\"vertical-align: inherit\">RandM Tornado 9000 pufuri<\/span><\/a><span style=\"vertical-align: inherit\">\u2014Fiind cea mai popular\u0103 \u021bigar\u0103 electronic\u0103, Randm are 9.000 de pufuri de care s\u0103 te bucuri<\/span><\/p>\n<p><a href=\"https:\/\/vapebulkp.com\/ro\/product\/popular-bang-king-10000-puffs-vape-good-price\/\"><span style=\"vertical-align: inherit\">Bang King 10000 Puff-uri<\/span><\/a><span style=\"vertical-align: inherit\">\u2014Bang King este un brand popular cu modele unice \u0219i 10000 de puff-uri<\/span><\/p>\n<p><a href=\"https:\/\/vapebulkp.com\/ro\/product\/bang-king-12000puffs\/\"><span style=\"vertical-align: inherit\">Bang King 12000 de Inhala\u021bii<\/span><\/a>\u2014-Bang King 12000 Pufuri este un brand popular cu modele unice \u0219i 12.000 de pufuri, o alt\u0103 op\u021biune pentru a v\u0103 \u00eembun\u0103t\u0103\u021bi nevoile de vaping<\/p>\n<p><span style=\"vertical-align: inherit\">Sticl\u0103 de \u021bigar\u0103 electronic\u0103 cu form\u0103 special\u0103:<\/span><a href=\"https:\/\/vapebulkp.com\/ro\/product\/popular-kulx-10000puffs-disposable-vape-good-price\/\"><span style=\"vertical-align: inherit\">Kulx 10000 Pufuri<\/span><\/a><span style=\"vertical-align: inherit\">\/ <\/span><a href=\"https:\/\/vapebulkp.com\/ro\/product\/disposable-vape-crystal-600-puffs\/\"><span style=\"vertical-align: inherit\">Crystal Legend 600 de pufuri<\/span><\/a><span style=\"vertical-align: inherit\">\/<\/span><a href=\"https:\/\/vapebulkp.com\/ro\/product\/bang-box-12000puffs-good-vape-sweden-wholesale-price\/\"><span style=\"vertical-align: inherit\">Bang Box vape 12000 pufuri<\/span><\/a><\/p>\n<h4>Lucruri pe care a\u021bi putea dori s\u0103 le \u0219ti\u021bi despre \u021big\u0103rile electronice (e-\u021big\u0103ri):<\/h4>\n<p>\u00ce: De ce \u021big\u0103rile electronice au scurgeri de ulei?<br \/>\nR: Scurgerile de ulei ale \u021big\u0103rilor electronice pot fi cauzate de instalarea incorect\u0103 a miezului atomizorului sau de deteriorarea inelului de etan\u0219are \u00een timpul umplerii. Asigura\u021bi-v\u0103 c\u0103 nu str\u00e2nge\u021bi prea mult uleiul la umplere \u0219i verifica\u021bi dac\u0103 inelul de etan\u0219are este intact, ceea ce poate reduce eficient scurgerile de ulei.<\/p>\n<p>\u00ce: De ce \u021bigara electronic\u0103 miroase a ars?<br \/>\nR: Mirosul de ars este de obicei cauzat de arderea uscat\u0103 a miezului atomizorului sau de ulei insuficient. Se recomand\u0103 \u00eenlocuirea regulat\u0103 a miezului atomizorului \u0219i asigurarea unei cantit\u0103\u021bi suficiente de ulei pentru a evita arderea uscat\u0103.<\/p>\n<p>\u00ce: De ce puterea de aspirare a \u021big\u0103rilor electronice devine mai slab\u0103?<br \/>\nR: Aspira\u021bia slab\u0103 poate fi cauzat\u0103 de puterea insuficient\u0103 a bateriei, de \u00eemb\u0103tr\u00e2nirea miezului atomizorului sau de blocarea acestuia. \u00cencerca\u021bi s\u0103 re\u00eenc\u0103rca\u021bi bateria sau s\u0103 \u00eenlocui\u021bi miezul atomizorului cu unul nou pentru a rezolva problema aspira\u021biei slabe.<\/p>\n<p>\u00ce: Cum se cur\u0103\u021b\u0103 echipamentul de \u021big\u0103ri electronice?<br \/>\nR: Cur\u0103\u021barea regulat\u0103 a dispozitivului dvs. de \u021bigar\u0103 electronic\u0103 \u00eei va men\u021bine performan\u021ba \u0219i gustul. Utiliza\u021bi o c\u00e2rp\u0103 moale pentru a \u0219terge u\u0219or suprafa\u021ba dispozitivului \u0219i utiliza\u021bi be\u021bi\u0219oare de bumbac pentru a cur\u0103\u021ba conexiunile sau suprafe\u021bele interne, dar ave\u021bi grij\u0103 s\u0103 evita\u021bi deteriorarea.<\/p>\n<p>\u00ce: Sunt \u021big\u0103rile electronice d\u0103un\u0103toare s\u0103n\u0103t\u0103\u021bii?<br \/>\nR: De\u0219i \u021big\u0103rile electronice pot con\u021bine mai pu\u021bine substan\u021be nocive dec\u00e2t \u021big\u0103rile tradi\u021bionale, acest lucru nu \u00eenseamn\u0103 c\u0103 sunt complet inofensive. Utilizarea pe termen lung a \u021big\u0103rilor electronice poate avea totu\u0219i anumite efecte asupra s\u0103n\u0103t\u0103\u021bii. Cel mai bine este s\u0103 limita\u021bi utilizarea \u0219i s\u0103 solicita\u021bi sfatul unui medic specialist.<\/p>\n<h4>Detaliile de expediere:<\/h4>\n<p><span style=\"color: #ff6600\">Timp de produc\u021bie: 5-10 zile lucr\u0103toare<\/span><br \/>\n<span style=\"color: #ff6600\">Timp de livrare: 8-14 zile lucr\u0103toare<\/span><\/p>\n<p>Toate produsele din magazinul nostru sunt 100% originale \u0219i autentice, deci politica magazinului nostru este compensarea de zece ori pentru bunurile contraf\u0103cute. Folosim canale logistice precum UPS\/DHL\/FEDEX\/DPD pentru a v\u0103 livra m\u0103rfurile.<\/p>\n<p>Pentru coletele expediate \u00een Rom\u00e2nia, de obicei dureaz\u0103 10 zile lucr\u0103toare s\u0103 ajung\u0103. Expedierea c\u0103tre \u021b\u0103rile europene dureaz\u0103 de obicei 12 p\u00e2n\u0103 la 15 zile lucr\u0103toare. Vom actualiza informa\u021biile logistice pentru dumneavoastr\u0103 \u00een timp real.<\/p>\n<p>Contacta\u021bi-ne \u0219i v\u0103 putem oferi Hazebar 12000 Puff \u0219i v\u0103 putem duce afacerea la noi culmi!<\/p>","protected":false},"excerpt":{"rendered":"<p>Pre\u021b Angro <a href=\"https:\/\/vapebulkp.com\/ro\/product\/good-vape-jnr-shisha-15000-puffs-wholesale-vapme-shisha\/\">VAPME SHISHA 15000 PUFURI <\/a>Top V\u00e2nz\u0103ri Vapori<br \/>\nVAPME SHISHA 15000 PUFURI Magazin de vapori Narghilea<br \/>\nPopular VAPE Vapme narghilea 15k Pufuri<br \/>\n<img decoding=\"async\" class=\"alignnone wp-image-2151\" src=\"http:\/\/vapebulkp.com\/wp-content\/uploads\/2024\/04\/Mandy-WhatsApp-Randm.jpg\" alt=\"RandM Mandy WhatsApp\" width=\"238\" height=\"253\" srcset=\"https:\/\/vapebulkp.com\/wp-content\/uploads\/2024\/04\/Mandy-WhatsApp-Randm.jpg 916w, https:\/\/vapebulkp.com\/wp-content\/uploads\/2024\/04\/Mandy-WhatsApp-Randm-282x300.jpg 282w, https:\/\/vapebulkp.com\/wp-content\/uploads\/2024\/04\/Mandy-WhatsApp-Randm-768x817.jpg 768w, https:\/\/vapebulkp.com\/wp-content\/uploads\/2024\/04\/Mandy-WhatsApp-Randm-600x638.jpg 600w\" sizes=\"(max-width: 238px) 100vw, 238px\" \/><\/p>\n<p>V\u0103 rug\u0103m contacta\u021bi-o pe Mandy pe WhatsApp pentru un pre\u021b redus<a href=\"https:\/\/wa.me\/8618077105796\">+8618077105796<\/a><\/p>\n<p><span style=\"color: #ff0000\">NOT\u0102: Pre\u021burile de pe site-ul nostru nu includ costurile de transport<\/span><\/p>","protected":false},"featured_media":1973,"comment_status":"open","ping_status":"closed","template":"","meta":{"_uag_custom_page_level_css":"","_lmt_disableupdate":"no","_lmt_disable":"","site-sidebar-layout":"default","site-content-layout":"content-boxed-container","ast-site-content-layout":"normal-width-container","site-content-style":"boxed","site-sidebar-style":"unboxed","ast-global-header-display":"","ast-banner-title-visibility":"","ast-main-header-display":"","ast-hfb-above-header-display":"","ast-hfb-below-header-display":"","ast-hfb-mobile-header-display":"","site-post-title":"","ast-breadcrumbs-content":"","ast-featured-img":"","footer-sml-layout":"","theme-transparent-header-meta":"default","adv-header-id-meta":"","stick-header-meta":"","header-above-stick-meta":"","header-main-stick-meta":"","header-below-stick-meta":"","astra-migrate-meta-layouts":"set","_joinchat":[]},"product_cat":[165,153,155,33,59,100,353,34,158,157,154,152,58,84,156,63,32],"product_tag":[77,36,37,91,105,41,71,40],"class_list":["post-1979","product","type-product","status-publish","has-post-thumbnail","hentry","product_cat-15000-puffs-disposable-vape","product_cat-hot-disposable-vapes","product_cat-belgium-hot-disposable-vapes","product_cat-france-vape-hot-sale","product_cat-germany-hot-disposable-vape","product_cat-germany-wholesale-vape-shop","product_cat-jnr-vape","product_cat-netherlands-vape-good-sale","product_cat-norway-hot-disposable-vapes","product_cat-poland-hot-disposable-vapes","product_cat-portugal-hot-disposable-vapes","product_cat-spain-hot-disposable-vapes","product_cat-sweden-hot-disposable-vape","product_cat-sweden-wholesale-vape","product_cat-switzerland-hot-disposable-vapes","product_cat-top-sale-disposable-vape","product_cat-vape-hot-sale-this-week","product_tag-15000-puffs","product_tag-good-vape","product_tag-hot-sale-disposable-vape","product_tag-italy-hot-vape","product_tag-jnr","product_tag-poland-hot-vape","product_tag-randm","product_tag-sweden-hot-vape","pa_brand-vapme-vape","desktop-align-left","tablet-align-left","mobile-align-left"],"yoast_head":"<!-- This site is optimized with the Yoast SEO plugin v21.1 - https:\/\/yoast.com\/wordpress\/plugins\/seo\/ -->\n<title>Good Vape JNR SHISHA 15000 Puffs Wholesale VAPME SHISHA - vapebulkp.com<\/title>\n<meta name=\"description\" content=\"Buy the VAPME SHISHA 15000 Puffs, a high-capacity 15000 Puffs Disposable Vape with long-lasting battery and rich flavor. EU shipping \u2014 order now!\" \/>\n<meta name=\"robots\" content=\"index, follow, max-snippet:-1, max-image-preview:large, max-video-preview:-1\" \/>\n<link rel=\"canonical\" href=\"https:\/\/vapebulkp.com\/ro\/product\/good-vape-jnr-shisha-15000-puffs-wholesale-vapme-shisha\/\" \/>\n<meta property=\"og:locale\" content=\"ro_RO\" \/>\n<meta property=\"og:type\" content=\"article\" \/>\n<meta property=\"og:title\" content=\"Good Vape JNR SHISHA 15000 Puffs Wholesale VAPME SHISHA - vapebulkp.com\" \/>\n<meta property=\"og:description\" content=\"Buy the VAPME SHISHA 15000 Puffs, a high-capacity 15000 Puffs Disposable Vape with long-lasting battery and rich flavor. EU shipping \u2014 order now!\" \/>\n<meta property=\"og:url\" content=\"https:\/\/vapebulkp.com\/ro\/product\/good-vape-jnr-shisha-15000-puffs-wholesale-vapme-shisha\/\" \/>\n<meta property=\"og:site_name\" content=\"vapebulkp.com\" \/>\n<meta property=\"article:modified_time\" content=\"2025-09-24T03:18:15+00:00\" \/>\n<meta property=\"og:image\" content=\"http:\/\/vapebulkp.com\/wp-content\/uploads\/2023\/12\/JNR-Shisha-15k-puff-discount-price-Sweden-Germany-scaled.jpg\" \/>\n\t<meta property=\"og:image:width\" content=\"1742\" \/>\n\t<meta property=\"og:image:height\" content=\"2560\" \/>\n\t<meta property=\"og:image:type\" content=\"image\/jpeg\" \/>\n<meta name=\"twitter:card\" content=\"summary_large_image\" \/>\n<meta name=\"twitter:label1\" content=\"Timp estimat pentru citire\" \/>\n\t<meta name=\"twitter:data1\" content=\"4 minute\" \/>\n<script type=\"application\/ld+json\" class=\"yoast-schema-graph\">{\"@context\":\"https:\/\/schema.org\",\"@graph\":[{\"@type\":\"WebPage\",\"@id\":\"https:\/\/vapebulkp.com\/product\/good-vape-jnr-shisha-15000-puffs-wholesale-vapme-shisha\/\",\"url\":\"https:\/\/vapebulkp.com\/product\/good-vape-jnr-shisha-15000-puffs-wholesale-vapme-shisha\/\",\"name\":\"Good Vape JNR SHISHA 15000 Puffs Wholesale VAPME SHISHA - vapebulkp.com\",\"isPartOf\":{\"@id\":\"https:\/\/vapebulkp.com\/#website\"},\"datePublished\":\"2023-12-26T07:44:42+00:00\",\"dateModified\":\"2025-09-24T03:18:15+00:00\",\"description\":\"Buy the VAPME SHISHA 15000 Puffs, a high-capacity 15000 Puffs Disposable Vape with long-lasting battery and rich flavor. EU shipping \u2014 order now!\",\"breadcrumb\":{\"@id\":\"https:\/\/vapebulkp.com\/product\/good-vape-jnr-shisha-15000-puffs-wholesale-vapme-shisha\/#breadcrumb\"},\"inLanguage\":\"ro-RO\",\"potentialAction\":[{\"@type\":\"ReadAction\",\"target\":[\"https:\/\/vapebulkp.com\/product\/good-vape-jnr-shisha-15000-puffs-wholesale-vapme-shisha\/\"]}]},{\"@type\":\"BreadcrumbList\",\"@id\":\"https:\/\/vapebulkp.com\/product\/good-vape-jnr-shisha-15000-puffs-wholesale-vapme-shisha\/#breadcrumb\",\"itemListElement\":[{\"@type\":\"ListItem\",\"position\":1,\"name\":\"Home\",\"item\":\"https:\/\/vapebulkp.com\/\"},{\"@type\":\"ListItem\",\"position\":2,\"name\":\"Hot Trend Vapes\",\"item\":\"https:\/\/vapebulkp.com\/vape-shop\/\"},{\"@type\":\"ListItem\",\"position\":3,\"name\":\"Good Vape JNR SHISHA 15000 Puffs Wholesale VAPME SHISHA\"}]},{\"@type\":\"WebSite\",\"@id\":\"https:\/\/vapebulkp.com\/#website\",\"url\":\"https:\/\/vapebulkp.com\/\",\"name\":\"vapebulkp.com\",\"description\":\"Buy Vape In Cheap Bulk Price Near you\",\"publisher\":{\"@id\":\"https:\/\/vapebulkp.com\/#organization\"},\"potentialAction\":[{\"@type\":\"SearchAction\",\"target\":{\"@type\":\"EntryPoint\",\"urlTemplate\":\"https:\/\/vapebulkp.com\/?s={search_term_string}\"},\"query-input\":\"required name=search_term_string\"}],\"inLanguage\":\"ro-RO\"},{\"@type\":\"Organization\",\"@id\":\"https:\/\/vapebulkp.com\/#organization\",\"name\":\"vapebulkp.com\",\"url\":\"https:\/\/vapebulkp.com\/\",\"logo\":{\"@type\":\"ImageObject\",\"inLanguage\":\"ro-RO\",\"@id\":\"https:\/\/vapebulkp.com\/#\/schema\/logo\/image\/\",\"url\":\"https:\/\/vapebulkp.com\/wp-content\/uploads\/2023\/09\/cropped-vapebulkp.png\",\"contentUrl\":\"https:\/\/vapebulkp.com\/wp-content\/uploads\/2023\/09\/cropped-vapebulkp.png\",\"width\":516,\"height\":163,\"caption\":\"vapebulkp.com\"},\"image\":{\"@id\":\"https:\/\/vapebulkp.com\/#\/schema\/logo\/image\/\"}}]}<\/script>\n<!-- \/ Yoast SEO plugin. -->","yoast_head_json":{"title":"Good Vape JNR SHISHA 15000 Puffs Wholesale VAPME SHISHA - vapebulkp.com","description":"Buy the VAPME SHISHA 15000 Puffs, a high-capacity 15000 Puffs Disposable Vape with long-lasting battery and rich flavor. EU shipping \u2014 order now!","robots":{"index":"index","follow":"follow","max-snippet":"max-snippet:-1","max-image-preview":"max-image-preview:large","max-video-preview":"max-video-preview:-1"},"canonical":"https:\/\/vapebulkp.com\/ro\/product\/good-vape-jnr-shisha-15000-puffs-wholesale-vapme-shisha\/","og_locale":"ro_RO","og_type":"article","og_title":"Good Vape JNR SHISHA 15000 Puffs Wholesale VAPME SHISHA - vapebulkp.com","og_description":"Buy the VAPME SHISHA 15000 Puffs, a high-capacity 15000 Puffs Disposable Vape with long-lasting battery and rich flavor. EU shipping \u2014 order now!","og_url":"https:\/\/vapebulkp.com\/ro\/product\/good-vape-jnr-shisha-15000-puffs-wholesale-vapme-shisha\/","og_site_name":"vapebulkp.com","article_modified_time":"2025-09-24T03:18:15+00:00","og_image":[{"width":1742,"height":2560,"url":"http:\/\/vapebulkp.com\/wp-content\/uploads\/2023\/12\/JNR-Shisha-15k-puff-discount-price-Sweden-Germany-scaled.jpg","type":"image\/jpeg"}],"twitter_card":"summary_large_image","twitter_misc":{"Timp estimat pentru citire":"4 minute"},"schema":{"@context":"https:\/\/schema.org","@graph":[{"@type":"WebPage","@id":"https:\/\/vapebulkp.com\/product\/good-vape-jnr-shisha-15000-puffs-wholesale-vapme-shisha\/","url":"https:\/\/vapebulkp.com\/product\/good-vape-jnr-shisha-15000-puffs-wholesale-vapme-shisha\/","name":"Good Vape JNR SHISHA 15000 Puffs Wholesale VAPME SHISHA - vapebulkp.com","isPartOf":{"@id":"https:\/\/vapebulkp.com\/#website"},"datePublished":"2023-12-26T07:44:42+00:00","dateModified":"2025-09-24T03:18:15+00:00","description":"Buy the VAPME SHISHA 15000 Puffs, a high-capacity 15000 Puffs Disposable Vape with long-lasting battery and rich flavor. EU shipping \u2014 order now!","breadcrumb":{"@id":"https:\/\/vapebulkp.com\/product\/good-vape-jnr-shisha-15000-puffs-wholesale-vapme-shisha\/#breadcrumb"},"inLanguage":"ro-RO","potentialAction":[{"@type":"ReadAction","target":["https:\/\/vapebulkp.com\/product\/good-vape-jnr-shisha-15000-puffs-wholesale-vapme-shisha\/"]}]},{"@type":"BreadcrumbList","@id":"https:\/\/vapebulkp.com\/product\/good-vape-jnr-shisha-15000-puffs-wholesale-vapme-shisha\/#breadcrumb","itemListElement":[{"@type":"ListItem","position":1,"name":"Home","item":"https:\/\/vapebulkp.com\/"},{"@type":"ListItem","position":2,"name":"Hot Trend Vapes","item":"https:\/\/vapebulkp.com\/vape-shop\/"},{"@type":"ListItem","position":3,"name":"Good Vape JNR SHISHA 15000 Puffs Wholesale VAPME SHISHA"}]},{"@type":"WebSite","@id":"https:\/\/vapebulkp.com\/#website","url":"https:\/\/vapebulkp.com\/","name":"vapebulkp.com","description":"Buy Vape In Cheap Bulk Price Near you","publisher":{"@id":"https:\/\/vapebulkp.com\/#organization"},"potentialAction":[{"@type":"SearchAction","target":{"@type":"EntryPoint","urlTemplate":"https:\/\/vapebulkp.com\/?s={search_term_string}"},"query-input":"required name=search_term_string"}],"inLanguage":"ro-RO"},{"@type":"Organization","@id":"https:\/\/vapebulkp.com\/#organization","name":"vapebulkp.com","url":"https:\/\/vapebulkp.com\/","logo":{"@type":"ImageObject","inLanguage":"ro-RO","@id":"https:\/\/vapebulkp.com\/#\/schema\/logo\/image\/","url":"https:\/\/vapebulkp.com\/wp-content\/uploads\/2023\/09\/cropped-vapebulkp.png","contentUrl":"https:\/\/vapebulkp.com\/wp-content\/uploads\/2023\/09\/cropped-vapebulkp.png","width":516,"height":163,"caption":"vapebulkp.com"},"image":{"@id":"https:\/\/vapebulkp.com\/#\/schema\/logo\/image\/"}}]}},"uagb_featured_image_src":{"full":["https:\/\/vapebulkp.com\/wp-content\/uploads\/2023\/12\/JNR-Shisha-15k-puff-discount-price-Sweden-Germany-scaled.jpg",1742,2560,false],"thumbnail":["https:\/\/vapebulkp.com\/wp-content\/uploads\/2023\/12\/JNR-Shisha-15k-puff-discount-price-Sweden-Germany-150x150.jpg",150,150,true],"medium":["https:\/\/vapebulkp.com\/wp-content\/uploads\/2023\/12\/JNR-Shisha-15k-puff-discount-price-Sweden-Germany-204x300.jpg",204,300,true],"medium_large":["https:\/\/vapebulkp.com\/wp-content\/uploads\/2023\/12\/JNR-Shisha-15k-puff-discount-price-Sweden-Germany-768x1129.jpg",768,1129,true],"large":["https:\/\/vapebulkp.com\/wp-content\/uploads\/2023\/12\/JNR-Shisha-15k-puff-discount-price-Sweden-Germany-697x1024.jpg",697,1024,true],"1536x1536":["https:\/\/vapebulkp.com\/wp-content\/uploads\/2023\/12\/JNR-Shisha-15k-puff-discount-price-Sweden-Germany-1045x1536.jpg",1045,1536,true],"2048x2048":["https:\/\/vapebulkp.com\/wp-content\/uploads\/2023\/12\/JNR-Shisha-15k-puff-discount-price-Sweden-Germany-1394x2048.jpg",1394,2048,true],"trp-custom-language-flag":["https:\/\/vapebulkp.com\/wp-content\/uploads\/2023\/12\/JNR-Shisha-15k-puff-discount-price-Sweden-Germany-scaled.jpg",8,12,false],"woocommerce_thumbnail":["https:\/\/vapebulkp.com\/wp-content\/uploads\/2023\/12\/JNR-Shisha-15k-puff-discount-price-Sweden-Germany-300x300.jpg",300,300,true],"woocommerce_single":["https:\/\/vapebulkp.com\/wp-content\/uploads\/2023\/12\/JNR-Shisha-15k-puff-discount-price-Sweden-Germany-600x882.jpg",600,882,true],"woocommerce_gallery_thumbnail":["https:\/\/vapebulkp.com\/wp-content\/uploads\/2023\/12\/JNR-Shisha-15k-puff-discount-price-Sweden-Germany-100x100.jpg",100,100,true],"wcpr-photo-reviews":["https:\/\/vapebulkp.com\/wp-content\/uploads\/2023\/12\/JNR-Shisha-15k-puff-discount-price-Sweden-Germany-scaled.jpg",340,500,false]},"uagb_author_info":{"display_name":"Mandy vape bulk price","author_link":"https:\/\/vapebulkp.com\/ro\/author\/"},"uagb_comment_info":8,"uagb_excerpt":"Wholesale Prrice VAPME SHISHA 15000 PUFFS Top Sale Vape VAPME SHISHA 15000 PUFFS Hookah vape Shop Popular VAPE Vapme shisha 15k Puffs Pls Contact Mandy's WhatsApp For Discount Price+8618077105796 NOTE: Prices on our website does not include shipping costs","_links":{"self":[{"href":"https:\/\/vapebulkp.com\/ro\/wp-json\/wp\/v2\/product\/1979","targetHints":{"allow":["GET"]}}],"collection":[{"href":"https:\/\/vapebulkp.com\/ro\/wp-json\/wp\/v2\/product"}],"about":[{"href":"https:\/\/vapebulkp.com\/ro\/wp-json\/wp\/v2\/types\/product"}],"replies":[{"embeddable":true,"href":"https:\/\/vapebulkp.com\/ro\/wp-json\/wp\/v2\/comments?post=1979"}],"wp:featuredmedia":[{"embeddable":true,"href":"https:\/\/vapebulkp.com\/ro\/wp-json\/wp\/v2\/media\/1973"}],"wp:attachment":[{"href":"https:\/\/vapebulkp.com\/ro\/wp-json\/wp\/v2\/media?parent=1979"}],"wp:term":[{"taxonomy":"product_cat","embeddable":true,"href":"https:\/\/vapebulkp.com\/ro\/wp-json\/wp\/v2\/product_cat?post=1979"},{"taxonomy":"product_tag","embeddable":true,"href":"https:\/\/vapebulkp.com\/ro\/wp-json\/wp\/v2\/product_tag?post=1979"}],"curies":[{"name":"wp","href":"https:\/\/api.w.org\/{rel}","templated":true}]}}