{"id":2077,"date":"2024-02-26T08:15:03","date_gmt":"2024-02-26T07:15:03","guid":{"rendered":"https:\/\/vapebulkp.com\/?post_type=product&#038;p=2077"},"modified":"2025-09-24T05:17:06","modified_gmt":"2025-09-24T03:17:06","slug":"bang-20000-puffs-hot-vape-top-sale-vape","status":"publish","type":"product","link":"https:\/\/vapebulkp.com\/ro\/product\/bang-20000-puffs-hot-vape-top-sale-vape\/","title":{"rendered":"Bang 20000 Pufuri Vape Fierbinte de Top V\u00e2nzare Vape"},"content":{"rendered":"<h2 style=\"text-align: left\">Bang 20000 Pufuri Vape Fierbinte de Top V\u00e2nzare Vape<\/h2>\n<p data-start=\"157\" data-end=\"421\">The <strong data-start=\"201\" data-end=\"226\">Vape cu 20000 Pufuri Bang<\/strong> este un vape de unic\u0103 folosin\u021b\u0103 de mare capacitate, construit pentru o performan\u021b\u0103 de lung\u0103 durat\u0103. Cu 25 ml de e-lichid premium \u0219i 16 arome populare, ofer\u0103 o vapare consistent\u0103 \u0219i bogat\u0103 de la prima puf\u0103 p\u00e2n\u0103 la ultima.<\/p>\n<p data-start=\"423\" data-end=\"702\">Echipat cu un ecran inteligent pentru nivelul bateriei \u0219i al e-lichidului, Hot Sale Vape <strong data-start=\"490\" data-end=\"510\">Bang 20K Pufuri<\/strong> asigur\u0103 confort \u0219i control pentru fiecare utilizator. Proiectat cu un corp elegant \u0219i o baterie puternic\u0103, ofer\u0103 p\u00e2n\u0103 la 20.000 de pufuri, ceea ce \u00eel face o alegere fiabil\u0103 pentru utilizarea zilnic\u0103 sau pentru ocazii sociale.<\/p>\n<p data-start=\"704\" data-end=\"914\">Perfect pentru vaperii care doresc varietate de arome, un num\u0103r mare de pufuri \u0219i re\u00eenc\u0103rcare u\u0219oar\u0103, <strong data-start=\"791\" data-end=\"827\">Love\u0219te <a href=\"https:\/\/vapebulkp.com\/ro\/product-category\/20000-puffs-disposable-vape\/\">20000 Puffs Vap\u0103 de unic\u0103 folosin\u021b\u0103<\/a><\/strong> este unul dintre cele mai bine v\u00e2ndute dispozitive de pe pia\u021b\u0103, apreciat pentru calitate \u0219i stil.<\/p>\n<p><img decoding=\"async\" class=\"alignnone wp-image-2083\" src=\"http:\/\/vapebulkp.com\/wp-content\/uploads\/2024\/02\/Good-sale-vape-Bang-20000-puffs-Netherlands.jpg\" alt=\"Vap\u0103 de v\u00e2nzare bun\u0103 Bang 20000 de pufuri Rom\u00e2nia\" width=\"402\" height=\"607\" srcset=\"https:\/\/vapebulkp.com\/wp-content\/uploads\/2024\/02\/Good-sale-vape-Bang-20000-puffs-Netherlands.jpg 1080w, https:\/\/vapebulkp.com\/wp-content\/uploads\/2024\/02\/Good-sale-vape-Bang-20000-puffs-Netherlands-199x300.jpg 199w, https:\/\/vapebulkp.com\/wp-content\/uploads\/2024\/02\/Good-sale-vape-Bang-20000-puffs-Netherlands-679x1024.jpg 679w, https:\/\/vapebulkp.com\/wp-content\/uploads\/2024\/02\/Good-sale-vape-Bang-20000-puffs-Netherlands-768x1158.jpg 768w, https:\/\/vapebulkp.com\/wp-content\/uploads\/2024\/02\/Good-sale-vape-Bang-20000-puffs-Netherlands-1018x1536.jpg 1018w, https:\/\/vapebulkp.com\/wp-content\/uploads\/2024\/02\/Good-sale-vape-Bang-20000-puffs-Netherlands-600x905.jpg 600w\" sizes=\"(max-width: 402px) 100vw, 402px\" \/><\/p>\n<p>&nbsp;<\/p>\n<h6>V\u0103 rug\u0103m contacta\u021bi-o pe Mandy pe WhatsApp pentru un pre\u021b redus<a href=\"https:\/\/wa.me\/8618077105796\">+8618077105796<\/a><\/h6>\n<p><img decoding=\"async\" class=\"alignnone wp-image-2151\" src=\"http:\/\/vapebulkp.com\/wp-content\/uploads\/2024\/04\/Mandy-WhatsApp-Randm.jpg\" alt=\"RandM Mandy WhatsApp\" width=\"261\" height=\"277\" srcset=\"https:\/\/vapebulkp.com\/wp-content\/uploads\/2024\/04\/Mandy-WhatsApp-Randm.jpg 916w, https:\/\/vapebulkp.com\/wp-content\/uploads\/2024\/04\/Mandy-WhatsApp-Randm-282x300.jpg 282w, https:\/\/vapebulkp.com\/wp-content\/uploads\/2024\/04\/Mandy-WhatsApp-Randm-768x817.jpg 768w, https:\/\/vapebulkp.com\/wp-content\/uploads\/2024\/04\/Mandy-WhatsApp-Randm-600x638.jpg 600w\" sizes=\"(max-width: 261px) 100vw, 261px\" \/><\/p>\n<h3>Poate te-ai g\u00e2ndit c\u0103 ai vrea s\u0103 \u0219tii despre Bang 20000Puffs Disposable VAPE:<\/h3>\n<h5>1.Cum se folose\u0219te Bang 20k Puffs Vape Pen?<\/h5>\n<p>Pasul 1. \u00cenainte de a utiliza 20k pufuri, scoate\u021bi tubul de plastic.<\/p>\n<p>Pasul 2. A\u0219tepta\u021bi aproximativ 3 minute pentru ca lichidul s\u0103 ajung\u0103 \u00een rezisten\u021ba din interior.<\/p>\n<p>Pasul 3. Bucura\u021bi-v\u0103 de el<\/p>\n<h5>2.CUM SE \u00ceNCARC\u0102 DISPOZITIVUL DE VAPARE DE UNIC\u0102 FOLOSIN\u021a\u0102 Bang 20k PUFFS?<\/h5>\n<p>Nu pot fi utilizate \u00eenc\u0103rc\u0103toare cu \u00eenc\u0103rcare rapid\u0103, iar puterea standard sigur\u0103 a \u021big\u0103rilor electronice de unic\u0103 folosin\u021b\u0103 este de 5V 1A.<\/p>\n<p>Fiecare sesiune de \u00eenc\u0103rcare nu poate dep\u0103\u0219i 1 or\u0103, iar timpul de \u00eenc\u0103rcare sigur este de o jum\u0103tate de or\u0103.<\/p>\n<p><span style=\"color: #ff0000\">Not\u0103: nu \u00eenc\u0103rca\u021bi toat\u0103 noaptea!<\/span><\/p>\n<h5>3.Care este capacitatea de e-lichid a \u021big\u0103rii electronice Bang 20000 Pufuri?<\/h5>\n<p>25ml<\/p>\n<h5>4.C\u00e2te pufuri pot trage din acest Bang 20000 Puffs?<\/h5>\n<p>\u2014\u201320k Pufuri<\/p>\n<h3>Vape en-gros Bang 20000 Puffs Disposable Vape Pod Caracteristici:<\/h3>\n<ul>\n<li>Pufuri: P\u00e2n\u0103 la 20000 de pufuri<\/li>\n<li>\u00a0Lichid: 25 ml cartu\u0219 de e-lichid preumplut<\/li>\n<li>Nicotin\u0103: 2\/5% Nicotin\u0103 salin\u0103<\/li>\n<li>\u00a0Tipuri: de unic\u0103 folosin\u021b\u0103<\/li>\n<li>\u00a0650mAh<\/li>\n<li>\u00a0Bobin\u0103 de plas\u0103<\/li>\n<li>\u00a0Cablu de re\u00eenc\u0103rcare Tip-C<\/li>\n<li>\u00a016 arome disponibile<\/li>\n<\/ul>\n<p>&nbsp;<\/p>\n<h3><strong>Care sunt cele mai bune arome Bang 20000 Puffs?<\/strong><\/h3>\n<p>1.Ment\u0103<br \/>\n2.Litchi cu c\u0103p\u0219uni<br \/>\n3.Kiwi cu c\u0103p\u0219uni<br \/>\n4.C\u0103p\u0219uni cu pepene ro\u0219u<br \/>\n5.Taur ro\u0219u<br \/>\n6.Fructe Asortate<br \/>\n7.Afine cu ghea\u021b\u0103<br \/>\n8. Zmeur\u0103 cu afine<br \/>\n9.Afine \u0219i pepene ro\u0219u<br \/>\n10.Struguri cu ghea\u021b\u0103<br \/>\n11.Ghea\u021b\u0103 de Piersici<br \/>\n12.Pepene ro\u0219u cu ghea\u021b\u0103<br \/>\n13.Zmeur\u0103 \u0219i pepene ro\u0219u<br \/>\n14.C\u0103p\u0219uni \u0219i mango<br \/>\n15.M\u0103r dublu<br \/>\n16.Mango, piersic\u0103 \u0219i pepene ro\u0219u<\/p>\n<p><a href=\"https:\/\/vapebulkp.com\/ro\/product\/popular-randm-tornado-7000puffs-disposable-vape-best-price\/\"><span style=\"vertical-align: inherit\">RandM Tornado 7000 de Inhala\u021bii <\/span><\/a><\/p>\n<p><span style=\"vertical-align: inherit\">G\u0103se\u0219te mai multe produse care \u021bi-ar putea pl\u0103cea:<\/span><em><a href=\"https:\/\/wa.me\/8618077105796\"><span style=\"vertical-align: inherit\">\u00a0Cump\u0103r\u0103-l acum<\/span><\/a><\/em><\/p>\n<p><span style=\"vertical-align: inherit\">Alte Inhala\u021bii care \u021bi-ar putea pl\u0103cea:<\/span><a href=\"https:\/\/vapebulkp.com\/ro\/product\/joymy-ultra15000puffs-best-disposable-vape-2023\/\"><span style=\"vertical-align: inherit\">JOYMY 15000 de Inhala\u021bii<\/span><\/a><span style=\"vertical-align: inherit\">\u3001<\/span><a href=\"https:\/\/vapebulkp.com\/ro\/product\/wholesale-randm-tornado-9000-puffs-germany\/\"><span style=\"vertical-align: inherit\">RandM 9000 de Inhala\u021bii<\/span><\/a><span style=\"vertical-align: inherit\">\/ <\/span><a href=\"https:\/\/vapebulkp.com\/ro\/product\/bang-king-12000puffs\/\"><span style=\"vertical-align: inherit\">Bang King 12000 de Inhala\u021bii<\/span><\/a><span style=\"vertical-align: inherit\">\/ <\/span><a href=\"https:\/\/vapebulkp.com\/ro\/product\/wholesale-tornado-rum-bar-9000-puffs-sweden\/\"><span style=\"vertical-align: inherit\">Rumbar 9000 de Inhala\u021bii<\/span><\/a><\/p>\n<p><span style=\"vertical-align: inherit\">Sticl\u0103 de \u021bigar\u0103 electronic\u0103 cu form\u0103 special\u0103:<\/span><a href=\"https:\/\/vapebulkp.com\/ro\/product\/wholesale-kulx-8000-puffs-disposable-vape\/\"><span style=\"vertical-align: inherit\">\u00a0Kulx 8000 Pufuri<\/span><\/a><span style=\"vertical-align: inherit\">\/ <\/span><a href=\"https:\/\/vapebulkp.com\/ro\/product\/popular-bang-king-10000-puffs-vape-good-price\/\"><span style=\"vertical-align: inherit\">\u00a0Bang King 10000 pufuri <\/span><\/a><span style=\"vertical-align: inherit\">\/<\/span><a href=\"https:\/\/vapebulkp.com\/ro\/product\/disposable-vape-crystal-600-puffs\/\"><span style=\"vertical-align: inherit\"> Cristal 600 Pufuri<\/span><\/a><\/p>\n<h5>Calificarea produc\u021biei:<\/h5>\n<p><img decoding=\"async\" class=\"alignnone size-full wp-image-1841\" src=\"http:\/\/vapebulkp.com\/wp-content\/uploads\/2023\/11\/Vape-production-process-2.jpeg\" alt=\"Procesul de produc\u021bie a vafelor\" width=\"650\" height=\"434\" srcset=\"https:\/\/vapebulkp.com\/wp-content\/uploads\/2023\/11\/Vape-production-process-2.jpeg 650w, https:\/\/vapebulkp.com\/wp-content\/uploads\/2023\/11\/Vape-production-process-2-300x200.jpeg 300w, https:\/\/vapebulkp.com\/wp-content\/uploads\/2023\/11\/Vape-production-process-2-600x401.jpeg 600w\" sizes=\"(max-width: 650px) 100vw, 650px\" \/><\/p>\n<p><img decoding=\"async\" class=\"alignnone size-full wp-image-1843\" src=\"http:\/\/vapebulkp.com\/wp-content\/uploads\/2023\/11\/Vape-production-process.jpeg\" alt=\"Procesul de produc\u021bie a vafelor\" width=\"641\" height=\"1026\" srcset=\"https:\/\/vapebulkp.com\/wp-content\/uploads\/2023\/11\/Vape-production-process.jpeg 641w, https:\/\/vapebulkp.com\/wp-content\/uploads\/2023\/11\/Vape-production-process-187x300.jpeg 187w, https:\/\/vapebulkp.com\/wp-content\/uploads\/2023\/11\/Vape-production-process-640x1024.jpeg 640w, https:\/\/vapebulkp.com\/wp-content\/uploads\/2023\/11\/Vape-production-process-600x960.jpeg 600w\" sizes=\"(max-width: 641px) 100vw, 641px\" \/><\/p>\n<h5>\u00centreb\u0103ri frecvente:<\/h5>\n<p>\u00ce: Care este cantitatea minim\u0103 de comand\u0103 pentru Bang 20000Puffs?<br \/>\nR: Comanda minim\u0103 este de 100 de buc\u0103\u021bi.<br \/>\n\u00ce: Care este termenul de livrare pentru \u021big\u0103rile electronice comandate?<br \/>\nR: De obicei, este de 10-15 zile dup\u0103 expediere<br \/>\n\u00ce: C\u00e2t cost\u0103 transportul?R: Costul transportului depinde de greutate. Cantit\u0103\u021bile diferite au costuri de transport diferite, v\u0103 rug\u0103m s\u0103 ne contacta\u021bi pentru a confirma costul transportului.<\/p>\n<h4>Detaliile de expediere:<\/h4>\n<p><span style=\"color: #ff6600\">Timp de produc\u021bie: 5-10 zile lucr\u0103toare<\/span><br \/>\n<span style=\"color: #ff6600\">Timp de livrare: 8-14 zile lucr\u0103toare<\/span><\/p>\n<p>Toate produsele din magazinul nostru sunt 100% originale \u0219i autentice, deci politica magazinului nostru este compensarea de zece ori pentru bunurile contraf\u0103cute. Folosim canale logistice precum UPS\/DHL\/FEDEX\/DPD pentru a v\u0103 livra m\u0103rfurile.<\/p>\n<p>Pentru coletele expediate \u00een Rom\u00e2nia, de obicei dureaz\u0103 10 zile lucr\u0103toare s\u0103 ajung\u0103. Expedierea c\u0103tre \u021b\u0103rile europene dureaz\u0103 de obicei 12 p\u00e2n\u0103 la 15 zile lucr\u0103toare. Vom actualiza informa\u021biile logistice pentru dumneavoastr\u0103 \u00een timp real.<\/p>","protected":false},"excerpt":{"rendered":"<p>Noul lansat Bang 20000 Puffs Disposable Vape, \u00eel meri\u021bi.<\/p>\n<p><img decoding=\"async\" class=\"alignnone wp-image-2151\" src=\"http:\/\/vapebulkp.com\/wp-content\/uploads\/2024\/04\/Mandy-WhatsApp-Randm.jpg\" alt=\"RandM Mandy WhatsApp\" width=\"281\" height=\"299\" srcset=\"https:\/\/vapebulkp.com\/wp-content\/uploads\/2024\/04\/Mandy-WhatsApp-Randm.jpg 916w, https:\/\/vapebulkp.com\/wp-content\/uploads\/2024\/04\/Mandy-WhatsApp-Randm-282x300.jpg 282w, https:\/\/vapebulkp.com\/wp-content\/uploads\/2024\/04\/Mandy-WhatsApp-Randm-768x817.jpg 768w, https:\/\/vapebulkp.com\/wp-content\/uploads\/2024\/04\/Mandy-WhatsApp-Randm-600x638.jpg 600w\" sizes=\"(max-width: 281px) 100vw, 281px\" \/><\/p>\n<p>V\u0103 rug\u0103m contacta\u021bi-o pe Mandy pe WhatsApp pentru un pre\u021b redus<a href=\"https:\/\/wa.me\/8618077105796\">+8618077105796<\/a><\/p>\n<p><span style=\"color: #ff0000\">NOT\u0102: Pre\u021burile de pe site-ul nostru nu includ costurile de transport<\/span><\/p>\n<p>&nbsp;<\/p>","protected":false},"featured_media":2080,"comment_status":"open","ping_status":"closed","template":"","meta":{"_uag_custom_page_level_css":"","_lmt_disableupdate":"no","_lmt_disable":"","site-sidebar-layout":"default","site-content-layout":"content-boxed-container","ast-site-content-layout":"normal-width-container","site-content-style":"boxed","site-sidebar-style":"unboxed","ast-global-header-display":"","ast-banner-title-visibility":"","ast-main-header-display":"","ast-hfb-above-header-display":"","ast-hfb-below-header-display":"","ast-hfb-mobile-header-display":"","site-post-title":"","ast-breadcrumbs-content":"","ast-featured-img":"","footer-sml-layout":"","theme-transparent-header-meta":"default","adv-header-id-meta":"","stick-header-meta":"","header-above-stick-meta":"","header-main-stick-meta":"","header-below-stick-meta":"","astra-migrate-meta-layouts":"set","_joinchat":[]},"product_cat":[162,153,345,155,33,59,100,34,158,157,154,152,58,84,156,63,32],"product_tag":[109,36,37,41,40],"class_list":["post-2077","product","type-product","status-publish","has-post-thumbnail","hentry","product_cat-20000-puffs-disposable-vape","product_cat-hot-disposable-vapes","product_cat-bang-vapes","product_cat-belgium-hot-disposable-vapes","product_cat-france-vape-hot-sale","product_cat-germany-hot-disposable-vape","product_cat-germany-wholesale-vape-shop","product_cat-netherlands-vape-good-sale","product_cat-norway-hot-disposable-vapes","product_cat-poland-hot-disposable-vapes","product_cat-portugal-hot-disposable-vapes","product_cat-spain-hot-disposable-vapes","product_cat-sweden-hot-disposable-vape","product_cat-sweden-wholesale-vape","product_cat-switzerland-hot-disposable-vapes","product_cat-top-sale-disposable-vape","product_cat-vape-hot-sale-this-week","product_tag-20000-puffs","product_tag-good-vape","product_tag-hot-sale-disposable-vape","product_tag-poland-hot-vape","product_tag-sweden-hot-vape","pa_brand-bang-king-vape","desktop-align-left","tablet-align-left","mobile-align-left"],"yoast_head":"<!-- This site is optimized with the Yoast SEO plugin v21.1 - https:\/\/yoast.com\/wordpress\/plugins\/seo\/ -->\n<title>Bang 20000 Puffs Hot Vape Top Sale Vape - vapebulkp.com<\/title>\n<meta name=\"description\" content=\"Shop the Bang 20000 Puffs Disposable Vape with 25ml e-liquid, 16 flavors, and smart battery display. Long-lasting 20000 Puffs Vape \u2014 order now with fast shipping!\" \/>\n<meta name=\"robots\" content=\"index, follow, max-snippet:-1, max-image-preview:large, max-video-preview:-1\" \/>\n<link rel=\"canonical\" href=\"https:\/\/vapebulkp.com\/ro\/product\/bang-20000-puffs-hot-vape-top-sale-vape\/\" \/>\n<meta property=\"og:locale\" content=\"ro_RO\" \/>\n<meta property=\"og:type\" content=\"article\" \/>\n<meta property=\"og:title\" content=\"Bang 20000 Puffs Hot Vape Top Sale Vape - vapebulkp.com\" \/>\n<meta property=\"og:description\" content=\"Shop the Bang 20000 Puffs Disposable Vape with 25ml e-liquid, 16 flavors, and smart battery display. Long-lasting 20000 Puffs Vape \u2014 order now with fast shipping!\" \/>\n<meta property=\"og:url\" content=\"https:\/\/vapebulkp.com\/ro\/product\/bang-20000-puffs-hot-vape-top-sale-vape\/\" \/>\n<meta property=\"og:site_name\" content=\"vapebulkp.com\" \/>\n<meta property=\"article:modified_time\" content=\"2025-09-24T03:17:06+00:00\" \/>\n<meta property=\"og:image\" content=\"http:\/\/vapebulkp.com\/wp-content\/uploads\/2024\/02\/Good-sale-vape-Bang-20000-puffs.jpg\" \/>\n\t<meta property=\"og:image:width\" content=\"1080\" \/>\n\t<meta property=\"og:image:height\" content=\"1341\" \/>\n\t<meta property=\"og:image:type\" content=\"image\/jpeg\" \/>\n<meta name=\"twitter:card\" content=\"summary_large_image\" \/>\n<meta name=\"twitter:label1\" content=\"Timp estimat pentru citire\" \/>\n\t<meta name=\"twitter:data1\" content=\"4 minute\" \/>\n<script type=\"application\/ld+json\" class=\"yoast-schema-graph\">{\"@context\":\"https:\/\/schema.org\",\"@graph\":[{\"@type\":\"WebPage\",\"@id\":\"https:\/\/vapebulkp.com\/product\/bang-20000-puffs-hot-vape-top-sale-vape\/\",\"url\":\"https:\/\/vapebulkp.com\/product\/bang-20000-puffs-hot-vape-top-sale-vape\/\",\"name\":\"Bang 20000 Puffs Hot Vape Top Sale Vape - vapebulkp.com\",\"isPartOf\":{\"@id\":\"https:\/\/vapebulkp.com\/#website\"},\"datePublished\":\"2024-02-26T07:15:03+00:00\",\"dateModified\":\"2025-09-24T03:17:06+00:00\",\"description\":\"Shop the Bang 20000 Puffs Disposable Vape with 25ml e-liquid, 16 flavors, and smart battery display. Long-lasting 20000 Puffs Vape \u2014 order now with fast shipping!\",\"breadcrumb\":{\"@id\":\"https:\/\/vapebulkp.com\/product\/bang-20000-puffs-hot-vape-top-sale-vape\/#breadcrumb\"},\"inLanguage\":\"ro-RO\",\"potentialAction\":[{\"@type\":\"ReadAction\",\"target\":[\"https:\/\/vapebulkp.com\/product\/bang-20000-puffs-hot-vape-top-sale-vape\/\"]}]},{\"@type\":\"BreadcrumbList\",\"@id\":\"https:\/\/vapebulkp.com\/product\/bang-20000-puffs-hot-vape-top-sale-vape\/#breadcrumb\",\"itemListElement\":[{\"@type\":\"ListItem\",\"position\":1,\"name\":\"Home\",\"item\":\"https:\/\/vapebulkp.com\/\"},{\"@type\":\"ListItem\",\"position\":2,\"name\":\"Hot Trend Vapes\",\"item\":\"https:\/\/vapebulkp.com\/vape-shop\/\"},{\"@type\":\"ListItem\",\"position\":3,\"name\":\"Bang 20000 Puffs Hot Vape Top Sale Vape\"}]},{\"@type\":\"WebSite\",\"@id\":\"https:\/\/vapebulkp.com\/#website\",\"url\":\"https:\/\/vapebulkp.com\/\",\"name\":\"vapebulkp.com\",\"description\":\"Buy Vape In Cheap Bulk Price Near you\",\"publisher\":{\"@id\":\"https:\/\/vapebulkp.com\/#organization\"},\"potentialAction\":[{\"@type\":\"SearchAction\",\"target\":{\"@type\":\"EntryPoint\",\"urlTemplate\":\"https:\/\/vapebulkp.com\/?s={search_term_string}\"},\"query-input\":\"required name=search_term_string\"}],\"inLanguage\":\"ro-RO\"},{\"@type\":\"Organization\",\"@id\":\"https:\/\/vapebulkp.com\/#organization\",\"name\":\"vapebulkp.com\",\"url\":\"https:\/\/vapebulkp.com\/\",\"logo\":{\"@type\":\"ImageObject\",\"inLanguage\":\"ro-RO\",\"@id\":\"https:\/\/vapebulkp.com\/#\/schema\/logo\/image\/\",\"url\":\"https:\/\/vapebulkp.com\/wp-content\/uploads\/2023\/09\/cropped-vapebulkp.png\",\"contentUrl\":\"https:\/\/vapebulkp.com\/wp-content\/uploads\/2023\/09\/cropped-vapebulkp.png\",\"width\":516,\"height\":163,\"caption\":\"vapebulkp.com\"},\"image\":{\"@id\":\"https:\/\/vapebulkp.com\/#\/schema\/logo\/image\/\"}}]}<\/script>\n<!-- \/ Yoast SEO plugin. -->","yoast_head_json":{"title":"Bang 20000 Puffs Hot Vape Top Sale Vape - vapebulkp.com","description":"Shop the Bang 20000 Puffs Disposable Vape with 25ml e-liquid, 16 flavors, and smart battery display. Long-lasting 20000 Puffs Vape \u2014 order now with fast shipping!","robots":{"index":"index","follow":"follow","max-snippet":"max-snippet:-1","max-image-preview":"max-image-preview:large","max-video-preview":"max-video-preview:-1"},"canonical":"https:\/\/vapebulkp.com\/ro\/product\/bang-20000-puffs-hot-vape-top-sale-vape\/","og_locale":"ro_RO","og_type":"article","og_title":"Bang 20000 Puffs Hot Vape Top Sale Vape - vapebulkp.com","og_description":"Shop the Bang 20000 Puffs Disposable Vape with 25ml e-liquid, 16 flavors, and smart battery display. Long-lasting 20000 Puffs Vape \u2014 order now with fast shipping!","og_url":"https:\/\/vapebulkp.com\/ro\/product\/bang-20000-puffs-hot-vape-top-sale-vape\/","og_site_name":"vapebulkp.com","article_modified_time":"2025-09-24T03:17:06+00:00","og_image":[{"width":1080,"height":1341,"url":"http:\/\/vapebulkp.com\/wp-content\/uploads\/2024\/02\/Good-sale-vape-Bang-20000-puffs.jpg","type":"image\/jpeg"}],"twitter_card":"summary_large_image","twitter_misc":{"Timp estimat pentru citire":"4 minute"},"schema":{"@context":"https:\/\/schema.org","@graph":[{"@type":"WebPage","@id":"https:\/\/vapebulkp.com\/product\/bang-20000-puffs-hot-vape-top-sale-vape\/","url":"https:\/\/vapebulkp.com\/product\/bang-20000-puffs-hot-vape-top-sale-vape\/","name":"Bang 20000 Puffs Hot Vape Top Sale Vape - vapebulkp.com","isPartOf":{"@id":"https:\/\/vapebulkp.com\/#website"},"datePublished":"2024-02-26T07:15:03+00:00","dateModified":"2025-09-24T03:17:06+00:00","description":"Shop the Bang 20000 Puffs Disposable Vape with 25ml e-liquid, 16 flavors, and smart battery display. Long-lasting 20000 Puffs Vape \u2014 order now with fast shipping!","breadcrumb":{"@id":"https:\/\/vapebulkp.com\/product\/bang-20000-puffs-hot-vape-top-sale-vape\/#breadcrumb"},"inLanguage":"ro-RO","potentialAction":[{"@type":"ReadAction","target":["https:\/\/vapebulkp.com\/product\/bang-20000-puffs-hot-vape-top-sale-vape\/"]}]},{"@type":"BreadcrumbList","@id":"https:\/\/vapebulkp.com\/product\/bang-20000-puffs-hot-vape-top-sale-vape\/#breadcrumb","itemListElement":[{"@type":"ListItem","position":1,"name":"Home","item":"https:\/\/vapebulkp.com\/"},{"@type":"ListItem","position":2,"name":"Hot Trend Vapes","item":"https:\/\/vapebulkp.com\/vape-shop\/"},{"@type":"ListItem","position":3,"name":"Bang 20000 Puffs Hot Vape Top Sale Vape"}]},{"@type":"WebSite","@id":"https:\/\/vapebulkp.com\/#website","url":"https:\/\/vapebulkp.com\/","name":"vapebulkp.com","description":"Buy Vape In Cheap Bulk Price Near you","publisher":{"@id":"https:\/\/vapebulkp.com\/#organization"},"potentialAction":[{"@type":"SearchAction","target":{"@type":"EntryPoint","urlTemplate":"https:\/\/vapebulkp.com\/?s={search_term_string}"},"query-input":"required name=search_term_string"}],"inLanguage":"ro-RO"},{"@type":"Organization","@id":"https:\/\/vapebulkp.com\/#organization","name":"vapebulkp.com","url":"https:\/\/vapebulkp.com\/","logo":{"@type":"ImageObject","inLanguage":"ro-RO","@id":"https:\/\/vapebulkp.com\/#\/schema\/logo\/image\/","url":"https:\/\/vapebulkp.com\/wp-content\/uploads\/2023\/09\/cropped-vapebulkp.png","contentUrl":"https:\/\/vapebulkp.com\/wp-content\/uploads\/2023\/09\/cropped-vapebulkp.png","width":516,"height":163,"caption":"vapebulkp.com"},"image":{"@id":"https:\/\/vapebulkp.com\/#\/schema\/logo\/image\/"}}]}},"uagb_featured_image_src":{"full":["https:\/\/vapebulkp.com\/wp-content\/uploads\/2024\/02\/Good-sale-vape-Bang-20000-puffs.jpg",1080,1341,false],"thumbnail":["https:\/\/vapebulkp.com\/wp-content\/uploads\/2024\/02\/Good-sale-vape-Bang-20000-puffs-150x150.jpg",150,150,true],"medium":["https:\/\/vapebulkp.com\/wp-content\/uploads\/2024\/02\/Good-sale-vape-Bang-20000-puffs-242x300.jpg",242,300,true],"medium_large":["https:\/\/vapebulkp.com\/wp-content\/uploads\/2024\/02\/Good-sale-vape-Bang-20000-puffs-768x954.jpg",768,954,true],"large":["https:\/\/vapebulkp.com\/wp-content\/uploads\/2024\/02\/Good-sale-vape-Bang-20000-puffs-825x1024.jpg",825,1024,true],"1536x1536":["https:\/\/vapebulkp.com\/wp-content\/uploads\/2024\/02\/Good-sale-vape-Bang-20000-puffs.jpg",1080,1341,false],"2048x2048":["https:\/\/vapebulkp.com\/wp-content\/uploads\/2024\/02\/Good-sale-vape-Bang-20000-puffs.jpg",1080,1341,false],"trp-custom-language-flag":["https:\/\/vapebulkp.com\/wp-content\/uploads\/2024\/02\/Good-sale-vape-Bang-20000-puffs.jpg",10,12,false],"woocommerce_thumbnail":["https:\/\/vapebulkp.com\/wp-content\/uploads\/2024\/02\/Good-sale-vape-Bang-20000-puffs-300x300.jpg",300,300,true],"woocommerce_single":["https:\/\/vapebulkp.com\/wp-content\/uploads\/2024\/02\/Good-sale-vape-Bang-20000-puffs-600x745.jpg",600,745,true],"woocommerce_gallery_thumbnail":["https:\/\/vapebulkp.com\/wp-content\/uploads\/2024\/02\/Good-sale-vape-Bang-20000-puffs-100x100.jpg",100,100,true],"wcpr-photo-reviews":["https:\/\/vapebulkp.com\/wp-content\/uploads\/2024\/02\/Good-sale-vape-Bang-20000-puffs.jpg",403,500,false]},"uagb_author_info":{"display_name":"Mandy vape bulk price","author_link":"https:\/\/vapebulkp.com\/ro\/author\/"},"uagb_comment_info":3,"uagb_excerpt":"The newly launched Bang 20000 Puffs Disposable Vape, you deserve it. Pls Contact Mandy's WhatsApp For Discount Price+8618077105796 NOTE: Prices on our website does not include shipping costs &nbsp;","_links":{"self":[{"href":"https:\/\/vapebulkp.com\/ro\/wp-json\/wp\/v2\/product\/2077","targetHints":{"allow":["GET"]}}],"collection":[{"href":"https:\/\/vapebulkp.com\/ro\/wp-json\/wp\/v2\/product"}],"about":[{"href":"https:\/\/vapebulkp.com\/ro\/wp-json\/wp\/v2\/types\/product"}],"replies":[{"embeddable":true,"href":"https:\/\/vapebulkp.com\/ro\/wp-json\/wp\/v2\/comments?post=2077"}],"wp:featuredmedia":[{"embeddable":true,"href":"https:\/\/vapebulkp.com\/ro\/wp-json\/wp\/v2\/media\/2080"}],"wp:attachment":[{"href":"https:\/\/vapebulkp.com\/ro\/wp-json\/wp\/v2\/media?parent=2077"}],"wp:term":[{"taxonomy":"product_cat","embeddable":true,"href":"https:\/\/vapebulkp.com\/ro\/wp-json\/wp\/v2\/product_cat?post=2077"},{"taxonomy":"product_tag","embeddable":true,"href":"https:\/\/vapebulkp.com\/ro\/wp-json\/wp\/v2\/product_tag?post=2077"}],"curies":[{"name":"wp","href":"https:\/\/api.w.org\/{rel}","templated":true}]}}