{"id":2147,"date":"2024-04-03T05:07:44","date_gmt":"2024-04-03T03:07:44","guid":{"rendered":"https:\/\/vapebulkp.com\/?post_type=product&#038;p=2147"},"modified":"2025-09-24T05:49:03","modified_gmt":"2025-09-24T03:49:03","slug":"wholesale-price-randm-15k-waspe-15000-puffs-best-vape","status":"publish","type":"product","link":"https:\/\/vapebulkp.com\/ro\/product\/wholesale-price-randm-15k-waspe-15000-puffs-best-vape\/","title":{"rendered":"Pre\u021b en-gros Randm 15k WASPE 15000 Puffs Cel mai bun Vape"},"content":{"rendered":"<h1>Pre\u021b en-gros Randm 15k WASPE 15000 Puffs Cel mai bun Vape<\/h1>\n<p>&nbsp;<\/p>\n<p data-start=\"331\" data-end=\"626\">The <strong data-start=\"335\" data-end=\"356\">WASPE 15000 Pufuri<\/strong> este un <a href=\"https:\/\/vapebulkp.com\/ro\/product-category\/15000-puffs-disposable-vape\/\"><strong data-start=\"370\" data-end=\"401\">15000 Puffs Vap\u0103 de unic\u0103 folosin\u021b\u0103<\/strong><\/a> construit pentru tinerii europeni care caut\u0103 vaping de \u00eenalt\u0103 performan\u021b\u0103. Av\u00e2nd o baterie re\u00eenc\u0103rcabil\u0103 de 850mAh \u0219i avansat <strong data-start=\"519\" data-end=\"543\">tehnologie cu plas\u0103<\/strong>, ofer\u0103 nori den\u0219i, arom\u0103 bogat\u0103 \u0219i trageri line pentru p\u00e2n\u0103 la 15.000 de pufuri.<\/p>\n<p data-start=\"628\" data-end=\"941\">Acest <strong data-start=\"633\" data-end=\"666\">\u021bigar\u0103 electronic\u0103 de unic\u0103 folosin\u021b\u0103 de mare capacitate<\/strong> vine \u00een 12 arome realizate expert \u0219i op\u021biuni de sare de nicotin\u0103 de 2% sau 5%, oferind o lovitur\u0103 satisf\u0103c\u0103toare \u00een g\u00e2t \u0219i sesiuni de vaping de lung\u0103 durat\u0103. Compact, elegant \u0219i durabil, Vape-ul Hot Sale <strong data-start=\"843\" data-end=\"864\">WASPE 15000 Pufuri<\/strong> este perfect pentru utilizarea zilnic\u0103, adun\u0103ri sociale sau <strong data-start=\"913\" data-end=\"938\">comenzi de vape en-gros<\/strong>.<\/p>\n<p data-start=\"943\" data-end=\"1216\">Conceput pentru comoditate, acest <strong data-start=\"974\" data-end=\"1006\">vape de unic\u0103 folosin\u021b\u0103 re\u00eenc\u0103rcabil<\/strong> suport\u0103 \u00eenc\u0103rcare sigur\u0103 \u0219i performan\u021b\u0103 fiabil\u0103. Expediat din China sau din depozitele UE pentru <strong data-start=\"1087\" data-end=\"1104\">livrare rapid\u0103<\/strong>, este o alegere ideal\u0103 pentru cump\u0103r\u0103torii \u00een vrac \u0219i entuzia\u0219tii vapingului care caut\u0103 dispozitive consistente, de calitate premium.<\/p>\n<h6 style=\"text-align: left\"><img decoding=\"async\" class=\"alignnone wp-image-2128\" src=\"http:\/\/vapebulkp.com\/wp-content\/uploads\/2024\/04\/WASPE-TORNADO-PUFF-15000-PUFFS-WHOLESALE-PRICE.jpg\" alt=\"WASPE TORNADO PUFF 15000 PUFFS PRE\u021a EN-GROS\" width=\"550\" height=\"748\" srcset=\"https:\/\/vapebulkp.com\/wp-content\/uploads\/2024\/04\/WASPE-TORNADO-PUFF-15000-PUFFS-WHOLESALE-PRICE.jpg 1409w, https:\/\/vapebulkp.com\/wp-content\/uploads\/2024\/04\/WASPE-TORNADO-PUFF-15000-PUFFS-WHOLESALE-PRICE-221x300.jpg 221w, https:\/\/vapebulkp.com\/wp-content\/uploads\/2024\/04\/WASPE-TORNADO-PUFF-15000-PUFFS-WHOLESALE-PRICE-753x1024.jpg 753w, https:\/\/vapebulkp.com\/wp-content\/uploads\/2024\/04\/WASPE-TORNADO-PUFF-15000-PUFFS-WHOLESALE-PRICE-768x1044.jpg 768w, https:\/\/vapebulkp.com\/wp-content\/uploads\/2024\/04\/WASPE-TORNADO-PUFF-15000-PUFFS-WHOLESALE-PRICE-1130x1536.jpg 1130w, https:\/\/vapebulkp.com\/wp-content\/uploads\/2024\/04\/WASPE-TORNADO-PUFF-15000-PUFFS-WHOLESALE-PRICE-600x816.jpg 600w\" sizes=\"(max-width: 550px) 100vw, 550px\" \/><\/h6>\n<h6>V\u0103 rug\u0103m contacta\u021bi-o pe Mandy pe WhatsApp pentru un pre\u021b redus<a href=\"https:\/\/wa.me\/8618077105796\">+8618077105796<\/a><\/h6>\n<p><img decoding=\"async\" class=\"alignnone wp-image-2151\" src=\"http:\/\/vapebulkp.com\/wp-content\/uploads\/2024\/04\/Mandy-WhatsApp-Randm.jpg\" alt=\"RandM Mandy WhatsApp\" width=\"422\" height=\"449\" srcset=\"https:\/\/vapebulkp.com\/wp-content\/uploads\/2024\/04\/Mandy-WhatsApp-Randm.jpg 916w, https:\/\/vapebulkp.com\/wp-content\/uploads\/2024\/04\/Mandy-WhatsApp-Randm-282x300.jpg 282w, https:\/\/vapebulkp.com\/wp-content\/uploads\/2024\/04\/Mandy-WhatsApp-Randm-768x817.jpg 768w, https:\/\/vapebulkp.com\/wp-content\/uploads\/2024\/04\/Mandy-WhatsApp-Randm-600x638.jpg 600w\" sizes=\"(max-width: 422px) 100vw, 422px\" \/><\/p>\n<h2><span style=\"vertical-align: inherit\">Te-ai g\u00e2ndit c\u0103 \u021bi-ar pl\u0103cea s\u0103 afli despre WASPE 15000Puffs Disposable VAPE:<\/span><\/h2>\n<p>&nbsp;<\/p>\n<h4 class=\"style-scope ytd-watch-metadata\">1.Cum se utilizeaz\u0103 stiloul de vape WASPE 15000 Pufuri?<\/h4>\n<p>&nbsp;<\/p>\n<p>Primul: \u00cenainte de a folosi 15k pufuri, scoate\u021bi tubul de plastic.<\/p>\n<p>Al doilea: A\u0219tepta\u021bi aproximativ 3 minute pentru ca sucul s\u0103 p\u0103trund\u0103 \u00een rezisten\u021ba din interior.<\/p>\n<p>Al treilea: Bucura\u021bi-v\u0103<\/p>\n<h6>2.Cum se \u00eencarc\u0103 dispozitivul de vape de unic\u0103 folosin\u021b\u0103 WASPE 15000 pufuri?<\/h6>\n<p>Nu pot fi utilizate \u00eenc\u0103rc\u0103toare cu \u00eenc\u0103rcare rapid\u0103, iar puterea standard sigur\u0103 a \u021big\u0103rilor electronice de unic\u0103 folosin\u021b\u0103 este de 5V 1A.<\/p>\n<p>Fiecare sesiune de \u00eenc\u0103rcare nu poate dep\u0103\u0219i 1 or\u0103, iar timpul de \u00eenc\u0103rcare sigur este de o jum\u0103tate de or\u0103.<\/p>\n<h6>3.C\u00e2te pufuri are WASPE 15k Pufuri?<\/h6>\n<p>\u2014-15000 Pufuri<\/p>\n<p><span style=\"color: #ff6600\">Not\u0103: nu \u00eenc\u0103rca\u021bi toat\u0103 noaptea!<\/span><\/p>\n<p>&nbsp;<\/p>\n<h3><strong><span style=\"vertical-align: inherit\">Specifica\u021bii pentru Vape Wholesale WASPE 15000Puffs Vapes:<\/span><br \/>\n<\/strong><\/h3>\n<p>Baterie: 850mAh (Tip C)<br \/>\nCapacitate: 22ml<br \/>\nRezisten\u021b\u0103: 0,8 ohm mesh<br \/>\nVolum aproximativ de aspira\u021bie: 15000 pufuri<br \/>\nConcentra\u021bie de nicotin\u0103 \u00een plus: 2%, 5%<br \/>\nMOQ:100BUC<\/p>\n<h3><strong>Care sunt cele mai bune arome WASPE 15k pufuri?<\/strong><\/h3>\n<p>1.Ghea\u021b\u0103 de pepene ro\u0219u<br \/>\n2. C\u0103p\u0219uni Pepene Ro\u0219u<br \/>\n3.Suc de portocale<br \/>\n4.M\u0103r dublu<br \/>\n5. C\u0103p\u0219uni \u0219i kiwi<br \/>\n6.Cirea\u0219\u0103 \u00eenghe\u021bat\u0103<br \/>\n7. Struguri cu aloe<br \/>\n8.Fructe de P\u0103dure Mixte<br \/>\n9. Ghea\u021b\u0103 de afine<br \/>\n10.C\u0103p\u0219uni Mango<br \/>\n11.L\u0103m\u00e2ie Zmeur\u0103 Albastr\u0103<br \/>\n12.Piersic\u0103 \u00eenghe\u021bat\u0103<\/p>\n<p><a href=\"https:\/\/vapebulkp.com\/ro\/product\/popular-randm-tornado-7000puffs-disposable-vape-best-price\/\">https:\/\/vapebulkp.com\/product\/popular-randm-tornado-7000puffs-disposable-vape-best-price\/<\/a><\/p>\n<p><span style=\"vertical-align: inherit\">G\u0103se\u0219te mai multe produse care \u021bi-ar putea pl\u0103cea:<\/span><em><a href=\"https:\/\/wa.me\/8618077105796\"><span style=\"vertical-align: inherit\">\u00a0Cump\u0103r\u0103-l acum<\/span><\/a><\/em><\/p>\n<p><span style=\"vertical-align: inherit\">Alte Inhala\u021bii care \u021bi-ar putea pl\u0103cea:<\/span><a href=\"https:\/\/vapebulkp.com\/ro\/product\/good-sale-randm-tornado-10000-puffs-plus\/\"><span style=\"vertical-align: inherit\">RandM 10000 Puff-uri<\/span><\/a><span style=\"vertical-align: inherit\">\u3001 <\/span><a href=\"https:\/\/vapebulkp.com\/ro\/product\/wholesale-randm-tornado-9000-puffs-germany\/\"><span style=\"vertical-align: inherit\">RandM Tornado 9000 pufuri<\/span><\/a><span style=\"vertical-align: inherit\">\/ <\/span><a href=\"https:\/\/vapebulkp.com\/ro\/product\/best-price-vape-randm-15000-puffs-good-vape\/\"><span style=\"vertical-align: inherit\">Randm 15000 Inhal\u0103ri<\/span><\/a><span style=\"vertical-align: inherit\">\/ <\/span><a href=\"https:\/\/vapebulkp.com\/ro\/product\/bang-king-12000puffs\/\"><span style=\"vertical-align: inherit\">Bang King 12000 de Inhala\u021bii<\/span><\/a><\/p>\n<p><span style=\"vertical-align: inherit\">Sticl\u0103 de \u021bigar\u0103 electronic\u0103 cu form\u0103 special\u0103:<\/span><a href=\"https:\/\/vapebulkp.com\/ro\/product\/original-vape-bang-tn-12000-puffs-bang-vape\/\"><span style=\"vertical-align: inherit\">Bang TN 12000 pufuri <\/span><\/a><span style=\"vertical-align: inherit\">\/ <\/span><a href=\"https:\/\/vapebulkp.com\/ro\/product\/bang-20000-puffs-hot-vape-top-sale-vape\/\"><span style=\"vertical-align: inherit\">Bang 20000 pufuri <\/span><\/a><span style=\"vertical-align: inherit\">\/<\/span><a href=\"https:\/\/vapebulkp.com\/ro\/product\/bang-with-a-vape-18000-puffs-crown-bar-hot-vape\/\"><span style=\"vertical-align: inherit\">Bang Cu o \u021bigar\u0103 electronic\u0103 18000 Puffs<\/span><\/a><\/p>\n<h4>Detaliile de expediere:<\/h4>\n<p><span style=\"color: #ff6600\">Timp de produc\u021bie: 5-10 zile lucr\u0103toare<\/span><br \/>\n<span style=\"color: #ff6600\">Timp de livrare: 8-14 zile lucr\u0103toare<\/span><\/p>\n<p>Toate produsele din magazinul nostru sunt 100% originale \u0219i autentice, deci politica magazinului nostru este compensarea de zece ori pentru bunurile contraf\u0103cute. Folosim canale logistice precum UPS\/DHL\/FEDEX\/DPD pentru a v\u0103 livra m\u0103rfurile.<\/p>\n<p>Pentru coletele expediate \u00een Rom\u00e2nia, de obicei dureaz\u0103 10 zile lucr\u0103toare s\u0103 ajung\u0103. Expedierea c\u0103tre \u021b\u0103rile europene dureaz\u0103 de obicei 12 p\u00e2n\u0103 la 15 zile lucr\u0103toare. Vom actualiza informa\u021biile logistice pentru dumneavoastr\u0103 \u00een timp real.<\/p>","protected":false},"excerpt":{"rendered":"<p>. <img decoding=\"async\" class=\"alignnone wp-image-2151\" src=\"http:\/\/vapebulkp.com\/wp-content\/uploads\/2024\/04\/Mandy-WhatsApp-Randm.jpg\" alt=\"RandM Mandy WhatsApp\" width=\"269\" height=\"286\" srcset=\"https:\/\/vapebulkp.com\/wp-content\/uploads\/2024\/04\/Mandy-WhatsApp-Randm.jpg 916w, https:\/\/vapebulkp.com\/wp-content\/uploads\/2024\/04\/Mandy-WhatsApp-Randm-282x300.jpg 282w, https:\/\/vapebulkp.com\/wp-content\/uploads\/2024\/04\/Mandy-WhatsApp-Randm-768x817.jpg 768w, https:\/\/vapebulkp.com\/wp-content\/uploads\/2024\/04\/Mandy-WhatsApp-Randm-600x638.jpg 600w\" sizes=\"(max-width: 269px) 100vw, 269px\" \/><\/p>\n<p>V\u0103 rug\u0103m contacta\u021bi-o pe Mandy pe WhatsApp pentru un pre\u021b redus<a href=\"https:\/\/wa.me\/8618077105796\">+8618077105796<\/a><\/p>\n<p><span style=\"color: #ff0000\">NOT\u0102: Pre\u021burile de pe site-ul nostru nu includ costurile de transport<\/span><\/p>","protected":false},"featured_media":2126,"comment_status":"open","ping_status":"closed","template":"","meta":{"_uag_custom_page_level_css":"","_lmt_disableupdate":"no","_lmt_disable":"","site-sidebar-layout":"default","site-content-layout":"content-boxed-container","ast-site-content-layout":"normal-width-container","site-content-style":"boxed","site-sidebar-style":"unboxed","ast-global-header-display":"","ast-banner-title-visibility":"","ast-main-header-display":"","ast-hfb-above-header-display":"","ast-hfb-below-header-display":"","ast-hfb-mobile-header-display":"","site-post-title":"","ast-breadcrumbs-content":"","ast-featured-img":"","footer-sml-layout":"","theme-transparent-header-meta":"default","adv-header-id-meta":"","stick-header-meta":"","header-above-stick-meta":"","header-main-stick-meta":"","header-below-stick-meta":"","astra-migrate-meta-layouts":"set","_joinchat":[]},"product_cat":[165,153,155,33,59,100,34,158,157,154,152,58,84,156,63,32,365],"product_tag":[77,36,37,41,71,40],"class_list":["post-2147","product","type-product","status-publish","has-post-thumbnail","hentry","product_cat-15000-puffs-disposable-vape","product_cat-hot-disposable-vapes","product_cat-belgium-hot-disposable-vapes","product_cat-france-vape-hot-sale","product_cat-germany-hot-disposable-vape","product_cat-germany-wholesale-vape-shop","product_cat-netherlands-vape-good-sale","product_cat-norway-hot-disposable-vapes","product_cat-poland-hot-disposable-vapes","product_cat-portugal-hot-disposable-vapes","product_cat-spain-hot-disposable-vapes","product_cat-sweden-hot-disposable-vape","product_cat-sweden-wholesale-vape","product_cat-switzerland-hot-disposable-vapes","product_cat-top-sale-disposable-vape","product_cat-vape-hot-sale-this-week","product_cat-waspe-vape","product_tag-15000-puffs","product_tag-good-vape","product_tag-hot-sale-disposable-vape","product_tag-poland-hot-vape","product_tag-randm","product_tag-sweden-hot-vape","pa_brand-waspe-vape","desktop-align-left","tablet-align-left","mobile-align-left"],"yoast_head":"<!-- This site is optimized with the Yoast SEO plugin v21.1 - https:\/\/yoast.com\/wordpress\/plugins\/seo\/ -->\n<title>Wholesale Price Randm 15k WASPE 15000 Puffs Best Vape - vapebulkp.com<\/title>\n<meta name=\"description\" content=\"Buy Popular Vape WASPE 15000 Puffs Disposable vape is our recent best-selling product, with unique taste buds for you to choose .\" \/>\n<meta name=\"robots\" content=\"index, follow, max-snippet:-1, max-image-preview:large, max-video-preview:-1\" \/>\n<link rel=\"canonical\" href=\"https:\/\/vapebulkp.com\/ro\/product\/wholesale-price-randm-15k-waspe-15000-puffs-best-vape\/\" \/>\n<meta property=\"og:locale\" content=\"ro_RO\" \/>\n<meta property=\"og:type\" content=\"article\" \/>\n<meta property=\"og:title\" content=\"Wholesale Price Randm 15k WASPE 15000 Puffs Best Vape - vapebulkp.com\" \/>\n<meta property=\"og:description\" content=\"Buy Popular Vape WASPE 15000 Puffs Disposable vape is our recent best-selling product, with unique taste buds for you to choose .\" \/>\n<meta property=\"og:url\" content=\"https:\/\/vapebulkp.com\/ro\/product\/wholesale-price-randm-15k-waspe-15000-puffs-best-vape\/\" \/>\n<meta property=\"og:site_name\" content=\"vapebulkp.com\" \/>\n<meta property=\"article:modified_time\" content=\"2025-09-24T03:49:03+00:00\" \/>\n<meta property=\"og:image\" content=\"http:\/\/vapebulkp.com\/wp-content\/uploads\/2024\/04\/WASPE-TORNADO-PUFF-15000-PUFF-BULK-PRICE.jpg\" \/>\n\t<meta property=\"og:image:width\" content=\"2000\" \/>\n\t<meta property=\"og:image:height\" content=\"937\" \/>\n\t<meta property=\"og:image:type\" content=\"image\/jpeg\" \/>\n<meta name=\"twitter:card\" content=\"summary_large_image\" \/>\n<meta name=\"twitter:label1\" content=\"Timp estimat pentru citire\" \/>\n\t<meta name=\"twitter:data1\" content=\"3 minute\" \/>\n<script type=\"application\/ld+json\" class=\"yoast-schema-graph\">{\"@context\":\"https:\/\/schema.org\",\"@graph\":[{\"@type\":\"WebPage\",\"@id\":\"https:\/\/vapebulkp.com\/product\/wholesale-price-randm-15k-waspe-15000-puffs-best-vape\/\",\"url\":\"https:\/\/vapebulkp.com\/product\/wholesale-price-randm-15k-waspe-15000-puffs-best-vape\/\",\"name\":\"Wholesale Price Randm 15k WASPE 15000 Puffs Best Vape - vapebulkp.com\",\"isPartOf\":{\"@id\":\"https:\/\/vapebulkp.com\/#website\"},\"datePublished\":\"2024-04-03T03:07:44+00:00\",\"dateModified\":\"2025-09-24T03:49:03+00:00\",\"description\":\"Buy Popular Vape WASPE 15000 Puffs Disposable vape is our recent best-selling product, with unique taste buds for you to choose .\",\"breadcrumb\":{\"@id\":\"https:\/\/vapebulkp.com\/product\/wholesale-price-randm-15k-waspe-15000-puffs-best-vape\/#breadcrumb\"},\"inLanguage\":\"ro-RO\",\"potentialAction\":[{\"@type\":\"ReadAction\",\"target\":[\"https:\/\/vapebulkp.com\/product\/wholesale-price-randm-15k-waspe-15000-puffs-best-vape\/\"]}]},{\"@type\":\"BreadcrumbList\",\"@id\":\"https:\/\/vapebulkp.com\/product\/wholesale-price-randm-15k-waspe-15000-puffs-best-vape\/#breadcrumb\",\"itemListElement\":[{\"@type\":\"ListItem\",\"position\":1,\"name\":\"Home\",\"item\":\"https:\/\/vapebulkp.com\/\"},{\"@type\":\"ListItem\",\"position\":2,\"name\":\"Hot Trend Vapes\",\"item\":\"https:\/\/vapebulkp.com\/vape-shop\/\"},{\"@type\":\"ListItem\",\"position\":3,\"name\":\"Wholesale Price Randm 15k WASPE 15000 Puffs Best Vape\"}]},{\"@type\":\"WebSite\",\"@id\":\"https:\/\/vapebulkp.com\/#website\",\"url\":\"https:\/\/vapebulkp.com\/\",\"name\":\"vapebulkp.com\",\"description\":\"Buy Vape In Cheap Bulk Price Near you\",\"publisher\":{\"@id\":\"https:\/\/vapebulkp.com\/#organization\"},\"potentialAction\":[{\"@type\":\"SearchAction\",\"target\":{\"@type\":\"EntryPoint\",\"urlTemplate\":\"https:\/\/vapebulkp.com\/?s={search_term_string}\"},\"query-input\":\"required name=search_term_string\"}],\"inLanguage\":\"ro-RO\"},{\"@type\":\"Organization\",\"@id\":\"https:\/\/vapebulkp.com\/#organization\",\"name\":\"vapebulkp.com\",\"url\":\"https:\/\/vapebulkp.com\/\",\"logo\":{\"@type\":\"ImageObject\",\"inLanguage\":\"ro-RO\",\"@id\":\"https:\/\/vapebulkp.com\/#\/schema\/logo\/image\/\",\"url\":\"https:\/\/vapebulkp.com\/wp-content\/uploads\/2023\/09\/cropped-vapebulkp.png\",\"contentUrl\":\"https:\/\/vapebulkp.com\/wp-content\/uploads\/2023\/09\/cropped-vapebulkp.png\",\"width\":516,\"height\":163,\"caption\":\"vapebulkp.com\"},\"image\":{\"@id\":\"https:\/\/vapebulkp.com\/#\/schema\/logo\/image\/\"}}]}<\/script>\n<!-- \/ Yoast SEO plugin. -->","yoast_head_json":{"title":"Wholesale Price Randm 15k WASPE 15000 Puffs Best Vape - vapebulkp.com","description":"Buy Popular Vape WASPE 15000 Puffs Disposable vape is our recent best-selling product, with unique taste buds for you to choose .","robots":{"index":"index","follow":"follow","max-snippet":"max-snippet:-1","max-image-preview":"max-image-preview:large","max-video-preview":"max-video-preview:-1"},"canonical":"https:\/\/vapebulkp.com\/ro\/product\/wholesale-price-randm-15k-waspe-15000-puffs-best-vape\/","og_locale":"ro_RO","og_type":"article","og_title":"Wholesale Price Randm 15k WASPE 15000 Puffs Best Vape - vapebulkp.com","og_description":"Buy Popular Vape WASPE 15000 Puffs Disposable vape is our recent best-selling product, with unique taste buds for you to choose .","og_url":"https:\/\/vapebulkp.com\/ro\/product\/wholesale-price-randm-15k-waspe-15000-puffs-best-vape\/","og_site_name":"vapebulkp.com","article_modified_time":"2025-09-24T03:49:03+00:00","og_image":[{"width":2000,"height":937,"url":"http:\/\/vapebulkp.com\/wp-content\/uploads\/2024\/04\/WASPE-TORNADO-PUFF-15000-PUFF-BULK-PRICE.jpg","type":"image\/jpeg"}],"twitter_card":"summary_large_image","twitter_misc":{"Timp estimat pentru citire":"3 minute"},"schema":{"@context":"https:\/\/schema.org","@graph":[{"@type":"WebPage","@id":"https:\/\/vapebulkp.com\/product\/wholesale-price-randm-15k-waspe-15000-puffs-best-vape\/","url":"https:\/\/vapebulkp.com\/product\/wholesale-price-randm-15k-waspe-15000-puffs-best-vape\/","name":"Wholesale Price Randm 15k WASPE 15000 Puffs Best Vape - vapebulkp.com","isPartOf":{"@id":"https:\/\/vapebulkp.com\/#website"},"datePublished":"2024-04-03T03:07:44+00:00","dateModified":"2025-09-24T03:49:03+00:00","description":"Buy Popular Vape WASPE 15000 Puffs Disposable vape is our recent best-selling product, with unique taste buds for you to choose .","breadcrumb":{"@id":"https:\/\/vapebulkp.com\/product\/wholesale-price-randm-15k-waspe-15000-puffs-best-vape\/#breadcrumb"},"inLanguage":"ro-RO","potentialAction":[{"@type":"ReadAction","target":["https:\/\/vapebulkp.com\/product\/wholesale-price-randm-15k-waspe-15000-puffs-best-vape\/"]}]},{"@type":"BreadcrumbList","@id":"https:\/\/vapebulkp.com\/product\/wholesale-price-randm-15k-waspe-15000-puffs-best-vape\/#breadcrumb","itemListElement":[{"@type":"ListItem","position":1,"name":"Home","item":"https:\/\/vapebulkp.com\/"},{"@type":"ListItem","position":2,"name":"Hot Trend Vapes","item":"https:\/\/vapebulkp.com\/vape-shop\/"},{"@type":"ListItem","position":3,"name":"Wholesale Price Randm 15k WASPE 15000 Puffs Best Vape"}]},{"@type":"WebSite","@id":"https:\/\/vapebulkp.com\/#website","url":"https:\/\/vapebulkp.com\/","name":"vapebulkp.com","description":"Buy Vape In Cheap Bulk Price Near you","publisher":{"@id":"https:\/\/vapebulkp.com\/#organization"},"potentialAction":[{"@type":"SearchAction","target":{"@type":"EntryPoint","urlTemplate":"https:\/\/vapebulkp.com\/?s={search_term_string}"},"query-input":"required name=search_term_string"}],"inLanguage":"ro-RO"},{"@type":"Organization","@id":"https:\/\/vapebulkp.com\/#organization","name":"vapebulkp.com","url":"https:\/\/vapebulkp.com\/","logo":{"@type":"ImageObject","inLanguage":"ro-RO","@id":"https:\/\/vapebulkp.com\/#\/schema\/logo\/image\/","url":"https:\/\/vapebulkp.com\/wp-content\/uploads\/2023\/09\/cropped-vapebulkp.png","contentUrl":"https:\/\/vapebulkp.com\/wp-content\/uploads\/2023\/09\/cropped-vapebulkp.png","width":516,"height":163,"caption":"vapebulkp.com"},"image":{"@id":"https:\/\/vapebulkp.com\/#\/schema\/logo\/image\/"}}]}},"uagb_featured_image_src":{"full":["https:\/\/vapebulkp.com\/wp-content\/uploads\/2024\/04\/WASPE-TORNADO-PUFF-15000-PUFF-BULK-PRICE.jpg",2000,937,false],"thumbnail":["https:\/\/vapebulkp.com\/wp-content\/uploads\/2024\/04\/WASPE-TORNADO-PUFF-15000-PUFF-BULK-PRICE-150x150.jpg",150,150,true],"medium":["https:\/\/vapebulkp.com\/wp-content\/uploads\/2024\/04\/WASPE-TORNADO-PUFF-15000-PUFF-BULK-PRICE-300x141.jpg",300,141,true],"medium_large":["https:\/\/vapebulkp.com\/wp-content\/uploads\/2024\/04\/WASPE-TORNADO-PUFF-15000-PUFF-BULK-PRICE-768x360.jpg",768,360,true],"large":["https:\/\/vapebulkp.com\/wp-content\/uploads\/2024\/04\/WASPE-TORNADO-PUFF-15000-PUFF-BULK-PRICE-1024x480.jpg",1024,480,true],"1536x1536":["https:\/\/vapebulkp.com\/wp-content\/uploads\/2024\/04\/WASPE-TORNADO-PUFF-15000-PUFF-BULK-PRICE-1536x720.jpg",1536,720,true],"2048x2048":["https:\/\/vapebulkp.com\/wp-content\/uploads\/2024\/04\/WASPE-TORNADO-PUFF-15000-PUFF-BULK-PRICE.jpg",2000,937,false],"trp-custom-language-flag":["https:\/\/vapebulkp.com\/wp-content\/uploads\/2024\/04\/WASPE-TORNADO-PUFF-15000-PUFF-BULK-PRICE.jpg",18,8,false],"woocommerce_thumbnail":["https:\/\/vapebulkp.com\/wp-content\/uploads\/2024\/04\/WASPE-TORNADO-PUFF-15000-PUFF-BULK-PRICE-300x300.jpg",300,300,true],"woocommerce_single":["https:\/\/vapebulkp.com\/wp-content\/uploads\/2024\/04\/WASPE-TORNADO-PUFF-15000-PUFF-BULK-PRICE-600x281.jpg",600,281,true],"woocommerce_gallery_thumbnail":["https:\/\/vapebulkp.com\/wp-content\/uploads\/2024\/04\/WASPE-TORNADO-PUFF-15000-PUFF-BULK-PRICE-100x100.jpg",100,100,true],"wcpr-photo-reviews":["https:\/\/vapebulkp.com\/wp-content\/uploads\/2024\/04\/WASPE-TORNADO-PUFF-15000-PUFF-BULK-PRICE.jpg",500,234,false]},"uagb_author_info":{"display_name":"Mandy vape bulk price","author_link":"https:\/\/vapebulkp.com\/ro\/author\/"},"uagb_comment_info":0,"uagb_excerpt":". Pls Contact Mandy's WhatsApp For Discount Price+8618077105796 NOTE: Prices on our website does not include shipping costs","_links":{"self":[{"href":"https:\/\/vapebulkp.com\/ro\/wp-json\/wp\/v2\/product\/2147","targetHints":{"allow":["GET"]}}],"collection":[{"href":"https:\/\/vapebulkp.com\/ro\/wp-json\/wp\/v2\/product"}],"about":[{"href":"https:\/\/vapebulkp.com\/ro\/wp-json\/wp\/v2\/types\/product"}],"replies":[{"embeddable":true,"href":"https:\/\/vapebulkp.com\/ro\/wp-json\/wp\/v2\/comments?post=2147"}],"wp:featuredmedia":[{"embeddable":true,"href":"https:\/\/vapebulkp.com\/ro\/wp-json\/wp\/v2\/media\/2126"}],"wp:attachment":[{"href":"https:\/\/vapebulkp.com\/ro\/wp-json\/wp\/v2\/media?parent=2147"}],"wp:term":[{"taxonomy":"product_cat","embeddable":true,"href":"https:\/\/vapebulkp.com\/ro\/wp-json\/wp\/v2\/product_cat?post=2147"},{"taxonomy":"product_tag","embeddable":true,"href":"https:\/\/vapebulkp.com\/ro\/wp-json\/wp\/v2\/product_tag?post=2147"}],"curies":[{"name":"wp","href":"https:\/\/api.w.org\/{rel}","templated":true}]}}