{"id":2261,"date":"2024-04-23T09:35:00","date_gmt":"2024-04-23T07:35:00","guid":{"rendered":"https:\/\/vapebulkp.com\/?post_type=product&#038;p=2261"},"modified":"2025-09-01T11:20:18","modified_gmt":"2025-09-01T09:20:18","slug":"top-sale-utco-tornado-9000-puffs-good-disposable-vape","status":"publish","type":"product","link":"https:\/\/vapebulkp.com\/ro\/produs\/top-sale-utco-tornado-9000-puffs-good-disposable-vape\/","title":{"rendered":"Top V\u00e2nzare UTCO Tornado 9000 Puffs Bun\u0103 Vape de Unic\u0103 Folosin\u021b\u0103"},"content":{"rendered":"<h2>Top V\u00e2nzare UTCO Tornado 9000 Puffs Bun\u0103 Vape de Unic\u0103 Folosin\u021b\u0103<\/h2>\n<p>UTCO Tornado 9000 Puffs stabile\u0219te un nou standard de performan\u021b\u0103 \u0219i confort \u00een industria vapatului. Proiectat pentru cei care cer excelen\u021b\u0103, acest dispozitiv <b>Vape de unic\u0103 folosin\u021b\u0103 9000 pufuri<\/b> ofer\u0103 o c\u0103l\u0103torie monumental\u0103 de vapat, f\u0103r\u0103 compromisuri. Fiecare dispozitiv este pre-umplut cu o cantitate extins\u0103 de <b>18mL de e-lichid premium<\/b>, oferind o experien\u021b\u0103 perfect\u0103 \u0219i de lung\u0103 durat\u0103. Op\u021biunile de <b>sare de nicotin\u0103 2% \u0219i 5%<\/b> asigur\u0103 o lovitur\u0103 lin\u0103 \u0219i satisf\u0103c\u0103toare \u00een g\u00e2t la fiecare tragere.<\/p>\n<p>\u00cen esen\u021b\u0103, UTCO 9000 este alimentat de o <b>850mAh<\/b>integrat\u0103, garant\u00e2nd putere fiabil\u0103 pe \u00eentreaga sa durat\u0103 de via\u021b\u0103. Inovatorul <b>tehnologie cu plas\u0103<\/b> este meticulos conceput pentru a produce vapori den\u0219i \u0219i fidelitate optim\u0103 a aromei. Cu <b>port de \u00eenc\u0103rcare tip C<\/b>dispozitivul asigur\u0103 o recuperare rapid\u0103 a puterii, minimiz\u00e2nd orice \u00eentrerupere a sesiunii de vapat.<\/p>\n<p>Acest dispozitiv este o alegere strategic\u0103 at\u00e2t pentru comercian\u021bii cu am\u0103nuntul, c\u00e2t \u0219i pentru vaperii exigen\u021bi. Selec\u021bia sa de 12 arome vibrante se adreseaz\u0103 unei clientele diverse, de la fructe r\u0103coritoare la mentoluri proaspete. UTCO Tornado 9000 ofer\u0103 un amestec de neegalat de confort, fiabilitate \u0219i arom\u0103, consolid\u00e2ndu-\u0219i pozi\u021bia de lider de pia\u021b\u0103.<\/p>\n<h3>UTCO 9k Puffs fotografii de produs:<\/h3>\n<p><img decoding=\"async\" class=\"alignnone wp-image-2257\" src=\"http:\/\/vapebulkp.com\/wp-content\/uploads\/2024\/04\/UTCO-Vape-9000PUFFS-Discount-price-France.jpg\" alt=\"UTCO Vape 9000PUFFS Pre\u021b redus \u00een Fran\u021ba\" width=\"625\" height=\"489\" srcset=\"https:\/\/vapebulkp.com\/wp-content\/uploads\/2024\/04\/UTCO-Vape-9000PUFFS-Discount-price-France.jpg 2058w, https:\/\/vapebulkp.com\/wp-content\/uploads\/2024\/04\/UTCO-Vape-9000PUFFS-Discount-price-France-300x235.jpg 300w, https:\/\/vapebulkp.com\/wp-content\/uploads\/2024\/04\/UTCO-Vape-9000PUFFS-Discount-price-France-1024x802.jpg 1024w, https:\/\/vapebulkp.com\/wp-content\/uploads\/2024\/04\/UTCO-Vape-9000PUFFS-Discount-price-France-768x601.jpg 768w, https:\/\/vapebulkp.com\/wp-content\/uploads\/2024\/04\/UTCO-Vape-9000PUFFS-Discount-price-France-1536x1202.jpg 1536w, https:\/\/vapebulkp.com\/wp-content\/uploads\/2024\/04\/UTCO-Vape-9000PUFFS-Discount-price-France-2048x1603.jpg 2048w, https:\/\/vapebulkp.com\/wp-content\/uploads\/2024\/04\/UTCO-Vape-9000PUFFS-Discount-price-France-600x470.jpg 600w\" sizes=\"(max-width: 625px) 100vw, 625px\" \/><\/p>\n<p>&nbsp;<\/p>\n<h6 style=\"text-align: left\"><\/h6>\n<h6>V\u0103 rug\u0103m contacta\u021bi-o pe Mandy pe WhatsApp pentru un pre\u021b redus<a href=\"https:\/\/wa.me\/8618077105796\">+8618077105796<\/a><\/h6>\n<p><img decoding=\"async\" class=\"alignnone wp-image-2151\" src=\"http:\/\/vapebulkp.com\/wp-content\/uploads\/2024\/04\/Mandy-WhatsApp-Randm.jpg\" alt=\"RandM Mandy WhatsApp\" width=\"301\" height=\"292\" \/><\/p>\n<h2><span style=\"vertical-align: inherit\">S-ar putea s\u0103 v\u0103 intereseze s\u0103 afla\u021bi despre Vapori de unic\u0103 folosin\u021b\u0103 UTCO 9k Puffs:<\/span><\/h2>\n<p>&nbsp;<\/p>\n<h6>1.Care este capacitatea e-lichidului Vapori de unic\u0103 folosin\u021b\u0103 UTCO 9k puffs?<\/h6>\n<p>Acest dispozitiv are 18 ml de e-lichid.<\/p>\n<h6>2.Pentru acest vape bun, c\u00e2t dureaz\u0103 vape-ul UTCO Tornado 9000 Puffs?<\/h6>\n<p>(1)500 pufuri\/zi, poate dura 18 zile<br \/>\n(2)1000 pufuri\/zi, poate dura 9 zile<br \/>\n(3)2000 pufuri\/zi, poate dura 4,5 zile<\/p>\n<h6>3.Cum se \u00eencarc\u0103 dispozitivul vape de unic\u0103 folosin\u021b\u0103 UTCO Tornado Vape 9k pufuri?<\/h6>\n<p>Nu pot fi folosite \u00eenc\u0103rc\u0103toare cu \u00eenc\u0103rcare rapid\u0103, iar puterea standard sigur\u0103 a \u021bigaretelor electronice de unic\u0103 folosin\u021b\u0103 este de 5V 1A. Fiecare timp de \u00eenc\u0103rcare nu poate dep\u0103\u0219i 1 or\u0103, iar timpul de \u00eenc\u0103rcare sigur este de jum\u0103tate de or\u0103.<\/p>\n<p><span style=\"color: #ff6600\">Not\u0103: nu \u00eenc\u0103rca\u021bi toat\u0103 noaptea!<\/span><\/p>\n<h6>4.Cum se utilizeaz\u0103 Vape-ul de unic\u0103 folosin\u021b\u0103 UTCO Tornado 9k pufuri?<\/h6>\n<p>Pasul 1: Scoate\u021bi dopul de silicon<\/p>\n<p>\u00cenclina\u021bi dispozitivul lateral \u0219i trage\u021bi \u00eencet \u00een sus dopul de silicon pentru a elibera orificiul de pe rezisten\u021ba de \u00eenc\u0103lzire pentru fluxul de ulei.<\/p>\n<p>Pasul 2: Desprinde\u021bi autocolantul<\/p>\n<p>L\u0103sa\u021bi-l s\u0103 stea 2 minute dup\u0103 ce a\u021bi desprins autocolantul, apoi \u00eel pute\u021bi utiliza.<\/p>\n<h3><strong><span style=\"vertical-align: inherit\">Specifica\u021bie <\/span><\/strong>Pentru Cel Mai Bun Vape Tornado UTCO 9000:<\/h3>\n<h6><\/h6>\n<ul>\n<li>2\/5% Sare de nicotin\u0103<\/li>\n<li>18ML de E-lichid<\/li>\n<li>9000 de Pufuri per Dispozitiv<\/li>\n<li>Controlul fluxului de aer<\/li>\n<li>Re\u00eenc\u0103rcare Type-C<\/li>\n<li>Baterie re\u00eenc\u0103rcabil\u0103<\/li>\n<li>Baterie integrat\u0103 de 850mAh<\/li>\n<li>22 de Arome Disponibile<\/li>\n<li>10 buc\u0103\u021bi \u00eentr-o cutie de prezentare<\/li>\n<\/ul>\n<h3><strong>Cele Mai Bune Arome ale Vape-ului de Unic\u0103 Folosin\u021b\u0103 UTCO 9k Pufuri:<\/strong><\/h3>\n<p>1 Zmeur\u0103 de afine<br \/>\nDomnul Albastru 2<br \/>\n3 C\u0103p\u0219uni Pepene ro\u0219u<br \/>\n4 Suc de portocale<br \/>\n5 Gum\u0103 de mestecat cu pepene ro\u0219u<br \/>\n6 Bomboane curcubeu<br \/>\n7 Limonad\u0103 roz<br \/>\n8 Ananas cu mango \u0219i piersic\u0103<br \/>\n9 C\u0103p\u0219uni Banan\u0103<br \/>\n10 Pepene ro\u0219u cu ghea\u021b\u0103<br \/>\n11 Ghea\u021b\u0103 de dragon negru<br \/>\n12 Aloe struguri<br \/>\n13 Struguri cu c\u0103p\u0219uni<br \/>\n14 L\u0103m\u00e2ie \u0219i limet\u0103<br \/>\n15 Acadea de Ghea\u021b\u0103<br \/>\n16 Afine cu Ghea\u021b\u0103<br \/>\n17 Zmeur\u0103 Albastr\u0103 cu Ghea\u021b\u0103<br \/>\n18 Fructe de P\u0103dure Mixte<br \/>\n19 Cirea\u0219\u0103 Cola<br \/>\n20 C\u0103p\u0219uni \u0219i Mango<br \/>\n21 Kiwi Fructul Pasiunii Guava<br \/>\n22 Ghea\u021b\u0103 Neagr\u0103<\/p>\n<p><a href=\"https:\/\/vapebulkp.com\/ro\/produs\/top-sale-vape-vapme-crown-bar-18000-puffs-pro-max\/\"><span style=\"vertical-align: inherit\">Ofert\u0103 Bun\u0103 Vapme Crown bar 18000 Puffs <\/span><\/a><\/p>\n<p><span style=\"vertical-align: inherit\">G\u0103se\u0219te mai multe produse care \u021bi-ar putea pl\u0103cea:<\/span><em><a href=\"https:\/\/wa.me\/8618077105796\"><span style=\"vertical-align: inherit\">\u00a0Cump\u0103r\u0103-l acum<\/span><\/a><\/em><\/p>\n<p><span style=\"vertical-align: inherit\">Alte Inhala\u021bii care \u021bi-ar putea pl\u0103cea:<\/span><a href=\"https:\/\/vapebulkp.com\/ro\/produs\/bang-with-a-vape-18000-puffs-crown-bar-hot-vape\/\"><span style=\"vertical-align: inherit\">Bang 18000 Pufuri<\/span><\/a><span style=\"vertical-align: inherit\">\u3001<\/span><a href=\"https:\/\/vapebulkp.com\/ro\/produs\/best-price-vape-randm-15000-puffs-good-vape\/\"><span style=\"vertical-align: inherit\">Randm Tornado 15000Pufuri<\/span><\/a><span style=\"vertical-align: inherit\">\/ <\/span><a href=\"https:\/\/vapebulkp.com\/it\/product\/bang-tornado-12000-puffs-rechargeable-disposable-pod\/\"><span style=\"vertical-align: inherit\">Bang Tornado 12000 pufuri<\/span><\/a><span style=\"vertical-align: inherit\">\/ <\/span><a href=\"https:\/\/vapebulkp.com\/ro\/produs\/vapme-crystal-7000-puffs-original-vape-good-flavor\/\"><span style=\"vertical-align: inherit\">Vapme Crystal 7000 de pufuri<\/span><\/a><\/p>\n<p><span style=\"vertical-align: inherit\">Sticl\u0103 de \u021bigar\u0103 electronic\u0103 cu form\u0103 special\u0103:<\/span><a href=\"https:\/\/vapebulkp.com\/it\/product\/popular-kulx-10000puffs-disposable-vape-good-price\/\"><span style=\"vertical-align: inherit\">Kulx vape 10000 puff-uri<\/span><\/a><span style=\"vertical-align: inherit\">\/ <\/span><a href=\"https:\/\/vapebulkp.com\/it\/product\/randm-tornado-9000-puffs-disposable-vape-kit-18ml\/\"><span style=\"vertical-align: inherit\">Randm tornado 9000 de pufuri<\/span><\/a><span style=\"vertical-align: inherit\">\/<\/span><a href=\"https:\/\/vapebulkp.com\/it\/product\/randm-tornado-7000puffs-disposable-vape-pen-best-price\/\"><span style=\"vertical-align: inherit\">Randm tornado 7000 pufuri <\/span><\/a><\/p>\n<h5>Calificarea produc\u021biei:<\/h5>\n<p><img decoding=\"async\" class=\"alignnone size-full wp-image-1841\" src=\"http:\/\/vapebulkp.com\/wp-content\/uploads\/2023\/11\/Vape-production-process-2.jpeg\" alt=\"Procesul de produc\u021bie a vafelor\" width=\"650\" height=\"434\" srcset=\"https:\/\/vapebulkp.com\/wp-content\/uploads\/2023\/11\/Vape-production-process-2.jpeg 650w, https:\/\/vapebulkp.com\/wp-content\/uploads\/2023\/11\/Vape-production-process-2-300x200.jpeg 300w, https:\/\/vapebulkp.com\/wp-content\/uploads\/2023\/11\/Vape-production-process-2-600x401.jpeg 600w\" sizes=\"(max-width: 650px) 100vw, 650px\" \/><\/p>\n<p><img decoding=\"async\" class=\"alignnone wp-image-1843\" src=\"http:\/\/vapebulkp.com\/wp-content\/uploads\/2023\/11\/Vape-production-process.jpeg\" alt=\"Procesul de produc\u021bie a vafelor\" width=\"648\" height=\"1037\" srcset=\"https:\/\/vapebulkp.com\/wp-content\/uploads\/2023\/11\/Vape-production-process.jpeg 641w, https:\/\/vapebulkp.com\/wp-content\/uploads\/2023\/11\/Vape-production-process-187x300.jpeg 187w, https:\/\/vapebulkp.com\/wp-content\/uploads\/2023\/11\/Vape-production-process-640x1024.jpeg 640w, https:\/\/vapebulkp.com\/wp-content\/uploads\/2023\/11\/Vape-production-process-600x960.jpeg 600w\" sizes=\"(max-width: 648px) 100vw, 648px\" \/><\/p>\n<p>&nbsp;<\/p>\n<h5>\u00centreb\u0103ri frecvente:<\/h5>\n<p>\u00ce: Care este MOQ-ul UTCO Tornado 9000 de pufuri Vape bun?<br \/>\nA: Comanda minim\u0103 este de 50 buc.<br \/>\n\u00ce: Care este termenul de livrare pentru \u021big\u0103rile electronice comandate?<br \/>\nR: De obicei, este de 10-15 zile dup\u0103 expediere<br \/>\n\u00ce: C\u00e2t cost\u0103 transportul?R: Costul transportului depinde de greutate. Cantit\u0103\u021bile diferite au costuri de transport diferite, v\u0103 rug\u0103m s\u0103 ne contacta\u021bi pentru a confirma costul transportului.<\/p>\n<h4>Detaliile de expediere:<\/h4>\n<p>Timp de produc\u021bie: 5-10 zile lucr\u0103toare<br \/>\nTimp de livrare: 8-14 zile lucr\u0103toare<\/p>\n<p>Toate produsele din magazinul nostru sunt 100% originale \u0219i autentice, deci politica magazinului nostru este compensarea de zece ori pentru bunurile contraf\u0103cute. Folosim canale logistice precum UPS\/DHL\/FEDEX\/DPD pentru a v\u0103 livra m\u0103rfurile.<\/p>\n<p>Pentru coletele expediate \u00een Rom\u00e2nia, de obicei dureaz\u0103 10 zile lucr\u0103toare s\u0103 ajung\u0103. Expedierea c\u0103tre \u021b\u0103rile europene dureaz\u0103 de obicei 12 p\u00e2n\u0103 la 15 zile lucr\u0103toare. Vom actualiza informa\u021biile logistice pentru dumneavoastr\u0103 \u00een timp real.<\/p>\n<h3>Serviciu post-v\u00e2nzare bun:<\/h3>\n<p>Aten\u021bie: Nu se accept\u0103 return\u0103ri sau schimburi pentru probleme care nu \u021bin de calitate<br \/>\n1. Clien\u021bii pot alege aroma dorit\u0103, dar dac\u0103 aroma nu este \u00een stoc, departamentul de produc\u021bie va alege o arom\u0103 popular\u0103 pentru a o \u00eenlocui. Clien\u021bii nu au dreptul s\u0103 solicite return\u0103ri sau schimburi pe baza aromelor.<\/p>\n<p>2. Atunci c\u00e2nd apar probleme de calitate, v\u0103 rug\u0103m s\u0103 furniza\u021bi descrieri specifice, video \u0219i imagini.<br \/>\nDac\u0103 nu pute\u021bi furniza dovezi precum videoclipuri \u0219i fotografii, bunurile nu pot fi \u00eenlocuite.<\/p>","protected":false},"excerpt":{"rendered":"<p>UTCO 9000 Puffs Vapori buni pre\u021b vrac<\/p>\n<p>Pre\u021b redus UTCO 9K V\u00e2nzare de top \u00een aceast\u0103 s\u0103pt\u0103m\u00e2n\u0103<\/p>\n<p>Vapori de unic\u0103 folosin\u021b\u0103 buni UTCO 9000 Puffs cu ridicata \u00een Rom\u00e2nia<\/p>\n<p><img decoding=\"async\" class=\"alignnone wp-image-2151\" src=\"http:\/\/vapebulkp.com\/wp-content\/uploads\/2024\/04\/Mandy-WhatsApp-Randm.jpg\" alt=\"RandM Mandy WhatsApp\" width=\"328\" height=\"348\" srcset=\"https:\/\/vapebulkp.com\/wp-content\/uploads\/2024\/04\/Mandy-WhatsApp-Randm.jpg 916w, https:\/\/vapebulkp.com\/wp-content\/uploads\/2024\/04\/Mandy-WhatsApp-Randm-282x300.jpg 282w, https:\/\/vapebulkp.com\/wp-content\/uploads\/2024\/04\/Mandy-WhatsApp-Randm-768x817.jpg 768w, https:\/\/vapebulkp.com\/wp-content\/uploads\/2024\/04\/Mandy-WhatsApp-Randm-600x638.jpg 600w\" sizes=\"(max-width: 328px) 100vw, 328px\" \/><\/p>\n<p>V\u0103 rug\u0103m contacta\u021bi-o pe Mandy pe WhatsApp pentru un pre\u021b redus<a href=\"https:\/\/wa.me\/8618077105796\">+8618077105796<\/a><\/p>\n<p><span style=\"color: #ff0000\">NOT\u0102: Pre\u021burile de pe site-ul nostru nu includ costurile de transport<\/span><\/p>","protected":false},"featured_media":2250,"comment_status":"open","ping_status":"closed","template":"","meta":{"_uag_custom_page_level_css":"","_lmt_disableupdate":"no","_lmt_disable":"","site-sidebar-layout":"default","site-content-layout":"content-boxed-container","ast-site-content-layout":"normal-width-container","site-content-style":"boxed","site-sidebar-style":"unboxed","ast-global-header-display":"","ast-banner-title-visibility":"","ast-main-header-display":"","ast-hfb-above-header-display":"","ast-hfb-below-header-display":"","ast-hfb-mobile-header-display":"","site-post-title":"","ast-breadcrumbs-content":"","ast-featured-img":"","footer-sml-layout":"","theme-transparent-header-meta":"default","adv-header-id-meta":"","stick-header-meta":"","header-above-stick-meta":"","header-main-stick-meta":"","header-below-stick-meta":"","astra-migrate-meta-layouts":"set","_joinchat":[]},"product_cat":[168,153,155,33,59,100,87,34,158,157,154,152,58,84,156,63,32],"product_tag":[116,36,37,41,97,71,40],"class_list":["post-2261","product","type-product","status-publish","has-post-thumbnail","hentry","product_cat-9000-puffs-disposable-vape","product_cat-hot-disposable-vapes","product_cat-belgium-hot-disposable-vapes","product_cat-france-vape-hot-sale","product_cat-germany-hot-disposable-vape","product_cat-germany-wholesale-vape-shop","product_cat-minimum-order-quantity-50pcs","product_cat-netherlands-vape-good-sale","product_cat-norway-hot-disposable-vapes","product_cat-poland-hot-disposable-vapes","product_cat-portugal-hot-disposable-vapes","product_cat-spain-hot-disposable-vapes","product_cat-sweden-hot-disposable-vape","product_cat-sweden-wholesale-vape","product_cat-switzerland-hot-disposable-vapes","product_cat-top-sale-disposable-vape","product_cat-vape-hot-sale-this-week","product_tag-9000-puffs","product_tag-good-vape","product_tag-hot-sale-disposable-vape","product_tag-poland-hot-vape","product_tag-r-and-m-tornado-7k","product_tag-randm","product_tag-sweden-hot-vape","desktop-align-left","tablet-align-left","mobile-align-left"],"yoast_head":"<!-- This site is optimized with the Yoast SEO plugin v21.1 - https:\/\/yoast.com\/wordpress\/plugins\/seo\/ -->\n<title>Top Sale UTCO Tornado 9000 Puffs Good Disposable Vape - vapebulkp.com<\/title>\n<meta name=\"description\" content=\"Top Sale UTCO Tornado 9000 Puffs Good Disposable Vape is your best choice. This state-of-the-art device delivers an unparalleled experience and holds an impressive 9,000 puffs for longer flavor adventures.\" \/>\n<meta name=\"robots\" content=\"index, follow, max-snippet:-1, max-image-preview:large, max-video-preview:-1\" \/>\n<link rel=\"canonical\" href=\"https:\/\/vapebulkp.com\/ro\/produs\/top-sale-utco-tornado-9000-puffs-good-disposable-vape\/\" \/>\n<meta property=\"og:locale\" content=\"ro_RO\" \/>\n<meta property=\"og:type\" content=\"article\" \/>\n<meta property=\"og:title\" content=\"Top Sale UTCO Tornado 9000 Puffs Good Disposable Vape - vapebulkp.com\" \/>\n<meta property=\"og:description\" content=\"Top Sale UTCO Tornado 9000 Puffs Good Disposable Vape is your best choice. This state-of-the-art device delivers an unparalleled experience and holds an impressive 9,000 puffs for longer flavor adventures.\" \/>\n<meta property=\"og:url\" content=\"https:\/\/vapebulkp.com\/ro\/produs\/top-sale-utco-tornado-9000-puffs-good-disposable-vape\/\" \/>\n<meta property=\"og:site_name\" content=\"vapebulkp.com\" \/>\n<meta property=\"article:modified_time\" content=\"2025-09-01T09:20:18+00:00\" \/>\n<meta property=\"og:image\" content=\"http:\/\/vapebulkp.com\/wp-content\/uploads\/2024\/04\/UTCO-9000PUFFS-Good-Sale-Germany.jpg\" \/>\n\t<meta property=\"og:image:width\" content=\"1600\" \/>\n\t<meta property=\"og:image:height\" content=\"1600\" \/>\n\t<meta property=\"og:image:type\" content=\"image\/jpeg\" \/>\n<meta name=\"twitter:card\" content=\"summary_large_image\" \/>\n<meta name=\"twitter:label1\" content=\"Timp estimat pentru citire\" \/>\n\t<meta name=\"twitter:data1\" content=\"5 minute\" \/>\n<script type=\"application\/ld+json\" class=\"yoast-schema-graph\">{\"@context\":\"https:\/\/schema.org\",\"@graph\":[{\"@type\":\"WebPage\",\"@id\":\"https:\/\/vapebulkp.com\/product\/top-sale-utco-tornado-9000-puffs-good-disposable-vape\/\",\"url\":\"https:\/\/vapebulkp.com\/product\/top-sale-utco-tornado-9000-puffs-good-disposable-vape\/\",\"name\":\"Top Sale UTCO Tornado 9000 Puffs Good Disposable Vape - vapebulkp.com\",\"isPartOf\":{\"@id\":\"https:\/\/vapebulkp.com\/#website\"},\"datePublished\":\"2024-04-23T07:35:00+00:00\",\"dateModified\":\"2025-09-01T09:20:18+00:00\",\"description\":\"Top Sale UTCO Tornado 9000 Puffs Good Disposable Vape is your best choice. This state-of-the-art device delivers an unparalleled experience and holds an impressive 9,000 puffs for longer flavor adventures.\",\"breadcrumb\":{\"@id\":\"https:\/\/vapebulkp.com\/product\/top-sale-utco-tornado-9000-puffs-good-disposable-vape\/#breadcrumb\"},\"inLanguage\":\"ro-RO\",\"potentialAction\":[{\"@type\":\"ReadAction\",\"target\":[\"https:\/\/vapebulkp.com\/product\/top-sale-utco-tornado-9000-puffs-good-disposable-vape\/\"]}]},{\"@type\":\"BreadcrumbList\",\"@id\":\"https:\/\/vapebulkp.com\/product\/top-sale-utco-tornado-9000-puffs-good-disposable-vape\/#breadcrumb\",\"itemListElement\":[{\"@type\":\"ListItem\",\"position\":1,\"name\":\"Home\",\"item\":\"https:\/\/vapebulkp.com\/\"},{\"@type\":\"ListItem\",\"position\":2,\"name\":\"Hot Trend Vapes\",\"item\":\"https:\/\/vapebulkp.com\/vape-shop\/\"},{\"@type\":\"ListItem\",\"position\":3,\"name\":\"Top Sale UTCO Tornado 9000 Puffs Good Disposable Vape\"}]},{\"@type\":\"WebSite\",\"@id\":\"https:\/\/vapebulkp.com\/#website\",\"url\":\"https:\/\/vapebulkp.com\/\",\"name\":\"vapebulkp.com\",\"description\":\"Buy Vape In Cheap Bulk Price Near you\",\"publisher\":{\"@id\":\"https:\/\/vapebulkp.com\/#organization\"},\"potentialAction\":[{\"@type\":\"SearchAction\",\"target\":{\"@type\":\"EntryPoint\",\"urlTemplate\":\"https:\/\/vapebulkp.com\/?s={search_term_string}\"},\"query-input\":\"required name=search_term_string\"}],\"inLanguage\":\"ro-RO\"},{\"@type\":\"Organization\",\"@id\":\"https:\/\/vapebulkp.com\/#organization\",\"name\":\"vapebulkp.com\",\"url\":\"https:\/\/vapebulkp.com\/\",\"logo\":{\"@type\":\"ImageObject\",\"inLanguage\":\"ro-RO\",\"@id\":\"https:\/\/vapebulkp.com\/#\/schema\/logo\/image\/\",\"url\":\"https:\/\/vapebulkp.com\/wp-content\/uploads\/2023\/09\/cropped-vapebulkp.png\",\"contentUrl\":\"https:\/\/vapebulkp.com\/wp-content\/uploads\/2023\/09\/cropped-vapebulkp.png\",\"width\":516,\"height\":163,\"caption\":\"vapebulkp.com\"},\"image\":{\"@id\":\"https:\/\/vapebulkp.com\/#\/schema\/logo\/image\/\"}}]}<\/script>\n<!-- \/ Yoast SEO plugin. -->","yoast_head_json":{"title":"Top Sale UTCO Tornado 9000 Puffs Good Disposable Vape - vapebulkp.com","description":"Top Sale UTCO Tornado 9000 Puffs Good Disposable Vape is your best choice. This state-of-the-art device delivers an unparalleled experience and holds an impressive 9,000 puffs for longer flavor adventures.","robots":{"index":"index","follow":"follow","max-snippet":"max-snippet:-1","max-image-preview":"max-image-preview:large","max-video-preview":"max-video-preview:-1"},"canonical":"https:\/\/vapebulkp.com\/ro\/produs\/top-sale-utco-tornado-9000-puffs-good-disposable-vape\/","og_locale":"ro_RO","og_type":"article","og_title":"Top Sale UTCO Tornado 9000 Puffs Good Disposable Vape - vapebulkp.com","og_description":"Top Sale UTCO Tornado 9000 Puffs Good Disposable Vape is your best choice. This state-of-the-art device delivers an unparalleled experience and holds an impressive 9,000 puffs for longer flavor adventures.","og_url":"https:\/\/vapebulkp.com\/ro\/produs\/top-sale-utco-tornado-9000-puffs-good-disposable-vape\/","og_site_name":"vapebulkp.com","article_modified_time":"2025-09-01T09:20:18+00:00","og_image":[{"width":1600,"height":1600,"url":"http:\/\/vapebulkp.com\/wp-content\/uploads\/2024\/04\/UTCO-9000PUFFS-Good-Sale-Germany.jpg","type":"image\/jpeg"}],"twitter_card":"summary_large_image","twitter_misc":{"Timp estimat pentru citire":"5 minute"},"schema":{"@context":"https:\/\/schema.org","@graph":[{"@type":"WebPage","@id":"https:\/\/vapebulkp.com\/product\/top-sale-utco-tornado-9000-puffs-good-disposable-vape\/","url":"https:\/\/vapebulkp.com\/product\/top-sale-utco-tornado-9000-puffs-good-disposable-vape\/","name":"Top Sale UTCO Tornado 9000 Puffs Good Disposable Vape - vapebulkp.com","isPartOf":{"@id":"https:\/\/vapebulkp.com\/#website"},"datePublished":"2024-04-23T07:35:00+00:00","dateModified":"2025-09-01T09:20:18+00:00","description":"Top Sale UTCO Tornado 9000 Puffs Good Disposable Vape is your best choice. This state-of-the-art device delivers an unparalleled experience and holds an impressive 9,000 puffs for longer flavor adventures.","breadcrumb":{"@id":"https:\/\/vapebulkp.com\/product\/top-sale-utco-tornado-9000-puffs-good-disposable-vape\/#breadcrumb"},"inLanguage":"ro-RO","potentialAction":[{"@type":"ReadAction","target":["https:\/\/vapebulkp.com\/product\/top-sale-utco-tornado-9000-puffs-good-disposable-vape\/"]}]},{"@type":"BreadcrumbList","@id":"https:\/\/vapebulkp.com\/product\/top-sale-utco-tornado-9000-puffs-good-disposable-vape\/#breadcrumb","itemListElement":[{"@type":"ListItem","position":1,"name":"Home","item":"https:\/\/vapebulkp.com\/"},{"@type":"ListItem","position":2,"name":"Hot Trend Vapes","item":"https:\/\/vapebulkp.com\/vape-shop\/"},{"@type":"ListItem","position":3,"name":"Top Sale UTCO Tornado 9000 Puffs Good Disposable Vape"}]},{"@type":"WebSite","@id":"https:\/\/vapebulkp.com\/#website","url":"https:\/\/vapebulkp.com\/","name":"vapebulkp.com","description":"Buy Vape In Cheap Bulk Price Near you","publisher":{"@id":"https:\/\/vapebulkp.com\/#organization"},"potentialAction":[{"@type":"SearchAction","target":{"@type":"EntryPoint","urlTemplate":"https:\/\/vapebulkp.com\/?s={search_term_string}"},"query-input":"required name=search_term_string"}],"inLanguage":"ro-RO"},{"@type":"Organization","@id":"https:\/\/vapebulkp.com\/#organization","name":"vapebulkp.com","url":"https:\/\/vapebulkp.com\/","logo":{"@type":"ImageObject","inLanguage":"ro-RO","@id":"https:\/\/vapebulkp.com\/#\/schema\/logo\/image\/","url":"https:\/\/vapebulkp.com\/wp-content\/uploads\/2023\/09\/cropped-vapebulkp.png","contentUrl":"https:\/\/vapebulkp.com\/wp-content\/uploads\/2023\/09\/cropped-vapebulkp.png","width":516,"height":163,"caption":"vapebulkp.com"},"image":{"@id":"https:\/\/vapebulkp.com\/#\/schema\/logo\/image\/"}}]}},"uagb_featured_image_src":{"full":["https:\/\/vapebulkp.com\/wp-content\/uploads\/2024\/04\/UTCO-9000PUFFS-Good-Sale-Germany.jpg",1600,1600,false],"thumbnail":["https:\/\/vapebulkp.com\/wp-content\/uploads\/2024\/04\/UTCO-9000PUFFS-Good-Sale-Germany-150x150.jpg",150,150,true],"medium":["https:\/\/vapebulkp.com\/wp-content\/uploads\/2024\/04\/UTCO-9000PUFFS-Good-Sale-Germany-300x300.jpg",300,300,true],"medium_large":["https:\/\/vapebulkp.com\/wp-content\/uploads\/2024\/04\/UTCO-9000PUFFS-Good-Sale-Germany-768x768.jpg",768,768,true],"large":["https:\/\/vapebulkp.com\/wp-content\/uploads\/2024\/04\/UTCO-9000PUFFS-Good-Sale-Germany-1024x1024.jpg",1024,1024,true],"1536x1536":["https:\/\/vapebulkp.com\/wp-content\/uploads\/2024\/04\/UTCO-9000PUFFS-Good-Sale-Germany-1536x1536.jpg",1536,1536,true],"2048x2048":["https:\/\/vapebulkp.com\/wp-content\/uploads\/2024\/04\/UTCO-9000PUFFS-Good-Sale-Germany.jpg",1600,1600,false],"trp-custom-language-flag":["https:\/\/vapebulkp.com\/wp-content\/uploads\/2024\/04\/UTCO-9000PUFFS-Good-Sale-Germany.jpg",12,12,false],"woocommerce_thumbnail":["https:\/\/vapebulkp.com\/wp-content\/uploads\/2024\/04\/UTCO-9000PUFFS-Good-Sale-Germany-300x300.jpg",300,300,true],"woocommerce_single":["https:\/\/vapebulkp.com\/wp-content\/uploads\/2024\/04\/UTCO-9000PUFFS-Good-Sale-Germany-600x600.jpg",600,600,true],"woocommerce_gallery_thumbnail":["https:\/\/vapebulkp.com\/wp-content\/uploads\/2024\/04\/UTCO-9000PUFFS-Good-Sale-Germany-100x100.jpg",100,100,true],"wcpr-photo-reviews":["https:\/\/vapebulkp.com\/wp-content\/uploads\/2024\/04\/UTCO-9000PUFFS-Good-Sale-Germany.jpg",500,500,false]},"uagb_author_info":{"display_name":"Mandy vape bulk price","author_link":"https:\/\/vapebulkp.com\/ro\/author\/"},"uagb_comment_info":0,"uagb_excerpt":"UTCO 9000 Puffs Good Vape Bulk Price Discount Price UTCO 9K Top Sale This Week Netherland\u00a0 wholesale Good\u00a0 disposable vape UTCO 9000 Puffs Pls Contact Mandy's WhatsApp For Discount Price+8618077105796 NOTE: Prices on our website does not include shipping costs","_links":{"self":[{"href":"https:\/\/vapebulkp.com\/ro\/wp-json\/wp\/v2\/product\/2261","targetHints":{"allow":["GET"]}}],"collection":[{"href":"https:\/\/vapebulkp.com\/ro\/wp-json\/wp\/v2\/product"}],"about":[{"href":"https:\/\/vapebulkp.com\/ro\/wp-json\/wp\/v2\/types\/product"}],"replies":[{"embeddable":true,"href":"https:\/\/vapebulkp.com\/ro\/wp-json\/wp\/v2\/comments?post=2261"}],"wp:featuredmedia":[{"embeddable":true,"href":"https:\/\/vapebulkp.com\/ro\/wp-json\/wp\/v2\/media\/2250"}],"wp:attachment":[{"href":"https:\/\/vapebulkp.com\/ro\/wp-json\/wp\/v2\/media?parent=2261"}],"wp:term":[{"taxonomy":"product_cat","embeddable":true,"href":"https:\/\/vapebulkp.com\/ro\/wp-json\/wp\/v2\/product_cat?post=2261"},{"taxonomy":"product_tag","embeddable":true,"href":"https:\/\/vapebulkp.com\/ro\/wp-json\/wp\/v2\/product_tag?post=2261"}],"curies":[{"name":"wp","href":"https:\/\/api.w.org\/{rel}","templated":true}]}}