{"id":2303,"date":"2024-04-24T11:58:02","date_gmt":"2024-04-24T09:58:02","guid":{"rendered":"https:\/\/vapebulkp.com\/?post_type=product&#038;p=2303"},"modified":"2025-09-24T05:19:58","modified_gmt":"2025-09-24T03:19:58","slug":"original-vape-bang-rocket-18000-puffs-good-sale","status":"publish","type":"product","link":"https:\/\/vapebulkp.com\/ro\/product\/original-vape-bang-rocket-18000-puffs-good-sale\/","title":{"rendered":"Vape Bang Rocket 18000 Puffs Bun\u0103 V\u00e2nzare"},"content":{"rendered":"<h2 style=\"text-align: left\">Vape Bang Rocket 18000 Puffs Bun\u0103 V\u00e2nzare<\/h2>\n<p data-start=\"128\" data-end=\"456\">The <strong data-start=\"132\" data-end=\"173\">Vap\u0103 Original\u0103 Bang Rocket 18000 Pufuri<\/strong> este un <a href=\"https:\/\/vapebulkp.com\/ro\/product-category\/18000-puffs-disposable-vape\/\"><strong data-start=\"187\" data-end=\"218\">18000 Puffs Vap\u0103 de unic\u0103 folosin\u021b\u0103<\/strong><\/a> proiectat\u0103 pentru performan\u021be de lung\u0103 durat\u0103 \u0219i inhal\u0103ri fine \u0219i aromate. Echipat\u0103 cu o baterie re\u00eenc\u0103rcabil\u0103 de 650mAh, aceast\u0103 <strong data-start=\"338\" data-end=\"370\">vape de unic\u0103 folosin\u021b\u0103 re\u00eenc\u0103rcabil<\/strong> ofer\u0103 sesiuni ne\u00eentrerupte, fiind ideal\u0103 pentru utilizarea zilnic\u0103 sau pentru ie\u0219iri prelungite.<\/p>\n<p data-start=\"458\" data-end=\"745\">Al s\u0103u <strong data-start=\"462\" data-end=\"485\">tehnologie dual mesh coil vape<\/strong> configura\u021bie \u00eembun\u0103t\u0103\u021be\u0219te densitatea vaporilor \u0219i intensitatea aromei, produc\u00e2nd nori boga\u021bi \u0219i satisf\u0103c\u0103tori de la \u00eenceput p\u00e2n\u0103 la sf\u00e2r\u0219it. Capacitatea de 20ml de e-lichid \u0219i op\u021biunile de sare de nicotin\u0103 de la 0% la 5% asigur\u0103 o <strong data-start=\"669\" data-end=\"702\">\u021bigar\u0103 electronic\u0103 de unic\u0103 folosin\u021b\u0103 de mare capacitate<\/strong> experien\u021b\u0103 adaptat\u0103 fiec\u0103rei preferin\u021be.<\/p>\n<p data-start=\"747\" data-end=\"1012\">Compact\u0103 \u0219i elegant\u0103, <strong data-start=\"770\" data-end=\"813\">Vapa Re\u00eenc\u0103rcabil\u0103 Bang Rocket 18k Pufuri<\/strong> este perfect\u0103 pentru cump\u0103r\u0103torii angro din Uniunea European\u0103 care caut\u0103 un produs fiabil \u0219i foarte solicitat. Cu o gam\u0103 larg\u0103 de arome \u0219i un design modern, este o alegere de top pentru vaperii europeni care apreciaz\u0103 calitatea \u0219i confortul.<\/p>\n<p><img decoding=\"async\" class=\"alignnone size-full wp-image-2278\" src=\"http:\/\/vapebulkp.com\/wp-content\/uploads\/2024\/04\/Bang-Rocket-18000-Puffs-Disposable-Vape-Germany.png\" alt=\"Bang Rocket 18000 Puffs \u021aig\u0103ri electronice de unic\u0103 folosin\u021b\u0103 Rom\u00e2nia\" width=\"1000\" height=\"1000\" srcset=\"https:\/\/vapebulkp.com\/wp-content\/uploads\/2024\/04\/Bang-Rocket-18000-Puffs-Disposable-Vape-Germany.png 1000w, https:\/\/vapebulkp.com\/wp-content\/uploads\/2024\/04\/Bang-Rocket-18000-Puffs-Disposable-Vape-Germany-300x300.png 300w, https:\/\/vapebulkp.com\/wp-content\/uploads\/2024\/04\/Bang-Rocket-18000-Puffs-Disposable-Vape-Germany-150x150.png 150w, https:\/\/vapebulkp.com\/wp-content\/uploads\/2024\/04\/Bang-Rocket-18000-Puffs-Disposable-Vape-Germany-768x768.png 768w, https:\/\/vapebulkp.com\/wp-content\/uploads\/2024\/04\/Bang-Rocket-18000-Puffs-Disposable-Vape-Germany-600x600.png 600w, https:\/\/vapebulkp.com\/wp-content\/uploads\/2024\/04\/Bang-Rocket-18000-Puffs-Disposable-Vape-Germany-100x100.png 100w\" sizes=\"(max-width: 1000px) 100vw, 1000px\" \/><\/p>\n<h6>V\u0103 rug\u0103m contacta\u021bi-o pe Mandy pe WhatsApp pentru un pre\u021b redus<a href=\"https:\/\/wa.me\/8618077105796\">+8618077105796<\/a><\/h6>\n<p><img decoding=\"async\" class=\"alignnone wp-image-2151\" src=\"http:\/\/vapebulkp.com\/wp-content\/uploads\/2024\/04\/Mandy-WhatsApp-Randm.jpg\" alt=\"RandM Mandy WhatsApp\" width=\"324\" height=\"330\" \/><\/p>\n<h2>Poate te-ar interesa s\u0103 afli despre Vapa de Unic\u0103 Folosin\u021b\u0103 Bang Rocket 18000 Pufuri\uff1a<\/h2>\n<h5>1.Cum se utilizeaz\u0103 stiloul de vap\u0103 Bang Rocket 18k Pufuri?<\/h5>\n<p>Pasul 1. \u00cenainte de a folosi 18k puffs, scoate\u021bi tubul de plastic.<\/p>\n<p>Pasul 2. A\u0219tepta\u021bi aproximativ 3 minute pentru ca lichidul s\u0103 ajung\u0103 \u00een rezisten\u021ba din interior.<\/p>\n<p>Pasul 3. Bucura\u021bi-v\u0103 de el<\/p>\n<h5>2.Cum se \u00eencarc\u0103 vapa de unic\u0103 folosin\u021b\u0103 Bang Rocket 18k Pufuri?<\/h5>\n<p>Nu pot fi utilizate \u00eenc\u0103rc\u0103toare cu \u00eenc\u0103rcare rapid\u0103, iar puterea standard sigur\u0103 a \u021big\u0103rilor electronice de unic\u0103 folosin\u021b\u0103 este de 5V 1A.<\/p>\n<p>Fiecare sesiune de \u00eenc\u0103rcare nu poate dep\u0103\u0219i 1 or\u0103, iar timpul de \u00eenc\u0103rcare sigur este de o jum\u0103tate de or\u0103.<\/p>\n<p><span style=\"color: #ff6600\">Not\u0103: nu \u00eenc\u0103rca\u021bi toat\u0103 noaptea!<\/span><\/p>\n<h5>3.Care este capacitatea de e-lichid a Vap\u0103 Bun\u0103 Bang Rocket 18000 Pufuri?<\/h5>\n<p>\u2014\u201420ml<\/p>\n<h5>4.C\u00e2te pufuri pot trage din aceast\u0103 Bang Rocket 18000 Pufuri?<\/h5>\n<p>\u2014\u20139000-18000Pufuri<\/p>\n<h3>Caracteristici ale Podului de Vap\u0103 de Unic\u0103 Folosin\u021b\u0103 Bang Rocket 18000 Pufuri:<\/h3>\n<p>&nbsp;<\/p>\n<ul>\n<li>\u00a0Lichid: cartu\u0219 preumplut cu e-lichid de 20 ml<\/li>\n<li>Nicotin\u0103: 2\/5% Nicotin\u0103 salin\u0103<\/li>\n<li>\u00a0Tipuri: de unic\u0103 folosin\u021b\u0103<\/li>\n<li>\u00a0650mAh<\/li>\n<li>\u00a00.6 Mesh Coil, FLUX DE AER REGLABIL<\/li>\n<li>\u00a0Cablu de re\u00eenc\u0103rcare Tip-C<\/li>\n<li>\u00a012 arome disponibile<\/li>\n<\/ul>\n<p>&nbsp;<\/p>\n<h3><strong>Lista celor Mai Bune Arome pentru Vapa Bang Rocket 18k Pufuri:<\/strong><\/h3>\n<p>1.Bomboan\u0103 Cirea\u0219\u0103<br \/>\n2.Piersic\u0103 Suculent\u0103 cu Ghea\u021b\u0103<br \/>\n3.Fructe tropicale<br \/>\n4.Struguri cu ghea\u021b\u0103<br \/>\n5.Piersici \u0219i mango<br \/>\n6.C\u0103p\u0219uni \u0219i banan\u0103<br \/>\n7.C\u0103p\u0219uni \u0219i mango<br \/>\n8.Fructe de p\u0103dure cu ghea\u021b\u0103<br \/>\n9.C\u0103p\u0219uni Pepene Verde<br \/>\n10.Pepene verde cu ghea\u021b\u0103<br \/>\n11.Zmeur\u0103 albastr\u0103 cu ghea\u021b\u0103<br \/>\n12.M\u0103r acri\u0219or cu ghea\u021b\u0103<\/p>\n<p><a href=\"https:\/\/vapebulkp.com\/ro\/product\/popular-randm-tornado-7000puffs-disposable-vape-best-price\/\"><span style=\"vertical-align: inherit\">RandM Tornado 7000 de Inhala\u021bii <\/span><\/a><\/p>\n<p><span style=\"vertical-align: inherit\">G\u0103se\u0219te mai multe produse care \u021bi-ar putea pl\u0103cea:<\/span><em><a href=\"https:\/\/wa.me\/8618077105796\"><span style=\"vertical-align: inherit\">\u00a0Cump\u0103r\u0103-l acum<\/span><\/a><\/em><\/p>\n<p><span style=\"vertical-align: inherit\">Alte Inhala\u021bii care \u021bi-ar putea pl\u0103cea:<\/span><a href=\"https:\/\/vapebulkp.com\/ro\/product\/joymy-ultra15000puffs-best-disposable-vape-2023\/\"><span style=\"vertical-align: inherit\">JOYMY 15000 de Inhala\u021bii<\/span><\/a><span style=\"vertical-align: inherit\">\u3001<\/span><a href=\"https:\/\/vapebulkp.com\/ro\/product\/wholesale-randm-tornado-9000-puffs-germany\/\"><span style=\"vertical-align: inherit\">RandM 9000 de Inhala\u021bii<\/span><\/a><span style=\"vertical-align: inherit\">\/ <\/span><a href=\"https:\/\/vapebulkp.com\/ro\/product\/bang-king-12000puffs\/\"><span style=\"vertical-align: inherit\">Bang King 12000 de Inhala\u021bii<\/span><\/a><span style=\"vertical-align: inherit\">\/ <\/span><a href=\"https:\/\/vapebulkp.com\/ro\/product\/wholesale-tornado-rum-bar-9000-puffs-sweden\/\"><span style=\"vertical-align: inherit\">Rumbar 9000 de Inhala\u021bii<\/span><\/a><\/p>\n<p><span style=\"vertical-align: inherit\">Sticl\u0103 de \u021bigar\u0103 electronic\u0103 cu form\u0103 special\u0103:<\/span><a href=\"https:\/\/vapebulkp.com\/ro\/product\/original-vape-bang-tn-12000-puffs-bang-vape\/\"><span style=\"vertical-align: inherit\"> Bang TN 12000 pufuri<\/span><\/a><span style=\"vertical-align: inherit\">\/ <\/span><a href=\"https:\/\/vapebulkp.com\/ro\/product\/popular-bang-king-10000-puffs-vape-good-price\/\"><span style=\"vertical-align: inherit\">\u00a0Bang King 10000 pufuri <\/span><\/a><span style=\"vertical-align: inherit\">\/<\/span><a href=\"https:\/\/vapebulkp.com\/ro\/product\/bang-tornado-12000-puffs-rechargeable-disposable-pod\/\"><span style=\"vertical-align: inherit\"> Bang Tornado 12000 pufuri<\/span><\/a><\/p>\n<h5>Calificarea produc\u021biei:<\/h5>\n<p><img decoding=\"async\" class=\"alignnone size-full wp-image-1841\" src=\"http:\/\/vapebulkp.com\/wp-content\/uploads\/2023\/11\/Vape-production-process-2.jpeg\" alt=\"Procesul de produc\u021bie a vafelor\" width=\"650\" height=\"434\" srcset=\"https:\/\/vapebulkp.com\/wp-content\/uploads\/2023\/11\/Vape-production-process-2.jpeg 650w, https:\/\/vapebulkp.com\/wp-content\/uploads\/2023\/11\/Vape-production-process-2-300x200.jpeg 300w, https:\/\/vapebulkp.com\/wp-content\/uploads\/2023\/11\/Vape-production-process-2-600x401.jpeg 600w\" sizes=\"(max-width: 650px) 100vw, 650px\" \/><\/p>\n<p><img decoding=\"async\" class=\"alignnone size-full wp-image-1843\" src=\"http:\/\/vapebulkp.com\/wp-content\/uploads\/2023\/11\/Vape-production-process.jpeg\" alt=\"Procesul de produc\u021bie a vafelor\" width=\"641\" height=\"1026\" srcset=\"https:\/\/vapebulkp.com\/wp-content\/uploads\/2023\/11\/Vape-production-process.jpeg 641w, https:\/\/vapebulkp.com\/wp-content\/uploads\/2023\/11\/Vape-production-process-187x300.jpeg 187w, https:\/\/vapebulkp.com\/wp-content\/uploads\/2023\/11\/Vape-production-process-640x1024.jpeg 640w, https:\/\/vapebulkp.com\/wp-content\/uploads\/2023\/11\/Vape-production-process-600x960.jpeg 600w\" sizes=\"(max-width: 641px) 100vw, 641px\" \/><\/p>\n<h5>\u00centreb\u0103ri frecvente:<\/h5>\n<p>\u00ce: Care este cantitatea minim\u0103 de comand\u0103 pentru Bang Rocket 18000 Puffs?<br \/>\nR: Comanda minim\u0103 este de 100 de buc\u0103\u021bi.<br \/>\n\u00ce: Care este termenul de livrare pentru \u021big\u0103rile electronice comandate?<br \/>\nR: De obicei, este de 10-15 zile dup\u0103 expediere<br \/>\n\u00ce: C\u00e2t cost\u0103 transportul?R: Costul transportului depinde de greutate. Cantit\u0103\u021bile diferite au costuri de transport diferite, v\u0103 rug\u0103m s\u0103 ne contacta\u021bi pentru a confirma costul transportului.<\/p>\n<h4>Detaliile de expediere:<\/h4>\n<p><span style=\"color: #ff6600\">Timp de produc\u021bie: 5-10 zile lucr\u0103toare<\/span><br \/>\n<span style=\"color: #ff6600\">Timp de livrare: 8-14 zile lucr\u0103toare<\/span><\/p>\n<p>Toate produsele din magazinul nostru sunt 100% originale \u0219i autentice, deci politica magazinului nostru este compensarea de zece ori pentru bunurile contraf\u0103cute. Folosim canale logistice precum UPS\/DHL\/FEDEX\/DPD pentru a v\u0103 livra m\u0103rfurile.<\/p>\n<p>Pentru coletele expediate \u00een Rom\u00e2nia, de obicei dureaz\u0103 10 zile lucr\u0103toare s\u0103 ajung\u0103. Expedierea c\u0103tre \u021b\u0103rile europene dureaz\u0103 de obicei 12 p\u00e2n\u0103 la 15 zile lucr\u0103toare. Vom actualiza informa\u021biile logistice pentru dumneavoastr\u0103 \u00een timp real.<\/p>","protected":false},"excerpt":{"rendered":"<p><a href=\"https:\/\/vapebulkp.com\/ro\/product\/original-vape-bang-rocket-18000-puffs-good-sale\/\">Vapa Bun\u0103 Bang Rocket 18000 pufuri merit\u0103 cump\u0103rat\u0103\uff01<\/a><\/p>\n<p>V\u0103 rug\u0103m contacta\u021bi-o pe Mandy pe WhatsApp pentru un pre\u021b redus<a href=\"https:\/\/wa.me\/8618077105796\">+8618077105796<\/a><\/p>\n<p><img decoding=\"async\" class=\"alignnone wp-image-2151\" src=\"http:\/\/vapebulkp.com\/wp-content\/uploads\/2024\/04\/Mandy-WhatsApp-Randm.jpg\" alt=\"RandM Mandy WhatsApp\" width=\"297\" height=\"316\" srcset=\"https:\/\/vapebulkp.com\/wp-content\/uploads\/2024\/04\/Mandy-WhatsApp-Randm.jpg 916w, https:\/\/vapebulkp.com\/wp-content\/uploads\/2024\/04\/Mandy-WhatsApp-Randm-282x300.jpg 282w, https:\/\/vapebulkp.com\/wp-content\/uploads\/2024\/04\/Mandy-WhatsApp-Randm-768x817.jpg 768w, https:\/\/vapebulkp.com\/wp-content\/uploads\/2024\/04\/Mandy-WhatsApp-Randm-600x638.jpg 600w\" sizes=\"(max-width: 297px) 100vw, 297px\" \/><\/p>\n<p><span style=\"color: #ff0000\">NOT\u0102: Pre\u021burile de pe site-ul nostru nu includ costurile de transport<\/span><\/p>\n<p>&nbsp;<\/p>","protected":false},"featured_media":2279,"comment_status":"open","ping_status":"closed","template":"","meta":{"_uag_custom_page_level_css":"","_lmt_disableupdate":"no","_lmt_disable":"","site-sidebar-layout":"default","site-content-layout":"content-boxed-container","ast-site-content-layout":"normal-width-container","site-content-style":"boxed","site-sidebar-style":"unboxed","ast-global-header-display":"","ast-banner-title-visibility":"","ast-main-header-display":"","ast-hfb-above-header-display":"","ast-hfb-below-header-display":"","ast-hfb-mobile-header-display":"","site-post-title":"","ast-breadcrumbs-content":"","ast-featured-img":"","footer-sml-layout":"","theme-transparent-header-meta":"default","adv-header-id-meta":"","stick-header-meta":"","header-above-stick-meta":"","header-main-stick-meta":"","header-below-stick-meta":"","astra-migrate-meta-layouts":"set","_joinchat":[]},"product_cat":[163,153,345,155,33,59,100,34,158,157,154,152,58,84,156,63,32],"product_tag":[111,36,37,41,40],"class_list":["post-2303","product","type-product","status-publish","has-post-thumbnail","hentry","product_cat-18000-puffs-disposable-vape","product_cat-hot-disposable-vapes","product_cat-bang-vapes","product_cat-belgium-hot-disposable-vapes","product_cat-france-vape-hot-sale","product_cat-germany-hot-disposable-vape","product_cat-germany-wholesale-vape-shop","product_cat-netherlands-vape-good-sale","product_cat-norway-hot-disposable-vapes","product_cat-poland-hot-disposable-vapes","product_cat-portugal-hot-disposable-vapes","product_cat-spain-hot-disposable-vapes","product_cat-sweden-hot-disposable-vape","product_cat-sweden-wholesale-vape","product_cat-switzerland-hot-disposable-vapes","product_cat-top-sale-disposable-vape","product_cat-vape-hot-sale-this-week","product_tag-18000puffs","product_tag-good-vape","product_tag-hot-sale-disposable-vape","product_tag-poland-hot-vape","product_tag-sweden-hot-vape","pa_brand-bang-vape","desktop-align-left","tablet-align-left","mobile-align-left"],"yoast_head":"<!-- This site is optimized with the Yoast SEO plugin v21.1 - https:\/\/yoast.com\/wordpress\/plugins\/seo\/ -->\n<title>Original Vape Bang Rocket 18000 Puffs Good Sale - vapebulkp.com<\/title>\n<meta name=\"description\" content=\"Bang Rocket 18000 Puffs vape with a robust 650mAh battery and a whopping 20ml e-liquid capacity, this device ensures long-lasting satisfaction..\" \/>\n<meta name=\"robots\" content=\"index, follow, max-snippet:-1, max-image-preview:large, max-video-preview:-1\" \/>\n<link rel=\"canonical\" href=\"https:\/\/vapebulkp.com\/ro\/product\/original-vape-bang-rocket-18000-puffs-good-sale\/\" \/>\n<meta property=\"og:locale\" content=\"ro_RO\" \/>\n<meta property=\"og:type\" content=\"article\" \/>\n<meta property=\"og:title\" content=\"Original Vape Bang Rocket 18000 Puffs Good Sale - vapebulkp.com\" \/>\n<meta property=\"og:description\" content=\"Bang Rocket 18000 Puffs vape with a robust 650mAh battery and a whopping 20ml e-liquid capacity, this device ensures long-lasting satisfaction..\" \/>\n<meta property=\"og:url\" content=\"https:\/\/vapebulkp.com\/ro\/product\/original-vape-bang-rocket-18000-puffs-good-sale\/\" \/>\n<meta property=\"og:site_name\" content=\"vapebulkp.com\" \/>\n<meta property=\"article:modified_time\" content=\"2025-09-24T03:19:58+00:00\" \/>\n<meta property=\"og:image\" content=\"http:\/\/vapebulkp.com\/wp-content\/uploads\/2024\/04\/Bang-Rocket-18000-Puffs-Disposable-Vape-Nehterlands-1024x1024.png\" \/>\n\t<meta property=\"og:image:width\" content=\"1024\" \/>\n\t<meta property=\"og:image:height\" content=\"1024\" \/>\n\t<meta property=\"og:image:type\" content=\"image\/png\" \/>\n<meta name=\"twitter:card\" content=\"summary_large_image\" \/>\n<meta name=\"twitter:label1\" content=\"Timp estimat pentru citire\" \/>\n\t<meta name=\"twitter:data1\" content=\"4 minute\" \/>\n<script type=\"application\/ld+json\" class=\"yoast-schema-graph\">{\"@context\":\"https:\/\/schema.org\",\"@graph\":[{\"@type\":\"WebPage\",\"@id\":\"https:\/\/vapebulkp.com\/product\/original-vape-bang-rocket-18000-puffs-good-sale\/\",\"url\":\"https:\/\/vapebulkp.com\/product\/original-vape-bang-rocket-18000-puffs-good-sale\/\",\"name\":\"Original Vape Bang Rocket 18000 Puffs Good Sale - vapebulkp.com\",\"isPartOf\":{\"@id\":\"https:\/\/vapebulkp.com\/#website\"},\"datePublished\":\"2024-04-24T09:58:02+00:00\",\"dateModified\":\"2025-09-24T03:19:58+00:00\",\"description\":\"Bang Rocket 18000 Puffs vape with a robust 650mAh battery and a whopping 20ml e-liquid capacity, this device ensures long-lasting satisfaction..\",\"breadcrumb\":{\"@id\":\"https:\/\/vapebulkp.com\/product\/original-vape-bang-rocket-18000-puffs-good-sale\/#breadcrumb\"},\"inLanguage\":\"ro-RO\",\"potentialAction\":[{\"@type\":\"ReadAction\",\"target\":[\"https:\/\/vapebulkp.com\/product\/original-vape-bang-rocket-18000-puffs-good-sale\/\"]}]},{\"@type\":\"BreadcrumbList\",\"@id\":\"https:\/\/vapebulkp.com\/product\/original-vape-bang-rocket-18000-puffs-good-sale\/#breadcrumb\",\"itemListElement\":[{\"@type\":\"ListItem\",\"position\":1,\"name\":\"Home\",\"item\":\"https:\/\/vapebulkp.com\/\"},{\"@type\":\"ListItem\",\"position\":2,\"name\":\"Hot Trend Vapes\",\"item\":\"https:\/\/vapebulkp.com\/vape-shop\/\"},{\"@type\":\"ListItem\",\"position\":3,\"name\":\"Original Vape Bang Rocket 18000 Puffs Good Sale\"}]},{\"@type\":\"WebSite\",\"@id\":\"https:\/\/vapebulkp.com\/#website\",\"url\":\"https:\/\/vapebulkp.com\/\",\"name\":\"vapebulkp.com\",\"description\":\"Buy Vape In Cheap Bulk Price Near you\",\"publisher\":{\"@id\":\"https:\/\/vapebulkp.com\/#organization\"},\"potentialAction\":[{\"@type\":\"SearchAction\",\"target\":{\"@type\":\"EntryPoint\",\"urlTemplate\":\"https:\/\/vapebulkp.com\/?s={search_term_string}\"},\"query-input\":\"required name=search_term_string\"}],\"inLanguage\":\"ro-RO\"},{\"@type\":\"Organization\",\"@id\":\"https:\/\/vapebulkp.com\/#organization\",\"name\":\"vapebulkp.com\",\"url\":\"https:\/\/vapebulkp.com\/\",\"logo\":{\"@type\":\"ImageObject\",\"inLanguage\":\"ro-RO\",\"@id\":\"https:\/\/vapebulkp.com\/#\/schema\/logo\/image\/\",\"url\":\"https:\/\/vapebulkp.com\/wp-content\/uploads\/2023\/09\/cropped-vapebulkp.png\",\"contentUrl\":\"https:\/\/vapebulkp.com\/wp-content\/uploads\/2023\/09\/cropped-vapebulkp.png\",\"width\":516,\"height\":163,\"caption\":\"vapebulkp.com\"},\"image\":{\"@id\":\"https:\/\/vapebulkp.com\/#\/schema\/logo\/image\/\"}}]}<\/script>\n<!-- \/ Yoast SEO plugin. -->","yoast_head_json":{"title":"Original Vape Bang Rocket 18000 Puffs Good Sale - vapebulkp.com","description":"Bang Rocket 18000 Puffs vape with a robust 650mAh battery and a whopping 20ml e-liquid capacity, this device ensures long-lasting satisfaction..","robots":{"index":"index","follow":"follow","max-snippet":"max-snippet:-1","max-image-preview":"max-image-preview:large","max-video-preview":"max-video-preview:-1"},"canonical":"https:\/\/vapebulkp.com\/ro\/product\/original-vape-bang-rocket-18000-puffs-good-sale\/","og_locale":"ro_RO","og_type":"article","og_title":"Original Vape Bang Rocket 18000 Puffs Good Sale - vapebulkp.com","og_description":"Bang Rocket 18000 Puffs vape with a robust 650mAh battery and a whopping 20ml e-liquid capacity, this device ensures long-lasting satisfaction..","og_url":"https:\/\/vapebulkp.com\/ro\/product\/original-vape-bang-rocket-18000-puffs-good-sale\/","og_site_name":"vapebulkp.com","article_modified_time":"2025-09-24T03:19:58+00:00","og_image":[{"width":1024,"height":1024,"url":"http:\/\/vapebulkp.com\/wp-content\/uploads\/2024\/04\/Bang-Rocket-18000-Puffs-Disposable-Vape-Nehterlands-1024x1024.png","type":"image\/png"}],"twitter_card":"summary_large_image","twitter_misc":{"Timp estimat pentru citire":"4 minute"},"schema":{"@context":"https:\/\/schema.org","@graph":[{"@type":"WebPage","@id":"https:\/\/vapebulkp.com\/product\/original-vape-bang-rocket-18000-puffs-good-sale\/","url":"https:\/\/vapebulkp.com\/product\/original-vape-bang-rocket-18000-puffs-good-sale\/","name":"Original Vape Bang Rocket 18000 Puffs Good Sale - vapebulkp.com","isPartOf":{"@id":"https:\/\/vapebulkp.com\/#website"},"datePublished":"2024-04-24T09:58:02+00:00","dateModified":"2025-09-24T03:19:58+00:00","description":"Bang Rocket 18000 Puffs vape with a robust 650mAh battery and a whopping 20ml e-liquid capacity, this device ensures long-lasting satisfaction..","breadcrumb":{"@id":"https:\/\/vapebulkp.com\/product\/original-vape-bang-rocket-18000-puffs-good-sale\/#breadcrumb"},"inLanguage":"ro-RO","potentialAction":[{"@type":"ReadAction","target":["https:\/\/vapebulkp.com\/product\/original-vape-bang-rocket-18000-puffs-good-sale\/"]}]},{"@type":"BreadcrumbList","@id":"https:\/\/vapebulkp.com\/product\/original-vape-bang-rocket-18000-puffs-good-sale\/#breadcrumb","itemListElement":[{"@type":"ListItem","position":1,"name":"Home","item":"https:\/\/vapebulkp.com\/"},{"@type":"ListItem","position":2,"name":"Hot Trend Vapes","item":"https:\/\/vapebulkp.com\/vape-shop\/"},{"@type":"ListItem","position":3,"name":"Original Vape Bang Rocket 18000 Puffs Good Sale"}]},{"@type":"WebSite","@id":"https:\/\/vapebulkp.com\/#website","url":"https:\/\/vapebulkp.com\/","name":"vapebulkp.com","description":"Buy Vape In Cheap Bulk Price Near you","publisher":{"@id":"https:\/\/vapebulkp.com\/#organization"},"potentialAction":[{"@type":"SearchAction","target":{"@type":"EntryPoint","urlTemplate":"https:\/\/vapebulkp.com\/?s={search_term_string}"},"query-input":"required name=search_term_string"}],"inLanguage":"ro-RO"},{"@type":"Organization","@id":"https:\/\/vapebulkp.com\/#organization","name":"vapebulkp.com","url":"https:\/\/vapebulkp.com\/","logo":{"@type":"ImageObject","inLanguage":"ro-RO","@id":"https:\/\/vapebulkp.com\/#\/schema\/logo\/image\/","url":"https:\/\/vapebulkp.com\/wp-content\/uploads\/2023\/09\/cropped-vapebulkp.png","contentUrl":"https:\/\/vapebulkp.com\/wp-content\/uploads\/2023\/09\/cropped-vapebulkp.png","width":516,"height":163,"caption":"vapebulkp.com"},"image":{"@id":"https:\/\/vapebulkp.com\/#\/schema\/logo\/image\/"}}]}},"uagb_featured_image_src":{"full":["https:\/\/vapebulkp.com\/wp-content\/uploads\/2024\/04\/Bang-Rocket-18000-Puffs-Disposable-Vape-Nehterlands.png",1500,1500,false],"thumbnail":["https:\/\/vapebulkp.com\/wp-content\/uploads\/2024\/04\/Bang-Rocket-18000-Puffs-Disposable-Vape-Nehterlands-150x150.png",150,150,true],"medium":["https:\/\/vapebulkp.com\/wp-content\/uploads\/2024\/04\/Bang-Rocket-18000-Puffs-Disposable-Vape-Nehterlands-300x300.png",300,300,true],"medium_large":["https:\/\/vapebulkp.com\/wp-content\/uploads\/2024\/04\/Bang-Rocket-18000-Puffs-Disposable-Vape-Nehterlands-768x768.png",768,768,true],"large":["https:\/\/vapebulkp.com\/wp-content\/uploads\/2024\/04\/Bang-Rocket-18000-Puffs-Disposable-Vape-Nehterlands-1024x1024.png",1024,1024,true],"1536x1536":["https:\/\/vapebulkp.com\/wp-content\/uploads\/2024\/04\/Bang-Rocket-18000-Puffs-Disposable-Vape-Nehterlands.png",1500,1500,false],"2048x2048":["https:\/\/vapebulkp.com\/wp-content\/uploads\/2024\/04\/Bang-Rocket-18000-Puffs-Disposable-Vape-Nehterlands.png",1500,1500,false],"trp-custom-language-flag":["https:\/\/vapebulkp.com\/wp-content\/uploads\/2024\/04\/Bang-Rocket-18000-Puffs-Disposable-Vape-Nehterlands.png",12,12,false],"woocommerce_thumbnail":["https:\/\/vapebulkp.com\/wp-content\/uploads\/2024\/04\/Bang-Rocket-18000-Puffs-Disposable-Vape-Nehterlands-300x300.png",300,300,true],"woocommerce_single":["https:\/\/vapebulkp.com\/wp-content\/uploads\/2024\/04\/Bang-Rocket-18000-Puffs-Disposable-Vape-Nehterlands-600x600.png",600,600,true],"woocommerce_gallery_thumbnail":["https:\/\/vapebulkp.com\/wp-content\/uploads\/2024\/04\/Bang-Rocket-18000-Puffs-Disposable-Vape-Nehterlands-100x100.png",100,100,true],"wcpr-photo-reviews":["https:\/\/vapebulkp.com\/wp-content\/uploads\/2024\/04\/Bang-Rocket-18000-Puffs-Disposable-Vape-Nehterlands.png",500,500,false]},"uagb_author_info":{"display_name":"Mandy vape bulk price","author_link":"https:\/\/vapebulkp.com\/ro\/author\/"},"uagb_comment_info":2,"uagb_excerpt":"The Good Vape\u00a0 Bang Rocket 18000 puffs is worth owning\uff01 Pls Contact Mandy's WhatsApp For Discount Price+8618077105796 NOTE: Prices on our website does not include shipping costs &nbsp;","_links":{"self":[{"href":"https:\/\/vapebulkp.com\/ro\/wp-json\/wp\/v2\/product\/2303","targetHints":{"allow":["GET"]}}],"collection":[{"href":"https:\/\/vapebulkp.com\/ro\/wp-json\/wp\/v2\/product"}],"about":[{"href":"https:\/\/vapebulkp.com\/ro\/wp-json\/wp\/v2\/types\/product"}],"replies":[{"embeddable":true,"href":"https:\/\/vapebulkp.com\/ro\/wp-json\/wp\/v2\/comments?post=2303"}],"wp:featuredmedia":[{"embeddable":true,"href":"https:\/\/vapebulkp.com\/ro\/wp-json\/wp\/v2\/media\/2279"}],"wp:attachment":[{"href":"https:\/\/vapebulkp.com\/ro\/wp-json\/wp\/v2\/media?parent=2303"}],"wp:term":[{"taxonomy":"product_cat","embeddable":true,"href":"https:\/\/vapebulkp.com\/ro\/wp-json\/wp\/v2\/product_cat?post=2303"},{"taxonomy":"product_tag","embeddable":true,"href":"https:\/\/vapebulkp.com\/ro\/wp-json\/wp\/v2\/product_tag?post=2303"}],"curies":[{"name":"wp","href":"https:\/\/api.w.org\/{rel}","templated":true}]}}