{"id":2336,"date":"2024-04-28T08:11:05","date_gmt":"2024-04-28T06:11:05","guid":{"rendered":"https:\/\/vapebulkp.com\/?post_type=product&#038;p=2336"},"modified":"2025-09-17T10:34:35","modified_gmt":"2025-09-17T08:34:35","slug":"best-price-wga-crystal-pro-max-15k-puffs-original-vape","status":"publish","type":"product","link":"https:\/\/vapebulkp.com\/ro\/product\/best-price-wga-crystal-pro-max-15k-puffs-original-vape\/","title":{"rendered":"Cel mai bun pre\u021b WGA Crystal Pro Max 15k Puffs Original Vape"},"content":{"rendered":"<h2>Cel mai bun pre\u021b WGA Crystal Pro Max 15k Puffs Original Vape<\/h2>\n<p data-start=\"170\" data-end=\"465\">The <strong data-start=\"174\" data-end=\"201\">WGA Crystal Pro Max 15.000 Pufuri<\/strong> este un dispozitiv de \u00eenalt\u0103 performan\u021b\u0103 <a href=\"https:\/\/vapebulkp.com\/ro\/product-category\/15000-puffs-disposable-vape\/\"><strong data-start=\"224\" data-end=\"255\">15000 Puffs Vap\u0103 de unic\u0103 folosin\u021b\u0103<\/strong><\/a> conceput pentru entuzia\u0219tii vapingului europeni care apreciaz\u0103 puterea de lung\u0103 durat\u0103 \u0219i aroma premium. Proiectat cu <strong data-start=\"359\" data-end=\"383\">tehnologie cu plas\u0103<\/strong>, ofer\u0103 vapori fini, den\u0219i \u0219i o arom\u0103 constant\u0103 pe parcursul tuturor celor 15.000 de pufuri.<\/p>\n<p data-start=\"467\" data-end=\"732\">Acest <strong data-start=\"472\" data-end=\"505\">\u021bigar\u0103 electronic\u0103 de unic\u0103 folosin\u021b\u0103 de mare capacitate<\/strong> dispune de o baterie de 650mAh, asigur\u00e2nd sesiuni extinse f\u0103r\u0103 \u00eentreruperi. Cu 30 de arome atent selectate <strong data-start=\"609\" data-end=\"628\">arome premium<\/strong>, de la mentol r\u0103coritor \u0219i fructe proaspete la amestecuri inspirate din deserturi, satisface fiecare palat.<\/p>\n<p data-start=\"734\" data-end=\"1055\">Compact \u0219i <strong data-start=\"746\" data-end=\"765\">u\u0219or de transportat<\/strong>, \u021bigara electronic\u0103 <strong data-start=\"771\" data-end=\"820\">WGA Crystal Pro Max 15k Puffs Cel mai bun vape de unic\u0103 folosin\u021b\u0103<\/strong> este u\u0219or de transportat \u0219i gata de utilizare, perfect pentru utilizarea zilnic\u0103, adun\u0103ri sociale sau vaping din mers. Combin\u00e2nd stilul, confortul \u0219i performan\u021ba fiabil\u0103, se remarc\u0103 drept o alegere de top at\u00e2t pentru vaperii europeni ocazionali, c\u00e2t \u0219i pentru cei experimenta\u021bi.<\/p>\n<p>&nbsp;<\/p>\n<h6 style=\"text-align: left\"><img decoding=\"async\" class=\"alignnone wp-image-2318\" src=\"http:\/\/vapebulkp.com\/wp-content\/uploads\/2024\/04\/WGA-crystal-Pro-Max-Extra-15k-puffs-France.png\" alt=\"WGA crystal Pro Max Extra 15k pufuri Rom\u00e2nia\" width=\"520\" height=\"641\" srcset=\"https:\/\/vapebulkp.com\/wp-content\/uploads\/2024\/04\/WGA-crystal-Pro-Max-Extra-15k-puffs-France.png 535w, https:\/\/vapebulkp.com\/wp-content\/uploads\/2024\/04\/WGA-crystal-Pro-Max-Extra-15k-puffs-France-244x300.png 244w\" sizes=\"(max-width: 520px) 100vw, 520px\" \/>\u3002<\/h6>\n<h6>V\u0103 rug\u0103m contacta\u021bi-o pe Mandy pe WhatsApp pentru un pre\u021b redus<a href=\"https:\/\/wa.me\/8618077105796\">+8618077105796<\/a><\/h6>\n<p><img decoding=\"async\" class=\"alignnone wp-image-2151\" src=\"http:\/\/vapebulkp.com\/wp-content\/uploads\/2024\/04\/Mandy-WhatsApp-Randm.jpg\" alt=\"RandM Mandy WhatsApp\" width=\"271\" height=\"289\" srcset=\"https:\/\/vapebulkp.com\/wp-content\/uploads\/2024\/04\/Mandy-WhatsApp-Randm.jpg 916w, https:\/\/vapebulkp.com\/wp-content\/uploads\/2024\/04\/Mandy-WhatsApp-Randm-282x300.jpg 282w, https:\/\/vapebulkp.com\/wp-content\/uploads\/2024\/04\/Mandy-WhatsApp-Randm-768x817.jpg 768w, https:\/\/vapebulkp.com\/wp-content\/uploads\/2024\/04\/Mandy-WhatsApp-Randm-600x638.jpg 600w\" sizes=\"(max-width: 271px) 100vw, 271px\" \/><\/p>\n<h2><span style=\"vertical-align: inherit\">Te-ai putea interesa s\u0103 afli despre WGA Crystal Pro Max Extra puff 15k Crystal Vapes:<\/span><\/h2>\n<p>&nbsp;<\/p>\n<h6 class=\"style-scope ytd-watch-metadata\">1. Cum se utilizeaz\u0103 vape-ul WGA Crystal Pro Max 15k Puffs 15000?<\/h6>\n<p>Acest e-\u021bigara de unic\u0103 folosin\u021b\u0103 WGA Crystal Pro Max Extra 15k pufuri utilizeaz\u0103 tehnologia de separare a miezului de ulei, v\u0103 rug\u0103m s\u0103 o utiliza\u021bi conform instruc\u021biunilor.<br \/>\nInstruc\u021biuni:<br \/>\n1: Rupe\u021bi ambalajul produsului<br \/>\n2: Rupe\u021bi autocolantul de jos<br \/>\n3: L\u0103sa\u021bi-l s\u0103 stea timp de 3 minute \u00eenainte de utilizare.<\/p>\n<h6>2. Cum se \u00eencarc\u0103 vape-ul WGA Crystal 15000 Puffs Crystal Vape Kopen:<\/h6>\n<p>Nu pot fi utilizate \u00eenc\u0103rc\u0103toare cu \u00eenc\u0103rcare rapid\u0103, iar puterea standard sigur\u0103 a \u021big\u0103rilor electronice de unic\u0103 folosin\u021b\u0103 este de 5V 1A.<\/p>\n<p>Fiecare sesiune de \u00eenc\u0103rcare nu poate dep\u0103\u0219i 1 or\u0103, iar timpul de \u00eenc\u0103rcare sigur este de o jum\u0103tate de or\u0103.<\/p>\n<p><span style=\"color: #ff6600\">Not\u0103: nu \u00eenc\u0103rca\u021bi toat\u0103 noaptea!<\/span><\/p>\n<h6>3. Care este capacitatea de e-lichid a vape-ului WGA Crystal Pro Max Extra 15000 Puffs?<\/h6>\n<p>25ml<\/p>\n<h6>4.C\u00e2t timp dureaz\u0103 un vape WGA Crystal Pro Max 15000 pufuri:<\/h6>\n<p>\u2014\u201315000Pufuri<\/p>\n<h3 class=\"faqs-answer\"><\/h3>\n<h3><span style=\"vertical-align: inherit\">Specifica\u021bii WGA Crystal Pro Max Extra 15000 Pufuri:<\/span><strong><br \/>\n<\/strong><\/h3>\n<ul>\n<li>Baterie bun\u0103: 650mAh (Tip C)<\/li>\n<li>Capacitate mare: 25ml<\/li>\n<li>Bobin\u0103 de \u00eenalt\u0103 calitate: 0.8 ohm mesh<\/li>\n<li>P\u00e2n\u0103 la 15000 de pufuri<\/li>\n<li>Vaping MTL \u0219i bobin\u0103 tripl\u0103 din plas\u0103<\/li>\n<li>Flux de aer reglabil \u0219i afi\u0219aj LED<\/li>\n<li>Dispozitiv convenabil \u0219i portabil, compact<\/li>\n<li>20mg (21%) t\u0103rie de nicotin\u0103<\/li>\n<\/ul>\n<h3>\u00a0Cele mai bune arome WGA Crystal Pro Max Extra 15000 pufuri:<\/h3>\n<p>&nbsp;<\/p>\n<p>1.Cire\u0219e efervescente<br \/>\n2.Ghea\u021b\u0103 de pepene verde<br \/>\n3.Ursule\u021b gum\u0103<br \/>\n4.Zmeur\u0103 de afine<br \/>\n5.L\u0103m\u00e2ie \u0219i lime<br \/>\n6.Ghea\u021b\u0103 de c\u0103p\u0219uni<br \/>\n7.Zmeur\u0103 acr\u0103 de afine<br \/>\n8.Ghea\u021b\u0103 de afine albastre<br \/>\n9. Skittles<br \/>\n10. Afine Cire\u0219e Meri\u0219oare<br \/>\n11. Ghea\u021b\u0103 de Cire\u0219e<br \/>\n12. Triple Mango<br \/>\n13. Ghea\u021b\u0103 de Ananas<br \/>\n14. Ghea\u021b\u0103 de Banane<br \/>\n15. Vis de Var\u0103<br \/>\n16. Ment\u0103 Proasp\u0103t\u0103<br \/>\n17. Mure Afine Zmeur\u0103<br \/>\n18.Mogu Mogu Litchi<br \/>\n19.Pop de Ghea\u021b\u0103 cu C\u0103p\u0219uni<br \/>\n20.Gum\u0103 de Mestecat C\u0103p\u0219uni Cire\u0219e<br \/>\n21. Oasis Slush<br \/>\n22.WGA Albastru<br \/>\n23.WGA Roz<br \/>\n24.Prime C\u0103p\u0219uni Pepene Verde<br \/>\n25. Hubba Bubba<br \/>\n26.Piersic\u0103 Suculent\u0103<br \/>\n27.Pop de Ghea\u021b\u0103 cu Afine<br \/>\n28.Ghea\u021b\u0103 C\u0103p\u0219uni Zmeur\u0103 Cire\u0219e<br \/>\n29.Mure Afine Zmeur\u0103<br \/>\n30.Ghea\u021b\u0103 Zmeur\u0103 Cire\u0219e<\/p>\n<p><a href=\"https:\/\/vapebulkp.com\/ro\/product\/cloud-bar-tornado-9000puffs-randm-vape-original-vape\/\"><span style=\"vertical-align: inherit\">V\u00e2nzare bun\u0103 Vape Cloud Bar 9000 Puffs<\/span><\/a><\/p>\n<p><span style=\"vertical-align: inherit\">G\u0103se\u0219te mai multe produse care \u021bi-ar putea pl\u0103cea:<\/span><em><a href=\"https:\/\/wa.me\/8618077105796\"><span style=\"vertical-align: inherit\">\u00a0Cump\u0103r\u0103-l acum<\/span><\/a><\/em><\/p>\n<p><span style=\"vertical-align: inherit\">Alte Inhala\u021bii care \u021bi-ar putea pl\u0103cea:<\/span><a href=\"https:\/\/vapebulkp.com\/ro\/product\/good-vape-jnr-shisha-15000-puffs-wholesale-vapme-shisha\/\"><span style=\"vertical-align: inherit\">JNR Vapme narghilea 15000 pufuri<\/span><\/a><span style=\"vertical-align: inherit\">\u3001<\/span><a href=\"https:\/\/vapebulkp.com\/ro\/product\/good-sale-randm-tornado-10000-puffs-plus\/\"><span style=\"vertical-align: inherit\">Randm 10000 Pufuri<\/span><\/a><span style=\"vertical-align: inherit\">\/ <\/span><a href=\"https:\/\/vapebulkp.com\/ro\/product\/popular-vape-bang-king-15000-puffs-bang-vape\/\"><span style=\"vertical-align: inherit\">Bang King 15000 pufuri<\/span><\/a><span style=\"vertical-align: inherit\">\/ <\/span><a href=\"https:\/\/vapebulkp.com\/ro\/product\/popular-randm-tornado-7000puffs-disposable-vape-best-price\/\"><span style=\"vertical-align: inherit\">RandM Tornado 7000 pufuri<\/span><\/a><\/p>\n<p><span style=\"vertical-align: inherit\">Sticl\u0103 de \u021bigar\u0103 electronic\u0103 cu form\u0103 special\u0103:<\/span><a href=\"https:\/\/vapebulkp.com\/ro\/product\/bang-tornado-12000-puffs-rechargeable-disposable-pod\/\"><span style=\"vertical-align: inherit\">Bang Tornado 12000 pufuri <\/span><\/a><span style=\"vertical-align: inherit\">\/ <\/span><a href=\"https:\/\/vapebulkp.com\/ro\/product\/wholesale-tornado-rum-bar-9000-puffs-sweden\/\"><span style=\"vertical-align: inherit\">Rumbar 9000 de Inhala\u021bii<\/span><\/a><span style=\"vertical-align: inherit\">\/<\/span><a href=\"https:\/\/vapebulkp.com\/ro\/product\/top-sale-waspe-12000puffs-disposable-vape-wholesale-france\/\"><span style=\"vertical-align: inherit\">WASPE 12000 pufuri<\/span><\/a><\/p>\n<h4>Calificarea produc\u021biei:<\/h4>\n<p><img decoding=\"async\" class=\"alignnone size-full wp-image-1841\" src=\"http:\/\/vapebulkp.com\/wp-content\/uploads\/2023\/11\/Vape-production-process-2.jpeg\" alt=\"Procesul de produc\u021bie a vafelor\" width=\"650\" height=\"434\" srcset=\"https:\/\/vapebulkp.com\/wp-content\/uploads\/2023\/11\/Vape-production-process-2.jpeg 650w, https:\/\/vapebulkp.com\/wp-content\/uploads\/2023\/11\/Vape-production-process-2-300x200.jpeg 300w, https:\/\/vapebulkp.com\/wp-content\/uploads\/2023\/11\/Vape-production-process-2-600x401.jpeg 600w\" sizes=\"(max-width: 650px) 100vw, 650px\" \/><\/p>\n<p><img decoding=\"async\" class=\"alignnone size-full wp-image-1843\" src=\"http:\/\/vapebulkp.com\/wp-content\/uploads\/2023\/11\/Vape-production-process.jpeg\" alt=\"Procesul de produc\u021bie a vafelor\" width=\"641\" height=\"1026\" srcset=\"https:\/\/vapebulkp.com\/wp-content\/uploads\/2023\/11\/Vape-production-process.jpeg 641w, https:\/\/vapebulkp.com\/wp-content\/uploads\/2023\/11\/Vape-production-process-187x300.jpeg 187w, https:\/\/vapebulkp.com\/wp-content\/uploads\/2023\/11\/Vape-production-process-640x1024.jpeg 640w, https:\/\/vapebulkp.com\/wp-content\/uploads\/2023\/11\/Vape-production-process-600x960.jpeg 600w\" sizes=\"(max-width: 641px) 100vw, 641px\" \/><\/p>\n<p>&nbsp;<\/p>\n<h4>Detaliile de expediere:<\/h4>\n<p><span style=\"color: #ff6600\">Timp de produc\u021bie: 5-10 zile lucr\u0103toare<\/span><br \/>\n<span style=\"color: #ff6600\">Timp de livrare: 8-14 zile lucr\u0103toare<\/span><\/p>\n<p>Toate produsele din magazinul nostru sunt 100% originale \u0219i autentice, deci politica magazinului nostru este compensarea de zece ori pentru bunurile contraf\u0103cute. Folosim canale logistice precum UPS\/DHL\/FEDEX\/DPD pentru a v\u0103 livra m\u0103rfurile.<\/p>\n<p>Pentru coletele expediate \u00een Rom\u00e2nia, de obicei dureaz\u0103 10 zile lucr\u0103toare s\u0103 ajung\u0103. Expedierea c\u0103tre \u021b\u0103rile europene dureaz\u0103 de obicei 12 p\u00e2n\u0103 la 15 zile lucr\u0103toare. Vom actualiza informa\u021biile logistice pentru dumneavoastr\u0103 \u00een timp real.<\/p>","protected":false},"excerpt":{"rendered":"<p>Vape de top la v\u00e2nzare WGA Crystal Pro Max 15k Puffs<\/p>\n<p>V\u0103 rug\u0103m contacta\u021bi-o pe Mandy pe WhatsApp pentru un pre\u021b redus<a href=\"https:\/\/wa.me\/8618077105796\">+8618077105796<\/a><\/p>\n<p><img decoding=\"async\" class=\"alignnone wp-image-2151\" src=\"http:\/\/vapebulkp.com\/wp-content\/uploads\/2024\/04\/Mandy-WhatsApp-Randm.jpg\" alt=\"RandM Mandy WhatsApp\" width=\"297\" height=\"316\" srcset=\"https:\/\/vapebulkp.com\/wp-content\/uploads\/2024\/04\/Mandy-WhatsApp-Randm.jpg 916w, https:\/\/vapebulkp.com\/wp-content\/uploads\/2024\/04\/Mandy-WhatsApp-Randm-282x300.jpg 282w, https:\/\/vapebulkp.com\/wp-content\/uploads\/2024\/04\/Mandy-WhatsApp-Randm-768x817.jpg 768w, https:\/\/vapebulkp.com\/wp-content\/uploads\/2024\/04\/Mandy-WhatsApp-Randm-600x638.jpg 600w\" sizes=\"(max-width: 297px) 100vw, 297px\" \/><\/p>\n<p><span style=\"color: #ff0000\">NOT\u0102: Pre\u021burile de pe site-ul nostru nu includ costurile de transport<\/span><\/p>\n<p>Principalul motiv pentru achizi\u021bie<br \/>\n1. Calitate excelent\u0103 \u0219i performan\u021b\u0103 de neegalat.<\/p>\n<p>2. Pre\u021b competitiv \u0219i valoare rapid\u0103.<\/p>\n<p>3. Op\u021biuni multiple \u0219i livrare la timp.<\/p>\n<p>4. O experien\u021b\u0103 de cump\u0103r\u0103turi satisf\u0103c\u0103toare<\/p>","protected":false},"featured_media":2322,"comment_status":"open","ping_status":"closed","template":"","meta":{"_uag_custom_page_level_css":"","_lmt_disableupdate":"no","_lmt_disable":"","site-sidebar-layout":"default","site-content-layout":"content-boxed-container","ast-site-content-layout":"normal-width-container","site-content-style":"boxed","site-sidebar-style":"unboxed","ast-global-header-display":"","ast-banner-title-visibility":"","ast-main-header-display":"","ast-hfb-above-header-display":"","ast-hfb-below-header-display":"","ast-hfb-mobile-header-display":"","site-post-title":"","ast-breadcrumbs-content":"","ast-featured-img":"","footer-sml-layout":"","theme-transparent-header-meta":"default","adv-header-id-meta":"","stick-header-meta":"","header-above-stick-meta":"","header-main-stick-meta":"","header-below-stick-meta":"","astra-migrate-meta-layouts":"set","_joinchat":[]},"product_cat":[165,153,155,33,59,100,87,34,158,157,154,152,58,84,156,63,32,366],"product_tag":[77,36,37,41,75,40],"class_list":["post-2336","product","type-product","status-publish","has-post-thumbnail","hentry","product_cat-15000-puffs-disposable-vape","product_cat-hot-disposable-vapes","product_cat-belgium-hot-disposable-vapes","product_cat-france-vape-hot-sale","product_cat-germany-hot-disposable-vape","product_cat-germany-wholesale-vape-shop","product_cat-minimum-order-quantity-50pcs","product_cat-netherlands-vape-good-sale","product_cat-norway-hot-disposable-vapes","product_cat-poland-hot-disposable-vapes","product_cat-portugal-hot-disposable-vapes","product_cat-spain-hot-disposable-vapes","product_cat-sweden-hot-disposable-vape","product_cat-sweden-wholesale-vape","product_cat-switzerland-hot-disposable-vapes","product_cat-top-sale-disposable-vape","product_cat-vape-hot-sale-this-week","product_cat-wga-vape","product_tag-15000-puffs","product_tag-good-vape","product_tag-hot-sale-disposable-vape","product_tag-poland-hot-vape","product_tag-randm-vape-9000-puffs","product_tag-sweden-hot-vape","pa_brand-wga-vape","desktop-align-left","tablet-align-left","mobile-align-left"],"yoast_head":"<!-- This site is optimized with the Yoast SEO plugin v21.1 - https:\/\/yoast.com\/wordpress\/plugins\/seo\/ -->\n<title>Best Price WGA Crystal Pro Max 15k Puffs Original Vape - vapebulkp.com<\/title>\n<meta name=\"description\" content=\"Best Price WGA Crystal Pro Max 15k Puffs Original Vape , setting a new standard in disposable vaping. With an impressive puff count of 15,000 and a selection of 30 distinct flavors,\" \/>\n<meta name=\"robots\" content=\"index, follow, max-snippet:-1, max-image-preview:large, max-video-preview:-1\" \/>\n<link rel=\"canonical\" href=\"https:\/\/vapebulkp.com\/ro\/product\/best-price-wga-crystal-pro-max-15k-puffs-original-vape\/\" \/>\n<meta property=\"og:locale\" content=\"ro_RO\" \/>\n<meta property=\"og:type\" content=\"article\" \/>\n<meta property=\"og:title\" content=\"Best Price WGA Crystal Pro Max 15k Puffs Original Vape - vapebulkp.com\" \/>\n<meta property=\"og:description\" content=\"Best Price WGA Crystal Pro Max 15k Puffs Original Vape , setting a new standard in disposable vaping. With an impressive puff count of 15,000 and a selection of 30 distinct flavors,\" \/>\n<meta property=\"og:url\" content=\"https:\/\/vapebulkp.com\/ro\/product\/best-price-wga-crystal-pro-max-15k-puffs-original-vape\/\" \/>\n<meta property=\"og:site_name\" content=\"vapebulkp.com\" \/>\n<meta property=\"article:modified_time\" content=\"2025-09-17T08:34:35+00:00\" \/>\n<meta property=\"og:image\" content=\"http:\/\/vapebulkp.com\/wp-content\/uploads\/2024\/04\/WGA-crystal-Pro-Max-Extra-15000-puff-Discount-Price-scaled.jpg\" \/>\n\t<meta property=\"og:image:width\" content=\"1922\" \/>\n\t<meta property=\"og:image:height\" content=\"2560\" \/>\n\t<meta property=\"og:image:type\" content=\"image\/jpeg\" \/>\n<meta name=\"twitter:card\" content=\"summary_large_image\" \/>\n<meta name=\"twitter:label1\" content=\"Timp estimat pentru citire\" \/>\n\t<meta name=\"twitter:data1\" content=\"4 minute\" \/>\n<script type=\"application\/ld+json\" class=\"yoast-schema-graph\">{\"@context\":\"https:\/\/schema.org\",\"@graph\":[{\"@type\":\"WebPage\",\"@id\":\"https:\/\/vapebulkp.com\/product\/best-price-wga-crystal-pro-max-15k-puffs-original-vape\/\",\"url\":\"https:\/\/vapebulkp.com\/product\/best-price-wga-crystal-pro-max-15k-puffs-original-vape\/\",\"name\":\"Best Price WGA Crystal Pro Max 15k Puffs Original Vape - vapebulkp.com\",\"isPartOf\":{\"@id\":\"https:\/\/vapebulkp.com\/#website\"},\"datePublished\":\"2024-04-28T06:11:05+00:00\",\"dateModified\":\"2025-09-17T08:34:35+00:00\",\"description\":\"Best Price WGA Crystal Pro Max 15k Puffs Original Vape , setting a new standard in disposable vaping. With an impressive puff count of 15,000 and a selection of 30 distinct flavors,\",\"breadcrumb\":{\"@id\":\"https:\/\/vapebulkp.com\/product\/best-price-wga-crystal-pro-max-15k-puffs-original-vape\/#breadcrumb\"},\"inLanguage\":\"ro-RO\",\"potentialAction\":[{\"@type\":\"ReadAction\",\"target\":[\"https:\/\/vapebulkp.com\/product\/best-price-wga-crystal-pro-max-15k-puffs-original-vape\/\"]}]},{\"@type\":\"BreadcrumbList\",\"@id\":\"https:\/\/vapebulkp.com\/product\/best-price-wga-crystal-pro-max-15k-puffs-original-vape\/#breadcrumb\",\"itemListElement\":[{\"@type\":\"ListItem\",\"position\":1,\"name\":\"Home\",\"item\":\"https:\/\/vapebulkp.com\/\"},{\"@type\":\"ListItem\",\"position\":2,\"name\":\"Hot Trend Vapes\",\"item\":\"https:\/\/vapebulkp.com\/vape-shop\/\"},{\"@type\":\"ListItem\",\"position\":3,\"name\":\"Best Price WGA Crystal Pro Max 15k Puffs Original Vape\"}]},{\"@type\":\"WebSite\",\"@id\":\"https:\/\/vapebulkp.com\/#website\",\"url\":\"https:\/\/vapebulkp.com\/\",\"name\":\"vapebulkp.com\",\"description\":\"Buy Vape In Cheap Bulk Price Near you\",\"publisher\":{\"@id\":\"https:\/\/vapebulkp.com\/#organization\"},\"potentialAction\":[{\"@type\":\"SearchAction\",\"target\":{\"@type\":\"EntryPoint\",\"urlTemplate\":\"https:\/\/vapebulkp.com\/?s={search_term_string}\"},\"query-input\":\"required name=search_term_string\"}],\"inLanguage\":\"ro-RO\"},{\"@type\":\"Organization\",\"@id\":\"https:\/\/vapebulkp.com\/#organization\",\"name\":\"vapebulkp.com\",\"url\":\"https:\/\/vapebulkp.com\/\",\"logo\":{\"@type\":\"ImageObject\",\"inLanguage\":\"ro-RO\",\"@id\":\"https:\/\/vapebulkp.com\/#\/schema\/logo\/image\/\",\"url\":\"https:\/\/vapebulkp.com\/wp-content\/uploads\/2023\/09\/cropped-vapebulkp.png\",\"contentUrl\":\"https:\/\/vapebulkp.com\/wp-content\/uploads\/2023\/09\/cropped-vapebulkp.png\",\"width\":516,\"height\":163,\"caption\":\"vapebulkp.com\"},\"image\":{\"@id\":\"https:\/\/vapebulkp.com\/#\/schema\/logo\/image\/\"}}]}<\/script>\n<!-- \/ Yoast SEO plugin. -->","yoast_head_json":{"title":"Best Price WGA Crystal Pro Max 15k Puffs Original Vape - vapebulkp.com","description":"Best Price WGA Crystal Pro Max 15k Puffs Original Vape , setting a new standard in disposable vaping. With an impressive puff count of 15,000 and a selection of 30 distinct flavors,","robots":{"index":"index","follow":"follow","max-snippet":"max-snippet:-1","max-image-preview":"max-image-preview:large","max-video-preview":"max-video-preview:-1"},"canonical":"https:\/\/vapebulkp.com\/ro\/product\/best-price-wga-crystal-pro-max-15k-puffs-original-vape\/","og_locale":"ro_RO","og_type":"article","og_title":"Best Price WGA Crystal Pro Max 15k Puffs Original Vape - vapebulkp.com","og_description":"Best Price WGA Crystal Pro Max 15k Puffs Original Vape , setting a new standard in disposable vaping. With an impressive puff count of 15,000 and a selection of 30 distinct flavors,","og_url":"https:\/\/vapebulkp.com\/ro\/product\/best-price-wga-crystal-pro-max-15k-puffs-original-vape\/","og_site_name":"vapebulkp.com","article_modified_time":"2025-09-17T08:34:35+00:00","og_image":[{"width":1922,"height":2560,"url":"http:\/\/vapebulkp.com\/wp-content\/uploads\/2024\/04\/WGA-crystal-Pro-Max-Extra-15000-puff-Discount-Price-scaled.jpg","type":"image\/jpeg"}],"twitter_card":"summary_large_image","twitter_misc":{"Timp estimat pentru citire":"4 minute"},"schema":{"@context":"https:\/\/schema.org","@graph":[{"@type":"WebPage","@id":"https:\/\/vapebulkp.com\/product\/best-price-wga-crystal-pro-max-15k-puffs-original-vape\/","url":"https:\/\/vapebulkp.com\/product\/best-price-wga-crystal-pro-max-15k-puffs-original-vape\/","name":"Best Price WGA Crystal Pro Max 15k Puffs Original Vape - vapebulkp.com","isPartOf":{"@id":"https:\/\/vapebulkp.com\/#website"},"datePublished":"2024-04-28T06:11:05+00:00","dateModified":"2025-09-17T08:34:35+00:00","description":"Best Price WGA Crystal Pro Max 15k Puffs Original Vape , setting a new standard in disposable vaping. With an impressive puff count of 15,000 and a selection of 30 distinct flavors,","breadcrumb":{"@id":"https:\/\/vapebulkp.com\/product\/best-price-wga-crystal-pro-max-15k-puffs-original-vape\/#breadcrumb"},"inLanguage":"ro-RO","potentialAction":[{"@type":"ReadAction","target":["https:\/\/vapebulkp.com\/product\/best-price-wga-crystal-pro-max-15k-puffs-original-vape\/"]}]},{"@type":"BreadcrumbList","@id":"https:\/\/vapebulkp.com\/product\/best-price-wga-crystal-pro-max-15k-puffs-original-vape\/#breadcrumb","itemListElement":[{"@type":"ListItem","position":1,"name":"Home","item":"https:\/\/vapebulkp.com\/"},{"@type":"ListItem","position":2,"name":"Hot Trend Vapes","item":"https:\/\/vapebulkp.com\/vape-shop\/"},{"@type":"ListItem","position":3,"name":"Best Price WGA Crystal Pro Max 15k Puffs Original Vape"}]},{"@type":"WebSite","@id":"https:\/\/vapebulkp.com\/#website","url":"https:\/\/vapebulkp.com\/","name":"vapebulkp.com","description":"Buy Vape In Cheap Bulk Price Near you","publisher":{"@id":"https:\/\/vapebulkp.com\/#organization"},"potentialAction":[{"@type":"SearchAction","target":{"@type":"EntryPoint","urlTemplate":"https:\/\/vapebulkp.com\/?s={search_term_string}"},"query-input":"required name=search_term_string"}],"inLanguage":"ro-RO"},{"@type":"Organization","@id":"https:\/\/vapebulkp.com\/#organization","name":"vapebulkp.com","url":"https:\/\/vapebulkp.com\/","logo":{"@type":"ImageObject","inLanguage":"ro-RO","@id":"https:\/\/vapebulkp.com\/#\/schema\/logo\/image\/","url":"https:\/\/vapebulkp.com\/wp-content\/uploads\/2023\/09\/cropped-vapebulkp.png","contentUrl":"https:\/\/vapebulkp.com\/wp-content\/uploads\/2023\/09\/cropped-vapebulkp.png","width":516,"height":163,"caption":"vapebulkp.com"},"image":{"@id":"https:\/\/vapebulkp.com\/#\/schema\/logo\/image\/"}}]}},"uagb_featured_image_src":{"full":["https:\/\/vapebulkp.com\/wp-content\/uploads\/2024\/04\/WGA-crystal-Pro-Max-Extra-15000-puff-Discount-Price-scaled.jpg",1922,2560,false],"thumbnail":["https:\/\/vapebulkp.com\/wp-content\/uploads\/2024\/04\/WGA-crystal-Pro-Max-Extra-15000-puff-Discount-Price-150x150.jpg",150,150,true],"medium":["https:\/\/vapebulkp.com\/wp-content\/uploads\/2024\/04\/WGA-crystal-Pro-Max-Extra-15000-puff-Discount-Price-225x300.jpg",225,300,true],"medium_large":["https:\/\/vapebulkp.com\/wp-content\/uploads\/2024\/04\/WGA-crystal-Pro-Max-Extra-15000-puff-Discount-Price-768x1023.jpg",768,1023,true],"large":["https:\/\/vapebulkp.com\/wp-content\/uploads\/2024\/04\/WGA-crystal-Pro-Max-Extra-15000-puff-Discount-Price-769x1024.jpg",769,1024,true],"1536x1536":["https:\/\/vapebulkp.com\/wp-content\/uploads\/2024\/04\/WGA-crystal-Pro-Max-Extra-15000-puff-Discount-Price-1153x1536.jpg",1153,1536,true],"2048x2048":["https:\/\/vapebulkp.com\/wp-content\/uploads\/2024\/04\/WGA-crystal-Pro-Max-Extra-15000-puff-Discount-Price-1538x2048.jpg",1538,2048,true],"trp-custom-language-flag":["https:\/\/vapebulkp.com\/wp-content\/uploads\/2024\/04\/WGA-crystal-Pro-Max-Extra-15000-puff-Discount-Price-scaled.jpg",9,12,false],"woocommerce_thumbnail":["https:\/\/vapebulkp.com\/wp-content\/uploads\/2024\/04\/WGA-crystal-Pro-Max-Extra-15000-puff-Discount-Price-300x300.jpg",300,300,true],"woocommerce_single":["https:\/\/vapebulkp.com\/wp-content\/uploads\/2024\/04\/WGA-crystal-Pro-Max-Extra-15000-puff-Discount-Price-600x799.jpg",600,799,true],"woocommerce_gallery_thumbnail":["https:\/\/vapebulkp.com\/wp-content\/uploads\/2024\/04\/WGA-crystal-Pro-Max-Extra-15000-puff-Discount-Price-100x100.jpg",100,100,true],"wcpr-photo-reviews":["https:\/\/vapebulkp.com\/wp-content\/uploads\/2024\/04\/WGA-crystal-Pro-Max-Extra-15000-puff-Discount-Price-scaled.jpg",375,500,false]},"uagb_author_info":{"display_name":"Mandy vape bulk price","author_link":"https:\/\/vapebulkp.com\/ro\/author\/"},"uagb_comment_info":1,"uagb_excerpt":"Tops Sale Vape WGA Crystal Pro Max 15k Puffs Pls Contact Mandy's WhatsApp For Discount Price+8618077105796 NOTE: Prices on our website does not include shipping costs Main reason for purchase 1. Excellent quality and unparalleled performance. 2. Competitive price and fast value. 3. Multiple options and timely delivery. 4. A satisfying shopping experience","_links":{"self":[{"href":"https:\/\/vapebulkp.com\/ro\/wp-json\/wp\/v2\/product\/2336","targetHints":{"allow":["GET"]}}],"collection":[{"href":"https:\/\/vapebulkp.com\/ro\/wp-json\/wp\/v2\/product"}],"about":[{"href":"https:\/\/vapebulkp.com\/ro\/wp-json\/wp\/v2\/types\/product"}],"replies":[{"embeddable":true,"href":"https:\/\/vapebulkp.com\/ro\/wp-json\/wp\/v2\/comments?post=2336"}],"wp:featuredmedia":[{"embeddable":true,"href":"https:\/\/vapebulkp.com\/ro\/wp-json\/wp\/v2\/media\/2322"}],"wp:attachment":[{"href":"https:\/\/vapebulkp.com\/ro\/wp-json\/wp\/v2\/media?parent=2336"}],"wp:term":[{"taxonomy":"product_cat","embeddable":true,"href":"https:\/\/vapebulkp.com\/ro\/wp-json\/wp\/v2\/product_cat?post=2336"},{"taxonomy":"product_tag","embeddable":true,"href":"https:\/\/vapebulkp.com\/ro\/wp-json\/wp\/v2\/product_tag?post=2336"}],"curies":[{"name":"wp","href":"https:\/\/api.w.org\/{rel}","templated":true}]}}