{"id":2423,"date":"2024-05-09T10:54:09","date_gmt":"2024-05-09T08:54:09","guid":{"rendered":"https:\/\/vapebulkp.com\/?post_type=product&#038;p=2423"},"modified":"2025-09-24T05:14:17","modified_gmt":"2025-09-24T03:14:17","slug":"original-vape-big-puffs-bang-vape-36000puffs","status":"publish","type":"product","link":"https:\/\/vapebulkp.com\/ro\/product\/original-vape-big-puffs-bang-vape-36000puffs\/","title":{"rendered":"Vape Original Big Puffs Bang Vape 36000Puffs"},"content":{"rendered":"<h1 style=\"text-align: left\">Vape Original Big Puffs Bang Vape 36000Puffs<\/h1>\n<p data-start=\"265\" data-end=\"592\">The <strong data-start=\"269\" data-end=\"309\">Bang 36000 Pufuri Pod Vape de Unic\u0103 Folosin\u021b\u0103<\/strong> este un <a href=\"https:\/\/vapebulkp.com\/ro\/product-category\/36000-puff-disposable-vape\/\"><strong data-start=\"323\" data-end=\"354\">Vape de Unic\u0103 Folosin\u021b\u0103 36000 Pufuri<\/strong><\/a> conceput pentru performan\u021b\u0103 de lung\u0103 durat\u0103 \u0219i livrare fin\u0103 a aromei. Pre-umplut cu un cartu\u0219 masiv de e-lichid de 40 ml \u0219i disponibil \u00een sare de nicotin\u0103 de 2% sau 5%, acest dispozitiv ofer\u0103 satisfac\u021bie constant\u0103 at\u00e2t pentru vaperii ocazionali, c\u00e2t \u0219i pentru cei \u00eemp\u0103timi\u021bi.<\/p>\n<p data-start=\"594\" data-end=\"936\">Alimentat de o baterie re\u00eenc\u0103rcabil\u0103 durabil\u0103 de 850mAh cu \u00eenc\u0103rcare rapid\u0103 de tip C, asigur\u0103 vapare ne\u00eentrerupt\u0103 cu timp de nefunc\u021bionare minim. Bang 36000 dispune de tehnologie avansat\u0103 a bobinei pentru produc\u021bie dens\u0103 de vapori \u0219i un impact bogat \u00een g\u00e2t \u00een 10 arome populare, f\u0103c\u00e2ndu-l unul dintre cele mai fiabile <strong data-start=\"885\" data-end=\"919\">vape-uri de unic\u0103 folosin\u021b\u0103 de mare capacitate<\/strong> de pe pia\u021b\u0103.<\/p>\n<p data-start=\"938\" data-end=\"1150\">Compact, elegant \u0219i puternic, <strong data-start=\"974\" data-end=\"1014\">Bang 36000 Pufuri Pod Vape de Unic\u0103 Folosin\u021b\u0103<\/strong> este alegerea perfect\u0103 pentru cei care caut\u0103 un <strong data-start=\"1061\" data-end=\"1096\">vape de lung\u0103 durat\u0103 cu sare de nicotin\u0103<\/strong> care combin\u0103 confortul cu performan\u021ba premium.<\/p>\n<p><img decoding=\"async\" class=\"alignnone wp-image-2270\" src=\"http:\/\/vapebulkp.com\/wp-content\/uploads\/2024\/04\/Bang-Vape-36000-Puffs-Wholesale-Discount.jpg\" alt=\"Reducere pentru Bang Vape 36000 Puffs cu ridicata\" width=\"642\" height=\"875\" srcset=\"https:\/\/vapebulkp.com\/wp-content\/uploads\/2024\/04\/Bang-Vape-36000-Puffs-Wholesale-Discount.jpg 1080w, https:\/\/vapebulkp.com\/wp-content\/uploads\/2024\/04\/Bang-Vape-36000-Puffs-Wholesale-Discount-220x300.jpg 220w, https:\/\/vapebulkp.com\/wp-content\/uploads\/2024\/04\/Bang-Vape-36000-Puffs-Wholesale-Discount-751x1024.jpg 751w, https:\/\/vapebulkp.com\/wp-content\/uploads\/2024\/04\/Bang-Vape-36000-Puffs-Wholesale-Discount-768x1047.jpg 768w, https:\/\/vapebulkp.com\/wp-content\/uploads\/2024\/04\/Bang-Vape-36000-Puffs-Wholesale-Discount-600x818.jpg 600w\" sizes=\"(max-width: 642px) 100vw, 642px\" \/><\/p>\n<h6>V\u0103 rug\u0103m contacta\u021bi-o pe Mandy pe WhatsApp pentru un pre\u021b redus<a href=\"https:\/\/wa.me\/8618077105796\">+8618077105796<\/a><\/h6>\n<p><img decoding=\"async\" class=\"alignnone wp-image-2151\" src=\"http:\/\/vapebulkp.com\/wp-content\/uploads\/2024\/04\/Mandy-WhatsApp-Randm.jpg\" alt=\"RandM Mandy WhatsApp\" width=\"261\" height=\"277\" srcset=\"https:\/\/vapebulkp.com\/wp-content\/uploads\/2024\/04\/Mandy-WhatsApp-Randm.jpg 916w, https:\/\/vapebulkp.com\/wp-content\/uploads\/2024\/04\/Mandy-WhatsApp-Randm-282x300.jpg 282w, https:\/\/vapebulkp.com\/wp-content\/uploads\/2024\/04\/Mandy-WhatsApp-Randm-768x817.jpg 768w, https:\/\/vapebulkp.com\/wp-content\/uploads\/2024\/04\/Mandy-WhatsApp-Randm-600x638.jpg 600w\" sizes=\"(max-width: 261px) 100vw, 261px\" \/><\/p>\n<h2>M-am g\u00e2ndit c\u0103 v-ar pl\u0103cea s\u0103 \u0219ti\u021bi despre Bang 36000 Pufuri Vape Original:<\/h2>\n<h5>1.Cum se utilizeaz\u0103 stiloul Vape Bang 36k Pufuri?<\/h5>\n<p>Pasul 1. \u00cenainte de a utiliza bang vape 36k pufuri, scoate\u021bi conducta de plastic.<\/p>\n<p>Pasul 2. A\u0219tepta\u021bi aproximativ 3 minute pentru ca lichidul s\u0103 ajung\u0103 \u00een rezisten\u021ba din interior.<\/p>\n<p>Pasul 3. Bucura\u021bi-v\u0103 de el<\/p>\n<h5>2.Cum se \u00eencarc\u0103 vape-ul de unic\u0103 folosin\u021b\u0103 Bang Vape 36k pufuri Vape Elegant?<\/h5>\n<p>Nu pot fi utilizate \u00eenc\u0103rc\u0103toare cu \u00eenc\u0103rcare rapid\u0103, iar puterea standard sigur\u0103 a \u021big\u0103rilor electronice de unic\u0103 folosin\u021b\u0103 este de 5V 1A.<\/p>\n<p>Fiecare sesiune de \u00eenc\u0103rcare nu poate dep\u0103\u0219i 1 or\u0103, iar timpul de \u00eenc\u0103rcare sigur este de o jum\u0103tate de or\u0103.<\/p>\n<p><span style=\"color: #ff0000\">Not\u0103: nu \u00eenc\u0103rca\u021bi toat\u0103 noaptea!<\/span><\/p>\n<h5>3.Care este capacitatea de e-lichid a stiloului Vape Bang 36k Pufuri?<\/h5>\n<p>40ml<\/p>\n<h5>4.C\u00e2te pufuri pot trage din acest Vape de Unic\u0103 Folosin\u021b\u0103 Bang 36000 Pufuri?<\/h5>\n<p>\u2014\u201336k Pufuri<\/p>\n<h3>Bang 36000 Pufuri Caracteristici Pod Vape de Unic\u0103 Folosin\u021b\u0103:<\/h3>\n<ul>\n<li>Pufuri: P\u00e2n\u0103 la 36000 pufuri<\/li>\n<li>\u00a0Lichid: 40 ml cartu\u0219 de e-lichid pre-umplut<\/li>\n<li>Nicotin\u0103: 2%\/5% Sare de Nicotin\u0103<\/li>\n<li>\u00a0Tipuri: \u021aigara electronic\u0103 de unic\u0103 folosin\u021b\u0103<\/li>\n<li>\u00a0Baterie de 850 mAh<\/li>\n<li>\u00a0Cablu de re\u00eenc\u0103rcare Tip-C<\/li>\n<li>\u00a010 arome disponibile<\/li>\n<\/ul>\n<h3><strong>Arome \u021bigar\u0103 electronic\u0103 Big Puffs Vape Bang 36000 Puffs?<\/strong><\/h3>\n<p>1. C\u0103p\u0219uni Kiwi<br \/>\n2. Mango Piersic\u0103 Pepene Verde<br \/>\n3. MIX DE FRUCTE<br \/>\n4. Ghea\u021b\u0103 mentolat\u0103<br \/>\n5. Mango Piersic\u0103<br \/>\n6.struguri cu ghea\u021b\u0103<br \/>\n7. M\u0103r dublu<br \/>\n8. Afine Zmeur\u0103<br \/>\n9.C\u0103p\u0219uni Pepene Verde<br \/>\n10. GHEA\u021a\u0102 DE PEPENE VERDE<br \/>\n11. C\u0103p\u0219uni Mango<br \/>\n12. Ghea\u021b\u0103 de Afine<\/p>\n<p><a href=\"https:\/\/vapebulkp.com\/ro\/product\/popular-randm-tornado-7000puffs-disposable-vape-best-price\/\"><span style=\"vertical-align: inherit\">RandM Tornado 7000 de Inhala\u021bii <\/span><\/a><\/p>\n<p><span style=\"vertical-align: inherit\">G\u0103se\u0219te mai multe produse care \u021bi-ar putea pl\u0103cea:<\/span><em><a href=\"https:\/\/wa.me\/8618077105796\"><span style=\"vertical-align: inherit\">\u00a0Cump\u0103r\u0103-l acum<\/span><\/a><\/em><\/p>\n<p><span style=\"vertical-align: inherit\">Alte Inhala\u021bii care \u021bi-ar putea pl\u0103cea:<\/span><a href=\"https:\/\/vapebulkp.com\/ro\/product\/joymy-ultra15000puffs-best-disposable-vape-2023\/\"><span style=\"vertical-align: inherit\">JOYMY 15000 de Inhala\u021bii<\/span><\/a><span style=\"vertical-align: inherit\">\u3001<\/span><a href=\"https:\/\/vapebulkp.com\/ro\/product\/wholesale-randm-tornado-9000-puffs-germany\/\"><span style=\"vertical-align: inherit\">RandM 9000 de Inhala\u021bii<\/span><\/a><span style=\"vertical-align: inherit\">\/ <\/span><a href=\"https:\/\/vapebulkp.com\/ro\/product\/bang-king-12000puffs\/\"><span style=\"vertical-align: inherit\">Bang King 12000 de Inhala\u021bii<\/span><\/a><span style=\"vertical-align: inherit\">\/ <\/span><a href=\"https:\/\/vapebulkp.com\/ro\/product\/wholesale-tornado-rum-bar-9000-puffs-sweden\/\"><span style=\"vertical-align: inherit\">Rumbar 9000 de Inhala\u021bii<\/span><\/a><\/p>\n<p><span style=\"vertical-align: inherit\">Sticl\u0103 de \u021bigar\u0103 electronic\u0103 cu form\u0103 special\u0103:<\/span><a href=\"https:\/\/vapebulkp.com\/ro\/product\/bang-with-a-vape-18000-puffs-crown-bar-hot-vape\/\"><span style=\"vertical-align: inherit\"> Bang 18000 Puffs<\/span><\/a><span style=\"vertical-align: inherit\">\/ <\/span><a href=\"https:\/\/vapebulkp.com\/ro\/product\/best-price-wga-crystal-pro-max-15k-puffs-original-vape\/\"><span style=\"vertical-align: inherit\">\u00a0WGA Crystal Pro Max 15000 Pufuri <\/span><\/a><span style=\"vertical-align: inherit\">\/<\/span><a href=\"https:\/\/vapebulkp.com\/ro\/product\/disposable-vape-crystal-600-puffs\/\"><span style=\"vertical-align: inherit\"> Cristal 600 Pufuri<\/span><\/a><\/p>\n<h5>Calificarea produc\u021biei:<\/h5>\n<p><img decoding=\"async\" class=\"alignnone size-full wp-image-1841\" src=\"http:\/\/vapebulkp.com\/wp-content\/uploads\/2023\/11\/Vape-production-process-2.jpeg\" alt=\"Procesul de produc\u021bie a vafelor\" width=\"650\" height=\"434\" srcset=\"https:\/\/vapebulkp.com\/wp-content\/uploads\/2023\/11\/Vape-production-process-2.jpeg 650w, https:\/\/vapebulkp.com\/wp-content\/uploads\/2023\/11\/Vape-production-process-2-300x200.jpeg 300w, https:\/\/vapebulkp.com\/wp-content\/uploads\/2023\/11\/Vape-production-process-2-600x401.jpeg 600w\" sizes=\"(max-width: 650px) 100vw, 650px\" \/><\/p>\n<p><img decoding=\"async\" class=\"alignnone size-full wp-image-1843\" src=\"http:\/\/vapebulkp.com\/wp-content\/uploads\/2023\/11\/Vape-production-process.jpeg\" alt=\"Procesul de produc\u021bie a vafelor\" width=\"641\" height=\"1026\" srcset=\"https:\/\/vapebulkp.com\/wp-content\/uploads\/2023\/11\/Vape-production-process.jpeg 641w, https:\/\/vapebulkp.com\/wp-content\/uploads\/2023\/11\/Vape-production-process-187x300.jpeg 187w, https:\/\/vapebulkp.com\/wp-content\/uploads\/2023\/11\/Vape-production-process-640x1024.jpeg 640w, https:\/\/vapebulkp.com\/wp-content\/uploads\/2023\/11\/Vape-production-process-600x960.jpeg 600w\" sizes=\"(max-width: 641px) 100vw, 641px\" \/><\/p>\n<h5>\u00centreb\u0103ri frecvente:<\/h5>\n<p>\u00ce: Care este cantitatea minim\u0103 de comand\u0103 pentru Good Vape Bang 36000Puffs?<br \/>\nR: Comanda minim\u0103 este de 100 de buc\u0103\u021bi.<br \/>\n\u00ce: Care este termenul de livrare pentru \u021big\u0103rile electronice comandate?<br \/>\nR: De obicei, este de 10-15 zile dup\u0103 expediere<br \/>\n\u00ce: C\u00e2t cost\u0103 transportul?R: Costul transportului depinde de greutate. Cantit\u0103\u021bile diferite au costuri de transport diferite, v\u0103 rug\u0103m s\u0103 ne contacta\u021bi pentru a confirma costul transportului.<\/p>\n<h4>Detaliile de expediere:<\/h4>\n<p><span style=\"color: #ff6600\">Timp de produc\u021bie: 5-10 zile lucr\u0103toare<\/span><br \/>\n<span style=\"color: #ff6600\">Timp de livrare: 8-14 zile lucr\u0103toare<\/span><\/p>\n<p>Toate produsele din magazinul nostru sunt 100% originale \u0219i autentice, deci politica magazinului nostru este compensarea de zece ori pentru bunurile contraf\u0103cute. Folosim canale logistice precum UPS\/DHL\/FEDEX\/DPD pentru a v\u0103 livra m\u0103rfurile.<\/p>\n<p>Pentru coletele expediate \u00een Rom\u00e2nia, de obicei dureaz\u0103 10 zile lucr\u0103toare s\u0103 ajung\u0103. Expedierea c\u0103tre \u021b\u0103rile europene dureaz\u0103 de obicei 12 p\u00e2n\u0103 la 15 zile lucr\u0103toare. Vom actualiza informa\u021biile logistice pentru dumneavoastr\u0103 \u00een timp real.<\/p>","protected":false},"excerpt":{"rendered":"<p>Vape elegant \u0219i compact Bang 36k Pufuri Vape de Unic\u0103 Folosin\u021b\u0103<\/p>\n<p><img decoding=\"async\" class=\"alignnone wp-image-2151\" src=\"http:\/\/vapebulkp.com\/wp-content\/uploads\/2024\/04\/Mandy-WhatsApp-Randm.jpg\" alt=\"RandM Mandy WhatsApp\" width=\"281\" height=\"299\" srcset=\"https:\/\/vapebulkp.com\/wp-content\/uploads\/2024\/04\/Mandy-WhatsApp-Randm.jpg 916w, https:\/\/vapebulkp.com\/wp-content\/uploads\/2024\/04\/Mandy-WhatsApp-Randm-282x300.jpg 282w, https:\/\/vapebulkp.com\/wp-content\/uploads\/2024\/04\/Mandy-WhatsApp-Randm-768x817.jpg 768w, https:\/\/vapebulkp.com\/wp-content\/uploads\/2024\/04\/Mandy-WhatsApp-Randm-600x638.jpg 600w\" sizes=\"(max-width: 281px) 100vw, 281px\" \/><\/p>\n<p>V\u0103 rug\u0103m contacta\u021bi-o pe Mandy pe WhatsApp pentru un pre\u021b redus<a href=\"https:\/\/wa.me\/8618077105796\">+8618077105796<\/a><\/p>\n<p><span style=\"color: #ff0000\">NOT\u0102: Pre\u021burile de pe site-ul nostru nu includ costurile de transport<\/span><\/p>\n<p>&nbsp;<\/p>","protected":false},"featured_media":2270,"comment_status":"open","ping_status":"closed","template":"","meta":{"_uag_custom_page_level_css":"","_lmt_disableupdate":"no","_lmt_disable":"","site-sidebar-layout":"default","site-content-layout":"content-boxed-container","ast-site-content-layout":"normal-width-container","site-content-style":"boxed","site-sidebar-style":"unboxed","ast-global-header-display":"","ast-banner-title-visibility":"","ast-main-header-display":"","ast-hfb-above-header-display":"","ast-hfb-below-header-display":"","ast-hfb-mobile-header-display":"","site-post-title":"","ast-breadcrumbs-content":"","ast-featured-img":"","footer-sml-layout":"","theme-transparent-header-meta":"default","adv-header-id-meta":"","stick-header-meta":"","header-above-stick-meta":"","header-main-stick-meta":"","header-below-stick-meta":"","astra-migrate-meta-layouts":"set","_joinchat":[]},"product_cat":[159,153,345,155,33,59,100,87,34,158,157,154,152,58,84,156,63,32],"product_tag":[130,93,36,37,40],"class_list":["post-2423","product","type-product","status-publish","has-post-thumbnail","hentry","product_cat-36000-puff-disposable-vape","product_cat-hot-disposable-vapes","product_cat-bang-vapes","product_cat-belgium-hot-disposable-vapes","product_cat-france-vape-hot-sale","product_cat-germany-hot-disposable-vape","product_cat-germany-wholesale-vape-shop","product_cat-minimum-order-quantity-50pcs","product_cat-netherlands-vape-good-sale","product_cat-norway-hot-disposable-vapes","product_cat-poland-hot-disposable-vapes","product_cat-portugal-hot-disposable-vapes","product_cat-spain-hot-disposable-vapes","product_cat-sweden-hot-disposable-vape","product_cat-sweden-wholesale-vape","product_cat-switzerland-hot-disposable-vapes","product_cat-top-sale-disposable-vape","product_cat-vape-hot-sale-this-week","product_tag-36000puffs","product_tag-bang-vape","product_tag-good-vape","product_tag-hot-sale-disposable-vape","product_tag-sweden-hot-vape","pa_brand-bang-king-vape","desktop-align-left","tablet-align-left","mobile-align-left"],"yoast_head":"<!-- This site is optimized with the Yoast SEO plugin v21.1 - https:\/\/yoast.com\/wordpress\/plugins\/seo\/ -->\n<title>Original Vape Big Puffs Bang Vape 36000Puffs - vapebulkp.com<\/title>\n<meta name=\"description\" content=\"Enjoy the convenience of Sleek vape Original Vape Big Puffs Bang Vape 36000Puffs disposable e-cigarettes and quickly satisfy your high-puff needs\" \/>\n<meta name=\"robots\" content=\"index, follow, max-snippet:-1, max-image-preview:large, max-video-preview:-1\" \/>\n<link rel=\"canonical\" href=\"https:\/\/vapebulkp.com\/ro\/product\/original-vape-big-puffs-bang-vape-36000puffs\/\" \/>\n<meta property=\"og:locale\" content=\"ro_RO\" \/>\n<meta property=\"og:type\" content=\"article\" \/>\n<meta property=\"og:title\" content=\"Original Vape Big Puffs Bang Vape 36000Puffs - vapebulkp.com\" \/>\n<meta property=\"og:description\" content=\"Enjoy the convenience of Sleek vape Original Vape Big Puffs Bang Vape 36000Puffs disposable e-cigarettes and quickly satisfy your high-puff needs\" \/>\n<meta property=\"og:url\" content=\"https:\/\/vapebulkp.com\/ro\/product\/original-vape-big-puffs-bang-vape-36000puffs\/\" \/>\n<meta property=\"og:site_name\" content=\"vapebulkp.com\" \/>\n<meta property=\"article:modified_time\" content=\"2025-09-24T03:14:17+00:00\" \/>\n<meta property=\"og:image\" content=\"http:\/\/vapebulkp.com\/wp-content\/uploads\/2024\/04\/Bang-Vape-36000-Puffs-Wholesale-Discount.jpg\" \/>\n\t<meta property=\"og:image:width\" content=\"1080\" \/>\n\t<meta property=\"og:image:height\" content=\"1472\" \/>\n\t<meta property=\"og:image:type\" content=\"image\/jpeg\" \/>\n<meta name=\"twitter:card\" content=\"summary_large_image\" \/>\n<meta name=\"twitter:label1\" content=\"Timp estimat pentru citire\" \/>\n\t<meta name=\"twitter:data1\" content=\"4 minute\" \/>\n<script type=\"application\/ld+json\" class=\"yoast-schema-graph\">{\"@context\":\"https:\/\/schema.org\",\"@graph\":[{\"@type\":\"WebPage\",\"@id\":\"https:\/\/vapebulkp.com\/product\/original-vape-big-puffs-bang-vape-36000puffs\/\",\"url\":\"https:\/\/vapebulkp.com\/product\/original-vape-big-puffs-bang-vape-36000puffs\/\",\"name\":\"Original Vape Big Puffs Bang Vape 36000Puffs - vapebulkp.com\",\"isPartOf\":{\"@id\":\"https:\/\/vapebulkp.com\/#website\"},\"datePublished\":\"2024-05-09T08:54:09+00:00\",\"dateModified\":\"2025-09-24T03:14:17+00:00\",\"description\":\"Enjoy the convenience of Sleek vape Original Vape Big Puffs Bang Vape 36000Puffs disposable e-cigarettes and quickly satisfy your high-puff needs\",\"breadcrumb\":{\"@id\":\"https:\/\/vapebulkp.com\/product\/original-vape-big-puffs-bang-vape-36000puffs\/#breadcrumb\"},\"inLanguage\":\"ro-RO\",\"potentialAction\":[{\"@type\":\"ReadAction\",\"target\":[\"https:\/\/vapebulkp.com\/product\/original-vape-big-puffs-bang-vape-36000puffs\/\"]}]},{\"@type\":\"BreadcrumbList\",\"@id\":\"https:\/\/vapebulkp.com\/product\/original-vape-big-puffs-bang-vape-36000puffs\/#breadcrumb\",\"itemListElement\":[{\"@type\":\"ListItem\",\"position\":1,\"name\":\"Home\",\"item\":\"https:\/\/vapebulkp.com\/\"},{\"@type\":\"ListItem\",\"position\":2,\"name\":\"Hot Trend Vapes\",\"item\":\"https:\/\/vapebulkp.com\/vape-shop\/\"},{\"@type\":\"ListItem\",\"position\":3,\"name\":\"Original Vape Big Puffs Bang Vape 36000Puffs\"}]},{\"@type\":\"WebSite\",\"@id\":\"https:\/\/vapebulkp.com\/#website\",\"url\":\"https:\/\/vapebulkp.com\/\",\"name\":\"vapebulkp.com\",\"description\":\"Buy Vape In Cheap Bulk Price Near you\",\"publisher\":{\"@id\":\"https:\/\/vapebulkp.com\/#organization\"},\"potentialAction\":[{\"@type\":\"SearchAction\",\"target\":{\"@type\":\"EntryPoint\",\"urlTemplate\":\"https:\/\/vapebulkp.com\/?s={search_term_string}\"},\"query-input\":\"required name=search_term_string\"}],\"inLanguage\":\"ro-RO\"},{\"@type\":\"Organization\",\"@id\":\"https:\/\/vapebulkp.com\/#organization\",\"name\":\"vapebulkp.com\",\"url\":\"https:\/\/vapebulkp.com\/\",\"logo\":{\"@type\":\"ImageObject\",\"inLanguage\":\"ro-RO\",\"@id\":\"https:\/\/vapebulkp.com\/#\/schema\/logo\/image\/\",\"url\":\"https:\/\/vapebulkp.com\/wp-content\/uploads\/2023\/09\/cropped-vapebulkp.png\",\"contentUrl\":\"https:\/\/vapebulkp.com\/wp-content\/uploads\/2023\/09\/cropped-vapebulkp.png\",\"width\":516,\"height\":163,\"caption\":\"vapebulkp.com\"},\"image\":{\"@id\":\"https:\/\/vapebulkp.com\/#\/schema\/logo\/image\/\"}}]}<\/script>\n<!-- \/ Yoast SEO plugin. -->","yoast_head_json":{"title":"Original Vape Big Puffs Bang Vape 36000Puffs - vapebulkp.com","description":"Enjoy the convenience of Sleek vape Original Vape Big Puffs Bang Vape 36000Puffs disposable e-cigarettes and quickly satisfy your high-puff needs","robots":{"index":"index","follow":"follow","max-snippet":"max-snippet:-1","max-image-preview":"max-image-preview:large","max-video-preview":"max-video-preview:-1"},"canonical":"https:\/\/vapebulkp.com\/ro\/product\/original-vape-big-puffs-bang-vape-36000puffs\/","og_locale":"ro_RO","og_type":"article","og_title":"Original Vape Big Puffs Bang Vape 36000Puffs - vapebulkp.com","og_description":"Enjoy the convenience of Sleek vape Original Vape Big Puffs Bang Vape 36000Puffs disposable e-cigarettes and quickly satisfy your high-puff needs","og_url":"https:\/\/vapebulkp.com\/ro\/product\/original-vape-big-puffs-bang-vape-36000puffs\/","og_site_name":"vapebulkp.com","article_modified_time":"2025-09-24T03:14:17+00:00","og_image":[{"width":1080,"height":1472,"url":"http:\/\/vapebulkp.com\/wp-content\/uploads\/2024\/04\/Bang-Vape-36000-Puffs-Wholesale-Discount.jpg","type":"image\/jpeg"}],"twitter_card":"summary_large_image","twitter_misc":{"Timp estimat pentru citire":"4 minute"},"schema":{"@context":"https:\/\/schema.org","@graph":[{"@type":"WebPage","@id":"https:\/\/vapebulkp.com\/product\/original-vape-big-puffs-bang-vape-36000puffs\/","url":"https:\/\/vapebulkp.com\/product\/original-vape-big-puffs-bang-vape-36000puffs\/","name":"Original Vape Big Puffs Bang Vape 36000Puffs - vapebulkp.com","isPartOf":{"@id":"https:\/\/vapebulkp.com\/#website"},"datePublished":"2024-05-09T08:54:09+00:00","dateModified":"2025-09-24T03:14:17+00:00","description":"Enjoy the convenience of Sleek vape Original Vape Big Puffs Bang Vape 36000Puffs disposable e-cigarettes and quickly satisfy your high-puff needs","breadcrumb":{"@id":"https:\/\/vapebulkp.com\/product\/original-vape-big-puffs-bang-vape-36000puffs\/#breadcrumb"},"inLanguage":"ro-RO","potentialAction":[{"@type":"ReadAction","target":["https:\/\/vapebulkp.com\/product\/original-vape-big-puffs-bang-vape-36000puffs\/"]}]},{"@type":"BreadcrumbList","@id":"https:\/\/vapebulkp.com\/product\/original-vape-big-puffs-bang-vape-36000puffs\/#breadcrumb","itemListElement":[{"@type":"ListItem","position":1,"name":"Home","item":"https:\/\/vapebulkp.com\/"},{"@type":"ListItem","position":2,"name":"Hot Trend Vapes","item":"https:\/\/vapebulkp.com\/vape-shop\/"},{"@type":"ListItem","position":3,"name":"Original Vape Big Puffs Bang Vape 36000Puffs"}]},{"@type":"WebSite","@id":"https:\/\/vapebulkp.com\/#website","url":"https:\/\/vapebulkp.com\/","name":"vapebulkp.com","description":"Buy Vape In Cheap Bulk Price Near you","publisher":{"@id":"https:\/\/vapebulkp.com\/#organization"},"potentialAction":[{"@type":"SearchAction","target":{"@type":"EntryPoint","urlTemplate":"https:\/\/vapebulkp.com\/?s={search_term_string}"},"query-input":"required name=search_term_string"}],"inLanguage":"ro-RO"},{"@type":"Organization","@id":"https:\/\/vapebulkp.com\/#organization","name":"vapebulkp.com","url":"https:\/\/vapebulkp.com\/","logo":{"@type":"ImageObject","inLanguage":"ro-RO","@id":"https:\/\/vapebulkp.com\/#\/schema\/logo\/image\/","url":"https:\/\/vapebulkp.com\/wp-content\/uploads\/2023\/09\/cropped-vapebulkp.png","contentUrl":"https:\/\/vapebulkp.com\/wp-content\/uploads\/2023\/09\/cropped-vapebulkp.png","width":516,"height":163,"caption":"vapebulkp.com"},"image":{"@id":"https:\/\/vapebulkp.com\/#\/schema\/logo\/image\/"}}]}},"uagb_featured_image_src":{"full":["https:\/\/vapebulkp.com\/wp-content\/uploads\/2024\/04\/Bang-Vape-36000-Puffs-Wholesale-Discount.jpg",1080,1472,false],"thumbnail":["https:\/\/vapebulkp.com\/wp-content\/uploads\/2024\/04\/Bang-Vape-36000-Puffs-Wholesale-Discount-150x150.jpg",150,150,true],"medium":["https:\/\/vapebulkp.com\/wp-content\/uploads\/2024\/04\/Bang-Vape-36000-Puffs-Wholesale-Discount-220x300.jpg",220,300,true],"medium_large":["https:\/\/vapebulkp.com\/wp-content\/uploads\/2024\/04\/Bang-Vape-36000-Puffs-Wholesale-Discount-768x1047.jpg",768,1047,true],"large":["https:\/\/vapebulkp.com\/wp-content\/uploads\/2024\/04\/Bang-Vape-36000-Puffs-Wholesale-Discount-751x1024.jpg",751,1024,true],"1536x1536":["https:\/\/vapebulkp.com\/wp-content\/uploads\/2024\/04\/Bang-Vape-36000-Puffs-Wholesale-Discount.jpg",1080,1472,false],"2048x2048":["https:\/\/vapebulkp.com\/wp-content\/uploads\/2024\/04\/Bang-Vape-36000-Puffs-Wholesale-Discount.jpg",1080,1472,false],"trp-custom-language-flag":["https:\/\/vapebulkp.com\/wp-content\/uploads\/2024\/04\/Bang-Vape-36000-Puffs-Wholesale-Discount.jpg",9,12,false],"woocommerce_thumbnail":["https:\/\/vapebulkp.com\/wp-content\/uploads\/2024\/04\/Bang-Vape-36000-Puffs-Wholesale-Discount-300x300.jpg",300,300,true],"woocommerce_single":["https:\/\/vapebulkp.com\/wp-content\/uploads\/2024\/04\/Bang-Vape-36000-Puffs-Wholesale-Discount-600x818.jpg",600,818,true],"woocommerce_gallery_thumbnail":["https:\/\/vapebulkp.com\/wp-content\/uploads\/2024\/04\/Bang-Vape-36000-Puffs-Wholesale-Discount-100x100.jpg",100,100,true],"wcpr-photo-reviews":["https:\/\/vapebulkp.com\/wp-content\/uploads\/2024\/04\/Bang-Vape-36000-Puffs-Wholesale-Discount.jpg",367,500,false]},"uagb_author_info":{"display_name":"Mandy vape bulk price","author_link":"https:\/\/vapebulkp.com\/ro\/author\/"},"uagb_comment_info":1,"uagb_excerpt":"Sleek and compact vape Bang 36k Puffs Disposable Vape Pls Contact Mandy's WhatsApp For Discount Price+8618077105796 NOTE: Prices on our website does not include shipping costs &nbsp;","_links":{"self":[{"href":"https:\/\/vapebulkp.com\/ro\/wp-json\/wp\/v2\/product\/2423","targetHints":{"allow":["GET"]}}],"collection":[{"href":"https:\/\/vapebulkp.com\/ro\/wp-json\/wp\/v2\/product"}],"about":[{"href":"https:\/\/vapebulkp.com\/ro\/wp-json\/wp\/v2\/types\/product"}],"replies":[{"embeddable":true,"href":"https:\/\/vapebulkp.com\/ro\/wp-json\/wp\/v2\/comments?post=2423"}],"wp:featuredmedia":[{"embeddable":true,"href":"https:\/\/vapebulkp.com\/ro\/wp-json\/wp\/v2\/media\/2270"}],"wp:attachment":[{"href":"https:\/\/vapebulkp.com\/ro\/wp-json\/wp\/v2\/media?parent=2423"}],"wp:term":[{"taxonomy":"product_cat","embeddable":true,"href":"https:\/\/vapebulkp.com\/ro\/wp-json\/wp\/v2\/product_cat?post=2423"},{"taxonomy":"product_tag","embeddable":true,"href":"https:\/\/vapebulkp.com\/ro\/wp-json\/wp\/v2\/product_tag?post=2423"}],"curies":[{"name":"wp","href":"https:\/\/api.w.org\/{rel}","templated":true}]}}