{"id":2571,"date":"2024-06-27T05:53:29","date_gmt":"2024-06-27T03:53:29","guid":{"rendered":"https:\/\/vapebulkp.com\/?post_type=product&#038;p=2571"},"modified":"2025-09-24T05:21:46","modified_gmt":"2025-09-24T03:21:46","slug":"bang-beach-20k-puffs-led-display-vape-discount-price","status":"publish","type":"product","link":"https:\/\/vapebulkp.com\/ro\/product\/bang-beach-20k-puffs-led-display-vape-discount-price\/","title":{"rendered":"Bang Beach 20k Puffs Afi\u0219aj LED Vape Pre\u021b Redus"},"content":{"rendered":"<h2 style=\"text-align: left\">Bang Beach 20k Puffs Afi\u0219aj LED Vape Pre\u021b Redus<\/h2>\n<p data-start=\"206\" data-end=\"575\">The <strong data-start=\"210\" data-end=\"252\">Plaja Bang <a href=\"https:\/\/vapebulkp.com\/ro\/product-category\/20000-puffs-disposable-vape\/\">20000 Puffs Vap\u0103 de unic\u0103 folosin\u021b\u0103<\/a><\/strong> este conceput pentru vaperii din Europa care doresc performan\u021b\u0103 maxim\u0103 de la un dispozitiv compact. Cu o capacitate masiv\u0103 de <strong data-start=\"353\" data-end=\"379\">35ml lichid de \u021bigar\u0103 electronic\u0103<\/strong> \u0219i un sistem avansat de rezisten\u021b\u0103, acest <strong data-start=\"411\" data-end=\"433\">vape de mare capacitate<\/strong> ofer\u0103 p\u00e2n\u0103 la 20.000 de pufuri line, f\u0103c\u00e2ndu-l una dintre cele mai fiabile alegeri at\u00e2t pentru uz personal, c\u00e2t \u0219i pentru <strong data-start=\"539\" data-end=\"564\">vape en-gros Rom\u00e2nia<\/strong> pie\u021be.<\/p>\n<p data-start=\"577\" data-end=\"870\">O baterie \u00eencorporat\u0103 <strong data-start=\"588\" data-end=\"619\">baterie re\u00eenc\u0103rcabil\u0103 de 650mAh<\/strong> asigur\u0103 o putere de lung\u0103 durat\u0103, \u00een timp ce <strong data-start=\"654\" data-end=\"673\">\u00eenc\u0103rcarea de tip C<\/strong> reduce timpul de inactivitate \u0219i men\u021bine dispozitivul preg\u0103tit \u00een orice moment. Afi\u0219ajul integrat <strong data-start=\"747\" data-end=\"767\">LED vape<\/strong> arat\u0103 at\u00e2t nivelul bateriei, c\u00e2t \u0219i nivelul lichidului de \u021bigar\u0103 electronic\u0103, oferind confort \u0219i control \u00een timp real.<\/p>\n<p data-start=\"872\" data-end=\"1149\">Folosind <strong data-start=\"878\" data-end=\"896\">vape cu rezisten\u021b\u0103 de tip mesh<\/strong> tehnologie, Bang Beach creeaz\u0103 arome bogate \u0219i nori den\u0219i la fiecare inhalare. Fluxul de aer reglabil permite utilizatorilor s\u0103 ajusteze fin ie\u0219irea de vapori, \u00een timp ce <strong data-start=\"1043\" data-end=\"1065\">vape cu s\u0103ruri de nicotin\u0103<\/strong> op\u021biuni de 0%, 2%, 3% \u0219i 5% ofer\u0103 flexibilitate at\u00e2t pentru fum\u0103torii ocazionali, c\u00e2t \u0219i pentru cei \u00eemp\u0103timi\u021bi.<\/p>\n<p data-start=\"1151\" data-end=\"1519\">Disponibil \u00een 12 arome premium, Bang Beach 20k Puffs <strong data-start=\"1189\" data-end=\"1221\">vape de unic\u0103 folosin\u021b\u0103 re\u00eenc\u0103rcabil<\/strong> combin\u0103 performan\u021ba cu portabilitatea. Designul s\u0103u elegant \u0219i ergonomic \u00eel face u\u0219or de transportat, oferind vaperilor europeni un dispozitiv elegant \u0219i de \u00eencredere. Pentru comercian\u021bi, Bang Beach <strong>Dispozitiv de vape cu 20000 de pufuri<\/strong> se remarc\u0103 ca o adi\u021bie profitabil\u0103 la orice inventar de <strong>vape-uri cu 20000 de pufuri \u0219i capacitate mare<\/strong>.<\/p>\n<p><img decoding=\"async\" class=\"alignnone wp-image-2545\" src=\"http:\/\/vapebulkp.com\/wp-content\/uploads\/2024\/06\/Bang-Beach-20k-Puffs-Bang-Vape-Disposable-Vape.png\" alt=\"Bang Beach 20k Puffs Bang Vape Vape De Unic\u0103 Folosin\u021b\u0103\" width=\"638\" height=\"425\" srcset=\"https:\/\/vapebulkp.com\/wp-content\/uploads\/2024\/06\/Bang-Beach-20k-Puffs-Bang-Vape-Disposable-Vape.png 3000w, https:\/\/vapebulkp.com\/wp-content\/uploads\/2024\/06\/Bang-Beach-20k-Puffs-Bang-Vape-Disposable-Vape-300x200.png 300w, https:\/\/vapebulkp.com\/wp-content\/uploads\/2024\/06\/Bang-Beach-20k-Puffs-Bang-Vape-Disposable-Vape-1024x683.png 1024w, https:\/\/vapebulkp.com\/wp-content\/uploads\/2024\/06\/Bang-Beach-20k-Puffs-Bang-Vape-Disposable-Vape-768x512.png 768w, https:\/\/vapebulkp.com\/wp-content\/uploads\/2024\/06\/Bang-Beach-20k-Puffs-Bang-Vape-Disposable-Vape-1536x1024.png 1536w, https:\/\/vapebulkp.com\/wp-content\/uploads\/2024\/06\/Bang-Beach-20k-Puffs-Bang-Vape-Disposable-Vape-2048x1365.png 2048w, https:\/\/vapebulkp.com\/wp-content\/uploads\/2024\/06\/Bang-Beach-20k-Puffs-Bang-Vape-Disposable-Vape-600x400.png 600w\" sizes=\"(max-width: 638px) 100vw, 638px\" \/><\/p>\n<h6>V\u0103 rug\u0103m contacta\u021bi-o pe Mandy pe WhatsApp pentru un pre\u021b redus<a href=\"https:\/\/wa.me\/8618077105796\">+8618077105796<\/a><\/h6>\n<p><img decoding=\"async\" class=\"alignnone wp-image-2151\" src=\"http:\/\/vapebulkp.com\/wp-content\/uploads\/2024\/04\/Mandy-WhatsApp-Randm.jpg\" alt=\"RandM Mandy WhatsApp\" width=\"324\" height=\"330\" \/><\/p>\n<h2>Credeam c\u0103 ai vrea s\u0103 afli despre Vape Bang Beach 20000 Puff la vrac:<\/h2>\n<h5>1.Cum se utilizeaz\u0103 stiloul de vape Bang Beach 20k Puffs?<\/h5>\n<p>Pasul 1. \u00cenainte de a utiliza 20k pufuri, scoate\u021bi tubul de plastic.<\/p>\n<p>Pasul 2. A\u0219tepta\u021bi aproximativ 3 minute pentru ca lichidul s\u0103 ajung\u0103 \u00een rezisten\u021ba din interior.<\/p>\n<p>Pasul 3. Bucura\u021bi-v\u0103 de el<\/p>\n<h5>2.Cum se \u00eencarc\u0103 vape-ul de unic\u0103 folosin\u021b\u0103 Bang King Vape 20k Puffs?<\/h5>\n<p>Nu pot fi utilizate \u00eenc\u0103rc\u0103toare cu \u00eenc\u0103rcare rapid\u0103, iar puterea standard sigur\u0103 a \u021big\u0103rilor electronice de unic\u0103 folosin\u021b\u0103 este de 5V 1A.<\/p>\n<p>Fiecare sesiune de \u00eenc\u0103rcare nu poate dep\u0103\u0219i 1 or\u0103, iar timpul de \u00eenc\u0103rcare sigur este de o jum\u0103tate de or\u0103.<\/p>\n<p><span style=\"color: #ff6600\">Not\u0103: nu \u00eenc\u0103rca\u021bi toat\u0103 noaptea!<\/span><\/p>\n<h5>3.Care este capacitatea de e-lichid a Bang Beach 20000 Puffs Top Sale Bang Vape?<\/h5>\n<p>35ml<\/p>\n<h5>4.C\u00e2te pufuri pot lua din acest Bang Beach 20k Puffs?<\/h5>\n<p>\u2014\u201320000Pufuri<\/p>\n<h3>Caracteristici ale dispozitivului de vape de unic\u0103 folosin\u021b\u0103 Bang Beach 20k Puffs:<\/h3>\n<p>&nbsp;<\/p>\n<ul>\n<li>\u00a0Lichid: cartu\u0219 de e-lichid preumplut de 35 ml<\/li>\n<li>Nicotin\u0103: 2\/5% Nicotin\u0103 salin\u0103<\/li>\n<li>\u00a0Tipuri: Vape de unic\u0103 folosin\u021b\u0103 LCD<\/li>\n<li>\u00a0650mAh<\/li>\n<li>\u00a0Bobin\u0103 Mesh 1.0<\/li>\n<li>\u00a0Ecran inteligent Type-c, bobin\u0103 dubl\u0103 din plas\u0103, control al fluxului de aer<\/li>\n<li>\u00a012 arome disponibile<\/li>\n<\/ul>\n<h3><\/h3>\n<h3><strong>Cele mai bune arome ale dispozitivului de vape Bang Vape Beach 20000 Puffs:<\/strong><\/h3>\n<p>1) Ghea\u021b\u0103 cu fructe de p\u0103dure triple<br \/>\n2) Limonad\u0103 roz<br \/>\n3) Afine \u0219i zmeur\u0103<br \/>\n4) Fructe de p\u0103dure amestecate<br \/>\n5) C\u0103p\u0219uni \u0219i pepene verde<br \/>\n6) \u00cenghe\u021bat\u0103 de c\u0103p\u0219uni<br \/>\n7) \u00cenghe\u021bat\u0103 de struguri<br \/>\n8) Piersic\u0103 mango<br \/>\n9) \u00cenghe\u021bat\u0103 de zmeur\u0103 albastr\u0103<br \/>\n10) M\u0103r acri\u0219or<br \/>\n11) \u00cenghe\u021bat\u0103 de pepene verde<br \/>\n12) \u00cenghe\u021bat\u0103 de piersici<\/p>\n<p><a href=\"https:\/\/vapebulkp.com\/ro\/product\/popular-randm-tornado-7000puffs-disposable-vape-best-price\/\"><span style=\"vertical-align: inherit\">RandM Tornado 7000 de Inhala\u021bii <\/span><\/a><\/p>\n<p><span style=\"vertical-align: inherit\">G\u0103se\u0219te mai multe produse care \u021bi-ar putea pl\u0103cea:<\/span><em><a href=\"https:\/\/wa.me\/8618077105796\"><span style=\"vertical-align: inherit\">\u00a0Cump\u0103r\u0103-l acum<\/span><\/a><\/em><\/p>\n<p><span style=\"vertical-align: inherit\">Alte Inhala\u021bii care \u021bi-ar putea pl\u0103cea:<\/span><a href=\"https:\/\/vapebulkp.com\/ro\/product\/bang-with-a-vape-gear-20000-puffs-discount-price\/\"><span style=\"vertical-align: inherit\">Bang Gear Vape 20000 Pufuri<\/span><\/a><span style=\"vertical-align: inherit\">\u3001<\/span><a href=\"https:\/\/vapebulkp.com\/ro\/product\/wholesale-randm-tornado-9000-puffs-germany\/\"><span style=\"vertical-align: inherit\">RandM 9000 de Inhala\u021bii<\/span><\/a><span style=\"vertical-align: inherit\">\/ <\/span><a href=\"https:\/\/vapebulkp.com\/ro\/product\/bang-king-12000puffs\/\"><span style=\"vertical-align: inherit\">Bang King 12000 de Inhala\u021bii<\/span><\/a><span style=\"vertical-align: inherit\">\/ <\/span><a href=\"https:\/\/vapebulkp.com\/ro\/fi\/product\/uzy-bang-digital-12000puffs-led-display-e-cigarettes\/\"><span style=\"vertical-align: inherit\">UZY Bang Digital 15000 pufuri<\/span><\/a><\/p>\n<p><span style=\"vertical-align: inherit\">Sticl\u0103 de \u021bigar\u0103 electronic\u0103 cu form\u0103 special\u0103:<\/span><a href=\"https:\/\/vapebulkp.com\/ro\/product\/original-vape-bang-tn-12000-puffs-bang-vape\/\"><span style=\"vertical-align: inherit\"> Bang TN 12000 pufuri<\/span><\/a><span style=\"vertical-align: inherit\">\/ <\/span><a href=\"https:\/\/vapebulkp.com\/ro\/fi\/product\/best-price-wga-crystal-pro-max-15k-puffs-original-vape\/\"><span style=\"vertical-align: inherit\">\u00a0WGA Crystal pro max 15k Pufuri <\/span><\/a><span style=\"vertical-align: inherit\">\/<\/span><a href=\"https:\/\/vapebulkp.com\/ro\/product\/bang-tornado-12000-puffs-rechargeable-disposable-pod\/\"><span style=\"vertical-align: inherit\"> Bang Tornado 12000 pufuri<\/span><\/a><\/p>\n<h5>Calificarea produc\u021biei:<\/h5>\n<p><img decoding=\"async\" class=\"alignnone size-full wp-image-1841\" src=\"http:\/\/vapebulkp.com\/wp-content\/uploads\/2023\/11\/Vape-production-process-2.jpeg\" alt=\"Procesul de produc\u021bie a vafelor\" width=\"650\" height=\"434\" srcset=\"https:\/\/vapebulkp.com\/wp-content\/uploads\/2023\/11\/Vape-production-process-2.jpeg 650w, https:\/\/vapebulkp.com\/wp-content\/uploads\/2023\/11\/Vape-production-process-2-300x200.jpeg 300w, https:\/\/vapebulkp.com\/wp-content\/uploads\/2023\/11\/Vape-production-process-2-600x401.jpeg 600w\" sizes=\"(max-width: 650px) 100vw, 650px\" \/><\/p>\n<p><img decoding=\"async\" class=\"alignnone size-full wp-image-1843\" src=\"http:\/\/vapebulkp.com\/wp-content\/uploads\/2023\/11\/Vape-production-process.jpeg\" alt=\"Procesul de produc\u021bie a vafelor\" width=\"641\" height=\"1026\" srcset=\"https:\/\/vapebulkp.com\/wp-content\/uploads\/2023\/11\/Vape-production-process.jpeg 641w, https:\/\/vapebulkp.com\/wp-content\/uploads\/2023\/11\/Vape-production-process-187x300.jpeg 187w, https:\/\/vapebulkp.com\/wp-content\/uploads\/2023\/11\/Vape-production-process-640x1024.jpeg 640w, https:\/\/vapebulkp.com\/wp-content\/uploads\/2023\/11\/Vape-production-process-600x960.jpeg 600w\" sizes=\"(max-width: 641px) 100vw, 641px\" \/><\/p>\n<h4>\u00centreb\u0103ri frecvente:<\/h4>\n<p>\u00ce: Care este MOQ-ul pentru Wholesale Vape Bang Beach 20k Puffs?<br \/>\nA: Comanda minim\u0103 este de 50 buc.<br \/>\n\u00ce: Care este termenul de livrare pentru \u021big\u0103rile electronice comandate?<br \/>\nR: De obicei, este de 10-15 zile dup\u0103 expediere<br \/>\n\u00ce: C\u00e2t cost\u0103 transportul?R: Costul transportului depinde de greutate. Cantit\u0103\u021bile diferite au costuri de transport diferite, v\u0103 rug\u0103m s\u0103 ne contacta\u021bi pentru a confirma costul transportului.<\/p>\n<h4>Detaliile de expediere:<\/h4>\n<p><span style=\"color: #ff6600\">Timp de produc\u021bie: 5-10 zile lucr\u0103toare<\/span><br \/>\n<span style=\"color: #ff6600\">Timp de livrare: 8-14 zile lucr\u0103toare<\/span><\/p>\n<p>Toate produsele din magazinul nostru sunt 100% originale \u0219i autentice, deci politica magazinului nostru este compensarea de zece ori pentru bunurile contraf\u0103cute. Folosim canale logistice precum UPS\/DHL\/FEDEX\/DPD pentru a v\u0103 livra m\u0103rfurile.<\/p>\n<p>Pentru coletele expediate \u00een Rom\u00e2nia, de obicei dureaz\u0103 10 zile lucr\u0103toare s\u0103 ajung\u0103. Expedierea c\u0103tre \u021b\u0103rile europene dureaz\u0103 de obicei 12 p\u00e2n\u0103 la 15 zile lucr\u0103toare. Vom actualiza informa\u021biile logistice pentru dumneavoastr\u0103 \u00een timp real.<\/p>","protected":false},"excerpt":{"rendered":"<p>Noul Model Vape Bang Beach 20k pufuri Bang Vape<\/p>\n<p>V\u0103 rug\u0103m contacta\u021bi-o pe Mandy pe WhatsApp pentru un pre\u021b redus<a href=\"https:\/\/wa.me\/8618077105796\">+8618077105796<\/a><\/p>\n<p><img decoding=\"async\" class=\"alignnone wp-image-2151\" src=\"http:\/\/vapebulkp.com\/wp-content\/uploads\/2024\/04\/Mandy-WhatsApp-Randm.jpg\" alt=\"RandM Mandy WhatsApp\" width=\"297\" height=\"316\" srcset=\"https:\/\/vapebulkp.com\/wp-content\/uploads\/2024\/04\/Mandy-WhatsApp-Randm.jpg 916w, https:\/\/vapebulkp.com\/wp-content\/uploads\/2024\/04\/Mandy-WhatsApp-Randm-282x300.jpg 282w, https:\/\/vapebulkp.com\/wp-content\/uploads\/2024\/04\/Mandy-WhatsApp-Randm-768x817.jpg 768w, https:\/\/vapebulkp.com\/wp-content\/uploads\/2024\/04\/Mandy-WhatsApp-Randm-600x638.jpg 600w\" sizes=\"(max-width: 297px) 100vw, 297px\" \/><\/p>\n<p><span style=\"color: #ff0000\">NOT\u0102: Pre\u021burile de pe site-ul nostru nu includ costurile de transport<\/span><\/p>\n<p>&nbsp;<\/p>","protected":false},"featured_media":2546,"comment_status":"open","ping_status":"closed","template":"","meta":{"_uag_custom_page_level_css":"","_lmt_disableupdate":"no","_lmt_disable":"","site-sidebar-layout":"default","site-content-layout":"content-boxed-container","ast-site-content-layout":"normal-width-container","site-content-style":"boxed","site-sidebar-style":"unboxed","ast-global-header-display":"","ast-banner-title-visibility":"","ast-main-header-display":"","ast-hfb-above-header-display":"","ast-hfb-below-header-display":"","ast-hfb-mobile-header-display":"","site-post-title":"","ast-breadcrumbs-content":"","ast-featured-img":"","footer-sml-layout":"","theme-transparent-header-meta":"default","adv-header-id-meta":"","stick-header-meta":"","header-above-stick-meta":"","header-main-stick-meta":"","header-below-stick-meta":"","astra-migrate-meta-layouts":"set","_joinchat":[]},"product_cat":[162,153,345,155,33,59,100,34,158,157,154,152,58,84,156,63,32],"product_tag":[141,36,37,41,40],"class_list":["post-2571","product","type-product","status-publish","has-post-thumbnail","hentry","product_cat-20000-puffs-disposable-vape","product_cat-hot-disposable-vapes","product_cat-bang-vapes","product_cat-belgium-hot-disposable-vapes","product_cat-france-vape-hot-sale","product_cat-germany-hot-disposable-vape","product_cat-germany-wholesale-vape-shop","product_cat-netherlands-vape-good-sale","product_cat-norway-hot-disposable-vapes","product_cat-poland-hot-disposable-vapes","product_cat-portugal-hot-disposable-vapes","product_cat-spain-hot-disposable-vapes","product_cat-sweden-hot-disposable-vape","product_cat-sweden-wholesale-vape","product_cat-switzerland-hot-disposable-vapes","product_cat-top-sale-disposable-vape","product_cat-vape-hot-sale-this-week","product_tag-20000puffs","product_tag-good-vape","product_tag-hot-sale-disposable-vape","product_tag-poland-hot-vape","product_tag-sweden-hot-vape","pa_brand-bang-king-vape","desktop-align-left","tablet-align-left","mobile-align-left"],"yoast_head":"<!-- This site is optimized with the Yoast SEO plugin v21.1 - https:\/\/yoast.com\/wordpress\/plugins\/seo\/ -->\n<title>Bang Beach 20k Puffs LED Display Vape Discount Price - vapebulkp.com<\/title>\n<meta name=\"description\" content=\"Choose Bang Beach 20k Puffs new LED display e-cigarette cartridges to experience the perfect combination of performance, convenience and flavor. Bang Beach Vape is your reliable and enjoyable smoking companion for a long time.\" \/>\n<meta name=\"robots\" content=\"index, follow, max-snippet:-1, max-image-preview:large, max-video-preview:-1\" \/>\n<link rel=\"canonical\" href=\"https:\/\/vapebulkp.com\/ro\/product\/bang-beach-20k-puffs-led-display-vape-discount-price\/\" \/>\n<meta property=\"og:locale\" content=\"ro_RO\" \/>\n<meta property=\"og:type\" content=\"article\" \/>\n<meta property=\"og:title\" content=\"Bang Beach 20k Puffs LED Display Vape Discount Price - vapebulkp.com\" \/>\n<meta property=\"og:description\" content=\"Choose Bang Beach 20k Puffs new LED display e-cigarette cartridges to experience the perfect combination of performance, convenience and flavor. Bang Beach Vape is your reliable and enjoyable smoking companion for a long time.\" \/>\n<meta property=\"og:url\" content=\"https:\/\/vapebulkp.com\/ro\/product\/bang-beach-20k-puffs-led-display-vape-discount-price\/\" \/>\n<meta property=\"og:site_name\" content=\"vapebulkp.com\" \/>\n<meta property=\"article:modified_time\" content=\"2025-09-24T03:21:46+00:00\" \/>\n<meta property=\"og:image\" content=\"http:\/\/vapebulkp.com\/wp-content\/uploads\/2024\/06\/Bang-Beach-20k-Puffs-Discount-Price.jpg\" \/>\n\t<meta property=\"og:image:width\" content=\"1920\" \/>\n\t<meta property=\"og:image:height\" content=\"1080\" \/>\n\t<meta property=\"og:image:type\" content=\"image\/jpeg\" \/>\n<meta name=\"twitter:card\" content=\"summary_large_image\" \/>\n<meta name=\"twitter:label1\" content=\"Timp estimat pentru citire\" \/>\n\t<meta name=\"twitter:data1\" content=\"4 minute\" \/>\n<script type=\"application\/ld+json\" class=\"yoast-schema-graph\">{\"@context\":\"https:\/\/schema.org\",\"@graph\":[{\"@type\":\"WebPage\",\"@id\":\"https:\/\/vapebulkp.com\/product\/bang-beach-20k-puffs-led-display-vape-discount-price\/\",\"url\":\"https:\/\/vapebulkp.com\/product\/bang-beach-20k-puffs-led-display-vape-discount-price\/\",\"name\":\"Bang Beach 20k Puffs LED Display Vape Discount Price - vapebulkp.com\",\"isPartOf\":{\"@id\":\"https:\/\/vapebulkp.com\/#website\"},\"datePublished\":\"2024-06-27T03:53:29+00:00\",\"dateModified\":\"2025-09-24T03:21:46+00:00\",\"description\":\"Choose Bang Beach 20k Puffs new LED display e-cigarette cartridges to experience the perfect combination of performance, convenience and flavor. Bang Beach Vape is your reliable and enjoyable smoking companion for a long time.\",\"breadcrumb\":{\"@id\":\"https:\/\/vapebulkp.com\/product\/bang-beach-20k-puffs-led-display-vape-discount-price\/#breadcrumb\"},\"inLanguage\":\"ro-RO\",\"potentialAction\":[{\"@type\":\"ReadAction\",\"target\":[\"https:\/\/vapebulkp.com\/product\/bang-beach-20k-puffs-led-display-vape-discount-price\/\"]}]},{\"@type\":\"BreadcrumbList\",\"@id\":\"https:\/\/vapebulkp.com\/product\/bang-beach-20k-puffs-led-display-vape-discount-price\/#breadcrumb\",\"itemListElement\":[{\"@type\":\"ListItem\",\"position\":1,\"name\":\"Home\",\"item\":\"https:\/\/vapebulkp.com\/\"},{\"@type\":\"ListItem\",\"position\":2,\"name\":\"Hot Trend Vapes\",\"item\":\"https:\/\/vapebulkp.com\/vape-shop\/\"},{\"@type\":\"ListItem\",\"position\":3,\"name\":\"Bang Beach 20k Puffs LED Display Vape Discount Price\"}]},{\"@type\":\"WebSite\",\"@id\":\"https:\/\/vapebulkp.com\/#website\",\"url\":\"https:\/\/vapebulkp.com\/\",\"name\":\"vapebulkp.com\",\"description\":\"Buy Vape In Cheap Bulk Price Near you\",\"publisher\":{\"@id\":\"https:\/\/vapebulkp.com\/#organization\"},\"potentialAction\":[{\"@type\":\"SearchAction\",\"target\":{\"@type\":\"EntryPoint\",\"urlTemplate\":\"https:\/\/vapebulkp.com\/?s={search_term_string}\"},\"query-input\":\"required name=search_term_string\"}],\"inLanguage\":\"ro-RO\"},{\"@type\":\"Organization\",\"@id\":\"https:\/\/vapebulkp.com\/#organization\",\"name\":\"vapebulkp.com\",\"url\":\"https:\/\/vapebulkp.com\/\",\"logo\":{\"@type\":\"ImageObject\",\"inLanguage\":\"ro-RO\",\"@id\":\"https:\/\/vapebulkp.com\/#\/schema\/logo\/image\/\",\"url\":\"https:\/\/vapebulkp.com\/wp-content\/uploads\/2023\/09\/cropped-vapebulkp.png\",\"contentUrl\":\"https:\/\/vapebulkp.com\/wp-content\/uploads\/2023\/09\/cropped-vapebulkp.png\",\"width\":516,\"height\":163,\"caption\":\"vapebulkp.com\"},\"image\":{\"@id\":\"https:\/\/vapebulkp.com\/#\/schema\/logo\/image\/\"}}]}<\/script>\n<!-- \/ Yoast SEO plugin. -->","yoast_head_json":{"title":"Bang Beach 20k Puffs LED Display Vape Discount Price - vapebulkp.com","description":"Choose Bang Beach 20k Puffs new LED display e-cigarette cartridges to experience the perfect combination of performance, convenience and flavor. Bang Beach Vape is your reliable and enjoyable smoking companion for a long time.","robots":{"index":"index","follow":"follow","max-snippet":"max-snippet:-1","max-image-preview":"max-image-preview:large","max-video-preview":"max-video-preview:-1"},"canonical":"https:\/\/vapebulkp.com\/ro\/product\/bang-beach-20k-puffs-led-display-vape-discount-price\/","og_locale":"ro_RO","og_type":"article","og_title":"Bang Beach 20k Puffs LED Display Vape Discount Price - vapebulkp.com","og_description":"Choose Bang Beach 20k Puffs new LED display e-cigarette cartridges to experience the perfect combination of performance, convenience and flavor. Bang Beach Vape is your reliable and enjoyable smoking companion for a long time.","og_url":"https:\/\/vapebulkp.com\/ro\/product\/bang-beach-20k-puffs-led-display-vape-discount-price\/","og_site_name":"vapebulkp.com","article_modified_time":"2025-09-24T03:21:46+00:00","og_image":[{"width":1920,"height":1080,"url":"http:\/\/vapebulkp.com\/wp-content\/uploads\/2024\/06\/Bang-Beach-20k-Puffs-Discount-Price.jpg","type":"image\/jpeg"}],"twitter_card":"summary_large_image","twitter_misc":{"Timp estimat pentru citire":"4 minute"},"schema":{"@context":"https:\/\/schema.org","@graph":[{"@type":"WebPage","@id":"https:\/\/vapebulkp.com\/product\/bang-beach-20k-puffs-led-display-vape-discount-price\/","url":"https:\/\/vapebulkp.com\/product\/bang-beach-20k-puffs-led-display-vape-discount-price\/","name":"Bang Beach 20k Puffs LED Display Vape Discount Price - vapebulkp.com","isPartOf":{"@id":"https:\/\/vapebulkp.com\/#website"},"datePublished":"2024-06-27T03:53:29+00:00","dateModified":"2025-09-24T03:21:46+00:00","description":"Choose Bang Beach 20k Puffs new LED display e-cigarette cartridges to experience the perfect combination of performance, convenience and flavor. Bang Beach Vape is your reliable and enjoyable smoking companion for a long time.","breadcrumb":{"@id":"https:\/\/vapebulkp.com\/product\/bang-beach-20k-puffs-led-display-vape-discount-price\/#breadcrumb"},"inLanguage":"ro-RO","potentialAction":[{"@type":"ReadAction","target":["https:\/\/vapebulkp.com\/product\/bang-beach-20k-puffs-led-display-vape-discount-price\/"]}]},{"@type":"BreadcrumbList","@id":"https:\/\/vapebulkp.com\/product\/bang-beach-20k-puffs-led-display-vape-discount-price\/#breadcrumb","itemListElement":[{"@type":"ListItem","position":1,"name":"Home","item":"https:\/\/vapebulkp.com\/"},{"@type":"ListItem","position":2,"name":"Hot Trend Vapes","item":"https:\/\/vapebulkp.com\/vape-shop\/"},{"@type":"ListItem","position":3,"name":"Bang Beach 20k Puffs LED Display Vape Discount Price"}]},{"@type":"WebSite","@id":"https:\/\/vapebulkp.com\/#website","url":"https:\/\/vapebulkp.com\/","name":"vapebulkp.com","description":"Buy Vape In Cheap Bulk Price Near you","publisher":{"@id":"https:\/\/vapebulkp.com\/#organization"},"potentialAction":[{"@type":"SearchAction","target":{"@type":"EntryPoint","urlTemplate":"https:\/\/vapebulkp.com\/?s={search_term_string}"},"query-input":"required name=search_term_string"}],"inLanguage":"ro-RO"},{"@type":"Organization","@id":"https:\/\/vapebulkp.com\/#organization","name":"vapebulkp.com","url":"https:\/\/vapebulkp.com\/","logo":{"@type":"ImageObject","inLanguage":"ro-RO","@id":"https:\/\/vapebulkp.com\/#\/schema\/logo\/image\/","url":"https:\/\/vapebulkp.com\/wp-content\/uploads\/2023\/09\/cropped-vapebulkp.png","contentUrl":"https:\/\/vapebulkp.com\/wp-content\/uploads\/2023\/09\/cropped-vapebulkp.png","width":516,"height":163,"caption":"vapebulkp.com"},"image":{"@id":"https:\/\/vapebulkp.com\/#\/schema\/logo\/image\/"}}]}},"uagb_featured_image_src":{"full":["https:\/\/vapebulkp.com\/wp-content\/uploads\/2024\/06\/Bang-Beach-20k-Puffs-Discount-Price.jpg",1920,1080,false],"thumbnail":["https:\/\/vapebulkp.com\/wp-content\/uploads\/2024\/06\/Bang-Beach-20k-Puffs-Discount-Price-150x150.jpg",150,150,true],"medium":["https:\/\/vapebulkp.com\/wp-content\/uploads\/2024\/06\/Bang-Beach-20k-Puffs-Discount-Price-300x169.jpg",300,169,true],"medium_large":["https:\/\/vapebulkp.com\/wp-content\/uploads\/2024\/06\/Bang-Beach-20k-Puffs-Discount-Price-768x432.jpg",768,432,true],"large":["https:\/\/vapebulkp.com\/wp-content\/uploads\/2024\/06\/Bang-Beach-20k-Puffs-Discount-Price-1024x576.jpg",1024,576,true],"1536x1536":["https:\/\/vapebulkp.com\/wp-content\/uploads\/2024\/06\/Bang-Beach-20k-Puffs-Discount-Price-1536x864.jpg",1536,864,true],"2048x2048":["https:\/\/vapebulkp.com\/wp-content\/uploads\/2024\/06\/Bang-Beach-20k-Puffs-Discount-Price.jpg",1920,1080,false],"trp-custom-language-flag":["https:\/\/vapebulkp.com\/wp-content\/uploads\/2024\/06\/Bang-Beach-20k-Puffs-Discount-Price.jpg",18,10,false],"woocommerce_thumbnail":["https:\/\/vapebulkp.com\/wp-content\/uploads\/2024\/06\/Bang-Beach-20k-Puffs-Discount-Price-300x300.jpg",300,300,true],"woocommerce_single":["https:\/\/vapebulkp.com\/wp-content\/uploads\/2024\/06\/Bang-Beach-20k-Puffs-Discount-Price-600x338.jpg",600,338,true],"woocommerce_gallery_thumbnail":["https:\/\/vapebulkp.com\/wp-content\/uploads\/2024\/06\/Bang-Beach-20k-Puffs-Discount-Price-100x100.jpg",100,100,true],"wcpr-photo-reviews":["https:\/\/vapebulkp.com\/wp-content\/uploads\/2024\/06\/Bang-Beach-20k-Puffs-Discount-Price.jpg",500,281,false]},"uagb_author_info":{"display_name":"Mandy vape bulk price","author_link":"https:\/\/vapebulkp.com\/ro\/author\/"},"uagb_comment_info":1,"uagb_excerpt":"New Model\u00a0 Vape Bang Beach\u00a0 20k\u00a0 puffs\u00a0 Bang Vape Pls Contact Mandy's WhatsApp For Discount Price+8618077105796 NOTE: Prices on our website does not include shipping costs &nbsp;","_links":{"self":[{"href":"https:\/\/vapebulkp.com\/ro\/wp-json\/wp\/v2\/product\/2571","targetHints":{"allow":["GET"]}}],"collection":[{"href":"https:\/\/vapebulkp.com\/ro\/wp-json\/wp\/v2\/product"}],"about":[{"href":"https:\/\/vapebulkp.com\/ro\/wp-json\/wp\/v2\/types\/product"}],"replies":[{"embeddable":true,"href":"https:\/\/vapebulkp.com\/ro\/wp-json\/wp\/v2\/comments?post=2571"}],"wp:featuredmedia":[{"embeddable":true,"href":"https:\/\/vapebulkp.com\/ro\/wp-json\/wp\/v2\/media\/2546"}],"wp:attachment":[{"href":"https:\/\/vapebulkp.com\/ro\/wp-json\/wp\/v2\/media?parent=2571"}],"wp:term":[{"taxonomy":"product_cat","embeddable":true,"href":"https:\/\/vapebulkp.com\/ro\/wp-json\/wp\/v2\/product_cat?post=2571"},{"taxonomy":"product_tag","embeddable":true,"href":"https:\/\/vapebulkp.com\/ro\/wp-json\/wp\/v2\/product_tag?post=2571"}],"curies":[{"name":"wp","href":"https:\/\/api.w.org\/{rel}","templated":true}]}}