{"id":3142,"date":"2024-11-21T03:48:22","date_gmt":"2024-11-21T02:48:22","guid":{"rendered":"https:\/\/vapebulkp.com\/?post_type=product&#038;p=3142"},"modified":"2025-09-24T05:17:50","modified_gmt":"2025-09-24T03:17:50","slug":"waspe-vape-40000-puff-fihp-double-flavour-disposable-vape","status":"publish","type":"product","link":"https:\/\/vapebulkp.com\/ro\/product\/waspe-vape-40000-puff-fihp-double-flavour-disposable-vape\/","title":{"rendered":"Vap\u0103 de unic\u0103 folosin\u021b\u0103 Waspe Vape 40000 Puf dublu arom\u0103 FIHP"},"content":{"rendered":"<h2 style=\"text-align: left\">Vap\u0103 de unic\u0103 folosin\u021b\u0103 Waspe Vape 40000 Puf dublu arom\u0103 FIHP<\/h2>\n<p>&nbsp;<\/p>\n<p>The <b>WASPE Vape 40000 PUFF-URI<\/b> stabile\u0219te un nou standard pentru performan\u021b\u0103 \u0219i versatilitate. Acest dispozitiv avansat <a href=\"https:\/\/vapebulkp.com\/ro\/product-category\/40000-puffs-disposable-vape\/\"><b>40000 Puffs Vap\u0103 de unic\u0103 folosin\u021b\u0103<\/b><\/a> este construit pentru vaperul modern rom\u00e2n, oferind un num\u0103r monumental de <b>capacitate de 40.000 pufuri<\/b> pufuri cu un sistem revolu\u021bionar cu arom\u0103 dubl\u0103. Cu un rezervor masiv de e-lichid de 36 ml \u0219i bobine duble de plas\u0103 de 0,9\u03a9, ob\u021bine\u021bi o arom\u0103 consistent\u0103, bogat\u0103 \u0219i vapori impresionan\u021bi din dou\u0103 profiluri distincte \u00eentr-un singur dispozitiv.<\/p>\n<p>Bateria re\u00eenc\u0103rcabil\u0103 integrat\u0103 de 850 mAh \u0219i \u00eenc\u0103rcarea de tip C ofer\u0103 o putere fiabil\u0103 pentru utilizare prelungit\u0103. Dispozitivul <strong><a href=\"https:\/\/vapebulkp.com\/ro\/puffs-stock-europe-warehouse\/\">Pre\u021b de v\u00e2nzare cu ridicata Vape \u00een UE<\/a> WASPE 40000 PUFF-URI<\/strong> dispune de un afi\u0219aj LED inteligent, oferindu-v\u0103 date \u00een timp real despre starea bateriei \u0219i num\u0103rul de pufuri, astfel \u00eenc\u00e2t s\u0103 ave\u021bi \u00eentotdeauna controlul. Designul s\u0103u compact, prietenos pentru c\u0103l\u0103torii, \u00eel face perfect <b>stilou de vapat<\/b> pentru un stil de via\u021b\u0103 \u00een mi\u0219care. Disponibil at\u00e2t \u00een concentra\u021bii de nicotin\u0103 de 2% c\u00e2t \u0219i de 5%, acest <b>\u021bigar\u0103 electronic\u0103 de unic\u0103 folosin\u021b\u0103<\/b> combin\u0103 tehnologia de ultim\u0103 or\u0103 cu o comoditate de neegalat.<\/p>\n<p><img decoding=\"async\" class=\"wp-image-3137\" src=\"http:\/\/vapebulkp.com\/wp-content\/uploads\/2024\/11\/WASPE-FIHP-40000-Puffs-Vape-Double-Flavor-Wholeasle-Price.jpg\" alt=\"WASPE FIHP 40000 Pufuri Vap\u0103 cu arom\u0103 dubl\u0103 Pre\u021b en-gros\" width=\"522\" height=\"522\" srcset=\"https:\/\/vapebulkp.com\/wp-content\/uploads\/2024\/11\/WASPE-FIHP-40000-Puffs-Vape-Double-Flavor-Wholeasle-Price.jpg 800w, https:\/\/vapebulkp.com\/wp-content\/uploads\/2024\/11\/WASPE-FIHP-40000-Puffs-Vape-Double-Flavor-Wholeasle-Price-300x300.jpg 300w, https:\/\/vapebulkp.com\/wp-content\/uploads\/2024\/11\/WASPE-FIHP-40000-Puffs-Vape-Double-Flavor-Wholeasle-Price-150x150.jpg 150w, https:\/\/vapebulkp.com\/wp-content\/uploads\/2024\/11\/WASPE-FIHP-40000-Puffs-Vape-Double-Flavor-Wholeasle-Price-768x768.jpg 768w, https:\/\/vapebulkp.com\/wp-content\/uploads\/2024\/11\/WASPE-FIHP-40000-Puffs-Vape-Double-Flavor-Wholeasle-Price-600x600.jpg 600w, https:\/\/vapebulkp.com\/wp-content\/uploads\/2024\/11\/WASPE-FIHP-40000-Puffs-Vape-Double-Flavor-Wholeasle-Price-100x100.jpg 100w\" sizes=\"(max-width: 522px) 100vw, 522px\" \/><\/p>\n<p>&nbsp;<\/p>\n<h6>V\u0103 rug\u0103m contacta\u021bi-o pe Mandy pe WhatsApp pentru un pre\u021b redus<a href=\"https:\/\/wa.me\/8618077105796\">+8618077105796<\/a><\/h6>\n<p><img decoding=\"async\" class=\"alignnone wp-image-2151\" src=\"http:\/\/vapebulkp.com\/wp-content\/uploads\/2024\/04\/Mandy-WhatsApp-Randm.jpg\" alt=\"RandM Mandy WhatsApp\" width=\"324\" height=\"330\" \/><\/p>\n<p>&nbsp;<\/p>\n<h3><strong>WASPE FIHP 40000 Pufuri Vape cu ridicata <\/strong><strong>Caracteristici produs<\/strong><\/h3>\n<ul>\n<li><strong>40.000 de pufuri<\/strong>: Capacitate ultra-\u00eenalt\u0103 pentru sesiuni de vapat extinse.<\/li>\n<li><strong>Sistem cu arom\u0103 dubl\u0103<\/strong>: Comuta\u021bi f\u0103r\u0103 efort \u00eentre dou\u0103 arome distincte.<\/li>\n<li><strong>Bobine duble de plas\u0103 de 0,9\u03a9<\/strong>: Tehnologie avansat\u0103 pentru vapori fini \u0219i inten\u0219i.<\/li>\n<li><strong>Capacitate E-Lichid de 36 ml<\/strong>: Rezerv\u0103 ampl\u0103 pentru o utilizare prelungit\u0103.<\/li>\n<li><strong>Baterie Re\u00eenc\u0103rcabil\u0103 de 850mAh<\/strong>: \u00cenc\u0103rcarea de tip C asigur\u0103 o alimentare rapid\u0103 \u0219i fiabil\u0103.<\/li>\n<\/ul>\n<p>&nbsp;<\/p>\n<p>&nbsp;<\/p>\n<h3><strong>\u00a0Lista de arome WASPE Vape Pods FIHP 40k Puffs:<\/strong><\/h3>\n<p>1 ghea\u021b\u0103 de pepene verde \/ L\u0103m\u00e2ie lime<br \/>\n2 ghea\u021b\u0103 de cire\u0219e acidulate \/ vat\u0103 de zah\u0103r cu afine<br \/>\n3 pepene verde cu c\u0103p\u0219uni \/ zmeur\u0103 cu afine<br \/>\n4 ghea\u021b\u0103 Red Bull \/ mango cu c\u0103p\u0219uni<br \/>\n5 ghea\u021b\u0103 de piersici \/ ananas mango piersici<br \/>\n6 ghea\u021b\u0103 de struguri \/ kiwi cu c\u0103p\u0219uni<br \/>\n7 fructe de p\u0103dure amestecate \/ ghea\u021b\u0103 de mere duble<br \/>\n8 limonad\u0103 albastr\u0103 Razz \/ gum\u0103 de mestecat cu pepene verde<br \/>\n9 cire\u0219e cu zmeur\u0103 \u0219i c\u0103p\u0219uni \/ love 666<br \/>\n10 banane cu c\u0103p\u0219uni \/ ghea\u021b\u0103 de ananas \u0219i nuc\u0103 de cocos<br \/>\n11 gum\u0103 de mestecat cu pepene verde \u0219i c\u0103p\u0219uni \/ fructe amestecate<br \/>\n12 ghea\u021b\u0103 de cola cu cire\u0219e \/ bomboane de zmeur\u0103 \u0219i c\u0103p\u0219uni<br \/>\n13 zmeur\u0103 cu mere acre \/ big bang cu c\u0103p\u0219uni<br \/>\n14 piersici cu fructe de p\u0103dure \/ mango piersici cu pepene verde<br \/>\n15 ghea\u021b\u0103 de afine \/ ghea\u021b\u0103 de dragon negru<br \/>\n16 c\u0103p\u0219uni cire\u0219e \/ kiwi fructul pasiunii guava<\/p>\n<p><a href=\"https:\/\/vapebulkp.com\/ro\/product\/popular-randm-tornado-7000puffs-disposable-vape-best-price\/\"><span style=\"vertical-align: inherit\">RandM Tornado 7000 de Inhala\u021bii <\/span><\/a><\/p>\n<p><span style=\"vertical-align: inherit\">G\u0103se\u0219te mai multe produse care \u021bi-ar putea pl\u0103cea:<\/span><em><a href=\"https:\/\/wa.me\/8618077105796\"><span style=\"vertical-align: inherit\">\u00a0Cump\u0103r\u0103-l acum<\/span><\/a><\/em><\/p>\n<p><span style=\"vertical-align: inherit\">Alte Inhala\u021bii care \u021bi-ar putea pl\u0103cea:<\/span><a href=\"https:\/\/vapebulkp.com\/ro\/product\/jnr-media-max-40000-puffs-high-capacity-1000mah-disposable-vape\/\"><span style=\"vertical-align: inherit\">JNR Media max 40000 Pufuri <\/span><\/a><span style=\"vertical-align: inherit\">\u3001<\/span><a href=\"https:\/\/vapebulkp.com\/ro\/product\/wholesale-randm-tornado-9000-puffs-germany\/\"><span style=\"vertical-align: inherit\">RandM 9000 de Inhala\u021bii<\/span><\/a><span style=\"vertical-align: inherit\">\/ <\/span><a href=\"https:\/\/vapebulkp.com\/ro\/product\/bang-king-12000puffs\/\"><span style=\"vertical-align: inherit\">Bang King 12000 de Inhala\u021bii<\/span><\/a><span style=\"vertical-align: inherit\">\/ <\/span><a href=\"https:\/\/vapebulkp.com\/ro\/product\/vozol-gear-power-disposable-vape-20000-puffs-dual-mode-5-nicotine\/\"><span style=\"vertical-align: inherit\">VOZOL Gear power 20000 Pufuri<\/span><\/a><\/p>\n<h3>\u00centreb\u0103ri frecvente despre WASPE FIHP VAPE PODS 40000 PUF:<\/h3>\n<p><strong>\u00ce1: Suport\u0103 Hot Vape WASPE FIHP 40k Pufuri arome duale?<\/strong><\/p>\n<p><strong>A:<\/strong> Da, dispune de un sistem cu arome duble, permi\u021b\u00e2nd utilizatorilor s\u0103 comute f\u0103r\u0103 efort \u00eentre dou\u0103 arome distincte pentru o experien\u021b\u0103 de vapat versatil\u0103.<\/p>\n<p><strong>\u00ce2: Care este capacitatea de e-lichid a \u021big\u0103rii electronice de unic\u0103 folosin\u021b\u0103 WASPE FIHP 40000 Puf?<\/strong><\/p>\n<p><strong>A:<\/strong> Acest vape vine cu un rezervor masiv de 36ml de e-lichid, asigur\u00e2nd o utilizare de lung\u0103 durat\u0103, f\u0103r\u0103 \u00eenlocuiri frecvente.<\/p>\n<p><strong>\u00ce3: Ce tip de rezisten\u021b\u0103 folose\u0219te Vapa WASPE 40000 Puf FIHP?<\/strong><\/p>\n<p><strong>A:<\/strong> Utilizeaz\u0103 rezisten\u021be duble de tip mesh de 0.9\u03a9, oferind vapori netezi, constan\u021bi \u0219i un profil de arom\u0103 excep\u021bional.<\/p>\n<p><strong>\u00ce4: Vapoul WASPE FIHP 40k Puffs, cu durat\u0103 lung\u0103 de via\u021b\u0103, are un afi\u0219aj LED?<\/strong><\/p>\n<p><strong>A:<\/strong> Da, vapoul dispune de un afi\u0219aj LED \u00eencorporat care ofer\u0103 informa\u021bii \u00een timp real despre num\u0103rul de pufuri \u0219i starea bateriei.<\/p>\n<p><strong>\u00ce5: Cum func\u021bioneaz\u0103 sistemul de arome duale al WASPE Tornado Vape?<\/strong><\/p>\n<p><strong>A:<\/strong> Sistemul de arome duale permite utilizatorilor s\u0103 comute cu u\u0219urin\u021b\u0103 \u00eentre dou\u0103 camere de e-lichid, \u00eembun\u0103t\u0103\u021bind experien\u021ba general\u0103 de vapat prin oferirea de varietate \u00eentr-un singur dispozitiv.<\/p>\n<p><strong>\u00ce6: Care este timpul de livrare pentru vapo-ul comandat?<\/strong><\/p>\n<p>R: De obicei, este de 10-15 zile dup\u0103 expediere<\/p>\n<p><strong>\u00ce7: C\u00e2t cost\u0103 transportul?<\/strong><\/p>\n<p>R: Costul transportului depinde de greutate. Cantit\u0103\u021bile diferite au costuri de transport diferite, v\u0103 rug\u0103m s\u0103 ne contacta\u021bi pentru a confirma costul transportului.<\/p>\n<h4>Detaliile de expediere:<\/h4>\n<p><span style=\"color: #ff6600\">Timp de produc\u021bie: 5-10 zile lucr\u0103toare<\/span><br \/>\n<span style=\"color: #ff6600\">Timp de livrare: 8-14 zile lucr\u0103toare<\/span><\/p>\n<p>Toate produsele din magazinul nostru sunt 100% originale \u0219i autentice, deci politica magazinului nostru este compensarea de zece ori pentru bunurile contraf\u0103cute. Folosim canale logistice precum UPS\/DHL\/FEDEX\/DPD pentru a v\u0103 livra m\u0103rfurile.<\/p>\n<p>Pentru coletele expediate \u00een Rom\u00e2nia, de obicei dureaz\u0103 10 zile lucr\u0103toare s\u0103 ajung\u0103. Expedierea c\u0103tre \u021b\u0103rile europene dureaz\u0103 de obicei 12 p\u00e2n\u0103 la 15 zile lucr\u0103toare. Vom actualiza informa\u021biile logistice pentru dumneavoastr\u0103 \u00een timp real.<\/p>","protected":false},"excerpt":{"rendered":"<p>WASPE Vape 40000 PUFF FIHP Vape de unic\u0103 folosin\u021b\u0103 cu arom\u0103 dubl\u0103 este un dispozitiv premium, de \u00eenalt\u0103 performan\u021b\u0103, conceput pentru vaperii exigen\u021bi.<\/p>\n<p>V\u0103 rug\u0103m contacta\u021bi-o pe Mandy pe WhatsApp pentru un pre\u021b redus<a href=\"https:\/\/wa.me\/8618077105796\">+8618077105796<\/a><\/p>\n<p><img decoding=\"async\" class=\"alignnone wp-image-2151\" src=\"http:\/\/vapebulkp.com\/wp-content\/uploads\/2024\/04\/Mandy-WhatsApp-Randm.jpg\" alt=\"RandM Mandy WhatsApp\" width=\"297\" height=\"316\" srcset=\"https:\/\/vapebulkp.com\/wp-content\/uploads\/2024\/04\/Mandy-WhatsApp-Randm.jpg 916w, https:\/\/vapebulkp.com\/wp-content\/uploads\/2024\/04\/Mandy-WhatsApp-Randm-282x300.jpg 282w, https:\/\/vapebulkp.com\/wp-content\/uploads\/2024\/04\/Mandy-WhatsApp-Randm-768x817.jpg 768w, https:\/\/vapebulkp.com\/wp-content\/uploads\/2024\/04\/Mandy-WhatsApp-Randm-600x638.jpg 600w\" sizes=\"(max-width: 297px) 100vw, 297px\" \/><\/p>\n<p><span style=\"color: #ff0000\">NOT\u0102: Pre\u021burile de pe site-ul nostru nu includ costurile de transport<\/span><\/p>\n<p>&nbsp;<\/p>","protected":false},"featured_media":3137,"comment_status":"open","ping_status":"closed","template":"","meta":{"_uag_custom_page_level_css":"","_lmt_disableupdate":"no","_lmt_disable":"","site-sidebar-layout":"default","site-content-layout":"content-boxed-container","ast-site-content-layout":"normal-width-container","site-content-style":"boxed","site-sidebar-style":"unboxed","ast-global-header-display":"","ast-banner-title-visibility":"","ast-main-header-display":"","ast-hfb-above-header-display":"","ast-hfb-below-header-display":"","ast-hfb-mobile-header-display":"","site-post-title":"","ast-breadcrumbs-content":"","ast-featured-img":"","footer-sml-layout":"","theme-transparent-header-meta":"default","adv-header-id-meta":"","stick-header-meta":"","header-above-stick-meta":"","header-main-stick-meta":"","header-below-stick-meta":"","astra-migrate-meta-layouts":"set","_joinchat":[]},"product_cat":[182,153,155,33,59,100,34,158,157,154,152,58,84,156,63,32,365],"product_tag":[37,41,40,183],"class_list":["post-3142","product","type-product","status-publish","has-post-thumbnail","hentry","product_cat-40000-puffs-disposable-vape","product_cat-hot-disposable-vapes","product_cat-belgium-hot-disposable-vapes","product_cat-france-vape-hot-sale","product_cat-germany-hot-disposable-vape","product_cat-germany-wholesale-vape-shop","product_cat-netherlands-vape-good-sale","product_cat-norway-hot-disposable-vapes","product_cat-poland-hot-disposable-vapes","product_cat-portugal-hot-disposable-vapes","product_cat-spain-hot-disposable-vapes","product_cat-sweden-hot-disposable-vape","product_cat-sweden-wholesale-vape","product_cat-switzerland-hot-disposable-vapes","product_cat-top-sale-disposable-vape","product_cat-vape-hot-sale-this-week","product_cat-waspe-vape","product_tag-hot-sale-disposable-vape","product_tag-poland-hot-vape","product_tag-sweden-hot-vape","product_tag-waspe-fihp-40000-puffs","pa_brand-waspe-vape","desktop-align-left","tablet-align-left","mobile-align-left"],"yoast_head":"<!-- This site is optimized with the Yoast SEO plugin v21.1 - https:\/\/yoast.com\/wordpress\/plugins\/seo\/ -->\n<title>WASPE Vape 40000 PUFF FIHP DOUBLE FLAVOUR Disposable Vape - vapebulkp.com<\/title>\n<meta name=\"description\" content=\"The ultimate Disposable Vape WASPE 40000 PUFFS offers dual flavors and a huge puff count. Shop the best e-cigarette for superior performance.\" \/>\n<meta name=\"robots\" content=\"index, follow, max-snippet:-1, max-image-preview:large, max-video-preview:-1\" \/>\n<link rel=\"canonical\" href=\"https:\/\/vapebulkp.com\/ro\/product\/waspe-vape-40000-puff-fihp-double-flavour-disposable-vape\/\" \/>\n<meta property=\"og:locale\" content=\"ro_RO\" \/>\n<meta property=\"og:type\" content=\"article\" \/>\n<meta property=\"og:title\" content=\"WASPE Vape 40000 PUFF FIHP DOUBLE FLAVOUR Disposable Vape - vapebulkp.com\" \/>\n<meta property=\"og:description\" content=\"The ultimate Disposable Vape WASPE 40000 PUFFS offers dual flavors and a huge puff count. Shop the best e-cigarette for superior performance.\" \/>\n<meta property=\"og:url\" content=\"https:\/\/vapebulkp.com\/ro\/product\/waspe-vape-40000-puff-fihp-double-flavour-disposable-vape\/\" \/>\n<meta property=\"og:site_name\" content=\"vapebulkp.com\" \/>\n<meta property=\"article:modified_time\" content=\"2025-09-24T03:17:50+00:00\" \/>\n<meta property=\"og:image\" content=\"http:\/\/vapebulkp.com\/wp-content\/uploads\/2024\/11\/WASPE-FIHP-40000-Puffs-Vape-Double-Flavor-Wholeasle-Price.jpg\" \/>\n\t<meta property=\"og:image:width\" content=\"800\" \/>\n\t<meta property=\"og:image:height\" content=\"800\" \/>\n\t<meta property=\"og:image:type\" content=\"image\/jpeg\" \/>\n<meta name=\"twitter:card\" content=\"summary_large_image\" \/>\n<meta name=\"twitter:label1\" content=\"Timp estimat pentru citire\" \/>\n\t<meta name=\"twitter:data1\" content=\"4 minute\" \/>\n<script type=\"application\/ld+json\" class=\"yoast-schema-graph\">{\"@context\":\"https:\/\/schema.org\",\"@graph\":[{\"@type\":\"WebPage\",\"@id\":\"https:\/\/vapebulkp.com\/product\/waspe-vape-40000-puff-fihp-double-flavour-disposable-vape\/\",\"url\":\"https:\/\/vapebulkp.com\/product\/waspe-vape-40000-puff-fihp-double-flavour-disposable-vape\/\",\"name\":\"WASPE Vape 40000 PUFF FIHP DOUBLE FLAVOUR Disposable Vape - vapebulkp.com\",\"isPartOf\":{\"@id\":\"https:\/\/vapebulkp.com\/#website\"},\"datePublished\":\"2024-11-21T02:48:22+00:00\",\"dateModified\":\"2025-09-24T03:17:50+00:00\",\"description\":\"The ultimate Disposable Vape WASPE 40000 PUFFS offers dual flavors and a huge puff count. Shop the best e-cigarette for superior performance.\",\"breadcrumb\":{\"@id\":\"https:\/\/vapebulkp.com\/product\/waspe-vape-40000-puff-fihp-double-flavour-disposable-vape\/#breadcrumb\"},\"inLanguage\":\"ro-RO\",\"potentialAction\":[{\"@type\":\"ReadAction\",\"target\":[\"https:\/\/vapebulkp.com\/product\/waspe-vape-40000-puff-fihp-double-flavour-disposable-vape\/\"]}]},{\"@type\":\"BreadcrumbList\",\"@id\":\"https:\/\/vapebulkp.com\/product\/waspe-vape-40000-puff-fihp-double-flavour-disposable-vape\/#breadcrumb\",\"itemListElement\":[{\"@type\":\"ListItem\",\"position\":1,\"name\":\"Home\",\"item\":\"https:\/\/vapebulkp.com\/\"},{\"@type\":\"ListItem\",\"position\":2,\"name\":\"Hot Trend Vapes\",\"item\":\"https:\/\/vapebulkp.com\/vape-shop\/\"},{\"@type\":\"ListItem\",\"position\":3,\"name\":\"WASPE Vape 40000 PUFF FIHP DOUBLE FLAVOUR Disposable Vape\"}]},{\"@type\":\"WebSite\",\"@id\":\"https:\/\/vapebulkp.com\/#website\",\"url\":\"https:\/\/vapebulkp.com\/\",\"name\":\"vapebulkp.com\",\"description\":\"Buy Vape In Cheap Bulk Price Near you\",\"publisher\":{\"@id\":\"https:\/\/vapebulkp.com\/#organization\"},\"potentialAction\":[{\"@type\":\"SearchAction\",\"target\":{\"@type\":\"EntryPoint\",\"urlTemplate\":\"https:\/\/vapebulkp.com\/?s={search_term_string}\"},\"query-input\":\"required name=search_term_string\"}],\"inLanguage\":\"ro-RO\"},{\"@type\":\"Organization\",\"@id\":\"https:\/\/vapebulkp.com\/#organization\",\"name\":\"vapebulkp.com\",\"url\":\"https:\/\/vapebulkp.com\/\",\"logo\":{\"@type\":\"ImageObject\",\"inLanguage\":\"ro-RO\",\"@id\":\"https:\/\/vapebulkp.com\/#\/schema\/logo\/image\/\",\"url\":\"https:\/\/vapebulkp.com\/wp-content\/uploads\/2023\/09\/cropped-vapebulkp.png\",\"contentUrl\":\"https:\/\/vapebulkp.com\/wp-content\/uploads\/2023\/09\/cropped-vapebulkp.png\",\"width\":516,\"height\":163,\"caption\":\"vapebulkp.com\"},\"image\":{\"@id\":\"https:\/\/vapebulkp.com\/#\/schema\/logo\/image\/\"}}]}<\/script>\n<!-- \/ Yoast SEO plugin. -->","yoast_head_json":{"title":"WASPE Vape 40000 PUFF FIHP DOUBLE FLAVOUR Disposable Vape - vapebulkp.com","description":"The ultimate Disposable Vape WASPE 40000 PUFFS offers dual flavors and a huge puff count. Shop the best e-cigarette for superior performance.","robots":{"index":"index","follow":"follow","max-snippet":"max-snippet:-1","max-image-preview":"max-image-preview:large","max-video-preview":"max-video-preview:-1"},"canonical":"https:\/\/vapebulkp.com\/ro\/product\/waspe-vape-40000-puff-fihp-double-flavour-disposable-vape\/","og_locale":"ro_RO","og_type":"article","og_title":"WASPE Vape 40000 PUFF FIHP DOUBLE FLAVOUR Disposable Vape - vapebulkp.com","og_description":"The ultimate Disposable Vape WASPE 40000 PUFFS offers dual flavors and a huge puff count. Shop the best e-cigarette for superior performance.","og_url":"https:\/\/vapebulkp.com\/ro\/product\/waspe-vape-40000-puff-fihp-double-flavour-disposable-vape\/","og_site_name":"vapebulkp.com","article_modified_time":"2025-09-24T03:17:50+00:00","og_image":[{"width":800,"height":800,"url":"http:\/\/vapebulkp.com\/wp-content\/uploads\/2024\/11\/WASPE-FIHP-40000-Puffs-Vape-Double-Flavor-Wholeasle-Price.jpg","type":"image\/jpeg"}],"twitter_card":"summary_large_image","twitter_misc":{"Timp estimat pentru citire":"4 minute"},"schema":{"@context":"https:\/\/schema.org","@graph":[{"@type":"WebPage","@id":"https:\/\/vapebulkp.com\/product\/waspe-vape-40000-puff-fihp-double-flavour-disposable-vape\/","url":"https:\/\/vapebulkp.com\/product\/waspe-vape-40000-puff-fihp-double-flavour-disposable-vape\/","name":"WASPE Vape 40000 PUFF FIHP DOUBLE FLAVOUR Disposable Vape - vapebulkp.com","isPartOf":{"@id":"https:\/\/vapebulkp.com\/#website"},"datePublished":"2024-11-21T02:48:22+00:00","dateModified":"2025-09-24T03:17:50+00:00","description":"The ultimate Disposable Vape WASPE 40000 PUFFS offers dual flavors and a huge puff count. Shop the best e-cigarette for superior performance.","breadcrumb":{"@id":"https:\/\/vapebulkp.com\/product\/waspe-vape-40000-puff-fihp-double-flavour-disposable-vape\/#breadcrumb"},"inLanguage":"ro-RO","potentialAction":[{"@type":"ReadAction","target":["https:\/\/vapebulkp.com\/product\/waspe-vape-40000-puff-fihp-double-flavour-disposable-vape\/"]}]},{"@type":"BreadcrumbList","@id":"https:\/\/vapebulkp.com\/product\/waspe-vape-40000-puff-fihp-double-flavour-disposable-vape\/#breadcrumb","itemListElement":[{"@type":"ListItem","position":1,"name":"Home","item":"https:\/\/vapebulkp.com\/"},{"@type":"ListItem","position":2,"name":"Hot Trend Vapes","item":"https:\/\/vapebulkp.com\/vape-shop\/"},{"@type":"ListItem","position":3,"name":"WASPE Vape 40000 PUFF FIHP DOUBLE FLAVOUR Disposable Vape"}]},{"@type":"WebSite","@id":"https:\/\/vapebulkp.com\/#website","url":"https:\/\/vapebulkp.com\/","name":"vapebulkp.com","description":"Buy Vape In Cheap Bulk Price Near you","publisher":{"@id":"https:\/\/vapebulkp.com\/#organization"},"potentialAction":[{"@type":"SearchAction","target":{"@type":"EntryPoint","urlTemplate":"https:\/\/vapebulkp.com\/?s={search_term_string}"},"query-input":"required name=search_term_string"}],"inLanguage":"ro-RO"},{"@type":"Organization","@id":"https:\/\/vapebulkp.com\/#organization","name":"vapebulkp.com","url":"https:\/\/vapebulkp.com\/","logo":{"@type":"ImageObject","inLanguage":"ro-RO","@id":"https:\/\/vapebulkp.com\/#\/schema\/logo\/image\/","url":"https:\/\/vapebulkp.com\/wp-content\/uploads\/2023\/09\/cropped-vapebulkp.png","contentUrl":"https:\/\/vapebulkp.com\/wp-content\/uploads\/2023\/09\/cropped-vapebulkp.png","width":516,"height":163,"caption":"vapebulkp.com"},"image":{"@id":"https:\/\/vapebulkp.com\/#\/schema\/logo\/image\/"}}]}},"uagb_featured_image_src":{"full":["https:\/\/vapebulkp.com\/wp-content\/uploads\/2024\/11\/WASPE-FIHP-40000-Puffs-Vape-Double-Flavor-Wholeasle-Price.jpg",800,800,false],"thumbnail":["https:\/\/vapebulkp.com\/wp-content\/uploads\/2024\/11\/WASPE-FIHP-40000-Puffs-Vape-Double-Flavor-Wholeasle-Price-150x150.jpg",150,150,true],"medium":["https:\/\/vapebulkp.com\/wp-content\/uploads\/2024\/11\/WASPE-FIHP-40000-Puffs-Vape-Double-Flavor-Wholeasle-Price-300x300.jpg",300,300,true],"medium_large":["https:\/\/vapebulkp.com\/wp-content\/uploads\/2024\/11\/WASPE-FIHP-40000-Puffs-Vape-Double-Flavor-Wholeasle-Price-768x768.jpg",768,768,true],"large":["https:\/\/vapebulkp.com\/wp-content\/uploads\/2024\/11\/WASPE-FIHP-40000-Puffs-Vape-Double-Flavor-Wholeasle-Price.jpg",800,800,false],"1536x1536":["https:\/\/vapebulkp.com\/wp-content\/uploads\/2024\/11\/WASPE-FIHP-40000-Puffs-Vape-Double-Flavor-Wholeasle-Price.jpg",800,800,false],"2048x2048":["https:\/\/vapebulkp.com\/wp-content\/uploads\/2024\/11\/WASPE-FIHP-40000-Puffs-Vape-Double-Flavor-Wholeasle-Price.jpg",800,800,false],"trp-custom-language-flag":["https:\/\/vapebulkp.com\/wp-content\/uploads\/2024\/11\/WASPE-FIHP-40000-Puffs-Vape-Double-Flavor-Wholeasle-Price.jpg",12,12,false],"woocommerce_thumbnail":["https:\/\/vapebulkp.com\/wp-content\/uploads\/2024\/11\/WASPE-FIHP-40000-Puffs-Vape-Double-Flavor-Wholeasle-Price-300x300.jpg",300,300,true],"woocommerce_single":["https:\/\/vapebulkp.com\/wp-content\/uploads\/2024\/11\/WASPE-FIHP-40000-Puffs-Vape-Double-Flavor-Wholeasle-Price-600x600.jpg",600,600,true],"woocommerce_gallery_thumbnail":["https:\/\/vapebulkp.com\/wp-content\/uploads\/2024\/11\/WASPE-FIHP-40000-Puffs-Vape-Double-Flavor-Wholeasle-Price-100x100.jpg",100,100,true],"wcpr-photo-reviews":["https:\/\/vapebulkp.com\/wp-content\/uploads\/2024\/11\/WASPE-FIHP-40000-Puffs-Vape-Double-Flavor-Wholeasle-Price.jpg",500,500,false]},"uagb_author_info":{"display_name":"Mandy vape bulk price","author_link":"https:\/\/vapebulkp.com\/ro\/author\/"},"uagb_comment_info":0,"uagb_excerpt":"The WASPE Vape 40000 PUFF FIHP Double Flavour Disposable Vape is a premium, high-performance device designed for discerning vapers. Pls Contact Mandy's WhatsApp For Discount Price+8618077105796 NOTE: Prices on our website does not include shipping costs &nbsp;","_links":{"self":[{"href":"https:\/\/vapebulkp.com\/ro\/wp-json\/wp\/v2\/product\/3142","targetHints":{"allow":["GET"]}}],"collection":[{"href":"https:\/\/vapebulkp.com\/ro\/wp-json\/wp\/v2\/product"}],"about":[{"href":"https:\/\/vapebulkp.com\/ro\/wp-json\/wp\/v2\/types\/product"}],"replies":[{"embeddable":true,"href":"https:\/\/vapebulkp.com\/ro\/wp-json\/wp\/v2\/comments?post=3142"}],"wp:featuredmedia":[{"embeddable":true,"href":"https:\/\/vapebulkp.com\/ro\/wp-json\/wp\/v2\/media\/3137"}],"wp:attachment":[{"href":"https:\/\/vapebulkp.com\/ro\/wp-json\/wp\/v2\/media?parent=3142"}],"wp:term":[{"taxonomy":"product_cat","embeddable":true,"href":"https:\/\/vapebulkp.com\/ro\/wp-json\/wp\/v2\/product_cat?post=3142"},{"taxonomy":"product_tag","embeddable":true,"href":"https:\/\/vapebulkp.com\/ro\/wp-json\/wp\/v2\/product_tag?post=3142"}],"curies":[{"name":"wp","href":"https:\/\/api.w.org\/{rel}","templated":true}]}}