{"id":3148,"date":"2024-11-25T09:29:17","date_gmt":"2024-11-25T08:29:17","guid":{"rendered":"https:\/\/vapebulkp.com\/?post_type=product&#038;p=3148"},"modified":"2025-09-24T05:50:41","modified_gmt":"2025-09-24T03:50:41","slug":"jnr-vape-mega-box-25000-puff-discount-price-vape-pods","status":"publish","type":"product","link":"https:\/\/vapebulkp.com\/ro\/product\/jnr-vape-mega-box-25000-puff-discount-price-vape-pods\/","title":{"rendered":"JNR Vape Mega Box 25000 Pufuri Pre\u021b Redus Vape Pods"},"content":{"rendered":"<h1 style=\"text-align: left\">JNR Vape Mega Box 25000 Pufuri Pre\u021b Redus Vape Pods<\/h1>\n<p>&nbsp;<\/p>\n<p data-start=\"321\" data-end=\"634\">The <strong data-start=\"365\" data-end=\"397\">JNR Vape Mega Box 25000 Puf<\/strong> este un <strong data-start=\"411\" data-end=\"444\">\u021bigar\u0103 electronic\u0103 de unic\u0103 folosin\u021b\u0103 de mare capacitate<\/strong> construit pentru tineri europeni care caut\u0103 putere, stil \u0219i fiabilitate. Cu un rezervor masiv de e-lichid de 30 ml \u0219i un sistem de rezisten\u021b\u0103 dual\u0103 de tip mesh, ofer\u0103 o arom\u0103 fin\u0103 \u0219i vapori den\u0219i la fiecare puf.<\/p>\n<p data-start=\"636\" data-end=\"896\">Alimentat de o baterie re\u00eenc\u0103rcabil\u0103 de 850 mAh \u0219i \u00eenc\u0103rcare rapid\u0103 de tip C, acest dispozitiv ofer\u0103 p\u00e2n\u0103 la <strong data-start=\"729\" data-end=\"745\">25.000 de pufuri<\/strong> pentru satisfac\u021bie de lung\u0103 durat\u0103. Compact \u0219i portabil, <strong data-start=\"803\" data-end=\"835\">Cutia Mega JNR Vape<\/strong> 25000 Pufuri Vape En-gros este perfect pentru vapatul zilnic, ocazii sociale \u0219i c\u0103l\u0103torii.<\/p>\n<p data-start=\"898\" data-end=\"1163\">Disponibil \u00een multiple arome cu op\u021biuni de sare de nicotin\u0103, se remarc\u0103 printre <a href=\"https:\/\/vapebulkp.com\/ro\/product-category\/25000-puffs-disposable-vape\/\"><strong>25000 de Pufuri Vapori de unic\u0103 folosin\u021b\u0103<\/strong><\/a> \u0219i alte sisteme de pod-uri de lung\u0103 durat\u0103, oferind o valoare excep\u021bional\u0103 la pre\u021buri en-gros. Livrat direct din depozitele din UE pentru o livrare rapid\u0103 \u0219i fiabil\u0103.<\/p>\n<p><img decoding=\"async\" class=\"alignnone wp-image-3147\" src=\"http:\/\/vapebulkp.com\/wp-content\/uploads\/2024\/11\/JNR-Mega-Box-25000-puffs-Hot-Sale-Vape.jpg\" alt=\"JNR Mega Box 25000 pufuri Vape la mare v\u00e2nzare\" width=\"368\" height=\"368\" srcset=\"https:\/\/vapebulkp.com\/wp-content\/uploads\/2024\/11\/JNR-Mega-Box-25000-puffs-Hot-Sale-Vape.jpg 800w, https:\/\/vapebulkp.com\/wp-content\/uploads\/2024\/11\/JNR-Mega-Box-25000-puffs-Hot-Sale-Vape-300x300.jpg 300w, https:\/\/vapebulkp.com\/wp-content\/uploads\/2024\/11\/JNR-Mega-Box-25000-puffs-Hot-Sale-Vape-150x150.jpg 150w, https:\/\/vapebulkp.com\/wp-content\/uploads\/2024\/11\/JNR-Mega-Box-25000-puffs-Hot-Sale-Vape-768x768.jpg 768w, https:\/\/vapebulkp.com\/wp-content\/uploads\/2024\/11\/JNR-Mega-Box-25000-puffs-Hot-Sale-Vape-600x600.jpg 600w, https:\/\/vapebulkp.com\/wp-content\/uploads\/2024\/11\/JNR-Mega-Box-25000-puffs-Hot-Sale-Vape-100x100.jpg 100w\" sizes=\"(max-width: 368px) 100vw, 368px\" \/><\/p>\n<p>&nbsp;<\/p>\n<h6>V\u0103 rug\u0103m contacta\u021bi-o pe Mandy pe WhatsApp pentru un pre\u021b redus<a href=\"https:\/\/wa.me\/8618077105796\">+8618077105796<\/a><\/h6>\n<p><img decoding=\"async\" class=\"alignnone wp-image-2151\" src=\"http:\/\/vapebulkp.com\/wp-content\/uploads\/2024\/04\/Mandy-WhatsApp-Randm.jpg\" alt=\"RandM Mandy WhatsApp\" width=\"287\" height=\"305\" srcset=\"https:\/\/vapebulkp.com\/wp-content\/uploads\/2024\/04\/Mandy-WhatsApp-Randm.jpg 916w, https:\/\/vapebulkp.com\/wp-content\/uploads\/2024\/04\/Mandy-WhatsApp-Randm-282x300.jpg 282w, https:\/\/vapebulkp.com\/wp-content\/uploads\/2024\/04\/Mandy-WhatsApp-Randm-768x817.jpg 768w, https:\/\/vapebulkp.com\/wp-content\/uploads\/2024\/04\/Mandy-WhatsApp-Randm-600x638.jpg 600w\" sizes=\"(max-width: 287px) 100vw, 287px\" \/><\/p>\n<h2><strong>De ce s\u0103 cumperi JNR Disposable Vape Mega Box 25k puf la <a href=\"https:\/\/vapebulkp.com\/ro\/\">Vapebulkp.com<\/a>?<\/strong><\/h2>\n<ol>\n<li><strong>Performan\u021b\u0103 de lung\u0103 durat\u0103<\/strong>: Cu num\u0103rul s\u0103u impresionant de pufuri \u0219i bateria robust\u0103, acest vape este conceput at\u00e2t pentru utilizarea zilnic\u0103, c\u00e2t \u0219i pentru ocazii speciale.<\/li>\n<li><strong>Design elegant<\/strong>: Compact, dar elegant, JNR Vape Mega Box este u\u0219or de transportat \u0219i completeaz\u0103 stilul t\u0103u de via\u021b\u0103 cu estetica sa modern\u0103.<\/li>\n<li><strong>Utilizare u\u0219oar\u0103<\/strong>: Nu sunt necesare set\u0103ri complicate sau re\u00eenc\u0103rcare \u2014 doar bucur\u0103-te de o experien\u021b\u0103 de vapat fluid\u0103, direct din cutie.<\/li>\n<li><strong>Arome bogate \u0219i fine<\/strong>: \u00cempreun\u0103 cu tehnologia avansat\u0103 a rezisten\u021bei, Mega Box ofer\u0103 un abur uniform \u0219i plin de savoare la fiecare inhalare.<\/li>\n<\/ol>\n<p>&nbsp;<\/p>\n<h3><strong>Caracteristici cheie ale Vapelor \u00een Tendin\u021be <a href=\"https:\/\/vapebulkp.com\/ro\/product\/jnr-vape-mega-box-25000-puff-discount-price-vape-pods\/\">JNR Mega Box 25000 de Pufuri\u00a0<\/a><\/strong><\/h3>\n<div class=\"mb-2 flex gap-3 empty:hidden -ml-2\">\n<div class=\"items-center justify-start rounded-xl p-1 flex\">\n<ul>\n<li><strong>Durat\u0103 de via\u021b\u0103 f\u0103r\u0103 egal<\/strong>: Cu o capacitate masiv\u0103 de <strong>25000 de pufuri<\/strong>, acest dispozitiv asigur\u0103 o utilizare prelungit\u0103, fiind perfect pentru vapatul pe termen lung, f\u0103r\u0103 \u00eenlocuiri frecvente.<\/li>\n<li><strong>Capacitate generoas\u0103 de lichid<\/strong>: Echipat cu o capacitate de <strong>30ml de lichid de vapat preumplut<\/strong>, ofer\u0103 o arom\u0103 consistent\u0103 pe toat\u0103 durata sa de via\u021b\u0103.<\/li>\n<li><strong>Baterie puternic\u0103<\/strong>: Bateria \u00eencorporat\u0103 <strong>850mAh<\/strong> ofer\u0103 performan\u021be fiabile, asigur\u00e2ndu-v\u0103 c\u0103 v\u0103 bucura\u021bi de fiecare puf.<\/li>\n<li><strong>Satisfac\u021bie a nicotinei<\/strong>: Dispun\u00e2nd de o <strong>formul\u0103 de 2% de sare de nicotin\u0103<\/strong>, ofer\u0103 un impact lin \u00een g\u00e2t, ideal pentru cei care trec de la fumatul tradi\u021bional sau caut\u0103 o experien\u021b\u0103 de vapat echilibrat\u0103.<\/li>\n<li><strong>Design compact \u0219i elegant<\/strong>: Elegant \u0219i totu\u0219i robust, acest pod de vapat este conceput pentru a se integra perfect \u00een stilul dumneavoastr\u0103 de via\u021b\u0103, fie c\u0103 sunte\u021bi acas\u0103, la evenimente sociale sau \u00een deplasare.<\/li>\n<\/ul>\n<\/div>\n<\/div>\n<h3><strong>JNR Mega Box 25k Pufuri Vap\u0103<\/strong> <strong>Lista arome:<\/strong><\/h3>\n<p>1.Cola cu Cire\u0219e Acidulat\u0103<br \/>\n2.C\u0103p\u0219uni cu Banane<br \/>\n3.M\u0103r Acri\u0219or<br \/>\n4.Gum\u0103 de Mestecat cu Afine<br \/>\n5.Kiwi cu Pepene Ro\u0219u \u0219i Ghea\u021b\u0103<br \/>\n6.Mango Triplu<br \/>\n7.Zmeur\u0103 cu Pepene Ro\u0219u<br \/>\n8.C\u0103p\u0219uni cu Zmeur\u0103 \u0219i Ghea\u021b\u0103<br \/>\n9.Afine Acri\u0219oare cu Zmeur\u0103 \u0219i C\u0103p\u0219uni<br \/>\n10.C\u0103p\u0219uni cu Zmeur\u0103, Cire\u0219e \u0219i Ghea\u021b\u0103<br \/>\n11.Zmeur\u0103 Albastr\u0103 Cirea\u0219\u0103<br \/>\n12.Piersic\u0103 Zemoas\u0103<br \/>\n13.Cirea\u0219\u0103 Fructe de p\u0103dure<br \/>\n14.L\u0103m\u00e2ie<br \/>\n15.Fructe de P\u0103dure Mixte<br \/>\n16.Dl. Albastru<br \/>\n17.C\u0103p\u0219uni cu Ghea\u021b\u0103<br \/>\n18.Afine cu Ghea\u021b\u0103<br \/>\n19.Pepene Ro\u0219u cu Ghea\u021b\u0103<br \/>\nSkittles<\/p>\n<p><a href=\"https:\/\/vapebulkp.com\/ro\/product\/jnr-media-max-40000-puffs-high-capacity-1000mah-disposable-vape\/\"><span style=\"vertical-align: inherit\">JNR MEDIA MAX 40000 Pufuri <\/span><\/a><\/p>\n<p><span style=\"vertical-align: inherit\">G\u0103se\u0219te mai multe produse care \u021bi-ar putea pl\u0103cea:<\/span><em><a href=\"https:\/\/wa.me\/8618077105796\"><span style=\"vertical-align: inherit\">\u00a0Cump\u0103r\u0103-l acum<\/span><\/a><\/em><\/p>\n<p><span style=\"vertical-align: inherit\">Alte Inhala\u021bii care \u021bi-ar putea pl\u0103cea:<\/span><span style=\"vertical-align: inherit\">\u00a0<\/span><a href=\"https:\/\/vapebulkp.com\/ro\/product\/vapme-crystal-disposable-vape-20000-puffs-big-smok-2-nicotine\/\"><span style=\"vertical-align: inherit\">Vapme Crystal 20k Pufuri<\/span><\/a><\/p>\n<p><span style=\"vertical-align: inherit\">Sticl\u0103 de \u021bigar\u0103 electronic\u0103 cu form\u0103 special\u0103:<\/span><a href=\"https:\/\/vapebulkp.com\/ro\/product\/randm-fumot-tornado-30k-puffs-rechargeable-vapes-best-sale\/\"><span style=\"vertical-align: inherit\"> Fumot Tornado 30000 Pufuri<\/span><\/a><span style=\"vertical-align: inherit\">\/ <\/span><a href=\"https:\/\/vapebulkp.com\/ro\/product\/jnr-alien-10000-puffs-randm-vape-wholesale-price\/\"><span style=\"vertical-align: inherit\">\u00a0JNR Alien 10000 Pufuri <\/span><\/a><span style=\"vertical-align: inherit\">\/<\/span><a href=\"https:\/\/vapebulkp.com\/ro\/product\/wga-crystal-plus-16000-puffs-led-light-disposable-vape\/\"><span style=\"vertical-align: inherit\"> WGA Crystal 16000 Pufuri<\/span><\/a><\/p>\n<h4><\/h4>\n<h4><strong>\u00centreb\u0103ri frecvente despre JNR Mega Box Long Last Vape 25000 Pufuri<\/strong><\/h4>\n<p><strong>1. Care este capacitatea de e-lichid a JNR Vapes Mega Box 25k Pufuri?<\/strong><br \/>\nJNR Vape Mega Box vine cu o <strong>capacitate de e-lichid de 30 ml<\/strong>, asigur\u00e2nd o experien\u021b\u0103 de vapare extins\u0103, cu arome bogate \u0219i satisf\u0103c\u0103toare.<\/p>\n<p><strong>2. C\u00e2te pufuri pot a\u0219tepta de la JNR Vape Box 25000 Pufuri, cel mai bine v\u00e2ndut?<\/strong><br \/>\nAcest vape de unic\u0103 folosin\u021b\u0103 ofer\u0103 un impresionant <strong>25.000 de pufuri<\/strong>, fiind ideal pentru utilizare pe termen lung \u0219i pentru vaperii frecven\u021bi.<\/p>\n<p><strong>3. Ce tip de baterie utilizeaz\u0103 JNR Vape Mega Box 25k?<\/strong><br \/>\nEste echipat cu un puternic <strong>850mAh<\/strong>, oferind performan\u021b\u0103 constant\u0103 \u0219i confortul re\u00eenc\u0103rc\u0103rii prin intermediul unui port tip C.<\/p>\n<p><strong>4. Este JNR Hot Vape Mega Box 25000 Puffs potrivit pentru vaperii rom\u00e2ni?<\/strong><br \/>\nDa, JNR Vape Mega Box este conceput pentru a satisface preferin\u021bele utilizatorilor rom\u00e2ni, av\u00e2nd <strong>o produc\u021bie lin\u0103 de vapori<\/strong>, <strong>diverse arome<\/strong>\u0219i un design elegant, portabil.<\/p>\n<p><strong>5. Ce face din JNR Good Vape Mega Box 25k Puffs un vape de unic\u0103 folosin\u021b\u0103 de \u00eenalt\u0103 calitate?<\/strong><br \/>\nJNR Vape Mega Box ofer\u0103 o combina\u021bie de <strong>calitate premium a construc\u021biei<\/strong>, <strong>un num\u0103r mare de pufuri<\/strong>, <strong>capacitatea sa mare de e-lichid<\/strong>, \u0219i un <strong>un design elegant<\/strong>, ceea ce \u00eel face o alegere remarcabil\u0103 printre vapoarele de unic\u0103 folosin\u021b\u0103 cu o capacitate ridicat\u0103.<\/p>\n<h4>Detaliile de expediere:<\/h4>\n<p><span style=\"color: #ff6600\">Timp de produc\u021bie: 5-10 zile lucr\u0103toare<\/span><br \/>\n<span style=\"color: #ff6600\">Timp de livrare: 8-14 zile lucr\u0103toare<\/span><\/p>\n<p>Toate produsele din magazinul nostru sunt 100% originale \u0219i autentice, deci politica magazinului nostru este compensarea de zece ori pentru bunurile contraf\u0103cute. Folosim canale logistice precum UPS\/DHL\/FEDEX\/DPD pentru a v\u0103 livra m\u0103rfurile.<\/p>\n<p>Pentru coletele expediate \u00een Rom\u00e2nia, de obicei dureaz\u0103 10 zile lucr\u0103toare s\u0103 ajung\u0103. Expedierea c\u0103tre \u021b\u0103rile europene dureaz\u0103 de obicei 12 p\u00e2n\u0103 la 15 zile lucr\u0103toare. Vom actualiza informa\u021biile logistice pentru dumneavoastr\u0103 \u00een timp real.<\/p>","protected":false},"excerpt":{"rendered":"<p>JNR Vape Mega Box 25000 Puf ofer\u0103 o experien\u021b\u0103 de vapat excep\u021bional\u0103, cu o capacitate mare de 30 ml de e-lichid, o baterie de lung\u0103 durat\u0103 de 850 mAh \u0219i 25.000 de pufuri impresionante. Ideal pentru utilizatorii care caut\u0103 o vapat consistent \u0219i pl\u0103cut, acest pod de vape de unic\u0103 folosin\u021b\u0103 de \u00eenalt\u0103 calitate asigur\u0103 inhal\u0103ri fine \u0219i o arom\u0103 robust\u0103. Cu tehnologia avansat\u0103 a rezisten\u021bei de tip mesh \u0219i multiple op\u021biuni de concentra\u021bie de nicotin\u0103, este perfect pentru cei care cer confort f\u0103r\u0103 a compromite performan\u021ba.<\/p>\n<p><img decoding=\"async\" class=\"alignnone wp-image-2151\" src=\"http:\/\/vapebulkp.com\/wp-content\/uploads\/2024\/04\/Mandy-WhatsApp-Randm.jpg\" alt=\"RandM Mandy WhatsApp\" width=\"234\" height=\"249\" srcset=\"https:\/\/vapebulkp.com\/wp-content\/uploads\/2024\/04\/Mandy-WhatsApp-Randm.jpg 916w, https:\/\/vapebulkp.com\/wp-content\/uploads\/2024\/04\/Mandy-WhatsApp-Randm-282x300.jpg 282w, https:\/\/vapebulkp.com\/wp-content\/uploads\/2024\/04\/Mandy-WhatsApp-Randm-768x817.jpg 768w, https:\/\/vapebulkp.com\/wp-content\/uploads\/2024\/04\/Mandy-WhatsApp-Randm-600x638.jpg 600w\" sizes=\"(max-width: 234px) 100vw, 234px\" \/><\/p>\n<p>V\u0103 rug\u0103m contacta\u021bi-o pe Mandy pe WhatsApp pentru un pre\u021b redus<a href=\"https:\/\/wa.me\/8618077105796\">+8618077105796<\/a><\/p>\n<p><span style=\"color: #ff0000\">NOT\u0102: Pre\u021burile de pe site-ul nostru nu includ costurile de transport<\/span><\/p>\n<p>&nbsp;<\/p>","protected":false},"featured_media":3147,"comment_status":"open","ping_status":"closed","template":"","meta":{"_uag_custom_page_level_css":"","_lmt_disableupdate":"no","_lmt_disable":"","site-sidebar-layout":"default","site-content-layout":"content-boxed-container","ast-site-content-layout":"normal-width-container","site-content-style":"boxed","site-sidebar-style":"unboxed","ast-global-header-display":"","ast-banner-title-visibility":"","ast-main-header-display":"","ast-hfb-above-header-display":"","ast-hfb-below-header-display":"","ast-hfb-mobile-header-display":"","site-post-title":"","ast-breadcrumbs-content":"","ast-featured-img":"","footer-sml-layout":"","theme-transparent-header-meta":"default","adv-header-id-meta":"","stick-header-meta":"","header-above-stick-meta":"","header-main-stick-meta":"","header-below-stick-meta":"","astra-migrate-meta-layouts":"set","_joinchat":[]},"product_cat":[161,153,155,33,59,100,353,34,158,157,154,152,58,84,156,63,32],"product_tag":[36,37,184,41,40],"class_list":["post-3148","product","type-product","status-publish","has-post-thumbnail","hentry","product_cat-25000-puffs-disposable-vape","product_cat-hot-disposable-vapes","product_cat-belgium-hot-disposable-vapes","product_cat-france-vape-hot-sale","product_cat-germany-hot-disposable-vape","product_cat-germany-wholesale-vape-shop","product_cat-jnr-vape","product_cat-netherlands-vape-good-sale","product_cat-norway-hot-disposable-vapes","product_cat-poland-hot-disposable-vapes","product_cat-portugal-hot-disposable-vapes","product_cat-spain-hot-disposable-vapes","product_cat-sweden-hot-disposable-vape","product_cat-sweden-wholesale-vape","product_cat-switzerland-hot-disposable-vapes","product_cat-top-sale-disposable-vape","product_cat-vape-hot-sale-this-week","product_tag-good-vape","product_tag-hot-sale-disposable-vape","product_tag-jnr-mega-box-25000-puffs","product_tag-poland-hot-vape","product_tag-sweden-hot-vape","pa_brand-jnr-vape","desktop-align-left","tablet-align-left","mobile-align-left"],"yoast_head":"<!-- This site is optimized with the Yoast SEO plugin v21.1 - https:\/\/yoast.com\/wordpress\/plugins\/seo\/ -->\n<title>JNR Vape Mega Box 25000 Puff Discount Price Vape Pods - vapebulkp.com % %<\/title>\n<meta name=\"description\" content=\"Buy the JNR Vape Mega Box 25000 Puff, a high-capacity disposable vape with 30ml e-liquid and rechargeable battery. Fast EU shipping \u2014 order your 25000 Puff Vape Pod today!\" \/>\n<meta name=\"robots\" content=\"index, follow, max-snippet:-1, max-image-preview:large, max-video-preview:-1\" \/>\n<link rel=\"canonical\" href=\"https:\/\/vapebulkp.com\/ro\/product\/jnr-vape-mega-box-25000-puff-discount-price-vape-pods\/\" \/>\n<meta property=\"og:locale\" content=\"ro_RO\" \/>\n<meta property=\"og:type\" content=\"article\" \/>\n<meta property=\"og:title\" content=\"JNR Vape Mega Box 25000 Puff Discount Price Vape Pods - vapebulkp.com % %\" \/>\n<meta property=\"og:description\" content=\"Buy the JNR Vape Mega Box 25000 Puff, a high-capacity disposable vape with 30ml e-liquid and rechargeable battery. Fast EU shipping \u2014 order your 25000 Puff Vape Pod today!\" \/>\n<meta property=\"og:url\" content=\"https:\/\/vapebulkp.com\/ro\/product\/jnr-vape-mega-box-25000-puff-discount-price-vape-pods\/\" \/>\n<meta property=\"og:site_name\" content=\"vapebulkp.com\" \/>\n<meta property=\"article:modified_time\" content=\"2025-09-24T03:50:41+00:00\" \/>\n<meta property=\"og:image\" content=\"http:\/\/vapebulkp.com\/wp-content\/uploads\/2024\/11\/JNR-Mega-Box-25000-puffs-Hot-Sale-Vape.jpg\" \/>\n\t<meta property=\"og:image:width\" content=\"800\" \/>\n\t<meta property=\"og:image:height\" content=\"800\" \/>\n\t<meta property=\"og:image:type\" content=\"image\/jpeg\" \/>\n<meta name=\"twitter:card\" content=\"summary_large_image\" \/>\n<meta name=\"twitter:label1\" content=\"Timp estimat pentru citire\" \/>\n\t<meta name=\"twitter:data1\" content=\"4 minute\" \/>\n<script type=\"application\/ld+json\" class=\"yoast-schema-graph\">{\"@context\":\"https:\/\/schema.org\",\"@graph\":[{\"@type\":\"WebPage\",\"@id\":\"https:\/\/vapebulkp.com\/product\/jnr-vape-mega-box-25000-puff-discount-price-vape-pods\/\",\"url\":\"https:\/\/vapebulkp.com\/product\/jnr-vape-mega-box-25000-puff-discount-price-vape-pods\/\",\"name\":\"JNR Vape Mega Box 25000 Puff Discount Price Vape Pods - vapebulkp.com % %\",\"isPartOf\":{\"@id\":\"https:\/\/vapebulkp.com\/#website\"},\"datePublished\":\"2024-11-25T08:29:17+00:00\",\"dateModified\":\"2025-09-24T03:50:41+00:00\",\"description\":\"Buy the JNR Vape Mega Box 25000 Puff, a high-capacity disposable vape with 30ml e-liquid and rechargeable battery. Fast EU shipping \u2014 order your 25000 Puff Vape Pod today!\",\"breadcrumb\":{\"@id\":\"https:\/\/vapebulkp.com\/product\/jnr-vape-mega-box-25000-puff-discount-price-vape-pods\/#breadcrumb\"},\"inLanguage\":\"ro-RO\",\"potentialAction\":[{\"@type\":\"ReadAction\",\"target\":[\"https:\/\/vapebulkp.com\/product\/jnr-vape-mega-box-25000-puff-discount-price-vape-pods\/\"]}]},{\"@type\":\"BreadcrumbList\",\"@id\":\"https:\/\/vapebulkp.com\/product\/jnr-vape-mega-box-25000-puff-discount-price-vape-pods\/#breadcrumb\",\"itemListElement\":[{\"@type\":\"ListItem\",\"position\":1,\"name\":\"Home\",\"item\":\"https:\/\/vapebulkp.com\/\"},{\"@type\":\"ListItem\",\"position\":2,\"name\":\"Hot Trend Vapes\",\"item\":\"https:\/\/vapebulkp.com\/vape-shop\/\"},{\"@type\":\"ListItem\",\"position\":3,\"name\":\"JNR Vape Mega Box 25000 Puff Discount Price Vape Pods\"}]},{\"@type\":\"WebSite\",\"@id\":\"https:\/\/vapebulkp.com\/#website\",\"url\":\"https:\/\/vapebulkp.com\/\",\"name\":\"vapebulkp.com\",\"description\":\"Buy Vape In Cheap Bulk Price Near you\",\"publisher\":{\"@id\":\"https:\/\/vapebulkp.com\/#organization\"},\"potentialAction\":[{\"@type\":\"SearchAction\",\"target\":{\"@type\":\"EntryPoint\",\"urlTemplate\":\"https:\/\/vapebulkp.com\/?s={search_term_string}\"},\"query-input\":\"required name=search_term_string\"}],\"inLanguage\":\"ro-RO\"},{\"@type\":\"Organization\",\"@id\":\"https:\/\/vapebulkp.com\/#organization\",\"name\":\"vapebulkp.com\",\"url\":\"https:\/\/vapebulkp.com\/\",\"logo\":{\"@type\":\"ImageObject\",\"inLanguage\":\"ro-RO\",\"@id\":\"https:\/\/vapebulkp.com\/#\/schema\/logo\/image\/\",\"url\":\"https:\/\/vapebulkp.com\/wp-content\/uploads\/2023\/09\/cropped-vapebulkp.png\",\"contentUrl\":\"https:\/\/vapebulkp.com\/wp-content\/uploads\/2023\/09\/cropped-vapebulkp.png\",\"width\":516,\"height\":163,\"caption\":\"vapebulkp.com\"},\"image\":{\"@id\":\"https:\/\/vapebulkp.com\/#\/schema\/logo\/image\/\"}}]}<\/script>\n<!-- \/ Yoast SEO plugin. -->","yoast_head_json":{"title":"JNR Vape Mega Box 25000 Puff Discount Price Vape Pods - vapebulkp.com % %","description":"Buy the JNR Vape Mega Box 25000 Puff, a high-capacity disposable vape with 30ml e-liquid and rechargeable battery. Fast EU shipping \u2014 order your 25000 Puff Vape Pod today!","robots":{"index":"index","follow":"follow","max-snippet":"max-snippet:-1","max-image-preview":"max-image-preview:large","max-video-preview":"max-video-preview:-1"},"canonical":"https:\/\/vapebulkp.com\/ro\/product\/jnr-vape-mega-box-25000-puff-discount-price-vape-pods\/","og_locale":"ro_RO","og_type":"article","og_title":"JNR Vape Mega Box 25000 Puff Discount Price Vape Pods - vapebulkp.com % %","og_description":"Buy the JNR Vape Mega Box 25000 Puff, a high-capacity disposable vape with 30ml e-liquid and rechargeable battery. Fast EU shipping \u2014 order your 25000 Puff Vape Pod today!","og_url":"https:\/\/vapebulkp.com\/ro\/product\/jnr-vape-mega-box-25000-puff-discount-price-vape-pods\/","og_site_name":"vapebulkp.com","article_modified_time":"2025-09-24T03:50:41+00:00","og_image":[{"width":800,"height":800,"url":"http:\/\/vapebulkp.com\/wp-content\/uploads\/2024\/11\/JNR-Mega-Box-25000-puffs-Hot-Sale-Vape.jpg","type":"image\/jpeg"}],"twitter_card":"summary_large_image","twitter_misc":{"Timp estimat pentru citire":"4 minute"},"schema":{"@context":"https:\/\/schema.org","@graph":[{"@type":"WebPage","@id":"https:\/\/vapebulkp.com\/product\/jnr-vape-mega-box-25000-puff-discount-price-vape-pods\/","url":"https:\/\/vapebulkp.com\/product\/jnr-vape-mega-box-25000-puff-discount-price-vape-pods\/","name":"JNR Vape Mega Box 25000 Puff Discount Price Vape Pods - vapebulkp.com % %","isPartOf":{"@id":"https:\/\/vapebulkp.com\/#website"},"datePublished":"2024-11-25T08:29:17+00:00","dateModified":"2025-09-24T03:50:41+00:00","description":"Buy the JNR Vape Mega Box 25000 Puff, a high-capacity disposable vape with 30ml e-liquid and rechargeable battery. Fast EU shipping \u2014 order your 25000 Puff Vape Pod today!","breadcrumb":{"@id":"https:\/\/vapebulkp.com\/product\/jnr-vape-mega-box-25000-puff-discount-price-vape-pods\/#breadcrumb"},"inLanguage":"ro-RO","potentialAction":[{"@type":"ReadAction","target":["https:\/\/vapebulkp.com\/product\/jnr-vape-mega-box-25000-puff-discount-price-vape-pods\/"]}]},{"@type":"BreadcrumbList","@id":"https:\/\/vapebulkp.com\/product\/jnr-vape-mega-box-25000-puff-discount-price-vape-pods\/#breadcrumb","itemListElement":[{"@type":"ListItem","position":1,"name":"Home","item":"https:\/\/vapebulkp.com\/"},{"@type":"ListItem","position":2,"name":"Hot Trend Vapes","item":"https:\/\/vapebulkp.com\/vape-shop\/"},{"@type":"ListItem","position":3,"name":"JNR Vape Mega Box 25000 Puff Discount Price Vape Pods"}]},{"@type":"WebSite","@id":"https:\/\/vapebulkp.com\/#website","url":"https:\/\/vapebulkp.com\/","name":"vapebulkp.com","description":"Buy Vape In Cheap Bulk Price Near you","publisher":{"@id":"https:\/\/vapebulkp.com\/#organization"},"potentialAction":[{"@type":"SearchAction","target":{"@type":"EntryPoint","urlTemplate":"https:\/\/vapebulkp.com\/?s={search_term_string}"},"query-input":"required name=search_term_string"}],"inLanguage":"ro-RO"},{"@type":"Organization","@id":"https:\/\/vapebulkp.com\/#organization","name":"vapebulkp.com","url":"https:\/\/vapebulkp.com\/","logo":{"@type":"ImageObject","inLanguage":"ro-RO","@id":"https:\/\/vapebulkp.com\/#\/schema\/logo\/image\/","url":"https:\/\/vapebulkp.com\/wp-content\/uploads\/2023\/09\/cropped-vapebulkp.png","contentUrl":"https:\/\/vapebulkp.com\/wp-content\/uploads\/2023\/09\/cropped-vapebulkp.png","width":516,"height":163,"caption":"vapebulkp.com"},"image":{"@id":"https:\/\/vapebulkp.com\/#\/schema\/logo\/image\/"}}]}},"uagb_featured_image_src":{"full":["https:\/\/vapebulkp.com\/wp-content\/uploads\/2024\/11\/JNR-Mega-Box-25000-puffs-Hot-Sale-Vape.jpg",800,800,false],"thumbnail":["https:\/\/vapebulkp.com\/wp-content\/uploads\/2024\/11\/JNR-Mega-Box-25000-puffs-Hot-Sale-Vape-150x150.jpg",150,150,true],"medium":["https:\/\/vapebulkp.com\/wp-content\/uploads\/2024\/11\/JNR-Mega-Box-25000-puffs-Hot-Sale-Vape-300x300.jpg",300,300,true],"medium_large":["https:\/\/vapebulkp.com\/wp-content\/uploads\/2024\/11\/JNR-Mega-Box-25000-puffs-Hot-Sale-Vape-768x768.jpg",768,768,true],"large":["https:\/\/vapebulkp.com\/wp-content\/uploads\/2024\/11\/JNR-Mega-Box-25000-puffs-Hot-Sale-Vape.jpg",800,800,false],"1536x1536":["https:\/\/vapebulkp.com\/wp-content\/uploads\/2024\/11\/JNR-Mega-Box-25000-puffs-Hot-Sale-Vape.jpg",800,800,false],"2048x2048":["https:\/\/vapebulkp.com\/wp-content\/uploads\/2024\/11\/JNR-Mega-Box-25000-puffs-Hot-Sale-Vape.jpg",800,800,false],"trp-custom-language-flag":["https:\/\/vapebulkp.com\/wp-content\/uploads\/2024\/11\/JNR-Mega-Box-25000-puffs-Hot-Sale-Vape.jpg",12,12,false],"woocommerce_thumbnail":["https:\/\/vapebulkp.com\/wp-content\/uploads\/2024\/11\/JNR-Mega-Box-25000-puffs-Hot-Sale-Vape-300x300.jpg",300,300,true],"woocommerce_single":["https:\/\/vapebulkp.com\/wp-content\/uploads\/2024\/11\/JNR-Mega-Box-25000-puffs-Hot-Sale-Vape-600x600.jpg",600,600,true],"woocommerce_gallery_thumbnail":["https:\/\/vapebulkp.com\/wp-content\/uploads\/2024\/11\/JNR-Mega-Box-25000-puffs-Hot-Sale-Vape-100x100.jpg",100,100,true],"wcpr-photo-reviews":["https:\/\/vapebulkp.com\/wp-content\/uploads\/2024\/11\/JNR-Mega-Box-25000-puffs-Hot-Sale-Vape.jpg",500,500,false]},"uagb_author_info":{"display_name":"Mandy vape bulk price","author_link":"https:\/\/vapebulkp.com\/ro\/author\/"},"uagb_comment_info":0,"uagb_excerpt":"The JNR Vape Mega Box 25000 Puff offers an exceptional vaping experience with its large 30mL e-liquid capacity, long-lasting 850mAh battery, and impressive 25,000 puffs. Ideal for users who seek consistent and enjoyable vaping, this high-quality disposable vape pod ensures smooth hits and robust flavor. With advanced mesh coil technology and multiple nicotine strength options,&hellip;","_links":{"self":[{"href":"https:\/\/vapebulkp.com\/ro\/wp-json\/wp\/v2\/product\/3148","targetHints":{"allow":["GET"]}}],"collection":[{"href":"https:\/\/vapebulkp.com\/ro\/wp-json\/wp\/v2\/product"}],"about":[{"href":"https:\/\/vapebulkp.com\/ro\/wp-json\/wp\/v2\/types\/product"}],"replies":[{"embeddable":true,"href":"https:\/\/vapebulkp.com\/ro\/wp-json\/wp\/v2\/comments?post=3148"}],"wp:featuredmedia":[{"embeddable":true,"href":"https:\/\/vapebulkp.com\/ro\/wp-json\/wp\/v2\/media\/3147"}],"wp:attachment":[{"href":"https:\/\/vapebulkp.com\/ro\/wp-json\/wp\/v2\/media?parent=3148"}],"wp:term":[{"taxonomy":"product_cat","embeddable":true,"href":"https:\/\/vapebulkp.com\/ro\/wp-json\/wp\/v2\/product_cat?post=3148"},{"taxonomy":"product_tag","embeddable":true,"href":"https:\/\/vapebulkp.com\/ro\/wp-json\/wp\/v2\/product_tag?post=3148"}],"curies":[{"name":"wp","href":"https:\/\/api.w.org\/{rel}","templated":true}]}}