{"id":3180,"date":"2024-11-28T10:13:37","date_gmt":"2024-11-28T09:13:37","guid":{"rendered":"https:\/\/vapebulkp.com\/?post_type=product&#038;p=3180"},"modified":"2025-09-24T05:38:14","modified_gmt":"2025-09-24T03:38:14","slug":"jnr-vape-watch-18-30k-puffs-2-nic-wholesale-price-disposable-vape","status":"publish","type":"product","link":"https:\/\/vapebulkp.com\/ro\/product\/jnr-vape-watch-18-30k-puffs-2-nic-wholesale-price-disposable-vape\/","title":{"rendered":"JNR Vape Watch 18\/30K Pufuri 21% Nic Pre\u021b En-Gros Vape De Unic\u0103 Folosin\u021b\u0103"},"content":{"rendered":"<h1 style=\"text-align: left\">JNR Vape Watch 18\/30K Pufuri 21% Nic Pre\u021b En-Gros Vape De Unic\u0103 Folosin\u021b\u0103<\/h1>\n<p>Achizi\u021bioneaz\u0103 JNR Vape Watch, o \u021bigar\u0103 electronic\u0103 de unic\u0103 folosin\u021b\u0103 modern\u0103, conceput\u0103 pentru utilizare prelungit\u0103 \u0219i arom\u0103 superioar\u0103. Cu op\u021biuni pentru <b>18.000 sau 30.000 de pufuri<\/b>, acest dispozitiv este construit pentru durabilitate \u0219i performan\u021b\u0103 de lung\u0103 durat\u0103. Dispozitivul <b>JNR Vape Watch 18\/30K Pufuri<\/b> vine preumplut cu 19ml de e-lichid premium, oferind o experien\u021b\u0103 de vapat fin\u0103 \u0219i satisf\u0103c\u0103toare cu fiecare puf.<\/p>\n<p>Acest dispozitiv inovator este alimentat de o <b>baterie re\u00eenc\u0103rcabil\u0103 de 1000mAh<\/b> cu un port convenabil de \u00eenc\u0103rcare rapid\u0103 Type-C. Tehnologia avansat\u0103 a rezisten\u021bei mesh produce vapori boga\u021bi \u0219i den\u0219i \u0219i o arom\u0103 intens\u0103, perfect\u0103 at\u00e2t pentru vaperii \u00eencep\u0103tori, c\u00e2t \u0219i pentru cei experimenta\u021bi. Designul s\u0103u elegant, inspirat de un ceas, face din <a href=\"https:\/\/vapebulkp.com\/ro\/product-category\/30000-puff-disposable-vape\/\"><b>30000 Puffs<\/b><\/a> un accesoriu discret \u0219i stilat.<\/p>\n<p>Oferim pre\u021buri en-gros pentru <b>Ceas Vape JNR<\/b>, fiind o alegere inteligent\u0103 pentru distribuitorii rom\u00e2ni care caut\u0103 produse de \u00eenalt\u0103 calitate, <strong>vape-uri de mare capacitate<\/strong>. Este produsul ideal pentru a satisface cererea consumatorului masculin exigent, cu v\u00e2rsta \u00eentre 25-35 de ani.<\/p>\n<h6>V\u0103 rug\u0103m contacta\u021bi-o pe Mandy pe WhatsApp pentru un pre\u021b redus<a href=\"https:\/\/wa.me\/8618077105796\">+8618077105796<\/a><\/h6>\n<p><img decoding=\"async\" class=\"alignnone wp-image-2151\" src=\"http:\/\/vapebulkp.com\/wp-content\/uploads\/2024\/04\/Mandy-WhatsApp-Randm.jpg\" alt=\"RandM Mandy WhatsApp\" width=\"287\" height=\"305\" srcset=\"https:\/\/vapebulkp.com\/wp-content\/uploads\/2024\/04\/Mandy-WhatsApp-Randm.jpg 916w, https:\/\/vapebulkp.com\/wp-content\/uploads\/2024\/04\/Mandy-WhatsApp-Randm-282x300.jpg 282w, https:\/\/vapebulkp.com\/wp-content\/uploads\/2024\/04\/Mandy-WhatsApp-Randm-768x817.jpg 768w, https:\/\/vapebulkp.com\/wp-content\/uploads\/2024\/04\/Mandy-WhatsApp-Randm-600x638.jpg 600w\" sizes=\"(max-width: 287px) 100vw, 287px\" \/><\/p>\n<h2><strong>De ce s\u0103 alegi JNR Watch 18K\/30k Puffs Vape de la Vapebulkp.com?<\/strong><\/h2>\n<ul>\n<li><strong>Calitate imbatabil\u0103<\/strong>: P\u00e2n\u0103 la <strong>30.000 de pufuri<\/strong> cu tehnologie avansat\u0103 <strong>tehnologie cu plas\u0103<\/strong> pentru inhal\u0103ri fine \u0219i pline de arom\u0103.<\/li>\n<li><strong>Arom\u0103 Exclusiv\u0103 Ment\u0103 Miami<\/strong>: Crocant\u0103, rece \u0219i perfect echilibrat\u0103 pentru o experien\u021b\u0103 de vaping revigorant\u0103.<\/li>\n<li><strong>Confort Re\u00eenc\u0103rcabil<\/strong>: <strong>baterie de 1000mAh<\/strong> cu <strong>\u00eenc\u0103rcare rapid\u0103 de tip C<\/strong> pentru utilizare ne\u00eentrerupt\u0103.<\/li>\n<li><strong>Design elegant<\/strong>: Aspect elegant, inspirat de ceas, pentru elegan\u021b\u0103 \u0219i portabilitate.<\/li>\n<li><strong>Distribuitor de \u00eencredere<\/strong>: Vapebulkp.com ofer\u0103 pre\u021buri competitive \u0219i servicii de \u00eencredere pentru clien\u021bi.<\/li>\n<\/ul>\n<p>&nbsp;<\/p>\n<div class=\"mb-2 flex gap-3 empty:hidden -ml-2\">\n<div class=\"items-center justify-start rounded-xl p-1 flex\">\n<h2>Puncte cheie ale <strong>JNR Watch 18K\/30K Pufuri<\/strong> :<\/h2>\n<ul>\n<li><strong>Num\u0103r Generos de Pufuri<\/strong>: P\u00e2n\u0103 la <strong>30.000 de pufuri<\/strong>, perfect pentru utilizare de lung\u0103 durat\u0103.<\/li>\n<li><strong>Capacitate Premium de E-Lichid<\/strong>: <strong>19ml<\/strong>, oferind un gust consistent de la prima p\u00e2n\u0103 la ultima inhalare.<\/li>\n<li><strong>Rezisten\u021b\u0103 Mesh de Ultim\u0103 Genera\u021bie<\/strong>: Asigur\u0103 inhal\u0103ri mai fine, arom\u0103 bogat\u0103 \u0219i performan\u021b\u0103 fiabil\u0103.<\/li>\n<li><strong>Design Elegant \u0219i Discret<\/strong>: Forma inspirat\u0103 de ceas \u00eel face u\u0219or de transportat \u0219i elegant f\u0103r\u0103 efort.<\/li>\n<li><strong>\u00cenc\u0103rcare Eficient\u0103<\/strong>: <strong>baterie de 1000mAh<\/strong> cu <strong>port USB-C<\/strong> pentru re\u00eenc\u0103rc\u0103ri rapide \u0219i fiabile.<\/li>\n<\/ul>\n<\/div>\n<\/div>\n<h3>JNR Vape Watch 18\/30K Pufuri <strong>Lista arome:<\/strong><\/h3>\n<p>1.Ghea\u021b\u0103 de Zmeur\u0103 Albastr\u0103<br \/>\n2.Ghea\u021b\u0103 de C\u0103p\u0219uni<br \/>\n3.Pepene ro\u0219u cu ghea\u021b\u0103<br \/>\n4.Ment\u0103 Miami<br \/>\n5.C\u0103p\u0219uni Banane<br \/>\n6.Fructe de P\u0103dure Triple<br \/>\n7.M\u0103r acru cu ghea\u021b\u0103<br \/>\n8.Afine pepene ro\u0219u<br \/>\n9. Piersic\u0103 Georgia<br \/>\n10. Mango Portocal\u0103<\/p>\n<p><a href=\"https:\/\/vapebulkp.com\/ro\/product\/jnr-media-max-40000-puffs-high-capacity-1000mah-disposable-vape\/\"><span style=\"vertical-align: inherit\">JNR MEDIA MAX 40000 Pufuri <\/span><\/a><\/p>\n<p><span style=\"vertical-align: inherit\">G\u0103se\u0219te mai multe produse care \u021bi-ar putea pl\u0103cea:<\/span><em><a href=\"https:\/\/wa.me\/8618077105796\"><span style=\"vertical-align: inherit\">\u00a0Cump\u0103r\u0103-l acum<\/span><\/a><\/em><\/p>\n<p><span style=\"vertical-align: inherit\">Alte Inhala\u021bii care \u021bi-ar putea pl\u0103cea:<\/span><a href=\"https:\/\/vapebulkp.com\/ro\/product\/uzy-bang-king-12k-disposable-vape-affordable-price\/\"><span style=\"vertical-align: inherit\">UZY Bang King 12000 Pufuri<\/span><\/a><span style=\"vertical-align: inherit\">\u3001<\/span><a href=\"https:\/\/vapebulkp.com\/ro\/product\/wholesale-randm-tornado-9000-puffs-germany\/\"><span style=\"vertical-align: inherit\">RandM 9000 de Inhala\u021bii<\/span><\/a><span style=\"vertical-align: inherit\">\/ <\/span><a href=\"https:\/\/vapebulkp.com\/ro\/product\/bang-king-12000puffs\/\"><span style=\"vertical-align: inherit\">Bang King 12000 de Inhala\u021bii<\/span><\/a><span style=\"vertical-align: inherit\">\/ <\/span><a href=\"https:\/\/vapebulkp.com\/ro\/product\/vapme-crystal-disposable-vape-20000-puffs-big-smok-2-nicotine\/\"><span style=\"vertical-align: inherit\">Vapme Crystal 20k Pufuri<\/span><\/a><\/p>\n<p><span style=\"vertical-align: inherit\">Sticl\u0103 de \u021bigar\u0103 electronic\u0103 cu form\u0103 special\u0103:<\/span><a href=\"https:\/\/vapebulkp.com\/ro\/product\/randm-fumot-tornado-30k-puffs-rechargeable-vapes-best-sale\/\"><span style=\"vertical-align: inherit\"> Fumot Tornado 30000 Pufuri<\/span><\/a><span style=\"vertical-align: inherit\">\/ <\/span><a href=\"https:\/\/vapebulkp.com\/ro\/product\/jnr-alien-10000-puffs-randm-vape-wholesale-price\/\"><span style=\"vertical-align: inherit\">\u00a0JNR Alien 10000 Pufuri <\/span><\/a><span style=\"vertical-align: inherit\">\/<\/span><a href=\"https:\/\/vapebulkp.com\/ro\/product\/wga-crystal-plus-16000-puffs-led-light-disposable-vape\/\"><span style=\"vertical-align: inherit\"> WGA Crystal 16000 Pufuri<\/span><\/a><\/p>\n<p>&nbsp;<\/p>\n<h4><strong>\u00centreb\u0103ri frecvente despre JNR Vape Watch 18K\/30K Puffs:<\/strong><\/h4>\n<p><strong>1. C\u00e2te pufuri ofer\u0103 JNR Vape Watch?<\/strong><br \/>\nJNR Vape Watch ofer\u0103 p\u00e2n\u0103 la <strong>18.000 \u0219i 30.000 de pufuri<\/strong>, \u00een func\u021bie de model, fiind ideal pentru utilizare pe termen lung.<\/p>\n<p><strong>2. Care este capacitatea e-lichidului \u00een JNR Vape Watch 18k\/30k Puff Vape de unic\u0103 folosin\u021b\u0103?<\/strong><br \/>\nFiecare JNR Vape Watch este pre-umplut cu <strong>19ml de e-lichid premium<\/strong>, asigur\u00e2nd o arom\u0103 consistent\u0103 \u0219i vapori fini pe toat\u0103 durata sa de via\u021b\u0103.<\/p>\n<p><strong>3. Bateria vape-ului JNR VAPE 30000 de pufuri este re\u00eenc\u0103rcabil\u0103?<\/strong><br \/>\nDa, vine cu un <strong>baterie re\u00eenc\u0103rcabil\u0103 de 1000mAh<\/strong> \u0219i suport\u0103 <strong>\u00eenc\u0103rcare rapid\u0103 de tip C<\/strong>, astfel \u00eenc\u00e2t s\u0103 o pute\u021bi re\u00eenc\u0103rca convenabil atunci c\u00e2nd este necesar.<\/p>\n<p><strong>4. Ce op\u021biuni de arome sunt disponibile pentru jnr vape watch 30000 de pufuri?<\/strong><br \/>\nAroma remarcabil\u0103 este <strong>Ment\u0103 de Miami<\/strong>, oferind un gust proasp\u0103t \u0219i revigorant, cu un echilibru perfect \u00eentre r\u0103coare \u0219i o dulcea\u021b\u0103 subtil\u0103.<\/p>\n<p><strong>5. Este vaporizatorul fierbinte JNR Vape Watch 30k Puffs u\u0219or de transportat?<\/strong><br \/>\nAbsolut! Designul s\u0103u <strong>elegant, inspirat de ceas<\/strong> este at\u00e2t stilat, c\u00e2t \u0219i portabil, fiind perfect pentru vaporizare \u00een mi\u0219care.<\/p>\n<h4>Detaliile de expediere:<\/h4>\n<p><span style=\"color: #ff6600\">Timp de produc\u021bie: 5-10 zile lucr\u0103toare<\/span><br \/>\n<span style=\"color: #ff6600\">Timp de livrare: 8-14 zile lucr\u0103toare<\/span><\/p>\n<p>Toate produsele din magazinul nostru sunt 100% originale \u0219i autentice, deci politica magazinului nostru este compensarea de zece ori pentru bunurile contraf\u0103cute. Folosim canale logistice precum UPS\/DHL\/FEDEX\/DPD pentru a v\u0103 livra m\u0103rfurile.<\/p>\n<p>Pentru coletele expediate \u00een Rom\u00e2nia, de obicei dureaz\u0103 10 zile lucr\u0103toare s\u0103 ajung\u0103. Expedierea c\u0103tre \u021b\u0103rile europene dureaz\u0103 de obicei 12 p\u00e2n\u0103 la 15 zile lucr\u0103toare. Vom actualiza informa\u021biile logistice pentru dumneavoastr\u0103 \u00een timp real.<\/p>","protected":false},"excerpt":{"rendered":"<p><strong>JNR Vape Watch 18K\/30K Puffs \u021aigar\u0103 electronic\u0103 de unic\u0103 folosin\u021b\u0103<\/strong> ofer\u0103 p\u00e2n\u0103 la <strong>30.000 de pufuri<\/strong>, av\u00e2nd <strong>19ml de e-lichid premium<\/strong>, un <strong>baterie re\u00eenc\u0103rcabil\u0103 de 1000mAh<\/strong>, \u0219i <strong>tehnologie cu plas\u0103<\/strong> pentru o arom\u0103 bogat\u0103 \u0219i vapori fini. Aroma sa de <strong>Ment\u0103 de Miami<\/strong> ofer\u0103 un gust proasp\u0103t \u0219i revigorant, \u00een timp ce designul elegant, inspirat de un ceas, asigur\u0103 portabilitate \u0219i stil.<\/p>\n<p><img decoding=\"async\" class=\"alignnone wp-image-2151\" src=\"http:\/\/vapebulkp.com\/wp-content\/uploads\/2024\/04\/Mandy-WhatsApp-Randm.jpg\" alt=\"RandM Mandy WhatsApp\" width=\"234\" height=\"249\" srcset=\"https:\/\/vapebulkp.com\/wp-content\/uploads\/2024\/04\/Mandy-WhatsApp-Randm.jpg 916w, https:\/\/vapebulkp.com\/wp-content\/uploads\/2024\/04\/Mandy-WhatsApp-Randm-282x300.jpg 282w, https:\/\/vapebulkp.com\/wp-content\/uploads\/2024\/04\/Mandy-WhatsApp-Randm-768x817.jpg 768w, https:\/\/vapebulkp.com\/wp-content\/uploads\/2024\/04\/Mandy-WhatsApp-Randm-600x638.jpg 600w\" sizes=\"(max-width: 234px) 100vw, 234px\" \/><\/p>\n<p>V\u0103 rug\u0103m contacta\u021bi-o pe Mandy pe WhatsApp pentru un pre\u021b redus<a href=\"https:\/\/wa.me\/8618077105796\">+8618077105796<\/a><\/p>\n<p><span style=\"color: #ff0000\">NOT\u0102: Pre\u021burile de pe site-ul nostru nu includ costurile de transport<\/span><\/p>\n<p>&nbsp;<\/p>","protected":false},"featured_media":3170,"comment_status":"open","ping_status":"closed","template":"","meta":{"_uag_custom_page_level_css":"","_lmt_disableupdate":"no","_lmt_disable":"","site-sidebar-layout":"default","site-content-layout":"content-boxed-container","ast-site-content-layout":"normal-width-container","site-content-style":"boxed","site-sidebar-style":"unboxed","ast-global-header-display":"","ast-banner-title-visibility":"","ast-main-header-display":"","ast-hfb-above-header-display":"","ast-hfb-below-header-display":"","ast-hfb-mobile-header-display":"","site-post-title":"","ast-breadcrumbs-content":"","ast-featured-img":"","footer-sml-layout":"","theme-transparent-header-meta":"default","adv-header-id-meta":"","stick-header-meta":"","header-above-stick-meta":"","header-main-stick-meta":"","header-below-stick-meta":"","astra-migrate-meta-layouts":"set","_joinchat":[]},"product_cat":[160,153,155,33,59,100,353,34,158,157,154,152,58,84,156,63,32],"product_tag":[36,37,186,41,40],"class_list":["post-3180","product","type-product","status-publish","has-post-thumbnail","hentry","product_cat-30000-puff-disposable-vape","product_cat-hot-disposable-vapes","product_cat-belgium-hot-disposable-vapes","product_cat-france-vape-hot-sale","product_cat-germany-hot-disposable-vape","product_cat-germany-wholesale-vape-shop","product_cat-jnr-vape","product_cat-netherlands-vape-good-sale","product_cat-norway-hot-disposable-vapes","product_cat-poland-hot-disposable-vapes","product_cat-portugal-hot-disposable-vapes","product_cat-spain-hot-disposable-vapes","product_cat-sweden-hot-disposable-vape","product_cat-sweden-wholesale-vape","product_cat-switzerland-hot-disposable-vapes","product_cat-top-sale-disposable-vape","product_cat-vape-hot-sale-this-week","product_tag-good-vape","product_tag-hot-sale-disposable-vape","product_tag-jnr-vape-watch-18-30k-puffs","product_tag-poland-hot-vape","product_tag-sweden-hot-vape","pa_brand-jnr-vape","desktop-align-left","tablet-align-left","mobile-align-left"],"yoast_head":"<!-- This site is optimized with the Yoast SEO plugin v21.1 - https:\/\/yoast.com\/wordpress\/plugins\/seo\/ -->\n<title>JNR Vape Watch 18\/30K Puffs 2% Nic Wholesale Price Disposable Vape - vapebulkp.com % %<\/title>\n<meta name=\"description\" content=\"Buy the JNR Vape Watch 18\/30K Puffs at wholesale prices. This 30000 Puffs Disposable Vape features a 1000mAh battery and mesh coil technology. Buy now for your EU vape shop.\" \/>\n<meta name=\"robots\" content=\"index, follow, max-snippet:-1, max-image-preview:large, max-video-preview:-1\" \/>\n<link rel=\"canonical\" href=\"https:\/\/vapebulkp.com\/ro\/product\/jnr-vape-watch-18-30k-puffs-2-nic-wholesale-price-disposable-vape\/\" \/>\n<meta property=\"og:locale\" content=\"ro_RO\" \/>\n<meta property=\"og:type\" content=\"article\" \/>\n<meta property=\"og:title\" content=\"JNR Vape Watch 18\/30K Puffs 2% Nic Wholesale Price Disposable Vape - vapebulkp.com % %\" \/>\n<meta property=\"og:description\" content=\"Buy the JNR Vape Watch 18\/30K Puffs at wholesale prices. This 30000 Puffs Disposable Vape features a 1000mAh battery and mesh coil technology. Buy now for your EU vape shop.\" \/>\n<meta property=\"og:url\" content=\"https:\/\/vapebulkp.com\/ro\/product\/jnr-vape-watch-18-30k-puffs-2-nic-wholesale-price-disposable-vape\/\" \/>\n<meta property=\"og:site_name\" content=\"vapebulkp.com\" \/>\n<meta property=\"article:modified_time\" content=\"2025-09-24T03:38:14+00:00\" \/>\n<meta property=\"og:image\" content=\"http:\/\/vapebulkp.com\/wp-content\/uploads\/2024\/11\/JNR-VapeWatch-30k-Puffs-Hot-Sale-Vape-Box.jpg\" \/>\n\t<meta property=\"og:image:width\" content=\"800\" \/>\n\t<meta property=\"og:image:height\" content=\"800\" \/>\n\t<meta property=\"og:image:type\" content=\"image\/jpeg\" \/>\n<meta name=\"twitter:card\" content=\"summary_large_image\" \/>\n<meta name=\"twitter:label1\" content=\"Timp estimat pentru citire\" \/>\n\t<meta name=\"twitter:data1\" content=\"3 minute\" \/>\n<script type=\"application\/ld+json\" class=\"yoast-schema-graph\">{\"@context\":\"https:\/\/schema.org\",\"@graph\":[{\"@type\":\"WebPage\",\"@id\":\"https:\/\/vapebulkp.com\/product\/jnr-vape-watch-18-30k-puffs-2-nic-wholesale-price-disposable-vape\/\",\"url\":\"https:\/\/vapebulkp.com\/product\/jnr-vape-watch-18-30k-puffs-2-nic-wholesale-price-disposable-vape\/\",\"name\":\"JNR Vape Watch 18\/30K Puffs 2% Nic Wholesale Price Disposable Vape - vapebulkp.com % %\",\"isPartOf\":{\"@id\":\"https:\/\/vapebulkp.com\/#website\"},\"datePublished\":\"2024-11-28T09:13:37+00:00\",\"dateModified\":\"2025-09-24T03:38:14+00:00\",\"description\":\"Buy the JNR Vape Watch 18\/30K Puffs at wholesale prices. This 30000 Puffs Disposable Vape features a 1000mAh battery and mesh coil technology. Buy now for your EU vape shop.\",\"breadcrumb\":{\"@id\":\"https:\/\/vapebulkp.com\/product\/jnr-vape-watch-18-30k-puffs-2-nic-wholesale-price-disposable-vape\/#breadcrumb\"},\"inLanguage\":\"ro-RO\",\"potentialAction\":[{\"@type\":\"ReadAction\",\"target\":[\"https:\/\/vapebulkp.com\/product\/jnr-vape-watch-18-30k-puffs-2-nic-wholesale-price-disposable-vape\/\"]}]},{\"@type\":\"BreadcrumbList\",\"@id\":\"https:\/\/vapebulkp.com\/product\/jnr-vape-watch-18-30k-puffs-2-nic-wholesale-price-disposable-vape\/#breadcrumb\",\"itemListElement\":[{\"@type\":\"ListItem\",\"position\":1,\"name\":\"Home\",\"item\":\"https:\/\/vapebulkp.com\/\"},{\"@type\":\"ListItem\",\"position\":2,\"name\":\"Hot Trend Vapes\",\"item\":\"https:\/\/vapebulkp.com\/vape-shop\/\"},{\"@type\":\"ListItem\",\"position\":3,\"name\":\"JNR Vape Watch 18\/30K Puffs 2% Nic Wholesale Price Disposable Vape\"}]},{\"@type\":\"WebSite\",\"@id\":\"https:\/\/vapebulkp.com\/#website\",\"url\":\"https:\/\/vapebulkp.com\/\",\"name\":\"vapebulkp.com\",\"description\":\"Buy Vape In Cheap Bulk Price Near you\",\"publisher\":{\"@id\":\"https:\/\/vapebulkp.com\/#organization\"},\"potentialAction\":[{\"@type\":\"SearchAction\",\"target\":{\"@type\":\"EntryPoint\",\"urlTemplate\":\"https:\/\/vapebulkp.com\/?s={search_term_string}\"},\"query-input\":\"required name=search_term_string\"}],\"inLanguage\":\"ro-RO\"},{\"@type\":\"Organization\",\"@id\":\"https:\/\/vapebulkp.com\/#organization\",\"name\":\"vapebulkp.com\",\"url\":\"https:\/\/vapebulkp.com\/\",\"logo\":{\"@type\":\"ImageObject\",\"inLanguage\":\"ro-RO\",\"@id\":\"https:\/\/vapebulkp.com\/#\/schema\/logo\/image\/\",\"url\":\"https:\/\/vapebulkp.com\/wp-content\/uploads\/2023\/09\/cropped-vapebulkp.png\",\"contentUrl\":\"https:\/\/vapebulkp.com\/wp-content\/uploads\/2023\/09\/cropped-vapebulkp.png\",\"width\":516,\"height\":163,\"caption\":\"vapebulkp.com\"},\"image\":{\"@id\":\"https:\/\/vapebulkp.com\/#\/schema\/logo\/image\/\"}}]}<\/script>\n<!-- \/ Yoast SEO plugin. -->","yoast_head_json":{"title":"JNR Vape Watch 18\/30K Puffs 2% Nic Wholesale Price Disposable Vape - vapebulkp.com % %","description":"Buy the JNR Vape Watch 18\/30K Puffs at wholesale prices. This 30000 Puffs Disposable Vape features a 1000mAh battery and mesh coil technology. Buy now for your EU vape shop.","robots":{"index":"index","follow":"follow","max-snippet":"max-snippet:-1","max-image-preview":"max-image-preview:large","max-video-preview":"max-video-preview:-1"},"canonical":"https:\/\/vapebulkp.com\/ro\/product\/jnr-vape-watch-18-30k-puffs-2-nic-wholesale-price-disposable-vape\/","og_locale":"ro_RO","og_type":"article","og_title":"JNR Vape Watch 18\/30K Puffs 2% Nic Wholesale Price Disposable Vape - vapebulkp.com % %","og_description":"Buy the JNR Vape Watch 18\/30K Puffs at wholesale prices. This 30000 Puffs Disposable Vape features a 1000mAh battery and mesh coil technology. Buy now for your EU vape shop.","og_url":"https:\/\/vapebulkp.com\/ro\/product\/jnr-vape-watch-18-30k-puffs-2-nic-wholesale-price-disposable-vape\/","og_site_name":"vapebulkp.com","article_modified_time":"2025-09-24T03:38:14+00:00","og_image":[{"width":800,"height":800,"url":"http:\/\/vapebulkp.com\/wp-content\/uploads\/2024\/11\/JNR-VapeWatch-30k-Puffs-Hot-Sale-Vape-Box.jpg","type":"image\/jpeg"}],"twitter_card":"summary_large_image","twitter_misc":{"Timp estimat pentru citire":"3 minute"},"schema":{"@context":"https:\/\/schema.org","@graph":[{"@type":"WebPage","@id":"https:\/\/vapebulkp.com\/product\/jnr-vape-watch-18-30k-puffs-2-nic-wholesale-price-disposable-vape\/","url":"https:\/\/vapebulkp.com\/product\/jnr-vape-watch-18-30k-puffs-2-nic-wholesale-price-disposable-vape\/","name":"JNR Vape Watch 18\/30K Puffs 2% Nic Wholesale Price Disposable Vape - vapebulkp.com % %","isPartOf":{"@id":"https:\/\/vapebulkp.com\/#website"},"datePublished":"2024-11-28T09:13:37+00:00","dateModified":"2025-09-24T03:38:14+00:00","description":"Buy the JNR Vape Watch 18\/30K Puffs at wholesale prices. This 30000 Puffs Disposable Vape features a 1000mAh battery and mesh coil technology. Buy now for your EU vape shop.","breadcrumb":{"@id":"https:\/\/vapebulkp.com\/product\/jnr-vape-watch-18-30k-puffs-2-nic-wholesale-price-disposable-vape\/#breadcrumb"},"inLanguage":"ro-RO","potentialAction":[{"@type":"ReadAction","target":["https:\/\/vapebulkp.com\/product\/jnr-vape-watch-18-30k-puffs-2-nic-wholesale-price-disposable-vape\/"]}]},{"@type":"BreadcrumbList","@id":"https:\/\/vapebulkp.com\/product\/jnr-vape-watch-18-30k-puffs-2-nic-wholesale-price-disposable-vape\/#breadcrumb","itemListElement":[{"@type":"ListItem","position":1,"name":"Home","item":"https:\/\/vapebulkp.com\/"},{"@type":"ListItem","position":2,"name":"Hot Trend Vapes","item":"https:\/\/vapebulkp.com\/vape-shop\/"},{"@type":"ListItem","position":3,"name":"JNR Vape Watch 18\/30K Puffs 2% Nic Wholesale Price Disposable Vape"}]},{"@type":"WebSite","@id":"https:\/\/vapebulkp.com\/#website","url":"https:\/\/vapebulkp.com\/","name":"vapebulkp.com","description":"Buy Vape In Cheap Bulk Price Near you","publisher":{"@id":"https:\/\/vapebulkp.com\/#organization"},"potentialAction":[{"@type":"SearchAction","target":{"@type":"EntryPoint","urlTemplate":"https:\/\/vapebulkp.com\/?s={search_term_string}"},"query-input":"required name=search_term_string"}],"inLanguage":"ro-RO"},{"@type":"Organization","@id":"https:\/\/vapebulkp.com\/#organization","name":"vapebulkp.com","url":"https:\/\/vapebulkp.com\/","logo":{"@type":"ImageObject","inLanguage":"ro-RO","@id":"https:\/\/vapebulkp.com\/#\/schema\/logo\/image\/","url":"https:\/\/vapebulkp.com\/wp-content\/uploads\/2023\/09\/cropped-vapebulkp.png","contentUrl":"https:\/\/vapebulkp.com\/wp-content\/uploads\/2023\/09\/cropped-vapebulkp.png","width":516,"height":163,"caption":"vapebulkp.com"},"image":{"@id":"https:\/\/vapebulkp.com\/#\/schema\/logo\/image\/"}}]}},"uagb_featured_image_src":{"full":["https:\/\/vapebulkp.com\/wp-content\/uploads\/2024\/11\/JNR-VapeWatch-30k-Puffs-Hot-Sale-Vape-Box.jpg",800,800,false],"thumbnail":["https:\/\/vapebulkp.com\/wp-content\/uploads\/2024\/11\/JNR-VapeWatch-30k-Puffs-Hot-Sale-Vape-Box-150x150.jpg",150,150,true],"medium":["https:\/\/vapebulkp.com\/wp-content\/uploads\/2024\/11\/JNR-VapeWatch-30k-Puffs-Hot-Sale-Vape-Box-300x300.jpg",300,300,true],"medium_large":["https:\/\/vapebulkp.com\/wp-content\/uploads\/2024\/11\/JNR-VapeWatch-30k-Puffs-Hot-Sale-Vape-Box-768x768.jpg",768,768,true],"large":["https:\/\/vapebulkp.com\/wp-content\/uploads\/2024\/11\/JNR-VapeWatch-30k-Puffs-Hot-Sale-Vape-Box.jpg",800,800,false],"1536x1536":["https:\/\/vapebulkp.com\/wp-content\/uploads\/2024\/11\/JNR-VapeWatch-30k-Puffs-Hot-Sale-Vape-Box.jpg",800,800,false],"2048x2048":["https:\/\/vapebulkp.com\/wp-content\/uploads\/2024\/11\/JNR-VapeWatch-30k-Puffs-Hot-Sale-Vape-Box.jpg",800,800,false],"trp-custom-language-flag":["https:\/\/vapebulkp.com\/wp-content\/uploads\/2024\/11\/JNR-VapeWatch-30k-Puffs-Hot-Sale-Vape-Box.jpg",12,12,false],"woocommerce_thumbnail":["https:\/\/vapebulkp.com\/wp-content\/uploads\/2024\/11\/JNR-VapeWatch-30k-Puffs-Hot-Sale-Vape-Box-300x300.jpg",300,300,true],"woocommerce_single":["https:\/\/vapebulkp.com\/wp-content\/uploads\/2024\/11\/JNR-VapeWatch-30k-Puffs-Hot-Sale-Vape-Box-600x600.jpg",600,600,true],"woocommerce_gallery_thumbnail":["https:\/\/vapebulkp.com\/wp-content\/uploads\/2024\/11\/JNR-VapeWatch-30k-Puffs-Hot-Sale-Vape-Box-100x100.jpg",100,100,true],"wcpr-photo-reviews":["https:\/\/vapebulkp.com\/wp-content\/uploads\/2024\/11\/JNR-VapeWatch-30k-Puffs-Hot-Sale-Vape-Box.jpg",500,500,false]},"uagb_author_info":{"display_name":"Mandy vape bulk price","author_link":"https:\/\/vapebulkp.com\/ro\/author\/"},"uagb_comment_info":0,"uagb_excerpt":"JNR Vape Watch 18K\/30K Puffs Disposable Vape offers up to 30,000 puffs, featuring 19ml of premium e-liquid, a 1000mAh rechargeable battery, and mesh coil technology for rich flavor and smooth vapor. Its Miami Mint flavor delivers a crisp, refreshing taste, while the sleek, watch-inspired design ensures portability and style. Pls Contact Mandy's WhatsApp For Discount&hellip;","_links":{"self":[{"href":"https:\/\/vapebulkp.com\/ro\/wp-json\/wp\/v2\/product\/3180","targetHints":{"allow":["GET"]}}],"collection":[{"href":"https:\/\/vapebulkp.com\/ro\/wp-json\/wp\/v2\/product"}],"about":[{"href":"https:\/\/vapebulkp.com\/ro\/wp-json\/wp\/v2\/types\/product"}],"replies":[{"embeddable":true,"href":"https:\/\/vapebulkp.com\/ro\/wp-json\/wp\/v2\/comments?post=3180"}],"wp:featuredmedia":[{"embeddable":true,"href":"https:\/\/vapebulkp.com\/ro\/wp-json\/wp\/v2\/media\/3170"}],"wp:attachment":[{"href":"https:\/\/vapebulkp.com\/ro\/wp-json\/wp\/v2\/media?parent=3180"}],"wp:term":[{"taxonomy":"product_cat","embeddable":true,"href":"https:\/\/vapebulkp.com\/ro\/wp-json\/wp\/v2\/product_cat?post=3180"},{"taxonomy":"product_tag","embeddable":true,"href":"https:\/\/vapebulkp.com\/ro\/wp-json\/wp\/v2\/product_tag?post=3180"}],"curies":[{"name":"wp","href":"https:\/\/api.w.org\/{rel}","templated":true}]}}