{"id":3226,"date":"2024-12-13T08:32:34","date_gmt":"2024-12-13T07:32:34","guid":{"rendered":"https:\/\/vapebulkp.com\/?post_type=product&#038;p=3226"},"modified":"2025-09-24T05:23:21","modified_gmt":"2025-09-24T03:23:21","slug":"vapsolo-feed-bar-shisha-vape-15000-puffs-wholesale-price","status":"publish","type":"product","link":"https:\/\/vapebulkp.com\/ro\/product\/vapsolo-feed-bar-shisha-vape-15000-puffs-wholesale-price\/","title":{"rendered":"Vapsolo FEED BAR SHISHA Vape 15000 PUFFS Pre\u021b en-gros"},"content":{"rendered":"<h2 style=\"text-align: left\">Vapsolo FEED BAR SHISHA Vape 15000 PUFFS Pre\u021b en-gros<\/h2>\n<p>&nbsp;<\/p>\n<p>Vapsolo FEED BAR SHISHA 15k puffs este un vape de unic\u0103 folosin\u021b\u0103 revolu\u021bionar, conceput pentru performan\u021b\u0103 de lung\u0103 durat\u0103 \u0219i o experien\u021b\u0103 de vaping excep\u021bional\u0103. Av\u00e2nd un impresionant <strong>15,000 de pufuri<\/strong>, acest dispozitiv este perfect pentru vaperii pasiona\u021bi care caut\u0103 confort \u0219i fiabilitate \u00eentr-un pachet compact \u0219i elegant. Echipat cu un generos <strong>capacitate de 25ml de e-lichid<\/strong>, vape-ul SHISHA de 15k Puffs asigur\u0103 o pl\u0103cere ne\u00eentrerupt\u0103 la fiecare tragere, oferind vapori boga\u021bi \u0219i aroma\u021bi. Tehnologia sa avansat\u0103 <strong>tehnologie cu plas\u0103<\/strong> combinat\u0103 cu o <strong>rezisten\u021b\u0103 a bobinei de 0,6\u03a9<\/strong> ofer\u0103 o \u00eenc\u0103lzire constant\u0103 \u0219i o produc\u021bie lin\u0103 de vapori, adres\u00e2ndu-se at\u00e2t entuzia\u0219tilor de arome, c\u00e2t \u0219i celor care urm\u0103resc nori den\u0219i.<\/p>\n<p>Ecranul LED inteligent <strong>baterie re\u00eenc\u0103rcabil\u0103 de 650mAh<\/strong> este proiectat pentru durabilitate \u0219i eficien\u021b\u0103, permi\u021b\u00e2nd cicluri multiple de \u00eenc\u0103rcare printr-un port <strong>port USB-C<\/strong> pentru o \u00eenc\u0103rcare mai rapid\u0103 \u0219i mai stabil\u0103. Cu flux de aer reglabil, utilizatorii \u00ee\u0219i pot personaliza preferin\u021ba de tragere pentru o experien\u021b\u0103 de vaping cu adev\u0103rat personalizat\u0103. Designul elegant \u0219i caracteristicile avansate fac din Vapsolo <strong>BAR DE HRAN\u0102 SHISHA\u00a0<a href=\"https:\/\/vapebulkp.com\/ro\/product-category\/15000-puffs-disposable-vape\/\"> 15000 Puffs Vap\u0103 de unic\u0103 folosin\u021b\u0103<\/a><\/strong> o alegere remarcabil\u0103 at\u00e2t pentru \u00eencep\u0103tori, c\u00e2t \u0219i pentru vaperii experimenta\u021bi. Fie c\u0103 v\u0103 bucura\u021bi de utilizare ocazional\u0103, fie c\u0103 sunte\u021bi \u00een c\u0103utarea unui dispozitiv prietenos pentru c\u0103l\u0103torii extinse, acest vape pen este construit pentru a impresiona. \u00cembun\u0103t\u0103\u021bi\u021bi-v\u0103 experien\u021ba de vaping cu Top Sale Vape Vapsolo FEED BAR 15k puffs \u2013 un amestec perfect de performan\u021b\u0103, stil \u0219i inova\u021bie.<\/p>\n<p><img decoding=\"async\" class=\"wp-image-3230\" src=\"http:\/\/vapebulkp.com\/wp-content\/uploads\/2024\/12\/Vapsolo-FEED-BAR-SHISHA-15000-PUFFS-HOT-SALE-VAPE.png\" alt=\"Vapsolo FEED BAR SHISHA 15000 PUFFS VAPE LA MARE CAUTARE\" width=\"801\" height=\"375\" srcset=\"https:\/\/vapebulkp.com\/wp-content\/uploads\/2024\/12\/Vapsolo-FEED-BAR-SHISHA-15000-PUFFS-HOT-SALE-VAPE.png 720w, https:\/\/vapebulkp.com\/wp-content\/uploads\/2024\/12\/Vapsolo-FEED-BAR-SHISHA-15000-PUFFS-HOT-SALE-VAPE-300x140.png 300w, https:\/\/vapebulkp.com\/wp-content\/uploads\/2024\/12\/Vapsolo-FEED-BAR-SHISHA-15000-PUFFS-HOT-SALE-VAPE-600x281.png 600w\" sizes=\"(max-width: 801px) 100vw, 801px\" \/><\/p>\n<h6>V\u0103 rug\u0103m contacta\u021bi-o pe Mandy pe WhatsApp pentru un pre\u021b redus<a href=\"https:\/\/wa.me\/8618077105796\">+8618077105796<\/a><\/h6>\n<p><img decoding=\"async\" class=\"alignnone wp-image-2151\" src=\"http:\/\/vapebulkp.com\/wp-content\/uploads\/2024\/04\/Mandy-WhatsApp-Randm.jpg\" alt=\"RandM Mandy WhatsApp\" width=\"324\" height=\"330\" \/><\/p>\n<p>&nbsp;<\/p>\n<h2>Caracteristicile Vapsolo FEED BAR Vape 15k puff shisha vape Pod:<\/h2>\n<p>&nbsp;<\/p>\n<ul>\n<li><strong>Controlul fluxului de aer<\/strong>: Reglabil pentru rezisten\u021b\u0103 personalizat\u0103 la tragere<\/li>\n<li><strong>Capacitate lichid<\/strong>: 25ML<\/li>\n<li><strong>Capacitate Baterie<\/strong>: Baterie re\u00eenc\u0103rcabil\u0103 de 650mAh<\/li>\n<li><strong>Tehnologie de \u00eenc\u0103lzire<\/strong>: Bobin\u0103 din plas\u0103<\/li>\n<li><strong>Rezisten\u021ba bobinei<\/strong>: 0,6\u03a9<\/li>\n<li><strong>Port de \u00cenc\u0103rcare<\/strong>: Type-C, suport\u0103 \u00eenc\u0103rcare rapid\u0103<\/li>\n<li><strong>Num\u0103r de pufuri<\/strong>: P\u00e2n\u0103 la 15.000 de pufuri<\/li>\n<\/ul>\n<p>&nbsp;<\/p>\n<h2>Vapsolo Vape 15000 pufuri Lista de arome pentru vape-uri de unic\u0103 folosin\u021b\u0103:<\/h2>\n<p>1. Dou\u0103 Mere<br \/>\n2. Limonad\u0103 cu zmeur\u0103 albastr\u0103<br \/>\n3. Ghea\u021b\u0103 de piersici<br \/>\n4. Ghea\u021b\u0103 de mango<br \/>\n5. Ghea\u021b\u0103 luxuriant\u0103<br \/>\n6. Ment\u0103 de l\u0103m\u00e2ie<br \/>\n7. Dragoste magic\u0103<br \/>\n8. Ment\u0103 de struguri<br \/>\n9. Pumn de c\u0103p\u0219uni<br \/>\n10. Gum\u0103 de afine<br \/>\n11. Ghea\u021b\u0103 de fructe de p\u0103dure<br \/>\n12. Fructul pasiunii dulce<br \/>\n13. Fiesta de cire\u0219e<br \/>\n14. Ghea\u021b\u0103 de coac\u0103ze negre<br \/>\n15. C\u0103p\u0219uni kiwi<\/p>\n<h3><strong>De ce s\u0103 alege\u021bi Vapebulkp.com pentru a cump\u0103ra Vapsolo FEED BAR SHISHA Vape 15000 PUFFS?<\/strong><\/h3>\n<p>Vapebulkp.com este o platform\u0103 de \u00eencredere care ofer\u0103 produse de vaping premium, cu o experien\u021b\u0103 de cump\u0103r\u0103turi f\u0103r\u0103 probleme. Alegerea Vapebulkp.com pentru achizi\u021bia dvs. Vapsolo FEED BAR SHISHA v\u0103 asigur\u0103:<\/p>\n<ol>\n<li><strong>Pre\u021buri competitive<\/strong>: Tarife exclusive de v\u00e2nzare cu ridicata \u0219i cu am\u0103nuntul pentru o valoare imbatabil\u0103.<\/li>\n<li><strong>Autenticitate Garantat\u0103<\/strong>: Produse autentice 100% provenite direct de la produc\u0103tori.<\/li>\n<li><strong>Livrare rapid\u0103<\/strong>: Livrare fiabil\u0103 \u00een toat\u0103 Europa, asigur\u00e2nd c\u0103 comanda dvs. ajunge prompt.<\/li>\n<li><strong>Asisten\u021b\u0103 Clien\u021bi<\/strong>: Serviciu dedicat pentru a asista cu \u00eentreb\u0103ri \u0219i a oferi asisten\u021b\u0103 post-v\u00e2nzare.<\/li>\n<li><strong>Gam\u0103 larg\u0103 de selec\u021bie<\/strong>: Acces la diverse m\u0103rci \u0219i produse de top, adaptate diferitelor preferin\u021be.<\/li>\n<\/ol>\n<h4><strong>Alte m\u0103rci populare disponibile pe <a href=\"https:\/\/vapebulkp.com\/ro\/vape-shop\/\">Vapebulkp.com<\/a><\/strong><\/h4>\n<ol>\n<li><a href=\"https:\/\/vapebulkp.com\/ro\/product\/bang-vape-36k-puffs-adjustable-ice-premium-disposable-vape\/\"><strong>Seria Bang Vape<\/strong><\/a>\n<ul>\n<li>Modele: 12000 Puffs, 18000 Puffs, 22000 Puffs, 30000 Puffs, 36000 Puffs<\/li>\n<li><strong>Avantaje<\/strong>: Num\u0103r mare de pufuri, caracteristici inovatoare, cum ar fi ecrane LCD \u0219i recunoa\u0219tere a amprentelor, diverse op\u021biuni de arom\u0103.<\/li>\n<\/ul>\n<\/li>\n<li><a href=\"https:\/\/vapebulkp.com\/ro\/product\/good-randm-tornado-7000-puffs-netherland-wholesale\/\"><strong>Randm Tornado<\/strong><\/a>\n<ul>\n<li>Modele: <a href=\"https:\/\/vapebulkp.com\/ro\/product-category\/15000-puffs-disposable-vape\/\">15.000 Puffs<\/a>,<a href=\"https:\/\/vapebulkp.com\/ro\/product-category\/30000-puff-disposable-vape\/\"> 30.000 de pufuri<\/a><\/li>\n<li><strong>Avantaje<\/strong>: Designuri LED unice, baterii re\u00eenc\u0103rcabile de mare capacitate, livrare constant\u0103 a aromei.<\/li>\n<\/ul>\n<\/li>\n<li><a href=\"https:\/\/vapebulkp.com\/ro\/product\/elfworld-plus-20000-puffs-disposable-vape-22ml-eliquid-capacity\/\"><strong>Elf World Plus<\/strong><\/a>\n<ul>\n<li>Modele: 20.000 de pufuri<\/li>\n<li><strong>Avantaje<\/strong>: Compact \u0219i u\u0219or de transportat, tehnologie premium a bobinei, experien\u021b\u0103 de vaping lin\u0103.<\/li>\n<\/ul>\n<\/li>\n<li><a href=\"https:\/\/vapebulkp.com\/ro\/product\/fumot-tornado-25k-puffs-cheap-price-disposable-vape\/\"><strong>Fumot Tornado<\/strong><\/a>\n<ul>\n<li>Modele: 25.000 de pufuri, 30.000 de pufuri<\/li>\n<li><strong>Avantaje<\/strong>: Bobin\u0103 dubl\u0103 tip plas\u0103 pentru \u00eembun\u0103t\u0103\u021birea aromei, ecrane TFT \u0219i designuri ecologice.<\/li>\n<\/ul>\n<\/li>\n<li><a href=\"https:\/\/vapebulkp.com\/ro\/product\/vapme-crystal-7000-puffs-original-vape-good-flavor\/\"><strong>Seria Crystal Vapme<\/strong><\/a>\n<ul>\n<li>Modele: 7.000 de pufuri, 20.000 de pufuri<\/li>\n<li><strong>Avantaje<\/strong>: Design elegant, compatibilitate DTL \u0219i o varietate de combina\u021bii de arome.<\/li>\n<\/ul>\n<\/li>\n<\/ol>\n<h3><strong>De ce <a href=\"https:\/\/vapebulkp.com\/ro\/vape-shop\/\">Vapebulkp.com<\/a> Se Remarc\u0103<\/strong><\/h3>\n<p>Cu inventarul s\u0103u divers, <a href=\"https:\/\/vapebulkp.com\/ro\/vape-shop\/\">Vapebulkp.com<\/a> se asigur\u0103 c\u0103 fiecare client g\u0103se\u0219te un produs potrivit nevoilor sale, oferind designuri de ultim\u0103 or\u0103, op\u021biuni ecologice \u0219i dispozitive de lung\u0103 durat\u0103 pentru a \u00eembun\u0103t\u0103\u021bi experien\u021ba de vaping. Abordarea platformei centrat\u0103 pe utilizator, \u00eempreun\u0103 cu accentul pus pe calitate \u0219i accesibilitate, o transform\u0103 \u00een destina\u021bia ideal\u0103 pentru vaperii din toat\u0103 Europa.<\/p>\n<p>&nbsp;<\/p>\n<h3>Detaliile de expediere:<\/h3>\n<p><span style=\"color: #ff6600\">Timp de produc\u021bie: 5-10 zile lucr\u0103toare<\/span><br \/>\n<span style=\"color: #ff6600\">Timp de livrare: 8-14 zile lucr\u0103toare<\/span><\/p>\n<p>Toate produsele din magazinul nostru sunt 100% originale \u0219i autentice, deci politica magazinului nostru este compensarea de zece ori pentru bunurile contraf\u0103cute. Folosim canale logistice precum UPS\/DHL\/FEDEX\/DPD pentru a v\u0103 livra m\u0103rfurile.<\/p>\n<p>Pentru coletele expediate \u00een Rom\u00e2nia, de obicei dureaz\u0103 10 zile lucr\u0103toare s\u0103 ajung\u0103. Expedierea c\u0103tre \u021b\u0103rile europene dureaz\u0103 de obicei 12 p\u00e2n\u0103 la 15 zile lucr\u0103toare. Vom actualiza informa\u021biile logistice pentru dumneavoastr\u0103 \u00een timp real.<\/p>","protected":false},"excerpt":{"rendered":"<p>Cump\u0103ra\u021bi Vapsolo FEED BAR SHISHA 15000 Puffs en-gros. De lung\u0103 durat\u0103, 15 ml e-lichid, 2% nicotin\u0103, arome premium, pre\u021buri competitive!<\/p>\n<p>V\u0103 rug\u0103m contacta\u021bi-o pe Mandy pe WhatsApp pentru un pre\u021b redus<a href=\"https:\/\/wa.me\/8618077105796\">+8618077105796<\/a><\/p>\n<p><img decoding=\"async\" class=\"alignnone wp-image-2151\" src=\"http:\/\/vapebulkp.com\/wp-content\/uploads\/2024\/04\/Mandy-WhatsApp-Randm.jpg\" alt=\"RandM Mandy WhatsApp\" width=\"297\" height=\"316\" srcset=\"https:\/\/vapebulkp.com\/wp-content\/uploads\/2024\/04\/Mandy-WhatsApp-Randm.jpg 916w, https:\/\/vapebulkp.com\/wp-content\/uploads\/2024\/04\/Mandy-WhatsApp-Randm-282x300.jpg 282w, https:\/\/vapebulkp.com\/wp-content\/uploads\/2024\/04\/Mandy-WhatsApp-Randm-768x817.jpg 768w, https:\/\/vapebulkp.com\/wp-content\/uploads\/2024\/04\/Mandy-WhatsApp-Randm-600x638.jpg 600w\" sizes=\"(max-width: 297px) 100vw, 297px\" \/><\/p>\n<p><span style=\"color: #ff0000\">NOT\u0102: Pre\u021burile de pe site-ul nostru nu includ costurile de transport<\/span><\/p>\n<p>&nbsp;<\/p>","protected":false},"featured_media":3229,"comment_status":"open","ping_status":"closed","template":"","meta":{"_uag_custom_page_level_css":"","_lmt_disableupdate":"no","_lmt_disable":"","site-sidebar-layout":"default","site-content-layout":"content-boxed-container","ast-site-content-layout":"normal-width-container","site-content-style":"boxed","site-sidebar-style":"unboxed","ast-global-header-display":"","ast-banner-title-visibility":"","ast-main-header-display":"","ast-hfb-above-header-display":"","ast-hfb-below-header-display":"","ast-hfb-mobile-header-display":"","site-post-title":"","ast-breadcrumbs-content":"","ast-featured-img":"","footer-sml-layout":"","theme-transparent-header-meta":"default","adv-header-id-meta":"","stick-header-meta":"","header-above-stick-meta":"","header-main-stick-meta":"","header-below-stick-meta":"","astra-migrate-meta-layouts":"set","_joinchat":[]},"product_cat":[165,153,155,33,59,100,87,34,158,157,154,152,58,84,156,63,32,362],"product_tag":[36,37,41,40],"class_list":["post-3226","product","type-product","status-publish","has-post-thumbnail","hentry","product_cat-15000-puffs-disposable-vape","product_cat-hot-disposable-vapes","product_cat-belgium-hot-disposable-vapes","product_cat-france-vape-hot-sale","product_cat-germany-hot-disposable-vape","product_cat-germany-wholesale-vape-shop","product_cat-minimum-order-quantity-50pcs","product_cat-netherlands-vape-good-sale","product_cat-norway-hot-disposable-vapes","product_cat-poland-hot-disposable-vapes","product_cat-portugal-hot-disposable-vapes","product_cat-spain-hot-disposable-vapes","product_cat-sweden-hot-disposable-vape","product_cat-sweden-wholesale-vape","product_cat-switzerland-hot-disposable-vapes","product_cat-top-sale-disposable-vape","product_cat-vape-hot-sale-this-week","product_cat-vapsolo-vape","product_tag-good-vape","product_tag-hot-sale-disposable-vape","product_tag-poland-hot-vape","product_tag-sweden-hot-vape","pa_brand-vapsolo-vape","desktop-align-left","tablet-align-left","mobile-align-left"],"yoast_head":"<!-- This site is optimized with the Yoast SEO plugin v21.1 - https:\/\/yoast.com\/wordpress\/plugins\/seo\/ -->\n<title>Vapsolo FEED BAR SHISHA Vape 15000 PUFFS Wholesale Price - vapebulkp.com<\/title>\n<meta name=\"description\" content=\"Shop Vapsolo FEED BAR SHISHA Vape 15000 Puffs at wholesale prices. High-capacity, premium flavors, perfect for bulk orders.\" \/>\n<meta name=\"robots\" content=\"index, follow, max-snippet:-1, max-image-preview:large, max-video-preview:-1\" \/>\n<link rel=\"canonical\" href=\"https:\/\/vapebulkp.com\/ro\/product\/vapsolo-feed-bar-shisha-vape-15000-puffs-wholesale-price\/\" \/>\n<meta property=\"og:locale\" content=\"ro_RO\" \/>\n<meta property=\"og:type\" content=\"article\" \/>\n<meta property=\"og:title\" content=\"Vapsolo FEED BAR SHISHA Vape 15000 PUFFS Wholesale Price - vapebulkp.com\" \/>\n<meta property=\"og:description\" content=\"Shop Vapsolo FEED BAR SHISHA Vape 15000 Puffs at wholesale prices. High-capacity, premium flavors, perfect for bulk orders.\" \/>\n<meta property=\"og:url\" content=\"https:\/\/vapebulkp.com\/ro\/product\/vapsolo-feed-bar-shisha-vape-15000-puffs-wholesale-price\/\" \/>\n<meta property=\"og:site_name\" content=\"vapebulkp.com\" \/>\n<meta property=\"article:modified_time\" content=\"2025-09-24T03:23:21+00:00\" \/>\n<meta property=\"og:image\" content=\"http:\/\/vapebulkp.com\/wp-content\/uploads\/2024\/12\/Vapsolo-FEED-BAR-SHISHA-15000-PUFFS.jpg\" \/>\n\t<meta property=\"og:image:width\" content=\"800\" \/>\n\t<meta property=\"og:image:height\" content=\"800\" \/>\n\t<meta property=\"og:image:type\" content=\"image\/jpeg\" \/>\n<meta name=\"twitter:card\" content=\"summary_large_image\" \/>\n<meta name=\"twitter:label1\" content=\"Timp estimat pentru citire\" \/>\n\t<meta name=\"twitter:data1\" content=\"4 minute\" \/>\n<script type=\"application\/ld+json\" class=\"yoast-schema-graph\">{\"@context\":\"https:\/\/schema.org\",\"@graph\":[{\"@type\":\"WebPage\",\"@id\":\"https:\/\/vapebulkp.com\/product\/vapsolo-feed-bar-shisha-vape-15000-puffs-wholesale-price\/\",\"url\":\"https:\/\/vapebulkp.com\/product\/vapsolo-feed-bar-shisha-vape-15000-puffs-wholesale-price\/\",\"name\":\"Vapsolo FEED BAR SHISHA Vape 15000 PUFFS Wholesale Price - vapebulkp.com\",\"isPartOf\":{\"@id\":\"https:\/\/vapebulkp.com\/#website\"},\"datePublished\":\"2024-12-13T07:32:34+00:00\",\"dateModified\":\"2025-09-24T03:23:21+00:00\",\"description\":\"Shop Vapsolo FEED BAR SHISHA Vape 15000 Puffs at wholesale prices. High-capacity, premium flavors, perfect for bulk orders.\",\"breadcrumb\":{\"@id\":\"https:\/\/vapebulkp.com\/product\/vapsolo-feed-bar-shisha-vape-15000-puffs-wholesale-price\/#breadcrumb\"},\"inLanguage\":\"ro-RO\",\"potentialAction\":[{\"@type\":\"ReadAction\",\"target\":[\"https:\/\/vapebulkp.com\/product\/vapsolo-feed-bar-shisha-vape-15000-puffs-wholesale-price\/\"]}]},{\"@type\":\"BreadcrumbList\",\"@id\":\"https:\/\/vapebulkp.com\/product\/vapsolo-feed-bar-shisha-vape-15000-puffs-wholesale-price\/#breadcrumb\",\"itemListElement\":[{\"@type\":\"ListItem\",\"position\":1,\"name\":\"Home\",\"item\":\"https:\/\/vapebulkp.com\/\"},{\"@type\":\"ListItem\",\"position\":2,\"name\":\"Hot Trend Vapes\",\"item\":\"https:\/\/vapebulkp.com\/vape-shop\/\"},{\"@type\":\"ListItem\",\"position\":3,\"name\":\"Vapsolo FEED BAR SHISHA Vape 15000 PUFFS Wholesale Price\"}]},{\"@type\":\"WebSite\",\"@id\":\"https:\/\/vapebulkp.com\/#website\",\"url\":\"https:\/\/vapebulkp.com\/\",\"name\":\"vapebulkp.com\",\"description\":\"Buy Vape In Cheap Bulk Price Near you\",\"publisher\":{\"@id\":\"https:\/\/vapebulkp.com\/#organization\"},\"potentialAction\":[{\"@type\":\"SearchAction\",\"target\":{\"@type\":\"EntryPoint\",\"urlTemplate\":\"https:\/\/vapebulkp.com\/?s={search_term_string}\"},\"query-input\":\"required name=search_term_string\"}],\"inLanguage\":\"ro-RO\"},{\"@type\":\"Organization\",\"@id\":\"https:\/\/vapebulkp.com\/#organization\",\"name\":\"vapebulkp.com\",\"url\":\"https:\/\/vapebulkp.com\/\",\"logo\":{\"@type\":\"ImageObject\",\"inLanguage\":\"ro-RO\",\"@id\":\"https:\/\/vapebulkp.com\/#\/schema\/logo\/image\/\",\"url\":\"https:\/\/vapebulkp.com\/wp-content\/uploads\/2023\/09\/cropped-vapebulkp.png\",\"contentUrl\":\"https:\/\/vapebulkp.com\/wp-content\/uploads\/2023\/09\/cropped-vapebulkp.png\",\"width\":516,\"height\":163,\"caption\":\"vapebulkp.com\"},\"image\":{\"@id\":\"https:\/\/vapebulkp.com\/#\/schema\/logo\/image\/\"}}]}<\/script>\n<!-- \/ Yoast SEO plugin. -->","yoast_head_json":{"title":"Vapsolo FEED BAR SHISHA Vape 15000 PUFFS Wholesale Price - vapebulkp.com","description":"Shop Vapsolo FEED BAR SHISHA Vape 15000 Puffs at wholesale prices. High-capacity, premium flavors, perfect for bulk orders.","robots":{"index":"index","follow":"follow","max-snippet":"max-snippet:-1","max-image-preview":"max-image-preview:large","max-video-preview":"max-video-preview:-1"},"canonical":"https:\/\/vapebulkp.com\/ro\/product\/vapsolo-feed-bar-shisha-vape-15000-puffs-wholesale-price\/","og_locale":"ro_RO","og_type":"article","og_title":"Vapsolo FEED BAR SHISHA Vape 15000 PUFFS Wholesale Price - vapebulkp.com","og_description":"Shop Vapsolo FEED BAR SHISHA Vape 15000 Puffs at wholesale prices. High-capacity, premium flavors, perfect for bulk orders.","og_url":"https:\/\/vapebulkp.com\/ro\/product\/vapsolo-feed-bar-shisha-vape-15000-puffs-wholesale-price\/","og_site_name":"vapebulkp.com","article_modified_time":"2025-09-24T03:23:21+00:00","og_image":[{"width":800,"height":800,"url":"http:\/\/vapebulkp.com\/wp-content\/uploads\/2024\/12\/Vapsolo-FEED-BAR-SHISHA-15000-PUFFS.jpg","type":"image\/jpeg"}],"twitter_card":"summary_large_image","twitter_misc":{"Timp estimat pentru citire":"4 minute"},"schema":{"@context":"https:\/\/schema.org","@graph":[{"@type":"WebPage","@id":"https:\/\/vapebulkp.com\/product\/vapsolo-feed-bar-shisha-vape-15000-puffs-wholesale-price\/","url":"https:\/\/vapebulkp.com\/product\/vapsolo-feed-bar-shisha-vape-15000-puffs-wholesale-price\/","name":"Vapsolo FEED BAR SHISHA Vape 15000 PUFFS Wholesale Price - vapebulkp.com","isPartOf":{"@id":"https:\/\/vapebulkp.com\/#website"},"datePublished":"2024-12-13T07:32:34+00:00","dateModified":"2025-09-24T03:23:21+00:00","description":"Shop Vapsolo FEED BAR SHISHA Vape 15000 Puffs at wholesale prices. High-capacity, premium flavors, perfect for bulk orders.","breadcrumb":{"@id":"https:\/\/vapebulkp.com\/product\/vapsolo-feed-bar-shisha-vape-15000-puffs-wholesale-price\/#breadcrumb"},"inLanguage":"ro-RO","potentialAction":[{"@type":"ReadAction","target":["https:\/\/vapebulkp.com\/product\/vapsolo-feed-bar-shisha-vape-15000-puffs-wholesale-price\/"]}]},{"@type":"BreadcrumbList","@id":"https:\/\/vapebulkp.com\/product\/vapsolo-feed-bar-shisha-vape-15000-puffs-wholesale-price\/#breadcrumb","itemListElement":[{"@type":"ListItem","position":1,"name":"Home","item":"https:\/\/vapebulkp.com\/"},{"@type":"ListItem","position":2,"name":"Hot Trend Vapes","item":"https:\/\/vapebulkp.com\/vape-shop\/"},{"@type":"ListItem","position":3,"name":"Vapsolo FEED BAR SHISHA Vape 15000 PUFFS Wholesale Price"}]},{"@type":"WebSite","@id":"https:\/\/vapebulkp.com\/#website","url":"https:\/\/vapebulkp.com\/","name":"vapebulkp.com","description":"Buy Vape In Cheap Bulk Price Near you","publisher":{"@id":"https:\/\/vapebulkp.com\/#organization"},"potentialAction":[{"@type":"SearchAction","target":{"@type":"EntryPoint","urlTemplate":"https:\/\/vapebulkp.com\/?s={search_term_string}"},"query-input":"required name=search_term_string"}],"inLanguage":"ro-RO"},{"@type":"Organization","@id":"https:\/\/vapebulkp.com\/#organization","name":"vapebulkp.com","url":"https:\/\/vapebulkp.com\/","logo":{"@type":"ImageObject","inLanguage":"ro-RO","@id":"https:\/\/vapebulkp.com\/#\/schema\/logo\/image\/","url":"https:\/\/vapebulkp.com\/wp-content\/uploads\/2023\/09\/cropped-vapebulkp.png","contentUrl":"https:\/\/vapebulkp.com\/wp-content\/uploads\/2023\/09\/cropped-vapebulkp.png","width":516,"height":163,"caption":"vapebulkp.com"},"image":{"@id":"https:\/\/vapebulkp.com\/#\/schema\/logo\/image\/"}}]}},"uagb_featured_image_src":{"full":["https:\/\/vapebulkp.com\/wp-content\/uploads\/2024\/12\/Vapsolo-FEED-BAR-SHISHA-15000-PUFFS.jpg",800,800,false],"thumbnail":["https:\/\/vapebulkp.com\/wp-content\/uploads\/2024\/12\/Vapsolo-FEED-BAR-SHISHA-15000-PUFFS-150x150.jpg",150,150,true],"medium":["https:\/\/vapebulkp.com\/wp-content\/uploads\/2024\/12\/Vapsolo-FEED-BAR-SHISHA-15000-PUFFS-300x300.jpg",300,300,true],"medium_large":["https:\/\/vapebulkp.com\/wp-content\/uploads\/2024\/12\/Vapsolo-FEED-BAR-SHISHA-15000-PUFFS-768x768.jpg",768,768,true],"large":["https:\/\/vapebulkp.com\/wp-content\/uploads\/2024\/12\/Vapsolo-FEED-BAR-SHISHA-15000-PUFFS.jpg",800,800,false],"1536x1536":["https:\/\/vapebulkp.com\/wp-content\/uploads\/2024\/12\/Vapsolo-FEED-BAR-SHISHA-15000-PUFFS.jpg",800,800,false],"2048x2048":["https:\/\/vapebulkp.com\/wp-content\/uploads\/2024\/12\/Vapsolo-FEED-BAR-SHISHA-15000-PUFFS.jpg",800,800,false],"trp-custom-language-flag":["https:\/\/vapebulkp.com\/wp-content\/uploads\/2024\/12\/Vapsolo-FEED-BAR-SHISHA-15000-PUFFS.jpg",12,12,false],"woocommerce_thumbnail":["https:\/\/vapebulkp.com\/wp-content\/uploads\/2024\/12\/Vapsolo-FEED-BAR-SHISHA-15000-PUFFS-300x300.jpg",300,300,true],"woocommerce_single":["https:\/\/vapebulkp.com\/wp-content\/uploads\/2024\/12\/Vapsolo-FEED-BAR-SHISHA-15000-PUFFS-600x600.jpg",600,600,true],"woocommerce_gallery_thumbnail":["https:\/\/vapebulkp.com\/wp-content\/uploads\/2024\/12\/Vapsolo-FEED-BAR-SHISHA-15000-PUFFS-100x100.jpg",100,100,true],"wcpr-photo-reviews":["https:\/\/vapebulkp.com\/wp-content\/uploads\/2024\/12\/Vapsolo-FEED-BAR-SHISHA-15000-PUFFS.jpg",500,500,false]},"uagb_author_info":{"display_name":"Mandy vape bulk price","author_link":"https:\/\/vapebulkp.com\/ro\/author\/"},"uagb_comment_info":0,"uagb_excerpt":"Buy Vapsolo FEED BAR SHISHA 15000 Puffs wholesale. Long-lasting, 15ml e-liquid, 2% nicotine, premium flavors, competitive prices! Pls Contact Mandy's WhatsApp For Discount Price+8618077105796 NOTE: Prices on our website does not include shipping costs &nbsp;","_links":{"self":[{"href":"https:\/\/vapebulkp.com\/ro\/wp-json\/wp\/v2\/product\/3226","targetHints":{"allow":["GET"]}}],"collection":[{"href":"https:\/\/vapebulkp.com\/ro\/wp-json\/wp\/v2\/product"}],"about":[{"href":"https:\/\/vapebulkp.com\/ro\/wp-json\/wp\/v2\/types\/product"}],"replies":[{"embeddable":true,"href":"https:\/\/vapebulkp.com\/ro\/wp-json\/wp\/v2\/comments?post=3226"}],"wp:featuredmedia":[{"embeddable":true,"href":"https:\/\/vapebulkp.com\/ro\/wp-json\/wp\/v2\/media\/3229"}],"wp:attachment":[{"href":"https:\/\/vapebulkp.com\/ro\/wp-json\/wp\/v2\/media?parent=3226"}],"wp:term":[{"taxonomy":"product_cat","embeddable":true,"href":"https:\/\/vapebulkp.com\/ro\/wp-json\/wp\/v2\/product_cat?post=3226"},{"taxonomy":"product_tag","embeddable":true,"href":"https:\/\/vapebulkp.com\/ro\/wp-json\/wp\/v2\/product_tag?post=3226"}],"curies":[{"name":"wp","href":"https:\/\/api.w.org\/{rel}","templated":true}]}}