{"id":3254,"date":"2024-12-18T10:08:48","date_gmt":"2024-12-18T09:08:48","guid":{"rendered":"https:\/\/vapebulkp.com\/?post_type=product&#038;p=3254"},"modified":"2025-09-24T05:22:09","modified_gmt":"2025-09-24T03:22:09","slug":"vapsolo-best-quality-viking-12k-puffs-disposable-vapes","status":"publish","type":"product","link":"https:\/\/vapebulkp.com\/ro\/product\/vapsolo-best-quality-viking-12k-puffs-disposable-vapes\/","title":{"rendered":"Vapsolo Vapuri de unic\u0103 folosin\u021b\u0103 Viking 12K Pufuri de cea mai bun\u0103 calitate"},"content":{"rendered":"<h2 style=\"text-align: left\">Vapsolo Vapuri de unic\u0103 folosin\u021b\u0103 Viking 12K Pufuri de cea mai bun\u0103 calitate<\/h2>\n<p>&nbsp;<\/p>\n<p data-start=\"146\" data-end=\"493\">The <strong data-start=\"150\" data-end=\"196\">Vape De Unic\u0103 Folosin\u021b\u0103 Vapsolo Viking 12000 Puffs<\/strong> este un <strong data-start=\"202\" data-end=\"235\">vape-uri de unic\u0103 folosin\u021b\u0103 de mare capacitate<\/strong> concepute pentru entuzia\u0219tii vapingului din Europa care doresc performan\u021b\u0103 de lung\u0103 durat\u0103 \u0219i arom\u0103 bogat\u0103 \u0219i satisf\u0103c\u0103toare. Cu un rezervor masiv de 22 ml de e-lichid preumplut \u0219i <strong data-start=\"391\" data-end=\"409\">vape cu rezisten\u021b\u0103 de tip mesh<\/strong> tehnologie, produce vapori fini \u0219i den\u0219i, \u00eembun\u0103t\u0103\u021bind fiecare not\u0103 de arom\u0103.<\/p>\n<p data-start=\"495\" data-end=\"800\">Acest Vape De Unic\u0103 Folosin\u021b\u0103 La Mare V\u00e2nzare <a href=\"https:\/\/vapebulkp.com\/ro\/product-category\/12000-puffs-disposable-vape\/\"><strong>12000 Puffs<\/strong> <\/a>dispune de o baterie de 650mAh <strong data-start=\"550\" data-end=\"582\">vape re\u00eenc\u0103rcabil<\/strong> cu \u00eenc\u0103rcare rapid\u0103 Type-C, asigur\u00e2nd utilizare ne\u00eentrerupt\u0103 \u0219i timp minim de inactivitate. Fluxul de aer reglabil \u0219i un ecran LCD permit un control precis, permi\u021b\u00e2nd utilizatorilor s\u0103-\u0219i personalizeze experien\u021ba de vaping pentru satisfac\u021bie maxim\u0103.<\/p>\n<p data-start=\"802\" data-end=\"1221\">Disponibil \u00een concentra\u021bii de nicotin\u0103 de 2% \u0219i 5% <strong data-start=\"825\" data-end=\"847\">sare de nicotin\u0103 vape box<\/strong> acest dispozitiv se adreseaz\u0103 at\u00e2t utilizatorilor cu nevoi moderate, c\u00e2t \u0219i celor cu nevoi mai puternice. U\u0219or, compact \u0219i portabil, este perfect pentru utilizarea zilnic\u0103, c\u0103l\u0103torii sau ocazii sociale. Selec\u021bia sa larg\u0103 de arome fructate, mentolate \u0219i inspirate din deserturi face ca vape-urile de 12k puffs <strong data-start=\"1085\" data-end=\"1106\">vape-uri<\/strong> s\u0103 fie ideale pentru cump\u0103r\u0103torii angro din Europa sau pentru vaperii individuali care caut\u0103 comoditate \u0219i performan\u021b\u0103 \u00eentr-un singur dispozitiv.<\/p>\n<p><img decoding=\"async\" class=\"wp-image-3255\" src=\"http:\/\/vapebulkp.com\/wp-content\/uploads\/2024\/12\/Vapsolo-Viking-12K-puffs-Cheap-Price-Vapes.png\" alt=\"Vapsolo Viking 12K pufuri Vape cu Pre\u021b Ieftin\" width=\"674\" height=\"505\" srcset=\"https:\/\/vapebulkp.com\/wp-content\/uploads\/2024\/12\/Vapsolo-Viking-12K-puffs-Cheap-Price-Vapes.png 1002w, https:\/\/vapebulkp.com\/wp-content\/uploads\/2024\/12\/Vapsolo-Viking-12K-puffs-Cheap-Price-Vapes-300x225.png 300w, https:\/\/vapebulkp.com\/wp-content\/uploads\/2024\/12\/Vapsolo-Viking-12K-puffs-Cheap-Price-Vapes-768x575.png 768w, https:\/\/vapebulkp.com\/wp-content\/uploads\/2024\/12\/Vapsolo-Viking-12K-puffs-Cheap-Price-Vapes-600x449.png 600w\" sizes=\"(max-width: 674px) 100vw, 674px\" \/><\/p>\n<h6>V\u0103 rug\u0103m contacta\u021bi-o pe Mandy pe WhatsApp pentru un pre\u021b redus<a href=\"https:\/\/wa.me\/8618077105796\">+8618077105796<\/a><\/h6>\n<p>&nbsp;<\/p>\n<p><img decoding=\"async\" class=\"alignnone wp-image-2151\" src=\"http:\/\/vapebulkp.com\/wp-content\/uploads\/2024\/04\/Mandy-WhatsApp-Randm.jpg\" alt=\"RandM Mandy WhatsApp\" width=\"324\" height=\"330\" \/><\/p>\n<div class=\"flex max-w-full flex-col flex-grow\">\n<div class=\"min-h-8 text-message flex w-full flex-col items-end gap-2 whitespace-normal break-words text-start [.text-message+&amp;]:mt-5\" dir=\"auto\" data-message-author-role=\"assistant\" data-message-id=\"1fe1b7df-f0be-476c-874a-f466adf11ab9\" data-message-model-slug=\"gpt-4o\">\n<div class=\"flex w-full flex-col gap-1 empty:hidden first:pt-[3px]\">\n<div class=\"markdown prose w-full break-words dark:prose-invert light\">\n<p>&nbsp;<\/p>\n<\/div>\n<\/div>\n<\/div>\n<\/div>\n<h3>Specifica\u021bii Vape Vapsolo Viking 12000 Puffs<\/h3>\n<ul>\n<li><strong>Capacitate E-lichid<\/strong>: 22ml \u2013 Proiectat pentru sesiuni de vaping extinse cu reumpleri minime.<\/li>\n<li><strong>Baterie<\/strong>: Baterie re\u00eenc\u0103rcabil\u0103 de 650mAh \u2013 Ofer\u0103 p\u00e2n\u0103 la 12.000 de pufuri la o singur\u0103 \u00eenc\u0103rcare.<\/li>\n<li><strong>Tehnologia bobinei<\/strong>: Bobin\u0103 mesh avansat\u0103 \u2013 Asigur\u0103 o produc\u021bie constant\u0103 de vapori \u0219i o livrare intens\u0103 a aromei.<\/li>\n<li><strong>Rezisten\u021ba bobinei<\/strong>: 1.0\u03a9 \u2013 Optimizat pentru un echilibru \u00eentre vapori \u0219i arom\u0103.<\/li>\n<li><strong>Interfa\u021b\u0103 de \u00eenc\u0103rcare<\/strong>: \u00cenc\u0103rcare rapid\u0103 Type-C \u2013 \u00cenc\u0103rcare eficient\u0103 \u0219i convenabil\u0103 pentru timp de nefunc\u021bionare minim.<\/li>\n<li><strong>Afi\u0219aj<\/strong>: Ecran LCD \u2013 Monitoriza\u021bi cu u\u0219urin\u021b\u0103 nivelul bateriei \u0219i set\u0103rile dintr-o privire.<\/li>\n<li><strong>Op\u021biuni de flux de aer<\/strong>: Patru niveluri reglabile de flux de aer \u2013 Personaliza\u021bi-v\u0103 experien\u021ba de vaping cu precizie.<\/li>\n<li><strong>Portabilitate<\/strong>: Design u\u0219or \u0219i compact \u2013 C\u00e2nt\u0103re\u0219te doar 86g pentru o portabilitate f\u0103r\u0103 efort.<\/li>\n<li><strong>Concentra\u021bie Nicotin\u0103<\/strong>: Disponibil \u00een op\u021biuni de 2% \u0219i 5% \u2013 Alege\u021bi \u00een func\u021bie de preferin\u021ba dumneavoastr\u0103.<\/li>\n<\/ul>\n<h3>Pre\u021b en-gros Vapsolo Viking 12000 Puffs Arom\u0103<\/h3>\n<p>1. zmeur\u0103 cu afine<br \/>\n2. afine<br \/>\n3. cire\u0219e efervescente<br \/>\n4. ghea\u021b\u0103 de pepene verde<br \/>\n5. c\u0103p\u0219uni cu kiwi<br \/>\n6. c\u0103p\u0219uni cu pepene verde<br \/>\n7. vis de var\u0103<br \/>\n8.afine meri\u0219or<br \/>\n9.l\u0103m\u00e2ie lime<br \/>\n10.ursule\u021b gum\u0103<br \/>\n11.C\u0103p\u0219uni Banane<br \/>\n12.Ment\u0103 Proasp\u0103t\u0103<br \/>\n13.C\u0103p\u0219uni Zmeur\u0103 ghea\u021b\u0103<br \/>\n14.L\u0103m\u00e2ie Piersic\u0103<br \/>\n15.M\u0103r Ro\u0219u Ghea\u021b\u0103<\/p>\n<p><a href=\"https:\/\/vapebulkp.com\/ro\/product\/jnr-vape-mega-box-25000-puff-discount-price-vape-pods\/\"><span style=\"vertical-align: inherit\">JNR VAPE Mega Box 25000 Pufuri <\/span><\/a><\/p>\n<p><span style=\"vertical-align: inherit\">G\u0103se\u0219te mai multe produse care \u021bi-ar putea pl\u0103cea:<\/span><em><a href=\"https:\/\/wa.me\/8618077105796\"><span style=\"vertical-align: inherit\">\u00a0Cump\u0103r\u0103-l acum<\/span><\/a><\/em><\/p>\n<p><span style=\"vertical-align: inherit\">Alte Inhala\u021bii care \u021bi-ar putea pl\u0103cea:<\/span><a href=\"https:\/\/vapebulkp.com\/ro\/product\/waspe-vape-40000-puff-fihp-double-flavour-disposable-vape\/\"><span style=\"vertical-align: inherit\">WASPE FIHP 40000 Pufuri<\/span><\/a><span style=\"vertical-align: inherit\">\u3001<\/span><a href=\"https:\/\/vapebulkp.com\/ro\/product\/wholesale-randm-tornado-9000-puffs-germany\/\"><span style=\"vertical-align: inherit\">RandM 9000 de Inhala\u021bii<\/span><\/a><span style=\"vertical-align: inherit\">\/ <\/span><a href=\"https:\/\/vapebulkp.com\/ro\/fi\/product\/bang-30k-puffs-new-double-taste-good-vape\/\"><span style=\"vertical-align: inherit\">Bang Vape 30000 Pufuri<\/span><\/a><span style=\"vertical-align: inherit\">\/ <\/span><a href=\"https:\/\/vapebulkp.com\/ro\/product\/jnr-alien-10000-puffs-randm-vape-wholesale-price\/\"><span style=\"vertical-align: inherit\">JNR VAPE Alien 10000 Pufuri<\/span><\/a><\/p>\n<p><span style=\"vertical-align: inherit\">Sticl\u0103 de \u021bigar\u0103 electronic\u0103 cu form\u0103 special\u0103:<\/span><a href=\"https:\/\/vapebulkp.com\/ro\/fi\/product\/bang-beach-22k-puffs-new-electronic-cigarette\/\"><span style=\"vertical-align: inherit\"> Bang Beach 22000 Pufuri<\/span><\/a><span style=\"vertical-align: inherit\">\/ <\/span><a href=\"https:\/\/vapebulkp.com\/ro\/fi\/product\/best-price-wga-crystal-pro-max-15k-puffs-original-vape\/\"><span style=\"vertical-align: inherit\">\u00a0WGA Crystal pro max 15k Pufuri <\/span><\/a><span style=\"vertical-align: inherit\">\/<\/span><a href=\"https:\/\/vapebulkp.com\/ro\/product\/wholesale-price-bangking-36000-puffs-hot-sale-vape-pod\/\"><span style=\"vertical-align: inherit\"> Bang King 36000 Pufuri<\/span><\/a><\/p>\n<h3>De ce s\u0103 alegi <a href=\"https:\/\/vapebulkp.com\/ro\/vape-shop\/\">Vapebulkp<\/a>?<\/h3>\n<p>Vapebulkp se remarc\u0103 drept o platform\u0103 de v\u00e2nzare cu ridicata de \u00eencredere pentru m\u0103rci de top de \u021big\u0103ri electronice. Cu o vast\u0103 expertiz\u0103 \u00een industrie, \u0219i-a c\u00e2\u0219tigat reputa\u021bia de surs\u0103 de \u00eencredere at\u00e2t pentru afaceri, c\u00e2t \u0219i pentru clien\u021bi individuali.<\/p>\n<p><strong>Selec\u021bie larg\u0103 de produse premium<\/strong><br \/>\nLa Vapebulkp, pute\u021bi g\u0103si o gam\u0103 divers\u0103 de m\u0103rci de \u021big\u0103ri electronice de \u00eenalt\u0103 calitate, asigur\u00e2nd o experien\u021b\u0103 de cump\u0103r\u0103turi complet\u0103 pentru fiecare client.<\/p>\n<p><strong>Pre\u021buri avantajoase de v\u00e2nzare cu ridicata<\/strong><br \/>\nVapebulkp ofer\u0103 pre\u021buri competitive la toate produsele, oferind valoare excelent\u0103 f\u0103r\u0103 a compromite calitatea pe care o a\u0219teapt\u0103 clien\u021bii.<\/p>\n<p><strong>Livrare rapid\u0103 \u0219i fiabil\u0103 cu suport excep\u021bional<\/strong><br \/>\nVapebulkp se concentreaz\u0103 pe asigurarea unei expedieri rapide \u0219i fiabile, cu o echip\u0103 dedicat\u0103 de servicii pentru clien\u021bi disponibil\u0103 pentru a r\u0103spunde prompt oric\u0103ror \u00eentreb\u0103ri sau preocup\u0103ri.<\/p>\n<h3><strong>\u00centreb\u0103ri frecvente despre Vapsolo Viking 12000 Pufuri<\/strong><\/h3>\n<ol>\n<li><strong>C\u00e2t timp va rezista \u021bigara Vapsolo Viking?<\/strong><br \/>\nVapsolo Viking rezist\u0103 p\u00e2n\u0103 la 12.000 de pufuri, \u00een func\u021bie de frecven\u021ba utiliz\u0103rii.<\/li>\n<li><strong>Pot folosi \u021bigara Vapsolo Viking 12k Pufuri pentru vapat MTL sau DTL?<\/strong><br \/>\nVapsolo Viking este conceput pentru vapat MTL (Mouth-to-Lung), oferind o inhalare lin\u0103 \u0219i aromat\u0103.<\/li>\n<li><strong>Este Vapsolo Viking 12k pufuri sigur de utilizat?<\/strong><br \/>\nDa, Vapsolo Viking este construit cu materiale de calitate \u0219i respect\u0103 standarde stricte de siguran\u021b\u0103 pentru a asigura o experien\u021b\u0103 de vapat sigur\u0103.<\/li>\n<li><strong>Unde pot cump\u0103ra \u021bigara de unic\u0103 folosin\u021b\u0103 Vapsolo Viking 12000 Pufuri?<\/strong><br \/>\nPute\u021bi achizi\u021biona Vapsolo Viking 12000 Pufuri pe Vapebulkp.com, unde ve\u021bi g\u0103si pre\u021buri competitive \u0219i op\u021biuni de livrare fiabile.<\/li>\n<li><strong>Ce ar trebui s\u0103 fac dac\u0103 am o problem\u0103 cu \u021bigara mea Vapsolo Viking?<\/strong><br \/>\nDac\u0103 \u00eent\u00e2mpina\u021bi probleme cu Vapsolo Viking, echipa noastr\u0103 de suport clien\u021bi este preg\u0103tit\u0103 s\u0103 v\u0103 asiste. V\u0103 rug\u0103m s\u0103 ne contacta\u021bi pentru orice \u00eentreb\u0103ri legate de depanare sau garan\u021bie.<\/li>\n<\/ol>\n<h3>Detaliile de expediere:<\/h3>\n<p><span style=\"color: #ff6600\">Timp de produc\u021bie: 5-10 zile lucr\u0103toare<\/span><br \/>\n<span style=\"color: #ff6600\">Timp de livrare: 8-14 zile lucr\u0103toare<\/span><\/p>\n<p>Toate produsele din magazinul nostru sunt 100% originale \u0219i autentice, deci politica magazinului nostru este compensarea de zece ori pentru bunurile contraf\u0103cute. Folosim canale logistice precum UPS\/DHL\/FEDEX\/DPD pentru a v\u0103 livra m\u0103rfurile.<\/p>\n<p>Pentru coletele expediate \u00een Rom\u00e2nia, de obicei dureaz\u0103 10 zile lucr\u0103toare s\u0103 ajung\u0103. Expedierea c\u0103tre \u021b\u0103rile europene dureaz\u0103 de obicei 12 p\u00e2n\u0103 la 15 zile lucr\u0103toare. Vom actualiza informa\u021biile logistice pentru dumneavoastr\u0103 \u00een timp real.<\/p>","protected":false},"excerpt":{"rendered":"<p>Vapsolo Viking 12000 Puffs Vape Pod ofer\u0103 o experien\u021b\u0103 de vaping de lung\u0103 durat\u0103 \u0219i plin\u0103 de arome, cu o varietate de op\u021biuni de nicotin\u0103 \u0219i o performan\u021b\u0103 fluent\u0103.<\/p>\n<p>V\u0103 rug\u0103m contacta\u021bi-o pe Mandy pe WhatsApp pentru un pre\u021b redus<a href=\"https:\/\/wa.me\/8618077105796\">+8618077105796<\/a><\/p>\n<p>&nbsp;<\/p>\n<p><img decoding=\"async\" class=\"alignnone wp-image-2151\" src=\"http:\/\/vapebulkp.com\/wp-content\/uploads\/2024\/04\/Mandy-WhatsApp-Randm.jpg\" alt=\"RandM Mandy WhatsApp\" width=\"297\" height=\"316\" srcset=\"https:\/\/vapebulkp.com\/wp-content\/uploads\/2024\/04\/Mandy-WhatsApp-Randm.jpg 916w, https:\/\/vapebulkp.com\/wp-content\/uploads\/2024\/04\/Mandy-WhatsApp-Randm-282x300.jpg 282w, https:\/\/vapebulkp.com\/wp-content\/uploads\/2024\/04\/Mandy-WhatsApp-Randm-768x817.jpg 768w, https:\/\/vapebulkp.com\/wp-content\/uploads\/2024\/04\/Mandy-WhatsApp-Randm-600x638.jpg 600w\" sizes=\"(max-width: 297px) 100vw, 297px\" \/><\/p>\n<p><span style=\"color: #ff0000\">NOT\u0102: Pre\u021burile de pe site-ul nostru nu includ costurile de transport<\/span><\/p>\n<p>&nbsp;<\/p>","protected":false},"featured_media":3246,"comment_status":"open","ping_status":"closed","template":"","meta":{"_uag_custom_page_level_css":"","_lmt_disableupdate":"no","_lmt_disable":"","site-sidebar-layout":"default","site-content-layout":"content-boxed-container","ast-site-content-layout":"normal-width-container","site-content-style":"boxed","site-sidebar-style":"unboxed","ast-global-header-display":"","ast-banner-title-visibility":"","ast-main-header-display":"","ast-hfb-above-header-display":"","ast-hfb-below-header-display":"","ast-hfb-mobile-header-display":"","site-post-title":"","ast-breadcrumbs-content":"","ast-featured-img":"","footer-sml-layout":"","theme-transparent-header-meta":"default","adv-header-id-meta":"","stick-header-meta":"","header-above-stick-meta":"","header-main-stick-meta":"","header-below-stick-meta":"","astra-migrate-meta-layouts":"set","_joinchat":[]},"product_cat":[166,153,155,33,59,100,87,34,158,157,154,152,58,84,156,63,32,362],"product_tag":[36,37,41,40,192],"class_list":["post-3254","product","type-product","status-publish","has-post-thumbnail","hentry","product_cat-12000-puffs-disposable-vape","product_cat-hot-disposable-vapes","product_cat-belgium-hot-disposable-vapes","product_cat-france-vape-hot-sale","product_cat-germany-hot-disposable-vape","product_cat-germany-wholesale-vape-shop","product_cat-minimum-order-quantity-50pcs","product_cat-netherlands-vape-good-sale","product_cat-norway-hot-disposable-vapes","product_cat-poland-hot-disposable-vapes","product_cat-portugal-hot-disposable-vapes","product_cat-spain-hot-disposable-vapes","product_cat-sweden-hot-disposable-vape","product_cat-sweden-wholesale-vape","product_cat-switzerland-hot-disposable-vapes","product_cat-top-sale-disposable-vape","product_cat-vape-hot-sale-this-week","product_cat-vapsolo-vape","product_tag-good-vape","product_tag-hot-sale-disposable-vape","product_tag-poland-hot-vape","product_tag-sweden-hot-vape","product_tag-vapsolo-viking-12k-puffs","pa_brand-vapsolo-vape","desktop-align-left","tablet-align-left","mobile-align-left"],"yoast_head":"<!-- This site is optimized with the Yoast SEO plugin v21.1 - https:\/\/yoast.com\/wordpress\/plugins\/seo\/ -->\n<title>Vapsolo Best Quality Viking 12K Puffs Disposable Vapes - vapebulkp.com<\/title>\n<meta name=\"description\" content=\"Top Sale Vapsolo Viking 12000 Puffs: Premium disposable vape, smooth DTL experience, 12,000 puffs, multiple nicotine options\" \/>\n<meta name=\"robots\" content=\"index, follow, max-snippet:-1, max-image-preview:large, max-video-preview:-1\" \/>\n<link rel=\"canonical\" href=\"https:\/\/vapebulkp.com\/ro\/product\/vapsolo-best-quality-viking-12k-puffs-disposable-vapes\/\" \/>\n<meta property=\"og:locale\" content=\"ro_RO\" \/>\n<meta property=\"og:type\" content=\"article\" \/>\n<meta property=\"og:title\" content=\"Vapsolo Best Quality Viking 12K Puffs Disposable Vapes - vapebulkp.com\" \/>\n<meta property=\"og:description\" content=\"Top Sale Vapsolo Viking 12000 Puffs: Premium disposable vape, smooth DTL experience, 12,000 puffs, multiple nicotine options\" \/>\n<meta property=\"og:url\" content=\"https:\/\/vapebulkp.com\/ro\/product\/vapsolo-best-quality-viking-12k-puffs-disposable-vapes\/\" \/>\n<meta property=\"og:site_name\" content=\"vapebulkp.com\" \/>\n<meta property=\"article:modified_time\" content=\"2025-09-24T03:22:09+00:00\" \/>\n<meta property=\"og:image\" content=\"http:\/\/vapebulkp.com\/wp-content\/uploads\/2024\/12\/Vapsolo-Viking-12K-puffs-Germany-Hot-Vape.png\" \/>\n\t<meta property=\"og:image:width\" content=\"800\" \/>\n\t<meta property=\"og:image:height\" content=\"800\" \/>\n\t<meta property=\"og:image:type\" content=\"image\/png\" \/>\n<meta name=\"twitter:card\" content=\"summary_large_image\" \/>\n<meta name=\"twitter:label1\" content=\"Timp estimat pentru citire\" \/>\n\t<meta name=\"twitter:data1\" content=\"4 minute\" \/>\n<script type=\"application\/ld+json\" class=\"yoast-schema-graph\">{\"@context\":\"https:\/\/schema.org\",\"@graph\":[{\"@type\":\"WebPage\",\"@id\":\"https:\/\/vapebulkp.com\/product\/vapsolo-best-quality-viking-12k-puffs-disposable-vapes\/\",\"url\":\"https:\/\/vapebulkp.com\/product\/vapsolo-best-quality-viking-12k-puffs-disposable-vapes\/\",\"name\":\"Vapsolo Best Quality Viking 12K Puffs Disposable Vapes - vapebulkp.com\",\"isPartOf\":{\"@id\":\"https:\/\/vapebulkp.com\/#website\"},\"datePublished\":\"2024-12-18T09:08:48+00:00\",\"dateModified\":\"2025-09-24T03:22:09+00:00\",\"description\":\"Top Sale Vapsolo Viking 12000 Puffs: Premium disposable vape, smooth DTL experience, 12,000 puffs, multiple nicotine options\",\"breadcrumb\":{\"@id\":\"https:\/\/vapebulkp.com\/product\/vapsolo-best-quality-viking-12k-puffs-disposable-vapes\/#breadcrumb\"},\"inLanguage\":\"ro-RO\",\"potentialAction\":[{\"@type\":\"ReadAction\",\"target\":[\"https:\/\/vapebulkp.com\/product\/vapsolo-best-quality-viking-12k-puffs-disposable-vapes\/\"]}]},{\"@type\":\"BreadcrumbList\",\"@id\":\"https:\/\/vapebulkp.com\/product\/vapsolo-best-quality-viking-12k-puffs-disposable-vapes\/#breadcrumb\",\"itemListElement\":[{\"@type\":\"ListItem\",\"position\":1,\"name\":\"Home\",\"item\":\"https:\/\/vapebulkp.com\/\"},{\"@type\":\"ListItem\",\"position\":2,\"name\":\"Hot Trend Vapes\",\"item\":\"https:\/\/vapebulkp.com\/vape-shop\/\"},{\"@type\":\"ListItem\",\"position\":3,\"name\":\"Vapsolo Best Quality Viking 12K Puffs Disposable Vapes\"}]},{\"@type\":\"WebSite\",\"@id\":\"https:\/\/vapebulkp.com\/#website\",\"url\":\"https:\/\/vapebulkp.com\/\",\"name\":\"vapebulkp.com\",\"description\":\"Buy Vape In Cheap Bulk Price Near you\",\"publisher\":{\"@id\":\"https:\/\/vapebulkp.com\/#organization\"},\"potentialAction\":[{\"@type\":\"SearchAction\",\"target\":{\"@type\":\"EntryPoint\",\"urlTemplate\":\"https:\/\/vapebulkp.com\/?s={search_term_string}\"},\"query-input\":\"required name=search_term_string\"}],\"inLanguage\":\"ro-RO\"},{\"@type\":\"Organization\",\"@id\":\"https:\/\/vapebulkp.com\/#organization\",\"name\":\"vapebulkp.com\",\"url\":\"https:\/\/vapebulkp.com\/\",\"logo\":{\"@type\":\"ImageObject\",\"inLanguage\":\"ro-RO\",\"@id\":\"https:\/\/vapebulkp.com\/#\/schema\/logo\/image\/\",\"url\":\"https:\/\/vapebulkp.com\/wp-content\/uploads\/2023\/09\/cropped-vapebulkp.png\",\"contentUrl\":\"https:\/\/vapebulkp.com\/wp-content\/uploads\/2023\/09\/cropped-vapebulkp.png\",\"width\":516,\"height\":163,\"caption\":\"vapebulkp.com\"},\"image\":{\"@id\":\"https:\/\/vapebulkp.com\/#\/schema\/logo\/image\/\"}}]}<\/script>\n<!-- \/ Yoast SEO plugin. -->","yoast_head_json":{"title":"Vapsolo Best Quality Viking 12K Puffs Disposable Vapes - vapebulkp.com","description":"Top Sale Vapsolo Viking 12000 Puffs: Premium disposable vape, smooth DTL experience, 12,000 puffs, multiple nicotine options","robots":{"index":"index","follow":"follow","max-snippet":"max-snippet:-1","max-image-preview":"max-image-preview:large","max-video-preview":"max-video-preview:-1"},"canonical":"https:\/\/vapebulkp.com\/ro\/product\/vapsolo-best-quality-viking-12k-puffs-disposable-vapes\/","og_locale":"ro_RO","og_type":"article","og_title":"Vapsolo Best Quality Viking 12K Puffs Disposable Vapes - vapebulkp.com","og_description":"Top Sale Vapsolo Viking 12000 Puffs: Premium disposable vape, smooth DTL experience, 12,000 puffs, multiple nicotine options","og_url":"https:\/\/vapebulkp.com\/ro\/product\/vapsolo-best-quality-viking-12k-puffs-disposable-vapes\/","og_site_name":"vapebulkp.com","article_modified_time":"2025-09-24T03:22:09+00:00","og_image":[{"width":800,"height":800,"url":"http:\/\/vapebulkp.com\/wp-content\/uploads\/2024\/12\/Vapsolo-Viking-12K-puffs-Germany-Hot-Vape.png","type":"image\/png"}],"twitter_card":"summary_large_image","twitter_misc":{"Timp estimat pentru citire":"4 minute"},"schema":{"@context":"https:\/\/schema.org","@graph":[{"@type":"WebPage","@id":"https:\/\/vapebulkp.com\/product\/vapsolo-best-quality-viking-12k-puffs-disposable-vapes\/","url":"https:\/\/vapebulkp.com\/product\/vapsolo-best-quality-viking-12k-puffs-disposable-vapes\/","name":"Vapsolo Best Quality Viking 12K Puffs Disposable Vapes - vapebulkp.com","isPartOf":{"@id":"https:\/\/vapebulkp.com\/#website"},"datePublished":"2024-12-18T09:08:48+00:00","dateModified":"2025-09-24T03:22:09+00:00","description":"Top Sale Vapsolo Viking 12000 Puffs: Premium disposable vape, smooth DTL experience, 12,000 puffs, multiple nicotine options","breadcrumb":{"@id":"https:\/\/vapebulkp.com\/product\/vapsolo-best-quality-viking-12k-puffs-disposable-vapes\/#breadcrumb"},"inLanguage":"ro-RO","potentialAction":[{"@type":"ReadAction","target":["https:\/\/vapebulkp.com\/product\/vapsolo-best-quality-viking-12k-puffs-disposable-vapes\/"]}]},{"@type":"BreadcrumbList","@id":"https:\/\/vapebulkp.com\/product\/vapsolo-best-quality-viking-12k-puffs-disposable-vapes\/#breadcrumb","itemListElement":[{"@type":"ListItem","position":1,"name":"Home","item":"https:\/\/vapebulkp.com\/"},{"@type":"ListItem","position":2,"name":"Hot Trend Vapes","item":"https:\/\/vapebulkp.com\/vape-shop\/"},{"@type":"ListItem","position":3,"name":"Vapsolo Best Quality Viking 12K Puffs Disposable Vapes"}]},{"@type":"WebSite","@id":"https:\/\/vapebulkp.com\/#website","url":"https:\/\/vapebulkp.com\/","name":"vapebulkp.com","description":"Buy Vape In Cheap Bulk Price Near you","publisher":{"@id":"https:\/\/vapebulkp.com\/#organization"},"potentialAction":[{"@type":"SearchAction","target":{"@type":"EntryPoint","urlTemplate":"https:\/\/vapebulkp.com\/?s={search_term_string}"},"query-input":"required name=search_term_string"}],"inLanguage":"ro-RO"},{"@type":"Organization","@id":"https:\/\/vapebulkp.com\/#organization","name":"vapebulkp.com","url":"https:\/\/vapebulkp.com\/","logo":{"@type":"ImageObject","inLanguage":"ro-RO","@id":"https:\/\/vapebulkp.com\/#\/schema\/logo\/image\/","url":"https:\/\/vapebulkp.com\/wp-content\/uploads\/2023\/09\/cropped-vapebulkp.png","contentUrl":"https:\/\/vapebulkp.com\/wp-content\/uploads\/2023\/09\/cropped-vapebulkp.png","width":516,"height":163,"caption":"vapebulkp.com"},"image":{"@id":"https:\/\/vapebulkp.com\/#\/schema\/logo\/image\/"}}]}},"uagb_featured_image_src":{"full":["https:\/\/vapebulkp.com\/wp-content\/uploads\/2024\/12\/Vapsolo-Viking-12K-puffs-Germany-Hot-Vape.png",800,800,false],"thumbnail":["https:\/\/vapebulkp.com\/wp-content\/uploads\/2024\/12\/Vapsolo-Viking-12K-puffs-Germany-Hot-Vape-150x150.png",150,150,true],"medium":["https:\/\/vapebulkp.com\/wp-content\/uploads\/2024\/12\/Vapsolo-Viking-12K-puffs-Germany-Hot-Vape-300x300.png",300,300,true],"medium_large":["https:\/\/vapebulkp.com\/wp-content\/uploads\/2024\/12\/Vapsolo-Viking-12K-puffs-Germany-Hot-Vape-768x768.png",768,768,true],"large":["https:\/\/vapebulkp.com\/wp-content\/uploads\/2024\/12\/Vapsolo-Viking-12K-puffs-Germany-Hot-Vape.png",800,800,false],"1536x1536":["https:\/\/vapebulkp.com\/wp-content\/uploads\/2024\/12\/Vapsolo-Viking-12K-puffs-Germany-Hot-Vape.png",800,800,false],"2048x2048":["https:\/\/vapebulkp.com\/wp-content\/uploads\/2024\/12\/Vapsolo-Viking-12K-puffs-Germany-Hot-Vape.png",800,800,false],"trp-custom-language-flag":["https:\/\/vapebulkp.com\/wp-content\/uploads\/2024\/12\/Vapsolo-Viking-12K-puffs-Germany-Hot-Vape.png",12,12,false],"woocommerce_thumbnail":["https:\/\/vapebulkp.com\/wp-content\/uploads\/2024\/12\/Vapsolo-Viking-12K-puffs-Germany-Hot-Vape-300x300.png",300,300,true],"woocommerce_single":["https:\/\/vapebulkp.com\/wp-content\/uploads\/2024\/12\/Vapsolo-Viking-12K-puffs-Germany-Hot-Vape-600x600.png",600,600,true],"woocommerce_gallery_thumbnail":["https:\/\/vapebulkp.com\/wp-content\/uploads\/2024\/12\/Vapsolo-Viking-12K-puffs-Germany-Hot-Vape-100x100.png",100,100,true],"wcpr-photo-reviews":["https:\/\/vapebulkp.com\/wp-content\/uploads\/2024\/12\/Vapsolo-Viking-12K-puffs-Germany-Hot-Vape.png",500,500,false]},"uagb_author_info":{"display_name":"Mandy vape bulk price","author_link":"https:\/\/vapebulkp.com\/ro\/author\/"},"uagb_comment_info":0,"uagb_excerpt":"The Vapsolo Viking 12000 Puffs Vape Pod offers long-lasting, flavorful vaping with a variety of nicotine options and smooth performance. Pls Contact Mandy's WhatsApp For Discount Price+8618077105796 &nbsp; NOTE: Prices on our website does not include shipping costs &nbsp;","_links":{"self":[{"href":"https:\/\/vapebulkp.com\/ro\/wp-json\/wp\/v2\/product\/3254","targetHints":{"allow":["GET"]}}],"collection":[{"href":"https:\/\/vapebulkp.com\/ro\/wp-json\/wp\/v2\/product"}],"about":[{"href":"https:\/\/vapebulkp.com\/ro\/wp-json\/wp\/v2\/types\/product"}],"replies":[{"embeddable":true,"href":"https:\/\/vapebulkp.com\/ro\/wp-json\/wp\/v2\/comments?post=3254"}],"wp:featuredmedia":[{"embeddable":true,"href":"https:\/\/vapebulkp.com\/ro\/wp-json\/wp\/v2\/media\/3246"}],"wp:attachment":[{"href":"https:\/\/vapebulkp.com\/ro\/wp-json\/wp\/v2\/media?parent=3254"}],"wp:term":[{"taxonomy":"product_cat","embeddable":true,"href":"https:\/\/vapebulkp.com\/ro\/wp-json\/wp\/v2\/product_cat?post=3254"},{"taxonomy":"product_tag","embeddable":true,"href":"https:\/\/vapebulkp.com\/ro\/wp-json\/wp\/v2\/product_tag?post=3254"}],"curies":[{"name":"wp","href":"https:\/\/api.w.org\/{rel}","templated":true}]}}