{"id":3268,"date":"2024-12-20T09:24:34","date_gmt":"2024-12-20T08:24:34","guid":{"rendered":"https:\/\/vapebulkp.com\/?post_type=product&#038;p=3268"},"modified":"2025-09-03T05:31:08","modified_gmt":"2025-09-03T03:31:08","slug":"vookbar-30000-puffs-touch-screen-disposable-vapes-wholesale-price","status":"publish","type":"product","link":"https:\/\/vapebulkp.com\/ro\/product\/vookbar-30000-puffs-touch-screen-disposable-vapes-wholesale-price\/","title":{"rendered":"Vookbar 30000 Pufuri Vape De Unic\u0103 Folosin\u021b\u0103 cu Ecran Tactil Pre\u021b En-Gros"},"content":{"rendered":"<h1 style=\"text-align: left\">Vookbar 30000 Pufuri Vape De Unic\u0103 Folosin\u021b\u0103 cu Ecran Tactil Pre\u021b En-Gros<\/h1>\n<p>&nbsp;<\/p>\n<p>The <strong>Vaporizator de unic\u0103 folosin\u021b\u0103 Vookbar Cyber PRO 30.000 Puffs cu ecran tactil<\/strong> este alegerea suprem\u0103 pentru vaperii care caut\u0103 inova\u021bie, performan\u021b\u0103 \u0219i comoditate. Dispun\u00e2nd de un <strong>ecran tactil de 2,01 inchi<\/strong>avansat, acest dispozitiv ofer\u0103 un control precis asupra set\u0103rilor, \u00een timp ce <strong>Stiloul vape este construit cu<\/strong> asigur\u0103 o arom\u0103 bogat\u0103 \u0219i nori fini. Pre-umplut cu <strong>22ML de e-lichid premium<\/strong> \u0219i oferind o <strong>concentra\u021bie de sare de nicotin\u0103 de 5%<\/strong>, Vookbar ofer\u0103 p\u00e2n\u0103 la <strong>30.000 de pufuri<\/strong> \u00een modul Norm sau <strong>15,000 de pufuri<\/strong> \u00een modul Power. Proiectat cu o <strong>850mAh<\/strong> c\u00e2t \u0219i \u00een varianta <strong>\u00eenc\u0103rcare rapid\u0103 de tip C<\/strong>combin\u0103 puterea de lung\u0103 durat\u0103 cu re\u00eenc\u0103rc\u0103ri rapide. Perfect pentru uz personal \u0219i pentru <strong>cump\u0103r\u0103tori angro<\/strong>, Vookbar Cyber PRO se remarc\u0103 prin dimensiunea sa compact\u0103, designul elegant \u0219i performan\u021ba imbatabil\u0103. G\u0103si\u021bi <strong>Vookbar Cyber PRO en-gros <a href=\"https:\/\/vapebulkp.com\/ro\/product-category\/30000-puff-disposable-vape\/\">30000 Puffs <\/a><\/strong>\u00a0la pre\u021buri competitive azi!<\/p>\n<p>&nbsp;<\/p>\n<h6>V\u0103 rug\u0103m contacta\u021bi-o pe Mandy pe WhatsApp pentru un pre\u021b redus<a href=\"https:\/\/wa.me\/8618077105796\">+8618077105796<\/a><\/h6>\n<p>&nbsp;<\/p>\n<p><img decoding=\"async\" class=\"alignnone wp-image-2151\" src=\"http:\/\/vapebulkp.com\/wp-content\/uploads\/2024\/04\/Mandy-WhatsApp-Randm.jpg\" alt=\"RandM Mandy WhatsApp\" width=\"324\" height=\"330\" \/><\/p>\n<div class=\"flex max-w-full flex-col flex-grow\">\n<div class=\"min-h-8 text-message flex w-full flex-col items-end gap-2 whitespace-normal break-words text-start [.text-message+&amp;]:mt-5\" dir=\"auto\" data-message-author-role=\"assistant\" data-message-id=\"1fe1b7df-f0be-476c-874a-f466adf11ab9\" data-message-model-slug=\"gpt-4o\">\n<div class=\"flex w-full flex-col gap-1 empty:hidden first:pt-[3px]\">\n<div class=\"markdown prose w-full break-words dark:prose-invert light\">\n<h2>De ce s\u0103 cump\u0103ra\u021bi Vaporizatorul Vookbar Cyber PRO 30k Puffs en-gros de la Vapebulkp.com?<\/h2>\n<p><strong>1. Num\u0103r masiv de pufuri:<\/strong><br \/>\nCu o capacitate impresionant\u0103 de <strong>30.000 de pufuri \u00een modul Norm<\/strong> c\u00e2t \u0219i \u00een varianta <strong>15.000 de pufuri \u00een Modul Putere<\/strong>, acest dispozitiv este conceput pentru o utilizare extins\u0103 f\u0103r\u0103 compromisuri.<\/p>\n<p><strong>2. Tehnologie de ultim\u0103 genera\u021bie:<\/strong><br \/>\nThe <strong>cu bobin\u0103 dubl\u0103 tip plas\u0103<\/strong> ofer\u0103 o arom\u0103 excep\u021bional\u0103 \u0219i vapori den\u0219i, \u00een timp ce <strong>afi\u0219ajul HD de 2,01 inch<\/strong> \u00eembun\u0103t\u0103\u021be\u0219te utilizabilitatea cu set\u0103ri \u0219i notific\u0103ri \u00een timp real.<\/p>\n<p><strong>3. Capacitate generoas\u0103 de e-lichid:<\/strong><br \/>\nUmplut cu <strong>22ML de e-lichid premium<\/strong> c\u00e2t \u0219i \u00een varianta <strong>concentra\u021bie de nicotin\u0103 de 5%<\/strong>, asigur\u00e2nd trageri line \u0219i satisf\u0103c\u0103toare la fiecare inhalare.<\/p>\n<p><strong>4. Baterie de lung\u0103 durat\u0103:<\/strong><br \/>\nThe <strong>850mAh<\/strong> ofer\u0103 o putere fiabil\u0103, completat\u0103 de <strong>\u00eenc\u0103rcare rapid\u0103 de tip C<\/strong> pentru re\u00eenc\u0103rc\u0103ri rapide \u0219i eficiente.<\/p>\n<p><strong>5. Func\u021bii inteligente:<\/strong><br \/>\nInclude <strong>compatibilitate Bluetooth<\/strong>, <strong>mod de mi\u0219care<\/strong>, \u0219i <strong>control cu buton lateral<\/strong>, f\u0103c\u00e2ndu-l versatil \u0219i convenabil pentru utilizatorii moderni.<\/p>\n<p><strong>6. Compact \u0219i portabil:<\/strong><br \/>\nDimensiunile sale elegante (<strong>49x24x93mm<\/strong>) \u00eel fac u\u0219or de transportat, perfect pentru utilizarea zilnic\u0103 sau pentru c\u0103l\u0103torii.<\/p>\n<p><strong>7. Avantaje exclusive la Vapebulkp.com:<\/strong><\/p>\n<ul>\n<li><strong>Pre\u021buri accesibile<\/strong> cu reduceri pentru achizi\u021bii \u00een vrac disponibile.<\/li>\n<li><strong>Livrare rapid\u0103 \u0219i de \u00eencredere<\/strong> \u00een \u021b\u0103rile europene.<\/li>\n<li>Suport clien\u021bi complet pentru a-\u021bi rezolva toate nevoile.<\/li>\n<\/ul>\n<p>Pentru o solu\u021bie de vapat fiabil\u0103 \u0219i plin\u0103 de func\u021bii, ai \u00eencredere \u00een Vapebulkp.com pentru a oferi <strong>Vookbar Cyber PRO 30k Pufuri<\/strong> la un pre\u021b imbatabil!<\/p>\n<\/div>\n<\/div>\n<\/div>\n<\/div>\n<h3>Specifica\u021bii Vookbar 30000 Puffs Vapes de unic\u0103 folosin\u021b\u0103<\/h3>\n<ul>\n<li><strong>Dimensiuni:<\/strong> 49mm x 24mm x 93mm (compact \u0219i portabil).<\/li>\n<li><strong>Ecran:<\/strong> Ecran HD de 2.01 inch pentru imagini clare \u0219i navigare u\u0219oar\u0103.<\/li>\n<li><strong>Tip Coil:<\/strong> Rezisten\u021b\u0103 dual\u0103 din plas\u0103 pentru o arom\u0103 bogat\u0103 \u0219i vapori den\u0219i.<\/li>\n<li><strong>Capacitate e-lichid:<\/strong> 22ML de lichid de vapat premium pre-umplut.<\/li>\n<li><strong>Concentra\u021bie de nicotin\u0103:<\/strong> 5% nicotin\u0103, oferind o experien\u021b\u0103 fin\u0103 \u0219i satisf\u0103c\u0103toare.<\/li>\n<li><strong>Baterie:<\/strong> Baterie re\u00eenc\u0103rcabil\u0103 de 850mAh cu \u00eenc\u0103rcare rapid\u0103 de tip C.<\/li>\n<li><strong>Moduri de vapat:<\/strong>\n<ul>\n<li>Mod Normal: P\u00e2n\u0103 la 30.000 de pufuri.<\/li>\n<li>Mod Putere: P\u00e2n\u0103 la 15.000 de pufuri.<\/li>\n<\/ul>\n<\/li>\n<li><strong>Func\u021bionare:<\/strong> Control u\u0219or cu buton lateral pentru pornire \u0219i ajust\u0103ri.<\/li>\n<li><strong>Port de \u00eenc\u0103rcare:<\/strong> Tip C pentru o \u00eenc\u0103rcare rapid\u0103 \u0219i eficient\u0103.<\/li>\n<li><strong>Func\u021bii avansate:<\/strong>\n<ul>\n<li>Conectivitate Bluetooth.<\/li>\n<li>Mod de mi\u0219care pentru func\u021bionalitate \u00eembun\u0103t\u0103\u021bit\u0103.<\/li>\n<li>Set\u0103ri de vapat personalizabile.<\/li>\n<\/ul>\n<\/li>\n<li><strong>Design:<\/strong> Construc\u021bie elegant\u0103, durabil\u0103 \u0219i u\u0219or de transportat.<\/li>\n<\/ul>\n<h3>Vookbar 30000 Puffs Arome pentru Poduri de Vapori<\/h3>\n<p>1.Zmeur\u0103 albastr\u0103 cu ghea\u021b\u0103<br \/>\n2.Ghea\u021b\u0103 de piersici<br \/>\n3.Ghea\u021b\u0103 de struguri<br \/>\n4.C\u0103p\u0219uni cu pepene ro\u0219u<br \/>\n5. C\u0103p\u0219uni \u0219i banane<br \/>\n6.Cire\u0219e cu pepene ro\u0219u<br \/>\n7.Pepene ro\u0219u cu ghea\u021b\u0103<br \/>\n8.Piersic\u0103 mango<br \/>\n9.C\u0103p\u0219uni cu kiwi<br \/>\n10.C\u0103p\u0219uni albe cu ghea\u021b\u0103<br \/>\n11.Gum\u0103 alb\u0103 cu ghea\u021b\u0103<br \/>\n12.Pi\u00f1a colada \u00eenghe\u021bat\u0103<br \/>\n13. Foarte fabulos<br \/>\n14.Mojito cu fructe de p\u0103dure mixte<\/p>\n<p><a href=\"https:\/\/vapebulkp.com\/ro\/product\/jnr-vape-mega-box-25000-puff-discount-price-vape-pods\/\"><span style=\"vertical-align: inherit\">JNR VAPE Mega Box 25000 Pufuri <\/span><\/a><\/p>\n<p><span style=\"vertical-align: inherit\">G\u0103se\u0219te mai multe produse care \u021bi-ar putea pl\u0103cea:<\/span><em><a href=\"https:\/\/wa.me\/8618077105796\"><span style=\"vertical-align: inherit\">\u00a0Cump\u0103r\u0103-l acum<\/span><\/a><\/em><\/p>\n<p><span style=\"vertical-align: inherit\">Alte Inhala\u021bii care \u021bi-ar putea pl\u0103cea:<\/span><a href=\"https:\/\/vapebulkp.com\/ro\/product\/waspe-vape-40000-puff-fihp-double-flavour-disposable-vape\/\"><span style=\"vertical-align: inherit\">WASPE FIHP 40000 Pufuri<\/span><\/a><span style=\"vertical-align: inherit\">\u3001<\/span><a href=\"https:\/\/vapebulkp.com\/ro\/product\/wholesale-randm-tornado-9000-puffs-germany\/\"><span style=\"vertical-align: inherit\">RandM 9000 de Inhala\u021bii<\/span><\/a><span style=\"vertical-align: inherit\">\/ <\/span><a href=\"https:\/\/vapebulkp.com\/ro\/fi\/product\/bang-30k-puffs-new-double-taste-good-vape\/\"><span style=\"vertical-align: inherit\">Bang Vape 30000 Pufuri<\/span><\/a><span style=\"vertical-align: inherit\">\/ <\/span><a href=\"https:\/\/vapebulkp.com\/ro\/product\/jnr-alien-10000-puffs-randm-vape-wholesale-price\/\"><span style=\"vertical-align: inherit\">JNR VAPE Alien 10000 Pufuri<\/span><\/a><\/p>\n<p>&nbsp;<\/p>\n<p>&nbsp;<\/p>\n<h3><strong>\u00centreb\u0103ri frecvente despre cele mai bine v\u00e2ndute vapori <\/strong>Vookbar 30000 de pufuri<\/h3>\n<p><strong>1. C\u00e2te pufuri pot ob\u021bine de la Vookbar Vape 30,000 Puffs?<\/strong><\/p>\n<ul>\n<li>Vookbar ofer\u0103 p\u00e2n\u0103 la <strong>30.000 de pufuri<\/strong> in <strong>Mod Normal<\/strong> c\u00e2t \u0219i \u00een varianta <strong>15,000 de pufuri<\/strong> in <strong>Mod Putere<\/strong>, asigur\u00e2nd o utilizare de lung\u0103 durat\u0103.<\/li>\n<\/ul>\n<p><strong>2. Care este concentra\u021bia de nicotin\u0103 a Vookbar 30,000 Puffs?<\/strong><\/p>\n<ul>\n<li>Dispozitivul con\u021bine <strong>5% nicotin\u0103 tip sare<\/strong>, oferind o senza\u021bie pl\u0103cut\u0103 \u0219i satisf\u0103c\u0103toare la fiecare tragere.<\/li>\n<\/ul>\n<p><strong>3. C\u00e2t dureaz\u0103 bateria Vookbar?<\/strong><\/p>\n<ul>\n<li>Cu o <strong>850mAh<\/strong> c\u00e2t \u0219i \u00een varianta <strong>\u00eenc\u0103rcare rapid\u0103 de tip C<\/strong>, Vookbar ofer\u0103 o putere fiabil\u0103 \u0219i re\u00eenc\u0103rc\u0103ri rapide pentru utilizare continu\u0103.<\/li>\n<\/ul>\n<p><strong>4. Ce tip de bobin\u0103 folose\u0219te Vookbar 30.000 Puffs?<\/strong><\/p>\n<ul>\n<li>Dispozitivul este echipat cu o <strong>rezisten\u021b\u0103 dual mesh<\/strong>, asigur\u00e2nd o arom\u0103 bogat\u0103 \u0219i vapori den\u0219i la fiecare puf.<\/li>\n<\/ul>\n<p><strong>5. Pot personaliza set\u0103rile pe Vookbar 30.000 Puffs?<\/strong><\/p>\n<ul>\n<li>Da, dispozitivul dispune de un <strong>ecran tactil de 2,01 inchi<\/strong>, permi\u021b\u00e2ndu-v\u0103 s\u0103 ajusta\u021bi cu u\u0219urin\u021b\u0103 set\u0103rile \u0219i s\u0103 v\u0103 controla\u021bi experien\u021ba de vapat.<\/li>\n<\/ul>\n<h3>Detaliile de expediere:<\/h3>\n<p><span style=\"color: #ff6600\">Timp de produc\u021bie: 5-10 zile lucr\u0103toare<\/span><br \/>\n<span style=\"color: #ff6600\">Timp de livrare: 8-14 zile lucr\u0103toare<\/span><\/p>\n<p>Toate produsele din magazinul nostru sunt 100% originale \u0219i autentice, deci politica magazinului nostru este compensarea de zece ori pentru bunurile contraf\u0103cute. Folosim canale logistice precum UPS\/DHL\/FEDEX\/DPD pentru a v\u0103 livra m\u0103rfurile.<\/p>\n<p>Pentru coletele expediate \u00een Rom\u00e2nia, de obicei dureaz\u0103 10 zile lucr\u0103toare s\u0103 ajung\u0103. Expedierea c\u0103tre \u021b\u0103rile europene dureaz\u0103 de obicei 12 p\u00e2n\u0103 la 15 zile lucr\u0103toare. Vom actualiza informa\u021biile logistice pentru dumneavoastr\u0103 \u00een timp real.<\/p>","protected":false},"excerpt":{"rendered":"<p>Vapori de unic\u0103 folosin\u021b\u0103 Vookbar 30000 Puffs cu ecran tactil la pre\u021buri en-gros. Solu\u021bie de vapat de lung\u0103 durat\u0103, de \u00eenalt\u0103 calitate \u0219i inovatoare. Comenzi \u00een vrac disponibile.<\/p>\n<p>V\u0103 rug\u0103m contacta\u021bi-o pe Mandy pe WhatsApp pentru un pre\u021b redus<a href=\"https:\/\/wa.me\/8618077105796\">+8618077105796<\/a><\/p>\n<p>&nbsp;<\/p>\n<p><img decoding=\"async\" class=\"alignnone wp-image-2151\" src=\"http:\/\/vapebulkp.com\/wp-content\/uploads\/2024\/04\/Mandy-WhatsApp-Randm.jpg\" alt=\"RandM Mandy WhatsApp\" width=\"297\" height=\"316\" srcset=\"https:\/\/vapebulkp.com\/wp-content\/uploads\/2024\/04\/Mandy-WhatsApp-Randm.jpg 916w, https:\/\/vapebulkp.com\/wp-content\/uploads\/2024\/04\/Mandy-WhatsApp-Randm-282x300.jpg 282w, https:\/\/vapebulkp.com\/wp-content\/uploads\/2024\/04\/Mandy-WhatsApp-Randm-768x817.jpg 768w, https:\/\/vapebulkp.com\/wp-content\/uploads\/2024\/04\/Mandy-WhatsApp-Randm-600x638.jpg 600w\" sizes=\"(max-width: 297px) 100vw, 297px\" \/><\/p>\n<p><span style=\"color: #ff0000\">NOT\u0102: Pre\u021burile de pe site-ul nostru nu includ costurile de transport<\/span><\/p>\n<p>&nbsp;<\/p>","protected":false},"featured_media":3266,"comment_status":"open","ping_status":"closed","template":"","meta":{"_uag_custom_page_level_css":"","_lmt_disableupdate":"no","_lmt_disable":"","site-sidebar-layout":"default","site-content-layout":"content-boxed-container","ast-site-content-layout":"normal-width-container","site-content-style":"boxed","site-sidebar-style":"unboxed","ast-global-header-display":"","ast-banner-title-visibility":"","ast-main-header-display":"","ast-hfb-above-header-display":"","ast-hfb-below-header-display":"","ast-hfb-mobile-header-display":"","site-post-title":"","ast-breadcrumbs-content":"","ast-featured-img":"","footer-sml-layout":"","theme-transparent-header-meta":"default","adv-header-id-meta":"","stick-header-meta":"","header-above-stick-meta":"","header-main-stick-meta":"","header-below-stick-meta":"","astra-migrate-meta-layouts":"set","_joinchat":[]},"product_cat":[160,153,155,33,59,100,87,34,158,157,154,152,58,84,156,63,32],"product_tag":[36,37,41,40,193],"class_list":["post-3268","product","type-product","status-publish","has-post-thumbnail","hentry","product_cat-30000-puff-disposable-vape","product_cat-hot-disposable-vapes","product_cat-belgium-hot-disposable-vapes","product_cat-france-vape-hot-sale","product_cat-germany-hot-disposable-vape","product_cat-germany-wholesale-vape-shop","product_cat-minimum-order-quantity-50pcs","product_cat-netherlands-vape-good-sale","product_cat-norway-hot-disposable-vapes","product_cat-poland-hot-disposable-vapes","product_cat-portugal-hot-disposable-vapes","product_cat-spain-hot-disposable-vapes","product_cat-sweden-hot-disposable-vape","product_cat-sweden-wholesale-vape","product_cat-switzerland-hot-disposable-vapes","product_cat-top-sale-disposable-vape","product_cat-vape-hot-sale-this-week","product_tag-good-vape","product_tag-hot-sale-disposable-vape","product_tag-poland-hot-vape","product_tag-sweden-hot-vape","product_tag-vookbar-30000-puffs","desktop-align-left","tablet-align-left","mobile-align-left"],"yoast_head":"<!-- This site is optimized with the Yoast SEO plugin v21.1 - https:\/\/yoast.com\/wordpress\/plugins\/seo\/ -->\n<title>Vookbar 30000 Puffs Touch Screen Disposable Vapes Wholesale Price - vapebulkp.com<\/title>\n<meta name=\"description\" content=\"Shop Vookbar 30000 Puffs Touch Screen Disposable Vapes at wholesale prices. High-capacity, sleek design, and advanced features for premium vaping.\" \/>\n<meta name=\"robots\" content=\"index, follow, max-snippet:-1, max-image-preview:large, max-video-preview:-1\" \/>\n<link rel=\"canonical\" href=\"https:\/\/vapebulkp.com\/ro\/product\/vookbar-30000-puffs-touch-screen-disposable-vapes-wholesale-price\/\" \/>\n<meta property=\"og:locale\" content=\"ro_RO\" \/>\n<meta property=\"og:type\" content=\"article\" \/>\n<meta property=\"og:title\" content=\"Vookbar 30000 Puffs Touch Screen Disposable Vapes Wholesale Price - vapebulkp.com\" \/>\n<meta property=\"og:description\" content=\"Shop Vookbar 30000 Puffs Touch Screen Disposable Vapes at wholesale prices. High-capacity, sleek design, and advanced features for premium vaping.\" \/>\n<meta property=\"og:url\" content=\"https:\/\/vapebulkp.com\/ro\/product\/vookbar-30000-puffs-touch-screen-disposable-vapes-wholesale-price\/\" \/>\n<meta property=\"og:site_name\" content=\"vapebulkp.com\" \/>\n<meta property=\"article:modified_time\" content=\"2025-09-03T03:31:08+00:00\" \/>\n<meta property=\"og:image\" content=\"http:\/\/vapebulkp.com\/wp-content\/uploads\/2024\/12\/Vookbar-30000-Puffs-Top-Sale-Vape.png\" \/>\n\t<meta property=\"og:image:width\" content=\"800\" \/>\n\t<meta property=\"og:image:height\" content=\"800\" \/>\n\t<meta property=\"og:image:type\" content=\"image\/png\" \/>\n<meta name=\"twitter:card\" content=\"summary_large_image\" \/>\n<meta name=\"twitter:label1\" content=\"Timp estimat pentru citire\" \/>\n\t<meta name=\"twitter:data1\" content=\"4 minute\" \/>\n<script type=\"application\/ld+json\" class=\"yoast-schema-graph\">{\"@context\":\"https:\/\/schema.org\",\"@graph\":[{\"@type\":\"WebPage\",\"@id\":\"https:\/\/vapebulkp.com\/product\/vookbar-30000-puffs-touch-screen-disposable-vapes-wholesale-price\/\",\"url\":\"https:\/\/vapebulkp.com\/product\/vookbar-30000-puffs-touch-screen-disposable-vapes-wholesale-price\/\",\"name\":\"Vookbar 30000 Puffs Touch Screen Disposable Vapes Wholesale Price - vapebulkp.com\",\"isPartOf\":{\"@id\":\"https:\/\/vapebulkp.com\/#website\"},\"datePublished\":\"2024-12-20T08:24:34+00:00\",\"dateModified\":\"2025-09-03T03:31:08+00:00\",\"description\":\"Shop Vookbar 30000 Puffs Touch Screen Disposable Vapes at wholesale prices. High-capacity, sleek design, and advanced features for premium vaping.\",\"breadcrumb\":{\"@id\":\"https:\/\/vapebulkp.com\/product\/vookbar-30000-puffs-touch-screen-disposable-vapes-wholesale-price\/#breadcrumb\"},\"inLanguage\":\"ro-RO\",\"potentialAction\":[{\"@type\":\"ReadAction\",\"target\":[\"https:\/\/vapebulkp.com\/product\/vookbar-30000-puffs-touch-screen-disposable-vapes-wholesale-price\/\"]}]},{\"@type\":\"BreadcrumbList\",\"@id\":\"https:\/\/vapebulkp.com\/product\/vookbar-30000-puffs-touch-screen-disposable-vapes-wholesale-price\/#breadcrumb\",\"itemListElement\":[{\"@type\":\"ListItem\",\"position\":1,\"name\":\"Home\",\"item\":\"https:\/\/vapebulkp.com\/\"},{\"@type\":\"ListItem\",\"position\":2,\"name\":\"Hot Trend Vapes\",\"item\":\"https:\/\/vapebulkp.com\/vape-shop\/\"},{\"@type\":\"ListItem\",\"position\":3,\"name\":\"Vookbar 30000 Puffs Touch Screen Disposable Vapes Wholesale Price\"}]},{\"@type\":\"WebSite\",\"@id\":\"https:\/\/vapebulkp.com\/#website\",\"url\":\"https:\/\/vapebulkp.com\/\",\"name\":\"vapebulkp.com\",\"description\":\"Buy Vape In Cheap Bulk Price Near you\",\"publisher\":{\"@id\":\"https:\/\/vapebulkp.com\/#organization\"},\"potentialAction\":[{\"@type\":\"SearchAction\",\"target\":{\"@type\":\"EntryPoint\",\"urlTemplate\":\"https:\/\/vapebulkp.com\/?s={search_term_string}\"},\"query-input\":\"required name=search_term_string\"}],\"inLanguage\":\"ro-RO\"},{\"@type\":\"Organization\",\"@id\":\"https:\/\/vapebulkp.com\/#organization\",\"name\":\"vapebulkp.com\",\"url\":\"https:\/\/vapebulkp.com\/\",\"logo\":{\"@type\":\"ImageObject\",\"inLanguage\":\"ro-RO\",\"@id\":\"https:\/\/vapebulkp.com\/#\/schema\/logo\/image\/\",\"url\":\"https:\/\/vapebulkp.com\/wp-content\/uploads\/2023\/09\/cropped-vapebulkp.png\",\"contentUrl\":\"https:\/\/vapebulkp.com\/wp-content\/uploads\/2023\/09\/cropped-vapebulkp.png\",\"width\":516,\"height\":163,\"caption\":\"vapebulkp.com\"},\"image\":{\"@id\":\"https:\/\/vapebulkp.com\/#\/schema\/logo\/image\/\"}}]}<\/script>\n<!-- \/ Yoast SEO plugin. -->","yoast_head_json":{"title":"Vookbar 30000 Puffs Touch Screen Disposable Vapes Wholesale Price - vapebulkp.com","description":"Shop Vookbar 30000 Puffs Touch Screen Disposable Vapes at wholesale prices. High-capacity, sleek design, and advanced features for premium vaping.","robots":{"index":"index","follow":"follow","max-snippet":"max-snippet:-1","max-image-preview":"max-image-preview:large","max-video-preview":"max-video-preview:-1"},"canonical":"https:\/\/vapebulkp.com\/ro\/product\/vookbar-30000-puffs-touch-screen-disposable-vapes-wholesale-price\/","og_locale":"ro_RO","og_type":"article","og_title":"Vookbar 30000 Puffs Touch Screen Disposable Vapes Wholesale Price - vapebulkp.com","og_description":"Shop Vookbar 30000 Puffs Touch Screen Disposable Vapes at wholesale prices. High-capacity, sleek design, and advanced features for premium vaping.","og_url":"https:\/\/vapebulkp.com\/ro\/product\/vookbar-30000-puffs-touch-screen-disposable-vapes-wholesale-price\/","og_site_name":"vapebulkp.com","article_modified_time":"2025-09-03T03:31:08+00:00","og_image":[{"width":800,"height":800,"url":"http:\/\/vapebulkp.com\/wp-content\/uploads\/2024\/12\/Vookbar-30000-Puffs-Top-Sale-Vape.png","type":"image\/png"}],"twitter_card":"summary_large_image","twitter_misc":{"Timp estimat pentru citire":"4 minute"},"schema":{"@context":"https:\/\/schema.org","@graph":[{"@type":"WebPage","@id":"https:\/\/vapebulkp.com\/product\/vookbar-30000-puffs-touch-screen-disposable-vapes-wholesale-price\/","url":"https:\/\/vapebulkp.com\/product\/vookbar-30000-puffs-touch-screen-disposable-vapes-wholesale-price\/","name":"Vookbar 30000 Puffs Touch Screen Disposable Vapes Wholesale Price - vapebulkp.com","isPartOf":{"@id":"https:\/\/vapebulkp.com\/#website"},"datePublished":"2024-12-20T08:24:34+00:00","dateModified":"2025-09-03T03:31:08+00:00","description":"Shop Vookbar 30000 Puffs Touch Screen Disposable Vapes at wholesale prices. High-capacity, sleek design, and advanced features for premium vaping.","breadcrumb":{"@id":"https:\/\/vapebulkp.com\/product\/vookbar-30000-puffs-touch-screen-disposable-vapes-wholesale-price\/#breadcrumb"},"inLanguage":"ro-RO","potentialAction":[{"@type":"ReadAction","target":["https:\/\/vapebulkp.com\/product\/vookbar-30000-puffs-touch-screen-disposable-vapes-wholesale-price\/"]}]},{"@type":"BreadcrumbList","@id":"https:\/\/vapebulkp.com\/product\/vookbar-30000-puffs-touch-screen-disposable-vapes-wholesale-price\/#breadcrumb","itemListElement":[{"@type":"ListItem","position":1,"name":"Home","item":"https:\/\/vapebulkp.com\/"},{"@type":"ListItem","position":2,"name":"Hot Trend Vapes","item":"https:\/\/vapebulkp.com\/vape-shop\/"},{"@type":"ListItem","position":3,"name":"Vookbar 30000 Puffs Touch Screen Disposable Vapes Wholesale Price"}]},{"@type":"WebSite","@id":"https:\/\/vapebulkp.com\/#website","url":"https:\/\/vapebulkp.com\/","name":"vapebulkp.com","description":"Buy Vape In Cheap Bulk Price Near you","publisher":{"@id":"https:\/\/vapebulkp.com\/#organization"},"potentialAction":[{"@type":"SearchAction","target":{"@type":"EntryPoint","urlTemplate":"https:\/\/vapebulkp.com\/?s={search_term_string}"},"query-input":"required name=search_term_string"}],"inLanguage":"ro-RO"},{"@type":"Organization","@id":"https:\/\/vapebulkp.com\/#organization","name":"vapebulkp.com","url":"https:\/\/vapebulkp.com\/","logo":{"@type":"ImageObject","inLanguage":"ro-RO","@id":"https:\/\/vapebulkp.com\/#\/schema\/logo\/image\/","url":"https:\/\/vapebulkp.com\/wp-content\/uploads\/2023\/09\/cropped-vapebulkp.png","contentUrl":"https:\/\/vapebulkp.com\/wp-content\/uploads\/2023\/09\/cropped-vapebulkp.png","width":516,"height":163,"caption":"vapebulkp.com"},"image":{"@id":"https:\/\/vapebulkp.com\/#\/schema\/logo\/image\/"}}]}},"uagb_featured_image_src":{"full":["https:\/\/vapebulkp.com\/wp-content\/uploads\/2024\/12\/Vookbar-30000-Puffs-Top-Sale-Vape.png",800,800,false],"thumbnail":["https:\/\/vapebulkp.com\/wp-content\/uploads\/2024\/12\/Vookbar-30000-Puffs-Top-Sale-Vape-150x150.png",150,150,true],"medium":["https:\/\/vapebulkp.com\/wp-content\/uploads\/2024\/12\/Vookbar-30000-Puffs-Top-Sale-Vape-300x300.png",300,300,true],"medium_large":["https:\/\/vapebulkp.com\/wp-content\/uploads\/2024\/12\/Vookbar-30000-Puffs-Top-Sale-Vape-768x768.png",768,768,true],"large":["https:\/\/vapebulkp.com\/wp-content\/uploads\/2024\/12\/Vookbar-30000-Puffs-Top-Sale-Vape.png",800,800,false],"1536x1536":["https:\/\/vapebulkp.com\/wp-content\/uploads\/2024\/12\/Vookbar-30000-Puffs-Top-Sale-Vape.png",800,800,false],"2048x2048":["https:\/\/vapebulkp.com\/wp-content\/uploads\/2024\/12\/Vookbar-30000-Puffs-Top-Sale-Vape.png",800,800,false],"trp-custom-language-flag":["https:\/\/vapebulkp.com\/wp-content\/uploads\/2024\/12\/Vookbar-30000-Puffs-Top-Sale-Vape.png",12,12,false],"woocommerce_thumbnail":["https:\/\/vapebulkp.com\/wp-content\/uploads\/2024\/12\/Vookbar-30000-Puffs-Top-Sale-Vape-300x300.png",300,300,true],"woocommerce_single":["https:\/\/vapebulkp.com\/wp-content\/uploads\/2024\/12\/Vookbar-30000-Puffs-Top-Sale-Vape-600x600.png",600,600,true],"woocommerce_gallery_thumbnail":["https:\/\/vapebulkp.com\/wp-content\/uploads\/2024\/12\/Vookbar-30000-Puffs-Top-Sale-Vape-100x100.png",100,100,true],"wcpr-photo-reviews":["https:\/\/vapebulkp.com\/wp-content\/uploads\/2024\/12\/Vookbar-30000-Puffs-Top-Sale-Vape.png",500,500,false]},"uagb_author_info":{"display_name":"Mandy vape bulk price","author_link":"https:\/\/vapebulkp.com\/ro\/author\/"},"uagb_comment_info":0,"uagb_excerpt":"Vookbar 30000 Puffs Touch Screen Disposable Vapes at wholesale prices. Long-lasting, high-quality, and innovative vaping solution. Bulk orders available. Pls Contact Mandy's WhatsApp For Discount Price+8618077105796 &nbsp; NOTE: Prices on our website does not include shipping costs &nbsp;","_links":{"self":[{"href":"https:\/\/vapebulkp.com\/ro\/wp-json\/wp\/v2\/product\/3268","targetHints":{"allow":["GET"]}}],"collection":[{"href":"https:\/\/vapebulkp.com\/ro\/wp-json\/wp\/v2\/product"}],"about":[{"href":"https:\/\/vapebulkp.com\/ro\/wp-json\/wp\/v2\/types\/product"}],"replies":[{"embeddable":true,"href":"https:\/\/vapebulkp.com\/ro\/wp-json\/wp\/v2\/comments?post=3268"}],"wp:featuredmedia":[{"embeddable":true,"href":"https:\/\/vapebulkp.com\/ro\/wp-json\/wp\/v2\/media\/3266"}],"wp:attachment":[{"href":"https:\/\/vapebulkp.com\/ro\/wp-json\/wp\/v2\/media?parent=3268"}],"wp:term":[{"taxonomy":"product_cat","embeddable":true,"href":"https:\/\/vapebulkp.com\/ro\/wp-json\/wp\/v2\/product_cat?post=3268"},{"taxonomy":"product_tag","embeddable":true,"href":"https:\/\/vapebulkp.com\/ro\/wp-json\/wp\/v2\/product_tag?post=3268"}],"curies":[{"name":"wp","href":"https:\/\/api.w.org\/{rel}","templated":true}]}}