{"id":3277,"date":"2024-12-24T08:52:32","date_gmt":"2024-12-24T07:52:32","guid":{"rendered":"https:\/\/vapebulkp.com\/?post_type=product&#038;p=3277"},"modified":"2025-09-17T10:32:16","modified_gmt":"2025-09-17T08:32:16","slug":"bang-box-35000-puffs-touch-switch-digital-screen-rechargeable-vape","status":"publish","type":"product","link":"https:\/\/vapebulkp.com\/ro\/product\/bang-box-35000-puffs-touch-switch-digital-screen-rechargeable-vape\/","title":{"rendered":"Bang Box 35000 Puffs Atinge\u021bi Comutatorul Ecran Digital Vap\u0103 Re\u00eenc\u0103rcabil\u0103"},"content":{"rendered":"<h2 style=\"text-align: left\">Bang Box 35000 Puffs Atinge\u021bi Comutatorul Ecran Digital Vap\u0103 Re\u00eenc\u0103rcabil\u0103<\/h2>\n<p>The <strong>Bang Box 35.000 Puffs Vape cu Ecran Digital \u0219i Comutator Tactil<\/strong> este proiectat pentru performan\u021b\u0103 de top \u0219i convenien\u021b\u0103. Conceput pentru utilizare extins\u0103, dispune de un incredibil <strong>35.000 pufuri<\/strong> \u0219i o generoas\u0103 <strong>capacitate de 23ml lichid preumplut<\/strong>. Cu <strong>op\u021biuni de sare de nicotin\u0103 de 0%, 2%, 3% \u0219i 5%<\/strong>, satisface diverse preferin\u021be de vapat.<\/p>\n<p>Alimentat\u0103 de o <strong>baterie pur cobalt de 950mAh<\/strong> cu <strong>desc\u0103rcare 5A<\/strong>, acest dispozitiv asigur\u0103 o performan\u021b\u0103 stabil\u0103 \u0219i fiabil\u0103. Avansatul <strong>s\u00e2rm\u0103 dubl\u0103 de plas\u0103 de \u00eenc\u0103lzire (0.8\u03a9)<\/strong> ofer\u0103 un gust \u0219i o produc\u021bie de vapori excep\u021bional\u0103, func\u021bion\u00e2nd la o gam\u0103 reglabil\u0103 de <strong>15W p\u00e2n\u0103 la 25W<\/strong>.<\/p>\n<p>\u00cembun\u0103t\u0103\u021bit cu <strong>flux de aer reglabil<\/strong>, permite utilizatorilor s\u0103-\u0219i personalizeze experien\u021ba de vapat pentru o satisfac\u021bie optim\u0103. Cele <strong>ecrane digitale duble<\/strong> c\u00e2t \u0219i \u00een varianta <strong>comenzile tactile<\/strong> fac u\u0219oar\u0103 comutarea \u00eentre set\u0103ri, inclusiv <strong>moduri de putere<\/strong> c\u00e2t \u0219i \u00een varianta <strong>ajust\u0103ri ale fluxului de aer<\/strong>.<\/p>\n<p>The <strong>Cutie Bang <a href=\"https:\/\/vapebulkp.com\/ro\/product-category\/35000-puffs-disposable-vape\/\">35000 Puffs Vap\u0103 de unic\u0103 folosin\u021b\u0103<\/a><\/strong>\u00a0este un vape elegant, u\u0219or de transportat, ce combin\u0103 tehnologia de v\u00e2rf, capacitatea mare \u0219i func\u021biile personalizabile, fiind ideal at\u00e2t pentru evenimente sociale, c\u00e2t \u0219i pentru vapatul zilnic.<\/p>\n<p><img decoding=\"async\" class=\"wp-image-3272\" src=\"http:\/\/vapebulkp.com\/wp-content\/uploads\/2024\/12\/Bang-Box-Vapes-35000-puff-Hot-Sale-Germany.png\" alt=\"Bang Box Vapes 35000 pufuri V\u00e2nzare Fierbinte Rom\u00e2nia\" width=\"707\" height=\"398\" srcset=\"https:\/\/vapebulkp.com\/wp-content\/uploads\/2024\/12\/Bang-Box-Vapes-35000-puff-Hot-Sale-Germany.png 1240w, https:\/\/vapebulkp.com\/wp-content\/uploads\/2024\/12\/Bang-Box-Vapes-35000-puff-Hot-Sale-Germany-300x169.png 300w, https:\/\/vapebulkp.com\/wp-content\/uploads\/2024\/12\/Bang-Box-Vapes-35000-puff-Hot-Sale-Germany-1024x576.png 1024w, https:\/\/vapebulkp.com\/wp-content\/uploads\/2024\/12\/Bang-Box-Vapes-35000-puff-Hot-Sale-Germany-768x432.png 768w, https:\/\/vapebulkp.com\/wp-content\/uploads\/2024\/12\/Bang-Box-Vapes-35000-puff-Hot-Sale-Germany-600x338.png 600w\" sizes=\"(max-width: 707px) 100vw, 707px\" \/><\/p>\n<h6>V\u0103 rug\u0103m contacta\u021bi-o pe Mandy pe WhatsApp pentru un pre\u021b redus<a href=\"https:\/\/wa.me\/8618077105796\">+8618077105796<\/a><\/h6>\n<p><img decoding=\"async\" class=\"alignnone wp-image-2151\" src=\"http:\/\/vapebulkp.com\/wp-content\/uploads\/2024\/04\/Mandy-WhatsApp-Randm.jpg\" alt=\"RandM Mandy WhatsApp\" width=\"324\" height=\"330\" \/><\/p>\n<div class=\"flex max-w-full flex-col flex-grow\">\n<div class=\"min-h-8 text-message flex w-full flex-col items-end gap-2 whitespace-normal break-words text-start [.text-message+&amp;]:mt-5\" dir=\"auto\" data-message-author-role=\"assistant\" data-message-id=\"d24cf626-c018-4805-80f5-44de047f2ba0\" data-message-model-slug=\"gpt-4o\">\n<div class=\"flex w-full flex-col gap-1 empty:hidden first:pt-[3px]\">\n<div class=\"markdown prose w-full break-words dark:prose-invert light\">\n<h2>De ce s\u0103 alege\u021bi Vapourile Bang Box 35.000 de Pufuri de la Vapebulkp.com?<\/h2>\n<ul>\n<li><strong>Capacitate f\u0103r\u0103 egal<\/strong>: Experimenta\u021bi peste <strong>35.000 pufuri<\/strong> cu un cartu\u0219 generos de <strong>23 ml de e-lichid preumplut<\/strong> \u0219i <strong>flux de aer reglabil<\/strong>, asigur\u00e2nd o sesiune de vapat lin\u0103 \u0219i personalizabil\u0103, adaptat\u0103 preferin\u021belor dumneavoastr\u0103.<\/li>\n<li><strong>Tehnologie avansat\u0103<\/strong>: Echipat cu o capacitate de <strong>baterie pur cobalt de 950mAh<\/strong> suport\u00e2nd <strong>desc\u0103rcare 5A<\/strong>, al\u0103turi de un sistem de \u00eenc\u0103lzire cu <strong>dublu mesh core (0.8\u03a9)<\/strong> . Aceast\u0103 combina\u021bie ofer\u0103 o arom\u0103 \u0219i un volum de vapori excep\u021bionale, cu o putere reglabil\u0103 de la <strong>15W-25W<\/strong>.<\/li>\n<li><strong>Design ergonomic<\/strong>: Compact, portabil \u0219i elegant, acest dispozitiv dispune de <strong>\u00eenc\u0103rcare rapid\u0103 de tip C<\/strong> pentru confort maxim, fiind perfect at\u00e2t pentru deplas\u0103ri, c\u00e2t \u0219i pentru nevoile zilnice de vapat.<\/li>\n<li><strong>Beneficiile Vapebulkp.com<\/strong>: Bucura\u021bi-v\u0103 de produse autentice, provenite direct de la produc\u0103tori de \u00eencredere, <strong>pre\u021buri competitive<\/strong>, \u0219i <strong>livrare rapid\u0103 \u00een toat\u0103 Europa<\/strong>, asigur\u00e2nd o experien\u021b\u0103 de cump\u0103r\u0103turi fluid\u0103.<\/li>\n<\/ul>\n<p>Bang Box 35k Puffs este o alegere premium pentru vaperii care caut\u0103 capacitate mare, performan\u021b\u0103 avansat\u0103 \u0219i calitate fiabil\u0103\u2014toate disponibile la <strong>Vapebulkp.com<\/strong>.<\/p>\n<\/div>\n<\/div>\n<\/div>\n<\/div>\n<h2>Specifica\u021bii Bang Vape 35k Puffs<\/h2>\n<ul>\n<li><strong>Pufuri<\/strong>: 35,000+<\/li>\n<li><strong>Capacitate E-lichid<\/strong>: 23ml de lichid preumplut<\/li>\n<li><strong>Op\u021biuni de nicotin\u0103<\/strong>: 0%, 2%, 3%, 5% sare de nicotin\u0103<\/li>\n<li><strong>Baterie<\/strong>: 950mAh, re\u00eenc\u0103rcabil prin USB-C<\/li>\n<li><strong>Rezisten\u021be de \u00eenc\u0103lzire<\/strong>: Dublu mesh core (0.8\u03a9)<\/li>\n<li><strong>Ecrane<\/strong>: Ecrane digitale duale cu comenzi tactile<\/li>\n<li><strong>Flux de aer<\/strong>: flux de aer reglabil \u00een 3 moduri<\/li>\n<li><strong>Moduri de putere<\/strong>: comutare de putere \u00een 2 moduri<\/li>\n<li><strong>Caracteristici suplimentare<\/strong>: flux de aer reglabil, design compact, interfa\u021b\u0103 prietenoas\u0103<\/li>\n<\/ul>\n<h2><strong>Lista de arome pentru Vape Bang Box 35000 Puffs cu ridicata<\/strong><\/h2>\n<p>1.CAPSUNI KIWI<br \/>\n2.GHEATA DE ZMEURA ALBASTRA<br \/>\n3.CAPSUNI PEPENE VERDE<br \/>\n4.FRUCTELE PASIUNII<br \/>\n5.COLA LAMAIE SODA<br \/>\n6.GHEATA DE PEPENE VERDE<br \/>\n7.GUMA DE MENTA DE PEPENE VERDE<br \/>\n8.KIWI FRUCTELE PASIUNII GUAVA<br \/>\n9.GHEATA DE AFINE<br \/>\n10.PEPENE VERDE VISINE<br \/>\nRED BULL 11<br \/>\n12.MENTA GRAPEFRUIT<\/p>\n<p><a href=\"https:\/\/vapebulkp.com\/ro\/product\/uzy-triple-60000-puffs-smart-vape-wholesale-3-in-1-flavor\/\"><span style=\"vertical-align: inherit\">UZY Triple 60000 Pufuri <\/span><\/a><\/p>\n<p><span style=\"vertical-align: inherit\">G\u0103se\u0219te mai multe produse care \u021bi-ar putea pl\u0103cea:<\/span><em><a href=\"https:\/\/wa.me\/8618077105796\"><span style=\"vertical-align: inherit\">\u00a0Cump\u0103r\u0103-l acum<\/span><\/a><\/em><\/p>\n<p><span style=\"vertical-align: inherit\">Alte Inhala\u021bii care \u021bi-ar putea pl\u0103cea:<\/span><a href=\"https:\/\/vapebulkp.com\/ro\/product\/wholesale-price-bang-kingdoms-rex-32000-puffs-vape-pod\/\"><span style=\"vertical-align: inherit\">Bang Kingdoms 32000 Pufuri<\/span><\/a><span style=\"vertical-align: inherit\">\u3001<\/span><a href=\"https:\/\/vapebulkp.com\/ro\/product\/buy-bang-de-80000-puffs-disposable-vape-cheap-price-for-bulk-order\/\"><span style=\"vertical-align: inherit\">Bang DE 80000 Pufuri<\/span><\/a><span style=\"vertical-align: inherit\">\/ <\/span><a href=\"https:\/\/vapebulkp.com\/ro\/product\/vapsolo-best-quality-viking-12k-puffs-disposable-vapes\/\"><span style=\"vertical-align: inherit\">Vapsolo viking 12000 Pufuri<\/span><\/a><span style=\"vertical-align: inherit\">\/ <\/span><a href=\"https:\/\/vapebulkp.com\/ro\/product\/waspe-vape-40000-puff-fihp-double-flavour-disposable-vape\/\"><span style=\"vertical-align: inherit\">WASPE 40000 Puffs<\/span><\/a><\/p>\n<h3>\u00centreb\u0103ri frecvente despre Vape-ul de lung\u0103 durat\u0103 Bang Box 35.000 de pufuri<\/h3>\n<p><strong>\u00ce: C\u00e2t timp pot folosi vape-ul Bang Box 35.000 de pufuri?<\/strong><br \/>\n<strong>A:<\/strong> Cu o capacitate impresionant\u0103 de <strong>35.000 pufuri<\/strong> \u0219i un robust <strong>baterie pur cobalt de 950mAh<\/strong>, acest dispozitiv este proiectat pentru utilizare prelungit\u0103, asigur\u00e2nd o experien\u021b\u0103 de vapat fiabil\u0103.<\/p>\n<p><strong>\u00ce: Aerul este reglabil?<\/strong><br \/>\n<strong>A:<\/strong> Da, Bang Box dispune de <strong>flux de aer reglabil<\/strong>, permi\u021b\u00e2nd utilizatorilor s\u0103 comute \u00eentre <strong>MTL (gur\u0103-la-pl\u0103m\u00e2n)<\/strong> c\u00e2t \u0219i \u00een varianta <strong>DTL (direct-la-pl\u0103m\u00e2n)<\/strong> stiluri pentru o sesiune de vapat personalizat\u0103.<\/p>\n<p><strong>\u00ce: Cu ce este diferit Bang Box 35k pufuri de alte \u021big\u0103ri electronice?<\/strong><br \/>\n<strong>A:<\/strong> Acest vape se remarc\u0103 prin <strong>firul s\u0103u de \u00eenc\u0103lzire cu plas\u0103 dubl\u0103 (0.8\u03a9)<\/strong>, furniz\u00e2nd vapori netezi la o gam\u0103 de putere de <strong>15W p\u00e2n\u0103 la 25W<\/strong>. Combinat cu designul s\u0103u elegant \u0219i tehnologia de ultim\u0103 genera\u021bie, ofer\u0103 at\u00e2t stil, c\u00e2t \u0219i performan\u021b\u0103.<\/p>\n<p><strong>\u00ce: De unde pot cump\u0103ra Bang Box 35.000 de pufuri re\u00eenc\u0103rcabil?<\/strong><br \/>\n<strong>A:<\/strong> \u00cel pute\u021bi cump\u0103ra exclusiv la <strong>Vapebulkp.com<\/strong>, sursa dumneavoastr\u0103 de \u00eencredere pentru produse de vapat autentice, pre\u021buri competitive \u0219i transport fiabil \u00een toat\u0103 Europa.<\/p>\n<h2>Detaliile de expediere:<\/h2>\n<p><span style=\"color: #ff6600\">Timp de produc\u021bie: 5-10 zile lucr\u0103toare<\/span><br \/>\n<span style=\"color: #ff6600\">Timp de livrare: 8-14 zile lucr\u0103toare<\/span><\/p>\n<p>Toate produsele din magazinul nostru sunt 100% originale \u0219i autentice, deci politica magazinului nostru este compensarea de zece ori pentru bunurile contraf\u0103cute. Folosim canale logistice precum UPS\/DHL\/FEDEX\/DPD pentru a v\u0103 livra m\u0103rfurile.<\/p>\n<p>Pentru coletele expediate \u00een Rom\u00e2nia, de obicei dureaz\u0103 10 zile lucr\u0103toare s\u0103 ajung\u0103. Expedierea c\u0103tre \u021b\u0103rile europene dureaz\u0103 de obicei 12 p\u00e2n\u0103 la 15 zile lucr\u0103toare. Vom actualiza informa\u021biile logistice pentru dumneavoastr\u0103 \u00een timp real.<\/p>","protected":false},"excerpt":{"rendered":"<p>Bang Box 35000 Puffs Vape cu comutator tactil, ecran digital, design re\u00eenc\u0103rcabil, nicotin\u0103 2%\/5% \u0219i performan\u021b\u0103 de lung\u0103 durat\u0103. Perfect pentru vapat premium.<\/p>\n<p>V\u0103 rug\u0103m contacta\u021bi-o pe Mandy pe WhatsApp pentru un pre\u021b redus<a href=\"https:\/\/wa.me\/8618077105796\">+8618077105796<\/a><\/p>\n<p><img decoding=\"async\" class=\"alignnone wp-image-2151\" src=\"http:\/\/vapebulkp.com\/wp-content\/uploads\/2024\/04\/Mandy-WhatsApp-Randm.jpg\" alt=\"RandM Mandy WhatsApp\" width=\"297\" height=\"316\" srcset=\"https:\/\/vapebulkp.com\/wp-content\/uploads\/2024\/04\/Mandy-WhatsApp-Randm.jpg 916w, https:\/\/vapebulkp.com\/wp-content\/uploads\/2024\/04\/Mandy-WhatsApp-Randm-282x300.jpg 282w, https:\/\/vapebulkp.com\/wp-content\/uploads\/2024\/04\/Mandy-WhatsApp-Randm-768x817.jpg 768w, https:\/\/vapebulkp.com\/wp-content\/uploads\/2024\/04\/Mandy-WhatsApp-Randm-600x638.jpg 600w\" sizes=\"(max-width: 297px) 100vw, 297px\" \/><\/p>\n<p><span style=\"color: #ff0000\">NOT\u0102: Pre\u021burile de pe site-ul nostru nu includ costurile de transport<\/span><\/p>\n<p>&nbsp;<\/p>","protected":false},"featured_media":3270,"comment_status":"open","ping_status":"closed","template":"","meta":{"_uag_custom_page_level_css":"","_lmt_disableupdate":"no","_lmt_disable":"","site-sidebar-layout":"default","site-content-layout":"content-boxed-container","ast-site-content-layout":"normal-width-container","site-content-style":"boxed","site-sidebar-style":"unboxed","ast-global-header-display":"","ast-banner-title-visibility":"","ast-main-header-display":"","ast-hfb-above-header-display":"","ast-hfb-below-header-display":"","ast-hfb-mobile-header-display":"","site-post-title":"","ast-breadcrumbs-content":"","ast-featured-img":"","footer-sml-layout":"","theme-transparent-header-meta":"default","adv-header-id-meta":"","stick-header-meta":"","header-above-stick-meta":"","header-main-stick-meta":"","header-below-stick-meta":"","astra-migrate-meta-layouts":"set","_joinchat":[]},"product_cat":[190,153,345,155,33,59,100,87,34,158,157,154,152,58,84,156],"product_tag":[191,36,37,41,40],"class_list":["post-3277","product","type-product","status-publish","has-post-thumbnail","hentry","product_cat-35000-puffs-disposable-vape","product_cat-hot-disposable-vapes","product_cat-bang-vapes","product_cat-belgium-hot-disposable-vapes","product_cat-france-vape-hot-sale","product_cat-germany-hot-disposable-vape","product_cat-germany-wholesale-vape-shop","product_cat-minimum-order-quantity-50pcs","product_cat-netherlands-vape-good-sale","product_cat-norway-hot-disposable-vapes","product_cat-poland-hot-disposable-vapes","product_cat-portugal-hot-disposable-vapes","product_cat-spain-hot-disposable-vapes","product_cat-sweden-hot-disposable-vape","product_cat-sweden-wholesale-vape","product_cat-switzerland-hot-disposable-vapes","product_tag-35000-puffs","product_tag-good-vape","product_tag-hot-sale-disposable-vape","product_tag-poland-hot-vape","product_tag-sweden-hot-vape","pa_brand-bang-vape","desktop-align-left","tablet-align-left","mobile-align-left"],"yoast_head":"<!-- This site is optimized with the Yoast SEO plugin v21.1 - https:\/\/yoast.com\/wordpress\/plugins\/seo\/ -->\n<title>Bang Box 35000 Puffs Touch Switch Digital Screen Rechargeable Vape - vapebulkp.com<\/title>\n<meta name=\"description\" content=\"Wholesale price Bang Box 35000 Puffs Rechargeable Vape with touch switch, digital screen, and long-lasting performance. Perfect for premium vaping needs!\" \/>\n<meta name=\"robots\" content=\"index, follow, max-snippet:-1, max-image-preview:large, max-video-preview:-1\" \/>\n<link rel=\"canonical\" href=\"https:\/\/vapebulkp.com\/ro\/product\/bang-box-35000-puffs-touch-switch-digital-screen-rechargeable-vape\/\" \/>\n<meta property=\"og:locale\" content=\"ro_RO\" \/>\n<meta property=\"og:type\" content=\"article\" \/>\n<meta property=\"og:title\" content=\"Bang Box 35000 Puffs Touch Switch Digital Screen Rechargeable Vape - vapebulkp.com\" \/>\n<meta property=\"og:description\" content=\"Wholesale price Bang Box 35000 Puffs Rechargeable Vape with touch switch, digital screen, and long-lasting performance. Perfect for premium vaping needs!\" \/>\n<meta property=\"og:url\" content=\"https:\/\/vapebulkp.com\/ro\/product\/bang-box-35000-puffs-touch-switch-digital-screen-rechargeable-vape\/\" \/>\n<meta property=\"og:site_name\" content=\"vapebulkp.com\" \/>\n<meta property=\"article:modified_time\" content=\"2025-09-17T08:32:16+00:00\" \/>\n<meta property=\"og:image\" content=\"http:\/\/vapebulkp.com\/wp-content\/uploads\/2024\/12\/Bang-Box-35000-puff-Rechargeable-Vapes-Cheap-Price.png\" \/>\n\t<meta property=\"og:image:width\" content=\"800\" \/>\n\t<meta property=\"og:image:height\" content=\"800\" \/>\n\t<meta property=\"og:image:type\" content=\"image\/png\" \/>\n<meta name=\"twitter:card\" content=\"summary_large_image\" \/>\n<meta name=\"twitter:label1\" content=\"Timp estimat pentru citire\" \/>\n\t<meta name=\"twitter:data1\" content=\"4 minute\" \/>\n<script type=\"application\/ld+json\" class=\"yoast-schema-graph\">{\"@context\":\"https:\/\/schema.org\",\"@graph\":[{\"@type\":\"WebPage\",\"@id\":\"https:\/\/vapebulkp.com\/product\/bang-box-35000-puffs-touch-switch-digital-screen-rechargeable-vape\/\",\"url\":\"https:\/\/vapebulkp.com\/product\/bang-box-35000-puffs-touch-switch-digital-screen-rechargeable-vape\/\",\"name\":\"Bang Box 35000 Puffs Touch Switch Digital Screen Rechargeable Vape - vapebulkp.com\",\"isPartOf\":{\"@id\":\"https:\/\/vapebulkp.com\/#website\"},\"datePublished\":\"2024-12-24T07:52:32+00:00\",\"dateModified\":\"2025-09-17T08:32:16+00:00\",\"description\":\"Wholesale price Bang Box 35000 Puffs Rechargeable Vape with touch switch, digital screen, and long-lasting performance. Perfect for premium vaping needs!\",\"breadcrumb\":{\"@id\":\"https:\/\/vapebulkp.com\/product\/bang-box-35000-puffs-touch-switch-digital-screen-rechargeable-vape\/#breadcrumb\"},\"inLanguage\":\"ro-RO\",\"potentialAction\":[{\"@type\":\"ReadAction\",\"target\":[\"https:\/\/vapebulkp.com\/product\/bang-box-35000-puffs-touch-switch-digital-screen-rechargeable-vape\/\"]}]},{\"@type\":\"BreadcrumbList\",\"@id\":\"https:\/\/vapebulkp.com\/product\/bang-box-35000-puffs-touch-switch-digital-screen-rechargeable-vape\/#breadcrumb\",\"itemListElement\":[{\"@type\":\"ListItem\",\"position\":1,\"name\":\"Home\",\"item\":\"https:\/\/vapebulkp.com\/\"},{\"@type\":\"ListItem\",\"position\":2,\"name\":\"Hot Trend Vapes\",\"item\":\"https:\/\/vapebulkp.com\/vape-shop\/\"},{\"@type\":\"ListItem\",\"position\":3,\"name\":\"Bang Box 35000 Puffs Touch Switch Digital Screen Rechargeable Vape\"}]},{\"@type\":\"WebSite\",\"@id\":\"https:\/\/vapebulkp.com\/#website\",\"url\":\"https:\/\/vapebulkp.com\/\",\"name\":\"vapebulkp.com\",\"description\":\"Buy Vape In Cheap Bulk Price Near you\",\"publisher\":{\"@id\":\"https:\/\/vapebulkp.com\/#organization\"},\"potentialAction\":[{\"@type\":\"SearchAction\",\"target\":{\"@type\":\"EntryPoint\",\"urlTemplate\":\"https:\/\/vapebulkp.com\/?s={search_term_string}\"},\"query-input\":\"required name=search_term_string\"}],\"inLanguage\":\"ro-RO\"},{\"@type\":\"Organization\",\"@id\":\"https:\/\/vapebulkp.com\/#organization\",\"name\":\"vapebulkp.com\",\"url\":\"https:\/\/vapebulkp.com\/\",\"logo\":{\"@type\":\"ImageObject\",\"inLanguage\":\"ro-RO\",\"@id\":\"https:\/\/vapebulkp.com\/#\/schema\/logo\/image\/\",\"url\":\"https:\/\/vapebulkp.com\/wp-content\/uploads\/2023\/09\/cropped-vapebulkp.png\",\"contentUrl\":\"https:\/\/vapebulkp.com\/wp-content\/uploads\/2023\/09\/cropped-vapebulkp.png\",\"width\":516,\"height\":163,\"caption\":\"vapebulkp.com\"},\"image\":{\"@id\":\"https:\/\/vapebulkp.com\/#\/schema\/logo\/image\/\"}}]}<\/script>\n<!-- \/ Yoast SEO plugin. -->","yoast_head_json":{"title":"Bang Box 35000 Puffs Touch Switch Digital Screen Rechargeable Vape - vapebulkp.com","description":"Wholesale price Bang Box 35000 Puffs Rechargeable Vape with touch switch, digital screen, and long-lasting performance. Perfect for premium vaping needs!","robots":{"index":"index","follow":"follow","max-snippet":"max-snippet:-1","max-image-preview":"max-image-preview:large","max-video-preview":"max-video-preview:-1"},"canonical":"https:\/\/vapebulkp.com\/ro\/product\/bang-box-35000-puffs-touch-switch-digital-screen-rechargeable-vape\/","og_locale":"ro_RO","og_type":"article","og_title":"Bang Box 35000 Puffs Touch Switch Digital Screen Rechargeable Vape - vapebulkp.com","og_description":"Wholesale price Bang Box 35000 Puffs Rechargeable Vape with touch switch, digital screen, and long-lasting performance. Perfect for premium vaping needs!","og_url":"https:\/\/vapebulkp.com\/ro\/product\/bang-box-35000-puffs-touch-switch-digital-screen-rechargeable-vape\/","og_site_name":"vapebulkp.com","article_modified_time":"2025-09-17T08:32:16+00:00","og_image":[{"width":800,"height":800,"url":"http:\/\/vapebulkp.com\/wp-content\/uploads\/2024\/12\/Bang-Box-35000-puff-Rechargeable-Vapes-Cheap-Price.png","type":"image\/png"}],"twitter_card":"summary_large_image","twitter_misc":{"Timp estimat pentru citire":"4 minute"},"schema":{"@context":"https:\/\/schema.org","@graph":[{"@type":"WebPage","@id":"https:\/\/vapebulkp.com\/product\/bang-box-35000-puffs-touch-switch-digital-screen-rechargeable-vape\/","url":"https:\/\/vapebulkp.com\/product\/bang-box-35000-puffs-touch-switch-digital-screen-rechargeable-vape\/","name":"Bang Box 35000 Puffs Touch Switch Digital Screen Rechargeable Vape - vapebulkp.com","isPartOf":{"@id":"https:\/\/vapebulkp.com\/#website"},"datePublished":"2024-12-24T07:52:32+00:00","dateModified":"2025-09-17T08:32:16+00:00","description":"Wholesale price Bang Box 35000 Puffs Rechargeable Vape with touch switch, digital screen, and long-lasting performance. Perfect for premium vaping needs!","breadcrumb":{"@id":"https:\/\/vapebulkp.com\/product\/bang-box-35000-puffs-touch-switch-digital-screen-rechargeable-vape\/#breadcrumb"},"inLanguage":"ro-RO","potentialAction":[{"@type":"ReadAction","target":["https:\/\/vapebulkp.com\/product\/bang-box-35000-puffs-touch-switch-digital-screen-rechargeable-vape\/"]}]},{"@type":"BreadcrumbList","@id":"https:\/\/vapebulkp.com\/product\/bang-box-35000-puffs-touch-switch-digital-screen-rechargeable-vape\/#breadcrumb","itemListElement":[{"@type":"ListItem","position":1,"name":"Home","item":"https:\/\/vapebulkp.com\/"},{"@type":"ListItem","position":2,"name":"Hot Trend Vapes","item":"https:\/\/vapebulkp.com\/vape-shop\/"},{"@type":"ListItem","position":3,"name":"Bang Box 35000 Puffs Touch Switch Digital Screen Rechargeable Vape"}]},{"@type":"WebSite","@id":"https:\/\/vapebulkp.com\/#website","url":"https:\/\/vapebulkp.com\/","name":"vapebulkp.com","description":"Buy Vape In Cheap Bulk Price Near you","publisher":{"@id":"https:\/\/vapebulkp.com\/#organization"},"potentialAction":[{"@type":"SearchAction","target":{"@type":"EntryPoint","urlTemplate":"https:\/\/vapebulkp.com\/?s={search_term_string}"},"query-input":"required name=search_term_string"}],"inLanguage":"ro-RO"},{"@type":"Organization","@id":"https:\/\/vapebulkp.com\/#organization","name":"vapebulkp.com","url":"https:\/\/vapebulkp.com\/","logo":{"@type":"ImageObject","inLanguage":"ro-RO","@id":"https:\/\/vapebulkp.com\/#\/schema\/logo\/image\/","url":"https:\/\/vapebulkp.com\/wp-content\/uploads\/2023\/09\/cropped-vapebulkp.png","contentUrl":"https:\/\/vapebulkp.com\/wp-content\/uploads\/2023\/09\/cropped-vapebulkp.png","width":516,"height":163,"caption":"vapebulkp.com"},"image":{"@id":"https:\/\/vapebulkp.com\/#\/schema\/logo\/image\/"}}]}},"uagb_featured_image_src":{"full":["https:\/\/vapebulkp.com\/wp-content\/uploads\/2024\/12\/Bang-Box-35000-puff-Rechargeable-Vapes-Cheap-Price.png",800,800,false],"thumbnail":["https:\/\/vapebulkp.com\/wp-content\/uploads\/2024\/12\/Bang-Box-35000-puff-Rechargeable-Vapes-Cheap-Price-150x150.png",150,150,true],"medium":["https:\/\/vapebulkp.com\/wp-content\/uploads\/2024\/12\/Bang-Box-35000-puff-Rechargeable-Vapes-Cheap-Price-300x300.png",300,300,true],"medium_large":["https:\/\/vapebulkp.com\/wp-content\/uploads\/2024\/12\/Bang-Box-35000-puff-Rechargeable-Vapes-Cheap-Price-768x768.png",768,768,true],"large":["https:\/\/vapebulkp.com\/wp-content\/uploads\/2024\/12\/Bang-Box-35000-puff-Rechargeable-Vapes-Cheap-Price.png",800,800,false],"1536x1536":["https:\/\/vapebulkp.com\/wp-content\/uploads\/2024\/12\/Bang-Box-35000-puff-Rechargeable-Vapes-Cheap-Price.png",800,800,false],"2048x2048":["https:\/\/vapebulkp.com\/wp-content\/uploads\/2024\/12\/Bang-Box-35000-puff-Rechargeable-Vapes-Cheap-Price.png",800,800,false],"trp-custom-language-flag":["https:\/\/vapebulkp.com\/wp-content\/uploads\/2024\/12\/Bang-Box-35000-puff-Rechargeable-Vapes-Cheap-Price.png",12,12,false],"woocommerce_thumbnail":["https:\/\/vapebulkp.com\/wp-content\/uploads\/2024\/12\/Bang-Box-35000-puff-Rechargeable-Vapes-Cheap-Price-300x300.png",300,300,true],"woocommerce_single":["https:\/\/vapebulkp.com\/wp-content\/uploads\/2024\/12\/Bang-Box-35000-puff-Rechargeable-Vapes-Cheap-Price-600x600.png",600,600,true],"woocommerce_gallery_thumbnail":["https:\/\/vapebulkp.com\/wp-content\/uploads\/2024\/12\/Bang-Box-35000-puff-Rechargeable-Vapes-Cheap-Price-100x100.png",100,100,true],"wcpr-photo-reviews":["https:\/\/vapebulkp.com\/wp-content\/uploads\/2024\/12\/Bang-Box-35000-puff-Rechargeable-Vapes-Cheap-Price.png",500,500,false]},"uagb_author_info":{"display_name":"Mandy vape bulk price","author_link":"https:\/\/vapebulkp.com\/ro\/author\/"},"uagb_comment_info":0,"uagb_excerpt":"Bang Box 35000 Puffs Vape with touch switch, digital screen, rechargeable design, 2%\/5% nicotine, and long-lasting performance. Perfect for premium vaping. Pls Contact Mandy's WhatsApp For Discount Price+8618077105796 NOTE: Prices on our website does not include shipping costs &nbsp;","_links":{"self":[{"href":"https:\/\/vapebulkp.com\/ro\/wp-json\/wp\/v2\/product\/3277","targetHints":{"allow":["GET"]}}],"collection":[{"href":"https:\/\/vapebulkp.com\/ro\/wp-json\/wp\/v2\/product"}],"about":[{"href":"https:\/\/vapebulkp.com\/ro\/wp-json\/wp\/v2\/types\/product"}],"replies":[{"embeddable":true,"href":"https:\/\/vapebulkp.com\/ro\/wp-json\/wp\/v2\/comments?post=3277"}],"wp:featuredmedia":[{"embeddable":true,"href":"https:\/\/vapebulkp.com\/ro\/wp-json\/wp\/v2\/media\/3270"}],"wp:attachment":[{"href":"https:\/\/vapebulkp.com\/ro\/wp-json\/wp\/v2\/media?parent=3277"}],"wp:term":[{"taxonomy":"product_cat","embeddable":true,"href":"https:\/\/vapebulkp.com\/ro\/wp-json\/wp\/v2\/product_cat?post=3277"},{"taxonomy":"product_tag","embeddable":true,"href":"https:\/\/vapebulkp.com\/ro\/wp-json\/wp\/v2\/product_tag?post=3277"}],"curies":[{"name":"wp","href":"https:\/\/api.w.org\/{rel}","templated":true}]}}