{"id":3278,"date":"2024-12-24T10:37:50","date_gmt":"2024-12-24T09:37:50","guid":{"rendered":"https:\/\/vapebulkp.com\/?post_type=product&#038;p=3278"},"modified":"2025-09-16T11:29:12","modified_gmt":"2025-09-16T09:29:12","slug":"bood-infinity-30000-puff-hot-sale-vape-discount-price","status":"publish","type":"product","link":"https:\/\/vapebulkp.com\/ro\/product\/bood-infinity-30000-puff-hot-sale-vape-discount-price\/","title":{"rendered":"BOOD INFINITY 30000 PUFF V\u00e2nzare Fierbinte Vape Pre\u021b Redus"},"content":{"rendered":"<h2 style=\"text-align: left\">BOOD INFINITY 30000 PUFF V\u00e2nzare Fierbinte Vape Pre\u021b Redus<\/h2>\n<p>P\u0103\u0219e\u0219te \u00een viitorul vapatului cu BOOD INFINITY 30000 PUFF Vape, un dispozitiv care combin\u0103 tehnologia de v\u00e2rf cu performan\u021be de neegalat. Proiectat pentru vaperi care caut\u0103 comoditate \u0219i constan\u021b\u0103, acest vape ofer\u0103 un num\u0103r uimitor de pufuri <strong>30.000 de pufuri<\/strong>, asigur\u00e2nd o longevitate care acoper\u0103 utilizarea pe parcursul \u00eentregii zile \u0219i pe termen lung.<\/p>\n<p>Echipat cu un ecran inovator care afi\u0219eaz\u0103 <strong>lichidul pentru \u021bigara electronic\u0103<\/strong>\u0219i nivelul bateriei, utilizatorii pot monitoriza cu u\u0219urin\u021b\u0103 nivelurile, elimin\u00e2nd orice incertitudine. Tehnologia <strong>Bobin\u0103 cu plas\u0103 dubl\u0103<\/strong> garanteaz\u0103 o vap\u0103 bogat\u0103 \u0219i fin\u0103 la fiecare tragere, \u00een timp ce <strong>flux de aer reglabil<\/strong> \u00ee\u021bi permite s\u0103-\u021bi personalizezi experien\u021ba de vapat pentru a se potrivi preferin\u021belor tale. Alimentat de o <strong>re\u00eenc\u0103rcabil\u0103 de 650mAh<\/strong>baterie re\u00eenc\u0103rcabil\u0103<\/p>\n<p>, BOOD INFINITY este at\u00e2t ecologic, c\u00e2t \u0219i fiabil. <strong>Disponibil la Vapebulkp.com, acest dispozitiv de \u00eenalt\u0103 performan\u021b\u0103 combin\u0103 stilul, func\u021bionalitatea \u0219i accesibilitatea. Fie c\u0103 e\u0219ti nou \u00een lumea vapatului sau un entuziast experimentat, dispozitivul\u00a0 <a href=\"https:\/\/vapebulkp.com\/ro\/product-category\/30000-puff-disposable-vape\/\">BOOD INFINITY<\/a><\/strong>\u00a030000 PUFFS de unic\u0103 folosin\u021b\u0103 <strong>este solu\u021bia suprem\u0103 pentru cei care caut\u0103 o experien\u021b\u0103 de vapat premium, f\u0103r\u0103 complica\u021bii. Profit\u0103 de<\/strong> pre\u021bul redus la oferta special\u0103 de \u021big\u0103ri electronice<\/p>\n<h6>V\u0103 rug\u0103m contacta\u021bi-o pe Mandy pe WhatsApp pentru un pre\u021b redus<a href=\"https:\/\/wa.me\/8618077105796\">+8618077105796<\/a><\/h6>\n<p><img decoding=\"async\" class=\"alignnone wp-image-2151\" src=\"http:\/\/vapebulkp.com\/wp-content\/uploads\/2024\/04\/Mandy-WhatsApp-Randm.jpg\" alt=\"RandM Mandy WhatsApp\" width=\"324\" height=\"330\" \/><\/p>\n<div class=\"flex max-w-full flex-col flex-grow\">\n<div class=\"min-h-8 text-message flex w-full flex-col items-end gap-2 whitespace-normal break-words text-start [.text-message+&amp;]:mt-5\" dir=\"auto\" data-message-author-role=\"assistant\" data-message-id=\"d24cf626-c018-4805-80f5-44de047f2ba0\" data-message-model-slug=\"gpt-4o\">\n<div class=\"flex w-full flex-col gap-1 empty:hidden first:pt-[3px]\">\n<div class=\"markdown prose w-full break-words dark:prose-invert light\">\n<h2><strong>\u0219i \u00eembun\u0103t\u0103\u021be\u0219te-\u021bi experien\u021ba de vapat ast\u0103zi!<\/strong><\/h2>\n<ol>\n<li><strong>Durat\u0103 de via\u021b\u0103 f\u0103r\u0103 egal<\/strong>De ce s\u0103 alegi \u021bigara electronic\u0103 cu num\u0103r mare de pufuri BOOD INFINITY 30.000 Puffs de la Vapebulkp.com?<\/li>\n<li><strong>Caracteristici inovatoare<\/strong>Longevitate extins\u0103: Cu 30.000 de pufuri, BOOD INFINITY 30000 Puffs ofer\u0103 o utilizare extins\u0103, perfect\u0103 pentru entuzia\u0219tii vapatului de zi cu zi \u0219i pentru cei care prefer\u0103 mai pu\u021bine \u00eenlocuiri. <strong>lichidul pentru \u021bigara electronic\u0103<\/strong>, <strong>Bobin\u0103 cu plas\u0103 dubl\u0103<\/strong> pentru vapori netezi, <strong>flux de aer reglabil<\/strong> pentru o experien\u021b\u0103 personalizat\u0103, \u0219i o <strong>re\u00eenc\u0103rcabil\u0103 de 650mAh<\/strong>, asigur\u00e2nd confort \u0219i calitate.<\/li>\n<li><strong>Platform\u0103 Fiabil\u0103 \u0219i De \u00cencredere<\/strong>: Vapebulkp.com ofer\u0103 pre\u021buri competitive, livrare rapid\u0103 \u00een toat\u0103 Europa \u0219i servicii excelente pentru clien\u021bi, fiind o surs\u0103 de referin\u021b\u0103 pentru produsele de vapat.<\/li>\n<\/ol>\n<h3>Alte Bestseller-uri pe Vapebulkp.com:<\/h3>\n<ol>\n<li><strong>Bang King 36.000 Pufuri<\/strong>: O op\u021biune de v\u00e2rf cu un ecran LCD cu recunoa\u0219tere a amprentei, capacitate de 36ml de e-lichid \u0219i \u00eenc\u0103rcare de tip C.<\/li>\n<li><strong>Vapme Shisha Pro Max 20.000 Pufuri<\/strong>: Design elegant, capacitate de 28ml de lichid de vapat, rezisten\u021b\u0103 de 0.6\u03a9 tip mesh \u0219i o experien\u021b\u0103 de vapat direct-\u00een-pl\u0103m\u00e2ni.<\/li>\n<li><strong>Randm Tornado 30.000 Pufuri<\/strong>: Dispune de lumini LED \u0219i o op\u021biune de sincronizare a muzicii, ideal pentru utilizatorii care caut\u0103 distrac\u021bie \u0219i inova\u021bie.<\/li>\n<li><strong>Waspe AIVIOU 25.000 Pufuri<\/strong>: Ecologic \u0219i echipat cu tehnologie dual mesh coil pentru o arom\u0103 excelent\u0103.<\/li>\n<li><strong>ELFWORLD Plus 20.000 Pufuri<\/strong>: Design u\u0219or \u0219i portabil, cu accent pe vapatul fin \u0219i arome unice.<\/li>\n<\/ol>\n<p>La Vapebulkp.com, vei g\u0103si o selec\u021bie diversificat\u0103 de vape-uri de unic\u0103 folosin\u021b\u0103 premium, adaptate nevoilor clien\u021bilor europeni.<\/p>\n<\/div>\n<\/div>\n<\/div>\n<\/div>\n<h3><strong>Specifica\u021bii vape-urilor de unic\u0103 folosin\u021b\u0103 BOOD INFINITY 30k Puffs:<\/strong><\/h3>\n<ul>\n<li><strong>30K Puf<\/strong>: Rezist\u0103 p\u00e2n\u0103 la 30,000 de pufuri.<\/li>\n<li><strong>lichidul pentru \u021bigara electronic\u0103<\/strong>: Afi\u0219eaz\u0103 nivelul de e-lichid \u0219i starea bateriei.<\/li>\n<li><strong>Bobin\u0103 cu plas\u0103 dubl\u0103<\/strong>: Asigur\u0103 un abur mai fin \u0219i mai dens.<\/li>\n<li><strong>Re\u00eenc\u0103rcabil<\/strong>: Echipat cu o baterie re\u00eenc\u0103rcabil\u0103.<\/li>\n<li><strong>Flux de aer ajustabil<\/strong>: Personalizeaz\u0103 fluxul de aer pentru a-\u021bi alege tipul preferat de tragere.<\/li>\n<li><strong>Baterie 650mAh<\/strong>: Capacitate de putere fiabil\u0103 pentru utilizare extins\u0103.<\/li>\n<\/ul>\n<p>&nbsp;<\/p>\n<h3><strong>Pre\u021b de en-gros \u021big\u0103ri electronice BOOD INFINITY 30000 pufuri List\u0103 arome<\/strong><\/h3>\n<p>1 C\u0102P\u0218UNI PEPENE VERDE<br \/>\n2 PIERSICI MANGO ANANAS<br \/>\n3 LUSH ICE<br \/>\n4 BERRY BURST<br \/>\n5 C\u0102P\u0218UN\u0102 KIWI<br \/>\n6 HAWAII<br \/>\n7 BLUE RAZZ ICE<br \/>\n8 LIMONAD\u0102 DE AFINE<br \/>\n9 BLACK ICE<br \/>\n10 TIFFANY<\/p>\n<p><a href=\"https:\/\/vapebulkp.com\/ro\/product\/aivono-curved-smart-screen-35000-puffs-disposable-vape-wholesale-price\/\"><span style=\"vertical-align: inherit\">Aivono 35000 Pufuri <\/span><\/a><\/p>\n<p><span style=\"vertical-align: inherit\">G\u0103se\u0219te mai multe produse care \u021bi-ar putea pl\u0103cea:<\/span><em><a href=\"https:\/\/wa.me\/8618077105796\"><span style=\"vertical-align: inherit\">\u00a0Cump\u0103r\u0103-l acum<\/span><\/a><\/em><\/p>\n<p><span style=\"vertical-align: inherit\">Alte Inhala\u021bii care \u021bi-ar putea pl\u0103cea:<\/span><a href=\"https:\/\/vapebulkp.com\/ro\/product\/wholesale-price-bang-kingdoms-rex-32000-puffs-vape-pod\/\"><span style=\"vertical-align: inherit\">Bang Kingdoms 32000 Pufuri<\/span><\/a><span style=\"vertical-align: inherit\">\u3001<\/span><a href=\"https:\/\/vapebulkp.com\/ro\/product\/vookbar-30000-puffs-touch-screen-disposable-vapes-wholesale-price\/\"><span style=\"vertical-align: inherit\">Vookbar 30000 de pufuri<\/span><\/a><span style=\"vertical-align: inherit\">\/ <\/span><a href=\"https:\/\/vapebulkp.com\/ro\/product\/vapsolo-best-quality-viking-12k-puffs-disposable-vapes\/\"><span style=\"vertical-align: inherit\">Vapsolo viking 12000 Pufuri<\/span><\/a><span style=\"vertical-align: inherit\">\/ <\/span><a href=\"https:\/\/vapebulkp.com\/ro\/product\/waspe-vape-40000-puff-fihp-double-flavour-disposable-vape\/\"><span style=\"vertical-align: inherit\">WASPE 40000 Puffs<\/span><\/a><\/p>\n<p><span style=\"vertical-align: inherit\">Sticl\u0103 de \u021bigar\u0103 electronic\u0103 cu form\u0103 special\u0103:<\/span><a href=\"https:\/\/vapebulkp.com\/ro\/product\/vapsolo-feed-bar-shisha-vape-15000-puffs-wholesale-price\/\"><span style=\"vertical-align: inherit\"> Narghilea Vapsolo 15000 pufuri<\/span><\/a><span style=\"vertical-align: inherit\">\/ <\/span><a href=\"https:\/\/vapebulkp.com\/ro\/fi\/product\/best-price-wga-crystal-pro-max-15k-puffs-original-vape\/\"><span style=\"vertical-align: inherit\">\u00a0WGA Crystal pro max 15k Pufuri <\/span><\/a><span style=\"vertical-align: inherit\">\/<\/span><a href=\"https:\/\/vapebulkp.com\/ro\/product\/bang-box-35000-puffs-touch-switch-digital-screen-rechargeable-vape\/\"><span style=\"vertical-align: inherit\"> Bang Box 35000 de pufuri<\/span><\/a><\/p>\n<h4>\u00centreb\u0103ri frecvente despre BOOD INFINITY 30000 Puffs Vape Pods<\/h4>\n<p><strong>1. Ce face unic BOOD INFINITY 30.000 Puffs?<\/strong><br \/>\nBOOD INFINITY are o capacitate impresionant\u0103 de 30.000 de pufuri, un ecran inteligent pentru a monitoriza utilizarea \u0219i bateria, o rezisten\u021b\u0103 cu plas\u0103 pentru o calitate \u00eembun\u0103t\u0103\u021bit\u0103 a vaporilor, un flux de aer reglabil \u0219i o baterie re\u00eenc\u0103rcabil\u0103 pentru o performan\u021b\u0103 de lung\u0103 durat\u0103. <strong>lichidul pentru \u021bigara electronic\u0103<\/strong> pentru a monitoriza utilizarea \u0219i bateria, un <strong>Bobin\u0103 cu plas\u0103 dubl\u0103<\/strong> pentru o calitate \u00eembun\u0103t\u0103\u021bit\u0103 a vaporilor, un flux de aer reglabil \u0219i un <strong>650mAh<\/strong> pentru o performan\u021b\u0103 de lung\u0103 durat\u0103.<\/p>\n<p><strong>2. Cum \u00eencarc BOOD INFINITY 30K VAPES?<\/strong><br \/>\nPur \u0219i simplu conecta\u021bi dispozitivul la un \u00eenc\u0103rc\u0103tor USB folosind cablul corespunz\u0103tor. Este proiectat cu capacit\u0103\u021bi re\u00eenc\u0103rcabile pentru a v\u0103 asigura c\u0103 profita\u021bi la maximum de dispozitivul dumneavoastr\u0103.<\/p>\n<p><strong>3. \u00cemi pot personaliza experien\u021ba de vapat cu bood vape 30000 pufuri?<\/strong><br \/>\n2. Pot ajusta concentra\u021bia de nicotin\u0103 \u0219i efectul de r\u0103cire pentru zooy zero 45k puffs? <strong>flux de aer reglabil<\/strong> v\u0103 permite s\u0103 adapta\u021bi tragerea dup\u0103 preferin\u021ba dumneavoastr\u0103, indiferent dac\u0103 v\u0103 place o inhalare str\u00e2ns\u0103 sau una aerisit\u0103.<\/p>\n<p><strong>4. Ce tip de rezisten\u021b\u0103 are bood vape 30k pufuri <\/strong><strong>?<\/strong><br \/>\nBOOD INFINITY VAPES 30000 PUFFS utilizeaz\u0103 <strong>tehnologia Double Mesh Coil<\/strong>, oferind inhal\u0103ri mai fine \u0219i o produc\u021bie de arom\u0103 mai consistent\u0103.<\/p>\n<p><strong>5. De unde pot cump\u0103ra VAPE-urile WHOLESALE BOOD INFINITY 30K?<\/strong><br \/>\nPute\u021bi achizi\u021biona acest vape premium de la <strong>Vapebulkp.com<\/strong>, o platform\u0103 de \u00eencredere pentru produse de vaping de \u00eenalt\u0103 calitate, cu servicii excelente pentru clien\u021bi \u0219i livrare rapid\u0103.<\/p>\n<p>&nbsp;<\/p>\n<h5>Detaliile de expediere:<\/h5>\n<p><span style=\"color: #ff6600\">Timp de produc\u021bie: 5-10 zile lucr\u0103toare<\/span><br \/>\n<span style=\"color: #ff6600\">Timp de livrare: 8-14 zile lucr\u0103toare<\/span><\/p>\n<p>Toate produsele din magazinul nostru sunt 100% originale \u0219i autentice, deci politica magazinului nostru este compensarea de zece ori pentru bunurile contraf\u0103cute. Folosim canale logistice precum UPS\/DHL\/FEDEX\/DPD pentru a v\u0103 livra m\u0103rfurile.<\/p>\n<p>Pentru coletele expediate \u00een Rom\u00e2nia, de obicei dureaz\u0103 10 zile lucr\u0103toare s\u0103 ajung\u0103. Expedierea c\u0103tre \u021b\u0103rile europene dureaz\u0103 de obicei 12 p\u00e2n\u0103 la 15 zile lucr\u0103toare. Vom actualiza informa\u021biile logistice pentru dumneavoastr\u0103 \u00een timp real.<\/p>","protected":false},"excerpt":{"rendered":"<p>BOOD INFINITY 30000 Puffs Vape \u2013 Ofert\u0103 special\u0103! Calitate premium, performan\u021b\u0103 de lung\u0103 durat\u0103 \u0219i pre\u021buri reduse imbatabile. Comand\u0103 acum pentru cea mai bun\u0103 ofert\u0103 la \u021big\u0103ri electronice!<\/p>\n<p>V\u0103 rug\u0103m contacta\u021bi-o pe Mandy pe WhatsApp pentru un pre\u021b redus<a href=\"https:\/\/wa.me\/8618077105796\">+8618077105796<\/a><\/p>\n<p><img decoding=\"async\" class=\"alignnone wp-image-2151\" src=\"http:\/\/vapebulkp.com\/wp-content\/uploads\/2024\/04\/Mandy-WhatsApp-Randm.jpg\" alt=\"RandM Mandy WhatsApp\" width=\"297\" height=\"316\" srcset=\"https:\/\/vapebulkp.com\/wp-content\/uploads\/2024\/04\/Mandy-WhatsApp-Randm.jpg 916w, https:\/\/vapebulkp.com\/wp-content\/uploads\/2024\/04\/Mandy-WhatsApp-Randm-282x300.jpg 282w, https:\/\/vapebulkp.com\/wp-content\/uploads\/2024\/04\/Mandy-WhatsApp-Randm-768x817.jpg 768w, https:\/\/vapebulkp.com\/wp-content\/uploads\/2024\/04\/Mandy-WhatsApp-Randm-600x638.jpg 600w\" sizes=\"(max-width: 297px) 100vw, 297px\" \/><\/p>\n<p><span style=\"color: #ff0000\">NOT\u0102: Pre\u021burile de pe site-ul nostru nu includ costurile de transport<\/span><\/p>\n<p>&nbsp;<\/p>","protected":false},"featured_media":3284,"comment_status":"open","ping_status":"closed","template":"","meta":{"_uag_custom_page_level_css":"","_lmt_disableupdate":"no","_lmt_disable":"","site-sidebar-layout":"default","site-content-layout":"content-boxed-container","ast-site-content-layout":"normal-width-container","site-content-style":"boxed","site-sidebar-style":"unboxed","ast-global-header-display":"","ast-banner-title-visibility":"","ast-main-header-display":"","ast-hfb-above-header-display":"","ast-hfb-below-header-display":"","ast-hfb-mobile-header-display":"","site-post-title":"","ast-breadcrumbs-content":"","ast-featured-img":"","footer-sml-layout":"","theme-transparent-header-meta":"default","adv-header-id-meta":"","stick-header-meta":"","header-above-stick-meta":"","header-main-stick-meta":"","header-below-stick-meta":"","astra-migrate-meta-layouts":"set","_joinchat":[]},"product_cat":[190,153,155,346,33,59,100,87,34,158,157,154,152,58,84,156,63,32],"product_tag":[187,36,37,41,40],"class_list":["post-3278","product","type-product","status-publish","has-post-thumbnail","hentry","product_cat-35000-puffs-disposable-vape","product_cat-hot-disposable-vapes","product_cat-belgium-hot-disposable-vapes","product_cat-bood-vapes","product_cat-france-vape-hot-sale","product_cat-germany-hot-disposable-vape","product_cat-germany-wholesale-vape-shop","product_cat-minimum-order-quantity-50pcs","product_cat-netherlands-vape-good-sale","product_cat-norway-hot-disposable-vapes","product_cat-poland-hot-disposable-vapes","product_cat-portugal-hot-disposable-vapes","product_cat-spain-hot-disposable-vapes","product_cat-sweden-hot-disposable-vape","product_cat-sweden-wholesale-vape","product_cat-switzerland-hot-disposable-vapes","product_cat-top-sale-disposable-vape","product_cat-vape-hot-sale-this-week","product_tag-30000-puffs","product_tag-good-vape","product_tag-hot-sale-disposable-vape","product_tag-poland-hot-vape","product_tag-sweden-hot-vape","pa_brand-bood-vape","desktop-align-left","tablet-align-left","mobile-align-left"],"yoast_head":"<!-- This site is optimized with the Yoast SEO plugin v21.1 - https:\/\/yoast.com\/wordpress\/plugins\/seo\/ -->\n<title>BOOD INFINITY 30000 PUFF Hot Sale Vape Discount Price - vapebulkp.com<\/title>\n<meta name=\"description\" content=\"BOOD INFINITY 30000 Puffs Wholesale Vape \u2013 Hot Sale! Long-lasting, stylish, and budget-friendly. Grab this top-quality vape at a discounted price today!\" \/>\n<meta name=\"robots\" content=\"index, follow, max-snippet:-1, max-image-preview:large, max-video-preview:-1\" \/>\n<link rel=\"canonical\" href=\"https:\/\/vapebulkp.com\/ro\/product\/bood-infinity-30000-puff-hot-sale-vape-discount-price\/\" \/>\n<meta property=\"og:locale\" content=\"ro_RO\" \/>\n<meta property=\"og:type\" content=\"article\" \/>\n<meta property=\"og:title\" content=\"BOOD INFINITY 30000 PUFF Hot Sale Vape Discount Price - vapebulkp.com\" \/>\n<meta property=\"og:description\" content=\"BOOD INFINITY 30000 Puffs Wholesale Vape \u2013 Hot Sale! Long-lasting, stylish, and budget-friendly. Grab this top-quality vape at a discounted price today!\" \/>\n<meta property=\"og:url\" content=\"https:\/\/vapebulkp.com\/ro\/product\/bood-infinity-30000-puff-hot-sale-vape-discount-price\/\" \/>\n<meta property=\"og:site_name\" content=\"vapebulkp.com\" \/>\n<meta property=\"article:modified_time\" content=\"2025-09-16T09:29:12+00:00\" \/>\n<meta property=\"og:image\" content=\"http:\/\/vapebulkp.com\/wp-content\/uploads\/2024\/12\/bulk-buy-vapes-bood-infinity-30k-puffs-blue-razz-ice.png\" \/>\n\t<meta property=\"og:image:width\" content=\"800\" \/>\n\t<meta property=\"og:image:height\" content=\"800\" \/>\n\t<meta property=\"og:image:type\" content=\"image\/png\" \/>\n<meta name=\"twitter:card\" content=\"summary_large_image\" \/>\n<meta name=\"twitter:label1\" content=\"Timp estimat pentru citire\" \/>\n\t<meta name=\"twitter:data1\" content=\"4 minute\" \/>\n<script type=\"application\/ld+json\" class=\"yoast-schema-graph\">{\"@context\":\"https:\/\/schema.org\",\"@graph\":[{\"@type\":\"WebPage\",\"@id\":\"https:\/\/vapebulkp.com\/product\/bood-infinity-30000-puff-hot-sale-vape-discount-price\/\",\"url\":\"https:\/\/vapebulkp.com\/product\/bood-infinity-30000-puff-hot-sale-vape-discount-price\/\",\"name\":\"BOOD INFINITY 30000 PUFF Hot Sale Vape Discount Price - vapebulkp.com\",\"isPartOf\":{\"@id\":\"https:\/\/vapebulkp.com\/#website\"},\"datePublished\":\"2024-12-24T09:37:50+00:00\",\"dateModified\":\"2025-09-16T09:29:12+00:00\",\"description\":\"BOOD INFINITY 30000 Puffs Wholesale Vape \u2013 Hot Sale! Long-lasting, stylish, and budget-friendly. Grab this top-quality vape at a discounted price today!\",\"breadcrumb\":{\"@id\":\"https:\/\/vapebulkp.com\/product\/bood-infinity-30000-puff-hot-sale-vape-discount-price\/#breadcrumb\"},\"inLanguage\":\"ro-RO\",\"potentialAction\":[{\"@type\":\"ReadAction\",\"target\":[\"https:\/\/vapebulkp.com\/product\/bood-infinity-30000-puff-hot-sale-vape-discount-price\/\"]}]},{\"@type\":\"BreadcrumbList\",\"@id\":\"https:\/\/vapebulkp.com\/product\/bood-infinity-30000-puff-hot-sale-vape-discount-price\/#breadcrumb\",\"itemListElement\":[{\"@type\":\"ListItem\",\"position\":1,\"name\":\"Home\",\"item\":\"https:\/\/vapebulkp.com\/\"},{\"@type\":\"ListItem\",\"position\":2,\"name\":\"Hot Trend Vapes\",\"item\":\"https:\/\/vapebulkp.com\/vape-shop\/\"},{\"@type\":\"ListItem\",\"position\":3,\"name\":\"BOOD INFINITY 30000 PUFF Hot Sale Vape Discount Price\"}]},{\"@type\":\"WebSite\",\"@id\":\"https:\/\/vapebulkp.com\/#website\",\"url\":\"https:\/\/vapebulkp.com\/\",\"name\":\"vapebulkp.com\",\"description\":\"Buy Vape In Cheap Bulk Price Near you\",\"publisher\":{\"@id\":\"https:\/\/vapebulkp.com\/#organization\"},\"potentialAction\":[{\"@type\":\"SearchAction\",\"target\":{\"@type\":\"EntryPoint\",\"urlTemplate\":\"https:\/\/vapebulkp.com\/?s={search_term_string}\"},\"query-input\":\"required name=search_term_string\"}],\"inLanguage\":\"ro-RO\"},{\"@type\":\"Organization\",\"@id\":\"https:\/\/vapebulkp.com\/#organization\",\"name\":\"vapebulkp.com\",\"url\":\"https:\/\/vapebulkp.com\/\",\"logo\":{\"@type\":\"ImageObject\",\"inLanguage\":\"ro-RO\",\"@id\":\"https:\/\/vapebulkp.com\/#\/schema\/logo\/image\/\",\"url\":\"https:\/\/vapebulkp.com\/wp-content\/uploads\/2023\/09\/cropped-vapebulkp.png\",\"contentUrl\":\"https:\/\/vapebulkp.com\/wp-content\/uploads\/2023\/09\/cropped-vapebulkp.png\",\"width\":516,\"height\":163,\"caption\":\"vapebulkp.com\"},\"image\":{\"@id\":\"https:\/\/vapebulkp.com\/#\/schema\/logo\/image\/\"}}]}<\/script>\n<!-- \/ Yoast SEO plugin. -->","yoast_head_json":{"title":"BOOD INFINITY 30000 PUFF Hot Sale Vape Discount Price - vapebulkp.com","description":"BOOD INFINITY 30000 Puffs Wholesale Vape \u2013 Hot Sale! Long-lasting, stylish, and budget-friendly. Grab this top-quality vape at a discounted price today!","robots":{"index":"index","follow":"follow","max-snippet":"max-snippet:-1","max-image-preview":"max-image-preview:large","max-video-preview":"max-video-preview:-1"},"canonical":"https:\/\/vapebulkp.com\/ro\/product\/bood-infinity-30000-puff-hot-sale-vape-discount-price\/","og_locale":"ro_RO","og_type":"article","og_title":"BOOD INFINITY 30000 PUFF Hot Sale Vape Discount Price - vapebulkp.com","og_description":"BOOD INFINITY 30000 Puffs Wholesale Vape \u2013 Hot Sale! Long-lasting, stylish, and budget-friendly. Grab this top-quality vape at a discounted price today!","og_url":"https:\/\/vapebulkp.com\/ro\/product\/bood-infinity-30000-puff-hot-sale-vape-discount-price\/","og_site_name":"vapebulkp.com","article_modified_time":"2025-09-16T09:29:12+00:00","og_image":[{"width":800,"height":800,"url":"http:\/\/vapebulkp.com\/wp-content\/uploads\/2024\/12\/bulk-buy-vapes-bood-infinity-30k-puffs-blue-razz-ice.png","type":"image\/png"}],"twitter_card":"summary_large_image","twitter_misc":{"Timp estimat pentru citire":"4 minute"},"schema":{"@context":"https:\/\/schema.org","@graph":[{"@type":"WebPage","@id":"https:\/\/vapebulkp.com\/product\/bood-infinity-30000-puff-hot-sale-vape-discount-price\/","url":"https:\/\/vapebulkp.com\/product\/bood-infinity-30000-puff-hot-sale-vape-discount-price\/","name":"BOOD INFINITY 30000 PUFF Hot Sale Vape Discount Price - vapebulkp.com","isPartOf":{"@id":"https:\/\/vapebulkp.com\/#website"},"datePublished":"2024-12-24T09:37:50+00:00","dateModified":"2025-09-16T09:29:12+00:00","description":"BOOD INFINITY 30000 Puffs Wholesale Vape \u2013 Hot Sale! Long-lasting, stylish, and budget-friendly. Grab this top-quality vape at a discounted price today!","breadcrumb":{"@id":"https:\/\/vapebulkp.com\/product\/bood-infinity-30000-puff-hot-sale-vape-discount-price\/#breadcrumb"},"inLanguage":"ro-RO","potentialAction":[{"@type":"ReadAction","target":["https:\/\/vapebulkp.com\/product\/bood-infinity-30000-puff-hot-sale-vape-discount-price\/"]}]},{"@type":"BreadcrumbList","@id":"https:\/\/vapebulkp.com\/product\/bood-infinity-30000-puff-hot-sale-vape-discount-price\/#breadcrumb","itemListElement":[{"@type":"ListItem","position":1,"name":"Home","item":"https:\/\/vapebulkp.com\/"},{"@type":"ListItem","position":2,"name":"Hot Trend Vapes","item":"https:\/\/vapebulkp.com\/vape-shop\/"},{"@type":"ListItem","position":3,"name":"BOOD INFINITY 30000 PUFF Hot Sale Vape Discount Price"}]},{"@type":"WebSite","@id":"https:\/\/vapebulkp.com\/#website","url":"https:\/\/vapebulkp.com\/","name":"vapebulkp.com","description":"Buy Vape In Cheap Bulk Price Near you","publisher":{"@id":"https:\/\/vapebulkp.com\/#organization"},"potentialAction":[{"@type":"SearchAction","target":{"@type":"EntryPoint","urlTemplate":"https:\/\/vapebulkp.com\/?s={search_term_string}"},"query-input":"required name=search_term_string"}],"inLanguage":"ro-RO"},{"@type":"Organization","@id":"https:\/\/vapebulkp.com\/#organization","name":"vapebulkp.com","url":"https:\/\/vapebulkp.com\/","logo":{"@type":"ImageObject","inLanguage":"ro-RO","@id":"https:\/\/vapebulkp.com\/#\/schema\/logo\/image\/","url":"https:\/\/vapebulkp.com\/wp-content\/uploads\/2023\/09\/cropped-vapebulkp.png","contentUrl":"https:\/\/vapebulkp.com\/wp-content\/uploads\/2023\/09\/cropped-vapebulkp.png","width":516,"height":163,"caption":"vapebulkp.com"},"image":{"@id":"https:\/\/vapebulkp.com\/#\/schema\/logo\/image\/"}}]}},"uagb_featured_image_src":{"full":["https:\/\/vapebulkp.com\/wp-content\/uploads\/2024\/12\/bulk-buy-vapes-bood-infinity-30k-puffs-blue-razz-ice.png",800,800,false],"thumbnail":["https:\/\/vapebulkp.com\/wp-content\/uploads\/2024\/12\/bulk-buy-vapes-bood-infinity-30k-puffs-blue-razz-ice-150x150.png",150,150,true],"medium":["https:\/\/vapebulkp.com\/wp-content\/uploads\/2024\/12\/bulk-buy-vapes-bood-infinity-30k-puffs-blue-razz-ice-300x300.png",300,300,true],"medium_large":["https:\/\/vapebulkp.com\/wp-content\/uploads\/2024\/12\/bulk-buy-vapes-bood-infinity-30k-puffs-blue-razz-ice-768x768.png",768,768,true],"large":["https:\/\/vapebulkp.com\/wp-content\/uploads\/2024\/12\/bulk-buy-vapes-bood-infinity-30k-puffs-blue-razz-ice.png",800,800,false],"1536x1536":["https:\/\/vapebulkp.com\/wp-content\/uploads\/2024\/12\/bulk-buy-vapes-bood-infinity-30k-puffs-blue-razz-ice.png",800,800,false],"2048x2048":["https:\/\/vapebulkp.com\/wp-content\/uploads\/2024\/12\/bulk-buy-vapes-bood-infinity-30k-puffs-blue-razz-ice.png",800,800,false],"trp-custom-language-flag":["https:\/\/vapebulkp.com\/wp-content\/uploads\/2024\/12\/bulk-buy-vapes-bood-infinity-30k-puffs-blue-razz-ice.png",12,12,false],"woocommerce_thumbnail":["https:\/\/vapebulkp.com\/wp-content\/uploads\/2024\/12\/bulk-buy-vapes-bood-infinity-30k-puffs-blue-razz-ice-300x300.png",300,300,true],"woocommerce_single":["https:\/\/vapebulkp.com\/wp-content\/uploads\/2024\/12\/bulk-buy-vapes-bood-infinity-30k-puffs-blue-razz-ice-600x600.png",600,600,true],"woocommerce_gallery_thumbnail":["https:\/\/vapebulkp.com\/wp-content\/uploads\/2024\/12\/bulk-buy-vapes-bood-infinity-30k-puffs-blue-razz-ice-100x100.png",100,100,true],"wcpr-photo-reviews":["https:\/\/vapebulkp.com\/wp-content\/uploads\/2024\/12\/bulk-buy-vapes-bood-infinity-30k-puffs-blue-razz-ice.png",500,500,false]},"uagb_author_info":{"display_name":"Mandy vape bulk price","author_link":"https:\/\/vapebulkp.com\/ro\/author\/"},"uagb_comment_info":0,"uagb_excerpt":"BOOD INFINITY 30000 Puffs Vape - Hot Sale! Premium quality, long-lasting performance, and unbeatable discount prices. Order now for the best vaping deal! Pls Contact Mandy's WhatsApp For Discount Price+8618077105796 NOTE: Prices on our website does not include shipping costs &nbsp;","_links":{"self":[{"href":"https:\/\/vapebulkp.com\/ro\/wp-json\/wp\/v2\/product\/3278","targetHints":{"allow":["GET"]}}],"collection":[{"href":"https:\/\/vapebulkp.com\/ro\/wp-json\/wp\/v2\/product"}],"about":[{"href":"https:\/\/vapebulkp.com\/ro\/wp-json\/wp\/v2\/types\/product"}],"replies":[{"embeddable":true,"href":"https:\/\/vapebulkp.com\/ro\/wp-json\/wp\/v2\/comments?post=3278"}],"wp:featuredmedia":[{"embeddable":true,"href":"https:\/\/vapebulkp.com\/ro\/wp-json\/wp\/v2\/media\/3284"}],"wp:attachment":[{"href":"https:\/\/vapebulkp.com\/ro\/wp-json\/wp\/v2\/media?parent=3278"}],"wp:term":[{"taxonomy":"product_cat","embeddable":true,"href":"https:\/\/vapebulkp.com\/ro\/wp-json\/wp\/v2\/product_cat?post=3278"},{"taxonomy":"product_tag","embeddable":true,"href":"https:\/\/vapebulkp.com\/ro\/wp-json\/wp\/v2\/product_tag?post=3278"}],"curies":[{"name":"wp","href":"https:\/\/api.w.org\/{rel}","templated":true}]}}