{"id":3292,"date":"2024-12-28T09:21:22","date_gmt":"2024-12-28T08:21:22","guid":{"rendered":"https:\/\/vapebulkp.com\/?post_type=product&#038;p=3292"},"modified":"2025-09-24T05:21:17","modified_gmt":"2025-09-24T03:21:17","slug":"cheap-price-uwin-shisha-hookah-crystal-20000-puffs-rechargeable-vape","status":"publish","type":"product","link":"https:\/\/vapebulkp.com\/ro\/produs\/cheap-price-uwin-shisha-hookah-crystal-20000-puffs-rechargeable-vape\/","title":{"rendered":"Pre\u021b Ieftin Uwin SHISHA HOOKAH Crystal 20000 Pufuri Vape Re\u00eenc\u0103rcabil"},"content":{"rendered":"<h2 style=\"text-align: left\">Pre\u021b Ieftin Uwin SHISHA HOOKAH Crystal 20000 Pufuri Vape Re\u00eenc\u0103rcabil<\/h2>\n<p data-start=\"150\" data-end=\"458\">The <strong data-start=\"154\" data-end=\"196\">Uwin Shisha Hookah Cristal 20000 Pufuri<\/strong> este un <strong data-start=\"202\" data-end=\"235\">\u021bigar\u0103 electronic\u0103 de unic\u0103 folosin\u021b\u0103 de mare capacitate<\/strong> conceput pentru <strong data-start=\"249\" data-end=\"280\">pasiona\u021bii de vapat din Rom\u00e2nia<\/strong> care caut\u0103 performan\u021b\u0103 consistent\u0103 \u0219i arom\u0103 bogat\u0103. Fiecare dispozitiv este preumplut cu 25ml de <strong data-start=\"369\" data-end=\"399\">vap\u0103 premium cu sare de nicotin\u0103<\/strong>, oferind trageri fine \u0219i satisf\u0103c\u0103toare de p\u00e2n\u0103 la 20.000 de pufuri.<\/p>\n<p data-start=\"460\" data-end=\"780\">Echipat cu <strong data-start=\"474\" data-end=\"503\">vap\u0103 cu tehnologie de bobin\u0103 tip mesh<\/strong>, Uwin Shisha Hookah Crystal \u00eembun\u0103t\u0103\u021be\u0219te intensitatea aromei \u0219i densitatea aburului, ideal\u0103 pentru <strong data-start=\"591\" data-end=\"622\">vaping direct-\u00een-pl\u0103m\u00e2ni (DTL)<\/strong> \u0219i pentru crearea de nori gro\u0219i \u0219i aroma\u021bi. Disponibil\u0103 \u00een 12 arome unice \u0219i concentra\u021bii de nicotin\u0103 de 0%, 2%, 3% sau 5%, se adapteaz\u0103 unei game largi de preferin\u021be.<\/p>\n<p data-start=\"782\" data-end=\"1121\">Acest <strong data-start=\"787\" data-end=\"819\">vape de unic\u0103 folosin\u021b\u0103 re\u00eenc\u0103rcabil<\/strong> dispune de o baterie de cobalt de 850mAh cu \u00eenc\u0103rcare rapid\u0103 de tip C, asigur\u00e2nd performan\u021b\u0103 ne\u00eentrerupt\u0103 pe tot parcursul zilei. Designul s\u0103u compact \u0219i u\u0219or \u00eel face u\u0219or de transportat, \u00een timp ce ambalajul s\u0103u favorabil pentru en-gros - 10 buc\u0103\u021bi pe cutie, 200 de buc\u0103\u021bi pe carton - \u00eel face perfect pentru comercian\u021bi \u0219i cump\u0103r\u0103tori \u00een vrac.<\/p>\n<p data-start=\"1123\" data-end=\"1339\">The <a href=\"https:\/\/vapebulkp.com\/ro\/categorie-produs\/20000-puffs-disposable-vape\/\"><strong data-start=\"1127\" data-end=\"1158\">20000 Puffs Vap\u0103 de unic\u0103 folosin\u021b\u0103<\/strong><\/a> Uwin Shisha Hookah Crystal combin\u0103 durabilitatea, confortul \u0219i caracteristicile de vaping premium \u00eentr-un singur dispozitiv elegant, oferind o experien\u021b\u0103 satisf\u0103c\u0103toare \u0219i de lung\u0103 durat\u0103 pentru vaperii moderni.<\/p>\n<figure id=\"attachment_3308\" aria-describedby=\"caption-attachment-3308\" style=\"width: 560px\" class=\"wp-caption alignnone\"><img decoding=\"async\" class=\"wp-image-3308\" src=\"http:\/\/vapebulkp.com\/wp-content\/uploads\/2024\/12\/UWIN-VAPES-HOOKAH-Crystal-20000-Puffs-Grape-ice.webp\" alt=\"Vapea narghilea UWIN VAPES HOOKAH Crystal 20000 Puffs cu arom\u0103 de struguri \u0219i ment\u0103\" width=\"560\" height=\"539\" \/><figcaption id=\"caption-attachment-3308\" class=\"wp-caption-text\">Vapea narghilea UWIN VAPES HOOKAH Crystal 20000 Puffs cu arom\u0103 de struguri \u0219i ment\u0103<\/figcaption><\/figure>\n<h6>V\u0103 rug\u0103m contacta\u021bi-o pe Mandy pe WhatsApp pentru un pre\u021b redus<a href=\"https:\/\/wa.me\/8618077105796\">+8618077105796<\/a><\/h6>\n<p><img decoding=\"async\" class=\"alignnone wp-image-2151\" src=\"http:\/\/vapebulkp.com\/wp-content\/uploads\/2024\/04\/Mandy-WhatsApp-Randm.jpg\" alt=\"RandM Mandy WhatsApp\" width=\"324\" height=\"330\" \/><\/p>\n<div class=\"flex max-w-full flex-col flex-grow\">\n<div class=\"min-h-8 text-message flex w-full flex-col items-end gap-2 whitespace-normal break-words text-start [.text-message+&amp;]:mt-5\" dir=\"auto\" data-message-author-role=\"assistant\" data-message-id=\"d24cf626-c018-4805-80f5-44de047f2ba0\" data-message-model-slug=\"gpt-4o\">\n<div class=\"flex w-full flex-col gap-1 empty:hidden first:pt-[3px]\">\n<div class=\"markdown prose w-full break-words dark:prose-invert light\">\n<h2>De ce s\u0103 alege\u021bi Uwin SHISHA HOOKAH Crystal 20000 Puffs la <a href=\"https:\/\/vapebulkp.com\/ro\/vape-shop\/\">Vapebulkp.com<\/a>?<\/h2>\n<ul>\n<li><strong>Performan\u021b\u0103 de Lung\u0103 Durat\u0103:<\/strong> Ofer\u0103 p\u00e2n\u0103 la 20.000 de pufuri, perfect pentru utilizare prelungit\u0103.<\/li>\n<li><strong>Op\u021biuni Versatile de Nicotin\u0103:<\/strong> Disponibil \u00een 0%, 2%, 3% \u0219i 5% pentru a se potrivi tuturor preferin\u021belor.<\/li>\n<li><strong>Varietate Excep\u021bional\u0103 de Arome:<\/strong> Bucur\u0103-te de 12 arome unice \u0219i satisf\u0103c\u0103toare.<\/li>\n<li><strong>Tehnologie avansat\u0103 a rezisten\u021bei:<\/strong> Rezisten\u021ba mesh asigur\u0103 vapori fini, constan\u021bi \u0219i plini de arom\u0103.<\/li>\n<li><strong>Baterie re\u00eenc\u0103rcabil\u0103:<\/strong> Baterie de cobalt de 850mAh cu \u00eenc\u0103rcare de Tip-C pentru confort \u0219i eficien\u021b\u0103.<\/li>\n<li><strong>Capacitate Generoas\u0103 de E-Lichid:<\/strong> Rezervor preumplut de 25ml pentru vapare ne\u00eentrerupt\u0103.<\/li>\n<li><strong>Compact<\/strong> Cartoane u\u0219oare cu 10 buc\u0103\u021bi\/cutie \u0219i 200 buc\u0103\u021bi\/carton, ideale pentru v\u00e2nzarea en-gros.<\/li>\n<li><strong>Conceput pentru Entuzia\u0219tii DTL:<\/strong> Stil SMOK direct-\u00een-pl\u0103m\u00e2ni pentru o produc\u021bie robust\u0103 de nori de vapori.<\/li>\n<\/ul>\n<p>&nbsp;<\/p>\n<\/div>\n<\/div>\n<\/div>\n<\/div>\n<h3>Vape-uri de Unic\u0103 Folosin\u021b\u0103 cu Port Tip-C Uwin SHISHA HOOKAH Crystal 20k Puffs Specifica\u021bii Cheie:<\/h3>\n<ul>\n<li><strong>Op\u021biuni de nicotin\u0103:<\/strong> 0%, 2%, 3%, 5%.<\/li>\n<li><strong>Pufuri:<\/strong> P\u00e2n\u0103 la 20.000.<\/li>\n<li><strong>Capacitate:<\/strong> 25ml de e-lichid.<\/li>\n<li><strong>Baterie:<\/strong> Baterie de cobalt re\u00eenc\u0103rcabil\u0103 de 850mAh, port Tip-C.<\/li>\n<li><strong>Rezisten\u021b\u0103:<\/strong> Rezisten\u021b\u0103 mesh pentru vapori fini.<\/li>\n<li><strong>Arome:<\/strong> 12 alegeri unice.<\/li>\n<li><strong>Ambalaj:<\/strong> 10 buc\u0103\u021bi\/cutie, 200 buc\u0103\u021bi\/carton.<\/li>\n<li><strong>Detalii Carton:<\/strong> 20,3kg, 39,5 \u00d7 39 \u00d7 30,5 cm.<\/li>\n<li><strong>Stil:<\/strong> SMOK direct-la-pl\u0103m\u00e2n (DTL).<\/li>\n<\/ul>\n<h3>Tigar\u0103 electronic\u0103 de unic\u0103 folosin\u021b\u0103 accesibil\u0103 pentru Rom\u00e2nia, Uwin SHISHA Crystal 20000 Puffs <strong>Lista de arome<\/strong><\/h3>\n<p>1.Afine cu ghea\u021b\u0103<br \/>\n2. Kiwi, fructul pasiunii \u0219i guava<br \/>\n3.C\u0103p\u0219uni kiwi<br \/>\n4.Fructe de p\u0103dure mixte<br \/>\n5.C\u0103p\u0219uni pepene verde<br \/>\n6.Ghea\u021b\u0103 de struguri<br \/>\n7.Pepene ro\u0219u cu ghea\u021b\u0103<br \/>\n8.Cire\u0219e cu ghea\u021b\u0103<br \/>\n9.Ghea\u021b\u0103 de c\u0103p\u0219uni<br \/>\n10.Piersici cu ghea\u021b\u0103<br \/>\n11.Afine zmeur\u0103<br \/>\n12. Dragoste 66<\/p>\n<p><a href=\"https:\/\/vapebulkp.com\/ro\/produs\/aivono-curved-smart-screen-35000-puffs-disposable-vape-wholesale-price\/\"><span style=\"vertical-align: inherit\">Aivono 35000 Pufuri <\/span><\/a><\/p>\n<p><span style=\"vertical-align: inherit\">G\u0103se\u0219te mai multe produse care \u021bi-ar putea pl\u0103cea:<\/span><em><a href=\"https:\/\/wa.me\/8618077105796\"><span style=\"vertical-align: inherit\">\u00a0Cump\u0103r\u0103-l acum<\/span><\/a><\/em><\/p>\n<p><span style=\"vertical-align: inherit\">Alte Inhala\u021bii care \u021bi-ar putea pl\u0103cea:<\/span><a href=\"https:\/\/vapebulkp.com\/ro\/produs\/wholesale-price-bang-kingdoms-rex-32000-puffs-vape-pod\/\"><span style=\"vertical-align: inherit\">Bang Kingdoms 32000 Pufuri<\/span><\/a><span style=\"vertical-align: inherit\">\u3001<\/span><a href=\"https:\/\/vapebulkp.com\/ro\/produs\/bood-pulse-pro-25k-50k-disposable-vape-bar-5000-puffs-nicotine-free\/\"><span style=\"vertical-align: inherit\">Bood pulse pro 50000 Pufuri<\/span><\/a><span style=\"vertical-align: inherit\">\/ <\/span><a href=\"https:\/\/vapebulkp.com\/ro\/produs\/vapsolo-best-quality-viking-12k-puffs-disposable-vapes\/\"><span style=\"vertical-align: inherit\">Vapsolo viking 12000 Pufuri<\/span><\/a><span style=\"vertical-align: inherit\">\/ <\/span><a href=\"https:\/\/vapebulkp.com\/ro\/produs\/waspe-vape-40000-puff-fihp-double-flavour-disposable-vape\/\"><span style=\"vertical-align: inherit\">WASPE 40000 Puffs<\/span><\/a><\/p>\n<p>&nbsp;<\/p>\n<p>&nbsp;<\/p>\n<h3>\u00centreb\u0103ri frecvente pentru Uwin SHISHA HOOKAH Crystal 20000 Puffs Vapes de unic\u0103 folosin\u021b\u0103<\/h3>\n<p><strong>1. C\u00e2te pufuri ofer\u0103 Uwin Shisha Hookah Crystal 20k puff?<\/strong><br \/>\nShisha Hookah Crystal Uwin ofer\u0103 p\u00e2n\u0103 la 20.000 de pufuri, asigur\u00e2nd o performan\u021b\u0103 de lung\u0103 durat\u0103.<\/p>\n<p><strong>2. Ce concentra\u021bii de nicotin\u0103 sunt disponibile pentru narghilea de 20000 pufuri?<\/strong><br \/>\nAcest vape este disponibil \u00een op\u021biunile de nicotin\u0103 0%, 2%, 3% \u0219i 5% pentru a satisface o varietate de preferin\u021be.<\/p>\n<p><strong>3. C\u00e2t lichid electronic \u00eencape \u00een UWIN Crystal vape 20000 Puffs?<\/strong><br \/>\nDispozitivul vine preumplut cu 25 ml de e-lichid pentru utilizare extins\u0103.<\/p>\n<p><strong>Ce tip de rezisten\u021b\u0103 folose\u0219te Uwin shisha vapes 20000 Puffs?<\/strong><br \/>\nDispune de tehnologie avansat\u0103 de bobin\u0103 de tip mesh pentru o produc\u021bie de vapori fin\u0103 \u0219i consistent\u0103.<\/p>\n<p><strong>Bateria \u021big\u0103rii electronice Crystal Vape 20000 Puffs este re\u00eenc\u0103rcabil\u0103?<\/strong><br \/>\nDa, narghileaua Uwin Shisha Hookah Crystal este echipat\u0103 cu o baterie re\u00eenc\u0103rcabil\u0103 de cobalt de 850 mAh \u0219i un port de \u00eenc\u0103rcare Type-C.<\/p>\n<h3>Detaliile de expediere:<\/h3>\n<p><span style=\"color: #ff6600\">Timp de produc\u021bie: 5-10 zile lucr\u0103toare<\/span><br \/>\n<span style=\"color: #ff6600\">Timp de livrare: 8-14 zile lucr\u0103toare<\/span><\/p>\n<p>Toate produsele din magazinul nostru sunt 100% originale \u0219i autentice, deci politica magazinului nostru este compensarea de zece ori pentru bunurile contraf\u0103cute. Folosim canale logistice precum UPS\/DHL\/FEDEX\/DPD pentru a v\u0103 livra m\u0103rfurile.<\/p>\n<p>Pentru coletele expediate \u00een Rom\u00e2nia, de obicei dureaz\u0103 10 zile lucr\u0103toare s\u0103 ajung\u0103. Expedierea c\u0103tre \u021b\u0103rile europene dureaz\u0103 de obicei 12 p\u00e2n\u0103 la 15 zile lucr\u0103toare. Vom actualiza informa\u021biile logistice pentru dumneavoastr\u0103 \u00een timp real.<\/p>","protected":false},"excerpt":{"rendered":"<ul>\n<li><strong>Vap\u0103 Stil Shisha cu Abur Fin UWIN 20K PUFFS<\/strong><\/li>\n<li><strong>Vape de Unic\u0103 Folosin\u021b\u0103 en-gros Rom\u00e2nia SHISHA VAPE 20000 PUFF<\/strong><\/li>\n<li><strong>Vap\u0103 U\u0219oar\u0103 cu Baterie de 850mAh<\/strong><\/li>\n<li><strong>Vap\u0103 de Unic\u0103 Folosin\u021b\u0103 Crystal cu Capacitate de 25ml<\/strong><\/li>\n<\/ul>\n<p>V\u0103 rug\u0103m contacta\u021bi-o pe Mandy pe WhatsApp pentru un pre\u021b redus<a href=\"https:\/\/wa.me\/8618077105796\">+8618077105796<\/a><\/p>\n<p><img decoding=\"async\" class=\"alignnone wp-image-2151\" src=\"http:\/\/vapebulkp.com\/wp-content\/uploads\/2024\/04\/Mandy-WhatsApp-Randm.jpg\" alt=\"RandM Mandy WhatsApp\" width=\"297\" height=\"316\" srcset=\"https:\/\/vapebulkp.com\/wp-content\/uploads\/2024\/04\/Mandy-WhatsApp-Randm.jpg 916w, https:\/\/vapebulkp.com\/wp-content\/uploads\/2024\/04\/Mandy-WhatsApp-Randm-282x300.jpg 282w, https:\/\/vapebulkp.com\/wp-content\/uploads\/2024\/04\/Mandy-WhatsApp-Randm-768x817.jpg 768w, https:\/\/vapebulkp.com\/wp-content\/uploads\/2024\/04\/Mandy-WhatsApp-Randm-600x638.jpg 600w\" sizes=\"(max-width: 297px) 100vw, 297px\" \/><\/p>\n<p><span style=\"color: #ff0000\">NOT\u0102: Pre\u021burile de pe site-ul nostru nu includ costurile de transport<\/span><\/p>\n<p>&nbsp;<\/p>","protected":false},"featured_media":3301,"comment_status":"open","ping_status":"closed","template":"","meta":{"_uag_custom_page_level_css":"","_lmt_disableupdate":"no","_lmt_disable":"","site-sidebar-layout":"default","site-content-layout":"content-boxed-container","ast-site-content-layout":"normal-width-container","site-content-style":"boxed","site-sidebar-style":"unboxed","ast-global-header-display":"","ast-banner-title-visibility":"","ast-main-header-display":"","ast-hfb-above-header-display":"","ast-hfb-below-header-display":"","ast-hfb-mobile-header-display":"","site-post-title":"","ast-breadcrumbs-content":"","ast-featured-img":"","footer-sml-layout":"","theme-transparent-header-meta":"default","adv-header-id-meta":"","stick-header-meta":"","header-above-stick-meta":"","header-main-stick-meta":"","header-below-stick-meta":"","astra-migrate-meta-layouts":"set","_joinchat":[]},"product_cat":[162,153,155,33,59,100,87,34,158,157,154,152,58,84,156,63,360,32],"product_tag":[109,36,37,41,40],"class_list":["post-3292","product","type-product","status-publish","has-post-thumbnail","hentry","product_cat-20000-puffs-disposable-vape","product_cat-hot-disposable-vapes","product_cat-belgium-hot-disposable-vapes","product_cat-france-vape-hot-sale","product_cat-germany-hot-disposable-vape","product_cat-germany-wholesale-vape-shop","product_cat-minimum-order-quantity-50pcs","product_cat-netherlands-vape-good-sale","product_cat-norway-hot-disposable-vapes","product_cat-poland-hot-disposable-vapes","product_cat-portugal-hot-disposable-vapes","product_cat-spain-hot-disposable-vapes","product_cat-sweden-hot-disposable-vape","product_cat-sweden-wholesale-vape","product_cat-switzerland-hot-disposable-vapes","product_cat-top-sale-disposable-vape","product_cat-uwin-vape","product_cat-vape-hot-sale-this-week","product_tag-20000-puffs","product_tag-good-vape","product_tag-hot-sale-disposable-vape","product_tag-poland-hot-vape","product_tag-sweden-hot-vape","pa_brand-uwin-vape","desktop-align-left","tablet-align-left","mobile-align-left"],"yoast_head":"<!-- This site is optimized with the Yoast SEO plugin v21.1 - https:\/\/yoast.com\/wordpress\/plugins\/seo\/ -->\n<title>Cheap Price Uwin SHISHA HOOKAH Crystal 20000 Puffs Rechargeable Vape - vapebulkp.com<\/title>\n<meta name=\"description\" content=\"Affordable Uwin Shisha Hookah Crystal 20000 Puffs Rechargeable Vape, sleek design, 25ml e-liquid, 850mAh battery, smooth vaping experience.\" \/>\n<meta name=\"robots\" content=\"index, follow, max-snippet:-1, max-image-preview:large, max-video-preview:-1\" \/>\n<link rel=\"canonical\" href=\"https:\/\/vapebulkp.com\/ro\/produs\/cheap-price-uwin-shisha-hookah-crystal-20000-puffs-rechargeable-vape\/\" \/>\n<meta property=\"og:locale\" content=\"ro_RO\" \/>\n<meta property=\"og:type\" content=\"article\" \/>\n<meta property=\"og:title\" content=\"Cheap Price Uwin SHISHA HOOKAH Crystal 20000 Puffs Rechargeable Vape - vapebulkp.com\" \/>\n<meta property=\"og:description\" content=\"Affordable Uwin Shisha Hookah Crystal 20000 Puffs Rechargeable Vape, sleek design, 25ml e-liquid, 850mAh battery, smooth vaping experience.\" \/>\n<meta property=\"og:url\" content=\"https:\/\/vapebulkp.com\/ro\/produs\/cheap-price-uwin-shisha-hookah-crystal-20000-puffs-rechargeable-vape\/\" \/>\n<meta property=\"og:site_name\" content=\"vapebulkp.com\" \/>\n<meta property=\"article:modified_time\" content=\"2025-09-24T03:21:17+00:00\" \/>\n<meta property=\"og:image\" content=\"http:\/\/vapebulkp.com\/wp-content\/uploads\/2024\/12\/Good-Sale-UWIN-HOOKAH-Crystal-20000-Puffs-Watermelon-ice.webp\" \/>\n\t<meta property=\"og:image:width\" content=\"800\" \/>\n\t<meta property=\"og:image:height\" content=\"800\" \/>\n\t<meta property=\"og:image:type\" content=\"image\/webp\" \/>\n<meta name=\"twitter:card\" content=\"summary_large_image\" \/>\n<meta name=\"twitter:label1\" content=\"Timp estimat pentru citire\" \/>\n\t<meta name=\"twitter:data1\" content=\"4 minute\" \/>\n<script type=\"application\/ld+json\" class=\"yoast-schema-graph\">{\"@context\":\"https:\/\/schema.org\",\"@graph\":[{\"@type\":\"WebPage\",\"@id\":\"https:\/\/vapebulkp.com\/product\/cheap-price-uwin-shisha-hookah-crystal-20000-puffs-rechargeable-vape\/\",\"url\":\"https:\/\/vapebulkp.com\/product\/cheap-price-uwin-shisha-hookah-crystal-20000-puffs-rechargeable-vape\/\",\"name\":\"Cheap Price Uwin SHISHA HOOKAH Crystal 20000 Puffs Rechargeable Vape - vapebulkp.com\",\"isPartOf\":{\"@id\":\"https:\/\/vapebulkp.com\/#website\"},\"datePublished\":\"2024-12-28T08:21:22+00:00\",\"dateModified\":\"2025-09-24T03:21:17+00:00\",\"description\":\"Affordable Uwin Shisha Hookah Crystal 20000 Puffs Rechargeable Vape, sleek design, 25ml e-liquid, 850mAh battery, smooth vaping experience.\",\"breadcrumb\":{\"@id\":\"https:\/\/vapebulkp.com\/product\/cheap-price-uwin-shisha-hookah-crystal-20000-puffs-rechargeable-vape\/#breadcrumb\"},\"inLanguage\":\"ro-RO\",\"potentialAction\":[{\"@type\":\"ReadAction\",\"target\":[\"https:\/\/vapebulkp.com\/product\/cheap-price-uwin-shisha-hookah-crystal-20000-puffs-rechargeable-vape\/\"]}]},{\"@type\":\"BreadcrumbList\",\"@id\":\"https:\/\/vapebulkp.com\/product\/cheap-price-uwin-shisha-hookah-crystal-20000-puffs-rechargeable-vape\/#breadcrumb\",\"itemListElement\":[{\"@type\":\"ListItem\",\"position\":1,\"name\":\"Home\",\"item\":\"https:\/\/vapebulkp.com\/\"},{\"@type\":\"ListItem\",\"position\":2,\"name\":\"Hot Trend Vapes\",\"item\":\"https:\/\/vapebulkp.com\/vape-shop\/\"},{\"@type\":\"ListItem\",\"position\":3,\"name\":\"Cheap Price Uwin SHISHA HOOKAH Crystal 20000 Puffs Rechargeable Vape\"}]},{\"@type\":\"WebSite\",\"@id\":\"https:\/\/vapebulkp.com\/#website\",\"url\":\"https:\/\/vapebulkp.com\/\",\"name\":\"vapebulkp.com\",\"description\":\"Buy Vape In Cheap Bulk Price Near you\",\"publisher\":{\"@id\":\"https:\/\/vapebulkp.com\/#organization\"},\"potentialAction\":[{\"@type\":\"SearchAction\",\"target\":{\"@type\":\"EntryPoint\",\"urlTemplate\":\"https:\/\/vapebulkp.com\/?s={search_term_string}\"},\"query-input\":\"required name=search_term_string\"}],\"inLanguage\":\"ro-RO\"},{\"@type\":\"Organization\",\"@id\":\"https:\/\/vapebulkp.com\/#organization\",\"name\":\"vapebulkp.com\",\"url\":\"https:\/\/vapebulkp.com\/\",\"logo\":{\"@type\":\"ImageObject\",\"inLanguage\":\"ro-RO\",\"@id\":\"https:\/\/vapebulkp.com\/#\/schema\/logo\/image\/\",\"url\":\"https:\/\/vapebulkp.com\/wp-content\/uploads\/2023\/09\/cropped-vapebulkp.png\",\"contentUrl\":\"https:\/\/vapebulkp.com\/wp-content\/uploads\/2023\/09\/cropped-vapebulkp.png\",\"width\":516,\"height\":163,\"caption\":\"vapebulkp.com\"},\"image\":{\"@id\":\"https:\/\/vapebulkp.com\/#\/schema\/logo\/image\/\"}}]}<\/script>\n<!-- \/ Yoast SEO plugin. -->","yoast_head_json":{"title":"Cheap Price Uwin SHISHA HOOKAH Crystal 20000 Puffs Rechargeable Vape - vapebulkp.com","description":"Affordable Uwin Shisha Hookah Crystal 20000 Puffs Rechargeable Vape, sleek design, 25ml e-liquid, 850mAh battery, smooth vaping experience.","robots":{"index":"index","follow":"follow","max-snippet":"max-snippet:-1","max-image-preview":"max-image-preview:large","max-video-preview":"max-video-preview:-1"},"canonical":"https:\/\/vapebulkp.com\/ro\/produs\/cheap-price-uwin-shisha-hookah-crystal-20000-puffs-rechargeable-vape\/","og_locale":"ro_RO","og_type":"article","og_title":"Cheap Price Uwin SHISHA HOOKAH Crystal 20000 Puffs Rechargeable Vape - vapebulkp.com","og_description":"Affordable Uwin Shisha Hookah Crystal 20000 Puffs Rechargeable Vape, sleek design, 25ml e-liquid, 850mAh battery, smooth vaping experience.","og_url":"https:\/\/vapebulkp.com\/ro\/produs\/cheap-price-uwin-shisha-hookah-crystal-20000-puffs-rechargeable-vape\/","og_site_name":"vapebulkp.com","article_modified_time":"2025-09-24T03:21:17+00:00","og_image":[{"width":800,"height":800,"url":"http:\/\/vapebulkp.com\/wp-content\/uploads\/2024\/12\/Good-Sale-UWIN-HOOKAH-Crystal-20000-Puffs-Watermelon-ice.webp","type":"image\/webp"}],"twitter_card":"summary_large_image","twitter_misc":{"Timp estimat pentru citire":"4 minute"},"schema":{"@context":"https:\/\/schema.org","@graph":[{"@type":"WebPage","@id":"https:\/\/vapebulkp.com\/product\/cheap-price-uwin-shisha-hookah-crystal-20000-puffs-rechargeable-vape\/","url":"https:\/\/vapebulkp.com\/product\/cheap-price-uwin-shisha-hookah-crystal-20000-puffs-rechargeable-vape\/","name":"Cheap Price Uwin SHISHA HOOKAH Crystal 20000 Puffs Rechargeable Vape - vapebulkp.com","isPartOf":{"@id":"https:\/\/vapebulkp.com\/#website"},"datePublished":"2024-12-28T08:21:22+00:00","dateModified":"2025-09-24T03:21:17+00:00","description":"Affordable Uwin Shisha Hookah Crystal 20000 Puffs Rechargeable Vape, sleek design, 25ml e-liquid, 850mAh battery, smooth vaping experience.","breadcrumb":{"@id":"https:\/\/vapebulkp.com\/product\/cheap-price-uwin-shisha-hookah-crystal-20000-puffs-rechargeable-vape\/#breadcrumb"},"inLanguage":"ro-RO","potentialAction":[{"@type":"ReadAction","target":["https:\/\/vapebulkp.com\/product\/cheap-price-uwin-shisha-hookah-crystal-20000-puffs-rechargeable-vape\/"]}]},{"@type":"BreadcrumbList","@id":"https:\/\/vapebulkp.com\/product\/cheap-price-uwin-shisha-hookah-crystal-20000-puffs-rechargeable-vape\/#breadcrumb","itemListElement":[{"@type":"ListItem","position":1,"name":"Home","item":"https:\/\/vapebulkp.com\/"},{"@type":"ListItem","position":2,"name":"Hot Trend Vapes","item":"https:\/\/vapebulkp.com\/vape-shop\/"},{"@type":"ListItem","position":3,"name":"Cheap Price Uwin SHISHA HOOKAH Crystal 20000 Puffs Rechargeable Vape"}]},{"@type":"WebSite","@id":"https:\/\/vapebulkp.com\/#website","url":"https:\/\/vapebulkp.com\/","name":"vapebulkp.com","description":"Buy Vape In Cheap Bulk Price Near you","publisher":{"@id":"https:\/\/vapebulkp.com\/#organization"},"potentialAction":[{"@type":"SearchAction","target":{"@type":"EntryPoint","urlTemplate":"https:\/\/vapebulkp.com\/?s={search_term_string}"},"query-input":"required name=search_term_string"}],"inLanguage":"ro-RO"},{"@type":"Organization","@id":"https:\/\/vapebulkp.com\/#organization","name":"vapebulkp.com","url":"https:\/\/vapebulkp.com\/","logo":{"@type":"ImageObject","inLanguage":"ro-RO","@id":"https:\/\/vapebulkp.com\/#\/schema\/logo\/image\/","url":"https:\/\/vapebulkp.com\/wp-content\/uploads\/2023\/09\/cropped-vapebulkp.png","contentUrl":"https:\/\/vapebulkp.com\/wp-content\/uploads\/2023\/09\/cropped-vapebulkp.png","width":516,"height":163,"caption":"vapebulkp.com"},"image":{"@id":"https:\/\/vapebulkp.com\/#\/schema\/logo\/image\/"}}]}},"uagb_featured_image_src":{"full":["https:\/\/vapebulkp.com\/wp-content\/uploads\/2024\/12\/Good-Sale-UWIN-HOOKAH-Crystal-20000-Puffs-Watermelon-ice.webp",800,800,false],"thumbnail":["https:\/\/vapebulkp.com\/wp-content\/uploads\/2024\/12\/Good-Sale-UWIN-HOOKAH-Crystal-20000-Puffs-Watermelon-ice-150x150.webp",150,150,true],"medium":["https:\/\/vapebulkp.com\/wp-content\/uploads\/2024\/12\/Good-Sale-UWIN-HOOKAH-Crystal-20000-Puffs-Watermelon-ice-300x300.webp",300,300,true],"medium_large":["https:\/\/vapebulkp.com\/wp-content\/uploads\/2024\/12\/Good-Sale-UWIN-HOOKAH-Crystal-20000-Puffs-Watermelon-ice-768x768.webp",768,768,true],"large":["https:\/\/vapebulkp.com\/wp-content\/uploads\/2024\/12\/Good-Sale-UWIN-HOOKAH-Crystal-20000-Puffs-Watermelon-ice.webp",800,800,false],"1536x1536":["https:\/\/vapebulkp.com\/wp-content\/uploads\/2024\/12\/Good-Sale-UWIN-HOOKAH-Crystal-20000-Puffs-Watermelon-ice.webp",800,800,false],"2048x2048":["https:\/\/vapebulkp.com\/wp-content\/uploads\/2024\/12\/Good-Sale-UWIN-HOOKAH-Crystal-20000-Puffs-Watermelon-ice.webp",800,800,false],"trp-custom-language-flag":["https:\/\/vapebulkp.com\/wp-content\/uploads\/2024\/12\/Good-Sale-UWIN-HOOKAH-Crystal-20000-Puffs-Watermelon-ice.webp",12,12,false],"woocommerce_thumbnail":["https:\/\/vapebulkp.com\/wp-content\/uploads\/2024\/12\/Good-Sale-UWIN-HOOKAH-Crystal-20000-Puffs-Watermelon-ice-300x300.webp",300,300,true],"woocommerce_single":["https:\/\/vapebulkp.com\/wp-content\/uploads\/2024\/12\/Good-Sale-UWIN-HOOKAH-Crystal-20000-Puffs-Watermelon-ice-600x600.webp",600,600,true],"woocommerce_gallery_thumbnail":["https:\/\/vapebulkp.com\/wp-content\/uploads\/2024\/12\/Good-Sale-UWIN-HOOKAH-Crystal-20000-Puffs-Watermelon-ice-100x100.webp",100,100,true],"wcpr-photo-reviews":["https:\/\/vapebulkp.com\/wp-content\/uploads\/2024\/12\/Good-Sale-UWIN-HOOKAH-Crystal-20000-Puffs-Watermelon-ice.webp",500,500,false]},"uagb_author_info":{"display_name":"Mandy vape bulk price","author_link":"https:\/\/vapebulkp.com\/ro\/author\/"},"uagb_comment_info":0,"uagb_excerpt":"Smooth Vapor Shisha-Style Vape UWIN 20K PUFFS Wholesale Disposable Vapes Europe SHISHA VAPE 20000 PUFF Lightweight Vape with 850mAh Battery Crystal Disposable Vape with 25ml Capacity Pls Contact Mandy's WhatsApp For Discount Price+8618077105796 NOTE: Prices on our website does not include shipping costs &nbsp;","_links":{"self":[{"href":"https:\/\/vapebulkp.com\/ro\/wp-json\/wp\/v2\/product\/3292","targetHints":{"allow":["GET"]}}],"collection":[{"href":"https:\/\/vapebulkp.com\/ro\/wp-json\/wp\/v2\/product"}],"about":[{"href":"https:\/\/vapebulkp.com\/ro\/wp-json\/wp\/v2\/types\/product"}],"replies":[{"embeddable":true,"href":"https:\/\/vapebulkp.com\/ro\/wp-json\/wp\/v2\/comments?post=3292"}],"wp:featuredmedia":[{"embeddable":true,"href":"https:\/\/vapebulkp.com\/ro\/wp-json\/wp\/v2\/media\/3301"}],"wp:attachment":[{"href":"https:\/\/vapebulkp.com\/ro\/wp-json\/wp\/v2\/media?parent=3292"}],"wp:term":[{"taxonomy":"product_cat","embeddable":true,"href":"https:\/\/vapebulkp.com\/ro\/wp-json\/wp\/v2\/product_cat?post=3292"},{"taxonomy":"product_tag","embeddable":true,"href":"https:\/\/vapebulkp.com\/ro\/wp-json\/wp\/v2\/product_tag?post=3292"}],"curies":[{"name":"wp","href":"https:\/\/api.w.org\/{rel}","templated":true}]}}