{"id":3412,"date":"2025-01-30T09:00:36","date_gmt":"2025-01-30T08:00:36","guid":{"rendered":"https:\/\/vapebulkp.com\/?post_type=product&#038;p=3412"},"modified":"2025-09-03T09:21:22","modified_gmt":"2025-09-03T07:21:22","slug":"evappe-deluxe-bar-18000-puffs-high-performance-waka-vape-pod","status":"publish","type":"product","link":"https:\/\/vapebulkp.com\/ro\/product\/evappe-deluxe-bar-18000-puffs-high-performance-waka-vape-pod\/","title":{"rendered":"Evappe Deluxe Bar 18000 pufuri de \u00eenalt\u0103 performan\u021b\u0103 Waka Vape Pod"},"content":{"rendered":"<h2 style=\"text-align: left\">Evappe Deluxe Bar 18000 pufuri de \u00eenalt\u0103 performan\u021b\u0103 Waka Vape Pod<\/h2>\n<p>&nbsp;<\/p>\n<p>The <strong>Evappe Deluxe Bar 18000 Puffs Pod de \u00eenalt\u0103 performan\u021b\u0103<\/strong> ofer\u0103 o experien\u021b\u0103 de vapat excep\u021bional\u0103, premium, conceput\u0103 pentru vaperul exigent. Cu designul s\u0103u inovator \u0219i tehnologia de ultim\u0103 genera\u021bie, acest vape de unic\u0103 folosin\u021b\u0103 ofer\u0103 p\u00e2n\u0103 la 18.000 de pufuri de vapori consisten\u021bi, de \u00eenalt\u0103 calitate. Indiferent dac\u0103 e\u0219ti \u00een c\u0103utarea unei lovituri de nicotin\u0103 fine \u0219i satisf\u0103c\u0103toare sau a unui profil de arom\u0103 captivant, Evappe Deluxe Bar de 18000 de pufuri le garanteaz\u0103 pe ambele, fiind o alegere ideal\u0103 at\u00e2t pentru vaperii avansa\u021bi, c\u00e2t \u0219i pentru cei \u00eencep\u0103tori.<\/p>\n<p>Pre-umplut cu 25ml de lichid electronic \u0219i disponibil \u00een concentra\u021bii de nicotin\u0103 de 2% \u0219i 5%, ofer\u0103 flexibilitatea de a satisface preferin\u021bele personale. Tehnologia sa avansat\u0103 cu bobin\u0103 mesh de 0.6\u03a9 asigur\u0103 o produc\u021bie rapid\u0103 de vapori, optimiz\u00e2nd aroma \u0219i oferind o senza\u021bie pl\u0103cut\u0103 \u00een g\u00e2t. Includerea unei baterii re\u00eenc\u0103rcabile de 750mAh cu port de \u00eenc\u0103rcare Type-C asigur\u0103 o performan\u021b\u0103 mai lung\u0103 \u0219i mai fiabil\u0103, perfect\u0103 pentru utilizare extins\u0103.<\/p>\n<p>Proiectat av\u00e2nd \u00een vedere at\u00e2t stilul, c\u00e2t \u0219i caracterul practic, Top Sale Vape Evappe Deluxe Bar 18k Puffs are un aspect elegant \u0219i modern, \u00een timp ce afi\u0219ajul DTL (Direct-to-Lung) ofer\u0103 date de utilizare \u00een timp real. Acest pod vape este creat pentru a oferi confortul suprem, oferind o solu\u021bie ecologic\u0103 \u0219i u\u0219or de utilizat pentru vapat, f\u0103r\u0103 a compromite aroma sau calitatea.<\/p>\n<p>Alege <strong>de \u00eenalt\u0103 performan\u021b\u0103 <\/strong><strong>Bar Evappe Deluxe <a href=\"https:\/\/vapebulkp.com\/ro\/product-category\/18000-puffs-disposable-vape\/\">18000 Puffs Vap\u0103 de unic\u0103 folosin\u021b\u0103 <\/a><\/strong>pentru o experien\u021b\u0103 de vapat superioar\u0103 cu design superior, tehnologie de ultim\u0103 genera\u021bie \u0219i performan\u021b\u0103 consistent\u0103.<\/p>\n<h6>V\u0103 rug\u0103m contacta\u021bi-o pe Mandy pe WhatsApp pentru un pre\u021b redus<a href=\"https:\/\/wa.me\/8618077105796\">+8618077105796<\/a><\/h6>\n<p><img decoding=\"async\" class=\"alignnone wp-image-2151\" src=\"http:\/\/vapebulkp.com\/wp-content\/uploads\/2024\/04\/Mandy-WhatsApp-Randm.jpg\" alt=\"RandM Mandy WhatsApp\" width=\"324\" height=\"330\" \/><\/p>\n<h2><strong>\u00centreb\u0103ri frecvente despre Vape-ul de unic\u0103 folosin\u021b\u0103 Evappe Deluxe Bar 18000 Puffs:<\/strong><\/h2>\n<p><strong>\u00ce1: C\u00e2t timp dureaz\u0103 Evappe Deluxe Bar 18k Puffs?<\/strong><br \/>\nDispozitivul este conceput s\u0103 ofere p\u00e2n\u0103 la 18.000 de pufuri, \u00een func\u021bie de modul de utilizare, fiind ideal pentru sesiuni de vapat extinse.<\/p>\n<p><strong>\u00ce2: Este re\u00eenc\u0103rcabil Evappe Deluxe Bar?<\/strong><br \/>\nDa, dispune de o baterie re\u00eenc\u0103rcabil\u0103 de 750mAh cu un port de \u00eenc\u0103rcare Type-C pentru re\u00eenc\u0103rcare rapid\u0103 \u0219i convenabil\u0103.<\/p>\n<p><strong>\u00ce5: C\u00e2t lichid electronic \u00eencape \u00een dispozitiv?<\/strong><br \/>\nFiecare Evappe Deluxe Bar este preumplut cu 25ml de e-lichid de \u00eenalt\u0103 calitate, asigur\u00e2nd o utilizare de lung\u0103 durat\u0103.<\/p>\n<p><strong>\u00ce9: Evappe Deluxe Bar are ecran?<\/strong><br \/>\nDa, include un ecran DTL pentru a monitoriza sesiunile de vapat \u00een mod convenabil.<\/p>\n<p><strong>\u00ce10: De unde pot cump\u0103ra Evappe Deluxe Bar?<\/strong><br \/>\nPute\u021bi achizi\u021biona Evappe Deluxe Bar de la distribuitori autoriza\u021bi sau magazine online precum Vapebulkp.com.<\/p>\n<h2><\/h2>\n<h3><strong>Caracteristici Evappe Deluxe Bar 18000 Pufuri, pre\u021b de en-gros:<\/strong><\/h3>\n<ul>\n<li><strong>Num\u0103r de pufuri:<\/strong> P\u00e2n\u0103 la 18.000 de pufuri pentru o experien\u021b\u0103 de vapat direct-la-pl\u0103m\u00e2n (DTL).<\/li>\n<li><strong>Concentra\u021bie de nicotin\u0103:<\/strong> Disponibil \u00een op\u021biuni de 2% \u0219i 5% nicotin\u0103 pentru a se potrivi preferin\u021belor diverse.<\/li>\n<li><strong>Capacitate e-lichid:<\/strong> Preumplut cu 25ml de e-lichid de calitate superioar\u0103 pentru o utilizare extins\u0103.<\/li>\n<li><strong>Baterie:<\/strong> Baterie re\u00eenc\u0103rcabil\u0103 de 750mAh pentru performan\u021b\u0103 fiabil\u0103 \u0219i de lung\u0103 durat\u0103.<\/li>\n<li><strong>Interfa\u021b\u0103 de \u00eenc\u0103rcare:<\/strong> Echipat cu un port Type-C pentru re\u00eenc\u0103rcare rapid\u0103 \u0219i eficient\u0103.<\/li>\n<li><strong>Tehnologie rezisten\u021b\u0103:<\/strong> Dispune de o rezisten\u021b\u0103 mesh de 0,6\u03a9 pentru arom\u0103 \u00eembun\u0103t\u0103\u021bit\u0103 \u0219i produc\u021bie fin\u0103 de vapori.<\/li>\n<li><strong>Ambalaj:<\/strong> V\u00e2ndut \u00een cutii a c\u00e2te 10 unit\u0103\u021bi, ideal pentru achizi\u021bii \u00een vrac sau pentru rafturile de retail.<\/li>\n<\/ul>\n<h3>Cump\u0103rare \u00een vrac Evappe Deluxe Bar 18k Puffs Op\u021biuni de arom\u0103:<\/h3>\n<p>1.M\u0103r dublu<br \/>\n2.Struguri ment\u0103<br \/>\n3.Ghea\u021b\u0103 luxuriant\u0103<br \/>\n4.Ghea\u021b\u0103 de fructe de p\u0103dure<br \/>\n5.Gum\u0103 de afine<br \/>\n6.Cirea\u0219\u0103 zmeur\u0103<br \/>\n7.Ghea\u021b\u0103 de piersici<br \/>\n8.Dragoste 66<br \/>\n9.Vis lucid<br \/>\n10.Punch de c\u0103p\u0219uni<\/p>\n<p><a href=\"https:\/\/vapebulkp.com\/ro\/product\/fumot-tornado-25k-puffs-cheap-price-disposable-vape\/\"><span style=\"vertical-align: inherit\">RandM Tornado 25000 pufuri <\/span><\/a><\/p>\n<p><span style=\"vertical-align: inherit\">G\u0103se\u0219te mai multe produse care \u021bi-ar putea pl\u0103cea:<\/span><em><a href=\"https:\/\/wa.me\/8618077105796\"><span style=\"vertical-align: inherit\">\u00a0Cump\u0103r\u0103-l acum<\/span><\/a><\/em><\/p>\n<p><span style=\"vertical-align: inherit\">Alte Inhala\u021bii care \u021bi-ar putea pl\u0103cea:<\/span><a href=\"https:\/\/vapebulkp.com\/ro\/product\/uwin-tornado-music-35k-puffs-vape-wholesale-nicotine-free\/\"><span style=\"vertical-align: inherit\">UWIN Tornado 35000 pufuri<\/span><\/a><span style=\"vertical-align: inherit\">\u3001<\/span><a href=\"https:\/\/vapebulkp.com\/ro\/product\/wholesale-randm-tornado-9000-puffs-germany\/\"><span style=\"vertical-align: inherit\">RandM 9000 de Inhala\u021bii<\/span><\/a><span style=\"vertical-align: inherit\">\/ <\/span><a href=\"https:\/\/vapebulkp.com\/ro\/product\/wholesale-price-bang-kingdoms-rex-32000-puffs-vape-pod\/\"><span style=\"vertical-align: inherit\">Bang King doms rex 32000 pufuri<\/span><\/a><span style=\"vertical-align: inherit\">\/ <\/span><a href=\"https:\/\/vapebulkp.com\/ro\/fi\/product\/uzy-bang-digital-12000puffs-led-display-e-cigarettes\/\"><span style=\"vertical-align: inherit\">UZY Bang Digital 15000 pufuri<\/span><\/a><\/p>\n<p><span style=\"vertical-align: inherit\">Sticl\u0103 de \u021bigar\u0103 electronic\u0103 cu form\u0103 special\u0103:<\/span><a href=\"https:\/\/vapebulkp.com\/ro\/product\/vapsolo-feed-bar-shisha-vape-15000-puffs-wholesale-price\/\"><span style=\"vertical-align: inherit\"> Vapsolo Feed Bar narghilea 15000 pufuri<\/span><\/a><span style=\"vertical-align: inherit\">\/ <\/span><a href=\"https:\/\/vapebulkp.com\/ro\/product\/bang-28000-puffs-disposable-vape-pen-with-adjustable-ice-level\/\"><span style=\"vertical-align: inherit\">\u00a0Bang 28000 pufuri <\/span><\/a><span style=\"vertical-align: inherit\">\/<\/span><a href=\"https:\/\/vapebulkp.com\/ro\/product\/waspe-crystal-vape-40000-puffs-disposable-e-cigarette-dual-flavors-wholesale-price\/\"><span style=\"vertical-align: inherit\"> WASPE Crystal 40000 pufuri<\/span><\/a><\/p>\n<p>&nbsp;<\/p>\n<h4><strong>De ce s\u0103 alege\u021bi Evappe Deluxe Bar 18000 pufuri la <a href=\"https:\/\/vapebulkp.com\/ro\/vape-shop\/\">Vapebulkp.com<\/a>?<\/strong><\/h4>\n<p>La Vapebulkp.com, oferim doar produse de vapat de cea mai \u00eenalt\u0103 calitate, iar <strong>Evappe Deluxe Bar 18000 Pufuri<\/strong> nu face excep\u021bie. Iat\u0103 de ce este alegerea perfect\u0103 pentru nevoile dvs. de vapat:<\/p>\n<ol>\n<li><strong>Calitate Premium<\/strong> \u2013 Evappe Deluxe Bar este construit cu tehnologie avansat\u0103, asigur\u00e2nd vapori fini, arome intense \u0219i performan\u021b\u0103 de lung\u0103 durat\u0103. Cu p\u00e2n\u0103 la 18.000 de pufuri \u0219i o baterie re\u00eenc\u0103rcabil\u0103 fiabil\u0103 de 750mAh, acest dispozitiv garanteaz\u0103 o experien\u021b\u0103 consistent\u0103 \u0219i satisf\u0103c\u0103toare de fiecare dat\u0103.<\/li>\n<li><strong>Pre\u021buri competitive<\/strong> \u2013 Vapebulkp.com ofer\u0103 <strong>Evappe Deluxe Bar 18000 pufuri<\/strong>\u00a0la pre\u021buri competitive, f\u0103c\u00e2nd vapatul de \u00eenalt\u0103 calitate accesibil, f\u0103r\u0103 a sacrifica calitatea. Sunt disponibile \u0219i op\u021biuni de cump\u0103rare \u00een vrac pentru solu\u021bii rentabile.<\/li>\n<li><strong>Gam\u0103 larg\u0103 de selec\u021bie<\/strong> \u2013 Oferim o varietate de concentra\u021bii de nicotin\u0103 (2% \u0219i 5%), pentru a satisface preferin\u021be diferite. Indiferent dac\u0103 sunte\u021bi un \u00eencep\u0103tor sau un vaper experimentat, avem configura\u021bia ideal\u0103 pentru a se potrivi nevoilor dumneavoastr\u0103.<\/li>\n<li><strong>Rapid<\/strong> \u2013 Serviciul nostru de livrare prompt \u0219i fiabil v\u0103 asigur\u0103 c\u0103 primi\u021bi rapid \u0219i \u00een siguran\u021b\u0103 Evappe Deluxe Bar, oriunde v-a\u021bi afla \u00een Europa.<\/li>\n<li><strong>Serviciu orientat c\u0103tre client<\/strong> \u2013 Echipa noastr\u0103 dedicat\u0103 de asisten\u021b\u0103 pentru clien\u021bi este preg\u0103tit\u0103 s\u0103 v\u0103 ajute cu orice \u00eentreb\u0103ri, asigur\u00e2nd o experien\u021b\u0103 de cump\u0103rare f\u0103r\u0103 probleme de la \u00eenceput p\u00e2n\u0103 la sf\u00e2r\u0219it.<\/li>\n<\/ol>\n<h5>Detaliile de expediere:<\/h5>\n<p><span style=\"color: #ff6600\">Timp de produc\u021bie: 5-10 zile lucr\u0103toare<\/span><br \/>\n<span style=\"color: #ff6600\">Timp de livrare: 8-14 zile lucr\u0103toare<\/span><\/p>\n<p>Toate produsele din magazinul nostru sunt 100% originale \u0219i autentice, deci politica magazinului nostru este compensarea de zece ori pentru bunurile contraf\u0103cute. Folosim canale logistice precum UPS\/DHL\/FEDEX\/DPD pentru a v\u0103 livra m\u0103rfurile.<\/p>\n<p>Pentru coletele expediate \u00een Rom\u00e2nia, de obicei dureaz\u0103 10 zile lucr\u0103toare s\u0103 ajung\u0103. Expedierea c\u0103tre \u021b\u0103rile europene dureaz\u0103 de obicei 12 p\u00e2n\u0103 la 15 zile lucr\u0103toare. Vom actualiza informa\u021biile logistice pentru dumneavoastr\u0103 \u00een timp real.<\/p>","protected":false},"excerpt":{"rendered":"<ul>\n<li><strong>Evappe Deluxe Bar 18000 Puffs Pod de unic\u0103 folosin\u021b\u0103 de \u00eenalt\u0103 performan\u021b\u0103 cu bobin\u0103 Mesh \u0219i baterie re\u00eenc\u0103rcabil\u0103 Type-C<\/strong><\/li>\n<li><strong>Vape de unic\u0103 folosin\u021b\u0103 Premium Evappe Deluxe Bar 18000 Puffs cu 25ml de lichid electronic \u0219i concentra\u021bie de nicotin\u0103 de 2% sau 5%<\/strong><\/li>\n<li><strong>Evappe Deluxe Bar 18000 Puffs Pod de \u00eenalt\u0103 calitate pentru Vaping DTL cu performan\u021b\u0103 de lung\u0103 durat\u0103 \u0219i baterie re\u00eenc\u0103rcabil\u0103<\/strong><\/li>\n<\/ul>\n<p>V\u0103 rug\u0103m contacta\u021bi-o pe Mandy pe WhatsApp pentru un pre\u021b redus<a href=\"https:\/\/wa.me\/8618077105796\">+8618077105796<\/a><\/p>\n<p><img decoding=\"async\" class=\"alignnone wp-image-2151\" src=\"http:\/\/vapebulkp.com\/wp-content\/uploads\/2024\/04\/Mandy-WhatsApp-Randm.jpg\" alt=\"RandM Mandy WhatsApp\" width=\"297\" height=\"316\" srcset=\"https:\/\/vapebulkp.com\/wp-content\/uploads\/2024\/04\/Mandy-WhatsApp-Randm.jpg 916w, https:\/\/vapebulkp.com\/wp-content\/uploads\/2024\/04\/Mandy-WhatsApp-Randm-282x300.jpg 282w, https:\/\/vapebulkp.com\/wp-content\/uploads\/2024\/04\/Mandy-WhatsApp-Randm-768x817.jpg 768w, https:\/\/vapebulkp.com\/wp-content\/uploads\/2024\/04\/Mandy-WhatsApp-Randm-600x638.jpg 600w\" sizes=\"(max-width: 297px) 100vw, 297px\" \/><\/p>\n<p><span style=\"color: #ff0000\">NOT\u0102: Pre\u021burile de pe site-ul nostru nu includ costurile de transport<\/span><\/p>\n<p>&nbsp;<\/p>","protected":false},"featured_media":3413,"comment_status":"open","ping_status":"closed","template":"","meta":{"_uag_custom_page_level_css":"","_lmt_disableupdate":"no","_lmt_disable":"","site-sidebar-layout":"default","site-content-layout":"content-boxed-container","ast-site-content-layout":"normal-width-container","site-content-style":"boxed","site-sidebar-style":"unboxed","ast-global-header-display":"","ast-banner-title-visibility":"","ast-main-header-display":"","ast-hfb-above-header-display":"","ast-hfb-below-header-display":"","ast-hfb-mobile-header-display":"","site-post-title":"","ast-breadcrumbs-content":"","ast-featured-img":"","footer-sml-layout":"","theme-transparent-header-meta":"default","adv-header-id-meta":"","stick-header-meta":"","header-above-stick-meta":"","header-main-stick-meta":"","header-below-stick-meta":"","astra-migrate-meta-layouts":"set","_joinchat":[]},"product_cat":[163,153,155,33,59,100,87,34,158,157,154,152,58,84,156],"product_tag":[205,36,37,41,40],"class_list":["post-3412","product","type-product","status-publish","has-post-thumbnail","hentry","product_cat-18000-puffs-disposable-vape","product_cat-hot-disposable-vapes","product_cat-belgium-hot-disposable-vapes","product_cat-france-vape-hot-sale","product_cat-germany-hot-disposable-vape","product_cat-germany-wholesale-vape-shop","product_cat-minimum-order-quantity-50pcs","product_cat-netherlands-vape-good-sale","product_cat-norway-hot-disposable-vapes","product_cat-poland-hot-disposable-vapes","product_cat-portugal-hot-disposable-vapes","product_cat-spain-hot-disposable-vapes","product_cat-sweden-hot-disposable-vape","product_cat-sweden-wholesale-vape","product_cat-switzerland-hot-disposable-vapes","product_tag-evappe-deluxe-bar-18000-puffs","product_tag-good-vape","product_tag-hot-sale-disposable-vape","product_tag-poland-hot-vape","product_tag-sweden-hot-vape","desktop-align-left","tablet-align-left","mobile-align-left"],"yoast_head":"<!-- This site is optimized with the Yoast SEO plugin v21.1 - https:\/\/yoast.com\/wordpress\/plugins\/seo\/ -->\n<title>Evappe Deluxe Bar 18000 Puffs High-Performance Waka Vape Pod - vapebulkp.com<\/title>\n<meta name=\"description\" content=\"Best Sale Evappe Deluxe Bar 18000 Puffs offers long-lasting, smooth vapor with 25ml e-liquid and rechargeable convenience for premium vaping.\" \/>\n<meta name=\"robots\" content=\"index, follow, max-snippet:-1, max-image-preview:large, max-video-preview:-1\" \/>\n<link rel=\"canonical\" href=\"https:\/\/vapebulkp.com\/ro\/product\/evappe-deluxe-bar-18000-puffs-high-performance-waka-vape-pod\/\" \/>\n<meta property=\"og:locale\" content=\"ro_RO\" \/>\n<meta property=\"og:type\" content=\"article\" \/>\n<meta property=\"og:title\" content=\"Evappe Deluxe Bar 18000 Puffs High-Performance Waka Vape Pod - vapebulkp.com\" \/>\n<meta property=\"og:description\" content=\"Best Sale Evappe Deluxe Bar 18000 Puffs offers long-lasting, smooth vapor with 25ml e-liquid and rechargeable convenience for premium vaping.\" \/>\n<meta property=\"og:url\" content=\"https:\/\/vapebulkp.com\/ro\/product\/evappe-deluxe-bar-18000-puffs-high-performance-waka-vape-pod\/\" \/>\n<meta property=\"og:site_name\" content=\"vapebulkp.com\" \/>\n<meta property=\"article:modified_time\" content=\"2025-09-03T07:21:22+00:00\" \/>\n<meta property=\"og:image\" content=\"http:\/\/vapebulkp.com\/wp-content\/uploads\/2025\/01\/Evappe-Deluxe-Bar-18000-Puff-Advanced-Vaping-Solution.webp\" \/>\n\t<meta property=\"og:image:width\" content=\"800\" \/>\n\t<meta property=\"og:image:height\" content=\"800\" \/>\n\t<meta property=\"og:image:type\" content=\"image\/webp\" \/>\n<meta name=\"twitter:card\" content=\"summary_large_image\" \/>\n<meta name=\"twitter:label1\" content=\"Timp estimat pentru citire\" \/>\n\t<meta name=\"twitter:data1\" content=\"4 minute\" \/>\n<script type=\"application\/ld+json\" class=\"yoast-schema-graph\">{\"@context\":\"https:\/\/schema.org\",\"@graph\":[{\"@type\":\"WebPage\",\"@id\":\"https:\/\/vapebulkp.com\/product\/evappe-deluxe-bar-18000-puffs-high-performance-waka-vape-pod\/\",\"url\":\"https:\/\/vapebulkp.com\/product\/evappe-deluxe-bar-18000-puffs-high-performance-waka-vape-pod\/\",\"name\":\"Evappe Deluxe Bar 18000 Puffs High-Performance Waka Vape Pod - vapebulkp.com\",\"isPartOf\":{\"@id\":\"https:\/\/vapebulkp.com\/#website\"},\"datePublished\":\"2025-01-30T08:00:36+00:00\",\"dateModified\":\"2025-09-03T07:21:22+00:00\",\"description\":\"Best Sale Evappe Deluxe Bar 18000 Puffs offers long-lasting, smooth vapor with 25ml e-liquid and rechargeable convenience for premium vaping.\",\"breadcrumb\":{\"@id\":\"https:\/\/vapebulkp.com\/product\/evappe-deluxe-bar-18000-puffs-high-performance-waka-vape-pod\/#breadcrumb\"},\"inLanguage\":\"ro-RO\",\"potentialAction\":[{\"@type\":\"ReadAction\",\"target\":[\"https:\/\/vapebulkp.com\/product\/evappe-deluxe-bar-18000-puffs-high-performance-waka-vape-pod\/\"]}]},{\"@type\":\"BreadcrumbList\",\"@id\":\"https:\/\/vapebulkp.com\/product\/evappe-deluxe-bar-18000-puffs-high-performance-waka-vape-pod\/#breadcrumb\",\"itemListElement\":[{\"@type\":\"ListItem\",\"position\":1,\"name\":\"Home\",\"item\":\"https:\/\/vapebulkp.com\/\"},{\"@type\":\"ListItem\",\"position\":2,\"name\":\"Hot Trend Vapes\",\"item\":\"https:\/\/vapebulkp.com\/vape-shop\/\"},{\"@type\":\"ListItem\",\"position\":3,\"name\":\"Evappe Deluxe Bar 18000 Puffs High-Performance Waka Vape Pod\"}]},{\"@type\":\"WebSite\",\"@id\":\"https:\/\/vapebulkp.com\/#website\",\"url\":\"https:\/\/vapebulkp.com\/\",\"name\":\"vapebulkp.com\",\"description\":\"Buy Vape In Cheap Bulk Price Near you\",\"publisher\":{\"@id\":\"https:\/\/vapebulkp.com\/#organization\"},\"potentialAction\":[{\"@type\":\"SearchAction\",\"target\":{\"@type\":\"EntryPoint\",\"urlTemplate\":\"https:\/\/vapebulkp.com\/?s={search_term_string}\"},\"query-input\":\"required name=search_term_string\"}],\"inLanguage\":\"ro-RO\"},{\"@type\":\"Organization\",\"@id\":\"https:\/\/vapebulkp.com\/#organization\",\"name\":\"vapebulkp.com\",\"url\":\"https:\/\/vapebulkp.com\/\",\"logo\":{\"@type\":\"ImageObject\",\"inLanguage\":\"ro-RO\",\"@id\":\"https:\/\/vapebulkp.com\/#\/schema\/logo\/image\/\",\"url\":\"https:\/\/vapebulkp.com\/wp-content\/uploads\/2023\/09\/cropped-vapebulkp.png\",\"contentUrl\":\"https:\/\/vapebulkp.com\/wp-content\/uploads\/2023\/09\/cropped-vapebulkp.png\",\"width\":516,\"height\":163,\"caption\":\"vapebulkp.com\"},\"image\":{\"@id\":\"https:\/\/vapebulkp.com\/#\/schema\/logo\/image\/\"}}]}<\/script>\n<!-- \/ Yoast SEO plugin. -->","yoast_head_json":{"title":"Evappe Deluxe Bar 18000 Puffs High-Performance Waka Vape Pod - vapebulkp.com","description":"Best Sale Evappe Deluxe Bar 18000 Puffs offers long-lasting, smooth vapor with 25ml e-liquid and rechargeable convenience for premium vaping.","robots":{"index":"index","follow":"follow","max-snippet":"max-snippet:-1","max-image-preview":"max-image-preview:large","max-video-preview":"max-video-preview:-1"},"canonical":"https:\/\/vapebulkp.com\/ro\/product\/evappe-deluxe-bar-18000-puffs-high-performance-waka-vape-pod\/","og_locale":"ro_RO","og_type":"article","og_title":"Evappe Deluxe Bar 18000 Puffs High-Performance Waka Vape Pod - vapebulkp.com","og_description":"Best Sale Evappe Deluxe Bar 18000 Puffs offers long-lasting, smooth vapor with 25ml e-liquid and rechargeable convenience for premium vaping.","og_url":"https:\/\/vapebulkp.com\/ro\/product\/evappe-deluxe-bar-18000-puffs-high-performance-waka-vape-pod\/","og_site_name":"vapebulkp.com","article_modified_time":"2025-09-03T07:21:22+00:00","og_image":[{"width":800,"height":800,"url":"http:\/\/vapebulkp.com\/wp-content\/uploads\/2025\/01\/Evappe-Deluxe-Bar-18000-Puff-Advanced-Vaping-Solution.webp","type":"image\/webp"}],"twitter_card":"summary_large_image","twitter_misc":{"Timp estimat pentru citire":"4 minute"},"schema":{"@context":"https:\/\/schema.org","@graph":[{"@type":"WebPage","@id":"https:\/\/vapebulkp.com\/product\/evappe-deluxe-bar-18000-puffs-high-performance-waka-vape-pod\/","url":"https:\/\/vapebulkp.com\/product\/evappe-deluxe-bar-18000-puffs-high-performance-waka-vape-pod\/","name":"Evappe Deluxe Bar 18000 Puffs High-Performance Waka Vape Pod - vapebulkp.com","isPartOf":{"@id":"https:\/\/vapebulkp.com\/#website"},"datePublished":"2025-01-30T08:00:36+00:00","dateModified":"2025-09-03T07:21:22+00:00","description":"Best Sale Evappe Deluxe Bar 18000 Puffs offers long-lasting, smooth vapor with 25ml e-liquid and rechargeable convenience for premium vaping.","breadcrumb":{"@id":"https:\/\/vapebulkp.com\/product\/evappe-deluxe-bar-18000-puffs-high-performance-waka-vape-pod\/#breadcrumb"},"inLanguage":"ro-RO","potentialAction":[{"@type":"ReadAction","target":["https:\/\/vapebulkp.com\/product\/evappe-deluxe-bar-18000-puffs-high-performance-waka-vape-pod\/"]}]},{"@type":"BreadcrumbList","@id":"https:\/\/vapebulkp.com\/product\/evappe-deluxe-bar-18000-puffs-high-performance-waka-vape-pod\/#breadcrumb","itemListElement":[{"@type":"ListItem","position":1,"name":"Home","item":"https:\/\/vapebulkp.com\/"},{"@type":"ListItem","position":2,"name":"Hot Trend Vapes","item":"https:\/\/vapebulkp.com\/vape-shop\/"},{"@type":"ListItem","position":3,"name":"Evappe Deluxe Bar 18000 Puffs High-Performance Waka Vape Pod"}]},{"@type":"WebSite","@id":"https:\/\/vapebulkp.com\/#website","url":"https:\/\/vapebulkp.com\/","name":"vapebulkp.com","description":"Buy Vape In Cheap Bulk Price Near you","publisher":{"@id":"https:\/\/vapebulkp.com\/#organization"},"potentialAction":[{"@type":"SearchAction","target":{"@type":"EntryPoint","urlTemplate":"https:\/\/vapebulkp.com\/?s={search_term_string}"},"query-input":"required name=search_term_string"}],"inLanguage":"ro-RO"},{"@type":"Organization","@id":"https:\/\/vapebulkp.com\/#organization","name":"vapebulkp.com","url":"https:\/\/vapebulkp.com\/","logo":{"@type":"ImageObject","inLanguage":"ro-RO","@id":"https:\/\/vapebulkp.com\/#\/schema\/logo\/image\/","url":"https:\/\/vapebulkp.com\/wp-content\/uploads\/2023\/09\/cropped-vapebulkp.png","contentUrl":"https:\/\/vapebulkp.com\/wp-content\/uploads\/2023\/09\/cropped-vapebulkp.png","width":516,"height":163,"caption":"vapebulkp.com"},"image":{"@id":"https:\/\/vapebulkp.com\/#\/schema\/logo\/image\/"}}]}},"uagb_featured_image_src":{"full":["https:\/\/vapebulkp.com\/wp-content\/uploads\/2025\/01\/Evappe-Deluxe-Bar-18000-Puff-Advanced-Vaping-Solution.webp",800,800,false],"thumbnail":["https:\/\/vapebulkp.com\/wp-content\/uploads\/2025\/01\/Evappe-Deluxe-Bar-18000-Puff-Advanced-Vaping-Solution-150x150.webp",150,150,true],"medium":["https:\/\/vapebulkp.com\/wp-content\/uploads\/2025\/01\/Evappe-Deluxe-Bar-18000-Puff-Advanced-Vaping-Solution-300x300.webp",300,300,true],"medium_large":["https:\/\/vapebulkp.com\/wp-content\/uploads\/2025\/01\/Evappe-Deluxe-Bar-18000-Puff-Advanced-Vaping-Solution-768x768.webp",768,768,true],"large":["https:\/\/vapebulkp.com\/wp-content\/uploads\/2025\/01\/Evappe-Deluxe-Bar-18000-Puff-Advanced-Vaping-Solution.webp",800,800,false],"1536x1536":["https:\/\/vapebulkp.com\/wp-content\/uploads\/2025\/01\/Evappe-Deluxe-Bar-18000-Puff-Advanced-Vaping-Solution.webp",800,800,false],"2048x2048":["https:\/\/vapebulkp.com\/wp-content\/uploads\/2025\/01\/Evappe-Deluxe-Bar-18000-Puff-Advanced-Vaping-Solution.webp",800,800,false],"trp-custom-language-flag":["https:\/\/vapebulkp.com\/wp-content\/uploads\/2025\/01\/Evappe-Deluxe-Bar-18000-Puff-Advanced-Vaping-Solution.webp",12,12,false],"woocommerce_thumbnail":["https:\/\/vapebulkp.com\/wp-content\/uploads\/2025\/01\/Evappe-Deluxe-Bar-18000-Puff-Advanced-Vaping-Solution-300x300.webp",300,300,true],"woocommerce_single":["https:\/\/vapebulkp.com\/wp-content\/uploads\/2025\/01\/Evappe-Deluxe-Bar-18000-Puff-Advanced-Vaping-Solution-600x600.webp",600,600,true],"woocommerce_gallery_thumbnail":["https:\/\/vapebulkp.com\/wp-content\/uploads\/2025\/01\/Evappe-Deluxe-Bar-18000-Puff-Advanced-Vaping-Solution-100x100.webp",100,100,true],"wcpr-photo-reviews":["https:\/\/vapebulkp.com\/wp-content\/uploads\/2025\/01\/Evappe-Deluxe-Bar-18000-Puff-Advanced-Vaping-Solution.webp",500,500,false]},"uagb_author_info":{"display_name":"Mandy vape bulk price","author_link":"https:\/\/vapebulkp.com\/ro\/author\/"},"uagb_comment_info":0,"uagb_excerpt":"Evappe Deluxe Bar 18000 Puffs High-Performance Disposable Vape Pod with Mesh Coil and Type-C Rechargeable Battery Premium Evappe Deluxe Bar 18000 Puff Disposable Vape with 25ml E-liquid and 2%\/5% Nicotine Strength Evappe Deluxe Bar 18000 Puffs High-Quality Vape Pod for DTL Vaping with Long-Lasting Performance and Rechargeable Battery Pls Contact Mandy's WhatsApp For Discount Price+8618077105796&hellip;","_links":{"self":[{"href":"https:\/\/vapebulkp.com\/ro\/wp-json\/wp\/v2\/product\/3412","targetHints":{"allow":["GET"]}}],"collection":[{"href":"https:\/\/vapebulkp.com\/ro\/wp-json\/wp\/v2\/product"}],"about":[{"href":"https:\/\/vapebulkp.com\/ro\/wp-json\/wp\/v2\/types\/product"}],"replies":[{"embeddable":true,"href":"https:\/\/vapebulkp.com\/ro\/wp-json\/wp\/v2\/comments?post=3412"}],"wp:featuredmedia":[{"embeddable":true,"href":"https:\/\/vapebulkp.com\/ro\/wp-json\/wp\/v2\/media\/3413"}],"wp:attachment":[{"href":"https:\/\/vapebulkp.com\/ro\/wp-json\/wp\/v2\/media?parent=3412"}],"wp:term":[{"taxonomy":"product_cat","embeddable":true,"href":"https:\/\/vapebulkp.com\/ro\/wp-json\/wp\/v2\/product_cat?post=3412"},{"taxonomy":"product_tag","embeddable":true,"href":"https:\/\/vapebulkp.com\/ro\/wp-json\/wp\/v2\/product_tag?post=3412"}],"curies":[{"name":"wp","href":"https:\/\/api.w.org\/{rel}","templated":true}]}}