{"id":3429,"date":"2025-02-07T10:00:01","date_gmt":"2025-02-07T09:00:01","guid":{"rendered":"https:\/\/vapebulkp.com\/?post_type=product&#038;p=3429"},"modified":"2025-09-24T05:51:45","modified_gmt":"2025-09-24T03:51:45","slug":"jnr-power-mate-30000-puffs-wholesale-pocket-hookah-disposable-vape","status":"publish","type":"product","link":"https:\/\/vapebulkp.com\/ro\/product\/jnr-power-mate-30000-puffs-wholesale-pocket-hookah-disposable-vape\/","title":{"rendered":"JNR Power Mate 30000 Pufuri Wholesale Pocket Hookah Vape de Unic\u0103 Folosin\u021b\u0103"},"content":{"rendered":"<h2 style=\"text-align: left\">JNR Power Mate 30000 Pufuri Wholesale Pocket Hookah Vape de Unic\u0103 Folosin\u021b\u0103<\/h2>\n<p>The <strong>JNR Power Mate 30000 Pufuri Wholesale Pocket Hookah Vape de Unic\u0103 Folosin\u021b\u0103<\/strong> este un dispozitiv premium creat pentru vaperii care cer excelen\u021b\u0103. Dispun\u00e2nd de un impresionant <strong>30.000 de pufuri<\/strong>, ofer\u0103 o longevitate \u0219i o satisfac\u021bie f\u0103r\u0103 egal. Pre-umplut cu <strong>19ml de e-lichid<\/strong> c\u00e2t \u0219i \u00een varianta <strong>concentra\u021bie de nicotin\u0103 2%<\/strong>, ofer\u0103 arome fine \u0219i consistente pentru o experien\u021b\u0103 de vaping superioar\u0103.<\/p>\n<p>Echipat cu un <strong>baterie de 5000mAh<\/strong>, se dubleaz\u0103 ca un \u00eenc\u0103rc\u0103tor portabil pentru o comoditate maxim\u0103. Un <strong>rezisten\u021b\u0103 dual mesh<\/strong> asigur\u0103 o produc\u021bie de arome \u00eembun\u0103t\u0103\u021bit\u0103, \u00een timp ce <strong>ecranul inteligent<\/strong> afiseaz\u0103 num\u0103rul de pufuri \u0219i starea bateriei pentru o utilizare u\u0219oar\u0103. Cu cabluri ascunse <strong>Type-C \u0219i lightning<\/strong>, acest <strong>vaping de buzunar<\/strong> este perfect pentru \u00eenc\u0103rcarea \u00een deplasare.<\/p>\n<p>Disponibil la <strong>pre\u021buri de en-gros<\/strong>, JNR Power Mate <strong><a href=\"https:\/\/vapebulkp.com\/ro\/product-category\/30000-puff-disposable-vape\/\">30000 Puffs<\/a><\/strong> este ideal pentru cump\u0103r\u0103torii \u00een vrac care caut\u0103 vapinguri de unic\u0103 folosin\u021b\u0103 de \u00eenalt\u0103 performan\u021b\u0103. Elegant, func\u021bional \u0219i fiabil, aceasta este solu\u021bia suprem\u0103 pentru vaping-ul premium.<\/p>\n<p>&nbsp;<\/p>\n<h6>V\u0103 rug\u0103m contacta\u021bi-o pe Mandy pe WhatsApp pentru un pre\u021b redus<a href=\"https:\/\/wa.me\/8618077105796\">+8618077105796<\/a><\/h6>\n<p><img decoding=\"async\" class=\"alignnone wp-image-2151\" src=\"http:\/\/vapebulkp.com\/wp-content\/uploads\/2024\/04\/Mandy-WhatsApp-Randm.jpg\" alt=\"RandM Mandy WhatsApp\" width=\"287\" height=\"305\" srcset=\"https:\/\/vapebulkp.com\/wp-content\/uploads\/2024\/04\/Mandy-WhatsApp-Randm.jpg 916w, https:\/\/vapebulkp.com\/wp-content\/uploads\/2024\/04\/Mandy-WhatsApp-Randm-282x300.jpg 282w, https:\/\/vapebulkp.com\/wp-content\/uploads\/2024\/04\/Mandy-WhatsApp-Randm-768x817.jpg 768w, https:\/\/vapebulkp.com\/wp-content\/uploads\/2024\/04\/Mandy-WhatsApp-Randm-600x638.jpg 600w\" sizes=\"(max-width: 287px) 100vw, 287px\" \/><\/p>\n<h2><strong>De ce s\u0103 alege\u021bi JNR Power Mate 30k Puffs Vaping De Unic\u0103 Folosin\u021b\u0103 de la Vapebulkp.com?<\/strong><\/h2>\n<ul>\n<li><strong>Calitate de produs de neegalat<\/strong><br \/>\nLa Vapebulkp.com, prioritiz\u0103m dispozitivele de vapat premium, cum ar fi JNR Power Mate 30000 Puffs. Acest dispozitiv combin\u0103 o calitate excep\u021bional\u0103 a construc\u021biei \u0219i performan\u021be de lung\u0103 durat\u0103.<\/li>\n<li><strong>Pre\u021buri Angro Competitive<\/strong><br \/>\nVapebulkp.com ofer\u0103 JNR Power Mate la pre\u021buri imbatabile pentru achizi\u021bii individuale \u0219i \u00een vrac. Cump\u0103r\u0103torii angro beneficiaz\u0103 de oferte rentabile, asigur\u00e2nd o valoare excelent\u0103 f\u0103r\u0103 a compromite calitatea.<\/li>\n<li><strong>Livrare fiabil\u0103 \u00een toat\u0103 Europa<\/strong><br \/>\nSuntem specializa\u021bi \u00een livrarea rapid\u0103 \u0219i sigur\u0103 c\u0103tre \u021b\u0103rile europene, asigur\u00e2nd c\u0103 dispozitivele dumneavoastr\u0103 JNR Power Mate ajung rapid \u0219i \u00een stare excelent\u0103.<\/li>\n<li><strong>Asisten\u021b\u0103 dedicat\u0103 pentru clien\u021bi<\/strong><br \/>\nEchipa noastr\u0103 de asisten\u021b\u0103 pentru clien\u021bi este \u00eentotdeauna gata s\u0103 v\u0103 ajute cu \u00eentreb\u0103ri despre JNR Power Mate sau alte produse. De la plasarea comenzii p\u00e2n\u0103 la asisten\u021ba post-cump\u0103rare, suntem aici pentru a asigura o experien\u021b\u0103 de cump\u0103r\u0103turi f\u0103r\u0103 probleme.<\/li>\n<li><strong>Surs\u0103 de \u00eencredere pentru produse de vapat premium<\/strong><br \/>\nCa furnizor de \u00eencredere, Vapebulkp.com ofer\u0103 o gam\u0103 extins\u0103 de dispozitive de vapat de unic\u0103 folosin\u021b\u0103 de \u00eenalt\u0103 calitate, adaptate nevoilor dumneavoastr\u0103. JNR Power Mate exemplific\u0103 angajamentul nostru de a oferi solu\u021bii de vapat de ultim\u0103 genera\u021bie.<\/li>\n<\/ul>\n<h3><\/h3>\n<div class=\"mb-2 flex gap-3 empty:hidden -ml-2\">\n<div class=\"items-center justify-start rounded-xl p-1 flex\">\n<h3><strong>Specifica\u021bii ale JNR Vape Power Mate 30000 Puffs<\/strong><\/h3>\n<ul>\n<li><strong>Capacitate de puf:<\/strong> Ofer\u0103 p\u00e2n\u0103 la 30.000 de pufuri pentru o experien\u021b\u0103 de vapat extins\u0103 \u0219i f\u0103r\u0103 griji.<\/li>\n<li><strong>Volum lichid electronic:<\/strong> Pre-umplut cu 19ml de lichid electronic premium, elimin\u00e2nd necesitatea reumplerilor frecvente.<\/li>\n<li><strong>Concentra\u021bie de nicotin\u0103:<\/strong> Disponibil cu o concentra\u021bie de nicotin\u0103 de 2% pentru o experien\u021b\u0103 lin\u0103 \u0219i satisf\u0103c\u0103toare.<\/li>\n<li><strong>Rezisten\u021b\u0103 avansat\u0103 Dual Mesh:<\/strong> Rezisten\u021ba integrat\u0103 de 1.0\u03a9 dual mesh asigur\u0103 o \u00eenc\u0103lzire uniform\u0103 \u0219i o produc\u021bie excep\u021bional\u0103 de arome.<\/li>\n<li><strong>Afi\u0219aj inteligent:<\/strong> Include un ecran u\u0219or de utilizat care afi\u0219eaz\u0103 num\u0103rul de pufuri, durata de via\u021b\u0103 a bateriei \u0219i statisticile esen\u021biale ale dispozitivului.<\/li>\n<li><strong>Arom\u0103 excep\u021bional\u0103:<\/strong> Ofer\u0103 arome fine, consistente \u0219i delicate pentru o experien\u021b\u0103 de vapat premium.<\/li>\n<li><strong>\u00cenc\u0103rcare rapid\u0103 Type-C:<\/strong> Suport\u0103 tehnologia de \u00eenc\u0103rcare rapid\u0103 Type-C pentru aliment\u0103ri rapide \u0219i eficiente.<\/li>\n<\/ul>\n<\/div>\n<\/div>\n<h3 style=\"text-align: left\"><strong>JNR Power Mate 30000 Puffs List\u0103 de Arome Vape Pod:<\/strong><\/h3>\n<p>1.Ghea\u021b\u0103 de Zmeur\u0103 Albastr\u0103<br \/>\n2.Ghea\u021b\u0103 de C\u0103p\u0219uni<br \/>\n3.Pepene ro\u0219u cu ghea\u021b\u0103<br \/>\n4.C\u0103p\u0219uni Banan\u0103<br \/>\n5.Cire\u0219e c\u0103p\u0219uni zmeur\u0103<br \/>\n6.Piersici mango pepene ro\u0219u<br \/>\n7.C\u0103p\u0219uni Kiwi<br \/>\n8.Fructe de P\u0103dure Mixte<br \/>\n9.Cola cu Cire\u0219e Acidulat\u0103<br \/>\n10.Kiwi Pepene Ro\u0219u Ghea\u021b\u0103<\/p>\n<p><a href=\"https:\/\/vapebulkp.com\/ro\/product\/waspe-vape-40000-puff-fihp-double-flavour-disposable-vape\/\"><span style=\"vertical-align: inherit\">WASPE 40000 Pufuri<\/span><\/a><\/p>\n<p><span style=\"vertical-align: inherit\">G\u0103se\u0219te mai multe produse care \u021bi-ar putea pl\u0103cea:<\/span><em><a href=\"https:\/\/wa.me\/8618077105796\"><span style=\"vertical-align: inherit\">\u00a0Cump\u0103r\u0103-l acum<\/span><\/a><\/em><\/p>\n<p><span style=\"vertical-align: inherit\">Alte Inhala\u021bii care \u021bi-ar putea pl\u0103cea:<\/span><a href=\"https:\/\/vapebulkp.com\/ro\/product\/uzy-bang-king-12k-disposable-vape-affordable-price\/\"><span style=\"vertical-align: inherit\">UZY Bang King 12000 Pufuri<\/span><\/a><span style=\"vertical-align: inherit\">\u3001<\/span><a href=\"https:\/\/vapebulkp.com\/ro\/product\/wholesale-randm-tornado-9000-puffs-germany\/\"><span style=\"vertical-align: inherit\">RandM 9000 de Inhala\u021bii<\/span><\/a><span style=\"vertical-align: inherit\">\/ <\/span><a href=\"https:\/\/vapebulkp.com\/ro\/product\/uwin-crystal-10k-puff-long-lasting-disposable-vape-for-europe\/\"><span style=\"vertical-align: inherit\">UWIN Crystal 7000 Pufuri<\/span><\/a><span style=\"vertical-align: inherit\">\/ <\/span><a href=\"https:\/\/vapebulkp.com\/ro\/product\/jnr-vape-watch-18-30k-puffs-2-nic-wholesale-price-disposable-vape\/\"><span style=\"vertical-align: inherit\">JNR VAPE WATCH 30K PUFURI\u00a0<\/span><\/a><\/p>\n<p>&nbsp;<\/p>\n<div class=\"flex max-w-full flex-col flex-grow\">\n<div class=\"min-h-8 text-message flex w-full flex-col items-end gap-2 whitespace-normal break-words text-start [.text-message+&amp;]:mt-5\" dir=\"auto\" data-message-author-role=\"assistant\" data-message-id=\"71ffd1de-0990-4a6b-8410-6423ec699d47\" data-message-model-slug=\"gpt-4o-mini\">\n<div class=\"flex w-full flex-col gap-1 empty:hidden first:pt-[3px]\">\n<div class=\"markdown prose w-full break-words dark:prose-invert light\">\n<h3><strong>\u00centreb\u0103ri frecvente despre <\/strong><strong>JNR Power Mate 30000 Pufuri <\/strong><strong>Vape-uri de unic\u0103 folosin\u021b\u0103<\/strong><\/h3>\n<p><strong>1. C\u00e2te pufuri ofer\u0103 JNR Power Mate 30000?<\/strong><br \/>\nJNR Power Mate ofer\u0103 p\u00e2n\u0103 la 30.000 de pufuri, fiind o alegere excelent\u0103 pentru cei care caut\u0103 o performan\u021b\u0103 de lung\u0103 durat\u0103, f\u0103r\u0103 \u00eenlocuiri frecvente.<\/p>\n<p><strong>2. Care este concentra\u021bia de nicotin\u0103 din acest dispozitiv?<\/strong><br \/>\nAcest vape de unic\u0103 folosin\u021b\u0103 are o concentra\u021bie de nicotin\u0103 de 2%, oferind o senza\u021bie pl\u0103cut\u0103 \u0219i lin\u0103 \u00een g\u00e2t at\u00e2t pentru vaperii noi, c\u00e2t \u0219i pentru cei cu experien\u021b\u0103.<\/p>\n<p><strong>3. Care este capacitatea de e-lichid a JNR Vape?<\/strong><br \/>\nAcesta vine pre-umplut cu 19ml de e-lichid de \u00eenalt\u0103 calitate, asigur\u00e2nd o utilizare prelungit\u0103 f\u0103r\u0103 a fi nevoie de reumplere.<\/p>\n<p><strong>4. Ce face ca JNR Power Mate 30000 de pufuri s\u0103 fie unic?<\/strong><br \/>\nDispozitivul combin\u0103 o baterie extern\u0103 \u00eencorporat\u0103 de 5000mAh cu un sistem de conectare magnetic, cabluri de \u00eenc\u0103rcare duale (Type-C \u0219i lightning) \u0219i un ecran inteligent pentru func\u021bionalitate \u0219i confort sporit.<\/p>\n<\/div>\n<\/div>\n<\/div>\n<\/div>\n<h3><strong>Detalii de expediere<\/strong>:<\/h3>\n<ul>\n<li><strong>Timp de procesare<\/strong>: 5-10 zile lucr\u0103toare<\/li>\n<li><strong>Timp de livrare<\/strong>: 8-14 zile lucr\u0103toare<\/li>\n<li><strong>Canale de logistic\u0103<\/strong>: Folosim transportatori de \u00eencredere precum <strong>UPS, DHL \u0219i FedEx<\/strong> pentru o livrare sigur\u0103.<\/li>\n<li><strong>Livrare \u00een Rom\u00e2nia<\/strong>Comenzile c\u0103tre \u021b\u0103rile europene ajung de obicei \u00een 12-15 zile lucr\u0103toare.<\/li>\n<\/ul>","protected":false},"excerpt":{"rendered":"<ul>\n<li>JNR Power Mate 30000 Puffs Vaping De Unic\u0103 Folosin\u021b\u0103 Cu Capacitate Ridicat\u0103 Pentru En-gros<\/li>\n<li>Vaping De Unic\u0103 Folosin\u021b\u0103 Premium JNR Power Mate 30000 Puffs Cu Baterie Integrat\u0103<\/li>\n<\/ul>\n<p><img decoding=\"async\" class=\"alignnone wp-image-2151\" src=\"http:\/\/vapebulkp.com\/wp-content\/uploads\/2024\/04\/Mandy-WhatsApp-Randm.jpg\" alt=\"RandM Mandy WhatsApp\" width=\"234\" height=\"249\" srcset=\"https:\/\/vapebulkp.com\/wp-content\/uploads\/2024\/04\/Mandy-WhatsApp-Randm.jpg 916w, https:\/\/vapebulkp.com\/wp-content\/uploads\/2024\/04\/Mandy-WhatsApp-Randm-282x300.jpg 282w, https:\/\/vapebulkp.com\/wp-content\/uploads\/2024\/04\/Mandy-WhatsApp-Randm-768x817.jpg 768w, https:\/\/vapebulkp.com\/wp-content\/uploads\/2024\/04\/Mandy-WhatsApp-Randm-600x638.jpg 600w\" sizes=\"(max-width: 234px) 100vw, 234px\" \/><\/p>\n<p>V\u0103 rug\u0103m contacta\u021bi-o pe Mandy pe WhatsApp pentru un pre\u021b redus<a href=\"https:\/\/wa.me\/8618077105796\">+8618077105796<\/a><\/p>\n<p><span style=\"color: #ff0000\">NOT\u0102: Pre\u021burile de pe site-ul nostru nu includ costurile de transport<\/span><\/p>\n<p>&nbsp;<\/p>","protected":false},"featured_media":3425,"comment_status":"open","ping_status":"closed","template":"","meta":{"_uag_custom_page_level_css":"","_lmt_disableupdate":"no","_lmt_disable":"","site-sidebar-layout":"default","site-content-layout":"content-boxed-container","ast-site-content-layout":"normal-width-container","site-content-style":"boxed","site-sidebar-style":"unboxed","ast-global-header-display":"","ast-banner-title-visibility":"","ast-main-header-display":"","ast-hfb-above-header-display":"","ast-hfb-below-header-display":"","ast-hfb-mobile-header-display":"","site-post-title":"","ast-breadcrumbs-content":"","ast-featured-img":"","footer-sml-layout":"","theme-transparent-header-meta":"default","adv-header-id-meta":"","stick-header-meta":"","header-above-stick-meta":"","header-main-stick-meta":"","header-below-stick-meta":"","astra-migrate-meta-layouts":"set","_joinchat":[]},"product_cat":[160,153,155,33,59,100,353,34,158,157,154,152,58,84,156,63,32],"product_tag":[187,36,37,206,41,40],"class_list":["post-3429","product","type-product","status-publish","has-post-thumbnail","hentry","product_cat-30000-puff-disposable-vape","product_cat-hot-disposable-vapes","product_cat-belgium-hot-disposable-vapes","product_cat-france-vape-hot-sale","product_cat-germany-hot-disposable-vape","product_cat-germany-wholesale-vape-shop","product_cat-jnr-vape","product_cat-netherlands-vape-good-sale","product_cat-norway-hot-disposable-vapes","product_cat-poland-hot-disposable-vapes","product_cat-portugal-hot-disposable-vapes","product_cat-spain-hot-disposable-vapes","product_cat-sweden-hot-disposable-vape","product_cat-sweden-wholesale-vape","product_cat-switzerland-hot-disposable-vapes","product_cat-top-sale-disposable-vape","product_cat-vape-hot-sale-this-week","product_tag-30000-puffs","product_tag-good-vape","product_tag-hot-sale-disposable-vape","product_tag-jnr-power-mate-30000-puffs","product_tag-poland-hot-vape","product_tag-sweden-hot-vape","pa_brand-jnr-vape","desktop-align-left","tablet-align-left","mobile-align-left"],"yoast_head":"<!-- This site is optimized with the Yoast SEO plugin v21.1 - https:\/\/yoast.com\/wordpress\/plugins\/seo\/ -->\n<title>JNR Power Mate 30000 Puffs Wholesale Pocket Hookah Disposable Vape - vapebulkp.com % %<\/title>\n<meta name=\"description\" content=\"Shop the Wholesale Price JNR Power Mate 30000 Puffs Pocket Hookah Vape, featuring 19ml e-liquid, 5000mAh power bank, and smooth flavor performance.&quot;\" \/>\n<meta name=\"robots\" content=\"index, follow, max-snippet:-1, max-image-preview:large, max-video-preview:-1\" \/>\n<link rel=\"canonical\" href=\"https:\/\/vapebulkp.com\/ro\/product\/jnr-power-mate-30000-puffs-wholesale-pocket-hookah-disposable-vape\/\" \/>\n<meta property=\"og:locale\" content=\"ro_RO\" \/>\n<meta property=\"og:type\" content=\"article\" \/>\n<meta property=\"og:title\" content=\"JNR Power Mate 30000 Puffs Wholesale Pocket Hookah Disposable Vape - vapebulkp.com % %\" \/>\n<meta property=\"og:description\" content=\"Shop the Wholesale Price JNR Power Mate 30000 Puffs Pocket Hookah Vape, featuring 19ml e-liquid, 5000mAh power bank, and smooth flavor performance.&quot;\" \/>\n<meta property=\"og:url\" content=\"https:\/\/vapebulkp.com\/ro\/product\/jnr-power-mate-30000-puffs-wholesale-pocket-hookah-disposable-vape\/\" \/>\n<meta property=\"og:site_name\" content=\"vapebulkp.com\" \/>\n<meta property=\"article:modified_time\" content=\"2025-09-24T03:51:45+00:00\" \/>\n<meta property=\"og:image\" content=\"http:\/\/vapebulkp.com\/wp-content\/uploads\/2025\/01\/Jnr-Power-Mate-30000-Puffs-Disposable-Vapes.webp\" \/>\n\t<meta property=\"og:image:width\" content=\"800\" \/>\n\t<meta property=\"og:image:height\" content=\"800\" \/>\n\t<meta property=\"og:image:type\" content=\"image\/webp\" \/>\n<meta name=\"twitter:card\" content=\"summary_large_image\" \/>\n<meta name=\"twitter:label1\" content=\"Timp estimat pentru citire\" \/>\n\t<meta name=\"twitter:data1\" content=\"4 minute\" \/>\n<script type=\"application\/ld+json\" class=\"yoast-schema-graph\">{\"@context\":\"https:\/\/schema.org\",\"@graph\":[{\"@type\":\"WebPage\",\"@id\":\"https:\/\/vapebulkp.com\/product\/jnr-power-mate-30000-puffs-wholesale-pocket-hookah-disposable-vape\/\",\"url\":\"https:\/\/vapebulkp.com\/product\/jnr-power-mate-30000-puffs-wholesale-pocket-hookah-disposable-vape\/\",\"name\":\"JNR Power Mate 30000 Puffs Wholesale Pocket Hookah Disposable Vape - vapebulkp.com % %\",\"isPartOf\":{\"@id\":\"https:\/\/vapebulkp.com\/#website\"},\"datePublished\":\"2025-02-07T09:00:01+00:00\",\"dateModified\":\"2025-09-24T03:51:45+00:00\",\"description\":\"Shop the Wholesale Price JNR Power Mate 30000 Puffs Pocket Hookah Vape, featuring 19ml e-liquid, 5000mAh power bank, and smooth flavor performance.\\\"\",\"breadcrumb\":{\"@id\":\"https:\/\/vapebulkp.com\/product\/jnr-power-mate-30000-puffs-wholesale-pocket-hookah-disposable-vape\/#breadcrumb\"},\"inLanguage\":\"ro-RO\",\"potentialAction\":[{\"@type\":\"ReadAction\",\"target\":[\"https:\/\/vapebulkp.com\/product\/jnr-power-mate-30000-puffs-wholesale-pocket-hookah-disposable-vape\/\"]}]},{\"@type\":\"BreadcrumbList\",\"@id\":\"https:\/\/vapebulkp.com\/product\/jnr-power-mate-30000-puffs-wholesale-pocket-hookah-disposable-vape\/#breadcrumb\",\"itemListElement\":[{\"@type\":\"ListItem\",\"position\":1,\"name\":\"Home\",\"item\":\"https:\/\/vapebulkp.com\/\"},{\"@type\":\"ListItem\",\"position\":2,\"name\":\"Hot Trend Vapes\",\"item\":\"https:\/\/vapebulkp.com\/vape-shop\/\"},{\"@type\":\"ListItem\",\"position\":3,\"name\":\"JNR Power Mate 30000 Puffs Wholesale Pocket Hookah Disposable Vape\"}]},{\"@type\":\"WebSite\",\"@id\":\"https:\/\/vapebulkp.com\/#website\",\"url\":\"https:\/\/vapebulkp.com\/\",\"name\":\"vapebulkp.com\",\"description\":\"Buy Vape In Cheap Bulk Price Near you\",\"publisher\":{\"@id\":\"https:\/\/vapebulkp.com\/#organization\"},\"potentialAction\":[{\"@type\":\"SearchAction\",\"target\":{\"@type\":\"EntryPoint\",\"urlTemplate\":\"https:\/\/vapebulkp.com\/?s={search_term_string}\"},\"query-input\":\"required name=search_term_string\"}],\"inLanguage\":\"ro-RO\"},{\"@type\":\"Organization\",\"@id\":\"https:\/\/vapebulkp.com\/#organization\",\"name\":\"vapebulkp.com\",\"url\":\"https:\/\/vapebulkp.com\/\",\"logo\":{\"@type\":\"ImageObject\",\"inLanguage\":\"ro-RO\",\"@id\":\"https:\/\/vapebulkp.com\/#\/schema\/logo\/image\/\",\"url\":\"https:\/\/vapebulkp.com\/wp-content\/uploads\/2023\/09\/cropped-vapebulkp.png\",\"contentUrl\":\"https:\/\/vapebulkp.com\/wp-content\/uploads\/2023\/09\/cropped-vapebulkp.png\",\"width\":516,\"height\":163,\"caption\":\"vapebulkp.com\"},\"image\":{\"@id\":\"https:\/\/vapebulkp.com\/#\/schema\/logo\/image\/\"}}]}<\/script>\n<!-- \/ Yoast SEO plugin. -->","yoast_head_json":{"title":"JNR Power Mate 30000 Puffs Wholesale Pocket Hookah Disposable Vape - vapebulkp.com % %","description":"Shop the Wholesale Price JNR Power Mate 30000 Puffs Pocket Hookah Vape, featuring 19ml e-liquid, 5000mAh power bank, and smooth flavor performance.\"","robots":{"index":"index","follow":"follow","max-snippet":"max-snippet:-1","max-image-preview":"max-image-preview:large","max-video-preview":"max-video-preview:-1"},"canonical":"https:\/\/vapebulkp.com\/ro\/product\/jnr-power-mate-30000-puffs-wholesale-pocket-hookah-disposable-vape\/","og_locale":"ro_RO","og_type":"article","og_title":"JNR Power Mate 30000 Puffs Wholesale Pocket Hookah Disposable Vape - vapebulkp.com % %","og_description":"Shop the Wholesale Price JNR Power Mate 30000 Puffs Pocket Hookah Vape, featuring 19ml e-liquid, 5000mAh power bank, and smooth flavor performance.\"","og_url":"https:\/\/vapebulkp.com\/ro\/product\/jnr-power-mate-30000-puffs-wholesale-pocket-hookah-disposable-vape\/","og_site_name":"vapebulkp.com","article_modified_time":"2025-09-24T03:51:45+00:00","og_image":[{"width":800,"height":800,"url":"http:\/\/vapebulkp.com\/wp-content\/uploads\/2025\/01\/Jnr-Power-Mate-30000-Puffs-Disposable-Vapes.webp","type":"image\/webp"}],"twitter_card":"summary_large_image","twitter_misc":{"Timp estimat pentru citire":"4 minute"},"schema":{"@context":"https:\/\/schema.org","@graph":[{"@type":"WebPage","@id":"https:\/\/vapebulkp.com\/product\/jnr-power-mate-30000-puffs-wholesale-pocket-hookah-disposable-vape\/","url":"https:\/\/vapebulkp.com\/product\/jnr-power-mate-30000-puffs-wholesale-pocket-hookah-disposable-vape\/","name":"JNR Power Mate 30000 Puffs Wholesale Pocket Hookah Disposable Vape - vapebulkp.com % %","isPartOf":{"@id":"https:\/\/vapebulkp.com\/#website"},"datePublished":"2025-02-07T09:00:01+00:00","dateModified":"2025-09-24T03:51:45+00:00","description":"Shop the Wholesale Price JNR Power Mate 30000 Puffs Pocket Hookah Vape, featuring 19ml e-liquid, 5000mAh power bank, and smooth flavor performance.\"","breadcrumb":{"@id":"https:\/\/vapebulkp.com\/product\/jnr-power-mate-30000-puffs-wholesale-pocket-hookah-disposable-vape\/#breadcrumb"},"inLanguage":"ro-RO","potentialAction":[{"@type":"ReadAction","target":["https:\/\/vapebulkp.com\/product\/jnr-power-mate-30000-puffs-wholesale-pocket-hookah-disposable-vape\/"]}]},{"@type":"BreadcrumbList","@id":"https:\/\/vapebulkp.com\/product\/jnr-power-mate-30000-puffs-wholesale-pocket-hookah-disposable-vape\/#breadcrumb","itemListElement":[{"@type":"ListItem","position":1,"name":"Home","item":"https:\/\/vapebulkp.com\/"},{"@type":"ListItem","position":2,"name":"Hot Trend Vapes","item":"https:\/\/vapebulkp.com\/vape-shop\/"},{"@type":"ListItem","position":3,"name":"JNR Power Mate 30000 Puffs Wholesale Pocket Hookah Disposable Vape"}]},{"@type":"WebSite","@id":"https:\/\/vapebulkp.com\/#website","url":"https:\/\/vapebulkp.com\/","name":"vapebulkp.com","description":"Buy Vape In Cheap Bulk Price Near you","publisher":{"@id":"https:\/\/vapebulkp.com\/#organization"},"potentialAction":[{"@type":"SearchAction","target":{"@type":"EntryPoint","urlTemplate":"https:\/\/vapebulkp.com\/?s={search_term_string}"},"query-input":"required name=search_term_string"}],"inLanguage":"ro-RO"},{"@type":"Organization","@id":"https:\/\/vapebulkp.com\/#organization","name":"vapebulkp.com","url":"https:\/\/vapebulkp.com\/","logo":{"@type":"ImageObject","inLanguage":"ro-RO","@id":"https:\/\/vapebulkp.com\/#\/schema\/logo\/image\/","url":"https:\/\/vapebulkp.com\/wp-content\/uploads\/2023\/09\/cropped-vapebulkp.png","contentUrl":"https:\/\/vapebulkp.com\/wp-content\/uploads\/2023\/09\/cropped-vapebulkp.png","width":516,"height":163,"caption":"vapebulkp.com"},"image":{"@id":"https:\/\/vapebulkp.com\/#\/schema\/logo\/image\/"}}]}},"uagb_featured_image_src":{"full":["https:\/\/vapebulkp.com\/wp-content\/uploads\/2025\/01\/Jnr-Power-Mate-30000-Puffs-Disposable-Vapes.webp",800,800,false],"thumbnail":["https:\/\/vapebulkp.com\/wp-content\/uploads\/2025\/01\/Jnr-Power-Mate-30000-Puffs-Disposable-Vapes-150x150.webp",150,150,true],"medium":["https:\/\/vapebulkp.com\/wp-content\/uploads\/2025\/01\/Jnr-Power-Mate-30000-Puffs-Disposable-Vapes-300x300.webp",300,300,true],"medium_large":["https:\/\/vapebulkp.com\/wp-content\/uploads\/2025\/01\/Jnr-Power-Mate-30000-Puffs-Disposable-Vapes-768x768.webp",768,768,true],"large":["https:\/\/vapebulkp.com\/wp-content\/uploads\/2025\/01\/Jnr-Power-Mate-30000-Puffs-Disposable-Vapes.webp",800,800,false],"1536x1536":["https:\/\/vapebulkp.com\/wp-content\/uploads\/2025\/01\/Jnr-Power-Mate-30000-Puffs-Disposable-Vapes.webp",800,800,false],"2048x2048":["https:\/\/vapebulkp.com\/wp-content\/uploads\/2025\/01\/Jnr-Power-Mate-30000-Puffs-Disposable-Vapes.webp",800,800,false],"trp-custom-language-flag":["https:\/\/vapebulkp.com\/wp-content\/uploads\/2025\/01\/Jnr-Power-Mate-30000-Puffs-Disposable-Vapes.webp",12,12,false],"woocommerce_thumbnail":["https:\/\/vapebulkp.com\/wp-content\/uploads\/2025\/01\/Jnr-Power-Mate-30000-Puffs-Disposable-Vapes-300x300.webp",300,300,true],"woocommerce_single":["https:\/\/vapebulkp.com\/wp-content\/uploads\/2025\/01\/Jnr-Power-Mate-30000-Puffs-Disposable-Vapes-600x600.webp",600,600,true],"woocommerce_gallery_thumbnail":["https:\/\/vapebulkp.com\/wp-content\/uploads\/2025\/01\/Jnr-Power-Mate-30000-Puffs-Disposable-Vapes-100x100.webp",100,100,true],"wcpr-photo-reviews":["https:\/\/vapebulkp.com\/wp-content\/uploads\/2025\/01\/Jnr-Power-Mate-30000-Puffs-Disposable-Vapes.webp",500,500,false]},"uagb_author_info":{"display_name":"Mandy vape bulk price","author_link":"https:\/\/vapebulkp.com\/ro\/author\/"},"uagb_comment_info":0,"uagb_excerpt":"JNR Power Mate 30000 Puffs High-Capacity Pocket Hookah Vape for Wholesale Premium JNR Power Mate 30000 Puffs Disposable Vape with Built-in Power Bank Pls Contact Mandy's WhatsApp For Discount Price+8618077105796 NOTE: Prices on our website does not include shipping costs &nbsp;","_links":{"self":[{"href":"https:\/\/vapebulkp.com\/ro\/wp-json\/wp\/v2\/product\/3429","targetHints":{"allow":["GET"]}}],"collection":[{"href":"https:\/\/vapebulkp.com\/ro\/wp-json\/wp\/v2\/product"}],"about":[{"href":"https:\/\/vapebulkp.com\/ro\/wp-json\/wp\/v2\/types\/product"}],"replies":[{"embeddable":true,"href":"https:\/\/vapebulkp.com\/ro\/wp-json\/wp\/v2\/comments?post=3429"}],"wp:featuredmedia":[{"embeddable":true,"href":"https:\/\/vapebulkp.com\/ro\/wp-json\/wp\/v2\/media\/3425"}],"wp:attachment":[{"href":"https:\/\/vapebulkp.com\/ro\/wp-json\/wp\/v2\/media?parent=3429"}],"wp:term":[{"taxonomy":"product_cat","embeddable":true,"href":"https:\/\/vapebulkp.com\/ro\/wp-json\/wp\/v2\/product_cat?post=3429"},{"taxonomy":"product_tag","embeddable":true,"href":"https:\/\/vapebulkp.com\/ro\/wp-json\/wp\/v2\/product_tag?post=3429"}],"curies":[{"name":"wp","href":"https:\/\/api.w.org\/{rel}","templated":true}]}}