{"id":3700,"date":"2025-04-23T09:53:13","date_gmt":"2025-04-23T07:53:13","guid":{"rendered":"https:\/\/vapebulkp.com\/?post_type=product&#038;p=3700"},"modified":"2025-09-17T10:38:27","modified_gmt":"2025-09-17T08:38:27","slug":"vapme-digital-30000-puffs-disposable-vape-with-smart-screen","status":"publish","type":"product","link":"https:\/\/vapebulkp.com\/ro\/product\/vapme-digital-30000-puffs-disposable-vape-with-smart-screen\/","title":{"rendered":"Vapme Digital 30000 Puffs Vap\u0103 de unic\u0103 folosin\u021b\u0103 cu ecran inteligent"},"content":{"rendered":"<h2>Vapme Digital 30000 Puffs Vap\u0103 de unic\u0103 folosin\u021b\u0103 cu ecran inteligent<\/h2>\n<p data-start=\"587\" data-end=\"880\">The <strong data-start=\"591\" data-end=\"620\">Vapme Digital 30000 Pufuri<\/strong> este o genera\u021bie urm\u0103toare <a href=\"https:\/\/vapebulkp.com\/ro\/product-category\/30000-puff-disposable-vape\/\"><strong data-start=\"642\" data-end=\"673\">30000 Puffs<\/strong><\/a> creat\u0103 pentru pia\u021ba european\u0103. Conceput ca un <strong data-start=\"721\" data-end=\"746\">stilou de vapat de lung\u0103 durat\u0103<\/strong>, ofer\u0103 vapori constan\u021bi \u0219i o arom\u0103 puternic\u0103 pe parcursul a mii de pufuri, f\u0103c\u00e2ndu-l ideal at\u00e2t pentru utilizatorii zilnici, c\u00e2t \u0219i pentru cump\u0103r\u0103torii angro.<\/p>\n<p data-start=\"882\" data-end=\"1140\">Proiectat cu tehnologie avansat\u0103 <strong data-start=\"907\" data-end=\"925\">vape cu rezisten\u021b\u0103 de tip mesh<\/strong> , asigur\u0103 un flux de aer lin, vapori densi \u0219i o arom\u0103 bogat\u0103 care dureaz\u0103 p\u00e2n\u0103 la ultimul puf. Ecranul digital afi\u0219eaz\u0103 \u00een timp real nivelurile bateriei \u0219i ale e-lichidului, men\u021bin\u00e2nd fiecare sesiune sub controlul dumneavoastr\u0103.<\/p>\n<p data-start=\"1142\" data-end=\"1443\">Alimentat de o baterie de 850mAh, acest <strong data-start=\"1177\" data-end=\"1209\">vape de unic\u0103 folosin\u021b\u0103 re\u00eenc\u0103rcabil<\/strong> suport\u0103 \u00eenc\u0103rcarea rapid\u0103 de tip C, reduc\u00e2nd timpul de inactivitate \u0219i men\u021bin\u00e2nd o performan\u021b\u0103 constant\u0103. Cu concentra\u021bii de sare de nicotin\u0103 de 0%, 2%, 3% \u0219i 5%, acest <strong data-start=\"1347\" data-end=\"1376\">Vapme Digital 30000 Pufuri<\/strong> satisface diferite preferin\u021be de vapat, fie ele u\u0219oare sau puternice.<\/p>\n<p data-start=\"1445\" data-end=\"1706\">Disponibil \u00een 12 arome rafinate, acest <strong data-start=\"1483\" data-end=\"1505\">vape cu s\u0103ruri de nicotin\u0103<\/strong> combin\u0103 calitatea premium cu comoditatea. Sub\u021bire, portabil \u0219i preg\u0103tit pentru v\u00e2nzarea angro, este alegerea inteligent\u0103 pentru comercian\u021bii cu am\u0103nuntul \u0219i distribuitorii care caut\u0103 produse cu cerere mare \u00een <strong data-start=\"1675\" data-end=\"1696\">vape en-gros UE<\/strong>.<\/p>\n<h6>V\u0103 rug\u0103m contacta\u021bi-o pe Mandy pe WhatsApp pentru un pre\u021b redus<a href=\"https:\/\/wa.me\/8618077105796\">+8618077105796<\/a><\/h6>\n<p>&nbsp;<\/p>\n<p><img decoding=\"async\" class=\"alignnone wp-image-2151\" src=\"http:\/\/vapebulkp.com\/wp-content\/uploads\/2024\/04\/Mandy-WhatsApp-Randm.jpg\" alt=\"RandM Mandy WhatsApp\" width=\"324\" height=\"330\" \/><\/p>\n<h3 class=\"\" data-start=\"104\" data-end=\"182\"><strong data-start=\"108\" data-end=\"182\">Vapme Digital 30000 Puffs Vapori de unic\u0103 folosin\u021b\u0103 de mare capacitate \u2013 Specifica\u021biile produsului<\/strong><\/h3>\n<ul data-start=\"184\" data-end=\"747\">\n<li class=\"\" data-start=\"184\" data-end=\"217\">\n<p class=\"\" data-start=\"186\" data-end=\"217\"><strong data-start=\"186\" data-end=\"200\">Num\u0103r de pufuri<\/strong>: 30000 Pufuri<\/p>\n<\/li>\n<li class=\"\" data-start=\"218\" data-end=\"288\">\n<p class=\"\" data-start=\"220\" data-end=\"288\"><strong data-start=\"220\" data-end=\"231\">Baterie<\/strong>: Baterie re\u00eenc\u0103rcabil\u0103 de 850mAh cu \u00eenc\u0103rcare rapid\u0103 Type-C<\/p>\n<\/li>\n<li class=\"\" data-start=\"289\" data-end=\"350\">\n<p class=\"\" data-start=\"291\" data-end=\"350\"><strong data-start=\"291\" data-end=\"312\">Capacitate E-lichid<\/strong>: 20mL Suc premium pentru vapat, pre-umplut<\/p>\n<\/li>\n<li class=\"\" data-start=\"351\" data-end=\"414\">\n<p class=\"\" data-start=\"353\" data-end=\"414\"><strong data-start=\"353\" data-end=\"382\">Op\u021biuni de t\u0103rie a nicotinei<\/strong>: 0%, 2%, 3%, 5% Sare de nicotin\u0103<\/p>\n<\/li>\n<li class=\"\" data-start=\"415\" data-end=\"483\">\n<p class=\"\" data-start=\"417\" data-end=\"483\"><strong data-start=\"417\" data-end=\"436\">Tehnologia bobinei<\/strong>: Rezisten\u021b\u0103 avansat\u0103 de 0.6\u03a9 Mesh pentru arom\u0103 \u00eembun\u0103t\u0103\u021bit\u0103<\/p>\n<\/li>\n<li class=\"\" data-start=\"484\" data-end=\"555\">\n<p class=\"\" data-start=\"486\" data-end=\"555\"><strong data-start=\"486\" data-end=\"500\">Stil de inhalare<\/strong>: MTL (Mouth-to-Lung) \u2013 Inhalare lin\u0103, asem\u0103n\u0103toare \u021big\u0103rii<\/p>\n<\/li>\n<li class=\"\" data-start=\"556\" data-end=\"621\">\n<p class=\"\" data-start=\"558\" data-end=\"621\"><strong data-start=\"558\" data-end=\"569\">Afi\u0219aj<\/strong>: Ecran digital pentru baterie<\/p>\n<\/li>\n<li class=\"\" data-start=\"622\" data-end=\"677\">\n<p class=\"\" data-start=\"624\" data-end=\"677\"><strong data-start=\"624\" data-end=\"635\">Arome<\/strong>: 12 Op\u021biuni de arome bogate \u0219i distincte<\/p>\n<\/li>\n<li class=\"\" data-start=\"678\" data-end=\"747\">\n<p class=\"\" data-start=\"680\" data-end=\"747\"><strong data-start=\"680\" data-end=\"693\">Ambalaj<\/strong>: 160 de unit\u0103\u021bi pe cutie | Greutate brut\u0103: 20.5kg pe cutie<\/p>\n<\/li>\n<\/ul>\n<h2>Arome Vapme Digital 30000 Puffs Type-C<\/h2>\n<p>1.Ghea\u021b\u0103 de c\u0103p\u0219uni<br \/>\n2.C\u0103p\u0219uni Kiwi<br \/>\n3.C\u0103p\u0219uni struguri<br \/>\n4.Ghea\u021b\u0103 de cire\u0219e<br \/>\n5.Kiwi Fructul pasiunii Guava<br \/>\n6.C\u0103p\u0219uni Red Bull<br \/>\n7.Ghea\u021b\u0103 de piersici<br \/>\n8.B\u0103utur\u0103 energizant\u0103<br \/>\n10.Pepene ro\u0219u cu ghea\u021b\u0103<br \/>\n11.Iubire 66<br \/>\n12.Afine Zmeur\u0103<\/p>\n<p><span style=\"vertical-align: inherit\">G\u0103se\u0219te mai multe produse care \u021bi-ar putea pl\u0103cea:<\/span><em><a href=\"https:\/\/wa.me\/8618077105796\"><span style=\"vertical-align: inherit\">\u00a0Cump\u0103r\u0103-l acum<\/span><\/a><\/em><\/p>\n<p><span style=\"vertical-align: inherit\">Alte Inhala\u021bii care \u021bi-ar putea pl\u0103cea:<\/span><a href=\"https:\/\/vapebulkp.com\/ro\/product\/waspe-vape-40000-puff-fihp-double-flavour-disposable-vape\/\"><span style=\"vertical-align: inherit\">WASPE FIHP 40000 Pufuri<\/span><\/a><span style=\"vertical-align: inherit\">\u3001<\/span><a href=\"https:\/\/vapebulkp.com\/ro\/product\/uzy-crystal-twin-50000-puffs-rechargeable-vape-with-led-display\/\"><span style=\"vertical-align: inherit\">UZY Crystal Twin 50000 Pufuri<\/span><\/a><span style=\"vertical-align: inherit\">\/ <\/span><a href=\"https:\/\/vapebulkp.com\/ro\/fi\/product\/bang-30k-puffs-new-double-taste-good-vape\/\"><span style=\"vertical-align: inherit\">Bang Vape 30000 Pufuri<\/span><\/a><span style=\"vertical-align: inherit\">\/ <\/span><a href=\"https:\/\/vapebulkp.com\/ro\/product\/zooy-zero-45000-puffs-nicotine-salt-vape-extra-large-e-liquid-capacity\/\"><span style=\"vertical-align: inherit\">ZOOY ZERO 45000 Pufuri<\/span><\/a><\/p>\n<h3 class=\"\" data-start=\"1557\" data-end=\"1601\"><strong data-start=\"1561\" data-end=\"1599\">De ce s\u0103 alege\u021bi Vapme Digital 30000 Puff vape box?<\/strong><\/h3>\n<h4 class=\"\" data-start=\"120\" data-end=\"165\">\ud83d\udd0b<strong data-start=\"128\" data-end=\"163\">Durat\u0103 de via\u021b\u0103 ultra-lung\u0103 \u2014 Peste 30.000 de pufuri<\/strong><\/h4>\n<p class=\"\" data-start=\"166\" data-end=\"320\">Spune\u021bi adio \u00eenlocuirilor constante. Acest dispozitiv ofer\u0103 o longevitate excep\u021bional\u0103, fiind un companion de \u00eencredere pentru utilizarea zilnic\u0103, c\u0103l\u0103torii \u0219i rev\u00e2nzarea \u00een comer\u021b.<\/p>\n<h4 class=\"\" data-start=\"322\" data-end=\"356\">\ud83d\udcf1 <strong data-start=\"330\" data-end=\"354\">Ecran digital inteligent<\/strong><\/h4>\n<p class=\"\" data-start=\"357\" data-end=\"481\">Ecranul \u00eencorporat afi\u0219eaz\u0103 \u00een timp real nivelurile de baterie \u0219i e-lichid. Clar, modern \u0219i convenabil \u2014 \u0219tii exact c\u00e2nd s\u0103-l re\u00eencarci.<\/p>\n<h4 class=\"\" data-start=\"483\" data-end=\"526\">\ud83d\udca8 <strong data-start=\"491\" data-end=\"524\">Rezisten\u021b\u0103 Mesh pentru o Arom\u0103 Superioar\u0103<\/strong><\/h4>\n<p class=\"\" data-start=\"527\" data-end=\"650\">Echipat cu o rezisten\u021b\u0103 mesh de 0.6\u03a9, asigur\u0103 vapori den\u0219i \u0219i arome intense de fiecare dat\u0103, optimizat pentru utilizatorii MTL (Mouth-to-Lung).<\/p>\n<h4 class=\"\" data-start=\"652\" data-end=\"704\">\ud83c\udf4d <strong data-start=\"660\" data-end=\"702\">12 Arome Premium<\/strong><\/h4>\n<p class=\"\" data-start=\"705\" data-end=\"845\">Alege dintr-o selec\u021bie atent\u0103 de 12 arome expert combinate. Disponibile cu 0%, 2%, 3% \u0219i 5% nicotin\u0103 pentru a se potrivi fiec\u0103rui gust \u0219i preferin\u021be.<\/p>\n<h4 class=\"\" data-start=\"847\" data-end=\"896\">\u26a1 <strong data-start=\"854\" data-end=\"894\">\u00cenc\u0103rcare rapid\u0103 Type-C, Baterie de 850mAh<\/strong><\/h4>\n<p class=\"\" data-start=\"897\" data-end=\"973\">Alimentarea eficient\u0103 \u0219i re\u00eenc\u0103rcarea rapid\u0103 \u00eenseamn\u0103 mai pu\u021bin\u0103 a\u0219teptare, mai mult vapat.<\/p>\n<h4 class=\"\" data-start=\"975\" data-end=\"1025\">\ud83d\udce6 <strong data-start=\"983\" data-end=\"1023\">Disponibil pentru distribu\u021bie \u2014 160 de buc\u0103\u021bi pe cutie<\/strong><\/h4>\n<p class=\"\" data-start=\"1026\" data-end=\"1146\">Ideal pentru comercian\u021bi \u0219i cump\u0103r\u0103tori de volum. Ambalajul u\u0219or \u0219i organizat (20.5kg\/cutie) asigur\u0103 o manipulare \u0219i un transport facil.<\/p>\n<h4 class=\"\" data-start=\"1148\" data-end=\"1206\">\ud83c\udf0d <strong data-start=\"1156\" data-end=\"1204\">Elegant, Portabil \u0219i F\u0103r\u0103 \u00centre\u021binere<\/strong><\/h4>\n<p class=\"\" data-start=\"1207\" data-end=\"1312\">Compact, elegant \u0219i gata de utilizare direct din cutie. F\u0103r\u0103 reumplere, f\u0103r\u0103 schimb\u0103ri de rezisten\u021b\u0103 \u2014 doar \u00eencarci \u0219i te bucuri.<\/p>\n<h3>Detaliile de expediere:<\/h3>\n<p><span style=\"color: #ff6600\">Timp de produc\u021bie: 5-10 zile lucr\u0103toare<\/span><br \/>\n<span style=\"color: #ff6600\">Timp de livrare: 8-14 zile lucr\u0103toare<\/span><\/p>\n<p>Toate produsele din magazinul nostru sunt 100% originale \u0219i autentice, deci politica magazinului nostru este compensarea de zece ori pentru bunurile contraf\u0103cute. Folosim canale logistice precum UPS\/DHL\/FEDEX\/DPD pentru a v\u0103 livra m\u0103rfurile.<\/p>\n<p>Pentru coletele expediate \u00een Rom\u00e2nia, de obicei dureaz\u0103 10 zile lucr\u0103toare s\u0103 ajung\u0103. Expedierea c\u0103tre \u021b\u0103rile europene dureaz\u0103 de obicei 12 p\u00e2n\u0103 la 15 zile lucr\u0103toare. Vom actualiza informa\u021biile logistice pentru dumneavoastr\u0103 \u00een timp real.<\/p>","protected":false},"excerpt":{"rendered":"<p>VAPME GOAT 40000 Puffs este un produs de top <strong data-start=\"135\" data-end=\"164\">vape de unic\u0103 folosin\u021b\u0103 en-gros<\/strong>, conceput pentru comercian\u021bii cu am\u0103nuntul \u0219i distribuitorii care caut\u0103 <strong data-start=\"214\" data-end=\"260\">solu\u021bii de vapat cu cerere mare \u0219i de lung\u0103 durat\u0103<\/strong>. Dispun\u00e2nd de o <strong data-start=\"275\" data-end=\"332\">baterie re\u00eenc\u0103rcabil\u0103 de 850mAh cu \u00eenc\u0103rcare rapid\u0103 de tip C<\/strong>, acest dispozitiv asigur\u0103 o utilizare extins\u0103 cu <strong data-start=\"372\" data-end=\"399\">o ie\u0219ire de putere constant\u0103<\/strong>, fiind o alegere remarcabil\u0103 at\u00e2t pentru vaperii ocazionali, c\u00e2t \u0219i pentru cei avansa\u021bi.<\/p>\n<p>V\u0103 rug\u0103m contacta\u021bi-o pe Mandy pe WhatsApp pentru un pre\u021b redus<a href=\"https:\/\/wa.me\/8618077105796\">+8618077105796<\/a><\/p>\n<p>&nbsp;<\/p>\n<p><img decoding=\"async\" class=\"alignnone wp-image-2151\" src=\"http:\/\/vapebulkp.com\/wp-content\/uploads\/2024\/04\/Mandy-WhatsApp-Randm.jpg\" alt=\"RandM Mandy WhatsApp\" width=\"297\" height=\"316\" srcset=\"https:\/\/vapebulkp.com\/wp-content\/uploads\/2024\/04\/Mandy-WhatsApp-Randm.jpg 916w, https:\/\/vapebulkp.com\/wp-content\/uploads\/2024\/04\/Mandy-WhatsApp-Randm-282x300.jpg 282w, https:\/\/vapebulkp.com\/wp-content\/uploads\/2024\/04\/Mandy-WhatsApp-Randm-768x817.jpg 768w, https:\/\/vapebulkp.com\/wp-content\/uploads\/2024\/04\/Mandy-WhatsApp-Randm-600x638.jpg 600w\" sizes=\"(max-width: 297px) 100vw, 297px\" \/><\/p>\n<p><span style=\"color: #ff0000\">NOT\u0102: Pre\u021burile de pe site-ul nostru nu includ costurile de transport<\/span><\/p>\n<p>&nbsp;<\/p>","protected":false},"featured_media":3698,"comment_status":"open","ping_status":"closed","template":"","meta":{"_uag_custom_page_level_css":"","_lmt_disableupdate":"no","_lmt_disable":"","site-sidebar-layout":"default","site-content-layout":"content-boxed-container","ast-site-content-layout":"normal-width-container","site-content-style":"boxed","site-sidebar-style":"unboxed","ast-global-header-display":"","ast-banner-title-visibility":"","ast-main-header-display":"","ast-hfb-above-header-display":"","ast-hfb-below-header-display":"","ast-hfb-mobile-header-display":"","site-post-title":"","ast-breadcrumbs-content":"","ast-featured-img":"","footer-sml-layout":"","theme-transparent-header-meta":"default","adv-header-id-meta":"","stick-header-meta":"","header-above-stick-meta":"","header-main-stick-meta":"","header-below-stick-meta":"","astra-migrate-meta-layouts":"set","_joinchat":[]},"product_cat":[160,153,155,33,59,100,87,34,158,157,154,152,58,84,156,63,32,368],"product_tag":[36,37,41,40,241],"class_list":["post-3700","product","type-product","status-publish","has-post-thumbnail","hentry","product_cat-30000-puff-disposable-vape","product_cat-hot-disposable-vapes","product_cat-belgium-hot-disposable-vapes","product_cat-france-vape-hot-sale","product_cat-germany-hot-disposable-vape","product_cat-germany-wholesale-vape-shop","product_cat-minimum-order-quantity-50pcs","product_cat-netherlands-vape-good-sale","product_cat-norway-hot-disposable-vapes","product_cat-poland-hot-disposable-vapes","product_cat-portugal-hot-disposable-vapes","product_cat-spain-hot-disposable-vapes","product_cat-sweden-hot-disposable-vape","product_cat-sweden-wholesale-vape","product_cat-switzerland-hot-disposable-vapes","product_cat-top-sale-disposable-vape","product_cat-vape-hot-sale-this-week","product_cat-vapme-vape","product_tag-good-vape","product_tag-hot-sale-disposable-vape","product_tag-poland-hot-vape","product_tag-sweden-hot-vape","product_tag-vapme-digital-30000-puffs","pa_brand-vapme-vape","desktop-align-left","tablet-align-left","mobile-align-left"],"yoast_head":"<!-- This site is optimized with the Yoast SEO plugin v21.1 - https:\/\/yoast.com\/wordpress\/plugins\/seo\/ -->\n<title>Vapme Digital 30000 Puffs Disposable Vape with Smart Screen - vapebulkp.com<\/title>\n<meta name=\"description\" content=\"Vapme Digital 30000 Puffs Disposable Vape delivers 30,000 puffs of smooth MTL vaping with rich flavors, a smart screen, and a rechargeable 850mAh battery. Enjoy long-lasting performance .\" \/>\n<meta name=\"robots\" content=\"index, follow, max-snippet:-1, max-image-preview:large, max-video-preview:-1\" \/>\n<link rel=\"canonical\" href=\"https:\/\/vapebulkp.com\/ro\/product\/vapme-digital-30000-puffs-disposable-vape-with-smart-screen\/\" \/>\n<meta property=\"og:locale\" content=\"ro_RO\" \/>\n<meta property=\"og:type\" content=\"article\" \/>\n<meta property=\"og:title\" content=\"Vapme Digital 30000 Puffs Disposable Vape with Smart Screen - vapebulkp.com\" \/>\n<meta property=\"og:description\" content=\"Vapme Digital 30000 Puffs Disposable Vape delivers 30,000 puffs of smooth MTL vaping with rich flavors, a smart screen, and a rechargeable 850mAh battery. Enjoy long-lasting performance .\" \/>\n<meta property=\"og:url\" content=\"https:\/\/vapebulkp.com\/ro\/product\/vapme-digital-30000-puffs-disposable-vape-with-smart-screen\/\" \/>\n<meta property=\"og:site_name\" content=\"vapebulkp.com\" \/>\n<meta property=\"article:modified_time\" content=\"2025-09-17T08:38:27+00:00\" \/>\n<meta property=\"og:image\" content=\"http:\/\/vapebulkp.com\/wp-content\/uploads\/2025\/04\/Vapme-Digital-30000-Puffs-Disposable-Vape-Long-Lasting-Vape.webp\" \/>\n\t<meta property=\"og:image:width\" content=\"800\" \/>\n\t<meta property=\"og:image:height\" content=\"800\" \/>\n\t<meta property=\"og:image:type\" content=\"image\/webp\" \/>\n<meta name=\"twitter:card\" content=\"summary_large_image\" \/>\n<meta name=\"twitter:label1\" content=\"Timp estimat pentru citire\" \/>\n\t<meta name=\"twitter:data1\" content=\"3 minute\" \/>\n<script type=\"application\/ld+json\" class=\"yoast-schema-graph\">{\"@context\":\"https:\/\/schema.org\",\"@graph\":[{\"@type\":\"WebPage\",\"@id\":\"https:\/\/vapebulkp.com\/product\/vapme-digital-30000-puffs-disposable-vape-with-smart-screen\/\",\"url\":\"https:\/\/vapebulkp.com\/product\/vapme-digital-30000-puffs-disposable-vape-with-smart-screen\/\",\"name\":\"Vapme Digital 30000 Puffs Disposable Vape with Smart Screen - vapebulkp.com\",\"isPartOf\":{\"@id\":\"https:\/\/vapebulkp.com\/#website\"},\"datePublished\":\"2025-04-23T07:53:13+00:00\",\"dateModified\":\"2025-09-17T08:38:27+00:00\",\"description\":\"Vapme Digital 30000 Puffs Disposable Vape delivers 30,000 puffs of smooth MTL vaping with rich flavors, a smart screen, and a rechargeable 850mAh battery. Enjoy long-lasting performance .\",\"breadcrumb\":{\"@id\":\"https:\/\/vapebulkp.com\/product\/vapme-digital-30000-puffs-disposable-vape-with-smart-screen\/#breadcrumb\"},\"inLanguage\":\"ro-RO\",\"potentialAction\":[{\"@type\":\"ReadAction\",\"target\":[\"https:\/\/vapebulkp.com\/product\/vapme-digital-30000-puffs-disposable-vape-with-smart-screen\/\"]}]},{\"@type\":\"BreadcrumbList\",\"@id\":\"https:\/\/vapebulkp.com\/product\/vapme-digital-30000-puffs-disposable-vape-with-smart-screen\/#breadcrumb\",\"itemListElement\":[{\"@type\":\"ListItem\",\"position\":1,\"name\":\"Home\",\"item\":\"https:\/\/vapebulkp.com\/\"},{\"@type\":\"ListItem\",\"position\":2,\"name\":\"Hot Trend Vapes\",\"item\":\"https:\/\/vapebulkp.com\/vape-shop\/\"},{\"@type\":\"ListItem\",\"position\":3,\"name\":\"Vapme Digital 30000 Puffs Disposable Vape with Smart Screen\"}]},{\"@type\":\"WebSite\",\"@id\":\"https:\/\/vapebulkp.com\/#website\",\"url\":\"https:\/\/vapebulkp.com\/\",\"name\":\"vapebulkp.com\",\"description\":\"Buy Vape In Cheap Bulk Price Near you\",\"publisher\":{\"@id\":\"https:\/\/vapebulkp.com\/#organization\"},\"potentialAction\":[{\"@type\":\"SearchAction\",\"target\":{\"@type\":\"EntryPoint\",\"urlTemplate\":\"https:\/\/vapebulkp.com\/?s={search_term_string}\"},\"query-input\":\"required name=search_term_string\"}],\"inLanguage\":\"ro-RO\"},{\"@type\":\"Organization\",\"@id\":\"https:\/\/vapebulkp.com\/#organization\",\"name\":\"vapebulkp.com\",\"url\":\"https:\/\/vapebulkp.com\/\",\"logo\":{\"@type\":\"ImageObject\",\"inLanguage\":\"ro-RO\",\"@id\":\"https:\/\/vapebulkp.com\/#\/schema\/logo\/image\/\",\"url\":\"https:\/\/vapebulkp.com\/wp-content\/uploads\/2023\/09\/cropped-vapebulkp.png\",\"contentUrl\":\"https:\/\/vapebulkp.com\/wp-content\/uploads\/2023\/09\/cropped-vapebulkp.png\",\"width\":516,\"height\":163,\"caption\":\"vapebulkp.com\"},\"image\":{\"@id\":\"https:\/\/vapebulkp.com\/#\/schema\/logo\/image\/\"}}]}<\/script>\n<!-- \/ Yoast SEO plugin. -->","yoast_head_json":{"title":"Vapme Digital 30000 Puffs Disposable Vape with Smart Screen - vapebulkp.com","description":"Vapme Digital 30000 Puffs Disposable Vape delivers 30,000 puffs of smooth MTL vaping with rich flavors, a smart screen, and a rechargeable 850mAh battery. Enjoy long-lasting performance .","robots":{"index":"index","follow":"follow","max-snippet":"max-snippet:-1","max-image-preview":"max-image-preview:large","max-video-preview":"max-video-preview:-1"},"canonical":"https:\/\/vapebulkp.com\/ro\/product\/vapme-digital-30000-puffs-disposable-vape-with-smart-screen\/","og_locale":"ro_RO","og_type":"article","og_title":"Vapme Digital 30000 Puffs Disposable Vape with Smart Screen - vapebulkp.com","og_description":"Vapme Digital 30000 Puffs Disposable Vape delivers 30,000 puffs of smooth MTL vaping with rich flavors, a smart screen, and a rechargeable 850mAh battery. Enjoy long-lasting performance .","og_url":"https:\/\/vapebulkp.com\/ro\/product\/vapme-digital-30000-puffs-disposable-vape-with-smart-screen\/","og_site_name":"vapebulkp.com","article_modified_time":"2025-09-17T08:38:27+00:00","og_image":[{"width":800,"height":800,"url":"http:\/\/vapebulkp.com\/wp-content\/uploads\/2025\/04\/Vapme-Digital-30000-Puffs-Disposable-Vape-Long-Lasting-Vape.webp","type":"image\/webp"}],"twitter_card":"summary_large_image","twitter_misc":{"Timp estimat pentru citire":"3 minute"},"schema":{"@context":"https:\/\/schema.org","@graph":[{"@type":"WebPage","@id":"https:\/\/vapebulkp.com\/product\/vapme-digital-30000-puffs-disposable-vape-with-smart-screen\/","url":"https:\/\/vapebulkp.com\/product\/vapme-digital-30000-puffs-disposable-vape-with-smart-screen\/","name":"Vapme Digital 30000 Puffs Disposable Vape with Smart Screen - vapebulkp.com","isPartOf":{"@id":"https:\/\/vapebulkp.com\/#website"},"datePublished":"2025-04-23T07:53:13+00:00","dateModified":"2025-09-17T08:38:27+00:00","description":"Vapme Digital 30000 Puffs Disposable Vape delivers 30,000 puffs of smooth MTL vaping with rich flavors, a smart screen, and a rechargeable 850mAh battery. Enjoy long-lasting performance .","breadcrumb":{"@id":"https:\/\/vapebulkp.com\/product\/vapme-digital-30000-puffs-disposable-vape-with-smart-screen\/#breadcrumb"},"inLanguage":"ro-RO","potentialAction":[{"@type":"ReadAction","target":["https:\/\/vapebulkp.com\/product\/vapme-digital-30000-puffs-disposable-vape-with-smart-screen\/"]}]},{"@type":"BreadcrumbList","@id":"https:\/\/vapebulkp.com\/product\/vapme-digital-30000-puffs-disposable-vape-with-smart-screen\/#breadcrumb","itemListElement":[{"@type":"ListItem","position":1,"name":"Home","item":"https:\/\/vapebulkp.com\/"},{"@type":"ListItem","position":2,"name":"Hot Trend Vapes","item":"https:\/\/vapebulkp.com\/vape-shop\/"},{"@type":"ListItem","position":3,"name":"Vapme Digital 30000 Puffs Disposable Vape with Smart Screen"}]},{"@type":"WebSite","@id":"https:\/\/vapebulkp.com\/#website","url":"https:\/\/vapebulkp.com\/","name":"vapebulkp.com","description":"Buy Vape In Cheap Bulk Price Near you","publisher":{"@id":"https:\/\/vapebulkp.com\/#organization"},"potentialAction":[{"@type":"SearchAction","target":{"@type":"EntryPoint","urlTemplate":"https:\/\/vapebulkp.com\/?s={search_term_string}"},"query-input":"required name=search_term_string"}],"inLanguage":"ro-RO"},{"@type":"Organization","@id":"https:\/\/vapebulkp.com\/#organization","name":"vapebulkp.com","url":"https:\/\/vapebulkp.com\/","logo":{"@type":"ImageObject","inLanguage":"ro-RO","@id":"https:\/\/vapebulkp.com\/#\/schema\/logo\/image\/","url":"https:\/\/vapebulkp.com\/wp-content\/uploads\/2023\/09\/cropped-vapebulkp.png","contentUrl":"https:\/\/vapebulkp.com\/wp-content\/uploads\/2023\/09\/cropped-vapebulkp.png","width":516,"height":163,"caption":"vapebulkp.com"},"image":{"@id":"https:\/\/vapebulkp.com\/#\/schema\/logo\/image\/"}}]}},"uagb_featured_image_src":{"full":["https:\/\/vapebulkp.com\/wp-content\/uploads\/2025\/04\/Vapme-Digital-30000-Puffs-Disposable-Vape-Long-Lasting-Vape.webp",800,800,false],"thumbnail":["https:\/\/vapebulkp.com\/wp-content\/uploads\/2025\/04\/Vapme-Digital-30000-Puffs-Disposable-Vape-Long-Lasting-Vape-150x150.webp",150,150,true],"medium":["https:\/\/vapebulkp.com\/wp-content\/uploads\/2025\/04\/Vapme-Digital-30000-Puffs-Disposable-Vape-Long-Lasting-Vape-300x300.webp",300,300,true],"medium_large":["https:\/\/vapebulkp.com\/wp-content\/uploads\/2025\/04\/Vapme-Digital-30000-Puffs-Disposable-Vape-Long-Lasting-Vape-768x768.webp",768,768,true],"large":["https:\/\/vapebulkp.com\/wp-content\/uploads\/2025\/04\/Vapme-Digital-30000-Puffs-Disposable-Vape-Long-Lasting-Vape.webp",800,800,false],"1536x1536":["https:\/\/vapebulkp.com\/wp-content\/uploads\/2025\/04\/Vapme-Digital-30000-Puffs-Disposable-Vape-Long-Lasting-Vape.webp",800,800,false],"2048x2048":["https:\/\/vapebulkp.com\/wp-content\/uploads\/2025\/04\/Vapme-Digital-30000-Puffs-Disposable-Vape-Long-Lasting-Vape.webp",800,800,false],"trp-custom-language-flag":["https:\/\/vapebulkp.com\/wp-content\/uploads\/2025\/04\/Vapme-Digital-30000-Puffs-Disposable-Vape-Long-Lasting-Vape.webp",12,12,false],"woocommerce_thumbnail":["https:\/\/vapebulkp.com\/wp-content\/uploads\/2025\/04\/Vapme-Digital-30000-Puffs-Disposable-Vape-Long-Lasting-Vape-300x300.webp",300,300,true],"woocommerce_single":["https:\/\/vapebulkp.com\/wp-content\/uploads\/2025\/04\/Vapme-Digital-30000-Puffs-Disposable-Vape-Long-Lasting-Vape-600x600.webp",600,600,true],"woocommerce_gallery_thumbnail":["https:\/\/vapebulkp.com\/wp-content\/uploads\/2025\/04\/Vapme-Digital-30000-Puffs-Disposable-Vape-Long-Lasting-Vape-100x100.webp",100,100,true],"wcpr-photo-reviews":["https:\/\/vapebulkp.com\/wp-content\/uploads\/2025\/04\/Vapme-Digital-30000-Puffs-Disposable-Vape-Long-Lasting-Vape.webp",500,500,false]},"uagb_author_info":{"display_name":"Mandy vape bulk price","author_link":"https:\/\/vapebulkp.com\/ro\/author\/"},"uagb_comment_info":0,"uagb_excerpt":"VAPME GOAT 40000 Puffs is a top-tier wholesale disposable vape, designed for retailers and distributors seeking high-demand, long-lasting vaping solutions. Featuring an 850mAh rechargeable battery with Type-C fast charging, this device ensures extended use with consistent power output, making it a standout choice for both casual and advanced vapers. Pls Contact Mandy's WhatsApp For Discount&hellip;","_links":{"self":[{"href":"https:\/\/vapebulkp.com\/ro\/wp-json\/wp\/v2\/product\/3700","targetHints":{"allow":["GET"]}}],"collection":[{"href":"https:\/\/vapebulkp.com\/ro\/wp-json\/wp\/v2\/product"}],"about":[{"href":"https:\/\/vapebulkp.com\/ro\/wp-json\/wp\/v2\/types\/product"}],"replies":[{"embeddable":true,"href":"https:\/\/vapebulkp.com\/ro\/wp-json\/wp\/v2\/comments?post=3700"}],"wp:featuredmedia":[{"embeddable":true,"href":"https:\/\/vapebulkp.com\/ro\/wp-json\/wp\/v2\/media\/3698"}],"wp:attachment":[{"href":"https:\/\/vapebulkp.com\/ro\/wp-json\/wp\/v2\/media?parent=3700"}],"wp:term":[{"taxonomy":"product_cat","embeddable":true,"href":"https:\/\/vapebulkp.com\/ro\/wp-json\/wp\/v2\/product_cat?post=3700"},{"taxonomy":"product_tag","embeddable":true,"href":"https:\/\/vapebulkp.com\/ro\/wp-json\/wp\/v2\/product_tag?post=3700"}],"curies":[{"name":"wp","href":"https:\/\/api.w.org\/{rel}","templated":true}]}}