{"id":10,"date":"2023-09-19T08:30:11","date_gmt":"2023-09-19T06:30:11","guid":{"rendered":"http:\/\/vapebulkp.com\/?page_id=10"},"modified":"2023-09-19T08:30:12","modified_gmt":"2023-09-19T06:30:12","slug":"refund_returns","status":"publish","type":"page","link":"https:\/\/vapebulkp.com\/sk\/refund_returns\/","title":{"rendered":"Pravidl\u00e1 vr\u00e1tenia a reklam\u00e1cie"},"content":{"rendered":"<p><strong>Z\u00e1sady vr\u00e1tenia tovaru:<\/strong><\/p>\n\n\n\n<p>Na\u0161\u00edm cie\u013eom je zabezpe\u010di\u0165 spokojnos\u0165 z\u00e1kazn\u00edkov, a preto sme zaviedli 7-d\u0148ov\u00fa lehotu na vr\u00e1tenie tovaru. M\u00e1te cel\u00fdch 7 dn\u00ed od d\u00e1tumu prijatia tovaru na to, aby ste ho mohli vr\u00e1ti\u0165.<\/p>\n\n\n\n<p><strong>Aby bol tovar vhodn\u00fd na vr\u00e1tenie,<\/strong> mus\u00ed zosta\u0165 v p\u00f4vodnom stave \u2013 nenosen\u00fd, nepou\u017eit\u00fd, s neporu\u0161en\u00fdmi \u0161t\u00edtkami a v p\u00f4vodnom obale. Okrem toho, pros\u00edm, bu\u010fte pripraven\u00ed poskytn\u00fa\u0165 aj doklad o k\u00fape.<\/p>\n\n\n\n<p><strong>Ako vr\u00e1ti\u0165 tovar:<\/strong> Ak chcete za\u010da\u0165 proces vr\u00e1tenia, kontaktujte n\u00e1s na adrese <a href=\"mailto:support@vapebulkp.com\">support@vapebulkp.com<\/a>.<\/p>\n\n\n\n<p><strong>Po schv\u00e1len\u00ed va\u0161ej \u017eiadosti o vr\u00e1tenie,<\/strong> v\u00e1m bezodkladne poskytneme \u0161t\u00edtok na vr\u00e1tenie tovaru a podrobn\u00e9 pokyny, kam a ako posla\u0165 bal\u00edk. Upozor\u0148ujeme, \u017ee ak\u00e9ko\u013evek polo\u017eky zaslan\u00e9 sp\u00e4\u0165 bez predch\u00e1dzaj\u00faceho s\u00fahlasu na vr\u00e1tenie nebud\u00fa akceptovan\u00e9.<\/p>\n\n\n\n<p><strong>Ak m\u00e1te ak\u00e9ko\u013evek ot\u00e1zky t\u00fdkaj\u00face sa procesu vr\u00e1tenia,<\/strong> nev\u00e1hajte n\u00e1s kontaktova\u0165 na adrese <a href=\"mailto:support@vapebulkp.com\">support@vapebulkp.com<\/a>.<\/p>\n\n\n\n<p><strong>Po\u0161kodenie a obavy:<\/strong><\/p>\n\n\n\n<p>Po prijat\u00ed va\u0161ej objedn\u00e1vky v\u00e1s \u017eiadame, aby ste ju d\u00f4kladne skontrolovali. Ak zist\u00edte ak\u00e9ko\u013evek vady, po\u0161kodenia alebo ak ste dostali nespr\u00e1vny tovar, bezodkladne n\u00e1s o tom informujte. To n\u00e1m umo\u017en\u00ed pos\u00fadi\u0165 situ\u00e1ciu a prija\u0165 n\u00e1pravn\u00e9 opatrenia.<\/p>\n\n\n\n<p><strong>V\u00fdnimky a tovar, ktor\u00fd nie je mo\u017en\u00e9 vr\u00e1ti\u0165:<\/strong><\/p>\n\n\n\n<p>Je d\u00f4le\u017eit\u00e9 poznamena\u0165, \u017ee niektor\u00e9 kateg\u00f3rie tovaru nie je mo\u017en\u00e9 vr\u00e1ti\u0165. Patria sem tovary podliehaj\u00face skaze (ako jedlo, kvety alebo rastliny), tovary vyroben\u00e9 na mieru (vr\u00e1tane \u0161peci\u00e1lnych objedn\u00e1vok alebo personalizovan\u00fdch polo\u017eiek) a tovary na osobn\u00fa starostlivos\u0165 (ako kozmetika). Okrem toho nem\u00f4\u017eeme akceptova\u0165 vr\u00e1tenie nebezpe\u010dn\u00fdch materi\u00e1lov, tekut\u00edn alebo plynov. Ak m\u00e1te ot\u00e1zky o tom, \u010di je konkr\u00e9tny tovar vhodn\u00fd na vr\u00e1tenie, nev\u00e1hajte n\u00e1s kontaktova\u0165.<\/p>\n\n\n\n<p><strong>Upozor\u0148ujeme, \u017ee tovar zak\u00fapen\u00fd v akcii alebo dar\u010dekov\u00e9 karty nie je mo\u017en\u00e9 vr\u00e1ti\u0165.<\/strong><\/p>\n\n\n\n<p><strong>V\u00fdmeny:<\/strong><\/p>\n\n\n\n<p>Pre bezprobl\u00e9mov\u00fa v\u00fdmenu odpor\u00fa\u010dame iniciova\u0165 vr\u00e1tenie p\u00f4vodnej polo\u017eky. Po schv\u00e1len\u00ed vr\u00e1tenia m\u00f4\u017eete n\u00e1sledne prist\u00fapi\u0165 k samostatn\u00e9mu n\u00e1kupu nov\u00e9ho tovaru.<\/p>\n\n\n\n<p><strong>14-d\u0148ov\u00e1 lehota na odst\u00fapenie od zmluvy v Eur\u00f3pskej \u00fanii:<\/strong><\/p>\n\n\n\n<p>Ak sa v\u00e1\u0161 tovar dod\u00e1va do Eur\u00f3pskej \u00fanie, m\u00e1te pr\u00e1vo zru\u0161i\u0165 alebo vr\u00e1ti\u0165 svoju objedn\u00e1vku do 14 dn\u00ed bez udania d\u00f4vodu. Podmienky vr\u00e1tenia zost\u00e1vaj\u00fa v s\u00falade s na\u0161imi v\u0161eobecn\u00fdmi z\u00e1sadami \u2013 tovar mus\u00ed by\u0165 v p\u00f4vodnom stave, s neporu\u0161en\u00fdmi \u0161t\u00edtkami a mus\u00ed by\u0165 prilo\u017een\u00fd doklad o k\u00fape.<\/p>\n\n\n\n<p><strong>Vr\u00e1tenie pe\u0148az\u00ed:<\/strong><\/p>\n\n\n\n<p>Po prijat\u00ed a pos\u00faden\u00ed va\u0161ej vr\u00e1tenej z\u00e1sielky v\u00e1s budeme informova\u0165 o stave schv\u00e1lenia vr\u00e1tenia pe\u0148az\u00ed. Po schv\u00e1len\u00ed sa vr\u00e1tenie pe\u0148az\u00ed automaticky spracuje na va\u0161u p\u00f4vodn\u00fa platobn\u00fa met\u00f3du do 10 pracovn\u00fdch dn\u00ed. Pros\u00edme, po\u010d\u00edtajte s dodato\u010dn\u00fdm \u010dasom spracovania zo strany va\u0161ej banky alebo spolo\u010dnosti vyd\u00e1vaj\u00facej kreditn\u00e9 karty.<\/p>\n\n\n\n<p><strong>Ak uplynulo viac ako 15 pracovn\u00fdch dn\u00ed od schv\u00e1lenia v\u00e1\u0161ho vr\u00e1tenia,<\/strong> pros\u00edm, kontaktujte n\u00e1s na <a href=\"mailto:support@vapebulkp.com\">support@vapebulkp.com<\/a>.<\/p>\n\n\n\n<p>Cen\u00edme si va\u0161e pochopenie a spolupr\u00e1cu s na\u0161\u00edm procesom vr\u00e1tenia pe\u0148az\u00ed.<\/p>","protected":false},"excerpt":{"rendered":"<p>Return Policy: Our aim is to ensure customer satisfaction, and thus, we have implemented a 7-day return policy. You have a full 7 days from the date of receiving your item to initiate a return. To be eligible for a return, your item must remain in its original condition \u2013 unworn, unused, with tags intact, &hellip;<\/p>\n<p class=\"read-more\"> <a class=\"\" href=\"https:\/\/vapebulkp.com\/sk\/refund_returns\/\"> <span class=\"screen-reader-text\">Pravidl\u00e1 vr\u00e1tenia a reklam\u00e1cie<\/span> \u010c\u00edtajte viac \u00bb<\/a><\/p>","protected":false},"author":1,"featured_media":0,"parent":0,"menu_order":0,"comment_status":"closed","ping_status":"closed","template":"","meta":{"_uag_custom_page_level_css":"","_lmt_disableupdate":"","_lmt_disable":"","site-sidebar-layout":"default","site-content-layout":"","ast-site-content-layout":"default","site-content-style":"default","site-sidebar-style":"default","ast-global-header-display":"","ast-banner-title-visibility":"","ast-main-header-display":"","ast-hfb-above-header-display":"","ast-hfb-below-header-display":"","ast-hfb-mobile-header-display":"","site-post-title":"","ast-breadcrumbs-content":"","ast-featured-img":"","footer-sml-layout":"","theme-transparent-header-meta":"","adv-header-id-meta":"","stick-header-meta":"","header-above-stick-meta":"","header-main-stick-meta":"","header-below-stick-meta":"","astra-migrate-meta-layouts":"set","_joinchat":[],"footnotes":""},"class_list":["post-10","page","type-page","status-publish","hentry"],"yoast_head":"<!-- This site is optimized with the Yoast SEO plugin v21.1 - https:\/\/yoast.com\/wordpress\/plugins\/seo\/ -->\n<title>Refund and Returns Policy - vapebulkp.com<\/title>\n<meta name=\"robots\" content=\"index, follow, max-snippet:-1, max-image-preview:large, max-video-preview:-1\" \/>\n<link rel=\"canonical\" href=\"https:\/\/vapebulkp.com\/sk\/refund_returns\/\" \/>\n<meta property=\"og:locale\" content=\"sk_SK\" \/>\n<meta property=\"og:type\" content=\"article\" \/>\n<meta property=\"og:title\" content=\"Refund and Returns Policy - vapebulkp.com\" \/>\n<meta property=\"og:description\" content=\"Return Policy: Our aim is to ensure customer satisfaction, and thus, we have implemented a 7-day return policy. You have a full 7 days from the date of receiving your item to initiate a return. To be eligible for a return, your item must remain in its original condition \u2013 unworn, unused, with tags intact, &hellip; Refund and Returns Policy \u010c\u00edtajte viac &raquo;\" \/>\n<meta property=\"og:url\" content=\"https:\/\/vapebulkp.com\/sk\/refund_returns\/\" \/>\n<meta property=\"og:site_name\" content=\"vapebulkp.com\" \/>\n<meta property=\"article:modified_time\" content=\"2023-09-19T06:30:12+00:00\" \/>\n<meta name=\"twitter:card\" content=\"summary_large_image\" \/>\n<meta name=\"twitter:label1\" content=\"Predpokladan\u00fd \u010das \u010d\u00edtania\" \/>\n\t<meta name=\"twitter:data1\" content=\"2 min\u00faty\" \/>\n<script type=\"application\/ld+json\" class=\"yoast-schema-graph\">{\"@context\":\"https:\/\/schema.org\",\"@graph\":[{\"@type\":\"WebPage\",\"@id\":\"https:\/\/vapebulkp.com\/refund_returns\/\",\"url\":\"https:\/\/vapebulkp.com\/refund_returns\/\",\"name\":\"Refund and Returns Policy - vapebulkp.com\",\"isPartOf\":{\"@id\":\"https:\/\/vapebulkp.com\/#website\"},\"datePublished\":\"2023-09-19T06:30:11+00:00\",\"dateModified\":\"2023-09-19T06:30:12+00:00\",\"breadcrumb\":{\"@id\":\"https:\/\/vapebulkp.com\/refund_returns\/#breadcrumb\"},\"inLanguage\":\"sk-SK\",\"potentialAction\":[{\"@type\":\"ReadAction\",\"target\":[\"https:\/\/vapebulkp.com\/refund_returns\/\"]}]},{\"@type\":\"BreadcrumbList\",\"@id\":\"https:\/\/vapebulkp.com\/refund_returns\/#breadcrumb\",\"itemListElement\":[{\"@type\":\"ListItem\",\"position\":1,\"name\":\"Home\",\"item\":\"https:\/\/vapebulkp.com\/\"},{\"@type\":\"ListItem\",\"position\":2,\"name\":\"Refund and Returns Policy\"}]},{\"@type\":\"WebSite\",\"@id\":\"https:\/\/vapebulkp.com\/#website\",\"url\":\"https:\/\/vapebulkp.com\/\",\"name\":\"vapebulkp.com\",\"description\":\"Buy Vape In Cheap Bulk Price Near you\",\"publisher\":{\"@id\":\"https:\/\/vapebulkp.com\/#organization\"},\"potentialAction\":[{\"@type\":\"SearchAction\",\"target\":{\"@type\":\"EntryPoint\",\"urlTemplate\":\"https:\/\/vapebulkp.com\/?s={search_term_string}\"},\"query-input\":\"required name=search_term_string\"}],\"inLanguage\":\"sk-SK\"},{\"@type\":\"Organization\",\"@id\":\"https:\/\/vapebulkp.com\/#organization\",\"name\":\"vapebulkp.com\",\"url\":\"https:\/\/vapebulkp.com\/\",\"logo\":{\"@type\":\"ImageObject\",\"inLanguage\":\"sk-SK\",\"@id\":\"https:\/\/vapebulkp.com\/#\/schema\/logo\/image\/\",\"url\":\"https:\/\/vapebulkp.com\/wp-content\/uploads\/2023\/09\/cropped-vapebulkp.png\",\"contentUrl\":\"https:\/\/vapebulkp.com\/wp-content\/uploads\/2023\/09\/cropped-vapebulkp.png\",\"width\":516,\"height\":163,\"caption\":\"vapebulkp.com\"},\"image\":{\"@id\":\"https:\/\/vapebulkp.com\/#\/schema\/logo\/image\/\"}}]}<\/script>\n<!-- \/ Yoast SEO plugin. -->","yoast_head_json":{"title":"Refund and Returns Policy - vapebulkp.com","robots":{"index":"index","follow":"follow","max-snippet":"max-snippet:-1","max-image-preview":"max-image-preview:large","max-video-preview":"max-video-preview:-1"},"canonical":"https:\/\/vapebulkp.com\/sk\/refund_returns\/","og_locale":"sk_SK","og_type":"article","og_title":"Refund and Returns Policy - vapebulkp.com","og_description":"Return Policy: Our aim is to ensure customer satisfaction, and thus, we have implemented a 7-day return policy. You have a full 7 days from the date of receiving your item to initiate a return. To be eligible for a return, your item must remain in its original condition \u2013 unworn, unused, with tags intact, &hellip; Refund and Returns Policy \u010c\u00edtajte viac &raquo;","og_url":"https:\/\/vapebulkp.com\/sk\/refund_returns\/","og_site_name":"vapebulkp.com","article_modified_time":"2023-09-19T06:30:12+00:00","twitter_card":"summary_large_image","twitter_misc":{"Predpokladan\u00fd \u010das \u010d\u00edtania":"2 min\u00faty"},"schema":{"@context":"https:\/\/schema.org","@graph":[{"@type":"WebPage","@id":"https:\/\/vapebulkp.com\/refund_returns\/","url":"https:\/\/vapebulkp.com\/refund_returns\/","name":"Refund and Returns Policy - vapebulkp.com","isPartOf":{"@id":"https:\/\/vapebulkp.com\/#website"},"datePublished":"2023-09-19T06:30:11+00:00","dateModified":"2023-09-19T06:30:12+00:00","breadcrumb":{"@id":"https:\/\/vapebulkp.com\/refund_returns\/#breadcrumb"},"inLanguage":"sk-SK","potentialAction":[{"@type":"ReadAction","target":["https:\/\/vapebulkp.com\/refund_returns\/"]}]},{"@type":"BreadcrumbList","@id":"https:\/\/vapebulkp.com\/refund_returns\/#breadcrumb","itemListElement":[{"@type":"ListItem","position":1,"name":"Home","item":"https:\/\/vapebulkp.com\/"},{"@type":"ListItem","position":2,"name":"Refund and Returns Policy"}]},{"@type":"WebSite","@id":"https:\/\/vapebulkp.com\/#website","url":"https:\/\/vapebulkp.com\/","name":"vapebulkp.com","description":"Buy Vape In Cheap Bulk Price Near you","publisher":{"@id":"https:\/\/vapebulkp.com\/#organization"},"potentialAction":[{"@type":"SearchAction","target":{"@type":"EntryPoint","urlTemplate":"https:\/\/vapebulkp.com\/?s={search_term_string}"},"query-input":"required name=search_term_string"}],"inLanguage":"sk-SK"},{"@type":"Organization","@id":"https:\/\/vapebulkp.com\/#organization","name":"vapebulkp.com","url":"https:\/\/vapebulkp.com\/","logo":{"@type":"ImageObject","inLanguage":"sk-SK","@id":"https:\/\/vapebulkp.com\/#\/schema\/logo\/image\/","url":"https:\/\/vapebulkp.com\/wp-content\/uploads\/2023\/09\/cropped-vapebulkp.png","contentUrl":"https:\/\/vapebulkp.com\/wp-content\/uploads\/2023\/09\/cropped-vapebulkp.png","width":516,"height":163,"caption":"vapebulkp.com"},"image":{"@id":"https:\/\/vapebulkp.com\/#\/schema\/logo\/image\/"}}]}},"uagb_featured_image_src":{"full":false,"thumbnail":false,"medium":false,"medium_large":false,"large":false,"1536x1536":false,"2048x2048":false,"trp-custom-language-flag":false,"woocommerce_thumbnail":false,"woocommerce_single":false,"woocommerce_gallery_thumbnail":false,"wcpr-photo-reviews":false},"uagb_author_info":{"display_name":"vapebulkp.com","author_link":"https:\/\/vapebulkp.com\/sk\/author\/vapebulkp-com\/"},"uagb_comment_info":0,"uagb_excerpt":"Return Policy: Our aim is to ensure customer satisfaction, and thus, we have implemented a 7-day return policy. You have a full 7 days from the date of receiving your item to initiate a return. To be eligible for a return, your item must remain in its original condition \u2013 unworn, unused, with tags intact,&hellip;","_links":{"self":[{"href":"https:\/\/vapebulkp.com\/sk\/wp-json\/wp\/v2\/pages\/10","targetHints":{"allow":["GET"]}}],"collection":[{"href":"https:\/\/vapebulkp.com\/sk\/wp-json\/wp\/v2\/pages"}],"about":[{"href":"https:\/\/vapebulkp.com\/sk\/wp-json\/wp\/v2\/types\/page"}],"author":[{"embeddable":true,"href":"https:\/\/vapebulkp.com\/sk\/wp-json\/wp\/v2\/users\/1"}],"replies":[{"embeddable":true,"href":"https:\/\/vapebulkp.com\/sk\/wp-json\/wp\/v2\/comments?post=10"}],"version-history":[{"count":1,"href":"https:\/\/vapebulkp.com\/sk\/wp-json\/wp\/v2\/pages\/10\/revisions"}],"predecessor-version":[{"id":1465,"href":"https:\/\/vapebulkp.com\/sk\/wp-json\/wp\/v2\/pages\/10\/revisions\/1465"}],"wp:attachment":[{"href":"https:\/\/vapebulkp.com\/sk\/wp-json\/wp\/v2\/media?parent=10"}],"curies":[{"name":"wp","href":"https:\/\/api.w.org\/{rel}","templated":true}]}}