{"id":2766,"date":"2024-08-26T12:09:38","date_gmt":"2024-08-26T10:09:38","guid":{"rendered":"https:\/\/vapebulkp.com\/?page_id=2766"},"modified":"2024-08-26T13:06:23","modified_gmt":"2024-08-26T11:06:23","slug":"ot-disposable-vapes-europe","status":"publish","type":"page","link":"https:\/\/vapebulkp.com\/sk\/ot-disposable-vapes-europe\/","title":{"rendered":"Hor\u00face jednorazov\u00e9 vapy na Slovensku"},"content":{"rendered":"<p>Vitajte v na\u0161ej rozsiahlej kolekcii Hot jednorazov\u00fdch vapovac\u00edch zariaden\u00ed na Slovensku, kde pon\u00fakame v\u00fdber vysokokvalitn\u00fdch zariaden\u00ed, ktor\u00e9 s\u00fa najpred\u00e1vanej\u0161ie v eur\u00f3pskych krajin\u00e1ch. Na\u0161a ponuka zah\u0155\u0148a zn\u00e1me zna\u010dky ako <strong>AIVONO, Al Fakher, Bang Vape, Bang Box, Elf Box, FluuM, RockMe Vape, RandM Tornado, FIHP, Vapme, Vozol, VOPK, Waspe, Utco, WGA, Uzy, Evape, Grativape, Vbon Vape, <\/strong>a<strong> Rum Bar.<\/strong><\/p>\n\n\n\n<p><strong>Hot jednorazov\u00e9<\/strong> <strong>vapy na Slovensku<\/strong> predstavuj\u00fa vrchol pohodlia pri vapovan\u00ed. Tieto zariadenia s\u00fa kompaktn\u00e9, \u013eahk\u00e9 a vysoko prenosn\u00e9, v\u010faka \u010domu s\u00fa ide\u00e1lne na pou\u017eitie na cest\u00e1ch. Bez potreby \u00fadr\u017eby, nab\u00edjania alebo dop\u013a\u0148ania s\u00fa ide\u00e1lne pre za\u010diato\u010dn\u00edkov aj sk\u00fasen\u00fdch ve\u013ekoobchodn\u00fdch pou\u017e\u00edvate\u013eov.<\/p>\n\n\n\n<p>N\u00e1\u0161 v\u00fdber zah\u0155\u0148a r\u00f4zne pr\u00edchute, sily nikot\u00ednu a po\u010dty potiahnut\u00ed, aby vyhovoval r\u00f4znorod\u00fdm potreb\u00e1m ve\u013ekoobchodn\u00edkov s vapovac\u00edmi zariadeniami. \u010ci u\u017e d\u00e1vate prednos\u0165 v\u00fdrazn\u00fdm, robustn\u00fdm pr\u00edchutiam alebo jemn\u00fdm, decentn\u00fdm, na\u0161a ponuka uspokoj\u00ed v\u0161etky chute a preferencie a uspokoj\u00ed po\u017eiadavky distrib\u00fatorov na Slovensku a mimo neho.<\/p>\n\n\n\n<p>Od v\u00fdkonn\u00e9ho <strong>RandM Tornado<\/strong>, ktor\u00fd pon\u00faka a\u017e 20 000 potiahnut\u00ed, a\u017e po elegantn\u00fd a \u0161t\u00fdlov\u00fd<strong> VOZOL<\/strong>, na\u0161a s\u00e9ria Hot jednorazov\u00fdch vapovac\u00edch zariaden\u00ed na Slovensku je navrhnut\u00e1 tak, aby poskytovala vynikaj\u00faci v\u00fdkon a spokojnos\u0165. Presk\u00famajte na\u0161u kolekciu e\u0161te dnes a n\u00e1jdite perfektn\u00e9 jednorazov\u00e9 vapovacie zariadenie, ktor\u00e9 vyhovuje v\u00e1\u0161mu \u0161t\u00fdlu a potreb\u00e1m.<\/p>\n\n\n\n<p>U\u017eite si pohodlie a v\u00fdnimo\u010dn\u00fd z\u00e1\u017eitok z vapovania s na\u0161imi <strong>Hor\u00face jednorazov\u00e9 vapy na Slovensku<\/strong>. S r\u00fdchlou prepravou a \u0161irok\u00fdm v\u00fdberom ob\u013e\u00faben\u00fdch produktov Vapebulkp.com zais\u0165uje, \u017ee z\u00edskate to najlep\u0161ie z technol\u00f3gie vapovania.<\/p>\n\n\n<div data-block-name=\"woocommerce\/all-products\" data-columns=\"3\" data-rows=\"3\" data-align-buttons=\"false\" data-content-visibility=\"{&quot;orderBy&quot;:true}\" data-orderby=\"date\" data-layout-config=\"[[&quot;woocommerce\\\/product-image&quot;,{&quot;imageSizing&quot;:&quot;thumbnail&quot;}],[&quot;woocommerce\\\/product-title&quot;],[&quot;woocommerce\\\/product-price&quot;],[&quot;woocommerce\\\/product-rating&quot;],[&quot;woocommerce\\\/product-button&quot;]]\" class=\"wp-block-woocommerce-all-products wc-block-all-products\" data-attributes=\"{&quot;UAGAnimationDelay&quot;:0,&quot;UAGAnimationEasing&quot;:&quot;ease&quot;,&quot;UAGAnimationRepeat&quot;:false,&quot;UAGAnimationTime&quot;:400,&quot;UAGAnimationType&quot;:&quot;&quot;,&quot;UAGDay&quot;:[],&quot;UAGHideDesktop&quot;:false,&quot;UAGHideMob&quot;:false,&quot;UAGHideTab&quot;:false,&quot;UAGLoggedIn&quot;:false,&quot;UAGLoggedOut&quot;:false,&quot;UAGPosition&quot;:&quot;&quot;,&quot;UAGResponsiveConditions&quot;:false,&quot;UAGStickyLocation&quot;:&quot;top&quot;,&quot;UAGStickyOffset&quot;:0,&quot;UAGStickyRestricted&quot;:false,&quot;alignButtons&quot;:false,&quot;columns&quot;:3,&quot;contentVisibility&quot;:{&quot;orderBy&quot;:true},&quot;isPreview&quot;:false,&quot;layoutConfig&quot;:[[&quot;woocommerce\/product-image&quot;,{&quot;imageSizing&quot;:&quot;thumbnail&quot;}],[&quot;woocommerce\/product-title&quot;],[&quot;woocommerce\/product-price&quot;],[&quot;woocommerce\/product-rating&quot;],[&quot;woocommerce\/product-button&quot;]],&quot;orderby&quot;:&quot;date&quot;,&quot;rows&quot;:3}\"><\/div>","protected":false},"excerpt":{"rendered":"<p>Vitajte v na\u0161ej rozsiahlej kolekcii hor\u00facich jednorazov\u00fdch vapov v Slovenskej republike, kde pon\u00fakame v\u00fdber vysoko kvalitn\u00fdch vapovac\u00edch zariaden\u00ed, ktor\u00e9 s\u00fa najpred\u00e1vanej\u0161ie v r\u00f4znych krajin\u00e1ch Eur\u00f3py. Na\u0161a ponuka zah\u0155\u0148a renomovan\u00e9 zna\u010dky ako AIVONO, Al Fakher, Bang Vape, Bang Box, Elf Box, FluuM, RockMe Vape, RandM Tornado, FIHP, Vapme, Vozol, VOPK, Waspe, Utco, WGA, \u2026<\/p>\n<p class=\"read-more\"> <a class=\"\" href=\"https:\/\/vapebulkp.com\/sk\/ot-disposable-vapes-europe\/\"> <span class=\"screen-reader-text\">Hor\u00face jednorazov\u00e9 vapy na Slovensku<\/span> \u010c\u00edtajte viac \u00bb<\/a><\/p>","protected":false},"author":1,"featured_media":0,"parent":0,"menu_order":0,"comment_status":"closed","ping_status":"closed","template":"","meta":{"_uag_custom_page_level_css":"","_lmt_disableupdate":"","_lmt_disable":"","site-sidebar-layout":"default","site-content-layout":"","ast-site-content-layout":"default","site-content-style":"default","site-sidebar-style":"default","ast-global-header-display":"","ast-banner-title-visibility":"","ast-main-header-display":"","ast-hfb-above-header-display":"","ast-hfb-below-header-display":"","ast-hfb-mobile-header-display":"","site-post-title":"","ast-breadcrumbs-content":"","ast-featured-img":"","footer-sml-layout":"","theme-transparent-header-meta":"","adv-header-id-meta":"","stick-header-meta":"","header-above-stick-meta":"","header-main-stick-meta":"","header-below-stick-meta":"","astra-migrate-meta-layouts":"set","_joinchat":[],"footnotes":""},"class_list":["post-2766","page","type-page","status-publish","hentry"],"yoast_head":"<!-- This site is optimized with the Yoast SEO plugin v21.1 - https:\/\/yoast.com\/wordpress\/plugins\/seo\/ -->\n<title>Hot Disposable Vapes in Europe - vapebulkp.com<\/title>\n<meta name=\"description\" content=\"Shop the hottest disposable vapes in Europe at wholesale prices. Vapebulkp offers top-selling disposable vape options for bulk purchase, ensuring fast shipping and competitive rates across Europe country like Germany vape\" \/>\n<meta name=\"robots\" content=\"index, follow, max-snippet:-1, max-image-preview:large, max-video-preview:-1\" \/>\n<link rel=\"canonical\" href=\"https:\/\/vapebulkp.com\/sk\/ot-disposable-vapes-europe\/\" \/>\n<meta property=\"og:locale\" content=\"sk_SK\" \/>\n<meta property=\"og:type\" content=\"article\" \/>\n<meta property=\"og:title\" content=\"Hot Disposable Vapes in Europe - vapebulkp.com\" \/>\n<meta property=\"og:description\" content=\"Shop the hottest disposable vapes in Europe at wholesale prices. Vapebulkp offers top-selling disposable vape options for bulk purchase, ensuring fast shipping and competitive rates across Europe country like Germany vape\" \/>\n<meta property=\"og:url\" content=\"https:\/\/vapebulkp.com\/sk\/ot-disposable-vapes-europe\/\" \/>\n<meta property=\"og:site_name\" content=\"vapebulkp.com\" \/>\n<meta property=\"article:modified_time\" content=\"2024-08-26T11:06:23+00:00\" \/>\n<meta name=\"twitter:card\" content=\"summary_large_image\" \/>\n<meta name=\"twitter:label1\" content=\"Predpokladan\u00fd \u010das \u010d\u00edtania\" \/>\n\t<meta name=\"twitter:data1\" content=\"2 min\u00faty\" \/>\n<script type=\"application\/ld+json\" class=\"yoast-schema-graph\">{\"@context\":\"https:\/\/schema.org\",\"@graph\":[{\"@type\":\"WebPage\",\"@id\":\"https:\/\/vapebulkp.com\/ot-disposable-vapes-europe\/\",\"url\":\"https:\/\/vapebulkp.com\/ot-disposable-vapes-europe\/\",\"name\":\"Hot Disposable Vapes in Europe - vapebulkp.com\",\"isPartOf\":{\"@id\":\"https:\/\/vapebulkp.com\/#website\"},\"datePublished\":\"2024-08-26T10:09:38+00:00\",\"dateModified\":\"2024-08-26T11:06:23+00:00\",\"description\":\"Shop the hottest disposable vapes in Europe at wholesale prices. Vapebulkp offers top-selling disposable vape options for bulk purchase, ensuring fast shipping and competitive rates across Europe country like Germany vape\",\"breadcrumb\":{\"@id\":\"https:\/\/vapebulkp.com\/ot-disposable-vapes-europe\/#breadcrumb\"},\"inLanguage\":\"sk-SK\",\"potentialAction\":[{\"@type\":\"ReadAction\",\"target\":[\"https:\/\/vapebulkp.com\/ot-disposable-vapes-europe\/\"]}]},{\"@type\":\"BreadcrumbList\",\"@id\":\"https:\/\/vapebulkp.com\/ot-disposable-vapes-europe\/#breadcrumb\",\"itemListElement\":[{\"@type\":\"ListItem\",\"position\":1,\"name\":\"Home\",\"item\":\"https:\/\/vapebulkp.com\/\"},{\"@type\":\"ListItem\",\"position\":2,\"name\":\"Hot Disposable Vapes in Europe\"}]},{\"@type\":\"WebSite\",\"@id\":\"https:\/\/vapebulkp.com\/#website\",\"url\":\"https:\/\/vapebulkp.com\/\",\"name\":\"vapebulkp.com\",\"description\":\"Buy Vape In Cheap Bulk Price Near you\",\"publisher\":{\"@id\":\"https:\/\/vapebulkp.com\/#organization\"},\"potentialAction\":[{\"@type\":\"SearchAction\",\"target\":{\"@type\":\"EntryPoint\",\"urlTemplate\":\"https:\/\/vapebulkp.com\/?s={search_term_string}\"},\"query-input\":\"required name=search_term_string\"}],\"inLanguage\":\"sk-SK\"},{\"@type\":\"Organization\",\"@id\":\"https:\/\/vapebulkp.com\/#organization\",\"name\":\"vapebulkp.com\",\"url\":\"https:\/\/vapebulkp.com\/\",\"logo\":{\"@type\":\"ImageObject\",\"inLanguage\":\"sk-SK\",\"@id\":\"https:\/\/vapebulkp.com\/#\/schema\/logo\/image\/\",\"url\":\"https:\/\/vapebulkp.com\/wp-content\/uploads\/2023\/09\/cropped-vapebulkp.png\",\"contentUrl\":\"https:\/\/vapebulkp.com\/wp-content\/uploads\/2023\/09\/cropped-vapebulkp.png\",\"width\":516,\"height\":163,\"caption\":\"vapebulkp.com\"},\"image\":{\"@id\":\"https:\/\/vapebulkp.com\/#\/schema\/logo\/image\/\"}}]}<\/script>\n<!-- \/ Yoast SEO plugin. -->","yoast_head_json":{"title":"Hot Disposable Vapes in Europe - vapebulkp.com","description":"Shop the hottest disposable vapes in Europe at wholesale prices. Vapebulkp offers top-selling disposable vape options for bulk purchase, ensuring fast shipping and competitive rates across Europe country like Germany vape","robots":{"index":"index","follow":"follow","max-snippet":"max-snippet:-1","max-image-preview":"max-image-preview:large","max-video-preview":"max-video-preview:-1"},"canonical":"https:\/\/vapebulkp.com\/sk\/ot-disposable-vapes-europe\/","og_locale":"sk_SK","og_type":"article","og_title":"Hot Disposable Vapes in Europe - vapebulkp.com","og_description":"Shop the hottest disposable vapes in Europe at wholesale prices. Vapebulkp offers top-selling disposable vape options for bulk purchase, ensuring fast shipping and competitive rates across Europe country like Germany vape","og_url":"https:\/\/vapebulkp.com\/sk\/ot-disposable-vapes-europe\/","og_site_name":"vapebulkp.com","article_modified_time":"2024-08-26T11:06:23+00:00","twitter_card":"summary_large_image","twitter_misc":{"Predpokladan\u00fd \u010das \u010d\u00edtania":"2 min\u00faty"},"schema":{"@context":"https:\/\/schema.org","@graph":[{"@type":"WebPage","@id":"https:\/\/vapebulkp.com\/ot-disposable-vapes-europe\/","url":"https:\/\/vapebulkp.com\/ot-disposable-vapes-europe\/","name":"Hot Disposable Vapes in Europe - vapebulkp.com","isPartOf":{"@id":"https:\/\/vapebulkp.com\/#website"},"datePublished":"2024-08-26T10:09:38+00:00","dateModified":"2024-08-26T11:06:23+00:00","description":"Shop the hottest disposable vapes in Europe at wholesale prices. Vapebulkp offers top-selling disposable vape options for bulk purchase, ensuring fast shipping and competitive rates across Europe country like Germany vape","breadcrumb":{"@id":"https:\/\/vapebulkp.com\/ot-disposable-vapes-europe\/#breadcrumb"},"inLanguage":"sk-SK","potentialAction":[{"@type":"ReadAction","target":["https:\/\/vapebulkp.com\/ot-disposable-vapes-europe\/"]}]},{"@type":"BreadcrumbList","@id":"https:\/\/vapebulkp.com\/ot-disposable-vapes-europe\/#breadcrumb","itemListElement":[{"@type":"ListItem","position":1,"name":"Home","item":"https:\/\/vapebulkp.com\/"},{"@type":"ListItem","position":2,"name":"Hot Disposable Vapes in Europe"}]},{"@type":"WebSite","@id":"https:\/\/vapebulkp.com\/#website","url":"https:\/\/vapebulkp.com\/","name":"vapebulkp.com","description":"Buy Vape In Cheap Bulk Price Near you","publisher":{"@id":"https:\/\/vapebulkp.com\/#organization"},"potentialAction":[{"@type":"SearchAction","target":{"@type":"EntryPoint","urlTemplate":"https:\/\/vapebulkp.com\/?s={search_term_string}"},"query-input":"required name=search_term_string"}],"inLanguage":"sk-SK"},{"@type":"Organization","@id":"https:\/\/vapebulkp.com\/#organization","name":"vapebulkp.com","url":"https:\/\/vapebulkp.com\/","logo":{"@type":"ImageObject","inLanguage":"sk-SK","@id":"https:\/\/vapebulkp.com\/#\/schema\/logo\/image\/","url":"https:\/\/vapebulkp.com\/wp-content\/uploads\/2023\/09\/cropped-vapebulkp.png","contentUrl":"https:\/\/vapebulkp.com\/wp-content\/uploads\/2023\/09\/cropped-vapebulkp.png","width":516,"height":163,"caption":"vapebulkp.com"},"image":{"@id":"https:\/\/vapebulkp.com\/#\/schema\/logo\/image\/"}}]}},"uagb_featured_image_src":{"full":false,"thumbnail":false,"medium":false,"medium_large":false,"large":false,"1536x1536":false,"2048x2048":false,"trp-custom-language-flag":false,"woocommerce_thumbnail":false,"woocommerce_single":false,"woocommerce_gallery_thumbnail":false,"wcpr-photo-reviews":false},"uagb_author_info":{"display_name":"vapebulkp.com","author_link":"https:\/\/vapebulkp.com\/sk\/author\/vapebulkp-com\/"},"uagb_comment_info":0,"uagb_excerpt":"Welcome to our extensive collection of Hot Disposable Vapes in Europe, where we offer a selection of high-quality vaping devices that are top sellers across European countries. Our range includes renowned brands such as AIVONO, Al Fakher, Bang Vape, Bang Box, Elf Box, FluuM, RockMe Vape, RandM Tornado, FIHP, Vapme, Vozol, VOPK, Waspe, Utco, WGA,&hellip;","_links":{"self":[{"href":"https:\/\/vapebulkp.com\/sk\/wp-json\/wp\/v2\/pages\/2766","targetHints":{"allow":["GET"]}}],"collection":[{"href":"https:\/\/vapebulkp.com\/sk\/wp-json\/wp\/v2\/pages"}],"about":[{"href":"https:\/\/vapebulkp.com\/sk\/wp-json\/wp\/v2\/types\/page"}],"author":[{"embeddable":true,"href":"https:\/\/vapebulkp.com\/sk\/wp-json\/wp\/v2\/users\/1"}],"replies":[{"embeddable":true,"href":"https:\/\/vapebulkp.com\/sk\/wp-json\/wp\/v2\/comments?post=2766"}],"version-history":[{"count":4,"href":"https:\/\/vapebulkp.com\/sk\/wp-json\/wp\/v2\/pages\/2766\/revisions"}],"predecessor-version":[{"id":2793,"href":"https:\/\/vapebulkp.com\/sk\/wp-json\/wp\/v2\/pages\/2766\/revisions\/2793"}],"wp:attachment":[{"href":"https:\/\/vapebulkp.com\/sk\/wp-json\/wp\/v2\/media?parent=2766"}],"curies":[{"name":"wp","href":"https:\/\/api.w.org\/{rel}","templated":true}]}}