{"id":1545,"date":"2023-09-20T09:21:33","date_gmt":"2023-09-20T07:21:33","guid":{"rendered":"https:\/\/vapebulkp.com\/?post_type=product&#038;p=1545"},"modified":"2025-09-24T05:10:12","modified_gmt":"2025-09-24T03:10:12","slug":"wholesale-randm-vape-9000-puffs-germany","status":"publish","type":"product","link":"https:\/\/vapebulkp.com\/sk\/product\/wholesale-randm-vape-9000-puffs-germany\/","title":{"rendered":"Ve\u013ekoobchod RandM Vape 9000 Puffs Slovensko"},"content":{"rendered":"<h2>Ak\u00fd je najlep\u0161\u00ed predaj Vape RandM Vape 9000 \u0161lukov ?<\/h2>\n<p>Ve\u013ekoobchodn\u00fd jednorazov\u00fd vape RandM Tornado 9000 \u0161lukov pon\u00faka vysokokapacitn\u00e9 jednorazov\u00e9 rie\u0161enie pre eur\u00f3pskych vaperov, ktor\u00ed h\u013eadaj\u00fa pohodlie a dlhotrvaj\u00faci v\u00fdkon. S 9000 jemn\u00fdmi \u0161lukmi, toto kompaktn\u00e9 zariadenie poskytuje konzistentn\u00fa chu\u0165 a uspokojiv\u00fa paru od za\u010diatku do konca.<\/p>\n<p>Je vybaven\u00fd 850mAh nab\u00edjate\u013enou jednorazovou bat\u00e9riou s nab\u00edjan\u00edm typu C, zais\u0165uje dlhotrvaj\u00face rel\u00e1cie a minim\u00e1lne prestoje. Vape s 0.8\u03a9 mesh \u0161pir\u00e1lou poskytuje bohat\u00fa chu\u0165 a hust\u00e9 oblaky pri ka\u017edom \u0165ahu. Vopred naplnen\u00fd 20 ml pr\u00e9miov\u00e9ho e-liquidu, dostupn\u00fd v 2% alebo 5% nikot\u00ednovej soli, je vhodn\u00fd pre mierne aj silnej\u0161ie \u0165ahy.<\/p>\n<p>RandM Tornado 9000, ide\u00e1lny pre ve\u013ekoobchodn\u00fdch kupcov alebo individu\u00e1lnych pou\u017e\u00edvate\u013eov, kombinuje prenosnos\u0165, vysok\u00fd v\u00fdkon a spo\u013eahliv\u00fa kvalitu v elegantnom zariaden\u00ed pripravenom na pou\u017eitie.<\/p>\n<h6 style=\"text-align: left\"><img decoding=\"async\" class=\"alignnone wp-image-1708\" src=\"http:\/\/vapebulkp.com\/wp-content\/uploads\/2023\/09\/POR-VAPE-RM-TORNADO-9000-PUFFS-2.jpg\" alt=\"VE\u013dKOOBCHOD VAPE RM TORNADO 9000 \u0160LUKOV\" width=\"798\" height=\"798\" srcset=\"https:\/\/vapebulkp.com\/wp-content\/uploads\/2023\/09\/POR-VAPE-RM-TORNADO-9000-PUFFS-2.jpg 1000w, https:\/\/vapebulkp.com\/wp-content\/uploads\/2023\/09\/POR-VAPE-RM-TORNADO-9000-PUFFS-2-300x300.jpg 300w, https:\/\/vapebulkp.com\/wp-content\/uploads\/2023\/09\/POR-VAPE-RM-TORNADO-9000-PUFFS-2-150x150.jpg 150w, https:\/\/vapebulkp.com\/wp-content\/uploads\/2023\/09\/POR-VAPE-RM-TORNADO-9000-PUFFS-2-768x768.jpg 768w, https:\/\/vapebulkp.com\/wp-content\/uploads\/2023\/09\/POR-VAPE-RM-TORNADO-9000-PUFFS-2-600x600.jpg 600w, https:\/\/vapebulkp.com\/wp-content\/uploads\/2023\/09\/POR-VAPE-RM-TORNADO-9000-PUFFS-2-100x100.jpg 100w\" sizes=\"(max-width: 798px) 100vw, 798px\" \/><\/h6>\n<h6><\/h6>\n<h6>Pre z\u013eavnen\u00fa cenu, kontaktujte pros\u00edm Mandy cez WhatsApp<a href=\"https:\/\/wa.me\/8618077105796\">+8618077105796<\/a><\/h6>\n<p><img decoding=\"async\" class=\"alignnone wp-image-2151\" src=\"http:\/\/vapebulkp.com\/wp-content\/uploads\/2024\/04\/Mandy-WhatsApp-Randm.jpg\" alt=\"Mandy WhatsApp Randm\" width=\"277\" height=\"295\" srcset=\"https:\/\/vapebulkp.com\/wp-content\/uploads\/2024\/04\/Mandy-WhatsApp-Randm.jpg 916w, https:\/\/vapebulkp.com\/wp-content\/uploads\/2024\/04\/Mandy-WhatsApp-Randm-282x300.jpg 282w, https:\/\/vapebulkp.com\/wp-content\/uploads\/2024\/04\/Mandy-WhatsApp-Randm-768x817.jpg 768w, https:\/\/vapebulkp.com\/wp-content\/uploads\/2024\/04\/Mandy-WhatsApp-Randm-600x638.jpg 600w\" sizes=\"(max-width: 277px) 100vw, 277px\" \/><\/p>\n<h3><span style=\"vertical-align: inherit\">Mysleli sme si, \u017ee by ste chceli vedie\u0165 o Randm Tornado 9000 \u0161lukoch:<\/span><\/h3>\n<p class=\"style-scope ytd-watch-metadata\">1.Ako pou\u017e\u00edva\u0165 vape pen RandM Tornado 9000?<\/p>\n<p>Krok 1. Pred pou\u017eit\u00edm 9k \u0161lukov odpojte plastov\u00fa trubicu.<\/p>\n<p>Krok 2. Po\u010dkajte asi 3 min\u00faty, k\u00fdm sa \u0161\u0165ava dostane do \u0161pir\u00e1ly vo vn\u00fatri.<\/p>\n<p>Krok 3. U\u017eite si to<\/p>\n<p>2.<strong>Ako nabi\u0165 RandM Tornado 9000 \u0161lukov:<\/strong><\/p>\n<p>R\u00fdchlonab\u00edjacie nab\u00edja\u010dky sa nedaj\u00fa pou\u017ei\u0165 a \u0161tandardn\u00fd bezpe\u010dn\u00fd v\u00fdkon jednorazov\u00fdch e-cigariet je 5V 1A.<\/p>\n<p>Ka\u017ed\u00fd \u010das nab\u00edjania nesmie presiahnu\u0165 1 hodinu a bezpe\u010dn\u00fd \u010das nab\u00edjania je pol hodiny.<\/p>\n<p><span style=\"color: #ff6600\">Upozornenie: nenab\u00edjajte cel\u00fa noc!<\/span><\/p>\n<p>3.Ak\u00e1 je kapacita e-liquidu WAPE Rick and Morty tornado 9000 \u0161lukov?<\/p>\n<p>\u2014\u201420ml<\/p>\n<p>4.<strong>Ako dlho vydr\u017e\u00ed RandM Tornado 9000 Puffs:<\/strong><\/p>\n<p>\u2014\u20139000 potiahnut\u00ed<\/p>\n<h4><strong><span style=\"vertical-align: inherit\">\u0160pecifik\u00e1cie Randm Vape 9000 potiahnut\u00ed:<\/span><br \/>\n<\/strong><\/h4>\n<p>Dobr\u00e1 bat\u00e9ria: 850mAh (Typ C)<br \/>\nVysok\u00e1 kapacita: 20ml<br \/>\nVysokokvalitn\u00e1 \u0161pir\u00e1la: 0,8 ohm mesh<br \/>\nPribli\u017en\u00fd objem potiahnut\u00ed: 9000 potiahnut\u00ed<br \/>\nNikot\u00edn v Randm Tornado 9000: 2%, 5%<br \/>\nMOQ: 50KS<\/p>\n<h2><strong>Ak\u00e9 s\u00fa najlep\u0161ie pr\u00edchute pre vape Randmvape 9000 Puffs?<\/strong><\/h2>\n<p>&nbsp;<\/p>\n<p>1 \u010cu\u010doriedka Malina<br \/>\n2 P\u00e1n Modr\u00fd<br \/>\n3 Jahoda Mel\u00f3n<br \/>\n4 Pomaran\u010dov\u00e1 s\u00f3da<br \/>\n5 Mel\u00f3nov\u00e1 \u017euva\u010dka<br \/>\n6 D\u00fahov\u00e9 cukr\u00edky<br \/>\n7 Ru\u017eov\u00e1 limon\u00e1da<br \/>\n8 Brosky\u0148a Mango Anan\u00e1s<br \/>\n9 Jahoda Ban\u00e1n<br \/>\n10 Svie\u017ei \u013dad<br \/>\n11 \u013dad \u010cierny drak<br \/>\n12 Aloe Hrozno<br \/>\n13 Modr\u00e1 malina \u013ead<br \/>\n14 Kivi mu\u010denka guava<br \/>\n15 Gumen\u00fd medved\u00edk<br \/>\n16 Zmie\u0161an\u00e9 bobule<br \/>\n17 Chladiv\u00e1 M\u00e4ta<br \/>\n18 Malina Vodn\u00fd mel\u00f3n<br \/>\n19 Brosky\u0148ov\u00e1 Limon\u00e1da<br \/>\n20 Guava \u013ead<br \/>\n21 Jahodov\u00e1 limon\u00e1da<br \/>\n22 Mel\u00f3n Brazz \u013ead<br \/>\n23 Ban\u00e1nov\u00fd kr\u00e9m<br \/>\n24 Brosky\u0148ov\u00e9 bobule<br \/>\n25 Jahodov\u00fd kr\u00e9m<br \/>\n26 Kysl\u00e9 cukr\u00edky<br \/>\n27 Citr\u00f3n<br \/>\n28 \u010cere\u0161\u0148a<br \/>\n29 \u0160umiv\u00e1 \u010dere\u0161\u0148a<br \/>\n30 \u010cu\u010doriedka \u010dere\u0161\u0148a brusnica<br \/>\n31 Vimto<br \/>\n32 Skittles<br \/>\n33 \u010cierny \u013ead<br \/>\n34 Hrozno<br \/>\n35 Bluelicious \u013ead<br \/>\n36 Jahodov\u00fd \u013ead<br \/>\n38 Nanuk<br \/>\n39 \u010cu\u010doriedka kysl\u00e1 malina<br \/>\n40 Anan\u00e1s<br \/>\n41 Vi\u0161\u0148ov\u00e1 brosky\u0148ov\u00e1 limon\u00e1da<br \/>\n42 Jahodov\u00e1 malinov\u00e1 vi\u0161\u0148ov\u00e1 \u013eadov\u00e1<br \/>\n43 Trojit\u00e1 mango<br \/>\n45 Jahodov\u00e1 mel\u00f3nov\u00e1 \u017euva\u010dka<br \/>\n47 Mel\u00f3nov\u00e1 \u013eadov\u00e1<br \/>\n48 \u010cu\u010doriedkov\u00e1 \u013eadov\u00e1<\/p>\n<p><a href=\"https:\/\/vapebulkp.com\/sk\/product\/wholesale-price-disposable-vape-crystal-600-puffs\/\"><span style=\"vertical-align: inherit\">\u00a0<\/span><\/a><span style=\"vertical-align: inherit\">N\u00e1jdite viac produktov, ktor\u00e9 by sa v\u00e1m mohli p\u00e1\u010di\u0165:<\/span><em><a href=\"https:\/\/wa.me\/8618077105796\"><span style=\"vertical-align: inherit\">\u00a0K\u00fapi\u0165<\/span><\/a><\/em><\/p>\n<p><a href=\"https:\/\/vapebulkp.com\/sk\/product\/bang-box-80000-puffs-3-in-1-wholesale-vape-supply\/\"><span style=\"vertical-align: inherit\">Bang Box 80000 \u0165ahov <\/span><\/a><span style=\"vertical-align: inherit\">\/ <\/span><a href=\"https:\/\/vapebulkp.com\/sk\/product\/uzy-triple-60000-puffs-smart-vape-wholesale-3-in-1-flavor\/\"><span style=\"vertical-align: inherit\">UZY Vape 60000 \u0165ahov<\/span><\/a><span style=\"vertical-align: inherit\">\/<\/span><a href=\"https:\/\/vapebulkp.com\/sk\/product\/vopk-60000-puffs-top-sale-disposable-vape-pen\/\"><span style=\"vertical-align: inherit\">VOPK 60000 \u0165ahov<\/span><\/a><\/p>\n<h4>Kvalifik\u00e1cia v\u00fdroby:<\/h4>\n<p><img decoding=\"async\" class=\"alignnone size-full wp-image-1841\" src=\"http:\/\/vapebulkp.com\/wp-content\/uploads\/2023\/11\/Vape-production-process-2.jpeg\" alt=\"Proces v\u00fdroby vape\" width=\"650\" height=\"434\" srcset=\"https:\/\/vapebulkp.com\/wp-content\/uploads\/2023\/11\/Vape-production-process-2.jpeg 650w, https:\/\/vapebulkp.com\/wp-content\/uploads\/2023\/11\/Vape-production-process-2-300x200.jpeg 300w, https:\/\/vapebulkp.com\/wp-content\/uploads\/2023\/11\/Vape-production-process-2-600x401.jpeg 600w\" sizes=\"(max-width: 650px) 100vw, 650px\" \/><\/p>\n<p><img decoding=\"async\" class=\"alignnone size-full wp-image-1843\" src=\"http:\/\/vapebulkp.com\/wp-content\/uploads\/2023\/11\/Vape-production-process.jpeg\" alt=\"Proces v\u00fdroby vape\" width=\"641\" height=\"1026\" srcset=\"https:\/\/vapebulkp.com\/wp-content\/uploads\/2023\/11\/Vape-production-process.jpeg 641w, https:\/\/vapebulkp.com\/wp-content\/uploads\/2023\/11\/Vape-production-process-187x300.jpeg 187w, https:\/\/vapebulkp.com\/wp-content\/uploads\/2023\/11\/Vape-production-process-640x1024.jpeg 640w, https:\/\/vapebulkp.com\/wp-content\/uploads\/2023\/11\/Vape-production-process-600x960.jpeg 600w\" sizes=\"(max-width: 641px) 100vw, 641px\" \/><\/p>\n<h5>\u010cast\u00e9 ot\u00e1zky:<\/h5>\n<p>Ot\u00e1zka: Ak\u00e9 je MOQ Randm 9000 \u0165ahov?<br \/>\nOdpove\u010f: Minim\u00e1lna objedn\u00e1vka je 50 ks.<br \/>\nQ: Ak\u00e1 je dodacia lehota pre objednan\u00fa e-cigaretu?<br \/>\nA: Zvy\u010dajne je to 10-15 dn\u00ed po odoslan\u00ed.<br \/>\nOt\u00e1zka: Ak\u00e1 je cena dopravy? Odpove\u010f: N\u00e1klady na dopravu z\u00e1visia od hmotnosti. R\u00f4zne mno\u017estv\u00e1 maj\u00fa r\u00f4zne n\u00e1klady na dopravu, kontaktujte n\u00e1s, aby ste potvrdili n\u00e1klady na dopravu.<\/p>\n<h4>Detail dopravy:<\/h4>\n<p><span style=\"color: #ff6600\">\u010cas v\u00fdroby: 5-10 pracovn\u00fdch dn\u00ed<\/span><br \/>\n<span style=\"color: #ff6600\">\u010cas dodania: 8-14 pracovn\u00fdch dn\u00ed<\/span><\/p>\n<p>V\u0161etky produkty v na\u0161om obchode s\u00fa 100 % origin\u00e1lne a autentick\u00e9, preto desa\u0165n\u00e1sobn\u00e1 kompenz\u00e1cia za falo\u0161n\u00fd tovar je na\u0161ou obchodnou politikou. Na doru\u010denie tovaru v\u00e1m pou\u017e\u00edvame logistick\u00e9 kan\u00e1ly ako UPS\/DHL\/FEDEX\/DPD.<\/p>\n<p>Pre z\u00e1sielky doru\u010dovan\u00e9 na Slovensko to zvy\u010dajne trv\u00e1 10 pracovn\u00fdch dn\u00ed. Z\u00e1sielky do eur\u00f3pskych kraj\u00edn zvy\u010dajne dorazia za 12 a\u017e 15 pracovn\u00fdch dn\u00ed. Inform\u00e1cie o logistike v\u00e1m budeme aktualizova\u0165 v re\u00e1lnom \u010dase.<\/p>","protected":false},"excerpt":{"rendered":"<p>Vape Rick and morty tornado bl\u00edzko m\u0148a<\/p>\n<p>dobr\u00fd predaj Randm vape 9000<\/p>\n<p>Randm vape bl\u00edzko m\u0148a<\/p>\n<p>puff tornado 9000, ktor\u00fd si chcete k\u00fapi\u0165<\/p>\n<p><img decoding=\"async\" class=\"alignnone wp-image-2151\" src=\"http:\/\/vapebulkp.com\/wp-content\/uploads\/2024\/04\/Mandy-WhatsApp-Randm.jpg\" alt=\"Mandy WhatsApp Randm\" width=\"304\" height=\"323\" srcset=\"https:\/\/vapebulkp.com\/wp-content\/uploads\/2024\/04\/Mandy-WhatsApp-Randm.jpg 916w, https:\/\/vapebulkp.com\/wp-content\/uploads\/2024\/04\/Mandy-WhatsApp-Randm-282x300.jpg 282w, https:\/\/vapebulkp.com\/wp-content\/uploads\/2024\/04\/Mandy-WhatsApp-Randm-768x817.jpg 768w, https:\/\/vapebulkp.com\/wp-content\/uploads\/2024\/04\/Mandy-WhatsApp-Randm-600x638.jpg 600w\" sizes=\"(max-width: 304px) 100vw, 304px\" \/><\/p>\n<p>Pre z\u013eavnen\u00fa cenu, kontaktujte pros\u00edm Mandy cez WhatsApp<a href=\"https:\/\/wa.me\/8618077105796\">+8618077105796<\/a><\/p>\n<p><span style=\"color: #ff0000\">POZN\u00c1MKA: Ceny na na\u0161ej webovej str\u00e1nke nezah\u0155\u0148aj\u00fa n\u00e1klady na dopravu<\/span><\/p>","protected":false},"featured_media":1709,"comment_status":"open","ping_status":"closed","template":"","meta":{"_uag_custom_page_level_css":"","_lmt_disableupdate":"no","_lmt_disable":"","site-sidebar-layout":"default","site-content-layout":"content-boxed-container","ast-site-content-layout":"normal-width-container","site-content-style":"boxed","site-sidebar-style":"unboxed","ast-global-header-display":"","ast-banner-title-visibility":"","ast-main-header-display":"","ast-hfb-above-header-display":"","ast-hfb-below-header-display":"","ast-hfb-mobile-header-display":"","site-post-title":"","ast-breadcrumbs-content":"","ast-featured-img":"","footer-sml-layout":"","theme-transparent-header-meta":"default","adv-header-id-meta":"","stick-header-meta":"","header-above-stick-meta":"","header-main-stick-meta":"","header-below-stick-meta":"","astra-migrate-meta-layouts":"set","_joinchat":[]},"product_cat":[168,153,155,33,352,59,100,87,34,158,157,154,152,58,84,156,63,32],"product_tag":[47,36,37,41,75,40],"class_list":["post-1545","product","type-product","status-publish","has-post-thumbnail","hentry","product_cat-9000-puffs-disposable-vape","product_cat-hot-disposable-vapes","product_cat-belgium-hot-disposable-vapes","product_cat-france-vape-hot-sale","product_cat-fumot-vapes","product_cat-germany-hot-disposable-vape","product_cat-germany-wholesale-vape-shop","product_cat-minimum-order-quantity-50pcs","product_cat-netherlands-vape-good-sale","product_cat-norway-hot-disposable-vapes","product_cat-poland-hot-disposable-vapes","product_cat-portugal-hot-disposable-vapes","product_cat-spain-hot-disposable-vapes","product_cat-sweden-hot-disposable-vape","product_cat-sweden-wholesale-vape","product_cat-switzerland-hot-disposable-vapes","product_cat-top-sale-disposable-vape","product_cat-vape-hot-sale-this-week","product_tag-9000puffs","product_tag-good-vape","product_tag-hot-sale-disposable-vape","product_tag-poland-hot-vape","product_tag-randm-vape-9000-puffs","product_tag-sweden-hot-vape","pa_brand-fumot-vape","desktop-align-left","tablet-align-left","mobile-align-left"],"yoast_head":"<!-- This site is optimized with the Yoast SEO plugin v21.1 - https:\/\/yoast.com\/wordpress\/plugins\/seo\/ -->\n<title>Wholesale RandM Vape 9000 Puffs Germany - vapebulkp.com<\/title>\n<meta name=\"description\" content=\"Wholesale Randm Tornado 9000 Puffs Germany Vape ergonomic design fits perfectly in your hand and is compact enough to slip into your pocket or purse.\" \/>\n<meta name=\"robots\" content=\"index, follow, max-snippet:-1, max-image-preview:large, max-video-preview:-1\" \/>\n<link rel=\"canonical\" href=\"https:\/\/vapebulkp.com\/sk\/product\/wholesale-randm-vape-9000-puffs-germany\/\" \/>\n<meta property=\"og:locale\" content=\"sk_SK\" \/>\n<meta property=\"og:type\" content=\"article\" \/>\n<meta property=\"og:title\" content=\"Wholesale RandM Vape 9000 Puffs Germany - vapebulkp.com\" \/>\n<meta property=\"og:description\" content=\"Wholesale Randm Tornado 9000 Puffs Germany Vape ergonomic design fits perfectly in your hand and is compact enough to slip into your pocket or purse.\" \/>\n<meta property=\"og:url\" content=\"https:\/\/vapebulkp.com\/sk\/product\/wholesale-randm-vape-9000-puffs-germany\/\" \/>\n<meta property=\"og:site_name\" content=\"vapebulkp.com\" \/>\n<meta property=\"article:modified_time\" content=\"2025-09-24T03:10:12+00:00\" \/>\n<meta property=\"og:image\" content=\"http:\/\/vapebulkp.com\/wp-content\/uploads\/2023\/09\/KIT-VAPE-RANDM-TORNADO-9000-PUFF-1.jpg\" \/>\n\t<meta property=\"og:image:width\" content=\"1000\" \/>\n\t<meta property=\"og:image:height\" content=\"1000\" \/>\n\t<meta property=\"og:image:type\" content=\"image\/jpeg\" \/>\n<meta name=\"twitter:card\" content=\"summary_large_image\" \/>\n<meta name=\"twitter:label1\" content=\"Predpokladan\u00fd \u010das \u010d\u00edtania\" \/>\n\t<meta name=\"twitter:data1\" content=\"4 min\u00faty\" \/>\n<script type=\"application\/ld+json\" class=\"yoast-schema-graph\">{\"@context\":\"https:\/\/schema.org\",\"@graph\":[{\"@type\":\"WebPage\",\"@id\":\"https:\/\/vapebulkp.com\/product\/wholesale-randm-vape-9000-puffs-germany\/\",\"url\":\"https:\/\/vapebulkp.com\/product\/wholesale-randm-vape-9000-puffs-germany\/\",\"name\":\"Wholesale RandM Vape 9000 Puffs Germany - vapebulkp.com\",\"isPartOf\":{\"@id\":\"https:\/\/vapebulkp.com\/#website\"},\"datePublished\":\"2023-09-20T07:21:33+00:00\",\"dateModified\":\"2025-09-24T03:10:12+00:00\",\"description\":\"Wholesale Randm Tornado 9000 Puffs Germany Vape ergonomic design fits perfectly in your hand and is compact enough to slip into your pocket or purse.\",\"breadcrumb\":{\"@id\":\"https:\/\/vapebulkp.com\/product\/wholesale-randm-vape-9000-puffs-germany\/#breadcrumb\"},\"inLanguage\":\"sk-SK\",\"potentialAction\":[{\"@type\":\"ReadAction\",\"target\":[\"https:\/\/vapebulkp.com\/product\/wholesale-randm-vape-9000-puffs-germany\/\"]}]},{\"@type\":\"BreadcrumbList\",\"@id\":\"https:\/\/vapebulkp.com\/product\/wholesale-randm-vape-9000-puffs-germany\/#breadcrumb\",\"itemListElement\":[{\"@type\":\"ListItem\",\"position\":1,\"name\":\"Home\",\"item\":\"https:\/\/vapebulkp.com\/\"},{\"@type\":\"ListItem\",\"position\":2,\"name\":\"Hot Trend Vapes\",\"item\":\"https:\/\/vapebulkp.com\/vape-shop\/\"},{\"@type\":\"ListItem\",\"position\":3,\"name\":\"Wholesale RandM Vape 9000 Puffs Germany\"}]},{\"@type\":\"WebSite\",\"@id\":\"https:\/\/vapebulkp.com\/#website\",\"url\":\"https:\/\/vapebulkp.com\/\",\"name\":\"vapebulkp.com\",\"description\":\"Buy Vape In Cheap Bulk Price Near you\",\"publisher\":{\"@id\":\"https:\/\/vapebulkp.com\/#organization\"},\"potentialAction\":[{\"@type\":\"SearchAction\",\"target\":{\"@type\":\"EntryPoint\",\"urlTemplate\":\"https:\/\/vapebulkp.com\/?s={search_term_string}\"},\"query-input\":\"required name=search_term_string\"}],\"inLanguage\":\"sk-SK\"},{\"@type\":\"Organization\",\"@id\":\"https:\/\/vapebulkp.com\/#organization\",\"name\":\"vapebulkp.com\",\"url\":\"https:\/\/vapebulkp.com\/\",\"logo\":{\"@type\":\"ImageObject\",\"inLanguage\":\"sk-SK\",\"@id\":\"https:\/\/vapebulkp.com\/#\/schema\/logo\/image\/\",\"url\":\"https:\/\/vapebulkp.com\/wp-content\/uploads\/2023\/09\/cropped-vapebulkp.png\",\"contentUrl\":\"https:\/\/vapebulkp.com\/wp-content\/uploads\/2023\/09\/cropped-vapebulkp.png\",\"width\":516,\"height\":163,\"caption\":\"vapebulkp.com\"},\"image\":{\"@id\":\"https:\/\/vapebulkp.com\/#\/schema\/logo\/image\/\"}}]}<\/script>\n<!-- \/ Yoast SEO plugin. -->","yoast_head_json":{"title":"Wholesale RandM Vape 9000 Puffs Germany - vapebulkp.com","description":"Wholesale Randm Tornado 9000 Puffs Germany Vape ergonomic design fits perfectly in your hand and is compact enough to slip into your pocket or purse.","robots":{"index":"index","follow":"follow","max-snippet":"max-snippet:-1","max-image-preview":"max-image-preview:large","max-video-preview":"max-video-preview:-1"},"canonical":"https:\/\/vapebulkp.com\/sk\/product\/wholesale-randm-vape-9000-puffs-germany\/","og_locale":"sk_SK","og_type":"article","og_title":"Wholesale RandM Vape 9000 Puffs Germany - vapebulkp.com","og_description":"Wholesale Randm Tornado 9000 Puffs Germany Vape ergonomic design fits perfectly in your hand and is compact enough to slip into your pocket or purse.","og_url":"https:\/\/vapebulkp.com\/sk\/product\/wholesale-randm-vape-9000-puffs-germany\/","og_site_name":"vapebulkp.com","article_modified_time":"2025-09-24T03:10:12+00:00","og_image":[{"width":1000,"height":1000,"url":"http:\/\/vapebulkp.com\/wp-content\/uploads\/2023\/09\/KIT-VAPE-RANDM-TORNADO-9000-PUFF-1.jpg","type":"image\/jpeg"}],"twitter_card":"summary_large_image","twitter_misc":{"Predpokladan\u00fd \u010das \u010d\u00edtania":"4 min\u00faty"},"schema":{"@context":"https:\/\/schema.org","@graph":[{"@type":"WebPage","@id":"https:\/\/vapebulkp.com\/product\/wholesale-randm-vape-9000-puffs-germany\/","url":"https:\/\/vapebulkp.com\/product\/wholesale-randm-vape-9000-puffs-germany\/","name":"Wholesale RandM Vape 9000 Puffs Germany - vapebulkp.com","isPartOf":{"@id":"https:\/\/vapebulkp.com\/#website"},"datePublished":"2023-09-20T07:21:33+00:00","dateModified":"2025-09-24T03:10:12+00:00","description":"Wholesale Randm Tornado 9000 Puffs Germany Vape ergonomic design fits perfectly in your hand and is compact enough to slip into your pocket or purse.","breadcrumb":{"@id":"https:\/\/vapebulkp.com\/product\/wholesale-randm-vape-9000-puffs-germany\/#breadcrumb"},"inLanguage":"sk-SK","potentialAction":[{"@type":"ReadAction","target":["https:\/\/vapebulkp.com\/product\/wholesale-randm-vape-9000-puffs-germany\/"]}]},{"@type":"BreadcrumbList","@id":"https:\/\/vapebulkp.com\/product\/wholesale-randm-vape-9000-puffs-germany\/#breadcrumb","itemListElement":[{"@type":"ListItem","position":1,"name":"Home","item":"https:\/\/vapebulkp.com\/"},{"@type":"ListItem","position":2,"name":"Hot Trend Vapes","item":"https:\/\/vapebulkp.com\/vape-shop\/"},{"@type":"ListItem","position":3,"name":"Wholesale RandM Vape 9000 Puffs Germany"}]},{"@type":"WebSite","@id":"https:\/\/vapebulkp.com\/#website","url":"https:\/\/vapebulkp.com\/","name":"vapebulkp.com","description":"Buy Vape In Cheap Bulk Price Near you","publisher":{"@id":"https:\/\/vapebulkp.com\/#organization"},"potentialAction":[{"@type":"SearchAction","target":{"@type":"EntryPoint","urlTemplate":"https:\/\/vapebulkp.com\/?s={search_term_string}"},"query-input":"required name=search_term_string"}],"inLanguage":"sk-SK"},{"@type":"Organization","@id":"https:\/\/vapebulkp.com\/#organization","name":"vapebulkp.com","url":"https:\/\/vapebulkp.com\/","logo":{"@type":"ImageObject","inLanguage":"sk-SK","@id":"https:\/\/vapebulkp.com\/#\/schema\/logo\/image\/","url":"https:\/\/vapebulkp.com\/wp-content\/uploads\/2023\/09\/cropped-vapebulkp.png","contentUrl":"https:\/\/vapebulkp.com\/wp-content\/uploads\/2023\/09\/cropped-vapebulkp.png","width":516,"height":163,"caption":"vapebulkp.com"},"image":{"@id":"https:\/\/vapebulkp.com\/#\/schema\/logo\/image\/"}}]}},"uagb_featured_image_src":{"full":["https:\/\/vapebulkp.com\/wp-content\/uploads\/2023\/09\/KIT-VAPE-RANDM-TORNADO-9000-PUFF-1.jpg",1000,1000,false],"thumbnail":["https:\/\/vapebulkp.com\/wp-content\/uploads\/2023\/09\/KIT-VAPE-RANDM-TORNADO-9000-PUFF-1-150x150.jpg",150,150,true],"medium":["https:\/\/vapebulkp.com\/wp-content\/uploads\/2023\/09\/KIT-VAPE-RANDM-TORNADO-9000-PUFF-1-300x300.jpg",300,300,true],"medium_large":["https:\/\/vapebulkp.com\/wp-content\/uploads\/2023\/09\/KIT-VAPE-RANDM-TORNADO-9000-PUFF-1-768x768.jpg",768,768,true],"large":["https:\/\/vapebulkp.com\/wp-content\/uploads\/2023\/09\/KIT-VAPE-RANDM-TORNADO-9000-PUFF-1.jpg",1000,1000,false],"1536x1536":["https:\/\/vapebulkp.com\/wp-content\/uploads\/2023\/09\/KIT-VAPE-RANDM-TORNADO-9000-PUFF-1.jpg",1000,1000,false],"2048x2048":["https:\/\/vapebulkp.com\/wp-content\/uploads\/2023\/09\/KIT-VAPE-RANDM-TORNADO-9000-PUFF-1.jpg",1000,1000,false],"trp-custom-language-flag":["https:\/\/vapebulkp.com\/wp-content\/uploads\/2023\/09\/KIT-VAPE-RANDM-TORNADO-9000-PUFF-1.jpg",12,12,false],"woocommerce_thumbnail":["https:\/\/vapebulkp.com\/wp-content\/uploads\/2023\/09\/KIT-VAPE-RANDM-TORNADO-9000-PUFF-1-300x300.jpg",300,300,true],"woocommerce_single":["https:\/\/vapebulkp.com\/wp-content\/uploads\/2023\/09\/KIT-VAPE-RANDM-TORNADO-9000-PUFF-1-600x600.jpg",600,600,true],"woocommerce_gallery_thumbnail":["https:\/\/vapebulkp.com\/wp-content\/uploads\/2023\/09\/KIT-VAPE-RANDM-TORNADO-9000-PUFF-1-100x100.jpg",100,100,true],"wcpr-photo-reviews":["https:\/\/vapebulkp.com\/wp-content\/uploads\/2023\/09\/KIT-VAPE-RANDM-TORNADO-9000-PUFF-1.jpg",500,500,false]},"uagb_author_info":{"display_name":"Mandy vape bulk price","author_link":"https:\/\/vapebulkp.com\/sk\/author\/"},"uagb_comment_info":5,"uagb_excerpt":"Rick and morty tornado vape near me good sale Randm vape 9000 Randm vape near me puff tornado 9000 you want to buy Pls Contact Mandy's WhatsApp For Discount Price+8618077105796 NOTE: Prices on our website does not include shipping costs","_links":{"self":[{"href":"https:\/\/vapebulkp.com\/sk\/wp-json\/wp\/v2\/product\/1545","targetHints":{"allow":["GET"]}}],"collection":[{"href":"https:\/\/vapebulkp.com\/sk\/wp-json\/wp\/v2\/product"}],"about":[{"href":"https:\/\/vapebulkp.com\/sk\/wp-json\/wp\/v2\/types\/product"}],"replies":[{"embeddable":true,"href":"https:\/\/vapebulkp.com\/sk\/wp-json\/wp\/v2\/comments?post=1545"}],"wp:featuredmedia":[{"embeddable":true,"href":"https:\/\/vapebulkp.com\/sk\/wp-json\/wp\/v2\/media\/1709"}],"wp:attachment":[{"href":"https:\/\/vapebulkp.com\/sk\/wp-json\/wp\/v2\/media?parent=1545"}],"wp:term":[{"taxonomy":"product_cat","embeddable":true,"href":"https:\/\/vapebulkp.com\/sk\/wp-json\/wp\/v2\/product_cat?post=1545"},{"taxonomy":"product_tag","embeddable":true,"href":"https:\/\/vapebulkp.com\/sk\/wp-json\/wp\/v2\/product_tag?post=1545"}],"curies":[{"name":"wp","href":"https:\/\/api.w.org\/{rel}","templated":true}]}}