{"id":1600,"date":"2023-09-28T03:50:03","date_gmt":"2023-09-28T01:50:03","guid":{"rendered":"https:\/\/vapebulkp.com\/?post_type=product&#038;p=1600"},"modified":"2025-09-01T05:27:01","modified_gmt":"2025-09-01T03:27:01","slug":"bulk-buy-kulx-vape-8800-puffs-wholesale-germany","status":"publish","type":"product","link":"https:\/\/vapebulkp.com\/sk\/product\/bulk-buy-kulx-vape-8800-puffs-wholesale-germany\/","title":{"rendered":"Ve\u013ekoobchodn\u00e1 k\u00fapa Kulx vape 8800 obl\u00e1\u010dikov Ve\u013ekoobchod Slovensko"},"content":{"rendered":"<h2>\u010co je ve\u013ekoobchodn\u00fd n\u00e1kup Kulx vape 8800 potiahnut\u00ed ve\u013ekoobchod Slovensko?<\/h2>\n<p data-start=\"157\" data-end=\"407\">Kulx vape 8800 potiahnut\u00ed je vysokokapacitn\u00e9 zariadenie <strong data-start=\"205\" data-end=\"237\">nab\u00edjate\u013en\u00fd jednorazov\u00fd vape<\/strong> navrhnut\u00e9 pre hladk\u00e9, chutn\u00e9 potiahnutia. Ka\u017ed\u00e9 zariadenie je dod\u00e1van\u00e9 plne nabit\u00e9 a predplnen\u00e9, pri\u010dom poskytuje a\u017e 8 800 potiahnut\u00ed bohat\u00fdch p\u00e1r s konzistentnou spokojnos\u0165ou s nikot\u00ednom.<\/p>\n<p data-start=\"409\" data-end=\"673\">Kompaktn\u00fd a prenosn\u00fd, tento Vape za ve\u013ekoobchodn\u00fa cenu <strong data-start=\"436\" data-end=\"471\">Jednorazov\u00e1 elektronick\u00e1 cigareta Kulx 8800 potiahnut\u00ed<\/strong> je ide\u00e1lna na ka\u017edodenn\u00e9 pou\u017eitie, cestovanie alebo ve\u013ekoobchodn\u00e9 objedn\u00e1vky v r\u00e1mci Slovenska a E\u00da. Jednoducho otvorte zariadenie, potiahnite a vychutnajte si hust\u00e9 oblaky a v\u00fdrazn\u00fa chu\u0165 bez probl\u00e9mov s dop\u013a\u0148an\u00edm alebo \u00fadr\u017ebou.<\/p>\n<p data-start=\"675\" data-end=\"988\">S pr\u00e9miovou formul\u00e1ciou e-liquidu a spo\u013eahliv\u00fdm v\u00fdkonom bat\u00e9rie <strong data-start=\"747\" data-end=\"765\">n\u00e1plne do elektronickej cigarety Kulx Vape 8800 potiahnut\u00ed<\/strong> pon\u00faka uspokojiv\u00fd \u00fader do hrdla a hladk\u00e9 pary, \u010do z neho rob\u00ed ide\u00e1lnu vo\u013ebu pre nad\u0161encov nikot\u00ednov\u00fdch sol\u00ed a sk\u00fasen\u00fdch vap\u00e9rov. Dostupn\u00e9 v mnoh\u00fdch pr\u00edchutiach poskytuje v\u0161estrann\u00fa mo\u017enos\u0165 vapovania pre ak\u00fako\u013evek chu\u0165.<\/p>\n<p><img decoding=\"async\" class=\"alignnone wp-image-1682\" src=\"http:\/\/vapebulkp.com\/wp-content\/uploads\/2023\/09\/Disposable-POD-flavour-Blueberry-Raspberry-ice-1-scaled.jpg\" alt=\"Jednorazov\u00fd POD pr\u00edchu\u0165 \u010cu\u010doriedka malina \u013ead\" width=\"595\" height=\"458\" srcset=\"https:\/\/vapebulkp.com\/wp-content\/uploads\/2023\/09\/Disposable-POD-flavour-Blueberry-Raspberry-ice-1-scaled.jpg 2560w, https:\/\/vapebulkp.com\/wp-content\/uploads\/2023\/09\/Disposable-POD-flavour-Blueberry-Raspberry-ice-1-300x231.jpg 300w, https:\/\/vapebulkp.com\/wp-content\/uploads\/2023\/09\/Disposable-POD-flavour-Blueberry-Raspberry-ice-1-1024x787.jpg 1024w, https:\/\/vapebulkp.com\/wp-content\/uploads\/2023\/09\/Disposable-POD-flavour-Blueberry-Raspberry-ice-1-768x591.jpg 768w, https:\/\/vapebulkp.com\/wp-content\/uploads\/2023\/09\/Disposable-POD-flavour-Blueberry-Raspberry-ice-1-1536x1181.jpg 1536w, https:\/\/vapebulkp.com\/wp-content\/uploads\/2023\/09\/Disposable-POD-flavour-Blueberry-Raspberry-ice-1-2048x1575.jpg 2048w, https:\/\/vapebulkp.com\/wp-content\/uploads\/2023\/09\/Disposable-POD-flavour-Blueberry-Raspberry-ice-1-600x461.jpg 600w\" sizes=\"(max-width: 595px) 100vw, 595px\" \/><\/p>\n<h6 style=\"text-align: left\"><\/h6>\n<h6>Pre z\u013eavnen\u00fa cenu, kontaktujte pros\u00edm Mandy cez WhatsApp<a href=\"https:\/\/wa.me\/8618077105796\">+8618077105796<\/a><\/h6>\n<p><img decoding=\"async\" class=\"alignnone wp-image-2151\" src=\"http:\/\/vapebulkp.com\/wp-content\/uploads\/2024\/04\/Mandy-WhatsApp-Randm.jpg\" alt=\"Mandy WhatsApp Randm\" width=\"247\" height=\"263\" srcset=\"https:\/\/vapebulkp.com\/wp-content\/uploads\/2024\/04\/Mandy-WhatsApp-Randm.jpg 916w, https:\/\/vapebulkp.com\/wp-content\/uploads\/2024\/04\/Mandy-WhatsApp-Randm-282x300.jpg 282w, https:\/\/vapebulkp.com\/wp-content\/uploads\/2024\/04\/Mandy-WhatsApp-Randm-768x817.jpg 768w, https:\/\/vapebulkp.com\/wp-content\/uploads\/2024\/04\/Mandy-WhatsApp-Randm-600x638.jpg 600w\" sizes=\"(max-width: 247px) 100vw, 247px\" \/><\/p>\n<h2><span style=\"vertical-align: inherit\">Mysleli sme si, \u017ee by ste sa mohli dozvedie\u0165 o jednorazovej elektronickej cigarete Kulx 8800 potiahnut\u00ed na ve\u013ekoobchodn\u00fd n\u00e1kup:<\/span><\/h2>\n<p>&nbsp;<\/p>\n<h5 class=\"style-scope ytd-watch-metadata\">1.Ako pou\u017e\u00edva\u0165 ve\u013ekoobchodn\u00fa elektronick\u00fa cigaretu Kulx 8800?<\/h5>\n<p>Krok 1. Pred pou\u017eit\u00edm 8,8 tis\u00edc potiahnut\u00ed odstr\u00e1\u0148te plastov\u00fa trubi\u010dku.<\/p>\n<p>Krok 2. Po\u010dkajte asi 3 min\u00faty, k\u00fdm sa \u0161\u0165ava dostane do \u0161pir\u00e1ly vo vn\u00fatri.<\/p>\n<p>Krok 3. U\u017eite si to<\/p>\n<h5>2.AKO NAB\u00cdJA\u0164 JEDNORAZOV\u00da ELEKTRONICK\u00da CIGARETU Kulx 8800 POTIAHNUT\u00cd?<\/h5>\n<p>R\u00fdchlonab\u00edjacie nab\u00edja\u010dky sa nedaj\u00fa pou\u017ei\u0165 a \u0161tandardn\u00fd bezpe\u010dn\u00fd v\u00fdkon jednorazov\u00fdch e-cigariet je 5V 1A.<\/p>\n<p>Ka\u017ed\u00fd \u010das nab\u00edjania nesmie presiahnu\u0165 1 hodinu a bezpe\u010dn\u00fd \u010das nab\u00edjania je pol hodiny.<\/p>\n<p><span style=\"color: #ff6600\">Upozornenie: nenab\u00edjajte cel\u00fa noc!<\/span><\/p>\n<h5>3.Ak\u00e1 je kapacita e-liquidu v Kulx vape 8800 potiahnut\u00ed?<\/h5>\n<p>\u2014\u201418ml<\/p>\n<h5>4.Ko\u013eko potiahnut\u00ed m\u00f4\u017eem z tejto Kulx 8800 potiahnut\u00ed vzia\u0165?<\/h5>\n<p>\u2014\u20138800 potiahnut\u00ed<\/p>\n<h3><strong><span style=\"vertical-align: inherit\">\u0160pecifik\u00e1cia pre Kulx 8800 potiahnut\u00ed:<\/span><br \/>\n<\/strong><\/h3>\n<p>Bat\u00e9ria: 650mAh (Typ C)<br \/>\nKapacita: 18ml<br \/>\n\u0160pir\u00e1la: 0.8 ohm mesh<br \/>\nPribli\u017en\u00fd objem nas\u00e1vania: 8800 potiahnut\u00ed<br \/>\nPlus sila nikot\u00ednu: 2%,5%<br \/>\nMOQ: 50KS<\/p>\n<h3><strong>\u00a0<\/strong><strong style=\"font-size: 19.2px;font-style: normal\">Ve\u013ekoobchodn\u00e1 cena jednorazovej elektronickej cigarety Kulx 8800 Puffs Mo\u017enosti pr\u00edchut\u00ed:<\/strong><\/h3>\n<ol>\n<li>Vodov\u00fd mel\u00f3n \u013ead<\/li>\n<li>\u010cu\u010doriedka Malina \u013dad<\/li>\n<li>Jahoda Mel\u00f3n<\/li>\n<li>Zmie\u0161an\u00e9 bobule<\/li>\n<li>\u010cu\u010doriedka na \u013eade<\/li>\n<li>Jahoda Kiwi<\/li>\n<li>Mango Brosky\u0148ov\u00e1 \u013eadov\u00e1<\/li>\n<li>Anan\u00e1s Mango \u013dad<\/li>\n<li>Brosky\u0148ov\u00fd \u013ead<\/li>\n<li>Anan\u00e1s Mango \u013dad<\/li>\n<li>\u010cu\u010doriedka M\u00e4ta<\/li>\n<li>Samotn\u00e9 Hrozno<\/li>\n<\/ol>\n<p><a href=\"https:\/\/vapebulkp.com\/sk\/product\/popular-randm-tornado-7000puffs-disposable-vape-best-price\/\">Randm tornado 7000 \u0165ahov\u00a0<\/a><\/p>\n<p><span style=\"vertical-align: inherit\">N\u00e1jdite viac produktov, ktor\u00e9 by sa v\u00e1m mohli p\u00e1\u010di\u0165:<\/span><em><a href=\"https:\/\/wa.me\/8618077105796\"><span style=\"vertical-align: inherit\">\u00a0K\u00fapi\u0165<\/span><\/a><\/em><\/p>\n<p><span style=\"vertical-align: inherit\">\u010eal\u0161ie Puffs, ktor\u00e9 by sa v\u00e1m mohli p\u00e1\u010di\u0165:<\/span><a href=\"https:\/\/vapebulkp.com\/sk\/product\/good-sale-bang-de-8500puffs-wholesale-price\/\"><span style=\"vertical-align: inherit\">Bang DE 8500 potiahnut\u00ed<\/span><\/a><span style=\"vertical-align: inherit\">\u3001<\/span><a href=\"https:\/\/vapebulkp.com\/sk\/product\/fumot-digital-box-12000-disposable-vape-wholesale\/\"><span style=\"vertical-align: inherit\">Fomot Digital Box 12000 Puffs<\/span><\/a><span style=\"vertical-align: inherit\">\/ <\/span><a href=\"https:\/\/vapebulkp.com\/sk\/product\/popular-kulx-10000puffs-disposable-vape-good-price\/\"><span style=\"vertical-align: inherit\">Kulx 10000 \u0165ahov<\/span><\/a><span style=\"vertical-align: inherit\">\/ <\/span><a href=\"https:\/\/vapebulkp.com\/sk\/product\/bang-king-12000puffs\/\"><span style=\"vertical-align: inherit\">Bang King 12000 \u0165ahov<\/span><\/a><\/p>\n<p><span style=\"vertical-align: inherit\">E-cigareta so \u0161peci\u00e1lnym tvarom f\u013ea\u0161e:<\/span><a href=\"https:\/\/vapebulkp.com\/sk\/product\/wholesale-kulx-8000-puffs-disposable-vape\/\"><span style=\"vertical-align: inherit\">Kulx vape 8800 Puffs<\/span><\/a><span style=\"vertical-align: inherit\">\/ <\/span><a href=\"https:\/\/vapebulkp.com\/sk\/product\/popular-bang-king-10000-puffs-vape-good-price\/\"><span style=\"vertical-align: inherit\">Bang king 10k potiahnut\u00ed<\/span><\/a><span style=\"vertical-align: inherit\">\/<\/span><a href=\"https:\/\/vapebulkp.com\/sk\/product\/wholesale-kulx-8000-puffs-disposable-vape\/\"><span style=\"vertical-align: inherit\">Kulx 8000 potiahnut\u00ed<\/span><\/a><\/p>\n<h4>Kvalifik\u00e1cia v\u00fdroby:<\/h4>\n<p><img decoding=\"async\" class=\"alignnone size-full wp-image-1841\" src=\"http:\/\/vapebulkp.com\/wp-content\/uploads\/2023\/11\/Vape-production-process-2.jpeg\" alt=\"Proces v\u00fdroby vape\" width=\"650\" height=\"434\" srcset=\"https:\/\/vapebulkp.com\/wp-content\/uploads\/2023\/11\/Vape-production-process-2.jpeg 650w, https:\/\/vapebulkp.com\/wp-content\/uploads\/2023\/11\/Vape-production-process-2-300x200.jpeg 300w, https:\/\/vapebulkp.com\/wp-content\/uploads\/2023\/11\/Vape-production-process-2-600x401.jpeg 600w\" sizes=\"(max-width: 650px) 100vw, 650px\" \/><\/p>\n<p><img decoding=\"async\" class=\"alignnone size-full wp-image-1843\" src=\"http:\/\/vapebulkp.com\/wp-content\/uploads\/2023\/11\/Vape-production-process.jpeg\" alt=\"Proces v\u00fdroby vape\" width=\"641\" height=\"1026\" srcset=\"https:\/\/vapebulkp.com\/wp-content\/uploads\/2023\/11\/Vape-production-process.jpeg 641w, https:\/\/vapebulkp.com\/wp-content\/uploads\/2023\/11\/Vape-production-process-187x300.jpeg 187w, https:\/\/vapebulkp.com\/wp-content\/uploads\/2023\/11\/Vape-production-process-640x1024.jpeg 640w, https:\/\/vapebulkp.com\/wp-content\/uploads\/2023\/11\/Vape-production-process-600x960.jpeg 600w\" sizes=\"(max-width: 641px) 100vw, 641px\" \/><\/p>\n<h5>\u010cast\u00e9 ot\u00e1zky:<\/h5>\n<p>Ot\u00e1zka: Ak\u00e9 je MOQ pre Kulx vape 8800 Puffs?<br \/>\nA: Minim\u00e1lna objedn\u00e1vka je 100 kusov.<br \/>\nQ: Ak\u00e1 je dodacia lehota pre objednan\u00fa e-cigaretu?<br \/>\nA: Zvy\u010dajne je to 10-15 dn\u00ed po odoslan\u00ed.<br \/>\nOt\u00e1zka: Ak\u00e1 je cena dopravy? Odpove\u010f: N\u00e1klady na dopravu z\u00e1visia od hmotnosti. R\u00f4zne mno\u017estv\u00e1 maj\u00fa r\u00f4zne n\u00e1klady na dopravu, kontaktujte n\u00e1s, aby ste potvrdili n\u00e1klady na dopravu.<\/p>\n<h4>Detail dopravy:<\/h4>\n<p><span style=\"color: #ff6600\">\u010cas v\u00fdroby: 5-10 pracovn\u00fdch dn\u00ed<\/span><br \/>\n<span style=\"color: #ff6600\">\u010cas dodania: 8-14 pracovn\u00fdch dn\u00ed<\/span><\/p>\n<p>V\u0161etky produkty v na\u0161om obchode s\u00fa 100 % origin\u00e1lne a autentick\u00e9, preto desa\u0165n\u00e1sobn\u00e1 kompenz\u00e1cia za falo\u0161n\u00fd tovar je na\u0161ou obchodnou politikou. Na doru\u010denie tovaru v\u00e1m pou\u017e\u00edvame logistick\u00e9 kan\u00e1ly ako UPS\/DHL\/FEDEX\/DPD.<\/p>\n<p>Pre z\u00e1sielky doru\u010dovan\u00e9 na Slovensko to zvy\u010dajne trv\u00e1 10 pracovn\u00fdch dn\u00ed. Z\u00e1sielky do eur\u00f3pskych kraj\u00edn zvy\u010dajne dorazia za 12 a\u017e 15 pracovn\u00fdch dn\u00ed. Inform\u00e1cie o logistike v\u00e1m budeme aktualizova\u0165 v re\u00e1lnom \u010dase.<\/p>\n<h3>Dobr\u00fd popredajn\u00fd servis:<\/h3>\n<p><span style=\"color: #ff6600\">Upozornenie: Za probl\u00e9my, ktor\u00e9 nie s\u00fa sp\u00f4soben\u00e9 kvalitou, neposkytujeme n\u00e1hradu ani v\u00fdmenu.<\/span><br \/>\n1. Z\u00e1kazn\u00edci si m\u00f4\u017eu vybra\u0165 pr\u00edchu\u0165, ktor\u00fa chc\u00fa, ale ak je pr\u00edchu\u0165 vypredan\u00e1, v\u00fdrobn\u00e9 oddelenie vyberie popul\u00e1rnu pr\u00edchu\u0165, aby ju nahradilo. Z\u00e1kazn\u00edci nemaj\u00fa povolen\u00e9 \u017eiada\u0165 o vr\u00e1tenie pe\u0148az\u00ed alebo v\u00fdmenu na z\u00e1klade pr\u00edchut\u00ed.<\/p>\n<p>2. Ak sa vyskytn\u00fa probl\u00e9my s kvalitou, poskytnite pros\u00edm konkr\u00e9tne video a obr\u00e1zkov\u00e9 popisy.<br \/>\nAk nem\u00f4\u017eete poskytn\u00fa\u0165 d\u00f4kazy, ako s\u00fa vide\u00e1 a fotografie, tovar nie je mo\u017en\u00e9 vymeni\u0165.<\/p>","protected":false},"excerpt":{"rendered":"<p>Hromadn\u00fd n\u00e1kup Kulx vape 8800 Puffs Ve\u013ekoobchod Slovensko vynik\u00e1 ako hlavn\u00e1 vo\u013eba pre jednotlivcov, ktor\u00ed h\u013eadaj\u00fa pohodlie aj \u0161pi\u010dkov\u00fa kvalitu. T\u00e1to s\u00faprava, vybaven\u00e1 robustnou vstavanou bat\u00e9riou s kapacitou 650 mAh, zaru\u010duje konzistentn\u00fd a dlhotrvaj\u00faci v\u00fdkon.<\/p>\n<p><img decoding=\"async\" class=\"alignnone wp-image-2151\" src=\"http:\/\/vapebulkp.com\/wp-content\/uploads\/2024\/04\/Mandy-WhatsApp-Randm.jpg\" alt=\"Mandy WhatsApp Randm\" width=\"234\" height=\"249\" srcset=\"https:\/\/vapebulkp.com\/wp-content\/uploads\/2024\/04\/Mandy-WhatsApp-Randm.jpg 916w, https:\/\/vapebulkp.com\/wp-content\/uploads\/2024\/04\/Mandy-WhatsApp-Randm-282x300.jpg 282w, https:\/\/vapebulkp.com\/wp-content\/uploads\/2024\/04\/Mandy-WhatsApp-Randm-768x817.jpg 768w, https:\/\/vapebulkp.com\/wp-content\/uploads\/2024\/04\/Mandy-WhatsApp-Randm-600x638.jpg 600w\" sizes=\"(max-width: 234px) 100vw, 234px\" \/><\/p>\n<p>Pre z\u013eavnen\u00fa cenu, kontaktujte pros\u00edm Mandy cez WhatsApp<a href=\"https:\/\/wa.me\/8618077105796\">+8618077105796<\/a><\/p>\n<p><span style=\"color: #ff0000\">POZN\u00c1MKA: Ceny na na\u0161ej webovej str\u00e1nke nezah\u0155\u0148aj\u00fa n\u00e1klady na dopravu<\/span><\/p>","protected":false},"featured_media":1678,"comment_status":"open","ping_status":"closed","template":"","meta":{"_uag_custom_page_level_css":"","_lmt_disableupdate":"no","_lmt_disable":"","site-sidebar-layout":"default","site-content-layout":"content-boxed-container","ast-site-content-layout":"normal-width-container","site-content-style":"boxed","site-sidebar-style":"unboxed","ast-global-header-display":"","ast-banner-title-visibility":"","ast-main-header-display":"","ast-hfb-above-header-display":"","ast-hfb-below-header-display":"","ast-hfb-mobile-header-display":"","site-post-title":"","ast-breadcrumbs-content":"","ast-featured-img":"","footer-sml-layout":"","theme-transparent-header-meta":"default","adv-header-id-meta":"","stick-header-meta":"","header-above-stick-meta":"","header-main-stick-meta":"","header-below-stick-meta":"","astra-migrate-meta-layouts":"set","_joinchat":[]},"product_cat":[153,155,33,59,100,87,34,158,157,154,152,58,84,156,63,32],"product_tag":[60,36,37,41,40],"class_list":["post-1600","product","type-product","status-publish","has-post-thumbnail","hentry","product_cat-hot-disposable-vapes","product_cat-belgium-hot-disposable-vapes","product_cat-france-vape-hot-sale","product_cat-germany-hot-disposable-vape","product_cat-germany-wholesale-vape-shop","product_cat-minimum-order-quantity-50pcs","product_cat-netherlands-vape-good-sale","product_cat-norway-hot-disposable-vapes","product_cat-poland-hot-disposable-vapes","product_cat-portugal-hot-disposable-vapes","product_cat-spain-hot-disposable-vapes","product_cat-sweden-hot-disposable-vape","product_cat-sweden-wholesale-vape","product_cat-switzerland-hot-disposable-vapes","product_cat-top-sale-disposable-vape","product_cat-vape-hot-sale-this-week","product_tag-8800-puffs","product_tag-good-vape","product_tag-hot-sale-disposable-vape","product_tag-poland-hot-vape","product_tag-sweden-hot-vape","desktop-align-left","tablet-align-left","mobile-align-left"],"yoast_head":"<!-- This site is optimized with the Yoast SEO plugin v21.1 - https:\/\/yoast.com\/wordpress\/plugins\/seo\/ -->\n<title>Bulk Buy Kulx vape 8800 Puffs Wholesale Germany - vapebulkp.com<\/title>\n<meta name=\"description\" content=\"Bulk Buy Kulx vape 8800 Puffs Wholesale Germany stands out as the prime selection for individuals seeking both convenience and top-notch quality. Equipped with a robust built-in 650mAh battery, this kit guarantees consistent and long-lasting performance.\" \/>\n<meta name=\"robots\" content=\"index, follow, max-snippet:-1, max-image-preview:large, max-video-preview:-1\" \/>\n<link rel=\"canonical\" href=\"https:\/\/vapebulkp.com\/sk\/product\/bulk-buy-kulx-vape-8800-puffs-wholesale-germany\/\" \/>\n<meta property=\"og:locale\" content=\"sk_SK\" \/>\n<meta property=\"og:type\" content=\"article\" \/>\n<meta property=\"og:title\" content=\"Bulk Buy Kulx vape 8800 Puffs Wholesale Germany - vapebulkp.com\" \/>\n<meta property=\"og:description\" content=\"Bulk Buy Kulx vape 8800 Puffs Wholesale Germany stands out as the prime selection for individuals seeking both convenience and top-notch quality. Equipped with a robust built-in 650mAh battery, this kit guarantees consistent and long-lasting performance.\" \/>\n<meta property=\"og:url\" content=\"https:\/\/vapebulkp.com\/sk\/product\/bulk-buy-kulx-vape-8800-puffs-wholesale-germany\/\" \/>\n<meta property=\"og:site_name\" content=\"vapebulkp.com\" \/>\n<meta property=\"article:modified_time\" content=\"2025-09-01T03:27:01+00:00\" \/>\n<meta property=\"og:image\" content=\"http:\/\/vapebulkp.com\/wp-content\/uploads\/2023\/09\/Electronic-Vape-flavour-Mango-peach-ice.jpg\" \/>\n\t<meta property=\"og:image:width\" content=\"1500\" \/>\n\t<meta property=\"og:image:height\" content=\"1500\" \/>\n\t<meta property=\"og:image:type\" content=\"image\/jpeg\" \/>\n<meta name=\"twitter:card\" content=\"summary_large_image\" \/>\n<meta name=\"twitter:label1\" content=\"Predpokladan\u00fd \u010das \u010d\u00edtania\" \/>\n\t<meta name=\"twitter:data1\" content=\"4 min\u00faty\" \/>\n<script type=\"application\/ld+json\" class=\"yoast-schema-graph\">{\"@context\":\"https:\/\/schema.org\",\"@graph\":[{\"@type\":\"WebPage\",\"@id\":\"https:\/\/vapebulkp.com\/product\/bulk-buy-kulx-vape-8800-puffs-wholesale-germany\/\",\"url\":\"https:\/\/vapebulkp.com\/product\/bulk-buy-kulx-vape-8800-puffs-wholesale-germany\/\",\"name\":\"Bulk Buy Kulx vape 8800 Puffs Wholesale Germany - vapebulkp.com\",\"isPartOf\":{\"@id\":\"https:\/\/vapebulkp.com\/#website\"},\"datePublished\":\"2023-09-28T01:50:03+00:00\",\"dateModified\":\"2025-09-01T03:27:01+00:00\",\"description\":\"Bulk Buy Kulx vape 8800 Puffs Wholesale Germany stands out as the prime selection for individuals seeking both convenience and top-notch quality. Equipped with a robust built-in 650mAh battery, this kit guarantees consistent and long-lasting performance.\",\"breadcrumb\":{\"@id\":\"https:\/\/vapebulkp.com\/product\/bulk-buy-kulx-vape-8800-puffs-wholesale-germany\/#breadcrumb\"},\"inLanguage\":\"sk-SK\",\"potentialAction\":[{\"@type\":\"ReadAction\",\"target\":[\"https:\/\/vapebulkp.com\/product\/bulk-buy-kulx-vape-8800-puffs-wholesale-germany\/\"]}]},{\"@type\":\"BreadcrumbList\",\"@id\":\"https:\/\/vapebulkp.com\/product\/bulk-buy-kulx-vape-8800-puffs-wholesale-germany\/#breadcrumb\",\"itemListElement\":[{\"@type\":\"ListItem\",\"position\":1,\"name\":\"Home\",\"item\":\"https:\/\/vapebulkp.com\/\"},{\"@type\":\"ListItem\",\"position\":2,\"name\":\"Hot Trend Vapes\",\"item\":\"https:\/\/vapebulkp.com\/vape-shop\/\"},{\"@type\":\"ListItem\",\"position\":3,\"name\":\"Bulk Buy Kulx vape 8800 Puffs Wholesale Germany\"}]},{\"@type\":\"WebSite\",\"@id\":\"https:\/\/vapebulkp.com\/#website\",\"url\":\"https:\/\/vapebulkp.com\/\",\"name\":\"vapebulkp.com\",\"description\":\"Buy Vape In Cheap Bulk Price Near you\",\"publisher\":{\"@id\":\"https:\/\/vapebulkp.com\/#organization\"},\"potentialAction\":[{\"@type\":\"SearchAction\",\"target\":{\"@type\":\"EntryPoint\",\"urlTemplate\":\"https:\/\/vapebulkp.com\/?s={search_term_string}\"},\"query-input\":\"required name=search_term_string\"}],\"inLanguage\":\"sk-SK\"},{\"@type\":\"Organization\",\"@id\":\"https:\/\/vapebulkp.com\/#organization\",\"name\":\"vapebulkp.com\",\"url\":\"https:\/\/vapebulkp.com\/\",\"logo\":{\"@type\":\"ImageObject\",\"inLanguage\":\"sk-SK\",\"@id\":\"https:\/\/vapebulkp.com\/#\/schema\/logo\/image\/\",\"url\":\"https:\/\/vapebulkp.com\/wp-content\/uploads\/2023\/09\/cropped-vapebulkp.png\",\"contentUrl\":\"https:\/\/vapebulkp.com\/wp-content\/uploads\/2023\/09\/cropped-vapebulkp.png\",\"width\":516,\"height\":163,\"caption\":\"vapebulkp.com\"},\"image\":{\"@id\":\"https:\/\/vapebulkp.com\/#\/schema\/logo\/image\/\"}}]}<\/script>\n<!-- \/ Yoast SEO plugin. -->","yoast_head_json":{"title":"Bulk Buy Kulx vape 8800 Puffs Wholesale Germany - vapebulkp.com","description":"Bulk Buy Kulx vape 8800 Puffs Wholesale Germany stands out as the prime selection for individuals seeking both convenience and top-notch quality. Equipped with a robust built-in 650mAh battery, this kit guarantees consistent and long-lasting performance.","robots":{"index":"index","follow":"follow","max-snippet":"max-snippet:-1","max-image-preview":"max-image-preview:large","max-video-preview":"max-video-preview:-1"},"canonical":"https:\/\/vapebulkp.com\/sk\/product\/bulk-buy-kulx-vape-8800-puffs-wholesale-germany\/","og_locale":"sk_SK","og_type":"article","og_title":"Bulk Buy Kulx vape 8800 Puffs Wholesale Germany - vapebulkp.com","og_description":"Bulk Buy Kulx vape 8800 Puffs Wholesale Germany stands out as the prime selection for individuals seeking both convenience and top-notch quality. Equipped with a robust built-in 650mAh battery, this kit guarantees consistent and long-lasting performance.","og_url":"https:\/\/vapebulkp.com\/sk\/product\/bulk-buy-kulx-vape-8800-puffs-wholesale-germany\/","og_site_name":"vapebulkp.com","article_modified_time":"2025-09-01T03:27:01+00:00","og_image":[{"width":1500,"height":1500,"url":"http:\/\/vapebulkp.com\/wp-content\/uploads\/2023\/09\/Electronic-Vape-flavour-Mango-peach-ice.jpg","type":"image\/jpeg"}],"twitter_card":"summary_large_image","twitter_misc":{"Predpokladan\u00fd \u010das \u010d\u00edtania":"4 min\u00faty"},"schema":{"@context":"https:\/\/schema.org","@graph":[{"@type":"WebPage","@id":"https:\/\/vapebulkp.com\/product\/bulk-buy-kulx-vape-8800-puffs-wholesale-germany\/","url":"https:\/\/vapebulkp.com\/product\/bulk-buy-kulx-vape-8800-puffs-wholesale-germany\/","name":"Bulk Buy Kulx vape 8800 Puffs Wholesale Germany - vapebulkp.com","isPartOf":{"@id":"https:\/\/vapebulkp.com\/#website"},"datePublished":"2023-09-28T01:50:03+00:00","dateModified":"2025-09-01T03:27:01+00:00","description":"Bulk Buy Kulx vape 8800 Puffs Wholesale Germany stands out as the prime selection for individuals seeking both convenience and top-notch quality. Equipped with a robust built-in 650mAh battery, this kit guarantees consistent and long-lasting performance.","breadcrumb":{"@id":"https:\/\/vapebulkp.com\/product\/bulk-buy-kulx-vape-8800-puffs-wholesale-germany\/#breadcrumb"},"inLanguage":"sk-SK","potentialAction":[{"@type":"ReadAction","target":["https:\/\/vapebulkp.com\/product\/bulk-buy-kulx-vape-8800-puffs-wholesale-germany\/"]}]},{"@type":"BreadcrumbList","@id":"https:\/\/vapebulkp.com\/product\/bulk-buy-kulx-vape-8800-puffs-wholesale-germany\/#breadcrumb","itemListElement":[{"@type":"ListItem","position":1,"name":"Home","item":"https:\/\/vapebulkp.com\/"},{"@type":"ListItem","position":2,"name":"Hot Trend Vapes","item":"https:\/\/vapebulkp.com\/vape-shop\/"},{"@type":"ListItem","position":3,"name":"Bulk Buy Kulx vape 8800 Puffs Wholesale Germany"}]},{"@type":"WebSite","@id":"https:\/\/vapebulkp.com\/#website","url":"https:\/\/vapebulkp.com\/","name":"vapebulkp.com","description":"Buy Vape In Cheap Bulk Price Near you","publisher":{"@id":"https:\/\/vapebulkp.com\/#organization"},"potentialAction":[{"@type":"SearchAction","target":{"@type":"EntryPoint","urlTemplate":"https:\/\/vapebulkp.com\/?s={search_term_string}"},"query-input":"required name=search_term_string"}],"inLanguage":"sk-SK"},{"@type":"Organization","@id":"https:\/\/vapebulkp.com\/#organization","name":"vapebulkp.com","url":"https:\/\/vapebulkp.com\/","logo":{"@type":"ImageObject","inLanguage":"sk-SK","@id":"https:\/\/vapebulkp.com\/#\/schema\/logo\/image\/","url":"https:\/\/vapebulkp.com\/wp-content\/uploads\/2023\/09\/cropped-vapebulkp.png","contentUrl":"https:\/\/vapebulkp.com\/wp-content\/uploads\/2023\/09\/cropped-vapebulkp.png","width":516,"height":163,"caption":"vapebulkp.com"},"image":{"@id":"https:\/\/vapebulkp.com\/#\/schema\/logo\/image\/"}}]}},"uagb_featured_image_src":{"full":["https:\/\/vapebulkp.com\/wp-content\/uploads\/2023\/09\/Electronic-Vape-flavour-Mango-peach-ice.jpg",1500,1500,false],"thumbnail":["https:\/\/vapebulkp.com\/wp-content\/uploads\/2023\/09\/Electronic-Vape-flavour-Mango-peach-ice-150x150.jpg",150,150,true],"medium":["https:\/\/vapebulkp.com\/wp-content\/uploads\/2023\/09\/Electronic-Vape-flavour-Mango-peach-ice-300x300.jpg",300,300,true],"medium_large":["https:\/\/vapebulkp.com\/wp-content\/uploads\/2023\/09\/Electronic-Vape-flavour-Mango-peach-ice-768x768.jpg",768,768,true],"large":["https:\/\/vapebulkp.com\/wp-content\/uploads\/2023\/09\/Electronic-Vape-flavour-Mango-peach-ice-1024x1024.jpg",1024,1024,true],"1536x1536":["https:\/\/vapebulkp.com\/wp-content\/uploads\/2023\/09\/Electronic-Vape-flavour-Mango-peach-ice.jpg",1500,1500,false],"2048x2048":["https:\/\/vapebulkp.com\/wp-content\/uploads\/2023\/09\/Electronic-Vape-flavour-Mango-peach-ice.jpg",1500,1500,false],"trp-custom-language-flag":["https:\/\/vapebulkp.com\/wp-content\/uploads\/2023\/09\/Electronic-Vape-flavour-Mango-peach-ice.jpg",12,12,false],"woocommerce_thumbnail":["https:\/\/vapebulkp.com\/wp-content\/uploads\/2023\/09\/Electronic-Vape-flavour-Mango-peach-ice-300x300.jpg",300,300,true],"woocommerce_single":["https:\/\/vapebulkp.com\/wp-content\/uploads\/2023\/09\/Electronic-Vape-flavour-Mango-peach-ice-600x600.jpg",600,600,true],"woocommerce_gallery_thumbnail":["https:\/\/vapebulkp.com\/wp-content\/uploads\/2023\/09\/Electronic-Vape-flavour-Mango-peach-ice-100x100.jpg",100,100,true],"wcpr-photo-reviews":["https:\/\/vapebulkp.com\/wp-content\/uploads\/2023\/09\/Electronic-Vape-flavour-Mango-peach-ice.jpg",500,500,false]},"uagb_author_info":{"display_name":"Mandy vape bulk price","author_link":"https:\/\/vapebulkp.com\/sk\/author\/"},"uagb_comment_info":2,"uagb_excerpt":"Bulk Buy Kulx vape 8800 Puffs Wholesale Germany stands out as the prime selection for individuals seeking both convenience and top-notch quality. Equipped with a robust built-in 650mAh battery, this kit guarantees consistent and long-lasting performance. Pls Contact Mandy's WhatsApp For Discount Price+8618077105796 NOTE: Prices on our website does not include shipping costs","_links":{"self":[{"href":"https:\/\/vapebulkp.com\/sk\/wp-json\/wp\/v2\/product\/1600","targetHints":{"allow":["GET"]}}],"collection":[{"href":"https:\/\/vapebulkp.com\/sk\/wp-json\/wp\/v2\/product"}],"about":[{"href":"https:\/\/vapebulkp.com\/sk\/wp-json\/wp\/v2\/types\/product"}],"replies":[{"embeddable":true,"href":"https:\/\/vapebulkp.com\/sk\/wp-json\/wp\/v2\/comments?post=1600"}],"wp:featuredmedia":[{"embeddable":true,"href":"https:\/\/vapebulkp.com\/sk\/wp-json\/wp\/v2\/media\/1678"}],"wp:attachment":[{"href":"https:\/\/vapebulkp.com\/sk\/wp-json\/wp\/v2\/media?parent=1600"}],"wp:term":[{"taxonomy":"product_cat","embeddable":true,"href":"https:\/\/vapebulkp.com\/sk\/wp-json\/wp\/v2\/product_cat?post=1600"},{"taxonomy":"product_tag","embeddable":true,"href":"https:\/\/vapebulkp.com\/sk\/wp-json\/wp\/v2\/product_tag?post=1600"}],"curies":[{"name":"wp","href":"https:\/\/api.w.org\/{rel}","templated":true}]}}