{"id":1783,"date":"2023-10-25T04:02:28","date_gmt":"2023-10-25T02:02:28","guid":{"rendered":"https:\/\/vapebulkp.com\/?post_type=product&#038;p=1783"},"modified":"2025-09-01T04:57:41","modified_gmt":"2025-09-01T02:57:41","slug":"bulk-buy-vapetop-sale-breze-7500-puffs-sweden","status":"publish","type":"product","link":"https:\/\/vapebulkp.com\/sk\/product\/bulk-buy-vapetop-sale-breze-7500-puffs-sweden\/","title":{"rendered":"Ve\u013ekoobchodn\u00fd v\u00fdpredaj VapTop Breze 7500 potiahnut\u00ed Slovensko"},"content":{"rendered":"<h2>\u010co je hromadn\u00fd n\u00e1kup VapTop v\u00fdpredaj Breze 7500 potiahnut\u00ed Slovensko?<\/h2>\n<p>&nbsp;<\/p>\n<p data-start=\"444\" data-end=\"744\">Ten <strong data-start=\"474\" data-end=\"510\">Breze 7500 potiahnut\u00ed Jednorazov\u00fd Vape<\/strong> je pr\u00e9miov\u00fd, dlhotrvaj\u00faci vape, vytvoren\u00fd pre pou\u017e\u00edvate\u013eov, ktor\u00ed vy\u017eaduj\u00fa kvalitu, kapacitu a pohodlie. Toto zariadenie, navrhnut\u00e9 s oh\u013eadom na eur\u00f3pskych ve\u013ekoobchodn\u00edkov a maloobchodn\u00edkov, kombinuje siln\u00fd v\u00fdkon s elegantn\u00fdm dizajnom pripraven\u00fdm na pou\u017eitie.<\/p>\n<p data-start=\"746\" data-end=\"1032\">Ka\u017ed\u00e1 jednotka sa dod\u00e1va <strong data-start=\"762\" data-end=\"820\">predplnen\u00e1 16 ml pr\u00e9miov\u00e9ho e-liquidu s nikot\u00ednovou so\u013eou<\/strong> a pon\u00faka na v\u00fdber silu nikot\u00ednu 2 % alebo 5 %. S a\u017e <strong data-start=\"883\" data-end=\"908\">7500 potiahnutiami na zariadenie<\/strong>, Breze poskytuje konzistentn\u00fd v\u00fdstup pary a hladk\u00e9 \u00fadery do hrdla, ktor\u00e9 uspokoja pr\u00edle\u017eitostn\u00fdch pou\u017e\u00edvate\u013eov aj sk\u00fasen\u00fdch vaperov.<\/p>\n<p data-start=\"1034\" data-end=\"1313\">Breze, poh\u00e1\u0148an\u00e9 integrovanou bat\u00e9riou, sa dod\u00e1va <strong data-start=\"1086\" data-end=\"1119\">prednabit\u00e9 a pripraven\u00e9 na vapovanie<\/strong> hne\u010f po vybalen\u00ed z krabice, \u010d\u00edm sa eliminuje potreba dop\u013a\u0148ania alebo dob\u00edjania. Pokro\u010dil\u00e9 zlo\u017eenie nikot\u00ednovej soli zlep\u0161uje chu\u0165 a z\u00e1rove\u0148 poskytuje vyv\u00e1\u017een\u00e9, uspokojiv\u00e9 vd\u00fdchnutie bez drsnosti.<\/p>\n<p data-start=\"1315\" data-end=\"1653\">Kompaktn\u00fd, spo\u013eahliv\u00fd a vytvoren\u00fd na ka\u017edodenn\u00e9 pou\u017eitie, <strong data-start=\"1366\" data-end=\"1402\">Breze 7500 potiahnut\u00ed Jednorazov\u00fd Vape<\/strong> je vynikaj\u00facou vo\u013ebou pre hromadn\u00e9 objedn\u00e1vky, maloobchodn\u00fd predaj a projekty priv\u00e1tnych zna\u010diek s dostupnos\u0165ou OEM. D\u00f4veryhodn\u00e1 mo\u017enos\u0165 pre <strong data-start=\"1532\" data-end=\"1577\">Eur\u00f3psky ve\u013ekoobchodn\u00fd trh s jednorazov\u00fdmi vapmi<\/strong>zais\u0165uje dlh\u00fa trvanlivos\u0165, plynul\u00fa logistiku a r\u00fdchlo sa pohybuj\u00face z\u00e1soby.<\/p>\n<h3><img decoding=\"async\" class=\"alignnone wp-image-1790\" src=\"http:\/\/vapebulkp.com\/wp-content\/uploads\/2023\/10\/Good-Sale-Vape-Breze-7500-Puffs-8.jpg\" alt=\"Dobr\u00fd predaj Vape Breze 7500 \u0165ahov (8)\" width=\"652\" height=\"652\" srcset=\"https:\/\/vapebulkp.com\/wp-content\/uploads\/2023\/10\/Good-Sale-Vape-Breze-7500-Puffs-8.jpg 1000w, https:\/\/vapebulkp.com\/wp-content\/uploads\/2023\/10\/Good-Sale-Vape-Breze-7500-Puffs-8-300x300.jpg 300w, https:\/\/vapebulkp.com\/wp-content\/uploads\/2023\/10\/Good-Sale-Vape-Breze-7500-Puffs-8-150x150.jpg 150w, https:\/\/vapebulkp.com\/wp-content\/uploads\/2023\/10\/Good-Sale-Vape-Breze-7500-Puffs-8-768x768.jpg 768w, https:\/\/vapebulkp.com\/wp-content\/uploads\/2023\/10\/Good-Sale-Vape-Breze-7500-Puffs-8-600x600.jpg 600w, https:\/\/vapebulkp.com\/wp-content\/uploads\/2023\/10\/Good-Sale-Vape-Breze-7500-Puffs-8-100x100.jpg 100w\" sizes=\"(max-width: 652px) 100vw, 652px\" \/><\/h3>\n<h5><\/h5>\n<h6>Pre z\u013eavnen\u00fa cenu, kontaktujte pros\u00edm Mandy cez WhatsApp<a href=\"https:\/\/wa.me\/8618077105796\">+8618077105796<\/a><\/h6>\n<p><img decoding=\"async\" class=\"alignnone wp-image-2151\" src=\"http:\/\/vapebulkp.com\/wp-content\/uploads\/2024\/04\/Mandy-WhatsApp-Randm.jpg\" alt=\"Mandy WhatsApp Randm\" width=\"313\" height=\"333\" srcset=\"https:\/\/vapebulkp.com\/wp-content\/uploads\/2024\/04\/Mandy-WhatsApp-Randm.jpg 916w, https:\/\/vapebulkp.com\/wp-content\/uploads\/2024\/04\/Mandy-WhatsApp-Randm-282x300.jpg 282w, https:\/\/vapebulkp.com\/wp-content\/uploads\/2024\/04\/Mandy-WhatsApp-Randm-768x817.jpg 768w, https:\/\/vapebulkp.com\/wp-content\/uploads\/2024\/04\/Mandy-WhatsApp-Randm-600x638.jpg 600w\" sizes=\"(max-width: 313px) 100vw, 313px\" \/><\/p>\n<h2>Mysleli sme si, \u017ee by v\u00e1s mohlo zauj\u00edma\u0165 o Breze 7500 Puffs:<\/h2>\n<p>&nbsp;<\/p>\n<h6>1. AK\u00c1 JE KAPACITA E-LIQUIDU Breze 7500 Puffs?<\/h6>\n<p>Toto zariadenie m\u00e1 16 ml e-liquidu.<\/p>\n<h6>2. AKO DLHO VYD\u0154\u017d\u00cd T\u00c1TO ELEKTRONICK\u00c1 CIGARETA?<\/h6>\n<p>500 potiahnut\u00ed\/de\u0148, vydr\u017e\u00ed 30 dn\u00ed<br \/>\n1000 potiahnut\u00ed\/de\u0148, vydr\u017e\u00ed 15 dn\u00ed<br \/>\n2000 po\u0165ahov\/de\u0148, m\u00f4\u017ee vydr\u017ea\u0165 8 dn\u00ed<\/p>\n<h6>3. AKO NAB\u00cdJA\u0164 JEDNORAZOV\u00c9 VAPE ZARIADENIE Breze 7500 Puffs?<\/h6>\n<p>Nab\u00edja\u010dky s r\u00fdchlym nab\u00edjan\u00edm sa nem\u00f4\u017eu pou\u017e\u00edva\u0165. \u0160tandardn\u00fd bezpe\u010dn\u00fd v\u00fdkon jednorazov\u00fdch e-cigariet je 5V 1A. Ka\u017ed\u00e9 nab\u00edjanie nesmie presiahnu\u0165 1 hodinu a bezpe\u010dn\u00fd \u010das nab\u00edjania je pol hodiny.<\/p>\n<p><span style=\"color: #ff6600\">Upozornenie: nenab\u00edjajte cel\u00fa noc!<\/span><\/p>\n<h6>4. Ako pou\u017e\u00edva\u0165 Breze 7500 Puffs?<\/h6>\n<p>1: Pred pou\u017eit\u00edm 15k pufov odstr\u00e1\u0148te plastov\u00fa trubi\u010dku.<br \/>\n2: Po\u010dkajte asi 3 min\u00faty, aby sa \u0161\u0165ava dostala do vn\u00fatornej \u0161pir\u00e1lky.<br \/>\n3: Za\u010dnite si u\u017e\u00edva\u0165<\/p>\n<h3><strong><span style=\"vertical-align: inherit\">\u0160pecifik\u00e1cia pre ve\u013ekoobchod s vapmi Breze 7500 Puffs<\/span><\/strong><strong><span style=\"vertical-align: inherit\">\uff1a<\/span><br \/>\n<\/strong><\/h3>\n<ul>\n<li>Bat\u00e9ria: 650mAh (Typ C)<br \/>\nKapacita: 16 ml<br \/>\n\u0160pir\u00e1la: 0.8 ohm mesh<br \/>\nPribli\u017en\u00fd objem potiahnut\u00ed: 7500 potiahnut\u00ed<br \/>\nPlus sila nikot\u00ednu: 2%,5%<\/li>\n<li>Efekt\u00edvne a konzistentn\u00e9 dod\u00e1vanie energie<\/li>\n<li>MOQ: 100KS<\/li>\n<\/ul>\n<h3><strong>Ak\u00e1 je najlep\u0161ia ve\u013ekoobchodn\u00e1 cena a pr\u00edchute vapov Breze 7500 Puffs?<\/strong><\/h3>\n<p>&nbsp;<\/p>\n<p><strong>1. \u010cere\u0161\u0148ov\u00e1 cola<br \/>\n2. Mango brosky\u0148a vodn\u00fd mel\u00f3n<br \/>\n3. \u010cu\u010doriedka kysl\u00e1 malina<br \/>\n4. Pina Colada<br \/>\n5. \u0160\u0165avnat\u00e1 brosky\u0148ov\u00e1 \u013eadov\u00e1<br \/>\n6. Hroznov\u00e1 s\u00f3da<br \/>\n7. Citr\u00f3nov\u00e1 m\u00e4ta<br \/>\n8. Mel\u00f3nov\u00fd \u013ead<br \/>\n9. Tropick\u00fd d\u00fahov\u00fd \u00fader<br \/>\n10. Jahodov\u00e1 zmrzlina<br \/>\n11.Energetick\u00fd n\u00e1poj \u013ead<br \/>\n12.\u010cu\u010doriedkov\u00fd \u013ead\u00a0<\/strong><\/p>\n<p>&nbsp;<\/p>\n<p><a href=\"https:\/\/vapebulkp.com\/sk\/product\/popular-randm-tornado-7000puffs-disposable-vape-best-price\/\"><span style=\"vertical-align: inherit\">RandM Tornado 7000 potiahnut\u00ed <\/span><\/a><\/p>\n<p><span style=\"vertical-align: inherit\">N\u00e1jdite viac produktov, ktor\u00e9 by sa v\u00e1m mohli p\u00e1\u010di\u0165:<\/span><em><a href=\"https:\/\/wa.me\/8618077105796\"><span style=\"vertical-align: inherit\">\u00a0K\u00fapi\u0165<\/span><\/a><\/em><\/p>\n<p><span style=\"vertical-align: inherit\">\u010eal\u0161ie Puffs, ktor\u00e9 by sa v\u00e1m mohli p\u00e1\u010di\u0165:<\/span><a href=\"https:\/\/vapebulkp.com\/sk\/product\/bang-box-12000puffs-good-vape-sweden-wholesale-price\/\"><span style=\"vertical-align: inherit\">Bang Box 12000 potiahnut\u00ed<\/span><\/a><span style=\"vertical-align: inherit\">\u3001<\/span><a href=\"https:\/\/vapebulkp.com\/sk\/product\/top-sale-waspe-12000puffs-disposable-vape-wholesale-france\/\"><span style=\"vertical-align: inherit\">WASPE 12000 potiahnut\u00ed<\/span><\/a><span style=\"vertical-align: inherit\">\/ <\/span><a href=\"https:\/\/vapebulkp.com\/sk\/product\/wholesale-randm-tornado-9000-puffs-germany\/\"><span style=\"vertical-align: inherit\">RandM Tornado 9000 potiahnut\u00ed<\/span><\/a><span style=\"vertical-align: inherit\">\/ <\/span><a href=\"https:\/\/vapebulkp.com\/sk\/product\/disposable-vape-crystal-600-puffs\/\"><span style=\"vertical-align: inherit\">Crystal 600 Pufov<\/span><\/a><\/p>\n<p><span style=\"vertical-align: inherit\">E-cigareta so \u0161peci\u00e1lnym tvarom f\u013ea\u0161e:<\/span><a href=\"https:\/\/vapebulkp.com\/sk\/product\/good-sale-randm-tornado-10000-puffs-plus\/\"><span style=\"vertical-align: inherit\">RandM Tornado 10000 potiahnut\u00ed Plus <\/span><\/a><span style=\"vertical-align: inherit\">\/<\/span><a href=\"https:\/\/vapebulkp.com\/sk\/product\/popular-vape-bang-king-15000-puffs-bang-vape\/\"><span style=\"vertical-align: inherit\">Bang Vape King 15000 \u0165ahov <\/span><\/a><\/p>\n<h5>Kvalifik\u00e1cia v\u00fdroby:<\/h5>\n<p>&nbsp;<\/p>\n<p><img decoding=\"async\" class=\"alignnone size-full wp-image-1841\" src=\"http:\/\/vapebulkp.com\/wp-content\/uploads\/2023\/11\/Vape-production-process-2.jpeg\" alt=\"Proces v\u00fdroby vape\" width=\"650\" height=\"434\" srcset=\"https:\/\/vapebulkp.com\/wp-content\/uploads\/2023\/11\/Vape-production-process-2.jpeg 650w, https:\/\/vapebulkp.com\/wp-content\/uploads\/2023\/11\/Vape-production-process-2-300x200.jpeg 300w, https:\/\/vapebulkp.com\/wp-content\/uploads\/2023\/11\/Vape-production-process-2-600x401.jpeg 600w\" sizes=\"(max-width: 650px) 100vw, 650px\" \/><\/p>\n<p><img decoding=\"async\" class=\"alignnone wp-image-1843\" src=\"http:\/\/vapebulkp.com\/wp-content\/uploads\/2023\/11\/Vape-production-process.jpeg\" alt=\"Proces v\u00fdroby vape\" width=\"652\" height=\"1043\" srcset=\"https:\/\/vapebulkp.com\/wp-content\/uploads\/2023\/11\/Vape-production-process.jpeg 641w, https:\/\/vapebulkp.com\/wp-content\/uploads\/2023\/11\/Vape-production-process-187x300.jpeg 187w, https:\/\/vapebulkp.com\/wp-content\/uploads\/2023\/11\/Vape-production-process-640x1024.jpeg 640w, https:\/\/vapebulkp.com\/wp-content\/uploads\/2023\/11\/Vape-production-process-600x960.jpeg 600w\" sizes=\"(max-width: 652px) 100vw, 652px\" \/><\/p>\n<h5>\u010cast\u00e9 ot\u00e1zky:<\/h5>\n<p>Ot\u00e1zka: Ak\u00e9 je minim\u00e1lne mno\u017estvo objedn\u00e1vky Breze 7500 \u0165ahov?<br \/>\nA: Minim\u00e1lna objedn\u00e1vka je 100 kusov.<br \/>\nQ: Ak\u00e1 je dodacia lehota pre objednan\u00fa e-cigaretu?<br \/>\nA: Zvy\u010dajne je to 10-15 dn\u00ed po odoslan\u00ed.<br \/>\nOt\u00e1zka: Ak\u00e1 je cena dopravy? Odpove\u010f: N\u00e1klady na dopravu z\u00e1visia od hmotnosti. R\u00f4zne mno\u017estv\u00e1 maj\u00fa r\u00f4zne n\u00e1klady na dopravu, kontaktujte n\u00e1s, aby ste potvrdili n\u00e1klady na dopravu.<\/p>\n<p>&nbsp;<\/p>\n<h4>Detail dopravy:<\/h4>\n<p><span style=\"color: #ff6600\">\u010cas v\u00fdroby: 5-10 pracovn\u00fdch dn\u00ed<\/span><br \/>\n<span style=\"color: #ff6600\">\u010cas dodania: 8-14 pracovn\u00fdch dn\u00ed<\/span><\/p>\n<p>V\u0161etky produkty v na\u0161om obchode s\u00fa 100 % origin\u00e1lne a autentick\u00e9, preto desa\u0165n\u00e1sobn\u00e1 kompenz\u00e1cia za falo\u0161n\u00fd tovar je na\u0161ou obchodnou politikou. Na doru\u010denie tovaru v\u00e1m pou\u017e\u00edvame logistick\u00e9 kan\u00e1ly ako UPS\/DHL\/FEDEX\/DPD.<\/p>\n<p>Pre z\u00e1sielky doru\u010dovan\u00e9 na Slovensko to zvy\u010dajne trv\u00e1 10 pracovn\u00fdch dn\u00ed. Z\u00e1sielky do eur\u00f3pskych kraj\u00edn zvy\u010dajne dorazia za 12 a\u017e 15 pracovn\u00fdch dn\u00ed. Inform\u00e1cie o logistike v\u00e1m budeme aktualizova\u0165 v re\u00e1lnom \u010dase.<\/p>\n<h3>Dobr\u00fd popredajn\u00fd servis:<\/h3>\n<p><span style=\"color: #ff6600\">Upozornenie: Za probl\u00e9my, ktor\u00e9 nie s\u00fa sp\u00f4soben\u00e9 kvalitou, neposkytujeme n\u00e1hradu ani v\u00fdmenu.<\/span><br \/>\n1. Z\u00e1kazn\u00edci si m\u00f4\u017eu vybra\u0165 pr\u00edchu\u0165, ktor\u00fa chc\u00fa, ale ak je pr\u00edchu\u0165 vypredan\u00e1, v\u00fdrobn\u00e9 oddelenie vyberie popul\u00e1rnu pr\u00edchu\u0165, aby ju nahradilo. Z\u00e1kazn\u00edci nemaj\u00fa povolen\u00e9 \u017eiada\u0165 o vr\u00e1tenie pe\u0148az\u00ed alebo v\u00fdmenu na z\u00e1klade pr\u00edchut\u00ed.<\/p>\n<p>2. Ak sa vyskytn\u00fa probl\u00e9my s kvalitou, poskytnite pros\u00edm konkr\u00e9tne video a obr\u00e1zkov\u00e9 popisy.<br \/>\nAk nem\u00f4\u017eete poskytn\u00fa\u0165 d\u00f4kazy, ako s\u00fa vide\u00e1 a fotografie, tovar nie je mo\u017en\u00e9 vymeni\u0165.<\/p>","protected":false},"excerpt":{"rendered":"<p>Dobr\u00fd v\u00fdpredaj Vape pero Breze 7500 potiahnut\u00ed Hor\u00faci v\u00fdpredaj na Slovensku<br \/>\nBreze 7500 potiahnut\u00ed VAPE SADA Slovensko<br \/>\nPopul\u00e1rny Vape Breze 7500 potiahnut\u00ed VAPE BAR<br \/>\nPopul\u00e1rny Breze 7500 potiahnut\u00ed VAPE\u00a0 Slovensko<br \/>\nDobr\u00fd Vape Breze 7500 potiahnut\u00ed Top v\u00fdpredaj Vape pero<\/p>\n<p><img decoding=\"async\" class=\"alignnone wp-image-2151\" src=\"http:\/\/vapebulkp.com\/wp-content\/uploads\/2024\/04\/Mandy-WhatsApp-Randm.jpg\" alt=\"Mandy WhatsApp Randm\" width=\"276\" height=\"294\" srcset=\"https:\/\/vapebulkp.com\/wp-content\/uploads\/2024\/04\/Mandy-WhatsApp-Randm.jpg 916w, https:\/\/vapebulkp.com\/wp-content\/uploads\/2024\/04\/Mandy-WhatsApp-Randm-282x300.jpg 282w, https:\/\/vapebulkp.com\/wp-content\/uploads\/2024\/04\/Mandy-WhatsApp-Randm-768x817.jpg 768w, https:\/\/vapebulkp.com\/wp-content\/uploads\/2024\/04\/Mandy-WhatsApp-Randm-600x638.jpg 600w\" sizes=\"(max-width: 276px) 100vw, 276px\" \/><\/p>\n<p>Pre z\u013eavnen\u00fa cenu, kontaktujte pros\u00edm Mandy cez WhatsApp<a href=\"https:\/\/wa.me\/8618077105796\">+8618077105796<\/a><\/p>\n<p><span style=\"color: #ff0000\">POZN\u00c1MKA: Ceny na na\u0161ej webovej str\u00e1nke nezah\u0155\u0148aj\u00fa n\u00e1klady na dopravu<\/span><\/p>","protected":false},"featured_media":1784,"comment_status":"open","ping_status":"closed","template":"","meta":{"_uag_custom_page_level_css":"","_lmt_disableupdate":"no","_lmt_disable":"","site-sidebar-layout":"default","site-content-layout":"content-boxed-container","ast-site-content-layout":"normal-width-container","site-content-style":"boxed","site-sidebar-style":"unboxed","ast-global-header-display":"","ast-banner-title-visibility":"","ast-main-header-display":"","ast-hfb-above-header-display":"","ast-hfb-below-header-display":"","ast-hfb-mobile-header-display":"","site-post-title":"","ast-breadcrumbs-content":"","ast-featured-img":"","footer-sml-layout":"","theme-transparent-header-meta":"default","adv-header-id-meta":"","stick-header-meta":"","header-above-stick-meta":"","header-main-stick-meta":"","header-below-stick-meta":"","astra-migrate-meta-layouts":"set","_joinchat":[]},"product_cat":[153,155,33,59,100,34,158,157,154,152,58,84,156,63,32],"product_tag":[79,36,37,41,73,40],"class_list":["post-1783","product","type-product","status-publish","has-post-thumbnail","hentry","product_cat-hot-disposable-vapes","product_cat-belgium-hot-disposable-vapes","product_cat-france-vape-hot-sale","product_cat-germany-hot-disposable-vape","product_cat-germany-wholesale-vape-shop","product_cat-netherlands-vape-good-sale","product_cat-norway-hot-disposable-vapes","product_cat-poland-hot-disposable-vapes","product_cat-portugal-hot-disposable-vapes","product_cat-spain-hot-disposable-vapes","product_cat-sweden-hot-disposable-vape","product_cat-sweden-wholesale-vape","product_cat-switzerland-hot-disposable-vapes","product_cat-top-sale-disposable-vape","product_cat-vape-hot-sale-this-week","product_tag-7500-puffs","product_tag-good-vape","product_tag-hot-sale-disposable-vape","product_tag-poland-hot-vape","product_tag-randm-10000puffs-vape","product_tag-sweden-hot-vape","desktop-align-left","tablet-align-left","mobile-align-left"],"yoast_head":"<!-- This site is optimized with the Yoast SEO plugin v21.1 - https:\/\/yoast.com\/wordpress\/plugins\/seo\/ -->\n<title>Bulk Buy VapTop Sale Breze 7500 Puffs Sweden - vapebulkp.com<\/title>\n<meta name=\"description\" content=\"Join the Vaping Revolution with Bulk Buy VapeTop Sale Breze 7500 Puffs Sweden Disposable E-CigaretteIt&#039;s time to join the vaping revolution with the Breze 7500 Puffs Disposable Vape.\" \/>\n<meta name=\"robots\" content=\"index, follow, max-snippet:-1, max-image-preview:large, max-video-preview:-1\" \/>\n<link rel=\"canonical\" href=\"https:\/\/vapebulkp.com\/sk\/product\/bulk-buy-vapetop-sale-breze-7500-puffs-sweden\/\" \/>\n<meta property=\"og:locale\" content=\"sk_SK\" \/>\n<meta property=\"og:type\" content=\"article\" \/>\n<meta property=\"og:title\" content=\"Bulk Buy VapTop Sale Breze 7500 Puffs Sweden - vapebulkp.com\" \/>\n<meta property=\"og:description\" content=\"Join the Vaping Revolution with Bulk Buy VapeTop Sale Breze 7500 Puffs Sweden Disposable E-CigaretteIt&#039;s time to join the vaping revolution with the Breze 7500 Puffs Disposable Vape.\" \/>\n<meta property=\"og:url\" content=\"https:\/\/vapebulkp.com\/sk\/product\/bulk-buy-vapetop-sale-breze-7500-puffs-sweden\/\" \/>\n<meta property=\"og:site_name\" content=\"vapebulkp.com\" \/>\n<meta property=\"article:modified_time\" content=\"2025-09-01T02:57:41+00:00\" \/>\n<meta property=\"og:image\" content=\"http:\/\/vapebulkp.com\/wp-content\/uploads\/2023\/10\/Good-Sale-Vape-Breze-7500-Puffs-2.jpg\" \/>\n\t<meta property=\"og:image:width\" content=\"1000\" \/>\n\t<meta property=\"og:image:height\" content=\"1000\" \/>\n\t<meta property=\"og:image:type\" content=\"image\/jpeg\" \/>\n<meta name=\"twitter:card\" content=\"summary_large_image\" \/>\n<meta name=\"twitter:label1\" content=\"Predpokladan\u00fd \u010das \u010d\u00edtania\" \/>\n\t<meta name=\"twitter:data1\" content=\"4 min\u00faty\" \/>\n<script type=\"application\/ld+json\" class=\"yoast-schema-graph\">{\"@context\":\"https:\/\/schema.org\",\"@graph\":[{\"@type\":\"WebPage\",\"@id\":\"https:\/\/vapebulkp.com\/product\/bulk-buy-vapetop-sale-breze-7500-puffs-sweden\/\",\"url\":\"https:\/\/vapebulkp.com\/product\/bulk-buy-vapetop-sale-breze-7500-puffs-sweden\/\",\"name\":\"Bulk Buy VapTop Sale Breze 7500 Puffs Sweden - vapebulkp.com\",\"isPartOf\":{\"@id\":\"https:\/\/vapebulkp.com\/#website\"},\"datePublished\":\"2023-10-25T02:02:28+00:00\",\"dateModified\":\"2025-09-01T02:57:41+00:00\",\"description\":\"Join the Vaping Revolution with Bulk Buy VapeTop Sale Breze 7500 Puffs Sweden Disposable E-CigaretteIt's time to join the vaping revolution with the Breze 7500 Puffs Disposable Vape.\",\"breadcrumb\":{\"@id\":\"https:\/\/vapebulkp.com\/product\/bulk-buy-vapetop-sale-breze-7500-puffs-sweden\/#breadcrumb\"},\"inLanguage\":\"sk-SK\",\"potentialAction\":[{\"@type\":\"ReadAction\",\"target\":[\"https:\/\/vapebulkp.com\/product\/bulk-buy-vapetop-sale-breze-7500-puffs-sweden\/\"]}]},{\"@type\":\"BreadcrumbList\",\"@id\":\"https:\/\/vapebulkp.com\/product\/bulk-buy-vapetop-sale-breze-7500-puffs-sweden\/#breadcrumb\",\"itemListElement\":[{\"@type\":\"ListItem\",\"position\":1,\"name\":\"Home\",\"item\":\"https:\/\/vapebulkp.com\/\"},{\"@type\":\"ListItem\",\"position\":2,\"name\":\"Hot Trend Vapes\",\"item\":\"https:\/\/vapebulkp.com\/vape-shop\/\"},{\"@type\":\"ListItem\",\"position\":3,\"name\":\"Bulk Buy VapTop Sale Breze 7500 Puffs Sweden\"}]},{\"@type\":\"WebSite\",\"@id\":\"https:\/\/vapebulkp.com\/#website\",\"url\":\"https:\/\/vapebulkp.com\/\",\"name\":\"vapebulkp.com\",\"description\":\"Buy Vape In Cheap Bulk Price Near you\",\"publisher\":{\"@id\":\"https:\/\/vapebulkp.com\/#organization\"},\"potentialAction\":[{\"@type\":\"SearchAction\",\"target\":{\"@type\":\"EntryPoint\",\"urlTemplate\":\"https:\/\/vapebulkp.com\/?s={search_term_string}\"},\"query-input\":\"required name=search_term_string\"}],\"inLanguage\":\"sk-SK\"},{\"@type\":\"Organization\",\"@id\":\"https:\/\/vapebulkp.com\/#organization\",\"name\":\"vapebulkp.com\",\"url\":\"https:\/\/vapebulkp.com\/\",\"logo\":{\"@type\":\"ImageObject\",\"inLanguage\":\"sk-SK\",\"@id\":\"https:\/\/vapebulkp.com\/#\/schema\/logo\/image\/\",\"url\":\"https:\/\/vapebulkp.com\/wp-content\/uploads\/2023\/09\/cropped-vapebulkp.png\",\"contentUrl\":\"https:\/\/vapebulkp.com\/wp-content\/uploads\/2023\/09\/cropped-vapebulkp.png\",\"width\":516,\"height\":163,\"caption\":\"vapebulkp.com\"},\"image\":{\"@id\":\"https:\/\/vapebulkp.com\/#\/schema\/logo\/image\/\"}}]}<\/script>\n<!-- \/ Yoast SEO plugin. -->","yoast_head_json":{"title":"Bulk Buy VapTop Sale Breze 7500 Puffs Sweden - vapebulkp.com","description":"Join the Vaping Revolution with Bulk Buy VapeTop Sale Breze 7500 Puffs Sweden Disposable E-CigaretteIt's time to join the vaping revolution with the Breze 7500 Puffs Disposable Vape.","robots":{"index":"index","follow":"follow","max-snippet":"max-snippet:-1","max-image-preview":"max-image-preview:large","max-video-preview":"max-video-preview:-1"},"canonical":"https:\/\/vapebulkp.com\/sk\/product\/bulk-buy-vapetop-sale-breze-7500-puffs-sweden\/","og_locale":"sk_SK","og_type":"article","og_title":"Bulk Buy VapTop Sale Breze 7500 Puffs Sweden - vapebulkp.com","og_description":"Join the Vaping Revolution with Bulk Buy VapeTop Sale Breze 7500 Puffs Sweden Disposable E-CigaretteIt's time to join the vaping revolution with the Breze 7500 Puffs Disposable Vape.","og_url":"https:\/\/vapebulkp.com\/sk\/product\/bulk-buy-vapetop-sale-breze-7500-puffs-sweden\/","og_site_name":"vapebulkp.com","article_modified_time":"2025-09-01T02:57:41+00:00","og_image":[{"width":1000,"height":1000,"url":"http:\/\/vapebulkp.com\/wp-content\/uploads\/2023\/10\/Good-Sale-Vape-Breze-7500-Puffs-2.jpg","type":"image\/jpeg"}],"twitter_card":"summary_large_image","twitter_misc":{"Predpokladan\u00fd \u010das \u010d\u00edtania":"4 min\u00faty"},"schema":{"@context":"https:\/\/schema.org","@graph":[{"@type":"WebPage","@id":"https:\/\/vapebulkp.com\/product\/bulk-buy-vapetop-sale-breze-7500-puffs-sweden\/","url":"https:\/\/vapebulkp.com\/product\/bulk-buy-vapetop-sale-breze-7500-puffs-sweden\/","name":"Bulk Buy VapTop Sale Breze 7500 Puffs Sweden - vapebulkp.com","isPartOf":{"@id":"https:\/\/vapebulkp.com\/#website"},"datePublished":"2023-10-25T02:02:28+00:00","dateModified":"2025-09-01T02:57:41+00:00","description":"Join the Vaping Revolution with Bulk Buy VapeTop Sale Breze 7500 Puffs Sweden Disposable E-CigaretteIt's time to join the vaping revolution with the Breze 7500 Puffs Disposable Vape.","breadcrumb":{"@id":"https:\/\/vapebulkp.com\/product\/bulk-buy-vapetop-sale-breze-7500-puffs-sweden\/#breadcrumb"},"inLanguage":"sk-SK","potentialAction":[{"@type":"ReadAction","target":["https:\/\/vapebulkp.com\/product\/bulk-buy-vapetop-sale-breze-7500-puffs-sweden\/"]}]},{"@type":"BreadcrumbList","@id":"https:\/\/vapebulkp.com\/product\/bulk-buy-vapetop-sale-breze-7500-puffs-sweden\/#breadcrumb","itemListElement":[{"@type":"ListItem","position":1,"name":"Home","item":"https:\/\/vapebulkp.com\/"},{"@type":"ListItem","position":2,"name":"Hot Trend Vapes","item":"https:\/\/vapebulkp.com\/vape-shop\/"},{"@type":"ListItem","position":3,"name":"Bulk Buy VapTop Sale Breze 7500 Puffs Sweden"}]},{"@type":"WebSite","@id":"https:\/\/vapebulkp.com\/#website","url":"https:\/\/vapebulkp.com\/","name":"vapebulkp.com","description":"Buy Vape In Cheap Bulk Price Near you","publisher":{"@id":"https:\/\/vapebulkp.com\/#organization"},"potentialAction":[{"@type":"SearchAction","target":{"@type":"EntryPoint","urlTemplate":"https:\/\/vapebulkp.com\/?s={search_term_string}"},"query-input":"required name=search_term_string"}],"inLanguage":"sk-SK"},{"@type":"Organization","@id":"https:\/\/vapebulkp.com\/#organization","name":"vapebulkp.com","url":"https:\/\/vapebulkp.com\/","logo":{"@type":"ImageObject","inLanguage":"sk-SK","@id":"https:\/\/vapebulkp.com\/#\/schema\/logo\/image\/","url":"https:\/\/vapebulkp.com\/wp-content\/uploads\/2023\/09\/cropped-vapebulkp.png","contentUrl":"https:\/\/vapebulkp.com\/wp-content\/uploads\/2023\/09\/cropped-vapebulkp.png","width":516,"height":163,"caption":"vapebulkp.com"},"image":{"@id":"https:\/\/vapebulkp.com\/#\/schema\/logo\/image\/"}}]}},"uagb_featured_image_src":{"full":["https:\/\/vapebulkp.com\/wp-content\/uploads\/2023\/10\/Good-Sale-Vape-Breze-7500-Puffs-2.jpg",1000,1000,false],"thumbnail":["https:\/\/vapebulkp.com\/wp-content\/uploads\/2023\/10\/Good-Sale-Vape-Breze-7500-Puffs-2-150x150.jpg",150,150,true],"medium":["https:\/\/vapebulkp.com\/wp-content\/uploads\/2023\/10\/Good-Sale-Vape-Breze-7500-Puffs-2-300x300.jpg",300,300,true],"medium_large":["https:\/\/vapebulkp.com\/wp-content\/uploads\/2023\/10\/Good-Sale-Vape-Breze-7500-Puffs-2-768x768.jpg",768,768,true],"large":["https:\/\/vapebulkp.com\/wp-content\/uploads\/2023\/10\/Good-Sale-Vape-Breze-7500-Puffs-2.jpg",1000,1000,false],"1536x1536":["https:\/\/vapebulkp.com\/wp-content\/uploads\/2023\/10\/Good-Sale-Vape-Breze-7500-Puffs-2.jpg",1000,1000,false],"2048x2048":["https:\/\/vapebulkp.com\/wp-content\/uploads\/2023\/10\/Good-Sale-Vape-Breze-7500-Puffs-2.jpg",1000,1000,false],"trp-custom-language-flag":["https:\/\/vapebulkp.com\/wp-content\/uploads\/2023\/10\/Good-Sale-Vape-Breze-7500-Puffs-2.jpg",12,12,false],"woocommerce_thumbnail":["https:\/\/vapebulkp.com\/wp-content\/uploads\/2023\/10\/Good-Sale-Vape-Breze-7500-Puffs-2-300x300.jpg",300,300,true],"woocommerce_single":["https:\/\/vapebulkp.com\/wp-content\/uploads\/2023\/10\/Good-Sale-Vape-Breze-7500-Puffs-2-600x600.jpg",600,600,true],"woocommerce_gallery_thumbnail":["https:\/\/vapebulkp.com\/wp-content\/uploads\/2023\/10\/Good-Sale-Vape-Breze-7500-Puffs-2-100x100.jpg",100,100,true],"wcpr-photo-reviews":["https:\/\/vapebulkp.com\/wp-content\/uploads\/2023\/10\/Good-Sale-Vape-Breze-7500-Puffs-2.jpg",500,500,false]},"uagb_author_info":{"display_name":"Mandy vape bulk price","author_link":"https:\/\/vapebulkp.com\/sk\/author\/"},"uagb_comment_info":0,"uagb_excerpt":"Good Sale Vape pen Breze 7500 Puffs Hot Sale In Germany Breze 7500 Puffs VAPE KIT Sweden Popular Vape Breze 7500 Puffs VAPE BAR Popular Breze 7500 Puffs VAPE\u00a0 France Good Vape Breze 7500 Puffs Top Sale Vape pen Pls Contact Mandy's WhatsApp For Discount Price+8618077105796 NOTE: Prices on our website does not include shipping&hellip;","_links":{"self":[{"href":"https:\/\/vapebulkp.com\/sk\/wp-json\/wp\/v2\/product\/1783","targetHints":{"allow":["GET"]}}],"collection":[{"href":"https:\/\/vapebulkp.com\/sk\/wp-json\/wp\/v2\/product"}],"about":[{"href":"https:\/\/vapebulkp.com\/sk\/wp-json\/wp\/v2\/types\/product"}],"replies":[{"embeddable":true,"href":"https:\/\/vapebulkp.com\/sk\/wp-json\/wp\/v2\/comments?post=1783"}],"wp:featuredmedia":[{"embeddable":true,"href":"https:\/\/vapebulkp.com\/sk\/wp-json\/wp\/v2\/media\/1784"}],"wp:attachment":[{"href":"https:\/\/vapebulkp.com\/sk\/wp-json\/wp\/v2\/media?parent=1783"}],"wp:term":[{"taxonomy":"product_cat","embeddable":true,"href":"https:\/\/vapebulkp.com\/sk\/wp-json\/wp\/v2\/product_cat?post=1783"},{"taxonomy":"product_tag","embeddable":true,"href":"https:\/\/vapebulkp.com\/sk\/wp-json\/wp\/v2\/product_tag?post=1783"}],"curies":[{"name":"wp","href":"https:\/\/api.w.org\/{rel}","templated":true}]}}