{"id":2066,"date":"2024-02-23T08:39:29","date_gmt":"2024-02-23T07:39:29","guid":{"rendered":"https:\/\/vapebulkp.com\/?post_type=product&#038;p=2066"},"modified":"2025-09-24T05:44:18","modified_gmt":"2025-09-24T03:44:18","slug":"good-vape-bang-box-9000puffs-sweden-wholesale-price","status":"publish","type":"product","link":"https:\/\/vapebulkp.com\/sk\/product\/good-vape-bang-box-9000puffs-sweden-wholesale-price\/","title":{"rendered":"Dobr\u00fd vape Bang Box 9000Puffs, ve\u013ekoobchodn\u00e1 cena pre Slovensko"},"content":{"rendered":"<h2 style=\"text-align: left\">Dobr\u00fd Vap\u00edk Bang Box 9000 \u0161lukov Slovensk\u00e1 ve\u013ekoobchodn\u00e1 cena<\/h2>\n<p data-start=\"509\" data-end=\"834\">Ten <strong data-start=\"513\" data-end=\"563\">Dobr\u00fd jednorazov\u00fd vape Bang Box 9000Puffs<\/strong> je navrhnut\u00fd pre eur\u00f3pskych vaperov, ktor\u00ed si cenia v\u00fdkon, pohodlie a pr\u00e9miov\u00fd dizajn. Vstavan\u00e1 nab\u00edjate\u013en\u00e1 bat\u00e9ria s kapacitou 650\u00a0mAh a r\u00fdchle nab\u00edjanie cez USB-C poskytuj\u00fa <strong data-start=\"724\" data-end=\"756\">nab\u00edjate\u013en\u00fd jednorazov\u00fd vape<\/strong> konzistentn\u00fd v\u00fdkon a spo\u013eahliv\u00e9 pou\u017e\u00edvanie od prv\u00e9ho potiahnutia a\u017e po posledn\u00e9.<\/p>\n<p data-start=\"836\" data-end=\"1127\">Zariadenie je vybaven\u00e9 pokro\u010dilou <strong data-start=\"859\" data-end=\"877\">syst\u00e9mu s mesh cievkou<\/strong> technol\u00f3gia, produkuje hust\u00fa paru a v\u00fdrazn\u00fa chu\u0165 po\u010das p\u00f4sobiv\u00fdch 9\u00a0000 potiahnut\u00ed. Ka\u017ed\u00e9 zariadenie sa dod\u00e1va vopred naplnen\u00e9 14\u00a0ml vysokokvalitnej <strong data-start=\"1020\" data-end=\"1042\">nikot\u00ednov\u00fdmi so\u013en\u00fdmi vapkami<\/strong> e-liquidu, ktor\u00fd je k dispoz\u00edcii s\u00a0obsahom nikot\u00ednu 0\u00a0%, 2\u00a0%, 3\u00a0% alebo 5\u00a0% tak, aby vyhovoval v\u0161etk\u00fdm preferenci\u00e1m.<\/p>\n<p data-start=\"1129\" data-end=\"1414\">Bang Box je vyroben\u00fd s elegantnou kovovou povrchovou \u00fapravou a ergonomick\u00fdmi proporciami, je viac ako len <strong data-start=\"1223\" data-end=\"1250\">pr\u00e9miov\u00e9 jednorazov\u00e9 vape<\/strong>\u2014je to odoln\u00e1 a \u0161t\u00fdlov\u00e1 vo\u013eba na ka\u017edodenn\u00e9 pou\u017eitie alebo spolo\u010densk\u00e9 pr\u00edle\u017eitosti. S\u00a010 pr\u00edchu\u0165ami, z ktor\u00fdch si m\u00f4\u017eete vybra\u0165, sp\u013a\u0148a po\u017eiadavky na rozmanitos\u0165 bez toho, aby sa zn\u00ed\u017eila kvalita.<\/p>\n<p data-start=\"1416\" data-end=\"1659\">K dispoz\u00edcii pre <strong data-start=\"1430\" data-end=\"1455\">ve\u013ekoobchodn\u00fd vaporiz\u00e9r Eur\u00f3pa<\/strong>, <strong>Jednorazov\u00fd vape Nic Vape Bang Box 9000 Puffs<\/strong> pon\u00faka maloobchodn\u00edkom a distrib\u00fatorom ziskov\u00fd, r\u00fdchlo sa pohybuj\u00faci produkt, ktor\u00fd je v s\u00falade s rast\u00facim dopytom po vapoch s vysokou kapacitou na trhu E\u00da.<\/p>\n<p><img decoding=\"async\" class=\"alignnone wp-image-2067\" src=\"http:\/\/vapebulkp.com\/wp-content\/uploads\/2024\/02\/Good-Sale-Bang-Box-9000-puffs-Germany-8.png\" alt=\"Dobr\u00fd predaj Bang Box 9000 \u0161lukov Slovensko\" width=\"530\" height=\"489\" srcset=\"https:\/\/vapebulkp.com\/wp-content\/uploads\/2024\/02\/Good-Sale-Bang-Box-9000-puffs-Germany-8.png 1903w, https:\/\/vapebulkp.com\/wp-content\/uploads\/2024\/02\/Good-Sale-Bang-Box-9000-puffs-Germany-8-300x277.png 300w, https:\/\/vapebulkp.com\/wp-content\/uploads\/2024\/02\/Good-Sale-Bang-Box-9000-puffs-Germany-8-1024x944.png 1024w, https:\/\/vapebulkp.com\/wp-content\/uploads\/2024\/02\/Good-Sale-Bang-Box-9000-puffs-Germany-8-768x708.png 768w, https:\/\/vapebulkp.com\/wp-content\/uploads\/2024\/02\/Good-Sale-Bang-Box-9000-puffs-Germany-8-1536x1416.png 1536w, https:\/\/vapebulkp.com\/wp-content\/uploads\/2024\/02\/Good-Sale-Bang-Box-9000-puffs-Germany-8-600x553.png 600w\" sizes=\"(max-width: 530px) 100vw, 530px\" \/><\/p>\n<h6>Pre z\u013eavnen\u00fa cenu, kontaktujte pros\u00edm Mandy cez WhatsApp<a href=\"https:\/\/wa.me\/8618077105796\">+8618077105796<\/a><\/h6>\n<p><img decoding=\"async\" class=\"alignnone wp-image-2151\" src=\"http:\/\/vapebulkp.com\/wp-content\/uploads\/2024\/04\/Mandy-WhatsApp-Randm.jpg\" alt=\"Mandy WhatsApp Randm\" width=\"295\" height=\"313\" srcset=\"https:\/\/vapebulkp.com\/wp-content\/uploads\/2024\/04\/Mandy-WhatsApp-Randm.jpg 916w, https:\/\/vapebulkp.com\/wp-content\/uploads\/2024\/04\/Mandy-WhatsApp-Randm-282x300.jpg 282w, https:\/\/vapebulkp.com\/wp-content\/uploads\/2024\/04\/Mandy-WhatsApp-Randm-768x817.jpg 768w, https:\/\/vapebulkp.com\/wp-content\/uploads\/2024\/04\/Mandy-WhatsApp-Randm-600x638.jpg 600w\" sizes=\"(max-width: 295px) 100vw, 295px\" \/><\/p>\n<h2>Mo\u017eno by ste chceli vedie\u0165 o jednorazovom vape Bang Box 9000Puffs:<\/h2>\n<h5>1. Ako pou\u017e\u00edva\u0165 vape pero Bang Box 9000 Puffs?<\/h5>\n<p>Krok 1. Pred pou\u017eit\u00edm 9k \u0161lukov odpojte plastov\u00fa trubicu.<\/p>\n<p>Krok 2. Po\u010dkajte asi 3 min\u00faty, k\u00fdm sa \u0161\u0165ava dostane do \u0161pir\u00e1ly vo vn\u00fatri.<\/p>\n<p>Krok 3. U\u017eite si to<\/p>\n<h5>2. AKO NAB\u00cdJA\u0164 JEDNORAZOV\u00c9 ZARIADENIE VAPE Bang Box 9000 PUFFS?<\/h5>\n<p>R\u00fdchlonab\u00edjacie nab\u00edja\u010dky sa nedaj\u00fa pou\u017ei\u0165 a \u0161tandardn\u00fd bezpe\u010dn\u00fd v\u00fdkon jednorazov\u00fdch e-cigariet je 5V 1A.<\/p>\n<p>Ka\u017ed\u00fd \u010das nab\u00edjania nesmie presiahnu\u0165 1 hodinu a bezpe\u010dn\u00fd \u010das nab\u00edjania je pol hodiny.<\/p>\n<p><span style=\"color: #ff6600\">Upozornenie: nenab\u00edjajte cel\u00fa noc!<\/span><\/p>\n<h5>3. Ak\u00e1 je kapacita e-liquidu Bang Box 9000Puffs WAPE?<\/h5>\n<p>\u2014\u201423 ml<\/p>\n<h5>4. Ko\u013eko potiahnut\u00ed m\u00f4\u017eem urobi\u0165 z tohto Bang Box 9000 Puffs?<\/h5>\n<p>\u2014\u20139000 potiahnut\u00ed<\/p>\n<h3>Jednorazov\u00fd vape pod Bang Box 9000 Puffs Vlastnosti:<\/h3>\n<ul>\n<li>Potiahnutia: A\u017d 9\u00a0000 potiahnut\u00ed<\/li>\n<li>\u00a0Kvapalina: 14 ml vopred naplnen\u00e1 kazeta e-liquidu<\/li>\n<li>Nikot\u00edn: 0\/2\/3\/5% Nikot\u00ednov\u00e1 so\u013e<\/li>\n<li>\u00a0Typy: Jednorazov\u00e9<\/li>\n<li>\u00a0650mAh bat\u00e9ria<\/li>\n<li>\u00a0Sie\u0165ovan\u00e1 cievka<\/li>\n<li>\u00a0Nab\u00edjac\u00ed k\u00e1bel typu C<\/li>\n<li>\u00a0Dostupn\u00fdch 10 pr\u00edchut\u00ed<\/li>\n<\/ul>\n<h3><strong>Najlep\u0161ie pr\u00edchute vape Bang Box 9000 Puffs:<\/strong><\/h3>\n<p>1. Brosky\u0148a Mango<br \/>\n2. Trojit\u00e9 bobu\u013eov\u00e9 \u013ead<br \/>\n3. jahodov\u00fd mel\u00f3n<br \/>\n4. Svie\u017ea \u013ead<br \/>\n5. Modr\u00fd Razz \u013ead<br \/>\n6. Aloe Hrozno<br \/>\n7. Jahodov\u00e1 zmrzlina<br \/>\n8. Brosky\u0148ov\u00fd \u013ead<br \/>\n9. GUMM\u00dd MEDVE\u010e<br \/>\n10. Tropick\u00e9 ovocie(Zmie\u0161an\u00e9 bobule)<\/p>\n<p><a href=\"https:\/\/vapebulkp.com\/sk\/product\/popular-randm-tornado-7000puffs-disposable-vape-best-price\/\"><span style=\"vertical-align: inherit\">RandM Tornado 7000 potiahnut\u00ed <\/span><\/a><\/p>\n<p><span style=\"vertical-align: inherit\">N\u00e1jdite viac produktov, ktor\u00e9 by sa v\u00e1m mohli p\u00e1\u010di\u0165:<\/span><em><a href=\"https:\/\/wa.me\/8618077105796\"><span style=\"vertical-align: inherit\">\u00a0K\u00fapi\u0165<\/span><\/a><\/em><\/p>\n<p><span style=\"vertical-align: inherit\">\u010eal\u0161ie Puffs, ktor\u00e9 by sa v\u00e1m mohli p\u00e1\u010di\u0165:<\/span><a href=\"https:\/\/vapebulkp.com\/sk\/product\/joymy-ultra15000puffs-best-disposable-vape-2023\/\"><span style=\"vertical-align: inherit\">JOYMY 15000 Puffs<\/span><\/a><span style=\"vertical-align: inherit\">\u3001<\/span><a href=\"https:\/\/vapebulkp.com\/sk\/product\/wholesale-randm-tornado-9000-puffs-germany\/\"><span style=\"vertical-align: inherit\">RandM 9000 \u0165ahov<\/span><\/a><span style=\"vertical-align: inherit\">\/ <\/span><a href=\"https:\/\/vapebulkp.com\/sk\/product\/bang-king-12000puffs\/\"><span style=\"vertical-align: inherit\">Bang King 12000 \u0165ahov<\/span><\/a><span style=\"vertical-align: inherit\">\/ <\/span><a href=\"https:\/\/vapebulkp.com\/sk\/product\/wholesale-tornado-rum-bar-9000-puffs-sweden\/\"><span style=\"vertical-align: inherit\">Rumbar 9000 Puffs<\/span><\/a><\/p>\n<p><span style=\"vertical-align: inherit\">E-cigareta so \u0161peci\u00e1lnym tvarom f\u013ea\u0161e:<\/span><a href=\"https:\/\/vapebulkp.com\/sk\/product\/wholesale-kulx-8000-puffs-disposable-vape\/\"><span style=\"vertical-align: inherit\">\u00a0Kulx 8000 Pufov<\/span><\/a><span style=\"vertical-align: inherit\">\/ <\/span><a href=\"https:\/\/vapebulkp.com\/sk\/product\/popular-bang-king-10000-puffs-vape-good-price\/\"><span style=\"vertical-align: inherit\">\u00a0Bang King 10000 Pufov <\/span><\/a><span style=\"vertical-align: inherit\">\/<\/span><a href=\"https:\/\/vapebulkp.com\/sk\/product\/disposable-vape-crystal-600-puffs\/\"><span style=\"vertical-align: inherit\"> Kri\u0161t\u00e1\u013e 600 obl\u00e1\u010dikov<\/span><\/a><\/p>\n<h5>Kvalifik\u00e1cia v\u00fdroby:<\/h5>\n<p><img decoding=\"async\" class=\"alignnone size-full wp-image-1841\" src=\"http:\/\/vapebulkp.com\/wp-content\/uploads\/2023\/11\/Vape-production-process-2.jpeg\" alt=\"Proces v\u00fdroby vape\" width=\"650\" height=\"434\" srcset=\"https:\/\/vapebulkp.com\/wp-content\/uploads\/2023\/11\/Vape-production-process-2.jpeg 650w, https:\/\/vapebulkp.com\/wp-content\/uploads\/2023\/11\/Vape-production-process-2-300x200.jpeg 300w, https:\/\/vapebulkp.com\/wp-content\/uploads\/2023\/11\/Vape-production-process-2-600x401.jpeg 600w\" sizes=\"(max-width: 650px) 100vw, 650px\" \/><\/p>\n<p><img decoding=\"async\" class=\"alignnone size-full wp-image-1843\" src=\"http:\/\/vapebulkp.com\/wp-content\/uploads\/2023\/11\/Vape-production-process.jpeg\" alt=\"Proces v\u00fdroby vape\" width=\"641\" height=\"1026\" srcset=\"https:\/\/vapebulkp.com\/wp-content\/uploads\/2023\/11\/Vape-production-process.jpeg 641w, https:\/\/vapebulkp.com\/wp-content\/uploads\/2023\/11\/Vape-production-process-187x300.jpeg 187w, https:\/\/vapebulkp.com\/wp-content\/uploads\/2023\/11\/Vape-production-process-640x1024.jpeg 640w, https:\/\/vapebulkp.com\/wp-content\/uploads\/2023\/11\/Vape-production-process-600x960.jpeg 600w\" sizes=\"(max-width: 641px) 100vw, 641px\" \/><\/p>\n<h5>\u010cast\u00e9 ot\u00e1zky:<\/h5>\n<p>Ot\u00e1zka: \u010co je MOQ Bang Box 9000Puffs?<br \/>\nA: Minim\u00e1lna objedn\u00e1vka je 100 kusov.<br \/>\nQ: Ak\u00e1 je dodacia lehota pre objednan\u00fa e-cigaretu?<br \/>\nA: Zvy\u010dajne je to 10-15 dn\u00ed po odoslan\u00ed.<br \/>\nOt\u00e1zka: Ak\u00e1 je cena dopravy? Odpove\u010f: N\u00e1klady na dopravu z\u00e1visia od hmotnosti. R\u00f4zne mno\u017estv\u00e1 maj\u00fa r\u00f4zne n\u00e1klady na dopravu, kontaktujte n\u00e1s, aby ste potvrdili n\u00e1klady na dopravu.<\/p>\n<h4>Detail dopravy:<\/h4>\n<p><span style=\"color: #ff6600\">\u010cas v\u00fdroby: 5-10 pracovn\u00fdch dn\u00ed<\/span><br \/>\n<span style=\"color: #ff6600\">\u010cas dodania: 8-14 pracovn\u00fdch dn\u00ed<\/span><\/p>\n<p>V\u0161etky produkty v na\u0161om obchode s\u00fa 100 % origin\u00e1lne a autentick\u00e9, preto desa\u0165n\u00e1sobn\u00e1 kompenz\u00e1cia za falo\u0161n\u00fd tovar je na\u0161ou obchodnou politikou. Na doru\u010denie tovaru v\u00e1m pou\u017e\u00edvame logistick\u00e9 kan\u00e1ly ako UPS\/DHL\/FEDEX\/DPD.<\/p>\n<p>Pre z\u00e1sielky doru\u010dovan\u00e9 na Slovensko to zvy\u010dajne trv\u00e1 10 pracovn\u00fdch dn\u00ed. Z\u00e1sielky do eur\u00f3pskych kraj\u00edn zvy\u010dajne dorazia za 12 a\u017e 15 pracovn\u00fdch dn\u00ed. Inform\u00e1cie o logistike v\u00e1m budeme aktualizova\u0165 v re\u00e1lnom \u010dase.<\/p>","protected":false},"excerpt":{"rendered":"<p>Bang BOX 9000 PUFFS sa m\u00f4\u017ee pochv\u00e1li\u0165 najmen\u0161\u00edm zariaden\u00edm elektronickej cigarety s najdlh\u0161ou v\u00fddr\u017eou bat\u00e9rie. Jeho konzistentn\u00e1 chu\u0165 je charakteristick\u00fdm znakom, ktor\u00fd ho odli\u0161uje od ostatn\u00fdch produktov na trhu.<\/p>\n<p><img decoding=\"async\" class=\"alignnone wp-image-2151\" src=\"http:\/\/vapebulkp.com\/wp-content\/uploads\/2024\/04\/Mandy-WhatsApp-Randm.jpg\" alt=\"Mandy WhatsApp Randm\" width=\"323\" height=\"343\" srcset=\"https:\/\/vapebulkp.com\/wp-content\/uploads\/2024\/04\/Mandy-WhatsApp-Randm.jpg 916w, https:\/\/vapebulkp.com\/wp-content\/uploads\/2024\/04\/Mandy-WhatsApp-Randm-282x300.jpg 282w, https:\/\/vapebulkp.com\/wp-content\/uploads\/2024\/04\/Mandy-WhatsApp-Randm-768x817.jpg 768w, https:\/\/vapebulkp.com\/wp-content\/uploads\/2024\/04\/Mandy-WhatsApp-Randm-600x638.jpg 600w\" sizes=\"(max-width: 323px) 100vw, 323px\" \/><\/p>\n<p>Pre z\u013eavnen\u00fa cenu, kontaktujte pros\u00edm Mandy cez WhatsApp<a href=\"https:\/\/wa.me\/8618077105796\">+8618077105796<\/a><\/p>\n<p><span style=\"color: #ff0000\">POZN\u00c1MKA: Ceny na na\u0161ej webovej str\u00e1nke nezah\u0155\u0148aj\u00fa n\u00e1klady na dopravu<\/span><\/p>\n<p>&nbsp;<\/p>","protected":false},"featured_media":2067,"comment_status":"open","ping_status":"closed","template":"","meta":{"_uag_custom_page_level_css":"","_lmt_disableupdate":"no","_lmt_disable":"","site-sidebar-layout":"default","site-content-layout":"content-boxed-container","ast-site-content-layout":"normal-width-container","site-content-style":"boxed","site-sidebar-style":"unboxed","ast-global-header-display":"","ast-banner-title-visibility":"","ast-main-header-display":"","ast-hfb-above-header-display":"","ast-hfb-below-header-display":"","ast-hfb-mobile-header-display":"","site-post-title":"","ast-breadcrumbs-content":"","ast-featured-img":"","footer-sml-layout":"","theme-transparent-header-meta":"default","adv-header-id-meta":"","stick-header-meta":"","header-above-stick-meta":"","header-main-stick-meta":"","header-below-stick-meta":"","astra-migrate-meta-layouts":"set","_joinchat":[]},"product_cat":[168,153,345,155,33,59,100,34,158,157,154,152,58,84,156,63,32],"product_tag":[47,36,37,41,40],"class_list":["post-2066","product","type-product","status-publish","has-post-thumbnail","hentry","product_cat-9000-puffs-disposable-vape","product_cat-hot-disposable-vapes","product_cat-bang-vapes","product_cat-belgium-hot-disposable-vapes","product_cat-france-vape-hot-sale","product_cat-germany-hot-disposable-vape","product_cat-germany-wholesale-vape-shop","product_cat-netherlands-vape-good-sale","product_cat-norway-hot-disposable-vapes","product_cat-poland-hot-disposable-vapes","product_cat-portugal-hot-disposable-vapes","product_cat-spain-hot-disposable-vapes","product_cat-sweden-hot-disposable-vape","product_cat-sweden-wholesale-vape","product_cat-switzerland-hot-disposable-vapes","product_cat-top-sale-disposable-vape","product_cat-vape-hot-sale-this-week","product_tag-9000puffs","product_tag-good-vape","product_tag-hot-sale-disposable-vape","product_tag-poland-hot-vape","product_tag-sweden-hot-vape","pa_brand-bang-vape","desktop-align-left","tablet-align-left","mobile-align-left"],"yoast_head":"<!-- This site is optimized with the Yoast SEO plugin v21.1 - https:\/\/yoast.com\/wordpress\/plugins\/seo\/ -->\n<title>Good Vape Bang Box 9000Puffs Sweden Wholesale Price - vapebulkp.com<\/title>\n<meta name=\"description\" content=\"Bang BOX 9000 boasts the smallest electronic cigarette device with the longest battery life. Its consistent taste is a distinctive feature that distinguishes it from other products on the market.\" \/>\n<meta name=\"robots\" content=\"index, follow, max-snippet:-1, max-image-preview:large, max-video-preview:-1\" \/>\n<link rel=\"canonical\" href=\"https:\/\/vapebulkp.com\/sk\/product\/good-vape-bang-box-9000puffs-sweden-wholesale-price\/\" \/>\n<meta property=\"og:locale\" content=\"sk_SK\" \/>\n<meta property=\"og:type\" content=\"article\" \/>\n<meta property=\"og:title\" content=\"Good Vape Bang Box 9000Puffs Sweden Wholesale Price - vapebulkp.com\" \/>\n<meta property=\"og:description\" content=\"Bang BOX 9000 boasts the smallest electronic cigarette device with the longest battery life. Its consistent taste is a distinctive feature that distinguishes it from other products on the market.\" \/>\n<meta property=\"og:url\" content=\"https:\/\/vapebulkp.com\/sk\/product\/good-vape-bang-box-9000puffs-sweden-wholesale-price\/\" \/>\n<meta property=\"og:site_name\" content=\"vapebulkp.com\" \/>\n<meta property=\"article:modified_time\" content=\"2025-09-24T03:44:18+00:00\" \/>\n<meta property=\"og:image\" content=\"http:\/\/vapebulkp.com\/wp-content\/uploads\/2024\/02\/Good-Sale-Bang-Box-9000-puffs-Germany-8-1024x944.png\" \/>\n\t<meta property=\"og:image:width\" content=\"1024\" \/>\n\t<meta property=\"og:image:height\" content=\"944\" \/>\n\t<meta property=\"og:image:type\" content=\"image\/png\" \/>\n<meta name=\"twitter:card\" content=\"summary_large_image\" \/>\n<meta name=\"twitter:label1\" content=\"Predpokladan\u00fd \u010das \u010d\u00edtania\" \/>\n\t<meta name=\"twitter:data1\" content=\"4 min\u00faty\" \/>\n<script type=\"application\/ld+json\" class=\"yoast-schema-graph\">{\"@context\":\"https:\/\/schema.org\",\"@graph\":[{\"@type\":\"WebPage\",\"@id\":\"https:\/\/vapebulkp.com\/product\/good-vape-bang-box-9000puffs-sweden-wholesale-price\/\",\"url\":\"https:\/\/vapebulkp.com\/product\/good-vape-bang-box-9000puffs-sweden-wholesale-price\/\",\"name\":\"Good Vape Bang Box 9000Puffs Sweden Wholesale Price - vapebulkp.com\",\"isPartOf\":{\"@id\":\"https:\/\/vapebulkp.com\/#website\"},\"datePublished\":\"2024-02-23T07:39:29+00:00\",\"dateModified\":\"2025-09-24T03:44:18+00:00\",\"description\":\"Bang BOX 9000 boasts the smallest electronic cigarette device with the longest battery life. Its consistent taste is a distinctive feature that distinguishes it from other products on the market.\",\"breadcrumb\":{\"@id\":\"https:\/\/vapebulkp.com\/product\/good-vape-bang-box-9000puffs-sweden-wholesale-price\/#breadcrumb\"},\"inLanguage\":\"sk-SK\",\"potentialAction\":[{\"@type\":\"ReadAction\",\"target\":[\"https:\/\/vapebulkp.com\/product\/good-vape-bang-box-9000puffs-sweden-wholesale-price\/\"]}]},{\"@type\":\"BreadcrumbList\",\"@id\":\"https:\/\/vapebulkp.com\/product\/good-vape-bang-box-9000puffs-sweden-wholesale-price\/#breadcrumb\",\"itemListElement\":[{\"@type\":\"ListItem\",\"position\":1,\"name\":\"Home\",\"item\":\"https:\/\/vapebulkp.com\/\"},{\"@type\":\"ListItem\",\"position\":2,\"name\":\"Hot Trend Vapes\",\"item\":\"https:\/\/vapebulkp.com\/vape-shop\/\"},{\"@type\":\"ListItem\",\"position\":3,\"name\":\"Good Vape Bang Box 9000Puffs Sweden Wholesale Price\"}]},{\"@type\":\"WebSite\",\"@id\":\"https:\/\/vapebulkp.com\/#website\",\"url\":\"https:\/\/vapebulkp.com\/\",\"name\":\"vapebulkp.com\",\"description\":\"Buy Vape In Cheap Bulk Price Near you\",\"publisher\":{\"@id\":\"https:\/\/vapebulkp.com\/#organization\"},\"potentialAction\":[{\"@type\":\"SearchAction\",\"target\":{\"@type\":\"EntryPoint\",\"urlTemplate\":\"https:\/\/vapebulkp.com\/?s={search_term_string}\"},\"query-input\":\"required name=search_term_string\"}],\"inLanguage\":\"sk-SK\"},{\"@type\":\"Organization\",\"@id\":\"https:\/\/vapebulkp.com\/#organization\",\"name\":\"vapebulkp.com\",\"url\":\"https:\/\/vapebulkp.com\/\",\"logo\":{\"@type\":\"ImageObject\",\"inLanguage\":\"sk-SK\",\"@id\":\"https:\/\/vapebulkp.com\/#\/schema\/logo\/image\/\",\"url\":\"https:\/\/vapebulkp.com\/wp-content\/uploads\/2023\/09\/cropped-vapebulkp.png\",\"contentUrl\":\"https:\/\/vapebulkp.com\/wp-content\/uploads\/2023\/09\/cropped-vapebulkp.png\",\"width\":516,\"height\":163,\"caption\":\"vapebulkp.com\"},\"image\":{\"@id\":\"https:\/\/vapebulkp.com\/#\/schema\/logo\/image\/\"}}]}<\/script>\n<!-- \/ Yoast SEO plugin. -->","yoast_head_json":{"title":"Good Vape Bang Box 9000Puffs Sweden Wholesale Price - vapebulkp.com","description":"Bang BOX 9000 boasts the smallest electronic cigarette device with the longest battery life. Its consistent taste is a distinctive feature that distinguishes it from other products on the market.","robots":{"index":"index","follow":"follow","max-snippet":"max-snippet:-1","max-image-preview":"max-image-preview:large","max-video-preview":"max-video-preview:-1"},"canonical":"https:\/\/vapebulkp.com\/sk\/product\/good-vape-bang-box-9000puffs-sweden-wholesale-price\/","og_locale":"sk_SK","og_type":"article","og_title":"Good Vape Bang Box 9000Puffs Sweden Wholesale Price - vapebulkp.com","og_description":"Bang BOX 9000 boasts the smallest electronic cigarette device with the longest battery life. Its consistent taste is a distinctive feature that distinguishes it from other products on the market.","og_url":"https:\/\/vapebulkp.com\/sk\/product\/good-vape-bang-box-9000puffs-sweden-wholesale-price\/","og_site_name":"vapebulkp.com","article_modified_time":"2025-09-24T03:44:18+00:00","og_image":[{"width":1024,"height":944,"url":"http:\/\/vapebulkp.com\/wp-content\/uploads\/2024\/02\/Good-Sale-Bang-Box-9000-puffs-Germany-8-1024x944.png","type":"image\/png"}],"twitter_card":"summary_large_image","twitter_misc":{"Predpokladan\u00fd \u010das \u010d\u00edtania":"4 min\u00faty"},"schema":{"@context":"https:\/\/schema.org","@graph":[{"@type":"WebPage","@id":"https:\/\/vapebulkp.com\/product\/good-vape-bang-box-9000puffs-sweden-wholesale-price\/","url":"https:\/\/vapebulkp.com\/product\/good-vape-bang-box-9000puffs-sweden-wholesale-price\/","name":"Good Vape Bang Box 9000Puffs Sweden Wholesale Price - vapebulkp.com","isPartOf":{"@id":"https:\/\/vapebulkp.com\/#website"},"datePublished":"2024-02-23T07:39:29+00:00","dateModified":"2025-09-24T03:44:18+00:00","description":"Bang BOX 9000 boasts the smallest electronic cigarette device with the longest battery life. Its consistent taste is a distinctive feature that distinguishes it from other products on the market.","breadcrumb":{"@id":"https:\/\/vapebulkp.com\/product\/good-vape-bang-box-9000puffs-sweden-wholesale-price\/#breadcrumb"},"inLanguage":"sk-SK","potentialAction":[{"@type":"ReadAction","target":["https:\/\/vapebulkp.com\/product\/good-vape-bang-box-9000puffs-sweden-wholesale-price\/"]}]},{"@type":"BreadcrumbList","@id":"https:\/\/vapebulkp.com\/product\/good-vape-bang-box-9000puffs-sweden-wholesale-price\/#breadcrumb","itemListElement":[{"@type":"ListItem","position":1,"name":"Home","item":"https:\/\/vapebulkp.com\/"},{"@type":"ListItem","position":2,"name":"Hot Trend Vapes","item":"https:\/\/vapebulkp.com\/vape-shop\/"},{"@type":"ListItem","position":3,"name":"Good Vape Bang Box 9000Puffs Sweden Wholesale Price"}]},{"@type":"WebSite","@id":"https:\/\/vapebulkp.com\/#website","url":"https:\/\/vapebulkp.com\/","name":"vapebulkp.com","description":"Buy Vape In Cheap Bulk Price Near you","publisher":{"@id":"https:\/\/vapebulkp.com\/#organization"},"potentialAction":[{"@type":"SearchAction","target":{"@type":"EntryPoint","urlTemplate":"https:\/\/vapebulkp.com\/?s={search_term_string}"},"query-input":"required name=search_term_string"}],"inLanguage":"sk-SK"},{"@type":"Organization","@id":"https:\/\/vapebulkp.com\/#organization","name":"vapebulkp.com","url":"https:\/\/vapebulkp.com\/","logo":{"@type":"ImageObject","inLanguage":"sk-SK","@id":"https:\/\/vapebulkp.com\/#\/schema\/logo\/image\/","url":"https:\/\/vapebulkp.com\/wp-content\/uploads\/2023\/09\/cropped-vapebulkp.png","contentUrl":"https:\/\/vapebulkp.com\/wp-content\/uploads\/2023\/09\/cropped-vapebulkp.png","width":516,"height":163,"caption":"vapebulkp.com"},"image":{"@id":"https:\/\/vapebulkp.com\/#\/schema\/logo\/image\/"}}]}},"uagb_featured_image_src":{"full":["https:\/\/vapebulkp.com\/wp-content\/uploads\/2024\/02\/Good-Sale-Bang-Box-9000-puffs-Germany-8.png",1903,1754,false],"thumbnail":["https:\/\/vapebulkp.com\/wp-content\/uploads\/2024\/02\/Good-Sale-Bang-Box-9000-puffs-Germany-8-150x150.png",150,150,true],"medium":["https:\/\/vapebulkp.com\/wp-content\/uploads\/2024\/02\/Good-Sale-Bang-Box-9000-puffs-Germany-8-300x277.png",300,277,true],"medium_large":["https:\/\/vapebulkp.com\/wp-content\/uploads\/2024\/02\/Good-Sale-Bang-Box-9000-puffs-Germany-8-768x708.png",768,708,true],"large":["https:\/\/vapebulkp.com\/wp-content\/uploads\/2024\/02\/Good-Sale-Bang-Box-9000-puffs-Germany-8-1024x944.png",1024,944,true],"1536x1536":["https:\/\/vapebulkp.com\/wp-content\/uploads\/2024\/02\/Good-Sale-Bang-Box-9000-puffs-Germany-8-1536x1416.png",1536,1416,true],"2048x2048":["https:\/\/vapebulkp.com\/wp-content\/uploads\/2024\/02\/Good-Sale-Bang-Box-9000-puffs-Germany-8.png",1903,1754,false],"trp-custom-language-flag":["https:\/\/vapebulkp.com\/wp-content\/uploads\/2024\/02\/Good-Sale-Bang-Box-9000-puffs-Germany-8.png",13,12,false],"woocommerce_thumbnail":["https:\/\/vapebulkp.com\/wp-content\/uploads\/2024\/02\/Good-Sale-Bang-Box-9000-puffs-Germany-8-300x300.png",300,300,true],"woocommerce_single":["https:\/\/vapebulkp.com\/wp-content\/uploads\/2024\/02\/Good-Sale-Bang-Box-9000-puffs-Germany-8-600x553.png",600,553,true],"woocommerce_gallery_thumbnail":["https:\/\/vapebulkp.com\/wp-content\/uploads\/2024\/02\/Good-Sale-Bang-Box-9000-puffs-Germany-8-100x100.png",100,100,true],"wcpr-photo-reviews":["https:\/\/vapebulkp.com\/wp-content\/uploads\/2024\/02\/Good-Sale-Bang-Box-9000-puffs-Germany-8.png",500,461,false]},"uagb_author_info":{"display_name":"Mandy vape bulk price","author_link":"https:\/\/vapebulkp.com\/sk\/author\/"},"uagb_comment_info":0,"uagb_excerpt":"Bang BOX 9000 PUFFS boasts the smallest electronic cigarette device with the longest battery life. Its consistent taste is a distinctive feature that distinguishes it from other products on the market. Pls Contact Mandy's WhatsApp For Discount Price+8618077105796 NOTE: Prices on our website does not include shipping costs &nbsp;","_links":{"self":[{"href":"https:\/\/vapebulkp.com\/sk\/wp-json\/wp\/v2\/product\/2066","targetHints":{"allow":["GET"]}}],"collection":[{"href":"https:\/\/vapebulkp.com\/sk\/wp-json\/wp\/v2\/product"}],"about":[{"href":"https:\/\/vapebulkp.com\/sk\/wp-json\/wp\/v2\/types\/product"}],"replies":[{"embeddable":true,"href":"https:\/\/vapebulkp.com\/sk\/wp-json\/wp\/v2\/comments?post=2066"}],"wp:featuredmedia":[{"embeddable":true,"href":"https:\/\/vapebulkp.com\/sk\/wp-json\/wp\/v2\/media\/2067"}],"wp:attachment":[{"href":"https:\/\/vapebulkp.com\/sk\/wp-json\/wp\/v2\/media?parent=2066"}],"wp:term":[{"taxonomy":"product_cat","embeddable":true,"href":"https:\/\/vapebulkp.com\/sk\/wp-json\/wp\/v2\/product_cat?post=2066"},{"taxonomy":"product_tag","embeddable":true,"href":"https:\/\/vapebulkp.com\/sk\/wp-json\/wp\/v2\/product_tag?post=2066"}],"curies":[{"name":"wp","href":"https:\/\/api.w.org\/{rel}","templated":true}]}}