{"id":2147,"date":"2024-04-03T05:07:44","date_gmt":"2024-04-03T03:07:44","guid":{"rendered":"https:\/\/vapebulkp.com\/?post_type=product&#038;p=2147"},"modified":"2025-09-24T05:49:03","modified_gmt":"2025-09-24T03:49:03","slug":"wholesale-price-randm-15k-waspe-15000-puffs-best-vape","status":"publish","type":"product","link":"https:\/\/vapebulkp.com\/sk\/product\/wholesale-price-randm-15k-waspe-15000-puffs-best-vape\/","title":{"rendered":"Ve\u013ekoobchodn\u00e1 cena Randm 15k WASPE 15000 P\u00f4fov Najlep\u0161ia elektronick\u00e1 cigareta"},"content":{"rendered":"<h1>Ve\u013ekoobchodn\u00e1 cena Randm 15k WASPE 15000 P\u00f4fov Najlep\u0161ia elektronick\u00e1 cigareta<\/h1>\n<p>&nbsp;<\/p>\n<p data-start=\"331\" data-end=\"626\">Ten <strong data-start=\"335\" data-end=\"356\">WASPE 15000 \u0164ahov<\/strong> je pr\u00e9miov\u00e1 <a href=\"https:\/\/vapebulkp.com\/sk\/product-category\/15000-puffs-disposable-vape\/\"><strong data-start=\"370\" data-end=\"401\">15000 \u0165ahov Jednorazov\u00fd vape<\/strong><\/a> vyroben\u00fd pre mlad\u00fdch mu\u017eov v Eur\u00f3pe, ktor\u00ed h\u013eadaj\u00fa vysoko v\u00fdkonn\u00e9 vapovanie. S 850mAh nab\u00edjate\u013enou bat\u00e9riou a pokro\u010dil\u00fdm <strong data-start=\"519\" data-end=\"543\">technol\u00f3giou mesh coil<\/strong>, poskytuje hust\u00e9 oblaky, bohat\u00fa chu\u0165 a hladk\u00e9 \u0165ahy a\u017e na 15 000 \u0165ahov.<\/p>\n<p data-start=\"628\" data-end=\"941\">Toto <strong data-start=\"633\" data-end=\"666\">jednorazov\u00e1 vapa s vysokou kapacitou<\/strong> sa dod\u00e1va v 12 odborne vytvoren\u00fdch pr\u00edchutiach a 2% alebo 5% mo\u017enostiach nikot\u00ednovej soli, ktor\u00e9 poskytuj\u00fa uspokojiv\u00fd z\u00e1sah do hrdla a dlhotrvaj\u00face vapovacie rel\u00e1cie. Kompaktn\u00fd, \u0161t\u00fdlov\u00fd a odoln\u00fd, Hot Sale Vape <strong data-start=\"843\" data-end=\"864\">WASPE 15000 \u0164ahov<\/strong> je ide\u00e1lny na ka\u017edodenn\u00e9 pou\u017eitie, spolo\u010densk\u00e9 stretnutia alebo <strong data-start=\"913\" data-end=\"938\">ve\u013ekoobchodn\u00e9 objedn\u00e1vky vape<\/strong>.<\/p>\n<p data-start=\"943\" data-end=\"1216\">T\u00e1to <strong data-start=\"974\" data-end=\"1006\">nab\u00edjate\u013en\u00fd jednorazov\u00fd vape<\/strong> podporuje bezpe\u010dn\u00e9 nab\u00edjanie a spo\u013eahliv\u00fd v\u00fdkon. Dod\u00e1van\u00e9 zo skladov v \u010c\u00edne alebo E\u00da pre <strong data-start=\"1087\" data-end=\"1104\">r\u00fdchle dodanie<\/strong>, je to ide\u00e1lna vo\u013eba pre hromadn\u00fdch kupuj\u00facich a nad\u0161encov vapovania, ktor\u00ed h\u013eadaj\u00fa konzistentn\u00e9 zariadenia pr\u00e9miovej kvality.<\/p>\n<h6 style=\"text-align: left\"><img decoding=\"async\" class=\"alignnone wp-image-2128\" src=\"http:\/\/vapebulkp.com\/wp-content\/uploads\/2024\/04\/WASPE-TORNADO-PUFF-15000-PUFFS-WHOLESALE-PRICE.jpg\" alt=\"WASPE TORNADO \u0164AH 15000 \u0164AHOV VE\u013dKOOBCHODN\u00c1 CENA\" width=\"550\" height=\"748\" srcset=\"https:\/\/vapebulkp.com\/wp-content\/uploads\/2024\/04\/WASPE-TORNADO-PUFF-15000-PUFFS-WHOLESALE-PRICE.jpg 1409w, https:\/\/vapebulkp.com\/wp-content\/uploads\/2024\/04\/WASPE-TORNADO-PUFF-15000-PUFFS-WHOLESALE-PRICE-221x300.jpg 221w, https:\/\/vapebulkp.com\/wp-content\/uploads\/2024\/04\/WASPE-TORNADO-PUFF-15000-PUFFS-WHOLESALE-PRICE-753x1024.jpg 753w, https:\/\/vapebulkp.com\/wp-content\/uploads\/2024\/04\/WASPE-TORNADO-PUFF-15000-PUFFS-WHOLESALE-PRICE-768x1044.jpg 768w, https:\/\/vapebulkp.com\/wp-content\/uploads\/2024\/04\/WASPE-TORNADO-PUFF-15000-PUFFS-WHOLESALE-PRICE-1130x1536.jpg 1130w, https:\/\/vapebulkp.com\/wp-content\/uploads\/2024\/04\/WASPE-TORNADO-PUFF-15000-PUFFS-WHOLESALE-PRICE-600x816.jpg 600w\" sizes=\"(max-width: 550px) 100vw, 550px\" \/><\/h6>\n<h6>Pre z\u013eavnen\u00fa cenu, kontaktujte pros\u00edm Mandy cez WhatsApp<a href=\"https:\/\/wa.me\/8618077105796\">+8618077105796<\/a><\/h6>\n<p><img decoding=\"async\" class=\"alignnone wp-image-2151\" src=\"http:\/\/vapebulkp.com\/wp-content\/uploads\/2024\/04\/Mandy-WhatsApp-Randm.jpg\" alt=\"Mandy WhatsApp Randm\" width=\"422\" height=\"449\" srcset=\"https:\/\/vapebulkp.com\/wp-content\/uploads\/2024\/04\/Mandy-WhatsApp-Randm.jpg 916w, https:\/\/vapebulkp.com\/wp-content\/uploads\/2024\/04\/Mandy-WhatsApp-Randm-282x300.jpg 282w, https:\/\/vapebulkp.com\/wp-content\/uploads\/2024\/04\/Mandy-WhatsApp-Randm-768x817.jpg 768w, https:\/\/vapebulkp.com\/wp-content\/uploads\/2024\/04\/Mandy-WhatsApp-Randm-600x638.jpg 600w\" sizes=\"(max-width: 422px) 100vw, 422px\" \/><\/p>\n<h2><span style=\"vertical-align: inherit\">Mysleli sme si, \u017ee by v\u00e1s mohlo zauj\u00edma\u0165 jednorazov\u00e9 VAPE WASPE 15000Puffs:<\/span><\/h2>\n<p>&nbsp;<\/p>\n<h4 class=\"style-scope ytd-watch-metadata\">1.Ako pou\u017e\u00edva\u0165 Vape Pen WASPE 15000 \u0164ahov?<\/h4>\n<p>&nbsp;<\/p>\n<p>Po prv\u00e9: Pred pou\u017eit\u00edm 15k \u0165ahov odpojte plastov\u00fa trubicu.<\/p>\n<p>Po druh\u00e9: Po\u010dkajte asi 3 min\u00faty, k\u00fdm sa \u0161\u0165ava dostane do cievky vo vn\u00fatri.<\/p>\n<p>Po tretie: U\u017eite si to<\/p>\n<h6>2.Ako nab\u00edja\u0165 jednorazov\u00e9 vapovacie zariadenie WASPE 15000 \u0165ahov?<\/h6>\n<p>R\u00fdchlonab\u00edjacie nab\u00edja\u010dky sa nedaj\u00fa pou\u017ei\u0165 a \u0161tandardn\u00fd bezpe\u010dn\u00fd v\u00fdkon jednorazov\u00fdch e-cigariet je 5V 1A.<\/p>\n<p>Ka\u017ed\u00fd \u010das nab\u00edjania nesmie presiahnu\u0165 1 hodinu a bezpe\u010dn\u00fd \u010das nab\u00edjania je pol hodiny.<\/p>\n<h6>3.Ko\u013eko \u0165ahov m\u00e1 WASPE 15k \u0165ahov?<\/h6>\n<p>\u2014-15000 Pufov<\/p>\n<p><span style=\"color: #ff6600\">Upozornenie: nenab\u00edjajte cel\u00fa noc!<\/span><\/p>\n<p>&nbsp;<\/p>\n<h3><strong><span style=\"vertical-align: inherit\">\u0160pecifik\u00e1cia pre ve\u013ekoobchod Vape WASPE 15000Puffs Vapes:<\/span><br \/>\n<\/strong><\/h3>\n<p>Bat\u00e9ria: 850mAh (Typ C)<br \/>\nKapacita: 22ml<br \/>\n\u0160pir\u00e1la: 0.8 ohm mesh<br \/>\nPribli\u017en\u00fd objem sania: 15 000 vdychov<br \/>\nPlus sila nikot\u00ednu: 2%,5%<br \/>\nMOQ: 100KS<\/p>\n<h3><strong>Ak\u00e9 s\u00fa najlep\u0161ie pr\u00edchute Vape WASPE 15k \u0165ahov?<\/strong><\/h3>\n<p>1.Vodn\u00fd mel\u00f3n \u013ead<br \/>\n2.Jahodov\u00fd mel\u00f3n<br \/>\n3. Pomaran\u010dov\u00e1 s\u00f3da<br \/>\n4. Dvojit\u00e9 jablko<br \/>\n5.Jahoda kivi<br \/>\n6. \u010cere\u0161\u0148ov\u00fd \u013ead<br \/>\n7.Aloe hrozno<br \/>\n8. Zmes lesn\u00fdch plodov<br \/>\n9. \u010cu\u010doriedkov\u00fd \u013ead<br \/>\n10. Jahodov\u00e9 mango<br \/>\n11. Modr\u00fd malinov\u00fd citr\u00f3n<br \/>\n12. Brosky\u0148ov\u00fd \u013ead<\/p>\n<p><a href=\"https:\/\/vapebulkp.com\/sk\/product\/popular-randm-tornado-7000puffs-disposable-vape-best-price\/\">https:\/\/vapebulkp.com\/product\/popular-randm-tornado-7000puffs-disposable-vape-best-price\/<\/a><\/p>\n<p><span style=\"vertical-align: inherit\">N\u00e1jdite viac produktov, ktor\u00e9 by sa v\u00e1m mohli p\u00e1\u010di\u0165:<\/span><em><a href=\"https:\/\/wa.me\/8618077105796\"><span style=\"vertical-align: inherit\">\u00a0K\u00fapi\u0165<\/span><\/a><\/em><\/p>\n<p><span style=\"vertical-align: inherit\">\u010eal\u0161ie Puffs, ktor\u00e9 by sa v\u00e1m mohli p\u00e1\u010di\u0165:<\/span><a href=\"https:\/\/vapebulkp.com\/sk\/product\/good-sale-randm-tornado-10000-puffs-plus\/\"><span style=\"vertical-align: inherit\">RandM 10000 potiahnut\u00ed<\/span><\/a><span style=\"vertical-align: inherit\">\u3001 <\/span><a href=\"https:\/\/vapebulkp.com\/sk\/product\/wholesale-randm-tornado-9000-puffs-germany\/\"><span style=\"vertical-align: inherit\">RandM Tornado 9000 potiahnut\u00ed<\/span><\/a><span style=\"vertical-align: inherit\">\/ <\/span><a href=\"https:\/\/vapebulkp.com\/sk\/product\/best-price-vape-randm-15000-puffs-good-vape\/\"><span style=\"vertical-align: inherit\">Randm 15000 \u0164ahov<\/span><\/a><span style=\"vertical-align: inherit\">\/ <\/span><a href=\"https:\/\/vapebulkp.com\/sk\/product\/bang-king-12000puffs\/\"><span style=\"vertical-align: inherit\">Bang King 12000 \u0165ahov<\/span><\/a><\/p>\n<p><span style=\"vertical-align: inherit\">E-cigareta so \u0161peci\u00e1lnym tvarom f\u013ea\u0161e:<\/span><a href=\"https:\/\/vapebulkp.com\/sk\/product\/original-vape-bang-tn-12000-puffs-bang-vape\/\"><span style=\"vertical-align: inherit\">Bang TN 12000 \u0165ahov <\/span><\/a><span style=\"vertical-align: inherit\">\/ <\/span><a href=\"https:\/\/vapebulkp.com\/sk\/product\/bang-20000-puffs-hot-vape-top-sale-vape\/\"><span style=\"vertical-align: inherit\">Bang 20000 potiahnut\u00ed <\/span><\/a><span style=\"vertical-align: inherit\">\/<\/span><a href=\"https:\/\/vapebulkp.com\/sk\/product\/bang-with-a-vape-18000-puffs-crown-bar-hot-vape\/\"><span style=\"vertical-align: inherit\">Bang S vape 18000 \u0164ahov<\/span><\/a><\/p>\n<h4>Detail dopravy:<\/h4>\n<p><span style=\"color: #ff6600\">\u010cas v\u00fdroby: 5-10 pracovn\u00fdch dn\u00ed<\/span><br \/>\n<span style=\"color: #ff6600\">\u010cas dodania: 8-14 pracovn\u00fdch dn\u00ed<\/span><\/p>\n<p>V\u0161etky produkty v na\u0161om obchode s\u00fa 100 % origin\u00e1lne a autentick\u00e9, preto desa\u0165n\u00e1sobn\u00e1 kompenz\u00e1cia za falo\u0161n\u00fd tovar je na\u0161ou obchodnou politikou. Na doru\u010denie tovaru v\u00e1m pou\u017e\u00edvame logistick\u00e9 kan\u00e1ly ako UPS\/DHL\/FEDEX\/DPD.<\/p>\n<p>Pre z\u00e1sielky doru\u010dovan\u00e9 na Slovensko to zvy\u010dajne trv\u00e1 10 pracovn\u00fdch dn\u00ed. Z\u00e1sielky do eur\u00f3pskych kraj\u00edn zvy\u010dajne dorazia za 12 a\u017e 15 pracovn\u00fdch dn\u00ed. Inform\u00e1cie o logistike v\u00e1m budeme aktualizova\u0165 v re\u00e1lnom \u010dase.<\/p>","protected":false},"excerpt":{"rendered":"<p>. <img decoding=\"async\" class=\"alignnone wp-image-2151\" src=\"http:\/\/vapebulkp.com\/wp-content\/uploads\/2024\/04\/Mandy-WhatsApp-Randm.jpg\" alt=\"Mandy WhatsApp Randm\" width=\"269\" height=\"286\" srcset=\"https:\/\/vapebulkp.com\/wp-content\/uploads\/2024\/04\/Mandy-WhatsApp-Randm.jpg 916w, https:\/\/vapebulkp.com\/wp-content\/uploads\/2024\/04\/Mandy-WhatsApp-Randm-282x300.jpg 282w, https:\/\/vapebulkp.com\/wp-content\/uploads\/2024\/04\/Mandy-WhatsApp-Randm-768x817.jpg 768w, https:\/\/vapebulkp.com\/wp-content\/uploads\/2024\/04\/Mandy-WhatsApp-Randm-600x638.jpg 600w\" sizes=\"(max-width: 269px) 100vw, 269px\" \/><\/p>\n<p>Pre z\u013eavnen\u00fa cenu, kontaktujte pros\u00edm Mandy cez WhatsApp<a href=\"https:\/\/wa.me\/8618077105796\">+8618077105796<\/a><\/p>\n<p><span style=\"color: #ff0000\">POZN\u00c1MKA: Ceny na na\u0161ej webovej str\u00e1nke nezah\u0155\u0148aj\u00fa n\u00e1klady na dopravu<\/span><\/p>","protected":false},"featured_media":2126,"comment_status":"open","ping_status":"closed","template":"","meta":{"_uag_custom_page_level_css":"","_lmt_disableupdate":"no","_lmt_disable":"","site-sidebar-layout":"default","site-content-layout":"content-boxed-container","ast-site-content-layout":"normal-width-container","site-content-style":"boxed","site-sidebar-style":"unboxed","ast-global-header-display":"","ast-banner-title-visibility":"","ast-main-header-display":"","ast-hfb-above-header-display":"","ast-hfb-below-header-display":"","ast-hfb-mobile-header-display":"","site-post-title":"","ast-breadcrumbs-content":"","ast-featured-img":"","footer-sml-layout":"","theme-transparent-header-meta":"default","adv-header-id-meta":"","stick-header-meta":"","header-above-stick-meta":"","header-main-stick-meta":"","header-below-stick-meta":"","astra-migrate-meta-layouts":"set","_joinchat":[]},"product_cat":[165,153,155,33,59,100,34,158,157,154,152,58,84,156,63,32,365],"product_tag":[77,36,37,41,71,40],"class_list":["post-2147","product","type-product","status-publish","has-post-thumbnail","hentry","product_cat-15000-puffs-disposable-vape","product_cat-hot-disposable-vapes","product_cat-belgium-hot-disposable-vapes","product_cat-france-vape-hot-sale","product_cat-germany-hot-disposable-vape","product_cat-germany-wholesale-vape-shop","product_cat-netherlands-vape-good-sale","product_cat-norway-hot-disposable-vapes","product_cat-poland-hot-disposable-vapes","product_cat-portugal-hot-disposable-vapes","product_cat-spain-hot-disposable-vapes","product_cat-sweden-hot-disposable-vape","product_cat-sweden-wholesale-vape","product_cat-switzerland-hot-disposable-vapes","product_cat-top-sale-disposable-vape","product_cat-vape-hot-sale-this-week","product_cat-waspe-vape","product_tag-15000-puffs","product_tag-good-vape","product_tag-hot-sale-disposable-vape","product_tag-poland-hot-vape","product_tag-randm","product_tag-sweden-hot-vape","pa_brand-waspe-vape","desktop-align-left","tablet-align-left","mobile-align-left"],"yoast_head":"<!-- This site is optimized with the Yoast SEO plugin v21.1 - https:\/\/yoast.com\/wordpress\/plugins\/seo\/ -->\n<title>Wholesale Price Randm 15k WASPE 15000 Puffs Best Vape - vapebulkp.com<\/title>\n<meta name=\"description\" content=\"Buy Popular Vape WASPE 15000 Puffs Disposable vape is our recent best-selling product, with unique taste buds for you to choose .\" \/>\n<meta name=\"robots\" content=\"index, follow, max-snippet:-1, max-image-preview:large, max-video-preview:-1\" \/>\n<link rel=\"canonical\" href=\"https:\/\/vapebulkp.com\/sk\/product\/wholesale-price-randm-15k-waspe-15000-puffs-best-vape\/\" \/>\n<meta property=\"og:locale\" content=\"sk_SK\" \/>\n<meta property=\"og:type\" content=\"article\" \/>\n<meta property=\"og:title\" content=\"Wholesale Price Randm 15k WASPE 15000 Puffs Best Vape - vapebulkp.com\" \/>\n<meta property=\"og:description\" content=\"Buy Popular Vape WASPE 15000 Puffs Disposable vape is our recent best-selling product, with unique taste buds for you to choose .\" \/>\n<meta property=\"og:url\" content=\"https:\/\/vapebulkp.com\/sk\/product\/wholesale-price-randm-15k-waspe-15000-puffs-best-vape\/\" \/>\n<meta property=\"og:site_name\" content=\"vapebulkp.com\" \/>\n<meta property=\"article:modified_time\" content=\"2025-09-24T03:49:03+00:00\" \/>\n<meta property=\"og:image\" content=\"http:\/\/vapebulkp.com\/wp-content\/uploads\/2024\/04\/WASPE-TORNADO-PUFF-15000-PUFF-BULK-PRICE.jpg\" \/>\n\t<meta property=\"og:image:width\" content=\"2000\" \/>\n\t<meta property=\"og:image:height\" content=\"937\" \/>\n\t<meta property=\"og:image:type\" content=\"image\/jpeg\" \/>\n<meta name=\"twitter:card\" content=\"summary_large_image\" \/>\n<meta name=\"twitter:label1\" content=\"Predpokladan\u00fd \u010das \u010d\u00edtania\" \/>\n\t<meta name=\"twitter:data1\" content=\"3 min\u00faty\" \/>\n<script type=\"application\/ld+json\" class=\"yoast-schema-graph\">{\"@context\":\"https:\/\/schema.org\",\"@graph\":[{\"@type\":\"WebPage\",\"@id\":\"https:\/\/vapebulkp.com\/product\/wholesale-price-randm-15k-waspe-15000-puffs-best-vape\/\",\"url\":\"https:\/\/vapebulkp.com\/product\/wholesale-price-randm-15k-waspe-15000-puffs-best-vape\/\",\"name\":\"Wholesale Price Randm 15k WASPE 15000 Puffs Best Vape - vapebulkp.com\",\"isPartOf\":{\"@id\":\"https:\/\/vapebulkp.com\/#website\"},\"datePublished\":\"2024-04-03T03:07:44+00:00\",\"dateModified\":\"2025-09-24T03:49:03+00:00\",\"description\":\"Buy Popular Vape WASPE 15000 Puffs Disposable vape is our recent best-selling product, with unique taste buds for you to choose .\",\"breadcrumb\":{\"@id\":\"https:\/\/vapebulkp.com\/product\/wholesale-price-randm-15k-waspe-15000-puffs-best-vape\/#breadcrumb\"},\"inLanguage\":\"sk-SK\",\"potentialAction\":[{\"@type\":\"ReadAction\",\"target\":[\"https:\/\/vapebulkp.com\/product\/wholesale-price-randm-15k-waspe-15000-puffs-best-vape\/\"]}]},{\"@type\":\"BreadcrumbList\",\"@id\":\"https:\/\/vapebulkp.com\/product\/wholesale-price-randm-15k-waspe-15000-puffs-best-vape\/#breadcrumb\",\"itemListElement\":[{\"@type\":\"ListItem\",\"position\":1,\"name\":\"Home\",\"item\":\"https:\/\/vapebulkp.com\/\"},{\"@type\":\"ListItem\",\"position\":2,\"name\":\"Hot Trend Vapes\",\"item\":\"https:\/\/vapebulkp.com\/vape-shop\/\"},{\"@type\":\"ListItem\",\"position\":3,\"name\":\"Wholesale Price Randm 15k WASPE 15000 Puffs Best Vape\"}]},{\"@type\":\"WebSite\",\"@id\":\"https:\/\/vapebulkp.com\/#website\",\"url\":\"https:\/\/vapebulkp.com\/\",\"name\":\"vapebulkp.com\",\"description\":\"Buy Vape In Cheap Bulk Price Near you\",\"publisher\":{\"@id\":\"https:\/\/vapebulkp.com\/#organization\"},\"potentialAction\":[{\"@type\":\"SearchAction\",\"target\":{\"@type\":\"EntryPoint\",\"urlTemplate\":\"https:\/\/vapebulkp.com\/?s={search_term_string}\"},\"query-input\":\"required name=search_term_string\"}],\"inLanguage\":\"sk-SK\"},{\"@type\":\"Organization\",\"@id\":\"https:\/\/vapebulkp.com\/#organization\",\"name\":\"vapebulkp.com\",\"url\":\"https:\/\/vapebulkp.com\/\",\"logo\":{\"@type\":\"ImageObject\",\"inLanguage\":\"sk-SK\",\"@id\":\"https:\/\/vapebulkp.com\/#\/schema\/logo\/image\/\",\"url\":\"https:\/\/vapebulkp.com\/wp-content\/uploads\/2023\/09\/cropped-vapebulkp.png\",\"contentUrl\":\"https:\/\/vapebulkp.com\/wp-content\/uploads\/2023\/09\/cropped-vapebulkp.png\",\"width\":516,\"height\":163,\"caption\":\"vapebulkp.com\"},\"image\":{\"@id\":\"https:\/\/vapebulkp.com\/#\/schema\/logo\/image\/\"}}]}<\/script>\n<!-- \/ Yoast SEO plugin. -->","yoast_head_json":{"title":"Wholesale Price Randm 15k WASPE 15000 Puffs Best Vape - vapebulkp.com","description":"Buy Popular Vape WASPE 15000 Puffs Disposable vape is our recent best-selling product, with unique taste buds for you to choose .","robots":{"index":"index","follow":"follow","max-snippet":"max-snippet:-1","max-image-preview":"max-image-preview:large","max-video-preview":"max-video-preview:-1"},"canonical":"https:\/\/vapebulkp.com\/sk\/product\/wholesale-price-randm-15k-waspe-15000-puffs-best-vape\/","og_locale":"sk_SK","og_type":"article","og_title":"Wholesale Price Randm 15k WASPE 15000 Puffs Best Vape - vapebulkp.com","og_description":"Buy Popular Vape WASPE 15000 Puffs Disposable vape is our recent best-selling product, with unique taste buds for you to choose .","og_url":"https:\/\/vapebulkp.com\/sk\/product\/wholesale-price-randm-15k-waspe-15000-puffs-best-vape\/","og_site_name":"vapebulkp.com","article_modified_time":"2025-09-24T03:49:03+00:00","og_image":[{"width":2000,"height":937,"url":"http:\/\/vapebulkp.com\/wp-content\/uploads\/2024\/04\/WASPE-TORNADO-PUFF-15000-PUFF-BULK-PRICE.jpg","type":"image\/jpeg"}],"twitter_card":"summary_large_image","twitter_misc":{"Predpokladan\u00fd \u010das \u010d\u00edtania":"3 min\u00faty"},"schema":{"@context":"https:\/\/schema.org","@graph":[{"@type":"WebPage","@id":"https:\/\/vapebulkp.com\/product\/wholesale-price-randm-15k-waspe-15000-puffs-best-vape\/","url":"https:\/\/vapebulkp.com\/product\/wholesale-price-randm-15k-waspe-15000-puffs-best-vape\/","name":"Wholesale Price Randm 15k WASPE 15000 Puffs Best Vape - vapebulkp.com","isPartOf":{"@id":"https:\/\/vapebulkp.com\/#website"},"datePublished":"2024-04-03T03:07:44+00:00","dateModified":"2025-09-24T03:49:03+00:00","description":"Buy Popular Vape WASPE 15000 Puffs Disposable vape is our recent best-selling product, with unique taste buds for you to choose .","breadcrumb":{"@id":"https:\/\/vapebulkp.com\/product\/wholesale-price-randm-15k-waspe-15000-puffs-best-vape\/#breadcrumb"},"inLanguage":"sk-SK","potentialAction":[{"@type":"ReadAction","target":["https:\/\/vapebulkp.com\/product\/wholesale-price-randm-15k-waspe-15000-puffs-best-vape\/"]}]},{"@type":"BreadcrumbList","@id":"https:\/\/vapebulkp.com\/product\/wholesale-price-randm-15k-waspe-15000-puffs-best-vape\/#breadcrumb","itemListElement":[{"@type":"ListItem","position":1,"name":"Home","item":"https:\/\/vapebulkp.com\/"},{"@type":"ListItem","position":2,"name":"Hot Trend Vapes","item":"https:\/\/vapebulkp.com\/vape-shop\/"},{"@type":"ListItem","position":3,"name":"Wholesale Price Randm 15k WASPE 15000 Puffs Best Vape"}]},{"@type":"WebSite","@id":"https:\/\/vapebulkp.com\/#website","url":"https:\/\/vapebulkp.com\/","name":"vapebulkp.com","description":"Buy Vape In Cheap Bulk Price Near you","publisher":{"@id":"https:\/\/vapebulkp.com\/#organization"},"potentialAction":[{"@type":"SearchAction","target":{"@type":"EntryPoint","urlTemplate":"https:\/\/vapebulkp.com\/?s={search_term_string}"},"query-input":"required name=search_term_string"}],"inLanguage":"sk-SK"},{"@type":"Organization","@id":"https:\/\/vapebulkp.com\/#organization","name":"vapebulkp.com","url":"https:\/\/vapebulkp.com\/","logo":{"@type":"ImageObject","inLanguage":"sk-SK","@id":"https:\/\/vapebulkp.com\/#\/schema\/logo\/image\/","url":"https:\/\/vapebulkp.com\/wp-content\/uploads\/2023\/09\/cropped-vapebulkp.png","contentUrl":"https:\/\/vapebulkp.com\/wp-content\/uploads\/2023\/09\/cropped-vapebulkp.png","width":516,"height":163,"caption":"vapebulkp.com"},"image":{"@id":"https:\/\/vapebulkp.com\/#\/schema\/logo\/image\/"}}]}},"uagb_featured_image_src":{"full":["https:\/\/vapebulkp.com\/wp-content\/uploads\/2024\/04\/WASPE-TORNADO-PUFF-15000-PUFF-BULK-PRICE.jpg",2000,937,false],"thumbnail":["https:\/\/vapebulkp.com\/wp-content\/uploads\/2024\/04\/WASPE-TORNADO-PUFF-15000-PUFF-BULK-PRICE-150x150.jpg",150,150,true],"medium":["https:\/\/vapebulkp.com\/wp-content\/uploads\/2024\/04\/WASPE-TORNADO-PUFF-15000-PUFF-BULK-PRICE-300x141.jpg",300,141,true],"medium_large":["https:\/\/vapebulkp.com\/wp-content\/uploads\/2024\/04\/WASPE-TORNADO-PUFF-15000-PUFF-BULK-PRICE-768x360.jpg",768,360,true],"large":["https:\/\/vapebulkp.com\/wp-content\/uploads\/2024\/04\/WASPE-TORNADO-PUFF-15000-PUFF-BULK-PRICE-1024x480.jpg",1024,480,true],"1536x1536":["https:\/\/vapebulkp.com\/wp-content\/uploads\/2024\/04\/WASPE-TORNADO-PUFF-15000-PUFF-BULK-PRICE-1536x720.jpg",1536,720,true],"2048x2048":["https:\/\/vapebulkp.com\/wp-content\/uploads\/2024\/04\/WASPE-TORNADO-PUFF-15000-PUFF-BULK-PRICE.jpg",2000,937,false],"trp-custom-language-flag":["https:\/\/vapebulkp.com\/wp-content\/uploads\/2024\/04\/WASPE-TORNADO-PUFF-15000-PUFF-BULK-PRICE.jpg",18,8,false],"woocommerce_thumbnail":["https:\/\/vapebulkp.com\/wp-content\/uploads\/2024\/04\/WASPE-TORNADO-PUFF-15000-PUFF-BULK-PRICE-300x300.jpg",300,300,true],"woocommerce_single":["https:\/\/vapebulkp.com\/wp-content\/uploads\/2024\/04\/WASPE-TORNADO-PUFF-15000-PUFF-BULK-PRICE-600x281.jpg",600,281,true],"woocommerce_gallery_thumbnail":["https:\/\/vapebulkp.com\/wp-content\/uploads\/2024\/04\/WASPE-TORNADO-PUFF-15000-PUFF-BULK-PRICE-100x100.jpg",100,100,true],"wcpr-photo-reviews":["https:\/\/vapebulkp.com\/wp-content\/uploads\/2024\/04\/WASPE-TORNADO-PUFF-15000-PUFF-BULK-PRICE.jpg",500,234,false]},"uagb_author_info":{"display_name":"Mandy vape bulk price","author_link":"https:\/\/vapebulkp.com\/sk\/author\/"},"uagb_comment_info":0,"uagb_excerpt":". Pls Contact Mandy's WhatsApp For Discount Price+8618077105796 NOTE: Prices on our website does not include shipping costs","_links":{"self":[{"href":"https:\/\/vapebulkp.com\/sk\/wp-json\/wp\/v2\/product\/2147","targetHints":{"allow":["GET"]}}],"collection":[{"href":"https:\/\/vapebulkp.com\/sk\/wp-json\/wp\/v2\/product"}],"about":[{"href":"https:\/\/vapebulkp.com\/sk\/wp-json\/wp\/v2\/types\/product"}],"replies":[{"embeddable":true,"href":"https:\/\/vapebulkp.com\/sk\/wp-json\/wp\/v2\/comments?post=2147"}],"wp:featuredmedia":[{"embeddable":true,"href":"https:\/\/vapebulkp.com\/sk\/wp-json\/wp\/v2\/media\/2126"}],"wp:attachment":[{"href":"https:\/\/vapebulkp.com\/sk\/wp-json\/wp\/v2\/media?parent=2147"}],"wp:term":[{"taxonomy":"product_cat","embeddable":true,"href":"https:\/\/vapebulkp.com\/sk\/wp-json\/wp\/v2\/product_cat?post=2147"},{"taxonomy":"product_tag","embeddable":true,"href":"https:\/\/vapebulkp.com\/sk\/wp-json\/wp\/v2\/product_tag?post=2147"}],"curies":[{"name":"wp","href":"https:\/\/api.w.org\/{rel}","templated":true}]}}