{"id":2152,"date":"2024-04-16T10:01:45","date_gmt":"2024-04-16T08:01:45","guid":{"rendered":"https:\/\/vapebulkp.com\/?post_type=product&#038;p=2152"},"modified":"2025-09-24T05:42:00","modified_gmt":"2025-09-24T03:42:00","slug":"good-vape-waspe-digital-box-12000-puffs-fumot-box-12k-puffs-wholeslae-price","status":"publish","type":"product","link":"https:\/\/vapebulkp.com\/sk\/product\/good-vape-waspe-digital-box-12000-puffs-fumot-box-12k-puffs-wholeslae-price\/","title":{"rendered":"Dobr\u00e1 elektronick\u00e1 cigareta WASPE Digit\u00e1lna krabi\u010dka 12000 P\u00f4fov Fumot Box 12K P\u00f4fov Ve\u013ekoobchodn\u00e1 cena"},"content":{"rendered":"<h2>Dobr\u00e1 elektronick\u00e1 cigareta WASPE Digit\u00e1lna krabi\u010dka 12000 P\u00f4fov Fumot Box 12K P\u00f4fov Ve\u013ekoobchodn\u00e1 cena<\/h2>\n<p data-start=\"149\" data-end=\"463\">Digit\u00e1lna skrinka WASPE <strong>12000 \u0165ahov Jednorazov\u00fd vape<\/strong> poskytuje v\u00fdkonn\u00fd v\u00fdkon, bohat\u00fa chu\u0165 a maxim\u00e1lne pohodlie pre eur\u00f3pskych vaperov. Toto <strong data-start=\"280\" data-end=\"312\">nab\u00edjate\u013en\u00fd jednorazov\u00fd vape<\/strong> je vybaven\u00e1 odolnou bat\u00e9riou s kapacitou 850 mAh a <strong data-start=\"359\" data-end=\"388\">Vape s r\u00fdchlym nab\u00edjan\u00edm Type-C<\/strong>, poskytuj\u00faca nepreru\u0161ovan\u00e9 vapingov\u00e9 rel\u00e1cie a r\u00fdchle dobitie, ke\u010f je to potrebn\u00e9.<\/p>\n<p data-start=\"465\" data-end=\"742\">S objemom 20 ml <strong data-start=\"482\" data-end=\"516\">dlhotrvaj\u00faca kapacita e-liquidu<\/strong> a presne navrhnut\u00e9 <strong data-start=\"542\" data-end=\"567\">mesh coil vape zariadenie<\/strong>, produkuje hladk\u00fa, hust\u00fa paru s konzistentnou chu\u0165ou od za\u010diatku do konca. Mo\u017enosti nikot\u00ednovej soli 21 mg\/ml a 51 mg\/ml umo\u017e\u0148uj\u00fa pou\u017e\u00edvate\u013eom prisp\u00f4sobi\u0165 si \u00fader pod\u013ea osobn\u00fdch preferenci\u00ed.<\/p>\n<p data-start=\"744\" data-end=\"975\">Kompaktn\u00fd a \u013eahk\u00fd <a href=\"https:\/\/vapebulkp.com\/sk\/product-category\/12000-puffs-disposable-vape\/\"><strong data-start=\"773\" data-end=\"804\">12000 \u0165ahov Jednorazov\u00fd vape<\/strong><\/a> je ide\u00e1lna na vaping na cest\u00e1ch, na denn\u00e9 pou\u017eitie alebo ve\u013ekoobchodn\u00e9 objedn\u00e1vky pre <strong data-start=\"868\" data-end=\"893\">ve\u013ekoobchodn\u00fd vaporiz\u00e9r Eur\u00f3pa<\/strong>, pon\u00fakaj\u00faca pr\u00e9miov\u00fa zmes pohodlia, \u0161t\u00fdlu a spo\u013eahlivosti v ka\u017edej jednotke.<\/p>\n<h6 style=\"text-align: left\"><img decoding=\"async\" class=\"alignnone wp-image-2119\" src=\"http:\/\/vapebulkp.com\/wp-content\/uploads\/2024\/04\/Good-Sale-Vape-WASPE-Digital-box-12000-Puffs-6.jpg\" alt=\"Dobr\u00fd predaj Vape WASPE Digital box 12000 potiahnut\u00ed\" width=\"818\" height=\"491\" srcset=\"https:\/\/vapebulkp.com\/wp-content\/uploads\/2024\/04\/Good-Sale-Vape-WASPE-Digital-box-12000-Puffs-6.jpg 2500w, https:\/\/vapebulkp.com\/wp-content\/uploads\/2024\/04\/Good-Sale-Vape-WASPE-Digital-box-12000-Puffs-6-300x180.jpg 300w, https:\/\/vapebulkp.com\/wp-content\/uploads\/2024\/04\/Good-Sale-Vape-WASPE-Digital-box-12000-Puffs-6-1024x614.jpg 1024w, https:\/\/vapebulkp.com\/wp-content\/uploads\/2024\/04\/Good-Sale-Vape-WASPE-Digital-box-12000-Puffs-6-768x461.jpg 768w, https:\/\/vapebulkp.com\/wp-content\/uploads\/2024\/04\/Good-Sale-Vape-WASPE-Digital-box-12000-Puffs-6-1536x922.jpg 1536w, https:\/\/vapebulkp.com\/wp-content\/uploads\/2024\/04\/Good-Sale-Vape-WASPE-Digital-box-12000-Puffs-6-2048x1229.jpg 2048w, https:\/\/vapebulkp.com\/wp-content\/uploads\/2024\/04\/Good-Sale-Vape-WASPE-Digital-box-12000-Puffs-6-600x360.jpg 600w\" sizes=\"(max-width: 818px) 100vw, 818px\" \/><\/h6>\n<h6>Pre z\u013eavnen\u00fa cenu, kontaktujte pros\u00edm Mandy cez WhatsApp<a href=\"https:\/\/wa.me\/8618077105796\">+8618077105796<\/a><\/h6>\n<p><img decoding=\"async\" class=\"alignnone wp-image-2151\" src=\"http:\/\/vapebulkp.com\/wp-content\/uploads\/2024\/04\/Mandy-WhatsApp-Randm.jpg\" alt=\"Mandy WhatsApp Rande\" width=\"340\" height=\"361\" srcset=\"https:\/\/vapebulkp.com\/wp-content\/uploads\/2024\/04\/Mandy-WhatsApp-Randm.jpg 916w, https:\/\/vapebulkp.com\/wp-content\/uploads\/2024\/04\/Mandy-WhatsApp-Randm-282x300.jpg 282w, https:\/\/vapebulkp.com\/wp-content\/uploads\/2024\/04\/Mandy-WhatsApp-Randm-768x817.jpg 768w, https:\/\/vapebulkp.com\/wp-content\/uploads\/2024\/04\/Mandy-WhatsApp-Randm-600x638.jpg 600w\" sizes=\"(max-width: 340px) 100vw, 340px\" \/><\/p>\n<h2><span style=\"vertical-align: inherit\">Mysleli sme si, \u017ee by v\u00e1s mohlo zauj\u00edma\u0165 inteligentn\u00e9 vapovacie zariadenie WASPE Digital box 12000 Puffs:<\/span><\/h2>\n<p>&nbsp;<\/p>\n<h5 class=\"style-scope ytd-watch-metadata\">1. Ako pou\u017e\u00edva\u0165 WASPE Digital Box 12K Puffs Vape Pen?<\/h5>\n<p>Krok 1. Pred pou\u017eit\u00edm 12 000 potiahnut\u00ed odpojte plastov\u00fa trubicu.<\/p>\n<p>Krok 2. Po\u010dkajte asi 3 min\u00faty, k\u00fdm sa \u0161\u0165ava dostane do \u0161pir\u00e1ly vo vn\u00fatri.<\/p>\n<p>Krok 3. U\u017eite si to<\/p>\n<h5>2. AKO NAB\u00cdJA\u0164 JEDNORAZOV\u00da VAPE WASPE Digital box 12k puff VAPE ZARIADENIE?<\/h5>\n<p>R\u00fdchlonab\u00edjacie nab\u00edja\u010dky sa nedaj\u00fa pou\u017ei\u0165 a \u0161tandardn\u00fd bezpe\u010dn\u00fd v\u00fdkon jednorazov\u00fdch e-cigariet je 5V 1A.<\/p>\n<p>Ka\u017ed\u00fd \u010das nab\u00edjania nesmie presiahnu\u0165 1 hodinu a bezpe\u010dn\u00fd \u010das nab\u00edjania je pol hodiny.<\/p>\n<h5>3. KO\u013dKO POTIAHNUT\u00cd M\u00c1 WASPE Digital box 12000 JEDNORAZOV\u00c1 VAPE?<\/h5>\n<p>12000 oblakov<\/p>\n<p><span style=\"color: #ff6600\">Upozornenie: nenab\u00edjajte cel\u00fa noc!<\/span><\/p>\n<p>&nbsp;<\/p>\n<h3><strong><span style=\"vertical-align: inherit\">\u0160pecifik\u00e1cia pre digit\u00e1lnu krabi\u010dku WASPE 12000 Puff:<\/span><br \/>\n<\/strong><\/h3>\n<p>Bat\u00e9ria: 850mAh (Typ C)<br \/>\nKapacita: 20ml<br \/>\n\u0160pir\u00e1la: 0.8 ohm mesh<br \/>\nPribli\u017en\u00fd objem nas\u00e1vania: 12000 potiahnut\u00ed<br \/>\nPlus sila nikot\u00ednu: 2%,5%<br \/>\nMOQ: 100KS<\/p>\n<h3><strong>Ve\u013ekoobchod s vapmi WASPE Digital Box 12000 potiahnut\u00ed Pr\u00edchute:<\/strong><\/h3>\n<p>1. Vodn\u00fd mel\u00f3n s \u013eadom<br \/>\n2. Hroznov\u00fd \u013ead<br \/>\n3.Jahoda vodn\u00fd mel\u00f3n<br \/>\n4. Zmes bobu\u013eov\u00e9ho ovocia<br \/>\n5. Jahodov\u00e9 \u0161i\u0161ky<br \/>\n6. \u010cu\u010doriedka malina<br \/>\n7. Vodn\u00fd mel\u00f3n mango brosky\u0148a<br \/>\n8. Jahoda malina \u010dere\u0161\u0148a<br \/>\n9. Modr\u00e1 malina s \u013eadom<br \/>\n10. \u010cerven\u00e9 v\u00edno hru\u0161kov\u00fd d\u017e\u00fas<\/p>\n<p><a href=\"https:\/\/vapebulkp.com\/sk\/product\/popular-randm-tornado-7000puffs-disposable-vape-best-price\/\">https:\/\/vapebulkp.com\/product\/popular-randm-tornado-7000puffs-disposable-vape-best-price\/<\/a><\/p>\n<p><span style=\"vertical-align: inherit\">N\u00e1jdite viac produktov, ktor\u00e9 by sa v\u00e1m mohli p\u00e1\u010di\u0165:<\/span><em><a href=\"https:\/\/wa.me\/8618077105796\"><span style=\"vertical-align: inherit\">\u00a0K\u00fapi\u0165<\/span><\/a><\/em><\/p>\n<p><span style=\"vertical-align: inherit\">\u010eal\u0161ie Puffs, ktor\u00e9 by sa v\u00e1m mohli p\u00e1\u010di\u0165:<\/span><a href=\"https:\/\/vapebulkp.com\/sk\/product\/good-sale-randm-tornado-10000-puffs-plus\/\"><span style=\"vertical-align: inherit\">RandM 10000 potiahnut\u00ed<\/span><\/a><span style=\"vertical-align: inherit\">\u3001 <\/span><a href=\"https:\/\/vapebulkp.com\/sk\/product\/wholesale-randm-tornado-9000-puffs-germany\/\"><span style=\"vertical-align: inherit\">RandM Tornado 9000 potiahnut\u00ed<\/span><\/a><span style=\"vertical-align: inherit\">\/ <\/span><a href=\"https:\/\/vapebulkp.com\/sk\/product\/popular-bang-king-10000-puffs-vape-good-price\/\"><span style=\"vertical-align: inherit\">Bang King 10000 Puffs<\/span><\/a><span style=\"vertical-align: inherit\">\/ <\/span><a href=\"https:\/\/vapebulkp.com\/sk\/product\/bang-with-a-vape-18000-puffs-crown-bar-hot-vape\/\"><span style=\"vertical-align: inherit\">Bang King 18000 potiahnut\u00ed<\/span><\/a><\/p>\n<p><span style=\"vertical-align: inherit\">E-cigareta so \u0161peci\u00e1lnym tvarom f\u013ea\u0161e:<\/span><a href=\"https:\/\/vapebulkp.com\/sk\/product\/popular-kulx-10000puffs-disposable-vape-good-price\/\"><span style=\"vertical-align: inherit\">Kulx vape 10000 potiahnut\u00ed <\/span><\/a><span style=\"vertical-align: inherit\">\/ <\/span><a href=\"https:\/\/vapebulkp.com\/sk\/product\/bang-20000-puffs-hot-vape-top-sale-vape\/\"><span style=\"vertical-align: inherit\">Bang 20000 potiahnut\u00ed <\/span><\/a><span style=\"vertical-align: inherit\">\/<\/span><a href=\"https:\/\/vapebulkp.com\/sk\/product\/popular-vape-bang-king-15000-puffs-bang-vape\/\"><span style=\"vertical-align: inherit\">Bang King 15000 potiahnut\u00ed<\/span><\/a><\/p>\n<h4>Detail dopravy:<\/h4>\n<p><span style=\"color: #ff6600\">\u010cas v\u00fdroby: 5-10 pracovn\u00fdch dn\u00ed<\/span><br \/>\n<span style=\"color: #ff6600\">\u010cas dodania: 8-14 pracovn\u00fdch dn\u00ed<\/span><\/p>\n<p>V\u0161etky produkty v na\u0161om obchode s\u00fa 100 % origin\u00e1lne a autentick\u00e9, preto desa\u0165n\u00e1sobn\u00e1 kompenz\u00e1cia za falo\u0161n\u00fd tovar je na\u0161ou obchodnou politikou. Na doru\u010denie tovaru v\u00e1m pou\u017e\u00edvame logistick\u00e9 kan\u00e1ly ako UPS\/DHL\/FEDEX\/DPD.<\/p>\n<p>Pre z\u00e1sielky doru\u010dovan\u00e9 na Slovensko to zvy\u010dajne trv\u00e1 10 pracovn\u00fdch dn\u00ed. Z\u00e1sielky do eur\u00f3pskych kraj\u00edn zvy\u010dajne dorazia za 12 a\u017e 15 pracovn\u00fdch dn\u00ed. Inform\u00e1cie o logistike v\u00e1m budeme aktualizova\u0165 v re\u00e1lnom \u010dase.<\/p>","protected":false},"excerpt":{"rendered":"<p>Dobr\u00e1 predajn\u00e1 vape WASPE Digital Box 12000 potiahnut\u00ed tento t\u00fd\u017ede\u0148<\/p>\n<p>Ve\u013ekoobchodn\u00e1 vape WASPE Digital box 12k potiahnut\u00ed<\/p>\n<p><img decoding=\"async\" class=\"alignnone wp-image-2151\" src=\"http:\/\/vapebulkp.com\/wp-content\/uploads\/2024\/04\/Mandy-WhatsApp-Randm.jpg\" alt=\"Mandy WhatsApp Rande\" width=\"274\" height=\"291\" srcset=\"https:\/\/vapebulkp.com\/wp-content\/uploads\/2024\/04\/Mandy-WhatsApp-Randm.jpg 916w, https:\/\/vapebulkp.com\/wp-content\/uploads\/2024\/04\/Mandy-WhatsApp-Randm-282x300.jpg 282w, https:\/\/vapebulkp.com\/wp-content\/uploads\/2024\/04\/Mandy-WhatsApp-Randm-768x817.jpg 768w, https:\/\/vapebulkp.com\/wp-content\/uploads\/2024\/04\/Mandy-WhatsApp-Randm-600x638.jpg 600w\" sizes=\"(max-width: 274px) 100vw, 274px\" \/><\/p>\n<p>Pre z\u013eavnen\u00fa cenu, kontaktujte pros\u00edm Mandy cez WhatsApp<a href=\"https:\/\/wa.me\/8618077105796\">+8618077105796<\/a><\/p>\n<p><span style=\"color: #ff0000\">POZN\u00c1MKA: Ceny na na\u0161ej webovej str\u00e1nke nezah\u0155\u0148aj\u00fa n\u00e1klady na dopravu<\/span><\/p>","protected":false},"featured_media":2342,"comment_status":"open","ping_status":"closed","template":"","meta":{"_uag_custom_page_level_css":"","_lmt_disableupdate":"no","_lmt_disable":"","site-sidebar-layout":"default","site-content-layout":"content-boxed-container","ast-site-content-layout":"normal-width-container","site-content-style":"boxed","site-sidebar-style":"unboxed","ast-global-header-display":"","ast-banner-title-visibility":"","ast-main-header-display":"","ast-hfb-above-header-display":"","ast-hfb-below-header-display":"","ast-hfb-mobile-header-display":"","site-post-title":"","ast-breadcrumbs-content":"","ast-featured-img":"","footer-sml-layout":"","theme-transparent-header-meta":"default","adv-header-id-meta":"","stick-header-meta":"","header-above-stick-meta":"","header-main-stick-meta":"","header-below-stick-meta":"","astra-migrate-meta-layouts":"set","_joinchat":[]},"product_cat":[166,153,155,33,59,100,34,158,157,154,152,58,84,156,63,32,365],"product_tag":[45,36,37,41,71,40],"class_list":["post-2152","product","type-product","status-publish","has-post-thumbnail","hentry","product_cat-12000-puffs-disposable-vape","product_cat-hot-disposable-vapes","product_cat-belgium-hot-disposable-vapes","product_cat-france-vape-hot-sale","product_cat-germany-hot-disposable-vape","product_cat-germany-wholesale-vape-shop","product_cat-netherlands-vape-good-sale","product_cat-norway-hot-disposable-vapes","product_cat-poland-hot-disposable-vapes","product_cat-portugal-hot-disposable-vapes","product_cat-spain-hot-disposable-vapes","product_cat-sweden-hot-disposable-vape","product_cat-sweden-wholesale-vape","product_cat-switzerland-hot-disposable-vapes","product_cat-top-sale-disposable-vape","product_cat-vape-hot-sale-this-week","product_cat-waspe-vape","product_tag-12000puffs-good-vape","product_tag-good-vape","product_tag-hot-sale-disposable-vape","product_tag-poland-hot-vape","product_tag-randm","product_tag-sweden-hot-vape","pa_brand-waspe-vape","desktop-align-left","tablet-align-left","mobile-align-left"],"yoast_head":"<!-- This site is optimized with the Yoast SEO plugin v21.1 - https:\/\/yoast.com\/wordpress\/plugins\/seo\/ -->\n<title>Good Vape WASPE Digital Box 12000 Puffs Fumot Box 12K Puffs Wholeslae Price - vapebulkp.com<\/title>\n<meta name=\"description\" content=\"The wholesale price vape WASPE Digital box 12000 puffs features a display on the face and a unique design that fits easily into your pocket or purse.\" \/>\n<meta name=\"robots\" content=\"index, follow, max-snippet:-1, max-image-preview:large, max-video-preview:-1\" \/>\n<link rel=\"canonical\" href=\"https:\/\/vapebulkp.com\/sk\/product\/good-vape-waspe-digital-box-12000-puffs-fumot-box-12k-puffs-wholeslae-price\/\" \/>\n<meta property=\"og:locale\" content=\"sk_SK\" \/>\n<meta property=\"og:type\" content=\"article\" \/>\n<meta property=\"og:title\" content=\"Good Vape WASPE Digital Box 12000 Puffs Fumot Box 12K Puffs Wholeslae Price - vapebulkp.com\" \/>\n<meta property=\"og:description\" content=\"The wholesale price vape WASPE Digital box 12000 puffs features a display on the face and a unique design that fits easily into your pocket or purse.\" \/>\n<meta property=\"og:url\" content=\"https:\/\/vapebulkp.com\/sk\/product\/good-vape-waspe-digital-box-12000-puffs-fumot-box-12k-puffs-wholeslae-price\/\" \/>\n<meta property=\"og:site_name\" content=\"vapebulkp.com\" \/>\n<meta property=\"article:modified_time\" content=\"2025-09-24T03:42:00+00:00\" \/>\n<meta property=\"og:image\" content=\"http:\/\/vapebulkp.com\/wp-content\/uploads\/2024\/04\/Good-Sale-Vape-WASPE-Digital-Box-12000-puffs.png\" \/>\n\t<meta property=\"og:image:width\" content=\"525\" \/>\n\t<meta property=\"og:image:height\" content=\"757\" \/>\n\t<meta property=\"og:image:type\" content=\"image\/png\" \/>\n<meta name=\"twitter:card\" content=\"summary_large_image\" \/>\n<meta name=\"twitter:label1\" content=\"Predpokladan\u00fd \u010das \u010d\u00edtania\" \/>\n\t<meta name=\"twitter:data1\" content=\"3 min\u00faty\" \/>\n<script type=\"application\/ld+json\" class=\"yoast-schema-graph\">{\"@context\":\"https:\/\/schema.org\",\"@graph\":[{\"@type\":\"WebPage\",\"@id\":\"https:\/\/vapebulkp.com\/product\/good-vape-waspe-digital-box-12000-puffs-fumot-box-12k-puffs-wholeslae-price\/\",\"url\":\"https:\/\/vapebulkp.com\/product\/good-vape-waspe-digital-box-12000-puffs-fumot-box-12k-puffs-wholeslae-price\/\",\"name\":\"Good Vape WASPE Digital Box 12000 Puffs Fumot Box 12K Puffs Wholeslae Price - vapebulkp.com\",\"isPartOf\":{\"@id\":\"https:\/\/vapebulkp.com\/#website\"},\"datePublished\":\"2024-04-16T08:01:45+00:00\",\"dateModified\":\"2025-09-24T03:42:00+00:00\",\"description\":\"The wholesale price vape WASPE Digital box 12000 puffs features a display on the face and a unique design that fits easily into your pocket or purse.\",\"breadcrumb\":{\"@id\":\"https:\/\/vapebulkp.com\/product\/good-vape-waspe-digital-box-12000-puffs-fumot-box-12k-puffs-wholeslae-price\/#breadcrumb\"},\"inLanguage\":\"sk-SK\",\"potentialAction\":[{\"@type\":\"ReadAction\",\"target\":[\"https:\/\/vapebulkp.com\/product\/good-vape-waspe-digital-box-12000-puffs-fumot-box-12k-puffs-wholeslae-price\/\"]}]},{\"@type\":\"BreadcrumbList\",\"@id\":\"https:\/\/vapebulkp.com\/product\/good-vape-waspe-digital-box-12000-puffs-fumot-box-12k-puffs-wholeslae-price\/#breadcrumb\",\"itemListElement\":[{\"@type\":\"ListItem\",\"position\":1,\"name\":\"Home\",\"item\":\"https:\/\/vapebulkp.com\/\"},{\"@type\":\"ListItem\",\"position\":2,\"name\":\"Hot Trend Vapes\",\"item\":\"https:\/\/vapebulkp.com\/vape-shop\/\"},{\"@type\":\"ListItem\",\"position\":3,\"name\":\"Good Vape WASPE Digital Box 12000 Puffs Fumot Box 12K Puffs Wholeslae Price\"}]},{\"@type\":\"WebSite\",\"@id\":\"https:\/\/vapebulkp.com\/#website\",\"url\":\"https:\/\/vapebulkp.com\/\",\"name\":\"vapebulkp.com\",\"description\":\"Buy Vape In Cheap Bulk Price Near you\",\"publisher\":{\"@id\":\"https:\/\/vapebulkp.com\/#organization\"},\"potentialAction\":[{\"@type\":\"SearchAction\",\"target\":{\"@type\":\"EntryPoint\",\"urlTemplate\":\"https:\/\/vapebulkp.com\/?s={search_term_string}\"},\"query-input\":\"required name=search_term_string\"}],\"inLanguage\":\"sk-SK\"},{\"@type\":\"Organization\",\"@id\":\"https:\/\/vapebulkp.com\/#organization\",\"name\":\"vapebulkp.com\",\"url\":\"https:\/\/vapebulkp.com\/\",\"logo\":{\"@type\":\"ImageObject\",\"inLanguage\":\"sk-SK\",\"@id\":\"https:\/\/vapebulkp.com\/#\/schema\/logo\/image\/\",\"url\":\"https:\/\/vapebulkp.com\/wp-content\/uploads\/2023\/09\/cropped-vapebulkp.png\",\"contentUrl\":\"https:\/\/vapebulkp.com\/wp-content\/uploads\/2023\/09\/cropped-vapebulkp.png\",\"width\":516,\"height\":163,\"caption\":\"vapebulkp.com\"},\"image\":{\"@id\":\"https:\/\/vapebulkp.com\/#\/schema\/logo\/image\/\"}}]}<\/script>\n<!-- \/ Yoast SEO plugin. -->","yoast_head_json":{"title":"Good Vape WASPE Digital Box 12000 Puffs Fumot Box 12K Puffs Ve\u013ekoobchodn\u00e1 cena - vapebulkp.com","description":"Ve\u013ekoobchodn\u00e1 cena vape WASPE Digital box 12000 potiahnut\u00ed m\u00e1 displej na prednej strane a jedine\u010dn\u00fd dizajn, ktor\u00fd sa \u013eahko zmest\u00ed do vrecka alebo kabelky.","robots":{"index":"index","follow":"follow","max-snippet":"max-snippet:-1","max-image-preview":"max-image-preview:large","max-video-preview":"max-video-preview:-1"},"canonical":"https:\/\/vapebulkp.com\/sk\/product\/good-vape-waspe-digital-box-12000-puffs-fumot-box-12k-puffs-wholeslae-price\/","og_locale":"sk_SK","og_type":"article","og_title":"Good Vape WASPE Digital Box 12000 Puffs Fumot Box 12K Puffs Wholeslae Price - vapebulkp.com","og_description":"The wholesale price vape WASPE Digital box 12000 puffs features a display on the face and a unique design that fits easily into your pocket or purse.","og_url":"https:\/\/vapebulkp.com\/sk\/product\/good-vape-waspe-digital-box-12000-puffs-fumot-box-12k-puffs-wholeslae-price\/","og_site_name":"vapebulkp.com","article_modified_time":"2025-09-24T03:42:00+00:00","og_image":[{"width":525,"height":757,"url":"http:\/\/vapebulkp.com\/wp-content\/uploads\/2024\/04\/Good-Sale-Vape-WASPE-Digital-Box-12000-puffs.png","type":"image\/png"}],"twitter_card":"summary_large_image","twitter_misc":{"Predpokladan\u00fd \u010das \u010d\u00edtania":"3 min\u00faty"},"schema":{"@context":"https:\/\/schema.org","@graph":[{"@type":"WebPage","@id":"https:\/\/vapebulkp.com\/product\/good-vape-waspe-digital-box-12000-puffs-fumot-box-12k-puffs-wholeslae-price\/","url":"https:\/\/vapebulkp.com\/product\/good-vape-waspe-digital-box-12000-puffs-fumot-box-12k-puffs-wholeslae-price\/","name":"Good Vape WASPE Digital Box 12000 Puffs Fumot Box 12K Puffs Ve\u013ekoobchodn\u00e1 cena - vapebulkp.com","isPartOf":{"@id":"https:\/\/vapebulkp.com\/#website"},"datePublished":"2024-04-16T08:01:45+00:00","dateModified":"2025-09-24T03:42:00+00:00","description":"Ve\u013ekoobchodn\u00e1 cena vape WASPE Digital box 12000 potiahnut\u00ed m\u00e1 displej na prednej strane a jedine\u010dn\u00fd dizajn, ktor\u00fd sa \u013eahko zmest\u00ed do vrecka alebo kabelky.","breadcrumb":{"@id":"https:\/\/vapebulkp.com\/product\/good-vape-waspe-digital-box-12000-puffs-fumot-box-12k-puffs-wholeslae-price\/#breadcrumb"},"inLanguage":"sk-SK","potentialAction":[{"@type":"ReadAction","target":["https:\/\/vapebulkp.com\/product\/good-vape-waspe-digital-box-12000-puffs-fumot-box-12k-puffs-wholeslae-price\/"]}]},{"@type":"BreadcrumbList","@id":"https:\/\/vapebulkp.com\/product\/good-vape-waspe-digital-box-12000-puffs-fumot-box-12k-puffs-wholeslae-price\/#breadcrumb","itemListElement":[{"@type":"ListItem","position":1,"name":"Home","item":"https:\/\/vapebulkp.com\/"},{"@type":"ListItem","position":2,"name":"Hot Trend Vapes","item":"https:\/\/vapebulkp.com\/vape-shop\/"},{"@type":"ListItem","position":3,"name":"Good Vape WASPE Digital Box 12000 Puffs Fumot Box 12K Puffs Wholeslae Price"}]},{"@type":"WebSite","@id":"https:\/\/vapebulkp.com\/#website","url":"https:\/\/vapebulkp.com\/","name":"vapebulkp.com","description":"K\u00fapte si vape za lacn\u00fa ve\u013ekoobchodn\u00fa cenu vo va\u0161om okol\u00ed","publisher":{"@id":"https:\/\/vapebulkp.com\/#organization"},"potentialAction":[{"@type":"SearchAction","target":{"@type":"EntryPoint","urlTemplate":"https:\/\/vapebulkp.com\/?s={search_term_string}"},"query-input":"required name=search_term_string"}],"inLanguage":"sk-SK"},{"@type":"Organization","@id":"https:\/\/vapebulkp.com\/#organization","name":"vapebulkp.com","url":"https:\/\/vapebulkp.com\/","logo":{"@type":"ImageObject","inLanguage":"sk-SK","@id":"https:\/\/vapebulkp.com\/#\/schema\/logo\/image\/","url":"https:\/\/vapebulkp.com\/wp-content\/uploads\/2023\/09\/cropped-vapebulkp.png","contentUrl":"https:\/\/vapebulkp.com\/wp-content\/uploads\/2023\/09\/cropped-vapebulkp.png","width":516,"height":163,"caption":"vapebulkp.com"},"image":{"@id":"https:\/\/vapebulkp.com\/#\/schema\/logo\/image\/"}}]}},"uagb_featured_image_src":{"full":["https:\/\/vapebulkp.com\/wp-content\/uploads\/2024\/04\/Good-Sale-Vape-WASPE-Digital-Box-12000-puffs.png",525,757,false],"thumbnail":["https:\/\/vapebulkp.com\/wp-content\/uploads\/2024\/04\/Good-Sale-Vape-WASPE-Digital-Box-12000-puffs-150x150.png",150,150,true],"medium":["https:\/\/vapebulkp.com\/wp-content\/uploads\/2024\/04\/Good-Sale-Vape-WASPE-Digital-Box-12000-puffs-208x300.png",208,300,true],"medium_large":["https:\/\/vapebulkp.com\/wp-content\/uploads\/2024\/04\/Good-Sale-Vape-WASPE-Digital-Box-12000-puffs.png",525,757,false],"large":["https:\/\/vapebulkp.com\/wp-content\/uploads\/2024\/04\/Good-Sale-Vape-WASPE-Digital-Box-12000-puffs.png",525,757,false],"1536x1536":["https:\/\/vapebulkp.com\/wp-content\/uploads\/2024\/04\/Good-Sale-Vape-WASPE-Digital-Box-12000-puffs.png",525,757,false],"2048x2048":["https:\/\/vapebulkp.com\/wp-content\/uploads\/2024\/04\/Good-Sale-Vape-WASPE-Digital-Box-12000-puffs.png",525,757,false],"trp-custom-language-flag":["https:\/\/vapebulkp.com\/wp-content\/uploads\/2024\/04\/Good-Sale-Vape-WASPE-Digital-Box-12000-puffs.png",8,12,false],"woocommerce_thumbnail":["https:\/\/vapebulkp.com\/wp-content\/uploads\/2024\/04\/Good-Sale-Vape-WASPE-Digital-Box-12000-puffs-300x300.png",300,300,true],"woocommerce_single":["https:\/\/vapebulkp.com\/wp-content\/uploads\/2024\/04\/Good-Sale-Vape-WASPE-Digital-Box-12000-puffs.png",525,757,false],"woocommerce_gallery_thumbnail":["https:\/\/vapebulkp.com\/wp-content\/uploads\/2024\/04\/Good-Sale-Vape-WASPE-Digital-Box-12000-puffs-100x100.png",100,100,true],"wcpr-photo-reviews":["https:\/\/vapebulkp.com\/wp-content\/uploads\/2024\/04\/Good-Sale-Vape-WASPE-Digital-Box-12000-puffs.png",347,500,false]},"uagb_author_info":{"display_name":"Mandy vape bulk price","author_link":"https:\/\/vapebulkp.com\/sk\/author\/"},"uagb_comment_info":3,"uagb_excerpt":"Good sale vape WASPE Digital Box 12000 puffs this week Wholesale Vape WASPE Digital box 12k Puffs Pls Contact Mandy's WhatsApp For Discount Price+8618077105796 NOTE: Prices on our website does not include shipping costs","_links":{"self":[{"href":"https:\/\/vapebulkp.com\/sk\/wp-json\/wp\/v2\/product\/2152","targetHints":{"allow":["GET"]}}],"collection":[{"href":"https:\/\/vapebulkp.com\/sk\/wp-json\/wp\/v2\/product"}],"about":[{"href":"https:\/\/vapebulkp.com\/sk\/wp-json\/wp\/v2\/types\/product"}],"replies":[{"embeddable":true,"href":"https:\/\/vapebulkp.com\/sk\/wp-json\/wp\/v2\/comments?post=2152"}],"wp:featuredmedia":[{"embeddable":true,"href":"https:\/\/vapebulkp.com\/sk\/wp-json\/wp\/v2\/media\/2342"}],"wp:attachment":[{"href":"https:\/\/vapebulkp.com\/sk\/wp-json\/wp\/v2\/media?parent=2152"}],"wp:term":[{"taxonomy":"product_cat","embeddable":true,"href":"https:\/\/vapebulkp.com\/sk\/wp-json\/wp\/v2\/product_cat?post=2152"},{"taxonomy":"product_tag","embeddable":true,"href":"https:\/\/vapebulkp.com\/sk\/wp-json\/wp\/v2\/product_tag?post=2152"}],"curies":[{"name":"wp","href":"https:\/\/api.w.org\/{rel}","templated":true}]}}