{"id":2164,"date":"2024-04-17T11:30:52","date_gmt":"2024-04-17T09:30:52","guid":{"rendered":"https:\/\/vapebulkp.com\/?post_type=product&#038;p=2164"},"modified":"2025-09-24T05:41:45","modified_gmt":"2025-09-24T03:41:45","slug":"top-sale-vape-vapme-crown-bar-18000-puffs-pro-max","status":"publish","type":"product","link":"https:\/\/vapebulkp.com\/sk\/product\/top-sale-vape-vapme-crown-bar-18000-puffs-pro-max\/","title":{"rendered":"Najlep\u0161ia akcia elektronick\u00e1 cigareta VAPME CROWN BAR 18000 P\u00f4fov PRO MAX"},"content":{"rendered":"<h2 style=\"text-align: left\">Najlep\u0161ia akcia elektronick\u00e1 cigareta VAPME CROWN BAR 18000 P\u00f4fov PRO MAX<\/h2>\n<p data-start=\"129\" data-end=\"419\">Ten <strong data-start=\"133\" data-end=\"172\">VAPME CROWN BAR 18000 Pufov PRO MAX<\/strong> je <strong data-start=\"178\" data-end=\"205\">pr\u00e9miov\u00e9 jednorazov\u00e9 vape<\/strong> navrhnut\u00e9 pre eur\u00f3pskych vapingov\u00fdch nad\u0161encov, ktor\u00ed vy\u017eaduj\u00fa v\u00fdkon, chu\u0165 a pohodlie. Toto zariadenie s vysokou kapacitou poskytuje a\u017e 18 000 potiahnut\u00ed, \u010do z neho rob\u00ed spo\u013eahliv\u00e9 <strong data-start=\"369\" data-end=\"391\">vape s vysokou kapacitou<\/strong> pre dlh\u00e9 vapingov\u00e9 sedenia.<\/p>\n<p data-start=\"421\" data-end=\"730\">Nap\u00e1jan\u00e9 850mAh nab\u00edjate\u013enou bat\u00e9riou s r\u00fdchlym nab\u00edjac\u00edm portom Type-C, <strong data-start=\"501\" data-end=\"533\">nab\u00edjate\u013en\u00fd jednorazov\u00fd vape<\/strong> zais\u0165uje nepretr\u017eit\u00fd p\u00f4\u017eitok bez preru\u0161en\u00ed. Jeho 25ml predplnen\u00e1 n\u00e1pl\u0148 e-liquidu a pokro\u010dil\u00e1 0,6\u03a9 <strong data-start=\"643\" data-end=\"661\">syst\u00e9mu s mesh cievkou<\/strong> technol\u00f3gia produkuj\u00fa hust\u00e9 oblaky pary a bohat\u00fa, konzistentn\u00fa chu\u0165.<\/p>\n<p data-start=\"732\" data-end=\"1065\">Prisp\u00f4sobte si ka\u017ed\u00fd \u0165ah pomocou nastavite\u013en\u00e9ho prietoku vzduchu, zatia\u013e \u010do 12 kur\u00e1torsk\u00fdch pr\u00edchut\u00ed a mo\u017enosti nikot\u00ednovej soli 2% alebo 5% uspokoja v\u0161etky preferencie, \u010do z neho rob\u00ed v\u0161estrann\u00e9 <strong data-start=\"889\" data-end=\"911\">nikot\u00ednov\u00fdmi so\u013en\u00fdmi vapkami<\/strong>. Elegantn\u00fd, ergonomick\u00fd a \u0161t\u00fdlov\u00fd, <a href=\"https:\/\/vapebulkp.com\/sk\/product-category\/18000-puffs-disposable-vape\/\"><strong data-start=\"948\" data-end=\"979\">18000 \u0165ahov Jednorazov\u00fd vape<\/strong><\/a> je ide\u00e1lny na ka\u017edodenn\u00e9 pou\u017eitie, spolo\u010densk\u00e9 udalosti alebo ve\u013ekoobchodn\u00fa distrib\u00faciu v celej Eur\u00f3pe.<\/p>\n<p><img decoding=\"async\" class=\"alignnone size-full wp-image-2163\" src=\"http:\/\/vapebulkp.com\/wp-content\/uploads\/2024\/04\/VAPME-CROWN-BAR-18000-PRO-MAX.png\" alt=\"VAPME CROWN BAR 18000 PRO MAX\" width=\"730\" height=\"730\" srcset=\"https:\/\/vapebulkp.com\/wp-content\/uploads\/2024\/04\/VAPME-CROWN-BAR-18000-PRO-MAX.png 730w, https:\/\/vapebulkp.com\/wp-content\/uploads\/2024\/04\/VAPME-CROWN-BAR-18000-PRO-MAX-300x300.png 300w, https:\/\/vapebulkp.com\/wp-content\/uploads\/2024\/04\/VAPME-CROWN-BAR-18000-PRO-MAX-150x150.png 150w, https:\/\/vapebulkp.com\/wp-content\/uploads\/2024\/04\/VAPME-CROWN-BAR-18000-PRO-MAX-600x600.png 600w, https:\/\/vapebulkp.com\/wp-content\/uploads\/2024\/04\/VAPME-CROWN-BAR-18000-PRO-MAX-100x100.png 100w\" sizes=\"(max-width: 730px) 100vw, 730px\" \/><\/p>\n<h6>Pre z\u013eavnen\u00fa cenu, kontaktujte pros\u00edm Mandy cez WhatsApp<a href=\"https:\/\/wa.me\/8618077105796\">+8618077105796<\/a><\/h6>\n<p><img decoding=\"async\" class=\"alignnone wp-image-2151\" src=\"http:\/\/vapebulkp.com\/wp-content\/uploads\/2024\/04\/Mandy-WhatsApp-Randm.jpg\" alt=\"Mandy WhatsApp Randm\" width=\"324\" height=\"330\" \/><\/p>\n<h2>Mysleli sme si, \u017ee by ste sa mohli dozvedie\u0165 o najpred\u00e1vanej\u0161ej elektronickej cigarete Vapme Crown Bar 18000Puffs Pro Max:<\/h2>\n<h5>1. Ako pou\u017e\u00edva\u0165 s\u00fapravu Vapme 18k Puffs Vape?<\/h5>\n<p>Krok 1. Pred pou\u017eit\u00edm 18k pufov odpojte plastov\u00fa trubicu.<\/p>\n<p>Krok 2. Po\u010dkajte asi 3 min\u00faty, k\u00fdm sa \u0161\u0165ava dostane do \u0161pir\u00e1ly vo vn\u00fatri.<\/p>\n<p>Krok 3. U\u017eite si to<\/p>\n<h5>2. AKO NAB\u00cdJA\u0164 JEDNOR\u00c1ZOV\u00da ELEKTRONICK\u00da CIGARETU Vapme Crown Bar 18k Pro MAX?<\/h5>\n<p>R\u00fdchlonab\u00edjacie nab\u00edja\u010dky sa nedaj\u00fa pou\u017ei\u0165 a \u0161tandardn\u00fd bezpe\u010dn\u00fd v\u00fdkon jednorazov\u00fdch e-cigariet je 5V 1A.<\/p>\n<p>Ka\u017ed\u00fd \u010das nab\u00edjania nesmie presiahnu\u0165 1 hodinu a bezpe\u010dn\u00fd \u010das nab\u00edjania je pol hodiny.<\/p>\n<p><span style=\"color: #ff6600\">Upozornenie: nenab\u00edjajte cel\u00fa noc!<\/span><\/p>\n<h5>3. Ak\u00e1 je kapacita e-liquidu Vapme Crown Bar 18000 Puffs Pro Max WAPE?<\/h5>\n<p>\u2014\u201420ml<\/p>\n<h5>4. Ko\u013eko potiahnut\u00ed m\u00f4\u017eem z tejto Vapme Crown Bar 18000 Puffs Pro Max?<\/h5>\n<p>\u2014\u201318k Pufov<\/p>\n<h3>Vlastnosti jednorazovej elektronickej cigarety Vapme Crown Bar 18000 Puff Pro Max:<\/h3>\n<ul>\n<li>Pufy: A\u017e 18000 pufov<\/li>\n<li>\u00a0N\u00e1pl\u0148: 25 ml vopred naplnen\u00e1 e-liquid n\u00e1pl\u0148<\/li>\n<li>Nikot\u00edn: 2\/5% nikot\u00ednov\u00e1 so\u013e<\/li>\n<li>\u00a0Typy: Jednorazov\u00e9<\/li>\n<li>\u00a0850mAh bat\u00e9riou<\/li>\n<li>\u00a00,6 Mesh cievka, NASTAVITE\u013dN\u00dd PR\u00cdVOD VZDUCHU<\/li>\n<li>\u00a0Nab\u00edjac\u00ed k\u00e1bel typu C<\/li>\n<li>\u00a0Dostupn\u00fdch 12 pr\u00edchut\u00ed<\/li>\n<\/ul>\n<p>&nbsp;<\/p>\n<h3><strong>\u00a0Zoznam pr\u00edchut\u00ed elektronickej cigarety Vapme Crown Bar 18k Puffs Pro Max:<\/strong><\/h3>\n<ol>\n<li>Lush Ice<\/li>\n<li>Bobu\u013eov\u00fd \u013ead<\/li>\n<li>\u010cu\u010doriedkov\u00e1 \u017euva\u010dka<\/li>\n<li>\u010cere\u0161\u0148ov\u00e1 fiesta<\/li>\n<li>Hroznov\u00fd pun\u010d<\/li>\n<li>Jahodov\u00fd vodov\u00fd mel\u00f3n<\/li>\n<li>Mangov\u00fd mr\u00e1z<\/li>\n<li>Jahodov\u00fd pun\u010d<\/li>\n<li>Sladk\u00e1 mu\u010denka<\/li>\n<li>\u010cu\u010doriedka Malina<\/li>\n<li>Dve jablk\u00e1<\/li>\n<li>L\u00e1ska 66<\/li>\n<\/ol>\n<p><a href=\"https:\/\/vapebulkp.com\/sk\/product\/popular-randm-tornado-7000puffs-disposable-vape-best-price\/\"><span style=\"vertical-align: inherit\">RandM Tornado 7000 potiahnut\u00ed <\/span><\/a><\/p>\n<p><span style=\"vertical-align: inherit\">N\u00e1jdite viac produktov, ktor\u00e9 by sa v\u00e1m mohli p\u00e1\u010di\u0165:<\/span><em><a href=\"https:\/\/wa.me\/8618077105796\"><span style=\"vertical-align: inherit\">\u00a0K\u00fapi\u0165<\/span><\/a><\/em><\/p>\n<p><span style=\"vertical-align: inherit\">\u010eal\u0161ie Puffs, ktor\u00e9 by sa v\u00e1m mohli p\u00e1\u010di\u0165:<\/span><a href=\"https:\/\/vapebulkp.com\/sk\/product\/joymy-ultra15000puffs-best-disposable-vape-2023\/\"><span style=\"vertical-align: inherit\">JOYMY 15000 Puffs<\/span><\/a><span style=\"vertical-align: inherit\">\u3001<\/span><a href=\"https:\/\/vapebulkp.com\/sk\/product\/wholesale-randm-tornado-9000-puffs-germany\/\"><span style=\"vertical-align: inherit\">RandM 9000 \u0165ahov<\/span><\/a><span style=\"vertical-align: inherit\">\/ <\/span><a href=\"https:\/\/vapebulkp.com\/sk\/product\/bang-king-12000puffs\/\"><span style=\"vertical-align: inherit\">Bang King 12000 \u0165ahov<\/span><\/a><span style=\"vertical-align: inherit\">\/ <\/span><a href=\"https:\/\/vapebulkp.com\/sk\/product\/wholesale-tornado-rum-bar-9000-puffs-sweden\/\"><span style=\"vertical-align: inherit\">Rumbar 9000 Puffs<\/span><\/a><\/p>\n<p><span style=\"vertical-align: inherit\">E-cigareta so \u0161peci\u00e1lnym tvarom f\u013ea\u0161e:<\/span><a href=\"https:\/\/vapebulkp.com\/sk\/product\/original-vape-bang-tn-12000-puffs-bang-vape\/\"><span style=\"vertical-align: inherit\"> Bang TN 12000 \u0165ahov<\/span><\/a><span style=\"vertical-align: inherit\">\/ <\/span><a href=\"https:\/\/vapebulkp.com\/sk\/product\/popular-bang-king-10000-puffs-vape-good-price\/\"><span style=\"vertical-align: inherit\">\u00a0Bang King 10000 Pufov <\/span><\/a><span style=\"vertical-align: inherit\">\/<\/span><a href=\"https:\/\/vapebulkp.com\/sk\/product\/bang-tornado-12000-puffs-rechargeable-disposable-pod\/\"><span style=\"vertical-align: inherit\"> Bang Tornado 12000 \u0165ahov<\/span><\/a><\/p>\n<h5>Kvalifik\u00e1cia v\u00fdroby:<\/h5>\n<p><img decoding=\"async\" class=\"alignnone size-full wp-image-1841\" src=\"http:\/\/vapebulkp.com\/wp-content\/uploads\/2023\/11\/Vape-production-process-2.jpeg\" alt=\"Proces v\u00fdroby vape\" width=\"650\" height=\"434\" srcset=\"https:\/\/vapebulkp.com\/wp-content\/uploads\/2023\/11\/Vape-production-process-2.jpeg 650w, https:\/\/vapebulkp.com\/wp-content\/uploads\/2023\/11\/Vape-production-process-2-300x200.jpeg 300w, https:\/\/vapebulkp.com\/wp-content\/uploads\/2023\/11\/Vape-production-process-2-600x401.jpeg 600w\" sizes=\"(max-width: 650px) 100vw, 650px\" \/><\/p>\n<p><img decoding=\"async\" class=\"alignnone size-full wp-image-1843\" src=\"http:\/\/vapebulkp.com\/wp-content\/uploads\/2023\/11\/Vape-production-process.jpeg\" alt=\"Proces v\u00fdroby vape\" width=\"641\" height=\"1026\" srcset=\"https:\/\/vapebulkp.com\/wp-content\/uploads\/2023\/11\/Vape-production-process.jpeg 641w, https:\/\/vapebulkp.com\/wp-content\/uploads\/2023\/11\/Vape-production-process-187x300.jpeg 187w, https:\/\/vapebulkp.com\/wp-content\/uploads\/2023\/11\/Vape-production-process-640x1024.jpeg 640w, https:\/\/vapebulkp.com\/wp-content\/uploads\/2023\/11\/Vape-production-process-600x960.jpeg 600w\" sizes=\"(max-width: 641px) 100vw, 641px\" \/><\/p>\n<h5>\u010cast\u00e9 ot\u00e1zky:<\/h5>\n<p>Ot\u00e1zka: Ak\u00e9 je minim\u00e1lne mno\u017estvo objedn\u00e1vky (MOQ) pre Vapme Crown Bar 18000 Puffs Pro Max?<br \/>\nA: Minim\u00e1lna objedn\u00e1vka je 100 kusov.<br \/>\nQ: Ak\u00e1 je dodacia lehota pre objednan\u00fa e-cigaretu?<br \/>\nA: Zvy\u010dajne je to 10-15 dn\u00ed po odoslan\u00ed.<br \/>\nOt\u00e1zka: Ak\u00e1 je cena dopravy? Odpove\u010f: N\u00e1klady na dopravu z\u00e1visia od hmotnosti. R\u00f4zne mno\u017estv\u00e1 maj\u00fa r\u00f4zne n\u00e1klady na dopravu, kontaktujte n\u00e1s, aby ste potvrdili n\u00e1klady na dopravu.<\/p>\n<h4>Detail dopravy:<\/h4>\n<p><span style=\"color: #ff6600\">\u010cas v\u00fdroby: 5-10 pracovn\u00fdch dn\u00ed<\/span><br \/>\n<span style=\"color: #ff6600\">\u010cas dodania: 8-14 pracovn\u00fdch dn\u00ed<\/span><\/p>\n<p>V\u0161etky produkty v na\u0161om obchode s\u00fa 100 % origin\u00e1lne a autentick\u00e9, preto desa\u0165n\u00e1sobn\u00e1 kompenz\u00e1cia za falo\u0161n\u00fd tovar je na\u0161ou obchodnou politikou. Na doru\u010denie tovaru v\u00e1m pou\u017e\u00edvame logistick\u00e9 kan\u00e1ly ako UPS\/DHL\/FEDEX\/DPD.<\/p>\n<p>Pre z\u00e1sielky doru\u010dovan\u00e9 na Slovensko to zvy\u010dajne trv\u00e1 10 pracovn\u00fdch dn\u00ed. Z\u00e1sielky do eur\u00f3pskych kraj\u00edn zvy\u010dajne dorazia za 12 a\u017e 15 pracovn\u00fdch dn\u00ed. Inform\u00e1cie o logistike v\u00e1m budeme aktualizova\u0165 v re\u00e1lnom \u010dase.<\/p>","protected":false},"excerpt":{"rendered":"<p>Najpred\u00e1vanej\u0161ia elektronick\u00e1 cigareta Vapme Crown Bar 18000 potiahnut\u00ed Pro Max tento t\u00fd\u017ede\u0148!<\/p>\n<p>Pre z\u013eavnen\u00fa cenu, kontaktujte pros\u00edm Mandy cez WhatsApp<a href=\"https:\/\/wa.me\/8618077105796\">+8618077105796<\/a><\/p>\n<p><img decoding=\"async\" class=\"alignnone wp-image-2151\" src=\"http:\/\/vapebulkp.com\/wp-content\/uploads\/2024\/04\/Mandy-WhatsApp-Randm.jpg\" alt=\"Mandy WhatsApp Randm\" width=\"297\" height=\"316\" srcset=\"https:\/\/vapebulkp.com\/wp-content\/uploads\/2024\/04\/Mandy-WhatsApp-Randm.jpg 916w, https:\/\/vapebulkp.com\/wp-content\/uploads\/2024\/04\/Mandy-WhatsApp-Randm-282x300.jpg 282w, https:\/\/vapebulkp.com\/wp-content\/uploads\/2024\/04\/Mandy-WhatsApp-Randm-768x817.jpg 768w, https:\/\/vapebulkp.com\/wp-content\/uploads\/2024\/04\/Mandy-WhatsApp-Randm-600x638.jpg 600w\" sizes=\"(max-width: 297px) 100vw, 297px\" \/><\/p>\n<p><span style=\"color: #ff0000\">POZN\u00c1MKA: Ceny na na\u0161ej webovej str\u00e1nke nezah\u0155\u0148aj\u00fa n\u00e1klady na dopravu<\/span><\/p>\n<p>&nbsp;<\/p>","protected":false},"featured_media":2162,"comment_status":"open","ping_status":"closed","template":"","meta":{"_uag_custom_page_level_css":"","_lmt_disableupdate":"no","_lmt_disable":"","site-sidebar-layout":"default","site-content-layout":"content-boxed-container","ast-site-content-layout":"normal-width-container","site-content-style":"boxed","site-sidebar-style":"unboxed","ast-global-header-display":"","ast-banner-title-visibility":"","ast-main-header-display":"","ast-hfb-above-header-display":"","ast-hfb-below-header-display":"","ast-hfb-mobile-header-display":"","site-post-title":"","ast-breadcrumbs-content":"","ast-featured-img":"","footer-sml-layout":"","theme-transparent-header-meta":"default","adv-header-id-meta":"","stick-header-meta":"","header-above-stick-meta":"","header-main-stick-meta":"","header-below-stick-meta":"","astra-migrate-meta-layouts":"set","_joinchat":[]},"product_cat":[163,153,155,33,59,100,34,158,157,154,152,58,84,156,63,32,368],"product_tag":[111,36,37,41,40],"class_list":["post-2164","product","type-product","status-publish","has-post-thumbnail","hentry","product_cat-18000-puffs-disposable-vape","product_cat-hot-disposable-vapes","product_cat-belgium-hot-disposable-vapes","product_cat-france-vape-hot-sale","product_cat-germany-hot-disposable-vape","product_cat-germany-wholesale-vape-shop","product_cat-netherlands-vape-good-sale","product_cat-norway-hot-disposable-vapes","product_cat-poland-hot-disposable-vapes","product_cat-portugal-hot-disposable-vapes","product_cat-spain-hot-disposable-vapes","product_cat-sweden-hot-disposable-vape","product_cat-sweden-wholesale-vape","product_cat-switzerland-hot-disposable-vapes","product_cat-top-sale-disposable-vape","product_cat-vape-hot-sale-this-week","product_cat-vapme-vape","product_tag-18000puffs","product_tag-good-vape","product_tag-hot-sale-disposable-vape","product_tag-poland-hot-vape","product_tag-sweden-hot-vape","pa_brand-vapme-vape","desktop-align-left","tablet-align-left","mobile-align-left"],"yoast_head":"<!-- This site is optimized with the Yoast SEO plugin v21.1 - https:\/\/yoast.com\/wordpress\/plugins\/seo\/ -->\n<title>Top Sale Vape VAPME CROWN BAR 18000 Puffs PRO MAX - vapebulkp.com<\/title>\n<meta name=\"description\" content=\"Hot Sale Vapme Crown Bar 18000 puffs disposable vape, unique model, 12 flavors for you to choose from, you won\u2019t be able to put it down.\" \/>\n<meta name=\"robots\" content=\"index, follow, max-snippet:-1, max-image-preview:large, max-video-preview:-1\" \/>\n<link rel=\"canonical\" href=\"https:\/\/vapebulkp.com\/sk\/product\/top-sale-vape-vapme-crown-bar-18000-puffs-pro-max\/\" \/>\n<meta property=\"og:locale\" content=\"sk_SK\" \/>\n<meta property=\"og:type\" content=\"article\" \/>\n<meta property=\"og:title\" content=\"Top Sale Vape VAPME CROWN BAR 18000 Puffs PRO MAX - vapebulkp.com\" \/>\n<meta property=\"og:description\" content=\"Hot Sale Vapme Crown Bar 18000 puffs disposable vape, unique model, 12 flavors for you to choose from, you won\u2019t be able to put it down.\" \/>\n<meta property=\"og:url\" content=\"https:\/\/vapebulkp.com\/sk\/product\/top-sale-vape-vapme-crown-bar-18000-puffs-pro-max\/\" \/>\n<meta property=\"og:site_name\" content=\"vapebulkp.com\" \/>\n<meta property=\"article:modified_time\" content=\"2025-09-24T03:41:45+00:00\" \/>\n<meta property=\"og:image\" content=\"http:\/\/vapebulkp.com\/wp-content\/uploads\/2024\/04\/VAPME-CROWN-BAR-18000-PRO-MAX-Top-Sale.png\" \/>\n\t<meta property=\"og:image:width\" content=\"730\" \/>\n\t<meta property=\"og:image:height\" content=\"730\" \/>\n\t<meta property=\"og:image:type\" content=\"image\/png\" \/>\n<meta name=\"twitter:card\" content=\"summary_large_image\" \/>\n<meta name=\"twitter:label1\" content=\"Predpokladan\u00fd \u010das \u010d\u00edtania\" \/>\n\t<meta name=\"twitter:data1\" content=\"4 min\u00faty\" \/>\n<script type=\"application\/ld+json\" class=\"yoast-schema-graph\">{\"@context\":\"https:\/\/schema.org\",\"@graph\":[{\"@type\":\"WebPage\",\"@id\":\"https:\/\/vapebulkp.com\/product\/top-sale-vape-vapme-crown-bar-18000-puffs-pro-max\/\",\"url\":\"https:\/\/vapebulkp.com\/product\/top-sale-vape-vapme-crown-bar-18000-puffs-pro-max\/\",\"name\":\"Top Sale Vape VAPME CROWN BAR 18000 Puffs PRO MAX - vapebulkp.com\",\"isPartOf\":{\"@id\":\"https:\/\/vapebulkp.com\/#website\"},\"datePublished\":\"2024-04-17T09:30:52+00:00\",\"dateModified\":\"2025-09-24T03:41:45+00:00\",\"description\":\"Hot Sale Vapme Crown Bar 18000 puffs disposable vape, unique model, 12 flavors for you to choose from, you won\u2019t be able to put it down.\",\"breadcrumb\":{\"@id\":\"https:\/\/vapebulkp.com\/product\/top-sale-vape-vapme-crown-bar-18000-puffs-pro-max\/#breadcrumb\"},\"inLanguage\":\"sk-SK\",\"potentialAction\":[{\"@type\":\"ReadAction\",\"target\":[\"https:\/\/vapebulkp.com\/product\/top-sale-vape-vapme-crown-bar-18000-puffs-pro-max\/\"]}]},{\"@type\":\"BreadcrumbList\",\"@id\":\"https:\/\/vapebulkp.com\/product\/top-sale-vape-vapme-crown-bar-18000-puffs-pro-max\/#breadcrumb\",\"itemListElement\":[{\"@type\":\"ListItem\",\"position\":1,\"name\":\"Home\",\"item\":\"https:\/\/vapebulkp.com\/\"},{\"@type\":\"ListItem\",\"position\":2,\"name\":\"Hot Trend Vapes\",\"item\":\"https:\/\/vapebulkp.com\/vape-shop\/\"},{\"@type\":\"ListItem\",\"position\":3,\"name\":\"Top Sale Vape VAPME CROWN BAR 18000 Puffs PRO MAX\"}]},{\"@type\":\"WebSite\",\"@id\":\"https:\/\/vapebulkp.com\/#website\",\"url\":\"https:\/\/vapebulkp.com\/\",\"name\":\"vapebulkp.com\",\"description\":\"Buy Vape In Cheap Bulk Price Near you\",\"publisher\":{\"@id\":\"https:\/\/vapebulkp.com\/#organization\"},\"potentialAction\":[{\"@type\":\"SearchAction\",\"target\":{\"@type\":\"EntryPoint\",\"urlTemplate\":\"https:\/\/vapebulkp.com\/?s={search_term_string}\"},\"query-input\":\"required name=search_term_string\"}],\"inLanguage\":\"sk-SK\"},{\"@type\":\"Organization\",\"@id\":\"https:\/\/vapebulkp.com\/#organization\",\"name\":\"vapebulkp.com\",\"url\":\"https:\/\/vapebulkp.com\/\",\"logo\":{\"@type\":\"ImageObject\",\"inLanguage\":\"sk-SK\",\"@id\":\"https:\/\/vapebulkp.com\/#\/schema\/logo\/image\/\",\"url\":\"https:\/\/vapebulkp.com\/wp-content\/uploads\/2023\/09\/cropped-vapebulkp.png\",\"contentUrl\":\"https:\/\/vapebulkp.com\/wp-content\/uploads\/2023\/09\/cropped-vapebulkp.png\",\"width\":516,\"height\":163,\"caption\":\"vapebulkp.com\"},\"image\":{\"@id\":\"https:\/\/vapebulkp.com\/#\/schema\/logo\/image\/\"}}]}<\/script>\n<!-- \/ Yoast SEO plugin. -->","yoast_head_json":{"title":"Top Sale Vape VAPME CROWN BAR 18000 Puffs PRO MAX - vapebulkp.com","description":"Hot Sale Vapme Crown Bar 18000 puffs disposable vape, unique model, 12 flavors for you to choose from, you won\u2019t be able to put it down.","robots":{"index":"index","follow":"follow","max-snippet":"max-snippet:-1","max-image-preview":"max-image-preview:large","max-video-preview":"max-video-preview:-1"},"canonical":"https:\/\/vapebulkp.com\/sk\/product\/top-sale-vape-vapme-crown-bar-18000-puffs-pro-max\/","og_locale":"sk_SK","og_type":"article","og_title":"Top Sale Vape VAPME CROWN BAR 18000 Puffs PRO MAX - vapebulkp.com","og_description":"Hot Sale Vapme Crown Bar 18000 puffs disposable vape, unique model, 12 flavors for you to choose from, you won\u2019t be able to put it down.","og_url":"https:\/\/vapebulkp.com\/sk\/product\/top-sale-vape-vapme-crown-bar-18000-puffs-pro-max\/","og_site_name":"vapebulkp.com","article_modified_time":"2025-09-24T03:41:45+00:00","og_image":[{"width":730,"height":730,"url":"http:\/\/vapebulkp.com\/wp-content\/uploads\/2024\/04\/VAPME-CROWN-BAR-18000-PRO-MAX-Top-Sale.png","type":"image\/png"}],"twitter_card":"summary_large_image","twitter_misc":{"Predpokladan\u00fd \u010das \u010d\u00edtania":"4 min\u00faty"},"schema":{"@context":"https:\/\/schema.org","@graph":[{"@type":"WebPage","@id":"https:\/\/vapebulkp.com\/product\/top-sale-vape-vapme-crown-bar-18000-puffs-pro-max\/","url":"https:\/\/vapebulkp.com\/product\/top-sale-vape-vapme-crown-bar-18000-puffs-pro-max\/","name":"Top Sale Vape VAPME CROWN BAR 18000 Puffs PRO MAX - vapebulkp.com","isPartOf":{"@id":"https:\/\/vapebulkp.com\/#website"},"datePublished":"2024-04-17T09:30:52+00:00","dateModified":"2025-09-24T03:41:45+00:00","description":"Hot Sale Vapme Crown Bar 18000 puffs disposable vape, unique model, 12 flavors for you to choose from, you won\u2019t be able to put it down.","breadcrumb":{"@id":"https:\/\/vapebulkp.com\/product\/top-sale-vape-vapme-crown-bar-18000-puffs-pro-max\/#breadcrumb"},"inLanguage":"sk-SK","potentialAction":[{"@type":"ReadAction","target":["https:\/\/vapebulkp.com\/product\/top-sale-vape-vapme-crown-bar-18000-puffs-pro-max\/"]}]},{"@type":"BreadcrumbList","@id":"https:\/\/vapebulkp.com\/product\/top-sale-vape-vapme-crown-bar-18000-puffs-pro-max\/#breadcrumb","itemListElement":[{"@type":"ListItem","position":1,"name":"Home","item":"https:\/\/vapebulkp.com\/"},{"@type":"ListItem","position":2,"name":"Hot Trend Vapes","item":"https:\/\/vapebulkp.com\/vape-shop\/"},{"@type":"ListItem","position":3,"name":"Top Sale Vape VAPME CROWN BAR 18000 Puffs PRO MAX"}]},{"@type":"WebSite","@id":"https:\/\/vapebulkp.com\/#website","url":"https:\/\/vapebulkp.com\/","name":"vapebulkp.com","description":"Buy Vape In Cheap Bulk Price Near you","publisher":{"@id":"https:\/\/vapebulkp.com\/#organization"},"potentialAction":[{"@type":"SearchAction","target":{"@type":"EntryPoint","urlTemplate":"https:\/\/vapebulkp.com\/?s={search_term_string}"},"query-input":"required name=search_term_string"}],"inLanguage":"sk-SK"},{"@type":"Organization","@id":"https:\/\/vapebulkp.com\/#organization","name":"vapebulkp.com","url":"https:\/\/vapebulkp.com\/","logo":{"@type":"ImageObject","inLanguage":"sk-SK","@id":"https:\/\/vapebulkp.com\/#\/schema\/logo\/image\/","url":"https:\/\/vapebulkp.com\/wp-content\/uploads\/2023\/09\/cropped-vapebulkp.png","contentUrl":"https:\/\/vapebulkp.com\/wp-content\/uploads\/2023\/09\/cropped-vapebulkp.png","width":516,"height":163,"caption":"vapebulkp.com"},"image":{"@id":"https:\/\/vapebulkp.com\/#\/schema\/logo\/image\/"}}]}},"uagb_featured_image_src":{"full":["https:\/\/vapebulkp.com\/wp-content\/uploads\/2024\/04\/VAPME-CROWN-BAR-18000-PRO-MAX-Top-Sale.png",730,730,false],"thumbnail":["https:\/\/vapebulkp.com\/wp-content\/uploads\/2024\/04\/VAPME-CROWN-BAR-18000-PRO-MAX-Top-Sale-150x150.png",150,150,true],"medium":["https:\/\/vapebulkp.com\/wp-content\/uploads\/2024\/04\/VAPME-CROWN-BAR-18000-PRO-MAX-Top-Sale-300x300.png",300,300,true],"medium_large":["https:\/\/vapebulkp.com\/wp-content\/uploads\/2024\/04\/VAPME-CROWN-BAR-18000-PRO-MAX-Top-Sale.png",730,730,false],"large":["https:\/\/vapebulkp.com\/wp-content\/uploads\/2024\/04\/VAPME-CROWN-BAR-18000-PRO-MAX-Top-Sale.png",730,730,false],"1536x1536":["https:\/\/vapebulkp.com\/wp-content\/uploads\/2024\/04\/VAPME-CROWN-BAR-18000-PRO-MAX-Top-Sale.png",730,730,false],"2048x2048":["https:\/\/vapebulkp.com\/wp-content\/uploads\/2024\/04\/VAPME-CROWN-BAR-18000-PRO-MAX-Top-Sale.png",730,730,false],"trp-custom-language-flag":["https:\/\/vapebulkp.com\/wp-content\/uploads\/2024\/04\/VAPME-CROWN-BAR-18000-PRO-MAX-Top-Sale.png",12,12,false],"woocommerce_thumbnail":["https:\/\/vapebulkp.com\/wp-content\/uploads\/2024\/04\/VAPME-CROWN-BAR-18000-PRO-MAX-Top-Sale-300x300.png",300,300,true],"woocommerce_single":["https:\/\/vapebulkp.com\/wp-content\/uploads\/2024\/04\/VAPME-CROWN-BAR-18000-PRO-MAX-Top-Sale-600x600.png",600,600,true],"woocommerce_gallery_thumbnail":["https:\/\/vapebulkp.com\/wp-content\/uploads\/2024\/04\/VAPME-CROWN-BAR-18000-PRO-MAX-Top-Sale-100x100.png",100,100,true],"wcpr-photo-reviews":["https:\/\/vapebulkp.com\/wp-content\/uploads\/2024\/04\/VAPME-CROWN-BAR-18000-PRO-MAX-Top-Sale.png",500,500,false]},"uagb_author_info":{"display_name":"Mandy vape bulk price","author_link":"https:\/\/vapebulkp.com\/sk\/author\/"},"uagb_comment_info":0,"uagb_excerpt":"Top Sale Vape Vapme Crown Bar 18000 puffs Pro Max this week\uff01 Pls Contact Mandy's WhatsApp For Discount Price+8618077105796 NOTE: Prices on our website does not include shipping costs &nbsp;","_links":{"self":[{"href":"https:\/\/vapebulkp.com\/sk\/wp-json\/wp\/v2\/product\/2164","targetHints":{"allow":["GET"]}}],"collection":[{"href":"https:\/\/vapebulkp.com\/sk\/wp-json\/wp\/v2\/product"}],"about":[{"href":"https:\/\/vapebulkp.com\/sk\/wp-json\/wp\/v2\/types\/product"}],"replies":[{"embeddable":true,"href":"https:\/\/vapebulkp.com\/sk\/wp-json\/wp\/v2\/comments?post=2164"}],"wp:featuredmedia":[{"embeddable":true,"href":"https:\/\/vapebulkp.com\/sk\/wp-json\/wp\/v2\/media\/2162"}],"wp:attachment":[{"href":"https:\/\/vapebulkp.com\/sk\/wp-json\/wp\/v2\/media?parent=2164"}],"wp:term":[{"taxonomy":"product_cat","embeddable":true,"href":"https:\/\/vapebulkp.com\/sk\/wp-json\/wp\/v2\/product_cat?post=2164"},{"taxonomy":"product_tag","embeddable":true,"href":"https:\/\/vapebulkp.com\/sk\/wp-json\/wp\/v2\/product_tag?post=2164"}],"curies":[{"name":"wp","href":"https:\/\/api.w.org\/{rel}","templated":true}]}}