{"id":233,"date":"2021-08-18T03:20:53","date_gmt":"2021-08-18T01:20:53","guid":{"rendered":"https:\/\/vapebulkp.com\/product\/pachira-braid\/"},"modified":"2025-09-01T10:39:43","modified_gmt":"2025-09-01T08:39:43","slug":"disposable-vape-crystal-600-puffs","status":"publish","type":"product","link":"https:\/\/vapebulkp.com\/sk\/product\/disposable-vape-crystal-600-puffs\/","title":{"rendered":"Ve\u013ekoobchodn\u00e1 cena jednorazovej elektronickej cigarety Crystal 600 potiahnut\u00ed"},"content":{"rendered":"<h2 style=\"text-align: left\">Ve\u013ekoobchodn\u00e1 cena jednorazovej elektronickej cigarety Crystal 600 potiahnut\u00ed<\/h2>\n<p data-start=\"152\" data-end=\"466\">Ten <strong data-start=\"156\" data-end=\"197\">Jednorazov\u00e1 e-cigareta SKI Crystal 600 Puffs<\/strong> pon\u00faka hladk\u00e9 a uspokojuj\u00face potiahnutia v kompaktnom, cestovnom dizajne. Ka\u017ed\u00e9 zariadenie m\u00e1 kapacitu 2 ml e-liquidu s pr\u00e9miov\u00fdmi zmesami, ktor\u00e9 pon\u00fakaj\u00fa r\u00f4zne pr\u00edchute od v\u00fdrazn\u00e9ho tabaku a chladiv\u00e9ho mentolu a\u017e po sladk\u00e9 a ovocn\u00e9 varianty, navrhnut\u00e9 tak, aby vyhovovali ka\u017ed\u00e9mu vkusu.<\/p>\n<p data-start=\"468\" data-end=\"772\">Je vybaven\u00e1 0,8\u03a9 mesh \u0161pir\u00e1lkou a 50mAh Type-C nab\u00edjate\u013enou bat\u00e9riou <strong data-start=\"544\" data-end=\"573\">Jednorazov\u00e1 e-cigareta 600 Puffs<\/strong> zais\u0165uje konzistentn\u00fa produkciu pary a bohat\u00fa chu\u0165 pri ka\u017edom potiahnut\u00ed. Jej ergonomick\u00fd dizajn poskytuje pohodln\u00fd \u00fachop, zatia\u013e \u010do jej \u013eahk\u00e1, vreckov\u00e1 forma ju rob\u00ed ide\u00e1lnou na vapovanie na cest\u00e1ch.<\/p>\n<p data-start=\"774\" data-end=\"1128\">T\u00e1to jednorazov\u00e1 e-cigareta, dostupn\u00e1 s obsahom nikot\u00ednu 2 % alebo 5 %, sp\u00e1ja pohodlie a v\u00fdkon pre nad\u0161encov vapovania na Slovensku, ktor\u00ed h\u013eadaj\u00fa vysokokvalitn\u00e9, hotov\u00e9 zariadenia. Ide\u00e1lna na ka\u017edodenn\u00e9 pou\u017eitie, do spolo\u010densk\u00fdch prostred\u00ed alebo na ve\u013ekoobchodn\u00fa distrib\u00faciu <strong data-start=\"1026\" data-end=\"1067\">Nab\u00edjate\u013en\u00e1 e-cigareta SKI Crystal 600 Puffs<\/strong> vynik\u00e1 spo\u013eahlivos\u0165ou, \u0161t\u00fdlom a konzistentnos\u0165ou chuti.<\/p>\n<p><img decoding=\"async\" class=\"alignnone wp-image-1683\" src=\"http:\/\/vapebulkp.com\/wp-content\/uploads\/2021\/08\/Crystal-600-Flavors-Factory.png\" alt=\"Kry\u0161t\u00e1l 600 Pr\u00edchut\u00ed Dobr\u00e1 Cena\" width=\"426\" height=\"426\" srcset=\"https:\/\/vapebulkp.com\/wp-content\/uploads\/2021\/08\/Crystal-600-Flavors-Factory.png 500w, https:\/\/vapebulkp.com\/wp-content\/uploads\/2021\/08\/Crystal-600-Flavors-Factory-300x300.png 300w, https:\/\/vapebulkp.com\/wp-content\/uploads\/2021\/08\/Crystal-600-Flavors-Factory-150x150.png 150w, https:\/\/vapebulkp.com\/wp-content\/uploads\/2021\/08\/Crystal-600-Flavors-Factory-100x100.png 100w\" sizes=\"(max-width: 426px) 100vw, 426px\" \/><\/p>\n<h6 style=\"text-align: left\"><\/h6>\n<h6>Pre z\u013eavnen\u00fa cenu, kontaktujte pros\u00edm Mandy cez WhatsApp<a href=\"https:\/\/wa.me\/8618077105796\">+8618077105796<\/a><\/h6>\n<p><img decoding=\"async\" class=\"alignnone size-medium wp-image-1455\" src=\"http:\/\/vapebulkp.com\/wp-content\/uploads\/2021\/08\/WhatsApp-300x279.jpg\" alt=\"\" width=\"300\" height=\"279\" srcset=\"https:\/\/vapebulkp.com\/wp-content\/uploads\/2021\/08\/WhatsApp-300x279.jpg 300w, https:\/\/vapebulkp.com\/wp-content\/uploads\/2021\/08\/WhatsApp-1024x951.jpg 1024w, https:\/\/vapebulkp.com\/wp-content\/uploads\/2021\/08\/WhatsApp-768x713.jpg 768w, https:\/\/vapebulkp.com\/wp-content\/uploads\/2021\/08\/WhatsApp-600x557.jpg 600w, https:\/\/vapebulkp.com\/wp-content\/uploads\/2021\/08\/WhatsApp.jpg 1080w\" sizes=\"(max-width: 300px) 100vw, 300px\" \/><\/p>\n<h2><span style=\"vertical-align: inherit\">Mo\u017eno by v\u00e1s zauj\u00edmalo, \u017ee Good Crystal 600 Puffs:<\/span><\/h2>\n<p>&nbsp;<\/p>\n<h4 class=\"style-scope ytd-watch-metadata\">1. Ako pou\u017e\u00edva\u0165 vape pen Crystal 600 Puffs?<\/h4>\n<p>Krok 1. Pred pou\u017eit\u00edm 600 potiahnut\u00ed odpojte plastov\u00fa trubi\u010dku.<\/p>\n<p>Krok 2. Po\u010dkajte asi 3 min\u00faty, k\u00fdm sa \u0161\u0165ava dostane do \u0161pir\u00e1ly vo vn\u00fatri.<\/p>\n<p>Krok 3. U\u017eite si to<\/p>\n<h6>2. AKO NAB\u00cdJA\u0164 JEDNORAZOV\u00da E-CIGARETU Crystal 600 PUFFS?<\/h6>\n<p>R\u00fdchlonab\u00edjacie nab\u00edja\u010dky sa nedaj\u00fa pou\u017ei\u0165 a \u0161tandardn\u00fd bezpe\u010dn\u00fd v\u00fdkon jednorazov\u00fdch e-cigariet je 5V 1A.<\/p>\n<p>Ka\u017ed\u00fd \u010das nab\u00edjania nesmie presiahnu\u0165 1 hodinu a bezpe\u010dn\u00fd \u010das nab\u00edjania je pol hodiny.<\/p>\n<p><span style=\"color: #ff6600\">Upozornenie: nenab\u00edjajte cel\u00fa noc!<\/span><\/p>\n<h4>3. Ak\u00e1 je kapacita e-liquidu vo WAPE Crystal 600 Puffs?<\/h4>\n<p>\u2014\u20142 ml<\/p>\n<h4>4. Ko\u013eko potiahnut\u00ed m\u00f4\u017eem ma\u0165 z tohto Crystal 600 Puffs?<\/h4>\n<p>\u2014\u2013600 potiahnut\u00ed<\/p>\n<h3><strong><span style=\"vertical-align: inherit\">\u0160pecifik\u00e1cia pre elektronick\u00fa cigaretu SKI Crystal 600 potiahnut\u00ed:<\/span><br \/>\n<\/strong><\/h3>\n<p>Bat\u00e9ria: 50mAh (Type C)<br \/>\nKapacita: 2ml<br \/>\n\u0160pir\u00e1la: 0.8 ohm mesh<br \/>\nPribli\u017en\u00fd objem potiahnut\u00ed: 600 potiahnut\u00ed<br \/>\nPlus sila nikot\u00ednu: 2%,5%<br \/>\nMOQ: 100KS<\/p>\n<h3><strong>Ve\u013ekoobchodn\u00e9 pr\u00edchute Vape Crystal 600 potiahnut\u00ed:<\/strong><\/h3>\n<p>1.\u010cierne r\u00edbezle mentol<br \/>\n2.\u010cu\u010doriedka malina<br \/>\n3.Cocacola limetka<br \/>\n4.\u0160umiv\u00e1 \u010dere\u0161\u0148a<br \/>\n5.Mel\u00f3n \u013ead<br \/>\n6.Hrozno jablko Redbull<br \/>\n7.Gumov\u00fd medved\u00edk<br \/>\n8.Citr\u00f3n limetka<br \/>\n9.Kiwi marakuja guava<br \/>\n10.\u0160ialen\u00e1 modr\u00e1<br \/>\n11.Marakuja mango \u013ead<br \/>\n12.Redbull \u013ead<br \/>\n13.Sakura hrozno<br \/>\n14.Jahoda malina \u013ead<br \/>\n15.Mel\u00f3nov\u00fd cukr\u00edk<br \/>\n16.Divok\u00e9 bobule<br \/>\n17.Ru\u017eov\u00e1 limon\u00e1da<br \/>\n18.\u010cere\u0161\u0148ov\u00e1 kola<br \/>\n19. Ma\u010diatka<br \/>\n20.Sladk\u00e1 m\u00e4ta<\/p>\n<p><a href=\"https:\/\/vapebulkp.com\/sk\/product\/popular-randm-tornado-7000puffs-disposable-vape-best-price\/\"><span style=\"vertical-align: inherit\">RandM Tornado 7000 potiahnut\u00ed <\/span><\/a><\/p>\n<p><span style=\"vertical-align: inherit\">N\u00e1jdite viac produktov, ktor\u00e9 by sa v\u00e1m mohli p\u00e1\u010di\u0165:<\/span><em><a href=\"https:\/\/wa.me\/8618077105796\"><span style=\"vertical-align: inherit\">\u00a0K\u00fapi\u0165<\/span><\/a><\/em><\/p>\n<p><span style=\"vertical-align: inherit\">\u010eal\u0161ie Puffs, ktor\u00e9 by sa v\u00e1m mohli p\u00e1\u010di\u0165:<\/span><a href=\"https:\/\/vapebulkp.com\/sk\/product\/bulk-buy-kulx-8800-puffs-disposable-vape-wholesale-germany\/\"><span style=\"vertical-align: inherit\">Kulx 8800 potiahnut\u00ed<\/span><\/a><span style=\"vertical-align: inherit\">\u3001<\/span><a href=\"https:\/\/sigvape.com\/product\/wholesale-randm-tornado-10000-plus\/\"><span style=\"vertical-align: inherit\">Bang King 12000 potiahnut\u00ed<\/span><\/a><span style=\"vertical-align: inherit\">\/ <\/span><a href=\"https:\/\/vapebulkp.com\/sk\/product\/good-sale-randm-tornado-10000-puffs-plus\/\"><span style=\"vertical-align: inherit\">RandM Torn\u00e1do 10000 Pufov<\/span><\/a><span style=\"vertical-align: inherit\">\/ <\/span><a href=\"https:\/\/sigvape.com\/product\/netherlands-vape-pod-crystal-8000-puffs-wholesale-price\/\"><span style=\"vertical-align: inherit\">Crystal 8000 potiahnut\u00ed<\/span><\/a><\/p>\n<p><span style=\"vertical-align: inherit\">E-cigareta so \u0161peci\u00e1lnym tvarom f\u013ea\u0161e:<\/span><a href=\"https:\/\/vapebulkp.com\/sk\/product\/wholesale-kulx-8000-puffs-disposable-vape\/\"><span style=\"vertical-align: inherit\">Tvar koly<\/span><\/a><span style=\"vertical-align: inherit\">\/ <\/span><a href=\"https:\/\/vapebulkp.com\/sk\/product\/popular-bang-king-10000-puffs-vape-good-price\/\"><span style=\"vertical-align: inherit\">RGB svetl\u00e1<\/span><\/a><span style=\"vertical-align: inherit\">\/<\/span><a href=\"https:\/\/sigvape.com\/product\/netherlands-vape-pod-crystal-8000-puffs-wholesale-price\/\"><span style=\"vertical-align: inherit\">magick\u00fd kri\u0161t\u00e1\u013e<\/span><\/a><\/p>\n<h4>Kvalifik\u00e1cia v\u00fdroby:<\/h4>\n<p><img decoding=\"async\" class=\"alignnone size-full wp-image-1841\" src=\"http:\/\/vapebulkp.com\/wp-content\/uploads\/2023\/11\/Vape-production-process-2.jpeg\" alt=\"Proces v\u00fdroby vape\" width=\"650\" height=\"434\" srcset=\"https:\/\/vapebulkp.com\/wp-content\/uploads\/2023\/11\/Vape-production-process-2.jpeg 650w, https:\/\/vapebulkp.com\/wp-content\/uploads\/2023\/11\/Vape-production-process-2-300x200.jpeg 300w, https:\/\/vapebulkp.com\/wp-content\/uploads\/2023\/11\/Vape-production-process-2-600x401.jpeg 600w\" sizes=\"(max-width: 650px) 100vw, 650px\" \/><\/p>\n<p><img decoding=\"async\" class=\"alignnone size-full wp-image-1843\" src=\"http:\/\/vapebulkp.com\/wp-content\/uploads\/2023\/11\/Vape-production-process.jpeg\" alt=\"Proces v\u00fdroby vape\" width=\"641\" height=\"1026\" srcset=\"https:\/\/vapebulkp.com\/wp-content\/uploads\/2023\/11\/Vape-production-process.jpeg 641w, https:\/\/vapebulkp.com\/wp-content\/uploads\/2023\/11\/Vape-production-process-187x300.jpeg 187w, https:\/\/vapebulkp.com\/wp-content\/uploads\/2023\/11\/Vape-production-process-640x1024.jpeg 640w, https:\/\/vapebulkp.com\/wp-content\/uploads\/2023\/11\/Vape-production-process-600x960.jpeg 600w\" sizes=\"(max-width: 641px) 100vw, 641px\" \/><\/p>\n<h4>Detail dopravy:<\/h4>\n<p><span style=\"color: #ff6600\">\u010cas v\u00fdroby: 5-10 pracovn\u00fdch dn\u00ed<\/span><br \/>\n<span style=\"color: #ff6600\">\u010cas dodania: 8-14 pracovn\u00fdch dn\u00ed<\/span><\/p>\n<p>V\u0161etky produkty v na\u0161om obchode s\u00fa 100 % origin\u00e1lne a autentick\u00e9, preto desa\u0165n\u00e1sobn\u00e1 kompenz\u00e1cia za falo\u0161n\u00fd tovar je na\u0161ou obchodnou politikou. Na doru\u010denie tovaru v\u00e1m pou\u017e\u00edvame logistick\u00e9 kan\u00e1ly ako UPS\/DHL\/FEDEX\/DPD.<\/p>\n<p>Pre z\u00e1sielky doru\u010dovan\u00e9 na Slovensko to zvy\u010dajne trv\u00e1 10 pracovn\u00fdch dn\u00ed. Z\u00e1sielky do eur\u00f3pskych kraj\u00edn zvy\u010dajne dorazia za 12 a\u017e 15 pracovn\u00fdch dn\u00ed. Inform\u00e1cie o logistike v\u00e1m budeme aktualizova\u0165 v re\u00e1lnom \u010dase.<\/p>\n<p>\u010casto kladen\u00e9 ot\u00e1zky<br \/>\nQ: Ak\u00e9 je minim\u00e1lne mno\u017estvo objedn\u00e1vky (MOQ) pre Crystal 600 potiahnut\u00ed?<br \/>\nA: Minim\u00e1lna objedn\u00e1vka je 100 kusov.<br \/>\nQ: Ak\u00e1 je dodacia lehota pre objednan\u00fa e-cigaretu?<br \/>\nA: Zvy\u010dajne je to 10-15 dn\u00ed po odoslan\u00ed.<br \/>\nOt\u00e1zka: Ak\u00e1 je cena dopravy? Odpove\u010f: N\u00e1klady na dopravu z\u00e1visia od hmotnosti. R\u00f4zne mno\u017estv\u00e1 maj\u00fa r\u00f4zne n\u00e1klady na dopravu, kontaktujte n\u00e1s, aby ste potvrdili n\u00e1klady na dopravu.<\/p>","protected":false},"excerpt":{"rendered":"<p>V\u010faka prenosnosti je Crystal 600 kompaktn\u00fd a ergonomick\u00fd, pohodlne sa zmest\u00ed do ruky alebo do vrecka. Je to v\u00e1\u0161 ide\u00e1lny spolo\u010dn\u00edk na vapovanie na cest\u00e1ch, v\u010faka \u010domu si m\u00f4\u017eete vychutna\u0165 svoje ob\u013e\u00faben\u00e9 pr\u00edchute kdeko\u013evek v\u00e1s \u017eivot zavedie. Rozl\u00fa\u010dte sa so zlo\u017eitos\u0165ou tradi\u010dn\u00e9ho vapovania. Crystal 600 nevy\u017eaduje \u017eiadne nab\u00edjanie, dop\u013a\u0148anie ani v\u00fdmenu \u0161pir\u00e1lok. Jednoducho ho rozbal\u00edte, potiahnete a vychutn\u00e1te si mimoriadnu paru. Posu\u0148te svoju hru s vapovan\u00edm do nov\u00fdch v\u00fd\u0161in s jednorazovou e-cigaretou Crystal 600.<\/p>\n<p><img decoding=\"async\" class=\"alignnone size-medium wp-image-1455\" src=\"http:\/\/vapebulkp.com\/wp-content\/uploads\/2021\/08\/WhatsApp-300x279.jpg\" alt=\"\" width=\"300\" height=\"279\" srcset=\"https:\/\/vapebulkp.com\/wp-content\/uploads\/2021\/08\/WhatsApp-300x279.jpg 300w, https:\/\/vapebulkp.com\/wp-content\/uploads\/2021\/08\/WhatsApp-1024x951.jpg 1024w, https:\/\/vapebulkp.com\/wp-content\/uploads\/2021\/08\/WhatsApp-768x713.jpg 768w, https:\/\/vapebulkp.com\/wp-content\/uploads\/2021\/08\/WhatsApp-600x557.jpg 600w, https:\/\/vapebulkp.com\/wp-content\/uploads\/2021\/08\/WhatsApp.jpg 1080w\" sizes=\"(max-width: 300px) 100vw, 300px\" \/><\/p>\n<p>Pre z\u013eavnen\u00fa cenu, kontaktujte pros\u00edm Mandy cez WhatsApp<a href=\"https:\/\/wa.me\/8618077105796\">+8618077105796<\/a><\/p>\n<p><span style=\"color: #ff0000\">POZN\u00c1MKA: Ceny na na\u0161ej webovej str\u00e1nke nezah\u0155\u0148aj\u00fa n\u00e1klady na dopravu<\/span><\/p>","protected":false},"featured_media":1684,"comment_status":"open","ping_status":"closed","template":"","meta":{"_uag_custom_page_level_css":"","_lmt_disableupdate":"no","_lmt_disable":"","site-sidebar-layout":"default","site-content-layout":"content-boxed-container","ast-site-content-layout":"normal-width-container","site-content-style":"boxed","site-sidebar-style":"unboxed","ast-global-header-display":"","ast-banner-title-visibility":"","ast-main-header-display":"","ast-hfb-above-header-display":"","ast-hfb-below-header-display":"","ast-hfb-mobile-header-display":"","site-post-title":"","ast-breadcrumbs-content":"","ast-featured-img":"","footer-sml-layout":"","theme-transparent-header-meta":"default","adv-header-id-meta":"","stick-header-meta":"","header-above-stick-meta":"","header-main-stick-meta":"","header-below-stick-meta":"","astra-migrate-meta-layouts":"set","_joinchat":[]},"product_cat":[153,155,30,33,59,100,34,158,157,154,152,58,84,156,63,32],"product_tag":[35,36,37,74],"class_list":["post-233","product","type-product","status-publish","has-post-thumbnail","hentry","product_cat-hot-disposable-vapes","product_cat-belgium-hot-disposable-vapes","product_cat-crystal-600-vape","product_cat-france-vape-hot-sale","product_cat-germany-hot-disposable-vape","product_cat-germany-wholesale-vape-shop","product_cat-netherlands-vape-good-sale","product_cat-norway-hot-disposable-vapes","product_cat-poland-hot-disposable-vapes","product_cat-portugal-hot-disposable-vapes","product_cat-spain-hot-disposable-vapes","product_cat-sweden-hot-disposable-vape","product_cat-sweden-wholesale-vape","product_cat-switzerland-hot-disposable-vapes","product_cat-top-sale-disposable-vape","product_cat-vape-hot-sale-this-week","product_tag-600puffs","product_tag-good-vape","product_tag-hot-sale-disposable-vape","product_tag-randm-vape","desktop-align-left","tablet-align-left","mobile-align-left"],"yoast_head":"<!-- This site is optimized with the Yoast SEO plugin v21.1 - https:\/\/yoast.com\/wordpress\/plugins\/seo\/ -->\n<title>Wholesale Price Disposable Vape Crystal 600 Puffs - vapebulkp.com<\/title>\n<meta name=\"description\" content=\"Enjoy smooth, convenient vaping with the 600 Puffs Disposable Vape, featuring rich flavors and a portable, ready-to-use design for European vapers.\" \/>\n<meta name=\"robots\" content=\"index, follow, max-snippet:-1, max-image-preview:large, max-video-preview:-1\" \/>\n<link rel=\"canonical\" href=\"https:\/\/vapebulkp.com\/sk\/product\/disposable-vape-crystal-600-puffs\/\" \/>\n<meta property=\"og:locale\" content=\"sk_SK\" \/>\n<meta property=\"og:type\" content=\"article\" \/>\n<meta property=\"og:title\" content=\"Wholesale Price Disposable Vape Crystal 600 Puffs - vapebulkp.com\" \/>\n<meta property=\"og:description\" content=\"Enjoy smooth, convenient vaping with the 600 Puffs Disposable Vape, featuring rich flavors and a portable, ready-to-use design for European vapers.\" \/>\n<meta property=\"og:url\" content=\"https:\/\/vapebulkp.com\/sk\/product\/disposable-vape-crystal-600-puffs\/\" \/>\n<meta property=\"og:site_name\" content=\"vapebulkp.com\" \/>\n<meta property=\"article:modified_time\" content=\"2025-09-01T08:39:43+00:00\" \/>\n<meta property=\"og:image\" content=\"http:\/\/vapebulkp.com\/wp-content\/uploads\/2021\/08\/Crystal-600-Manufacturers.png\" \/>\n\t<meta property=\"og:image:width\" content=\"500\" \/>\n\t<meta property=\"og:image:height\" content=\"500\" \/>\n\t<meta property=\"og:image:type\" content=\"image\/png\" \/>\n<meta name=\"twitter:card\" content=\"summary_large_image\" \/>\n<meta name=\"twitter:label1\" content=\"Predpokladan\u00fd \u010das \u010d\u00edtania\" \/>\n\t<meta name=\"twitter:data1\" content=\"4 min\u00faty\" \/>\n<script type=\"application\/ld+json\" class=\"yoast-schema-graph\">{\"@context\":\"https:\/\/schema.org\",\"@graph\":[{\"@type\":\"WebPage\",\"@id\":\"https:\/\/vapebulkp.com\/product\/disposable-vape-crystal-600-puffs\/\",\"url\":\"https:\/\/vapebulkp.com\/product\/disposable-vape-crystal-600-puffs\/\",\"name\":\"Wholesale Price Disposable Vape Crystal 600 Puffs - vapebulkp.com\",\"isPartOf\":{\"@id\":\"https:\/\/vapebulkp.com\/#website\"},\"datePublished\":\"2021-08-18T01:20:53+00:00\",\"dateModified\":\"2025-09-01T08:39:43+00:00\",\"description\":\"Enjoy smooth, convenient vaping with the 600 Puffs Disposable Vape, featuring rich flavors and a portable, ready-to-use design for European vapers.\",\"breadcrumb\":{\"@id\":\"https:\/\/vapebulkp.com\/product\/disposable-vape-crystal-600-puffs\/#breadcrumb\"},\"inLanguage\":\"sk-SK\",\"potentialAction\":[{\"@type\":\"ReadAction\",\"target\":[\"https:\/\/vapebulkp.com\/product\/disposable-vape-crystal-600-puffs\/\"]}]},{\"@type\":\"BreadcrumbList\",\"@id\":\"https:\/\/vapebulkp.com\/product\/disposable-vape-crystal-600-puffs\/#breadcrumb\",\"itemListElement\":[{\"@type\":\"ListItem\",\"position\":1,\"name\":\"Home\",\"item\":\"https:\/\/vapebulkp.com\/\"},{\"@type\":\"ListItem\",\"position\":2,\"name\":\"Hot Trend Vapes\",\"item\":\"https:\/\/vapebulkp.com\/vape-shop\/\"},{\"@type\":\"ListItem\",\"position\":3,\"name\":\"Wholesale Price Disposable Vape Crystal 600 Puffs\"}]},{\"@type\":\"WebSite\",\"@id\":\"https:\/\/vapebulkp.com\/#website\",\"url\":\"https:\/\/vapebulkp.com\/\",\"name\":\"vapebulkp.com\",\"description\":\"Buy Vape In Cheap Bulk Price Near you\",\"publisher\":{\"@id\":\"https:\/\/vapebulkp.com\/#organization\"},\"potentialAction\":[{\"@type\":\"SearchAction\",\"target\":{\"@type\":\"EntryPoint\",\"urlTemplate\":\"https:\/\/vapebulkp.com\/?s={search_term_string}\"},\"query-input\":\"required name=search_term_string\"}],\"inLanguage\":\"sk-SK\"},{\"@type\":\"Organization\",\"@id\":\"https:\/\/vapebulkp.com\/#organization\",\"name\":\"vapebulkp.com\",\"url\":\"https:\/\/vapebulkp.com\/\",\"logo\":{\"@type\":\"ImageObject\",\"inLanguage\":\"sk-SK\",\"@id\":\"https:\/\/vapebulkp.com\/#\/schema\/logo\/image\/\",\"url\":\"https:\/\/vapebulkp.com\/wp-content\/uploads\/2023\/09\/cropped-vapebulkp.png\",\"contentUrl\":\"https:\/\/vapebulkp.com\/wp-content\/uploads\/2023\/09\/cropped-vapebulkp.png\",\"width\":516,\"height\":163,\"caption\":\"vapebulkp.com\"},\"image\":{\"@id\":\"https:\/\/vapebulkp.com\/#\/schema\/logo\/image\/\"}}]}<\/script>\n<!-- \/ Yoast SEO plugin. -->","yoast_head_json":{"title":"Wholesale Price Disposable Vape Crystal 600 Puffs - vapebulkp.com","description":"Enjoy smooth, convenient vaping with the 600 Puffs Disposable Vape, featuring rich flavors and a portable, ready-to-use design for European vapers.","robots":{"index":"index","follow":"follow","max-snippet":"max-snippet:-1","max-image-preview":"max-image-preview:large","max-video-preview":"max-video-preview:-1"},"canonical":"https:\/\/vapebulkp.com\/sk\/product\/disposable-vape-crystal-600-puffs\/","og_locale":"sk_SK","og_type":"article","og_title":"Wholesale Price Disposable Vape Crystal 600 Puffs - vapebulkp.com","og_description":"Enjoy smooth, convenient vaping with the 600 Puffs Disposable Vape, featuring rich flavors and a portable, ready-to-use design for European vapers.","og_url":"https:\/\/vapebulkp.com\/sk\/product\/disposable-vape-crystal-600-puffs\/","og_site_name":"vapebulkp.com","article_modified_time":"2025-09-01T08:39:43+00:00","og_image":[{"width":500,"height":500,"url":"http:\/\/vapebulkp.com\/wp-content\/uploads\/2021\/08\/Crystal-600-Manufacturers.png","type":"image\/png"}],"twitter_card":"summary_large_image","twitter_misc":{"Predpokladan\u00fd \u010das \u010d\u00edtania":"4 min\u00faty"},"schema":{"@context":"https:\/\/schema.org","@graph":[{"@type":"WebPage","@id":"https:\/\/vapebulkp.com\/product\/disposable-vape-crystal-600-puffs\/","url":"https:\/\/vapebulkp.com\/product\/disposable-vape-crystal-600-puffs\/","name":"Wholesale Price Disposable Vape Crystal 600 Puffs - vapebulkp.com","isPartOf":{"@id":"https:\/\/vapebulkp.com\/#website"},"datePublished":"2021-08-18T01:20:53+00:00","dateModified":"2025-09-01T08:39:43+00:00","description":"Enjoy smooth, convenient vaping with the 600 Puffs Disposable Vape, featuring rich flavors and a portable, ready-to-use design for European vapers.","breadcrumb":{"@id":"https:\/\/vapebulkp.com\/product\/disposable-vape-crystal-600-puffs\/#breadcrumb"},"inLanguage":"sk-SK","potentialAction":[{"@type":"ReadAction","target":["https:\/\/vapebulkp.com\/product\/disposable-vape-crystal-600-puffs\/"]}]},{"@type":"BreadcrumbList","@id":"https:\/\/vapebulkp.com\/product\/disposable-vape-crystal-600-puffs\/#breadcrumb","itemListElement":[{"@type":"ListItem","position":1,"name":"Home","item":"https:\/\/vapebulkp.com\/"},{"@type":"ListItem","position":2,"name":"Hot Trend Vapes","item":"https:\/\/vapebulkp.com\/vape-shop\/"},{"@type":"ListItem","position":3,"name":"Wholesale Price Disposable Vape Crystal 600 Puffs"}]},{"@type":"WebSite","@id":"https:\/\/vapebulkp.com\/#website","url":"https:\/\/vapebulkp.com\/","name":"vapebulkp.com","description":"Buy Vape In Cheap Bulk Price Near you","publisher":{"@id":"https:\/\/vapebulkp.com\/#organization"},"potentialAction":[{"@type":"SearchAction","target":{"@type":"EntryPoint","urlTemplate":"https:\/\/vapebulkp.com\/?s={search_term_string}"},"query-input":"required name=search_term_string"}],"inLanguage":"sk-SK"},{"@type":"Organization","@id":"https:\/\/vapebulkp.com\/#organization","name":"vapebulkp.com","url":"https:\/\/vapebulkp.com\/","logo":{"@type":"ImageObject","inLanguage":"sk-SK","@id":"https:\/\/vapebulkp.com\/#\/schema\/logo\/image\/","url":"https:\/\/vapebulkp.com\/wp-content\/uploads\/2023\/09\/cropped-vapebulkp.png","contentUrl":"https:\/\/vapebulkp.com\/wp-content\/uploads\/2023\/09\/cropped-vapebulkp.png","width":516,"height":163,"caption":"vapebulkp.com"},"image":{"@id":"https:\/\/vapebulkp.com\/#\/schema\/logo\/image\/"}}]}},"uagb_featured_image_src":{"full":["https:\/\/vapebulkp.com\/wp-content\/uploads\/2021\/08\/Crystal-600-Manufacturers.png",500,500,false],"thumbnail":["https:\/\/vapebulkp.com\/wp-content\/uploads\/2021\/08\/Crystal-600-Manufacturers-150x150.png",150,150,true],"medium":["https:\/\/vapebulkp.com\/wp-content\/uploads\/2021\/08\/Crystal-600-Manufacturers-300x300.png",300,300,true],"medium_large":["https:\/\/vapebulkp.com\/wp-content\/uploads\/2021\/08\/Crystal-600-Manufacturers.png",500,500,false],"large":["https:\/\/vapebulkp.com\/wp-content\/uploads\/2021\/08\/Crystal-600-Manufacturers.png",500,500,false],"1536x1536":["https:\/\/vapebulkp.com\/wp-content\/uploads\/2021\/08\/Crystal-600-Manufacturers.png",500,500,false],"2048x2048":["https:\/\/vapebulkp.com\/wp-content\/uploads\/2021\/08\/Crystal-600-Manufacturers.png",500,500,false],"trp-custom-language-flag":["https:\/\/vapebulkp.com\/wp-content\/uploads\/2021\/08\/Crystal-600-Manufacturers.png",12,12,false],"woocommerce_thumbnail":["https:\/\/vapebulkp.com\/wp-content\/uploads\/2021\/08\/Crystal-600-Manufacturers-300x300.png",300,300,true],"woocommerce_single":["https:\/\/vapebulkp.com\/wp-content\/uploads\/2021\/08\/Crystal-600-Manufacturers.png",500,500,false],"woocommerce_gallery_thumbnail":["https:\/\/vapebulkp.com\/wp-content\/uploads\/2021\/08\/Crystal-600-Manufacturers-100x100.png",100,100,true],"wcpr-photo-reviews":["https:\/\/vapebulkp.com\/wp-content\/uploads\/2021\/08\/Crystal-600-Manufacturers.png",500,500,false]},"uagb_author_info":{"display_name":"vapebulkp.com","author_link":"https:\/\/vapebulkp.com\/sk\/author\/"},"uagb_comment_info":1,"uagb_excerpt":"Designed with portability in mind, the Crystal 600 is compact and ergonomic, fitting comfortably in your hand or pocket. It's your ideal companion for vaping on the go, ensuring you can enjoy your favorite flavors wherever life takes you.Bid farewell to the complexities of traditional vaping. The Crystal 600 requires no charging, refilling, or coil&hellip;","_links":{"self":[{"href":"https:\/\/vapebulkp.com\/sk\/wp-json\/wp\/v2\/product\/233","targetHints":{"allow":["GET"]}}],"collection":[{"href":"https:\/\/vapebulkp.com\/sk\/wp-json\/wp\/v2\/product"}],"about":[{"href":"https:\/\/vapebulkp.com\/sk\/wp-json\/wp\/v2\/types\/product"}],"replies":[{"embeddable":true,"href":"https:\/\/vapebulkp.com\/sk\/wp-json\/wp\/v2\/comments?post=233"}],"wp:featuredmedia":[{"embeddable":true,"href":"https:\/\/vapebulkp.com\/sk\/wp-json\/wp\/v2\/media\/1684"}],"wp:attachment":[{"href":"https:\/\/vapebulkp.com\/sk\/wp-json\/wp\/v2\/media?parent=233"}],"wp:term":[{"taxonomy":"product_cat","embeddable":true,"href":"https:\/\/vapebulkp.com\/sk\/wp-json\/wp\/v2\/product_cat?post=233"},{"taxonomy":"product_tag","embeddable":true,"href":"https:\/\/vapebulkp.com\/sk\/wp-json\/wp\/v2\/product_tag?post=233"}],"curies":[{"name":"wp","href":"https:\/\/api.w.org\/{rel}","templated":true}]}}