{"id":2336,"date":"2024-04-28T08:11:05","date_gmt":"2024-04-28T06:11:05","guid":{"rendered":"https:\/\/vapebulkp.com\/?post_type=product&#038;p=2336"},"modified":"2025-09-17T10:34:35","modified_gmt":"2025-09-17T08:34:35","slug":"best-price-wga-crystal-pro-max-15k-puffs-original-vape","status":"publish","type":"product","link":"https:\/\/vapebulkp.com\/sk\/product\/best-price-wga-crystal-pro-max-15k-puffs-original-vape\/","title":{"rendered":"Najlep\u0161ia cena WGA Crystal Pro Max 15k P\u00f4fov Origin\u00e1lna elektronick\u00e1 cigareta"},"content":{"rendered":"<h2>Najlep\u0161ia cena WGA Crystal Pro Max 15k P\u00f4fov Origin\u00e1lna elektronick\u00e1 cigareta<\/h2>\n<p data-start=\"170\" data-end=\"465\">Ten <strong data-start=\"174\" data-end=\"201\">WGA Crystal Pro Max 15k Pufov<\/strong> je vysoko v\u00fdkonn\u00fd <a href=\"https:\/\/vapebulkp.com\/sk\/product-category\/15000-puffs-disposable-vape\/\"><strong data-start=\"224\" data-end=\"255\">15000 \u0165ahov Jednorazov\u00fd vape<\/strong><\/a> vytvoren\u00e1 pre slovensk\u00fdch nad\u0161encov vapingu, ktor\u00ed oce\u0148uj\u00fa dlhotrvaj\u00faci v\u00fdkon a pr\u00e9miov\u00fa chu\u0165. Navrhnut\u00e1 s <strong data-start=\"359\" data-end=\"383\">technol\u00f3giou mesh coil<\/strong>, poskytuje hladk\u00fa, hust\u00fa paru a konzistentn\u00fa chu\u0165 po\u010das v\u0161etk\u00fdch 15 000 potiahnut\u00ed.<\/p>\n<p data-start=\"467\" data-end=\"732\">Toto <strong data-start=\"472\" data-end=\"505\">jednorazov\u00e1 vapa s vysokou kapacitou<\/strong> m\u00e1 650mAh bat\u00e9riu, ktor\u00e1 zabezpe\u010duje dlh\u00e9 pou\u017e\u00edvanie bez preru\u0161enia. S 30 starostlivo vybran\u00fdmi <strong data-start=\"609\" data-end=\"628\">pr\u00e9miov\u00fdmi pr\u00edchu\u0165ami<\/strong>, od chladiv\u00e9ho mentolu a \u010derstv\u00e9ho ovocia po zmesi in\u0161pirovan\u00e9 dezertmi, uspokoj\u00ed ka\u017ed\u00e9ho.<\/p>\n<p data-start=\"734\" data-end=\"1055\">Kompaktn\u00e1 a <strong data-start=\"746\" data-end=\"765\">\u013eahk\u00e1 na cestovanie<\/strong>, <strong data-start=\"771\" data-end=\"820\">WGA Crystal Pro Max 15k Puffs Najlep\u0161ia jednorazov\u00e1 vapa<\/strong> sa \u013eahko pren\u00e1\u0161a a je pripraven\u00e1 na pou\u017eitie, ide\u00e1lna na ka\u017edodenn\u00e9 pou\u017eitie, spolo\u010densk\u00e9 stretnutia alebo vaping na cest\u00e1ch. Sp\u00e1ja \u0161t\u00fdl, pohodlie a spo\u013eahliv\u00fd v\u00fdkon, v\u010faka \u010domu je vynikaj\u00facou vo\u013ebou pre pr\u00edle\u017eitostn\u00fdch aj sk\u00fasen\u00fdch slovensk\u00fdch vaperov.<\/p>\n<p>&nbsp;<\/p>\n<h6 style=\"text-align: left\"><img decoding=\"async\" class=\"alignnone wp-image-2318\" src=\"http:\/\/vapebulkp.com\/wp-content\/uploads\/2024\/04\/WGA-crystal-Pro-Max-Extra-15k-puffs-France.png\" alt=\"WGA crystal Pro Max Extra 15k potiahnut\u00ed Slovensko\" width=\"520\" height=\"641\" srcset=\"https:\/\/vapebulkp.com\/wp-content\/uploads\/2024\/04\/WGA-crystal-Pro-Max-Extra-15k-puffs-France.png 535w, https:\/\/vapebulkp.com\/wp-content\/uploads\/2024\/04\/WGA-crystal-Pro-Max-Extra-15k-puffs-France-244x300.png 244w\" sizes=\"(max-width: 520px) 100vw, 520px\" \/>\u3002<\/h6>\n<h6>Pre z\u013eavnen\u00fa cenu, kontaktujte pros\u00edm Mandy cez WhatsApp<a href=\"https:\/\/wa.me\/8618077105796\">+8618077105796<\/a><\/h6>\n<p><img decoding=\"async\" class=\"alignnone wp-image-2151\" src=\"http:\/\/vapebulkp.com\/wp-content\/uploads\/2024\/04\/Mandy-WhatsApp-Randm.jpg\" alt=\"Mandy WhatsApp Randm\" width=\"271\" height=\"289\" srcset=\"https:\/\/vapebulkp.com\/wp-content\/uploads\/2024\/04\/Mandy-WhatsApp-Randm.jpg 916w, https:\/\/vapebulkp.com\/wp-content\/uploads\/2024\/04\/Mandy-WhatsApp-Randm-282x300.jpg 282w, https:\/\/vapebulkp.com\/wp-content\/uploads\/2024\/04\/Mandy-WhatsApp-Randm-768x817.jpg 768w, https:\/\/vapebulkp.com\/wp-content\/uploads\/2024\/04\/Mandy-WhatsApp-Randm-600x638.jpg 600w\" sizes=\"(max-width: 271px) 100vw, 271px\" \/><\/p>\n<h2><span style=\"vertical-align: inherit\">Mo\u017eno by v\u00e1s zauj\u00edmalo o WGA Crystal Pro Max Extra puff 15k Crystal Vapes:<\/span><\/h2>\n<p>&nbsp;<\/p>\n<h6 class=\"style-scope ytd-watch-metadata\">1.Ako pou\u017e\u00edva\u0165 15000 WGA Crystal Pro Max 15k Puffs Vape?<\/h6>\n<p>T\u00e1to jednorazov\u00e1 e-cigareta WGA Crystal Pro Max Extra 15k puffs vyu\u017e\u00edva technol\u00f3giu separ\u00e1cie olejov\u00e9ho jadra, pou\u017eite ju pod\u013ea pokynov.<br \/>\nIn\u0161trukcie:<br \/>\n1: Roztrhnite obal produktu<br \/>\n2: Odlepte spodn\u00fa n\u00e1lepku<br \/>\n3: Pred pou\u017eit\u00edm nechajte 3 min\u00faty odst\u00e1\u0165.<\/p>\n<h6>2.Ako nab\u00edja\u0165 WGA Crystal 15000 Puffs Crystal Vape Kopen:<\/h6>\n<p>R\u00fdchlonab\u00edjacie nab\u00edja\u010dky sa nedaj\u00fa pou\u017ei\u0165 a \u0161tandardn\u00fd bezpe\u010dn\u00fd v\u00fdkon jednorazov\u00fdch e-cigariet je 5V 1A.<\/p>\n<p>Ka\u017ed\u00fd \u010das nab\u00edjania nesmie presiahnu\u0165 1 hodinu a bezpe\u010dn\u00fd \u010das nab\u00edjania je pol hodiny.<\/p>\n<p><span style=\"color: #ff6600\">Upozornenie: nenab\u00edjajte cel\u00fa noc!<\/span><\/p>\n<h6>3.Ak\u00e1 je kapacita e-liquidu vapy WGA Crystal Pro Max Extra 15000 Puffs?<\/h6>\n<p>\u2014\u201425ml<\/p>\n<h6>4.Ako dlho vydr\u017e\u00ed WGA Crystal Pro Max 15000 \u0165ahov vape:<\/h6>\n<p>\u2014\u201315000 potiahnut\u00ed<\/p>\n<h3 class=\"faqs-answer\"><\/h3>\n<h3><span style=\"vertical-align: inherit\">\u0160pecifik\u00e1cia WGA Crystal Pro Max Extra 15000 \u0165ahov:<\/span><strong><br \/>\n<\/strong><\/h3>\n<ul>\n<li>Dobr\u00e1 bat\u00e9ria: 650mAh (Type C)<\/li>\n<li>Vysok\u00e1 kapacita: 25 ml<\/li>\n<li>Vysokokvalitn\u00e1 \u0161pir\u00e1la: 0,8 ohm mesh<\/li>\n<li>A\u017e 15000 \u0165ahov<\/li>\n<li>MTL vaping a trojit\u00e1 mesh cievka<\/li>\n<li>Nastavite\u013en\u00fd prietok vzduchu a LED displej<\/li>\n<li>Pohodln\u00e9 a prenosn\u00e9, kompaktn\u00e9 zariadenie<\/li>\n<li>Sila nikot\u00ednu: 20 mg (2%)<\/li>\n<\/ul>\n<h3>\u00a0Najlep\u0161ie pr\u00edchute pre vape WGA Crystal Pro Max Extra 15000 \u0165ahov:<\/h3>\n<p>&nbsp;<\/p>\n<p>1.\u0160umiv\u00e1 \u010dere\u0161\u0148a<br \/>\n2.Vodov\u00fd mel\u00f3n s \u013eadom<br \/>\n3.Gumov\u00fd medved\u00edk<br \/>\n4. \u010cu\u010doriedka Malina<br \/>\n5.Citr\u00f3n a limetka<br \/>\n6.Jahoda s \u013eadom<br \/>\n7.\u010cu\u010doriedka a kysl\u00e1 malina<br \/>\n8.Modr\u00e1 malina s \u013eadom<br \/>\n9.Skittles<br \/>\n10.\u010cu\u010doriedka, \u010dere\u0161\u0148a, brusnica<br \/>\n11.\u010cere\u0161\u0148a s \u013eadom<br \/>\n12.Trojit\u00e9 mango<br \/>\n13.Anan\u00e1s s \u013eadom<br \/>\n14.Ban\u00e1n s \u013eadom<br \/>\n15.Letn\u00fd sen<br \/>\n16.Svie\u017ea M\u00e4ta<br \/>\n17.Ostru\u017eina \u010cu\u010doriedka Malina<br \/>\n18.Mogu Mogu Li\u010di<br \/>\n19.Jahodov\u00e1 zmrzlinov\u00e1 l\u00edzanka<br \/>\n20.Jahodov\u00e1 \u010cere\u0161\u0148ov\u00e1 \u017duva\u010dka<br \/>\n21.Oasis \u013dadov\u00e1 dr\u0165<br \/>\n22.WGA Modr\u00e1<br \/>\n23.WGA Ru\u017eov\u00e1<br \/>\n24.Prime Jahodov\u00fd Vodn\u00fd mel\u00f3n<br \/>\n25.Hubba Bubba<br \/>\n26. \u0161\u0165avnat\u00e1 brosky\u0148a<br \/>\n27. \u010du\u010doriedkov\u00e1 \u013eadov\u00e1 ty\u010dinka<br \/>\n28. jahodov\u00e1 malinov\u00e1 \u010dere\u0161\u0148ov\u00e1 \u013eadov\u00e1 pr\u00edchu\u0165<br \/>\n29. \u010dernicov\u00e1 \u010du\u010doriedkov\u00e1 malinov\u00e1 pr\u00edchu\u0165<br \/>\n30. malinov\u00e1 \u010dere\u0161\u0148ov\u00e1 \u013eadov\u00e1 pr\u00edchu\u0165<\/p>\n<p><a href=\"https:\/\/vapebulkp.com\/sk\/product\/cloud-bar-tornado-9000puffs-randm-vape-original-vape\/\"><span style=\"vertical-align: inherit\">Dobr\u00fd Predaj Vape Cloud Bar 9000 Puffs<\/span><\/a><\/p>\n<p><span style=\"vertical-align: inherit\">N\u00e1jdite viac produktov, ktor\u00e9 by sa v\u00e1m mohli p\u00e1\u010di\u0165:<\/span><em><a href=\"https:\/\/wa.me\/8618077105796\"><span style=\"vertical-align: inherit\">\u00a0K\u00fapi\u0165<\/span><\/a><\/em><\/p>\n<p><span style=\"vertical-align: inherit\">\u010eal\u0161ie Puffs, ktor\u00e9 by sa v\u00e1m mohli p\u00e1\u010di\u0165:<\/span><a href=\"https:\/\/vapebulkp.com\/sk\/product\/good-vape-jnr-shisha-15000-puffs-wholesale-vapme-shisha\/\"><span style=\"vertical-align: inherit\">JNR Vapme shisha 15000 potiahnut\u00ed<\/span><\/a><span style=\"vertical-align: inherit\">\u3001<\/span><a href=\"https:\/\/vapebulkp.com\/sk\/product\/good-sale-randm-tornado-10000-puffs-plus\/\"><span style=\"vertical-align: inherit\">Randm 10000 potiahnut\u00ed<\/span><\/a><span style=\"vertical-align: inherit\">\/ <\/span><a href=\"https:\/\/vapebulkp.com\/sk\/product\/popular-vape-bang-king-15000-puffs-bang-vape\/\"><span style=\"vertical-align: inherit\">Bang King 15000 potiahnut\u00ed<\/span><\/a><span style=\"vertical-align: inherit\">\/ <\/span><a href=\"https:\/\/vapebulkp.com\/sk\/product\/popular-randm-tornado-7000puffs-disposable-vape-best-price\/\"><span style=\"vertical-align: inherit\">RandM Tornado 7000 potiahnut\u00ed<\/span><\/a><\/p>\n<p><span style=\"vertical-align: inherit\">E-cigareta so \u0161peci\u00e1lnym tvarom f\u013ea\u0161e:<\/span><a href=\"https:\/\/vapebulkp.com\/sk\/product\/bang-tornado-12000-puffs-rechargeable-disposable-pod\/\"><span style=\"vertical-align: inherit\">Bang Tornado 12000 potiahnut\u00ed <\/span><\/a><span style=\"vertical-align: inherit\">\/ <\/span><a href=\"https:\/\/vapebulkp.com\/sk\/product\/wholesale-tornado-rum-bar-9000-puffs-sweden\/\"><span style=\"vertical-align: inherit\">Rumbar 9000 Puffs<\/span><\/a><span style=\"vertical-align: inherit\">\/<\/span><a href=\"https:\/\/vapebulkp.com\/sk\/product\/top-sale-waspe-12000puffs-disposable-vape-wholesale-france\/\"><span style=\"vertical-align: inherit\">WASPE 12000 potiahnut\u00ed<\/span><\/a><\/p>\n<h4>Kvalifik\u00e1cia v\u00fdroby:<\/h4>\n<p><img decoding=\"async\" class=\"alignnone size-full wp-image-1841\" src=\"http:\/\/vapebulkp.com\/wp-content\/uploads\/2023\/11\/Vape-production-process-2.jpeg\" alt=\"Proces v\u00fdroby vape\" width=\"650\" height=\"434\" srcset=\"https:\/\/vapebulkp.com\/wp-content\/uploads\/2023\/11\/Vape-production-process-2.jpeg 650w, https:\/\/vapebulkp.com\/wp-content\/uploads\/2023\/11\/Vape-production-process-2-300x200.jpeg 300w, https:\/\/vapebulkp.com\/wp-content\/uploads\/2023\/11\/Vape-production-process-2-600x401.jpeg 600w\" sizes=\"(max-width: 650px) 100vw, 650px\" \/><\/p>\n<p><img decoding=\"async\" class=\"alignnone size-full wp-image-1843\" src=\"http:\/\/vapebulkp.com\/wp-content\/uploads\/2023\/11\/Vape-production-process.jpeg\" alt=\"Proces v\u00fdroby vape\" width=\"641\" height=\"1026\" srcset=\"https:\/\/vapebulkp.com\/wp-content\/uploads\/2023\/11\/Vape-production-process.jpeg 641w, https:\/\/vapebulkp.com\/wp-content\/uploads\/2023\/11\/Vape-production-process-187x300.jpeg 187w, https:\/\/vapebulkp.com\/wp-content\/uploads\/2023\/11\/Vape-production-process-640x1024.jpeg 640w, https:\/\/vapebulkp.com\/wp-content\/uploads\/2023\/11\/Vape-production-process-600x960.jpeg 600w\" sizes=\"(max-width: 641px) 100vw, 641px\" \/><\/p>\n<p>&nbsp;<\/p>\n<h4>Detail dopravy:<\/h4>\n<p><span style=\"color: #ff6600\">\u010cas v\u00fdroby: 5-10 pracovn\u00fdch dn\u00ed<\/span><br \/>\n<span style=\"color: #ff6600\">\u010cas dodania: 8-14 pracovn\u00fdch dn\u00ed<\/span><\/p>\n<p>V\u0161etky produkty v na\u0161om obchode s\u00fa 100 % origin\u00e1lne a autentick\u00e9, preto desa\u0165n\u00e1sobn\u00e1 kompenz\u00e1cia za falo\u0161n\u00fd tovar je na\u0161ou obchodnou politikou. Na doru\u010denie tovaru v\u00e1m pou\u017e\u00edvame logistick\u00e9 kan\u00e1ly ako UPS\/DHL\/FEDEX\/DPD.<\/p>\n<p>Pre z\u00e1sielky doru\u010dovan\u00e9 na Slovensko to zvy\u010dajne trv\u00e1 10 pracovn\u00fdch dn\u00ed. Z\u00e1sielky do eur\u00f3pskych kraj\u00edn zvy\u010dajne dorazia za 12 a\u017e 15 pracovn\u00fdch dn\u00ed. Inform\u00e1cie o logistike v\u00e1m budeme aktualizova\u0165 v re\u00e1lnom \u010dase.<\/p>","protected":false},"excerpt":{"rendered":"<p>Najpred\u00e1vanej\u0161ia vapa WGA Crystal Pro Max 15k Puffs<\/p>\n<p>Pre z\u013eavnen\u00fa cenu, kontaktujte pros\u00edm Mandy cez WhatsApp<a href=\"https:\/\/wa.me\/8618077105796\">+8618077105796<\/a><\/p>\n<p><img decoding=\"async\" class=\"alignnone wp-image-2151\" src=\"http:\/\/vapebulkp.com\/wp-content\/uploads\/2024\/04\/Mandy-WhatsApp-Randm.jpg\" alt=\"Mandy WhatsApp Randm\" width=\"297\" height=\"316\" srcset=\"https:\/\/vapebulkp.com\/wp-content\/uploads\/2024\/04\/Mandy-WhatsApp-Randm.jpg 916w, https:\/\/vapebulkp.com\/wp-content\/uploads\/2024\/04\/Mandy-WhatsApp-Randm-282x300.jpg 282w, https:\/\/vapebulkp.com\/wp-content\/uploads\/2024\/04\/Mandy-WhatsApp-Randm-768x817.jpg 768w, https:\/\/vapebulkp.com\/wp-content\/uploads\/2024\/04\/Mandy-WhatsApp-Randm-600x638.jpg 600w\" sizes=\"(max-width: 297px) 100vw, 297px\" \/><\/p>\n<p><span style=\"color: #ff0000\">POZN\u00c1MKA: Ceny na na\u0161ej webovej str\u00e1nke nezah\u0155\u0148aj\u00fa n\u00e1klady na dopravu<\/span><\/p>\n<p>Hlavn\u00fd d\u00f4vod pre n\u00e1kup<br \/>\n1. Vynikaj\u00faca kvalita a bezkonkuren\u010dn\u00fd v\u00fdkon.<\/p>\n<p>2. Konkuren\u010dn\u00e1 cena a r\u00fdchla hodnota.<\/p>\n<p>3. Viacero mo\u017enost\u00ed a v\u010dasn\u00e9 dodanie.<\/p>\n<p>4. Uspokojiv\u00fd z\u00e1\u017eitok z nakupovania<\/p>","protected":false},"featured_media":2322,"comment_status":"open","ping_status":"closed","template":"","meta":{"_uag_custom_page_level_css":"","_lmt_disableupdate":"no","_lmt_disable":"","site-sidebar-layout":"default","site-content-layout":"content-boxed-container","ast-site-content-layout":"normal-width-container","site-content-style":"boxed","site-sidebar-style":"unboxed","ast-global-header-display":"","ast-banner-title-visibility":"","ast-main-header-display":"","ast-hfb-above-header-display":"","ast-hfb-below-header-display":"","ast-hfb-mobile-header-display":"","site-post-title":"","ast-breadcrumbs-content":"","ast-featured-img":"","footer-sml-layout":"","theme-transparent-header-meta":"default","adv-header-id-meta":"","stick-header-meta":"","header-above-stick-meta":"","header-main-stick-meta":"","header-below-stick-meta":"","astra-migrate-meta-layouts":"set","_joinchat":[]},"product_cat":[165,153,155,33,59,100,87,34,158,157,154,152,58,84,156,63,32,366],"product_tag":[77,36,37,41,75,40],"class_list":["post-2336","product","type-product","status-publish","has-post-thumbnail","hentry","product_cat-15000-puffs-disposable-vape","product_cat-hot-disposable-vapes","product_cat-belgium-hot-disposable-vapes","product_cat-france-vape-hot-sale","product_cat-germany-hot-disposable-vape","product_cat-germany-wholesale-vape-shop","product_cat-minimum-order-quantity-50pcs","product_cat-netherlands-vape-good-sale","product_cat-norway-hot-disposable-vapes","product_cat-poland-hot-disposable-vapes","product_cat-portugal-hot-disposable-vapes","product_cat-spain-hot-disposable-vapes","product_cat-sweden-hot-disposable-vape","product_cat-sweden-wholesale-vape","product_cat-switzerland-hot-disposable-vapes","product_cat-top-sale-disposable-vape","product_cat-vape-hot-sale-this-week","product_cat-wga-vape","product_tag-15000-puffs","product_tag-good-vape","product_tag-hot-sale-disposable-vape","product_tag-poland-hot-vape","product_tag-randm-vape-9000-puffs","product_tag-sweden-hot-vape","pa_brand-wga-vape","desktop-align-left","tablet-align-left","mobile-align-left"],"yoast_head":"<!-- This site is optimized with the Yoast SEO plugin v21.1 - https:\/\/yoast.com\/wordpress\/plugins\/seo\/ -->\n<title>Best Price WGA Crystal Pro Max 15k Puffs Original Vape - vapebulkp.com<\/title>\n<meta name=\"description\" content=\"Best Price WGA Crystal Pro Max 15k Puffs Original Vape , setting a new standard in disposable vaping. With an impressive puff count of 15,000 and a selection of 30 distinct flavors,\" \/>\n<meta name=\"robots\" content=\"index, follow, max-snippet:-1, max-image-preview:large, max-video-preview:-1\" \/>\n<link rel=\"canonical\" href=\"https:\/\/vapebulkp.com\/sk\/product\/best-price-wga-crystal-pro-max-15k-puffs-original-vape\/\" \/>\n<meta property=\"og:locale\" content=\"sk_SK\" \/>\n<meta property=\"og:type\" content=\"article\" \/>\n<meta property=\"og:title\" content=\"Best Price WGA Crystal Pro Max 15k Puffs Original Vape - vapebulkp.com\" \/>\n<meta property=\"og:description\" content=\"Best Price WGA Crystal Pro Max 15k Puffs Original Vape , setting a new standard in disposable vaping. With an impressive puff count of 15,000 and a selection of 30 distinct flavors,\" \/>\n<meta property=\"og:url\" content=\"https:\/\/vapebulkp.com\/sk\/product\/best-price-wga-crystal-pro-max-15k-puffs-original-vape\/\" \/>\n<meta property=\"og:site_name\" content=\"vapebulkp.com\" \/>\n<meta property=\"article:modified_time\" content=\"2025-09-17T08:34:35+00:00\" \/>\n<meta property=\"og:image\" content=\"http:\/\/vapebulkp.com\/wp-content\/uploads\/2024\/04\/WGA-crystal-Pro-Max-Extra-15000-puff-Discount-Price-scaled.jpg\" \/>\n\t<meta property=\"og:image:width\" content=\"1922\" \/>\n\t<meta property=\"og:image:height\" content=\"2560\" \/>\n\t<meta property=\"og:image:type\" content=\"image\/jpeg\" \/>\n<meta name=\"twitter:card\" content=\"summary_large_image\" \/>\n<meta name=\"twitter:label1\" content=\"Predpokladan\u00fd \u010das \u010d\u00edtania\" \/>\n\t<meta name=\"twitter:data1\" content=\"4 min\u00faty\" \/>\n<script type=\"application\/ld+json\" class=\"yoast-schema-graph\">{\"@context\":\"https:\/\/schema.org\",\"@graph\":[{\"@type\":\"WebPage\",\"@id\":\"https:\/\/vapebulkp.com\/product\/best-price-wga-crystal-pro-max-15k-puffs-original-vape\/\",\"url\":\"https:\/\/vapebulkp.com\/product\/best-price-wga-crystal-pro-max-15k-puffs-original-vape\/\",\"name\":\"Best Price WGA Crystal Pro Max 15k Puffs Original Vape - vapebulkp.com\",\"isPartOf\":{\"@id\":\"https:\/\/vapebulkp.com\/#website\"},\"datePublished\":\"2024-04-28T06:11:05+00:00\",\"dateModified\":\"2025-09-17T08:34:35+00:00\",\"description\":\"Best Price WGA Crystal Pro Max 15k Puffs Original Vape , setting a new standard in disposable vaping. With an impressive puff count of 15,000 and a selection of 30 distinct flavors,\",\"breadcrumb\":{\"@id\":\"https:\/\/vapebulkp.com\/product\/best-price-wga-crystal-pro-max-15k-puffs-original-vape\/#breadcrumb\"},\"inLanguage\":\"sk-SK\",\"potentialAction\":[{\"@type\":\"ReadAction\",\"target\":[\"https:\/\/vapebulkp.com\/product\/best-price-wga-crystal-pro-max-15k-puffs-original-vape\/\"]}]},{\"@type\":\"BreadcrumbList\",\"@id\":\"https:\/\/vapebulkp.com\/product\/best-price-wga-crystal-pro-max-15k-puffs-original-vape\/#breadcrumb\",\"itemListElement\":[{\"@type\":\"ListItem\",\"position\":1,\"name\":\"Home\",\"item\":\"https:\/\/vapebulkp.com\/\"},{\"@type\":\"ListItem\",\"position\":2,\"name\":\"Hot Trend Vapes\",\"item\":\"https:\/\/vapebulkp.com\/vape-shop\/\"},{\"@type\":\"ListItem\",\"position\":3,\"name\":\"Best Price WGA Crystal Pro Max 15k Puffs Original Vape\"}]},{\"@type\":\"WebSite\",\"@id\":\"https:\/\/vapebulkp.com\/#website\",\"url\":\"https:\/\/vapebulkp.com\/\",\"name\":\"vapebulkp.com\",\"description\":\"Buy Vape In Cheap Bulk Price Near you\",\"publisher\":{\"@id\":\"https:\/\/vapebulkp.com\/#organization\"},\"potentialAction\":[{\"@type\":\"SearchAction\",\"target\":{\"@type\":\"EntryPoint\",\"urlTemplate\":\"https:\/\/vapebulkp.com\/?s={search_term_string}\"},\"query-input\":\"required name=search_term_string\"}],\"inLanguage\":\"sk-SK\"},{\"@type\":\"Organization\",\"@id\":\"https:\/\/vapebulkp.com\/#organization\",\"name\":\"vapebulkp.com\",\"url\":\"https:\/\/vapebulkp.com\/\",\"logo\":{\"@type\":\"ImageObject\",\"inLanguage\":\"sk-SK\",\"@id\":\"https:\/\/vapebulkp.com\/#\/schema\/logo\/image\/\",\"url\":\"https:\/\/vapebulkp.com\/wp-content\/uploads\/2023\/09\/cropped-vapebulkp.png\",\"contentUrl\":\"https:\/\/vapebulkp.com\/wp-content\/uploads\/2023\/09\/cropped-vapebulkp.png\",\"width\":516,\"height\":163,\"caption\":\"vapebulkp.com\"},\"image\":{\"@id\":\"https:\/\/vapebulkp.com\/#\/schema\/logo\/image\/\"}}]}<\/script>\n<!-- \/ Yoast SEO plugin. -->","yoast_head_json":{"title":"Best Price WGA Crystal Pro Max 15k Puffs Original Vape - vapebulkp.com","description":"Best Price WGA Crystal Pro Max 15k Puffs Original Vape , setting a new standard in disposable vaping. With an impressive puff count of 15,000 and a selection of 30 distinct flavors,","robots":{"index":"index","follow":"follow","max-snippet":"max-snippet:-1","max-image-preview":"max-image-preview:large","max-video-preview":"max-video-preview:-1"},"canonical":"https:\/\/vapebulkp.com\/sk\/product\/best-price-wga-crystal-pro-max-15k-puffs-original-vape\/","og_locale":"sk_SK","og_type":"article","og_title":"Best Price WGA Crystal Pro Max 15k Puffs Original Vape - vapebulkp.com","og_description":"Best Price WGA Crystal Pro Max 15k Puffs Original Vape , setting a new standard in disposable vaping. With an impressive puff count of 15,000 and a selection of 30 distinct flavors,","og_url":"https:\/\/vapebulkp.com\/sk\/product\/best-price-wga-crystal-pro-max-15k-puffs-original-vape\/","og_site_name":"vapebulkp.com","article_modified_time":"2025-09-17T08:34:35+00:00","og_image":[{"width":1922,"height":2560,"url":"http:\/\/vapebulkp.com\/wp-content\/uploads\/2024\/04\/WGA-crystal-Pro-Max-Extra-15000-puff-Discount-Price-scaled.jpg","type":"image\/jpeg"}],"twitter_card":"summary_large_image","twitter_misc":{"Predpokladan\u00fd \u010das \u010d\u00edtania":"4 min\u00faty"},"schema":{"@context":"https:\/\/schema.org","@graph":[{"@type":"WebPage","@id":"https:\/\/vapebulkp.com\/product\/best-price-wga-crystal-pro-max-15k-puffs-original-vape\/","url":"https:\/\/vapebulkp.com\/product\/best-price-wga-crystal-pro-max-15k-puffs-original-vape\/","name":"Best Price WGA Crystal Pro Max 15k Puffs Original Vape - vapebulkp.com","isPartOf":{"@id":"https:\/\/vapebulkp.com\/#website"},"datePublished":"2024-04-28T06:11:05+00:00","dateModified":"2025-09-17T08:34:35+00:00","description":"Best Price WGA Crystal Pro Max 15k Puffs Original Vape , setting a new standard in disposable vaping. With an impressive puff count of 15,000 and a selection of 30 distinct flavors,","breadcrumb":{"@id":"https:\/\/vapebulkp.com\/product\/best-price-wga-crystal-pro-max-15k-puffs-original-vape\/#breadcrumb"},"inLanguage":"sk-SK","potentialAction":[{"@type":"ReadAction","target":["https:\/\/vapebulkp.com\/product\/best-price-wga-crystal-pro-max-15k-puffs-original-vape\/"]}]},{"@type":"BreadcrumbList","@id":"https:\/\/vapebulkp.com\/product\/best-price-wga-crystal-pro-max-15k-puffs-original-vape\/#breadcrumb","itemListElement":[{"@type":"ListItem","position":1,"name":"Home","item":"https:\/\/vapebulkp.com\/"},{"@type":"ListItem","position":2,"name":"Hot Trend Vapes","item":"https:\/\/vapebulkp.com\/vape-shop\/"},{"@type":"ListItem","position":3,"name":"Best Price WGA Crystal Pro Max 15k Puffs Original Vape"}]},{"@type":"WebSite","@id":"https:\/\/vapebulkp.com\/#website","url":"https:\/\/vapebulkp.com\/","name":"vapebulkp.com","description":"Buy Vape In Cheap Bulk Price Near you","publisher":{"@id":"https:\/\/vapebulkp.com\/#organization"},"potentialAction":[{"@type":"SearchAction","target":{"@type":"EntryPoint","urlTemplate":"https:\/\/vapebulkp.com\/?s={search_term_string}"},"query-input":"required name=search_term_string"}],"inLanguage":"sk-SK"},{"@type":"Organization","@id":"https:\/\/vapebulkp.com\/#organization","name":"vapebulkp.com","url":"https:\/\/vapebulkp.com\/","logo":{"@type":"ImageObject","inLanguage":"sk-SK","@id":"https:\/\/vapebulkp.com\/#\/schema\/logo\/image\/","url":"https:\/\/vapebulkp.com\/wp-content\/uploads\/2023\/09\/cropped-vapebulkp.png","contentUrl":"https:\/\/vapebulkp.com\/wp-content\/uploads\/2023\/09\/cropped-vapebulkp.png","width":516,"height":163,"caption":"vapebulkp.com"},"image":{"@id":"https:\/\/vapebulkp.com\/#\/schema\/logo\/image\/"}}]}},"uagb_featured_image_src":{"full":["https:\/\/vapebulkp.com\/wp-content\/uploads\/2024\/04\/WGA-crystal-Pro-Max-Extra-15000-puff-Discount-Price-scaled.jpg",1922,2560,false],"thumbnail":["https:\/\/vapebulkp.com\/wp-content\/uploads\/2024\/04\/WGA-crystal-Pro-Max-Extra-15000-puff-Discount-Price-150x150.jpg",150,150,true],"medium":["https:\/\/vapebulkp.com\/wp-content\/uploads\/2024\/04\/WGA-crystal-Pro-Max-Extra-15000-puff-Discount-Price-225x300.jpg",225,300,true],"medium_large":["https:\/\/vapebulkp.com\/wp-content\/uploads\/2024\/04\/WGA-crystal-Pro-Max-Extra-15000-puff-Discount-Price-768x1023.jpg",768,1023,true],"large":["https:\/\/vapebulkp.com\/wp-content\/uploads\/2024\/04\/WGA-crystal-Pro-Max-Extra-15000-puff-Discount-Price-769x1024.jpg",769,1024,true],"1536x1536":["https:\/\/vapebulkp.com\/wp-content\/uploads\/2024\/04\/WGA-crystal-Pro-Max-Extra-15000-puff-Discount-Price-1153x1536.jpg",1153,1536,true],"2048x2048":["https:\/\/vapebulkp.com\/wp-content\/uploads\/2024\/04\/WGA-crystal-Pro-Max-Extra-15000-puff-Discount-Price-1538x2048.jpg",1538,2048,true],"trp-custom-language-flag":["https:\/\/vapebulkp.com\/wp-content\/uploads\/2024\/04\/WGA-crystal-Pro-Max-Extra-15000-puff-Discount-Price-scaled.jpg",9,12,false],"woocommerce_thumbnail":["https:\/\/vapebulkp.com\/wp-content\/uploads\/2024\/04\/WGA-crystal-Pro-Max-Extra-15000-puff-Discount-Price-300x300.jpg",300,300,true],"woocommerce_single":["https:\/\/vapebulkp.com\/wp-content\/uploads\/2024\/04\/WGA-crystal-Pro-Max-Extra-15000-puff-Discount-Price-600x799.jpg",600,799,true],"woocommerce_gallery_thumbnail":["https:\/\/vapebulkp.com\/wp-content\/uploads\/2024\/04\/WGA-crystal-Pro-Max-Extra-15000-puff-Discount-Price-100x100.jpg",100,100,true],"wcpr-photo-reviews":["https:\/\/vapebulkp.com\/wp-content\/uploads\/2024\/04\/WGA-crystal-Pro-Max-Extra-15000-puff-Discount-Price-scaled.jpg",375,500,false]},"uagb_author_info":{"display_name":"Mandy vape bulk price","author_link":"https:\/\/vapebulkp.com\/sk\/author\/"},"uagb_comment_info":1,"uagb_excerpt":"Tops Sale Vape WGA Crystal Pro Max 15k Puffs Pls Contact Mandy's WhatsApp For Discount Price+8618077105796 NOTE: Prices on our website does not include shipping costs Main reason for purchase 1. Excellent quality and unparalleled performance. 2. Competitive price and fast value. 3. Multiple options and timely delivery. 4. A satisfying shopping experience","_links":{"self":[{"href":"https:\/\/vapebulkp.com\/sk\/wp-json\/wp\/v2\/product\/2336","targetHints":{"allow":["GET"]}}],"collection":[{"href":"https:\/\/vapebulkp.com\/sk\/wp-json\/wp\/v2\/product"}],"about":[{"href":"https:\/\/vapebulkp.com\/sk\/wp-json\/wp\/v2\/types\/product"}],"replies":[{"embeddable":true,"href":"https:\/\/vapebulkp.com\/sk\/wp-json\/wp\/v2\/comments?post=2336"}],"wp:featuredmedia":[{"embeddable":true,"href":"https:\/\/vapebulkp.com\/sk\/wp-json\/wp\/v2\/media\/2322"}],"wp:attachment":[{"href":"https:\/\/vapebulkp.com\/sk\/wp-json\/wp\/v2\/media?parent=2336"}],"wp:term":[{"taxonomy":"product_cat","embeddable":true,"href":"https:\/\/vapebulkp.com\/sk\/wp-json\/wp\/v2\/product_cat?post=2336"},{"taxonomy":"product_tag","embeddable":true,"href":"https:\/\/vapebulkp.com\/sk\/wp-json\/wp\/v2\/product_tag?post=2336"}],"curies":[{"name":"wp","href":"https:\/\/api.w.org\/{rel}","templated":true}]}}