{"id":2603,"date":"2024-07-13T11:04:14","date_gmt":"2024-07-13T09:04:14","guid":{"rendered":"https:\/\/vapebulkp.com\/?post_type=product&#038;p=2603"},"modified":"2025-09-24T05:31:51","modified_gmt":"2025-09-24T03:31:51","slug":"uzy-vaper-9000-puffs-discount-price-tornado-vape","status":"publish","type":"product","link":"https:\/\/vapebulkp.com\/sk\/produkt\/uzy-vaper-9000-puffs-discount-price-tornado-vape\/","title":{"rendered":"UZY VAPER 9000 \u0161lukov Z\u013eavnen\u00e1 cena Tornado Vape"},"content":{"rendered":"<h2>UZY VAPER 9000 \u0161lukov Z\u013eavnen\u00e1 cena Tornado Vape<\/h2>\n<p data-start=\"358\" data-end=\"666\">Ten <strong data-start=\"362\" data-end=\"402\">UZY VAPER 9000 Puffs Jednorazov\u00e1 e-cigareta<\/strong> je pr\u00e9miov\u00e9 vapovacie zariadenie vytvoren\u00e9 pre eur\u00f3pskych nad\u0161encov, ktor\u00ed h\u013eadaj\u00fa <strong data-start=\"471\" data-end=\"499\">dlhotrvaj\u00facu e-cigaretu<\/strong> s konzistentnou chu\u0165ou a v\u00fdkonom. V\u010faka pokro\u010dilej <strong data-start=\"559\" data-end=\"588\">jednorazovou vapkou s mesh cievkou<\/strong> technol\u00f3gii poskytuje hladk\u00fa, hust\u00fa paru a v\u00fdrazn\u00fa chu\u0165 s ka\u017ed\u00fdm potiahnut\u00edm.<\/p>\n<p data-start=\"668\" data-end=\"995\">Toto <strong data-start=\"673\" data-end=\"705\">nab\u00edjate\u013en\u00fd jednorazov\u00fd vape<\/strong> je vybaven\u00e9 850mAh bat\u00e9riou a r\u00fdchlym nab\u00edjan\u00edm Type-C, \u010do skracuje prestoje a umo\u017e\u0148uje nepretr\u017eit\u00e9 pou\u017e\u00edvanie. S 18ml z\u00e1sobn\u00edkom na e-liquid podporuje <strong data-start=\"848\" data-end=\"873\">\u0161tandardy nikot\u00ednov\u00fdch sol\u00ed pre vape v E\u00da<\/strong> a pon\u00faka mo\u017enosti 0%, 2%, 3% alebo 5% nikot\u00ednu v 15 vybran\u00fdch pr\u00edchutiach, vr\u00e1tane ovocn\u00fdch zmes\u00ed a mentolov.<\/p>\n<p data-start=\"997\" data-end=\"1279\">Kompaktn\u00e9 a \u0161t\u00fdlov\u00e9 zariadenie <strong data-start=\"1022\" data-end=\"1052\">Jednorazov\u00e1 e-cigareta 9000 potiahnut\u00ed<\/strong> je ide\u00e1lne na ka\u017edodenn\u00e9 pou\u017eitie, spolo\u010densk\u00e9 pr\u00edle\u017eitosti a ve\u013ekoobchodn\u00fa distrib\u00faciu. Ide\u00e1lne pre <a href=\"https:\/\/vapebulkp.com\/sk\/ot-disposable-vapes-europe\/\"><strong data-start=\"1130\" data-end=\"1155\">ve\u013ekoobchodn\u00fd vaporiz\u00e9r Eur\u00f3pa<\/strong><\/a> trhy, poskytuje maloobchodn\u00edkom produkt s vysok\u00fdm dopytom, ktor\u00fd sp\u00e1ja odolnos\u0165, pohodlie a pr\u00e9miov\u00fd v\u00fdkon.<\/p>\n<p><img decoding=\"async\" class=\"alignnone wp-image-2575\" src=\"http:\/\/vapebulkp.com\/wp-content\/uploads\/2024\/07\/Hot-Vape-UZY-VAPER-9k.png\" alt=\"Hor\u00faci vape UZY VAPER 9k\" width=\"560\" height=\"1102\" \/><\/p>\n<h6>Pre z\u013eavnen\u00fa cenu, kontaktujte pros\u00edm Mandy cez WhatsApp<a href=\"https:\/\/wa.me\/8618077105796\">+8618077105796<\/a><\/h6>\n<h3><img decoding=\"async\" class=\"alignnone wp-image-2151\" src=\"http:\/\/vapebulkp.com\/wp-content\/uploads\/2024\/04\/Mandy-WhatsApp-Randm.jpg\" alt=\"Mandy WhatsApp Rande\" width=\"268\" height=\"285\" srcset=\"https:\/\/vapebulkp.com\/wp-content\/uploads\/2024\/04\/Mandy-WhatsApp-Randm.jpg 916w, https:\/\/vapebulkp.com\/wp-content\/uploads\/2024\/04\/Mandy-WhatsApp-Randm-282x300.jpg 282w, https:\/\/vapebulkp.com\/wp-content\/uploads\/2024\/04\/Mandy-WhatsApp-Randm-768x817.jpg 768w, https:\/\/vapebulkp.com\/wp-content\/uploads\/2024\/04\/Mandy-WhatsApp-Randm-600x638.jpg 600w\" sizes=\"(max-width: 268px) 100vw, 268px\" \/><\/h3>\n<h2>Mo\u017eno by v\u00e1s zauj\u00edmalo, \u010do sa t\u00fdka Best Vape UZY VAPER 9K Puffs:<\/h2>\n<p>&nbsp;<\/p>\n<h6>1. Ako nabi\u0165 jednorazov\u00fa e-cigaretu UZY VAPER Tornado 9000 Puffs?<\/h6>\n<p>Nab\u00edja\u010dky s r\u00fdchlym nab\u00edjan\u00edm sa nem\u00f4\u017eu pou\u017e\u00edva\u0165. \u0160tandardn\u00fd bezpe\u010dn\u00fd v\u00fdkon jednorazov\u00fdch e-cigariet je 5V 1A. Ka\u017ed\u00e9 nab\u00edjanie nesmie presiahnu\u0165 1 hodinu a bezpe\u010dn\u00fd \u010das nab\u00edjania je pol hodiny.<\/p>\n<p><span style=\"color: #ff6600\">Upozornenie: nenab\u00edjajte cel\u00fa noc!<\/span><\/p>\n<h6>2. Ako pou\u017e\u00edva\u0165 jednorazov\u00fa e-cigaretu UZY VAPER 9000 Puffs?<\/h6>\n<p>1: Pred pou\u017eit\u00edm 9k Puffs roztrhnite obal.<br \/>\n2: Potom nasa\u010fte tesnenie na spodok vapky<br \/>\n3: Za\u010dnite si u\u017e\u00edva\u0165<\/p>\n<h6><\/h6>\n<h3><strong><span style=\"vertical-align: inherit\">\u0160pecifik\u00e1cia pre UZY VAPER<\/span><\/strong>\u00a0 9000 Pufov Randm Vape<strong><span style=\"vertical-align: inherit\">\uff1a<\/span><br \/>\n<\/strong><\/h3>\n<blockquote><p>\u2013 Po\u010det po\u0165ahov: A\u017e 9000 po\u0165ahov<br \/>\n\u2013 Kapacita bat\u00e9rie: 850mAh<br \/>\n\u2013 Objem e-liquidu: 18ml<br \/>\n\u2013 Nab\u00edjanie: USB typu C pre r\u00fdchle dob\u00edjanie<br \/>\n\u2013 Mo\u017enosti sily nikot\u00ednu: 0%, 2%, 3%, 5%<br \/>\n\u2013 Mo\u017enosti pr\u00edchut\u00ed: Dostupn\u00e9 v 15 pr\u00edchutiach<br \/>\n\u2013 \u017dhaviaca hlava: Technol\u00f3gia Mesh pre lep\u0161iu chu\u0165<\/p>\n<p>&nbsp;<\/p><\/blockquote>\n<h3><strong>\u00a0Ve\u013ekoobchod s vape: UZY VAPER 9K<\/strong>\u00a0\u0160luky <strong>Zoznam pr\u00edchut\u00ed:<\/strong><\/h3>\n<p>&nbsp;<\/p>\n<blockquote><p>1 \u010cu\u010doriedka Malina<br \/>\n2 Mr. Blue<br \/>\n3 Jahoda vodn\u00fd mel\u00f3n<br \/>\n4 Brosky\u0148a mango anan\u00e1s<br \/>\n5 Kiwi marakuja guava<br \/>\n6. \u010cere\u0161\u0148ov\u00fd \u013ead<br \/>\n7. Jahodov\u00fd \u013ead<br \/>\n8. Vodn\u00fd mel\u00f3n \u013ead<br \/>\n9. Hroznov\u00fd \u013ead<br \/>\n10. \u010cu\u010doriedkov\u00fd \u013ead<br \/>\n11. Zmie\u0161an\u00e9 bobule<br \/>\n12. Brosky\u0148ov\u00fd \u013ead<br \/>\n13. Brosky\u0148a bobu\u013ea<br \/>\n14. Jahoda malina<br \/>\n\u010cere\u0161\u0148ov\u00fd \u013ead<br \/>\n15.jahoda ban\u00e1n<\/p><\/blockquote>\n<p>&nbsp;<\/p>\n<p><a href=\"https:\/\/vapebulkp.com\/sk\/produkt\/popular-randm-tornado-7000puffs-disposable-vape-best-price\/\"><span style=\"vertical-align: inherit\">RandM Tornado 7000 potiahnut\u00ed <\/span><\/a><\/p>\n<p><span style=\"vertical-align: inherit\">N\u00e1jdite viac produktov, ktor\u00e9 by sa v\u00e1m mohli p\u00e1\u010di\u0165:<\/span><em><a href=\"https:\/\/wa.me\/8618077105796\"><span style=\"vertical-align: inherit\">\u00a0K\u00fapi\u0165<\/span><\/a><\/em><\/p>\n<p><span style=\"vertical-align: inherit\">\u010eal\u0161ie Puffs, ktor\u00e9 by sa v\u00e1m mohli p\u00e1\u010di\u0165:<\/span><a href=\"https:\/\/vapebulkp.com\/sv\/product\/fluumbox-digital-box-15k-puffs-rechargeable-vape-geek-bar\/\"><span style=\"vertical-align: inherit\">FLUUMBOX Digit\u00e1lny box 15000 potiahnut\u00ed<\/span><\/a><span style=\"vertical-align: inherit\">\u3001<\/span><a href=\"https:\/\/vapebulkp.com\/sk\/produkt\/top-sale-waspe-12000puffs-disposable-vape-wholesale-france\/\"><span style=\"vertical-align: inherit\">UTCO Digital Box 12000 potiahnut\u00ed<\/span><\/a><span style=\"vertical-align: inherit\">\/ <\/span><a href=\"https:\/\/vapebulkp.com\/sk\/produkt\/wholesale-randm-tornado-9000-puffs-germany\/\"><span style=\"vertical-align: inherit\">RandM Tornado 9000 potiahnut\u00ed<\/span><\/a><span style=\"vertical-align: inherit\">\/ <\/span><a href=\"https:\/\/vapebulkp.com\/sk\/produkt\/vapme-crystal-7000-puffs-original-vape-good-flavor\/\"><span style=\"vertical-align: inherit\">Crystal 7000 potiahnut\u00ed<\/span><\/a><\/p>\n<p><span style=\"vertical-align: inherit\">E-cigareta so \u0161peci\u00e1lnym tvarom f\u013ea\u0161e:<\/span><a href=\"https:\/\/vapebulkp.com\/sk\/produkt\/good-sale-randm-tornado-10000-puffs-plus\/\"><span style=\"vertical-align: inherit\">RandM Tornado 10000 potiahnut\u00ed Plus <\/span><\/a><span style=\"vertical-align: inherit\">\/<a href=\"https:\/\/vapebulkp.com\/sv\/product\/wholesale-price-randm-15k-waspe-15000-puffs-best-vape\/\"> Randm Tornado 15000 potiahnut\u00ed<\/a><\/span><\/p>\n<h4>Kvalifik\u00e1cia v\u00fdroby:<\/h4>\n<p><img decoding=\"async\" class=\"alignnone wp-image-1842\" src=\"http:\/\/vapebulkp.com\/wp-content\/uploads\/2023\/11\/Vape-production-process-2.jpg\" alt=\"Proces v\u00fdroby vape\" width=\"671\" height=\"301\" srcset=\"https:\/\/vapebulkp.com\/wp-content\/uploads\/2023\/11\/Vape-production-process-2.jpg 800w, https:\/\/vapebulkp.com\/wp-content\/uploads\/2023\/11\/Vape-production-process-2-300x135.jpg 300w, https:\/\/vapebulkp.com\/wp-content\/uploads\/2023\/11\/Vape-production-process-2-768x345.jpg 768w, https:\/\/vapebulkp.com\/wp-content\/uploads\/2023\/11\/Vape-production-process-2-600x269.jpg 600w\" sizes=\"(max-width: 671px) 100vw, 671px\" \/><\/p>\n<p><img decoding=\"async\" class=\"alignnone wp-image-1843\" src=\"http:\/\/vapebulkp.com\/wp-content\/uploads\/2023\/11\/Vape-production-process.jpeg\" alt=\"Proces v\u00fdroby vape\" width=\"671\" height=\"1074\" srcset=\"https:\/\/vapebulkp.com\/wp-content\/uploads\/2023\/11\/Vape-production-process.jpeg 641w, https:\/\/vapebulkp.com\/wp-content\/uploads\/2023\/11\/Vape-production-process-187x300.jpeg 187w, https:\/\/vapebulkp.com\/wp-content\/uploads\/2023\/11\/Vape-production-process-640x1024.jpeg 640w, https:\/\/vapebulkp.com\/wp-content\/uploads\/2023\/11\/Vape-production-process-600x960.jpeg 600w\" sizes=\"(max-width: 671px) 100vw, 671px\" \/><\/p>\n<h5>\u010cast\u00e9 ot\u00e1zky:<\/h5>\n<p>Ot\u00e1zka: Ak\u00e9 je minim\u00e1lne mno\u017estvo objedn\u00e1vky (MOQ) pre UZY VAPER 9k potiahnut\u00ed?<br \/>\nOdpove\u010f: Minim\u00e1lna objedn\u00e1vka je 50 ks.<br \/>\nQ: Ak\u00e1 je dodacia lehota pre objednan\u00fa e-cigaretu?<br \/>\nA: Zvy\u010dajne je to 10-15 dn\u00ed po odoslan\u00ed.<br \/>\nOt\u00e1zka: Ak\u00e1 je cena dopravy? Odpove\u010f: N\u00e1klady na dopravu z\u00e1visia od hmotnosti. R\u00f4zne mno\u017estv\u00e1 maj\u00fa r\u00f4zne n\u00e1klady na dopravu, kontaktujte n\u00e1s, aby ste potvrdili n\u00e1klady na dopravu.<\/p>\n<p>&nbsp;<\/p>\n<h4>Detail dopravy:<\/h4>\n<p><span style=\"color: #ff6600\">\u010cas v\u00fdroby: 5-10 pracovn\u00fdch dn\u00ed<\/span><br \/>\n<span style=\"color: #ff6600\">\u010cas dodania: 8-14 pracovn\u00fdch dn\u00ed<\/span><\/p>\n<p>V\u0161etky produkty v na\u0161om obchode s\u00fa 100 % origin\u00e1lne a autentick\u00e9, preto desa\u0165n\u00e1sobn\u00e1 kompenz\u00e1cia za falo\u0161n\u00fd tovar je na\u0161ou obchodnou politikou. Na doru\u010denie tovaru v\u00e1m pou\u017e\u00edvame logistick\u00e9 kan\u00e1ly ako UPS\/DHL\/FEDEX\/DPD.<\/p>\n<p>Pre z\u00e1sielky doru\u010dovan\u00e9 na Slovensko to zvy\u010dajne trv\u00e1 10 pracovn\u00fdch dn\u00ed. Z\u00e1sielky do eur\u00f3pskych kraj\u00edn zvy\u010dajne dorazia za 12 a\u017e 15 pracovn\u00fdch dn\u00ed. Inform\u00e1cie o logistike v\u00e1m budeme aktualizova\u0165 v re\u00e1lnom \u010dase.<\/p>","protected":false},"excerpt":{"rendered":"<p>UZY Tornado 9k Puffs Origin\u00e1l Vape Randm Vape<\/p>\n<p><img decoding=\"async\" class=\"alignnone wp-image-2151\" src=\"http:\/\/vapebulkp.com\/wp-content\/uploads\/2024\/04\/Mandy-WhatsApp-Randm.jpg\" alt=\"Mandy WhatsApp Rande\" width=\"247\" height=\"263\" srcset=\"https:\/\/vapebulkp.com\/wp-content\/uploads\/2024\/04\/Mandy-WhatsApp-Randm.jpg 916w, https:\/\/vapebulkp.com\/wp-content\/uploads\/2024\/04\/Mandy-WhatsApp-Randm-282x300.jpg 282w, https:\/\/vapebulkp.com\/wp-content\/uploads\/2024\/04\/Mandy-WhatsApp-Randm-768x817.jpg 768w, https:\/\/vapebulkp.com\/wp-content\/uploads\/2024\/04\/Mandy-WhatsApp-Randm-600x638.jpg 600w\" sizes=\"(max-width: 247px) 100vw, 247px\" \/><\/p>\n<p>Pre z\u013eavnen\u00fa cenu, kontaktujte pros\u00edm Mandy cez WhatsApp<a href=\"https:\/\/wa.me\/8618077105796\">+8618077105796<\/a><\/p>\n<p><span style=\"color: #ff0000\">POZN\u00c1MKA: Ceny na na\u0161ej webovej str\u00e1nke nezah\u0155\u0148aj\u00fa n\u00e1klady na dopravu<\/span><\/p>","protected":false},"featured_media":2581,"comment_status":"open","ping_status":"closed","template":"","meta":{"_uag_custom_page_level_css":"","_lmt_disableupdate":"no","_lmt_disable":"","site-sidebar-layout":"default","site-content-layout":"content-boxed-container","ast-site-content-layout":"normal-width-container","site-content-style":"boxed","site-sidebar-style":"unboxed","ast-global-header-display":"","ast-banner-title-visibility":"","ast-main-header-display":"","ast-hfb-above-header-display":"","ast-hfb-below-header-display":"","ast-hfb-mobile-header-display":"","site-post-title":"","ast-breadcrumbs-content":"","ast-featured-img":"","footer-sml-layout":"","theme-transparent-header-meta":"default","adv-header-id-meta":"","stick-header-meta":"","header-above-stick-meta":"","header-main-stick-meta":"","header-below-stick-meta":"","astra-migrate-meta-layouts":"set","_joinchat":[]},"product_cat":[168,153,155,33,59,100,87,34,158,157,154,152,58,84,156,63,361,32],"product_tag":[47,36,37,41,40],"class_list":["post-2603","product","type-product","status-publish","has-post-thumbnail","hentry","product_cat-9000-puffs-disposable-vape","product_cat-hot-disposable-vapes","product_cat-belgium-hot-disposable-vapes","product_cat-france-vape-hot-sale","product_cat-germany-hot-disposable-vape","product_cat-germany-wholesale-vape-shop","product_cat-minimum-order-quantity-50pcs","product_cat-netherlands-vape-good-sale","product_cat-norway-hot-disposable-vapes","product_cat-poland-hot-disposable-vapes","product_cat-portugal-hot-disposable-vapes","product_cat-spain-hot-disposable-vapes","product_cat-sweden-hot-disposable-vape","product_cat-sweden-wholesale-vape","product_cat-switzerland-hot-disposable-vapes","product_cat-top-sale-disposable-vape","product_cat-uzy-vapes","product_cat-vape-hot-sale-this-week","product_tag-9000puffs","product_tag-good-vape","product_tag-hot-sale-disposable-vape","product_tag-poland-hot-vape","product_tag-sweden-hot-vape","pa_brand-uzy-vape","desktop-align-left","tablet-align-left","mobile-align-left"],"yoast_head":"<!-- This site is optimized with the Yoast SEO plugin v21.1 - https:\/\/yoast.com\/wordpress\/plugins\/seo\/ -->\n<title>UZY VAPER 9000 Puffs Discount Price Tornado Vape - vapebulkp.com<\/title>\n<meta name=\"description\" content=\"The UZY Vaper 9000 Puffs Disposable Vape features an 850mAh rechargeable battery, 18ml salt nicotine e-liquid, and mesh coil technology for long-lasting flavor and smooth vapor.\" \/>\n<meta name=\"robots\" content=\"index, follow, max-snippet:-1, max-image-preview:large, max-video-preview:-1\" \/>\n<link rel=\"canonical\" href=\"https:\/\/vapebulkp.com\/sk\/produkt\/uzy-vaper-9000-puffs-discount-price-tornado-vape\/\" \/>\n<meta property=\"og:locale\" content=\"sk_SK\" \/>\n<meta property=\"og:type\" content=\"article\" \/>\n<meta property=\"og:title\" content=\"UZY VAPER 9000 Puffs Discount Price Tornado Vape - vapebulkp.com\" \/>\n<meta property=\"og:description\" content=\"The UZY Vaper 9000 Puffs Disposable Vape features an 850mAh rechargeable battery, 18ml salt nicotine e-liquid, and mesh coil technology for long-lasting flavor and smooth vapor.\" \/>\n<meta property=\"og:url\" content=\"https:\/\/vapebulkp.com\/sk\/produkt\/uzy-vaper-9000-puffs-discount-price-tornado-vape\/\" \/>\n<meta property=\"og:site_name\" content=\"vapebulkp.com\" \/>\n<meta property=\"article:modified_time\" content=\"2025-09-24T03:31:51+00:00\" \/>\n<meta property=\"og:image\" content=\"http:\/\/vapebulkp.com\/wp-content\/uploads\/2024\/07\/UZY-VAPER-Tornado-9k-Randm-Vape.png\" \/>\n\t<meta property=\"og:image:width\" content=\"2560\" \/>\n\t<meta property=\"og:image:height\" content=\"1744\" \/>\n\t<meta property=\"og:image:type\" content=\"image\/png\" \/>\n<meta name=\"twitter:card\" content=\"summary_large_image\" \/>\n<meta name=\"twitter:label1\" content=\"Predpokladan\u00fd \u010das \u010d\u00edtania\" \/>\n\t<meta name=\"twitter:data1\" content=\"3 min\u00faty\" \/>\n<script type=\"application\/ld+json\" class=\"yoast-schema-graph\">{\"@context\":\"https:\/\/schema.org\",\"@graph\":[{\"@type\":\"WebPage\",\"@id\":\"https:\/\/vapebulkp.com\/product\/uzy-vaper-9000-puffs-discount-price-tornado-vape\/\",\"url\":\"https:\/\/vapebulkp.com\/product\/uzy-vaper-9000-puffs-discount-price-tornado-vape\/\",\"name\":\"UZY VAPER 9000 Puffs Discount Price Tornado Vape - vapebulkp.com\",\"isPartOf\":{\"@id\":\"https:\/\/vapebulkp.com\/#website\"},\"datePublished\":\"2024-07-13T09:04:14+00:00\",\"dateModified\":\"2025-09-24T03:31:51+00:00\",\"description\":\"The UZY Vaper 9000 Puffs Disposable Vape features an 850mAh rechargeable battery, 18ml salt nicotine e-liquid, and mesh coil technology for long-lasting flavor and smooth vapor.\",\"breadcrumb\":{\"@id\":\"https:\/\/vapebulkp.com\/product\/uzy-vaper-9000-puffs-discount-price-tornado-vape\/#breadcrumb\"},\"inLanguage\":\"sk-SK\",\"potentialAction\":[{\"@type\":\"ReadAction\",\"target\":[\"https:\/\/vapebulkp.com\/product\/uzy-vaper-9000-puffs-discount-price-tornado-vape\/\"]}]},{\"@type\":\"BreadcrumbList\",\"@id\":\"https:\/\/vapebulkp.com\/product\/uzy-vaper-9000-puffs-discount-price-tornado-vape\/#breadcrumb\",\"itemListElement\":[{\"@type\":\"ListItem\",\"position\":1,\"name\":\"Home\",\"item\":\"https:\/\/vapebulkp.com\/\"},{\"@type\":\"ListItem\",\"position\":2,\"name\":\"Hot Trend Vapes\",\"item\":\"https:\/\/vapebulkp.com\/vape-shop\/\"},{\"@type\":\"ListItem\",\"position\":3,\"name\":\"UZY VAPER 9000 Puffs Discount Price Tornado Vape\"}]},{\"@type\":\"WebSite\",\"@id\":\"https:\/\/vapebulkp.com\/#website\",\"url\":\"https:\/\/vapebulkp.com\/\",\"name\":\"vapebulkp.com\",\"description\":\"Buy Vape In Cheap Bulk Price Near you\",\"publisher\":{\"@id\":\"https:\/\/vapebulkp.com\/#organization\"},\"potentialAction\":[{\"@type\":\"SearchAction\",\"target\":{\"@type\":\"EntryPoint\",\"urlTemplate\":\"https:\/\/vapebulkp.com\/?s={search_term_string}\"},\"query-input\":\"required name=search_term_string\"}],\"inLanguage\":\"sk-SK\"},{\"@type\":\"Organization\",\"@id\":\"https:\/\/vapebulkp.com\/#organization\",\"name\":\"vapebulkp.com\",\"url\":\"https:\/\/vapebulkp.com\/\",\"logo\":{\"@type\":\"ImageObject\",\"inLanguage\":\"sk-SK\",\"@id\":\"https:\/\/vapebulkp.com\/#\/schema\/logo\/image\/\",\"url\":\"https:\/\/vapebulkp.com\/wp-content\/uploads\/2023\/09\/cropped-vapebulkp.png\",\"contentUrl\":\"https:\/\/vapebulkp.com\/wp-content\/uploads\/2023\/09\/cropped-vapebulkp.png\",\"width\":516,\"height\":163,\"caption\":\"vapebulkp.com\"},\"image\":{\"@id\":\"https:\/\/vapebulkp.com\/#\/schema\/logo\/image\/\"}}]}<\/script>\n<!-- \/ Yoast SEO plugin. -->","yoast_head_json":{"title":"UZY VAPER 9000 Puffs Discount Price Tornado Vape - vapebulkp.com","description":"The UZY Vaper 9000 Puffs Disposable Vape features an 850mAh rechargeable battery, 18ml salt nicotine e-liquid, and mesh coil technology for long-lasting flavor and smooth vapor.","robots":{"index":"index","follow":"follow","max-snippet":"max-snippet:-1","max-image-preview":"max-image-preview:large","max-video-preview":"max-video-preview:-1"},"canonical":"https:\/\/vapebulkp.com\/sk\/produkt\/uzy-vaper-9000-puffs-discount-price-tornado-vape\/","og_locale":"sk_SK","og_type":"article","og_title":"UZY VAPER 9000 Puffs Discount Price Tornado Vape - vapebulkp.com","og_description":"The UZY Vaper 9000 Puffs Disposable Vape features an 850mAh rechargeable battery, 18ml salt nicotine e-liquid, and mesh coil technology for long-lasting flavor and smooth vapor.","og_url":"https:\/\/vapebulkp.com\/sk\/produkt\/uzy-vaper-9000-puffs-discount-price-tornado-vape\/","og_site_name":"vapebulkp.com","article_modified_time":"2025-09-24T03:31:51+00:00","og_image":[{"width":2560,"height":1744,"url":"http:\/\/vapebulkp.com\/wp-content\/uploads\/2024\/07\/UZY-VAPER-Tornado-9k-Randm-Vape.png","type":"image\/png"}],"twitter_card":"summary_large_image","twitter_misc":{"Predpokladan\u00fd \u010das \u010d\u00edtania":"3 min\u00faty"},"schema":{"@context":"https:\/\/schema.org","@graph":[{"@type":"WebPage","@id":"https:\/\/vapebulkp.com\/product\/uzy-vaper-9000-puffs-discount-price-tornado-vape\/","url":"https:\/\/vapebulkp.com\/product\/uzy-vaper-9000-puffs-discount-price-tornado-vape\/","name":"UZY VAPER 9000 Puffs Discount Price Tornado Vape - vapebulkp.com","isPartOf":{"@id":"https:\/\/vapebulkp.com\/#website"},"datePublished":"2024-07-13T09:04:14+00:00","dateModified":"2025-09-24T03:31:51+00:00","description":"The UZY Vaper 9000 Puffs Disposable Vape features an 850mAh rechargeable battery, 18ml salt nicotine e-liquid, and mesh coil technology for long-lasting flavor and smooth vapor.","breadcrumb":{"@id":"https:\/\/vapebulkp.com\/product\/uzy-vaper-9000-puffs-discount-price-tornado-vape\/#breadcrumb"},"inLanguage":"sk-SK","potentialAction":[{"@type":"ReadAction","target":["https:\/\/vapebulkp.com\/product\/uzy-vaper-9000-puffs-discount-price-tornado-vape\/"]}]},{"@type":"BreadcrumbList","@id":"https:\/\/vapebulkp.com\/product\/uzy-vaper-9000-puffs-discount-price-tornado-vape\/#breadcrumb","itemListElement":[{"@type":"ListItem","position":1,"name":"Home","item":"https:\/\/vapebulkp.com\/"},{"@type":"ListItem","position":2,"name":"Hot Trend Vapes","item":"https:\/\/vapebulkp.com\/vape-shop\/"},{"@type":"ListItem","position":3,"name":"UZY VAPER 9000 Puffs Discount Price Tornado Vape"}]},{"@type":"WebSite","@id":"https:\/\/vapebulkp.com\/#website","url":"https:\/\/vapebulkp.com\/","name":"vapebulkp.com","description":"Buy Vape In Cheap Bulk Price Near you","publisher":{"@id":"https:\/\/vapebulkp.com\/#organization"},"potentialAction":[{"@type":"SearchAction","target":{"@type":"EntryPoint","urlTemplate":"https:\/\/vapebulkp.com\/?s={search_term_string}"},"query-input":"required name=search_term_string"}],"inLanguage":"sk-SK"},{"@type":"Organization","@id":"https:\/\/vapebulkp.com\/#organization","name":"vapebulkp.com","url":"https:\/\/vapebulkp.com\/","logo":{"@type":"ImageObject","inLanguage":"sk-SK","@id":"https:\/\/vapebulkp.com\/#\/schema\/logo\/image\/","url":"https:\/\/vapebulkp.com\/wp-content\/uploads\/2023\/09\/cropped-vapebulkp.png","contentUrl":"https:\/\/vapebulkp.com\/wp-content\/uploads\/2023\/09\/cropped-vapebulkp.png","width":516,"height":163,"caption":"vapebulkp.com"},"image":{"@id":"https:\/\/vapebulkp.com\/#\/schema\/logo\/image\/"}}]}},"uagb_featured_image_src":{"full":["https:\/\/vapebulkp.com\/wp-content\/uploads\/2024\/07\/UZY-VAPER-Tornado-9k-Randm-Vape.png",2560,1744,false],"thumbnail":["https:\/\/vapebulkp.com\/wp-content\/uploads\/2024\/07\/UZY-VAPER-Tornado-9k-Randm-Vape-150x150.png",150,150,true],"medium":["https:\/\/vapebulkp.com\/wp-content\/uploads\/2024\/07\/UZY-VAPER-Tornado-9k-Randm-Vape-300x204.png",300,204,true],"medium_large":["https:\/\/vapebulkp.com\/wp-content\/uploads\/2024\/07\/UZY-VAPER-Tornado-9k-Randm-Vape-768x523.png",768,523,true],"large":["https:\/\/vapebulkp.com\/wp-content\/uploads\/2024\/07\/UZY-VAPER-Tornado-9k-Randm-Vape-1024x698.png",1024,698,true],"1536x1536":["https:\/\/vapebulkp.com\/wp-content\/uploads\/2024\/07\/UZY-VAPER-Tornado-9k-Randm-Vape-1536x1046.png",1536,1046,true],"2048x2048":["https:\/\/vapebulkp.com\/wp-content\/uploads\/2024\/07\/UZY-VAPER-Tornado-9k-Randm-Vape-2048x1395.png",2048,1395,true],"trp-custom-language-flag":["https:\/\/vapebulkp.com\/wp-content\/uploads\/2024\/07\/UZY-VAPER-Tornado-9k-Randm-Vape.png",18,12,false],"woocommerce_thumbnail":["https:\/\/vapebulkp.com\/wp-content\/uploads\/2024\/07\/UZY-VAPER-Tornado-9k-Randm-Vape-300x300.png",300,300,true],"woocommerce_single":["https:\/\/vapebulkp.com\/wp-content\/uploads\/2024\/07\/UZY-VAPER-Tornado-9k-Randm-Vape-600x409.png",600,409,true],"woocommerce_gallery_thumbnail":["https:\/\/vapebulkp.com\/wp-content\/uploads\/2024\/07\/UZY-VAPER-Tornado-9k-Randm-Vape-100x100.png",100,100,true],"wcpr-photo-reviews":["https:\/\/vapebulkp.com\/wp-content\/uploads\/2024\/07\/UZY-VAPER-Tornado-9k-Randm-Vape.png",500,341,false]},"uagb_author_info":{"display_name":"Mandy vape bulk price","author_link":"https:\/\/vapebulkp.com\/sk\/author\/"},"uagb_comment_info":2,"uagb_excerpt":"UZY Tornado 9k Puffs Original Vape\u00a0 Randm Vape Pls Contact Mandy's WhatsApp For Discount Price+8618077105796 NOTE: Prices on our website does not include shipping costs","_links":{"self":[{"href":"https:\/\/vapebulkp.com\/sk\/wp-json\/wp\/v2\/product\/2603","targetHints":{"allow":["GET"]}}],"collection":[{"href":"https:\/\/vapebulkp.com\/sk\/wp-json\/wp\/v2\/product"}],"about":[{"href":"https:\/\/vapebulkp.com\/sk\/wp-json\/wp\/v2\/types\/product"}],"replies":[{"embeddable":true,"href":"https:\/\/vapebulkp.com\/sk\/wp-json\/wp\/v2\/comments?post=2603"}],"wp:featuredmedia":[{"embeddable":true,"href":"https:\/\/vapebulkp.com\/sk\/wp-json\/wp\/v2\/media\/2581"}],"wp:attachment":[{"href":"https:\/\/vapebulkp.com\/sk\/wp-json\/wp\/v2\/media?parent=2603"}],"wp:term":[{"taxonomy":"product_cat","embeddable":true,"href":"https:\/\/vapebulkp.com\/sk\/wp-json\/wp\/v2\/product_cat?post=2603"},{"taxonomy":"product_tag","embeddable":true,"href":"https:\/\/vapebulkp.com\/sk\/wp-json\/wp\/v2\/product_tag?post=2603"}],"curies":[{"name":"wp","href":"https:\/\/api.w.org\/{rel}","templated":true}]}}