{"id":2701,"date":"2024-07-26T08:28:10","date_gmt":"2024-07-26T06:28:10","guid":{"rendered":"https:\/\/vapebulkp.com\/?post_type=product&#038;p=2701"},"modified":"2025-09-24T05:15:20","modified_gmt":"2025-09-24T03:15:20","slug":"vapsolo-super-15k-puffs-wholesale-price-e-cigarette","status":"publish","type":"product","link":"https:\/\/vapebulkp.com\/sk\/product\/vapsolo-super-15k-puffs-wholesale-price-e-cigarette\/","title":{"rendered":"Vapsolo SUPER 15K Puffs ve\u013ekoobchodn\u00e1 cena E-cigareta"},"content":{"rendered":"<h2 style=\"text-align: left\">Vapsolo SUPER 15K Puffs ve\u013ekoobchodn\u00e1 cena E-cigareta<\/h2>\n<p>&nbsp;<\/p>\n<p data-start=\"203\" data-end=\"636\"><strong data-start=\"203\" data-end=\"246\">Vapsolo SUPER 15K Puffs Jednorazov\u00fd Vape<\/strong> je navrhnut\u00fd pre eur\u00f3psky trh s vapingom, pon\u00faka dokonal\u00fa rovnov\u00e1hu pohodlia a v\u00fdkonu pre mlad\u00fdch dospel\u00fdch. Tento <a href=\"https:\/\/vapebulkp.com\/sk\/product-category\/15000-puffs-disposable-vape\/\"><strong data-start=\"379\" data-end=\"408\">15k Puffs Jednorazov\u00fd Vape<\/strong><\/a> je vybaven\u00fd v\u00fdkonnou 650mAh nab\u00edjate\u013enou bat\u00e9riou a 25ml kapacitou e-liquidu, \u010do zais\u0165uje dlhotrvaj\u00face pou\u017e\u00edvanie a stabiln\u00fa produkciu pary. S mo\u017enos\u0165ami nikot\u00ednu <strong data-start=\"545\" data-end=\"572\">2% a 5% nikot\u00ednov\u00fd vape<\/strong> uspokoj\u00ed r\u00f4zne potreby a preferencie vapingu.<\/p>\n<p data-start=\"638\" data-end=\"1016\">S 15 najpred\u00e1vanej\u0161\u00edmi pr\u00edchu\u0165ami tento <a href=\"https:\/\/vapebulkp.com\/sk\/product-category\/germany-hot-disposable-vape\/\"><strong data-start=\"678\" data-end=\"707\">ve\u013ekoobchodn\u00fd jednorazov\u00fd vape<\/strong><\/a> poskytuje hladk\u00e9 z\u00e1sahy do hrdla a konzistentn\u00fa spokojnos\u0165, \u010do z neho rob\u00ed spo\u013eahliv\u00e9 <strong data-start=\"786\" data-end=\"808\">zariadenie na e-cigarety<\/strong> pre maloobchodn\u00edkov aj spotrebite\u013eov. Navrhnut\u00e9 pre intenz\u00edvne pou\u017e\u00edvanie a n\u00e1kladov\u00fa efekt\u00edvnos\u0165, je <strong data-start=\"891\" data-end=\"923\">Vapsolo SUPER 15K Puffs Vape<\/strong> inteligentnou vo\u013ebou pre ve\u013ekoobchodn\u00edkov, ktor\u00ed sa zameriavaj\u00fa na segment mu\u017eov vo veku 25 \u2013 35 rokov v celej E\u00da.<\/p>\n<p><img decoding=\"async\" class=\"alignnone wp-image-2699\" src=\"http:\/\/vapebulkp.com\/wp-content\/uploads\/2024\/07\/Vapsolo-SUPER-15K-Puffs.jpg\" alt=\"Vapsolo SUPER 15K \u0165ahov\" width=\"783\" height=\"589\" srcset=\"https:\/\/vapebulkp.com\/wp-content\/uploads\/2024\/07\/Vapsolo-SUPER-15K-Puffs.jpg 896w, https:\/\/vapebulkp.com\/wp-content\/uploads\/2024\/07\/Vapsolo-SUPER-15K-Puffs-300x226.jpg 300w, https:\/\/vapebulkp.com\/wp-content\/uploads\/2024\/07\/Vapsolo-SUPER-15K-Puffs-768x578.jpg 768w, https:\/\/vapebulkp.com\/wp-content\/uploads\/2024\/07\/Vapsolo-SUPER-15K-Puffs-600x451.jpg 600w\" sizes=\"(max-width: 783px) 100vw, 783px\" \/><\/p>\n<h6>Pre z\u013eavnen\u00fa cenu, kontaktujte pros\u00edm Mandy cez WhatsApp<a href=\"https:\/\/wa.me\/8618077105796\">+8618077105796<\/a><\/h6>\n<p>&nbsp;<\/p>\n<p><img decoding=\"async\" class=\"alignnone wp-image-2151\" src=\"http:\/\/vapebulkp.com\/wp-content\/uploads\/2024\/04\/Mandy-WhatsApp-Randm.jpg\" alt=\"Mandy WhatsApp Randm\" width=\"324\" height=\"330\" \/><\/p>\n<h5>Mysleli sme, \u017ee by v\u00e1s mohlo zauj\u00edma\u0165 Vapsolo super 15000Puffs Vape\uff1a<\/h5>\n<h5>1.Ako pou\u017e\u00edva\u0165 Vapsolo super 15k Puffs Vape Pen?<\/h5>\n<p>Krok 1. Pred pou\u017eit\u00edm 15k Puffs odpojte plastov\u00fa trubicu.<\/p>\n<p>Krok 2. Po\u010dkajte asi 3 min\u00faty, k\u00fdm sa \u0161\u0165ava dostane do \u0161pir\u00e1ly vo vn\u00fatri.<\/p>\n<p>Krok 3. U\u017eite si to<\/p>\n<h5>2.Ako nab\u00edja\u0165 Vapsolo SUPER Vape 15k Puffs?<\/h5>\n<p>R\u00fdchlonab\u00edjacie nab\u00edja\u010dky sa nedaj\u00fa pou\u017ei\u0165 a \u0161tandardn\u00fd bezpe\u010dn\u00fd v\u00fdkon jednorazov\u00fdch e-cigariet je 5V 1A.<\/p>\n<p>Ka\u017ed\u00fd \u010das nab\u00edjania nesmie presiahnu\u0165 1 hodinu a bezpe\u010dn\u00fd \u010das nab\u00edjania je pol hodiny.<\/p>\n<p><span style=\"color: #ff6600\">Upozornenie: nenab\u00edjajte cel\u00fa noc!<\/span><\/p>\n<h5>3.Ak\u00e1 je kapacita e-liquidu Vapsolo SUPER 15000 Puffs Super Vape?<\/h5>\n<p>\u2014\u201425ml<\/p>\n<h5>4.Ko\u013eko potiahnut\u00ed si m\u00f4\u017eem da\u0165 z tohto Vapsolo super 15k Puffs?<\/h5>\n<p>\u2014\u201315000 potiahnut\u00ed<\/p>\n<h5>Vlastnosti jednorazov\u00e9ho vape podu Vapsolo SUPER 15k Puffs:<\/h5>\n<p>&nbsp;<\/p>\n<ul>\n<li>\u00a0N\u00e1pl\u0148: 25 ml vopred naplnen\u00e1 e-liquid n\u00e1pl\u0148<\/li>\n<li>Nikot\u00edn: 2\/5% nikot\u00ednov\u00e1 so\u013e<\/li>\n<li>\u00a0650mAh bat\u00e9ria<\/li>\n<li>\u00a0Typ-c Smart VAPE<\/li>\n<li>\u00a0Dostupn\u00fdch 15 pr\u00edchut\u00ed<\/li>\n<\/ul>\n<p>&nbsp;<\/p>\n<h5><strong>Ak\u00e9 s\u00fa najpred\u00e1vanej\u0161ie pr\u00edchute Vapsolo SUPER 15000 Puffs?<\/strong><\/h5>\n<p>1.MODR\u00c1 MALINA<br \/>\n2.\u010cU\u010cORIEDKOV\u00dd \u013dAD<br \/>\n3.DVOJIT\u00c9 JABLKO<br \/>\n4.VODN\u00dd MEL\u00d3N \u013dAD<br \/>\n5.JAHODA KIWI<br \/>\n6.ZMES LESN\u00c9HO OVOCIA<br \/>\n7.CERVEN\u00dd BULL<br \/>\n8.\u010cU\u010cORIEDKA \u010cERE\u0160\u0147A BRUSNICA<br \/>\n9.CITR\u00d3N LIMETKA<br \/>\n10.SKITTLES<br \/>\n11.\u010cierny \u013ead Dra\u010die ovocie Jahoda<br \/>\n12.\u010cu\u010doriedka \u010cere\u0161\u0148a Kola<br \/>\n13.Malina a vodn\u00fd mel\u00f3n<br \/>\n14.Jahoda a ban\u00e1n<br \/>\n15.Letn\u00fd sen<\/p>\n<p><a href=\"https:\/\/vapebulkp.com\/sk\/product\/popular-randm-tornado-7000puffs-disposable-vape-best-price\/\"><span style=\"vertical-align: inherit\">RandM Tornado 7000 potiahnut\u00ed <\/span><\/a><\/p>\n<p><span style=\"vertical-align: inherit\">N\u00e1jdite viac produktov, ktor\u00e9 by sa v\u00e1m mohli p\u00e1\u010di\u0165:<\/span><em><a href=\"https:\/\/wa.me\/8618077105796\"><span style=\"vertical-align: inherit\">\u00a0K\u00fapi\u0165<\/span><\/a><\/em><\/p>\n<p><span style=\"vertical-align: inherit\">\u010eal\u0161ie Puffs, ktor\u00e9 by sa v\u00e1m mohli p\u00e1\u010di\u0165:<\/span><a href=\"https:\/\/vapebulkp.com\/sk\/product\/bang-with-a-vape-gear-20000-puffs-discount-price\/\"><span style=\"vertical-align: inherit\">Bang Gear Vape 20000 \u0165ahov<\/span><\/a><span style=\"vertical-align: inherit\">\u3001<\/span><a href=\"https:\/\/vapebulkp.com\/sk\/product\/wholesale-randm-tornado-9000-puffs-germany\/\"><span style=\"vertical-align: inherit\">RandM 9000 \u0165ahov<\/span><\/a><span style=\"vertical-align: inherit\">\/ <\/span><a href=\"https:\/\/vapebulkp.com\/sk\/fi\/product\/bang-30k-puffs-new-double-taste-good-vape\/\"><span style=\"vertical-align: inherit\">Bang Vape 30000 \u0165ahov<\/span><\/a><span style=\"vertical-align: inherit\">\/ <\/span><a href=\"https:\/\/vapebulkp.com\/sk\/fi\/product\/uzy-bang-digital-12000puffs-led-display-e-cigarettes\/\"><span style=\"vertical-align: inherit\">UZY Bang Digital 15000 \u0164ahov<\/span><\/a><\/p>\n<p><span style=\"vertical-align: inherit\">E-cigareta so \u0161peci\u00e1lnym tvarom f\u013ea\u0161e:<\/span><a href=\"https:\/\/vapebulkp.com\/sk\/fi\/product\/bang-beach-22k-puffs-new-electronic-cigarette\/\"><span style=\"vertical-align: inherit\"> Bang Beach 22000 \u0165ahov<\/span><\/a><span style=\"vertical-align: inherit\">\/ <\/span><a href=\"https:\/\/vapebulkp.com\/sk\/fi\/product\/best-price-wga-crystal-pro-max-15k-puffs-original-vape\/\"><span style=\"vertical-align: inherit\">\u00a0WGA Crystal pro max 15k \u0165ahov <\/span><\/a><span style=\"vertical-align: inherit\">\/<\/span><a href=\"https:\/\/vapebulkp.com\/sk\/product\/bang-tornado-12000-puffs-rechargeable-disposable-pod\/\"><span style=\"vertical-align: inherit\"> Bang Tornado 12000 \u0165ahov<\/span><\/a><\/p>\n<h5>Kvalifik\u00e1cia v\u00fdroby:<\/h5>\n<p><img decoding=\"async\" class=\"alignnone size-full wp-image-1841\" src=\"http:\/\/vapebulkp.com\/wp-content\/uploads\/2023\/11\/Vape-production-process-2.jpeg\" alt=\"Proces v\u00fdroby vape\" width=\"650\" height=\"434\" srcset=\"https:\/\/vapebulkp.com\/wp-content\/uploads\/2023\/11\/Vape-production-process-2.jpeg 650w, https:\/\/vapebulkp.com\/wp-content\/uploads\/2023\/11\/Vape-production-process-2-300x200.jpeg 300w, https:\/\/vapebulkp.com\/wp-content\/uploads\/2023\/11\/Vape-production-process-2-600x401.jpeg 600w\" sizes=\"(max-width: 650px) 100vw, 650px\" \/><\/p>\n<p><img decoding=\"async\" class=\"alignnone size-full wp-image-1843\" src=\"http:\/\/vapebulkp.com\/wp-content\/uploads\/2023\/11\/Vape-production-process.jpeg\" alt=\"Proces v\u00fdroby vape\" width=\"641\" height=\"1026\" srcset=\"https:\/\/vapebulkp.com\/wp-content\/uploads\/2023\/11\/Vape-production-process.jpeg 641w, https:\/\/vapebulkp.com\/wp-content\/uploads\/2023\/11\/Vape-production-process-187x300.jpeg 187w, https:\/\/vapebulkp.com\/wp-content\/uploads\/2023\/11\/Vape-production-process-640x1024.jpeg 640w, https:\/\/vapebulkp.com\/wp-content\/uploads\/2023\/11\/Vape-production-process-600x960.jpeg 600w\" sizes=\"(max-width: 641px) 100vw, 641px\" \/><\/p>\n<h5>\u010cast\u00e9 ot\u00e1zky:<\/h5>\n<p>Ot\u00e1zka: Ak\u00e9 je minim\u00e1lne mno\u017estvo (MOQ) pre Vapsolo SUPER 15000 \u0165ahov?<br \/>\nA: Minim\u00e1lna objedn\u00e1vka je 100 kusov.<br \/>\nQ: Ak\u00e1 je dodacia lehota pre objednan\u00fa e-cigaretu?<br \/>\nA: Zvy\u010dajne je to 10-15 dn\u00ed po odoslan\u00ed.<br \/>\nOt\u00e1zka: Ko\u013eko stoja n\u00e1klady na dopravu? Odpove\u010f: N\u00e1klady na dopravu z\u00e1visia od hmotnosti. R\u00f4zne mno\u017estv\u00e1 maj\u00fa r\u00f4zne n\u00e1klady na dopravu, kontaktujte n\u00e1s, aby sme potvrdili n\u00e1klady na dopravu.<\/p>\n<h4>Detail dopravy:<\/h4>\n<p><span style=\"color: #ff6600\">\u010cas v\u00fdroby: 5-10 pracovn\u00fdch dn\u00ed<\/span><br \/>\n<span style=\"color: #ff6600\">\u010cas dodania: 8-14 pracovn\u00fdch dn\u00ed<\/span><\/p>\n<p>V\u0161etky produkty v na\u0161om obchode s\u00fa 100 % origin\u00e1lne a autentick\u00e9, preto desa\u0165n\u00e1sobn\u00e1 kompenz\u00e1cia za falo\u0161n\u00fd tovar je na\u0161ou obchodnou politikou. Na doru\u010denie tovaru v\u00e1m pou\u017e\u00edvame logistick\u00e9 kan\u00e1ly ako UPS\/DHL\/FEDEX\/DPD.<\/p>\n<p>Pre z\u00e1sielky doru\u010dovan\u00e9 na Slovensko to zvy\u010dajne trv\u00e1 10 pracovn\u00fdch dn\u00ed. Z\u00e1sielky do eur\u00f3pskych kraj\u00edn zvy\u010dajne dorazia za 12 a\u017e 15 pracovn\u00fdch dn\u00ed. Inform\u00e1cie o logistike v\u00e1m budeme aktualizova\u0165 v re\u00e1lnom \u010dase.<\/p>","protected":false},"excerpt":{"rendered":"<p>Akciov\u00e1 cena Vapsolo 15k Puffs Nov\u00fd model Vape<\/p>\n<h6>Pre z\u013eavnen\u00fa cenu, kontaktujte pros\u00edm Mandy cez WhatsApp<a href=\"https:\/\/wa.me\/8618077105796\">+8618077105796<\/a><\/h6>\n<p>&nbsp;<\/p>\n<p><img decoding=\"async\" class=\"alignnone wp-image-2151\" src=\"http:\/\/vapebulkp.com\/wp-content\/uploads\/2024\/04\/Mandy-WhatsApp-Randm.jpg\" alt=\"Mandy WhatsApp Randm\" width=\"297\" height=\"316\" srcset=\"https:\/\/vapebulkp.com\/wp-content\/uploads\/2024\/04\/Mandy-WhatsApp-Randm.jpg 916w, https:\/\/vapebulkp.com\/wp-content\/uploads\/2024\/04\/Mandy-WhatsApp-Randm-282x300.jpg 282w, https:\/\/vapebulkp.com\/wp-content\/uploads\/2024\/04\/Mandy-WhatsApp-Randm-768x817.jpg 768w, https:\/\/vapebulkp.com\/wp-content\/uploads\/2024\/04\/Mandy-WhatsApp-Randm-600x638.jpg 600w\" sizes=\"(max-width: 297px) 100vw, 297px\" \/><\/p>\n<p><span style=\"color: #ff0000\">POZN\u00c1MKA: Ceny na na\u0161ej webovej str\u00e1nke nezah\u0155\u0148aj\u00fa n\u00e1klady na dopravu<\/span><\/p>\n<p>&nbsp;<\/p>","protected":false},"featured_media":2692,"comment_status":"open","ping_status":"closed","template":"","meta":{"_uag_custom_page_level_css":"","_lmt_disableupdate":"no","_lmt_disable":"","site-sidebar-layout":"default","site-content-layout":"content-boxed-container","ast-site-content-layout":"normal-width-container","site-content-style":"boxed","site-sidebar-style":"unboxed","ast-global-header-display":"","ast-banner-title-visibility":"","ast-main-header-display":"","ast-hfb-above-header-display":"","ast-hfb-below-header-display":"","ast-hfb-mobile-header-display":"","site-post-title":"","ast-breadcrumbs-content":"","ast-featured-img":"","footer-sml-layout":"","theme-transparent-header-meta":"default","adv-header-id-meta":"","stick-header-meta":"","header-above-stick-meta":"","header-main-stick-meta":"","header-below-stick-meta":"","astra-migrate-meta-layouts":"set","_joinchat":[]},"product_cat":[165,153,155,33,59,100,87,34,158,157,154,152,58,84,156,63,32,362],"product_tag":[36,37,41,40],"class_list":["post-2701","product","type-product","status-publish","has-post-thumbnail","hentry","product_cat-15000-puffs-disposable-vape","product_cat-hot-disposable-vapes","product_cat-belgium-hot-disposable-vapes","product_cat-france-vape-hot-sale","product_cat-germany-hot-disposable-vape","product_cat-germany-wholesale-vape-shop","product_cat-minimum-order-quantity-50pcs","product_cat-netherlands-vape-good-sale","product_cat-norway-hot-disposable-vapes","product_cat-poland-hot-disposable-vapes","product_cat-portugal-hot-disposable-vapes","product_cat-spain-hot-disposable-vapes","product_cat-sweden-hot-disposable-vape","product_cat-sweden-wholesale-vape","product_cat-switzerland-hot-disposable-vapes","product_cat-top-sale-disposable-vape","product_cat-vape-hot-sale-this-week","product_cat-vapsolo-vape","product_tag-good-vape","product_tag-hot-sale-disposable-vape","product_tag-poland-hot-vape","product_tag-sweden-hot-vape","pa_brand-vapsolo-vape","desktop-align-left","tablet-align-left","mobile-align-left"],"yoast_head":"<!-- This site is optimized with the Yoast SEO plugin v21.1 - https:\/\/yoast.com\/wordpress\/plugins\/seo\/ -->\n<title>Vapsolo SUPER 15K Puffs Wholesale Price E-Cigarette - vapebulkp.com<\/title>\n<meta name=\"description\" content=\"Buy Vapsolo SUPER 15K Puffs Disposable Vape at wholesale prices. Long-lasting 15k Puffs vape device with rich flavors and nicotine options. Perfect for EU distributors\u2014order today!\" \/>\n<meta name=\"robots\" content=\"index, follow, max-snippet:-1, max-image-preview:large, max-video-preview:-1\" \/>\n<link rel=\"canonical\" href=\"https:\/\/vapebulkp.com\/sk\/product\/vapsolo-super-15k-puffs-wholesale-price-e-cigarette\/\" \/>\n<meta property=\"og:locale\" content=\"sk_SK\" \/>\n<meta property=\"og:type\" content=\"article\" \/>\n<meta property=\"og:title\" content=\"Vapsolo SUPER 15K Puffs Wholesale Price E-Cigarette - vapebulkp.com\" \/>\n<meta property=\"og:description\" content=\"Buy Vapsolo SUPER 15K Puffs Disposable Vape at wholesale prices. Long-lasting 15k Puffs vape device with rich flavors and nicotine options. Perfect for EU distributors\u2014order today!\" \/>\n<meta property=\"og:url\" content=\"https:\/\/vapebulkp.com\/sk\/product\/vapsolo-super-15k-puffs-wholesale-price-e-cigarette\/\" \/>\n<meta property=\"og:site_name\" content=\"vapebulkp.com\" \/>\n<meta property=\"article:modified_time\" content=\"2025-09-24T03:15:20+00:00\" \/>\n<meta property=\"og:image\" content=\"http:\/\/vapebulkp.com\/wp-content\/uploads\/2024\/07\/Vapsolo-SUPER-15K-Puffs-Good-Price.jpg\" \/>\n\t<meta property=\"og:image:width\" content=\"1276\" \/>\n\t<meta property=\"og:image:height\" content=\"1702\" \/>\n\t<meta property=\"og:image:type\" content=\"image\/jpeg\" \/>\n<meta name=\"twitter:card\" content=\"summary_large_image\" \/>\n<meta name=\"twitter:label1\" content=\"Predpokladan\u00fd \u010das \u010d\u00edtania\" \/>\n\t<meta name=\"twitter:data1\" content=\"4 min\u00faty\" \/>\n<script type=\"application\/ld+json\" class=\"yoast-schema-graph\">{\"@context\":\"https:\/\/schema.org\",\"@graph\":[{\"@type\":\"WebPage\",\"@id\":\"https:\/\/vapebulkp.com\/product\/vapsolo-super-15k-puffs-wholesale-price-e-cigarette\/\",\"url\":\"https:\/\/vapebulkp.com\/product\/vapsolo-super-15k-puffs-wholesale-price-e-cigarette\/\",\"name\":\"Vapsolo SUPER 15K Puffs Wholesale Price E-Cigarette - vapebulkp.com\",\"isPartOf\":{\"@id\":\"https:\/\/vapebulkp.com\/#website\"},\"datePublished\":\"2024-07-26T06:28:10+00:00\",\"dateModified\":\"2025-09-24T03:15:20+00:00\",\"description\":\"Buy Vapsolo SUPER 15K Puffs Disposable Vape at wholesale prices. Long-lasting 15k Puffs vape device with rich flavors and nicotine options. Perfect for EU distributors\u2014order today!\",\"breadcrumb\":{\"@id\":\"https:\/\/vapebulkp.com\/product\/vapsolo-super-15k-puffs-wholesale-price-e-cigarette\/#breadcrumb\"},\"inLanguage\":\"sk-SK\",\"potentialAction\":[{\"@type\":\"ReadAction\",\"target\":[\"https:\/\/vapebulkp.com\/product\/vapsolo-super-15k-puffs-wholesale-price-e-cigarette\/\"]}]},{\"@type\":\"BreadcrumbList\",\"@id\":\"https:\/\/vapebulkp.com\/product\/vapsolo-super-15k-puffs-wholesale-price-e-cigarette\/#breadcrumb\",\"itemListElement\":[{\"@type\":\"ListItem\",\"position\":1,\"name\":\"Home\",\"item\":\"https:\/\/vapebulkp.com\/\"},{\"@type\":\"ListItem\",\"position\":2,\"name\":\"Hot Trend Vapes\",\"item\":\"https:\/\/vapebulkp.com\/vape-shop\/\"},{\"@type\":\"ListItem\",\"position\":3,\"name\":\"Vapsolo SUPER 15K Puffs Wholesale Price E-Cigarette\"}]},{\"@type\":\"WebSite\",\"@id\":\"https:\/\/vapebulkp.com\/#website\",\"url\":\"https:\/\/vapebulkp.com\/\",\"name\":\"vapebulkp.com\",\"description\":\"Buy Vape In Cheap Bulk Price Near you\",\"publisher\":{\"@id\":\"https:\/\/vapebulkp.com\/#organization\"},\"potentialAction\":[{\"@type\":\"SearchAction\",\"target\":{\"@type\":\"EntryPoint\",\"urlTemplate\":\"https:\/\/vapebulkp.com\/?s={search_term_string}\"},\"query-input\":\"required name=search_term_string\"}],\"inLanguage\":\"sk-SK\"},{\"@type\":\"Organization\",\"@id\":\"https:\/\/vapebulkp.com\/#organization\",\"name\":\"vapebulkp.com\",\"url\":\"https:\/\/vapebulkp.com\/\",\"logo\":{\"@type\":\"ImageObject\",\"inLanguage\":\"sk-SK\",\"@id\":\"https:\/\/vapebulkp.com\/#\/schema\/logo\/image\/\",\"url\":\"https:\/\/vapebulkp.com\/wp-content\/uploads\/2023\/09\/cropped-vapebulkp.png\",\"contentUrl\":\"https:\/\/vapebulkp.com\/wp-content\/uploads\/2023\/09\/cropped-vapebulkp.png\",\"width\":516,\"height\":163,\"caption\":\"vapebulkp.com\"},\"image\":{\"@id\":\"https:\/\/vapebulkp.com\/#\/schema\/logo\/image\/\"}}]}<\/script>\n<!-- \/ Yoast SEO plugin. -->","yoast_head_json":{"title":"Vapsolo SUPER 15K Puffs Wholesale Price E-Cigarette - vapebulkp.com","description":"Buy Vapsolo SUPER 15K Puffs Disposable Vape at wholesale prices. Long-lasting 15k Puffs vape device with rich flavors and nicotine options. Perfect for EU distributors\u2014order today!","robots":{"index":"index","follow":"follow","max-snippet":"max-snippet:-1","max-image-preview":"max-image-preview:large","max-video-preview":"max-video-preview:-1"},"canonical":"https:\/\/vapebulkp.com\/sk\/product\/vapsolo-super-15k-puffs-wholesale-price-e-cigarette\/","og_locale":"sk_SK","og_type":"article","og_title":"Vapsolo SUPER 15K Puffs Wholesale Price E-Cigarette - vapebulkp.com","og_description":"Buy Vapsolo SUPER 15K Puffs Disposable Vape at wholesale prices. Long-lasting 15k Puffs vape device with rich flavors and nicotine options. Perfect for EU distributors\u2014order today!","og_url":"https:\/\/vapebulkp.com\/sk\/product\/vapsolo-super-15k-puffs-wholesale-price-e-cigarette\/","og_site_name":"vapebulkp.com","article_modified_time":"2025-09-24T03:15:20+00:00","og_image":[{"width":1276,"height":1702,"url":"http:\/\/vapebulkp.com\/wp-content\/uploads\/2024\/07\/Vapsolo-SUPER-15K-Puffs-Good-Price.jpg","type":"image\/jpeg"}],"twitter_card":"summary_large_image","twitter_misc":{"Predpokladan\u00fd \u010das \u010d\u00edtania":"4 min\u00faty"},"schema":{"@context":"https:\/\/schema.org","@graph":[{"@type":"WebPage","@id":"https:\/\/vapebulkp.com\/product\/vapsolo-super-15k-puffs-wholesale-price-e-cigarette\/","url":"https:\/\/vapebulkp.com\/product\/vapsolo-super-15k-puffs-wholesale-price-e-cigarette\/","name":"Vapsolo SUPER 15K Puffs Wholesale Price E-Cigarette - vapebulkp.com","isPartOf":{"@id":"https:\/\/vapebulkp.com\/#website"},"datePublished":"2024-07-26T06:28:10+00:00","dateModified":"2025-09-24T03:15:20+00:00","description":"Buy Vapsolo SUPER 15K Puffs Disposable Vape at wholesale prices. Long-lasting 15k Puffs vape device with rich flavors and nicotine options. Perfect for EU distributors\u2014order today!","breadcrumb":{"@id":"https:\/\/vapebulkp.com\/product\/vapsolo-super-15k-puffs-wholesale-price-e-cigarette\/#breadcrumb"},"inLanguage":"sk-SK","potentialAction":[{"@type":"ReadAction","target":["https:\/\/vapebulkp.com\/product\/vapsolo-super-15k-puffs-wholesale-price-e-cigarette\/"]}]},{"@type":"BreadcrumbList","@id":"https:\/\/vapebulkp.com\/product\/vapsolo-super-15k-puffs-wholesale-price-e-cigarette\/#breadcrumb","itemListElement":[{"@type":"ListItem","position":1,"name":"Home","item":"https:\/\/vapebulkp.com\/"},{"@type":"ListItem","position":2,"name":"Hot Trend Vapes","item":"https:\/\/vapebulkp.com\/vape-shop\/"},{"@type":"ListItem","position":3,"name":"Vapsolo SUPER 15K Puffs Wholesale Price E-Cigarette"}]},{"@type":"WebSite","@id":"https:\/\/vapebulkp.com\/#website","url":"https:\/\/vapebulkp.com\/","name":"vapebulkp.com","description":"Buy Vape In Cheap Bulk Price Near you","publisher":{"@id":"https:\/\/vapebulkp.com\/#organization"},"potentialAction":[{"@type":"SearchAction","target":{"@type":"EntryPoint","urlTemplate":"https:\/\/vapebulkp.com\/?s={search_term_string}"},"query-input":"required name=search_term_string"}],"inLanguage":"sk-SK"},{"@type":"Organization","@id":"https:\/\/vapebulkp.com\/#organization","name":"vapebulkp.com","url":"https:\/\/vapebulkp.com\/","logo":{"@type":"ImageObject","inLanguage":"sk-SK","@id":"https:\/\/vapebulkp.com\/#\/schema\/logo\/image\/","url":"https:\/\/vapebulkp.com\/wp-content\/uploads\/2023\/09\/cropped-vapebulkp.png","contentUrl":"https:\/\/vapebulkp.com\/wp-content\/uploads\/2023\/09\/cropped-vapebulkp.png","width":516,"height":163,"caption":"vapebulkp.com"},"image":{"@id":"https:\/\/vapebulkp.com\/#\/schema\/logo\/image\/"}}]}},"uagb_featured_image_src":{"full":["https:\/\/vapebulkp.com\/wp-content\/uploads\/2024\/07\/Vapsolo-SUPER-15K-Puffs-Good-Price.jpg",1276,1702,false],"thumbnail":["https:\/\/vapebulkp.com\/wp-content\/uploads\/2024\/07\/Vapsolo-SUPER-15K-Puffs-Good-Price-150x150.jpg",150,150,true],"medium":["https:\/\/vapebulkp.com\/wp-content\/uploads\/2024\/07\/Vapsolo-SUPER-15K-Puffs-Good-Price-225x300.jpg",225,300,true],"medium_large":["https:\/\/vapebulkp.com\/wp-content\/uploads\/2024\/07\/Vapsolo-SUPER-15K-Puffs-Good-Price-768x1024.jpg",768,1024,true],"large":["https:\/\/vapebulkp.com\/wp-content\/uploads\/2024\/07\/Vapsolo-SUPER-15K-Puffs-Good-Price-768x1024.jpg",768,1024,true],"1536x1536":["https:\/\/vapebulkp.com\/wp-content\/uploads\/2024\/07\/Vapsolo-SUPER-15K-Puffs-Good-Price-1152x1536.jpg",1152,1536,true],"2048x2048":["https:\/\/vapebulkp.com\/wp-content\/uploads\/2024\/07\/Vapsolo-SUPER-15K-Puffs-Good-Price.jpg",1276,1702,false],"trp-custom-language-flag":["https:\/\/vapebulkp.com\/wp-content\/uploads\/2024\/07\/Vapsolo-SUPER-15K-Puffs-Good-Price.jpg",9,12,false],"woocommerce_thumbnail":["https:\/\/vapebulkp.com\/wp-content\/uploads\/2024\/07\/Vapsolo-SUPER-15K-Puffs-Good-Price-300x300.jpg",300,300,true],"woocommerce_single":["https:\/\/vapebulkp.com\/wp-content\/uploads\/2024\/07\/Vapsolo-SUPER-15K-Puffs-Good-Price-600x800.jpg",600,800,true],"woocommerce_gallery_thumbnail":["https:\/\/vapebulkp.com\/wp-content\/uploads\/2024\/07\/Vapsolo-SUPER-15K-Puffs-Good-Price-100x100.jpg",100,100,true],"wcpr-photo-reviews":["https:\/\/vapebulkp.com\/wp-content\/uploads\/2024\/07\/Vapsolo-SUPER-15K-Puffs-Good-Price.jpg",375,500,false]},"uagb_author_info":{"display_name":"Mandy vape bulk price","author_link":"https:\/\/vapebulkp.com\/sk\/author\/"},"uagb_comment_info":0,"uagb_excerpt":"Discount Price Vapsolo\u00a0 15k Puffs\u00a0 New Model\u00a0 Vape Pls Contact Mandy's WhatsApp For Discount Price+8618077105796 &nbsp; NOTE: Prices on our website does not include shipping costs &nbsp;","_links":{"self":[{"href":"https:\/\/vapebulkp.com\/sk\/wp-json\/wp\/v2\/product\/2701","targetHints":{"allow":["GET"]}}],"collection":[{"href":"https:\/\/vapebulkp.com\/sk\/wp-json\/wp\/v2\/product"}],"about":[{"href":"https:\/\/vapebulkp.com\/sk\/wp-json\/wp\/v2\/types\/product"}],"replies":[{"embeddable":true,"href":"https:\/\/vapebulkp.com\/sk\/wp-json\/wp\/v2\/comments?post=2701"}],"wp:featuredmedia":[{"embeddable":true,"href":"https:\/\/vapebulkp.com\/sk\/wp-json\/wp\/v2\/media\/2692"}],"wp:attachment":[{"href":"https:\/\/vapebulkp.com\/sk\/wp-json\/wp\/v2\/media?parent=2701"}],"wp:term":[{"taxonomy":"product_cat","embeddable":true,"href":"https:\/\/vapebulkp.com\/sk\/wp-json\/wp\/v2\/product_cat?post=2701"},{"taxonomy":"product_tag","embeddable":true,"href":"https:\/\/vapebulkp.com\/sk\/wp-json\/wp\/v2\/product_tag?post=2701"}],"curies":[{"name":"wp","href":"https:\/\/api.w.org\/{rel}","templated":true}]}}