{"id":2913,"date":"2024-09-21T05:50:55","date_gmt":"2024-09-21T03:50:55","guid":{"rendered":"https:\/\/vapebulkp.com\/?post_type=product&#038;p=2913"},"modified":"2025-09-24T05:13:53","modified_gmt":"2025-09-24T03:13:53","slug":"wga-crystal-plus-16000-puffs-led-light-disposable-vape","status":"publish","type":"product","link":"https:\/\/vapebulkp.com\/sk\/product\/wga-crystal-plus-16000-puffs-led-light-disposable-vape\/","title":{"rendered":"WGA\u00a0Crystal Plus 16000 Puffs LED Light Jednorazov\u00fd Vape\u00a0"},"content":{"rendered":"<h2>WGA\u00a0 Crystal Plus 16000 Puffs LED Svetlo Jednorazov\u00fd Vape<\/h2>\n<p>&nbsp;<\/p>\n<p data-start=\"314\" data-end=\"651\">Ten <strong data-start=\"318\" data-end=\"376\">WGA Crystal Plus 16000 Puffs LED Svetlo Jednorazov\u00fd Vape<\/strong> je pr\u00e9miov\u00e1 <strong data-start=\"390\" data-end=\"423\">jednorazov\u00e1 vapa s vysokou kapacitou<\/strong> navrhnut\u00fd pre slovensk\u00fdch vaperov, ktor\u00ed si cenia v\u00fdkon, chu\u0165 a pohodlie. S <strong data-start=\"506\" data-end=\"522\">16 000 po\u0165ahmi<\/strong> a 20 jedine\u010dn\u00fdmi pr\u00edchu\u0165ami, tento ve\u013ekoobchodn\u00fd vape dod\u00e1va hladk\u00fa, hust\u00fa paru a konzistentn\u00fa chu\u0165 pri ka\u017edom \u0165ahu.<\/p>\n<p data-start=\"653\" data-end=\"1005\">Poh\u00e1\u0148an\u00fd spo\u013eahlivou <strong data-start=\"675\" data-end=\"706\">650mAh nab\u00edjate\u013en\u00fa bat\u00e9riu<\/strong>, WGA Crystal Plus zais\u0165uje nepreru\u0161ovan\u00e9 vapovanie, zatia\u013e \u010do LED sveteln\u00fd displej dod\u00e1va modern\u00fd, \u0161t\u00fdlov\u00fd n\u00e1dych. Ide\u00e1lny pre pr\u00edle\u017eitostn\u00fdch pou\u017e\u00edvate\u013eov aj sk\u00fasen\u00fdch vaperov, tento <strong data-start=\"878\" data-end=\"911\">nikot\u00ednov\u00fd so\u013en\u00fd jednorazov\u00fd vape<\/strong> kombinuje pohodlie, vysok\u00fd v\u00fdkon a bohat\u00fa chu\u0165 pre uspokojuj\u00faci z\u00e1\u017eitok z vapovania.<\/p>\n<p>&nbsp;<\/p>\n<h6 style=\"text-align: left\"><img decoding=\"async\" class=\"alignnone wp-image-2909\" src=\"http:\/\/vapebulkp.com\/wp-content\/uploads\/2024\/09\/WGA-crystal-Plus-Vape-16k-Puffs-Purchase-Price.jpg\" alt=\"WGA crystal Plus Vape 16k Puffs n\u00e1kupn\u00e1 cena\" width=\"666\" height=\"520\" srcset=\"https:\/\/vapebulkp.com\/wp-content\/uploads\/2024\/09\/WGA-crystal-Plus-Vape-16k-Puffs-Purchase-Price.jpg 2000w, https:\/\/vapebulkp.com\/wp-content\/uploads\/2024\/09\/WGA-crystal-Plus-Vape-16k-Puffs-Purchase-Price-300x234.jpg 300w, https:\/\/vapebulkp.com\/wp-content\/uploads\/2024\/09\/WGA-crystal-Plus-Vape-16k-Puffs-Purchase-Price-1024x800.jpg 1024w, https:\/\/vapebulkp.com\/wp-content\/uploads\/2024\/09\/WGA-crystal-Plus-Vape-16k-Puffs-Purchase-Price-768x600.jpg 768w, https:\/\/vapebulkp.com\/wp-content\/uploads\/2024\/09\/WGA-crystal-Plus-Vape-16k-Puffs-Purchase-Price-1536x1200.jpg 1536w, https:\/\/vapebulkp.com\/wp-content\/uploads\/2024\/09\/WGA-crystal-Plus-Vape-16k-Puffs-Purchase-Price-600x469.jpg 600w\" sizes=\"(max-width: 666px) 100vw, 666px\" \/><\/h6>\n<p>&nbsp;<\/p>\n<h6>Pre z\u013eavnen\u00fa cenu, kontaktujte pros\u00edm Mandy cez WhatsApp<a href=\"https:\/\/wa.me\/8618077105796\">+8618077105796<\/a><\/h6>\n<p><img decoding=\"async\" class=\"alignnone wp-image-2151\" src=\"http:\/\/vapebulkp.com\/wp-content\/uploads\/2024\/04\/Mandy-WhatsApp-Randm.jpg\" alt=\"Mandy WhatsApp Randm\" width=\"271\" height=\"289\" srcset=\"https:\/\/vapebulkp.com\/wp-content\/uploads\/2024\/04\/Mandy-WhatsApp-Randm.jpg 916w, https:\/\/vapebulkp.com\/wp-content\/uploads\/2024\/04\/Mandy-WhatsApp-Randm-282x300.jpg 282w, https:\/\/vapebulkp.com\/wp-content\/uploads\/2024\/04\/Mandy-WhatsApp-Randm-768x817.jpg 768w, https:\/\/vapebulkp.com\/wp-content\/uploads\/2024\/04\/Mandy-WhatsApp-Randm-600x638.jpg 600w\" sizes=\"(max-width: 271px) 100vw, 271px\" \/><\/p>\n<h2><span style=\"vertical-align: inherit\">Mo\u017eno by v\u00e1s zauj\u00edmalo vedie\u0165 o WGA Crystal Plus 16k Crystal Vapes:<\/span><\/h2>\n<p>&nbsp;<\/p>\n<h6 class=\"style-scope ytd-watch-metadata\">1.Ako pou\u017ei\u0165 WGA Crystal Plus 16k Puffs Crystal Vape?<\/h6>\n<p>Ten <strong>WGA Crystal Pro Plus 16 000 potiahnut\u00ed<\/strong> disponuje technol\u00f3giou oddelenia olejov\u00e9ho jadra, ktor\u00e1 pom\u00e1ha uchova\u0165 e-liquid, k\u00fdm nie je pripraven\u00fd na pou\u017eitie. Postupujte pod\u013ea t\u00fdchto pokynov:<\/p>\n<ul>\n<li><strong>Krok 1<\/strong>: Roztrhnite obal produktu.<\/li>\n<li><strong>Krok 2<\/strong>: Odstr\u00e1\u0148te spodn\u00fa n\u00e1lepku.<\/li>\n<li><strong>Krok 3<\/strong>: Nechajte zariadenie 3 min\u00faty odpo\u010d\u00edva\u0165 pred pou\u017eit\u00edm, aby sa e-liquid \u00faplne nasiakol do jadra.<\/li>\n<\/ul>\n<p>Podobne ako pri dodr\u017eiavan\u00ed receptu na dokonal\u00e9 jedlo, tieto kroky zabezpe\u010duj\u00fa optim\u00e1lny v\u00fdkon a chu\u0165. \u201eTrpezlivos\u0165 prin\u00e1\u0161a ru\u017ee\u201c \u2013 to plat\u00ed aj tu.<\/p>\n<h6>2.Ako nab\u00edja\u0165 WGA Crystal 16000 Puffs Crystal Vape Kopen:<\/h6>\n<p>Nab\u00edjanie je jednoduch\u00e9, ale bezpe\u010dnos\u0165 je k\u013e\u00fa\u010dov\u00e1. Vyhnite sa pou\u017e\u00edvaniu r\u00fdchlonab\u00edja\u010diek. \u0160tandardn\u00fd bezpe\u010dn\u00fd v\u00fdkon na nab\u00edjanie jednorazov\u00fdch e-cigariet je <strong>5V 1A<\/strong>.<\/p>\n<ul>\n<li>Ka\u017ed\u00e9 nab\u00edjanie by nemalo presiahnu\u0165 <strong>1 hodinu<\/strong>, pri\u010dom <strong>30 min\u00fat<\/strong> je odpor\u00fa\u010dan\u00fd bezpe\u010dn\u00fd \u010das nab\u00edjania.<\/li>\n<li><strong>D\u00f4le\u017eit\u00e9<\/strong>: Nenech\u00e1vajte zariadenie nab\u00edja\u0165 sa cez noc.<\/li>\n<\/ul>\n<p>Pam\u00e4tajte, \u010do sa hovor\u00ed: \u201ePomaly \u010falej z\u00e1jde\u0161.\u201c Toto zabezpe\u010d\u00ed dlh\u00fa \u017eivotnos\u0165 a v\u00fdkon v\u00e1\u0161ho vaporiz\u00e9ra.<\/p>\n<p><span style=\"color: #ff6600\">Upozornenie: nenab\u00edjajte cel\u00fa noc!<\/span><\/p>\n<h6>3.Ak\u00e1 je kapacita e-liquidu vo WGA Crystal Plus 16000 Puffs vape ?<\/h6>\n<p>WGA Crystal Plus 16K obsahuje zna\u010dn\u00fdch <strong>27 ml<\/strong> e-liquidu, \u010do zabezpe\u010duje dlhotrvaj\u00face pote\u0161enie bez potreby \u010dast\u00e9ho dop\u013a\u0148ania. Ako sa hovor\u00ed, \u201eDobr\u00e9 veci prich\u00e1dzaj\u00fa vo ve\u013ek\u00fdch baleniach.\u201c<\/p>\n<h6>4.Ako dlho vydr\u017e\u00ed WGA Crystal Plus 16000 puffs vape:<\/h6>\n<p>S mo\u017enos\u0165ami <strong>16 000 po\u0165ahmi<\/strong>, tento vaporiz\u00e9r je navrhnut\u00fd tak, aby vydr\u017eal zna\u010dne dlh\u00fa dobu. Pre miernych u\u017e\u00edvate\u013eov to m\u00f4\u017ee trva\u0165 t\u00fd\u017edne, pri\u010dom poskytuje konzistentn\u00fd v\u00fdkon po\u010das cel\u00e9ho pou\u017e\u00edvania. Ako raz povedal Aristoteles, \u201eKvalita nie je \u010din, je to zvyk\u201c \u2013 a tento vaporiz\u00e9r dod\u00e1va kvalitu s ka\u017ed\u00fdm po\u0165ahom.<\/p>\n<div class=\"faqs-answer\"><\/div>\n<h3><span style=\"vertical-align: inherit\">WGA Crystal Plus 16000 Puffs \u0161pecifik\u00e1cia pre dlhodob\u00e9 pou\u017e\u00edvanie:<\/span><strong><br \/>\n<\/strong><\/h3>\n<ul>\n<li>Dobr\u00e1 bat\u00e9ria: 650mAh (Type C)<\/li>\n<li>Vysok\u00e1 kapacita: 27ml<\/li>\n<li>A\u017e 16000 potiahnut\u00ed<\/li>\n<li>MTL vaping a trojit\u00e1 mesh cievka<\/li>\n<li>Nastavite\u013en\u00fd prietok vzduchu a LED displej<\/li>\n<li>Pohodln\u00e9 a prenosn\u00e9, kompaktn\u00e9 zariadenie<\/li>\n<li>2% \/ 5% sila nikot\u00ednu<\/li>\n<\/ul>\n<h3>\u00a0Najlep\u0161ia vape WGA Crystal Vape 16k potiahnut\u00ed s jednoduch\u00fdm nab\u00edjan\u00edm Type-C a zoznam pr\u00edchut\u00ed:<\/h3>\n<p>&nbsp;<\/p>\n<p>1. BAN\u00c1NOV\u00c1 DRE\u0147<\/p>\n<p>2.MODR\u00c1 MALINA \u010cERE\u0160\u0147A<\/p>\n<p>3.MODR\u00c1 MALINA \u013dAD<\/p>\n<p>4.\u010cU\u010cORIEDKA \u010cERE\u0160\u0147A BRUSNICA<\/p>\n<p>5.\u010cU\u010cORIEDKA MALINA<\/p>\n<p>6.\u010cU\u010cORIEDKA KYSL\u00c1 MALINA<\/p>\n<p>7.\u010cERE\u0160\u0147OV\u00dd \u013dAD<\/p>\n<p>8.\u0160UMIV\u00c1 \u010cERE\u0160\u0147A<\/p>\n<p>9.\u010cERSTV\u00c1 M\u00c4TA<\/p>\n<p>10.GUMOV\u00dd MEDVED\u00cdK<\/p>\n<p>11. HUBBA BUBBA<\/p>\n<p>12.\u0160\u0164AVNAT\u00c1  BROSKY\u0147A<\/p>\n<p>13.CITR\u00d3N<\/p>\n<p>14.P\u00c1N MODR\u00dd<\/p>\n<p>15.\u010cERVEN\u00c9 JABLKO \u013dAD<\/p>\n<p>16. SKITTLES<\/p>\n<p>17.JAHODA MALINA \u010cERE\u0160\u0147A<\/p>\n<p>18.LETN\u00dd SEN<\/p>\n<p>19.VIMTO B\u00ddK<\/p>\n<p>20.VODN\u00dd MEL\u00d3N \u013dAD<\/p>\n<p><a href=\"https:\/\/vapebulkp.com\/sk\/product\/cloud-bar-tornado-9000puffs-randm-vape-original-vape\/\"><span style=\"vertical-align: inherit\">Dobr\u00fd Predaj Vape Cloud Bar 9000 Puffs<\/span><\/a><\/p>\n<p><span style=\"vertical-align: inherit\">N\u00e1jdite viac produktov, ktor\u00e9 by sa v\u00e1m mohli p\u00e1\u010di\u0165:<\/span><em><a href=\"https:\/\/wa.me\/8618077105796\"><span style=\"vertical-align: inherit\">\u00a0K\u00fapi\u0165<\/span><\/a><\/em><\/p>\n<p><span style=\"vertical-align: inherit\">\u010eal\u0161ie Puffs, ktor\u00e9 by sa v\u00e1m mohli p\u00e1\u010di\u0165:<\/span><a href=\"https:\/\/vapebulkp.com\/sk\/product\/good-vape-jnr-shisha-15000-puffs-wholesale-vapme-shisha\/\"><span style=\"vertical-align: inherit\">JNR Vapme shisha 15000 potiahnut\u00ed<\/span><\/a><span style=\"vertical-align: inherit\">\u3001<\/span><a href=\"https:\/\/vapebulkp.com\/sk\/product\/wholesale-price-randm-15k-waspe-15000-puffs-best-vape\/\"><span style=\"vertical-align: inherit\">Randm Tornado Vape WASPE 15000 Pufov<\/span><\/a><span style=\"vertical-align: inherit\">\/ <\/span><a href=\"https:\/\/vapebulkp.com\/sk\/product\/popular-vape-bang-king-15000-puffs-bang-vape\/\"><span style=\"vertical-align: inherit\">Bang King 15000 potiahnut\u00ed<\/span><\/a><span style=\"vertical-align: inherit\">\/ <\/span><a href=\"https:\/\/vapebulkp.com\/sk\/product\/popular-randm-tornado-7000puffs-disposable-vape-best-price\/\"><span style=\"vertical-align: inherit\">RandM Tornado 7000 potiahnut\u00ed<\/span><\/a><\/p>\n<h4>Kvalifik\u00e1cia v\u00fdroby:<\/h4>\n<p><img decoding=\"async\" class=\"alignnone size-full wp-image-1841\" src=\"http:\/\/vapebulkp.com\/wp-content\/uploads\/2023\/11\/Vape-production-process-2.jpeg\" alt=\"Proces v\u00fdroby vape\" width=\"650\" height=\"434\" srcset=\"https:\/\/vapebulkp.com\/wp-content\/uploads\/2023\/11\/Vape-production-process-2.jpeg 650w, https:\/\/vapebulkp.com\/wp-content\/uploads\/2023\/11\/Vape-production-process-2-300x200.jpeg 300w, https:\/\/vapebulkp.com\/wp-content\/uploads\/2023\/11\/Vape-production-process-2-600x401.jpeg 600w\" sizes=\"(max-width: 650px) 100vw, 650px\" \/><\/p>\n<p><img decoding=\"async\" class=\"alignnone size-full wp-image-1843\" src=\"http:\/\/vapebulkp.com\/wp-content\/uploads\/2023\/11\/Vape-production-process.jpeg\" alt=\"Proces v\u00fdroby vape\" width=\"641\" height=\"1026\" srcset=\"https:\/\/vapebulkp.com\/wp-content\/uploads\/2023\/11\/Vape-production-process.jpeg 641w, https:\/\/vapebulkp.com\/wp-content\/uploads\/2023\/11\/Vape-production-process-187x300.jpeg 187w, https:\/\/vapebulkp.com\/wp-content\/uploads\/2023\/11\/Vape-production-process-640x1024.jpeg 640w, https:\/\/vapebulkp.com\/wp-content\/uploads\/2023\/11\/Vape-production-process-600x960.jpeg 600w\" sizes=\"(max-width: 641px) 100vw, 641px\" \/><\/p>\n<p>&nbsp;<\/p>\n<h4>Detail dopravy:<\/h4>\n<p><span style=\"color: #ff6600\">\u010cas v\u00fdroby: 5-10 pracovn\u00fdch dn\u00ed<\/span><br \/>\n<span style=\"color: #ff6600\">\u010cas dodania: 8-14 pracovn\u00fdch dn\u00ed<\/span><\/p>\n<p>V\u0161etky produkty v na\u0161om obchode s\u00fa 100 % origin\u00e1lne a autentick\u00e9, preto desa\u0165n\u00e1sobn\u00e1 kompenz\u00e1cia za falo\u0161n\u00fd tovar je na\u0161ou obchodnou politikou. Na doru\u010denie tovaru v\u00e1m pou\u017e\u00edvame logistick\u00e9 kan\u00e1ly ako UPS\/DHL\/FEDEX\/DPD.<\/p>\n<p>Pre z\u00e1sielky doru\u010dovan\u00e9 na Slovensko to zvy\u010dajne trv\u00e1 10 pracovn\u00fdch dn\u00ed. Z\u00e1sielky do eur\u00f3pskych kraj\u00edn zvy\u010dajne dorazia za 12 a\u017e 15 pracovn\u00fdch dn\u00ed. Inform\u00e1cie o logistike v\u00e1m budeme aktualizova\u0165 v re\u00e1lnom \u010dase.<\/p>","protected":false},"excerpt":{"rendered":"<p>Najpred\u00e1vanej\u0161\u00ed WGA Crystal Plus 16K Puffs Jednorazov\u00fd Vape<\/p>\n<p>Pre z\u013eavnen\u00fa cenu, kontaktujte pros\u00edm Mandy cez WhatsApp<a href=\"https:\/\/wa.me\/8618077105796\">+8618077105796<\/a><\/p>\n<p><img decoding=\"async\" class=\"alignnone wp-image-2151\" src=\"http:\/\/vapebulkp.com\/wp-content\/uploads\/2024\/04\/Mandy-WhatsApp-Randm.jpg\" alt=\"Mandy WhatsApp Randm\" width=\"297\" height=\"316\" srcset=\"https:\/\/vapebulkp.com\/wp-content\/uploads\/2024\/04\/Mandy-WhatsApp-Randm.jpg 916w, https:\/\/vapebulkp.com\/wp-content\/uploads\/2024\/04\/Mandy-WhatsApp-Randm-282x300.jpg 282w, https:\/\/vapebulkp.com\/wp-content\/uploads\/2024\/04\/Mandy-WhatsApp-Randm-768x817.jpg 768w, https:\/\/vapebulkp.com\/wp-content\/uploads\/2024\/04\/Mandy-WhatsApp-Randm-600x638.jpg 600w\" sizes=\"(max-width: 297px) 100vw, 297px\" \/><\/p>\n<p><span style=\"color: #ff0000\">POZN\u00c1MKA: Ceny na na\u0161ej webovej str\u00e1nke nezah\u0155\u0148aj\u00fa n\u00e1klady na dopravu<\/span><\/p>\n<p>Hlavn\u00fd d\u00f4vod pre n\u00e1kup<br \/>\n1. Vynikaj\u00faca kvalita a bezkonkuren\u010dn\u00fd v\u00fdkon.<\/p>\n<p>2. Konkuren\u010dn\u00e1 cena a r\u00fdchla hodnota.<\/p>\n<p>3. Viacero mo\u017enost\u00ed a v\u010dasn\u00e9 dodanie.<\/p>\n<p>4. Uspokojiv\u00fd z\u00e1\u017eitok z nakupovania<\/p>","protected":false},"featured_media":2905,"comment_status":"open","ping_status":"closed","template":"","meta":{"_uag_custom_page_level_css":"","_lmt_disableupdate":"no","_lmt_disable":"","site-sidebar-layout":"default","site-content-layout":"content-boxed-container","ast-site-content-layout":"normal-width-container","site-content-style":"boxed","site-sidebar-style":"unboxed","ast-global-header-display":"","ast-banner-title-visibility":"","ast-main-header-display":"","ast-hfb-above-header-display":"","ast-hfb-below-header-display":"","ast-hfb-mobile-header-display":"","site-post-title":"","ast-breadcrumbs-content":"","ast-featured-img":"","footer-sml-layout":"","theme-transparent-header-meta":"default","adv-header-id-meta":"","stick-header-meta":"","header-above-stick-meta":"","header-main-stick-meta":"","header-below-stick-meta":"","astra-migrate-meta-layouts":"set","_joinchat":[]},"product_cat":[164,153,155,33,59,100,87,34,158,157,154,152,58,84,156,63,32,366],"product_tag":[181,36,37,41,75,40],"class_list":["post-2913","product","type-product","status-publish","has-post-thumbnail","hentry","product_cat-16000-puffs-disposable-vape","product_cat-hot-disposable-vapes","product_cat-belgium-hot-disposable-vapes","product_cat-france-vape-hot-sale","product_cat-germany-hot-disposable-vape","product_cat-germany-wholesale-vape-shop","product_cat-minimum-order-quantity-50pcs","product_cat-netherlands-vape-good-sale","product_cat-norway-hot-disposable-vapes","product_cat-poland-hot-disposable-vapes","product_cat-portugal-hot-disposable-vapes","product_cat-spain-hot-disposable-vapes","product_cat-sweden-hot-disposable-vape","product_cat-sweden-wholesale-vape","product_cat-switzerland-hot-disposable-vapes","product_cat-top-sale-disposable-vape","product_cat-vape-hot-sale-this-week","product_cat-wga-vape","product_tag-16000-puffs","product_tag-good-vape","product_tag-hot-sale-disposable-vape","product_tag-poland-hot-vape","product_tag-randm-vape-9000-puffs","product_tag-sweden-hot-vape","pa_brand-wga-vape","desktop-align-left","tablet-align-left","mobile-align-left"],"yoast_head":"<!-- This site is optimized with the Yoast SEO plugin v21.1 - https:\/\/yoast.com\/wordpress\/plugins\/seo\/ -->\n<title>WGA\u00a0Crystal Plus 16000 Puffs LED Light Disposable Vape\u00a0 - vapebulkp.com<\/title>\n<meta name=\"description\" content=\"WGA Crystal Plus 16K Puffs Disposable Vape \u2013 27ml e-liquid, 650mAh rechargeable battery, 16,000 puffs, rich flavors, long-lasting high-capacity vape.\" \/>\n<meta name=\"robots\" content=\"index, follow, max-snippet:-1, max-image-preview:large, max-video-preview:-1\" \/>\n<link rel=\"canonical\" href=\"https:\/\/vapebulkp.com\/sk\/product\/wga-crystal-plus-16000-puffs-led-light-disposable-vape\/\" \/>\n<meta property=\"og:locale\" content=\"sk_SK\" \/>\n<meta property=\"og:type\" content=\"article\" \/>\n<meta property=\"og:title\" content=\"WGA\u00a0Crystal Plus 16000 Puffs LED Light Disposable Vape\u00a0 - vapebulkp.com\" \/>\n<meta property=\"og:description\" content=\"WGA Crystal Plus 16K Puffs Disposable Vape \u2013 27ml e-liquid, 650mAh rechargeable battery, 16,000 puffs, rich flavors, long-lasting high-capacity vape.\" \/>\n<meta property=\"og:url\" content=\"https:\/\/vapebulkp.com\/sk\/product\/wga-crystal-plus-16000-puffs-led-light-disposable-vape\/\" \/>\n<meta property=\"og:site_name\" content=\"vapebulkp.com\" \/>\n<meta property=\"article:modified_time\" content=\"2025-09-24T03:13:53+00:00\" \/>\n<meta property=\"og:image\" content=\"http:\/\/vapebulkp.com\/wp-content\/uploads\/2024\/09\/Good-WGA-crystal-Plus-Vape-16000-Puffs-Wholesale-Price.jpg\" \/>\n\t<meta property=\"og:image:width\" content=\"1920\" \/>\n\t<meta property=\"og:image:height\" content=\"1580\" \/>\n\t<meta property=\"og:image:type\" content=\"image\/jpeg\" \/>\n<meta name=\"twitter:card\" content=\"summary_large_image\" \/>\n<meta name=\"twitter:label1\" content=\"Predpokladan\u00fd \u010das \u010d\u00edtania\" \/>\n\t<meta name=\"twitter:data1\" content=\"4 min\u00faty\" \/>\n<script type=\"application\/ld+json\" class=\"yoast-schema-graph\">{\"@context\":\"https:\/\/schema.org\",\"@graph\":[{\"@type\":\"WebPage\",\"@id\":\"https:\/\/vapebulkp.com\/product\/wga-crystal-plus-16000-puffs-led-light-disposable-vape\/\",\"url\":\"https:\/\/vapebulkp.com\/product\/wga-crystal-plus-16000-puffs-led-light-disposable-vape\/\",\"name\":\"WGA\u00a0Crystal Plus 16000 Puffs LED Light Disposable Vape\u00a0 - vapebulkp.com\",\"isPartOf\":{\"@id\":\"https:\/\/vapebulkp.com\/#website\"},\"datePublished\":\"2024-09-21T03:50:55+00:00\",\"dateModified\":\"2025-09-24T03:13:53+00:00\",\"description\":\"WGA Crystal Plus 16K Puffs Disposable Vape \u2013 27ml e-liquid, 650mAh rechargeable battery, 16,000 puffs, rich flavors, long-lasting high-capacity vape.\",\"breadcrumb\":{\"@id\":\"https:\/\/vapebulkp.com\/product\/wga-crystal-plus-16000-puffs-led-light-disposable-vape\/#breadcrumb\"},\"inLanguage\":\"sk-SK\",\"potentialAction\":[{\"@type\":\"ReadAction\",\"target\":[\"https:\/\/vapebulkp.com\/product\/wga-crystal-plus-16000-puffs-led-light-disposable-vape\/\"]}]},{\"@type\":\"BreadcrumbList\",\"@id\":\"https:\/\/vapebulkp.com\/product\/wga-crystal-plus-16000-puffs-led-light-disposable-vape\/#breadcrumb\",\"itemListElement\":[{\"@type\":\"ListItem\",\"position\":1,\"name\":\"Home\",\"item\":\"https:\/\/vapebulkp.com\/\"},{\"@type\":\"ListItem\",\"position\":2,\"name\":\"Hot Trend Vapes\",\"item\":\"https:\/\/vapebulkp.com\/vape-shop\/\"},{\"@type\":\"ListItem\",\"position\":3,\"name\":\"WGA\u00a0Crystal Plus 16000 Puffs LED Light Disposable Vape\u00a0\"}]},{\"@type\":\"WebSite\",\"@id\":\"https:\/\/vapebulkp.com\/#website\",\"url\":\"https:\/\/vapebulkp.com\/\",\"name\":\"vapebulkp.com\",\"description\":\"Buy Vape In Cheap Bulk Price Near you\",\"publisher\":{\"@id\":\"https:\/\/vapebulkp.com\/#organization\"},\"potentialAction\":[{\"@type\":\"SearchAction\",\"target\":{\"@type\":\"EntryPoint\",\"urlTemplate\":\"https:\/\/vapebulkp.com\/?s={search_term_string}\"},\"query-input\":\"required name=search_term_string\"}],\"inLanguage\":\"sk-SK\"},{\"@type\":\"Organization\",\"@id\":\"https:\/\/vapebulkp.com\/#organization\",\"name\":\"vapebulkp.com\",\"url\":\"https:\/\/vapebulkp.com\/\",\"logo\":{\"@type\":\"ImageObject\",\"inLanguage\":\"sk-SK\",\"@id\":\"https:\/\/vapebulkp.com\/#\/schema\/logo\/image\/\",\"url\":\"https:\/\/vapebulkp.com\/wp-content\/uploads\/2023\/09\/cropped-vapebulkp.png\",\"contentUrl\":\"https:\/\/vapebulkp.com\/wp-content\/uploads\/2023\/09\/cropped-vapebulkp.png\",\"width\":516,\"height\":163,\"caption\":\"vapebulkp.com\"},\"image\":{\"@id\":\"https:\/\/vapebulkp.com\/#\/schema\/logo\/image\/\"}}]}<\/script>\n<!-- \/ Yoast SEO plugin. -->","yoast_head_json":{"title":"WGA\u00a0Crystal Plus 16000 Puffs LED Light Disposable Vape\u00a0 - vapebulkp.com","description":"WGA Crystal Plus 16K Puffs Disposable Vape \u2013 27ml e-liquid, 650mAh rechargeable battery, 16,000 puffs, rich flavors, long-lasting high-capacity vape.","robots":{"index":"index","follow":"follow","max-snippet":"max-snippet:-1","max-image-preview":"max-image-preview:large","max-video-preview":"max-video-preview:-1"},"canonical":"https:\/\/vapebulkp.com\/sk\/product\/wga-crystal-plus-16000-puffs-led-light-disposable-vape\/","og_locale":"sk_SK","og_type":"article","og_title":"WGA\u00a0Crystal Plus 16000 Puffs LED Light Disposable Vape\u00a0 - vapebulkp.com","og_description":"WGA Crystal Plus 16K Puffs Disposable Vape \u2013 27ml e-liquid, 650mAh rechargeable battery, 16,000 puffs, rich flavors, long-lasting high-capacity vape.","og_url":"https:\/\/vapebulkp.com\/sk\/product\/wga-crystal-plus-16000-puffs-led-light-disposable-vape\/","og_site_name":"vapebulkp.com","article_modified_time":"2025-09-24T03:13:53+00:00","og_image":[{"width":1920,"height":1580,"url":"http:\/\/vapebulkp.com\/wp-content\/uploads\/2024\/09\/Good-WGA-crystal-Plus-Vape-16000-Puffs-Wholesale-Price.jpg","type":"image\/jpeg"}],"twitter_card":"summary_large_image","twitter_misc":{"Predpokladan\u00fd \u010das \u010d\u00edtania":"4 min\u00faty"},"schema":{"@context":"https:\/\/schema.org","@graph":[{"@type":"WebPage","@id":"https:\/\/vapebulkp.com\/product\/wga-crystal-plus-16000-puffs-led-light-disposable-vape\/","url":"https:\/\/vapebulkp.com\/product\/wga-crystal-plus-16000-puffs-led-light-disposable-vape\/","name":"WGA\u00a0Crystal Plus 16000 Puffs LED Light Disposable Vape\u00a0 - vapebulkp.com","isPartOf":{"@id":"https:\/\/vapebulkp.com\/#website"},"datePublished":"2024-09-21T03:50:55+00:00","dateModified":"2025-09-24T03:13:53+00:00","description":"WGA Crystal Plus 16K Puffs Disposable Vape \u2013 27ml e-liquid, 650mAh rechargeable battery, 16,000 puffs, rich flavors, long-lasting high-capacity vape.","breadcrumb":{"@id":"https:\/\/vapebulkp.com\/product\/wga-crystal-plus-16000-puffs-led-light-disposable-vape\/#breadcrumb"},"inLanguage":"sk-SK","potentialAction":[{"@type":"ReadAction","target":["https:\/\/vapebulkp.com\/product\/wga-crystal-plus-16000-puffs-led-light-disposable-vape\/"]}]},{"@type":"BreadcrumbList","@id":"https:\/\/vapebulkp.com\/product\/wga-crystal-plus-16000-puffs-led-light-disposable-vape\/#breadcrumb","itemListElement":[{"@type":"ListItem","position":1,"name":"Home","item":"https:\/\/vapebulkp.com\/"},{"@type":"ListItem","position":2,"name":"Hot Trend Vapes","item":"https:\/\/vapebulkp.com\/vape-shop\/"},{"@type":"ListItem","position":3,"name":"WGA\u00a0Crystal Plus 16000 Puffs LED Light Disposable Vape\u00a0"}]},{"@type":"WebSite","@id":"https:\/\/vapebulkp.com\/#website","url":"https:\/\/vapebulkp.com\/","name":"vapebulkp.com","description":"Buy Vape In Cheap Bulk Price Near you","publisher":{"@id":"https:\/\/vapebulkp.com\/#organization"},"potentialAction":[{"@type":"SearchAction","target":{"@type":"EntryPoint","urlTemplate":"https:\/\/vapebulkp.com\/?s={search_term_string}"},"query-input":"required name=search_term_string"}],"inLanguage":"sk-SK"},{"@type":"Organization","@id":"https:\/\/vapebulkp.com\/#organization","name":"vapebulkp.com","url":"https:\/\/vapebulkp.com\/","logo":{"@type":"ImageObject","inLanguage":"sk-SK","@id":"https:\/\/vapebulkp.com\/#\/schema\/logo\/image\/","url":"https:\/\/vapebulkp.com\/wp-content\/uploads\/2023\/09\/cropped-vapebulkp.png","contentUrl":"https:\/\/vapebulkp.com\/wp-content\/uploads\/2023\/09\/cropped-vapebulkp.png","width":516,"height":163,"caption":"vapebulkp.com"},"image":{"@id":"https:\/\/vapebulkp.com\/#\/schema\/logo\/image\/"}}]}},"uagb_featured_image_src":{"full":["https:\/\/vapebulkp.com\/wp-content\/uploads\/2024\/09\/Good-WGA-crystal-Plus-Vape-16000-Puffs-Wholesale-Price.jpg",1920,1580,false],"thumbnail":["https:\/\/vapebulkp.com\/wp-content\/uploads\/2024\/09\/Good-WGA-crystal-Plus-Vape-16000-Puffs-Wholesale-Price-150x150.jpg",150,150,true],"medium":["https:\/\/vapebulkp.com\/wp-content\/uploads\/2024\/09\/Good-WGA-crystal-Plus-Vape-16000-Puffs-Wholesale-Price-300x247.jpg",300,247,true],"medium_large":["https:\/\/vapebulkp.com\/wp-content\/uploads\/2024\/09\/Good-WGA-crystal-Plus-Vape-16000-Puffs-Wholesale-Price-768x632.jpg",768,632,true],"large":["https:\/\/vapebulkp.com\/wp-content\/uploads\/2024\/09\/Good-WGA-crystal-Plus-Vape-16000-Puffs-Wholesale-Price-1024x843.jpg",1024,843,true],"1536x1536":["https:\/\/vapebulkp.com\/wp-content\/uploads\/2024\/09\/Good-WGA-crystal-Plus-Vape-16000-Puffs-Wholesale-Price-1536x1264.jpg",1536,1264,true],"2048x2048":["https:\/\/vapebulkp.com\/wp-content\/uploads\/2024\/09\/Good-WGA-crystal-Plus-Vape-16000-Puffs-Wholesale-Price.jpg",1920,1580,false],"trp-custom-language-flag":["https:\/\/vapebulkp.com\/wp-content\/uploads\/2024\/09\/Good-WGA-crystal-Plus-Vape-16000-Puffs-Wholesale-Price.jpg",15,12,false],"woocommerce_thumbnail":["https:\/\/vapebulkp.com\/wp-content\/uploads\/2024\/09\/Good-WGA-crystal-Plus-Vape-16000-Puffs-Wholesale-Price-300x300.jpg",300,300,true],"woocommerce_single":["https:\/\/vapebulkp.com\/wp-content\/uploads\/2024\/09\/Good-WGA-crystal-Plus-Vape-16000-Puffs-Wholesale-Price-600x494.jpg",600,494,true],"woocommerce_gallery_thumbnail":["https:\/\/vapebulkp.com\/wp-content\/uploads\/2024\/09\/Good-WGA-crystal-Plus-Vape-16000-Puffs-Wholesale-Price-100x100.jpg",100,100,true],"wcpr-photo-reviews":["https:\/\/vapebulkp.com\/wp-content\/uploads\/2024\/09\/Good-WGA-crystal-Plus-Vape-16000-Puffs-Wholesale-Price.jpg",500,411,false]},"uagb_author_info":{"display_name":"Mandy vape bulk price","author_link":"https:\/\/vapebulkp.com\/sk\/author\/"},"uagb_comment_info":0,"uagb_excerpt":"Top-Selling WGA Crystal Plus 16K Puffs Disposable Vape Pls Contact Mandy's WhatsApp For Discount Price+8618077105796 NOTE: Prices on our website does not include shipping costs Main reason for purchase 1. Excellent quality and unparalleled performance. 2. Competitive price and fast value. 3. Multiple options and timely delivery. 4. A satisfying shopping experience","_links":{"self":[{"href":"https:\/\/vapebulkp.com\/sk\/wp-json\/wp\/v2\/product\/2913","targetHints":{"allow":["GET"]}}],"collection":[{"href":"https:\/\/vapebulkp.com\/sk\/wp-json\/wp\/v2\/product"}],"about":[{"href":"https:\/\/vapebulkp.com\/sk\/wp-json\/wp\/v2\/types\/product"}],"replies":[{"embeddable":true,"href":"https:\/\/vapebulkp.com\/sk\/wp-json\/wp\/v2\/comments?post=2913"}],"wp:featuredmedia":[{"embeddable":true,"href":"https:\/\/vapebulkp.com\/sk\/wp-json\/wp\/v2\/media\/2905"}],"wp:attachment":[{"href":"https:\/\/vapebulkp.com\/sk\/wp-json\/wp\/v2\/media?parent=2913"}],"wp:term":[{"taxonomy":"product_cat","embeddable":true,"href":"https:\/\/vapebulkp.com\/sk\/wp-json\/wp\/v2\/product_cat?post=2913"},{"taxonomy":"product_tag","embeddable":true,"href":"https:\/\/vapebulkp.com\/sk\/wp-json\/wp\/v2\/product_tag?post=2913"}],"curies":[{"name":"wp","href":"https:\/\/api.w.org\/{rel}","templated":true}]}}