{"id":3148,"date":"2024-11-25T09:29:17","date_gmt":"2024-11-25T08:29:17","guid":{"rendered":"https:\/\/vapebulkp.com\/?post_type=product&#038;p=3148"},"modified":"2025-09-24T05:50:41","modified_gmt":"2025-09-24T03:50:41","slug":"jnr-vape-mega-box-25000-puff-discount-price-vape-pods","status":"publish","type":"product","link":"https:\/\/vapebulkp.com\/sk\/produkt\/jnr-vape-mega-box-25000-puff-discount-price-vape-pods\/","title":{"rendered":"JNR Vape Mega Box 25000 oblakov Z\u013eavov\u00e1 cena Vape podov"},"content":{"rendered":"<h1 style=\"text-align: left\">JNR Vape Mega Box 25000 oblakov Z\u013eavov\u00e1 cena Vape podov<\/h1>\n<p>&nbsp;<\/p>\n<p data-start=\"321\" data-end=\"634\">Ten <strong data-start=\"365\" data-end=\"397\">JNR Vape Mega Box 25000 \u0165ahov<\/strong> je pr\u00e9miov\u00e1 <strong data-start=\"411\" data-end=\"444\">jednorazov\u00e1 vapa s vysokou kapacitou<\/strong> bol vytvoren\u00fd pre mlad\u00fdch mu\u017eov zo Slovenska, ktor\u00ed h\u013eadaj\u00fa v\u00fdkon, \u0161t\u00fdl a spo\u013eahlivos\u0165. S mas\u00edvnou 30 ml n\u00e1dr\u017ekou na e-liquid a syst\u00e9mom du\u00e1lnej mesh coil poskytuje hladk\u00fa chu\u0165 a hust\u00fa paru pri ka\u017edom \u0165ahu.<\/p>\n<p data-start=\"636\" data-end=\"896\">S 850 mAh nab\u00edjate\u013enou bat\u00e9riou a r\u00fdchlym nab\u00edjan\u00edm Type-C pon\u00faka toto zariadenie a\u017e <strong data-start=\"729\" data-end=\"745\">25 000 potiahnut\u00ed<\/strong> pre dlhotrvaj\u00facu spokojnos\u0165. Kompaktn\u00fd a prenosn\u00fd <strong data-start=\"803\" data-end=\"835\">JNR Vape Mega Box<\/strong> 25000 \u0165ahov Vape Ve\u013ekoobchod je ide\u00e1lny pre ka\u017edodenn\u00e9 vapovanie, spolo\u010densk\u00e9 pr\u00edle\u017eitosti a cestovanie.<\/p>\n<p data-start=\"898\" data-end=\"1163\">Dostupn\u00fd v viacer\u00fdch pr\u00edchutiach s mo\u017enos\u0165ami nikot\u00ednov\u00fdch sol\u00ed, vynik\u00e1 medzi <a href=\"https:\/\/vapebulkp.com\/sk\/kategoria-produktu\/25000-puffs-disposable-vape\/\"><strong>25000 \u0165ahov Jednorazov\u00e9 Vapy<\/strong><\/a> a in\u00fdmi dlhotrvaj\u00facimi pod syst\u00e9mami, pon\u00fakaj\u00fac v\u00fdnimo\u010dn\u00fa hodnotu za ve\u013ekoobchodn\u00e9 ceny. Odosielan\u00e9 priamo zo slovensk\u00fdch skladov pre r\u00fdchle a spo\u013eahliv\u00e9 doru\u010denie.<\/p>\n<p><img decoding=\"async\" class=\"alignnone wp-image-3147\" src=\"http:\/\/vapebulkp.com\/wp-content\/uploads\/2024\/11\/JNR-Mega-Box-25000-puffs-Hot-Sale-Vape.jpg\" alt=\"JNR Mega Box 25000 \u0165ahov Hor\u00faci predaj Vape\" width=\"368\" height=\"368\" srcset=\"https:\/\/vapebulkp.com\/wp-content\/uploads\/2024\/11\/JNR-Mega-Box-25000-puffs-Hot-Sale-Vape.jpg 800w, https:\/\/vapebulkp.com\/wp-content\/uploads\/2024\/11\/JNR-Mega-Box-25000-puffs-Hot-Sale-Vape-300x300.jpg 300w, https:\/\/vapebulkp.com\/wp-content\/uploads\/2024\/11\/JNR-Mega-Box-25000-puffs-Hot-Sale-Vape-150x150.jpg 150w, https:\/\/vapebulkp.com\/wp-content\/uploads\/2024\/11\/JNR-Mega-Box-25000-puffs-Hot-Sale-Vape-768x768.jpg 768w, https:\/\/vapebulkp.com\/wp-content\/uploads\/2024\/11\/JNR-Mega-Box-25000-puffs-Hot-Sale-Vape-600x600.jpg 600w, https:\/\/vapebulkp.com\/wp-content\/uploads\/2024\/11\/JNR-Mega-Box-25000-puffs-Hot-Sale-Vape-100x100.jpg 100w\" sizes=\"(max-width: 368px) 100vw, 368px\" \/><\/p>\n<p>&nbsp;<\/p>\n<h6>Pre z\u013eavnen\u00fa cenu, kontaktujte pros\u00edm Mandy cez WhatsApp<a href=\"https:\/\/wa.me\/8618077105796\">+8618077105796<\/a><\/h6>\n<p><img decoding=\"async\" class=\"alignnone wp-image-2151\" src=\"http:\/\/vapebulkp.com\/wp-content\/uploads\/2024\/04\/Mandy-WhatsApp-Randm.jpg\" alt=\"Mandy WhatsApp Rande\" width=\"287\" height=\"305\" srcset=\"https:\/\/vapebulkp.com\/wp-content\/uploads\/2024\/04\/Mandy-WhatsApp-Randm.jpg 916w, https:\/\/vapebulkp.com\/wp-content\/uploads\/2024\/04\/Mandy-WhatsApp-Randm-282x300.jpg 282w, https:\/\/vapebulkp.com\/wp-content\/uploads\/2024\/04\/Mandy-WhatsApp-Randm-768x817.jpg 768w, https:\/\/vapebulkp.com\/wp-content\/uploads\/2024\/04\/Mandy-WhatsApp-Randm-600x638.jpg 600w\" sizes=\"(max-width: 287px) 100vw, 287px\" \/><\/p>\n<h2><strong>Pre\u010do k\u00fapi\u0165 JNR Jednorazov\u00fd Vape Mega Box 25k \u0165ahov na <a href=\"https:\/\/vapebulkp.com\/sk\/\">Vapebulkp.com<\/a>?<\/strong><\/h2>\n<ol>\n<li><strong>Dlhotrvaj\u00faci v\u00fdkon<\/strong>: S p\u00f4sobiv\u00fdm po\u010dtom \u0165ahov a robustnou bat\u00e9riou je tento vape navrhnut\u00fd pre ka\u017edodenn\u00e9 pou\u017eitie aj \u0161peci\u00e1lne pr\u00edle\u017eitosti.<\/li>\n<li><strong>\u0160t\u00fdlov\u00fd dizajn<\/strong>: Kompaktn\u00fd, no \u0161t\u00fdlov\u00fd, JNR Vape Mega Box sa \u013eahko pren\u00e1\u0161a a dop\u013a\u0148a v\u00e1\u0161 \u017eivotn\u00fd \u0161t\u00fdl svojou modernou estetikou.<\/li>\n<li><strong>U\u017e\u00edvate\u013esky pr\u00edvetiv\u00e9 ovl\u00e1danie<\/strong>: Nevy\u017eaduje \u017eiadne zlo\u017eit\u00e9 nastavenia ani dop\u013a\u0148anie \u2013 sta\u010d\u00ed si u\u017ei\u0165 plynul\u00fd z\u00e1\u017eitok z vapovania hne\u010f po vybalen\u00ed z krabice.<\/li>\n<li><strong>Bohat\u00e9, hladk\u00e9 pr\u00edchute<\/strong>: V kombin\u00e1cii s pokro\u010dilou technol\u00f3giou coil pon\u00faka Mega Box rovnomern\u00fa a pln\u00fa paru pri ka\u017edom n\u00e1dychu.<\/li>\n<\/ol>\n<p>&nbsp;<\/p>\n<h3><strong>K\u013e\u00fa\u010dov\u00e9 vlastnosti Hot Sale Vape <a href=\"https:\/\/vapebulkp.com\/sk\/produkt\/jnr-vape-mega-box-25000-puff-discount-price-vape-pods\/\">JNR Mega Box 25000 potiahnut\u00ed\u00a0<\/a><\/strong><\/h3>\n<div class=\"mb-2 flex gap-3 empty:hidden -ml-2\">\n<div class=\"items-center justify-start rounded-xl p-1 flex\">\n<ul>\n<li><strong>Bezkonkuren\u010dn\u00e1 \u017eivotnos\u0165<\/strong>: V\u010faka mas\u00edvnej kapacite <strong>25 000 potiahnut\u00ed<\/strong>, toto zariadenie zaru\u010duje dlhodob\u00e9 pou\u017e\u00edvanie, v\u010faka \u010domu je ide\u00e1lne na dlhodob\u00e9 vapovanie bez \u010dast\u00fdch v\u00fdmen.<\/li>\n<li><strong>Ve\u013ekorys\u00e1 kapacita e-liquidu<\/strong>: Vybaven\u00fd <strong>30 ml vopred naplnen\u00e9ho e-liquidu<\/strong>, prin\u00e1\u0161a konzistentn\u00fa chu\u0165 po cel\u00fa dobu \u017eivotnosti.<\/li>\n<li><strong>V\u00fdkonn\u00e1 bat\u00e9ria<\/strong>: Vstavan\u00e1 <strong>850mAh dob\u00edjate\u013enou bat\u00e9riou<\/strong> pon\u00faka spo\u013eahliv\u00fd v\u00fdkon, ktor\u00fd zais\u0165uje, \u017ee si u\u017eijete ka\u017ed\u00e9 potiahnutie.<\/li>\n<li><strong>Uspokojenie z nikot\u00ednu<\/strong>: V\u010faka <strong>2% nikot\u00ednovej so\u013enej formule<\/strong>, poskytuje jemn\u00fd pocit v hrdle ide\u00e1lny pre t\u00fdch, ktor\u00ed prech\u00e1dzaj\u00fa z tradi\u010dn\u00e9ho faj\u010denia alebo h\u013eadaj\u00fa vyv\u00e1\u017een\u00fd z\u00e1\u017eitok z vapovania.<\/li>\n<li><strong>Kompaktn\u00fd a \u0161t\u00fdlov\u00fd dizajn<\/strong>: Elegantn\u00e9, ale z\u00e1rove\u0148 robustn\u00e9, toto zariadenie bolo navrhnut\u00e9 tak, aby sa bez probl\u00e9mov zmestilo do v\u00e1\u0161ho \u017eivotn\u00e9ho \u0161t\u00fdlu, \u010di u\u017e doma, na spolo\u010densk\u00fdch podujatiach alebo na cest\u00e1ch.<\/li>\n<\/ul>\n<\/div>\n<\/div>\n<h3><strong>JNR Mega Box 25k potiahnut\u00ed Vape<\/strong> <strong>Zoznam pr\u00edchut\u00ed:<\/strong><\/h3>\n<p>1.\u0160umiv\u00e1 \u010dere\u0161\u0148ov\u00e1 kola<br \/>\n2.Jahodov\u00fd ban\u00e1n<br \/>\n3.Kysl\u00e9 jablko<br \/>\n4.\u010cu\u010doriedkov\u00e1 \u017euva\u010dka<br \/>\n5.Kiwi vodn\u00fd mel\u00f3n \u013ead<br \/>\n6.Trojit\u00e9 mango<br \/>\n7.Malina vodn\u00fd mel\u00f3n<br \/>\n8.Jahoda malina \u013ead<br \/>\n9.\u010cu\u010doriedka kysl\u00e1 malina jahoda<br \/>\n10.Jahoda malina \u010dere\u0161\u0148a \u013ead<br \/>\n11.Modr\u00e1 malina \u010dere\u0161\u0148a<br \/>\n12.\u0160\u0165avnat\u00e1 brosky\u0148a<br \/>\n13.\u010cere\u0161\u0148a-bobule<br \/>\n14.Citr\u00f3n<br \/>\n15.Zmie\u0161an\u00e9 bobule<br \/>\n16.P\u00e1n Modr\u00fd<br \/>\n17.Jahodov\u00e1 \u013eadov\u00e1<br \/>\n18.\u010cu\u010doriedkov\u00e1 \u013eadov\u00e1<br \/>\n19.Mel\u00f3nov\u00e1 \u013eadov\u00e1<br \/>\n20.Skittles<\/p>\n<p><a href=\"https:\/\/vapebulkp.com\/sk\/produkt\/jnr-media-max-40000-puffs-high-capacity-1000mah-disposable-vape\/\"><span style=\"vertical-align: inherit\">JNR MEDIA MAX 40000 \u0165ahov <\/span><\/a><\/p>\n<p><span style=\"vertical-align: inherit\">N\u00e1jdite viac produktov, ktor\u00e9 by sa v\u00e1m mohli p\u00e1\u010di\u0165:<\/span><em><a href=\"https:\/\/wa.me\/8618077105796\"><span style=\"vertical-align: inherit\">\u00a0K\u00fapi\u0165<\/span><\/a><\/em><\/p>\n<p><span style=\"vertical-align: inherit\">\u010eal\u0161ie Puffs, ktor\u00e9 by sa v\u00e1m mohli p\u00e1\u010di\u0165:<\/span><span style=\"vertical-align: inherit\">\u00a0<\/span><a href=\"https:\/\/vapebulkp.com\/sk\/produkt\/vapme-crystal-disposable-vape-20000-puffs-big-smok-2-nicotine\/\"><span style=\"vertical-align: inherit\">Vapme Crystal 20k \u0165ahov<\/span><\/a><\/p>\n<p><span style=\"vertical-align: inherit\">E-cigareta so \u0161peci\u00e1lnym tvarom f\u013ea\u0161e:<\/span><a href=\"https:\/\/vapebulkp.com\/sk\/produkt\/randm-fumot-tornado-30k-puffs-rechargeable-vapes-best-sale\/\"><span style=\"vertical-align: inherit\"> Fumot Tornado 30000 \u0165ahov<\/span><\/a><span style=\"vertical-align: inherit\">\/ <\/span><a href=\"https:\/\/vapebulkp.com\/sk\/produkt\/jnr-alien-10000-puffs-randm-vape-wholesale-price\/\"><span style=\"vertical-align: inherit\">\u00a0JNR Alien 10000 \u0165ahov <\/span><\/a><span style=\"vertical-align: inherit\">\/<\/span><a href=\"https:\/\/vapebulkp.com\/sk\/produkt\/wga-crystal-plus-16000-puffs-led-light-disposable-vape\/\"><span style=\"vertical-align: inherit\"> WGA Crystal 16000 potiahnut\u00ed<\/span><\/a><\/p>\n<h4><\/h4>\n<h4><strong>\u010cast\u00e9 ot\u00e1zky o JNR Mega Box Long last Vape 25000 \u0165ahov<\/strong><\/h4>\n<p><strong>1. Ak\u00e1 je kapacita e-liquidu v JNR Vapes Mega Box 25k \u0165ahov?<\/strong><br \/>\nJNR Vape Mega Box sa dod\u00e1va s <strong>30ml kapacitu e-liquidu<\/strong>, \u010do zais\u0165uje pred\u013a\u017een\u00fd z\u00e1\u017eitok z vapovania s bohat\u00fdmi, uspokojuj\u00facimi pr\u00edchu\u0165ami.<\/p>\n<p><strong>2. Ko\u013eko \u0165ahov m\u00f4\u017eem o\u010dak\u00e1va\u0165 od najpred\u00e1vanej\u0161ieho JNR Vape Box 25000 \u0165ahov?<\/strong><br \/>\nTento jednorazov\u00fd vape poskytuje p\u00f4sobiv\u00fdch <strong>25 000 potiahnut\u00ed<\/strong>, v\u010faka \u010domu je ide\u00e1lny na dlhodob\u00e9 pou\u017e\u00edvanie a pre \u010dast\u00fdch vaperov.<\/p>\n<p><strong>3. Ak\u00fd typ bat\u00e9rie pou\u017e\u00edva JNR Vape Mega Box 25k?<\/strong><br \/>\nJe vybaven\u00fd v\u00fdkonnou <strong>850mAh dob\u00edjate\u013enou bat\u00e9riou<\/strong>, ktor\u00e1 poskytuje konzistentn\u00fd v\u00fdkon a pohodlie nab\u00edjania cez port Type-C.<\/p>\n<p><strong>4. Je JNR Hot Vape Mega Box 25000 \u0165ahov vhodn\u00fd pre slovensk\u00fdch vaperov?<\/strong><br \/>\n\u00c1no, JNR Vape Mega Box je navrhnut\u00fd tak, aby sp\u013a\u0148al preferencie slovensk\u00fdch pou\u017e\u00edvate\u013eov s <strong>plynuln\u00e1 produkcia pary<\/strong>, <strong>r\u00f4znorod\u00e9 pr\u00edchute<\/strong>a elegantn\u00fd, prenosn\u00fd dizajn.<\/p>\n<p><strong>5. \u010co rob\u00ed JNR Good Vape Mega Box 25k Puffs \u0161pi\u010dkov\u00fdm jednorazov\u00fdm vaporiz\u00e9rom?<\/strong><br \/>\nJNR Vape Mega Box pon\u00faka kombin\u00e1ciu <strong>pr\u00e9miov\u00fa kvalitu vyhotovenia<\/strong>, <strong>vysok\u00fd po\u010det \u0165ahov<\/strong>, <strong>ve\u013ekej kapacite e-liquidu<\/strong>, a <strong>\u0161t\u00fdlov\u00fd dizajn<\/strong>, \u010do z neho rob\u00ed v\u00fdnimo\u010dn\u00fa vo\u013ebu medzi jednorazov\u00fdmi vaporiz\u00e9rmi s vysokou kapacitou.<\/p>\n<h4>Detail dopravy:<\/h4>\n<p><span style=\"color: #ff6600\">\u010cas v\u00fdroby: 5-10 pracovn\u00fdch dn\u00ed<\/span><br \/>\n<span style=\"color: #ff6600\">\u010cas dodania: 8-14 pracovn\u00fdch dn\u00ed<\/span><\/p>\n<p>V\u0161etky produkty v na\u0161om obchode s\u00fa 100 % origin\u00e1lne a autentick\u00e9, preto desa\u0165n\u00e1sobn\u00e1 kompenz\u00e1cia za falo\u0161n\u00fd tovar je na\u0161ou obchodnou politikou. Na doru\u010denie tovaru v\u00e1m pou\u017e\u00edvame logistick\u00e9 kan\u00e1ly ako UPS\/DHL\/FEDEX\/DPD.<\/p>\n<p>Pre z\u00e1sielky doru\u010dovan\u00e9 na Slovensko to zvy\u010dajne trv\u00e1 10 pracovn\u00fdch dn\u00ed. Z\u00e1sielky do eur\u00f3pskych kraj\u00edn zvy\u010dajne dorazia za 12 a\u017e 15 pracovn\u00fdch dn\u00ed. Inform\u00e1cie o logistike v\u00e1m budeme aktualizova\u0165 v re\u00e1lnom \u010dase.<\/p>","protected":false},"excerpt":{"rendered":"<p>JNR Vape Mega Box 25000 \u0165ahov pon\u00faka v\u00fdnimo\u010dn\u00fd z\u00e1\u017eitok z vapovania s ve\u013ek\u00fdm objemom 30 ml e-liquidu, dlhotrvaj\u00facou 850 mAh bat\u00e9riou a p\u00f4sobiv\u00fdmi 25 000 \u0165ahmi. Tento vysokokvalitn\u00fd jednorazov\u00fd vape pod je ide\u00e1lny pre pou\u017e\u00edvate\u013eov, ktor\u00ed h\u013eadaj\u00fa konzistentn\u00e9 a pr\u00edjemn\u00e9 vapovanie, zais\u0165uje plynul\u00e9 po\u0165ahy a robustn\u00fa chu\u0165. S pokro\u010dilou technol\u00f3giou mesh coil a viacer\u00fdmi mo\u017enos\u0165ami sily nikot\u00ednu je ide\u00e1lny pre t\u00fdch, ktor\u00ed po\u017eaduj\u00fa pohodlie bez kompromisov vo v\u00fdkone.<\/p>\n<p><img decoding=\"async\" class=\"alignnone wp-image-2151\" src=\"http:\/\/vapebulkp.com\/wp-content\/uploads\/2024\/04\/Mandy-WhatsApp-Randm.jpg\" alt=\"Mandy WhatsApp Rande\" width=\"234\" height=\"249\" srcset=\"https:\/\/vapebulkp.com\/wp-content\/uploads\/2024\/04\/Mandy-WhatsApp-Randm.jpg 916w, https:\/\/vapebulkp.com\/wp-content\/uploads\/2024\/04\/Mandy-WhatsApp-Randm-282x300.jpg 282w, https:\/\/vapebulkp.com\/wp-content\/uploads\/2024\/04\/Mandy-WhatsApp-Randm-768x817.jpg 768w, https:\/\/vapebulkp.com\/wp-content\/uploads\/2024\/04\/Mandy-WhatsApp-Randm-600x638.jpg 600w\" sizes=\"(max-width: 234px) 100vw, 234px\" \/><\/p>\n<p>Pre z\u013eavnen\u00fa cenu, kontaktujte pros\u00edm Mandy cez WhatsApp<a href=\"https:\/\/wa.me\/8618077105796\">+8618077105796<\/a><\/p>\n<p><span style=\"color: #ff0000\">POZN\u00c1MKA: Ceny na na\u0161ej webovej str\u00e1nke nezah\u0155\u0148aj\u00fa n\u00e1klady na dopravu<\/span><\/p>\n<p>&nbsp;<\/p>","protected":false},"featured_media":3147,"comment_status":"open","ping_status":"closed","template":"","meta":{"_uag_custom_page_level_css":"","_lmt_disableupdate":"no","_lmt_disable":"","site-sidebar-layout":"default","site-content-layout":"content-boxed-container","ast-site-content-layout":"normal-width-container","site-content-style":"boxed","site-sidebar-style":"unboxed","ast-global-header-display":"","ast-banner-title-visibility":"","ast-main-header-display":"","ast-hfb-above-header-display":"","ast-hfb-below-header-display":"","ast-hfb-mobile-header-display":"","site-post-title":"","ast-breadcrumbs-content":"","ast-featured-img":"","footer-sml-layout":"","theme-transparent-header-meta":"default","adv-header-id-meta":"","stick-header-meta":"","header-above-stick-meta":"","header-main-stick-meta":"","header-below-stick-meta":"","astra-migrate-meta-layouts":"set","_joinchat":[]},"product_cat":[161,153,155,33,59,100,353,34,158,157,154,152,58,84,156,63,32],"product_tag":[36,37,184,41,40],"class_list":["post-3148","product","type-product","status-publish","has-post-thumbnail","hentry","product_cat-25000-puffs-disposable-vape","product_cat-hot-disposable-vapes","product_cat-belgium-hot-disposable-vapes","product_cat-france-vape-hot-sale","product_cat-germany-hot-disposable-vape","product_cat-germany-wholesale-vape-shop","product_cat-jnr-vape","product_cat-netherlands-vape-good-sale","product_cat-norway-hot-disposable-vapes","product_cat-poland-hot-disposable-vapes","product_cat-portugal-hot-disposable-vapes","product_cat-spain-hot-disposable-vapes","product_cat-sweden-hot-disposable-vape","product_cat-sweden-wholesale-vape","product_cat-switzerland-hot-disposable-vapes","product_cat-top-sale-disposable-vape","product_cat-vape-hot-sale-this-week","product_tag-good-vape","product_tag-hot-sale-disposable-vape","product_tag-jnr-mega-box-25000-puffs","product_tag-poland-hot-vape","product_tag-sweden-hot-vape","pa_brand-jnr-vape","desktop-align-left","tablet-align-left","mobile-align-left"],"yoast_head":"<!-- This site is optimized with the Yoast SEO plugin v21.1 - https:\/\/yoast.com\/wordpress\/plugins\/seo\/ -->\n<title>JNR Vape Mega Box 25000 Puff Discount Price Vape Pods - vapebulkp.com % %<\/title>\n<meta name=\"description\" content=\"Buy the JNR Vape Mega Box 25000 Puff, a high-capacity disposable vape with 30ml e-liquid and rechargeable battery. Fast EU shipping \u2014 order your 25000 Puff Vape Pod today!\" \/>\n<meta name=\"robots\" content=\"index, follow, max-snippet:-1, max-image-preview:large, max-video-preview:-1\" \/>\n<link rel=\"canonical\" href=\"https:\/\/vapebulkp.com\/sk\/produkt\/jnr-vape-mega-box-25000-puff-discount-price-vape-pods\/\" \/>\n<meta property=\"og:locale\" content=\"sk_SK\" \/>\n<meta property=\"og:type\" content=\"article\" \/>\n<meta property=\"og:title\" content=\"JNR Vape Mega Box 25000 Puff Discount Price Vape Pods - vapebulkp.com % %\" \/>\n<meta property=\"og:description\" content=\"Buy the JNR Vape Mega Box 25000 Puff, a high-capacity disposable vape with 30ml e-liquid and rechargeable battery. Fast EU shipping \u2014 order your 25000 Puff Vape Pod today!\" \/>\n<meta property=\"og:url\" content=\"https:\/\/vapebulkp.com\/sk\/produkt\/jnr-vape-mega-box-25000-puff-discount-price-vape-pods\/\" \/>\n<meta property=\"og:site_name\" content=\"vapebulkp.com\" \/>\n<meta property=\"article:modified_time\" content=\"2025-09-24T03:50:41+00:00\" \/>\n<meta property=\"og:image\" content=\"http:\/\/vapebulkp.com\/wp-content\/uploads\/2024\/11\/JNR-Mega-Box-25000-puffs-Hot-Sale-Vape.jpg\" \/>\n\t<meta property=\"og:image:width\" content=\"800\" \/>\n\t<meta property=\"og:image:height\" content=\"800\" \/>\n\t<meta property=\"og:image:type\" content=\"image\/jpeg\" \/>\n<meta name=\"twitter:card\" content=\"summary_large_image\" \/>\n<meta name=\"twitter:label1\" content=\"Predpokladan\u00fd \u010das \u010d\u00edtania\" \/>\n\t<meta name=\"twitter:data1\" content=\"4 min\u00faty\" \/>\n<script type=\"application\/ld+json\" class=\"yoast-schema-graph\">{\"@context\":\"https:\/\/schema.org\",\"@graph\":[{\"@type\":\"WebPage\",\"@id\":\"https:\/\/vapebulkp.com\/product\/jnr-vape-mega-box-25000-puff-discount-price-vape-pods\/\",\"url\":\"https:\/\/vapebulkp.com\/product\/jnr-vape-mega-box-25000-puff-discount-price-vape-pods\/\",\"name\":\"JNR Vape Mega Box 25000 Puff Discount Price Vape Pods - vapebulkp.com % %\",\"isPartOf\":{\"@id\":\"https:\/\/vapebulkp.com\/#website\"},\"datePublished\":\"2024-11-25T08:29:17+00:00\",\"dateModified\":\"2025-09-24T03:50:41+00:00\",\"description\":\"Buy the JNR Vape Mega Box 25000 Puff, a high-capacity disposable vape with 30ml e-liquid and rechargeable battery. Fast EU shipping \u2014 order your 25000 Puff Vape Pod today!\",\"breadcrumb\":{\"@id\":\"https:\/\/vapebulkp.com\/product\/jnr-vape-mega-box-25000-puff-discount-price-vape-pods\/#breadcrumb\"},\"inLanguage\":\"sk-SK\",\"potentialAction\":[{\"@type\":\"ReadAction\",\"target\":[\"https:\/\/vapebulkp.com\/product\/jnr-vape-mega-box-25000-puff-discount-price-vape-pods\/\"]}]},{\"@type\":\"BreadcrumbList\",\"@id\":\"https:\/\/vapebulkp.com\/product\/jnr-vape-mega-box-25000-puff-discount-price-vape-pods\/#breadcrumb\",\"itemListElement\":[{\"@type\":\"ListItem\",\"position\":1,\"name\":\"Home\",\"item\":\"https:\/\/vapebulkp.com\/\"},{\"@type\":\"ListItem\",\"position\":2,\"name\":\"Hot Trend Vapes\",\"item\":\"https:\/\/vapebulkp.com\/vape-shop\/\"},{\"@type\":\"ListItem\",\"position\":3,\"name\":\"JNR Vape Mega Box 25000 Puff Discount Price Vape Pods\"}]},{\"@type\":\"WebSite\",\"@id\":\"https:\/\/vapebulkp.com\/#website\",\"url\":\"https:\/\/vapebulkp.com\/\",\"name\":\"vapebulkp.com\",\"description\":\"Buy Vape In Cheap Bulk Price Near you\",\"publisher\":{\"@id\":\"https:\/\/vapebulkp.com\/#organization\"},\"potentialAction\":[{\"@type\":\"SearchAction\",\"target\":{\"@type\":\"EntryPoint\",\"urlTemplate\":\"https:\/\/vapebulkp.com\/?s={search_term_string}\"},\"query-input\":\"required name=search_term_string\"}],\"inLanguage\":\"sk-SK\"},{\"@type\":\"Organization\",\"@id\":\"https:\/\/vapebulkp.com\/#organization\",\"name\":\"vapebulkp.com\",\"url\":\"https:\/\/vapebulkp.com\/\",\"logo\":{\"@type\":\"ImageObject\",\"inLanguage\":\"sk-SK\",\"@id\":\"https:\/\/vapebulkp.com\/#\/schema\/logo\/image\/\",\"url\":\"https:\/\/vapebulkp.com\/wp-content\/uploads\/2023\/09\/cropped-vapebulkp.png\",\"contentUrl\":\"https:\/\/vapebulkp.com\/wp-content\/uploads\/2023\/09\/cropped-vapebulkp.png\",\"width\":516,\"height\":163,\"caption\":\"vapebulkp.com\"},\"image\":{\"@id\":\"https:\/\/vapebulkp.com\/#\/schema\/logo\/image\/\"}}]}<\/script>\n<!-- \/ Yoast SEO plugin. -->","yoast_head_json":{"title":"JNR Vape Mega Box 25000 Puff Discount Price Vape Pods - vapebulkp.com % %","description":"Buy the JNR Vape Mega Box 25000 Puff, a high-capacity disposable vape with 30ml e-liquid and rechargeable battery. Fast EU shipping \u2014 order your 25000 Puff Vape Pod today!","robots":{"index":"index","follow":"follow","max-snippet":"max-snippet:-1","max-image-preview":"max-image-preview:large","max-video-preview":"max-video-preview:-1"},"canonical":"https:\/\/vapebulkp.com\/sk\/produkt\/jnr-vape-mega-box-25000-puff-discount-price-vape-pods\/","og_locale":"sk_SK","og_type":"article","og_title":"JNR Vape Mega Box 25000 Puff Discount Price Vape Pods - vapebulkp.com % %","og_description":"Buy the JNR Vape Mega Box 25000 Puff, a high-capacity disposable vape with 30ml e-liquid and rechargeable battery. Fast EU shipping \u2014 order your 25000 Puff Vape Pod today!","og_url":"https:\/\/vapebulkp.com\/sk\/produkt\/jnr-vape-mega-box-25000-puff-discount-price-vape-pods\/","og_site_name":"vapebulkp.com","article_modified_time":"2025-09-24T03:50:41+00:00","og_image":[{"width":800,"height":800,"url":"http:\/\/vapebulkp.com\/wp-content\/uploads\/2024\/11\/JNR-Mega-Box-25000-puffs-Hot-Sale-Vape.jpg","type":"image\/jpeg"}],"twitter_card":"summary_large_image","twitter_misc":{"Predpokladan\u00fd \u010das \u010d\u00edtania":"4 min\u00faty"},"schema":{"@context":"https:\/\/schema.org","@graph":[{"@type":"WebPage","@id":"https:\/\/vapebulkp.com\/product\/jnr-vape-mega-box-25000-puff-discount-price-vape-pods\/","url":"https:\/\/vapebulkp.com\/product\/jnr-vape-mega-box-25000-puff-discount-price-vape-pods\/","name":"JNR Vape Mega Box 25000 Puff Discount Price Vape Pods - vapebulkp.com % %","isPartOf":{"@id":"https:\/\/vapebulkp.com\/#website"},"datePublished":"2024-11-25T08:29:17+00:00","dateModified":"2025-09-24T03:50:41+00:00","description":"Buy the JNR Vape Mega Box 25000 Puff, a high-capacity disposable vape with 30ml e-liquid and rechargeable battery. Fast EU shipping \u2014 order your 25000 Puff Vape Pod today!","breadcrumb":{"@id":"https:\/\/vapebulkp.com\/product\/jnr-vape-mega-box-25000-puff-discount-price-vape-pods\/#breadcrumb"},"inLanguage":"sk-SK","potentialAction":[{"@type":"ReadAction","target":["https:\/\/vapebulkp.com\/product\/jnr-vape-mega-box-25000-puff-discount-price-vape-pods\/"]}]},{"@type":"BreadcrumbList","@id":"https:\/\/vapebulkp.com\/product\/jnr-vape-mega-box-25000-puff-discount-price-vape-pods\/#breadcrumb","itemListElement":[{"@type":"ListItem","position":1,"name":"Home","item":"https:\/\/vapebulkp.com\/"},{"@type":"ListItem","position":2,"name":"Hot Trend Vapes","item":"https:\/\/vapebulkp.com\/vape-shop\/"},{"@type":"ListItem","position":3,"name":"JNR Vape Mega Box 25000 Puff Discount Price Vape Pods"}]},{"@type":"WebSite","@id":"https:\/\/vapebulkp.com\/#website","url":"https:\/\/vapebulkp.com\/","name":"vapebulkp.com","description":"Buy Vape In Cheap Bulk Price Near you","publisher":{"@id":"https:\/\/vapebulkp.com\/#organization"},"potentialAction":[{"@type":"SearchAction","target":{"@type":"EntryPoint","urlTemplate":"https:\/\/vapebulkp.com\/?s={search_term_string}"},"query-input":"required name=search_term_string"}],"inLanguage":"sk-SK"},{"@type":"Organization","@id":"https:\/\/vapebulkp.com\/#organization","name":"vapebulkp.com","url":"https:\/\/vapebulkp.com\/","logo":{"@type":"ImageObject","inLanguage":"sk-SK","@id":"https:\/\/vapebulkp.com\/#\/schema\/logo\/image\/","url":"https:\/\/vapebulkp.com\/wp-content\/uploads\/2023\/09\/cropped-vapebulkp.png","contentUrl":"https:\/\/vapebulkp.com\/wp-content\/uploads\/2023\/09\/cropped-vapebulkp.png","width":516,"height":163,"caption":"vapebulkp.com"},"image":{"@id":"https:\/\/vapebulkp.com\/#\/schema\/logo\/image\/"}}]}},"uagb_featured_image_src":{"full":["https:\/\/vapebulkp.com\/wp-content\/uploads\/2024\/11\/JNR-Mega-Box-25000-puffs-Hot-Sale-Vape.jpg",800,800,false],"thumbnail":["https:\/\/vapebulkp.com\/wp-content\/uploads\/2024\/11\/JNR-Mega-Box-25000-puffs-Hot-Sale-Vape-150x150.jpg",150,150,true],"medium":["https:\/\/vapebulkp.com\/wp-content\/uploads\/2024\/11\/JNR-Mega-Box-25000-puffs-Hot-Sale-Vape-300x300.jpg",300,300,true],"medium_large":["https:\/\/vapebulkp.com\/wp-content\/uploads\/2024\/11\/JNR-Mega-Box-25000-puffs-Hot-Sale-Vape-768x768.jpg",768,768,true],"large":["https:\/\/vapebulkp.com\/wp-content\/uploads\/2024\/11\/JNR-Mega-Box-25000-puffs-Hot-Sale-Vape.jpg",800,800,false],"1536x1536":["https:\/\/vapebulkp.com\/wp-content\/uploads\/2024\/11\/JNR-Mega-Box-25000-puffs-Hot-Sale-Vape.jpg",800,800,false],"2048x2048":["https:\/\/vapebulkp.com\/wp-content\/uploads\/2024\/11\/JNR-Mega-Box-25000-puffs-Hot-Sale-Vape.jpg",800,800,false],"trp-custom-language-flag":["https:\/\/vapebulkp.com\/wp-content\/uploads\/2024\/11\/JNR-Mega-Box-25000-puffs-Hot-Sale-Vape.jpg",12,12,false],"woocommerce_thumbnail":["https:\/\/vapebulkp.com\/wp-content\/uploads\/2024\/11\/JNR-Mega-Box-25000-puffs-Hot-Sale-Vape-300x300.jpg",300,300,true],"woocommerce_single":["https:\/\/vapebulkp.com\/wp-content\/uploads\/2024\/11\/JNR-Mega-Box-25000-puffs-Hot-Sale-Vape-600x600.jpg",600,600,true],"woocommerce_gallery_thumbnail":["https:\/\/vapebulkp.com\/wp-content\/uploads\/2024\/11\/JNR-Mega-Box-25000-puffs-Hot-Sale-Vape-100x100.jpg",100,100,true],"wcpr-photo-reviews":["https:\/\/vapebulkp.com\/wp-content\/uploads\/2024\/11\/JNR-Mega-Box-25000-puffs-Hot-Sale-Vape.jpg",500,500,false]},"uagb_author_info":{"display_name":"Mandy vape bulk price","author_link":"https:\/\/vapebulkp.com\/sk\/author\/"},"uagb_comment_info":0,"uagb_excerpt":"The JNR Vape Mega Box 25000 Puff offers an exceptional vaping experience with its large 30mL e-liquid capacity, long-lasting 850mAh battery, and impressive 25,000 puffs. Ideal for users who seek consistent and enjoyable vaping, this high-quality disposable vape pod ensures smooth hits and robust flavor. With advanced mesh coil technology and multiple nicotine strength options,&hellip;","_links":{"self":[{"href":"https:\/\/vapebulkp.com\/sk\/wp-json\/wp\/v2\/product\/3148","targetHints":{"allow":["GET"]}}],"collection":[{"href":"https:\/\/vapebulkp.com\/sk\/wp-json\/wp\/v2\/product"}],"about":[{"href":"https:\/\/vapebulkp.com\/sk\/wp-json\/wp\/v2\/types\/product"}],"replies":[{"embeddable":true,"href":"https:\/\/vapebulkp.com\/sk\/wp-json\/wp\/v2\/comments?post=3148"}],"wp:featuredmedia":[{"embeddable":true,"href":"https:\/\/vapebulkp.com\/sk\/wp-json\/wp\/v2\/media\/3147"}],"wp:attachment":[{"href":"https:\/\/vapebulkp.com\/sk\/wp-json\/wp\/v2\/media?parent=3148"}],"wp:term":[{"taxonomy":"product_cat","embeddable":true,"href":"https:\/\/vapebulkp.com\/sk\/wp-json\/wp\/v2\/product_cat?post=3148"},{"taxonomy":"product_tag","embeddable":true,"href":"https:\/\/vapebulkp.com\/sk\/wp-json\/wp\/v2\/product_tag?post=3148"}],"curies":[{"name":"wp","href":"https:\/\/api.w.org\/{rel}","templated":true}]}}