{"id":3180,"date":"2024-11-28T10:13:37","date_gmt":"2024-11-28T09:13:37","guid":{"rendered":"https:\/\/vapebulkp.com\/?post_type=product&#038;p=3180"},"modified":"2025-09-24T05:38:14","modified_gmt":"2025-09-24T03:38:14","slug":"jnr-vape-watch-18-30k-puffs-2-nic-wholesale-price-disposable-vape","status":"publish","type":"product","link":"https:\/\/vapebulkp.com\/sk\/product\/jnr-vape-watch-18-30k-puffs-2-nic-wholesale-price-disposable-vape\/","title":{"rendered":"JNR Vape Watch 18\/30K potiahnut\u00ed 2% Nic Ve\u013ekoobchodn\u00e1 cena Jednorazov\u00fd Vape"},"content":{"rendered":"<h1 style=\"text-align: left\">JNR Vape Watch 18\/30K potiahnut\u00ed 2% Nic Ve\u013ekoobchodn\u00e1 cena Jednorazov\u00fd Vape<\/h1>\n<p>Z\u00edskajte JNR Vape Watch, modern\u00fd jednorazov\u00fd vape ur\u010den\u00fd pre dlhodob\u00e9 pou\u017e\u00edvanie a vynikaj\u00facu chu\u0165. S mo\u017enos\u0165ami na <b>18 000 alebo 30 000 potiahnut\u00ed<\/b>, toto zariadenie je navrhnut\u00e9 pre odolnos\u0165 a dlhotrvaj\u00faci v\u00fdkon. Je <b>JNR Vape Watch 18\/30K potiahnut\u00ed<\/b> predplnen\u00e9 19 ml pr\u00e9miov\u00e9ho e-liquidu, ktor\u00fd poskytuje jemn\u00fd a uspokojiv\u00fd z\u00e1\u017eitok pri ka\u017edom potiahnut\u00ed.<\/p>\n<p>Toto inovat\u00edvne zariadenie poh\u00e1\u0148a <b>1000mAh nab\u00edjate\u013en\u00fa bat\u00e9riu<\/b> s pohodln\u00fdm r\u00fdchlym nab\u00edjac\u00edm portom typu C. Pokro\u010dil\u00e1 technol\u00f3gia mesh coil vytv\u00e1ra bohat\u00fa, hust\u00fa paru a intenz\u00edvnu chu\u0165, ide\u00e1lnu pre nov\u00fdch aj sk\u00fasen\u00fdch vaperov. Jeho elegantn\u00fd dizajn in\u0161pirovan\u00fd hodinkami rob\u00ed z neho <a href=\"https:\/\/vapebulkp.com\/sk\/product-category\/30000-puff-disposable-vape\/\"><b>Jednorazov\u00e9 vape pero s 30 000 \u0161lukmi<\/b><\/a> diskr\u00e9tny a \u0161t\u00fdlov\u00fd doplnok.<\/p>\n<p>Pon\u00fakame ve\u013ekoobchodn\u00e9 ceny na <b>JNR Vape Hodinky<\/b>, \u010do z neho rob\u00ed inteligentn\u00fa vo\u013ebu pre distrib\u00fatorov v celej Eur\u00f3pe, ktor\u00ed h\u013eadaj\u00fa vysokokvalitn\u00e9 <strong>vape s vysokou kapacitou<\/strong>. Je to ide\u00e1lny produkt na uspokojenie dopytu n\u00e1ro\u010dn\u00fdch mu\u017esk\u00fdch spotrebite\u013eov vo veku 25-35 rokov.<\/p>\n<h6>Pre z\u013eavnen\u00fa cenu, kontaktujte pros\u00edm Mandy cez WhatsApp<a href=\"https:\/\/wa.me\/8618077105796\">+8618077105796<\/a><\/h6>\n<p><img decoding=\"async\" class=\"alignnone wp-image-2151\" src=\"http:\/\/vapebulkp.com\/wp-content\/uploads\/2024\/04\/Mandy-WhatsApp-Randm.jpg\" alt=\"Mandy WhatsApp Randm\" width=\"287\" height=\"305\" srcset=\"https:\/\/vapebulkp.com\/wp-content\/uploads\/2024\/04\/Mandy-WhatsApp-Randm.jpg 916w, https:\/\/vapebulkp.com\/wp-content\/uploads\/2024\/04\/Mandy-WhatsApp-Randm-282x300.jpg 282w, https:\/\/vapebulkp.com\/wp-content\/uploads\/2024\/04\/Mandy-WhatsApp-Randm-768x817.jpg 768w, https:\/\/vapebulkp.com\/wp-content\/uploads\/2024\/04\/Mandy-WhatsApp-Randm-600x638.jpg 600w\" sizes=\"(max-width: 287px) 100vw, 287px\" \/><\/p>\n<h2><strong>Pre\u010do si vybra\u0165 JNR Watch 18K\/30k Puffs Vape z Vapebulkp.com?<\/strong><\/h2>\n<ul>\n<li><strong>Bezkonkuren\u010dn\u00e1 kvalita<\/strong>: A\u017e <strong>30 000 potiahnut\u00ed<\/strong> s pokro\u010dilou <strong>technol\u00f3giou mesh coil<\/strong> pre hladk\u00e9, chutn\u00e9 \u0165ahy.<\/li>\n<li><strong>Exkluz\u00edvna pr\u00edchu\u0165 Miami Mint<\/strong>: Svie\u017ea, chladiv\u00e1 a dokonale vyv\u00e1\u017een\u00e1 pre osvie\u017euj\u00faci z\u00e1\u017eitok z vapovania.<\/li>\n<li><strong>Dob\u00edjate\u013en\u00e9 a praktick\u00e9<\/strong>: <strong>bat\u00e9ria s kapacitou 1000 mAh<\/strong> s <strong>R\u00fdchle nab\u00edjanie typu C<\/strong> pre nepretr\u017eit\u00e9 pou\u017e\u00edvanie.<\/li>\n<li><strong>\u0160t\u00fdlov\u00fd dizajn<\/strong>: Elegantn\u00fd vzh\u013ead in\u0161pirovan\u00fd hodinkami pre \u0161t\u00fdl a prenosnos\u0165.<\/li>\n<li><strong>D\u00f4veryhodn\u00fd predajca<\/strong>: Vapebulkp.com pon\u00faka konkurencieschopn\u00e9 ceny a spo\u013eahliv\u00fd z\u00e1kazn\u00edcky servis.<\/li>\n<\/ul>\n<p>&nbsp;<\/p>\n<div class=\"mb-2 flex gap-3 empty:hidden -ml-2\">\n<div class=\"items-center justify-start rounded-xl p-1 flex\">\n<h2>K\u013e\u00fa\u010dov\u00e9 vlastnosti produktu <strong>JNR Hodinky 18K\/30K Pufov<\/strong> :<\/h2>\n<ul>\n<li><strong>\u0160tedr\u00fd po\u010det \u0165ahov<\/strong>: A\u017e <strong>30 000 potiahnut\u00ed<\/strong>, ide\u00e1lny na dlhodob\u00e9 pou\u017e\u00edvanie.<\/li>\n<li><strong>Kapacita pr\u00e9miov\u00e9ho e-liquidu<\/strong>: <strong>19 ml<\/strong>, zabezpe\u010duje konzistentn\u00fa chu\u0165 od prv\u00e9ho a\u017e po posledn\u00fd \u0165ah.<\/li>\n<li><strong>\u0160pi\u010dkov\u00e1 mesh cievka<\/strong>: Zaru\u010duje jemnej\u0161ie \u0165ahy, bohat\u00fa chu\u0165 a spo\u013eahliv\u00fd v\u00fdkon.<\/li>\n<li><strong>\u0160t\u00fdlov\u00fd a diskr\u00e9tny dizajn<\/strong>: Tvar in\u0161pirovan\u00fd hodinkami ho rob\u00ed ide\u00e1lnym na cesty a je bez n\u00e1mahy elegantn\u00fd.<\/li>\n<li><strong>Efekt\u00edvne nab\u00edjanie<\/strong>: <strong>bat\u00e9ria s kapacitou 1000 mAh<\/strong> s <strong>Typ-C port<\/strong> pre r\u00fdchle a spo\u013eahliv\u00e9 nab\u00edjanie.<\/li>\n<\/ul>\n<\/div>\n<\/div>\n<h3>JNR Vape Watch 18\/30K potiahnut\u00ed <strong>Zoznam pr\u00edchut\u00ed:<\/strong><\/h3>\n<p>1. Modr\u00e1 malinov\u00e1 \u013eadov\u00e1<br \/>\n2. Jahodov\u00e1 \u013eadov\u00e1<br \/>\n3.Vodn\u00fd mel\u00f3n \u013ead<br \/>\n4. Miami Mint<br \/>\n5.Jahoda Ban\u00e1n<br \/>\n6.Trojit\u00e9 bobule<br \/>\n7.Kysl\u00e9 jablko \u013dad<br \/>\n8.\u010cu\u010doriedkov\u00fd mel\u00f3n<br \/>\n9.Brosky\u0148a Georgia<br \/>\n10.Pomaran\u010dov\u00e9 mango<\/p>\n<p><a href=\"https:\/\/vapebulkp.com\/sk\/product\/jnr-media-max-40000-puffs-high-capacity-1000mah-disposable-vape\/\"><span style=\"vertical-align: inherit\">JNR MEDIA MAX 40000 \u0165ahov <\/span><\/a><\/p>\n<p><span style=\"vertical-align: inherit\">N\u00e1jdite viac produktov, ktor\u00e9 by sa v\u00e1m mohli p\u00e1\u010di\u0165:<\/span><em><a href=\"https:\/\/wa.me\/8618077105796\"><span style=\"vertical-align: inherit\">\u00a0K\u00fapi\u0165<\/span><\/a><\/em><\/p>\n<p><span style=\"vertical-align: inherit\">\u010eal\u0161ie Puffs, ktor\u00e9 by sa v\u00e1m mohli p\u00e1\u010di\u0165:<\/span><a href=\"https:\/\/vapebulkp.com\/sk\/product\/uzy-bang-king-12k-disposable-vape-affordable-price\/\"><span style=\"vertical-align: inherit\">UZY Bang King 12000 Puffs<\/span><\/a><span style=\"vertical-align: inherit\">\u3001<\/span><a href=\"https:\/\/vapebulkp.com\/sk\/product\/wholesale-randm-tornado-9000-puffs-germany\/\"><span style=\"vertical-align: inherit\">RandM 9000 \u0165ahov<\/span><\/a><span style=\"vertical-align: inherit\">\/ <\/span><a href=\"https:\/\/vapebulkp.com\/sk\/product\/bang-king-12000puffs\/\"><span style=\"vertical-align: inherit\">Bang King 12000 \u0165ahov<\/span><\/a><span style=\"vertical-align: inherit\">\/ <\/span><a href=\"https:\/\/vapebulkp.com\/sk\/product\/vapme-crystal-disposable-vape-20000-puffs-big-smok-2-nicotine\/\"><span style=\"vertical-align: inherit\">Vapme Crystal 20k \u0165ahov<\/span><\/a><\/p>\n<p><span style=\"vertical-align: inherit\">E-cigareta so \u0161peci\u00e1lnym tvarom f\u013ea\u0161e:<\/span><a href=\"https:\/\/vapebulkp.com\/sk\/product\/randm-fumot-tornado-30k-puffs-rechargeable-vapes-best-sale\/\"><span style=\"vertical-align: inherit\"> Fumot Tornado 30000 \u0165ahov<\/span><\/a><span style=\"vertical-align: inherit\">\/ <\/span><a href=\"https:\/\/vapebulkp.com\/sk\/product\/jnr-alien-10000-puffs-randm-vape-wholesale-price\/\"><span style=\"vertical-align: inherit\">\u00a0JNR Alien 10000 \u0165ahov <\/span><\/a><span style=\"vertical-align: inherit\">\/<\/span><a href=\"https:\/\/vapebulkp.com\/sk\/product\/wga-crystal-plus-16000-puffs-led-light-disposable-vape\/\"><span style=\"vertical-align: inherit\"> WGA Crystal 16000 potiahnut\u00ed<\/span><\/a><\/p>\n<p>&nbsp;<\/p>\n<h4><strong>\u010cast\u00e9 ot\u00e1zky o JNR Vape Watch 18K\/30K Puffs:<\/strong><\/h4>\n<p><strong>1. Ko\u013eko \u0165ahov poskytuje JNR Vape Watch?<\/strong><br \/>\nJNR Vape Watch pon\u00faka a\u017e <strong>18 000 a 30 000 \u0165ahov<\/strong>v z\u00e1vislosti od modelu, v\u010faka \u010domu je ide\u00e1lny na dlhodob\u00e9 pou\u017e\u00edvanie.<\/p>\n<p><strong>2. Ak\u00e1 je kapacita e-liquidu v jednorazovom vape JNR Vape Watch 18k\/30k puff?<\/strong><br \/>\nKa\u017ed\u00fd JNR Vape Watch je vopred naplnen\u00fd <strong>19 ml pr\u00e9miov\u00e9ho e-liquidu<\/strong>, \u010do zais\u0165uje konzistentn\u00fa chu\u0165 a hladk\u00fa paru po cel\u00fa dobu jeho \u017eivotnosti.<\/p>\n<p><strong>3. Je bat\u00e9ria JNR VAPE 30000 \u0165ahov nab\u00edjate\u013en\u00e1?<\/strong><br \/>\n\u00c1no, dod\u00e1va sa s <strong>1000mAh nab\u00edjate\u013en\u00fa bat\u00e9riu<\/strong> a podporuje <strong>R\u00fdchle nab\u00edjanie typu C<\/strong>, tak\u017ee ho m\u00f4\u017eete v pr\u00edpade potreby pohodlne nabi\u0165.<\/p>\n<p><strong>4. Ak\u00e9 pr\u00edchute s\u00fa dostupn\u00e9 pre JNR Vape Watch 30000 \u0165ahov?<\/strong><br \/>\nV\u00fdnimo\u010dnou pr\u00edchu\u0165ou je <strong>Miami m\u00e4ta<\/strong>, ktor\u00e1 prin\u00e1\u0161a svie\u017eu, osvie\u017euj\u00facu chu\u0165 s dokonalou rovnov\u00e1hou chladu a jemnej sladkosti.<\/p>\n<p><strong>5. Je JNR Vape Watch 30k Puffs Hot Vape \u013eahko prenosn\u00fd?<\/strong><br \/>\nUr\u010dite! Jeho <strong>elegantn\u00fd dizajn in\u0161pirovan\u00fd hodinkami<\/strong> je \u0161t\u00fdlov\u00fd a z\u00e1rove\u0148 prenosn\u00fd, v\u010faka \u010domu je ide\u00e1lny na vapovanie na cest\u00e1ch.<\/p>\n<h4>Detail dopravy:<\/h4>\n<p><span style=\"color: #ff6600\">\u010cas v\u00fdroby: 5-10 pracovn\u00fdch dn\u00ed<\/span><br \/>\n<span style=\"color: #ff6600\">\u010cas dodania: 8-14 pracovn\u00fdch dn\u00ed<\/span><\/p>\n<p>V\u0161etky produkty v na\u0161om obchode s\u00fa 100 % origin\u00e1lne a autentick\u00e9, preto desa\u0165n\u00e1sobn\u00e1 kompenz\u00e1cia za falo\u0161n\u00fd tovar je na\u0161ou obchodnou politikou. Na doru\u010denie tovaru v\u00e1m pou\u017e\u00edvame logistick\u00e9 kan\u00e1ly ako UPS\/DHL\/FEDEX\/DPD.<\/p>\n<p>Pre z\u00e1sielky doru\u010dovan\u00e9 na Slovensko to zvy\u010dajne trv\u00e1 10 pracovn\u00fdch dn\u00ed. Z\u00e1sielky do eur\u00f3pskych kraj\u00edn zvy\u010dajne dorazia za 12 a\u017e 15 pracovn\u00fdch dn\u00ed. Inform\u00e1cie o logistike v\u00e1m budeme aktualizova\u0165 v re\u00e1lnom \u010dase.<\/p>","protected":false},"excerpt":{"rendered":"<p><strong>JNR Vape Watch 18K\/30K Puffs Jednorazov\u00fd Vape<\/strong> pon\u00faka a\u017e <strong>30 000 potiahnut\u00ed<\/strong>, s obsahom <strong>19 ml pr\u00e9miov\u00e9ho e-liquidu<\/strong>, a <strong>1000mAh nab\u00edjate\u013en\u00fa bat\u00e9riu<\/strong>, a <strong>technol\u00f3giou mesh coil<\/strong> pre bohat\u00fa chu\u0165 a jemn\u00fa paru. Jeho pr\u00edchu\u0165 <strong>Miami Mint<\/strong> pon\u00faka svie\u017eu a osvie\u017euj\u00facu chu\u0165, zatia\u013e \u010do elegantn\u00fd dizajn in\u0161pirovan\u00fd hodinkami zais\u0165uje prenosnos\u0165 a \u0161t\u00fdl.<\/p>\n<p><img decoding=\"async\" class=\"alignnone wp-image-2151\" src=\"http:\/\/vapebulkp.com\/wp-content\/uploads\/2024\/04\/Mandy-WhatsApp-Randm.jpg\" alt=\"Mandy WhatsApp Randm\" width=\"234\" height=\"249\" srcset=\"https:\/\/vapebulkp.com\/wp-content\/uploads\/2024\/04\/Mandy-WhatsApp-Randm.jpg 916w, https:\/\/vapebulkp.com\/wp-content\/uploads\/2024\/04\/Mandy-WhatsApp-Randm-282x300.jpg 282w, https:\/\/vapebulkp.com\/wp-content\/uploads\/2024\/04\/Mandy-WhatsApp-Randm-768x817.jpg 768w, https:\/\/vapebulkp.com\/wp-content\/uploads\/2024\/04\/Mandy-WhatsApp-Randm-600x638.jpg 600w\" sizes=\"(max-width: 234px) 100vw, 234px\" \/><\/p>\n<p>Pre z\u013eavnen\u00fa cenu, kontaktujte pros\u00edm Mandy cez WhatsApp<a href=\"https:\/\/wa.me\/8618077105796\">+8618077105796<\/a><\/p>\n<p><span style=\"color: #ff0000\">POZN\u00c1MKA: Ceny na na\u0161ej webovej str\u00e1nke nezah\u0155\u0148aj\u00fa n\u00e1klady na dopravu<\/span><\/p>\n<p>&nbsp;<\/p>","protected":false},"featured_media":3170,"comment_status":"open","ping_status":"closed","template":"","meta":{"_uag_custom_page_level_css":"","_lmt_disableupdate":"no","_lmt_disable":"","site-sidebar-layout":"default","site-content-layout":"content-boxed-container","ast-site-content-layout":"normal-width-container","site-content-style":"boxed","site-sidebar-style":"unboxed","ast-global-header-display":"","ast-banner-title-visibility":"","ast-main-header-display":"","ast-hfb-above-header-display":"","ast-hfb-below-header-display":"","ast-hfb-mobile-header-display":"","site-post-title":"","ast-breadcrumbs-content":"","ast-featured-img":"","footer-sml-layout":"","theme-transparent-header-meta":"default","adv-header-id-meta":"","stick-header-meta":"","header-above-stick-meta":"","header-main-stick-meta":"","header-below-stick-meta":"","astra-migrate-meta-layouts":"set","_joinchat":[]},"product_cat":[160,153,155,33,59,100,353,34,158,157,154,152,58,84,156,63,32],"product_tag":[36,37,186,41,40],"class_list":["post-3180","product","type-product","status-publish","has-post-thumbnail","hentry","product_cat-30000-puff-disposable-vape","product_cat-hot-disposable-vapes","product_cat-belgium-hot-disposable-vapes","product_cat-france-vape-hot-sale","product_cat-germany-hot-disposable-vape","product_cat-germany-wholesale-vape-shop","product_cat-jnr-vape","product_cat-netherlands-vape-good-sale","product_cat-norway-hot-disposable-vapes","product_cat-poland-hot-disposable-vapes","product_cat-portugal-hot-disposable-vapes","product_cat-spain-hot-disposable-vapes","product_cat-sweden-hot-disposable-vape","product_cat-sweden-wholesale-vape","product_cat-switzerland-hot-disposable-vapes","product_cat-top-sale-disposable-vape","product_cat-vape-hot-sale-this-week","product_tag-good-vape","product_tag-hot-sale-disposable-vape","product_tag-jnr-vape-watch-18-30k-puffs","product_tag-poland-hot-vape","product_tag-sweden-hot-vape","pa_brand-jnr-vape","desktop-align-left","tablet-align-left","mobile-align-left"],"yoast_head":"<!-- This site is optimized with the Yoast SEO plugin v21.1 - https:\/\/yoast.com\/wordpress\/plugins\/seo\/ -->\n<title>JNR Vape Watch 18\/30K Puffs 2% Nic Wholesale Price Disposable Vape - vapebulkp.com % %<\/title>\n<meta name=\"description\" content=\"Buy the JNR Vape Watch 18\/30K Puffs at wholesale prices. This 30000 Puffs Disposable Vape features a 1000mAh battery and mesh coil technology. Buy now for your EU vape shop.\" \/>\n<meta name=\"robots\" content=\"index, follow, max-snippet:-1, max-image-preview:large, max-video-preview:-1\" \/>\n<link rel=\"canonical\" href=\"https:\/\/vapebulkp.com\/sk\/product\/jnr-vape-watch-18-30k-puffs-2-nic-wholesale-price-disposable-vape\/\" \/>\n<meta property=\"og:locale\" content=\"sk_SK\" \/>\n<meta property=\"og:type\" content=\"article\" \/>\n<meta property=\"og:title\" content=\"JNR Vape Watch 18\/30K Puffs 2% Nic Wholesale Price Disposable Vape - vapebulkp.com % %\" \/>\n<meta property=\"og:description\" content=\"Buy the JNR Vape Watch 18\/30K Puffs at wholesale prices. This 30000 Puffs Disposable Vape features a 1000mAh battery and mesh coil technology. Buy now for your EU vape shop.\" \/>\n<meta property=\"og:url\" content=\"https:\/\/vapebulkp.com\/sk\/product\/jnr-vape-watch-18-30k-puffs-2-nic-wholesale-price-disposable-vape\/\" \/>\n<meta property=\"og:site_name\" content=\"vapebulkp.com\" \/>\n<meta property=\"article:modified_time\" content=\"2025-09-24T03:38:14+00:00\" \/>\n<meta property=\"og:image\" content=\"http:\/\/vapebulkp.com\/wp-content\/uploads\/2024\/11\/JNR-VapeWatch-30k-Puffs-Hot-Sale-Vape-Box.jpg\" \/>\n\t<meta property=\"og:image:width\" content=\"800\" \/>\n\t<meta property=\"og:image:height\" content=\"800\" \/>\n\t<meta property=\"og:image:type\" content=\"image\/jpeg\" \/>\n<meta name=\"twitter:card\" content=\"summary_large_image\" \/>\n<meta name=\"twitter:label1\" content=\"Predpokladan\u00fd \u010das \u010d\u00edtania\" \/>\n\t<meta name=\"twitter:data1\" content=\"3 min\u00faty\" \/>\n<script type=\"application\/ld+json\" class=\"yoast-schema-graph\">{\"@context\":\"https:\/\/schema.org\",\"@graph\":[{\"@type\":\"WebPage\",\"@id\":\"https:\/\/vapebulkp.com\/product\/jnr-vape-watch-18-30k-puffs-2-nic-wholesale-price-disposable-vape\/\",\"url\":\"https:\/\/vapebulkp.com\/product\/jnr-vape-watch-18-30k-puffs-2-nic-wholesale-price-disposable-vape\/\",\"name\":\"JNR Vape Watch 18\/30K Puffs 2% Nic Wholesale Price Disposable Vape - vapebulkp.com % %\",\"isPartOf\":{\"@id\":\"https:\/\/vapebulkp.com\/#website\"},\"datePublished\":\"2024-11-28T09:13:37+00:00\",\"dateModified\":\"2025-09-24T03:38:14+00:00\",\"description\":\"Buy the JNR Vape Watch 18\/30K Puffs at wholesale prices. This 30000 Puffs Disposable Vape features a 1000mAh battery and mesh coil technology. Buy now for your EU vape shop.\",\"breadcrumb\":{\"@id\":\"https:\/\/vapebulkp.com\/product\/jnr-vape-watch-18-30k-puffs-2-nic-wholesale-price-disposable-vape\/#breadcrumb\"},\"inLanguage\":\"sk-SK\",\"potentialAction\":[{\"@type\":\"ReadAction\",\"target\":[\"https:\/\/vapebulkp.com\/product\/jnr-vape-watch-18-30k-puffs-2-nic-wholesale-price-disposable-vape\/\"]}]},{\"@type\":\"BreadcrumbList\",\"@id\":\"https:\/\/vapebulkp.com\/product\/jnr-vape-watch-18-30k-puffs-2-nic-wholesale-price-disposable-vape\/#breadcrumb\",\"itemListElement\":[{\"@type\":\"ListItem\",\"position\":1,\"name\":\"Home\",\"item\":\"https:\/\/vapebulkp.com\/\"},{\"@type\":\"ListItem\",\"position\":2,\"name\":\"Hot Trend Vapes\",\"item\":\"https:\/\/vapebulkp.com\/vape-shop\/\"},{\"@type\":\"ListItem\",\"position\":3,\"name\":\"JNR Vape Watch 18\/30K Puffs 2% Nic Wholesale Price Disposable Vape\"}]},{\"@type\":\"WebSite\",\"@id\":\"https:\/\/vapebulkp.com\/#website\",\"url\":\"https:\/\/vapebulkp.com\/\",\"name\":\"vapebulkp.com\",\"description\":\"Buy Vape In Cheap Bulk Price Near you\",\"publisher\":{\"@id\":\"https:\/\/vapebulkp.com\/#organization\"},\"potentialAction\":[{\"@type\":\"SearchAction\",\"target\":{\"@type\":\"EntryPoint\",\"urlTemplate\":\"https:\/\/vapebulkp.com\/?s={search_term_string}\"},\"query-input\":\"required name=search_term_string\"}],\"inLanguage\":\"sk-SK\"},{\"@type\":\"Organization\",\"@id\":\"https:\/\/vapebulkp.com\/#organization\",\"name\":\"vapebulkp.com\",\"url\":\"https:\/\/vapebulkp.com\/\",\"logo\":{\"@type\":\"ImageObject\",\"inLanguage\":\"sk-SK\",\"@id\":\"https:\/\/vapebulkp.com\/#\/schema\/logo\/image\/\",\"url\":\"https:\/\/vapebulkp.com\/wp-content\/uploads\/2023\/09\/cropped-vapebulkp.png\",\"contentUrl\":\"https:\/\/vapebulkp.com\/wp-content\/uploads\/2023\/09\/cropped-vapebulkp.png\",\"width\":516,\"height\":163,\"caption\":\"vapebulkp.com\"},\"image\":{\"@id\":\"https:\/\/vapebulkp.com\/#\/schema\/logo\/image\/\"}}]}<\/script>\n<!-- \/ Yoast SEO plugin. -->","yoast_head_json":{"title":"JNR Vape Watch 18\/30K Puffs 2% Nic Wholesale Price Disposable Vape - vapebulkp.com % %","description":"Buy the JNR Vape Watch 18\/30K Puffs at wholesale prices. This 30000 Puffs Disposable Vape features a 1000mAh battery and mesh coil technology. Buy now for your EU vape shop.","robots":{"index":"index","follow":"follow","max-snippet":"max-snippet:-1","max-image-preview":"max-image-preview:large","max-video-preview":"max-video-preview:-1"},"canonical":"https:\/\/vapebulkp.com\/sk\/product\/jnr-vape-watch-18-30k-puffs-2-nic-wholesale-price-disposable-vape\/","og_locale":"sk_SK","og_type":"article","og_title":"JNR Vape Watch 18\/30K Puffs 2% Nic Wholesale Price Disposable Vape - vapebulkp.com % %","og_description":"Buy the JNR Vape Watch 18\/30K Puffs at wholesale prices. This 30000 Puffs Disposable Vape features a 1000mAh battery and mesh coil technology. Buy now for your EU vape shop.","og_url":"https:\/\/vapebulkp.com\/sk\/product\/jnr-vape-watch-18-30k-puffs-2-nic-wholesale-price-disposable-vape\/","og_site_name":"vapebulkp.com","article_modified_time":"2025-09-24T03:38:14+00:00","og_image":[{"width":800,"height":800,"url":"http:\/\/vapebulkp.com\/wp-content\/uploads\/2024\/11\/JNR-VapeWatch-30k-Puffs-Hot-Sale-Vape-Box.jpg","type":"image\/jpeg"}],"twitter_card":"summary_large_image","twitter_misc":{"Predpokladan\u00fd \u010das \u010d\u00edtania":"3 min\u00faty"},"schema":{"@context":"https:\/\/schema.org","@graph":[{"@type":"WebPage","@id":"https:\/\/vapebulkp.com\/product\/jnr-vape-watch-18-30k-puffs-2-nic-wholesale-price-disposable-vape\/","url":"https:\/\/vapebulkp.com\/product\/jnr-vape-watch-18-30k-puffs-2-nic-wholesale-price-disposable-vape\/","name":"JNR Vape Watch 18\/30K Puffs 2% Nic Wholesale Price Disposable Vape - vapebulkp.com % %","isPartOf":{"@id":"https:\/\/vapebulkp.com\/#website"},"datePublished":"2024-11-28T09:13:37+00:00","dateModified":"2025-09-24T03:38:14+00:00","description":"Buy the JNR Vape Watch 18\/30K Puffs at wholesale prices. This 30000 Puffs Disposable Vape features a 1000mAh battery and mesh coil technology. Buy now for your EU vape shop.","breadcrumb":{"@id":"https:\/\/vapebulkp.com\/product\/jnr-vape-watch-18-30k-puffs-2-nic-wholesale-price-disposable-vape\/#breadcrumb"},"inLanguage":"sk-SK","potentialAction":[{"@type":"ReadAction","target":["https:\/\/vapebulkp.com\/product\/jnr-vape-watch-18-30k-puffs-2-nic-wholesale-price-disposable-vape\/"]}]},{"@type":"BreadcrumbList","@id":"https:\/\/vapebulkp.com\/product\/jnr-vape-watch-18-30k-puffs-2-nic-wholesale-price-disposable-vape\/#breadcrumb","itemListElement":[{"@type":"ListItem","position":1,"name":"Home","item":"https:\/\/vapebulkp.com\/"},{"@type":"ListItem","position":2,"name":"Hot Trend Vapes","item":"https:\/\/vapebulkp.com\/vape-shop\/"},{"@type":"ListItem","position":3,"name":"JNR Vape Watch 18\/30K Puffs 2% Nic Wholesale Price Disposable Vape"}]},{"@type":"WebSite","@id":"https:\/\/vapebulkp.com\/#website","url":"https:\/\/vapebulkp.com\/","name":"vapebulkp.com","description":"Buy Vape In Cheap Bulk Price Near you","publisher":{"@id":"https:\/\/vapebulkp.com\/#organization"},"potentialAction":[{"@type":"SearchAction","target":{"@type":"EntryPoint","urlTemplate":"https:\/\/vapebulkp.com\/?s={search_term_string}"},"query-input":"required name=search_term_string"}],"inLanguage":"sk-SK"},{"@type":"Organization","@id":"https:\/\/vapebulkp.com\/#organization","name":"vapebulkp.com","url":"https:\/\/vapebulkp.com\/","logo":{"@type":"ImageObject","inLanguage":"sk-SK","@id":"https:\/\/vapebulkp.com\/#\/schema\/logo\/image\/","url":"https:\/\/vapebulkp.com\/wp-content\/uploads\/2023\/09\/cropped-vapebulkp.png","contentUrl":"https:\/\/vapebulkp.com\/wp-content\/uploads\/2023\/09\/cropped-vapebulkp.png","width":516,"height":163,"caption":"vapebulkp.com"},"image":{"@id":"https:\/\/vapebulkp.com\/#\/schema\/logo\/image\/"}}]}},"uagb_featured_image_src":{"full":["https:\/\/vapebulkp.com\/wp-content\/uploads\/2024\/11\/JNR-VapeWatch-30k-Puffs-Hot-Sale-Vape-Box.jpg",800,800,false],"thumbnail":["https:\/\/vapebulkp.com\/wp-content\/uploads\/2024\/11\/JNR-VapeWatch-30k-Puffs-Hot-Sale-Vape-Box-150x150.jpg",150,150,true],"medium":["https:\/\/vapebulkp.com\/wp-content\/uploads\/2024\/11\/JNR-VapeWatch-30k-Puffs-Hot-Sale-Vape-Box-300x300.jpg",300,300,true],"medium_large":["https:\/\/vapebulkp.com\/wp-content\/uploads\/2024\/11\/JNR-VapeWatch-30k-Puffs-Hot-Sale-Vape-Box-768x768.jpg",768,768,true],"large":["https:\/\/vapebulkp.com\/wp-content\/uploads\/2024\/11\/JNR-VapeWatch-30k-Puffs-Hot-Sale-Vape-Box.jpg",800,800,false],"1536x1536":["https:\/\/vapebulkp.com\/wp-content\/uploads\/2024\/11\/JNR-VapeWatch-30k-Puffs-Hot-Sale-Vape-Box.jpg",800,800,false],"2048x2048":["https:\/\/vapebulkp.com\/wp-content\/uploads\/2024\/11\/JNR-VapeWatch-30k-Puffs-Hot-Sale-Vape-Box.jpg",800,800,false],"trp-custom-language-flag":["https:\/\/vapebulkp.com\/wp-content\/uploads\/2024\/11\/JNR-VapeWatch-30k-Puffs-Hot-Sale-Vape-Box.jpg",12,12,false],"woocommerce_thumbnail":["https:\/\/vapebulkp.com\/wp-content\/uploads\/2024\/11\/JNR-VapeWatch-30k-Puffs-Hot-Sale-Vape-Box-300x300.jpg",300,300,true],"woocommerce_single":["https:\/\/vapebulkp.com\/wp-content\/uploads\/2024\/11\/JNR-VapeWatch-30k-Puffs-Hot-Sale-Vape-Box-600x600.jpg",600,600,true],"woocommerce_gallery_thumbnail":["https:\/\/vapebulkp.com\/wp-content\/uploads\/2024\/11\/JNR-VapeWatch-30k-Puffs-Hot-Sale-Vape-Box-100x100.jpg",100,100,true],"wcpr-photo-reviews":["https:\/\/vapebulkp.com\/wp-content\/uploads\/2024\/11\/JNR-VapeWatch-30k-Puffs-Hot-Sale-Vape-Box.jpg",500,500,false]},"uagb_author_info":{"display_name":"Mandy vape bulk price","author_link":"https:\/\/vapebulkp.com\/sk\/author\/"},"uagb_comment_info":0,"uagb_excerpt":"JNR Vape Watch 18K\/30K Puffs Disposable Vape offers up to 30,000 puffs, featuring 19ml of premium e-liquid, a 1000mAh rechargeable battery, and mesh coil technology for rich flavor and smooth vapor. Its Miami Mint flavor delivers a crisp, refreshing taste, while the sleek, watch-inspired design ensures portability and style. Pls Contact Mandy's WhatsApp For Discount&hellip;","_links":{"self":[{"href":"https:\/\/vapebulkp.com\/sk\/wp-json\/wp\/v2\/product\/3180","targetHints":{"allow":["GET"]}}],"collection":[{"href":"https:\/\/vapebulkp.com\/sk\/wp-json\/wp\/v2\/product"}],"about":[{"href":"https:\/\/vapebulkp.com\/sk\/wp-json\/wp\/v2\/types\/product"}],"replies":[{"embeddable":true,"href":"https:\/\/vapebulkp.com\/sk\/wp-json\/wp\/v2\/comments?post=3180"}],"wp:featuredmedia":[{"embeddable":true,"href":"https:\/\/vapebulkp.com\/sk\/wp-json\/wp\/v2\/media\/3170"}],"wp:attachment":[{"href":"https:\/\/vapebulkp.com\/sk\/wp-json\/wp\/v2\/media?parent=3180"}],"wp:term":[{"taxonomy":"product_cat","embeddable":true,"href":"https:\/\/vapebulkp.com\/sk\/wp-json\/wp\/v2\/product_cat?post=3180"},{"taxonomy":"product_tag","embeddable":true,"href":"https:\/\/vapebulkp.com\/sk\/wp-json\/wp\/v2\/product_tag?post=3180"}],"curies":[{"name":"wp","href":"https:\/\/api.w.org\/{rel}","templated":true}]}}