{"id":3226,"date":"2024-12-13T08:32:34","date_gmt":"2024-12-13T07:32:34","guid":{"rendered":"https:\/\/vapebulkp.com\/?post_type=product&#038;p=3226"},"modified":"2025-09-24T05:23:21","modified_gmt":"2025-09-24T03:23:21","slug":"vapsolo-feed-bar-shisha-vape-15000-puffs-wholesale-price","status":"publish","type":"product","link":"https:\/\/vapebulkp.com\/sk\/product\/vapsolo-feed-bar-shisha-vape-15000-puffs-wholesale-price\/","title":{"rendered":"Vapsolo FEED BAR SHISHA Vape 15000 PUFFS Ve\u013ekoobchodn\u00e1 cena"},"content":{"rendered":"<h2 style=\"text-align: left\">Vapsolo FEED BAR SHISHA Vape 15000 PUFFS Ve\u013ekoobchodn\u00e1 cena<\/h2>\n<p>&nbsp;<\/p>\n<p>Vapsolo FEED BAR SHISHA 15k po\u0165ahov je revolu\u010dn\u00fd jednorazov\u00fd vape navrhnut\u00fd pre dlhotrvaj\u00faci v\u00fdkon a v\u00fdnimo\u010dn\u00fd z\u00e1\u017eitok z vapovania. S p\u00f4sobiv\u00fdmi <strong>15 000 po\u0165ahov<\/strong>, toto zariadenie je ide\u00e1lne pre v\u00e1\u0161niv\u00fdch vaperov h\u013eadaj\u00facich pohodlie a spo\u013eahlivos\u0165 v kompaktnom, \u0161t\u00fdlovom balen\u00ed. Vybaven\u00e9 \u0161tedrou <strong>25ml kapacitou e-liquidu<\/strong>, 15k po\u0165ahov\u00fd SHISHA vape zais\u0165uje nepreru\u0161ovan\u00fd p\u00f4\u017eitok s ka\u017ed\u00fdm potiahnut\u00edm, dod\u00e1vaj\u00fac bohat\u00fa a chutn\u00fa paru. Jeho pokro\u010dil\u00fd <strong>technol\u00f3giou mesh coil<\/strong> v kombin\u00e1cii s <strong>0.6\u03a9 odporom cievky<\/strong> poskytuje konzistentn\u00e9 zahrievanie a hladk\u00fa produkciu pary, vyhovuj\u00facu nad\u0161encom chuti aj milovn\u00edkom oblakov.<\/p>\n<p>Vstavan\u00fd <strong>650mAh nab\u00edjate\u013en\u00fa bat\u00e9riu<\/strong> je navrhnut\u00fd pre odolnos\u0165 a efektivitu, umo\u017e\u0148uje viacn\u00e1sobn\u00e9 nab\u00edjanie cez <strong>Typ-C port<\/strong> pre r\u00fdchlej\u0161ie a stabilnej\u0161ie nab\u00edjanie. S nastavite\u013en\u00fdm prietokom vzduchu si pou\u017e\u00edvatelia m\u00f4\u017eu prisp\u00f4sobi\u0165 preferenciu potiahnutia pre skuto\u010dne prisp\u00f4soben\u00fd z\u00e1\u017eitok z vapovania. Elegantn\u00fd dizajn a pokro\u010dil\u00e9 funkcie robia z Vapsolo <strong>FEED BAR SHISHA\u00a0<a href=\"https:\/\/vapebulkp.com\/sk\/product-category\/15000-puffs-disposable-vape\/\"> 15000 \u0165ahov Jednorazov\u00fd vape<\/a><\/strong> v\u00fdnimo\u010dn\u00fa vo\u013ebu pre za\u010diato\u010dn\u00edkov aj sk\u00fasen\u00fdch vaperov. \u010ci u\u017e si u\u017e\u00edvate be\u017en\u00e9 pou\u017e\u00edvanie alebo h\u013ead\u00e1te cestovn\u00e9 zariadenie na dlh\u0161ie v\u00fdlety, tento vape pero je postaven\u00e9 tak, aby zap\u00f4sobilo. Vylep\u0161ite svoju vapovaciu hru s Top Sale Vape Vapsolo FEED BAR 15k po\u0165ahov \u2013 dokonal\u00e1 kombin\u00e1cia v\u00fdkonu, \u0161t\u00fdlu a inov\u00e1cie.<\/p>\n<p><img decoding=\"async\" class=\"wp-image-3230\" src=\"http:\/\/vapebulkp.com\/wp-content\/uploads\/2024\/12\/Vapsolo-FEED-BAR-SHISHA-15000-PUFFS-HOT-SALE-VAPE.png\" alt=\"Vapsolo FEED BAR SHISHA 15000 POTIAHNUT\u00cd HOR\u00daCI V\u00ddPREDAJ VAPE\" width=\"801\" height=\"375\" srcset=\"https:\/\/vapebulkp.com\/wp-content\/uploads\/2024\/12\/Vapsolo-FEED-BAR-SHISHA-15000-PUFFS-HOT-SALE-VAPE.png 720w, https:\/\/vapebulkp.com\/wp-content\/uploads\/2024\/12\/Vapsolo-FEED-BAR-SHISHA-15000-PUFFS-HOT-SALE-VAPE-300x140.png 300w, https:\/\/vapebulkp.com\/wp-content\/uploads\/2024\/12\/Vapsolo-FEED-BAR-SHISHA-15000-PUFFS-HOT-SALE-VAPE-600x281.png 600w\" sizes=\"(max-width: 801px) 100vw, 801px\" \/><\/p>\n<h6>Pre z\u013eavnen\u00fa cenu, kontaktujte pros\u00edm Mandy cez WhatsApp<a href=\"https:\/\/wa.me\/8618077105796\">+8618077105796<\/a><\/h6>\n<p><img decoding=\"async\" class=\"alignnone wp-image-2151\" src=\"http:\/\/vapebulkp.com\/wp-content\/uploads\/2024\/04\/Mandy-WhatsApp-Randm.jpg\" alt=\"Mandy WhatsApp Randm\" width=\"324\" height=\"330\" \/><\/p>\n<p>&nbsp;<\/p>\n<h2>Vlastnosti Vapsolo FEED BAR Vape 15k po\u0165ahov shisha vape Pod:<\/h2>\n<p>&nbsp;<\/p>\n<ul>\n<li><strong>Ovl\u00e1danie prietoku vzduchu<\/strong>: Nastavite\u013en\u00e9 pre prisp\u00f4sobenie odporu potiahnutia<\/li>\n<li><strong>Objem e-liquidu<\/strong>: 25ML<\/li>\n<li><strong>Kapacita bat\u00e9rie<\/strong>: 650 mAh nab\u00edjate\u013en\u00e1 bat\u00e9ria<\/li>\n<li><strong>Technol\u00f3gia ohrevu<\/strong>: Sie\u0165ovan\u00e1 \u0161pir\u00e1lka<\/li>\n<li><strong>Odpor cievky<\/strong>: 0,6\u03a9<\/li>\n<li><strong>Nab\u00edjac\u00ed port<\/strong>: Type-C, podporuje r\u00fdchle nab\u00edjanie<\/li>\n<li><strong>Po\u010det \u0165ahov<\/strong>: A\u017e 15 000 potiahnut\u00ed<\/li>\n<\/ul>\n<p>&nbsp;<\/p>\n<h2>Zoznam pr\u00edchut\u00ed jednorazov\u00fdch vapiek Vapsolo Vape 15000 potiahnut\u00ed:<\/h2>\n<p>1. Dve jablk\u00e1<br \/>\n2. Malinov\u00e1 limon\u00e1da<br \/>\n3. Brosky\u0148ov\u00fd \u013ead<br \/>\n4. Mango \u013ead<br \/>\n5. Vodn\u00fd mel\u00f3n \u013ead<br \/>\n6. Citr\u00f3nov\u00e1 m\u00e4ta<br \/>\n7. Magick\u00e1 l\u00e1ska<br \/>\n8. Hroznov\u00e1 m\u00e4ta<br \/>\n9. Jahodov\u00fd pun\u010d<br \/>\n10. \u010cu\u010doriedkov\u00e1 \u017euva\u010dka<br \/>\n11. Bobu\u013eov\u00fd \u013ead<br \/>\n12. Sladk\u00e9 mu\u010denka<br \/>\n13. \u010cere\u0161\u0148ov\u00e1 fiesta<br \/>\n14. \u010cierne r\u00edbezle \u013ead<br \/>\n15. Jahodov\u00e9 kiwi<\/p>\n<h3><strong>Pre\u010do si vybra\u0165 Vapebulkp.com na k\u00fapu vapky Vapsolo FEED BAR SHISHA 15000 PUFFS?<\/strong><\/h3>\n<p>Vapebulkp.com je d\u00f4veryhodn\u00e1 platforma, ktor\u00e1 pon\u00faka pr\u00e9miov\u00e9 vapingov\u00e9 produkty s bezprobl\u00e9mov\u00fdm n\u00e1kupn\u00fdm z\u00e1\u017eitkom. V\u00fdberom Vapebulkp.com pre v\u00e1\u0161 n\u00e1kup Vapsolo FEED BAR SHISHA z\u00edskate:<\/p>\n<ol>\n<li><strong>Konkuren\u010dn\u00e9 ceny<\/strong>: Exkluz\u00edvne ve\u013ekoobchodn\u00e9 a maloobchodn\u00e9 ceny pre neprekonate\u013en\u00fa hodnotu.<\/li>\n<li><strong>Garantovan\u00e1 pravos\u0165<\/strong>: 100% origin\u00e1lne produkty z\u00edskan\u00e9 priamo od v\u00fdrobcov.<\/li>\n<li><strong>R\u00fdchle dodanie<\/strong>: Spo\u013eahliv\u00e9 doru\u010denie po celej Eur\u00f3pe, ktor\u00e9 zais\u0165uje r\u00fdchle doru\u010denie va\u0161ej objedn\u00e1vky.<\/li>\n<li><strong>Z\u00e1kazn\u00edcka podpora<\/strong>: Dedikovan\u00fd servis na zodpovedanie ot\u00e1zok a poskytovanie popredajnej podpory.<\/li>\n<li><strong>\u0160irok\u00fd v\u00fdber<\/strong>: Pr\u00edstup k r\u00f4znym \u0161pi\u010dkov\u00fdm zna\u010dk\u00e1m a produktom prisp\u00f4soben\u00fdm r\u00f4znym preferenci\u00e1m.<\/li>\n<\/ol>\n<h4><strong>\u010eal\u0161ie popul\u00e1rne zna\u010dky dostupn\u00e9 na <a href=\"https:\/\/vapebulkp.com\/sk\/vape-shop\/\">Vapebulkp.com<\/a><\/strong><\/h4>\n<ol>\n<li><a href=\"https:\/\/vapebulkp.com\/sk\/product\/bang-vape-36k-puffs-adjustable-ice-premium-disposable-vape\/\"><strong>S\u00e9ria Bang Vape<\/strong><\/a>\n<ul>\n<li>Modely: 12000 potiahnut\u00ed, 18000 potiahnut\u00ed, 22000 potiahnut\u00ed, 30000 potiahnut\u00ed, 36000 potiahnut\u00ed<\/li>\n<li><strong>V\u00fdhody<\/strong>: Vysok\u00fd po\u010det potiahnut\u00ed, inovat\u00edvne funkcie ako LCD obrazovky a rozpozn\u00e1vanie odtla\u010dkov prstov, r\u00f4zne mo\u017enosti pr\u00edchut\u00ed.<\/li>\n<\/ul>\n<\/li>\n<li><a href=\"https:\/\/vapebulkp.com\/sk\/product\/good-randm-tornado-7000-puffs-netherland-wholesale\/\"><strong>Randm Tornado<\/strong><\/a>\n<ul>\n<li>Modely: <a href=\"https:\/\/vapebulkp.com\/sk\/product-category\/15000-puffs-disposable-vape\/\">15 000 potiahnut\u00ed<\/a>,<a href=\"https:\/\/vapebulkp.com\/sk\/product-category\/30000-puff-disposable-vape\/\"> 30 000 potiahnut\u00ed<\/a><\/li>\n<li><strong>V\u00fdhody<\/strong>: Jedine\u010dn\u00e9 LED dizajny, vysokokapacitn\u00e9 nab\u00edjate\u013en\u00e9 bat\u00e9rie, konzistentn\u00e9 dod\u00e1vanie pr\u00edchut\u00ed.<\/li>\n<\/ul>\n<\/li>\n<li><a href=\"https:\/\/vapebulkp.com\/sk\/product\/elfworld-plus-20000-puffs-disposable-vape-22ml-eliquid-capacity\/\"><strong>Elf World Plus<\/strong><\/a>\n<ul>\n<li>Modely: 20 000 potiahnut\u00ed<\/li>\n<li><strong>V\u00fdhody<\/strong>: Kompaktn\u00fd a cestovn\u00fd, pr\u00e9miov\u00e1 technol\u00f3gia cievok, hladk\u00fd z\u00e1\u017eitok z vapovania.<\/li>\n<\/ul>\n<\/li>\n<li><a href=\"https:\/\/vapebulkp.com\/sk\/product\/fumot-tornado-25k-puffs-cheap-price-disposable-vape\/\"><strong>Fumot Tornado<\/strong><\/a>\n<ul>\n<li>Modely: 25 000 potiahnut\u00ed, 30 000 potiahnut\u00ed<\/li>\n<li><strong>V\u00fdhody<\/strong>: Du\u00e1lna sie\u0165ovan\u00e1 cievka na vylep\u0161enie chuti, TFT obrazovky a ekologick\u00e9 dizajny.<\/li>\n<\/ul>\n<\/li>\n<li><a href=\"https:\/\/vapebulkp.com\/sk\/product\/vapme-crystal-7000-puffs-original-vape-good-flavor\/\"><strong>S\u00e9ria Vapme Crystal<\/strong><\/a>\n<ul>\n<li>Modely: 7 000 potiahnut\u00ed, 20 000 potiahnut\u00ed<\/li>\n<li><strong>V\u00fdhody<\/strong>: Elegantn\u00fd dizajn, kompatibilita DTL a r\u00f4zne kombin\u00e1cie pr\u00edchut\u00ed.<\/li>\n<\/ul>\n<\/li>\n<\/ol>\n<h3><strong>Pre\u010do <a href=\"https:\/\/vapebulkp.com\/sk\/vape-shop\/\">Vapebulkp.com<\/a> Vynik\u00e1<\/strong><\/h3>\n<p>V\u010faka svojmu rozmanit\u00e9mu invent\u00e1ru, <a href=\"https:\/\/vapebulkp.com\/sk\/vape-shop\/\">Vapebulkp.com<\/a> zais\u0165uje, \u017ee ka\u017ed\u00fd z\u00e1kazn\u00edk n\u00e1jde produkt vyhovuj\u00faci jeho potreb\u00e1m, pon\u00faka \u0161pi\u010dkov\u00e9 dizajny, ekologick\u00e9 mo\u017enosti a dlhotrvaj\u00face zariadenia na vylep\u0161enie z\u00e1\u017eitku z vapovania. U\u017e\u00edvate\u013esky orientovan\u00fd pr\u00edstup platformy, spolu s jej zameran\u00edm na kvalitu a cenov\u00fa dostupnos\u0165, z nej rob\u00ed ide\u00e1lne miesto pre vap\u00e9rov z celej Eur\u00f3py.<\/p>\n<p>&nbsp;<\/p>\n<h3>Detail dopravy:<\/h3>\n<p><span style=\"color: #ff6600\">\u010cas v\u00fdroby: 5-10 pracovn\u00fdch dn\u00ed<\/span><br \/>\n<span style=\"color: #ff6600\">\u010cas dodania: 8-14 pracovn\u00fdch dn\u00ed<\/span><\/p>\n<p>V\u0161etky produkty v na\u0161om obchode s\u00fa 100 % origin\u00e1lne a autentick\u00e9, preto desa\u0165n\u00e1sobn\u00e1 kompenz\u00e1cia za falo\u0161n\u00fd tovar je na\u0161ou obchodnou politikou. Na doru\u010denie tovaru v\u00e1m pou\u017e\u00edvame logistick\u00e9 kan\u00e1ly ako UPS\/DHL\/FEDEX\/DPD.<\/p>\n<p>Pre z\u00e1sielky doru\u010dovan\u00e9 na Slovensko to zvy\u010dajne trv\u00e1 10 pracovn\u00fdch dn\u00ed. Z\u00e1sielky do eur\u00f3pskych kraj\u00edn zvy\u010dajne dorazia za 12 a\u017e 15 pracovn\u00fdch dn\u00ed. Inform\u00e1cie o logistike v\u00e1m budeme aktualizova\u0165 v re\u00e1lnom \u010dase.<\/p>","protected":false},"excerpt":{"rendered":"<p>K\u00fapte Vapsolo FEED BAR SHISHA 15000 PO\u0164AHY ve\u013ekoobchodne. Dlhotrvaj\u00face, 15ml e-liquidu, 2% nikot\u00ednu, pr\u00e9miov\u00e9 pr\u00edchute, konkurencieschopn\u00e9 ceny!<\/p>\n<p>Pre z\u013eavnen\u00fa cenu, kontaktujte pros\u00edm Mandy cez WhatsApp<a href=\"https:\/\/wa.me\/8618077105796\">+8618077105796<\/a><\/p>\n<p><img decoding=\"async\" class=\"alignnone wp-image-2151\" src=\"http:\/\/vapebulkp.com\/wp-content\/uploads\/2024\/04\/Mandy-WhatsApp-Randm.jpg\" alt=\"Mandy WhatsApp Randm\" width=\"297\" height=\"316\" srcset=\"https:\/\/vapebulkp.com\/wp-content\/uploads\/2024\/04\/Mandy-WhatsApp-Randm.jpg 916w, https:\/\/vapebulkp.com\/wp-content\/uploads\/2024\/04\/Mandy-WhatsApp-Randm-282x300.jpg 282w, https:\/\/vapebulkp.com\/wp-content\/uploads\/2024\/04\/Mandy-WhatsApp-Randm-768x817.jpg 768w, https:\/\/vapebulkp.com\/wp-content\/uploads\/2024\/04\/Mandy-WhatsApp-Randm-600x638.jpg 600w\" sizes=\"(max-width: 297px) 100vw, 297px\" \/><\/p>\n<p><span style=\"color: #ff0000\">POZN\u00c1MKA: Ceny na na\u0161ej webovej str\u00e1nke nezah\u0155\u0148aj\u00fa n\u00e1klady na dopravu<\/span><\/p>\n<p>&nbsp;<\/p>","protected":false},"featured_media":3229,"comment_status":"open","ping_status":"closed","template":"","meta":{"_uag_custom_page_level_css":"","_lmt_disableupdate":"no","_lmt_disable":"","site-sidebar-layout":"default","site-content-layout":"content-boxed-container","ast-site-content-layout":"normal-width-container","site-content-style":"boxed","site-sidebar-style":"unboxed","ast-global-header-display":"","ast-banner-title-visibility":"","ast-main-header-display":"","ast-hfb-above-header-display":"","ast-hfb-below-header-display":"","ast-hfb-mobile-header-display":"","site-post-title":"","ast-breadcrumbs-content":"","ast-featured-img":"","footer-sml-layout":"","theme-transparent-header-meta":"default","adv-header-id-meta":"","stick-header-meta":"","header-above-stick-meta":"","header-main-stick-meta":"","header-below-stick-meta":"","astra-migrate-meta-layouts":"set","_joinchat":[]},"product_cat":[165,153,155,33,59,100,87,34,158,157,154,152,58,84,156,63,32,362],"product_tag":[36,37,41,40],"class_list":["post-3226","product","type-product","status-publish","has-post-thumbnail","hentry","product_cat-15000-puffs-disposable-vape","product_cat-hot-disposable-vapes","product_cat-belgium-hot-disposable-vapes","product_cat-france-vape-hot-sale","product_cat-germany-hot-disposable-vape","product_cat-germany-wholesale-vape-shop","product_cat-minimum-order-quantity-50pcs","product_cat-netherlands-vape-good-sale","product_cat-norway-hot-disposable-vapes","product_cat-poland-hot-disposable-vapes","product_cat-portugal-hot-disposable-vapes","product_cat-spain-hot-disposable-vapes","product_cat-sweden-hot-disposable-vape","product_cat-sweden-wholesale-vape","product_cat-switzerland-hot-disposable-vapes","product_cat-top-sale-disposable-vape","product_cat-vape-hot-sale-this-week","product_cat-vapsolo-vape","product_tag-good-vape","product_tag-hot-sale-disposable-vape","product_tag-poland-hot-vape","product_tag-sweden-hot-vape","pa_brand-vapsolo-vape","desktop-align-left","tablet-align-left","mobile-align-left"],"yoast_head":"<!-- This site is optimized with the Yoast SEO plugin v21.1 - https:\/\/yoast.com\/wordpress\/plugins\/seo\/ -->\n<title>Vapsolo FEED BAR SHISHA Vape 15000 PUFFS Wholesale Price - vapebulkp.com<\/title>\n<meta name=\"description\" content=\"Shop Vapsolo FEED BAR SHISHA Vape 15000 Puffs at wholesale prices. High-capacity, premium flavors, perfect for bulk orders.\" \/>\n<meta name=\"robots\" content=\"index, follow, max-snippet:-1, max-image-preview:large, max-video-preview:-1\" \/>\n<link rel=\"canonical\" href=\"https:\/\/vapebulkp.com\/sk\/product\/vapsolo-feed-bar-shisha-vape-15000-puffs-wholesale-price\/\" \/>\n<meta property=\"og:locale\" content=\"sk_SK\" \/>\n<meta property=\"og:type\" content=\"article\" \/>\n<meta property=\"og:title\" content=\"Vapsolo FEED BAR SHISHA Vape 15000 PUFFS Wholesale Price - vapebulkp.com\" \/>\n<meta property=\"og:description\" content=\"Shop Vapsolo FEED BAR SHISHA Vape 15000 Puffs at wholesale prices. High-capacity, premium flavors, perfect for bulk orders.\" \/>\n<meta property=\"og:url\" content=\"https:\/\/vapebulkp.com\/sk\/product\/vapsolo-feed-bar-shisha-vape-15000-puffs-wholesale-price\/\" \/>\n<meta property=\"og:site_name\" content=\"vapebulkp.com\" \/>\n<meta property=\"article:modified_time\" content=\"2025-09-24T03:23:21+00:00\" \/>\n<meta property=\"og:image\" content=\"http:\/\/vapebulkp.com\/wp-content\/uploads\/2024\/12\/Vapsolo-FEED-BAR-SHISHA-15000-PUFFS.jpg\" \/>\n\t<meta property=\"og:image:width\" content=\"800\" \/>\n\t<meta property=\"og:image:height\" content=\"800\" \/>\n\t<meta property=\"og:image:type\" content=\"image\/jpeg\" \/>\n<meta name=\"twitter:card\" content=\"summary_large_image\" \/>\n<meta name=\"twitter:label1\" content=\"Predpokladan\u00fd \u010das \u010d\u00edtania\" \/>\n\t<meta name=\"twitter:data1\" content=\"4 min\u00faty\" \/>\n<script type=\"application\/ld+json\" class=\"yoast-schema-graph\">{\"@context\":\"https:\/\/schema.org\",\"@graph\":[{\"@type\":\"WebPage\",\"@id\":\"https:\/\/vapebulkp.com\/product\/vapsolo-feed-bar-shisha-vape-15000-puffs-wholesale-price\/\",\"url\":\"https:\/\/vapebulkp.com\/product\/vapsolo-feed-bar-shisha-vape-15000-puffs-wholesale-price\/\",\"name\":\"Vapsolo FEED BAR SHISHA Vape 15000 PUFFS Wholesale Price - vapebulkp.com\",\"isPartOf\":{\"@id\":\"https:\/\/vapebulkp.com\/#website\"},\"datePublished\":\"2024-12-13T07:32:34+00:00\",\"dateModified\":\"2025-09-24T03:23:21+00:00\",\"description\":\"Shop Vapsolo FEED BAR SHISHA Vape 15000 Puffs at wholesale prices. High-capacity, premium flavors, perfect for bulk orders.\",\"breadcrumb\":{\"@id\":\"https:\/\/vapebulkp.com\/product\/vapsolo-feed-bar-shisha-vape-15000-puffs-wholesale-price\/#breadcrumb\"},\"inLanguage\":\"sk-SK\",\"potentialAction\":[{\"@type\":\"ReadAction\",\"target\":[\"https:\/\/vapebulkp.com\/product\/vapsolo-feed-bar-shisha-vape-15000-puffs-wholesale-price\/\"]}]},{\"@type\":\"BreadcrumbList\",\"@id\":\"https:\/\/vapebulkp.com\/product\/vapsolo-feed-bar-shisha-vape-15000-puffs-wholesale-price\/#breadcrumb\",\"itemListElement\":[{\"@type\":\"ListItem\",\"position\":1,\"name\":\"Home\",\"item\":\"https:\/\/vapebulkp.com\/\"},{\"@type\":\"ListItem\",\"position\":2,\"name\":\"Hot Trend Vapes\",\"item\":\"https:\/\/vapebulkp.com\/vape-shop\/\"},{\"@type\":\"ListItem\",\"position\":3,\"name\":\"Vapsolo FEED BAR SHISHA Vape 15000 PUFFS Wholesale Price\"}]},{\"@type\":\"WebSite\",\"@id\":\"https:\/\/vapebulkp.com\/#website\",\"url\":\"https:\/\/vapebulkp.com\/\",\"name\":\"vapebulkp.com\",\"description\":\"Buy Vape In Cheap Bulk Price Near you\",\"publisher\":{\"@id\":\"https:\/\/vapebulkp.com\/#organization\"},\"potentialAction\":[{\"@type\":\"SearchAction\",\"target\":{\"@type\":\"EntryPoint\",\"urlTemplate\":\"https:\/\/vapebulkp.com\/?s={search_term_string}\"},\"query-input\":\"required name=search_term_string\"}],\"inLanguage\":\"sk-SK\"},{\"@type\":\"Organization\",\"@id\":\"https:\/\/vapebulkp.com\/#organization\",\"name\":\"vapebulkp.com\",\"url\":\"https:\/\/vapebulkp.com\/\",\"logo\":{\"@type\":\"ImageObject\",\"inLanguage\":\"sk-SK\",\"@id\":\"https:\/\/vapebulkp.com\/#\/schema\/logo\/image\/\",\"url\":\"https:\/\/vapebulkp.com\/wp-content\/uploads\/2023\/09\/cropped-vapebulkp.png\",\"contentUrl\":\"https:\/\/vapebulkp.com\/wp-content\/uploads\/2023\/09\/cropped-vapebulkp.png\",\"width\":516,\"height\":163,\"caption\":\"vapebulkp.com\"},\"image\":{\"@id\":\"https:\/\/vapebulkp.com\/#\/schema\/logo\/image\/\"}}]}<\/script>\n<!-- \/ Yoast SEO plugin. -->","yoast_head_json":{"title":"Vapsolo FEED BAR SHISHA Vape 15000 PUFFS Wholesale Price - vapebulkp.com","description":"Shop Vapsolo FEED BAR SHISHA Vape 15000 Puffs at wholesale prices. High-capacity, premium flavors, perfect for bulk orders.","robots":{"index":"index","follow":"follow","max-snippet":"max-snippet:-1","max-image-preview":"max-image-preview:large","max-video-preview":"max-video-preview:-1"},"canonical":"https:\/\/vapebulkp.com\/sk\/product\/vapsolo-feed-bar-shisha-vape-15000-puffs-wholesale-price\/","og_locale":"sk_SK","og_type":"article","og_title":"Vapsolo FEED BAR SHISHA Vape 15000 PUFFS Wholesale Price - vapebulkp.com","og_description":"Shop Vapsolo FEED BAR SHISHA Vape 15000 Puffs at wholesale prices. High-capacity, premium flavors, perfect for bulk orders.","og_url":"https:\/\/vapebulkp.com\/sk\/product\/vapsolo-feed-bar-shisha-vape-15000-puffs-wholesale-price\/","og_site_name":"vapebulkp.com","article_modified_time":"2025-09-24T03:23:21+00:00","og_image":[{"width":800,"height":800,"url":"http:\/\/vapebulkp.com\/wp-content\/uploads\/2024\/12\/Vapsolo-FEED-BAR-SHISHA-15000-PUFFS.jpg","type":"image\/jpeg"}],"twitter_card":"summary_large_image","twitter_misc":{"Predpokladan\u00fd \u010das \u010d\u00edtania":"4 min\u00faty"},"schema":{"@context":"https:\/\/schema.org","@graph":[{"@type":"WebPage","@id":"https:\/\/vapebulkp.com\/product\/vapsolo-feed-bar-shisha-vape-15000-puffs-wholesale-price\/","url":"https:\/\/vapebulkp.com\/product\/vapsolo-feed-bar-shisha-vape-15000-puffs-wholesale-price\/","name":"Vapsolo FEED BAR SHISHA Vape 15000 PUFFS Wholesale Price - vapebulkp.com","isPartOf":{"@id":"https:\/\/vapebulkp.com\/#website"},"datePublished":"2024-12-13T07:32:34+00:00","dateModified":"2025-09-24T03:23:21+00:00","description":"Shop Vapsolo FEED BAR SHISHA Vape 15000 Puffs at wholesale prices. High-capacity, premium flavors, perfect for bulk orders.","breadcrumb":{"@id":"https:\/\/vapebulkp.com\/product\/vapsolo-feed-bar-shisha-vape-15000-puffs-wholesale-price\/#breadcrumb"},"inLanguage":"sk-SK","potentialAction":[{"@type":"ReadAction","target":["https:\/\/vapebulkp.com\/product\/vapsolo-feed-bar-shisha-vape-15000-puffs-wholesale-price\/"]}]},{"@type":"BreadcrumbList","@id":"https:\/\/vapebulkp.com\/product\/vapsolo-feed-bar-shisha-vape-15000-puffs-wholesale-price\/#breadcrumb","itemListElement":[{"@type":"ListItem","position":1,"name":"Home","item":"https:\/\/vapebulkp.com\/"},{"@type":"ListItem","position":2,"name":"Hot Trend Vapes","item":"https:\/\/vapebulkp.com\/vape-shop\/"},{"@type":"ListItem","position":3,"name":"Vapsolo FEED BAR SHISHA Vape 15000 PUFFS Wholesale Price"}]},{"@type":"WebSite","@id":"https:\/\/vapebulkp.com\/#website","url":"https:\/\/vapebulkp.com\/","name":"vapebulkp.com","description":"Buy Vape In Cheap Bulk Price Near you","publisher":{"@id":"https:\/\/vapebulkp.com\/#organization"},"potentialAction":[{"@type":"SearchAction","target":{"@type":"EntryPoint","urlTemplate":"https:\/\/vapebulkp.com\/?s={search_term_string}"},"query-input":"required name=search_term_string"}],"inLanguage":"sk-SK"},{"@type":"Organization","@id":"https:\/\/vapebulkp.com\/#organization","name":"vapebulkp.com","url":"https:\/\/vapebulkp.com\/","logo":{"@type":"ImageObject","inLanguage":"sk-SK","@id":"https:\/\/vapebulkp.com\/#\/schema\/logo\/image\/","url":"https:\/\/vapebulkp.com\/wp-content\/uploads\/2023\/09\/cropped-vapebulkp.png","contentUrl":"https:\/\/vapebulkp.com\/wp-content\/uploads\/2023\/09\/cropped-vapebulkp.png","width":516,"height":163,"caption":"vapebulkp.com"},"image":{"@id":"https:\/\/vapebulkp.com\/#\/schema\/logo\/image\/"}}]}},"uagb_featured_image_src":{"full":["https:\/\/vapebulkp.com\/wp-content\/uploads\/2024\/12\/Vapsolo-FEED-BAR-SHISHA-15000-PUFFS.jpg",800,800,false],"thumbnail":["https:\/\/vapebulkp.com\/wp-content\/uploads\/2024\/12\/Vapsolo-FEED-BAR-SHISHA-15000-PUFFS-150x150.jpg",150,150,true],"medium":["https:\/\/vapebulkp.com\/wp-content\/uploads\/2024\/12\/Vapsolo-FEED-BAR-SHISHA-15000-PUFFS-300x300.jpg",300,300,true],"medium_large":["https:\/\/vapebulkp.com\/wp-content\/uploads\/2024\/12\/Vapsolo-FEED-BAR-SHISHA-15000-PUFFS-768x768.jpg",768,768,true],"large":["https:\/\/vapebulkp.com\/wp-content\/uploads\/2024\/12\/Vapsolo-FEED-BAR-SHISHA-15000-PUFFS.jpg",800,800,false],"1536x1536":["https:\/\/vapebulkp.com\/wp-content\/uploads\/2024\/12\/Vapsolo-FEED-BAR-SHISHA-15000-PUFFS.jpg",800,800,false],"2048x2048":["https:\/\/vapebulkp.com\/wp-content\/uploads\/2024\/12\/Vapsolo-FEED-BAR-SHISHA-15000-PUFFS.jpg",800,800,false],"trp-custom-language-flag":["https:\/\/vapebulkp.com\/wp-content\/uploads\/2024\/12\/Vapsolo-FEED-BAR-SHISHA-15000-PUFFS.jpg",12,12,false],"woocommerce_thumbnail":["https:\/\/vapebulkp.com\/wp-content\/uploads\/2024\/12\/Vapsolo-FEED-BAR-SHISHA-15000-PUFFS-300x300.jpg",300,300,true],"woocommerce_single":["https:\/\/vapebulkp.com\/wp-content\/uploads\/2024\/12\/Vapsolo-FEED-BAR-SHISHA-15000-PUFFS-600x600.jpg",600,600,true],"woocommerce_gallery_thumbnail":["https:\/\/vapebulkp.com\/wp-content\/uploads\/2024\/12\/Vapsolo-FEED-BAR-SHISHA-15000-PUFFS-100x100.jpg",100,100,true],"wcpr-photo-reviews":["https:\/\/vapebulkp.com\/wp-content\/uploads\/2024\/12\/Vapsolo-FEED-BAR-SHISHA-15000-PUFFS.jpg",500,500,false]},"uagb_author_info":{"display_name":"Mandy vape bulk price","author_link":"https:\/\/vapebulkp.com\/sk\/author\/"},"uagb_comment_info":0,"uagb_excerpt":"Buy Vapsolo FEED BAR SHISHA 15000 Puffs wholesale. Long-lasting, 15ml e-liquid, 2% nicotine, premium flavors, competitive prices! Pls Contact Mandy's WhatsApp For Discount Price+8618077105796 NOTE: Prices on our website does not include shipping costs &nbsp;","_links":{"self":[{"href":"https:\/\/vapebulkp.com\/sk\/wp-json\/wp\/v2\/product\/3226","targetHints":{"allow":["GET"]}}],"collection":[{"href":"https:\/\/vapebulkp.com\/sk\/wp-json\/wp\/v2\/product"}],"about":[{"href":"https:\/\/vapebulkp.com\/sk\/wp-json\/wp\/v2\/types\/product"}],"replies":[{"embeddable":true,"href":"https:\/\/vapebulkp.com\/sk\/wp-json\/wp\/v2\/comments?post=3226"}],"wp:featuredmedia":[{"embeddable":true,"href":"https:\/\/vapebulkp.com\/sk\/wp-json\/wp\/v2\/media\/3229"}],"wp:attachment":[{"href":"https:\/\/vapebulkp.com\/sk\/wp-json\/wp\/v2\/media?parent=3226"}],"wp:term":[{"taxonomy":"product_cat","embeddable":true,"href":"https:\/\/vapebulkp.com\/sk\/wp-json\/wp\/v2\/product_cat?post=3226"},{"taxonomy":"product_tag","embeddable":true,"href":"https:\/\/vapebulkp.com\/sk\/wp-json\/wp\/v2\/product_tag?post=3226"}],"curies":[{"name":"wp","href":"https:\/\/api.w.org\/{rel}","templated":true}]}}