{"id":3254,"date":"2024-12-18T10:08:48","date_gmt":"2024-12-18T09:08:48","guid":{"rendered":"https:\/\/vapebulkp.com\/?post_type=product&#038;p=3254"},"modified":"2025-09-24T05:22:09","modified_gmt":"2025-09-24T03:22:09","slug":"vapsolo-best-quality-viking-12k-puffs-disposable-vapes","status":"publish","type":"product","link":"https:\/\/vapebulkp.com\/sk\/product\/vapsolo-best-quality-viking-12k-puffs-disposable-vapes\/","title":{"rendered":"Vapsolo Viking 12K Puffs jednorazov\u00e9 vapy najvy\u0161\u0161ej kvality"},"content":{"rendered":"<h2 style=\"text-align: left\">Vapsolo Viking 12K Puffs jednorazov\u00e9 vapy najvy\u0161\u0161ej kvality<\/h2>\n<p>&nbsp;<\/p>\n<p data-start=\"146\" data-end=\"493\">Ten <strong data-start=\"150\" data-end=\"196\">Vapsolo Viking 12000 Puffs Jednorazov\u00fd vape<\/strong> je <strong data-start=\"202\" data-end=\"235\">jednorazov\u00fdch vape s vysokou kapacitou<\/strong> vyroben\u00fd pre slovensk\u00fdch nad\u0161encov vapingu, ktor\u00ed chc\u00fa dlhotrvaj\u00faci v\u00fdkon a bohat\u00fa, uspokojuj\u00facu chu\u0165. S obrovskou 22ml predplnenou n\u00e1dr\u017ekou na e-liquid a <strong data-start=\"391\" data-end=\"409\">syst\u00e9mu s mesh cievkou<\/strong> technol\u00f3giou produkuje hladk\u00fa, hust\u00fa paru a z\u00e1rove\u0148 zv\u00fdraz\u0148uje ka\u017ed\u00fa notu chuti.<\/p>\n<p data-start=\"495\" data-end=\"800\">Tento najpred\u00e1vanej\u0161\u00ed <a href=\"https:\/\/vapebulkp.com\/sk\/product-category\/12000-puffs-disposable-vape\/\"><strong>12000 potiahnut\u00ed jednorazov\u00fd vape<\/strong> <\/a>je vybaven\u00fd 650mAh <strong data-start=\"550\" data-end=\"582\">nab\u00edjacie zariadenie na vaping<\/strong> bat\u00e9riou s r\u00fdchlym nab\u00edjan\u00edm typu Type-C, \u010do zais\u0165uje nepretr\u017eit\u00e9 pou\u017e\u00edvanie a minim\u00e1lne prestoje. Nastavite\u013en\u00fd prietok vzduchu a LCD displej umo\u017e\u0148uj\u00fa presn\u00e9 ovl\u00e1danie, \u010do pou\u017e\u00edvate\u013eom umo\u017e\u0148uje prisp\u00f4sobi\u0165 si z\u00e1\u017eitok z vapovania pre maxim\u00e1lnu spokojnos\u0165.<\/p>\n<p data-start=\"802\" data-end=\"1221\">Dostupn\u00e9 v 2% a 5% <strong data-start=\"825\" data-end=\"847\">nikot\u00ednov\u00e9 so\u013en\u00e9 vape boxy<\/strong> sil\u00e1ch, toto zariadenie vyhovuje stredn\u00fdm aj silnej\u0161\u00edm potiahnutiam. \u013dahk\u00fd, kompaktn\u00fd a prenosn\u00fd, je ide\u00e1lny pre ka\u017edodenn\u00e9 pou\u017eitie, cestovanie alebo spolo\u010densk\u00e9 prostredie. Jeho \u0161irok\u00fd v\u00fdber ovocn\u00fdch, mentolov\u00fdch a dezertn\u00fdch pr\u00edchut\u00ed rob\u00ed 12k potiahnut\u00ed <strong data-start=\"1085\" data-end=\"1106\">vape<\/strong> ide\u00e1lnym pre slovensk\u00fdch ve\u013ekoobchodn\u00fdch kupuj\u00facich alebo jednotliv\u00fdch vaperov, ktor\u00ed h\u013eadaj\u00fa pohodlie a v\u00fdkon v jednom zariaden\u00ed.<\/p>\n<p><img decoding=\"async\" class=\"wp-image-3255\" src=\"http:\/\/vapebulkp.com\/wp-content\/uploads\/2024\/12\/Vapsolo-Viking-12K-puffs-Cheap-Price-Vapes.png\" alt=\"Vapsolo Viking 12K potiahnut\u00ed Lacn\u00e9 vapy\" width=\"674\" height=\"505\" srcset=\"https:\/\/vapebulkp.com\/wp-content\/uploads\/2024\/12\/Vapsolo-Viking-12K-puffs-Cheap-Price-Vapes.png 1002w, https:\/\/vapebulkp.com\/wp-content\/uploads\/2024\/12\/Vapsolo-Viking-12K-puffs-Cheap-Price-Vapes-300x225.png 300w, https:\/\/vapebulkp.com\/wp-content\/uploads\/2024\/12\/Vapsolo-Viking-12K-puffs-Cheap-Price-Vapes-768x575.png 768w, https:\/\/vapebulkp.com\/wp-content\/uploads\/2024\/12\/Vapsolo-Viking-12K-puffs-Cheap-Price-Vapes-600x449.png 600w\" sizes=\"(max-width: 674px) 100vw, 674px\" \/><\/p>\n<h6>Pre z\u013eavnen\u00fa cenu, kontaktujte pros\u00edm Mandy cez WhatsApp<a href=\"https:\/\/wa.me\/8618077105796\">+8618077105796<\/a><\/h6>\n<p>&nbsp;<\/p>\n<p><img decoding=\"async\" class=\"alignnone wp-image-2151\" src=\"http:\/\/vapebulkp.com\/wp-content\/uploads\/2024\/04\/Mandy-WhatsApp-Randm.jpg\" alt=\"Mandy WhatsApp Randm\" width=\"324\" height=\"330\" \/><\/p>\n<div class=\"flex max-w-full flex-col flex-grow\">\n<div class=\"min-h-8 text-message flex w-full flex-col items-end gap-2 whitespace-normal break-words text-start [.text-message+&amp;]:mt-5\" dir=\"auto\" data-message-author-role=\"assistant\" data-message-id=\"1fe1b7df-f0be-476c-874a-f466adf11ab9\" data-message-model-slug=\"gpt-4o\">\n<div class=\"flex w-full flex-col gap-1 empty:hidden first:pt-[3px]\">\n<div class=\"markdown prose w-full break-words dark:prose-invert light\">\n<p>&nbsp;<\/p>\n<\/div>\n<\/div>\n<\/div>\n<\/div>\n<h3>\u0160pecifik\u00e1cie vape Vapsolo Viking 12000 Puffs<\/h3>\n<ul>\n<li><strong>Kapacita e-liquidu<\/strong>: 22 ml \u2013 Navrhnut\u00e9 pre dlh\u0161ie vapovacie sedenia s minim\u00e1lnym dop\u013a\u0148an\u00edm.<\/li>\n<li><strong>Bat\u00e9ria<\/strong>: 650mAh dob\u00edjate\u013en\u00e1 bat\u00e9ria \u2013 Poskytuje a\u017e 12 000 potiahnut\u00ed na jedno nabitie.<\/li>\n<li><strong>Technol\u00f3gia \u0161pir\u00e1lky<\/strong>: Pokro\u010dil\u00e1 mesh cievka \u2013 Zais\u0165uje konzistentn\u00fa produkciu pary a intenz\u00edvnu chu\u0165.<\/li>\n<li><strong>Odpor cievky<\/strong>: 1,0\u03a9 \u2013 Optimalizovan\u00e9 pre vyv\u00e1\u017een\u00fa produkciu pary a chuti.<\/li>\n<li><strong>Nab\u00edjacie rozhranie<\/strong>: R\u00fdchle nab\u00edjanie cez USB-C \u2013 efekt\u00edvne a pohodln\u00e9 nab\u00edjanie pre minim\u00e1lne prestoje.<\/li>\n<li><strong>Displej<\/strong>: LCD obrazovka \u2013 jednoduch\u00e9 sledovanie stavu bat\u00e9rie a nastaven\u00ed.<\/li>\n<li><strong>Mo\u017enosti pr\u00fadenia vzduchu<\/strong>: \u0160tyri nastavite\u013en\u00e9 \u00farovne pr\u00fadenia vzduchu \u2013 prisp\u00f4sobte si z\u00e1\u017eitok z vapovania s presnos\u0165ou.<\/li>\n<li><strong>Prenosnos\u0165<\/strong>: \u013dahk\u00fd a kompaktn\u00fd dizajn \u2013 v\u00e1\u017ei len 86 g pre \u013eahk\u00fa prenosnos\u0165.<\/li>\n<li><strong>Sila nikot\u00ednu<\/strong>: K dispoz\u00edcii vo variantoch 2% a 5% \u2013 vyberte si pod\u013ea svojich preferenci\u00ed.<\/li>\n<\/ul>\n<h3>Ve\u013ekoobchodn\u00e1 cena Pr\u00edchute Vapsolo Viking 12000 Puffs<\/h3>\n<p>1.\u010du\u010doriedka malina<br \/>\n2.\u010du\u010doriedka<br \/>\n3.\u0161umiv\u00e1 \u010dere\u0161\u0148a<br \/>\n4.vodov\u00fd mel\u00f3n \u013ead<br \/>\n5.jahoda kivi<br \/>\n6.jahoda vodov\u00fd mel\u00f3n<br \/>\n7.letn\u00fd sen<br \/>\n8.\u010du\u010doriedka \u010dere\u0161\u0148a brusnica<br \/>\n9.citr\u00f3n limetka<br \/>\n10.gumov\u00fd medved\u00edk<br \/>\n11.Jahodov\u00fd ban\u00e1n<br \/>\n12.svie\u017ea m\u00e4ta<br \/>\n13.jahoda malina \u013ead<br \/>\n14.Citr\u00f3nov\u00e1 brosky\u0148a<br \/>\n15.\u013dadov\u00e9 \u010derven\u00e9 jablko<\/p>\n<p><a href=\"https:\/\/vapebulkp.com\/sk\/product\/jnr-vape-mega-box-25000-puff-discount-price-vape-pods\/\"><span style=\"vertical-align: inherit\">JNR VAPE Mega Box 25000 potiahnut\u00ed <\/span><\/a><\/p>\n<p><span style=\"vertical-align: inherit\">N\u00e1jdite viac produktov, ktor\u00e9 by sa v\u00e1m mohli p\u00e1\u010di\u0165:<\/span><em><a href=\"https:\/\/wa.me\/8618077105796\"><span style=\"vertical-align: inherit\">\u00a0K\u00fapi\u0165<\/span><\/a><\/em><\/p>\n<p><span style=\"vertical-align: inherit\">\u010eal\u0161ie Puffs, ktor\u00e9 by sa v\u00e1m mohli p\u00e1\u010di\u0165:<\/span><a href=\"https:\/\/vapebulkp.com\/sk\/product\/waspe-vape-40000-puff-fihp-double-flavour-disposable-vape\/\"><span style=\"vertical-align: inherit\">WASPE FIHP  40000 potiahnut\u00ed<\/span><\/a><span style=\"vertical-align: inherit\">\u3001<\/span><a href=\"https:\/\/vapebulkp.com\/sk\/product\/wholesale-randm-tornado-9000-puffs-germany\/\"><span style=\"vertical-align: inherit\">RandM 9000 \u0165ahov<\/span><\/a><span style=\"vertical-align: inherit\">\/ <\/span><a href=\"https:\/\/vapebulkp.com\/sk\/fi\/product\/bang-30k-puffs-new-double-taste-good-vape\/\"><span style=\"vertical-align: inherit\">Bang Vape 30000 \u0165ahov<\/span><\/a><span style=\"vertical-align: inherit\">\/ <\/span><a href=\"https:\/\/vapebulkp.com\/sk\/product\/jnr-alien-10000-puffs-randm-vape-wholesale-price\/\"><span style=\"vertical-align: inherit\">JNR VAPE Alien 10000 potiahnut\u00ed<\/span><\/a><\/p>\n<p><span style=\"vertical-align: inherit\">E-cigareta so \u0161peci\u00e1lnym tvarom f\u013ea\u0161e:<\/span><a href=\"https:\/\/vapebulkp.com\/sk\/fi\/product\/bang-beach-22k-puffs-new-electronic-cigarette\/\"><span style=\"vertical-align: inherit\"> Bang Beach 22000 \u0165ahov<\/span><\/a><span style=\"vertical-align: inherit\">\/ <\/span><a href=\"https:\/\/vapebulkp.com\/sk\/fi\/product\/best-price-wga-crystal-pro-max-15k-puffs-original-vape\/\"><span style=\"vertical-align: inherit\">\u00a0WGA Crystal pro max 15k \u0165ahov <\/span><\/a><span style=\"vertical-align: inherit\">\/<\/span><a href=\"https:\/\/vapebulkp.com\/sk\/product\/wholesale-price-bangking-36000-puffs-hot-sale-vape-pod\/\"><span style=\"vertical-align: inherit\"> Bang King 36000 potiahnut\u00ed<\/span><\/a><\/p>\n<h3>Pre\u010do si vybra\u0165 <a href=\"https:\/\/vapebulkp.com\/sk\/vape-shop\/\">Vapebulkp<\/a>?<\/h3>\n<p>Vapebulkp sa odli\u0161uje ako d\u00f4veryhodn\u00e1 ve\u013ekoobchodn\u00e1 platforma pre \u0161pi\u010dkov\u00e9 zna\u010dky elektronick\u00fdch cigariet. S rozsiahlymi odborn\u00fdmi znalos\u0165ami v odbore si z\u00edskala poves\u0165 spo\u013eahliv\u00e9ho zdroja pre podniky aj jednotliv\u00fdch z\u00e1kazn\u00edkov.<\/p>\n<p><strong>\u0160irok\u00fd v\u00fdber pr\u00e9miov\u00fdch produktov<\/strong><br \/>\nVo Vapebulkp n\u00e1jdete rozmanit\u00fd sortiment vysokokvalitn\u00fdch zna\u010diek elektronick\u00fdch cigariet, \u010do zais\u0165uje komplexn\u00fd n\u00e1kupn\u00fd z\u00e1\u017eitok pre ka\u017ed\u00e9ho z\u00e1kazn\u00edka.<\/p>\n<p><strong>N\u00e1kladovo efekt\u00edvne ve\u013ekoobchodn\u00e9 ceny<\/strong><br \/>\nVapebulkp poskytuje konkurencieschopn\u00e9 ceny v\u0161etk\u00fdch produktov, \u010do pon\u00faka vynikaj\u00facu hodnotu bez kompromisov v kvalite, ktor\u00fa z\u00e1kazn\u00edci o\u010dak\u00e1vaj\u00fa.<\/p>\n<p><strong>R\u00fdchle a spo\u013eahliv\u00e9 doru\u010denie s v\u00fdnimo\u010dnou podporou<\/strong><br \/>\nVapebulkp sa zameriava na zaistenie r\u00fdchlej a spo\u013eahlivej prepravy, s \u0161pecializovan\u00fdm t\u00edmom z\u00e1kazn\u00edckych slu\u017eieb, ktor\u00fd je k dispoz\u00edcii na okam\u017eit\u00e9 rie\u0161enie ak\u00fdchko\u013evek ot\u00e1zok alebo probl\u00e9mov.<\/p>\n<h3><strong>\u010cast\u00e9 ot\u00e1zky o Vapsolo Viking 12000 potiahnut\u00ed<\/strong><\/h3>\n<ol>\n<li><strong>Ako dlho vydr\u017e\u00ed jednorazov\u00e1 e-cigareta Vapsolo Viking?<\/strong><br \/>\nVapsolo Viking vydr\u017e\u00ed a\u017e 12 000 potiahnut\u00ed, v z\u00e1vislosti od frekvencie v\u00e1\u0161ho pou\u017e\u00edvania.<\/li>\n<li><strong>M\u00f4\u017eem pou\u017ei\u0165 jednorazov\u00fa e-cigaretu Vapsolo Viking 12k Puffs pre MTL alebo DTL vaping?<\/strong><br \/>\nVapsolo Viking je ur\u010den\u00fd pre MTL (Mouth-to-Lung) Vaping, ktor\u00fd pon\u00faka hladk\u00fd a chutn\u00fd v\u0165ah.<\/li>\n<li><strong>Je jednorazov\u00e1 e-cigareta Vapsolo Viking 12k potiahnut\u00ed bezpe\u010dn\u00e1 na pou\u017eitie?<\/strong><br \/>\n\u00c1no, Vapsolo Viking je postaven\u00fd z kvalitn\u00fdch materi\u00e1lov a prech\u00e1dza pr\u00edsnymi bezpe\u010dnostn\u00fdmi normami, aby sa zaistil bezpe\u010dn\u00fd z\u00e1\u017eitok z vapingu.<\/li>\n<li><strong>Kde si m\u00f4\u017eem k\u00fapi\u0165 jednorazov\u00fa e-cigaretu Vapsolo Viking 12000 potiahnut\u00ed?<\/strong><br \/>\nVapsolo Viking 12000 potiahnut\u00ed si m\u00f4\u017eete zak\u00fapi\u0165 na Vapebulkp.com, kde n\u00e1jdete konkurencieschopn\u00e9 ceny a spo\u013eahliv\u00e9 mo\u017enosti dopravy.<\/li>\n<li><strong>\u010co m\u00e1m robi\u0165, ak m\u00e1m probl\u00e9m s mojou jednorazovou e-cigaretou Vapsolo Viking?<\/strong><br \/>\nAk naraz\u00edte na ak\u00e9ko\u013evek probl\u00e9my s va\u0161\u00edm Vapsolo Viking, n\u00e1\u0161 t\u00edm z\u00e1kazn\u00edckej podpory je pripraven\u00fd v\u00e1m pom\u00f4c\u0165. Kontaktujte n\u00e1s pre ak\u00e9ko\u013evek ot\u00e1zky t\u00fdkaj\u00face sa rie\u0161enia probl\u00e9mov alebo z\u00e1ruky.<\/li>\n<\/ol>\n<h3>Detail dopravy:<\/h3>\n<p><span style=\"color: #ff6600\">\u010cas v\u00fdroby: 5-10 pracovn\u00fdch dn\u00ed<\/span><br \/>\n<span style=\"color: #ff6600\">\u010cas dodania: 8-14 pracovn\u00fdch dn\u00ed<\/span><\/p>\n<p>V\u0161etky produkty v na\u0161om obchode s\u00fa 100 % origin\u00e1lne a autentick\u00e9, preto desa\u0165n\u00e1sobn\u00e1 kompenz\u00e1cia za falo\u0161n\u00fd tovar je na\u0161ou obchodnou politikou. Na doru\u010denie tovaru v\u00e1m pou\u017e\u00edvame logistick\u00e9 kan\u00e1ly ako UPS\/DHL\/FEDEX\/DPD.<\/p>\n<p>Pre z\u00e1sielky doru\u010dovan\u00e9 na Slovensko to zvy\u010dajne trv\u00e1 10 pracovn\u00fdch dn\u00ed. Z\u00e1sielky do eur\u00f3pskych kraj\u00edn zvy\u010dajne dorazia za 12 a\u017e 15 pracovn\u00fdch dn\u00ed. Inform\u00e1cie o logistike v\u00e1m budeme aktualizova\u0165 v re\u00e1lnom \u010dase.<\/p>","protected":false},"excerpt":{"rendered":"<p>Vape pod Vapsolo Viking 12000 Puffs pon\u00faka dlhotrvaj\u00face a chutn\u00e9 vapovanie s r\u00f4znymi mo\u017enos\u0165ami nikot\u00ednu a plynul\u00fdm v\u00fdkonom.<\/p>\n<p>Pre z\u013eavnen\u00fa cenu, kontaktujte pros\u00edm Mandy cez WhatsApp<a href=\"https:\/\/wa.me\/8618077105796\">+8618077105796<\/a><\/p>\n<p>&nbsp;<\/p>\n<p><img decoding=\"async\" class=\"alignnone wp-image-2151\" src=\"http:\/\/vapebulkp.com\/wp-content\/uploads\/2024\/04\/Mandy-WhatsApp-Randm.jpg\" alt=\"Mandy WhatsApp Randm\" width=\"297\" height=\"316\" srcset=\"https:\/\/vapebulkp.com\/wp-content\/uploads\/2024\/04\/Mandy-WhatsApp-Randm.jpg 916w, https:\/\/vapebulkp.com\/wp-content\/uploads\/2024\/04\/Mandy-WhatsApp-Randm-282x300.jpg 282w, https:\/\/vapebulkp.com\/wp-content\/uploads\/2024\/04\/Mandy-WhatsApp-Randm-768x817.jpg 768w, https:\/\/vapebulkp.com\/wp-content\/uploads\/2024\/04\/Mandy-WhatsApp-Randm-600x638.jpg 600w\" sizes=\"(max-width: 297px) 100vw, 297px\" \/><\/p>\n<p><span style=\"color: #ff0000\">POZN\u00c1MKA: Ceny na na\u0161ej webovej str\u00e1nke nezah\u0155\u0148aj\u00fa n\u00e1klady na dopravu<\/span><\/p>\n<p>&nbsp;<\/p>","protected":false},"featured_media":3246,"comment_status":"open","ping_status":"closed","template":"","meta":{"_uag_custom_page_level_css":"","_lmt_disableupdate":"no","_lmt_disable":"","site-sidebar-layout":"default","site-content-layout":"content-boxed-container","ast-site-content-layout":"normal-width-container","site-content-style":"boxed","site-sidebar-style":"unboxed","ast-global-header-display":"","ast-banner-title-visibility":"","ast-main-header-display":"","ast-hfb-above-header-display":"","ast-hfb-below-header-display":"","ast-hfb-mobile-header-display":"","site-post-title":"","ast-breadcrumbs-content":"","ast-featured-img":"","footer-sml-layout":"","theme-transparent-header-meta":"default","adv-header-id-meta":"","stick-header-meta":"","header-above-stick-meta":"","header-main-stick-meta":"","header-below-stick-meta":"","astra-migrate-meta-layouts":"set","_joinchat":[]},"product_cat":[166,153,155,33,59,100,87,34,158,157,154,152,58,84,156,63,32,362],"product_tag":[36,37,41,40,192],"class_list":["post-3254","product","type-product","status-publish","has-post-thumbnail","hentry","product_cat-12000-puffs-disposable-vape","product_cat-hot-disposable-vapes","product_cat-belgium-hot-disposable-vapes","product_cat-france-vape-hot-sale","product_cat-germany-hot-disposable-vape","product_cat-germany-wholesale-vape-shop","product_cat-minimum-order-quantity-50pcs","product_cat-netherlands-vape-good-sale","product_cat-norway-hot-disposable-vapes","product_cat-poland-hot-disposable-vapes","product_cat-portugal-hot-disposable-vapes","product_cat-spain-hot-disposable-vapes","product_cat-sweden-hot-disposable-vape","product_cat-sweden-wholesale-vape","product_cat-switzerland-hot-disposable-vapes","product_cat-top-sale-disposable-vape","product_cat-vape-hot-sale-this-week","product_cat-vapsolo-vape","product_tag-good-vape","product_tag-hot-sale-disposable-vape","product_tag-poland-hot-vape","product_tag-sweden-hot-vape","product_tag-vapsolo-viking-12k-puffs","pa_brand-vapsolo-vape","desktop-align-left","tablet-align-left","mobile-align-left"],"yoast_head":"<!-- This site is optimized with the Yoast SEO plugin v21.1 - https:\/\/yoast.com\/wordpress\/plugins\/seo\/ -->\n<title>Vapsolo Best Quality Viking 12K Puffs Disposable Vapes - vapebulkp.com<\/title>\n<meta name=\"description\" content=\"Top Sale Vapsolo Viking 12000 Puffs: Premium disposable vape, smooth DTL experience, 12,000 puffs, multiple nicotine options\" \/>\n<meta name=\"robots\" content=\"index, follow, max-snippet:-1, max-image-preview:large, max-video-preview:-1\" \/>\n<link rel=\"canonical\" href=\"https:\/\/vapebulkp.com\/sk\/product\/vapsolo-best-quality-viking-12k-puffs-disposable-vapes\/\" \/>\n<meta property=\"og:locale\" content=\"sk_SK\" \/>\n<meta property=\"og:type\" content=\"article\" \/>\n<meta property=\"og:title\" content=\"Vapsolo Best Quality Viking 12K Puffs Disposable Vapes - vapebulkp.com\" \/>\n<meta property=\"og:description\" content=\"Top Sale Vapsolo Viking 12000 Puffs: Premium disposable vape, smooth DTL experience, 12,000 puffs, multiple nicotine options\" \/>\n<meta property=\"og:url\" content=\"https:\/\/vapebulkp.com\/sk\/product\/vapsolo-best-quality-viking-12k-puffs-disposable-vapes\/\" \/>\n<meta property=\"og:site_name\" content=\"vapebulkp.com\" \/>\n<meta property=\"article:modified_time\" content=\"2025-09-24T03:22:09+00:00\" \/>\n<meta property=\"og:image\" content=\"http:\/\/vapebulkp.com\/wp-content\/uploads\/2024\/12\/Vapsolo-Viking-12K-puffs-Germany-Hot-Vape.png\" \/>\n\t<meta property=\"og:image:width\" content=\"800\" \/>\n\t<meta property=\"og:image:height\" content=\"800\" \/>\n\t<meta property=\"og:image:type\" content=\"image\/png\" \/>\n<meta name=\"twitter:card\" content=\"summary_large_image\" \/>\n<meta name=\"twitter:label1\" content=\"Predpokladan\u00fd \u010das \u010d\u00edtania\" \/>\n\t<meta name=\"twitter:data1\" content=\"4 min\u00faty\" \/>\n<script type=\"application\/ld+json\" class=\"yoast-schema-graph\">{\"@context\":\"https:\/\/schema.org\",\"@graph\":[{\"@type\":\"WebPage\",\"@id\":\"https:\/\/vapebulkp.com\/product\/vapsolo-best-quality-viking-12k-puffs-disposable-vapes\/\",\"url\":\"https:\/\/vapebulkp.com\/product\/vapsolo-best-quality-viking-12k-puffs-disposable-vapes\/\",\"name\":\"Vapsolo Best Quality Viking 12K Puffs Disposable Vapes - vapebulkp.com\",\"isPartOf\":{\"@id\":\"https:\/\/vapebulkp.com\/#website\"},\"datePublished\":\"2024-12-18T09:08:48+00:00\",\"dateModified\":\"2025-09-24T03:22:09+00:00\",\"description\":\"Top Sale Vapsolo Viking 12000 Puffs: Premium disposable vape, smooth DTL experience, 12,000 puffs, multiple nicotine options\",\"breadcrumb\":{\"@id\":\"https:\/\/vapebulkp.com\/product\/vapsolo-best-quality-viking-12k-puffs-disposable-vapes\/#breadcrumb\"},\"inLanguage\":\"sk-SK\",\"potentialAction\":[{\"@type\":\"ReadAction\",\"target\":[\"https:\/\/vapebulkp.com\/product\/vapsolo-best-quality-viking-12k-puffs-disposable-vapes\/\"]}]},{\"@type\":\"BreadcrumbList\",\"@id\":\"https:\/\/vapebulkp.com\/product\/vapsolo-best-quality-viking-12k-puffs-disposable-vapes\/#breadcrumb\",\"itemListElement\":[{\"@type\":\"ListItem\",\"position\":1,\"name\":\"Home\",\"item\":\"https:\/\/vapebulkp.com\/\"},{\"@type\":\"ListItem\",\"position\":2,\"name\":\"Hot Trend Vapes\",\"item\":\"https:\/\/vapebulkp.com\/vape-shop\/\"},{\"@type\":\"ListItem\",\"position\":3,\"name\":\"Vapsolo Best Quality Viking 12K Puffs Disposable Vapes\"}]},{\"@type\":\"WebSite\",\"@id\":\"https:\/\/vapebulkp.com\/#website\",\"url\":\"https:\/\/vapebulkp.com\/\",\"name\":\"vapebulkp.com\",\"description\":\"Buy Vape In Cheap Bulk Price Near you\",\"publisher\":{\"@id\":\"https:\/\/vapebulkp.com\/#organization\"},\"potentialAction\":[{\"@type\":\"SearchAction\",\"target\":{\"@type\":\"EntryPoint\",\"urlTemplate\":\"https:\/\/vapebulkp.com\/?s={search_term_string}\"},\"query-input\":\"required name=search_term_string\"}],\"inLanguage\":\"sk-SK\"},{\"@type\":\"Organization\",\"@id\":\"https:\/\/vapebulkp.com\/#organization\",\"name\":\"vapebulkp.com\",\"url\":\"https:\/\/vapebulkp.com\/\",\"logo\":{\"@type\":\"ImageObject\",\"inLanguage\":\"sk-SK\",\"@id\":\"https:\/\/vapebulkp.com\/#\/schema\/logo\/image\/\",\"url\":\"https:\/\/vapebulkp.com\/wp-content\/uploads\/2023\/09\/cropped-vapebulkp.png\",\"contentUrl\":\"https:\/\/vapebulkp.com\/wp-content\/uploads\/2023\/09\/cropped-vapebulkp.png\",\"width\":516,\"height\":163,\"caption\":\"vapebulkp.com\"},\"image\":{\"@id\":\"https:\/\/vapebulkp.com\/#\/schema\/logo\/image\/\"}}]}<\/script>\n<!-- \/ Yoast SEO plugin. -->","yoast_head_json":{"title":"Vapsolo Best Quality Viking 12K Puffs Disposable Vapes - vapebulkp.com","description":"Top Sale Vapsolo Viking 12000 Puffs: Premium disposable vape, smooth DTL experience, 12,000 puffs, multiple nicotine options","robots":{"index":"index","follow":"follow","max-snippet":"max-snippet:-1","max-image-preview":"max-image-preview:large","max-video-preview":"max-video-preview:-1"},"canonical":"https:\/\/vapebulkp.com\/sk\/product\/vapsolo-best-quality-viking-12k-puffs-disposable-vapes\/","og_locale":"sk_SK","og_type":"article","og_title":"Vapsolo Best Quality Viking 12K Puffs Disposable Vapes - vapebulkp.com","og_description":"Top Sale Vapsolo Viking 12000 Puffs: Premium disposable vape, smooth DTL experience, 12,000 puffs, multiple nicotine options","og_url":"https:\/\/vapebulkp.com\/sk\/product\/vapsolo-best-quality-viking-12k-puffs-disposable-vapes\/","og_site_name":"vapebulkp.com","article_modified_time":"2025-09-24T03:22:09+00:00","og_image":[{"width":800,"height":800,"url":"http:\/\/vapebulkp.com\/wp-content\/uploads\/2024\/12\/Vapsolo-Viking-12K-puffs-Germany-Hot-Vape.png","type":"image\/png"}],"twitter_card":"summary_large_image","twitter_misc":{"Predpokladan\u00fd \u010das \u010d\u00edtania":"4 min\u00faty"},"schema":{"@context":"https:\/\/schema.org","@graph":[{"@type":"WebPage","@id":"https:\/\/vapebulkp.com\/product\/vapsolo-best-quality-viking-12k-puffs-disposable-vapes\/","url":"https:\/\/vapebulkp.com\/product\/vapsolo-best-quality-viking-12k-puffs-disposable-vapes\/","name":"Vapsolo Best Quality Viking 12K Puffs Disposable Vapes - vapebulkp.com","isPartOf":{"@id":"https:\/\/vapebulkp.com\/#website"},"datePublished":"2024-12-18T09:08:48+00:00","dateModified":"2025-09-24T03:22:09+00:00","description":"Top Sale Vapsolo Viking 12000 Puffs: Premium disposable vape, smooth DTL experience, 12,000 puffs, multiple nicotine options","breadcrumb":{"@id":"https:\/\/vapebulkp.com\/product\/vapsolo-best-quality-viking-12k-puffs-disposable-vapes\/#breadcrumb"},"inLanguage":"sk-SK","potentialAction":[{"@type":"ReadAction","target":["https:\/\/vapebulkp.com\/product\/vapsolo-best-quality-viking-12k-puffs-disposable-vapes\/"]}]},{"@type":"BreadcrumbList","@id":"https:\/\/vapebulkp.com\/product\/vapsolo-best-quality-viking-12k-puffs-disposable-vapes\/#breadcrumb","itemListElement":[{"@type":"ListItem","position":1,"name":"Home","item":"https:\/\/vapebulkp.com\/"},{"@type":"ListItem","position":2,"name":"Hot Trend Vapes","item":"https:\/\/vapebulkp.com\/vape-shop\/"},{"@type":"ListItem","position":3,"name":"Vapsolo Best Quality Viking 12K Puffs Disposable Vapes"}]},{"@type":"WebSite","@id":"https:\/\/vapebulkp.com\/#website","url":"https:\/\/vapebulkp.com\/","name":"vapebulkp.com","description":"Buy Vape In Cheap Bulk Price Near you","publisher":{"@id":"https:\/\/vapebulkp.com\/#organization"},"potentialAction":[{"@type":"SearchAction","target":{"@type":"EntryPoint","urlTemplate":"https:\/\/vapebulkp.com\/?s={search_term_string}"},"query-input":"required name=search_term_string"}],"inLanguage":"sk-SK"},{"@type":"Organization","@id":"https:\/\/vapebulkp.com\/#organization","name":"vapebulkp.com","url":"https:\/\/vapebulkp.com\/","logo":{"@type":"ImageObject","inLanguage":"sk-SK","@id":"https:\/\/vapebulkp.com\/#\/schema\/logo\/image\/","url":"https:\/\/vapebulkp.com\/wp-content\/uploads\/2023\/09\/cropped-vapebulkp.png","contentUrl":"https:\/\/vapebulkp.com\/wp-content\/uploads\/2023\/09\/cropped-vapebulkp.png","width":516,"height":163,"caption":"vapebulkp.com"},"image":{"@id":"https:\/\/vapebulkp.com\/#\/schema\/logo\/image\/"}}]}},"uagb_featured_image_src":{"full":["https:\/\/vapebulkp.com\/wp-content\/uploads\/2024\/12\/Vapsolo-Viking-12K-puffs-Germany-Hot-Vape.png",800,800,false],"thumbnail":["https:\/\/vapebulkp.com\/wp-content\/uploads\/2024\/12\/Vapsolo-Viking-12K-puffs-Germany-Hot-Vape-150x150.png",150,150,true],"medium":["https:\/\/vapebulkp.com\/wp-content\/uploads\/2024\/12\/Vapsolo-Viking-12K-puffs-Germany-Hot-Vape-300x300.png",300,300,true],"medium_large":["https:\/\/vapebulkp.com\/wp-content\/uploads\/2024\/12\/Vapsolo-Viking-12K-puffs-Germany-Hot-Vape-768x768.png",768,768,true],"large":["https:\/\/vapebulkp.com\/wp-content\/uploads\/2024\/12\/Vapsolo-Viking-12K-puffs-Germany-Hot-Vape.png",800,800,false],"1536x1536":["https:\/\/vapebulkp.com\/wp-content\/uploads\/2024\/12\/Vapsolo-Viking-12K-puffs-Germany-Hot-Vape.png",800,800,false],"2048x2048":["https:\/\/vapebulkp.com\/wp-content\/uploads\/2024\/12\/Vapsolo-Viking-12K-puffs-Germany-Hot-Vape.png",800,800,false],"trp-custom-language-flag":["https:\/\/vapebulkp.com\/wp-content\/uploads\/2024\/12\/Vapsolo-Viking-12K-puffs-Germany-Hot-Vape.png",12,12,false],"woocommerce_thumbnail":["https:\/\/vapebulkp.com\/wp-content\/uploads\/2024\/12\/Vapsolo-Viking-12K-puffs-Germany-Hot-Vape-300x300.png",300,300,true],"woocommerce_single":["https:\/\/vapebulkp.com\/wp-content\/uploads\/2024\/12\/Vapsolo-Viking-12K-puffs-Germany-Hot-Vape-600x600.png",600,600,true],"woocommerce_gallery_thumbnail":["https:\/\/vapebulkp.com\/wp-content\/uploads\/2024\/12\/Vapsolo-Viking-12K-puffs-Germany-Hot-Vape-100x100.png",100,100,true],"wcpr-photo-reviews":["https:\/\/vapebulkp.com\/wp-content\/uploads\/2024\/12\/Vapsolo-Viking-12K-puffs-Germany-Hot-Vape.png",500,500,false]},"uagb_author_info":{"display_name":"Mandy vape bulk price","author_link":"https:\/\/vapebulkp.com\/sk\/author\/"},"uagb_comment_info":0,"uagb_excerpt":"The Vapsolo Viking 12000 Puffs Vape Pod offers long-lasting, flavorful vaping with a variety of nicotine options and smooth performance. Pls Contact Mandy's WhatsApp For Discount Price+8618077105796 &nbsp; NOTE: Prices on our website does not include shipping costs &nbsp;","_links":{"self":[{"href":"https:\/\/vapebulkp.com\/sk\/wp-json\/wp\/v2\/product\/3254","targetHints":{"allow":["GET"]}}],"collection":[{"href":"https:\/\/vapebulkp.com\/sk\/wp-json\/wp\/v2\/product"}],"about":[{"href":"https:\/\/vapebulkp.com\/sk\/wp-json\/wp\/v2\/types\/product"}],"replies":[{"embeddable":true,"href":"https:\/\/vapebulkp.com\/sk\/wp-json\/wp\/v2\/comments?post=3254"}],"wp:featuredmedia":[{"embeddable":true,"href":"https:\/\/vapebulkp.com\/sk\/wp-json\/wp\/v2\/media\/3246"}],"wp:attachment":[{"href":"https:\/\/vapebulkp.com\/sk\/wp-json\/wp\/v2\/media?parent=3254"}],"wp:term":[{"taxonomy":"product_cat","embeddable":true,"href":"https:\/\/vapebulkp.com\/sk\/wp-json\/wp\/v2\/product_cat?post=3254"},{"taxonomy":"product_tag","embeddable":true,"href":"https:\/\/vapebulkp.com\/sk\/wp-json\/wp\/v2\/product_tag?post=3254"}],"curies":[{"name":"wp","href":"https:\/\/api.w.org\/{rel}","templated":true}]}}