{"id":3285,"date":"2024-12-26T10:32:38","date_gmt":"2024-12-26T09:32:38","guid":{"rendered":"https:\/\/vapebulkp.com\/?post_type=product&#038;p=3285"},"modified":"2025-09-24T05:21:36","modified_gmt":"2025-09-24T03:21:36","slug":"bood-pulse-pro-25k-50k-disposable-vape-bar-5000-puffs-nicotine-free","status":"publish","type":"product","link":"https:\/\/vapebulkp.com\/sk\/product\/bood-pulse-pro-25k-50k-disposable-vape-bar-5000-puffs-nicotine-free\/","title":{"rendered":"Bood Pulse Pro 25k\/50k Jednorazov\u00e1 vape ty\u010dinka 5000 \u0165ahov Bez nikot\u00ednu"},"content":{"rendered":"<h2 style=\"text-align: left\">Bood Pulse Pro 25k\/50k Jednorazov\u00e1 vape ty\u010dinka 5000 \u0165ahov Bez nikot\u00ednu<\/h2>\n<p>&nbsp;<\/p>\n<p data-start=\"347\" data-end=\"692\">Ten <strong>Bood Pulse Pro 25k\/50k Jednorazov\u00e1 Vapa 5000 Puffs<\/strong>\u00a0je skuto\u010dne <strong data-start=\"408\" data-end=\"433\">dlhotrvaj\u00faca vapa<\/strong> vyvinut\u00e1 pre eur\u00f3pskych pou\u017e\u00edvate\u013eov, ktor\u00ed vy\u017eaduj\u00fa spo\u013eahlivos\u0165, chu\u0165 a kapacitu v jednom zariaden\u00ed. S a\u017e 50 000 potiahnutiami kombinuje pokro\u010dil\u00e9 in\u017einierstvo s pohodl\u00edm, \u010do z nej rob\u00ed vynikaj\u00facu vo\u013ebu pre maloobchodn\u00fdch z\u00e1kazn\u00edkov aj pre <strong data-start=\"661\" data-end=\"682\">ve\u013ekoobchodn\u00e1 mo\u017enos\u0165 pre vapovanie na Slovensku<\/strong> trh.<\/p>\n<p data-start=\"694\" data-end=\"983\">Ka\u017ed\u00e9 zariadenie je vopred naplnen\u00e9 38 ml <strong data-start=\"736\" data-end=\"761\">pr\u00e9miov\u00e9ho e-liquidu<\/strong>, ktor\u00fd poskytuje konzistentn\u00fa chu\u0165 a hladk\u00fa paru po cel\u00fa dobu jeho \u017eivotnosti. S koncentr\u00e1ciami nikot\u00ednovej soli dostupn\u00fdmi v 2% a 5%, uspokojuje mierne aj silnej\u0161ie preferencie, \u010d\u00edm zais\u0165uje spokojnos\u0165 \u0161irok\u00e9mu publiku.<\/p>\n<p data-start=\"985\" data-end=\"1297\">Nap\u00e1jan\u00e1 850mAh nab\u00edjate\u013enou bat\u00e9riou a vybaven\u00e1 r\u00fdchlym nab\u00edjan\u00edm Type-C, t\u00e1to <strong data-start=\"1072\" data-end=\"1104\">nab\u00edjate\u013en\u00fd jednorazov\u00fd vape<\/strong> minimalizuje prestoje a maximalizuje v\u00fdkon. Integrovan\u00e1 <strong data-start=\"1166\" data-end=\"1184\">syst\u00e9mu s mesh cievkou<\/strong> technol\u00f3gia zvy\u0161uje intenzitu chuti a hustotu pary, \u010d\u00edm d\u00e1va ka\u017ed\u00e9mu potiahnutiu rafinovan\u00fd a uspokojiv\u00fd hit do krku.<\/p>\n<p data-start=\"1299\" data-end=\"1565\">Kompaktn\u00e9 a \u0161t\u00fdlov\u00e9 zariadenie <strong data-start=\"1324\" data-end=\"1370\">Bood Pulse Pro <a href=\"https:\/\/vapebulkp.com\/sk\/product-category\/50000-puffs-disposable-vape\/\">50000 potiahnut\u00ed jednorazov\u00fd vap<\/a><\/strong> je ide\u00e1lna pre ka\u017edodenn\u00e9 pou\u017eitie, cestovanie a spolo\u010densk\u00e9 pr\u00edle\u017eitosti. Pre distrib\u00fatorov a maloobchodn\u00edkov je v\u010faka svojmu vysok\u00e9mu dopytu a dizajnu pripraven\u00e9mu na hromadn\u00fa prepravu jednou z najziskovej\u0161\u00edch mo\u017enost\u00ed na slovenskom trhu.<\/p>\n<h6>Pre z\u013eavnen\u00fa cenu, kontaktujte pros\u00edm Mandy cez WhatsApp<a href=\"https:\/\/wa.me\/8618077105796\">+8618077105796<\/a><\/h6>\n<p><img decoding=\"async\" class=\"alignnone wp-image-2151\" src=\"http:\/\/vapebulkp.com\/wp-content\/uploads\/2024\/04\/Mandy-WhatsApp-Randm.jpg\" alt=\"Mandy WhatsApp Randm\" width=\"324\" height=\"330\" \/><\/p>\n<div class=\"flex max-w-full flex-col flex-grow\">\n<div class=\"min-h-8 text-message flex w-full flex-col items-end gap-2 whitespace-normal break-words text-start [.text-message+&amp;]:mt-5\" dir=\"auto\" data-message-author-role=\"assistant\" data-message-id=\"d24cf626-c018-4805-80f5-44de047f2ba0\" data-message-model-slug=\"gpt-4o\">\n<div class=\"flex w-full flex-col gap-1 empty:hidden first:pt-[3px]\">\n<div class=\"markdown prose w-full break-words dark:prose-invert light\">\n<h2>Pre\u010do si vybra\u0165 elektronick\u00fa cigaretu Bood Pulse Pro 50000 Puffs?<\/h2>\n<p>Navrhnut\u00e1 s oh\u013eadom na pohodlie a v\u00fdkon, t\u00e1to <strong>Bood Pulse Pro<\/strong> poskytuje siln\u00fd z\u00e1\u017eitok z vapovania bez n\u00e1mahy s \u00fadr\u017ebou. \u010ci u\u017e ste pr\u00edle\u017eitostn\u00fd alebo v\u00e1\u0161niv\u00fd vaper, toto zariadenie je ide\u00e1lne pre dlhodob\u00e9 pou\u017e\u00edvanie, pri\u010dom poskytuje \u010dist\u00fd, konzistentn\u00fd a chutn\u00fd hit pri ka\u017edom potiahnut\u00ed.<\/p>\n<p>&nbsp;<\/p>\n<\/div>\n<\/div>\n<\/div>\n<\/div>\n<h3>Bood Pulse Pro Beznikot\u00ednov\u00fd vejp 50000 potiahnut\u00ed K\u013e\u00fa\u010dov\u00e9 \u0161pecifik\u00e1cie:<\/h3>\n<ul>\n<li><strong>Kapacita e-liquidu<\/strong>: 38ml vopred naplnen\u00e9 pre dlhodob\u00e9 pou\u017e\u00edvanie<\/li>\n<li><strong>Sila nikot\u00ednu<\/strong>: Dostupn\u00e9 vo variantoch 2% a 5% pre r\u00f4zne preferencie<\/li>\n<li><strong>V\u00fdkon bat\u00e9rie<\/strong>: Odoln\u00e1 850mAh nab\u00edjate\u013en\u00e1 bat\u00e9ria zabezpe\u010duje st\u00e1ly v\u00fdkon<\/li>\n<li><strong>Technol\u00f3gia \u0161pir\u00e1lky<\/strong>: Pokro\u010dil\u00e1 mesh cievka pre hladk\u00fa produkciu pary a bohat\u00fa chu\u0165<\/li>\n<\/ul>\n<p>&nbsp;<\/p>\n<h3><strong>Vape zariadenie s dlhou \u017eivotnos\u0165ou a mesh cievkou <\/strong>Bood Pulse Pro 25k 50k Potiahnut\u00ed <strong>Zoznam pr\u00edchut\u00ed<\/strong><\/h3>\n<p>1.MEL\u00d3N ANAN\u00c1S POMARAN\u010c<br \/>\n2.\u010cU\u010cORIEDKA KYSL\u00c1 MALINA<br \/>\n3.VODN\u00dd MEL\u00d3N KIWI<br \/>\n4.\u010cU\u010cORIEDKA VODN\u00dd MEL\u00d3N<br \/>\n5.\u010cIERNA R\u00cdBE\u013dA \u013dAD<br \/>\n6.TROJIT\u00dd MEL\u00d3N<br \/>\n7.JAHODA \u013dAD<br \/>\n8.JAHODOV\u00dd VODN\u00dd MEL\u00d3N \u013dAD<br \/>\n9.DVOJIT\u00c1 LIMON\u00c1DA<br \/>\n10.HROZNO BRUSNICA \u010cU\u010cORIEDKA MALINA<\/p>\n<p><a href=\"https:\/\/vapebulkp.com\/sk\/product\/aivono-curved-smart-screen-35000-puffs-disposable-vape-wholesale-price\/\"><span style=\"vertical-align: inherit\">Aivono 35000 \u0165ahov <\/span><\/a><\/p>\n<p><span style=\"vertical-align: inherit\">N\u00e1jdite viac produktov, ktor\u00e9 by sa v\u00e1m mohli p\u00e1\u010di\u0165:<\/span><em><a href=\"https:\/\/wa.me\/8618077105796\"><span style=\"vertical-align: inherit\">\u00a0K\u00fapi\u0165<\/span><\/a><\/em><\/p>\n<p><span style=\"vertical-align: inherit\">\u010eal\u0161ie Puffs, ktor\u00e9 by sa v\u00e1m mohli p\u00e1\u010di\u0165:<\/span><a href=\"https:\/\/vapebulkp.com\/sk\/product\/wholesale-price-bang-kingdoms-rex-32000-puffs-vape-pod\/\"><span style=\"vertical-align: inherit\">Bang Kingdoms 32000 Puffs<\/span><\/a><span style=\"vertical-align: inherit\">\u3001<\/span><a href=\"https:\/\/vapebulkp.com\/sk\/product\/vookbar-30000-puffs-touch-screen-disposable-vapes-wholesale-price\/\"><span style=\"vertical-align: inherit\">Vookbar 30000 Potiahnut\u00ed<\/span><\/a><span style=\"vertical-align: inherit\">\/ <\/span><a href=\"https:\/\/vapebulkp.com\/sk\/product\/vapsolo-best-quality-viking-12k-puffs-disposable-vapes\/\"><span style=\"vertical-align: inherit\">Vapsolo viking 12000 \u0165ahov<\/span><\/a><span style=\"vertical-align: inherit\">\/ <\/span><a href=\"https:\/\/vapebulkp.com\/sk\/product\/waspe-vape-40000-puff-fihp-double-flavour-disposable-vape\/\"><span style=\"vertical-align: inherit\">WASPE 40000 \u0165ahov<\/span><\/a><\/p>\n<p>&nbsp;<\/p>\n<h3>\u010cast\u00e9 ot\u00e1zky pre jednorazov\u00e9 vejp zariadenia Bood Pulse Pro 25K\/50k 50000 Potiahnut\u00ed<\/h3>\n<p><strong>Ot\u00e1zka: Ak\u00e9 je minim\u00e1lne mno\u017estvo objedn\u00e1vky (MOQ) pre Bood Pulse Pro 25K\/50K Potiahnut\u00ed?<\/strong><br \/>\nOdpove\u010f: Minim\u00e1lne mno\u017estvo objedn\u00e1vky je <strong>50 kusov<\/strong>.<\/p>\n<p><strong>Ot\u00e1zka: Ako dlho trv\u00e1 doru\u010denie po zadan\u00ed objedn\u00e1vky?<\/strong><br \/>\nOdpove\u010f: Dodacia lehota je zvy\u010dajne <strong>10-15 dn\u00ed<\/strong> po odoslan\u00ed.<\/p>\n<p><strong>Ot\u00e1zka: Ko\u013eko bude st\u00e1\u0165 doprava?<\/strong><br \/>\nOdpove\u010f: N\u00e1klady na dopravu z\u00e1visia od celkovej hmotnosti va\u0161ej objedn\u00e1vky. Pre konkr\u00e9tne ceny n\u00e1s pros\u00edm kontaktujte, aby sme v\u00e1m poskytli podrobn\u00e9 inform\u00e1cie na z\u00e1klade v\u00e1\u0161ho mno\u017estva a miesta.<\/p>\n<p><strong>Ot\u00e1zka: Posielate aj do zahrani\u010dia?<\/strong><br \/>\nOdpove\u010f: \u00c1no, posielame do v\u00e4\u010d\u0161iny eur\u00f3pskych kraj\u00edn, okrem in\u00e9ho aj do <strong>Holandska, Nemecka, Franc\u00fazska, \u0160panielska, Talianska, Belgicka, Rak\u00faska, Po\u013eska, \u0160v\u00e9dska, \u00cdrska, F\u00ednska a Portugalska<\/strong>.<\/p>\n<p><strong>Ot\u00e1zka: Je k dispoz\u00edcii sledovanie objedn\u00e1vky?<\/strong><br \/>\nOdpove\u010f: Samozrejme! Hne\u010f ako bude va\u0161a objedn\u00e1vka odoslan\u00e1, poskytneme v\u00e1m sledovacie \u010d\u00edslo a odkaz na sledovanie va\u0161ej z\u00e1sielky.<\/p>\n<h3>Detail dopravy:<\/h3>\n<p><span style=\"color: #ff6600\">\u010cas v\u00fdroby: 5-10 pracovn\u00fdch dn\u00ed<\/span><br \/>\n<span style=\"color: #ff6600\">\u010cas dodania: 8-14 pracovn\u00fdch dn\u00ed<\/span><\/p>\n<p>V\u0161etky produkty v na\u0161om obchode s\u00fa 100 % origin\u00e1lne a autentick\u00e9, preto desa\u0165n\u00e1sobn\u00e1 kompenz\u00e1cia za falo\u0161n\u00fd tovar je na\u0161ou obchodnou politikou. Na doru\u010denie tovaru v\u00e1m pou\u017e\u00edvame logistick\u00e9 kan\u00e1ly ako UPS\/DHL\/FEDEX\/DPD.<\/p>\n<p>Pre z\u00e1sielky doru\u010dovan\u00e9 na Slovensko to zvy\u010dajne trv\u00e1 10 pracovn\u00fdch dn\u00ed. Z\u00e1sielky do eur\u00f3pskych kraj\u00edn zvy\u010dajne dorazia za 12 a\u017e 15 pracovn\u00fdch dn\u00ed. Inform\u00e1cie o logistike v\u00e1m budeme aktualizova\u0165 v re\u00e1lnom \u010dase.<\/p>","protected":false},"excerpt":{"rendered":"<ul>\n<li><strong>Bood Pulse Pro 50K Jednorazov\u00e1 Vapa Bez Nikot\u00ednu<\/strong><\/li>\n<li><strong>25K\/50K Puffs Bood Pulse Pro Nab\u00edjate\u013en\u00e1 Vapa<\/strong><\/li>\n<li><strong>Bood Pulse Pro 50000 Puffs Jednorazov\u00e1 Mrie\u017ekov\u00e1 Cievka Vapa Bez Nikot\u00ednu<\/strong><\/li>\n<\/ul>\n<p>Pre z\u013eavnen\u00fa cenu, kontaktujte pros\u00edm Mandy cez WhatsApp<a href=\"https:\/\/wa.me\/8618077105796\">+8618077105796<\/a><\/p>\n<p><img decoding=\"async\" class=\"alignnone wp-image-2151\" src=\"http:\/\/vapebulkp.com\/wp-content\/uploads\/2024\/04\/Mandy-WhatsApp-Randm.jpg\" alt=\"Mandy WhatsApp Randm\" width=\"297\" height=\"316\" srcset=\"https:\/\/vapebulkp.com\/wp-content\/uploads\/2024\/04\/Mandy-WhatsApp-Randm.jpg 916w, https:\/\/vapebulkp.com\/wp-content\/uploads\/2024\/04\/Mandy-WhatsApp-Randm-282x300.jpg 282w, https:\/\/vapebulkp.com\/wp-content\/uploads\/2024\/04\/Mandy-WhatsApp-Randm-768x817.jpg 768w, https:\/\/vapebulkp.com\/wp-content\/uploads\/2024\/04\/Mandy-WhatsApp-Randm-600x638.jpg 600w\" sizes=\"(max-width: 297px) 100vw, 297px\" \/><\/p>\n<p><span style=\"color: #ff0000\">POZN\u00c1MKA: Ceny na na\u0161ej webovej str\u00e1nke nezah\u0155\u0148aj\u00fa n\u00e1klady na dopravu<\/span><\/p>\n<p>&nbsp;<\/p>","protected":false},"featured_media":3286,"comment_status":"open","ping_status":"closed","template":"","meta":{"_uag_custom_page_level_css":"","_lmt_disableupdate":"no","_lmt_disable":"","site-sidebar-layout":"default","site-content-layout":"content-boxed-container","ast-site-content-layout":"normal-width-container","site-content-style":"boxed","site-sidebar-style":"unboxed","ast-global-header-display":"","ast-banner-title-visibility":"","ast-main-header-display":"","ast-hfb-above-header-display":"","ast-hfb-below-header-display":"","ast-hfb-mobile-header-display":"","site-post-title":"","ast-breadcrumbs-content":"","ast-featured-img":"","footer-sml-layout":"","theme-transparent-header-meta":"default","adv-header-id-meta":"","stick-header-meta":"","header-above-stick-meta":"","header-main-stick-meta":"","header-below-stick-meta":"","astra-migrate-meta-layouts":"set","_joinchat":[]},"product_cat":[194,153,155,346,33,59,100,87,34,158,157,154,152,58,84,156,63,32],"product_tag":[195,36,37,41,40],"class_list":["post-3285","product","type-product","status-publish","has-post-thumbnail","hentry","product_cat-50000-puffs-disposable-vape","product_cat-hot-disposable-vapes","product_cat-belgium-hot-disposable-vapes","product_cat-bood-vapes","product_cat-france-vape-hot-sale","product_cat-germany-hot-disposable-vape","product_cat-germany-wholesale-vape-shop","product_cat-minimum-order-quantity-50pcs","product_cat-netherlands-vape-good-sale","product_cat-norway-hot-disposable-vapes","product_cat-poland-hot-disposable-vapes","product_cat-portugal-hot-disposable-vapes","product_cat-spain-hot-disposable-vapes","product_cat-sweden-hot-disposable-vape","product_cat-sweden-wholesale-vape","product_cat-switzerland-hot-disposable-vapes","product_cat-top-sale-disposable-vape","product_cat-vape-hot-sale-this-week","product_tag-50000-puffs","product_tag-good-vape","product_tag-hot-sale-disposable-vape","product_tag-poland-hot-vape","product_tag-sweden-hot-vape","pa_brand-bood-vape","desktop-align-left","tablet-align-left","mobile-align-left"],"yoast_head":"<!-- This site is optimized with the Yoast SEO plugin v21.1 - https:\/\/yoast.com\/wordpress\/plugins\/seo\/ -->\n<title>Bood Pulse Pro 25k\/50k Disposable Vape Bar 5000 Puffs Nicotine Free - vapebulkp.com<\/title>\n<meta name=\"description\" content=\"Wholesale Bood Pulse Pro 25K\/50K Disposable Vape Bar, 5000 puffs, nicotine-free, sleek design, long-lasting performance for a smooth vaping experience.\" \/>\n<meta name=\"robots\" content=\"index, follow, max-snippet:-1, max-image-preview:large, max-video-preview:-1\" \/>\n<link rel=\"canonical\" href=\"https:\/\/vapebulkp.com\/sk\/product\/bood-pulse-pro-25k-50k-disposable-vape-bar-5000-puffs-nicotine-free\/\" \/>\n<meta property=\"og:locale\" content=\"sk_SK\" \/>\n<meta property=\"og:type\" content=\"article\" \/>\n<meta property=\"og:title\" content=\"Bood Pulse Pro 25k\/50k Disposable Vape Bar 5000 Puffs Nicotine Free - vapebulkp.com\" \/>\n<meta property=\"og:description\" content=\"Wholesale Bood Pulse Pro 25K\/50K Disposable Vape Bar, 5000 puffs, nicotine-free, sleek design, long-lasting performance for a smooth vaping experience.\" \/>\n<meta property=\"og:url\" content=\"https:\/\/vapebulkp.com\/sk\/product\/bood-pulse-pro-25k-50k-disposable-vape-bar-5000-puffs-nicotine-free\/\" \/>\n<meta property=\"og:site_name\" content=\"vapebulkp.com\" \/>\n<meta property=\"article:modified_time\" content=\"2025-09-24T03:21:36+00:00\" \/>\n<meta property=\"og:image\" content=\"http:\/\/vapebulkp.com\/wp-content\/uploads\/2024\/12\/Bood-pulse-pro-25k-Puffs-50k-Puffs-bulk-price-vape-sweden.png\" \/>\n\t<meta property=\"og:image:width\" content=\"800\" \/>\n\t<meta property=\"og:image:height\" content=\"800\" \/>\n\t<meta property=\"og:image:type\" content=\"image\/png\" \/>\n<meta name=\"twitter:card\" content=\"summary_large_image\" \/>\n<meta name=\"twitter:label1\" content=\"Predpokladan\u00fd \u010das \u010d\u00edtania\" \/>\n\t<meta name=\"twitter:data1\" content=\"3 min\u00faty\" \/>\n<script type=\"application\/ld+json\" class=\"yoast-schema-graph\">{\"@context\":\"https:\/\/schema.org\",\"@graph\":[{\"@type\":\"WebPage\",\"@id\":\"https:\/\/vapebulkp.com\/product\/bood-pulse-pro-25k-50k-disposable-vape-bar-5000-puffs-nicotine-free\/\",\"url\":\"https:\/\/vapebulkp.com\/product\/bood-pulse-pro-25k-50k-disposable-vape-bar-5000-puffs-nicotine-free\/\",\"name\":\"Bood Pulse Pro 25k\/50k Disposable Vape Bar 5000 Puffs Nicotine Free - vapebulkp.com\",\"isPartOf\":{\"@id\":\"https:\/\/vapebulkp.com\/#website\"},\"datePublished\":\"2024-12-26T09:32:38+00:00\",\"dateModified\":\"2025-09-24T03:21:36+00:00\",\"description\":\"Wholesale Bood Pulse Pro 25K\/50K Disposable Vape Bar, 5000 puffs, nicotine-free, sleek design, long-lasting performance for a smooth vaping experience.\",\"breadcrumb\":{\"@id\":\"https:\/\/vapebulkp.com\/product\/bood-pulse-pro-25k-50k-disposable-vape-bar-5000-puffs-nicotine-free\/#breadcrumb\"},\"inLanguage\":\"sk-SK\",\"potentialAction\":[{\"@type\":\"ReadAction\",\"target\":[\"https:\/\/vapebulkp.com\/product\/bood-pulse-pro-25k-50k-disposable-vape-bar-5000-puffs-nicotine-free\/\"]}]},{\"@type\":\"BreadcrumbList\",\"@id\":\"https:\/\/vapebulkp.com\/product\/bood-pulse-pro-25k-50k-disposable-vape-bar-5000-puffs-nicotine-free\/#breadcrumb\",\"itemListElement\":[{\"@type\":\"ListItem\",\"position\":1,\"name\":\"Home\",\"item\":\"https:\/\/vapebulkp.com\/\"},{\"@type\":\"ListItem\",\"position\":2,\"name\":\"Hot Trend Vapes\",\"item\":\"https:\/\/vapebulkp.com\/vape-shop\/\"},{\"@type\":\"ListItem\",\"position\":3,\"name\":\"Bood Pulse Pro 25k\/50k Disposable Vape Bar 5000 Puffs Nicotine Free\"}]},{\"@type\":\"WebSite\",\"@id\":\"https:\/\/vapebulkp.com\/#website\",\"url\":\"https:\/\/vapebulkp.com\/\",\"name\":\"vapebulkp.com\",\"description\":\"Buy Vape In Cheap Bulk Price Near you\",\"publisher\":{\"@id\":\"https:\/\/vapebulkp.com\/#organization\"},\"potentialAction\":[{\"@type\":\"SearchAction\",\"target\":{\"@type\":\"EntryPoint\",\"urlTemplate\":\"https:\/\/vapebulkp.com\/?s={search_term_string}\"},\"query-input\":\"required name=search_term_string\"}],\"inLanguage\":\"sk-SK\"},{\"@type\":\"Organization\",\"@id\":\"https:\/\/vapebulkp.com\/#organization\",\"name\":\"vapebulkp.com\",\"url\":\"https:\/\/vapebulkp.com\/\",\"logo\":{\"@type\":\"ImageObject\",\"inLanguage\":\"sk-SK\",\"@id\":\"https:\/\/vapebulkp.com\/#\/schema\/logo\/image\/\",\"url\":\"https:\/\/vapebulkp.com\/wp-content\/uploads\/2023\/09\/cropped-vapebulkp.png\",\"contentUrl\":\"https:\/\/vapebulkp.com\/wp-content\/uploads\/2023\/09\/cropped-vapebulkp.png\",\"width\":516,\"height\":163,\"caption\":\"vapebulkp.com\"},\"image\":{\"@id\":\"https:\/\/vapebulkp.com\/#\/schema\/logo\/image\/\"}}]}<\/script>\n<!-- \/ Yoast SEO plugin. -->","yoast_head_json":{"title":"Bood Pulse Pro 25k\/50k Disposable Vape Bar 5000 Puffs Nicotine Free - vapebulkp.com","description":"Wholesale Bood Pulse Pro 25K\/50K Disposable Vape Bar, 5000 puffs, nicotine-free, sleek design, long-lasting performance for a smooth vaping experience.","robots":{"index":"index","follow":"follow","max-snippet":"max-snippet:-1","max-image-preview":"max-image-preview:large","max-video-preview":"max-video-preview:-1"},"canonical":"https:\/\/vapebulkp.com\/sk\/product\/bood-pulse-pro-25k-50k-disposable-vape-bar-5000-puffs-nicotine-free\/","og_locale":"sk_SK","og_type":"article","og_title":"Bood Pulse Pro 25k\/50k Disposable Vape Bar 5000 Puffs Nicotine Free - vapebulkp.com","og_description":"Wholesale Bood Pulse Pro 25K\/50K Disposable Vape Bar, 5000 puffs, nicotine-free, sleek design, long-lasting performance for a smooth vaping experience.","og_url":"https:\/\/vapebulkp.com\/sk\/product\/bood-pulse-pro-25k-50k-disposable-vape-bar-5000-puffs-nicotine-free\/","og_site_name":"vapebulkp.com","article_modified_time":"2025-09-24T03:21:36+00:00","og_image":[{"width":800,"height":800,"url":"http:\/\/vapebulkp.com\/wp-content\/uploads\/2024\/12\/Bood-pulse-pro-25k-Puffs-50k-Puffs-bulk-price-vape-sweden.png","type":"image\/png"}],"twitter_card":"summary_large_image","twitter_misc":{"Predpokladan\u00fd \u010das \u010d\u00edtania":"3 min\u00faty"},"schema":{"@context":"https:\/\/schema.org","@graph":[{"@type":"WebPage","@id":"https:\/\/vapebulkp.com\/product\/bood-pulse-pro-25k-50k-disposable-vape-bar-5000-puffs-nicotine-free\/","url":"https:\/\/vapebulkp.com\/product\/bood-pulse-pro-25k-50k-disposable-vape-bar-5000-puffs-nicotine-free\/","name":"Bood Pulse Pro 25k\/50k Disposable Vape Bar 5000 Puffs Nicotine Free - vapebulkp.com","isPartOf":{"@id":"https:\/\/vapebulkp.com\/#website"},"datePublished":"2024-12-26T09:32:38+00:00","dateModified":"2025-09-24T03:21:36+00:00","description":"Wholesale Bood Pulse Pro 25K\/50K Disposable Vape Bar, 5000 puffs, nicotine-free, sleek design, long-lasting performance for a smooth vaping experience.","breadcrumb":{"@id":"https:\/\/vapebulkp.com\/product\/bood-pulse-pro-25k-50k-disposable-vape-bar-5000-puffs-nicotine-free\/#breadcrumb"},"inLanguage":"sk-SK","potentialAction":[{"@type":"ReadAction","target":["https:\/\/vapebulkp.com\/product\/bood-pulse-pro-25k-50k-disposable-vape-bar-5000-puffs-nicotine-free\/"]}]},{"@type":"BreadcrumbList","@id":"https:\/\/vapebulkp.com\/product\/bood-pulse-pro-25k-50k-disposable-vape-bar-5000-puffs-nicotine-free\/#breadcrumb","itemListElement":[{"@type":"ListItem","position":1,"name":"Home","item":"https:\/\/vapebulkp.com\/"},{"@type":"ListItem","position":2,"name":"Hot Trend Vapes","item":"https:\/\/vapebulkp.com\/vape-shop\/"},{"@type":"ListItem","position":3,"name":"Bood Pulse Pro 25k\/50k Disposable Vape Bar 5000 Puffs Nicotine Free"}]},{"@type":"WebSite","@id":"https:\/\/vapebulkp.com\/#website","url":"https:\/\/vapebulkp.com\/","name":"vapebulkp.com","description":"Buy Vape In Cheap Bulk Price Near you","publisher":{"@id":"https:\/\/vapebulkp.com\/#organization"},"potentialAction":[{"@type":"SearchAction","target":{"@type":"EntryPoint","urlTemplate":"https:\/\/vapebulkp.com\/?s={search_term_string}"},"query-input":"required name=search_term_string"}],"inLanguage":"sk-SK"},{"@type":"Organization","@id":"https:\/\/vapebulkp.com\/#organization","name":"vapebulkp.com","url":"https:\/\/vapebulkp.com\/","logo":{"@type":"ImageObject","inLanguage":"sk-SK","@id":"https:\/\/vapebulkp.com\/#\/schema\/logo\/image\/","url":"https:\/\/vapebulkp.com\/wp-content\/uploads\/2023\/09\/cropped-vapebulkp.png","contentUrl":"https:\/\/vapebulkp.com\/wp-content\/uploads\/2023\/09\/cropped-vapebulkp.png","width":516,"height":163,"caption":"vapebulkp.com"},"image":{"@id":"https:\/\/vapebulkp.com\/#\/schema\/logo\/image\/"}}]}},"uagb_featured_image_src":{"full":["https:\/\/vapebulkp.com\/wp-content\/uploads\/2024\/12\/Bood-pulse-pro-25k-Puffs-50k-Puffs-bulk-price-vape-sweden.png",800,800,false],"thumbnail":["https:\/\/vapebulkp.com\/wp-content\/uploads\/2024\/12\/Bood-pulse-pro-25k-Puffs-50k-Puffs-bulk-price-vape-sweden-150x150.png",150,150,true],"medium":["https:\/\/vapebulkp.com\/wp-content\/uploads\/2024\/12\/Bood-pulse-pro-25k-Puffs-50k-Puffs-bulk-price-vape-sweden-300x300.png",300,300,true],"medium_large":["https:\/\/vapebulkp.com\/wp-content\/uploads\/2024\/12\/Bood-pulse-pro-25k-Puffs-50k-Puffs-bulk-price-vape-sweden-768x768.png",768,768,true],"large":["https:\/\/vapebulkp.com\/wp-content\/uploads\/2024\/12\/Bood-pulse-pro-25k-Puffs-50k-Puffs-bulk-price-vape-sweden.png",800,800,false],"1536x1536":["https:\/\/vapebulkp.com\/wp-content\/uploads\/2024\/12\/Bood-pulse-pro-25k-Puffs-50k-Puffs-bulk-price-vape-sweden.png",800,800,false],"2048x2048":["https:\/\/vapebulkp.com\/wp-content\/uploads\/2024\/12\/Bood-pulse-pro-25k-Puffs-50k-Puffs-bulk-price-vape-sweden.png",800,800,false],"trp-custom-language-flag":["https:\/\/vapebulkp.com\/wp-content\/uploads\/2024\/12\/Bood-pulse-pro-25k-Puffs-50k-Puffs-bulk-price-vape-sweden.png",12,12,false],"woocommerce_thumbnail":["https:\/\/vapebulkp.com\/wp-content\/uploads\/2024\/12\/Bood-pulse-pro-25k-Puffs-50k-Puffs-bulk-price-vape-sweden-300x300.png",300,300,true],"woocommerce_single":["https:\/\/vapebulkp.com\/wp-content\/uploads\/2024\/12\/Bood-pulse-pro-25k-Puffs-50k-Puffs-bulk-price-vape-sweden-600x600.png",600,600,true],"woocommerce_gallery_thumbnail":["https:\/\/vapebulkp.com\/wp-content\/uploads\/2024\/12\/Bood-pulse-pro-25k-Puffs-50k-Puffs-bulk-price-vape-sweden-100x100.png",100,100,true],"wcpr-photo-reviews":["https:\/\/vapebulkp.com\/wp-content\/uploads\/2024\/12\/Bood-pulse-pro-25k-Puffs-50k-Puffs-bulk-price-vape-sweden.png",500,500,false]},"uagb_author_info":{"display_name":"Mandy vape bulk price","author_link":"https:\/\/vapebulkp.com\/sk\/author\/"},"uagb_comment_info":0,"uagb_excerpt":"Bood Pulse Pro 50K Disposable Vape Nicotine-Free &amp; Long-Lasting 25K\/50K Puffs Bood Pulse Pro Vape Bar Rechargeable &amp; Smooth Draw Bood Pulse Pro 50000 Puffs Disposable Nicotine-Free Mesh Coil Vape Pls Contact Mandy's WhatsApp For Discount Price+8618077105796 NOTE: Prices on our website does not include shipping costs &nbsp;","_links":{"self":[{"href":"https:\/\/vapebulkp.com\/sk\/wp-json\/wp\/v2\/product\/3285","targetHints":{"allow":["GET"]}}],"collection":[{"href":"https:\/\/vapebulkp.com\/sk\/wp-json\/wp\/v2\/product"}],"about":[{"href":"https:\/\/vapebulkp.com\/sk\/wp-json\/wp\/v2\/types\/product"}],"replies":[{"embeddable":true,"href":"https:\/\/vapebulkp.com\/sk\/wp-json\/wp\/v2\/comments?post=3285"}],"wp:featuredmedia":[{"embeddable":true,"href":"https:\/\/vapebulkp.com\/sk\/wp-json\/wp\/v2\/media\/3286"}],"wp:attachment":[{"href":"https:\/\/vapebulkp.com\/sk\/wp-json\/wp\/v2\/media?parent=3285"}],"wp:term":[{"taxonomy":"product_cat","embeddable":true,"href":"https:\/\/vapebulkp.com\/sk\/wp-json\/wp\/v2\/product_cat?post=3285"},{"taxonomy":"product_tag","embeddable":true,"href":"https:\/\/vapebulkp.com\/sk\/wp-json\/wp\/v2\/product_tag?post=3285"}],"curies":[{"name":"wp","href":"https:\/\/api.w.org\/{rel}","templated":true}]}}