{"id":3363,"date":"2025-01-24T07:22:03","date_gmt":"2025-01-24T06:22:03","guid":{"rendered":"https:\/\/vapebulkp.com\/?post_type=product&#038;p=3363"},"modified":"2025-09-16T11:30:11","modified_gmt":"2025-09-16T09:30:11","slug":"buying-bood-twins-46000-puffs-vape-bar-wholesale-price","status":"publish","type":"product","link":"https:\/\/vapebulkp.com\/sk\/product\/buying-bood-twins-46000-puffs-vape-bar-wholesale-price\/","title":{"rendered":"Ve\u013ekoobchodn\u00e1 cena za n\u00e1kup Bood Twins 46000 Puffs Vape Bar"},"content":{"rendered":"<h2 style=\"text-align: left\">Ve\u013ekoobchodn\u00e1 cena za n\u00e1kup Bood Twins 46000 Puffs Vape Bar<\/h2>\n<p>Ten <strong>Bood Twins 46000 \u0164ahov Vape Bar<\/strong> je revolu\u010dn\u00e1 jednorazov\u00e1 elektronick\u00e1 cigareta navrhnut\u00e1 pre vaperov, ktor\u00ed po\u017eaduj\u00fa pr\u00e9miov\u00fa kvalitu, pred\u013a\u017een\u00e9 pou\u017e\u00edvanie a bezkonkuren\u010dn\u00fa chu\u0165. Pon\u00faka p\u00f4sobiv\u00fdch <strong>46 000 \u0165ahov<\/strong>, toto vysoko v\u00fdkonn\u00e9 zariadenie obsahuje <strong>du\u00e1lne pr\u00edchute v jednom vape<\/strong>, \u010do umo\u017e\u0148uje pou\u017e\u00edvate\u013eom plynule prep\u00edna\u0165 medzi dvoma odli\u0161n\u00fdmi chu\u0165ami. Poh\u00e1\u0148an\u00e9 pokro\u010dilou <strong>sie\u0165ov\u00e1 cievka<\/strong>, poskytuje hladk\u00fa produkciu pary a intenz\u00edvnu presnos\u0165 chuti pri ka\u017edom \u0165ahu.<\/p>\n<p>Elegantn\u00fd <strong>displej na celej obrazovke<\/strong> zvy\u0161uje z\u00e1\u017eitok z vapingu a poskytuje inform\u00e1cie v re\u00e1lnom \u010dase o po\u010dte \u0165ahov a v\u00fddr\u017ei bat\u00e9rie. Bood Twins, vybaven\u00fd nab\u00edjate\u013enou bat\u00e9riou, zais\u0165uje konzistentn\u00fd v\u00fdkon a\u017e do posledn\u00e9ho \u0165ahu. Jeho ergonomick\u00fd dizajn a odoln\u00e1 kon\u0161trukcia ho predur\u010duj\u00fa na dlhodob\u00e9 pou\u017e\u00edvanie, \u010di u\u017e pre osobn\u00e9 pote\u0161enie alebo spolo\u010densk\u00e9 pr\u00edle\u017eitosti.<\/p>\n<p>Ide\u00e1lne pre <strong>ve\u013ekoobchodn\u00fdch kupcov<\/strong>, Bood Twins 46000 \u0164ahov Vape Bar je k dispoz\u00edcii za konkurencieschopn\u00e9 ceny na <strong>Vapebulkp.com<\/strong>. Maloobchodn\u00edci a hromadn\u00ed kupuj\u00faci m\u00f4\u017eu \u0165a\u017ei\u0165 z jeho <strong>vysoko \u017eiadan\u00fdch funkci\u00ed<\/strong> a <strong>s\u00faladu s eur\u00f3pskymi normami vapingu<\/strong>, \u010do zais\u0165uje kvalitu a bezpe\u010dnos\u0165.<\/p>\n<p>Pozdvihnite svoj z\u00e1\u017eitok z vapingu s Bood Twins \u2013 a <strong>luxusnou jednorazovou vape s 46 000 \u0165ahmi<\/strong> ktor\u00e1 kombinuje inov\u00e1cie, funk\u010dnos\u0165 a \u0161t\u00fdl, v\u010faka \u010domu je nevyhnutnos\u0165ou pre ka\u017ed\u00e9ho nad\u0161enca vapingu.<\/p>\n<h6>Pre z\u013eavnen\u00fa cenu, kontaktujte pros\u00edm Mandy cez WhatsApp<a href=\"https:\/\/wa.me\/8618077105796\">+8618077105796<\/a><\/h6>\n<p><img decoding=\"async\" class=\"alignnone wp-image-2151\" src=\"http:\/\/vapebulkp.com\/wp-content\/uploads\/2024\/04\/Mandy-WhatsApp-Randm.jpg\" alt=\"Mandy WhatsApp Randm\" width=\"324\" height=\"330\" \/><\/p>\n<div class=\"flex max-w-full flex-col flex-grow\">\n<div class=\"min-h-8 text-message flex w-full flex-col items-end gap-2 whitespace-normal break-words text-start [.text-message+&amp;]:mt-5\" dir=\"auto\" data-message-author-role=\"assistant\" data-message-id=\"d24cf626-c018-4805-80f5-44de047f2ba0\" data-message-model-slug=\"gpt-4o\">\n<div class=\"flex w-full flex-col gap-1 empty:hidden first:pt-[3px]\">\n<div class=\"markdown prose w-full break-words dark:prose-invert light\">\n<h2>Pre\u010do si vybra\u0165 Bood Twins 46000 Puffs<strong> Vapy s ve\u013ek\u00fdm po\u010dtom \u0165ahov <\/strong>at <a href=\"https:\/\/vapebulkp.com\/sk\/vape-shop\/\">Vapebulkp.com<\/a>?<\/h2>\n<ul>\n<li><strong>Bezkonkuren\u010dn\u00e1 \u017eivotnos\u0165:<\/strong> U\u017eite si a\u017e 46 000 \u0165ahov s Bood Twins, ktor\u00e9 pon\u00fakaj\u00fa neuverite\u013en\u00fa hodnotu a dlhotrvaj\u00faci v\u00fdkon pre ka\u017edodenn\u00e9 vapovanie.<\/li>\n<li><strong>Dve pr\u00edchute v jednom zariaden\u00ed:<\/strong> Jednoducho prep\u00ednajte medzi dvoma r\u00f4znymi pr\u00edchu\u0165ami, \u010do prin\u00e1\u0161a v\u0161estrann\u00fd a uspokojiv\u00fd z\u00e1\u017eitok z vapovania v jednom elegantnom zariaden\u00ed.<\/li>\n<li><strong>\u0160pi\u010dkov\u00e1 technol\u00f3gia:<\/strong> Vybaven\u00e9 vysokov\u00fdkonnou sie\u0165ovou cievkou, Bood Twins VAPES zais\u0165uj\u00fa optim\u00e1lnu produkciu pary a bohat\u00e9 chu\u0165ov\u00e9 profily.<\/li>\n<li><strong>Displej na cel\u00fa obrazovku:<\/strong> Sledujte \u017eivotnos\u0165 bat\u00e9rie, po\u010det \u0165ahov a \u010fal\u0161ie detaily pomocou \u017eiv\u00e9ho rozhrania na cel\u00fa obrazovku pre maxim\u00e1lne pohodlie.<\/li>\n<li><strong>Garancia pr\u00e9miovej kvality:<\/strong> Na Vapebulkp.com je ka\u017ed\u00fd produkt z\u00edskavan\u00fd od d\u00f4veryhodn\u00fdch v\u00fdrobcov, \u010do zaru\u010duje spo\u013eahlivos\u0165 a spokojnos\u0165 z\u00e1kazn\u00edkov.<\/li>\n<li><strong>Dostupn\u00e9 hromadn\u00e9 ceny:<\/strong> Vyu\u017eite ve\u013ekoobchodn\u00e9 ceny a u\u0161etrite viac pri n\u00e1kupe vo ve\u013ekom, ide\u00e1lne pre predajcov aj \u010dast\u00fdch vaperov.<\/li>\n<li><strong>R\u00fdchle doru\u010denie po Eur\u00f3pe:<\/strong> Vapebulkp.com zais\u0165uje r\u00fdchle doru\u010denie po celej Eur\u00f3pe, \u010do u\u013eah\u010duje z\u00e1sobenie sa najnov\u0161\u00edmi vysoko kvalitn\u00fdmi vapmi.<\/li>\n<\/ul>\n<h2><\/h2>\n<h2><strong>\u0160pecifik\u00e1cie vaperu Bood Twins 46000 Puffs:<\/strong><\/h2>\n<ul>\n<li><strong>Po\u010det \u0165ahov:<\/strong> A\u017e 46 000<\/li>\n<li><strong>N\u00e1zov produktu:<\/strong> Jednorazov\u00fd vaper Bood Twins 46K Puff<\/li>\n<li><strong>Typ cievky:<\/strong> Pokro\u010dil\u00e1 sie\u0165ov\u00e1 cievka pre vylep\u0161en\u00fa chu\u0165 a produkciu pary<\/li>\n<li><strong>Vlastnos\u0165:<\/strong> Dve pr\u00edchute v jednom zariaden\u00ed pre jedine\u010dn\u00fd z\u00e1\u017eitok z vapovania<\/li>\n<li><strong>Obrazovka:<\/strong> Celoplo\u0161n\u00fd displej pre jednoduch\u00e9 monitorovanie<\/li>\n<\/ul>\n<\/div>\n<\/div>\n<\/div>\n<\/div>\n<ul>\n<li style=\"list-style-type: none\"><\/li>\n<\/ul>\n<h2><strong>Zoznam pr\u00edchut\u00ed Bood Twins 46000 Puffs<\/strong><\/h2>\n<p>1. Mel\u00f3n<br \/>\n2. Jablko<br \/>\n3. Limetka<br \/>\n4. Zelen\u00e9 jablko<br \/>\n5. \u010cu\u010doriedkov\u00e1 kysl\u00e1 malina<br \/>\n6. \u010cierne r\u00edbezle a malina<br \/>\n7. Brosky\u0148a a mango<br \/>\n8. Hrozno<br \/>\n9. Ru\u017eov\u00e1 limon\u00e1da<br \/>\n10. Zelen\u00e9 hrozno<\/p>\n<p><a href=\"https:\/\/vapebulkp.com\/sk\/product\/razz-bar-25000-puffs-wholesale-price-vape-eu-warehouse\/\"><span style=\"vertical-align: inherit\">RAZZBAR 25000 \u0165ahov <\/span><\/a><\/p>\n<p><span style=\"vertical-align: inherit\">N\u00e1jdite viac produktov, ktor\u00e9 by sa v\u00e1m mohli p\u00e1\u010di\u0165:<\/span><em><a href=\"https:\/\/wa.me\/8618077105796\"><span style=\"vertical-align: inherit\">\u00a0K\u00fapi\u0165<\/span><\/a><\/em><\/p>\n<p><span style=\"vertical-align: inherit\">\u010eal\u0161ie Puffs, ktor\u00e9 by sa v\u00e1m mohli p\u00e1\u010di\u0165:<\/span><a href=\"https:\/\/vapebulkp.com\/sk\/product\/wholesale-price-bang-kingdoms-rex-32000-puffs-vape-pod\/\"><span style=\"vertical-align: inherit\">Bang Kingdoms 32000 Puffs<\/span><\/a><span style=\"vertical-align: inherit\">\u3001<\/span><a href=\"https:\/\/vapebulkp.com\/sk\/product\/bood-pulse-pro-25k-50k-disposable-vape-bar-5000-puffs-nicotine-free\/\"><span style=\"vertical-align: inherit\">Bood pulse pro 50000 \u0165ahov<\/span><\/a><span style=\"vertical-align: inherit\">\/ <\/span><a href=\"https:\/\/vapebulkp.com\/sk\/product\/vapsolo-best-quality-viking-12k-puffs-disposable-vapes\/\"><span style=\"vertical-align: inherit\">Vapsolo viking 12000 \u0165ahov<\/span><\/a><span style=\"vertical-align: inherit\">\/ <\/span><a href=\"https:\/\/vapebulkp.com\/sk\/product\/waspe-vape-40000-puff-fihp-double-flavour-disposable-vape\/\"><span style=\"vertical-align: inherit\">WASPE 40000 \u0165ahov<\/span><\/a><\/p>\n<p><span style=\"vertical-align: inherit\">E-cigareta so \u0161peci\u00e1lnym tvarom f\u013ea\u0161e:<\/span><a href=\"https:\/\/vapebulkp.com\/sk\/product\/vapsolo-feed-bar-shisha-vape-15000-puffs-wholesale-price\/\"><span style=\"vertical-align: inherit\"> Vapsolo shisha 15000 Pufov<\/span><\/a><span style=\"vertical-align: inherit\">\/ <\/span><a href=\"https:\/\/vapebulkp.com\/sk\/product\/vopk-ultra-30000-puffs-rgb-light-mesh-coil-rechargeable-vape-wholesale-price\/\"><span style=\"vertical-align: inherit\">\u00a0VOPK ULTRA 30000 \u0165ahov <\/span><\/a><span style=\"vertical-align: inherit\">\/<\/span><a href=\"https:\/\/vapebulkp.com\/sk\/product\/uwin-tornado-music-35k-puffs-vape-wholesale-nicotine-free\/\"><span style=\"vertical-align: inherit\"> UWIN Tornado Music 35000 Pufov<\/span><\/a><\/p>\n<h2><\/h2>\n<h3>FAQ pre jednorazov\u00e9 vapy Bood Twins 46000 \u0165ahov<\/h3>\n<ol>\n<li><strong>Kde si m\u00f4\u017eem k\u00fapi\u0165 Bood Twins 46000 \u0165ahov Hot Sale Vape?<\/strong><br \/>\nBood Twins je k dispoz\u00edcii na Vapebulkp.com, kde n\u00e1jdete konkurencieschopn\u00e9 ceny, autentick\u00e9 produkty a r\u00fdchle doru\u010denie po celej Eur\u00f3pe.<\/li>\n<li><strong>Ako funguje funkcia du\u00e1lnej pr\u00edchute?<\/strong><br \/>\nZariadenie v\u00e1m umo\u017e\u0148uje vychutna\u0165 si dve r\u00f4zne pr\u00edchute v jednom vape. Medzi pr\u00edchu\u0165ami m\u00f4\u017eete jednoducho prep\u00edna\u0165 pomocou prep\u00ednacej funkcie, ktor\u00e1 pon\u00faka v\u0161estrannos\u0165 v ka\u017edom \u0165ahu.<\/li>\n<li><strong>Ak\u00fd typ \u0161pir\u00e1lky pou\u017e\u00edva Bood Vape Twins 46000 \u0165ahov?<\/strong><br \/>\nBood Twins je vybaven\u00fd pokro\u010dilou mesh \u0161pir\u00e1lkou, ktor\u00e1 zais\u0165uje bohat\u00fa a konzistentn\u00fa chu\u0165 a hladk\u00fd z\u00e1\u017eitok z vapovania.<\/li>\n<li><strong>Je Vape Pods Bood Twins 46000 \u0165ahov nab\u00edjate\u013en\u00fd?<\/strong><br \/>\n\u00c1no, Bood Twins m\u00e1 nab\u00edjate\u013en\u00fa bat\u00e9riu, ktor\u00e1 zais\u0165uje, \u017ee m\u00f4\u017eete zariadenie pou\u017e\u00edva\u0165 na pln\u00fdch 46 000 \u0165ahov bez preru\u0161enia.<\/li>\n<\/ol>\n<h3>Detail dopravy:<\/h3>\n<p><span style=\"color: #ff6600\">\u010cas v\u00fdroby: 5-10 pracovn\u00fdch dn\u00ed<\/span><br \/>\n<span style=\"color: #ff6600\">\u010cas dodania: 8-14 pracovn\u00fdch dn\u00ed<\/span><\/p>\n<p>V\u0161etky produkty v na\u0161om obchode s\u00fa 100 % origin\u00e1lne a autentick\u00e9, preto desa\u0165n\u00e1sobn\u00e1 kompenz\u00e1cia za falo\u0161n\u00fd tovar je na\u0161ou obchodnou politikou. Na doru\u010denie tovaru v\u00e1m pou\u017e\u00edvame logistick\u00e9 kan\u00e1ly ako UPS\/DHL\/FEDEX\/DPD.<\/p>\n<p>Pre z\u00e1sielky doru\u010dovan\u00e9 na Slovensko to zvy\u010dajne trv\u00e1 10 pracovn\u00fdch dn\u00ed. Z\u00e1sielky do eur\u00f3pskych kraj\u00edn zvy\u010dajne dorazia za 12 a\u017e 15 pracovn\u00fdch dn\u00ed. Inform\u00e1cie o logistike v\u00e1m budeme aktualizova\u0165 v re\u00e1lnom \u010dase.<\/p>","protected":false},"excerpt":{"rendered":"<div class=\"flex-shrink-0 flex flex-col relative items-end\">\n<div class=\"pt-0\">\n<div class=\"gizmo-bot-avatar flex h-8 w-8 items-center justify-center overflow-hidden rounded-full\">\n<div class=\"relative p-1 rounded-sm flex items-center justify-center bg-token-main-surface-primary text-token-text-primary h-8 w-8\">Bood Twins 46000 \u0164ahov Vape Bar za ve\u013ekoobchodn\u00e9 ceny na Vapebulkp.com. Obsahuje du\u00e1lne pr\u00edchute, pokro\u010dil\u00fa technol\u00f3giu mesh coil, 46 000 \u0165ahov a elegantn\u00fd displej na celej obrazovke. Ide\u00e1lne pre hromadn\u00fdch kupuj\u00facich, ktor\u00ed h\u013eadaj\u00fa pr\u00e9miov\u00e9 rie\u0161enia vapingu.<\/div>\n<\/div>\n<\/div>\n<\/div>\n<p>Pre z\u013eavnen\u00fa cenu, kontaktujte pros\u00edm Mandy cez WhatsApp<a href=\"https:\/\/wa.me\/8618077105796\">+8618077105796<\/a><\/p>\n<p><img decoding=\"async\" class=\"alignnone wp-image-2151\" src=\"http:\/\/vapebulkp.com\/wp-content\/uploads\/2024\/04\/Mandy-WhatsApp-Randm.jpg\" alt=\"Mandy WhatsApp Randm\" width=\"297\" height=\"316\" srcset=\"https:\/\/vapebulkp.com\/wp-content\/uploads\/2024\/04\/Mandy-WhatsApp-Randm.jpg 916w, https:\/\/vapebulkp.com\/wp-content\/uploads\/2024\/04\/Mandy-WhatsApp-Randm-282x300.jpg 282w, https:\/\/vapebulkp.com\/wp-content\/uploads\/2024\/04\/Mandy-WhatsApp-Randm-768x817.jpg 768w, https:\/\/vapebulkp.com\/wp-content\/uploads\/2024\/04\/Mandy-WhatsApp-Randm-600x638.jpg 600w\" sizes=\"(max-width: 297px) 100vw, 297px\" \/><\/p>\n<p><span style=\"color: #ff0000\">POZN\u00c1MKA: Ceny na na\u0161ej webovej str\u00e1nke nezah\u0155\u0148aj\u00fa n\u00e1klady na dopravu<\/span><\/p>\n<p>&nbsp;<\/p>","protected":false},"featured_media":3360,"comment_status":"open","ping_status":"closed","template":"","meta":{"_uag_custom_page_level_css":"","_lmt_disableupdate":"no","_lmt_disable":"","site-sidebar-layout":"default","site-content-layout":"content-boxed-container","ast-site-content-layout":"normal-width-container","site-content-style":"boxed","site-sidebar-style":"unboxed","ast-global-header-display":"","ast-banner-title-visibility":"","ast-main-header-display":"","ast-hfb-above-header-display":"","ast-hfb-below-header-display":"","ast-hfb-mobile-header-display":"","site-post-title":"","ast-breadcrumbs-content":"","ast-featured-img":"","footer-sml-layout":"","theme-transparent-header-meta":"default","adv-header-id-meta":"","stick-header-meta":"","header-above-stick-meta":"","header-main-stick-meta":"","header-below-stick-meta":"","astra-migrate-meta-layouts":"set","_joinchat":[]},"product_cat":[199,153,155,346,33,59,100,87,34,158,157,154,152,58,84,156,63,32],"product_tag":[200,36,37,41,40],"class_list":["post-3363","product","type-product","status-publish","has-post-thumbnail","hentry","product_cat-46000-puffs-disposable-vape","product_cat-hot-disposable-vapes","product_cat-belgium-hot-disposable-vapes","product_cat-bood-vapes","product_cat-france-vape-hot-sale","product_cat-germany-hot-disposable-vape","product_cat-germany-wholesale-vape-shop","product_cat-minimum-order-quantity-50pcs","product_cat-netherlands-vape-good-sale","product_cat-norway-hot-disposable-vapes","product_cat-poland-hot-disposable-vapes","product_cat-portugal-hot-disposable-vapes","product_cat-spain-hot-disposable-vapes","product_cat-sweden-hot-disposable-vape","product_cat-sweden-wholesale-vape","product_cat-switzerland-hot-disposable-vapes","product_cat-top-sale-disposable-vape","product_cat-vape-hot-sale-this-week","product_tag-bood-twins-46000-puffs","product_tag-good-vape","product_tag-hot-sale-disposable-vape","product_tag-poland-hot-vape","product_tag-sweden-hot-vape","pa_brand-bood-vape","desktop-align-left","tablet-align-left","mobile-align-left"],"yoast_head":"<!-- This site is optimized with the Yoast SEO plugin v21.1 - https:\/\/yoast.com\/wordpress\/plugins\/seo\/ -->\n<title>Buying Bood Twins 46000 Puffs Vape Bar Wholesale Price - vapebulkp.com<\/title>\n<meta name=\"description\" content=\"Shop the premium Bood Twins 46000 Puffs Disposable Vape Bar with dual flavors, advanced mesh coil, and full-screen display. Perfect for wholesale buyers. Shop now at Vapebulkp.com!\" \/>\n<meta name=\"robots\" content=\"index, follow, max-snippet:-1, max-image-preview:large, max-video-preview:-1\" \/>\n<link rel=\"canonical\" href=\"https:\/\/vapebulkp.com\/sk\/product\/buying-bood-twins-46000-puffs-vape-bar-wholesale-price\/\" \/>\n<meta property=\"og:locale\" content=\"sk_SK\" \/>\n<meta property=\"og:type\" content=\"article\" \/>\n<meta property=\"og:title\" content=\"Buying Bood Twins 46000 Puffs Vape Bar Wholesale Price - vapebulkp.com\" \/>\n<meta property=\"og:description\" content=\"Shop the premium Bood Twins 46000 Puffs Disposable Vape Bar with dual flavors, advanced mesh coil, and full-screen display. Perfect for wholesale buyers. Shop now at Vapebulkp.com!\" \/>\n<meta property=\"og:url\" content=\"https:\/\/vapebulkp.com\/sk\/product\/buying-bood-twins-46000-puffs-vape-bar-wholesale-price\/\" \/>\n<meta property=\"og:site_name\" content=\"vapebulkp.com\" \/>\n<meta property=\"article:modified_time\" content=\"2025-09-16T09:30:11+00:00\" \/>\n<meta property=\"og:image\" content=\"http:\/\/vapebulkp.com\/wp-content\/uploads\/2025\/01\/Bood-Twins-46000-Puffs-Top-Sale-Vape-In-UK.webp\" \/>\n\t<meta property=\"og:image:width\" content=\"800\" \/>\n\t<meta property=\"og:image:height\" content=\"800\" \/>\n\t<meta property=\"og:image:type\" content=\"image\/webp\" \/>\n<meta name=\"twitter:card\" content=\"summary_large_image\" \/>\n<meta name=\"twitter:label1\" content=\"Predpokladan\u00fd \u010das \u010d\u00edtania\" \/>\n\t<meta name=\"twitter:data1\" content=\"4 min\u00faty\" \/>\n<script type=\"application\/ld+json\" class=\"yoast-schema-graph\">{\"@context\":\"https:\/\/schema.org\",\"@graph\":[{\"@type\":\"WebPage\",\"@id\":\"https:\/\/vapebulkp.com\/product\/buying-bood-twins-46000-puffs-vape-bar-wholesale-price\/\",\"url\":\"https:\/\/vapebulkp.com\/product\/buying-bood-twins-46000-puffs-vape-bar-wholesale-price\/\",\"name\":\"Buying Bood Twins 46000 Puffs Vape Bar Wholesale Price - vapebulkp.com\",\"isPartOf\":{\"@id\":\"https:\/\/vapebulkp.com\/#website\"},\"datePublished\":\"2025-01-24T06:22:03+00:00\",\"dateModified\":\"2025-09-16T09:30:11+00:00\",\"description\":\"Shop the premium Bood Twins 46000 Puffs Disposable Vape Bar with dual flavors, advanced mesh coil, and full-screen display. Perfect for wholesale buyers. Shop now at Vapebulkp.com!\",\"breadcrumb\":{\"@id\":\"https:\/\/vapebulkp.com\/product\/buying-bood-twins-46000-puffs-vape-bar-wholesale-price\/#breadcrumb\"},\"inLanguage\":\"sk-SK\",\"potentialAction\":[{\"@type\":\"ReadAction\",\"target\":[\"https:\/\/vapebulkp.com\/product\/buying-bood-twins-46000-puffs-vape-bar-wholesale-price\/\"]}]},{\"@type\":\"BreadcrumbList\",\"@id\":\"https:\/\/vapebulkp.com\/product\/buying-bood-twins-46000-puffs-vape-bar-wholesale-price\/#breadcrumb\",\"itemListElement\":[{\"@type\":\"ListItem\",\"position\":1,\"name\":\"Home\",\"item\":\"https:\/\/vapebulkp.com\/\"},{\"@type\":\"ListItem\",\"position\":2,\"name\":\"Hot Trend Vapes\",\"item\":\"https:\/\/vapebulkp.com\/vape-shop\/\"},{\"@type\":\"ListItem\",\"position\":3,\"name\":\"Buying Bood Twins 46000 Puffs Vape Bar Wholesale Price\"}]},{\"@type\":\"WebSite\",\"@id\":\"https:\/\/vapebulkp.com\/#website\",\"url\":\"https:\/\/vapebulkp.com\/\",\"name\":\"vapebulkp.com\",\"description\":\"Buy Vape In Cheap Bulk Price Near you\",\"publisher\":{\"@id\":\"https:\/\/vapebulkp.com\/#organization\"},\"potentialAction\":[{\"@type\":\"SearchAction\",\"target\":{\"@type\":\"EntryPoint\",\"urlTemplate\":\"https:\/\/vapebulkp.com\/?s={search_term_string}\"},\"query-input\":\"required name=search_term_string\"}],\"inLanguage\":\"sk-SK\"},{\"@type\":\"Organization\",\"@id\":\"https:\/\/vapebulkp.com\/#organization\",\"name\":\"vapebulkp.com\",\"url\":\"https:\/\/vapebulkp.com\/\",\"logo\":{\"@type\":\"ImageObject\",\"inLanguage\":\"sk-SK\",\"@id\":\"https:\/\/vapebulkp.com\/#\/schema\/logo\/image\/\",\"url\":\"https:\/\/vapebulkp.com\/wp-content\/uploads\/2023\/09\/cropped-vapebulkp.png\",\"contentUrl\":\"https:\/\/vapebulkp.com\/wp-content\/uploads\/2023\/09\/cropped-vapebulkp.png\",\"width\":516,\"height\":163,\"caption\":\"vapebulkp.com\"},\"image\":{\"@id\":\"https:\/\/vapebulkp.com\/#\/schema\/logo\/image\/\"}}]}<\/script>\n<!-- \/ Yoast SEO plugin. -->","yoast_head_json":{"title":"Buying Bood Twins 46000 Puffs Vape Bar Wholesale Price - vapebulkp.com","description":"Shop the premium Bood Twins 46000 Puffs Disposable Vape Bar with dual flavors, advanced mesh coil, and full-screen display. Perfect for wholesale buyers. Shop now at Vapebulkp.com!","robots":{"index":"index","follow":"follow","max-snippet":"max-snippet:-1","max-image-preview":"max-image-preview:large","max-video-preview":"max-video-preview:-1"},"canonical":"https:\/\/vapebulkp.com\/sk\/product\/buying-bood-twins-46000-puffs-vape-bar-wholesale-price\/","og_locale":"sk_SK","og_type":"article","og_title":"Buying Bood Twins 46000 Puffs Vape Bar Wholesale Price - vapebulkp.com","og_description":"Shop the premium Bood Twins 46000 Puffs Disposable Vape Bar with dual flavors, advanced mesh coil, and full-screen display. Perfect for wholesale buyers. Shop now at Vapebulkp.com!","og_url":"https:\/\/vapebulkp.com\/sk\/product\/buying-bood-twins-46000-puffs-vape-bar-wholesale-price\/","og_site_name":"vapebulkp.com","article_modified_time":"2025-09-16T09:30:11+00:00","og_image":[{"width":800,"height":800,"url":"http:\/\/vapebulkp.com\/wp-content\/uploads\/2025\/01\/Bood-Twins-46000-Puffs-Top-Sale-Vape-In-UK.webp","type":"image\/webp"}],"twitter_card":"summary_large_image","twitter_misc":{"Predpokladan\u00fd \u010das \u010d\u00edtania":"4 min\u00faty"},"schema":{"@context":"https:\/\/schema.org","@graph":[{"@type":"WebPage","@id":"https:\/\/vapebulkp.com\/product\/buying-bood-twins-46000-puffs-vape-bar-wholesale-price\/","url":"https:\/\/vapebulkp.com\/product\/buying-bood-twins-46000-puffs-vape-bar-wholesale-price\/","name":"Buying Bood Twins 46000 Puffs Vape Bar Wholesale Price - vapebulkp.com","isPartOf":{"@id":"https:\/\/vapebulkp.com\/#website"},"datePublished":"2025-01-24T06:22:03+00:00","dateModified":"2025-09-16T09:30:11+00:00","description":"Shop the premium Bood Twins 46000 Puffs Disposable Vape Bar with dual flavors, advanced mesh coil, and full-screen display. Perfect for wholesale buyers. Shop now at Vapebulkp.com!","breadcrumb":{"@id":"https:\/\/vapebulkp.com\/product\/buying-bood-twins-46000-puffs-vape-bar-wholesale-price\/#breadcrumb"},"inLanguage":"sk-SK","potentialAction":[{"@type":"ReadAction","target":["https:\/\/vapebulkp.com\/product\/buying-bood-twins-46000-puffs-vape-bar-wholesale-price\/"]}]},{"@type":"BreadcrumbList","@id":"https:\/\/vapebulkp.com\/product\/buying-bood-twins-46000-puffs-vape-bar-wholesale-price\/#breadcrumb","itemListElement":[{"@type":"ListItem","position":1,"name":"Home","item":"https:\/\/vapebulkp.com\/"},{"@type":"ListItem","position":2,"name":"Hot Trend Vapes","item":"https:\/\/vapebulkp.com\/vape-shop\/"},{"@type":"ListItem","position":3,"name":"Buying Bood Twins 46000 Puffs Vape Bar Wholesale Price"}]},{"@type":"WebSite","@id":"https:\/\/vapebulkp.com\/#website","url":"https:\/\/vapebulkp.com\/","name":"vapebulkp.com","description":"Buy Vape In Cheap Bulk Price Near you","publisher":{"@id":"https:\/\/vapebulkp.com\/#organization"},"potentialAction":[{"@type":"SearchAction","target":{"@type":"EntryPoint","urlTemplate":"https:\/\/vapebulkp.com\/?s={search_term_string}"},"query-input":"required name=search_term_string"}],"inLanguage":"sk-SK"},{"@type":"Organization","@id":"https:\/\/vapebulkp.com\/#organization","name":"vapebulkp.com","url":"https:\/\/vapebulkp.com\/","logo":{"@type":"ImageObject","inLanguage":"sk-SK","@id":"https:\/\/vapebulkp.com\/#\/schema\/logo\/image\/","url":"https:\/\/vapebulkp.com\/wp-content\/uploads\/2023\/09\/cropped-vapebulkp.png","contentUrl":"https:\/\/vapebulkp.com\/wp-content\/uploads\/2023\/09\/cropped-vapebulkp.png","width":516,"height":163,"caption":"vapebulkp.com"},"image":{"@id":"https:\/\/vapebulkp.com\/#\/schema\/logo\/image\/"}}]}},"uagb_featured_image_src":{"full":["https:\/\/vapebulkp.com\/wp-content\/uploads\/2025\/01\/Bood-Twins-46000-Puffs-Top-Sale-Vape-In-UK.webp",800,800,false],"thumbnail":["https:\/\/vapebulkp.com\/wp-content\/uploads\/2025\/01\/Bood-Twins-46000-Puffs-Top-Sale-Vape-In-UK-150x150.webp",150,150,true],"medium":["https:\/\/vapebulkp.com\/wp-content\/uploads\/2025\/01\/Bood-Twins-46000-Puffs-Top-Sale-Vape-In-UK-300x300.webp",300,300,true],"medium_large":["https:\/\/vapebulkp.com\/wp-content\/uploads\/2025\/01\/Bood-Twins-46000-Puffs-Top-Sale-Vape-In-UK-768x768.webp",768,768,true],"large":["https:\/\/vapebulkp.com\/wp-content\/uploads\/2025\/01\/Bood-Twins-46000-Puffs-Top-Sale-Vape-In-UK.webp",800,800,false],"1536x1536":["https:\/\/vapebulkp.com\/wp-content\/uploads\/2025\/01\/Bood-Twins-46000-Puffs-Top-Sale-Vape-In-UK.webp",800,800,false],"2048x2048":["https:\/\/vapebulkp.com\/wp-content\/uploads\/2025\/01\/Bood-Twins-46000-Puffs-Top-Sale-Vape-In-UK.webp",800,800,false],"trp-custom-language-flag":["https:\/\/vapebulkp.com\/wp-content\/uploads\/2025\/01\/Bood-Twins-46000-Puffs-Top-Sale-Vape-In-UK.webp",12,12,false],"woocommerce_thumbnail":["https:\/\/vapebulkp.com\/wp-content\/uploads\/2025\/01\/Bood-Twins-46000-Puffs-Top-Sale-Vape-In-UK-300x300.webp",300,300,true],"woocommerce_single":["https:\/\/vapebulkp.com\/wp-content\/uploads\/2025\/01\/Bood-Twins-46000-Puffs-Top-Sale-Vape-In-UK-600x600.webp",600,600,true],"woocommerce_gallery_thumbnail":["https:\/\/vapebulkp.com\/wp-content\/uploads\/2025\/01\/Bood-Twins-46000-Puffs-Top-Sale-Vape-In-UK-100x100.webp",100,100,true],"wcpr-photo-reviews":["https:\/\/vapebulkp.com\/wp-content\/uploads\/2025\/01\/Bood-Twins-46000-Puffs-Top-Sale-Vape-In-UK.webp",500,500,false]},"uagb_author_info":{"display_name":"Mandy vape bulk price","author_link":"https:\/\/vapebulkp.com\/sk\/author\/"},"uagb_comment_info":0,"uagb_excerpt":"Bood Twins 46000 Puffs Vape Bar at wholesale prices on Vapebulkp.com. Featuring dual flavors, advanced mesh coil technology, 46,000 puffs, and a sleek full-screen display. Perfect for bulk buyers seeking premium vaping solutions. Pls Contact Mandy's WhatsApp For Discount Price+8618077105796 NOTE: Prices on our website does not include shipping costs &nbsp;","_links":{"self":[{"href":"https:\/\/vapebulkp.com\/sk\/wp-json\/wp\/v2\/product\/3363","targetHints":{"allow":["GET"]}}],"collection":[{"href":"https:\/\/vapebulkp.com\/sk\/wp-json\/wp\/v2\/product"}],"about":[{"href":"https:\/\/vapebulkp.com\/sk\/wp-json\/wp\/v2\/types\/product"}],"replies":[{"embeddable":true,"href":"https:\/\/vapebulkp.com\/sk\/wp-json\/wp\/v2\/comments?post=3363"}],"wp:featuredmedia":[{"embeddable":true,"href":"https:\/\/vapebulkp.com\/sk\/wp-json\/wp\/v2\/media\/3360"}],"wp:attachment":[{"href":"https:\/\/vapebulkp.com\/sk\/wp-json\/wp\/v2\/media?parent=3363"}],"wp:term":[{"taxonomy":"product_cat","embeddable":true,"href":"https:\/\/vapebulkp.com\/sk\/wp-json\/wp\/v2\/product_cat?post=3363"},{"taxonomy":"product_tag","embeddable":true,"href":"https:\/\/vapebulkp.com\/sk\/wp-json\/wp\/v2\/product_tag?post=3363"}],"curies":[{"name":"wp","href":"https:\/\/api.w.org\/{rel}","templated":true}]}}