{"id":3700,"date":"2025-04-23T09:53:13","date_gmt":"2025-04-23T07:53:13","guid":{"rendered":"https:\/\/vapebulkp.com\/?post_type=product&#038;p=3700"},"modified":"2025-09-17T10:38:27","modified_gmt":"2025-09-17T08:38:27","slug":"vapme-digital-30000-puffs-disposable-vape-with-smart-screen","status":"publish","type":"product","link":"https:\/\/vapebulkp.com\/sk\/produkt\/vapme-digital-30000-puffs-disposable-vape-with-smart-screen\/","title":{"rendered":"Vapme Digital 30000 Pufov Jednorazov\u00e1 elektronick\u00e1 cigareta s inteligentnou obrazovkou"},"content":{"rendered":"<h2>Vapme Digital 30000 Pufov Jednorazov\u00e1 elektronick\u00e1 cigareta s inteligentnou obrazovkou<\/h2>\n<p data-start=\"587\" data-end=\"880\">Ten <strong data-start=\"591\" data-end=\"620\">Vapme Digital 30000 potiahnut\u00ed<\/strong> je nov\u00e1 gener\u00e1cia <a href=\"https:\/\/vapebulkp.com\/sk\/kategoria-produktu\/30000-puff-disposable-vape\/\"><strong data-start=\"642\" data-end=\"673\">Jednorazov\u00e9 vape pero s 30 000 \u0161lukmi<\/strong><\/a> vytvoren\u00e1 pre eur\u00f3psky trh. Navrhnut\u00e1 ako <strong data-start=\"721\" data-end=\"746\">dlhotrvaj\u00faci vape pen<\/strong>, poskytuje konzistentn\u00fa paru a v\u00fdrazn\u00fa chu\u0165 po\u010das tis\u00edcok potiahnut\u00ed, v\u010faka \u010domu je ide\u00e1lna pre ka\u017edodenn\u00fdch u\u017e\u00edvate\u013eov aj ve\u013ekoobchodn\u00fdch kupcov.<\/p>\n<p data-start=\"882\" data-end=\"1140\">Navrhnut\u00e9 s pokro\u010dilou <strong data-start=\"907\" data-end=\"925\">syst\u00e9mu s mesh cievkou<\/strong> technol\u00f3giou, zais\u0165uje hladk\u00e9 pr\u00fadenie vzduchu, hust\u00fa paru a bohat\u00fa chu\u0165, ktor\u00e1 vydr\u017e\u00ed a\u017e do posledn\u00e9ho potiahnutia. Digit\u00e1lny displej zobrazuje stav bat\u00e9rie a e-liquidu v re\u00e1lnom \u010dase, v\u010faka \u010domu m\u00e1te ka\u017ed\u00fa rel\u00e1ciu pod kontrolou.<\/p>\n<p data-start=\"1142\" data-end=\"1443\">Poh\u00e1\u0148an\u00e9 850mAh bat\u00e9riou, toto <strong data-start=\"1177\" data-end=\"1209\">nab\u00edjate\u013en\u00fd jednorazov\u00fd vape<\/strong> podporuje r\u00fdchle nab\u00edjanie cez Type-C, \u010do skracuje prestoje a udr\u017euje stabiln\u00fd v\u00fdkon. S koncentr\u00e1ciami nikot\u00ednovej soli 0 %, 2 %, 3 % a 5 % <strong data-start=\"1347\" data-end=\"1376\">Vapme Digital 30000 potiahnut\u00ed<\/strong> vyhovuje r\u00f4znym preferenci\u00e1m vapovania, \u010di u\u017e \u013eahk\u00fdm alebo siln\u00fdm.<\/p>\n<p data-start=\"1445\" data-end=\"1706\">Dostupn\u00e9 v 12 rafinovan\u00fdch pr\u00edchutiach, toto <strong data-start=\"1483\" data-end=\"1505\">nikot\u00ednov\u00fdmi so\u013en\u00fdmi vapkami<\/strong> kombinuje pr\u00e9miov\u00fa kvalitu s pohodl\u00edm. \u0160t\u00edhla, prenosn\u00e1 a pripraven\u00e1 na ve\u013ekoobchodn\u00fd predaj, je inteligentnou vo\u013ebou pre maloobchodn\u00edkov a distrib\u00fatorov, ktor\u00ed h\u013eadaj\u00fa produkty s vysok\u00fdm dopytom v <strong data-start=\"1675\" data-end=\"1696\">ve\u013ekoobchodn\u00e1 mo\u017enos\u0165 pre vapovanie na Slovensku<\/strong>.<\/p>\n<h6>Pre z\u013eavnen\u00fa cenu, kontaktujte pros\u00edm Mandy cez WhatsApp<a href=\"https:\/\/wa.me\/8618077105796\">+8618077105796<\/a><\/h6>\n<p>&nbsp;<\/p>\n<p><img decoding=\"async\" class=\"alignnone wp-image-2151\" src=\"http:\/\/vapebulkp.com\/wp-content\/uploads\/2024\/04\/Mandy-WhatsApp-Randm.jpg\" alt=\"Mandy WhatsApp Rande\" width=\"324\" height=\"330\" \/><\/p>\n<h3 class=\"\" data-start=\"104\" data-end=\"182\"><strong data-start=\"108\" data-end=\"182\">Vapme Digital 30000 Puffs Vysokokapacitn\u00e9 jednorazov\u00e9 vapy \u2013 \u0160pecifik\u00e1cie produktu<\/strong><\/h3>\n<ul data-start=\"184\" data-end=\"747\">\n<li class=\"\" data-start=\"184\" data-end=\"217\">\n<p class=\"\" data-start=\"186\" data-end=\"217\"><strong data-start=\"186\" data-end=\"200\">Po\u010det \u0165ahov<\/strong>: 30000 potiahnut\u00ed<\/p>\n<\/li>\n<li class=\"\" data-start=\"218\" data-end=\"288\">\n<p class=\"\" data-start=\"220\" data-end=\"288\"><strong data-start=\"220\" data-end=\"231\">Bat\u00e9ria<\/strong>: 850mAh Nab\u00edjate\u013en\u00e1 bat\u00e9ria s r\u00fdchlym nab\u00edjan\u00edm Type-C<\/p>\n<\/li>\n<li class=\"\" data-start=\"289\" data-end=\"350\">\n<p class=\"\" data-start=\"291\" data-end=\"350\"><strong data-start=\"291\" data-end=\"312\">Kapacita e-liquidu<\/strong>: 20ml vopred naplnenej pr\u00e9miovej vape \u0161\u0165avy<\/p>\n<\/li>\n<li class=\"\" data-start=\"351\" data-end=\"414\">\n<p class=\"\" data-start=\"353\" data-end=\"414\"><strong data-start=\"353\" data-end=\"382\">Mo\u017enosti sily nikot\u00ednu<\/strong>: 0 %, 2 %, 3 %, 5 % nikot\u00ednovej soli<\/p>\n<\/li>\n<li class=\"\" data-start=\"415\" data-end=\"483\">\n<p class=\"\" data-start=\"417\" data-end=\"483\"><strong data-start=\"417\" data-end=\"436\">Technol\u00f3gia \u0161pir\u00e1lky<\/strong>: Pokro\u010dil\u00e1 0,6\u03a9 Mesh cievka pre vylep\u0161en\u00fa chu\u0165<\/p>\n<\/li>\n<li class=\"\" data-start=\"484\" data-end=\"555\">\n<p class=\"\" data-start=\"486\" data-end=\"555\"><strong data-start=\"486\" data-end=\"500\">\u0160t\u00fdl \u0165ahu<\/strong>: MTL (Mouth-to-Lung) \u2013 Hladk\u00e9, ako pri cigarete, vdychovanie<\/p>\n<\/li>\n<li class=\"\" data-start=\"556\" data-end=\"621\">\n<p class=\"\" data-start=\"558\" data-end=\"621\"><strong data-start=\"558\" data-end=\"569\">Displej<\/strong>: Digit\u00e1lna obrazovka pre bat\u00e9riu<\/p>\n<\/li>\n<li class=\"\" data-start=\"622\" data-end=\"677\">\n<p class=\"\" data-start=\"624\" data-end=\"677\"><strong data-start=\"624\" data-end=\"635\">Pr\u00edchute<\/strong>: 12 bohat\u00fdch a v\u00fdrazn\u00fdch mo\u017enost\u00ed pr\u00edchut\u00ed<\/p>\n<\/li>\n<li class=\"\" data-start=\"678\" data-end=\"747\">\n<p class=\"\" data-start=\"680\" data-end=\"747\"><strong data-start=\"680\" data-end=\"693\">Balenie<\/strong>: 160 kusov v puzdre | Hrub\u00e1 hmotnos\u0165: 20.5kg na puzdro<\/p>\n<\/li>\n<\/ul>\n<h2>Vapme Digital 30000 potiahnut\u00ed Type-C pr\u00edchu\u0165 pre vape<\/h2>\n<p>1.Jahodov\u00e1 zmrzlina<br \/>\n2.Jahoda Kiwi<br \/>\n3.Jahoda hrozno<br \/>\n4.\u010cere\u0161\u0148ov\u00e1 zmrzlina<br \/>\n5.Kiwi Mu\u010denka Guava<br \/>\n6.Jahodov\u00fd Red Bull<br \/>\n7.Brosky\u0148ov\u00e1 zmrzlina<br \/>\n8.Energetick\u00fd n\u00e1poj<br \/>\n10.Mel\u00f3n \u013ead<br \/>\n9.Lady Killa<br \/>\n11.L\u00e1ska 66<\/p>\n<p><span style=\"vertical-align: inherit\">N\u00e1jdite viac produktov, ktor\u00e9 by sa v\u00e1m mohli p\u00e1\u010di\u0165:<\/span><em><a href=\"https:\/\/wa.me\/8618077105796\"><span style=\"vertical-align: inherit\">\u00a0K\u00fapi\u0165<\/span><\/a><\/em><\/p>\n<p><span style=\"vertical-align: inherit\">\u010eal\u0161ie Puffs, ktor\u00e9 by sa v\u00e1m mohli p\u00e1\u010di\u0165:<\/span><a href=\"https:\/\/vapebulkp.com\/sk\/produkt\/waspe-vape-40000-puff-fihp-double-flavour-disposable-vape\/\"><span style=\"vertical-align: inherit\">WASPE FIHP  40000 potiahnut\u00ed<\/span><\/a><span style=\"vertical-align: inherit\">\u3001<\/span><a href=\"https:\/\/vapebulkp.com\/sk\/produkt\/uzy-crystal-twin-50000-puffs-rechargeable-vape-with-led-display\/\"><span style=\"vertical-align: inherit\">UZY Crystal Twin 50000 \u0164ahov<\/span><\/a><span style=\"vertical-align: inherit\">\/ <\/span><a href=\"https:\/\/vapebulkp.com\/sk\/fi\/produkt\/bang-30k-puffs-new-double-taste-good-vape\/\"><span style=\"vertical-align: inherit\">Bang Vape 30000 \u0165ahov<\/span><\/a><span style=\"vertical-align: inherit\">\/ <\/span><a href=\"https:\/\/vapebulkp.com\/sk\/produkt\/zooy-zero-45000-puffs-nicotine-salt-vape-extra-large-e-liquid-capacity\/\"><span style=\"vertical-align: inherit\">ZOOY ZERO 45000 potiahnut\u00ed<\/span><\/a><\/p>\n<h3 class=\"\" data-start=\"1557\" data-end=\"1601\"><strong data-start=\"1561\" data-end=\"1599\">12.\u010cu\u010doriedka Malina<\/strong><\/h3>\n<h4 class=\"\" data-start=\"120\" data-end=\"165\">\ud83d\udd0b<strong data-start=\"128\" data-end=\"163\">Pre\u010do si vybra\u0165 Vapme Digital 30000 Potiahnut\u00ed vape box?<\/strong><\/h4>\n<p class=\"\" data-start=\"166\" data-end=\"320\">Ultra dlh\u00e1 \u017eivotnos\u0165 - 30 000+ potiahnut\u00ed<\/p>\n<h4 class=\"\" data-start=\"322\" data-end=\"356\">\ud83d\udcf1 <strong data-start=\"330\" data-end=\"354\">Rozl\u00fa\u010dte sa s neust\u00e1lymi v\u00fdmenami. Toto zariadenie poskytuje v\u00fdnimo\u010dn\u00fa \u017eivotnos\u0165, \u010do z neho rob\u00ed spo\u013eahliv\u00e9ho spolo\u010dn\u00edka na ka\u017edodenn\u00e9 pou\u017eitie, cestovanie a maloobchodn\u00fd predaj.<\/strong><\/h4>\n<p class=\"\" data-start=\"357\" data-end=\"481\">Inteligentn\u00e1 digit\u00e1lna obrazovka<\/p>\n<h4 class=\"\" data-start=\"483\" data-end=\"526\">\ud83d\udca8 <strong data-start=\"491\" data-end=\"524\">Vstavan\u00fd displej zobrazuje \u00farove\u0148 bat\u00e9rie a e-liquidu v re\u00e1lnom \u010dase. Jasn\u00e9, modern\u00e9 a pohodln\u00e9 - viete presne, kedy nab\u00edja\u0165.<\/strong><\/h4>\n<p class=\"\" data-start=\"527\" data-end=\"650\">Sie\u0165ov\u00e1 cievka pre vynikaj\u00facu pr\u00edchu\u0165<\/p>\n<h4 class=\"\" data-start=\"652\" data-end=\"704\">\ud83c\udf4d <strong data-start=\"660\" data-end=\"702\">12 pr\u00e9miov\u00fdch pr\u00edchut\u00ed<\/strong><\/h4>\n<p class=\"\" data-start=\"705\" data-end=\"845\">Vyberte si z vybran\u00e9ho sortimentu 12 odborne namie\u0161an\u00fdch pr\u00edchut\u00ed. Dostupn\u00e9 s obsahom nikot\u00ednu 0 %, 2 %, 3 % a 5 %, aby vyhovovali ka\u017ed\u00e9mu vkusu a preferenci\u00e1m.<\/p>\n<h4 class=\"\" data-start=\"847\" data-end=\"896\">\u26a1 <strong data-start=\"854\" data-end=\"894\">R\u00fdchle nab\u00edjanie cez port Type-C, bat\u00e9ria s kapacitou 850 mAh<\/strong><\/h4>\n<p class=\"\" data-start=\"897\" data-end=\"973\">Efekt\u00edvny prenos energie a r\u00fdchle nab\u00edjanie znamen\u00e1 menej \u010dakania a viac vapovania.<\/p>\n<h4 class=\"\" data-start=\"975\" data-end=\"1025\">\ud83d\udce6 <strong data-start=\"983\" data-end=\"1023\">Pripraven\u00e9 na ve\u013ekoobchodn\u00fd predaj \u2014 160 kusov v kart\u00f3ne<\/strong><\/h4>\n<p class=\"\" data-start=\"1026\" data-end=\"1146\">Ide\u00e1lne pre maloobchodn\u00edkov a ve\u013ekoodberate\u013eov. \u013dahk\u00e9, organizovan\u00e9 balenie (20.5kg\/kart\u00f3n) zabezpe\u010duje jednoduch\u00fa manipul\u00e1ciu a prepravu.<\/p>\n<h4 class=\"\" data-start=\"1148\" data-end=\"1206\">\ud83c\udf0d <strong data-start=\"1156\" data-end=\"1204\">Elegantn\u00fd, vhodn\u00fd na cestovanie a bez\u00fadr\u017ebov\u00fd<\/strong><\/h4>\n<p class=\"\" data-start=\"1207\" data-end=\"1312\">Kompaktn\u00fd, \u0161t\u00fdlov\u00fd a pripraven\u00fd na pou\u017eitie hne\u010f po vybalen\u00ed. \u017diadne dop\u013a\u0148anie, \u017eiadne v\u00fdmeny \u0161pir\u00e1lok \u2014 jednoducho ho nabite a u\u017e\u00edvajte si.<\/p>\n<h3>Detail dopravy:<\/h3>\n<p><span style=\"color: #ff6600\">\u010cas v\u00fdroby: 5-10 pracovn\u00fdch dn\u00ed<\/span><br \/>\n<span style=\"color: #ff6600\">\u010cas dodania: 8-14 pracovn\u00fdch dn\u00ed<\/span><\/p>\n<p>V\u0161etky produkty v na\u0161om obchode s\u00fa 100 % origin\u00e1lne a autentick\u00e9, preto desa\u0165n\u00e1sobn\u00e1 kompenz\u00e1cia za falo\u0161n\u00fd tovar je na\u0161ou obchodnou politikou. Na doru\u010denie tovaru v\u00e1m pou\u017e\u00edvame logistick\u00e9 kan\u00e1ly ako UPS\/DHL\/FEDEX\/DPD.<\/p>\n<p>Pre z\u00e1sielky doru\u010dovan\u00e9 na Slovensko to zvy\u010dajne trv\u00e1 10 pracovn\u00fdch dn\u00ed. Z\u00e1sielky do eur\u00f3pskych kraj\u00edn zvy\u010dajne dorazia za 12 a\u017e 15 pracovn\u00fdch dn\u00ed. Inform\u00e1cie o logistike v\u00e1m budeme aktualizova\u0165 v re\u00e1lnom \u010dase.<\/p>","protected":false},"excerpt":{"rendered":"<p>VAPME GOAT 40000 Puffs je \u0161pi\u010dkov\u00fd produkt <strong data-start=\"135\" data-end=\"164\">ve\u013ekoobchodn\u00fd jednorazov\u00fd vape<\/strong>, navrhnut\u00fd pre maloobchodn\u00edkov a distrib\u00fatorov, ktor\u00ed h\u013eadaj\u00fa <strong data-start=\"214\" data-end=\"260\">vysoko \u017eiadan\u00e9, dlhotrvaj\u00face rie\u0161enia pre vapovanie<\/strong>. V\u010faka <strong data-start=\"275\" data-end=\"332\">850mAh nab\u00edjate\u013enou bat\u00e9riou s r\u00fdchlym nab\u00edjan\u00edm typu Type-C<\/strong>, toto zariadenie zaru\u010duje dlhodob\u00e9 pou\u017e\u00edvanie s <strong data-start=\"372\" data-end=\"399\">konzistentn\u00fd v\u00fdstupn\u00fd v\u00fdkon<\/strong>, \u010do z neho rob\u00ed vynikaj\u00facu vo\u013ebu pre pr\u00edle\u017eitostn\u00fdch aj pokro\u010dil\u00fdch vaperov.<\/p>\n<p>Pre z\u013eavnen\u00fa cenu, kontaktujte pros\u00edm Mandy cez WhatsApp<a href=\"https:\/\/wa.me\/8618077105796\">+8618077105796<\/a><\/p>\n<p>&nbsp;<\/p>\n<p><img decoding=\"async\" class=\"alignnone wp-image-2151\" src=\"http:\/\/vapebulkp.com\/wp-content\/uploads\/2024\/04\/Mandy-WhatsApp-Randm.jpg\" alt=\"Mandy WhatsApp Rande\" width=\"297\" height=\"316\" srcset=\"https:\/\/vapebulkp.com\/wp-content\/uploads\/2024\/04\/Mandy-WhatsApp-Randm.jpg 916w, https:\/\/vapebulkp.com\/wp-content\/uploads\/2024\/04\/Mandy-WhatsApp-Randm-282x300.jpg 282w, https:\/\/vapebulkp.com\/wp-content\/uploads\/2024\/04\/Mandy-WhatsApp-Randm-768x817.jpg 768w, https:\/\/vapebulkp.com\/wp-content\/uploads\/2024\/04\/Mandy-WhatsApp-Randm-600x638.jpg 600w\" sizes=\"(max-width: 297px) 100vw, 297px\" \/><\/p>\n<p><span style=\"color: #ff0000\">POZN\u00c1MKA: Ceny na na\u0161ej webovej str\u00e1nke nezah\u0155\u0148aj\u00fa n\u00e1klady na dopravu<\/span><\/p>\n<p>&nbsp;<\/p>","protected":false},"featured_media":3698,"comment_status":"open","ping_status":"closed","template":"","meta":{"_uag_custom_page_level_css":"","_lmt_disableupdate":"no","_lmt_disable":"","site-sidebar-layout":"default","site-content-layout":"content-boxed-container","ast-site-content-layout":"normal-width-container","site-content-style":"boxed","site-sidebar-style":"unboxed","ast-global-header-display":"","ast-banner-title-visibility":"","ast-main-header-display":"","ast-hfb-above-header-display":"","ast-hfb-below-header-display":"","ast-hfb-mobile-header-display":"","site-post-title":"","ast-breadcrumbs-content":"","ast-featured-img":"","footer-sml-layout":"","theme-transparent-header-meta":"default","adv-header-id-meta":"","stick-header-meta":"","header-above-stick-meta":"","header-main-stick-meta":"","header-below-stick-meta":"","astra-migrate-meta-layouts":"set","_joinchat":[]},"product_cat":[160,153,155,33,59,100,87,34,158,157,154,152,58,84,156,63,32,368],"product_tag":[36,37,41,40,241],"class_list":["post-3700","product","type-product","status-publish","has-post-thumbnail","hentry","product_cat-30000-puff-disposable-vape","product_cat-hot-disposable-vapes","product_cat-belgium-hot-disposable-vapes","product_cat-france-vape-hot-sale","product_cat-germany-hot-disposable-vape","product_cat-germany-wholesale-vape-shop","product_cat-minimum-order-quantity-50pcs","product_cat-netherlands-vape-good-sale","product_cat-norway-hot-disposable-vapes","product_cat-poland-hot-disposable-vapes","product_cat-portugal-hot-disposable-vapes","product_cat-spain-hot-disposable-vapes","product_cat-sweden-hot-disposable-vape","product_cat-sweden-wholesale-vape","product_cat-switzerland-hot-disposable-vapes","product_cat-top-sale-disposable-vape","product_cat-vape-hot-sale-this-week","product_cat-vapme-vape","product_tag-good-vape","product_tag-hot-sale-disposable-vape","product_tag-poland-hot-vape","product_tag-sweden-hot-vape","product_tag-vapme-digital-30000-puffs","pa_brand-vapme-vape","desktop-align-left","tablet-align-left","mobile-align-left"],"yoast_head":"<!-- This site is optimized with the Yoast SEO plugin v21.1 - https:\/\/yoast.com\/wordpress\/plugins\/seo\/ -->\n<title>Vapme Digital 30000 Puffs Disposable Vape with Smart Screen - vapebulkp.com<\/title>\n<meta name=\"description\" content=\"Vapme Digital 30000 Puffs Disposable Vape delivers 30,000 puffs of smooth MTL vaping with rich flavors, a smart screen, and a rechargeable 850mAh battery. Enjoy long-lasting performance .\" \/>\n<meta name=\"robots\" content=\"index, follow, max-snippet:-1, max-image-preview:large, max-video-preview:-1\" \/>\n<link rel=\"canonical\" href=\"https:\/\/vapebulkp.com\/sk\/produkt\/vapme-digital-30000-puffs-disposable-vape-with-smart-screen\/\" \/>\n<meta property=\"og:locale\" content=\"sk_SK\" \/>\n<meta property=\"og:type\" content=\"article\" \/>\n<meta property=\"og:title\" content=\"Vapme Digital 30000 Puffs Disposable Vape with Smart Screen - vapebulkp.com\" \/>\n<meta property=\"og:description\" content=\"Vapme Digital 30000 Puffs Disposable Vape delivers 30,000 puffs of smooth MTL vaping with rich flavors, a smart screen, and a rechargeable 850mAh battery. Enjoy long-lasting performance .\" \/>\n<meta property=\"og:url\" content=\"https:\/\/vapebulkp.com\/sk\/produkt\/vapme-digital-30000-puffs-disposable-vape-with-smart-screen\/\" \/>\n<meta property=\"og:site_name\" content=\"vapebulkp.com\" \/>\n<meta property=\"article:modified_time\" content=\"2025-09-17T08:38:27+00:00\" \/>\n<meta property=\"og:image\" content=\"http:\/\/vapebulkp.com\/wp-content\/uploads\/2025\/04\/Vapme-Digital-30000-Puffs-Disposable-Vape-Long-Lasting-Vape.webp\" \/>\n\t<meta property=\"og:image:width\" content=\"800\" \/>\n\t<meta property=\"og:image:height\" content=\"800\" \/>\n\t<meta property=\"og:image:type\" content=\"image\/webp\" \/>\n<meta name=\"twitter:card\" content=\"summary_large_image\" \/>\n<meta name=\"twitter:label1\" content=\"Predpokladan\u00fd \u010das \u010d\u00edtania\" \/>\n\t<meta name=\"twitter:data1\" content=\"3 min\u00faty\" \/>\n<script type=\"application\/ld+json\" class=\"yoast-schema-graph\">{\"@context\":\"https:\/\/schema.org\",\"@graph\":[{\"@type\":\"WebPage\",\"@id\":\"https:\/\/vapebulkp.com\/product\/vapme-digital-30000-puffs-disposable-vape-with-smart-screen\/\",\"url\":\"https:\/\/vapebulkp.com\/product\/vapme-digital-30000-puffs-disposable-vape-with-smart-screen\/\",\"name\":\"Vapme Digital 30000 Puffs Disposable Vape with Smart Screen - vapebulkp.com\",\"isPartOf\":{\"@id\":\"https:\/\/vapebulkp.com\/#website\"},\"datePublished\":\"2025-04-23T07:53:13+00:00\",\"dateModified\":\"2025-09-17T08:38:27+00:00\",\"description\":\"Vapme Digital 30000 Puffs Disposable Vape delivers 30,000 puffs of smooth MTL vaping with rich flavors, a smart screen, and a rechargeable 850mAh battery. Enjoy long-lasting performance .\",\"breadcrumb\":{\"@id\":\"https:\/\/vapebulkp.com\/product\/vapme-digital-30000-puffs-disposable-vape-with-smart-screen\/#breadcrumb\"},\"inLanguage\":\"sk-SK\",\"potentialAction\":[{\"@type\":\"ReadAction\",\"target\":[\"https:\/\/vapebulkp.com\/product\/vapme-digital-30000-puffs-disposable-vape-with-smart-screen\/\"]}]},{\"@type\":\"BreadcrumbList\",\"@id\":\"https:\/\/vapebulkp.com\/product\/vapme-digital-30000-puffs-disposable-vape-with-smart-screen\/#breadcrumb\",\"itemListElement\":[{\"@type\":\"ListItem\",\"position\":1,\"name\":\"Home\",\"item\":\"https:\/\/vapebulkp.com\/\"},{\"@type\":\"ListItem\",\"position\":2,\"name\":\"Hot Trend Vapes\",\"item\":\"https:\/\/vapebulkp.com\/vape-shop\/\"},{\"@type\":\"ListItem\",\"position\":3,\"name\":\"Vapme Digital 30000 Puffs Disposable Vape with Smart Screen\"}]},{\"@type\":\"WebSite\",\"@id\":\"https:\/\/vapebulkp.com\/#website\",\"url\":\"https:\/\/vapebulkp.com\/\",\"name\":\"vapebulkp.com\",\"description\":\"Buy Vape In Cheap Bulk Price Near you\",\"publisher\":{\"@id\":\"https:\/\/vapebulkp.com\/#organization\"},\"potentialAction\":[{\"@type\":\"SearchAction\",\"target\":{\"@type\":\"EntryPoint\",\"urlTemplate\":\"https:\/\/vapebulkp.com\/?s={search_term_string}\"},\"query-input\":\"required name=search_term_string\"}],\"inLanguage\":\"sk-SK\"},{\"@type\":\"Organization\",\"@id\":\"https:\/\/vapebulkp.com\/#organization\",\"name\":\"vapebulkp.com\",\"url\":\"https:\/\/vapebulkp.com\/\",\"logo\":{\"@type\":\"ImageObject\",\"inLanguage\":\"sk-SK\",\"@id\":\"https:\/\/vapebulkp.com\/#\/schema\/logo\/image\/\",\"url\":\"https:\/\/vapebulkp.com\/wp-content\/uploads\/2023\/09\/cropped-vapebulkp.png\",\"contentUrl\":\"https:\/\/vapebulkp.com\/wp-content\/uploads\/2023\/09\/cropped-vapebulkp.png\",\"width\":516,\"height\":163,\"caption\":\"vapebulkp.com\"},\"image\":{\"@id\":\"https:\/\/vapebulkp.com\/#\/schema\/logo\/image\/\"}}]}<\/script>\n<!-- \/ Yoast SEO plugin. -->","yoast_head_json":{"title":"Vapme Digital 30000 Puffs Disposable Vape with Smart Screen - vapebulkp.com","description":"Vapme Digital 30000 Puffs Disposable Vape delivers 30,000 puffs of smooth MTL vaping with rich flavors, a smart screen, and a rechargeable 850mAh battery. Enjoy long-lasting performance .","robots":{"index":"index","follow":"follow","max-snippet":"max-snippet:-1","max-image-preview":"max-image-preview:large","max-video-preview":"max-video-preview:-1"},"canonical":"https:\/\/vapebulkp.com\/sk\/produkt\/vapme-digital-30000-puffs-disposable-vape-with-smart-screen\/","og_locale":"sk_SK","og_type":"article","og_title":"Vapme Digital 30000 Puffs Disposable Vape with Smart Screen - vapebulkp.com","og_description":"Vapme Digital 30000 Puffs Disposable Vape delivers 30,000 puffs of smooth MTL vaping with rich flavors, a smart screen, and a rechargeable 850mAh battery. Enjoy long-lasting performance .","og_url":"https:\/\/vapebulkp.com\/sk\/produkt\/vapme-digital-30000-puffs-disposable-vape-with-smart-screen\/","og_site_name":"vapebulkp.com","article_modified_time":"2025-09-17T08:38:27+00:00","og_image":[{"width":800,"height":800,"url":"http:\/\/vapebulkp.com\/wp-content\/uploads\/2025\/04\/Vapme-Digital-30000-Puffs-Disposable-Vape-Long-Lasting-Vape.webp","type":"image\/webp"}],"twitter_card":"summary_large_image","twitter_misc":{"Predpokladan\u00fd \u010das \u010d\u00edtania":"3 min\u00faty"},"schema":{"@context":"https:\/\/schema.org","@graph":[{"@type":"WebPage","@id":"https:\/\/vapebulkp.com\/product\/vapme-digital-30000-puffs-disposable-vape-with-smart-screen\/","url":"https:\/\/vapebulkp.com\/product\/vapme-digital-30000-puffs-disposable-vape-with-smart-screen\/","name":"Vapme Digital 30000 Puffs Disposable Vape with Smart Screen - vapebulkp.com","isPartOf":{"@id":"https:\/\/vapebulkp.com\/#website"},"datePublished":"2025-04-23T07:53:13+00:00","dateModified":"2025-09-17T08:38:27+00:00","description":"Vapme Digital 30000 Puffs Disposable Vape delivers 30,000 puffs of smooth MTL vaping with rich flavors, a smart screen, and a rechargeable 850mAh battery. Enjoy long-lasting performance .","breadcrumb":{"@id":"https:\/\/vapebulkp.com\/product\/vapme-digital-30000-puffs-disposable-vape-with-smart-screen\/#breadcrumb"},"inLanguage":"sk-SK","potentialAction":[{"@type":"ReadAction","target":["https:\/\/vapebulkp.com\/product\/vapme-digital-30000-puffs-disposable-vape-with-smart-screen\/"]}]},{"@type":"BreadcrumbList","@id":"https:\/\/vapebulkp.com\/product\/vapme-digital-30000-puffs-disposable-vape-with-smart-screen\/#breadcrumb","itemListElement":[{"@type":"ListItem","position":1,"name":"Home","item":"https:\/\/vapebulkp.com\/"},{"@type":"ListItem","position":2,"name":"Hot Trend Vapes","item":"https:\/\/vapebulkp.com\/vape-shop\/"},{"@type":"ListItem","position":3,"name":"Vapme Digital 30000 Puffs Disposable Vape with Smart Screen"}]},{"@type":"WebSite","@id":"https:\/\/vapebulkp.com\/#website","url":"https:\/\/vapebulkp.com\/","name":"vapebulkp.com","description":"Buy Vape In Cheap Bulk Price Near you","publisher":{"@id":"https:\/\/vapebulkp.com\/#organization"},"potentialAction":[{"@type":"SearchAction","target":{"@type":"EntryPoint","urlTemplate":"https:\/\/vapebulkp.com\/?s={search_term_string}"},"query-input":"required name=search_term_string"}],"inLanguage":"sk-SK"},{"@type":"Organization","@id":"https:\/\/vapebulkp.com\/#organization","name":"vapebulkp.com","url":"https:\/\/vapebulkp.com\/","logo":{"@type":"ImageObject","inLanguage":"sk-SK","@id":"https:\/\/vapebulkp.com\/#\/schema\/logo\/image\/","url":"https:\/\/vapebulkp.com\/wp-content\/uploads\/2023\/09\/cropped-vapebulkp.png","contentUrl":"https:\/\/vapebulkp.com\/wp-content\/uploads\/2023\/09\/cropped-vapebulkp.png","width":516,"height":163,"caption":"vapebulkp.com"},"image":{"@id":"https:\/\/vapebulkp.com\/#\/schema\/logo\/image\/"}}]}},"uagb_featured_image_src":{"full":["https:\/\/vapebulkp.com\/wp-content\/uploads\/2025\/04\/Vapme-Digital-30000-Puffs-Disposable-Vape-Long-Lasting-Vape.webp",800,800,false],"thumbnail":["https:\/\/vapebulkp.com\/wp-content\/uploads\/2025\/04\/Vapme-Digital-30000-Puffs-Disposable-Vape-Long-Lasting-Vape-150x150.webp",150,150,true],"medium":["https:\/\/vapebulkp.com\/wp-content\/uploads\/2025\/04\/Vapme-Digital-30000-Puffs-Disposable-Vape-Long-Lasting-Vape-300x300.webp",300,300,true],"medium_large":["https:\/\/vapebulkp.com\/wp-content\/uploads\/2025\/04\/Vapme-Digital-30000-Puffs-Disposable-Vape-Long-Lasting-Vape-768x768.webp",768,768,true],"large":["https:\/\/vapebulkp.com\/wp-content\/uploads\/2025\/04\/Vapme-Digital-30000-Puffs-Disposable-Vape-Long-Lasting-Vape.webp",800,800,false],"1536x1536":["https:\/\/vapebulkp.com\/wp-content\/uploads\/2025\/04\/Vapme-Digital-30000-Puffs-Disposable-Vape-Long-Lasting-Vape.webp",800,800,false],"2048x2048":["https:\/\/vapebulkp.com\/wp-content\/uploads\/2025\/04\/Vapme-Digital-30000-Puffs-Disposable-Vape-Long-Lasting-Vape.webp",800,800,false],"trp-custom-language-flag":["https:\/\/vapebulkp.com\/wp-content\/uploads\/2025\/04\/Vapme-Digital-30000-Puffs-Disposable-Vape-Long-Lasting-Vape.webp",12,12,false],"woocommerce_thumbnail":["https:\/\/vapebulkp.com\/wp-content\/uploads\/2025\/04\/Vapme-Digital-30000-Puffs-Disposable-Vape-Long-Lasting-Vape-300x300.webp",300,300,true],"woocommerce_single":["https:\/\/vapebulkp.com\/wp-content\/uploads\/2025\/04\/Vapme-Digital-30000-Puffs-Disposable-Vape-Long-Lasting-Vape-600x600.webp",600,600,true],"woocommerce_gallery_thumbnail":["https:\/\/vapebulkp.com\/wp-content\/uploads\/2025\/04\/Vapme-Digital-30000-Puffs-Disposable-Vape-Long-Lasting-Vape-100x100.webp",100,100,true],"wcpr-photo-reviews":["https:\/\/vapebulkp.com\/wp-content\/uploads\/2025\/04\/Vapme-Digital-30000-Puffs-Disposable-Vape-Long-Lasting-Vape.webp",500,500,false]},"uagb_author_info":{"display_name":"Mandy vape bulk price","author_link":"https:\/\/vapebulkp.com\/sk\/author\/"},"uagb_comment_info":0,"uagb_excerpt":"VAPME GOAT 40000 Puffs is a top-tier wholesale disposable vape, designed for retailers and distributors seeking high-demand, long-lasting vaping solutions. Featuring an 850mAh rechargeable battery with Type-C fast charging, this device ensures extended use with consistent power output, making it a standout choice for both casual and advanced vapers. Pls Contact Mandy's WhatsApp For Discount&hellip;","_links":{"self":[{"href":"https:\/\/vapebulkp.com\/sk\/wp-json\/wp\/v2\/product\/3700","targetHints":{"allow":["GET"]}}],"collection":[{"href":"https:\/\/vapebulkp.com\/sk\/wp-json\/wp\/v2\/product"}],"about":[{"href":"https:\/\/vapebulkp.com\/sk\/wp-json\/wp\/v2\/types\/product"}],"replies":[{"embeddable":true,"href":"https:\/\/vapebulkp.com\/sk\/wp-json\/wp\/v2\/comments?post=3700"}],"wp:featuredmedia":[{"embeddable":true,"href":"https:\/\/vapebulkp.com\/sk\/wp-json\/wp\/v2\/media\/3698"}],"wp:attachment":[{"href":"https:\/\/vapebulkp.com\/sk\/wp-json\/wp\/v2\/media?parent=3700"}],"wp:term":[{"taxonomy":"product_cat","embeddable":true,"href":"https:\/\/vapebulkp.com\/sk\/wp-json\/wp\/v2\/product_cat?post=3700"},{"taxonomy":"product_tag","embeddable":true,"href":"https:\/\/vapebulkp.com\/sk\/wp-json\/wp\/v2\/product_tag?post=3700"}],"curies":[{"name":"wp","href":"https:\/\/api.w.org\/{rel}","templated":true}]}}