{"id":10,"date":"2023-09-19T08:30:11","date_gmt":"2023-09-19T06:30:11","guid":{"rendered":"http:\/\/vapebulkp.com\/?page_id=10"},"modified":"2023-09-19T08:30:12","modified_gmt":"2023-09-19T06:30:12","slug":"refund_returns","status":"publish","type":"page","link":"https:\/\/vapebulkp.com\/sl\/refund_returns\/","title":{"rendered":"Pravilnik o vra\u010dilu denarja in vra\u010dilu izdelkov"},"content":{"rendered":"<p><strong>Politika vra\u010dil:<\/strong><\/p>\n\n\n\n<p>Na\u0161 cilj je zagotoviti zadovoljstvo strank, zato imamo 7-dnevno politiko vra\u010dil. Od datuma prejema izdelka imate na voljo 7 dni za za\u010detek postopka vra\u010dila.<\/p>\n\n\n\n<p><strong>Za upravi\u010denost do vra\u010dila<\/strong> mora biti va\u0161 izdelek v originalnem stanju \u2013 neno\u0161en, neuporabljen, z nedotaknjenimi etiketami in v originalni embala\u017ei. Poleg tega prilo\u017eite ra\u010dun ali dokazilo o nakupu.<\/p>\n\n\n\n<p><strong>Za\u010detek postopka vra\u010dila:<\/strong> Za za\u010detek postopka vra\u010dila nas kontaktirajte na <a href=\"mailto:support@vapebulkp.com\">support@vapebulkp.com<\/a>.<\/p>\n\n\n\n<p><strong>Ko bo va\u0161a zahteva za vra\u010dilo odobrena,<\/strong> vam bomo takoj posredovali nalepko za po\u0161iljanje in podrobna navodila, kam in kako poslati paket. Upo\u0161tevajte, da izdelkov, poslanih brez predhodne odobritve, ne bomo sprejeli.<\/p>\n\n\n\n<p><strong>\u010ce imate kakr\u0161na koli vpra\u0161anja glede postopka vra\u010dila,<\/strong> nas kontaktirajte na <a href=\"mailto:support@vapebulkp.com\">support@vapebulkp.com<\/a>.<\/p>\n\n\n\n<p><strong>Po\u0161kodbe in pomisleki:<\/strong><\/p>\n\n\n\n<p>Po prejemu naro\u010dila vas prosimo, da ga temeljito pregledate. \u010ce odkrijete kakr\u0161ne koli napake, po\u0161kodbe ali prejmete napa\u010dne izdelke, nas o tem takoj obvestite. Tako bomo lahko ocenili situacijo in nemudoma ukrepali.<\/p>\n\n\n\n<p><strong>Izjeme in izdelki, ki jih ni mogo\u010de vrniti:<\/strong><\/p>\n\n\n\n<p>Pomembno je upo\u0161tevati, da nekaterih kategorij izdelkov ni mogo\u010de vrniti. Sem spadajo pokvarljivo blago (kot so hrana, ro\u017ee ali rastline), izdelki po meri (vklju\u010dno s posebnimi naro\u010dili ali personaliziranimi izdelki) in izdelki za osebno nego (kot so lepotni izdelki). Poleg tega ne moremo sprejeti vra\u010dil nevarnih materialov, teko\u010din ali plinov. \u010ce imate vpra\u0161anja o upravi\u010denosti dolo\u010denega izdelka do vra\u010dila, nas ne oklevajte kontaktirati.<\/p>\n\n\n\n<p><strong>Zavedajte se, da vra\u010dila za izdelke v prodaji ali darilne kartice niso sprejeta.<\/strong><\/p>\n\n\n\n<p><strong>Menjave:<\/strong><\/p>\n\n\n\n<p>Za nemoten postopek menjave priporo\u010damo, da najprej spro\u017eite vra\u010dilo obstoje\u010dega izdelka. Ko bo vra\u010dilo odobreno, lahko nadaljujete z lo\u010denim nakupom novega izdelka.<\/p>\n\n\n\n<p><strong>14-dnevni rok za odstop od pogodbe v Evropski uniji:<\/strong><\/p>\n\n\n\n<p>\u010ce se va\u0161e blago po\u0161ilja v Evropsko unijo, imate pravico odpovedati ali vrniti naro\u010dilo v 14 dneh, brez potrebe po utemeljitvi. Pogoji za vra\u010dilo ostajajo skladni z na\u0161o splo\u0161no politiko \u2013 izdelek mora biti v originalnem stanju, z nedotaknjenimi etiketami ter s prilo\u017eenim ra\u010dunom ali dokazilom o nakupu.<\/p>\n\n\n\n<p><strong>Vra\u010dila kupnine:<\/strong><\/p>\n\n\n\n<p>Po prejemu in oceni va\u0161ega vra\u010dila vas bomo obvestili o stanju odobritve vra\u010dila kupnine. Ko je odobreno, bo vra\u010dilo samodejno obdelano na va\u0161o prvotno pla\u010dilno metodo v 10 delovnih dneh. Prosimo, upo\u0161tevajte dodaten \u010das obdelave s strani va\u0161e banke ali izdajatelja kreditne kartice.<\/p>\n\n\n\n<p><strong>\u010ce je od odobritve va\u0161ega vra\u010dila minilo ve\u010d kot 15 delovnih dni,<\/strong> se obrnite na nas na <a href=\"mailto:support@vapebulkp.com\">support@vapebulkp.com<\/a>.<\/p>\n\n\n\n<p>Cenimo va\u0161e razumevanje in sodelovanje z na\u0161im postopkom vra\u010dila kupnine.<\/p>","protected":false},"excerpt":{"rendered":"<p>Politika vra\u010dila: Na\u0161 cilj je zagotoviti zadovoljstvo strank, zato smo uvedli politiko vra\u010dila v 7 dneh. Imate celih 7 dni od datuma prejema izdelka, da za\u010dnete postopek vra\u010dila. Da bi bili upravi\u010deni do vra\u010dila, mora izdelek ostati v prvotnem stanju \u2013 nerabljen, neuporabljen, z ostanki etikete, \u2026<\/p>\n<p class=\"read-more\"> <a class=\"\" href=\"https:\/\/vapebulkp.com\/sl\/refund_returns\/\"> <span class=\"screen-reader-text\">Pravilnik o vra\u010dilu denarja in vra\u010dilu izdelkov<\/span> Preberi ve\u010d \u00bb<\/a><\/p>","protected":false},"author":1,"featured_media":0,"parent":0,"menu_order":0,"comment_status":"closed","ping_status":"closed","template":"","meta":{"_uag_custom_page_level_css":"","_lmt_disableupdate":"","_lmt_disable":"","site-sidebar-layout":"default","site-content-layout":"","ast-site-content-layout":"default","site-content-style":"default","site-sidebar-style":"default","ast-global-header-display":"","ast-banner-title-visibility":"","ast-main-header-display":"","ast-hfb-above-header-display":"","ast-hfb-below-header-display":"","ast-hfb-mobile-header-display":"","site-post-title":"","ast-breadcrumbs-content":"","ast-featured-img":"","footer-sml-layout":"","theme-transparent-header-meta":"","adv-header-id-meta":"","stick-header-meta":"","header-above-stick-meta":"","header-main-stick-meta":"","header-below-stick-meta":"","astra-migrate-meta-layouts":"set","_joinchat":[],"footnotes":""},"class_list":["post-10","page","type-page","status-publish","hentry"],"yoast_head":"<!-- This site is optimized with the Yoast SEO plugin v21.1 - https:\/\/yoast.com\/wordpress\/plugins\/seo\/ -->\n<title>Refund and Returns Policy - vapebulkp.com<\/title>\n<meta name=\"robots\" content=\"index, follow, max-snippet:-1, max-image-preview:large, max-video-preview:-1\" \/>\n<link rel=\"canonical\" href=\"https:\/\/vapebulkp.com\/sl\/refund_returns\/\" \/>\n<meta property=\"og:locale\" content=\"sl_SI\" \/>\n<meta property=\"og:type\" content=\"article\" \/>\n<meta property=\"og:title\" content=\"Refund and Returns Policy - vapebulkp.com\" \/>\n<meta property=\"og:description\" content=\"Return Policy: Our aim is to ensure customer satisfaction, and thus, we have implemented a 7-day return policy. You have a full 7 days from the date of receiving your item to initiate a return. To be eligible for a return, your item must remain in its original condition \u2013 unworn, unused, with tags intact, &hellip; Refund and Returns Policy Read More &raquo;\" \/>\n<meta property=\"og:url\" content=\"https:\/\/vapebulkp.com\/sl\/refund_returns\/\" \/>\n<meta property=\"og:site_name\" content=\"vapebulkp.com\" \/>\n<meta property=\"article:modified_time\" content=\"2023-09-19T06:30:12+00:00\" \/>\n<meta name=\"twitter:card\" content=\"summary_large_image\" \/>\n<meta name=\"twitter:label1\" content=\"Est. reading time\" \/>\n\t<meta name=\"twitter:data1\" content=\"2 minuti\" \/>\n<script type=\"application\/ld+json\" class=\"yoast-schema-graph\">{\"@context\":\"https:\/\/schema.org\",\"@graph\":[{\"@type\":\"WebPage\",\"@id\":\"https:\/\/vapebulkp.com\/refund_returns\/\",\"url\":\"https:\/\/vapebulkp.com\/refund_returns\/\",\"name\":\"Refund and Returns Policy - vapebulkp.com\",\"isPartOf\":{\"@id\":\"https:\/\/vapebulkp.com\/#website\"},\"datePublished\":\"2023-09-19T06:30:11+00:00\",\"dateModified\":\"2023-09-19T06:30:12+00:00\",\"breadcrumb\":{\"@id\":\"https:\/\/vapebulkp.com\/refund_returns\/#breadcrumb\"},\"inLanguage\":\"sl-SI\",\"potentialAction\":[{\"@type\":\"ReadAction\",\"target\":[\"https:\/\/vapebulkp.com\/refund_returns\/\"]}]},{\"@type\":\"BreadcrumbList\",\"@id\":\"https:\/\/vapebulkp.com\/refund_returns\/#breadcrumb\",\"itemListElement\":[{\"@type\":\"ListItem\",\"position\":1,\"name\":\"Home\",\"item\":\"https:\/\/vapebulkp.com\/\"},{\"@type\":\"ListItem\",\"position\":2,\"name\":\"Refund and Returns Policy\"}]},{\"@type\":\"WebSite\",\"@id\":\"https:\/\/vapebulkp.com\/#website\",\"url\":\"https:\/\/vapebulkp.com\/\",\"name\":\"vapebulkp.com\",\"description\":\"Buy Vape In Cheap Bulk Price Near you\",\"publisher\":{\"@id\":\"https:\/\/vapebulkp.com\/#organization\"},\"potentialAction\":[{\"@type\":\"SearchAction\",\"target\":{\"@type\":\"EntryPoint\",\"urlTemplate\":\"https:\/\/vapebulkp.com\/?s={search_term_string}\"},\"query-input\":\"required name=search_term_string\"}],\"inLanguage\":\"sl-SI\"},{\"@type\":\"Organization\",\"@id\":\"https:\/\/vapebulkp.com\/#organization\",\"name\":\"vapebulkp.com\",\"url\":\"https:\/\/vapebulkp.com\/\",\"logo\":{\"@type\":\"ImageObject\",\"inLanguage\":\"sl-SI\",\"@id\":\"https:\/\/vapebulkp.com\/#\/schema\/logo\/image\/\",\"url\":\"https:\/\/vapebulkp.com\/wp-content\/uploads\/2023\/09\/cropped-vapebulkp.png\",\"contentUrl\":\"https:\/\/vapebulkp.com\/wp-content\/uploads\/2023\/09\/cropped-vapebulkp.png\",\"width\":516,\"height\":163,\"caption\":\"vapebulkp.com\"},\"image\":{\"@id\":\"https:\/\/vapebulkp.com\/#\/schema\/logo\/image\/\"}}]}<\/script>\n<!-- \/ Yoast SEO plugin. -->","yoast_head_json":{"title":"Refund and Returns Policy - vapebulkp.com","robots":{"index":"index","follow":"follow","max-snippet":"max-snippet:-1","max-image-preview":"max-image-preview:large","max-video-preview":"max-video-preview:-1"},"canonical":"https:\/\/vapebulkp.com\/sl\/refund_returns\/","og_locale":"sl_SI","og_type":"article","og_title":"Refund and Returns Policy - vapebulkp.com","og_description":"Return Policy: Our aim is to ensure customer satisfaction, and thus, we have implemented a 7-day return policy. You have a full 7 days from the date of receiving your item to initiate a return. To be eligible for a return, your item must remain in its original condition \u2013 unworn, unused, with tags intact, &hellip; Refund and Returns Policy Read More &raquo;","og_url":"https:\/\/vapebulkp.com\/sl\/refund_returns\/","og_site_name":"vapebulkp.com","article_modified_time":"2023-09-19T06:30:12+00:00","twitter_card":"summary_large_image","twitter_misc":{"Est. reading time":"2 minuti"},"schema":{"@context":"https:\/\/schema.org","@graph":[{"@type":"WebPage","@id":"https:\/\/vapebulkp.com\/refund_returns\/","url":"https:\/\/vapebulkp.com\/refund_returns\/","name":"Refund and Returns Policy - vapebulkp.com","isPartOf":{"@id":"https:\/\/vapebulkp.com\/#website"},"datePublished":"2023-09-19T06:30:11+00:00","dateModified":"2023-09-19T06:30:12+00:00","breadcrumb":{"@id":"https:\/\/vapebulkp.com\/refund_returns\/#breadcrumb"},"inLanguage":"sl-SI","potentialAction":[{"@type":"ReadAction","target":["https:\/\/vapebulkp.com\/refund_returns\/"]}]},{"@type":"BreadcrumbList","@id":"https:\/\/vapebulkp.com\/refund_returns\/#breadcrumb","itemListElement":[{"@type":"ListItem","position":1,"name":"Home","item":"https:\/\/vapebulkp.com\/"},{"@type":"ListItem","position":2,"name":"Refund and Returns Policy"}]},{"@type":"WebSite","@id":"https:\/\/vapebulkp.com\/#website","url":"https:\/\/vapebulkp.com\/","name":"vapebulkp.com","description":"Buy Vape In Cheap Bulk Price Near you","publisher":{"@id":"https:\/\/vapebulkp.com\/#organization"},"potentialAction":[{"@type":"SearchAction","target":{"@type":"EntryPoint","urlTemplate":"https:\/\/vapebulkp.com\/?s={search_term_string}"},"query-input":"required name=search_term_string"}],"inLanguage":"sl-SI"},{"@type":"Organization","@id":"https:\/\/vapebulkp.com\/#organization","name":"vapebulkp.com","url":"https:\/\/vapebulkp.com\/","logo":{"@type":"ImageObject","inLanguage":"sl-SI","@id":"https:\/\/vapebulkp.com\/#\/schema\/logo\/image\/","url":"https:\/\/vapebulkp.com\/wp-content\/uploads\/2023\/09\/cropped-vapebulkp.png","contentUrl":"https:\/\/vapebulkp.com\/wp-content\/uploads\/2023\/09\/cropped-vapebulkp.png","width":516,"height":163,"caption":"vapebulkp.com"},"image":{"@id":"https:\/\/vapebulkp.com\/#\/schema\/logo\/image\/"}}]}},"uagb_featured_image_src":{"full":false,"thumbnail":false,"medium":false,"medium_large":false,"large":false,"1536x1536":false,"2048x2048":false,"trp-custom-language-flag":false,"woocommerce_thumbnail":false,"woocommerce_single":false,"woocommerce_gallery_thumbnail":false,"wcpr-photo-reviews":false},"uagb_author_info":{"display_name":"vapebulkp.com","author_link":"https:\/\/vapebulkp.com\/sl\/author\/vapebulkp-com\/"},"uagb_comment_info":0,"uagb_excerpt":"Return Policy: Our aim is to ensure customer satisfaction, and thus, we have implemented a 7-day return policy. You have a full 7 days from the date of receiving your item to initiate a return. To be eligible for a return, your item must remain in its original condition \u2013 unworn, unused, with tags intact,&hellip;","_links":{"self":[{"href":"https:\/\/vapebulkp.com\/sl\/wp-json\/wp\/v2\/pages\/10","targetHints":{"allow":["GET"]}}],"collection":[{"href":"https:\/\/vapebulkp.com\/sl\/wp-json\/wp\/v2\/pages"}],"about":[{"href":"https:\/\/vapebulkp.com\/sl\/wp-json\/wp\/v2\/types\/page"}],"author":[{"embeddable":true,"href":"https:\/\/vapebulkp.com\/sl\/wp-json\/wp\/v2\/users\/1"}],"replies":[{"embeddable":true,"href":"https:\/\/vapebulkp.com\/sl\/wp-json\/wp\/v2\/comments?post=10"}],"version-history":[{"count":1,"href":"https:\/\/vapebulkp.com\/sl\/wp-json\/wp\/v2\/pages\/10\/revisions"}],"predecessor-version":[{"id":1465,"href":"https:\/\/vapebulkp.com\/sl\/wp-json\/wp\/v2\/pages\/10\/revisions\/1465"}],"wp:attachment":[{"href":"https:\/\/vapebulkp.com\/sl\/wp-json\/wp\/v2\/media?parent=10"}],"curies":[{"name":"wp","href":"https:\/\/api.w.org\/{rel}","templated":true}]}}