{"id":2766,"date":"2024-08-26T12:09:38","date_gmt":"2024-08-26T10:09:38","guid":{"rendered":"https:\/\/vapebulkp.com\/?page_id=2766"},"modified":"2024-08-26T13:06:23","modified_gmt":"2024-08-26T11:06:23","slug":"ot-disposable-vapes-europe","status":"publish","type":"page","link":"https:\/\/vapebulkp.com\/sl\/ot-disposable-vapes-europe\/","title":{"rendered":"Vro\u010di vapi za enkratno uporabo v Sloveniji"},"content":{"rendered":"<p>Dobrodo\u0161li v na\u0161i obse\u017eni zbirki Vro\u010dih e-cigaret za enkratno uporabo v Sloveniji, kjer ponujamo izbor visokokakovostnih naprav za uparjanje, ki so najbolje prodajane v evropskih dr\u017eavah. Na\u0161a ponudba vklju\u010duje priznane blagovne znamke, kot so <strong>AIVONO, Al Fakher, Bang Vape, Bang Box, Elf Box, FluuM, RockMe Vape, RandM Tornado, FIHP, Vapme, Vozol, VOPK, Waspe, Utco, WGA, Uzy, Evape, Grativape, Vbon Vape, <\/strong>in<strong> Rum Bar.<\/strong><\/p>\n\n\n\n<p><strong>Vro\u010de e-cigarete za enkratno uporabo<\/strong> <strong>v Sloveniji<\/strong> predstavljajo vrhunec udobja pri uparjanju. Te naprave so kompaktne, lahke in zelo prenosljive, zaradi \u010desar so idealne za uporabo na poti. Ker ni potrebe po vzdr\u017eevanju, polnjenju ali ponovnem polnjenju, so kot nala\u0161\u010d tako za za\u010detnike kot za izku\u0161ene veleprodajne uporabnike.<\/p>\n\n\n\n<p>Na\u0161 izbor vklju\u010duje razli\u010dne okuse, jakosti nikotina in \u0161tevilo vdihov, ki ustrezajo raznolikim potrebam veletrgovcev. Ne glede na to, ali imate raje drzne, mo\u010dne okuse ali gladke, subtilne, na\u0161a ponudba ustreza vsem okusom in \u017eeljam, kar izpolnjuje zahteve distributerjev po vsej Nem\u010diji in drugod.<\/p>\n\n\n\n<p>Od zmogljivega <strong>RandM Tornado<\/strong>, ki ponuja do 20.000 vdihov, do elegantnega in stilskega<strong> VOZOL<\/strong>, je na\u0161a serija vro\u010dih e-cigaret za enkratno uporabo v Sloveniji zasnovana tako, da zagotavlja izjemno u\u010dinkovitost in zadovoljstvo. Razi\u0161\u010dite na\u0161o zbirko \u0161e danes in poi\u0161\u010dite popolno e-cigareto za enkratno uporabo, ki ustreza va\u0161emu stilu in potrebam uparjanja.<\/p>\n\n\n\n<p>U\u017eivajte v udobju in izjemni izku\u0161nji uparjanja z na\u0161imi <strong>Vro\u010di vapi za enkratno uporabo v Sloveniji<\/strong>. S hitro dostavo in \u0161irokim izborom priljubljenih izdelkov Vapebulkp.com zagotavlja, da dobite najbolj\u0161e na podro\u010dju tehnologije uparjanja.<\/p>\n\n\n<div data-block-name=\"woocommerce\/all-products\" data-columns=\"3\" data-rows=\"3\" data-align-buttons=\"false\" data-content-visibility=\"{&quot;orderBy&quot;:true}\" data-orderby=\"date\" data-layout-config=\"[[&quot;woocommerce\\\/product-image&quot;,{&quot;imageSizing&quot;:&quot;thumbnail&quot;}],[&quot;woocommerce\\\/product-title&quot;],[&quot;woocommerce\\\/product-price&quot;],[&quot;woocommerce\\\/product-rating&quot;],[&quot;woocommerce\\\/product-button&quot;]]\" class=\"wp-block-woocommerce-all-products wc-block-all-products\" data-attributes=\"{&quot;UAGAnimationDelay&quot;:0,&quot;UAGAnimationEasing&quot;:&quot;ease&quot;,&quot;UAGAnimationRepeat&quot;:false,&quot;UAGAnimationTime&quot;:400,&quot;UAGAnimationType&quot;:&quot;&quot;,&quot;UAGDay&quot;:[],&quot;UAGHideDesktop&quot;:false,&quot;UAGHideMob&quot;:false,&quot;UAGHideTab&quot;:false,&quot;UAGLoggedIn&quot;:false,&quot;UAGLoggedOut&quot;:false,&quot;UAGPosition&quot;:&quot;&quot;,&quot;UAGResponsiveConditions&quot;:false,&quot;UAGStickyLocation&quot;:&quot;top&quot;,&quot;UAGStickyOffset&quot;:0,&quot;UAGStickyRestricted&quot;:false,&quot;alignButtons&quot;:false,&quot;columns&quot;:3,&quot;contentVisibility&quot;:{&quot;orderBy&quot;:true},&quot;isPreview&quot;:false,&quot;layoutConfig&quot;:[[&quot;woocommerce\/product-image&quot;,{&quot;imageSizing&quot;:&quot;thumbnail&quot;}],[&quot;woocommerce\/product-title&quot;],[&quot;woocommerce\/product-price&quot;],[&quot;woocommerce\/product-rating&quot;],[&quot;woocommerce\/product-button&quot;]],&quot;orderby&quot;:&quot;date&quot;,&quot;rows&quot;:3}\"><\/div>","protected":false},"excerpt":{"rendered":"<p>Dobrodo\u0161li v na\u0161i obse\u017eni zbirki vro\u010dih enkratnih vapov v Sloveniji, kjer ponujamo izbor visokokakovostnih naprav za vaping, ki so najbolj prodajane po vsej Sloveniji. Na\u0161 izbor vklju\u010duje priznane blagovne znamke, kot so AIVONO, Al Fakher, Bang Vape, Bang Box, Elf Box, FluuM, RockMe Vape, RandM Tornado, FIHP, Vapme, Vozol, VOPK, Waspe, Utco, WGA, \u2026<\/p>\n<p class=\"read-more\"> <a class=\"\" href=\"https:\/\/vapebulkp.com\/sl\/ot-disposable-vapes-europe\/\"> <span class=\"screen-reader-text\">Vro\u010di vapi za enkratno uporabo v Sloveniji<\/span> Preberi ve\u010d \u00bb<\/a><\/p>","protected":false},"author":1,"featured_media":0,"parent":0,"menu_order":0,"comment_status":"closed","ping_status":"closed","template":"","meta":{"_uag_custom_page_level_css":"","_lmt_disableupdate":"","_lmt_disable":"","site-sidebar-layout":"default","site-content-layout":"","ast-site-content-layout":"default","site-content-style":"default","site-sidebar-style":"default","ast-global-header-display":"","ast-banner-title-visibility":"","ast-main-header-display":"","ast-hfb-above-header-display":"","ast-hfb-below-header-display":"","ast-hfb-mobile-header-display":"","site-post-title":"","ast-breadcrumbs-content":"","ast-featured-img":"","footer-sml-layout":"","theme-transparent-header-meta":"","adv-header-id-meta":"","stick-header-meta":"","header-above-stick-meta":"","header-main-stick-meta":"","header-below-stick-meta":"","astra-migrate-meta-layouts":"set","_joinchat":[],"footnotes":""},"class_list":["post-2766","page","type-page","status-publish","hentry"],"yoast_head":"<!-- This site is optimized with the Yoast SEO plugin v21.1 - https:\/\/yoast.com\/wordpress\/plugins\/seo\/ -->\n<title>Hot Disposable Vapes in Europe - vapebulkp.com<\/title>\n<meta name=\"description\" content=\"Shop the hottest disposable vapes in Europe at wholesale prices. Vapebulkp offers top-selling disposable vape options for bulk purchase, ensuring fast shipping and competitive rates across Europe country like Germany vape\" \/>\n<meta name=\"robots\" content=\"index, follow, max-snippet:-1, max-image-preview:large, max-video-preview:-1\" \/>\n<link rel=\"canonical\" href=\"https:\/\/vapebulkp.com\/sl\/ot-disposable-vapes-europe\/\" \/>\n<meta property=\"og:locale\" content=\"sl_SI\" \/>\n<meta property=\"og:type\" content=\"article\" \/>\n<meta property=\"og:title\" content=\"Hot Disposable Vapes in Europe - vapebulkp.com\" \/>\n<meta property=\"og:description\" content=\"Shop the hottest disposable vapes in Europe at wholesale prices. Vapebulkp offers top-selling disposable vape options for bulk purchase, ensuring fast shipping and competitive rates across Europe country like Germany vape\" \/>\n<meta property=\"og:url\" content=\"https:\/\/vapebulkp.com\/sl\/ot-disposable-vapes-europe\/\" \/>\n<meta property=\"og:site_name\" content=\"vapebulkp.com\" \/>\n<meta property=\"article:modified_time\" content=\"2024-08-26T11:06:23+00:00\" \/>\n<meta name=\"twitter:card\" content=\"summary_large_image\" \/>\n<meta name=\"twitter:label1\" content=\"Est. reading time\" \/>\n\t<meta name=\"twitter:data1\" content=\"2 minuti\" \/>\n<script type=\"application\/ld+json\" class=\"yoast-schema-graph\">{\"@context\":\"https:\/\/schema.org\",\"@graph\":[{\"@type\":\"WebPage\",\"@id\":\"https:\/\/vapebulkp.com\/ot-disposable-vapes-europe\/\",\"url\":\"https:\/\/vapebulkp.com\/ot-disposable-vapes-europe\/\",\"name\":\"Hot Disposable Vapes in Europe - vapebulkp.com\",\"isPartOf\":{\"@id\":\"https:\/\/vapebulkp.com\/#website\"},\"datePublished\":\"2024-08-26T10:09:38+00:00\",\"dateModified\":\"2024-08-26T11:06:23+00:00\",\"description\":\"Shop the hottest disposable vapes in Europe at wholesale prices. Vapebulkp offers top-selling disposable vape options for bulk purchase, ensuring fast shipping and competitive rates across Europe country like Germany vape\",\"breadcrumb\":{\"@id\":\"https:\/\/vapebulkp.com\/ot-disposable-vapes-europe\/#breadcrumb\"},\"inLanguage\":\"sl-SI\",\"potentialAction\":[{\"@type\":\"ReadAction\",\"target\":[\"https:\/\/vapebulkp.com\/ot-disposable-vapes-europe\/\"]}]},{\"@type\":\"BreadcrumbList\",\"@id\":\"https:\/\/vapebulkp.com\/ot-disposable-vapes-europe\/#breadcrumb\",\"itemListElement\":[{\"@type\":\"ListItem\",\"position\":1,\"name\":\"Home\",\"item\":\"https:\/\/vapebulkp.com\/\"},{\"@type\":\"ListItem\",\"position\":2,\"name\":\"Hot Disposable Vapes in Europe\"}]},{\"@type\":\"WebSite\",\"@id\":\"https:\/\/vapebulkp.com\/#website\",\"url\":\"https:\/\/vapebulkp.com\/\",\"name\":\"vapebulkp.com\",\"description\":\"Buy Vape In Cheap Bulk Price Near you\",\"publisher\":{\"@id\":\"https:\/\/vapebulkp.com\/#organization\"},\"potentialAction\":[{\"@type\":\"SearchAction\",\"target\":{\"@type\":\"EntryPoint\",\"urlTemplate\":\"https:\/\/vapebulkp.com\/?s={search_term_string}\"},\"query-input\":\"required name=search_term_string\"}],\"inLanguage\":\"sl-SI\"},{\"@type\":\"Organization\",\"@id\":\"https:\/\/vapebulkp.com\/#organization\",\"name\":\"vapebulkp.com\",\"url\":\"https:\/\/vapebulkp.com\/\",\"logo\":{\"@type\":\"ImageObject\",\"inLanguage\":\"sl-SI\",\"@id\":\"https:\/\/vapebulkp.com\/#\/schema\/logo\/image\/\",\"url\":\"https:\/\/vapebulkp.com\/wp-content\/uploads\/2023\/09\/cropped-vapebulkp.png\",\"contentUrl\":\"https:\/\/vapebulkp.com\/wp-content\/uploads\/2023\/09\/cropped-vapebulkp.png\",\"width\":516,\"height\":163,\"caption\":\"vapebulkp.com\"},\"image\":{\"@id\":\"https:\/\/vapebulkp.com\/#\/schema\/logo\/image\/\"}}]}<\/script>\n<!-- \/ Yoast SEO plugin. -->","yoast_head_json":{"title":"Hot Disposable Vapes in Europe - vapebulkp.com","description":"Shop the hottest disposable vapes in Europe at wholesale prices. Vapebulkp offers top-selling disposable vape options for bulk purchase, ensuring fast shipping and competitive rates across Europe country like Germany vape","robots":{"index":"index","follow":"follow","max-snippet":"max-snippet:-1","max-image-preview":"max-image-preview:large","max-video-preview":"max-video-preview:-1"},"canonical":"https:\/\/vapebulkp.com\/sl\/ot-disposable-vapes-europe\/","og_locale":"sl_SI","og_type":"article","og_title":"Hot Disposable Vapes in Europe - vapebulkp.com","og_description":"Shop the hottest disposable vapes in Europe at wholesale prices. Vapebulkp offers top-selling disposable vape options for bulk purchase, ensuring fast shipping and competitive rates across Europe country like Germany vape","og_url":"https:\/\/vapebulkp.com\/sl\/ot-disposable-vapes-europe\/","og_site_name":"vapebulkp.com","article_modified_time":"2024-08-26T11:06:23+00:00","twitter_card":"summary_large_image","twitter_misc":{"Est. reading time":"2 minuti"},"schema":{"@context":"https:\/\/schema.org","@graph":[{"@type":"WebPage","@id":"https:\/\/vapebulkp.com\/ot-disposable-vapes-europe\/","url":"https:\/\/vapebulkp.com\/ot-disposable-vapes-europe\/","name":"Hot Disposable Vapes in Europe - vapebulkp.com","isPartOf":{"@id":"https:\/\/vapebulkp.com\/#website"},"datePublished":"2024-08-26T10:09:38+00:00","dateModified":"2024-08-26T11:06:23+00:00","description":"Shop the hottest disposable vapes in Europe at wholesale prices. Vapebulkp offers top-selling disposable vape options for bulk purchase, ensuring fast shipping and competitive rates across Europe country like Germany vape","breadcrumb":{"@id":"https:\/\/vapebulkp.com\/ot-disposable-vapes-europe\/#breadcrumb"},"inLanguage":"sl-SI","potentialAction":[{"@type":"ReadAction","target":["https:\/\/vapebulkp.com\/ot-disposable-vapes-europe\/"]}]},{"@type":"BreadcrumbList","@id":"https:\/\/vapebulkp.com\/ot-disposable-vapes-europe\/#breadcrumb","itemListElement":[{"@type":"ListItem","position":1,"name":"Home","item":"https:\/\/vapebulkp.com\/"},{"@type":"ListItem","position":2,"name":"Hot Disposable Vapes in Europe"}]},{"@type":"WebSite","@id":"https:\/\/vapebulkp.com\/#website","url":"https:\/\/vapebulkp.com\/","name":"vapebulkp.com","description":"Buy Vape In Cheap Bulk Price Near you","publisher":{"@id":"https:\/\/vapebulkp.com\/#organization"},"potentialAction":[{"@type":"SearchAction","target":{"@type":"EntryPoint","urlTemplate":"https:\/\/vapebulkp.com\/?s={search_term_string}"},"query-input":"required name=search_term_string"}],"inLanguage":"sl-SI"},{"@type":"Organization","@id":"https:\/\/vapebulkp.com\/#organization","name":"vapebulkp.com","url":"https:\/\/vapebulkp.com\/","logo":{"@type":"ImageObject","inLanguage":"sl-SI","@id":"https:\/\/vapebulkp.com\/#\/schema\/logo\/image\/","url":"https:\/\/vapebulkp.com\/wp-content\/uploads\/2023\/09\/cropped-vapebulkp.png","contentUrl":"https:\/\/vapebulkp.com\/wp-content\/uploads\/2023\/09\/cropped-vapebulkp.png","width":516,"height":163,"caption":"vapebulkp.com"},"image":{"@id":"https:\/\/vapebulkp.com\/#\/schema\/logo\/image\/"}}]}},"uagb_featured_image_src":{"full":false,"thumbnail":false,"medium":false,"medium_large":false,"large":false,"1536x1536":false,"2048x2048":false,"trp-custom-language-flag":false,"woocommerce_thumbnail":false,"woocommerce_single":false,"woocommerce_gallery_thumbnail":false,"wcpr-photo-reviews":false},"uagb_author_info":{"display_name":"vapebulkp.com","author_link":"https:\/\/vapebulkp.com\/sl\/author\/vapebulkp-com\/"},"uagb_comment_info":0,"uagb_excerpt":"Welcome to our extensive collection of Hot Disposable Vapes in Europe, where we offer a selection of high-quality vaping devices that are top sellers across European countries. Our range includes renowned brands such as AIVONO, Al Fakher, Bang Vape, Bang Box, Elf Box, FluuM, RockMe Vape, RandM Tornado, FIHP, Vapme, Vozol, VOPK, Waspe, Utco, WGA,&hellip;","_links":{"self":[{"href":"https:\/\/vapebulkp.com\/sl\/wp-json\/wp\/v2\/pages\/2766","targetHints":{"allow":["GET"]}}],"collection":[{"href":"https:\/\/vapebulkp.com\/sl\/wp-json\/wp\/v2\/pages"}],"about":[{"href":"https:\/\/vapebulkp.com\/sl\/wp-json\/wp\/v2\/types\/page"}],"author":[{"embeddable":true,"href":"https:\/\/vapebulkp.com\/sl\/wp-json\/wp\/v2\/users\/1"}],"replies":[{"embeddable":true,"href":"https:\/\/vapebulkp.com\/sl\/wp-json\/wp\/v2\/comments?post=2766"}],"version-history":[{"count":4,"href":"https:\/\/vapebulkp.com\/sl\/wp-json\/wp\/v2\/pages\/2766\/revisions"}],"predecessor-version":[{"id":2793,"href":"https:\/\/vapebulkp.com\/sl\/wp-json\/wp\/v2\/pages\/2766\/revisions\/2793"}],"wp:attachment":[{"href":"https:\/\/vapebulkp.com\/sl\/wp-json\/wp\/v2\/media?parent=2766"}],"curies":[{"name":"wp","href":"https:\/\/api.w.org\/{rel}","templated":true}]}}