{"id":1545,"date":"2023-09-20T09:21:33","date_gmt":"2023-09-20T07:21:33","guid":{"rendered":"https:\/\/vapebulkp.com\/?post_type=product&#038;p=1545"},"modified":"2025-09-24T05:10:12","modified_gmt":"2025-09-24T03:10:12","slug":"wholesale-randm-vape-9000-puffs-germany","status":"publish","type":"product","link":"https:\/\/vapebulkp.com\/sl\/izdelek\/wholesale-randm-vape-9000-puffs-germany\/","title":{"rendered":"Veleprodaja RandM Vape 9000 Puffs Slovenija"},"content":{"rendered":"<h2>Kak\u0161na je najbolj\u0161a prodajna akcija Vape RandM Vape 9000 Vpihov?<\/h2>\n<p>RandM Tornado 9000 Vpihov Disposable Vape za veleprodajo ponuja re\u0161itev za enkratno uporabo z veliko kapaciteto za evropske vaperje, ki \u017eelijo udobje in dolgo delovanje. Z 9000 gladkimi vpihi ta kompaktna naprava zagotavlja dosleden okus in zadovoljivo paro od za\u010detka do konca.<\/p>\n<p>Opremljen z 850mAh baterijo za enkratno uporabo z mo\u017enostjo polnjenja s Type-C, zagotavlja dolgotrajne seje in minimalen \u010das nedelovanja. Mre\u017easta tuljava 0.8\u03a9 zagotavlja bogat okus in goste oblake z vsakim vdihom. Prednapolnjen z 20 ml vrhunske e-teko\u010dine, na voljo v 21 mg\/ml ali 50 mg\/ml nikotinske soli, ustreza zmernim in mo\u010dnej\u0161im udarcem.<\/p>\n<p>Idealen za kupce veleprodajnih vape EU ali posamezne uporabnike, RandM Tornado 9000 zdru\u017euje prenosljivost, visoko zmogljivost in zanesljivo kakovost v elegantni napravi, pripravljeni za uporabo.<\/p>\n<h6 style=\"text-align: left\"><img decoding=\"async\" class=\"alignnone wp-image-1708\" src=\"http:\/\/vapebulkp.com\/wp-content\/uploads\/2023\/09\/POR-VAPE-RM-TORNADO-9000-PUFFS-2.jpg\" alt=\"POR VAPE RM TORNADO 9000 VAPEV\" width=\"798\" height=\"798\" srcset=\"https:\/\/vapebulkp.com\/wp-content\/uploads\/2023\/09\/POR-VAPE-RM-TORNADO-9000-PUFFS-2.jpg 1000w, https:\/\/vapebulkp.com\/wp-content\/uploads\/2023\/09\/POR-VAPE-RM-TORNADO-9000-PUFFS-2-300x300.jpg 300w, https:\/\/vapebulkp.com\/wp-content\/uploads\/2023\/09\/POR-VAPE-RM-TORNADO-9000-PUFFS-2-150x150.jpg 150w, https:\/\/vapebulkp.com\/wp-content\/uploads\/2023\/09\/POR-VAPE-RM-TORNADO-9000-PUFFS-2-768x768.jpg 768w, https:\/\/vapebulkp.com\/wp-content\/uploads\/2023\/09\/POR-VAPE-RM-TORNADO-9000-PUFFS-2-600x600.jpg 600w, https:\/\/vapebulkp.com\/wp-content\/uploads\/2023\/09\/POR-VAPE-RM-TORNADO-9000-PUFFS-2-100x100.jpg 100w\" sizes=\"(max-width: 798px) 100vw, 798px\" \/><\/h6>\n<h6><\/h6>\n<h6>Za popust se obrnite na Mandyin WhatsApp<a href=\"https:\/\/wa.me\/8618077105796\">+8618077105796<\/a><\/h6>\n<p><img decoding=\"async\" class=\"alignnone wp-image-2151\" src=\"http:\/\/vapebulkp.com\/wp-content\/uploads\/2024\/04\/Mandy-WhatsApp-Randm.jpg\" alt=\"Mandy WhatsApp Randm\" width=\"277\" height=\"295\" srcset=\"https:\/\/vapebulkp.com\/wp-content\/uploads\/2024\/04\/Mandy-WhatsApp-Randm.jpg 916w, https:\/\/vapebulkp.com\/wp-content\/uploads\/2024\/04\/Mandy-WhatsApp-Randm-282x300.jpg 282w, https:\/\/vapebulkp.com\/wp-content\/uploads\/2024\/04\/Mandy-WhatsApp-Randm-768x817.jpg 768w, https:\/\/vapebulkp.com\/wp-content\/uploads\/2024\/04\/Mandy-WhatsApp-Randm-600x638.jpg 600w\" sizes=\"(max-width: 277px) 100vw, 277px\" \/><\/p>\n<h3><span style=\"vertical-align: inherit\">Mislili smo, da bi vam bilo v\u0161e\u010d vedeti o Randm Tornado 9000 vpihov:<\/span><\/h3>\n<p class=\"style-scope ytd-watch-metadata\">1. Kako uporabiti RandM Tornado 9000 Vape Pen?<\/p>\n<p>Korak 1. Pred uporabo 9k vpihov odstranite plasti\u010dno cev.<\/p>\n<p>Korak 2. Po\u010dakajte pribli\u017eno 3 minute, da se sok vpije v tuljavo znotraj.<\/p>\n<p>Korak 3. U\u017eivajte<\/p>\n<p>2.<strong>Kako napolniti RandM Tornado 9000 Puff:<\/strong><\/p>\n<p>Polnilnikov za hitro polnjenje ni mogo\u010de uporabljati, standardna varna mo\u010d e-cigaret za enkratno uporabo pa je 5V 1A.<\/p>\n<p>Vsak \u010das polnjenja ne sme prese\u010di 1 ure, varen \u010das polnjenja pa je pol ure.<\/p>\n<p><span style=\"color: #ff6600\">Opomba: ne polnite celo no\u010d!<\/span><\/p>\n<p>3. Kak\u0161na je kapaciteta e-teko\u010dine v Rick and Morty tornado 9000Puffs WAPE?<\/p>\n<p>\u2014\u201420ml<\/p>\n<p>4.<strong>Kako dolgo traja RandM Tornado 9000 Vpihov:<\/strong><\/p>\n<p>\u2014\u20139000Vpihov<\/p>\n<h4><strong><span style=\"vertical-align: inherit\">Specifikacije Randm Vape puff 9000:<\/span><br \/>\n<\/strong><\/h4>\n<p>Dobra baterija: 850mAh (Tip C)<br \/>\nVelika kapaciteta: 20ml<br \/>\nVisokokakovostna tuljava: 0,8 ohm mre\u017ena<br \/>\nPribli\u017ena prostornina sesanja: 9000 vpihov<br \/>\nvpih randm tornado 9000 nikotin: 2%,5%<br \/>\nMOQ: 50 KOS<\/p>\n<h2><strong>Kak\u0161ni so najbolj\u0161i okusi Vape randmvape 9000 Vpihov?<\/strong><\/h2>\n<p>&nbsp;<\/p>\n<p>1 Borovnica Malina<br \/>\n2 Gospod Modri<br \/>\n3 Jagoda Lubenica<br \/>\n4 Oran\u017ena Soda<br \/>\n5 Lubeni\u010dni mehur\u010dek<br \/>\n6 Mavri\u010dni bombon<br \/>\n7 Ro\u017enata Limonada<br \/>\n8 Breskev Mango Ananas<br \/>\n9 Jagoda Banana<br \/>\n10 Lush Ice<br \/>\n11 \u010crni Zmaj Led<br \/>\n12 Aloe Grozdje<br \/>\n13 Modra malina led<br \/>\n14 Kivi pasijonka gvava<br \/>\n15 Gumijasti medvedek<br \/>\n16 Me\u0161ano jagodi\u010dje<br \/>\n17 Hladna Meta<br \/>\n18 Malina Lubenica<br \/>\n19 Breskev Limonada<br \/>\n20 Guava Led<br \/>\n21 Jagoda Limonada<br \/>\n22 Lubenica Brazz Led<br \/>\n23 Banana Krema<br \/>\n24 Breskev Jagoda<br \/>\n25 Jagoda Krema<br \/>\n26 Kisla Bombon<br \/>\n27 Limona<br \/>\n28 \u010ce\u0161nja<br \/>\n29 Mehur\u010dkasta \u010ce\u0161nja<br \/>\n30 Borovnica \u010ce\u0161nja Brusnica<br \/>\n31 Vimto<br \/>\n32 Skittles<br \/>\n33 \u010crni Led<br \/>\n34 Grozdje<br \/>\n35 Modri Led<br \/>\n36 Jagodni Led<br \/>\n38 Ledena Ledenka<br \/>\n39 Borovni\u010dev kiselkasti malinov okus<br \/>\n40 Ananas<br \/>\n41 \u010ce\u0161njevo breskov limonin okus<br \/>\n42 Jagodno malinov \u010de\u0161njev led<br \/>\n43 Trojna manga<br \/>\n45 Jagodno lubeni\u010dni mehur\u010dkasti okus<br \/>\n47 Lubeni\u010dni led<br \/>\n48 Borovni\u010dev led<\/p>\n<p><a href=\"https:\/\/vapebulkp.com\/sl\/izdelek\/wholesale-price-disposable-vape-crystal-600-puffs\/\"><span style=\"vertical-align: inherit\">\u00a0<\/span><\/a><span style=\"vertical-align: inherit\">Poi\u0161\u010dite ve\u010d izdelkov, ki bi vam bili morda v\u0161e\u010d:<\/span><em><a href=\"https:\/\/wa.me\/8618077105796\"><span style=\"vertical-align: inherit\">\u00a0Kupite zdaj<\/span><\/a><\/em><\/p>\n<p><a href=\"https:\/\/vapebulkp.com\/sl\/izdelek\/bang-box-80000-puffs-3-in-1-wholesale-vape-supply\/\"><span style=\"vertical-align: inherit\">Bang Box 80000 vpihov <\/span><\/a><span style=\"vertical-align: inherit\">\/ <\/span><a href=\"https:\/\/vapebulkp.com\/sl\/izdelek\/uzy-triple-60000-puffs-smart-vape-wholesale-3-in-1-flavor\/\"><span style=\"vertical-align: inherit\">UZY Vape 60000 Vpihov<\/span><\/a><span style=\"vertical-align: inherit\">\/<\/span><a href=\"https:\/\/vapebulkp.com\/sl\/izdelek\/vopk-60000-puffs-top-sale-disposable-vape-pen\/\"><span style=\"vertical-align: inherit\">VOPK 60000 vdihov<\/span><\/a><\/p>\n<h4>Proizvodne kvalifikacije:<\/h4>\n<p><img decoding=\"async\" class=\"alignnone size-full wp-image-1841\" src=\"http:\/\/vapebulkp.com\/wp-content\/uploads\/2023\/11\/Vape-production-process-2.jpeg\" alt=\"Proces proizvodnje vape\" width=\"650\" height=\"434\" srcset=\"https:\/\/vapebulkp.com\/wp-content\/uploads\/2023\/11\/Vape-production-process-2.jpeg 650w, https:\/\/vapebulkp.com\/wp-content\/uploads\/2023\/11\/Vape-production-process-2-300x200.jpeg 300w, https:\/\/vapebulkp.com\/wp-content\/uploads\/2023\/11\/Vape-production-process-2-600x401.jpeg 600w\" sizes=\"(max-width: 650px) 100vw, 650px\" \/><\/p>\n<p><img decoding=\"async\" class=\"alignnone size-full wp-image-1843\" src=\"http:\/\/vapebulkp.com\/wp-content\/uploads\/2023\/11\/Vape-production-process.jpeg\" alt=\"Proces proizvodnje vape\" width=\"641\" height=\"1026\" srcset=\"https:\/\/vapebulkp.com\/wp-content\/uploads\/2023\/11\/Vape-production-process.jpeg 641w, https:\/\/vapebulkp.com\/wp-content\/uploads\/2023\/11\/Vape-production-process-187x300.jpeg 187w, https:\/\/vapebulkp.com\/wp-content\/uploads\/2023\/11\/Vape-production-process-640x1024.jpeg 640w, https:\/\/vapebulkp.com\/wp-content\/uploads\/2023\/11\/Vape-production-process-600x960.jpeg 600w\" sizes=\"(max-width: 641px) 100vw, 641px\" \/><\/p>\n<h5>Pogosta vpra\u0161anja:<\/h5>\n<p>V: Kak\u0161na je MOQ za Randm 9000 Vpihov?<br \/>\nO: Najmanj\u0161e naro\u010dilo je 50 kosov.<br \/>\nV: Kak\u0161en je dobavni rok za naro\u010deno vape?<br \/>\nO: Obi\u010dajno je 10-15 dni po odpremi<br \/>\nV: Koliko zna\u0161ajo stro\u0161ki po\u0161iljanja? O: Stro\u0161ki po\u0161iljanja so odvisni od te\u017ee. Razli\u010dne koli\u010dine imajo razli\u010dne stro\u0161ke po\u0161iljanja, prosimo, kontaktirajte nas za potrditev stro\u0161kov po\u0161iljanja.<\/p>\n<h4>Podrobnosti dostave:<\/h4>\n<p><span style=\"color: #ff6600\">\u010cas proizvodnje: 5\u201310 delovnih dni<\/span><br \/>\n<span style=\"color: #ff6600\">\u010cas dostave: 8\u201314 delovnih dni<\/span><\/p>\n<p>Vsi izdelki v na\u0161i trgovini so 100% originalni in avtenti\u010dni, zato je na\u0161a politika desetkratno nadomestilo za ponarejeno blago. Za dostavo blaga vam uporabljamo logisti\u010dne kanale, kot so UPS\/DHL\/FEDEX\/DPD.<\/p>\n<p>Za pakete, poslane v Slovenijo, obi\u010dajno traja 10 delovnih dni. Po\u0161iljanje v evropske dr\u017eave obi\u010dajno traja 12 do 15 delovnih dni. Logisti\u010dne informacije vam bomo sproti posodabljali.<\/p>","protected":false},"excerpt":{"rendered":"<p>Rick and morty tornado vape v moji bli\u017eini<\/p>\n<p>dobra prodaja Randm vape 9000<\/p>\n<p>Randm vape v moji bli\u017eini<\/p>\n<p>puff tornado 9000, ki ga \u017eelite kupiti<\/p>\n<p><img decoding=\"async\" class=\"alignnone wp-image-2151\" src=\"http:\/\/vapebulkp.com\/wp-content\/uploads\/2024\/04\/Mandy-WhatsApp-Randm.jpg\" alt=\"Mandy WhatsApp Randm\" width=\"304\" height=\"323\" srcset=\"https:\/\/vapebulkp.com\/wp-content\/uploads\/2024\/04\/Mandy-WhatsApp-Randm.jpg 916w, https:\/\/vapebulkp.com\/wp-content\/uploads\/2024\/04\/Mandy-WhatsApp-Randm-282x300.jpg 282w, https:\/\/vapebulkp.com\/wp-content\/uploads\/2024\/04\/Mandy-WhatsApp-Randm-768x817.jpg 768w, https:\/\/vapebulkp.com\/wp-content\/uploads\/2024\/04\/Mandy-WhatsApp-Randm-600x638.jpg 600w\" sizes=\"(max-width: 304px) 100vw, 304px\" \/><\/p>\n<p>Za popust se obrnite na Mandyin WhatsApp<a href=\"https:\/\/wa.me\/8618077105796\">+8618077105796<\/a><\/p>\n<p><span style=\"color: #ff0000\">OPOMBA: Cene na na\u0161i spletni strani ne vklju\u010dujejo stro\u0161kov po\u0161iljanja.<\/span><\/p>","protected":false},"featured_media":1709,"comment_status":"open","ping_status":"closed","template":"","meta":{"_uag_custom_page_level_css":"","_lmt_disableupdate":"no","_lmt_disable":"","site-sidebar-layout":"default","site-content-layout":"content-boxed-container","ast-site-content-layout":"normal-width-container","site-content-style":"boxed","site-sidebar-style":"unboxed","ast-global-header-display":"","ast-banner-title-visibility":"","ast-main-header-display":"","ast-hfb-above-header-display":"","ast-hfb-below-header-display":"","ast-hfb-mobile-header-display":"","site-post-title":"","ast-breadcrumbs-content":"","ast-featured-img":"","footer-sml-layout":"","theme-transparent-header-meta":"default","adv-header-id-meta":"","stick-header-meta":"","header-above-stick-meta":"","header-main-stick-meta":"","header-below-stick-meta":"","astra-migrate-meta-layouts":"set","_joinchat":[]},"product_cat":[168,153,155,33,352,59,100,87,34,158,157,154,152,58,84,156,63,32],"product_tag":[47,36,37,41,75,40],"class_list":["post-1545","product","type-product","status-publish","has-post-thumbnail","hentry","product_cat-9000-puffs-disposable-vape","product_cat-hot-disposable-vapes","product_cat-belgium-hot-disposable-vapes","product_cat-france-vape-hot-sale","product_cat-fumot-vapes","product_cat-germany-hot-disposable-vape","product_cat-germany-wholesale-vape-shop","product_cat-minimum-order-quantity-50pcs","product_cat-netherlands-vape-good-sale","product_cat-norway-hot-disposable-vapes","product_cat-poland-hot-disposable-vapes","product_cat-portugal-hot-disposable-vapes","product_cat-spain-hot-disposable-vapes","product_cat-sweden-hot-disposable-vape","product_cat-sweden-wholesale-vape","product_cat-switzerland-hot-disposable-vapes","product_cat-top-sale-disposable-vape","product_cat-vape-hot-sale-this-week","product_tag-9000puffs","product_tag-good-vape","product_tag-hot-sale-disposable-vape","product_tag-poland-hot-vape","product_tag-randm-vape-9000-puffs","product_tag-sweden-hot-vape","pa_brand-fumot-vape","desktop-align-left","tablet-align-left","mobile-align-left"],"yoast_head":"<!-- This site is optimized with the Yoast SEO plugin v21.1 - https:\/\/yoast.com\/wordpress\/plugins\/seo\/ -->\n<title>Wholesale RandM Vape 9000 Puffs Germany - vapebulkp.com<\/title>\n<meta name=\"description\" content=\"Wholesale Randm Tornado 9000 Puffs Germany Vape ergonomic design fits perfectly in your hand and is compact enough to slip into your pocket or purse.\" \/>\n<meta name=\"robots\" content=\"index, follow, max-snippet:-1, max-image-preview:large, max-video-preview:-1\" \/>\n<link rel=\"canonical\" href=\"https:\/\/vapebulkp.com\/sl\/izdelek\/wholesale-randm-vape-9000-puffs-germany\/\" \/>\n<meta property=\"og:locale\" content=\"sl_SI\" \/>\n<meta property=\"og:type\" content=\"article\" \/>\n<meta property=\"og:title\" content=\"Wholesale RandM Vape 9000 Puffs Germany - vapebulkp.com\" \/>\n<meta property=\"og:description\" content=\"Wholesale Randm Tornado 9000 Puffs Germany Vape ergonomic design fits perfectly in your hand and is compact enough to slip into your pocket or purse.\" \/>\n<meta property=\"og:url\" content=\"https:\/\/vapebulkp.com\/sl\/izdelek\/wholesale-randm-vape-9000-puffs-germany\/\" \/>\n<meta property=\"og:site_name\" content=\"vapebulkp.com\" \/>\n<meta property=\"article:modified_time\" content=\"2025-09-24T03:10:12+00:00\" \/>\n<meta property=\"og:image\" content=\"http:\/\/vapebulkp.com\/wp-content\/uploads\/2023\/09\/KIT-VAPE-RANDM-TORNADO-9000-PUFF-1.jpg\" \/>\n\t<meta property=\"og:image:width\" content=\"1000\" \/>\n\t<meta property=\"og:image:height\" content=\"1000\" \/>\n\t<meta property=\"og:image:type\" content=\"image\/jpeg\" \/>\n<meta name=\"twitter:card\" content=\"summary_large_image\" \/>\n<meta name=\"twitter:label1\" content=\"Est. reading time\" \/>\n\t<meta name=\"twitter:data1\" content=\"4 minute\" \/>\n<script type=\"application\/ld+json\" class=\"yoast-schema-graph\">{\"@context\":\"https:\/\/schema.org\",\"@graph\":[{\"@type\":\"WebPage\",\"@id\":\"https:\/\/vapebulkp.com\/product\/wholesale-randm-vape-9000-puffs-germany\/\",\"url\":\"https:\/\/vapebulkp.com\/product\/wholesale-randm-vape-9000-puffs-germany\/\",\"name\":\"Wholesale RandM Vape 9000 Puffs Germany - vapebulkp.com\",\"isPartOf\":{\"@id\":\"https:\/\/vapebulkp.com\/#website\"},\"datePublished\":\"2023-09-20T07:21:33+00:00\",\"dateModified\":\"2025-09-24T03:10:12+00:00\",\"description\":\"Wholesale Randm Tornado 9000 Puffs Germany Vape ergonomic design fits perfectly in your hand and is compact enough to slip into your pocket or purse.\",\"breadcrumb\":{\"@id\":\"https:\/\/vapebulkp.com\/product\/wholesale-randm-vape-9000-puffs-germany\/#breadcrumb\"},\"inLanguage\":\"sl-SI\",\"potentialAction\":[{\"@type\":\"ReadAction\",\"target\":[\"https:\/\/vapebulkp.com\/product\/wholesale-randm-vape-9000-puffs-germany\/\"]}]},{\"@type\":\"BreadcrumbList\",\"@id\":\"https:\/\/vapebulkp.com\/product\/wholesale-randm-vape-9000-puffs-germany\/#breadcrumb\",\"itemListElement\":[{\"@type\":\"ListItem\",\"position\":1,\"name\":\"Home\",\"item\":\"https:\/\/vapebulkp.com\/\"},{\"@type\":\"ListItem\",\"position\":2,\"name\":\"Hot Trend Vapes\",\"item\":\"https:\/\/vapebulkp.com\/vape-shop\/\"},{\"@type\":\"ListItem\",\"position\":3,\"name\":\"Wholesale RandM Vape 9000 Puffs Germany\"}]},{\"@type\":\"WebSite\",\"@id\":\"https:\/\/vapebulkp.com\/#website\",\"url\":\"https:\/\/vapebulkp.com\/\",\"name\":\"vapebulkp.com\",\"description\":\"Buy Vape In Cheap Bulk Price Near you\",\"publisher\":{\"@id\":\"https:\/\/vapebulkp.com\/#organization\"},\"potentialAction\":[{\"@type\":\"SearchAction\",\"target\":{\"@type\":\"EntryPoint\",\"urlTemplate\":\"https:\/\/vapebulkp.com\/?s={search_term_string}\"},\"query-input\":\"required name=search_term_string\"}],\"inLanguage\":\"sl-SI\"},{\"@type\":\"Organization\",\"@id\":\"https:\/\/vapebulkp.com\/#organization\",\"name\":\"vapebulkp.com\",\"url\":\"https:\/\/vapebulkp.com\/\",\"logo\":{\"@type\":\"ImageObject\",\"inLanguage\":\"sl-SI\",\"@id\":\"https:\/\/vapebulkp.com\/#\/schema\/logo\/image\/\",\"url\":\"https:\/\/vapebulkp.com\/wp-content\/uploads\/2023\/09\/cropped-vapebulkp.png\",\"contentUrl\":\"https:\/\/vapebulkp.com\/wp-content\/uploads\/2023\/09\/cropped-vapebulkp.png\",\"width\":516,\"height\":163,\"caption\":\"vapebulkp.com\"},\"image\":{\"@id\":\"https:\/\/vapebulkp.com\/#\/schema\/logo\/image\/\"}}]}<\/script>\n<!-- \/ Yoast SEO plugin. -->","yoast_head_json":{"title":"Wholesale RandM Vape 9000 Puffs Germany - vapebulkp.com","description":"Wholesale Randm Tornado 9000 Puffs Germany Vape ergonomic design fits perfectly in your hand and is compact enough to slip into your pocket or purse.","robots":{"index":"index","follow":"follow","max-snippet":"max-snippet:-1","max-image-preview":"max-image-preview:large","max-video-preview":"max-video-preview:-1"},"canonical":"https:\/\/vapebulkp.com\/sl\/izdelek\/wholesale-randm-vape-9000-puffs-germany\/","og_locale":"sl_SI","og_type":"article","og_title":"Wholesale RandM Vape 9000 Puffs Germany - vapebulkp.com","og_description":"Wholesale Randm Tornado 9000 Puffs Germany Vape ergonomic design fits perfectly in your hand and is compact enough to slip into your pocket or purse.","og_url":"https:\/\/vapebulkp.com\/sl\/izdelek\/wholesale-randm-vape-9000-puffs-germany\/","og_site_name":"vapebulkp.com","article_modified_time":"2025-09-24T03:10:12+00:00","og_image":[{"width":1000,"height":1000,"url":"http:\/\/vapebulkp.com\/wp-content\/uploads\/2023\/09\/KIT-VAPE-RANDM-TORNADO-9000-PUFF-1.jpg","type":"image\/jpeg"}],"twitter_card":"summary_large_image","twitter_misc":{"Est. reading time":"4 minute"},"schema":{"@context":"https:\/\/schema.org","@graph":[{"@type":"WebPage","@id":"https:\/\/vapebulkp.com\/product\/wholesale-randm-vape-9000-puffs-germany\/","url":"https:\/\/vapebulkp.com\/product\/wholesale-randm-vape-9000-puffs-germany\/","name":"Wholesale RandM Vape 9000 Puffs Germany - vapebulkp.com","isPartOf":{"@id":"https:\/\/vapebulkp.com\/#website"},"datePublished":"2023-09-20T07:21:33+00:00","dateModified":"2025-09-24T03:10:12+00:00","description":"Wholesale Randm Tornado 9000 Puffs Germany Vape ergonomic design fits perfectly in your hand and is compact enough to slip into your pocket or purse.","breadcrumb":{"@id":"https:\/\/vapebulkp.com\/product\/wholesale-randm-vape-9000-puffs-germany\/#breadcrumb"},"inLanguage":"sl-SI","potentialAction":[{"@type":"ReadAction","target":["https:\/\/vapebulkp.com\/product\/wholesale-randm-vape-9000-puffs-germany\/"]}]},{"@type":"BreadcrumbList","@id":"https:\/\/vapebulkp.com\/product\/wholesale-randm-vape-9000-puffs-germany\/#breadcrumb","itemListElement":[{"@type":"ListItem","position":1,"name":"Home","item":"https:\/\/vapebulkp.com\/"},{"@type":"ListItem","position":2,"name":"Hot Trend Vapes","item":"https:\/\/vapebulkp.com\/vape-shop\/"},{"@type":"ListItem","position":3,"name":"Wholesale RandM Vape 9000 Puffs Germany"}]},{"@type":"WebSite","@id":"https:\/\/vapebulkp.com\/#website","url":"https:\/\/vapebulkp.com\/","name":"vapebulkp.com","description":"Buy Vape In Cheap Bulk Price Near you","publisher":{"@id":"https:\/\/vapebulkp.com\/#organization"},"potentialAction":[{"@type":"SearchAction","target":{"@type":"EntryPoint","urlTemplate":"https:\/\/vapebulkp.com\/?s={search_term_string}"},"query-input":"required name=search_term_string"}],"inLanguage":"sl-SI"},{"@type":"Organization","@id":"https:\/\/vapebulkp.com\/#organization","name":"vapebulkp.com","url":"https:\/\/vapebulkp.com\/","logo":{"@type":"ImageObject","inLanguage":"sl-SI","@id":"https:\/\/vapebulkp.com\/#\/schema\/logo\/image\/","url":"https:\/\/vapebulkp.com\/wp-content\/uploads\/2023\/09\/cropped-vapebulkp.png","contentUrl":"https:\/\/vapebulkp.com\/wp-content\/uploads\/2023\/09\/cropped-vapebulkp.png","width":516,"height":163,"caption":"vapebulkp.com"},"image":{"@id":"https:\/\/vapebulkp.com\/#\/schema\/logo\/image\/"}}]}},"uagb_featured_image_src":{"full":["https:\/\/vapebulkp.com\/wp-content\/uploads\/2023\/09\/KIT-VAPE-RANDM-TORNADO-9000-PUFF-1.jpg",1000,1000,false],"thumbnail":["https:\/\/vapebulkp.com\/wp-content\/uploads\/2023\/09\/KIT-VAPE-RANDM-TORNADO-9000-PUFF-1-150x150.jpg",150,150,true],"medium":["https:\/\/vapebulkp.com\/wp-content\/uploads\/2023\/09\/KIT-VAPE-RANDM-TORNADO-9000-PUFF-1-300x300.jpg",300,300,true],"medium_large":["https:\/\/vapebulkp.com\/wp-content\/uploads\/2023\/09\/KIT-VAPE-RANDM-TORNADO-9000-PUFF-1-768x768.jpg",768,768,true],"large":["https:\/\/vapebulkp.com\/wp-content\/uploads\/2023\/09\/KIT-VAPE-RANDM-TORNADO-9000-PUFF-1.jpg",1000,1000,false],"1536x1536":["https:\/\/vapebulkp.com\/wp-content\/uploads\/2023\/09\/KIT-VAPE-RANDM-TORNADO-9000-PUFF-1.jpg",1000,1000,false],"2048x2048":["https:\/\/vapebulkp.com\/wp-content\/uploads\/2023\/09\/KIT-VAPE-RANDM-TORNADO-9000-PUFF-1.jpg",1000,1000,false],"trp-custom-language-flag":["https:\/\/vapebulkp.com\/wp-content\/uploads\/2023\/09\/KIT-VAPE-RANDM-TORNADO-9000-PUFF-1.jpg",12,12,false],"woocommerce_thumbnail":["https:\/\/vapebulkp.com\/wp-content\/uploads\/2023\/09\/KIT-VAPE-RANDM-TORNADO-9000-PUFF-1-300x300.jpg",300,300,true],"woocommerce_single":["https:\/\/vapebulkp.com\/wp-content\/uploads\/2023\/09\/KIT-VAPE-RANDM-TORNADO-9000-PUFF-1-600x600.jpg",600,600,true],"woocommerce_gallery_thumbnail":["https:\/\/vapebulkp.com\/wp-content\/uploads\/2023\/09\/KIT-VAPE-RANDM-TORNADO-9000-PUFF-1-100x100.jpg",100,100,true],"wcpr-photo-reviews":["https:\/\/vapebulkp.com\/wp-content\/uploads\/2023\/09\/KIT-VAPE-RANDM-TORNADO-9000-PUFF-1.jpg",500,500,false]},"uagb_author_info":{"display_name":"Mandy vape bulk price","author_link":"https:\/\/vapebulkp.com\/sl\/author\/"},"uagb_comment_info":5,"uagb_excerpt":"Rick and morty tornado vape near me good sale Randm vape 9000 Randm vape near me puff tornado 9000 you want to buy Pls Contact Mandy's WhatsApp For Discount Price+8618077105796 NOTE: Prices on our website does not include shipping costs","_links":{"self":[{"href":"https:\/\/vapebulkp.com\/sl\/wp-json\/wp\/v2\/product\/1545","targetHints":{"allow":["GET"]}}],"collection":[{"href":"https:\/\/vapebulkp.com\/sl\/wp-json\/wp\/v2\/product"}],"about":[{"href":"https:\/\/vapebulkp.com\/sl\/wp-json\/wp\/v2\/types\/product"}],"replies":[{"embeddable":true,"href":"https:\/\/vapebulkp.com\/sl\/wp-json\/wp\/v2\/comments?post=1545"}],"wp:featuredmedia":[{"embeddable":true,"href":"https:\/\/vapebulkp.com\/sl\/wp-json\/wp\/v2\/media\/1709"}],"wp:attachment":[{"href":"https:\/\/vapebulkp.com\/sl\/wp-json\/wp\/v2\/media?parent=1545"}],"wp:term":[{"taxonomy":"product_cat","embeddable":true,"href":"https:\/\/vapebulkp.com\/sl\/wp-json\/wp\/v2\/product_cat?post=1545"},{"taxonomy":"product_tag","embeddable":true,"href":"https:\/\/vapebulkp.com\/sl\/wp-json\/wp\/v2\/product_tag?post=1545"}],"curies":[{"name":"wp","href":"https:\/\/api.w.org\/{rel}","templated":true}]}}