{"id":1576,"date":"2023-09-22T11:43:32","date_gmt":"2023-09-22T09:43:32","guid":{"rendered":"https:\/\/vapebulkp.com\/?post_type=product&#038;p=1576"},"modified":"2025-09-24T05:49:18","modified_gmt":"2025-09-24T03:49:18","slug":"top-sale-waspe-12000puffs-disposable-vape-wholesale-france","status":"publish","type":"product","link":"https:\/\/vapebulkp.com\/sl\/product\/top-sale-waspe-12000puffs-disposable-vape-wholesale-france\/","title":{"rendered":"Top prodaja WASPE 12000Puffs Disposable Vape Wholesale Slovenija"},"content":{"rendered":"<h1>Top prodaja WASPE 12000Puffs Disposable Vape Wholesale Slovenija<\/h1>\n<p data-start=\"337\" data-end=\"682\">The <strong data-start=\"381\" data-end=\"418\">WASPE 12000 Puffs Vape za enkratno uporabo<\/strong> je visoko zmogljiva izbira za mlade mo\u0161ke v Evropi, ki zahtevajo slog in zanesljivost. Z do <strong data-start=\"516\" data-end=\"532\">12.000 potegov<\/strong>, 18 ml rezervoarjem za e-teko\u010dino in mo\u010dno 650 mAh polnilno baterijo s hitrim polnjenjem Type-C, zagotavlja dolgotrajno vaping brez prekinitev.<\/p>\n<p data-start=\"684\" data-end=\"902\">Opremljen z 0,8\u03a9 mre\u017easto tuljavo, <strong data-start=\"720\" data-end=\"740\">WASPE 12000 vdihov<\/strong> zagotavlja gladek pretok zraka, gosto paro in dosleden okus pri vsakem vdihu. Mo\u017enosti nikotinske soli 2% in 5% omogo\u010dajo prilagodljivost tako za lahke kot za te\u017eke uporabnike.<\/p>\n<p data-start=\"904\" data-end=\"1125\">Kompakten, prenosljiv in zasnovan za veleprodajno distribucijo v EU, ta <a href=\"https:\/\/vapebulkp.com\/sl\/product-category\/12000-puffs-disposable-vape\/\"><strong data-start=\"976\" data-end=\"1007\">12000 vdihov e-cigareta za enkratno uporabo<\/strong><\/a> je na voljo v sadnih in mentolovih me\u0161anicah, kar ga dela popolno mo\u017enost za vsakodnevno uporabo, potovanja ali dru\u017eabne prilo\u017enosti.<\/p>\n<h6 style=\"text-align: left\"><img decoding=\"async\" class=\"alignnone wp-image-2756\" src=\"http:\/\/vapebulkp.com\/wp-content\/uploads\/2024\/08\/WASPE-RANDM-TORNADO-12000-VAPE-KIT-SUPPLIER.jpg\" alt=\"WASPE RANDM TORNADO 12000 VAPE KIT DOBAVITELJ\" width=\"401\" height=\"602\" srcset=\"https:\/\/vapebulkp.com\/wp-content\/uploads\/2024\/08\/WASPE-RANDM-TORNADO-12000-VAPE-KIT-SUPPLIER.jpg 1280w, https:\/\/vapebulkp.com\/wp-content\/uploads\/2024\/08\/WASPE-RANDM-TORNADO-12000-VAPE-KIT-SUPPLIER-200x300.jpg 200w, https:\/\/vapebulkp.com\/wp-content\/uploads\/2024\/08\/WASPE-RANDM-TORNADO-12000-VAPE-KIT-SUPPLIER-683x1024.jpg 683w, https:\/\/vapebulkp.com\/wp-content\/uploads\/2024\/08\/WASPE-RANDM-TORNADO-12000-VAPE-KIT-SUPPLIER-768x1152.jpg 768w, https:\/\/vapebulkp.com\/wp-content\/uploads\/2024\/08\/WASPE-RANDM-TORNADO-12000-VAPE-KIT-SUPPLIER-1024x1536.jpg 1024w, https:\/\/vapebulkp.com\/wp-content\/uploads\/2024\/08\/WASPE-RANDM-TORNADO-12000-VAPE-KIT-SUPPLIER-600x900.jpg 600w\" sizes=\"(max-width: 401px) 100vw, 401px\" \/><\/h6>\n<h6><\/h6>\n<h6>Za popust se obrnite na Mandyin WhatsApp<a href=\"https:\/\/wa.me\/8618077105796\">+8618077105796<\/a><\/h6>\n<p><img decoding=\"async\" class=\"alignnone wp-image-2151\" src=\"http:\/\/vapebulkp.com\/wp-content\/uploads\/2024\/04\/Mandy-WhatsApp-Randm.jpg\" alt=\"Mandy WhatsApp Randm\" width=\"288\" height=\"306\" srcset=\"https:\/\/vapebulkp.com\/wp-content\/uploads\/2024\/04\/Mandy-WhatsApp-Randm.jpg 916w, https:\/\/vapebulkp.com\/wp-content\/uploads\/2024\/04\/Mandy-WhatsApp-Randm-282x300.jpg 282w, https:\/\/vapebulkp.com\/wp-content\/uploads\/2024\/04\/Mandy-WhatsApp-Randm-768x817.jpg 768w, https:\/\/vapebulkp.com\/wp-content\/uploads\/2024\/04\/Mandy-WhatsApp-Randm-600x638.jpg 600w\" sizes=\"(max-width: 288px) 100vw, 288px\" \/><\/p>\n<h2><span style=\"vertical-align: inherit\">Morda bi vas zanimalo o WASPE 12000Puffs VAPE za enkratno uporabo:<\/span><\/h2>\n<p>&nbsp;<\/p>\n<h4 class=\"style-scope ytd-watch-metadata\">1.Kako uporabljati WASPE 12000 Puffs Vape Pen?<\/h4>\n<p>&nbsp;<\/p>\n<p>Korak 1. Pred uporabo 12k vpihov odstranite plasti\u010dno cevko.<\/p>\n<p>Korak 2. Po\u010dakajte pribli\u017eno 3 minute, da se sok vpije v tuljavo znotraj.<\/p>\n<p>Korak 3. U\u017eivajte<\/p>\n<h6>2.KAKO NAPOLNITI NAPRAVO ZA ENKRATNO UPORABO WASPE 12000 PUFFS?<\/h6>\n<p>Polnilnikov za hitro polnjenje ni mogo\u010de uporabljati, standardna varna mo\u010d e-cigaret za enkratno uporabo pa je 5V 1A.<\/p>\n<p>Vsak \u010das polnjenja ne sme prese\u010di 1 ure, varen \u010das polnjenja pa je pol ure.<\/p>\n<h6>3.KOLIKO VDIHOV IMA WASPE 12000 VAPE ZA ENKRATNO UPORABO?<\/h6>\n<p>\u2014-12000 vdihov<\/p>\n<p><span style=\"color: #ff6600\">Opomba: ne polnite celo no\u010d!<\/span><\/p>\n<p>&nbsp;<\/p>\n<h3><strong><span style=\"vertical-align: inherit\">Specifikacije za WASPE 12000Puffs:<\/span><br \/>\n<\/strong><\/h3>\n<p>Baterija: 650mAh (Tip C)<br \/>\nProstornina: 18 ml<br \/>\nTuljava: 0,8 ohm mre\u017ena<br \/>\nPribli\u017ena prostornina sesanja: 12000 vpihov<br \/>\nPlus jakost nikotina: 2%, 5%<br \/>\nMOQ: 50 KOS<\/p>\n<h3><strong>Kateri so najbolj\u0161i okusi WASPE 12000Puffs Vape?<\/strong><\/h3>\n<p>1. Lubenica z ledom<br \/>\n2.Jagoda Kivi<br \/>\n3. Borovnica na ledu<br \/>\n4. Borovnica Malina<br \/>\n5. Jagoda Lubenica<br \/>\n6. Grozdni led<br \/>\n7. Jagoda Mango<br \/>\n8. Mango led<br \/>\n9. So\u010dna breskev ananas SO\u010cNO<br \/>\n10. Kivi limeta<br \/>\n11. Jagoda malina \u010de\u0161nja<br \/>\n12. Jagodna pitaja limonada<\/p>\n<p><span style=\"vertical-align: inherit\">Poi\u0161\u010dite ve\u010d izdelkov, ki bi vam bili morda v\u0161e\u010d:<\/span><em><a href=\"https:\/\/wa.me\/8618077105796\"><span style=\"vertical-align: inherit\">\u00a0Kupite zdaj<\/span><\/a><\/em><\/p>\n<p><span style=\"vertical-align: inherit\">Drugi 'puffs', ki bi vam bili morda v\u0161e\u010d:<\/span><span style=\"vertical-align: inherit\">\u00a0<\/span><a href=\"https:\/\/vapebulkp.com\/sl\/product\/wholesale-randm-tornado-9000-puffs-germany\/\"><span style=\"vertical-align: inherit\">RandM Tornado 9000 vpihov<\/span><\/a><span style=\"vertical-align: inherit\">\/ <\/span><a href=\"https:\/\/vapebulkp.com\/sl\/product\/popular-bang-king-10000-puffs-vape-good-price\/\"><span style=\"vertical-align: inherit\">Bang King 10000 vpihov<\/span><\/a><span style=\"vertical-align: inherit\">\/ <\/span><a href=\"https:\/\/vapebulkp.com\/sl\/product\/bang-king-12000puffs\/\"><span style=\"vertical-align: inherit\">Bang King 12000 vpihov<\/span><\/a><\/p>\n<p><span style=\"vertical-align: inherit\">E-cigareta posebne oblike steklenice:<\/span><a href=\"https:\/\/vapebulkp.com\/sl\/product\/popular-kulx-10000puffs-disposable-vape-good-price\/\"><span style=\"vertical-align: inherit\">Kulx vape 10000 vdihov <\/span><\/a><span style=\"vertical-align: inherit\">\/ <\/span><a href=\"https:\/\/vapebulkp.com\/sl\/product\/disposable-vape-crystal-600-puffs\/\"><span style=\"vertical-align: inherit\">Kristal 600 vpihov <\/span><\/a><span style=\"vertical-align: inherit\">\/<\/span><a href=\"https:\/\/vapebulkp.com\/sl\/product\/popular-vape-bang-king-15000-puffs-bang-vape\/\"><span style=\"vertical-align: inherit\">Bang King 15000 Pih<\/span><\/a><\/p>\n<h4>Podrobnosti dostave:<\/h4>\n<p><span style=\"color: #ff6600\">\u010cas proizvodnje: 5\u201310 delovnih dni<\/span><br \/>\n<span style=\"color: #ff6600\">\u010cas dostave: 8\u201314 delovnih dni<\/span><\/p>\n<p>Vsi izdelki v na\u0161i trgovini so 100% originalni in avtenti\u010dni, zato je na\u0161a politika desetkratno nadomestilo za ponarejeno blago. Za dostavo blaga vam uporabljamo logisti\u010dne kanale, kot so UPS\/DHL\/FEDEX\/DPD.<\/p>\n<p>Za pakete, poslane v Slovenijo, obi\u010dajno traja 10 delovnih dni. Po\u0161iljanje v evropske dr\u017eave obi\u010dajno traja 12 do 15 delovnih dni. Logisti\u010dne informacije vam bomo sproti posodabljali.<\/p>","protected":false},"excerpt":{"rendered":"<p>The <span style=\"vertical-align: inherit\">WASPE 12000 vdihov <\/span>se pona\u0161a z raznolikostjo privla\u010dnih okusov, kar zagotavlja, da boste na\u0161li nekaj, kar bo zadovoljilo va\u0161e \u017eelje. Od tradicionalnega tobaka do eksoti\u010dnih sadnih me\u0161anic, mo\u017enosti so neskon\u010dne. Vsak vdih prina\u0161a dosledno in prijetno izku\u0161njo vapinga, zahvaljujo\u010d vgrajenemu mehanizmu, ki se aktivira z vdihom.<br \/>\n<img decoding=\"async\" class=\"alignnone wp-image-2151\" src=\"http:\/\/vapebulkp.com\/wp-content\/uploads\/2024\/04\/Mandy-WhatsApp-Randm.jpg\" alt=\"Mandy WhatsApp Randm\" width=\"276\" height=\"293\" srcset=\"https:\/\/vapebulkp.com\/wp-content\/uploads\/2024\/04\/Mandy-WhatsApp-Randm.jpg 916w, https:\/\/vapebulkp.com\/wp-content\/uploads\/2024\/04\/Mandy-WhatsApp-Randm-282x300.jpg 282w, https:\/\/vapebulkp.com\/wp-content\/uploads\/2024\/04\/Mandy-WhatsApp-Randm-768x817.jpg 768w, https:\/\/vapebulkp.com\/wp-content\/uploads\/2024\/04\/Mandy-WhatsApp-Randm-600x638.jpg 600w\" sizes=\"(max-width: 276px) 100vw, 276px\" \/><\/p>\n<p>Za popust se obrnite na Mandyin WhatsApp<a href=\"https:\/\/wa.me\/8618077105796\">+8618077105796<\/a><\/p>\n<p><span style=\"color: #ff0000\">OPOMBA: Cene na na\u0161i spletni strani ne vklju\u010dujejo stro\u0161kov po\u0161iljanja.<\/span><\/p>","protected":false},"featured_media":2749,"comment_status":"open","ping_status":"closed","template":"","meta":{"_uag_custom_page_level_css":"","_lmt_disableupdate":"no","_lmt_disable":"","site-sidebar-layout":"default","site-content-layout":"content-boxed-container","ast-site-content-layout":"normal-width-container","site-content-style":"boxed","site-sidebar-style":"unboxed","ast-global-header-display":"","ast-banner-title-visibility":"","ast-main-header-display":"","ast-hfb-above-header-display":"","ast-hfb-below-header-display":"","ast-hfb-mobile-header-display":"","site-post-title":"","ast-breadcrumbs-content":"","ast-featured-img":"","footer-sml-layout":"","theme-transparent-header-meta":"default","adv-header-id-meta":"","stick-header-meta":"","header-above-stick-meta":"","header-main-stick-meta":"","header-below-stick-meta":"","astra-migrate-meta-layouts":"set","_joinchat":[]},"product_cat":[166,153,155,33,59,100,34,158,157,154,152,58,84,156,63,32,365],"product_tag":[45,36,37,41,71,40],"class_list":["post-1576","product","type-product","status-publish","has-post-thumbnail","hentry","product_cat-12000-puffs-disposable-vape","product_cat-hot-disposable-vapes","product_cat-belgium-hot-disposable-vapes","product_cat-france-vape-hot-sale","product_cat-germany-hot-disposable-vape","product_cat-germany-wholesale-vape-shop","product_cat-netherlands-vape-good-sale","product_cat-norway-hot-disposable-vapes","product_cat-poland-hot-disposable-vapes","product_cat-portugal-hot-disposable-vapes","product_cat-spain-hot-disposable-vapes","product_cat-sweden-hot-disposable-vape","product_cat-sweden-wholesale-vape","product_cat-switzerland-hot-disposable-vapes","product_cat-top-sale-disposable-vape","product_cat-vape-hot-sale-this-week","product_cat-waspe-vape","product_tag-12000puffs-good-vape","product_tag-good-vape","product_tag-hot-sale-disposable-vape","product_tag-poland-hot-vape","product_tag-randm","product_tag-sweden-hot-vape","pa_brand-waspe-vape","desktop-align-left","tablet-align-left","mobile-align-left"],"yoast_head":"<!-- This site is optimized with the Yoast SEO plugin v21.1 - https:\/\/yoast.com\/wordpress\/plugins\/seo\/ -->\n<title>Top Sale WASPE 12000Puffs Disposable Vape Wholesale France - vapebulkp.com<\/title>\n<meta name=\"description\" content=\"The WASPE12000Puffs Disposable Vape ergonomic design fits perfectly in your hand and is compact enough to slip into your pocket or purse.\" \/>\n<meta name=\"robots\" content=\"index, follow, max-snippet:-1, max-image-preview:large, max-video-preview:-1\" \/>\n<link rel=\"canonical\" href=\"https:\/\/vapebulkp.com\/sl\/product\/top-sale-waspe-12000puffs-disposable-vape-wholesale-france\/\" \/>\n<meta property=\"og:locale\" content=\"sl_SI\" \/>\n<meta property=\"og:type\" content=\"article\" \/>\n<meta property=\"og:title\" content=\"Top Sale WASPE 12000Puffs Disposable Vape Wholesale France - vapebulkp.com\" \/>\n<meta property=\"og:description\" content=\"The WASPE12000Puffs Disposable Vape ergonomic design fits perfectly in your hand and is compact enough to slip into your pocket or purse.\" \/>\n<meta property=\"og:url\" content=\"https:\/\/vapebulkp.com\/sl\/product\/top-sale-waspe-12000puffs-disposable-vape-wholesale-france\/\" \/>\n<meta property=\"og:site_name\" content=\"vapebulkp.com\" \/>\n<meta property=\"article:modified_time\" content=\"2025-09-24T03:49:18+00:00\" \/>\n<meta property=\"og:image\" content=\"http:\/\/vapebulkp.com\/wp-content\/uploads\/2024\/08\/WASPE-12K-Puffs-Vape-KIT-Discount-Price.png\" \/>\n\t<meta property=\"og:image:width\" content=\"1152\" \/>\n\t<meta property=\"og:image:height\" content=\"2048\" \/>\n\t<meta property=\"og:image:type\" content=\"image\/png\" \/>\n<meta name=\"twitter:card\" content=\"summary_large_image\" \/>\n<meta name=\"twitter:label1\" content=\"Est. reading time\" \/>\n\t<meta name=\"twitter:data1\" content=\"3 minute\" \/>\n<script type=\"application\/ld+json\" class=\"yoast-schema-graph\">{\"@context\":\"https:\/\/schema.org\",\"@graph\":[{\"@type\":\"WebPage\",\"@id\":\"https:\/\/vapebulkp.com\/product\/top-sale-waspe-12000puffs-disposable-vape-wholesale-france\/\",\"url\":\"https:\/\/vapebulkp.com\/product\/top-sale-waspe-12000puffs-disposable-vape-wholesale-france\/\",\"name\":\"Top Sale WASPE 12000Puffs Disposable Vape Wholesale France - vapebulkp.com\",\"isPartOf\":{\"@id\":\"https:\/\/vapebulkp.com\/#website\"},\"datePublished\":\"2023-09-22T09:43:32+00:00\",\"dateModified\":\"2025-09-24T03:49:18+00:00\",\"description\":\"The WASPE12000Puffs Disposable Vape ergonomic design fits perfectly in your hand and is compact enough to slip into your pocket or purse.\",\"breadcrumb\":{\"@id\":\"https:\/\/vapebulkp.com\/product\/top-sale-waspe-12000puffs-disposable-vape-wholesale-france\/#breadcrumb\"},\"inLanguage\":\"sl-SI\",\"potentialAction\":[{\"@type\":\"ReadAction\",\"target\":[\"https:\/\/vapebulkp.com\/product\/top-sale-waspe-12000puffs-disposable-vape-wholesale-france\/\"]}]},{\"@type\":\"BreadcrumbList\",\"@id\":\"https:\/\/vapebulkp.com\/product\/top-sale-waspe-12000puffs-disposable-vape-wholesale-france\/#breadcrumb\",\"itemListElement\":[{\"@type\":\"ListItem\",\"position\":1,\"name\":\"Home\",\"item\":\"https:\/\/vapebulkp.com\/\"},{\"@type\":\"ListItem\",\"position\":2,\"name\":\"Hot Trend Vapes\",\"item\":\"https:\/\/vapebulkp.com\/vape-shop\/\"},{\"@type\":\"ListItem\",\"position\":3,\"name\":\"Top Sale WASPE 12000Puffs Disposable Vape Wholesale France\"}]},{\"@type\":\"WebSite\",\"@id\":\"https:\/\/vapebulkp.com\/#website\",\"url\":\"https:\/\/vapebulkp.com\/\",\"name\":\"vapebulkp.com\",\"description\":\"Buy Vape In Cheap Bulk Price Near you\",\"publisher\":{\"@id\":\"https:\/\/vapebulkp.com\/#organization\"},\"potentialAction\":[{\"@type\":\"SearchAction\",\"target\":{\"@type\":\"EntryPoint\",\"urlTemplate\":\"https:\/\/vapebulkp.com\/?s={search_term_string}\"},\"query-input\":\"required name=search_term_string\"}],\"inLanguage\":\"sl-SI\"},{\"@type\":\"Organization\",\"@id\":\"https:\/\/vapebulkp.com\/#organization\",\"name\":\"vapebulkp.com\",\"url\":\"https:\/\/vapebulkp.com\/\",\"logo\":{\"@type\":\"ImageObject\",\"inLanguage\":\"sl-SI\",\"@id\":\"https:\/\/vapebulkp.com\/#\/schema\/logo\/image\/\",\"url\":\"https:\/\/vapebulkp.com\/wp-content\/uploads\/2023\/09\/cropped-vapebulkp.png\",\"contentUrl\":\"https:\/\/vapebulkp.com\/wp-content\/uploads\/2023\/09\/cropped-vapebulkp.png\",\"width\":516,\"height\":163,\"caption\":\"vapebulkp.com\"},\"image\":{\"@id\":\"https:\/\/vapebulkp.com\/#\/schema\/logo\/image\/\"}}]}<\/script>\n<!-- \/ Yoast SEO plugin. -->","yoast_head_json":{"title":"Top Sale WASPE 12000Puffs Disposable Vape Wholesale France - vapebulkp.com","description":"The WASPE12000Puffs Disposable Vape ergonomic design fits perfectly in your hand and is compact enough to slip into your pocket or purse.","robots":{"index":"index","follow":"follow","max-snippet":"max-snippet:-1","max-image-preview":"max-image-preview:large","max-video-preview":"max-video-preview:-1"},"canonical":"https:\/\/vapebulkp.com\/sl\/product\/top-sale-waspe-12000puffs-disposable-vape-wholesale-france\/","og_locale":"sl_SI","og_type":"article","og_title":"Top Sale WASPE 12000Puffs Disposable Vape Wholesale France - vapebulkp.com","og_description":"The WASPE12000Puffs Disposable Vape ergonomic design fits perfectly in your hand and is compact enough to slip into your pocket or purse.","og_url":"https:\/\/vapebulkp.com\/sl\/product\/top-sale-waspe-12000puffs-disposable-vape-wholesale-france\/","og_site_name":"vapebulkp.com","article_modified_time":"2025-09-24T03:49:18+00:00","og_image":[{"width":1152,"height":2048,"url":"http:\/\/vapebulkp.com\/wp-content\/uploads\/2024\/08\/WASPE-12K-Puffs-Vape-KIT-Discount-Price.png","type":"image\/png"}],"twitter_card":"summary_large_image","twitter_misc":{"Est. reading time":"3 minute"},"schema":{"@context":"https:\/\/schema.org","@graph":[{"@type":"WebPage","@id":"https:\/\/vapebulkp.com\/product\/top-sale-waspe-12000puffs-disposable-vape-wholesale-france\/","url":"https:\/\/vapebulkp.com\/product\/top-sale-waspe-12000puffs-disposable-vape-wholesale-france\/","name":"Top Sale WASPE 12000Puffs Disposable Vape Wholesale France - vapebulkp.com","isPartOf":{"@id":"https:\/\/vapebulkp.com\/#website"},"datePublished":"2023-09-22T09:43:32+00:00","dateModified":"2025-09-24T03:49:18+00:00","description":"The WASPE12000Puffs Disposable Vape ergonomic design fits perfectly in your hand and is compact enough to slip into your pocket or purse.","breadcrumb":{"@id":"https:\/\/vapebulkp.com\/product\/top-sale-waspe-12000puffs-disposable-vape-wholesale-france\/#breadcrumb"},"inLanguage":"sl-SI","potentialAction":[{"@type":"ReadAction","target":["https:\/\/vapebulkp.com\/product\/top-sale-waspe-12000puffs-disposable-vape-wholesale-france\/"]}]},{"@type":"BreadcrumbList","@id":"https:\/\/vapebulkp.com\/product\/top-sale-waspe-12000puffs-disposable-vape-wholesale-france\/#breadcrumb","itemListElement":[{"@type":"ListItem","position":1,"name":"Home","item":"https:\/\/vapebulkp.com\/"},{"@type":"ListItem","position":2,"name":"Hot Trend Vapes","item":"https:\/\/vapebulkp.com\/vape-shop\/"},{"@type":"ListItem","position":3,"name":"Top Sale WASPE 12000Puffs Disposable Vape Wholesale France"}]},{"@type":"WebSite","@id":"https:\/\/vapebulkp.com\/#website","url":"https:\/\/vapebulkp.com\/","name":"vapebulkp.com","description":"Buy Vape In Cheap Bulk Price Near you","publisher":{"@id":"https:\/\/vapebulkp.com\/#organization"},"potentialAction":[{"@type":"SearchAction","target":{"@type":"EntryPoint","urlTemplate":"https:\/\/vapebulkp.com\/?s={search_term_string}"},"query-input":"required name=search_term_string"}],"inLanguage":"sl-SI"},{"@type":"Organization","@id":"https:\/\/vapebulkp.com\/#organization","name":"vapebulkp.com","url":"https:\/\/vapebulkp.com\/","logo":{"@type":"ImageObject","inLanguage":"sl-SI","@id":"https:\/\/vapebulkp.com\/#\/schema\/logo\/image\/","url":"https:\/\/vapebulkp.com\/wp-content\/uploads\/2023\/09\/cropped-vapebulkp.png","contentUrl":"https:\/\/vapebulkp.com\/wp-content\/uploads\/2023\/09\/cropped-vapebulkp.png","width":516,"height":163,"caption":"vapebulkp.com"},"image":{"@id":"https:\/\/vapebulkp.com\/#\/schema\/logo\/image\/"}}]}},"uagb_featured_image_src":{"full":["https:\/\/vapebulkp.com\/wp-content\/uploads\/2024\/08\/WASPE-12K-Puffs-Vape-KIT-Discount-Price.png",1152,2048,false],"thumbnail":["https:\/\/vapebulkp.com\/wp-content\/uploads\/2024\/08\/WASPE-12K-Puffs-Vape-KIT-Discount-Price-150x150.png",150,150,true],"medium":["https:\/\/vapebulkp.com\/wp-content\/uploads\/2024\/08\/WASPE-12K-Puffs-Vape-KIT-Discount-Price-169x300.png",169,300,true],"medium_large":["https:\/\/vapebulkp.com\/wp-content\/uploads\/2024\/08\/WASPE-12K-Puffs-Vape-KIT-Discount-Price-768x1365.png",768,1365,true],"large":["https:\/\/vapebulkp.com\/wp-content\/uploads\/2024\/08\/WASPE-12K-Puffs-Vape-KIT-Discount-Price-576x1024.png",576,1024,true],"1536x1536":["https:\/\/vapebulkp.com\/wp-content\/uploads\/2024\/08\/WASPE-12K-Puffs-Vape-KIT-Discount-Price-864x1536.png",864,1536,true],"2048x2048":["https:\/\/vapebulkp.com\/wp-content\/uploads\/2024\/08\/WASPE-12K-Puffs-Vape-KIT-Discount-Price.png",1152,2048,false],"trp-custom-language-flag":["https:\/\/vapebulkp.com\/wp-content\/uploads\/2024\/08\/WASPE-12K-Puffs-Vape-KIT-Discount-Price.png",7,12,false],"woocommerce_thumbnail":["https:\/\/vapebulkp.com\/wp-content\/uploads\/2024\/08\/WASPE-12K-Puffs-Vape-KIT-Discount-Price-300x300.png",300,300,true],"woocommerce_single":["https:\/\/vapebulkp.com\/wp-content\/uploads\/2024\/08\/WASPE-12K-Puffs-Vape-KIT-Discount-Price-600x1067.png",600,1067,true],"woocommerce_gallery_thumbnail":["https:\/\/vapebulkp.com\/wp-content\/uploads\/2024\/08\/WASPE-12K-Puffs-Vape-KIT-Discount-Price-100x100.png",100,100,true],"wcpr-photo-reviews":["https:\/\/vapebulkp.com\/wp-content\/uploads\/2024\/08\/WASPE-12K-Puffs-Vape-KIT-Discount-Price.png",281,500,false]},"uagb_author_info":{"display_name":"Mandy vape bulk price","author_link":"https:\/\/vapebulkp.com\/sl\/author\/"},"uagb_comment_info":3,"uagb_excerpt":"The WASPE 12000Puffs boasts a variety of enticing flavors, ensuring you'll find something to satisfy your cravings. From traditional tobacco to exotic fruit blends, the options are endless. Each puff delivers a consistent and delightful vaping experience, thanks to the built-in draw-activated mechanism. Pls Contact Mandy's WhatsApp For Discount Price+8618077105796 NOTE: Prices on our website&hellip;","_links":{"self":[{"href":"https:\/\/vapebulkp.com\/sl\/wp-json\/wp\/v2\/product\/1576","targetHints":{"allow":["GET"]}}],"collection":[{"href":"https:\/\/vapebulkp.com\/sl\/wp-json\/wp\/v2\/product"}],"about":[{"href":"https:\/\/vapebulkp.com\/sl\/wp-json\/wp\/v2\/types\/product"}],"replies":[{"embeddable":true,"href":"https:\/\/vapebulkp.com\/sl\/wp-json\/wp\/v2\/comments?post=1576"}],"wp:featuredmedia":[{"embeddable":true,"href":"https:\/\/vapebulkp.com\/sl\/wp-json\/wp\/v2\/media\/2749"}],"wp:attachment":[{"href":"https:\/\/vapebulkp.com\/sl\/wp-json\/wp\/v2\/media?parent=1576"}],"wp:term":[{"taxonomy":"product_cat","embeddable":true,"href":"https:\/\/vapebulkp.com\/sl\/wp-json\/wp\/v2\/product_cat?post=1576"},{"taxonomy":"product_tag","embeddable":true,"href":"https:\/\/vapebulkp.com\/sl\/wp-json\/wp\/v2\/product_tag?post=1576"}],"curies":[{"name":"wp","href":"https:\/\/api.w.org\/{rel}","templated":true}]}}